{"id":6288,"date":"2025-06-26T03:02:49","date_gmt":"2025-06-26T03:02:49","guid":{"rendered":"https:\/\/novalion-med.com\/?post_type=product&#038;p=6288"},"modified":"2025-06-26T03:05:33","modified_gmt":"2025-06-26T03:05:33","slug":"rolo-de-aco-vermelho-com-design-dobravel-para-cuidados-de-saude-ao-domicilio","status":"publish","type":"product","link":"https:\/\/novalion-med.com\/pt\/produto\/rolo-de-aco-vermelho-com-design-dobravel-para-cuidados-de-saude-ao-domicilio\/","title":{"rendered":"Rollator de a\u00e7o vermelho, design dobr\u00e1vel para cuidados de sa\u00fade ao domic\u00edlio"},"content":{"rendered":"<div data-elementor-type=\"product-post\" data-elementor-id=\"6288\" class=\"elementor elementor-6288\" data-elementor-post-type=\"product\">\n\t\t\t\t<div class=\"elementor-element elementor-element-1c93f1cb e-con-full e-flex e-con e-parent\" data-id=\"1c93f1cb\" data-element_type=\"container\">\n\t\t\t\t<div class=\"elementor-element elementor-element-2240ff1 elementor-widget elementor-widget-heading\" data-id=\"2240ff1\" data-element_type=\"widget\" data-widget_type=\"heading.default\">\n\t\t\t\t<div class=\"elementor-widget-container\">\n\t\t\t\t\t<h2 class=\"elementor-heading-title elementor-size-default\">Rollator de a\u00e7o vermelho, design dobr\u00e1vel para cuidados de sa\u00fade ao domic\u00edlio<\/h2>\t\t\t\t<\/div>\n\t\t\t\t<\/div>\n\t\t\t\t<div class=\"elementor-element elementor-element-45d8c46 elementor-widget elementor-widget-text-editor\" data-id=\"45d8c46\" data-element_type=\"widget\" data-widget_type=\"text-editor.default\">\n\t\t\t\t<div class=\"elementor-widget-container\">\n\t\t\t\t\t\t\t\t\t<p>Selecione este carrinho de rolamentos em a\u00e7o vermelho com design dobr\u00e1vel, estabilidade antiderrapante, tubos espessos e capacidade para 150 kg para utiliza\u00e7\u00e3o em cuidados de sa\u00fade ao domic\u00edlio.<\/p>\t\t\t\t\t\t\t\t<\/div>\n\t\t\t\t<\/div>\n\t\t\t\t<div class=\"elementor-element elementor-element-7152afc elementor-widget elementor-widget-text-editor\" data-id=\"7152afc\" data-element_type=\"widget\" data-widget_type=\"text-editor.default\">\n\t\t\t\t<div class=\"elementor-widget-container\">\n\t\t\t\t\t\t\t\t\t<h2>Carater\u00edsticas principais<\/h2><p>Confie no apoio fi\u00e1vel em a\u00e7o vermelho - o nosso rollator dobr\u00e1vel oferece estabilidade antiderrapante e um design duradouro para as necessidades de cuidados de sa\u00fade ao domic\u00edlio.<\/p><ul><li>Cadeira de rodas em a\u00e7o pintado de vermelho com design dobr\u00e1vel<\/li><li>Tubos espessos antiderrapantes que garantem a estabilidade<\/li><li>Capacidade de 150 kg para utiliza\u00e7\u00e3o em cuidados de sa\u00fade ao domic\u00edlio<\/li><li>Dimens\u00f5es ergon\u00f3micas para uma mobilidade confort\u00e1vel<\/li><li>Constru\u00e7\u00e3o duradoura para fiabilidade a longo prazo<\/li><\/ul>\t\t\t\t\t\t\t\t<\/div>\n\t\t\t\t<\/div>\n\t\t\t\t<div class=\"elementor-element elementor-element-3a02177 elementor-widget elementor-widget-text-editor\" data-id=\"3a02177\" data-element_type=\"widget\" data-widget_type=\"text-editor.default\">\n\t\t\t\t<div class=\"elementor-widget-container\">\n\t\t\t\t\t\t\t\t\t<h2>Especifica\u00e7\u00f5es<\/h2><table width=\"867\"><tbody><tr><td width=\"263\">Nome do produto<\/td><td width=\"604\">Rollator de a\u00e7o vermelho, design dobr\u00e1vel para cuidados de sa\u00fade ao domic\u00edlio<\/td><\/tr><tr><td>Aplica\u00e7\u00e3o<\/td><td>Hospital, Lar, Cl\u00ednica<\/td><\/tr><tr><td>Material<\/td><td>A\u00e7o, Pintura<\/td><\/tr><tr><td>Capacidade de peso<\/td><td>150 kg<\/td><\/tr><tr><td>Cor<\/td><td>\u00a0Vermelho<\/td><\/tr><tr><td>Comprimento entre duas pegas<\/td><td>Cerca de 47 cm<\/td><\/tr><tr><td>Largura total<\/td><td>Cerca de 61 cm<\/td><\/tr><tr><td>Altura do assento<\/td><td>Cerca de 50 cm<\/td><\/tr><tr><td>Altura total<\/td><td>Cerca de 80-90 cm<\/td><\/tr><tr><td>Tamanho da embalagem<\/td><td>78*62*23cm, 1pcs\/ctn<\/td><\/tr><tr><td>G.W.<\/td><td>17 kg<\/td><\/tr><\/tbody><\/table>\t\t\t\t\t\t\t\t<\/div>\n\t\t\t\t<\/div>\n\t\t\t\t<div class=\"elementor-element elementor-element-2996df9 elementor-widget elementor-widget-text-editor\" data-id=\"2996df9\" data-element_type=\"widget\" data-widget_type=\"text-editor.default\">\n\t\t\t\t<div class=\"elementor-widget-container\">\n\t\t\t\t\t\t\t\t\t<p>Mais equipamentos m\u00e9dicos podem ser encontrados em <a href=\"https:\/\/novalion-med.com\/pt\/\" target=\"_blank\" rel=\"noopener\">o nosso s\u00edtio Web<\/a> ou <a href=\"https:\/\/api.whatsapp.com\/send\/?phone=%2B008618112908401&amp;text&amp;type=phone_number&amp;app_absent=0\" target=\"_blank\" rel=\"noopener\">o nosso whatsapp<\/a>.<\/p>\t\t\t\t\t\t\t\t<\/div>\n\t\t\t\t<\/div>\n\t\t\t\t<\/div>\n\t\t\t\t<\/div>","protected":false},"excerpt":{"rendered":"<p>O NL190302A-18 Rollator \u00e9 um modelo de a\u00e7o pintado de vermelho com design dobr\u00e1vel, tubos espessos e estabilidade antiderrapante. Com uma capacidade de peso de 150 kg, dist\u00e2ncia entre pegas de 47 cm e altura do assento de 50 cm, oferece um apoio fi\u00e1vel para utiliza\u00e7\u00e3o em casa ou no hospital. A sua constru\u00e7\u00e3o duradoura e estrutura dobr\u00e1vel fazem dele uma escolha pr\u00e1tica para a mobilidade di\u00e1ria, combinando funcionalidade com uma est\u00e9tica vibrante. Palavras-chave: andarilho vermelho em a\u00e7o, design dobr\u00e1vel, estabilidade antiderrapante, auxiliar de mobilidade di\u00e1ria, constru\u00e7\u00e3o em a\u00e7o pintado.<\/p>","protected":false},"featured_media":6275,"template":"elementor_theme","meta":{"site-sidebar-layout":"default","site-content-layout":"","ast-site-content-layout":"default","site-content-style":"default","site-sidebar-style":"default","ast-global-header-display":"","ast-banner-title-visibility":"","ast-main-header-display":"","ast-hfb-above-header-display":"","ast-hfb-below-header-display":"","ast-hfb-mobile-header-display":"","site-post-title":"","ast-breadcrumbs-content":"","ast-featured-img":"","footer-sml-layout":"","theme-transparent-header-meta":"default","adv-header-id-meta":"","stick-header-meta":"default","header-above-stick-meta":"","header-main-stick-meta":"","header-below-stick-meta":"","astra-migrate-meta-layouts":"set","ast-page-background-enabled":"default","ast-page-background-meta":{"desktop":{"background-color":"var(--ast-global-color-4)","background-image":"","background-repeat":"repeat","background-position":"center center","background-size":"auto","background-attachment":"scroll","background-type":"","background-media":"","overlay-type":"","overlay-color":"","overlay-opacity":"","overlay-gradient":""},"tablet":{"background-color":"","background-image":"","background-repeat":"repeat","background-position":"center center","background-size":"auto","background-attachment":"scroll","background-type":"","background-media":"","overlay-type":"","overlay-color":"","overlay-opacity":"","overlay-gradient":""},"mobile":{"background-color":"","background-image":"","background-repeat":"repeat","background-position":"center center","background-size":"auto","background-attachment":"scroll","background-type":"","background-media":"","overlay-type":"","overlay-color":"","overlay-opacity":"","overlay-gradient":""}},"ast-content-background-meta":{"desktop":{"background-color":"var(--ast-global-color-5)","background-image":"","background-repeat":"repeat","background-position":"center center","background-size":"auto","background-attachment":"scroll","background-type":"","background-media":"","overlay-type":"","overlay-color":"","overlay-opacity":"","overlay-gradient":""},"tablet":{"background-color":"var(--ast-global-color-5)","background-image":"","background-repeat":"repeat","background-position":"center center","background-size":"auto","background-attachment":"scroll","background-type":"","background-media":"","overlay-type":"","overlay-color":"","overlay-opacity":"","overlay-gradient":""},"mobile":{"background-color":"var(--ast-global-color-5)","background-image":"","background-repeat":"repeat","background-position":"center center","background-size":"auto","background-attachment":"scroll","background-type":"","background-media":"","overlay-type":"","overlay-color":"","overlay-opacity":"","overlay-gradient":""}}},"product_brand":[],"product_cat":[93],"product_tag":[],"class_list":{"0":"post-6288","1":"product","2":"type-product","3":"status-publish","4":"has-post-thumbnail","6":"product_cat-walkers","7":"desktop-align-center","8":"tablet-align-left","9":"mobile-align-left","10":"ast-product-gallery-layout-horizontal-slider","11":"ast-product-gallery-with-no-image","12":"ast-magnify-disabled","13":"ast-product-tabs-layout-accordion","14":"ast-qv-on-image","16":"first","17":"instock","18":"shipping-taxable","19":"purchasable","20":"product-type-simple"},"aioseo_notices":[],"aioseo_head":"\n\t\t<!-- All in One SEO Pro 4.6.0 - aioseo.com -->\n\t\t<meta name=\"description\" content=\"Red steel rollator with foldable design, non-slip stability, thickened pipes, and suitability for home healthcare and mobility support.\" \/>\n\t\t<meta name=\"robots\" content=\"max-image-preview:large\" \/>\n\t\t<meta name=\"google-site-verification\" content=\"XE0Krczs_zYC4qBAqnvyRaNEYa9NQEP4HzU7PPpzxoI\" \/>\n\t\t<link rel=\"canonical\" href=\"https:\/\/novalion-med.com\/pt\/produto\/rolo-de-aco-vermelho-com-design-dobravel-para-cuidados-de-saude-ao-domicilio\/\" \/>\n\t\t<meta name=\"generator\" content=\"All in One SEO Pro (AIOSEO) 4.6.0\" \/>\n\t\t<meta property=\"og:locale\" content=\"pt_PT\" \/>\n\t\t<meta property=\"og:site_name\" content=\"Novalion Medical \u2013 Wheelchair, Hospital bed, Walker,Commode chair,Crutch...\" \/>\n\t\t<meta property=\"og:type\" content=\"article\" \/>\n\t\t<meta property=\"og:title\" content=\"Red Steel Rollator, Foldable Design for Home Healthcare\" \/>\n\t\t<meta property=\"og:description\" content=\"Red steel rollator with foldable design, non-slip stability, thickened pipes, and suitability for home healthcare and mobility support.\" \/>\n\t\t<meta property=\"og:url\" content=\"https:\/\/novalion-med.com\/pt\/produto\/rolo-de-aco-vermelho-com-design-dobravel-para-cuidados-de-saude-ao-domicilio\/\" \/>\n\t\t<meta property=\"og:image\" content=\"https:\/\/novalion-med.com\/wp-content\/uploads\/2025\/04\/cropped-343496212_201698782614433_8037205422525878621_n-1.jpg\" \/>\n\t\t<meta property=\"og:image:secure_url\" content=\"https:\/\/novalion-med.com\/wp-content\/uploads\/2025\/04\/cropped-343496212_201698782614433_8037205422525878621_n-1.jpg\" \/>\n\t\t<meta property=\"og:image:width\" content=\"512\" \/>\n\t\t<meta property=\"og:image:height\" content=\"512\" \/>\n\t\t<meta property=\"article:published_time\" content=\"2025-06-26T03:02:49+00:00\" \/>\n\t\t<meta property=\"article:modified_time\" content=\"2025-06-26T03:05:33+00:00\" \/>\n\t\t<meta property=\"article:publisher\" content=\"https:\/\/www.facebook.com\/NovalionMedical\/\" \/>\n\t\t<meta name=\"twitter:card\" content=\"summary_large_image\" \/>\n\t\t<meta name=\"twitter:title\" content=\"Red Steel Rollator, Foldable Design for Home Healthcare\" \/>\n\t\t<meta name=\"twitter:description\" content=\"Red steel rollator with foldable design, non-slip stability, thickened pipes, and suitability for home healthcare and mobility support.\" \/>\n\t\t<meta name=\"twitter:image\" content=\"https:\/\/novalion-med.com\/wp-content\/uploads\/2025\/04\/cropped-343496212_201698782614433_8037205422525878621_n-1.jpg\" \/>\n\t\t<script type=\"application\/ld+json\" class=\"aioseo-schema\">\n\t\t\t{\"@context\":\"https:\\\/\\\/schema.org\",\"@graph\":[{\"@type\":\"BreadcrumbList\",\"@id\":\"https:\\\/\\\/novalion-med.com\\\/pt\\\/produto\\\/rolo-de-aco-vermelho-com-design-dobravel-para-cuidados-de-saude-ao-domicilio\\\/#breadcrumblist\",\"itemListElement\":[{\"@type\":\"ListItem\",\"@id\":\"https:\\\/\\\/novalion-med.com\\\/pt\\\/#listItem\",\"position\":1,\"name\":\"Home\",\"item\":\"https:\\\/\\\/novalion-med.com\\\/pt\\\/\",\"nextItem\":\"https:\\\/\\\/novalion-med.com\\\/pt\\\/produto\\\/rolo-de-aco-vermelho-com-design-dobravel-para-cuidados-de-saude-ao-domicilio\\\/#listItem\"},{\"@type\":\"ListItem\",\"@id\":\"https:\\\/\\\/novalion-med.com\\\/pt\\\/produto\\\/rolo-de-aco-vermelho-com-design-dobravel-para-cuidados-de-saude-ao-domicilio\\\/#listItem\",\"position\":2,\"name\":\"Red Steel Rollator, Foldable Design for Home Healthcare\",\"previousItem\":\"https:\\\/\\\/novalion-med.com\\\/pt\\\/#listItem\"}]},{\"@type\":\"Organization\",\"@id\":\"https:\\\/\\\/novalion-med.com\\\/pt\\\/#organization\",\"name\":\"novalion-med.com\",\"url\":\"https:\\\/\\\/novalion-med.com\\\/pt\\\/\",\"logo\":{\"@type\":\"ImageObject\",\"url\":\"https:\\\/\\\/novalion-med.com\\\/wp-content\\\/uploads\\\/2025\\\/04\\\/cropped-343496212_201698782614433_8037205422525878621_n-1.jpg\",\"@id\":\"https:\\\/\\\/novalion-med.com\\\/pt\\\/produto\\\/rolo-de-aco-vermelho-com-design-dobravel-para-cuidados-de-saude-ao-domicilio\\\/#organizationLogo\",\"width\":512,\"height\":512},\"image\":{\"@id\":\"https:\\\/\\\/novalion-med.com\\\/pt\\\/produto\\\/rolo-de-aco-vermelho-com-design-dobravel-para-cuidados-de-saude-ao-domicilio\\\/#organizationLogo\"},\"sameAs\":[\"https:\\\/\\\/www.facebook.com\\\/NovalionMedical\\\/\",\"https:\\\/\\\/www.youtube.com\\\/@NwlMedicalInstrument\"],\"contactPoint\":{\"@type\":\"ContactPoint\",\"telephone\":\"+8618326188070\",\"contactType\":\"Sales\"}},{\"@type\":\"Product\",\"@id\":\"https:\\\/\\\/novalion-med.com\\\/pt\\\/produto\\\/rolo-de-aco-vermelho-com-design-dobravel-para-cuidados-de-saude-ao-domicilio\\\/#wooCommerceProduct\",\"name\":\"Red Steel Rollator, Foldable Design for Home Healthcare\",\"description\":\"The NL190302A-18 Rollator is a red-painted steel model with foldable design, thickened pipes, and non-slip stability. With a 150kg weight capacity, handle spacing ~47cm, and seat height ~50cm, it offers reliable support for home or hospital use. Its durable build and foldable structure make it a practical choice for daily mobility, combining functionality with a vibrant aesthetic. Keywords: red steel rollator, foldable design, non-slip stability, daily mobility aid, painted steel construction.\",\"url\":\"https:\\\/\\\/novalion-med.com\\\/pt\\\/produto\\\/rolo-de-aco-vermelho-com-design-dobravel-para-cuidados-de-saude-ao-domicilio\\\/\",\"sku\":\"NL190302A-18\",\"image\":{\"@type\":\"ImageObject\",\"url\":\"https:\\\/\\\/novalion-med.com\\\/wp-content\\\/uploads\\\/2025\\\/06\\\/NL190302A-18-Red-Steel-Rollator-Foldable-Design-for-Home-Healthcare.jpg\",\"@id\":\"https:\\\/\\\/novalion-med.com\\\/pt\\\/produto\\\/rolo-de-aco-vermelho-com-design-dobravel-para-cuidados-de-saude-ao-domicilio\\\/#productImage\",\"width\":1080,\"height\":1236,\"caption\":\"NL190302A-18 Red Steel Rollator Foldable Design for Home Healthcare\"},\"offers\":{\"@type\":\"Offer\",\"url\":\"https:\\\/\\\/novalion-med.com\\\/pt\\\/produto\\\/rolo-de-aco-vermelho-com-design-dobravel-para-cuidados-de-saude-ao-domicilio\\\/#wooCommerceOffer\",\"priceCurrency\":\"PHP\",\"category\":\"Walkers\",\"availability\":\"https:\\\/\\\/schema.org\\\/InStock\",\"seller\":{\"@type\":\"Organization\",\"@id\":\"https:\\\/\\\/novalion-med.com\\\/pt\\\/#organization\"},\"price\":111}},{\"@type\":\"WebPage\",\"@id\":\"https:\\\/\\\/novalion-med.com\\\/pt\\\/produto\\\/rolo-de-aco-vermelho-com-design-dobravel-para-cuidados-de-saude-ao-domicilio\\\/#webpage\",\"url\":\"https:\\\/\\\/novalion-med.com\\\/pt\\\/produto\\\/rolo-de-aco-vermelho-com-design-dobravel-para-cuidados-de-saude-ao-domicilio\\\/\",\"name\":\"Red Steel Rollator, Foldable Design for Home Healthcare\",\"description\":\"Red steel rollator with foldable design, non-slip stability, thickened pipes, and suitability for home healthcare and mobility support.\",\"inLanguage\":\"pt-PT\",\"isPartOf\":{\"@id\":\"https:\\\/\\\/novalion-med.com\\\/pt\\\/#website\"},\"breadcrumb\":{\"@id\":\"https:\\\/\\\/novalion-med.com\\\/pt\\\/produto\\\/rolo-de-aco-vermelho-com-design-dobravel-para-cuidados-de-saude-ao-domicilio\\\/#breadcrumblist\"},\"image\":{\"@type\":\"ImageObject\",\"url\":\"https:\\\/\\\/novalion-med.com\\\/wp-content\\\/uploads\\\/2025\\\/06\\\/NL190302A-18-Red-Steel-Rollator-Foldable-Design-for-Home-Healthcare.jpg\",\"@id\":\"https:\\\/\\\/novalion-med.com\\\/pt\\\/produto\\\/rolo-de-aco-vermelho-com-design-dobravel-para-cuidados-de-saude-ao-domicilio\\\/#mainImage\",\"width\":1080,\"height\":1236,\"caption\":\"NL190302A-18 Red Steel Rollator Foldable Design for Home Healthcare\"},\"primaryImageOfPage\":{\"@id\":\"https:\\\/\\\/novalion-med.com\\\/pt\\\/produto\\\/rolo-de-aco-vermelho-com-design-dobravel-para-cuidados-de-saude-ao-domicilio\\\/#mainImage\"},\"datePublished\":\"2025-06-26T03:02:49+00:00\",\"dateModified\":\"2025-06-26T03:05:33+00:00\"},{\"@type\":\"WebSite\",\"@id\":\"https:\\\/\\\/novalion-med.com\\\/pt\\\/#website\",\"url\":\"https:\\\/\\\/novalion-med.com\\\/pt\\\/\",\"name\":\"novalion-med.com\",\"description\":\"Wheelchair, Hospital bed, Walker,Commode chair,Crutch...\",\"inLanguage\":\"pt-PT\",\"publisher\":{\"@id\":\"https:\\\/\\\/novalion-med.com\\\/pt\\\/#organization\"}}]}\n\t\t<\/script>\n\t\t<!-- All in One SEO Pro -->\r\n\t\t<title>Red Steel Rollator, Foldable Design for Home Healthcare<\/title>\n\n","aioseo_head_json":{"title":"Red Steel Rollator, Foldable Design for Home Healthcare","description":"Red steel rollator with foldable design, non-slip stability, thickened pipes, and suitability for home healthcare and mobility support.","canonical_url":"https:\/\/novalion-med.com\/pt\/produto\/rolo-de-aco-vermelho-com-design-dobravel-para-cuidados-de-saude-ao-domicilio\/","robots":"max-image-preview:large","keywords":"","webmasterTools":{"google-site-verification":"XE0Krczs_zYC4qBAqnvyRaNEYa9NQEP4HzU7PPpzxoI","miscellaneous":""},"og:locale":"pt_PT","og:site_name":"Novalion Medical \u2013 Wheelchair, Hospital bed, Walker,Commode chair,Crutch...","og:type":"article","og:title":"Red Steel Rollator, Foldable Design for Home Healthcare","og:description":"Red steel rollator with foldable design, non-slip stability, thickened pipes, and suitability for home healthcare and mobility support.","og:url":"https:\/\/novalion-med.com\/pt\/produto\/rolo-de-aco-vermelho-com-design-dobravel-para-cuidados-de-saude-ao-domicilio\/","og:image":"https:\/\/novalion-med.com\/wp-content\/uploads\/2025\/04\/cropped-343496212_201698782614433_8037205422525878621_n-1.jpg","og:image:secure_url":"https:\/\/novalion-med.com\/wp-content\/uploads\/2025\/04\/cropped-343496212_201698782614433_8037205422525878621_n-1.jpg","og:image:width":512,"og:image:height":512,"article:published_time":"2025-06-26T03:02:49+00:00","article:modified_time":"2025-06-26T03:05:33+00:00","article:publisher":"https:\/\/www.facebook.com\/NovalionMedical\/","twitter:card":"summary_large_image","twitter:title":"Red Steel Rollator, Foldable Design for Home Healthcare","twitter:description":"Red steel rollator with foldable design, non-slip stability, thickened pipes, and suitability for home healthcare and mobility support.","twitter:image":"https:\/\/novalion-med.com\/wp-content\/uploads\/2025\/04\/cropped-343496212_201698782614433_8037205422525878621_n-1.jpg","schema":{"@context":"https:\/\/schema.org","@graph":[{"@type":"BreadcrumbList","@id":"https:\/\/novalion-med.com\/pt\/produto\/rolo-de-aco-vermelho-com-design-dobravel-para-cuidados-de-saude-ao-domicilio\/#breadcrumblist","itemListElement":[{"@type":"ListItem","@id":"https:\/\/novalion-med.com\/pt\/#listItem","position":1,"name":"Home","item":"https:\/\/novalion-med.com\/pt\/","nextItem":"https:\/\/novalion-med.com\/pt\/produto\/rolo-de-aco-vermelho-com-design-dobravel-para-cuidados-de-saude-ao-domicilio\/#listItem"},{"@type":"ListItem","@id":"https:\/\/novalion-med.com\/pt\/produto\/rolo-de-aco-vermelho-com-design-dobravel-para-cuidados-de-saude-ao-domicilio\/#listItem","position":2,"name":"Red Steel Rollator, Foldable Design for Home Healthcare","previousItem":"https:\/\/novalion-med.com\/pt\/#listItem"}]},{"@type":"Organization","@id":"https:\/\/novalion-med.com\/pt\/#organization","name":"novalion-med.com","url":"https:\/\/novalion-med.com\/pt\/","logo":{"@type":"ImageObject","url":"https:\/\/novalion-med.com\/wp-content\/uploads\/2025\/04\/cropped-343496212_201698782614433_8037205422525878621_n-1.jpg","@id":"https:\/\/novalion-med.com\/pt\/produto\/rolo-de-aco-vermelho-com-design-dobravel-para-cuidados-de-saude-ao-domicilio\/#organizationLogo","width":512,"height":512},"image":{"@id":"https:\/\/novalion-med.com\/pt\/produto\/rolo-de-aco-vermelho-com-design-dobravel-para-cuidados-de-saude-ao-domicilio\/#organizationLogo"},"sameAs":["https:\/\/www.facebook.com\/NovalionMedical\/","https:\/\/www.youtube.com\/@NwlMedicalInstrument"],"contactPoint":{"@type":"ContactPoint","telephone":"+8618326188070","contactType":"Sales"}},{"@type":"Product","@id":"https:\/\/novalion-med.com\/pt\/produto\/rolo-de-aco-vermelho-com-design-dobravel-para-cuidados-de-saude-ao-domicilio\/#wooCommerceProduct","name":"Red Steel Rollator, Foldable Design for Home Healthcare","description":"The NL190302A-18 Rollator is a red-painted steel model with foldable design, thickened pipes, and non-slip stability. With a 150kg weight capacity, handle spacing ~47cm, and seat height ~50cm, it offers reliable support for home or hospital use. Its durable build and foldable structure make it a practical choice for daily mobility, combining functionality with a vibrant aesthetic. Keywords: red steel rollator, foldable design, non-slip stability, daily mobility aid, painted steel construction.","url":"https:\/\/novalion-med.com\/pt\/produto\/rolo-de-aco-vermelho-com-design-dobravel-para-cuidados-de-saude-ao-domicilio\/","sku":"NL190302A-18","image":{"@type":"ImageObject","url":"https:\/\/novalion-med.com\/wp-content\/uploads\/2025\/06\/NL190302A-18-Red-Steel-Rollator-Foldable-Design-for-Home-Healthcare.jpg","@id":"https:\/\/novalion-med.com\/pt\/produto\/rolo-de-aco-vermelho-com-design-dobravel-para-cuidados-de-saude-ao-domicilio\/#productImage","width":1080,"height":1236,"caption":"NL190302A-18 Red Steel Rollator Foldable Design for Home Healthcare"},"offers":{"@type":"Offer","url":"https:\/\/novalion-med.com\/pt\/produto\/rolo-de-aco-vermelho-com-design-dobravel-para-cuidados-de-saude-ao-domicilio\/#wooCommerceOffer","priceCurrency":"PHP","category":"Walkers","availability":"https:\/\/schema.org\/InStock","seller":{"@type":"Organization","@id":"https:\/\/novalion-med.com\/pt\/#organization"},"price":111}},{"@type":"WebPage","@id":"https:\/\/novalion-med.com\/pt\/produto\/rolo-de-aco-vermelho-com-design-dobravel-para-cuidados-de-saude-ao-domicilio\/#webpage","url":"https:\/\/novalion-med.com\/pt\/produto\/rolo-de-aco-vermelho-com-design-dobravel-para-cuidados-de-saude-ao-domicilio\/","name":"Red Steel Rollator, Foldable Design for Home Healthcare","description":"Red steel rollator with foldable design, non-slip stability, thickened pipes, and suitability for home healthcare and mobility support.","inLanguage":"pt-PT","isPartOf":{"@id":"https:\/\/novalion-med.com\/pt\/#website"},"breadcrumb":{"@id":"https:\/\/novalion-med.com\/pt\/produto\/rolo-de-aco-vermelho-com-design-dobravel-para-cuidados-de-saude-ao-domicilio\/#breadcrumblist"},"image":{"@type":"ImageObject","url":"https:\/\/novalion-med.com\/wp-content\/uploads\/2025\/06\/NL190302A-18-Red-Steel-Rollator-Foldable-Design-for-Home-Healthcare.jpg","@id":"https:\/\/novalion-med.com\/pt\/produto\/rolo-de-aco-vermelho-com-design-dobravel-para-cuidados-de-saude-ao-domicilio\/#mainImage","width":1080,"height":1236,"caption":"NL190302A-18 Red Steel Rollator Foldable Design for Home Healthcare"},"primaryImageOfPage":{"@id":"https:\/\/novalion-med.com\/pt\/produto\/rolo-de-aco-vermelho-com-design-dobravel-para-cuidados-de-saude-ao-domicilio\/#mainImage"},"datePublished":"2025-06-26T03:02:49+00:00","dateModified":"2025-06-26T03:05:33+00:00"},{"@type":"WebSite","@id":"https:\/\/novalion-med.com\/pt\/#website","url":"https:\/\/novalion-med.com\/pt\/","name":"novalion-med.com","description":"Wheelchair, Hospital bed, Walker,Commode chair,Crutch...","inLanguage":"pt-PT","publisher":{"@id":"https:\/\/novalion-med.com\/pt\/#organization"}}]}},"aioseo_meta_data":{"post_id":"6288","title":"Red Steel Rollator, Foldable Design for Home Healthcare","description":"Red steel rollator with foldable design, non-slip stability, thickened pipes, and suitability for home healthcare and mobility support.","keywords":"[]","keyphrases":"{\"focus\":{\"keyphrase\":\"\",\"score\":0,\"analysis\":{\"keyphraseInTitle\":{\"score\":0,\"maxScore\":9,\"error\":1}}},\"additional\":[]}","primary_term":null,"canonical_url":null,"og_title":null,"og_description":null,"og_object_type":"default","og_image_type":"default","og_image_url":null,"og_image_width":null,"og_image_height":null,"og_image_custom_url":null,"og_image_custom_fields":null,"og_video":"","og_custom_url":null,"og_article_section":null,"og_article_tags":"[]","twitter_use_og":false,"twitter_card":"default","twitter_image_type":"default","twitter_image_url":null,"twitter_image_custom_url":null,"twitter_image_custom_fields":null,"twitter_title":null,"twitter_description":null,"schema":{"blockGraphs":[],"customGraphs":[],"default":{"data":{"Article":[],"Course":[],"Dataset":[],"FAQPage":[],"Movie":[],"Person":[],"Product":[],"Recipe":[],"Service":[],"SoftwareApplication":[],"WebPage":[]},"graphName":"Product","isEnabled":true},"graphs":[]},"schema_type":"default","schema_type_options":null,"pillar_content":false,"robots_default":true,"robots_noindex":false,"robots_noarchive":false,"robots_nosnippet":false,"robots_nofollow":false,"robots_noimageindex":false,"robots_noodp":false,"robots_notranslate":false,"robots_max_snippet":"-1","robots_max_videopreview":"-1","robots_max_imagepreview":"large","priority":null,"frequency":"default","local_seo":null,"limit_modified_date":false,"created":"2025-06-26 03:02:49","updated":"2025-06-26 03:18:02"},"_links":{"self":[{"href":"https:\/\/novalion-med.com\/pt\/wp-json\/wp\/v2\/product\/6288","targetHints":{"allow":["GET"]}}],"collection":[{"href":"https:\/\/novalion-med.com\/pt\/wp-json\/wp\/v2\/product"}],"about":[{"href":"https:\/\/novalion-med.com\/pt\/wp-json\/wp\/v2\/types\/product"}],"version-history":[{"count":5,"href":"https:\/\/novalion-med.com\/pt\/wp-json\/wp\/v2\/product\/6288\/revisions"}],"predecessor-version":[{"id":8275,"href":"https:\/\/novalion-med.com\/pt\/wp-json\/wp\/v2\/product\/6288\/revisions\/8275"}],"wp:featuredmedia":[{"embeddable":true,"href":"https:\/\/novalion-med.com\/pt\/wp-json\/wp\/v2\/media\/6275"}],"wp:attachment":[{"href":"https:\/\/novalion-med.com\/pt\/wp-json\/wp\/v2\/media?parent=6288"}],"wp:term":[{"taxonomy":"product_brand","embeddable":true,"href":"https:\/\/novalion-med.com\/pt\/wp-json\/wp\/v2\/product_brand?post=6288"},{"taxonomy":"product_cat","embeddable":true,"href":"https:\/\/novalion-med.com\/pt\/wp-json\/wp\/v2\/product_cat?post=6288"},{"taxonomy":"product_tag","embeddable":true,"href":"https:\/\/novalion-med.com\/pt\/wp-json\/wp\/v2\/product_tag?post=6288"}],"curies":[{"name":"wp","href":"https:\/\/api.w.org\/{rel}","templated":true}]}}