{"id":6258,"date":"2025-06-26T02:31:42","date_gmt":"2025-06-26T02:31:42","guid":{"rendered":"https:\/\/novalion-med.com\/?post_type=product&#038;p=6258"},"modified":"2025-06-26T02:37:51","modified_gmt":"2025-06-26T02:37:51","slug":"andarilho-em-liga-de-aluminio-com-estrutura-de-pega-em-s","status":"publish","type":"product","link":"https:\/\/novalion-med.com\/pt\/produto\/andarilho-em-liga-de-aluminio-com-estrutura-de-pega-em-s\/","title":{"rendered":"Andarilho em liga de alum\u00ednio com estrutura de pega em S"},"content":{"rendered":"<div data-elementor-type=\"product-post\" data-elementor-id=\"6258\" class=\"elementor elementor-6258\" data-elementor-post-type=\"product\">\n\t\t\t\t<div class=\"elementor-element elementor-element-1c93f1cb e-con-full e-flex e-con e-parent\" data-id=\"1c93f1cb\" data-element_type=\"container\">\n\t\t\t\t<div class=\"elementor-element elementor-element-2240ff1 elementor-widget elementor-widget-heading\" data-id=\"2240ff1\" data-element_type=\"widget\" data-widget_type=\"heading.default\">\n\t\t\t\t<div class=\"elementor-widget-container\">\n\t\t\t\t\t<h2 class=\"elementor-heading-title elementor-size-default\">Andarilho em liga de alum\u00ednio com estrutura de pega em S<\/h2>\t\t\t\t<\/div>\n\t\t\t\t<\/div>\n\t\t\t\t<div class=\"elementor-element elementor-element-45d8c46 elementor-widget elementor-widget-text-editor\" data-id=\"45d8c46\" data-element_type=\"widget\" data-widget_type=\"text-editor.default\">\n\t\t\t\t<div class=\"elementor-widget-container\">\n\t\t\t\t\t\t\t\t\t<p>Opte por este andarilho preto com um cesto para encomendas, fabricado em a\u00e7o pintado para maior durabilidade, design dobr\u00e1vel para arruma\u00e7\u00e3o e capacidade para 150 kg, perfeito para utilizadores que necessitam de mobilidade pr\u00e1tica com arruma\u00e7\u00e3o.<\/p>\t\t\t\t\t\t\t\t<\/div>\n\t\t\t\t<\/div>\n\t\t\t\t<div class=\"elementor-element elementor-element-7152afc elementor-widget elementor-widget-text-editor\" data-id=\"7152afc\" data-element_type=\"widget\" data-widget_type=\"text-editor.default\">\n\t\t\t\t<div class=\"elementor-widget-container\">\n\t\t\t\t\t\t\t\t\t<h2>Carater\u00edsticas principais<\/h2><p>Cadeira de rodas preta com cesto para encomendas - a\u00e7o pintado, dobr\u00e1vel, capacidade para 150 kg. Mobilidade elegante com arruma\u00e7\u00e3o para o hospital, casa e cl\u00ednica!<\/p><ul><li>Estrutura dobr\u00e1vel em alum\u00ednio resistente com tubos espessos<\/li><li>Estabilidade antiderrapante para uma mobilidade fi\u00e1vel em ambientes m\u00e9dicos<\/li><li>Capacidade de 150 kg para utiliza\u00e7\u00e3o em trabalhos pesados<\/li><li>Altura ajust\u00e1vel (76-88cm) para um conforto personalizado<\/li><li>Constru\u00e7\u00e3o duradoura adequada para uma utiliza\u00e7\u00e3o a longo prazo<\/li><\/ul>\t\t\t\t\t\t\t\t<\/div>\n\t\t\t\t<\/div>\n\t\t\t\t<div class=\"elementor-element elementor-element-3a02177 elementor-widget elementor-widget-text-editor\" data-id=\"3a02177\" data-element_type=\"widget\" data-widget_type=\"text-editor.default\">\n\t\t\t\t<div class=\"elementor-widget-container\">\n\t\t\t\t\t\t\t\t\t<h2>Especifica\u00e7\u00f5es<\/h2><table style=\"border-collapse: collapse; width: 520.22pt;\" border=\"0\" width=\"867\" cellspacing=\"0\" cellpadding=\"0\"><tbody><tr style=\"height: 14.40pt;\"><td style=\"height: 14.40pt; width: 157.80pt;\" width=\"263\" height=\"24\">Nome do produto<\/td><td style=\"width: 362.40pt;\" width=\"604\">Andarilho em liga de alum\u00ednio com estrutura de pega em S<\/td><\/tr><tr style=\"height: 14.40pt;\"><td style=\"height: 14.40pt;\" height=\"24\">Aplica\u00e7\u00e3o<\/td><td>Hospital, Lar, Cl\u00ednica<\/td><\/tr><tr style=\"height: 14.40pt;\"><td style=\"height: 14.40pt;\" height=\"24\">Material<\/td><td>Liga de alum\u00ednio<\/td><\/tr><tr style=\"height: 14.40pt;\"><td style=\"height: 14.40pt;\" height=\"24\">Capacidade de peso<\/td><td>150 kg<\/td><\/tr><tr style=\"height: 14.40pt;\"><td style=\"height: 14.40pt;\" height=\"24\">Comprimento entre duas pegas<\/td><td>Cerca de 52 cm<\/td><\/tr><tr style=\"height: 14.40pt;\"><td style=\"height: 14.40pt;\" height=\"24\">Largura total<\/td><td>Cerca de 45 cm<\/td><\/tr><tr style=\"height: 14.40pt;\"><td style=\"height: 14.40pt;\" height=\"24\">Altura total<\/td><td>Cerca de 76-88cm<\/td><\/tr><tr style=\"height: 14.40pt;\"><td style=\"height: 14.40pt;\" height=\"24\">Tamanho da embalagem<\/td><td>76*56*46cm, 6pcs\/ctn<\/td><\/tr><tr style=\"height: 14.40pt;\"><td style=\"height: 14.40pt;\" height=\"24\">G.W.<\/td><td>22 kg<\/td><\/tr><\/tbody><\/table>\t\t\t\t\t\t\t\t<\/div>\n\t\t\t\t<\/div>\n\t\t\t\t<div class=\"elementor-element elementor-element-2996df9 elementor-widget elementor-widget-text-editor\" data-id=\"2996df9\" data-element_type=\"widget\" data-widget_type=\"text-editor.default\">\n\t\t\t\t<div class=\"elementor-widget-container\">\n\t\t\t\t\t\t\t\t\t<p>Mais equipamentos m\u00e9dicos podem ser encontrados em <a href=\"https:\/\/novalion-med.com\/pt\/\" target=\"_blank\" rel=\"noopener\">o nosso s\u00edtio Web<\/a> ou <a href=\"https:\/\/api.whatsapp.com\/send\/?phone=%2B008618112908401&amp;text&amp;type=phone_number&amp;app_absent=0\" target=\"_blank\" rel=\"noopener\">o nosso whatsapp<\/a>.<\/p>\t\t\t\t\t\t\t\t<\/div>\n\t\t\t\t<\/div>\n\t\t\t\t<\/div>\n\t\t\t\t<\/div>","protected":false},"excerpt":{"rendered":"<p>O NL190302A-13 Rollator Preto com Cesto para Encomendas oferece estilo e praticidade para as necessidades de mobilidade. Constru\u00eddo em a\u00e7o pintado, apresenta um design dobr\u00e1vel para f\u00e1cil arruma\u00e7\u00e3o e um cesto para transportar objectos essenciais. Com uma dist\u00e2ncia entre pegas de 47 cm, uma largura total de 61 cm, uma altura de assento de 50 cm e uma altura ajust\u00e1vel de 80-90 cm, proporciona um apoio ergon\u00f3mico. A capacidade de peso de 150 kg garante uma utiliza\u00e7\u00e3o fi\u00e1vel em ambientes hospitalares, dom\u00e9sticos ou cl\u00ednicos. Embalado individualmente numa caixa de cart\u00e3o de 78\u00d762\u00d723cm com 17kg de peso bruto, este andarilho combina funcionalidade com um elegante acabamento em preto. Palavras-chave: rollator preto, cesto para encomendas, a\u00e7o pintado, design dobr\u00e1vel, auxiliar de mobilidade para arruma\u00e7\u00e3o.<\/p>","protected":false},"featured_media":6243,"template":"elementor_theme","meta":{"site-sidebar-layout":"default","site-content-layout":"","ast-site-content-layout":"default","site-content-style":"default","site-sidebar-style":"default","ast-global-header-display":"","ast-banner-title-visibility":"","ast-main-header-display":"","ast-hfb-above-header-display":"","ast-hfb-below-header-display":"","ast-hfb-mobile-header-display":"","site-post-title":"","ast-breadcrumbs-content":"","ast-featured-img":"","footer-sml-layout":"","theme-transparent-header-meta":"default","adv-header-id-meta":"","stick-header-meta":"default","header-above-stick-meta":"","header-main-stick-meta":"","header-below-stick-meta":"","astra-migrate-meta-layouts":"set","ast-page-background-enabled":"default","ast-page-background-meta":{"desktop":{"background-color":"var(--ast-global-color-4)","background-image":"","background-repeat":"repeat","background-position":"center center","background-size":"auto","background-attachment":"scroll","background-type":"","background-media":"","overlay-type":"","overlay-color":"","overlay-opacity":"","overlay-gradient":""},"tablet":{"background-color":"","background-image":"","background-repeat":"repeat","background-position":"center center","background-size":"auto","background-attachment":"scroll","background-type":"","background-media":"","overlay-type":"","overlay-color":"","overlay-opacity":"","overlay-gradient":""},"mobile":{"background-color":"","background-image":"","background-repeat":"repeat","background-position":"center center","background-size":"auto","background-attachment":"scroll","background-type":"","background-media":"","overlay-type":"","overlay-color":"","overlay-opacity":"","overlay-gradient":""}},"ast-content-background-meta":{"desktop":{"background-color":"var(--ast-global-color-5)","background-image":"","background-repeat":"repeat","background-position":"center center","background-size":"auto","background-attachment":"scroll","background-type":"","background-media":"","overlay-type":"","overlay-color":"","overlay-opacity":"","overlay-gradient":""},"tablet":{"background-color":"var(--ast-global-color-5)","background-image":"","background-repeat":"repeat","background-position":"center center","background-size":"auto","background-attachment":"scroll","background-type":"","background-media":"","overlay-type":"","overlay-color":"","overlay-opacity":"","overlay-gradient":""},"mobile":{"background-color":"var(--ast-global-color-5)","background-image":"","background-repeat":"repeat","background-position":"center center","background-size":"auto","background-attachment":"scroll","background-type":"","background-media":"","overlay-type":"","overlay-color":"","overlay-opacity":"","overlay-gradient":""}}},"product_brand":[],"product_cat":[93],"product_tag":[],"class_list":{"0":"post-6258","1":"product","2":"type-product","3":"status-publish","4":"has-post-thumbnail","6":"product_cat-walkers","7":"desktop-align-center","8":"tablet-align-left","9":"mobile-align-left","10":"ast-product-gallery-layout-horizontal-slider","11":"ast-product-gallery-with-no-image","12":"ast-magnify-disabled","13":"ast-product-tabs-layout-accordion","14":"ast-qv-on-image","16":"first","17":"instock","18":"shipping-taxable","19":"purchasable","20":"product-type-simple"},"aioseo_notices":[],"aioseo_head":"\n\t\t<!-- All in One SEO Pro 4.6.0 - aioseo.com -->\n\t\t<meta name=\"description\" content=\"Lightweight foldable walker with S-shaped handle frame, non-slip stability, thickened pipes, and 150kg capacity for medical environments.\" \/>\n\t\t<meta name=\"robots\" content=\"max-image-preview:large\" \/>\n\t\t<meta name=\"google-site-verification\" content=\"XE0Krczs_zYC4qBAqnvyRaNEYa9NQEP4HzU7PPpzxoI\" \/>\n\t\t<link rel=\"canonical\" href=\"https:\/\/novalion-med.com\/pt\/produto\/andarilho-em-liga-de-aluminio-com-estrutura-de-pega-em-s\/\" \/>\n\t\t<meta name=\"generator\" content=\"All in One SEO Pro (AIOSEO) 4.6.0\" \/>\n\t\t<meta property=\"og:locale\" content=\"pt_PT\" \/>\n\t\t<meta property=\"og:site_name\" content=\"Novalion Medical \u2013 Wheelchair, Hospital bed, Walker,Commode chair,Crutch...\" \/>\n\t\t<meta property=\"og:type\" content=\"article\" \/>\n\t\t<meta property=\"og:title\" content=\"Aluminum Alloy Walker with S-Handle Frame\" \/>\n\t\t<meta property=\"og:description\" content=\"Lightweight foldable walker with S-shaped handle frame, non-slip stability, thickened pipes, and 150kg capacity for medical environments.\" \/>\n\t\t<meta property=\"og:url\" content=\"https:\/\/novalion-med.com\/pt\/produto\/andarilho-em-liga-de-aluminio-com-estrutura-de-pega-em-s\/\" \/>\n\t\t<meta property=\"og:image\" content=\"https:\/\/novalion-med.com\/wp-content\/uploads\/2025\/04\/cropped-343496212_201698782614433_8037205422525878621_n-1.jpg\" \/>\n\t\t<meta property=\"og:image:secure_url\" content=\"https:\/\/novalion-med.com\/wp-content\/uploads\/2025\/04\/cropped-343496212_201698782614433_8037205422525878621_n-1.jpg\" \/>\n\t\t<meta property=\"og:image:width\" content=\"512\" \/>\n\t\t<meta property=\"og:image:height\" content=\"512\" \/>\n\t\t<meta property=\"article:published_time\" content=\"2025-06-26T02:31:42+00:00\" \/>\n\t\t<meta property=\"article:modified_time\" content=\"2025-06-26T02:37:51+00:00\" \/>\n\t\t<meta property=\"article:publisher\" content=\"https:\/\/www.facebook.com\/NovalionMedical\/\" \/>\n\t\t<meta name=\"twitter:card\" content=\"summary_large_image\" \/>\n\t\t<meta name=\"twitter:title\" content=\"Aluminum Alloy Walker with S-Handle Frame\" \/>\n\t\t<meta name=\"twitter:description\" content=\"Lightweight foldable walker with S-shaped handle frame, non-slip stability, thickened pipes, and 150kg capacity for medical environments.\" \/>\n\t\t<meta name=\"twitter:image\" content=\"https:\/\/novalion-med.com\/wp-content\/uploads\/2025\/04\/cropped-343496212_201698782614433_8037205422525878621_n-1.jpg\" \/>\n\t\t<script type=\"application\/ld+json\" class=\"aioseo-schema\">\n\t\t\t{\"@context\":\"https:\\\/\\\/schema.org\",\"@graph\":[{\"@type\":\"BreadcrumbList\",\"@id\":\"https:\\\/\\\/novalion-med.com\\\/pt\\\/produto\\\/andarilho-em-liga-de-aluminio-com-estrutura-de-pega-em-s\\\/#breadcrumblist\",\"itemListElement\":[{\"@type\":\"ListItem\",\"@id\":\"https:\\\/\\\/novalion-med.com\\\/pt\\\/#listItem\",\"position\":1,\"name\":\"Home\",\"item\":\"https:\\\/\\\/novalion-med.com\\\/pt\\\/\",\"nextItem\":\"https:\\\/\\\/novalion-med.com\\\/pt\\\/produto\\\/andarilho-em-liga-de-aluminio-com-estrutura-de-pega-em-s\\\/#listItem\"},{\"@type\":\"ListItem\",\"@id\":\"https:\\\/\\\/novalion-med.com\\\/pt\\\/produto\\\/andarilho-em-liga-de-aluminio-com-estrutura-de-pega-em-s\\\/#listItem\",\"position\":2,\"name\":\"Aluminum Alloy Walker with S-Handle Frame\",\"previousItem\":\"https:\\\/\\\/novalion-med.com\\\/pt\\\/#listItem\"}]},{\"@type\":\"Organization\",\"@id\":\"https:\\\/\\\/novalion-med.com\\\/pt\\\/#organization\",\"name\":\"novalion-med.com\",\"url\":\"https:\\\/\\\/novalion-med.com\\\/pt\\\/\",\"logo\":{\"@type\":\"ImageObject\",\"url\":\"https:\\\/\\\/novalion-med.com\\\/wp-content\\\/uploads\\\/2025\\\/04\\\/cropped-343496212_201698782614433_8037205422525878621_n-1.jpg\",\"@id\":\"https:\\\/\\\/novalion-med.com\\\/pt\\\/produto\\\/andarilho-em-liga-de-aluminio-com-estrutura-de-pega-em-s\\\/#organizationLogo\",\"width\":512,\"height\":512},\"image\":{\"@id\":\"https:\\\/\\\/novalion-med.com\\\/pt\\\/produto\\\/andarilho-em-liga-de-aluminio-com-estrutura-de-pega-em-s\\\/#organizationLogo\"},\"sameAs\":[\"https:\\\/\\\/www.facebook.com\\\/NovalionMedical\\\/\",\"https:\\\/\\\/www.youtube.com\\\/@NwlMedicalInstrument\"],\"contactPoint\":{\"@type\":\"ContactPoint\",\"telephone\":\"+8618326188070\",\"contactType\":\"Sales\"}},{\"@type\":\"Product\",\"@id\":\"https:\\\/\\\/novalion-med.com\\\/pt\\\/produto\\\/andarilho-em-liga-de-aluminio-com-estrutura-de-pega-em-s\\\/#wooCommerceProduct\",\"name\":\"Aluminum Alloy Walker with S-Handle Frame\",\"description\":\"The NL190302A-13 Black Rollator with Parcel Basket offers style and practicality for mobility needs. Constructed from painted steel, it features a foldable design for easy storage and a parcel basket for carrying essentials. With handle spacing of 47cm, total width of 61cm, seat height of 50cm, and height adjustable from 80-90cm, it provides ergonomic support. The 150kg weight capacity ensures reliable use in hospital, home, or clinic settings. Packed individually in a 78\\u00d762\\u00d723cm carton at 17kg gross weight, this rollator combines functionality with a sleek black finish. Keywords: black rollator, parcel basket, painted steel, foldable design, storage mobility aid.\",\"url\":\"https:\\\/\\\/novalion-med.com\\\/pt\\\/produto\\\/andarilho-em-liga-de-aluminio-com-estrutura-de-pega-em-s\\\/\",\"sku\":\"NL190302A-13\",\"image\":{\"@type\":\"ImageObject\",\"url\":\"https:\\\/\\\/novalion-med.com\\\/wp-content\\\/uploads\\\/2025\\\/06\\\/NL190302A-13-Aluminum-Alloy-Walker-with-S-Handle-Frame.jpg\",\"@id\":\"https:\\\/\\\/novalion-med.com\\\/pt\\\/produto\\\/andarilho-em-liga-de-aluminio-com-estrutura-de-pega-em-s\\\/#productImage\",\"width\":800,\"height\":800,\"caption\":\"NL190302A-13 Aluminum Alloy Walker with S-Handle Frame\"},\"offers\":{\"@type\":\"Offer\",\"url\":\"https:\\\/\\\/novalion-med.com\\\/pt\\\/produto\\\/andarilho-em-liga-de-aluminio-com-estrutura-de-pega-em-s\\\/#wooCommerceOffer\",\"priceCurrency\":\"PHP\",\"category\":\"Walkers\",\"availability\":\"https:\\\/\\\/schema.org\\\/InStock\",\"seller\":{\"@type\":\"Organization\",\"@id\":\"https:\\\/\\\/novalion-med.com\\\/pt\\\/#organization\"},\"price\":111}},{\"@type\":\"WebPage\",\"@id\":\"https:\\\/\\\/novalion-med.com\\\/pt\\\/produto\\\/andarilho-em-liga-de-aluminio-com-estrutura-de-pega-em-s\\\/#webpage\",\"url\":\"https:\\\/\\\/novalion-med.com\\\/pt\\\/produto\\\/andarilho-em-liga-de-aluminio-com-estrutura-de-pega-em-s\\\/\",\"name\":\"Aluminum Alloy Walker with S-Handle Frame\",\"description\":\"Lightweight foldable walker with S-shaped handle frame, non-slip stability, thickened pipes, and 150kg capacity for medical environments.\",\"inLanguage\":\"pt-PT\",\"isPartOf\":{\"@id\":\"https:\\\/\\\/novalion-med.com\\\/pt\\\/#website\"},\"breadcrumb\":{\"@id\":\"https:\\\/\\\/novalion-med.com\\\/pt\\\/produto\\\/andarilho-em-liga-de-aluminio-com-estrutura-de-pega-em-s\\\/#breadcrumblist\"},\"image\":{\"@type\":\"ImageObject\",\"url\":\"https:\\\/\\\/novalion-med.com\\\/wp-content\\\/uploads\\\/2025\\\/06\\\/NL190302A-13-Aluminum-Alloy-Walker-with-S-Handle-Frame.jpg\",\"@id\":\"https:\\\/\\\/novalion-med.com\\\/pt\\\/produto\\\/andarilho-em-liga-de-aluminio-com-estrutura-de-pega-em-s\\\/#mainImage\",\"width\":800,\"height\":800,\"caption\":\"NL190302A-13 Aluminum Alloy Walker with S-Handle Frame\"},\"primaryImageOfPage\":{\"@id\":\"https:\\\/\\\/novalion-med.com\\\/pt\\\/produto\\\/andarilho-em-liga-de-aluminio-com-estrutura-de-pega-em-s\\\/#mainImage\"},\"datePublished\":\"2025-06-26T02:31:42+00:00\",\"dateModified\":\"2025-06-26T02:37:51+00:00\"},{\"@type\":\"WebSite\",\"@id\":\"https:\\\/\\\/novalion-med.com\\\/pt\\\/#website\",\"url\":\"https:\\\/\\\/novalion-med.com\\\/pt\\\/\",\"name\":\"novalion-med.com\",\"description\":\"Wheelchair, Hospital bed, Walker,Commode chair,Crutch...\",\"inLanguage\":\"pt-PT\",\"publisher\":{\"@id\":\"https:\\\/\\\/novalion-med.com\\\/pt\\\/#organization\"}}]}\n\t\t<\/script>\n\t\t<!-- All in One SEO Pro -->\r\n\t\t<title>Aluminum Alloy Walker with S-Handle Frame<\/title>\n\n","aioseo_head_json":{"title":"Aluminum Alloy Walker with S-Handle Frame","description":"Lightweight foldable walker with S-shaped handle frame, non-slip stability, thickened pipes, and 150kg capacity for medical environments.","canonical_url":"https:\/\/novalion-med.com\/pt\/produto\/andarilho-em-liga-de-aluminio-com-estrutura-de-pega-em-s\/","robots":"max-image-preview:large","keywords":"","webmasterTools":{"google-site-verification":"XE0Krczs_zYC4qBAqnvyRaNEYa9NQEP4HzU7PPpzxoI","miscellaneous":""},"og:locale":"pt_PT","og:site_name":"Novalion Medical \u2013 Wheelchair, Hospital bed, Walker,Commode chair,Crutch...","og:type":"article","og:title":"Aluminum Alloy Walker with S-Handle Frame","og:description":"Lightweight foldable walker with S-shaped handle frame, non-slip stability, thickened pipes, and 150kg capacity for medical environments.","og:url":"https:\/\/novalion-med.com\/pt\/produto\/andarilho-em-liga-de-aluminio-com-estrutura-de-pega-em-s\/","og:image":"https:\/\/novalion-med.com\/wp-content\/uploads\/2025\/04\/cropped-343496212_201698782614433_8037205422525878621_n-1.jpg","og:image:secure_url":"https:\/\/novalion-med.com\/wp-content\/uploads\/2025\/04\/cropped-343496212_201698782614433_8037205422525878621_n-1.jpg","og:image:width":512,"og:image:height":512,"article:published_time":"2025-06-26T02:31:42+00:00","article:modified_time":"2025-06-26T02:37:51+00:00","article:publisher":"https:\/\/www.facebook.com\/NovalionMedical\/","twitter:card":"summary_large_image","twitter:title":"Aluminum Alloy Walker with S-Handle Frame","twitter:description":"Lightweight foldable walker with S-shaped handle frame, non-slip stability, thickened pipes, and 150kg capacity for medical environments.","twitter:image":"https:\/\/novalion-med.com\/wp-content\/uploads\/2025\/04\/cropped-343496212_201698782614433_8037205422525878621_n-1.jpg","schema":{"@context":"https:\/\/schema.org","@graph":[{"@type":"BreadcrumbList","@id":"https:\/\/novalion-med.com\/pt\/produto\/andarilho-em-liga-de-aluminio-com-estrutura-de-pega-em-s\/#breadcrumblist","itemListElement":[{"@type":"ListItem","@id":"https:\/\/novalion-med.com\/pt\/#listItem","position":1,"name":"Home","item":"https:\/\/novalion-med.com\/pt\/","nextItem":"https:\/\/novalion-med.com\/pt\/produto\/andarilho-em-liga-de-aluminio-com-estrutura-de-pega-em-s\/#listItem"},{"@type":"ListItem","@id":"https:\/\/novalion-med.com\/pt\/produto\/andarilho-em-liga-de-aluminio-com-estrutura-de-pega-em-s\/#listItem","position":2,"name":"Aluminum Alloy Walker with S-Handle Frame","previousItem":"https:\/\/novalion-med.com\/pt\/#listItem"}]},{"@type":"Organization","@id":"https:\/\/novalion-med.com\/pt\/#organization","name":"novalion-med.com","url":"https:\/\/novalion-med.com\/pt\/","logo":{"@type":"ImageObject","url":"https:\/\/novalion-med.com\/wp-content\/uploads\/2025\/04\/cropped-343496212_201698782614433_8037205422525878621_n-1.jpg","@id":"https:\/\/novalion-med.com\/pt\/produto\/andarilho-em-liga-de-aluminio-com-estrutura-de-pega-em-s\/#organizationLogo","width":512,"height":512},"image":{"@id":"https:\/\/novalion-med.com\/pt\/produto\/andarilho-em-liga-de-aluminio-com-estrutura-de-pega-em-s\/#organizationLogo"},"sameAs":["https:\/\/www.facebook.com\/NovalionMedical\/","https:\/\/www.youtube.com\/@NwlMedicalInstrument"],"contactPoint":{"@type":"ContactPoint","telephone":"+8618326188070","contactType":"Sales"}},{"@type":"Product","@id":"https:\/\/novalion-med.com\/pt\/produto\/andarilho-em-liga-de-aluminio-com-estrutura-de-pega-em-s\/#wooCommerceProduct","name":"Aluminum Alloy Walker with S-Handle Frame","description":"The NL190302A-13 Black Rollator with Parcel Basket offers style and practicality for mobility needs. Constructed from painted steel, it features a foldable design for easy storage and a parcel basket for carrying essentials. With handle spacing of 47cm, total width of 61cm, seat height of 50cm, and height adjustable from 80-90cm, it provides ergonomic support. The 150kg weight capacity ensures reliable use in hospital, home, or clinic settings. Packed individually in a 78\u00d762\u00d723cm carton at 17kg gross weight, this rollator combines functionality with a sleek black finish. Keywords: black rollator, parcel basket, painted steel, foldable design, storage mobility aid.","url":"https:\/\/novalion-med.com\/pt\/produto\/andarilho-em-liga-de-aluminio-com-estrutura-de-pega-em-s\/","sku":"NL190302A-13","image":{"@type":"ImageObject","url":"https:\/\/novalion-med.com\/wp-content\/uploads\/2025\/06\/NL190302A-13-Aluminum-Alloy-Walker-with-S-Handle-Frame.jpg","@id":"https:\/\/novalion-med.com\/pt\/produto\/andarilho-em-liga-de-aluminio-com-estrutura-de-pega-em-s\/#productImage","width":800,"height":800,"caption":"NL190302A-13 Aluminum Alloy Walker with S-Handle Frame"},"offers":{"@type":"Offer","url":"https:\/\/novalion-med.com\/pt\/produto\/andarilho-em-liga-de-aluminio-com-estrutura-de-pega-em-s\/#wooCommerceOffer","priceCurrency":"PHP","category":"Walkers","availability":"https:\/\/schema.org\/InStock","seller":{"@type":"Organization","@id":"https:\/\/novalion-med.com\/pt\/#organization"},"price":111}},{"@type":"WebPage","@id":"https:\/\/novalion-med.com\/pt\/produto\/andarilho-em-liga-de-aluminio-com-estrutura-de-pega-em-s\/#webpage","url":"https:\/\/novalion-med.com\/pt\/produto\/andarilho-em-liga-de-aluminio-com-estrutura-de-pega-em-s\/","name":"Aluminum Alloy Walker with S-Handle Frame","description":"Lightweight foldable walker with S-shaped handle frame, non-slip stability, thickened pipes, and 150kg capacity for medical environments.","inLanguage":"pt-PT","isPartOf":{"@id":"https:\/\/novalion-med.com\/pt\/#website"},"breadcrumb":{"@id":"https:\/\/novalion-med.com\/pt\/produto\/andarilho-em-liga-de-aluminio-com-estrutura-de-pega-em-s\/#breadcrumblist"},"image":{"@type":"ImageObject","url":"https:\/\/novalion-med.com\/wp-content\/uploads\/2025\/06\/NL190302A-13-Aluminum-Alloy-Walker-with-S-Handle-Frame.jpg","@id":"https:\/\/novalion-med.com\/pt\/produto\/andarilho-em-liga-de-aluminio-com-estrutura-de-pega-em-s\/#mainImage","width":800,"height":800,"caption":"NL190302A-13 Aluminum Alloy Walker with S-Handle Frame"},"primaryImageOfPage":{"@id":"https:\/\/novalion-med.com\/pt\/produto\/andarilho-em-liga-de-aluminio-com-estrutura-de-pega-em-s\/#mainImage"},"datePublished":"2025-06-26T02:31:42+00:00","dateModified":"2025-06-26T02:37:51+00:00"},{"@type":"WebSite","@id":"https:\/\/novalion-med.com\/pt\/#website","url":"https:\/\/novalion-med.com\/pt\/","name":"novalion-med.com","description":"Wheelchair, Hospital bed, Walker,Commode chair,Crutch...","inLanguage":"pt-PT","publisher":{"@id":"https:\/\/novalion-med.com\/pt\/#organization"}}]}},"aioseo_meta_data":{"post_id":"6258","title":"Aluminum Alloy Walker with S-Handle Frame","description":"Lightweight foldable walker with S-shaped handle frame, non-slip stability, thickened pipes, and 150kg capacity for medical environments.","keywords":"[]","keyphrases":"{\"focus\":{\"keyphrase\":\"\",\"score\":0,\"analysis\":{\"keyphraseInTitle\":{\"score\":0,\"maxScore\":9,\"error\":1}}},\"additional\":[]}","primary_term":null,"canonical_url":null,"og_title":null,"og_description":null,"og_object_type":"default","og_image_type":"default","og_image_url":null,"og_image_width":null,"og_image_height":null,"og_image_custom_url":null,"og_image_custom_fields":null,"og_video":"","og_custom_url":null,"og_article_section":null,"og_article_tags":"[]","twitter_use_og":false,"twitter_card":"default","twitter_image_type":"default","twitter_image_url":null,"twitter_image_custom_url":null,"twitter_image_custom_fields":null,"twitter_title":null,"twitter_description":null,"schema":{"blockGraphs":[],"customGraphs":[],"default":{"data":{"Article":[],"Course":[],"Dataset":[],"FAQPage":[],"Movie":[],"Person":[],"Product":[],"Recipe":[],"Service":[],"SoftwareApplication":[],"WebPage":[]},"graphName":"Product","isEnabled":true},"graphs":[]},"schema_type":"default","schema_type_options":null,"pillar_content":false,"robots_default":true,"robots_noindex":false,"robots_noarchive":false,"robots_nosnippet":false,"robots_nofollow":false,"robots_noimageindex":false,"robots_noodp":false,"robots_notranslate":false,"robots_max_snippet":"-1","robots_max_videopreview":"-1","robots_max_imagepreview":"large","priority":null,"frequency":"default","local_seo":null,"limit_modified_date":false,"created":"2025-06-26 02:31:42","updated":"2025-06-26 02:44:31"},"_links":{"self":[{"href":"https:\/\/novalion-med.com\/pt\/wp-json\/wp\/v2\/product\/6258","targetHints":{"allow":["GET"]}}],"collection":[{"href":"https:\/\/novalion-med.com\/pt\/wp-json\/wp\/v2\/product"}],"about":[{"href":"https:\/\/novalion-med.com\/pt\/wp-json\/wp\/v2\/types\/product"}],"version-history":[{"count":4,"href":"https:\/\/novalion-med.com\/pt\/wp-json\/wp\/v2\/product\/6258\/revisions"}],"predecessor-version":[{"id":6262,"href":"https:\/\/novalion-med.com\/pt\/wp-json\/wp\/v2\/product\/6258\/revisions\/6262"}],"wp:featuredmedia":[{"embeddable":true,"href":"https:\/\/novalion-med.com\/pt\/wp-json\/wp\/v2\/media\/6243"}],"wp:attachment":[{"href":"https:\/\/novalion-med.com\/pt\/wp-json\/wp\/v2\/media?parent=6258"}],"wp:term":[{"taxonomy":"product_brand","embeddable":true,"href":"https:\/\/novalion-med.com\/pt\/wp-json\/wp\/v2\/product_brand?post=6258"},{"taxonomy":"product_cat","embeddable":true,"href":"https:\/\/novalion-med.com\/pt\/wp-json\/wp\/v2\/product_cat?post=6258"},{"taxonomy":"product_tag","embeddable":true,"href":"https:\/\/novalion-med.com\/pt\/wp-json\/wp\/v2\/product_tag?post=6258"}],"curies":[{"name":"wp","href":"https:\/\/api.w.org\/{rel}","templated":true}]}}