{"id":5906,"date":"2025-06-20T06:42:39","date_gmt":"2025-06-20T06:42:39","guid":{"rendered":"https:\/\/novalion-med.com\/?post_type=product&#038;p=5906"},"modified":"2025-06-20T06:46:20","modified_gmt":"2025-06-20T06:46:20","slug":"cadeira-de-toucador-micro-dobravel-com-toque-de-pele","status":"publish","type":"product","link":"https:\/\/novalion-med.com\/pt\/produto\/cadeira-de-toucador-micro-dobravel-com-toque-de-pele\/","title":{"rendered":"Cadeira de Alcofa Micro Dobr\u00e1vel com Toque de Couro"},"content":{"rendered":"<div data-elementor-type=\"product-post\" data-elementor-id=\"5906\" class=\"elementor elementor-5906\" data-elementor-post-type=\"product\">\n\t\t\t\t<div class=\"elementor-element elementor-element-1c93f1cb e-con-full e-flex e-con e-parent\" data-id=\"1c93f1cb\" data-element_type=\"container\">\n\t\t\t\t<div class=\"elementor-element elementor-element-2240ff1 elementor-widget elementor-widget-heading\" data-id=\"2240ff1\" data-element_type=\"widget\" data-widget_type=\"heading.default\">\n\t\t\t\t<div class=\"elementor-widget-container\">\n\t\t\t\t\t<h2 class=\"elementor-heading-title elementor-size-default\">Cadeira de Alcofa Micro Dobr\u00e1vel com Toque de Couro<\/h2>\t\t\t\t<\/div>\n\t\t\t\t<\/div>\n\t\t\t\t<div class=\"elementor-element elementor-element-45d8c46 elementor-widget elementor-widget-text-editor\" data-id=\"45d8c46\" data-element_type=\"widget\" data-widget_type=\"text-editor.default\">\n\t\t\t\t<div class=\"elementor-widget-container\">\n\t\t\t\t\t\t\t\t\t<p>Maximize o espa\u00e7o em casas de banho pequenas com esta mini cadeira de c\u00f3moda azul e preta. Fabricada em a\u00e7o-carbono e ABS, oferece uma capacidade de dobragem ultra-compacta e estabilidade antiderrapante com um tubo espesso. Dur\u00e1vel e eficiente em termos de espa\u00e7o, \u00e9 ideal para casas de banho com espa\u00e7o limitado.<\/p>\t\t\t\t\t\t\t\t<\/div>\n\t\t\t\t<\/div>\n\t\t\t\t<div class=\"elementor-element elementor-element-7152afc elementor-widget elementor-widget-text-editor\" data-id=\"7152afc\" data-element_type=\"widget\" data-widget_type=\"text-editor.default\">\n\t\t\t\t<div class=\"elementor-widget-container\">\n\t\t\t\t\t\t\t\t\t<h2>Carater\u00edsticas principais<\/h2><p>Mini maravilha para casas de banho apertadas - cadeira de c\u00f3moda azul-preta de 35 cm. A\u00e7o-ABS, ultra-dobr\u00e1vel e tubo espessado para uma maior efici\u00eancia de espa\u00e7o sem sacrificar a estabilidade.<\/p><ul><li>Design mini dobr\u00e1vel (35cm C x 34cm L x 42cm A) para micro espa\u00e7os<\/li><li>Constru\u00e7\u00e3o em a\u00e7o-ABS para maior durabilidade em formato compacto<\/li><li>Tubo mais espesso para maior estabilidade em casas de banho pequenas<\/li><li>Acabamento azul-preto para casas de banho pequenas e modernas<\/li><li>24 kg de peso leve para f\u00e1cil armazenamento<\/li><\/ul>\t\t\t\t\t\t\t\t<\/div>\n\t\t\t\t<\/div>\n\t\t\t\t<div class=\"elementor-element elementor-element-3a02177 elementor-widget elementor-widget-text-editor\" data-id=\"3a02177\" data-element_type=\"widget\" data-widget_type=\"text-editor.default\">\n\t\t\t\t<div class=\"elementor-widget-container\">\n\t\t\t\t\t\t\t\t\t<h2>Especifica\u00e7\u00f5es<\/h2><table><tbody><tr><td width=\"227\"><p><strong>Nome do produto<\/strong><\/p><\/td><td width=\"590\"><p style=\"text-align: center;\">Cadeira de Alcofa Micro Dobr\u00e1vel com Toque de Couro<\/p><\/td><\/tr><tr><td width=\"227\"><p><strong>Aplica\u00e7\u00e3o<\/strong><\/p><\/td><td width=\"590\"><p style=\"text-align: center;\">Casa de banho<\/p><\/td><\/tr><tr><td width=\"227\"><p><strong>Material <\/strong><\/p><\/td><td width=\"590\"><p style=\"text-align: center;\">A\u00e7o carbono e ABS<\/p><\/td><\/tr><tr><td width=\"227\"><p><strong>Cor<\/strong><\/p><\/td><td width=\"590\"><p style=\"text-align: center;\">Azul e preto<\/p><\/td><\/tr><tr><td width=\"227\"><p><strong>Comprimento total<\/strong><\/p><\/td><td width=\"590\"><p style=\"text-align: center;\">Cerca de 35 cm<\/p><\/td><\/tr><tr><td width=\"227\"><p><strong>Largura total<\/strong><\/p><\/td><td width=\"590\"><p style=\"text-align: center;\">Cerca de 34 cm<\/p><\/td><\/tr><tr><td width=\"227\"><p><strong>Altura total<\/strong><\/p><\/td><td width=\"590\"><p style=\"text-align: center;\">Cerca de 42 cm<\/p><\/td><\/tr><tr><td width=\"227\"><p><strong>Tamanho da embalagem<\/strong><\/p><\/td><td width=\"590\"><p style=\"text-align: center;\">80*50*45cm, 10pcs\/ctn<\/p><\/td><\/tr><tr><td width=\"227\"><p><strong>G.W.<\/strong><\/p><\/td><td width=\"590\"><p style=\"text-align: center;\">24 kg<\/p><\/td><\/tr><\/tbody><\/table>\t\t\t\t\t\t\t\t<\/div>\n\t\t\t\t<\/div>\n\t\t\t\t<div class=\"elementor-element elementor-element-2996df9 elementor-widget elementor-widget-text-editor\" data-id=\"2996df9\" data-element_type=\"widget\" data-widget_type=\"text-editor.default\">\n\t\t\t\t<div class=\"elementor-widget-container\">\n\t\t\t\t\t\t\t\t\t<p>Mais equipamentos m\u00e9dicos podem ser encontrados em <a href=\"https:\/\/novalion-med.com\/pt\/\" target=\"_blank\" rel=\"noopener\">o nosso s\u00edtio Web<\/a> ou <a href=\"https:\/\/api.whatsapp.com\/send\/?phone=%2B008618112908401&amp;text&amp;type=phone_number&amp;app_absent=0\" target=\"_blank\" rel=\"noopener\">o nosso whatsapp<\/a>.<\/p>\t\t\t\t\t\t\t\t<\/div>\n\t\t\t\t<\/div>\n\t\t\t\t<\/div>\n\t\t\t\t<\/div>","protected":false},"excerpt":{"rendered":"<p>Esta cadeira sanit\u00e1ria Novalion, modelo NL190303A-10, \u00e9 uma solu\u00e7\u00e3o mini dobr\u00e1vel concebida para espa\u00e7os de banho compactos. Constru\u00edda em a\u00e7o-carbono e ABS em azul e preto, oferece um design leve e dobr\u00e1vel para f\u00e1cil arruma\u00e7\u00e3o. A constru\u00e7\u00e3o antiderrapante e est\u00e1vel da cadeira, refor\u00e7ada por um tubo espesso, proporciona um assento seguro. Com cerca de 35 cm de comprimento, 34 cm de largura e 42 cm de altura, \u00e9 incrivelmente econ\u00f3mica em termos de espa\u00e7o. Embalada numa caixa de 80\u00d750\u00d745 cm com 10 pe\u00e7as por caixa e com um peso bruto de 24 kg, esta cadeira multifuncional \u00e9 perfeita para casas de banho pequenas onde o espa\u00e7o \u00e9 limitado, oferecendo ao mesmo tempo durabilidade e praticidade.<\/p>","protected":false},"featured_media":5879,"template":"elementor_theme","meta":{"site-sidebar-layout":"default","site-content-layout":"","ast-site-content-layout":"default","site-content-style":"default","site-sidebar-style":"default","ast-global-header-display":"","ast-banner-title-visibility":"","ast-main-header-display":"","ast-hfb-above-header-display":"","ast-hfb-below-header-display":"","ast-hfb-mobile-header-display":"","site-post-title":"","ast-breadcrumbs-content":"","ast-featured-img":"","footer-sml-layout":"","theme-transparent-header-meta":"default","adv-header-id-meta":"","stick-header-meta":"default","header-above-stick-meta":"","header-main-stick-meta":"","header-below-stick-meta":"","astra-migrate-meta-layouts":"set","ast-page-background-enabled":"default","ast-page-background-meta":{"desktop":{"background-color":"var(--ast-global-color-4)","background-image":"","background-repeat":"repeat","background-position":"center center","background-size":"auto","background-attachment":"scroll","background-type":"","background-media":"","overlay-type":"","overlay-color":"","overlay-opacity":"","overlay-gradient":""},"tablet":{"background-color":"","background-image":"","background-repeat":"repeat","background-position":"center center","background-size":"auto","background-attachment":"scroll","background-type":"","background-media":"","overlay-type":"","overlay-color":"","overlay-opacity":"","overlay-gradient":""},"mobile":{"background-color":"","background-image":"","background-repeat":"repeat","background-position":"center center","background-size":"auto","background-attachment":"scroll","background-type":"","background-media":"","overlay-type":"","overlay-color":"","overlay-opacity":"","overlay-gradient":""}},"ast-content-background-meta":{"desktop":{"background-color":"var(--ast-global-color-5)","background-image":"","background-repeat":"repeat","background-position":"center center","background-size":"auto","background-attachment":"scroll","background-type":"","background-media":"","overlay-type":"","overlay-color":"","overlay-opacity":"","overlay-gradient":""},"tablet":{"background-color":"var(--ast-global-color-5)","background-image":"","background-repeat":"repeat","background-position":"center center","background-size":"auto","background-attachment":"scroll","background-type":"","background-media":"","overlay-type":"","overlay-color":"","overlay-opacity":"","overlay-gradient":""},"mobile":{"background-color":"var(--ast-global-color-5)","background-image":"","background-repeat":"repeat","background-position":"center center","background-size":"auto","background-attachment":"scroll","background-type":"","background-media":"","overlay-type":"","overlay-color":"","overlay-opacity":"","overlay-gradient":""}}},"product_brand":[],"product_cat":[94],"product_tag":[],"class_list":{"0":"post-5906","1":"product","2":"type-product","3":"status-publish","4":"has-post-thumbnail","6":"product_cat-commode-chairs","7":"desktop-align-center","8":"tablet-align-left","9":"mobile-align-left","10":"ast-product-gallery-layout-horizontal-slider","11":"ast-magnify-disabled","12":"ast-product-tabs-layout-accordion","13":"ast-qv-on-image","15":"first","16":"instock","17":"shipping-taxable","18":"purchasable","19":"product-type-simple"},"aioseo_notices":[],"aioseo_head":"\n\t\t<!-- All in One SEO Pro 4.6.0 - aioseo.com -->\n\t\t<meta name=\"description\" content=\"35\u00d734\u00d742cm blue-black carbon steel commode chair, featuring leather-like comfort. Foldable, non-slip, thickened pipe, perfect for compact bathroom spaces.\" \/>\n\t\t<meta name=\"robots\" content=\"max-image-preview:large\" \/>\n\t\t<meta name=\"google-site-verification\" content=\"XE0Krczs_zYC4qBAqnvyRaNEYa9NQEP4HzU7PPpzxoI\" \/>\n\t\t<link rel=\"canonical\" href=\"https:\/\/novalion-med.com\/pt\/produto\/cadeira-de-toucador-micro-dobravel-com-toque-de-pele\/\" \/>\n\t\t<meta name=\"generator\" content=\"All in One SEO Pro (AIOSEO) 4.6.0\" \/>\n\t\t<meta property=\"og:locale\" content=\"pt_PT\" \/>\n\t\t<meta property=\"og:site_name\" content=\"Novalion Medical \u2013 Wheelchair, Hospital bed, Walker,Commode chair,Crutch...\" \/>\n\t\t<meta property=\"og:type\" content=\"article\" \/>\n\t\t<meta property=\"og:title\" content=\"Micro Foldable Commode Chair with Leather Touch\" \/>\n\t\t<meta property=\"og:description\" content=\"35\u00d734\u00d742cm blue-black carbon steel commode chair, featuring leather-like comfort. Foldable, non-slip, thickened pipe, perfect for compact bathroom spaces.\" \/>\n\t\t<meta property=\"og:url\" content=\"https:\/\/novalion-med.com\/pt\/produto\/cadeira-de-toucador-micro-dobravel-com-toque-de-pele\/\" \/>\n\t\t<meta property=\"og:image\" content=\"https:\/\/novalion-med.com\/wp-content\/uploads\/2025\/04\/cropped-343496212_201698782614433_8037205422525878621_n-1.jpg\" \/>\n\t\t<meta property=\"og:image:secure_url\" content=\"https:\/\/novalion-med.com\/wp-content\/uploads\/2025\/04\/cropped-343496212_201698782614433_8037205422525878621_n-1.jpg\" \/>\n\t\t<meta property=\"og:image:width\" content=\"512\" \/>\n\t\t<meta property=\"og:image:height\" content=\"512\" \/>\n\t\t<meta property=\"article:published_time\" content=\"2025-06-20T06:42:39+00:00\" \/>\n\t\t<meta property=\"article:modified_time\" content=\"2025-06-20T06:46:20+00:00\" \/>\n\t\t<meta property=\"article:publisher\" content=\"https:\/\/www.facebook.com\/NovalionMedical\/\" \/>\n\t\t<meta name=\"twitter:card\" content=\"summary_large_image\" \/>\n\t\t<meta name=\"twitter:title\" content=\"Micro Foldable Commode Chair with Leather Touch\" \/>\n\t\t<meta name=\"twitter:description\" content=\"35\u00d734\u00d742cm blue-black carbon steel commode chair, featuring leather-like comfort. Foldable, non-slip, thickened pipe, perfect for compact bathroom spaces.\" \/>\n\t\t<meta name=\"twitter:image\" content=\"https:\/\/novalion-med.com\/wp-content\/uploads\/2025\/04\/cropped-343496212_201698782614433_8037205422525878621_n-1.jpg\" \/>\n\t\t<script type=\"application\/ld+json\" class=\"aioseo-schema\">\n\t\t\t{\"@context\":\"https:\\\/\\\/schema.org\",\"@graph\":[{\"@type\":\"BreadcrumbList\",\"@id\":\"https:\\\/\\\/novalion-med.com\\\/pt\\\/produto\\\/cadeira-de-toucador-micro-dobravel-com-toque-de-pele\\\/#breadcrumblist\",\"itemListElement\":[{\"@type\":\"ListItem\",\"@id\":\"https:\\\/\\\/novalion-med.com\\\/pt\\\/#listItem\",\"position\":1,\"name\":\"Home\",\"item\":\"https:\\\/\\\/novalion-med.com\\\/pt\\\/\",\"nextItem\":\"https:\\\/\\\/novalion-med.com\\\/pt\\\/produto\\\/cadeira-de-toucador-micro-dobravel-com-toque-de-pele\\\/#listItem\"},{\"@type\":\"ListItem\",\"@id\":\"https:\\\/\\\/novalion-med.com\\\/pt\\\/produto\\\/cadeira-de-toucador-micro-dobravel-com-toque-de-pele\\\/#listItem\",\"position\":2,\"name\":\"Micro Foldable Commode Chair with Leather Touch\",\"previousItem\":\"https:\\\/\\\/novalion-med.com\\\/pt\\\/#listItem\"}]},{\"@type\":\"Organization\",\"@id\":\"https:\\\/\\\/novalion-med.com\\\/pt\\\/#organization\",\"name\":\"novalion-med.com\",\"url\":\"https:\\\/\\\/novalion-med.com\\\/pt\\\/\",\"logo\":{\"@type\":\"ImageObject\",\"url\":\"https:\\\/\\\/novalion-med.com\\\/wp-content\\\/uploads\\\/2025\\\/04\\\/cropped-343496212_201698782614433_8037205422525878621_n-1.jpg\",\"@id\":\"https:\\\/\\\/novalion-med.com\\\/pt\\\/produto\\\/cadeira-de-toucador-micro-dobravel-com-toque-de-pele\\\/#organizationLogo\",\"width\":512,\"height\":512},\"image\":{\"@id\":\"https:\\\/\\\/novalion-med.com\\\/pt\\\/produto\\\/cadeira-de-toucador-micro-dobravel-com-toque-de-pele\\\/#organizationLogo\"},\"sameAs\":[\"https:\\\/\\\/www.facebook.com\\\/NovalionMedical\\\/\",\"https:\\\/\\\/www.youtube.com\\\/@NwlMedicalInstrument\"],\"contactPoint\":{\"@type\":\"ContactPoint\",\"telephone\":\"+8618326188070\",\"contactType\":\"Sales\"}},{\"@type\":\"Product\",\"@id\":\"https:\\\/\\\/novalion-med.com\\\/pt\\\/produto\\\/cadeira-de-toucador-micro-dobravel-com-toque-de-pele\\\/#wooCommerceProduct\",\"name\":\"Micro Foldable Commode Chair with Leather Touch\",\"description\":\"This Novalion commode chair, model NL190303A-10, is a mini foldable solution designed for compact bathroom spaces. Constructed from carbon steel and ABS in blue and black, it offers a lightweight and foldable design for easy storage. The chair\\u2019s non-slip and stable construction, enhanced by a thicken pipe, provides secure seating. Measuring approximately 35cm in length, 34cm in width, and 42cm in height, it is incredibly space-saving. Packaged in an 80\\u00d750\\u00d745cm box with 10 pieces per carton, and weighing 24kg gross, this multifunctional chair is perfect for small bathrooms where space is limited, while still offering durability and practicality.\",\"url\":\"https:\\\/\\\/novalion-med.com\\\/pt\\\/produto\\\/cadeira-de-toucador-micro-dobravel-com-toque-de-pele\\\/\",\"sku\":\"NL190303A-10\",\"image\":{\"@type\":\"ImageObject\",\"url\":\"https:\\\/\\\/novalion-med.com\\\/wp-content\\\/uploads\\\/2025\\\/06\\\/NL190303A-10-Micro-Foldable-Commode-Chair-with-Leather-Touch.jpg\",\"@id\":\"https:\\\/\\\/novalion-med.com\\\/pt\\\/produto\\\/cadeira-de-toucador-micro-dobravel-com-toque-de-pele\\\/#productImage\",\"width\":800,\"height\":800,\"caption\":\"NL190303A-10 Micro Foldable Commode Chair with Leather Touch\"},\"offers\":{\"@type\":\"Offer\",\"url\":\"https:\\\/\\\/novalion-med.com\\\/pt\\\/produto\\\/cadeira-de-toucador-micro-dobravel-com-toque-de-pele\\\/#wooCommerceOffer\",\"priceCurrency\":\"PHP\",\"category\":\"Commode Chairs\",\"availability\":\"https:\\\/\\\/schema.org\\\/InStock\",\"seller\":{\"@type\":\"Organization\",\"@id\":\"https:\\\/\\\/novalion-med.com\\\/pt\\\/#organization\"},\"price\":111}},{\"@type\":\"WebPage\",\"@id\":\"https:\\\/\\\/novalion-med.com\\\/pt\\\/produto\\\/cadeira-de-toucador-micro-dobravel-com-toque-de-pele\\\/#webpage\",\"url\":\"https:\\\/\\\/novalion-med.com\\\/pt\\\/produto\\\/cadeira-de-toucador-micro-dobravel-com-toque-de-pele\\\/\",\"name\":\"Micro Foldable Commode Chair with Leather Touch\",\"description\":\"35\\u00d734\\u00d742cm blue-black carbon steel commode chair, featuring leather-like comfort. Foldable, non-slip, thickened pipe, perfect for compact bathroom spaces.\",\"inLanguage\":\"pt-PT\",\"isPartOf\":{\"@id\":\"https:\\\/\\\/novalion-med.com\\\/pt\\\/#website\"},\"breadcrumb\":{\"@id\":\"https:\\\/\\\/novalion-med.com\\\/pt\\\/produto\\\/cadeira-de-toucador-micro-dobravel-com-toque-de-pele\\\/#breadcrumblist\"},\"image\":{\"@type\":\"ImageObject\",\"url\":\"https:\\\/\\\/novalion-med.com\\\/wp-content\\\/uploads\\\/2025\\\/06\\\/NL190303A-10-Micro-Foldable-Commode-Chair-with-Leather-Touch.jpg\",\"@id\":\"https:\\\/\\\/novalion-med.com\\\/pt\\\/produto\\\/cadeira-de-toucador-micro-dobravel-com-toque-de-pele\\\/#mainImage\",\"width\":800,\"height\":800,\"caption\":\"NL190303A-10 Micro Foldable Commode Chair with Leather Touch\"},\"primaryImageOfPage\":{\"@id\":\"https:\\\/\\\/novalion-med.com\\\/pt\\\/produto\\\/cadeira-de-toucador-micro-dobravel-com-toque-de-pele\\\/#mainImage\"},\"datePublished\":\"2025-06-20T06:42:39+00:00\",\"dateModified\":\"2025-06-20T06:46:20+00:00\"},{\"@type\":\"WebSite\",\"@id\":\"https:\\\/\\\/novalion-med.com\\\/pt\\\/#website\",\"url\":\"https:\\\/\\\/novalion-med.com\\\/pt\\\/\",\"name\":\"novalion-med.com\",\"description\":\"Wheelchair, Hospital bed, Walker,Commode chair,Crutch...\",\"inLanguage\":\"pt-PT\",\"publisher\":{\"@id\":\"https:\\\/\\\/novalion-med.com\\\/pt\\\/#organization\"}}]}\n\t\t<\/script>\n\t\t<!-- All in One SEO Pro -->\r\n\t\t<title>Micro Foldable Commode Chair with Leather Touch<\/title>\n\n","aioseo_head_json":{"title":"Micro Foldable Commode Chair with Leather Touch","description":"35\u00d734\u00d742cm blue-black carbon steel commode chair, featuring leather-like comfort. Foldable, non-slip, thickened pipe, perfect for compact bathroom spaces.","canonical_url":"https:\/\/novalion-med.com\/pt\/produto\/cadeira-de-toucador-micro-dobravel-com-toque-de-pele\/","robots":"max-image-preview:large","keywords":"","webmasterTools":{"google-site-verification":"XE0Krczs_zYC4qBAqnvyRaNEYa9NQEP4HzU7PPpzxoI","miscellaneous":""},"og:locale":"pt_PT","og:site_name":"Novalion Medical \u2013 Wheelchair, Hospital bed, Walker,Commode chair,Crutch...","og:type":"article","og:title":"Micro Foldable Commode Chair with Leather Touch","og:description":"35\u00d734\u00d742cm blue-black carbon steel commode chair, featuring leather-like comfort. Foldable, non-slip, thickened pipe, perfect for compact bathroom spaces.","og:url":"https:\/\/novalion-med.com\/pt\/produto\/cadeira-de-toucador-micro-dobravel-com-toque-de-pele\/","og:image":"https:\/\/novalion-med.com\/wp-content\/uploads\/2025\/04\/cropped-343496212_201698782614433_8037205422525878621_n-1.jpg","og:image:secure_url":"https:\/\/novalion-med.com\/wp-content\/uploads\/2025\/04\/cropped-343496212_201698782614433_8037205422525878621_n-1.jpg","og:image:width":512,"og:image:height":512,"article:published_time":"2025-06-20T06:42:39+00:00","article:modified_time":"2025-06-20T06:46:20+00:00","article:publisher":"https:\/\/www.facebook.com\/NovalionMedical\/","twitter:card":"summary_large_image","twitter:title":"Micro Foldable Commode Chair with Leather Touch","twitter:description":"35\u00d734\u00d742cm blue-black carbon steel commode chair, featuring leather-like comfort. Foldable, non-slip, thickened pipe, perfect for compact bathroom spaces.","twitter:image":"https:\/\/novalion-med.com\/wp-content\/uploads\/2025\/04\/cropped-343496212_201698782614433_8037205422525878621_n-1.jpg","schema":{"@context":"https:\/\/schema.org","@graph":[{"@type":"BreadcrumbList","@id":"https:\/\/novalion-med.com\/pt\/produto\/cadeira-de-toucador-micro-dobravel-com-toque-de-pele\/#breadcrumblist","itemListElement":[{"@type":"ListItem","@id":"https:\/\/novalion-med.com\/pt\/#listItem","position":1,"name":"Home","item":"https:\/\/novalion-med.com\/pt\/","nextItem":"https:\/\/novalion-med.com\/pt\/produto\/cadeira-de-toucador-micro-dobravel-com-toque-de-pele\/#listItem"},{"@type":"ListItem","@id":"https:\/\/novalion-med.com\/pt\/produto\/cadeira-de-toucador-micro-dobravel-com-toque-de-pele\/#listItem","position":2,"name":"Micro Foldable Commode Chair with Leather Touch","previousItem":"https:\/\/novalion-med.com\/pt\/#listItem"}]},{"@type":"Organization","@id":"https:\/\/novalion-med.com\/pt\/#organization","name":"novalion-med.com","url":"https:\/\/novalion-med.com\/pt\/","logo":{"@type":"ImageObject","url":"https:\/\/novalion-med.com\/wp-content\/uploads\/2025\/04\/cropped-343496212_201698782614433_8037205422525878621_n-1.jpg","@id":"https:\/\/novalion-med.com\/pt\/produto\/cadeira-de-toucador-micro-dobravel-com-toque-de-pele\/#organizationLogo","width":512,"height":512},"image":{"@id":"https:\/\/novalion-med.com\/pt\/produto\/cadeira-de-toucador-micro-dobravel-com-toque-de-pele\/#organizationLogo"},"sameAs":["https:\/\/www.facebook.com\/NovalionMedical\/","https:\/\/www.youtube.com\/@NwlMedicalInstrument"],"contactPoint":{"@type":"ContactPoint","telephone":"+8618326188070","contactType":"Sales"}},{"@type":"Product","@id":"https:\/\/novalion-med.com\/pt\/produto\/cadeira-de-toucador-micro-dobravel-com-toque-de-pele\/#wooCommerceProduct","name":"Micro Foldable Commode Chair with Leather Touch","description":"This Novalion commode chair, model NL190303A-10, is a mini foldable solution designed for compact bathroom spaces. Constructed from carbon steel and ABS in blue and black, it offers a lightweight and foldable design for easy storage. The chair\u2019s non-slip and stable construction, enhanced by a thicken pipe, provides secure seating. Measuring approximately 35cm in length, 34cm in width, and 42cm in height, it is incredibly space-saving. Packaged in an 80\u00d750\u00d745cm box with 10 pieces per carton, and weighing 24kg gross, this multifunctional chair is perfect for small bathrooms where space is limited, while still offering durability and practicality.","url":"https:\/\/novalion-med.com\/pt\/produto\/cadeira-de-toucador-micro-dobravel-com-toque-de-pele\/","sku":"NL190303A-10","image":{"@type":"ImageObject","url":"https:\/\/novalion-med.com\/wp-content\/uploads\/2025\/06\/NL190303A-10-Micro-Foldable-Commode-Chair-with-Leather-Touch.jpg","@id":"https:\/\/novalion-med.com\/pt\/produto\/cadeira-de-toucador-micro-dobravel-com-toque-de-pele\/#productImage","width":800,"height":800,"caption":"NL190303A-10 Micro Foldable Commode Chair with Leather Touch"},"offers":{"@type":"Offer","url":"https:\/\/novalion-med.com\/pt\/produto\/cadeira-de-toucador-micro-dobravel-com-toque-de-pele\/#wooCommerceOffer","priceCurrency":"PHP","category":"Commode Chairs","availability":"https:\/\/schema.org\/InStock","seller":{"@type":"Organization","@id":"https:\/\/novalion-med.com\/pt\/#organization"},"price":111}},{"@type":"WebPage","@id":"https:\/\/novalion-med.com\/pt\/produto\/cadeira-de-toucador-micro-dobravel-com-toque-de-pele\/#webpage","url":"https:\/\/novalion-med.com\/pt\/produto\/cadeira-de-toucador-micro-dobravel-com-toque-de-pele\/","name":"Micro Foldable Commode Chair with Leather Touch","description":"35\u00d734\u00d742cm blue-black carbon steel commode chair, featuring leather-like comfort. Foldable, non-slip, thickened pipe, perfect for compact bathroom spaces.","inLanguage":"pt-PT","isPartOf":{"@id":"https:\/\/novalion-med.com\/pt\/#website"},"breadcrumb":{"@id":"https:\/\/novalion-med.com\/pt\/produto\/cadeira-de-toucador-micro-dobravel-com-toque-de-pele\/#breadcrumblist"},"image":{"@type":"ImageObject","url":"https:\/\/novalion-med.com\/wp-content\/uploads\/2025\/06\/NL190303A-10-Micro-Foldable-Commode-Chair-with-Leather-Touch.jpg","@id":"https:\/\/novalion-med.com\/pt\/produto\/cadeira-de-toucador-micro-dobravel-com-toque-de-pele\/#mainImage","width":800,"height":800,"caption":"NL190303A-10 Micro Foldable Commode Chair with Leather Touch"},"primaryImageOfPage":{"@id":"https:\/\/novalion-med.com\/pt\/produto\/cadeira-de-toucador-micro-dobravel-com-toque-de-pele\/#mainImage"},"datePublished":"2025-06-20T06:42:39+00:00","dateModified":"2025-06-20T06:46:20+00:00"},{"@type":"WebSite","@id":"https:\/\/novalion-med.com\/pt\/#website","url":"https:\/\/novalion-med.com\/pt\/","name":"novalion-med.com","description":"Wheelchair, Hospital bed, Walker,Commode chair,Crutch...","inLanguage":"pt-PT","publisher":{"@id":"https:\/\/novalion-med.com\/pt\/#organization"}}]}},"aioseo_meta_data":{"post_id":"5906","title":"Micro Foldable Commode Chair with Leather Touch","description":"35\u00d734\u00d742cm blue-black carbon steel commode chair, featuring leather-like comfort. Foldable, non-slip, thickened pipe, perfect for compact bathroom spaces.","keywords":"[]","keyphrases":"{\"focus\":{\"keyphrase\":\"\",\"score\":0,\"analysis\":{\"keyphraseInTitle\":{\"score\":0,\"maxScore\":9,\"error\":1}}},\"additional\":[]}","primary_term":null,"canonical_url":null,"og_title":null,"og_description":null,"og_object_type":"default","og_image_type":"default","og_image_url":null,"og_image_width":null,"og_image_height":null,"og_image_custom_url":null,"og_image_custom_fields":null,"og_video":"","og_custom_url":null,"og_article_section":null,"og_article_tags":"[]","twitter_use_og":false,"twitter_card":"default","twitter_image_type":"default","twitter_image_url":null,"twitter_image_custom_url":null,"twitter_image_custom_fields":null,"twitter_title":null,"twitter_description":null,"schema":{"blockGraphs":[],"customGraphs":[],"default":{"data":{"Article":[],"Course":[],"Dataset":[],"FAQPage":[],"Movie":[],"Person":[],"Product":[],"Recipe":[],"Service":[],"SoftwareApplication":[],"WebPage":[]},"graphName":"Product","isEnabled":true},"graphs":[]},"schema_type":"default","schema_type_options":null,"pillar_content":false,"robots_default":true,"robots_noindex":false,"robots_noarchive":false,"robots_nosnippet":false,"robots_nofollow":false,"robots_noimageindex":false,"robots_noodp":false,"robots_notranslate":false,"robots_max_snippet":"-1","robots_max_videopreview":"-1","robots_max_imagepreview":"large","priority":null,"frequency":"default","local_seo":null,"limit_modified_date":false,"created":"2025-06-20 06:42:39","updated":"2025-06-20 06:46:31"},"_links":{"self":[{"href":"https:\/\/novalion-med.com\/pt\/wp-json\/wp\/v2\/product\/5906","targetHints":{"allow":["GET"]}}],"collection":[{"href":"https:\/\/novalion-med.com\/pt\/wp-json\/wp\/v2\/product"}],"about":[{"href":"https:\/\/novalion-med.com\/pt\/wp-json\/wp\/v2\/types\/product"}],"version-history":[{"count":4,"href":"https:\/\/novalion-med.com\/pt\/wp-json\/wp\/v2\/product\/5906\/revisions"}],"predecessor-version":[{"id":5910,"href":"https:\/\/novalion-med.com\/pt\/wp-json\/wp\/v2\/product\/5906\/revisions\/5910"}],"wp:featuredmedia":[{"embeddable":true,"href":"https:\/\/novalion-med.com\/pt\/wp-json\/wp\/v2\/media\/5879"}],"wp:attachment":[{"href":"https:\/\/novalion-med.com\/pt\/wp-json\/wp\/v2\/media?parent=5906"}],"wp:term":[{"taxonomy":"product_brand","embeddable":true,"href":"https:\/\/novalion-med.com\/pt\/wp-json\/wp\/v2\/product_brand?post=5906"},{"taxonomy":"product_cat","embeddable":true,"href":"https:\/\/novalion-med.com\/pt\/wp-json\/wp\/v2\/product_cat?post=5906"},{"taxonomy":"product_tag","embeddable":true,"href":"https:\/\/novalion-med.com\/pt\/wp-json\/wp\/v2\/product_tag?post=5906"}],"curies":[{"name":"wp","href":"https:\/\/api.w.org\/{rel}","templated":true}]}}