{"id":5850,"date":"2025-06-20T06:00:42","date_gmt":"2025-06-20T06:00:42","guid":{"rendered":"https:\/\/novalion-med.com\/?post_type=product&#038;p=5850"},"modified":"2025-06-20T06:06:24","modified_gmt":"2025-06-20T06:06:24","slug":"cadeira-de-casa-de-banho-dobravel-e-leve","status":"publish","type":"product","link":"https:\/\/novalion-med.com\/pt\/produto\/cadeira-de-casa-de-banho-dobravel-e-leve\/","title":{"rendered":"Cadeira de casa de banho dobr\u00e1vel e leve"},"content":{"rendered":"<div data-elementor-type=\"product-post\" data-elementor-id=\"5850\" class=\"elementor elementor-5850\" data-elementor-post-type=\"product\">\n\t\t\t\t<div class=\"elementor-element elementor-element-1c93f1cb e-con-full e-flex e-con e-parent\" data-id=\"1c93f1cb\" data-element_type=\"container\">\n\t\t\t\t<div class=\"elementor-element elementor-element-2240ff1 elementor-widget elementor-widget-heading\" data-id=\"2240ff1\" data-element_type=\"widget\" data-widget_type=\"heading.default\">\n\t\t\t\t<div class=\"elementor-widget-container\">\n\t\t\t\t\t<h2 class=\"elementor-heading-title elementor-size-default\">Cadeira de casa de banho dobr\u00e1vel e leve<\/h2>\t\t\t\t<\/div>\n\t\t\t\t<\/div>\n\t\t\t\t<div class=\"elementor-element elementor-element-45d8c46 elementor-widget elementor-widget-text-editor\" data-id=\"45d8c46\" data-element_type=\"widget\" data-widget_type=\"text-editor.default\">\n\t\t\t\t<div class=\"elementor-widget-container\">\n\t\t\t\t\t\t\t\t\t<p>Invista nesta cadeira de toucador devido ao seu design leve e dobr\u00e1vel, perfeito para f\u00e1cil arruma\u00e7\u00e3o e transporte. Fabricada em ferro dur\u00e1vel e ABS em azul, apresenta estabilidade antiderrapante com um tubo espessado, garantindo seguran\u00e7a e fiabilidade para a utiliza\u00e7\u00e3o di\u00e1ria na casa de banho. O seu design multifuncional responde a v\u00e1rias necessidades, tornando-a uma escolha pr\u00e1tica.<\/p>\t\t\t\t\t\t\t\t<\/div>\n\t\t\t\t<\/div>\n\t\t\t\t<div class=\"elementor-element elementor-element-7152afc elementor-widget elementor-widget-text-editor\" data-id=\"7152afc\" data-element_type=\"widget\" data-widget_type=\"text-editor.default\">\n\t\t\t\t<div class=\"elementor-widget-container\">\n\t\t\t\t\t\t\t\t\t<h2>Carater\u00edsticas principais<\/h2><p>Experimente a m\u00e1xima comodidade na casa de banho com a nossa cadeira de banho azul, leve e dobr\u00e1vel. Fabricada em ferro dur\u00e1vel e ABS, o seu design antiderrapante e o tubo espesso garantem a seguran\u00e7a, enquanto a multifuncionalidade satisfaz as necessidades di\u00e1rias.<\/p><ul><li>Design leve e dobr\u00e1vel para f\u00e1cil armazenamento e transporte<\/li><li>Constru\u00e7\u00e3o em ferro e ABS para maior durabilidade e resist\u00eancia \u00e0 corros\u00e3o<\/li><li>Tubo espessado para maior estabilidade antiderrapante<\/li><li>Utiliza\u00e7\u00e3o multifuncional em casas de banho<\/li><li>Tamanho compacto: 52cm C x 46cm L x 77cm A<\/li><\/ul>\t\t\t\t\t\t\t\t<\/div>\n\t\t\t\t<\/div>\n\t\t\t\t<div class=\"elementor-element elementor-element-3a02177 elementor-widget elementor-widget-text-editor\" data-id=\"3a02177\" data-element_type=\"widget\" data-widget_type=\"text-editor.default\">\n\t\t\t\t<div class=\"elementor-widget-container\">\n\t\t\t\t\t\t\t\t\t<h2>Especifica\u00e7\u00f5es<\/h2><table><tbody><tr><td width=\"227\"><p><strong>Nome do produto<\/strong><\/p><\/td><td width=\"590\"><p style=\"text-align: center;\">Cadeira de casa de banho dobr\u00e1vel e leve<\/p><\/td><\/tr><tr><td width=\"227\"><p><strong>Aplica\u00e7\u00e3o<\/strong><\/p><\/td><td width=\"590\"><p style=\"text-align: center;\">Casa de banho<\/p><\/td><\/tr><tr><td width=\"227\"><p><strong>Material <\/strong><\/p><\/td><td width=\"590\"><p style=\"text-align: center;\">Ferro e ABS<\/p><\/td><\/tr><tr><td width=\"227\"><p><strong>Cor<\/strong><\/p><\/td><td width=\"590\"><p style=\"text-align: center;\">Azul<\/p><\/td><\/tr><tr><td width=\"227\"><p><strong>Comprimento total<\/strong><\/p><\/td><td width=\"590\"><p style=\"text-align: center;\">Cerca de 52 cm<\/p><\/td><\/tr><tr><td width=\"227\"><p><strong>Largura total<\/strong><\/p><\/td><td width=\"590\"><p style=\"text-align: center;\">Cerca de 46 cm<\/p><\/td><\/tr><tr><td width=\"227\"><p><strong>Altura total<\/strong><\/p><\/td><td width=\"590\"><p style=\"text-align: center;\">Cerca de 77 cm<\/p><\/td><\/tr><tr><td width=\"227\"><p><strong>Tamanho da embalagem<\/strong><\/p><\/td><td width=\"590\"><p style=\"text-align: center;\">83*55*55cm, 6pcs\/ctn<\/p><\/td><\/tr><tr><td width=\"227\"><p><strong>G.W.<\/strong><\/p><\/td><td width=\"590\"><p style=\"text-align: center;\">24 kg<\/p><\/td><\/tr><\/tbody><\/table>\t\t\t\t\t\t\t\t<\/div>\n\t\t\t\t<\/div>\n\t\t\t\t<div class=\"elementor-element elementor-element-2996df9 elementor-widget elementor-widget-text-editor\" data-id=\"2996df9\" data-element_type=\"widget\" data-widget_type=\"text-editor.default\">\n\t\t\t\t<div class=\"elementor-widget-container\">\n\t\t\t\t\t\t\t\t\t<p>Mais equipamentos m\u00e9dicos podem ser encontrados em <a href=\"https:\/\/novalion-med.com\/pt\/\" target=\"_blank\" rel=\"noopener\">o nosso s\u00edtio Web<\/a> ou <a href=\"https:\/\/api.whatsapp.com\/send\/?phone=%2B008618112908401&amp;text&amp;type=phone_number&amp;app_absent=0\" target=\"_blank\" rel=\"noopener\">o nosso whatsapp<\/a>.<\/p>\t\t\t\t\t\t\t\t<\/div>\n\t\t\t\t<\/div>\n\t\t\t\t<\/div>\n\t\t\t\t<\/div>","protected":false},"excerpt":{"rendered":"<p>Esta cadeira de toucador Novalion foi concebida para utiliza\u00e7\u00e3o na casa de banho, com uma constru\u00e7\u00e3o leve e dobr\u00e1vel que garante uma f\u00e1cil mobilidade e arruma\u00e7\u00e3o. Fabricada em ferro dur\u00e1vel e materiais ABS, a cadeira apresenta-se numa elegante cor azul, combinando funcionalidade com apelo est\u00e9tico. O seu design antiderrapante e est\u00e1vel, refor\u00e7ado por um tubo espesso, proporciona um apoio fi\u00e1vel aos utilizadores. A cadeira mede aproximadamente 52 cm de comprimento total, 46 cm de largura e 77 cm de altura, o que a torna adequada para espa\u00e7os de banho normais. Com um tamanho de embalagem de 83\u00d755\u00d755cm e 6 pe\u00e7as por caixa, \u00e9 conveniente para o transporte e armazenamento. Com um peso bruto de 24 kg, esta cadeira de toucador multifuncional oferece praticidade e durabilidade para as necessidades di\u00e1rias da casa de banho.<\/p>","protected":false},"featured_media":5841,"template":"elementor_theme","meta":{"site-sidebar-layout":"default","site-content-layout":"","ast-site-content-layout":"default","site-content-style":"default","site-sidebar-style":"default","ast-global-header-display":"","ast-banner-title-visibility":"","ast-main-header-display":"","ast-hfb-above-header-display":"","ast-hfb-below-header-display":"","ast-hfb-mobile-header-display":"","site-post-title":"","ast-breadcrumbs-content":"","ast-featured-img":"","footer-sml-layout":"","theme-transparent-header-meta":"default","adv-header-id-meta":"","stick-header-meta":"default","header-above-stick-meta":"","header-main-stick-meta":"","header-below-stick-meta":"","astra-migrate-meta-layouts":"set","ast-page-background-enabled":"default","ast-page-background-meta":{"desktop":{"background-color":"var(--ast-global-color-4)","background-image":"","background-repeat":"repeat","background-position":"center center","background-size":"auto","background-attachment":"scroll","background-type":"","background-media":"","overlay-type":"","overlay-color":"","overlay-opacity":"","overlay-gradient":""},"tablet":{"background-color":"","background-image":"","background-repeat":"repeat","background-position":"center center","background-size":"auto","background-attachment":"scroll","background-type":"","background-media":"","overlay-type":"","overlay-color":"","overlay-opacity":"","overlay-gradient":""},"mobile":{"background-color":"","background-image":"","background-repeat":"repeat","background-position":"center center","background-size":"auto","background-attachment":"scroll","background-type":"","background-media":"","overlay-type":"","overlay-color":"","overlay-opacity":"","overlay-gradient":""}},"ast-content-background-meta":{"desktop":{"background-color":"var(--ast-global-color-5)","background-image":"","background-repeat":"repeat","background-position":"center center","background-size":"auto","background-attachment":"scroll","background-type":"","background-media":"","overlay-type":"","overlay-color":"","overlay-opacity":"","overlay-gradient":""},"tablet":{"background-color":"var(--ast-global-color-5)","background-image":"","background-repeat":"repeat","background-position":"center center","background-size":"auto","background-attachment":"scroll","background-type":"","background-media":"","overlay-type":"","overlay-color":"","overlay-opacity":"","overlay-gradient":""},"mobile":{"background-color":"var(--ast-global-color-5)","background-image":"","background-repeat":"repeat","background-position":"center center","background-size":"auto","background-attachment":"scroll","background-type":"","background-media":"","overlay-type":"","overlay-color":"","overlay-opacity":"","overlay-gradient":""}}},"product_brand":[],"product_cat":[94],"product_tag":[],"class_list":{"0":"post-5850","1":"product","2":"type-product","3":"status-publish","4":"has-post-thumbnail","6":"product_cat-commode-chairs","7":"desktop-align-center","8":"tablet-align-left","9":"mobile-align-left","10":"ast-product-gallery-layout-horizontal-slider","11":"ast-magnify-disabled","12":"ast-product-tabs-layout-accordion","13":"ast-qv-on-image","15":"first","16":"instock","17":"shipping-taxable","18":"purchasable","19":"product-type-simple"},"aioseo_notices":[],"aioseo_head":"\n\t\t<!-- All in One SEO Pro 4.6.0 - aioseo.com -->\n\t\t<meta name=\"description\" content=\"Crafted from iron and ABS in blue, this commode chair offers lightweight foldability for durability. Ideal for bathroom use with compact dimensions.\" \/>\n\t\t<meta name=\"robots\" content=\"max-image-preview:large\" \/>\n\t\t<meta name=\"google-site-verification\" content=\"XE0Krczs_zYC4qBAqnvyRaNEYa9NQEP4HzU7PPpzxoI\" \/>\n\t\t<link rel=\"canonical\" href=\"https:\/\/novalion-med.com\/pt\/produto\/cadeira-de-casa-de-banho-dobravel-e-leve\/\" \/>\n\t\t<meta name=\"generator\" content=\"All in One SEO Pro (AIOSEO) 4.6.0\" \/>\n\t\t<meta property=\"og:locale\" content=\"pt_PT\" \/>\n\t\t<meta property=\"og:site_name\" content=\"Novalion Medical \u2013 Wheelchair, Hospital bed, Walker,Commode chair,Crutch...\" \/>\n\t\t<meta property=\"og:type\" content=\"article\" \/>\n\t\t<meta property=\"og:title\" content=\"Lightweight Foldable Bathroom Commode Chair\" \/>\n\t\t<meta property=\"og:description\" content=\"Crafted from iron and ABS in blue, this commode chair offers lightweight foldability for durability. Ideal for bathroom use with compact dimensions.\" \/>\n\t\t<meta property=\"og:url\" content=\"https:\/\/novalion-med.com\/pt\/produto\/cadeira-de-casa-de-banho-dobravel-e-leve\/\" \/>\n\t\t<meta property=\"og:image\" content=\"https:\/\/novalion-med.com\/wp-content\/uploads\/2025\/04\/cropped-343496212_201698782614433_8037205422525878621_n-1.jpg\" \/>\n\t\t<meta property=\"og:image:secure_url\" content=\"https:\/\/novalion-med.com\/wp-content\/uploads\/2025\/04\/cropped-343496212_201698782614433_8037205422525878621_n-1.jpg\" \/>\n\t\t<meta property=\"og:image:width\" content=\"512\" \/>\n\t\t<meta property=\"og:image:height\" content=\"512\" \/>\n\t\t<meta property=\"article:published_time\" content=\"2025-06-20T06:00:42+00:00\" \/>\n\t\t<meta property=\"article:modified_time\" content=\"2025-06-20T06:06:24+00:00\" \/>\n\t\t<meta property=\"article:publisher\" content=\"https:\/\/www.facebook.com\/NovalionMedical\/\" \/>\n\t\t<meta name=\"twitter:card\" content=\"summary_large_image\" \/>\n\t\t<meta name=\"twitter:title\" content=\"Lightweight Foldable Bathroom Commode Chair\" \/>\n\t\t<meta name=\"twitter:description\" content=\"Crafted from iron and ABS in blue, this commode chair offers lightweight foldability for durability. Ideal for bathroom use with compact dimensions.\" \/>\n\t\t<meta name=\"twitter:image\" content=\"https:\/\/novalion-med.com\/wp-content\/uploads\/2025\/04\/cropped-343496212_201698782614433_8037205422525878621_n-1.jpg\" \/>\n\t\t<script type=\"application\/ld+json\" class=\"aioseo-schema\">\n\t\t\t{\"@context\":\"https:\\\/\\\/schema.org\",\"@graph\":[{\"@type\":\"BreadcrumbList\",\"@id\":\"https:\\\/\\\/novalion-med.com\\\/pt\\\/produto\\\/cadeira-de-casa-de-banho-dobravel-e-leve\\\/#breadcrumblist\",\"itemListElement\":[{\"@type\":\"ListItem\",\"@id\":\"https:\\\/\\\/novalion-med.com\\\/pt\\\/#listItem\",\"position\":1,\"name\":\"Home\",\"item\":\"https:\\\/\\\/novalion-med.com\\\/pt\\\/\",\"nextItem\":\"https:\\\/\\\/novalion-med.com\\\/pt\\\/produto\\\/cadeira-de-casa-de-banho-dobravel-e-leve\\\/#listItem\"},{\"@type\":\"ListItem\",\"@id\":\"https:\\\/\\\/novalion-med.com\\\/pt\\\/produto\\\/cadeira-de-casa-de-banho-dobravel-e-leve\\\/#listItem\",\"position\":2,\"name\":\"Lightweight Foldable Bathroom Commode Chair\",\"previousItem\":\"https:\\\/\\\/novalion-med.com\\\/pt\\\/#listItem\"}]},{\"@type\":\"Organization\",\"@id\":\"https:\\\/\\\/novalion-med.com\\\/pt\\\/#organization\",\"name\":\"novalion-med.com\",\"url\":\"https:\\\/\\\/novalion-med.com\\\/pt\\\/\",\"logo\":{\"@type\":\"ImageObject\",\"url\":\"https:\\\/\\\/novalion-med.com\\\/wp-content\\\/uploads\\\/2025\\\/04\\\/cropped-343496212_201698782614433_8037205422525878621_n-1.jpg\",\"@id\":\"https:\\\/\\\/novalion-med.com\\\/pt\\\/produto\\\/cadeira-de-casa-de-banho-dobravel-e-leve\\\/#organizationLogo\",\"width\":512,\"height\":512},\"image\":{\"@id\":\"https:\\\/\\\/novalion-med.com\\\/pt\\\/produto\\\/cadeira-de-casa-de-banho-dobravel-e-leve\\\/#organizationLogo\"},\"sameAs\":[\"https:\\\/\\\/www.facebook.com\\\/NovalionMedical\\\/\",\"https:\\\/\\\/www.youtube.com\\\/@NwlMedicalInstrument\"],\"contactPoint\":{\"@type\":\"ContactPoint\",\"telephone\":\"+8618326188070\",\"contactType\":\"Sales\"}},{\"@type\":\"Product\",\"@id\":\"https:\\\/\\\/novalion-med.com\\\/pt\\\/produto\\\/cadeira-de-casa-de-banho-dobravel-e-leve\\\/#wooCommerceProduct\",\"name\":\"Lightweight Foldable Bathroom Commode Chair\",\"description\":\"This Novalion commode chair is designed for bathroom use, featuring a lightweight and foldable construction that ensures easy mobility and storage. Crafted from durable iron and ABS materials, the chair comes in a sleek blue color, combining functionality with aesthetic appeal. Its non-slip and stable design, enhanced by a thicken pipe, provides reliable support for users. The chair measures approximately 52cm in total length, 46cm in width, and 77cm in height, making it suitable for standard bathroom spaces. With a packing size of 83\\u00d755\\u00d755cm and 6 pieces per carton, it is convenient for shipping and storage. Weighing 24kg gross, this multifunctional commode chair offers both practicality and durability for daily bathroom needs.\",\"url\":\"https:\\\/\\\/novalion-med.com\\\/pt\\\/produto\\\/cadeira-de-casa-de-banho-dobravel-e-leve\\\/\",\"sku\":\"NL190303A-1\",\"image\":{\"@type\":\"ImageObject\",\"url\":\"https:\\\/\\\/novalion-med.com\\\/wp-content\\\/uploads\\\/2025\\\/06\\\/NL190303A-1-Lightweight-Foldable-Bathroom-Commode-Chair.png\",\"@id\":\"https:\\\/\\\/novalion-med.com\\\/pt\\\/produto\\\/cadeira-de-casa-de-banho-dobravel-e-leve\\\/#productImage\",\"width\":600,\"height\":600,\"caption\":\"NL190303A-1 Lightweight Foldable Bathroom Commode Chair\"},\"offers\":{\"@type\":\"Offer\",\"url\":\"https:\\\/\\\/novalion-med.com\\\/pt\\\/produto\\\/cadeira-de-casa-de-banho-dobravel-e-leve\\\/#wooCommerceOffer\",\"priceCurrency\":\"PHP\",\"category\":\"Commode Chairs\",\"availability\":\"https:\\\/\\\/schema.org\\\/InStock\",\"seller\":{\"@type\":\"Organization\",\"@id\":\"https:\\\/\\\/novalion-med.com\\\/pt\\\/#organization\"},\"price\":111}},{\"@type\":\"WebPage\",\"@id\":\"https:\\\/\\\/novalion-med.com\\\/pt\\\/produto\\\/cadeira-de-casa-de-banho-dobravel-e-leve\\\/#webpage\",\"url\":\"https:\\\/\\\/novalion-med.com\\\/pt\\\/produto\\\/cadeira-de-casa-de-banho-dobravel-e-leve\\\/\",\"name\":\"Lightweight Foldable Bathroom Commode Chair\",\"description\":\"Crafted from iron and ABS in blue, this commode chair offers lightweight foldability for durability. Ideal for bathroom use with compact dimensions.\",\"inLanguage\":\"pt-PT\",\"isPartOf\":{\"@id\":\"https:\\\/\\\/novalion-med.com\\\/pt\\\/#website\"},\"breadcrumb\":{\"@id\":\"https:\\\/\\\/novalion-med.com\\\/pt\\\/produto\\\/cadeira-de-casa-de-banho-dobravel-e-leve\\\/#breadcrumblist\"},\"image\":{\"@type\":\"ImageObject\",\"url\":\"https:\\\/\\\/novalion-med.com\\\/wp-content\\\/uploads\\\/2025\\\/06\\\/NL190303A-1-Lightweight-Foldable-Bathroom-Commode-Chair.png\",\"@id\":\"https:\\\/\\\/novalion-med.com\\\/pt\\\/produto\\\/cadeira-de-casa-de-banho-dobravel-e-leve\\\/#mainImage\",\"width\":600,\"height\":600,\"caption\":\"NL190303A-1 Lightweight Foldable Bathroom Commode Chair\"},\"primaryImageOfPage\":{\"@id\":\"https:\\\/\\\/novalion-med.com\\\/pt\\\/produto\\\/cadeira-de-casa-de-banho-dobravel-e-leve\\\/#mainImage\"},\"datePublished\":\"2025-06-20T06:00:42+00:00\",\"dateModified\":\"2025-06-20T06:06:24+00:00\"},{\"@type\":\"WebSite\",\"@id\":\"https:\\\/\\\/novalion-med.com\\\/pt\\\/#website\",\"url\":\"https:\\\/\\\/novalion-med.com\\\/pt\\\/\",\"name\":\"novalion-med.com\",\"description\":\"Wheelchair, Hospital bed, Walker,Commode chair,Crutch...\",\"inLanguage\":\"pt-PT\",\"publisher\":{\"@id\":\"https:\\\/\\\/novalion-med.com\\\/pt\\\/#organization\"}}]}\n\t\t<\/script>\n\t\t<!-- All in One SEO Pro -->\r\n\t\t<title>Lightweight Foldable Bathroom Commode Chair<\/title>\n\n","aioseo_head_json":{"title":"Lightweight Foldable Bathroom Commode Chair","description":"Crafted from iron and ABS in blue, this commode chair offers lightweight foldability for durability. Ideal for bathroom use with compact dimensions.","canonical_url":"https:\/\/novalion-med.com\/pt\/produto\/cadeira-de-casa-de-banho-dobravel-e-leve\/","robots":"max-image-preview:large","keywords":"","webmasterTools":{"google-site-verification":"XE0Krczs_zYC4qBAqnvyRaNEYa9NQEP4HzU7PPpzxoI","miscellaneous":""},"og:locale":"pt_PT","og:site_name":"Novalion Medical \u2013 Wheelchair, Hospital bed, Walker,Commode chair,Crutch...","og:type":"article","og:title":"Lightweight Foldable Bathroom Commode Chair","og:description":"Crafted from iron and ABS in blue, this commode chair offers lightweight foldability for durability. Ideal for bathroom use with compact dimensions.","og:url":"https:\/\/novalion-med.com\/pt\/produto\/cadeira-de-casa-de-banho-dobravel-e-leve\/","og:image":"https:\/\/novalion-med.com\/wp-content\/uploads\/2025\/04\/cropped-343496212_201698782614433_8037205422525878621_n-1.jpg","og:image:secure_url":"https:\/\/novalion-med.com\/wp-content\/uploads\/2025\/04\/cropped-343496212_201698782614433_8037205422525878621_n-1.jpg","og:image:width":512,"og:image:height":512,"article:published_time":"2025-06-20T06:00:42+00:00","article:modified_time":"2025-06-20T06:06:24+00:00","article:publisher":"https:\/\/www.facebook.com\/NovalionMedical\/","twitter:card":"summary_large_image","twitter:title":"Lightweight Foldable Bathroom Commode Chair","twitter:description":"Crafted from iron and ABS in blue, this commode chair offers lightweight foldability for durability. Ideal for bathroom use with compact dimensions.","twitter:image":"https:\/\/novalion-med.com\/wp-content\/uploads\/2025\/04\/cropped-343496212_201698782614433_8037205422525878621_n-1.jpg","schema":{"@context":"https:\/\/schema.org","@graph":[{"@type":"BreadcrumbList","@id":"https:\/\/novalion-med.com\/pt\/produto\/cadeira-de-casa-de-banho-dobravel-e-leve\/#breadcrumblist","itemListElement":[{"@type":"ListItem","@id":"https:\/\/novalion-med.com\/pt\/#listItem","position":1,"name":"Home","item":"https:\/\/novalion-med.com\/pt\/","nextItem":"https:\/\/novalion-med.com\/pt\/produto\/cadeira-de-casa-de-banho-dobravel-e-leve\/#listItem"},{"@type":"ListItem","@id":"https:\/\/novalion-med.com\/pt\/produto\/cadeira-de-casa-de-banho-dobravel-e-leve\/#listItem","position":2,"name":"Lightweight Foldable Bathroom Commode Chair","previousItem":"https:\/\/novalion-med.com\/pt\/#listItem"}]},{"@type":"Organization","@id":"https:\/\/novalion-med.com\/pt\/#organization","name":"novalion-med.com","url":"https:\/\/novalion-med.com\/pt\/","logo":{"@type":"ImageObject","url":"https:\/\/novalion-med.com\/wp-content\/uploads\/2025\/04\/cropped-343496212_201698782614433_8037205422525878621_n-1.jpg","@id":"https:\/\/novalion-med.com\/pt\/produto\/cadeira-de-casa-de-banho-dobravel-e-leve\/#organizationLogo","width":512,"height":512},"image":{"@id":"https:\/\/novalion-med.com\/pt\/produto\/cadeira-de-casa-de-banho-dobravel-e-leve\/#organizationLogo"},"sameAs":["https:\/\/www.facebook.com\/NovalionMedical\/","https:\/\/www.youtube.com\/@NwlMedicalInstrument"],"contactPoint":{"@type":"ContactPoint","telephone":"+8618326188070","contactType":"Sales"}},{"@type":"Product","@id":"https:\/\/novalion-med.com\/pt\/produto\/cadeira-de-casa-de-banho-dobravel-e-leve\/#wooCommerceProduct","name":"Lightweight Foldable Bathroom Commode Chair","description":"This Novalion commode chair is designed for bathroom use, featuring a lightweight and foldable construction that ensures easy mobility and storage. Crafted from durable iron and ABS materials, the chair comes in a sleek blue color, combining functionality with aesthetic appeal. Its non-slip and stable design, enhanced by a thicken pipe, provides reliable support for users. The chair measures approximately 52cm in total length, 46cm in width, and 77cm in height, making it suitable for standard bathroom spaces. With a packing size of 83\u00d755\u00d755cm and 6 pieces per carton, it is convenient for shipping and storage. Weighing 24kg gross, this multifunctional commode chair offers both practicality and durability for daily bathroom needs.","url":"https:\/\/novalion-med.com\/pt\/produto\/cadeira-de-casa-de-banho-dobravel-e-leve\/","sku":"NL190303A-1","image":{"@type":"ImageObject","url":"https:\/\/novalion-med.com\/wp-content\/uploads\/2025\/06\/NL190303A-1-Lightweight-Foldable-Bathroom-Commode-Chair.png","@id":"https:\/\/novalion-med.com\/pt\/produto\/cadeira-de-casa-de-banho-dobravel-e-leve\/#productImage","width":600,"height":600,"caption":"NL190303A-1 Lightweight Foldable Bathroom Commode Chair"},"offers":{"@type":"Offer","url":"https:\/\/novalion-med.com\/pt\/produto\/cadeira-de-casa-de-banho-dobravel-e-leve\/#wooCommerceOffer","priceCurrency":"PHP","category":"Commode Chairs","availability":"https:\/\/schema.org\/InStock","seller":{"@type":"Organization","@id":"https:\/\/novalion-med.com\/pt\/#organization"},"price":111}},{"@type":"WebPage","@id":"https:\/\/novalion-med.com\/pt\/produto\/cadeira-de-casa-de-banho-dobravel-e-leve\/#webpage","url":"https:\/\/novalion-med.com\/pt\/produto\/cadeira-de-casa-de-banho-dobravel-e-leve\/","name":"Lightweight Foldable Bathroom Commode Chair","description":"Crafted from iron and ABS in blue, this commode chair offers lightweight foldability for durability. Ideal for bathroom use with compact dimensions.","inLanguage":"pt-PT","isPartOf":{"@id":"https:\/\/novalion-med.com\/pt\/#website"},"breadcrumb":{"@id":"https:\/\/novalion-med.com\/pt\/produto\/cadeira-de-casa-de-banho-dobravel-e-leve\/#breadcrumblist"},"image":{"@type":"ImageObject","url":"https:\/\/novalion-med.com\/wp-content\/uploads\/2025\/06\/NL190303A-1-Lightweight-Foldable-Bathroom-Commode-Chair.png","@id":"https:\/\/novalion-med.com\/pt\/produto\/cadeira-de-casa-de-banho-dobravel-e-leve\/#mainImage","width":600,"height":600,"caption":"NL190303A-1 Lightweight Foldable Bathroom Commode Chair"},"primaryImageOfPage":{"@id":"https:\/\/novalion-med.com\/pt\/produto\/cadeira-de-casa-de-banho-dobravel-e-leve\/#mainImage"},"datePublished":"2025-06-20T06:00:42+00:00","dateModified":"2025-06-20T06:06:24+00:00"},{"@type":"WebSite","@id":"https:\/\/novalion-med.com\/pt\/#website","url":"https:\/\/novalion-med.com\/pt\/","name":"novalion-med.com","description":"Wheelchair, Hospital bed, Walker,Commode chair,Crutch...","inLanguage":"pt-PT","publisher":{"@id":"https:\/\/novalion-med.com\/pt\/#organization"}}]}},"aioseo_meta_data":{"post_id":"5850","title":"Lightweight Foldable Bathroom Commode Chair","description":"Crafted from iron and ABS in blue, this commode chair offers lightweight foldability for durability. Ideal for bathroom use with compact dimensions.","keywords":"[]","keyphrases":"{\"focus\":{\"keyphrase\":\"\",\"score\":0,\"analysis\":{\"keyphraseInTitle\":{\"score\":0,\"maxScore\":9,\"error\":1}}},\"additional\":[]}","primary_term":null,"canonical_url":null,"og_title":null,"og_description":null,"og_object_type":"default","og_image_type":"default","og_image_url":null,"og_image_width":null,"og_image_height":null,"og_image_custom_url":null,"og_image_custom_fields":null,"og_video":"","og_custom_url":null,"og_article_section":null,"og_article_tags":"[]","twitter_use_og":false,"twitter_card":"default","twitter_image_type":"default","twitter_image_url":null,"twitter_image_custom_url":null,"twitter_image_custom_fields":null,"twitter_title":null,"twitter_description":null,"schema":{"blockGraphs":[],"customGraphs":[],"default":{"data":{"Article":[],"Course":[],"Dataset":[],"FAQPage":[],"Movie":[],"Person":[],"Product":[],"Recipe":[],"Service":[],"SoftwareApplication":[],"WebPage":[]},"graphName":"Product","isEnabled":true},"graphs":[]},"schema_type":"default","schema_type_options":null,"pillar_content":false,"robots_default":true,"robots_noindex":false,"robots_noarchive":false,"robots_nosnippet":false,"robots_nofollow":false,"robots_noimageindex":false,"robots_noodp":false,"robots_notranslate":false,"robots_max_snippet":"-1","robots_max_videopreview":"-1","robots_max_imagepreview":"large","priority":null,"frequency":"default","local_seo":null,"limit_modified_date":false,"created":"2025-06-20 06:00:42","updated":"2025-06-20 06:13:33"},"_links":{"self":[{"href":"https:\/\/novalion-med.com\/pt\/wp-json\/wp\/v2\/product\/5850","targetHints":{"allow":["GET"]}}],"collection":[{"href":"https:\/\/novalion-med.com\/pt\/wp-json\/wp\/v2\/product"}],"about":[{"href":"https:\/\/novalion-med.com\/pt\/wp-json\/wp\/v2\/types\/product"}],"version-history":[{"count":7,"href":"https:\/\/novalion-med.com\/pt\/wp-json\/wp\/v2\/product\/5850\/revisions"}],"predecessor-version":[{"id":5857,"href":"https:\/\/novalion-med.com\/pt\/wp-json\/wp\/v2\/product\/5850\/revisions\/5857"}],"wp:featuredmedia":[{"embeddable":true,"href":"https:\/\/novalion-med.com\/pt\/wp-json\/wp\/v2\/media\/5841"}],"wp:attachment":[{"href":"https:\/\/novalion-med.com\/pt\/wp-json\/wp\/v2\/media?parent=5850"}],"wp:term":[{"taxonomy":"product_brand","embeddable":true,"href":"https:\/\/novalion-med.com\/pt\/wp-json\/wp\/v2\/product_brand?post=5850"},{"taxonomy":"product_cat","embeddable":true,"href":"https:\/\/novalion-med.com\/pt\/wp-json\/wp\/v2\/product_cat?post=5850"},{"taxonomy":"product_tag","embeddable":true,"href":"https:\/\/novalion-med.com\/pt\/wp-json\/wp\/v2\/product_tag?post=5850"}],"curies":[{"name":"wp","href":"https:\/\/api.w.org\/{rel}","templated":true}]}}