{"id":5826,"date":"2025-06-20T02:50:56","date_gmt":"2025-06-20T02:50:56","guid":{"rendered":"https:\/\/novalion-med.com\/?post_type=product&#038;p=5826"},"modified":"2025-09-26T02:57:25","modified_gmt":"2025-09-26T02:57:25","slug":"maca-para-doentes-com-duas-dobras-em-liga-de-aluminio","status":"publish","type":"product","link":"https:\/\/novalion-med.com\/pt\/produto\/maca-para-doentes-com-duas-dobras-em-liga-de-aluminio\/","title":{"rendered":"Maca de paciente com duas dobras em liga de alum\u00ednio"},"content":{"rendered":"<div data-elementor-type=\"product-post\" data-elementor-id=\"5826\" class=\"elementor elementor-5826\" data-elementor-post-type=\"product\">\n\t\t\t\t<div class=\"elementor-element elementor-element-1c93f1cb e-con-full e-flex e-con e-parent\" data-id=\"1c93f1cb\" data-element_type=\"container\">\n\t\t\t\t<div class=\"elementor-element elementor-element-2240ff1 elementor-widget elementor-widget-heading\" data-id=\"2240ff1\" data-element_type=\"widget\" data-widget_type=\"heading.default\">\n\t\t\t\t<div class=\"elementor-widget-container\">\n\t\t\t\t\t<h2 class=\"elementor-heading-title elementor-size-default\">Maca de paciente com duas dobras em liga de alum\u00ednio<\/h2>\t\t\t\t<\/div>\n\t\t\t\t<\/div>\n\t\t\t\t<div class=\"elementor-element elementor-element-45d8c46 elementor-widget elementor-widget-text-editor\" data-id=\"45d8c46\" data-element_type=\"widget\" data-widget_type=\"text-editor.default\">\n\t\t\t\t<div class=\"elementor-widget-container\">\n\t\t\t\t\t\t\t\t\t<p>Maca dobr\u00e1vel de alum\u00ednio leve com capacidade para 150 kg, tecido de tend\u00e3o de boi. O design f\u00e1cil de transportar \u00e9 ideal para resposta m\u00e9dica m\u00f3vel e transporte de emerg\u00eancia.<\/p>\t\t\t\t\t\t\t\t<\/div>\n\t\t\t\t<\/div>\n\t\t\t\t<div class=\"elementor-element elementor-element-7152afc elementor-widget elementor-widget-text-editor\" data-id=\"7152afc\" data-element_type=\"widget\" data-widget_type=\"text-editor.default\">\n\t\t\t\t<div class=\"elementor-widget-container\">\n\t\t\t\t\t\t\t\t\t<h2>Carater\u00edsticas principais<\/h2><p>\"Maca dobr\u00e1vel de alum\u00ednio leve com capacidade para 150 kg, tecido de tend\u00e3o de boi e cintos de seguran\u00e7a. F\u00e1cil de transportar e armazenar, perfeita para atendimento m\u00e9dico m\u00f3vel e de emerg\u00eancia.\"<\/p><ul><li>Estrutura leve em liga de alum\u00ednio para f\u00e1cil manuseamento<\/li><li>200\u00d753\u00d718cm desdobrado, 93\u00d750\u00d710cm dobrado para arruma\u00e7\u00e3o<\/li><li>Capacidade de carga de 150 kg com tecido de tend\u00e3o de boi e cintos de seguran\u00e7a<\/li><li>Design port\u00e1til ideal para resposta a emerg\u00eancias e cuidados m\u00f3veis<\/li><\/ul>\t\t\t\t\t\t\t\t<\/div>\n\t\t\t\t<\/div>\n\t\t\t\t<div class=\"elementor-element elementor-element-3a02177 elementor-widget elementor-widget-text-editor\" data-id=\"3a02177\" data-element_type=\"widget\" data-widget_type=\"text-editor.default\">\n\t\t\t\t<div class=\"elementor-widget-container\">\n\t\t\t\t\t\t\t\t\t<h2>Especifica\u00e7\u00f5es<\/h2><p>Comprimento: 200cm Largura:53cm Altura:18cm<br \/>Depois de dobrado, Comprimento: 93cm Largura:50cm Altura:10cm<\/p><table width=\"160\"><tbody><tr><td width=\"80\">Material do corpo do tubo<\/td><td style=\"text-align: center;\" width=\"80\">\u00a0liga de alum\u00ednio<\/td><\/tr><tr><td>Material de tecido<\/td><td style=\"text-align: center;\">\u00a0tecido para tend\u00f5es de boi<\/td><\/tr><tr><td>Rolo<\/td><td style=\"text-align: center;\">2<\/td><\/tr><tr><td>Cinto de seguran\u00e7a<\/td><td style=\"text-align: center;\">2<\/td><\/tr><tr><td>Capacidade de carga<\/td><td style=\"text-align: center;\">150 kg<\/td><\/tr><\/tbody><\/table>\t\t\t\t\t\t\t\t<\/div>\n\t\t\t\t<\/div>\n\t\t\t\t<div class=\"elementor-element elementor-element-2996df9 elementor-widget elementor-widget-text-editor\" data-id=\"2996df9\" data-element_type=\"widget\" data-widget_type=\"text-editor.default\">\n\t\t\t\t<div class=\"elementor-widget-container\">\n\t\t\t\t\t\t\t\t\t<p>Mais equipamentos m\u00e9dicos podem ser encontrados em <a href=\"https:\/\/novalion-med.com\/pt\/\" target=\"_blank\" rel=\"noopener\">o nosso s\u00edtio Web<\/a> ou <a href=\"https:\/\/api.whatsapp.com\/send\/?phone=%2B008618112908401&amp;text&amp;type=phone_number&amp;app_absent=0\" target=\"_blank\" rel=\"noopener\">o nosso whatsapp<\/a>.<\/p>\t\t\t\t\t\t\t\t<\/div>\n\t\t\t\t<\/div>\n\t\t\t\t<\/div>\n\t\t\t\t<\/div>","protected":false},"excerpt":{"rendered":"<p>A maca de duas dobras em liga de alum\u00ednio combina um design leve com resist\u00eancia, apresentando as mesmas dimens\u00f5es desdobrada (200\u00d753\u00d718cm) e dobrada (93\u00d750\u00d710cm). Fabricada em liga de alum\u00ednio, \u00e9 mais leve do que os modelos em a\u00e7o, mantendo a durabilidade. O tecido do tend\u00e3o de boi, 2 rolos e 2 cintos de seguran\u00e7a garantem a seguran\u00e7a do paciente. Com uma capacidade de carga de 150 kg, esta maca leve \u00e9 ideal para um transporte e armazenamento f\u00e1ceis, o que a torna uma escolha pr\u00e1tica para servi\u00e7os m\u00e9dicos de emerg\u00eancia e necessidades de cuidados de sa\u00fade m\u00f3veis.<\/p>","protected":false},"featured_media":9579,"template":"elementor_theme","meta":{"site-sidebar-layout":"default","site-content-layout":"","ast-site-content-layout":"default","site-content-style":"default","site-sidebar-style":"default","ast-global-header-display":"","ast-banner-title-visibility":"","ast-main-header-display":"","ast-hfb-above-header-display":"","ast-hfb-below-header-display":"","ast-hfb-mobile-header-display":"","site-post-title":"","ast-breadcrumbs-content":"","ast-featured-img":"","footer-sml-layout":"","theme-transparent-header-meta":"default","adv-header-id-meta":"","stick-header-meta":"default","header-above-stick-meta":"","header-main-stick-meta":"","header-below-stick-meta":"","astra-migrate-meta-layouts":"set","ast-page-background-enabled":"default","ast-page-background-meta":{"desktop":{"background-color":"var(--ast-global-color-4)","background-image":"","background-repeat":"repeat","background-position":"center center","background-size":"auto","background-attachment":"scroll","background-type":"","background-media":"","overlay-type":"","overlay-color":"","overlay-opacity":"","overlay-gradient":""},"tablet":{"background-color":"","background-image":"","background-repeat":"repeat","background-position":"center center","background-size":"auto","background-attachment":"scroll","background-type":"","background-media":"","overlay-type":"","overlay-color":"","overlay-opacity":"","overlay-gradient":""},"mobile":{"background-color":"","background-image":"","background-repeat":"repeat","background-position":"center center","background-size":"auto","background-attachment":"scroll","background-type":"","background-media":"","overlay-type":"","overlay-color":"","overlay-opacity":"","overlay-gradient":""}},"ast-content-background-meta":{"desktop":{"background-color":"var(--ast-global-color-5)","background-image":"","background-repeat":"repeat","background-position":"center center","background-size":"auto","background-attachment":"scroll","background-type":"","background-media":"","overlay-type":"","overlay-color":"","overlay-opacity":"","overlay-gradient":""},"tablet":{"background-color":"var(--ast-global-color-5)","background-image":"","background-repeat":"repeat","background-position":"center center","background-size":"auto","background-attachment":"scroll","background-type":"","background-media":"","overlay-type":"","overlay-color":"","overlay-opacity":"","overlay-gradient":""},"mobile":{"background-color":"var(--ast-global-color-5)","background-image":"","background-repeat":"repeat","background-position":"center center","background-size":"auto","background-attachment":"scroll","background-type":"","background-media":"","overlay-type":"","overlay-color":"","overlay-opacity":"","overlay-gradient":""}}},"product_brand":[],"product_cat":[99],"product_tag":[],"class_list":{"0":"post-5826","1":"product","2":"type-product","3":"status-publish","4":"has-post-thumbnail","6":"product_cat-transfer-stretchers","7":"desktop-align-center","8":"tablet-align-left","9":"mobile-align-left","10":"ast-product-gallery-layout-horizontal-slider","11":"ast-product-gallery-with-no-image","12":"ast-magnify-disabled","13":"ast-product-tabs-layout-accordion","14":"ast-qv-on-image","16":"first","17":"instock","18":"shipping-taxable","19":"purchasable","20":"product-type-simple"},"aioseo_notices":[],"aioseo_head":"\n\t\t<!-- All in One SEO Pro 4.6.0 - aioseo.com -->\n\t\t<meta name=\"description\" content=\"Made of aluminum alloy, this lightweight stretcher measures 200\u00d753cm, folds to 93\u00d750cm, holds 150kg, and features ox tendon fabric.\" \/>\n\t\t<meta name=\"robots\" content=\"max-image-preview:large\" \/>\n\t\t<meta name=\"google-site-verification\" content=\"XE0Krczs_zYC4qBAqnvyRaNEYa9NQEP4HzU7PPpzxoI\" \/>\n\t\t<link rel=\"canonical\" href=\"https:\/\/novalion-med.com\/pt\/produto\/maca-para-doentes-com-duas-dobras-em-liga-de-aluminio\/\" \/>\n\t\t<meta name=\"generator\" content=\"All in One SEO Pro (AIOSEO) 4.6.0\" \/>\n\t\t<meta property=\"og:locale\" content=\"pt_PT\" \/>\n\t\t<meta property=\"og:site_name\" content=\"Novalion Medical \u2013 Wheelchair, Hospital bed, Walker,Commode chair,Crutch...\" \/>\n\t\t<meta property=\"og:type\" content=\"article\" \/>\n\t\t<meta property=\"og:title\" content=\"Aluminum Alloy Two-Fold Patient Stretcher\" \/>\n\t\t<meta property=\"og:description\" content=\"Made of aluminum alloy, this lightweight stretcher measures 200\u00d753cm, folds to 93\u00d750cm, holds 150kg, and features ox tendon fabric.\" \/>\n\t\t<meta property=\"og:url\" content=\"https:\/\/novalion-med.com\/pt\/produto\/maca-para-doentes-com-duas-dobras-em-liga-de-aluminio\/\" \/>\n\t\t<meta property=\"og:image\" content=\"https:\/\/novalion-med.com\/wp-content\/uploads\/2025\/04\/cropped-343496212_201698782614433_8037205422525878621_n-1.jpg\" \/>\n\t\t<meta property=\"og:image:secure_url\" content=\"https:\/\/novalion-med.com\/wp-content\/uploads\/2025\/04\/cropped-343496212_201698782614433_8037205422525878621_n-1.jpg\" \/>\n\t\t<meta property=\"og:image:width\" content=\"512\" \/>\n\t\t<meta property=\"og:image:height\" content=\"512\" \/>\n\t\t<meta property=\"article:published_time\" content=\"2025-06-20T02:50:56+00:00\" \/>\n\t\t<meta property=\"article:modified_time\" content=\"2025-09-26T02:57:25+00:00\" \/>\n\t\t<meta property=\"article:publisher\" content=\"https:\/\/www.facebook.com\/NovalionMedical\/\" \/>\n\t\t<meta name=\"twitter:card\" content=\"summary_large_image\" \/>\n\t\t<meta name=\"twitter:title\" content=\"Aluminum Alloy Two-Fold Patient Stretcher\" \/>\n\t\t<meta name=\"twitter:description\" content=\"Made of aluminum alloy, this lightweight stretcher measures 200\u00d753cm, folds to 93\u00d750cm, holds 150kg, and features ox tendon fabric.\" \/>\n\t\t<meta name=\"twitter:image\" content=\"https:\/\/novalion-med.com\/wp-content\/uploads\/2025\/04\/cropped-343496212_201698782614433_8037205422525878621_n-1.jpg\" \/>\n\t\t<script type=\"application\/ld+json\" class=\"aioseo-schema\">\n\t\t\t{\"@context\":\"https:\\\/\\\/schema.org\",\"@graph\":[{\"@type\":\"BreadcrumbList\",\"@id\":\"https:\\\/\\\/novalion-med.com\\\/pt\\\/produto\\\/maca-para-doentes-com-duas-dobras-em-liga-de-aluminio\\\/#breadcrumblist\",\"itemListElement\":[{\"@type\":\"ListItem\",\"@id\":\"https:\\\/\\\/novalion-med.com\\\/pt\\\/#listItem\",\"position\":1,\"name\":\"Home\",\"item\":\"https:\\\/\\\/novalion-med.com\\\/pt\\\/\",\"nextItem\":\"https:\\\/\\\/novalion-med.com\\\/pt\\\/produto\\\/maca-para-doentes-com-duas-dobras-em-liga-de-aluminio\\\/#listItem\"},{\"@type\":\"ListItem\",\"@id\":\"https:\\\/\\\/novalion-med.com\\\/pt\\\/produto\\\/maca-para-doentes-com-duas-dobras-em-liga-de-aluminio\\\/#listItem\",\"position\":2,\"name\":\"Aluminum Alloy Two-Fold Patient Stretcher\",\"previousItem\":\"https:\\\/\\\/novalion-med.com\\\/pt\\\/#listItem\"}]},{\"@type\":\"Organization\",\"@id\":\"https:\\\/\\\/novalion-med.com\\\/pt\\\/#organization\",\"name\":\"novalion-med.com\",\"url\":\"https:\\\/\\\/novalion-med.com\\\/pt\\\/\",\"logo\":{\"@type\":\"ImageObject\",\"url\":\"https:\\\/\\\/novalion-med.com\\\/wp-content\\\/uploads\\\/2025\\\/04\\\/cropped-343496212_201698782614433_8037205422525878621_n-1.jpg\",\"@id\":\"https:\\\/\\\/novalion-med.com\\\/pt\\\/produto\\\/maca-para-doentes-com-duas-dobras-em-liga-de-aluminio\\\/#organizationLogo\",\"width\":512,\"height\":512},\"image\":{\"@id\":\"https:\\\/\\\/novalion-med.com\\\/pt\\\/produto\\\/maca-para-doentes-com-duas-dobras-em-liga-de-aluminio\\\/#organizationLogo\"},\"sameAs\":[\"https:\\\/\\\/www.facebook.com\\\/NovalionMedical\\\/\",\"https:\\\/\\\/www.youtube.com\\\/@NwlMedicalInstrument\"],\"contactPoint\":{\"@type\":\"ContactPoint\",\"telephone\":\"+8618326188070\",\"contactType\":\"Sales\"}},{\"@type\":\"Product\",\"@id\":\"https:\\\/\\\/novalion-med.com\\\/pt\\\/produto\\\/maca-para-doentes-com-duas-dobras-em-liga-de-aluminio\\\/#wooCommerceProduct\",\"name\":\"Aluminum Alloy Two-Fold Patient Stretcher\",\"description\":\"The aluminum alloy two-fold stretcher combines lightweight design with strength, featuring the same unfolded (200\\u00d753\\u00d718cm) and folded (93\\u00d750\\u00d710cm) dimensions. Made of aluminum alloy, it is lighter than steel models while maintaining durability. The ox tendon fabric, 2 rollers, and 2 safety belts ensure patient safety. With a 150kg bearing capacity, this lightweight stretcher is ideal for easy transport and storage, making it a practical choice for emergency medical services and mobile healthcare needs.\",\"url\":\"https:\\\/\\\/novalion-med.com\\\/pt\\\/produto\\\/maca-para-doentes-com-duas-dobras-em-liga-de-aluminio\\\/\",\"sku\":\"NL150503-MG03\",\"image\":{\"@type\":\"ImageObject\",\"url\":\"https:\\\/\\\/novalion-med.com\\\/wp-content\\\/uploads\\\/2025\\\/06\\\/NL150503-MG03-Aluminum-Alloy-Two-Fold-Patient-Stretcher.jpg\",\"@id\":\"https:\\\/\\\/novalion-med.com\\\/pt\\\/produto\\\/maca-para-doentes-com-duas-dobras-em-liga-de-aluminio\\\/#productImage\",\"width\":1000,\"height\":1000,\"caption\":\"NL150503-MG03 Aluminum Alloy Two-Fold Patient Stretcher\"},\"offers\":{\"@type\":\"Offer\",\"url\":\"https:\\\/\\\/novalion-med.com\\\/pt\\\/produto\\\/maca-para-doentes-com-duas-dobras-em-liga-de-aluminio\\\/#wooCommerceOffer\",\"priceCurrency\":\"PHP\",\"category\":\"Transfer Stretchers\",\"availability\":\"https:\\\/\\\/schema.org\\\/InStock\",\"seller\":{\"@type\":\"Organization\",\"@id\":\"https:\\\/\\\/novalion-med.com\\\/pt\\\/#organization\"},\"price\":111}},{\"@type\":\"WebPage\",\"@id\":\"https:\\\/\\\/novalion-med.com\\\/pt\\\/produto\\\/maca-para-doentes-com-duas-dobras-em-liga-de-aluminio\\\/#webpage\",\"url\":\"https:\\\/\\\/novalion-med.com\\\/pt\\\/produto\\\/maca-para-doentes-com-duas-dobras-em-liga-de-aluminio\\\/\",\"name\":\"Aluminum Alloy Two-Fold Patient Stretcher\",\"description\":\"Made of aluminum alloy, this lightweight stretcher measures 200\\u00d753cm, folds to 93\\u00d750cm, holds 150kg, and features ox tendon fabric.\",\"inLanguage\":\"pt-PT\",\"isPartOf\":{\"@id\":\"https:\\\/\\\/novalion-med.com\\\/pt\\\/#website\"},\"breadcrumb\":{\"@id\":\"https:\\\/\\\/novalion-med.com\\\/pt\\\/produto\\\/maca-para-doentes-com-duas-dobras-em-liga-de-aluminio\\\/#breadcrumblist\"},\"image\":{\"@type\":\"ImageObject\",\"url\":\"https:\\\/\\\/novalion-med.com\\\/wp-content\\\/uploads\\\/2025\\\/06\\\/NL150503-MG03-Aluminum-Alloy-Two-Fold-Patient-Stretcher.jpg\",\"@id\":\"https:\\\/\\\/novalion-med.com\\\/pt\\\/produto\\\/maca-para-doentes-com-duas-dobras-em-liga-de-aluminio\\\/#mainImage\",\"width\":1000,\"height\":1000,\"caption\":\"NL150503-MG03 Aluminum Alloy Two-Fold Patient Stretcher\"},\"primaryImageOfPage\":{\"@id\":\"https:\\\/\\\/novalion-med.com\\\/pt\\\/produto\\\/maca-para-doentes-com-duas-dobras-em-liga-de-aluminio\\\/#mainImage\"},\"datePublished\":\"2025-06-20T02:50:56+00:00\",\"dateModified\":\"2025-09-26T02:57:25+00:00\"},{\"@type\":\"WebSite\",\"@id\":\"https:\\\/\\\/novalion-med.com\\\/pt\\\/#website\",\"url\":\"https:\\\/\\\/novalion-med.com\\\/pt\\\/\",\"name\":\"novalion-med.com\",\"description\":\"Wheelchair, Hospital bed, Walker,Commode chair,Crutch...\",\"inLanguage\":\"pt-PT\",\"publisher\":{\"@id\":\"https:\\\/\\\/novalion-med.com\\\/pt\\\/#organization\"}}]}\n\t\t<\/script>\n\t\t<!-- All in One SEO Pro -->\r\n\t\t<title>Aluminum Alloy Two-Fold Patient Stretcher<\/title>\n\n","aioseo_head_json":{"title":"Aluminum Alloy Two-Fold Patient Stretcher","description":"Made of aluminum alloy, this lightweight stretcher measures 200\u00d753cm, folds to 93\u00d750cm, holds 150kg, and features ox tendon fabric.","canonical_url":"https:\/\/novalion-med.com\/pt\/produto\/maca-para-doentes-com-duas-dobras-em-liga-de-aluminio\/","robots":"max-image-preview:large","keywords":"","webmasterTools":{"google-site-verification":"XE0Krczs_zYC4qBAqnvyRaNEYa9NQEP4HzU7PPpzxoI","miscellaneous":""},"og:locale":"pt_PT","og:site_name":"Novalion Medical \u2013 Wheelchair, Hospital bed, Walker,Commode chair,Crutch...","og:type":"article","og:title":"Aluminum Alloy Two-Fold Patient Stretcher","og:description":"Made of aluminum alloy, this lightweight stretcher measures 200\u00d753cm, folds to 93\u00d750cm, holds 150kg, and features ox tendon fabric.","og:url":"https:\/\/novalion-med.com\/pt\/produto\/maca-para-doentes-com-duas-dobras-em-liga-de-aluminio\/","og:image":"https:\/\/novalion-med.com\/wp-content\/uploads\/2025\/04\/cropped-343496212_201698782614433_8037205422525878621_n-1.jpg","og:image:secure_url":"https:\/\/novalion-med.com\/wp-content\/uploads\/2025\/04\/cropped-343496212_201698782614433_8037205422525878621_n-1.jpg","og:image:width":512,"og:image:height":512,"article:published_time":"2025-06-20T02:50:56+00:00","article:modified_time":"2025-09-26T02:57:25+00:00","article:publisher":"https:\/\/www.facebook.com\/NovalionMedical\/","twitter:card":"summary_large_image","twitter:title":"Aluminum Alloy Two-Fold Patient Stretcher","twitter:description":"Made of aluminum alloy, this lightweight stretcher measures 200\u00d753cm, folds to 93\u00d750cm, holds 150kg, and features ox tendon fabric.","twitter:image":"https:\/\/novalion-med.com\/wp-content\/uploads\/2025\/04\/cropped-343496212_201698782614433_8037205422525878621_n-1.jpg","schema":{"@context":"https:\/\/schema.org","@graph":[{"@type":"BreadcrumbList","@id":"https:\/\/novalion-med.com\/pt\/produto\/maca-para-doentes-com-duas-dobras-em-liga-de-aluminio\/#breadcrumblist","itemListElement":[{"@type":"ListItem","@id":"https:\/\/novalion-med.com\/pt\/#listItem","position":1,"name":"Home","item":"https:\/\/novalion-med.com\/pt\/","nextItem":"https:\/\/novalion-med.com\/pt\/produto\/maca-para-doentes-com-duas-dobras-em-liga-de-aluminio\/#listItem"},{"@type":"ListItem","@id":"https:\/\/novalion-med.com\/pt\/produto\/maca-para-doentes-com-duas-dobras-em-liga-de-aluminio\/#listItem","position":2,"name":"Aluminum Alloy Two-Fold Patient Stretcher","previousItem":"https:\/\/novalion-med.com\/pt\/#listItem"}]},{"@type":"Organization","@id":"https:\/\/novalion-med.com\/pt\/#organization","name":"novalion-med.com","url":"https:\/\/novalion-med.com\/pt\/","logo":{"@type":"ImageObject","url":"https:\/\/novalion-med.com\/wp-content\/uploads\/2025\/04\/cropped-343496212_201698782614433_8037205422525878621_n-1.jpg","@id":"https:\/\/novalion-med.com\/pt\/produto\/maca-para-doentes-com-duas-dobras-em-liga-de-aluminio\/#organizationLogo","width":512,"height":512},"image":{"@id":"https:\/\/novalion-med.com\/pt\/produto\/maca-para-doentes-com-duas-dobras-em-liga-de-aluminio\/#organizationLogo"},"sameAs":["https:\/\/www.facebook.com\/NovalionMedical\/","https:\/\/www.youtube.com\/@NwlMedicalInstrument"],"contactPoint":{"@type":"ContactPoint","telephone":"+8618326188070","contactType":"Sales"}},{"@type":"Product","@id":"https:\/\/novalion-med.com\/pt\/produto\/maca-para-doentes-com-duas-dobras-em-liga-de-aluminio\/#wooCommerceProduct","name":"Aluminum Alloy Two-Fold Patient Stretcher","description":"The aluminum alloy two-fold stretcher combines lightweight design with strength, featuring the same unfolded (200\u00d753\u00d718cm) and folded (93\u00d750\u00d710cm) dimensions. Made of aluminum alloy, it is lighter than steel models while maintaining durability. The ox tendon fabric, 2 rollers, and 2 safety belts ensure patient safety. With a 150kg bearing capacity, this lightweight stretcher is ideal for easy transport and storage, making it a practical choice for emergency medical services and mobile healthcare needs.","url":"https:\/\/novalion-med.com\/pt\/produto\/maca-para-doentes-com-duas-dobras-em-liga-de-aluminio\/","sku":"NL150503-MG03","image":{"@type":"ImageObject","url":"https:\/\/novalion-med.com\/wp-content\/uploads\/2025\/06\/NL150503-MG03-Aluminum-Alloy-Two-Fold-Patient-Stretcher.jpg","@id":"https:\/\/novalion-med.com\/pt\/produto\/maca-para-doentes-com-duas-dobras-em-liga-de-aluminio\/#productImage","width":1000,"height":1000,"caption":"NL150503-MG03 Aluminum Alloy Two-Fold Patient Stretcher"},"offers":{"@type":"Offer","url":"https:\/\/novalion-med.com\/pt\/produto\/maca-para-doentes-com-duas-dobras-em-liga-de-aluminio\/#wooCommerceOffer","priceCurrency":"PHP","category":"Transfer Stretchers","availability":"https:\/\/schema.org\/InStock","seller":{"@type":"Organization","@id":"https:\/\/novalion-med.com\/pt\/#organization"},"price":111}},{"@type":"WebPage","@id":"https:\/\/novalion-med.com\/pt\/produto\/maca-para-doentes-com-duas-dobras-em-liga-de-aluminio\/#webpage","url":"https:\/\/novalion-med.com\/pt\/produto\/maca-para-doentes-com-duas-dobras-em-liga-de-aluminio\/","name":"Aluminum Alloy Two-Fold Patient Stretcher","description":"Made of aluminum alloy, this lightweight stretcher measures 200\u00d753cm, folds to 93\u00d750cm, holds 150kg, and features ox tendon fabric.","inLanguage":"pt-PT","isPartOf":{"@id":"https:\/\/novalion-med.com\/pt\/#website"},"breadcrumb":{"@id":"https:\/\/novalion-med.com\/pt\/produto\/maca-para-doentes-com-duas-dobras-em-liga-de-aluminio\/#breadcrumblist"},"image":{"@type":"ImageObject","url":"https:\/\/novalion-med.com\/wp-content\/uploads\/2025\/06\/NL150503-MG03-Aluminum-Alloy-Two-Fold-Patient-Stretcher.jpg","@id":"https:\/\/novalion-med.com\/pt\/produto\/maca-para-doentes-com-duas-dobras-em-liga-de-aluminio\/#mainImage","width":1000,"height":1000,"caption":"NL150503-MG03 Aluminum Alloy Two-Fold Patient Stretcher"},"primaryImageOfPage":{"@id":"https:\/\/novalion-med.com\/pt\/produto\/maca-para-doentes-com-duas-dobras-em-liga-de-aluminio\/#mainImage"},"datePublished":"2025-06-20T02:50:56+00:00","dateModified":"2025-09-26T02:57:25+00:00"},{"@type":"WebSite","@id":"https:\/\/novalion-med.com\/pt\/#website","url":"https:\/\/novalion-med.com\/pt\/","name":"novalion-med.com","description":"Wheelchair, Hospital bed, Walker,Commode chair,Crutch...","inLanguage":"pt-PT","publisher":{"@id":"https:\/\/novalion-med.com\/pt\/#organization"}}]}},"aioseo_meta_data":{"post_id":"5826","title":"Aluminum Alloy Two-Fold Patient Stretcher","description":"Made of aluminum alloy, this lightweight stretcher measures 200\u00d753cm, folds to 93\u00d750cm, holds 150kg, and features ox tendon fabric.","keywords":"[]","keyphrases":"{\"focus\":{\"keyphrase\":\"\",\"score\":0,\"analysis\":{\"keyphraseInTitle\":{\"score\":0,\"maxScore\":9,\"error\":1}}},\"additional\":[]}","primary_term":null,"canonical_url":null,"og_title":null,"og_description":null,"og_object_type":"default","og_image_type":"default","og_image_url":null,"og_image_width":null,"og_image_height":null,"og_image_custom_url":null,"og_image_custom_fields":null,"og_video":"","og_custom_url":null,"og_article_section":null,"og_article_tags":"[]","twitter_use_og":false,"twitter_card":"default","twitter_image_type":"default","twitter_image_url":null,"twitter_image_custom_url":null,"twitter_image_custom_fields":null,"twitter_title":null,"twitter_description":null,"schema":{"blockGraphs":[],"customGraphs":[],"default":{"data":{"Article":[],"Course":[],"Dataset":[],"FAQPage":[],"Movie":[],"Person":[],"Product":[],"Recipe":[],"Service":[],"SoftwareApplication":[],"WebPage":[]},"graphName":"Product","isEnabled":true},"graphs":[]},"schema_type":"default","schema_type_options":null,"pillar_content":false,"robots_default":true,"robots_noindex":false,"robots_noarchive":false,"robots_nosnippet":false,"robots_nofollow":false,"robots_noimageindex":false,"robots_noodp":false,"robots_notranslate":false,"robots_max_snippet":"-1","robots_max_videopreview":"-1","robots_max_imagepreview":"large","priority":null,"frequency":"default","local_seo":null,"limit_modified_date":false,"created":"2025-06-20 02:50:56","updated":"2025-09-26 03:04:34"},"_links":{"self":[{"href":"https:\/\/novalion-med.com\/pt\/wp-json\/wp\/v2\/product\/5826","targetHints":{"allow":["GET"]}}],"collection":[{"href":"https:\/\/novalion-med.com\/pt\/wp-json\/wp\/v2\/product"}],"about":[{"href":"https:\/\/novalion-med.com\/pt\/wp-json\/wp\/v2\/types\/product"}],"version-history":[{"count":5,"href":"https:\/\/novalion-med.com\/pt\/wp-json\/wp\/v2\/product\/5826\/revisions"}],"predecessor-version":[{"id":9580,"href":"https:\/\/novalion-med.com\/pt\/wp-json\/wp\/v2\/product\/5826\/revisions\/9580"}],"wp:featuredmedia":[{"embeddable":true,"href":"https:\/\/novalion-med.com\/pt\/wp-json\/wp\/v2\/media\/9579"}],"wp:attachment":[{"href":"https:\/\/novalion-med.com\/pt\/wp-json\/wp\/v2\/media?parent=5826"}],"wp:term":[{"taxonomy":"product_brand","embeddable":true,"href":"https:\/\/novalion-med.com\/pt\/wp-json\/wp\/v2\/product_brand?post=5826"},{"taxonomy":"product_cat","embeddable":true,"href":"https:\/\/novalion-med.com\/pt\/wp-json\/wp\/v2\/product_cat?post=5826"},{"taxonomy":"product_tag","embeddable":true,"href":"https:\/\/novalion-med.com\/pt\/wp-json\/wp\/v2\/product_tag?post=5826"}],"curies":[{"name":"wp","href":"https:\/\/api.w.org\/{rel}","templated":true}]}}