{"id":5806,"date":"2025-06-20T02:37:38","date_gmt":"2025-06-20T02:37:38","guid":{"rendered":"https:\/\/novalion-med.com\/?post_type=product&#038;p=5806"},"modified":"2025-09-26T02:51:58","modified_gmt":"2025-09-26T02:51:58","slug":"maca-electrica-de-transferencia-de-doentes-com-suporte-de-oxigenio","status":"publish","type":"product","link":"https:\/\/novalion-med.com\/pt\/produto\/maca-electrica-de-transferencia-de-doentes-com-suporte-de-oxigenio\/","title":{"rendered":"Maca el\u00e9ctrica de transfer\u00eancia de doentes com suporte de oxig\u00e9nio"},"content":{"rendered":"<div data-elementor-type=\"product-post\" data-elementor-id=\"5806\" class=\"elementor elementor-5806\" data-elementor-post-type=\"product\">\n\t\t\t\t<div class=\"elementor-element elementor-element-1c93f1cb e-con-full e-flex e-con e-parent\" data-id=\"1c93f1cb\" data-element_type=\"container\">\n\t\t\t\t<div class=\"elementor-element elementor-element-2240ff1 elementor-widget elementor-widget-heading\" data-id=\"2240ff1\" data-element_type=\"widget\" data-widget_type=\"heading.default\">\n\t\t\t\t<div class=\"elementor-widget-container\">\n\t\t\t\t\t<h2 class=\"elementor-heading-title elementor-size-default\">Maca el\u00e9ctrica de transfer\u00eancia de doentes com suporte de oxig\u00e9nio<\/h2>\t\t\t\t<\/div>\n\t\t\t\t<\/div>\n\t\t\t\t<div class=\"elementor-element elementor-element-45d8c46 elementor-widget elementor-widget-text-editor\" data-id=\"45d8c46\" data-element_type=\"widget\" data-widget_type=\"text-editor.default\">\n\t\t\t\t<div class=\"elementor-widget-container\">\n\t\t\t\t\t\t\t\t\t<p>Maca el\u00e9ctrica com encosto de 0-75\u00b0, regula\u00e7\u00e3o em altura de 540-840 mm, suporte de oxig\u00e9nio. A travagem central garante um posicionamento preciso em situa\u00e7\u00f5es de emerg\u00eancia e cir\u00fargicas.<\/p>\t\t\t\t\t\t\t\t<\/div>\n\t\t\t\t<\/div>\n\t\t\t\t<div class=\"elementor-element elementor-element-7152afc elementor-widget elementor-widget-text-editor\" data-id=\"7152afc\" data-element_type=\"widget\" data-widget_type=\"text-editor.default\">\n\t\t\t\t<div class=\"elementor-widget-container\">\n\t\t\t\t\t\t\t\t\t<h2>Carater\u00edsticas principais<\/h2><p>\"Maca el\u00e9ctrica com encosto 0-75\u00b0, regula\u00e7\u00e3o em altura 54-84cm, suporte de oxig\u00e9nio e travagem central. O sistema el\u00e9trico permite um posicionamento preciso para utiliza\u00e7\u00e3o de emerg\u00eancia e cir\u00fargica.\"<\/p><ul><li>Encosto regul\u00e1vel eletricamente (0-75\u00b0) para um posicionamento preciso<\/li><li>540-840 mm de altura e 1930\u00d7640\/740 mm de dimens\u00e3o da cama<\/li><li>Suporte para garrafa de oxig\u00e9nio e sistema de travagem central<\/li><li>Sistema de travagem internacional avan\u00e7ado para estabilidade<\/li><\/ul>\t\t\t\t\t\t\t\t<\/div>\n\t\t\t\t<\/div>\n\t\t\t\t<div class=\"elementor-element elementor-element-3a02177 elementor-widget elementor-widget-text-editor\" data-id=\"3a02177\" data-element_type=\"widget\" data-widget_type=\"text-editor.default\">\n\t\t\t\t<div class=\"elementor-widget-container\">\n\t\t\t\t\t\t\t\t\t<h2>Especifica\u00e7\u00f5es<\/h2><p>1. A parte de tr\u00e1s da superf\u00edcie da cama pode ser dobrada para cima:0-75\u00b0;<br \/>2. Gama de regula\u00e7\u00e3o da altura da carro\u00e7aria: 540-840 mm<br \/>3. Tamanho da cama: 1930*640\/740mm<br \/>4. A cama est\u00e1 equipada com um suporte para garrafa de oxig\u00e9nio e um interrutor de bloqueio.<br \/>5. O ve\u00edculo de socorro adopta o sistema de travagem de controlo central avan\u00e7ado internacional, que \u00e9 est\u00e1vel e fi\u00e1vel.<\/p>\t\t\t\t\t\t\t\t<\/div>\n\t\t\t\t<\/div>\n\t\t\t\t<div class=\"elementor-element elementor-element-2996df9 elementor-widget elementor-widget-text-editor\" data-id=\"2996df9\" data-element_type=\"widget\" data-widget_type=\"text-editor.default\">\n\t\t\t\t<div class=\"elementor-widget-container\">\n\t\t\t\t\t\t\t\t\t<p>Mais equipamentos m\u00e9dicos podem ser encontrados em <a href=\"https:\/\/novalion-med.com\/pt\/\" target=\"_blank\" rel=\"noopener\">o nosso s\u00edtio Web<\/a> ou <a href=\"https:\/\/api.whatsapp.com\/send\/?phone=%2B008618112908401&amp;text&amp;type=phone_number&amp;app_absent=0\" target=\"_blank\" rel=\"noopener\">o nosso whatsapp<\/a>.<\/p>\t\t\t\t\t\t\t\t<\/div>\n\t\t\t\t<\/div>\n\t\t\t\t<\/div>\n\t\t\t\t<\/div>","protected":false},"excerpt":{"rendered":"<p>Esta maca de transfer\u00eancia el\u00e9ctrica de doentes possui uma parte traseira da superf\u00edcie da cama ajust\u00e1vel eletricamente, que se dobra de 0 a 75\u00b0, oferecendo um posicionamento preciso. A altura da carro\u00e7aria ajusta-se entre 540-840 mm, adequada para diferentes configura\u00e7\u00f5es m\u00e9dicas. O tamanho da cama \u00e9 de 1930\u00d7640\/740 mm, proporcionando um espa\u00e7o amplo. Equipado com um suporte para garrafa de oxig\u00e9nio e um interrutor de bloqueio, garante um acesso conveniente ao oxig\u00e9nio. O ve\u00edculo de resgate utiliza um sistema de travagem de controlo central avan\u00e7ado internacional, garantindo uma travagem est\u00e1vel e fi\u00e1vel, tornando-o uma escolha fi\u00e1vel para a transfer\u00eancia el\u00e9ctrica de doentes em v\u00e1rios cen\u00e1rios m\u00e9dicos.<\/p>","protected":false},"featured_media":9571,"template":"elementor_theme","meta":{"site-sidebar-layout":"default","site-content-layout":"","ast-site-content-layout":"default","site-content-style":"default","site-sidebar-style":"default","ast-global-header-display":"","ast-banner-title-visibility":"","ast-main-header-display":"","ast-hfb-above-header-display":"","ast-hfb-below-header-display":"","ast-hfb-mobile-header-display":"","site-post-title":"","ast-breadcrumbs-content":"","ast-featured-img":"","footer-sml-layout":"","theme-transparent-header-meta":"default","adv-header-id-meta":"","stick-header-meta":"default","header-above-stick-meta":"","header-main-stick-meta":"","header-below-stick-meta":"","astra-migrate-meta-layouts":"set","ast-page-background-enabled":"default","ast-page-background-meta":{"desktop":{"background-color":"var(--ast-global-color-4)","background-image":"","background-repeat":"repeat","background-position":"center center","background-size":"auto","background-attachment":"scroll","background-type":"","background-media":"","overlay-type":"","overlay-color":"","overlay-opacity":"","overlay-gradient":""},"tablet":{"background-color":"","background-image":"","background-repeat":"repeat","background-position":"center center","background-size":"auto","background-attachment":"scroll","background-type":"","background-media":"","overlay-type":"","overlay-color":"","overlay-opacity":"","overlay-gradient":""},"mobile":{"background-color":"","background-image":"","background-repeat":"repeat","background-position":"center center","background-size":"auto","background-attachment":"scroll","background-type":"","background-media":"","overlay-type":"","overlay-color":"","overlay-opacity":"","overlay-gradient":""}},"ast-content-background-meta":{"desktop":{"background-color":"var(--ast-global-color-5)","background-image":"","background-repeat":"repeat","background-position":"center center","background-size":"auto","background-attachment":"scroll","background-type":"","background-media":"","overlay-type":"","overlay-color":"","overlay-opacity":"","overlay-gradient":""},"tablet":{"background-color":"var(--ast-global-color-5)","background-image":"","background-repeat":"repeat","background-position":"center center","background-size":"auto","background-attachment":"scroll","background-type":"","background-media":"","overlay-type":"","overlay-color":"","overlay-opacity":"","overlay-gradient":""},"mobile":{"background-color":"var(--ast-global-color-5)","background-image":"","background-repeat":"repeat","background-position":"center center","background-size":"auto","background-attachment":"scroll","background-type":"","background-media":"","overlay-type":"","overlay-color":"","overlay-opacity":"","overlay-gradient":""}}},"product_brand":[],"product_cat":[99],"product_tag":[],"class_list":{"0":"post-5806","1":"product","2":"type-product","3":"status-publish","4":"has-post-thumbnail","6":"product_cat-transfer-stretchers","7":"desktop-align-center","8":"tablet-align-left","9":"mobile-align-left","10":"ast-product-gallery-layout-horizontal-slider","11":"ast-product-gallery-with-no-image","12":"ast-magnify-disabled","13":"ast-product-tabs-layout-accordion","14":"ast-qv-on-image","16":"first","17":"instock","18":"shipping-taxable","19":"purchasable","20":"product-type-simple"},"aioseo_notices":[],"aioseo_head":"\n\t\t<!-- All in One SEO Pro 4.6.0 - aioseo.com -->\n\t\t<meta name=\"description\" content=\"Featuring a 0-75\u00b0 foldable backrest and 540-840mm height adjustment, this electric stretcher includes an oxygen holder and central braking.\" \/>\n\t\t<meta name=\"robots\" content=\"max-image-preview:large\" \/>\n\t\t<meta name=\"google-site-verification\" content=\"XE0Krczs_zYC4qBAqnvyRaNEYa9NQEP4HzU7PPpzxoI\" \/>\n\t\t<link rel=\"canonical\" href=\"https:\/\/novalion-med.com\/pt\/produto\/maca-electrica-de-transferencia-de-doentes-com-suporte-de-oxigenio\/\" \/>\n\t\t<meta name=\"generator\" content=\"All in One SEO Pro (AIOSEO) 4.6.0\" \/>\n\t\t<meta property=\"og:locale\" content=\"pt_PT\" \/>\n\t\t<meta property=\"og:site_name\" content=\"Novalion Medical \u2013 Wheelchair, Hospital bed, Walker,Commode chair,Crutch...\" \/>\n\t\t<meta property=\"og:type\" content=\"article\" \/>\n\t\t<meta property=\"og:title\" content=\"Electric Patient Transfer Stretcher with Oxygen Holder\" \/>\n\t\t<meta property=\"og:description\" content=\"Featuring a 0-75\u00b0 foldable backrest and 540-840mm height adjustment, this electric stretcher includes an oxygen holder and central braking.\" \/>\n\t\t<meta property=\"og:url\" content=\"https:\/\/novalion-med.com\/pt\/produto\/maca-electrica-de-transferencia-de-doentes-com-suporte-de-oxigenio\/\" \/>\n\t\t<meta property=\"og:image\" content=\"https:\/\/novalion-med.com\/wp-content\/uploads\/2025\/04\/cropped-343496212_201698782614433_8037205422525878621_n-1.jpg\" \/>\n\t\t<meta property=\"og:image:secure_url\" content=\"https:\/\/novalion-med.com\/wp-content\/uploads\/2025\/04\/cropped-343496212_201698782614433_8037205422525878621_n-1.jpg\" \/>\n\t\t<meta property=\"og:image:width\" content=\"512\" \/>\n\t\t<meta property=\"og:image:height\" content=\"512\" \/>\n\t\t<meta property=\"article:published_time\" content=\"2025-06-20T02:37:38+00:00\" \/>\n\t\t<meta property=\"article:modified_time\" content=\"2025-09-26T02:51:58+00:00\" \/>\n\t\t<meta property=\"article:publisher\" content=\"https:\/\/www.facebook.com\/NovalionMedical\/\" \/>\n\t\t<meta name=\"twitter:card\" content=\"summary_large_image\" \/>\n\t\t<meta name=\"twitter:title\" content=\"Electric Patient Transfer Stretcher with Oxygen Holder\" \/>\n\t\t<meta name=\"twitter:description\" content=\"Featuring a 0-75\u00b0 foldable backrest and 540-840mm height adjustment, this electric stretcher includes an oxygen holder and central braking.\" \/>\n\t\t<meta name=\"twitter:image\" content=\"https:\/\/novalion-med.com\/wp-content\/uploads\/2025\/04\/cropped-343496212_201698782614433_8037205422525878621_n-1.jpg\" \/>\n\t\t<script type=\"application\/ld+json\" class=\"aioseo-schema\">\n\t\t\t{\"@context\":\"https:\\\/\\\/schema.org\",\"@graph\":[{\"@type\":\"BreadcrumbList\",\"@id\":\"https:\\\/\\\/novalion-med.com\\\/pt\\\/produto\\\/maca-electrica-de-transferencia-de-doentes-com-suporte-de-oxigenio\\\/#breadcrumblist\",\"itemListElement\":[{\"@type\":\"ListItem\",\"@id\":\"https:\\\/\\\/novalion-med.com\\\/pt\\\/#listItem\",\"position\":1,\"name\":\"Home\",\"item\":\"https:\\\/\\\/novalion-med.com\\\/pt\\\/\",\"nextItem\":\"https:\\\/\\\/novalion-med.com\\\/pt\\\/produto\\\/maca-electrica-de-transferencia-de-doentes-com-suporte-de-oxigenio\\\/#listItem\"},{\"@type\":\"ListItem\",\"@id\":\"https:\\\/\\\/novalion-med.com\\\/pt\\\/produto\\\/maca-electrica-de-transferencia-de-doentes-com-suporte-de-oxigenio\\\/#listItem\",\"position\":2,\"name\":\"Electric Patient Transfer Stretcher with Oxygen Holder\",\"previousItem\":\"https:\\\/\\\/novalion-med.com\\\/pt\\\/#listItem\"}]},{\"@type\":\"Organization\",\"@id\":\"https:\\\/\\\/novalion-med.com\\\/pt\\\/#organization\",\"name\":\"novalion-med.com\",\"url\":\"https:\\\/\\\/novalion-med.com\\\/pt\\\/\",\"logo\":{\"@type\":\"ImageObject\",\"url\":\"https:\\\/\\\/novalion-med.com\\\/wp-content\\\/uploads\\\/2025\\\/04\\\/cropped-343496212_201698782614433_8037205422525878621_n-1.jpg\",\"@id\":\"https:\\\/\\\/novalion-med.com\\\/pt\\\/produto\\\/maca-electrica-de-transferencia-de-doentes-com-suporte-de-oxigenio\\\/#organizationLogo\",\"width\":512,\"height\":512},\"image\":{\"@id\":\"https:\\\/\\\/novalion-med.com\\\/pt\\\/produto\\\/maca-electrica-de-transferencia-de-doentes-com-suporte-de-oxigenio\\\/#organizationLogo\"},\"sameAs\":[\"https:\\\/\\\/www.facebook.com\\\/NovalionMedical\\\/\",\"https:\\\/\\\/www.youtube.com\\\/@NwlMedicalInstrument\"],\"contactPoint\":{\"@type\":\"ContactPoint\",\"telephone\":\"+8618326188070\",\"contactType\":\"Sales\"}},{\"@type\":\"Product\",\"@id\":\"https:\\\/\\\/novalion-med.com\\\/pt\\\/produto\\\/maca-electrica-de-transferencia-de-doentes-com-suporte-de-oxigenio\\\/#wooCommerceProduct\",\"name\":\"Electric Patient Transfer Stretcher with Oxygen Holder\",\"description\":\"This patient electrical transfer stretcher features an electrically adjustable back part of the bed surface, folding up from 0 to 75\\u00b0, offering precise positioning. The car body height adjusts within 540-840mm, suitable for different medical setups. The bed size is 1930\\u00d7640\\\/740mm, providing ample space. Equipped with an oxygen bottle holder and locking switch, it ensures convenient oxygen access. The rescue vehicle uses an international advanced central control braking system, guaranteeing stable and reliable braking, making it a reliable choice for electric patient transfer in various medical scenarios.\",\"url\":\"https:\\\/\\\/novalion-med.com\\\/pt\\\/produto\\\/maca-electrica-de-transferencia-de-doentes-com-suporte-de-oxigenio\\\/\",\"sku\":\"NL150502-XKDC01\",\"image\":{\"@type\":\"ImageObject\",\"url\":\"https:\\\/\\\/novalion-med.com\\\/wp-content\\\/uploads\\\/2025\\\/06\\\/NL150502-XKDC01-Electric-Patient-Transfer-Stretcher-with-Oxygen-Holder.jpg\",\"@id\":\"https:\\\/\\\/novalion-med.com\\\/pt\\\/produto\\\/maca-electrica-de-transferencia-de-doentes-com-suporte-de-oxigenio\\\/#productImage\",\"width\":1000,\"height\":1000,\"caption\":\"NL150502-XKDC01 Electric Patient Transfer Stretcher with Oxygen Holder\"},\"offers\":{\"@type\":\"Offer\",\"url\":\"https:\\\/\\\/novalion-med.com\\\/pt\\\/produto\\\/maca-electrica-de-transferencia-de-doentes-com-suporte-de-oxigenio\\\/#wooCommerceOffer\",\"priceCurrency\":\"PHP\",\"category\":\"Transfer Stretchers\",\"availability\":\"https:\\\/\\\/schema.org\\\/InStock\",\"seller\":{\"@type\":\"Organization\",\"@id\":\"https:\\\/\\\/novalion-med.com\\\/pt\\\/#organization\"},\"price\":111}},{\"@type\":\"WebPage\",\"@id\":\"https:\\\/\\\/novalion-med.com\\\/pt\\\/produto\\\/maca-electrica-de-transferencia-de-doentes-com-suporte-de-oxigenio\\\/#webpage\",\"url\":\"https:\\\/\\\/novalion-med.com\\\/pt\\\/produto\\\/maca-electrica-de-transferencia-de-doentes-com-suporte-de-oxigenio\\\/\",\"name\":\"Electric Patient Transfer Stretcher with Oxygen Holder\",\"description\":\"Featuring a 0-75\\u00b0 foldable backrest and 540-840mm height adjustment, this electric stretcher includes an oxygen holder and central braking.\",\"inLanguage\":\"pt-PT\",\"isPartOf\":{\"@id\":\"https:\\\/\\\/novalion-med.com\\\/pt\\\/#website\"},\"breadcrumb\":{\"@id\":\"https:\\\/\\\/novalion-med.com\\\/pt\\\/produto\\\/maca-electrica-de-transferencia-de-doentes-com-suporte-de-oxigenio\\\/#breadcrumblist\"},\"image\":{\"@type\":\"ImageObject\",\"url\":\"https:\\\/\\\/novalion-med.com\\\/wp-content\\\/uploads\\\/2025\\\/06\\\/NL150502-XKDC01-Electric-Patient-Transfer-Stretcher-with-Oxygen-Holder.jpg\",\"@id\":\"https:\\\/\\\/novalion-med.com\\\/pt\\\/produto\\\/maca-electrica-de-transferencia-de-doentes-com-suporte-de-oxigenio\\\/#mainImage\",\"width\":1000,\"height\":1000,\"caption\":\"NL150502-XKDC01 Electric Patient Transfer Stretcher with Oxygen Holder\"},\"primaryImageOfPage\":{\"@id\":\"https:\\\/\\\/novalion-med.com\\\/pt\\\/produto\\\/maca-electrica-de-transferencia-de-doentes-com-suporte-de-oxigenio\\\/#mainImage\"},\"datePublished\":\"2025-06-20T02:37:38+00:00\",\"dateModified\":\"2025-09-26T02:51:58+00:00\"},{\"@type\":\"WebSite\",\"@id\":\"https:\\\/\\\/novalion-med.com\\\/pt\\\/#website\",\"url\":\"https:\\\/\\\/novalion-med.com\\\/pt\\\/\",\"name\":\"novalion-med.com\",\"description\":\"Wheelchair, Hospital bed, Walker,Commode chair,Crutch...\",\"inLanguage\":\"pt-PT\",\"publisher\":{\"@id\":\"https:\\\/\\\/novalion-med.com\\\/pt\\\/#organization\"}}]}\n\t\t<\/script>\n\t\t<!-- All in One SEO Pro -->\r\n\t\t<title>Electric Patient Transfer Stretcher with Oxygen Holder<\/title>\n\n","aioseo_head_json":{"title":"Electric Patient Transfer Stretcher with Oxygen Holder","description":"Featuring a 0-75\u00b0 foldable backrest and 540-840mm height adjustment, this electric stretcher includes an oxygen holder and central braking.","canonical_url":"https:\/\/novalion-med.com\/pt\/produto\/maca-electrica-de-transferencia-de-doentes-com-suporte-de-oxigenio\/","robots":"max-image-preview:large","keywords":"","webmasterTools":{"google-site-verification":"XE0Krczs_zYC4qBAqnvyRaNEYa9NQEP4HzU7PPpzxoI","miscellaneous":""},"og:locale":"pt_PT","og:site_name":"Novalion Medical \u2013 Wheelchair, Hospital bed, Walker,Commode chair,Crutch...","og:type":"article","og:title":"Electric Patient Transfer Stretcher with Oxygen Holder","og:description":"Featuring a 0-75\u00b0 foldable backrest and 540-840mm height adjustment, this electric stretcher includes an oxygen holder and central braking.","og:url":"https:\/\/novalion-med.com\/pt\/produto\/maca-electrica-de-transferencia-de-doentes-com-suporte-de-oxigenio\/","og:image":"https:\/\/novalion-med.com\/wp-content\/uploads\/2025\/04\/cropped-343496212_201698782614433_8037205422525878621_n-1.jpg","og:image:secure_url":"https:\/\/novalion-med.com\/wp-content\/uploads\/2025\/04\/cropped-343496212_201698782614433_8037205422525878621_n-1.jpg","og:image:width":512,"og:image:height":512,"article:published_time":"2025-06-20T02:37:38+00:00","article:modified_time":"2025-09-26T02:51:58+00:00","article:publisher":"https:\/\/www.facebook.com\/NovalionMedical\/","twitter:card":"summary_large_image","twitter:title":"Electric Patient Transfer Stretcher with Oxygen Holder","twitter:description":"Featuring a 0-75\u00b0 foldable backrest and 540-840mm height adjustment, this electric stretcher includes an oxygen holder and central braking.","twitter:image":"https:\/\/novalion-med.com\/wp-content\/uploads\/2025\/04\/cropped-343496212_201698782614433_8037205422525878621_n-1.jpg","schema":{"@context":"https:\/\/schema.org","@graph":[{"@type":"BreadcrumbList","@id":"https:\/\/novalion-med.com\/pt\/produto\/maca-electrica-de-transferencia-de-doentes-com-suporte-de-oxigenio\/#breadcrumblist","itemListElement":[{"@type":"ListItem","@id":"https:\/\/novalion-med.com\/pt\/#listItem","position":1,"name":"Home","item":"https:\/\/novalion-med.com\/pt\/","nextItem":"https:\/\/novalion-med.com\/pt\/produto\/maca-electrica-de-transferencia-de-doentes-com-suporte-de-oxigenio\/#listItem"},{"@type":"ListItem","@id":"https:\/\/novalion-med.com\/pt\/produto\/maca-electrica-de-transferencia-de-doentes-com-suporte-de-oxigenio\/#listItem","position":2,"name":"Electric Patient Transfer Stretcher with Oxygen Holder","previousItem":"https:\/\/novalion-med.com\/pt\/#listItem"}]},{"@type":"Organization","@id":"https:\/\/novalion-med.com\/pt\/#organization","name":"novalion-med.com","url":"https:\/\/novalion-med.com\/pt\/","logo":{"@type":"ImageObject","url":"https:\/\/novalion-med.com\/wp-content\/uploads\/2025\/04\/cropped-343496212_201698782614433_8037205422525878621_n-1.jpg","@id":"https:\/\/novalion-med.com\/pt\/produto\/maca-electrica-de-transferencia-de-doentes-com-suporte-de-oxigenio\/#organizationLogo","width":512,"height":512},"image":{"@id":"https:\/\/novalion-med.com\/pt\/produto\/maca-electrica-de-transferencia-de-doentes-com-suporte-de-oxigenio\/#organizationLogo"},"sameAs":["https:\/\/www.facebook.com\/NovalionMedical\/","https:\/\/www.youtube.com\/@NwlMedicalInstrument"],"contactPoint":{"@type":"ContactPoint","telephone":"+8618326188070","contactType":"Sales"}},{"@type":"Product","@id":"https:\/\/novalion-med.com\/pt\/produto\/maca-electrica-de-transferencia-de-doentes-com-suporte-de-oxigenio\/#wooCommerceProduct","name":"Electric Patient Transfer Stretcher with Oxygen Holder","description":"This patient electrical transfer stretcher features an electrically adjustable back part of the bed surface, folding up from 0 to 75\u00b0, offering precise positioning. The car body height adjusts within 540-840mm, suitable for different medical setups. The bed size is 1930\u00d7640\/740mm, providing ample space. Equipped with an oxygen bottle holder and locking switch, it ensures convenient oxygen access. The rescue vehicle uses an international advanced central control braking system, guaranteeing stable and reliable braking, making it a reliable choice for electric patient transfer in various medical scenarios.","url":"https:\/\/novalion-med.com\/pt\/produto\/maca-electrica-de-transferencia-de-doentes-com-suporte-de-oxigenio\/","sku":"NL150502-XKDC01","image":{"@type":"ImageObject","url":"https:\/\/novalion-med.com\/wp-content\/uploads\/2025\/06\/NL150502-XKDC01-Electric-Patient-Transfer-Stretcher-with-Oxygen-Holder.jpg","@id":"https:\/\/novalion-med.com\/pt\/produto\/maca-electrica-de-transferencia-de-doentes-com-suporte-de-oxigenio\/#productImage","width":1000,"height":1000,"caption":"NL150502-XKDC01 Electric Patient Transfer Stretcher with Oxygen Holder"},"offers":{"@type":"Offer","url":"https:\/\/novalion-med.com\/pt\/produto\/maca-electrica-de-transferencia-de-doentes-com-suporte-de-oxigenio\/#wooCommerceOffer","priceCurrency":"PHP","category":"Transfer Stretchers","availability":"https:\/\/schema.org\/InStock","seller":{"@type":"Organization","@id":"https:\/\/novalion-med.com\/pt\/#organization"},"price":111}},{"@type":"WebPage","@id":"https:\/\/novalion-med.com\/pt\/produto\/maca-electrica-de-transferencia-de-doentes-com-suporte-de-oxigenio\/#webpage","url":"https:\/\/novalion-med.com\/pt\/produto\/maca-electrica-de-transferencia-de-doentes-com-suporte-de-oxigenio\/","name":"Electric Patient Transfer Stretcher with Oxygen Holder","description":"Featuring a 0-75\u00b0 foldable backrest and 540-840mm height adjustment, this electric stretcher includes an oxygen holder and central braking.","inLanguage":"pt-PT","isPartOf":{"@id":"https:\/\/novalion-med.com\/pt\/#website"},"breadcrumb":{"@id":"https:\/\/novalion-med.com\/pt\/produto\/maca-electrica-de-transferencia-de-doentes-com-suporte-de-oxigenio\/#breadcrumblist"},"image":{"@type":"ImageObject","url":"https:\/\/novalion-med.com\/wp-content\/uploads\/2025\/06\/NL150502-XKDC01-Electric-Patient-Transfer-Stretcher-with-Oxygen-Holder.jpg","@id":"https:\/\/novalion-med.com\/pt\/produto\/maca-electrica-de-transferencia-de-doentes-com-suporte-de-oxigenio\/#mainImage","width":1000,"height":1000,"caption":"NL150502-XKDC01 Electric Patient Transfer Stretcher with Oxygen Holder"},"primaryImageOfPage":{"@id":"https:\/\/novalion-med.com\/pt\/produto\/maca-electrica-de-transferencia-de-doentes-com-suporte-de-oxigenio\/#mainImage"},"datePublished":"2025-06-20T02:37:38+00:00","dateModified":"2025-09-26T02:51:58+00:00"},{"@type":"WebSite","@id":"https:\/\/novalion-med.com\/pt\/#website","url":"https:\/\/novalion-med.com\/pt\/","name":"novalion-med.com","description":"Wheelchair, Hospital bed, Walker,Commode chair,Crutch...","inLanguage":"pt-PT","publisher":{"@id":"https:\/\/novalion-med.com\/pt\/#organization"}}]}},"aioseo_meta_data":{"post_id":"5806","title":"Electric Patient Transfer Stretcher with Oxygen Holder","description":"Featuring a 0-75\u00b0 foldable backrest and 540-840mm height adjustment, this electric stretcher includes an oxygen holder and central braking.","keywords":"[]","keyphrases":"{\"focus\":{\"keyphrase\":\"\",\"score\":0,\"analysis\":{\"keyphraseInTitle\":{\"score\":0,\"maxScore\":9,\"error\":1}}},\"additional\":[]}","primary_term":null,"canonical_url":null,"og_title":null,"og_description":null,"og_object_type":"default","og_image_type":"default","og_image_url":null,"og_image_width":null,"og_image_height":null,"og_image_custom_url":null,"og_image_custom_fields":null,"og_video":"","og_custom_url":null,"og_article_section":null,"og_article_tags":"[]","twitter_use_og":false,"twitter_card":"default","twitter_image_type":"default","twitter_image_url":null,"twitter_image_custom_url":null,"twitter_image_custom_fields":null,"twitter_title":null,"twitter_description":null,"schema":{"blockGraphs":[],"customGraphs":[],"default":{"data":{"Article":[],"Course":[],"Dataset":[],"FAQPage":[],"Movie":[],"Person":[],"Product":[],"Recipe":[],"Service":[],"SoftwareApplication":[],"WebPage":[]},"graphName":"Product","isEnabled":true},"graphs":[]},"schema_type":"default","schema_type_options":null,"pillar_content":false,"robots_default":true,"robots_noindex":false,"robots_noarchive":false,"robots_nosnippet":false,"robots_nofollow":false,"robots_noimageindex":false,"robots_noodp":false,"robots_notranslate":false,"robots_max_snippet":"-1","robots_max_videopreview":"-1","robots_max_imagepreview":"large","priority":null,"frequency":"default","local_seo":null,"limit_modified_date":false,"created":"2025-06-20 02:37:38","updated":"2025-09-26 03:04:00"},"_links":{"self":[{"href":"https:\/\/novalion-med.com\/pt\/wp-json\/wp\/v2\/product\/5806","targetHints":{"allow":["GET"]}}],"collection":[{"href":"https:\/\/novalion-med.com\/pt\/wp-json\/wp\/v2\/product"}],"about":[{"href":"https:\/\/novalion-med.com\/pt\/wp-json\/wp\/v2\/types\/product"}],"version-history":[{"count":5,"href":"https:\/\/novalion-med.com\/pt\/wp-json\/wp\/v2\/product\/5806\/revisions"}],"predecessor-version":[{"id":9572,"href":"https:\/\/novalion-med.com\/pt\/wp-json\/wp\/v2\/product\/5806\/revisions\/9572"}],"wp:featuredmedia":[{"embeddable":true,"href":"https:\/\/novalion-med.com\/pt\/wp-json\/wp\/v2\/media\/9571"}],"wp:attachment":[{"href":"https:\/\/novalion-med.com\/pt\/wp-json\/wp\/v2\/media?parent=5806"}],"wp:term":[{"taxonomy":"product_brand","embeddable":true,"href":"https:\/\/novalion-med.com\/pt\/wp-json\/wp\/v2\/product_brand?post=5806"},{"taxonomy":"product_cat","embeddable":true,"href":"https:\/\/novalion-med.com\/pt\/wp-json\/wp\/v2\/product_cat?post=5806"},{"taxonomy":"product_tag","embeddable":true,"href":"https:\/\/novalion-med.com\/pt\/wp-json\/wp\/v2\/product_tag?post=5806"}],"curies":[{"name":"wp","href":"https:\/\/api.w.org\/{rel}","templated":true}]}}