{"id":5774,"date":"2025-06-20T02:08:37","date_gmt":"2025-06-20T02:08:37","guid":{"rendered":"https:\/\/novalion-med.com\/?post_type=product&#038;p=5774"},"modified":"2025-09-26T02:44:37","modified_gmt":"2025-09-26T02:44:37","slug":"maca-de-transferencia-de-doentes-com-amortecimento-de-choques","status":"publish","type":"product","link":"https:\/\/novalion-med.com\/pt\/produto\/maca-de-transferencia-de-doentes-com-amortecimento-de-choques\/","title":{"rendered":"Maca de transfer\u00eancia de doentes com absor\u00e7\u00e3o de choques"},"content":{"rendered":"<div data-elementor-type=\"product-post\" data-elementor-id=\"5774\" class=\"elementor elementor-5774\" data-elementor-post-type=\"product\">\n\t\t\t\t<div class=\"elementor-element elementor-element-1c93f1cb e-con-full e-flex e-con e-parent\" data-id=\"1c93f1cb\" data-element_type=\"container\">\n\t\t\t\t<div class=\"elementor-element elementor-element-2240ff1 elementor-widget elementor-widget-heading\" data-id=\"2240ff1\" data-element_type=\"widget\" data-widget_type=\"heading.default\">\n\t\t\t\t<div class=\"elementor-widget-container\">\n\t\t\t\t\t<h2 class=\"elementor-heading-title elementor-size-default\">Maca de transfer\u00eancia de doentes com absor\u00e7\u00e3o de choques<\/h2>\t\t\t\t<\/div>\n\t\t\t\t<\/div>\n\t\t\t\t<div class=\"elementor-element elementor-element-45d8c46 elementor-widget elementor-widget-text-editor\" data-id=\"45d8c46\" data-element_type=\"widget\" data-widget_type=\"text-editor.default\">\n\t\t\t\t<div class=\"elementor-widget-container\">\n\t\t\t\t\t\t\t\t\t<p>Maca de absor\u00e7\u00e3o de choques com 250 kg de carga est\u00e1tica, encosto de 70\u00b0, regula\u00e7\u00e3o de altura de 50-90 cm. Rodas silenciosas, superf\u00edcie da cama em PP e estrutura em alum\u00ednio equilibram o conforto e a fiabilidade.<\/p>\t\t\t\t\t\t\t\t<\/div>\n\t\t\t\t<\/div>\n\t\t\t\t<div class=\"elementor-element elementor-element-7152afc elementor-widget elementor-widget-text-editor\" data-id=\"7152afc\" data-element_type=\"widget\" data-widget_type=\"text-editor.default\">\n\t\t\t\t<div class=\"elementor-widget-container\">\n\t\t\t\t\t\t\t\t\t<h2>Carater\u00edsticas principais<\/h2><p>\"Maca amortecedora com capacidade est\u00e1tica de 250 kg, encosto de 70\u00b0, regula\u00e7\u00e3o em altura de 50-90 cm e rod\u00edzios silenciosos. A superf\u00edcie da cama em PP garante conforto e higiene durante o transporte.\"<\/p><ul><li>Capacidade de carga est\u00e1tica de 250 kg com estabilidade din\u00e2mica de 135 kg<\/li><li>Inclina\u00e7\u00e3o do encosto de 70\u00b0 e regula\u00e7\u00e3o da altura de 50-90 cm<\/li><li>Rodas silenciosas de 15 cm e sistema de guia com amortecimento de choques<\/li><li>Superf\u00edcie da cama em PP e estrutura em liga de alum\u00ednio para maior durabilidade<\/li><\/ul>\t\t\t\t\t\t\t\t<\/div>\n\t\t\t\t<\/div>\n\t\t\t\t<div class=\"elementor-element elementor-element-3a02177 elementor-widget elementor-widget-text-editor\" data-id=\"3a02177\" data-element_type=\"widget\" data-widget_type=\"text-editor.default\">\n\t\t\t\t<div class=\"elementor-widget-container\">\n\t\t\t\t\t\t\t\t\t<h2>Especifica\u00e7\u00f5es<\/h2><p>1. Tamanho do carrinho completo: comprimento total 193cm, largura total 64cm;<br \/>2. Base da cama com altura m\u00e1xima de 90 cm e altura m\u00ednima de 50 cm;<br \/>3. Painel da sec\u00e7\u00e3o posterior 0\u00b0~\u226570\u00b0;<br \/>4. Carga est\u00e1tica m\u00e1xima de seguran\u00e7a 250 kg, carga din\u00e2mica m\u00e1xima de seguran\u00e7a 135 kg;<br \/>5. Di\u00e2metro do rod\u00edzio centralmente silencioso \u220515cm;<br \/>6. Novo sistema de guia com amortecimento de choques com quinta roda;<br \/>7. Superf\u00edcie da cama em PP; liberta\u00e7\u00e3o r\u00e1pida do CPR; calha lateral em PP; colch\u00e3o; poste IV;<br \/>8. Revestimento superior: pintura eletrost\u00e1tica a p\u00f3;<br \/>9. Estrutura da cama em liga de alum\u00ednio.<\/p>\t\t\t\t\t\t\t\t<\/div>\n\t\t\t\t<\/div>\n\t\t\t\t<div class=\"elementor-element elementor-element-2996df9 elementor-widget elementor-widget-text-editor\" data-id=\"2996df9\" data-element_type=\"widget\" data-widget_type=\"text-editor.default\">\n\t\t\t\t<div class=\"elementor-widget-container\">\n\t\t\t\t\t\t\t\t\t<p>Mais equipamentos m\u00e9dicos podem ser encontrados em <a href=\"https:\/\/novalion-med.com\/pt\/\" target=\"_blank\" rel=\"noopener\">o nosso s\u00edtio Web<\/a> ou <a href=\"https:\/\/api.whatsapp.com\/send\/?phone=%2B008618112908401&amp;text&amp;type=phone_number&amp;app_absent=0\" target=\"_blank\" rel=\"noopener\">o nosso whatsapp<\/a>.<\/p>\t\t\t\t\t\t\t\t<\/div>\n\t\t\t\t<\/div>\n\t\t\t\t<\/div>\n\t\t\t\t<\/div>","protected":false},"excerpt":{"rendered":"<p>Semelhante ao modelo anterior, esta maca de transfer\u00eancia de doentes tem um tamanho de carrinho completo de 193 cm de comprimento e 64 cm de largura, com uma altura da base da cama de 50-90 cm. O painel da sec\u00e7\u00e3o posterior ajusta-se de 0\u00b0 a \u226570\u00b0, adequado para v\u00e1rias necessidades de posicionamento. Suporta uma carga est\u00e1tica m\u00e1xima de 250 kg e uma carga din\u00e2mica de 135 kg. O rod\u00edzio central silencioso tem um di\u00e2metro de \u220515cm, e o novo sistema de guia de absor\u00e7\u00e3o de choque com uma quinta roda garante um movimento suave e silencioso. Com uma superf\u00edcie de cama em PP, liberta\u00e7\u00e3o r\u00e1pida CPR, calha lateral em PP, colch\u00e3o, poste IV, revestimento eletrost\u00e1tico a p\u00f3 e uma estrutura de cama em liga de alum\u00ednio, esta maca combina durabilidade, funcionalidade e conforto do doente para uma transfer\u00eancia eficiente.<\/p>","protected":false},"featured_media":9560,"template":"elementor_theme","meta":{"site-sidebar-layout":"default","site-content-layout":"","ast-site-content-layout":"default","site-content-style":"default","site-sidebar-style":"default","ast-global-header-display":"","ast-banner-title-visibility":"","ast-main-header-display":"","ast-hfb-above-header-display":"","ast-hfb-below-header-display":"","ast-hfb-mobile-header-display":"","site-post-title":"","ast-breadcrumbs-content":"","ast-featured-img":"","footer-sml-layout":"","theme-transparent-header-meta":"default","adv-header-id-meta":"","stick-header-meta":"default","header-above-stick-meta":"","header-main-stick-meta":"","header-below-stick-meta":"","astra-migrate-meta-layouts":"set","ast-page-background-enabled":"default","ast-page-background-meta":{"desktop":{"background-color":"var(--ast-global-color-4)","background-image":"","background-repeat":"repeat","background-position":"center center","background-size":"auto","background-attachment":"scroll","background-type":"","background-media":"","overlay-type":"","overlay-color":"","overlay-opacity":"","overlay-gradient":""},"tablet":{"background-color":"","background-image":"","background-repeat":"repeat","background-position":"center center","background-size":"auto","background-attachment":"scroll","background-type":"","background-media":"","overlay-type":"","overlay-color":"","overlay-opacity":"","overlay-gradient":""},"mobile":{"background-color":"","background-image":"","background-repeat":"repeat","background-position":"center center","background-size":"auto","background-attachment":"scroll","background-type":"","background-media":"","overlay-type":"","overlay-color":"","overlay-opacity":"","overlay-gradient":""}},"ast-content-background-meta":{"desktop":{"background-color":"var(--ast-global-color-5)","background-image":"","background-repeat":"repeat","background-position":"center center","background-size":"auto","background-attachment":"scroll","background-type":"","background-media":"","overlay-type":"","overlay-color":"","overlay-opacity":"","overlay-gradient":""},"tablet":{"background-color":"var(--ast-global-color-5)","background-image":"","background-repeat":"repeat","background-position":"center center","background-size":"auto","background-attachment":"scroll","background-type":"","background-media":"","overlay-type":"","overlay-color":"","overlay-opacity":"","overlay-gradient":""},"mobile":{"background-color":"var(--ast-global-color-5)","background-image":"","background-repeat":"repeat","background-position":"center center","background-size":"auto","background-attachment":"scroll","background-type":"","background-media":"","overlay-type":"","overlay-color":"","overlay-opacity":"","overlay-gradient":""}}},"product_brand":[],"product_cat":[99],"product_tag":[],"class_list":{"0":"post-5774","1":"product","2":"type-product","3":"status-publish","4":"has-post-thumbnail","6":"product_cat-transfer-stretchers","7":"desktop-align-center","8":"tablet-align-left","9":"mobile-align-left","10":"ast-product-gallery-layout-horizontal-slider","11":"ast-product-gallery-with-no-image","12":"ast-magnify-disabled","13":"ast-product-tabs-layout-accordion","14":"ast-qv-on-image","16":"first","17":"instock","18":"shipping-taxable","19":"purchasable","20":"product-type-simple"},"aioseo_notices":[],"aioseo_head":"\n\t\t<!-- All in One SEO Pro 4.6.0 - aioseo.com -->\n\t\t<meta name=\"description\" content=\"With 250kg static capacity, 193\u00d764cm dimensions, and 50-90cm height, this stretcher offers a 70\u00b0 backrest, silent castors, and PP bed surface.\" \/>\n\t\t<meta name=\"robots\" content=\"max-image-preview:large\" \/>\n\t\t<meta name=\"google-site-verification\" content=\"XE0Krczs_zYC4qBAqnvyRaNEYa9NQEP4HzU7PPpzxoI\" \/>\n\t\t<link rel=\"canonical\" href=\"https:\/\/novalion-med.com\/pt\/produto\/maca-de-transferencia-de-doentes-com-amortecimento-de-choques\/\" \/>\n\t\t<meta name=\"generator\" content=\"All in One SEO Pro (AIOSEO) 4.6.0\" \/>\n\t\t<meta property=\"og:locale\" content=\"pt_PT\" \/>\n\t\t<meta property=\"og:site_name\" content=\"Novalion Medical \u2013 Wheelchair, Hospital bed, Walker,Commode chair,Crutch...\" \/>\n\t\t<meta property=\"og:type\" content=\"article\" \/>\n\t\t<meta property=\"og:title\" content=\"Shock-Absorbing Patient Transfer Stretcher\" \/>\n\t\t<meta property=\"og:description\" content=\"With 250kg static capacity, 193\u00d764cm dimensions, and 50-90cm height, this stretcher offers a 70\u00b0 backrest, silent castors, and PP bed surface.\" \/>\n\t\t<meta property=\"og:url\" content=\"https:\/\/novalion-med.com\/pt\/produto\/maca-de-transferencia-de-doentes-com-amortecimento-de-choques\/\" \/>\n\t\t<meta property=\"og:image\" content=\"https:\/\/novalion-med.com\/wp-content\/uploads\/2025\/04\/cropped-343496212_201698782614433_8037205422525878621_n-1.jpg\" \/>\n\t\t<meta property=\"og:image:secure_url\" content=\"https:\/\/novalion-med.com\/wp-content\/uploads\/2025\/04\/cropped-343496212_201698782614433_8037205422525878621_n-1.jpg\" \/>\n\t\t<meta property=\"og:image:width\" content=\"512\" \/>\n\t\t<meta property=\"og:image:height\" content=\"512\" \/>\n\t\t<meta property=\"article:published_time\" content=\"2025-06-20T02:08:37+00:00\" \/>\n\t\t<meta property=\"article:modified_time\" content=\"2025-09-26T02:44:37+00:00\" \/>\n\t\t<meta property=\"article:publisher\" content=\"https:\/\/www.facebook.com\/NovalionMedical\/\" \/>\n\t\t<meta name=\"twitter:card\" content=\"summary_large_image\" \/>\n\t\t<meta name=\"twitter:title\" content=\"Shock-Absorbing Patient Transfer Stretcher\" \/>\n\t\t<meta name=\"twitter:description\" content=\"With 250kg static capacity, 193\u00d764cm dimensions, and 50-90cm height, this stretcher offers a 70\u00b0 backrest, silent castors, and PP bed surface.\" \/>\n\t\t<meta name=\"twitter:image\" content=\"https:\/\/novalion-med.com\/wp-content\/uploads\/2025\/04\/cropped-343496212_201698782614433_8037205422525878621_n-1.jpg\" \/>\n\t\t<script type=\"application\/ld+json\" class=\"aioseo-schema\">\n\t\t\t{\"@context\":\"https:\\\/\\\/schema.org\",\"@graph\":[{\"@type\":\"BreadcrumbList\",\"@id\":\"https:\\\/\\\/novalion-med.com\\\/pt\\\/produto\\\/maca-de-transferencia-de-doentes-com-amortecimento-de-choques\\\/#breadcrumblist\",\"itemListElement\":[{\"@type\":\"ListItem\",\"@id\":\"https:\\\/\\\/novalion-med.com\\\/pt\\\/#listItem\",\"position\":1,\"name\":\"Home\",\"item\":\"https:\\\/\\\/novalion-med.com\\\/pt\\\/\",\"nextItem\":\"https:\\\/\\\/novalion-med.com\\\/pt\\\/produto\\\/maca-de-transferencia-de-doentes-com-amortecimento-de-choques\\\/#listItem\"},{\"@type\":\"ListItem\",\"@id\":\"https:\\\/\\\/novalion-med.com\\\/pt\\\/produto\\\/maca-de-transferencia-de-doentes-com-amortecimento-de-choques\\\/#listItem\",\"position\":2,\"name\":\"Shock-Absorbing Patient Transfer Stretcher\",\"previousItem\":\"https:\\\/\\\/novalion-med.com\\\/pt\\\/#listItem\"}]},{\"@type\":\"Organization\",\"@id\":\"https:\\\/\\\/novalion-med.com\\\/pt\\\/#organization\",\"name\":\"novalion-med.com\",\"url\":\"https:\\\/\\\/novalion-med.com\\\/pt\\\/\",\"logo\":{\"@type\":\"ImageObject\",\"url\":\"https:\\\/\\\/novalion-med.com\\\/wp-content\\\/uploads\\\/2025\\\/04\\\/cropped-343496212_201698782614433_8037205422525878621_n-1.jpg\",\"@id\":\"https:\\\/\\\/novalion-med.com\\\/pt\\\/produto\\\/maca-de-transferencia-de-doentes-com-amortecimento-de-choques\\\/#organizationLogo\",\"width\":512,\"height\":512},\"image\":{\"@id\":\"https:\\\/\\\/novalion-med.com\\\/pt\\\/produto\\\/maca-de-transferencia-de-doentes-com-amortecimento-de-choques\\\/#organizationLogo\"},\"sameAs\":[\"https:\\\/\\\/www.facebook.com\\\/NovalionMedical\\\/\",\"https:\\\/\\\/www.youtube.com\\\/@NwlMedicalInstrument\"],\"contactPoint\":{\"@type\":\"ContactPoint\",\"telephone\":\"+8618326188070\",\"contactType\":\"Sales\"}},{\"@type\":\"Product\",\"@id\":\"https:\\\/\\\/novalion-med.com\\\/pt\\\/produto\\\/maca-de-transferencia-de-doentes-com-amortecimento-de-choques\\\/#wooCommerceProduct\",\"name\":\"Shock-Absorbing Patient Transfer Stretcher\",\"description\":\"Similar to the previous model, this patient transfer stretcher has a full cart size of 193cm in length and 64cm in width, with a bed base height range of 50-90cm. The back section panel adjusts from 0\\u00b0 to \\u226570\\u00b0, suitable for various positioning needs. It supports a maximum static load of 250kg and dynamic load of 135kg. The centrally silent castor has a diameter of \\u220515cm, and the new shock-absorbing guiding system with a fifth wheel ensures smooth and quiet movement. Featuring a PP bed surface, CPR quick release, PP side rail, mattress, IV pole, electrostatic powder coating, and an aluminum alloy bed frame, this stretcher combines durability, functionality, and patient comfort for efficient transfer.\",\"url\":\"https:\\\/\\\/novalion-med.com\\\/pt\\\/produto\\\/maca-de-transferencia-de-doentes-com-amortecimento-de-choques\\\/\",\"sku\":\"NL150502-SJ-TC03\",\"image\":{\"@type\":\"ImageObject\",\"url\":\"https:\\\/\\\/novalion-med.com\\\/wp-content\\\/uploads\\\/2025\\\/06\\\/NL150502-SJ-TC03-Shock-Absorbing-Patient-Transfer-Stretcher.jpg\",\"@id\":\"https:\\\/\\\/novalion-med.com\\\/pt\\\/produto\\\/maca-de-transferencia-de-doentes-com-amortecimento-de-choques\\\/#productImage\",\"width\":1000,\"height\":1000,\"caption\":\"NL150502-SJ-TC03 Shock-Absorbing Patient Transfer Stretcher\"},\"offers\":{\"@type\":\"Offer\",\"url\":\"https:\\\/\\\/novalion-med.com\\\/pt\\\/produto\\\/maca-de-transferencia-de-doentes-com-amortecimento-de-choques\\\/#wooCommerceOffer\",\"priceCurrency\":\"PHP\",\"category\":\"Transfer Stretchers\",\"availability\":\"https:\\\/\\\/schema.org\\\/InStock\",\"seller\":{\"@type\":\"Organization\",\"@id\":\"https:\\\/\\\/novalion-med.com\\\/pt\\\/#organization\"},\"price\":111}},{\"@type\":\"WebPage\",\"@id\":\"https:\\\/\\\/novalion-med.com\\\/pt\\\/produto\\\/maca-de-transferencia-de-doentes-com-amortecimento-de-choques\\\/#webpage\",\"url\":\"https:\\\/\\\/novalion-med.com\\\/pt\\\/produto\\\/maca-de-transferencia-de-doentes-com-amortecimento-de-choques\\\/\",\"name\":\"Shock-Absorbing Patient Transfer Stretcher\",\"description\":\"With 250kg static capacity, 193\\u00d764cm dimensions, and 50-90cm height, this stretcher offers a 70\\u00b0 backrest, silent castors, and PP bed surface.\",\"inLanguage\":\"pt-PT\",\"isPartOf\":{\"@id\":\"https:\\\/\\\/novalion-med.com\\\/pt\\\/#website\"},\"breadcrumb\":{\"@id\":\"https:\\\/\\\/novalion-med.com\\\/pt\\\/produto\\\/maca-de-transferencia-de-doentes-com-amortecimento-de-choques\\\/#breadcrumblist\"},\"image\":{\"@type\":\"ImageObject\",\"url\":\"https:\\\/\\\/novalion-med.com\\\/wp-content\\\/uploads\\\/2025\\\/06\\\/NL150502-SJ-TC03-Shock-Absorbing-Patient-Transfer-Stretcher.jpg\",\"@id\":\"https:\\\/\\\/novalion-med.com\\\/pt\\\/produto\\\/maca-de-transferencia-de-doentes-com-amortecimento-de-choques\\\/#mainImage\",\"width\":1000,\"height\":1000,\"caption\":\"NL150502-SJ-TC03 Shock-Absorbing Patient Transfer Stretcher\"},\"primaryImageOfPage\":{\"@id\":\"https:\\\/\\\/novalion-med.com\\\/pt\\\/produto\\\/maca-de-transferencia-de-doentes-com-amortecimento-de-choques\\\/#mainImage\"},\"datePublished\":\"2025-06-20T02:08:37+00:00\",\"dateModified\":\"2025-09-26T02:44:37+00:00\"},{\"@type\":\"WebSite\",\"@id\":\"https:\\\/\\\/novalion-med.com\\\/pt\\\/#website\",\"url\":\"https:\\\/\\\/novalion-med.com\\\/pt\\\/\",\"name\":\"novalion-med.com\",\"description\":\"Wheelchair, Hospital bed, Walker,Commode chair,Crutch...\",\"inLanguage\":\"pt-PT\",\"publisher\":{\"@id\":\"https:\\\/\\\/novalion-med.com\\\/pt\\\/#organization\"}}]}\n\t\t<\/script>\n\t\t<!-- All in One SEO Pro -->\r\n\t\t<title>Shock-Absorbing Patient Transfer Stretcher<\/title>\n\n","aioseo_head_json":{"title":"Shock-Absorbing Patient Transfer Stretcher","description":"With 250kg static capacity, 193\u00d764cm dimensions, and 50-90cm height, this stretcher offers a 70\u00b0 backrest, silent castors, and PP bed surface.","canonical_url":"https:\/\/novalion-med.com\/pt\/produto\/maca-de-transferencia-de-doentes-com-amortecimento-de-choques\/","robots":"max-image-preview:large","keywords":"","webmasterTools":{"google-site-verification":"XE0Krczs_zYC4qBAqnvyRaNEYa9NQEP4HzU7PPpzxoI","miscellaneous":""},"og:locale":"pt_PT","og:site_name":"Novalion Medical \u2013 Wheelchair, Hospital bed, Walker,Commode chair,Crutch...","og:type":"article","og:title":"Shock-Absorbing Patient Transfer Stretcher","og:description":"With 250kg static capacity, 193\u00d764cm dimensions, and 50-90cm height, this stretcher offers a 70\u00b0 backrest, silent castors, and PP bed surface.","og:url":"https:\/\/novalion-med.com\/pt\/produto\/maca-de-transferencia-de-doentes-com-amortecimento-de-choques\/","og:image":"https:\/\/novalion-med.com\/wp-content\/uploads\/2025\/04\/cropped-343496212_201698782614433_8037205422525878621_n-1.jpg","og:image:secure_url":"https:\/\/novalion-med.com\/wp-content\/uploads\/2025\/04\/cropped-343496212_201698782614433_8037205422525878621_n-1.jpg","og:image:width":512,"og:image:height":512,"article:published_time":"2025-06-20T02:08:37+00:00","article:modified_time":"2025-09-26T02:44:37+00:00","article:publisher":"https:\/\/www.facebook.com\/NovalionMedical\/","twitter:card":"summary_large_image","twitter:title":"Shock-Absorbing Patient Transfer Stretcher","twitter:description":"With 250kg static capacity, 193\u00d764cm dimensions, and 50-90cm height, this stretcher offers a 70\u00b0 backrest, silent castors, and PP bed surface.","twitter:image":"https:\/\/novalion-med.com\/wp-content\/uploads\/2025\/04\/cropped-343496212_201698782614433_8037205422525878621_n-1.jpg","schema":{"@context":"https:\/\/schema.org","@graph":[{"@type":"BreadcrumbList","@id":"https:\/\/novalion-med.com\/pt\/produto\/maca-de-transferencia-de-doentes-com-amortecimento-de-choques\/#breadcrumblist","itemListElement":[{"@type":"ListItem","@id":"https:\/\/novalion-med.com\/pt\/#listItem","position":1,"name":"Home","item":"https:\/\/novalion-med.com\/pt\/","nextItem":"https:\/\/novalion-med.com\/pt\/produto\/maca-de-transferencia-de-doentes-com-amortecimento-de-choques\/#listItem"},{"@type":"ListItem","@id":"https:\/\/novalion-med.com\/pt\/produto\/maca-de-transferencia-de-doentes-com-amortecimento-de-choques\/#listItem","position":2,"name":"Shock-Absorbing Patient Transfer Stretcher","previousItem":"https:\/\/novalion-med.com\/pt\/#listItem"}]},{"@type":"Organization","@id":"https:\/\/novalion-med.com\/pt\/#organization","name":"novalion-med.com","url":"https:\/\/novalion-med.com\/pt\/","logo":{"@type":"ImageObject","url":"https:\/\/novalion-med.com\/wp-content\/uploads\/2025\/04\/cropped-343496212_201698782614433_8037205422525878621_n-1.jpg","@id":"https:\/\/novalion-med.com\/pt\/produto\/maca-de-transferencia-de-doentes-com-amortecimento-de-choques\/#organizationLogo","width":512,"height":512},"image":{"@id":"https:\/\/novalion-med.com\/pt\/produto\/maca-de-transferencia-de-doentes-com-amortecimento-de-choques\/#organizationLogo"},"sameAs":["https:\/\/www.facebook.com\/NovalionMedical\/","https:\/\/www.youtube.com\/@NwlMedicalInstrument"],"contactPoint":{"@type":"ContactPoint","telephone":"+8618326188070","contactType":"Sales"}},{"@type":"Product","@id":"https:\/\/novalion-med.com\/pt\/produto\/maca-de-transferencia-de-doentes-com-amortecimento-de-choques\/#wooCommerceProduct","name":"Shock-Absorbing Patient Transfer Stretcher","description":"Similar to the previous model, this patient transfer stretcher has a full cart size of 193cm in length and 64cm in width, with a bed base height range of 50-90cm. The back section panel adjusts from 0\u00b0 to \u226570\u00b0, suitable for various positioning needs. It supports a maximum static load of 250kg and dynamic load of 135kg. The centrally silent castor has a diameter of \u220515cm, and the new shock-absorbing guiding system with a fifth wheel ensures smooth and quiet movement. Featuring a PP bed surface, CPR quick release, PP side rail, mattress, IV pole, electrostatic powder coating, and an aluminum alloy bed frame, this stretcher combines durability, functionality, and patient comfort for efficient transfer.","url":"https:\/\/novalion-med.com\/pt\/produto\/maca-de-transferencia-de-doentes-com-amortecimento-de-choques\/","sku":"NL150502-SJ-TC03","image":{"@type":"ImageObject","url":"https:\/\/novalion-med.com\/wp-content\/uploads\/2025\/06\/NL150502-SJ-TC03-Shock-Absorbing-Patient-Transfer-Stretcher.jpg","@id":"https:\/\/novalion-med.com\/pt\/produto\/maca-de-transferencia-de-doentes-com-amortecimento-de-choques\/#productImage","width":1000,"height":1000,"caption":"NL150502-SJ-TC03 Shock-Absorbing Patient Transfer Stretcher"},"offers":{"@type":"Offer","url":"https:\/\/novalion-med.com\/pt\/produto\/maca-de-transferencia-de-doentes-com-amortecimento-de-choques\/#wooCommerceOffer","priceCurrency":"PHP","category":"Transfer Stretchers","availability":"https:\/\/schema.org\/InStock","seller":{"@type":"Organization","@id":"https:\/\/novalion-med.com\/pt\/#organization"},"price":111}},{"@type":"WebPage","@id":"https:\/\/novalion-med.com\/pt\/produto\/maca-de-transferencia-de-doentes-com-amortecimento-de-choques\/#webpage","url":"https:\/\/novalion-med.com\/pt\/produto\/maca-de-transferencia-de-doentes-com-amortecimento-de-choques\/","name":"Shock-Absorbing Patient Transfer Stretcher","description":"With 250kg static capacity, 193\u00d764cm dimensions, and 50-90cm height, this stretcher offers a 70\u00b0 backrest, silent castors, and PP bed surface.","inLanguage":"pt-PT","isPartOf":{"@id":"https:\/\/novalion-med.com\/pt\/#website"},"breadcrumb":{"@id":"https:\/\/novalion-med.com\/pt\/produto\/maca-de-transferencia-de-doentes-com-amortecimento-de-choques\/#breadcrumblist"},"image":{"@type":"ImageObject","url":"https:\/\/novalion-med.com\/wp-content\/uploads\/2025\/06\/NL150502-SJ-TC03-Shock-Absorbing-Patient-Transfer-Stretcher.jpg","@id":"https:\/\/novalion-med.com\/pt\/produto\/maca-de-transferencia-de-doentes-com-amortecimento-de-choques\/#mainImage","width":1000,"height":1000,"caption":"NL150502-SJ-TC03 Shock-Absorbing Patient Transfer Stretcher"},"primaryImageOfPage":{"@id":"https:\/\/novalion-med.com\/pt\/produto\/maca-de-transferencia-de-doentes-com-amortecimento-de-choques\/#mainImage"},"datePublished":"2025-06-20T02:08:37+00:00","dateModified":"2025-09-26T02:44:37+00:00"},{"@type":"WebSite","@id":"https:\/\/novalion-med.com\/pt\/#website","url":"https:\/\/novalion-med.com\/pt\/","name":"novalion-med.com","description":"Wheelchair, Hospital bed, Walker,Commode chair,Crutch...","inLanguage":"pt-PT","publisher":{"@id":"https:\/\/novalion-med.com\/pt\/#organization"}}]}},"aioseo_meta_data":{"post_id":"5774","title":"Shock-Absorbing Patient Transfer Stretcher","description":"With 250kg static capacity, 193\u00d764cm dimensions, and 50-90cm height, this stretcher offers a 70\u00b0 backrest, silent castors, and PP bed surface.","keywords":"[]","keyphrases":"{\"focus\":{\"keyphrase\":\"\",\"score\":0,\"analysis\":{\"keyphraseInTitle\":{\"score\":0,\"maxScore\":9,\"error\":1}}},\"additional\":[]}","primary_term":null,"canonical_url":null,"og_title":null,"og_description":null,"og_object_type":"default","og_image_type":"default","og_image_url":null,"og_image_width":null,"og_image_height":null,"og_image_custom_url":null,"og_image_custom_fields":null,"og_video":"","og_custom_url":null,"og_article_section":null,"og_article_tags":"[]","twitter_use_og":false,"twitter_card":"default","twitter_image_type":"default","twitter_image_url":null,"twitter_image_custom_url":null,"twitter_image_custom_fields":null,"twitter_title":null,"twitter_description":null,"schema":{"blockGraphs":[],"customGraphs":[],"default":{"data":{"Article":[],"Course":[],"Dataset":[],"FAQPage":[],"Movie":[],"Person":[],"Product":[],"Recipe":[],"Service":[],"SoftwareApplication":[],"WebPage":[]},"graphName":"Product","isEnabled":true},"graphs":[]},"schema_type":"default","schema_type_options":null,"pillar_content":false,"robots_default":true,"robots_noindex":false,"robots_noarchive":false,"robots_nosnippet":false,"robots_nofollow":false,"robots_noimageindex":false,"robots_noodp":false,"robots_notranslate":false,"robots_max_snippet":"-1","robots_max_videopreview":"-1","robots_max_imagepreview":"large","priority":null,"frequency":"default","local_seo":null,"limit_modified_date":false,"created":"2025-06-20 02:08:37","updated":"2025-09-26 02:48:22"},"_links":{"self":[{"href":"https:\/\/novalion-med.com\/pt\/wp-json\/wp\/v2\/product\/5774","targetHints":{"allow":["GET"]}}],"collection":[{"href":"https:\/\/novalion-med.com\/pt\/wp-json\/wp\/v2\/product"}],"about":[{"href":"https:\/\/novalion-med.com\/pt\/wp-json\/wp\/v2\/types\/product"}],"version-history":[{"count":6,"href":"https:\/\/novalion-med.com\/pt\/wp-json\/wp\/v2\/product\/5774\/revisions"}],"predecessor-version":[{"id":9561,"href":"https:\/\/novalion-med.com\/pt\/wp-json\/wp\/v2\/product\/5774\/revisions\/9561"}],"wp:featuredmedia":[{"embeddable":true,"href":"https:\/\/novalion-med.com\/pt\/wp-json\/wp\/v2\/media\/9560"}],"wp:attachment":[{"href":"https:\/\/novalion-med.com\/pt\/wp-json\/wp\/v2\/media?parent=5774"}],"wp:term":[{"taxonomy":"product_brand","embeddable":true,"href":"https:\/\/novalion-med.com\/pt\/wp-json\/wp\/v2\/product_brand?post=5774"},{"taxonomy":"product_cat","embeddable":true,"href":"https:\/\/novalion-med.com\/pt\/wp-json\/wp\/v2\/product_cat?post=5774"},{"taxonomy":"product_tag","embeddable":true,"href":"https:\/\/novalion-med.com\/pt\/wp-json\/wp\/v2\/product_tag?post=5774"}],"curies":[{"name":"wp","href":"https:\/\/api.w.org\/{rel}","templated":true}]}}