{"id":5755,"date":"2025-06-20T01:57:33","date_gmt":"2025-06-20T01:57:33","guid":{"rendered":"https:\/\/novalion-med.com\/?post_type=product&#038;p=5755"},"modified":"2025-09-26T02:39:38","modified_gmt":"2025-09-26T02:39:38","slug":"maca-ajustavel-para-transferencia-de-doentes-com-suporte-de-oxigenio","status":"publish","type":"product","link":"https:\/\/novalion-med.com\/pt\/produto\/maca-ajustavel-para-transferencia-de-doentes-com-suporte-de-oxigenio\/","title":{"rendered":"Maca de transfer\u00eancia de doentes ajust\u00e1vel com suporte de oxig\u00e9nio"},"content":{"rendered":"<div data-elementor-type=\"product-post\" data-elementor-id=\"5755\" class=\"elementor elementor-5755\" data-elementor-post-type=\"product\">\n\t\t\t\t<div class=\"elementor-element elementor-element-1c93f1cb e-con-full e-flex e-con e-parent\" data-id=\"1c93f1cb\" data-element_type=\"container\">\n\t\t\t\t<div class=\"elementor-element elementor-element-2240ff1 elementor-widget elementor-widget-heading\" data-id=\"2240ff1\" data-element_type=\"widget\" data-widget_type=\"heading.default\">\n\t\t\t\t<div class=\"elementor-widget-container\">\n\t\t\t\t\t<h2 class=\"elementor-heading-title elementor-size-default\">Maca de transfer\u00eancia de doentes ajust\u00e1vel com suporte de oxig\u00e9nio<\/h2>\t\t\t\t<\/div>\n\t\t\t\t<\/div>\n\t\t\t\t<div class=\"elementor-element elementor-element-45d8c46 elementor-widget elementor-widget-text-editor\" data-id=\"45d8c46\" data-element_type=\"widget\" data-widget_type=\"text-editor.default\">\n\t\t\t\t<div class=\"elementor-widget-container\">\n\t\t\t\t\t\t\t\t\t<p>Encosto ajust\u00e1vel (0-60\u00b0\u00b15\u00b0), altura de 535-810 mm, suporte de oxig\u00e9nio, sistema de travagem central. Os guarda-corpos opcionais e o sistema el\u00e9trico oferecem solu\u00e7\u00f5es personalizadas para o transporte m\u00e9dico.<\/p>\t\t\t\t\t\t\t\t<\/div>\n\t\t\t\t<\/div>\n\t\t\t\t<div class=\"elementor-element elementor-element-7152afc elementor-widget elementor-widget-text-editor\" data-id=\"7152afc\" data-element_type=\"widget\" data-widget_type=\"text-editor.default\">\n\t\t\t\t<div class=\"elementor-widget-container\">\n\t\t\t\t\t\t\t\t\t<h2>Carater\u00edsticas principais<\/h2><p>\"Maca ajust\u00e1vel com encosto rebat\u00edvel de 0-60\u00b0\u00b15\u00b0, altura de 53,5-81cm, suporte de oxig\u00e9nio e travagem central. Sistema el\u00e9trico e guarda-corpos opcionais para solu\u00e7\u00f5es de transporte m\u00e9dico personalizadas.\"<\/p><ul><li>Encosto rebat\u00edvel (0-60\u00b0\u00b15\u00b0) para \u00e2ngulos personaliz\u00e1veis<\/li><li>Gama de regula\u00e7\u00e3o em altura de 535-810 mm<\/li><li>Suporte para garrafa de oxig\u00e9nio e sistema de travagem central<\/li><li>Guarda-corpos e sistema el\u00e9trico opcionais para maior funcionalidade<\/li><\/ul>\t\t\t\t\t\t\t\t<\/div>\n\t\t\t\t<\/div>\n\t\t\t\t<div class=\"elementor-element elementor-element-3a02177 elementor-widget elementor-widget-text-editor\" data-id=\"3a02177\" data-element_type=\"widget\" data-widget_type=\"text-editor.default\">\n\t\t\t\t<div class=\"elementor-widget-container\">\n\t\t\t\t\t\t\t\t\t<h2>Especifica\u00e7\u00f5es<\/h2><p>1. A parte de tr\u00e1s da superf\u00edcie da cama pode ser dobrada para cima:0-60\u00b0\u00b15\u00b0;<br \/>2. Gama de regula\u00e7\u00e3o da altura da carro\u00e7aria: 535-810 mm<br \/>3. Tamanho da cama: 1920*640\/740mm<br \/>4. A cama est\u00e1 equipada com um suporte para garrafa de oxig\u00e9nio e um interrutor de bloqueio.<br \/>5. O ve\u00edculo de socorro adopta o sistema de travagem de controlo central avan\u00e7ado internacional, que \u00e9 est\u00e1vel e fi\u00e1vel.<br \/>Opcional: quatro balaustradas pequenas, duas balaustradas grandes, sistema el\u00e9trico<\/p>\t\t\t\t\t\t\t\t<\/div>\n\t\t\t\t<\/div>\n\t\t\t\t<div class=\"elementor-element elementor-element-2996df9 elementor-widget elementor-widget-text-editor\" data-id=\"2996df9\" data-element_type=\"widget\" data-widget_type=\"text-editor.default\">\n\t\t\t\t<div class=\"elementor-widget-container\">\n\t\t\t\t\t\t\t\t\t<p>Mais equipamentos m\u00e9dicos podem ser encontrados em <a href=\"https:\/\/novalion-med.com\/pt\/\" target=\"_blank\" rel=\"noopener\">o nosso s\u00edtio Web<\/a> ou <a href=\"https:\/\/api.whatsapp.com\/send\/?phone=%2B008618112908401&amp;text&amp;type=phone_number&amp;app_absent=0\" target=\"_blank\" rel=\"noopener\">o nosso whatsapp<\/a>.<\/p>\t\t\t\t\t\t\t\t<\/div>\n\t\t\t\t<\/div>\n\t\t\t\t<\/div>\n\t\t\t\t<\/div>","protected":false},"excerpt":{"rendered":"<p>Esta maca de transfer\u00eancia de doentes destaca-se pela sua parte traseira dobr\u00e1vel da superf\u00edcie da cama, que pode ser ajustada de 0 a 60 graus com uma toler\u00e2ncia de \u00b15 graus. A altura da carro\u00e7aria do carro \u00e9 ajust\u00e1vel num intervalo de 535-810 mm, para diferentes alturas operacionais. O tamanho da cama mede 1920\u00d7640\/740 mm, oferecendo um espa\u00e7o amplo para os doentes. Equipado com um suporte para garrafa de oxig\u00e9nio e um interrutor de bloqueio, garante um acesso conveniente ao oxig\u00e9nio durante o transporte. O ve\u00edculo de resgate est\u00e1 equipado com um sistema de travagem de controlo central avan\u00e7ado internacional, garantindo uma travagem est\u00e1vel e fi\u00e1vel. Os acess\u00f3rios opcionais incluem quatro grades de prote\u00e7\u00e3o pequenas, duas grades de prote\u00e7\u00e3o grandes e um sistema el\u00e9trico, permitindo a personaliza\u00e7\u00e3o com base em necessidades espec\u00edficas.<\/p>","protected":false},"featured_media":9554,"template":"elementor_theme","meta":{"site-sidebar-layout":"default","site-content-layout":"","ast-site-content-layout":"default","site-content-style":"default","site-sidebar-style":"default","ast-global-header-display":"","ast-banner-title-visibility":"","ast-main-header-display":"","ast-hfb-above-header-display":"","ast-hfb-below-header-display":"","ast-hfb-mobile-header-display":"","site-post-title":"","ast-breadcrumbs-content":"","ast-featured-img":"","footer-sml-layout":"","theme-transparent-header-meta":"default","adv-header-id-meta":"","stick-header-meta":"default","header-above-stick-meta":"","header-main-stick-meta":"","header-below-stick-meta":"","astra-migrate-meta-layouts":"set","ast-page-background-enabled":"default","ast-page-background-meta":{"desktop":{"background-color":"var(--ast-global-color-4)","background-image":"","background-repeat":"repeat","background-position":"center center","background-size":"auto","background-attachment":"scroll","background-type":"","background-media":"","overlay-type":"","overlay-color":"","overlay-opacity":"","overlay-gradient":""},"tablet":{"background-color":"","background-image":"","background-repeat":"repeat","background-position":"center center","background-size":"auto","background-attachment":"scroll","background-type":"","background-media":"","overlay-type":"","overlay-color":"","overlay-opacity":"","overlay-gradient":""},"mobile":{"background-color":"","background-image":"","background-repeat":"repeat","background-position":"center center","background-size":"auto","background-attachment":"scroll","background-type":"","background-media":"","overlay-type":"","overlay-color":"","overlay-opacity":"","overlay-gradient":""}},"ast-content-background-meta":{"desktop":{"background-color":"var(--ast-global-color-5)","background-image":"","background-repeat":"repeat","background-position":"center center","background-size":"auto","background-attachment":"scroll","background-type":"","background-media":"","overlay-type":"","overlay-color":"","overlay-opacity":"","overlay-gradient":""},"tablet":{"background-color":"var(--ast-global-color-5)","background-image":"","background-repeat":"repeat","background-position":"center center","background-size":"auto","background-attachment":"scroll","background-type":"","background-media":"","overlay-type":"","overlay-color":"","overlay-opacity":"","overlay-gradient":""},"mobile":{"background-color":"var(--ast-global-color-5)","background-image":"","background-repeat":"repeat","background-position":"center center","background-size":"auto","background-attachment":"scroll","background-type":"","background-media":"","overlay-type":"","overlay-color":"","overlay-opacity":"","overlay-gradient":""}}},"product_brand":[],"product_cat":[99],"product_tag":[],"class_list":{"0":"post-5755","1":"product","2":"type-product","3":"status-publish","4":"has-post-thumbnail","6":"product_cat-transfer-stretchers","7":"desktop-align-center","8":"tablet-align-left","9":"mobile-align-left","10":"ast-product-gallery-layout-horizontal-slider","11":"ast-product-gallery-with-no-image","12":"ast-magnify-disabled","13":"ast-product-tabs-layout-accordion","14":"ast-qv-on-image","16":"first","17":"instock","18":"shipping-taxable","19":"purchasable","20":"product-type-simple"},"aioseo_notices":[],"aioseo_head":"\n\t\t<!-- All in One SEO Pro 4.6.0 - aioseo.com -->\n\t\t<meta name=\"description\" content=\"Featuring a 0-60\u00b0\u00b15\u00b0 foldable backrest and 535-810mm height range, this stretcher includes an oxygen holder, central braking, and optional guardrails.\" \/>\n\t\t<meta name=\"robots\" content=\"max-image-preview:large\" \/>\n\t\t<meta name=\"google-site-verification\" content=\"XE0Krczs_zYC4qBAqnvyRaNEYa9NQEP4HzU7PPpzxoI\" \/>\n\t\t<link rel=\"canonical\" href=\"https:\/\/novalion-med.com\/pt\/produto\/maca-ajustavel-para-transferencia-de-doentes-com-suporte-de-oxigenio\/\" \/>\n\t\t<meta name=\"generator\" content=\"All in One SEO Pro (AIOSEO) 4.6.0\" \/>\n\t\t<meta property=\"og:locale\" content=\"pt_PT\" \/>\n\t\t<meta property=\"og:site_name\" content=\"Novalion Medical \u2013 Wheelchair, Hospital bed, Walker,Commode chair,Crutch...\" \/>\n\t\t<meta property=\"og:type\" content=\"article\" \/>\n\t\t<meta property=\"og:title\" content=\"Adjustable Patient Transfer Stretcher with Oxygen Holder\" \/>\n\t\t<meta property=\"og:description\" content=\"Featuring a 0-60\u00b0\u00b15\u00b0 foldable backrest and 535-810mm height range, this stretcher includes an oxygen holder, central braking, and optional guardrails.\" \/>\n\t\t<meta property=\"og:url\" content=\"https:\/\/novalion-med.com\/pt\/produto\/maca-ajustavel-para-transferencia-de-doentes-com-suporte-de-oxigenio\/\" \/>\n\t\t<meta property=\"og:image\" content=\"https:\/\/novalion-med.com\/wp-content\/uploads\/2025\/04\/cropped-343496212_201698782614433_8037205422525878621_n-1.jpg\" \/>\n\t\t<meta property=\"og:image:secure_url\" content=\"https:\/\/novalion-med.com\/wp-content\/uploads\/2025\/04\/cropped-343496212_201698782614433_8037205422525878621_n-1.jpg\" \/>\n\t\t<meta property=\"og:image:width\" content=\"512\" \/>\n\t\t<meta property=\"og:image:height\" content=\"512\" \/>\n\t\t<meta property=\"article:published_time\" content=\"2025-06-20T01:57:33+00:00\" \/>\n\t\t<meta property=\"article:modified_time\" content=\"2025-09-26T02:39:38+00:00\" \/>\n\t\t<meta property=\"article:publisher\" content=\"https:\/\/www.facebook.com\/NovalionMedical\/\" \/>\n\t\t<meta name=\"twitter:card\" content=\"summary_large_image\" \/>\n\t\t<meta name=\"twitter:title\" content=\"Adjustable Patient Transfer Stretcher with Oxygen Holder\" \/>\n\t\t<meta name=\"twitter:description\" content=\"Featuring a 0-60\u00b0\u00b15\u00b0 foldable backrest and 535-810mm height range, this stretcher includes an oxygen holder, central braking, and optional guardrails.\" \/>\n\t\t<meta name=\"twitter:image\" content=\"https:\/\/novalion-med.com\/wp-content\/uploads\/2025\/04\/cropped-343496212_201698782614433_8037205422525878621_n-1.jpg\" \/>\n\t\t<script type=\"application\/ld+json\" class=\"aioseo-schema\">\n\t\t\t{\"@context\":\"https:\\\/\\\/schema.org\",\"@graph\":[{\"@type\":\"BreadcrumbList\",\"@id\":\"https:\\\/\\\/novalion-med.com\\\/pt\\\/produto\\\/maca-ajustavel-para-transferencia-de-doentes-com-suporte-de-oxigenio\\\/#breadcrumblist\",\"itemListElement\":[{\"@type\":\"ListItem\",\"@id\":\"https:\\\/\\\/novalion-med.com\\\/pt\\\/#listItem\",\"position\":1,\"name\":\"Home\",\"item\":\"https:\\\/\\\/novalion-med.com\\\/pt\\\/\",\"nextItem\":\"https:\\\/\\\/novalion-med.com\\\/pt\\\/produto\\\/maca-ajustavel-para-transferencia-de-doentes-com-suporte-de-oxigenio\\\/#listItem\"},{\"@type\":\"ListItem\",\"@id\":\"https:\\\/\\\/novalion-med.com\\\/pt\\\/produto\\\/maca-ajustavel-para-transferencia-de-doentes-com-suporte-de-oxigenio\\\/#listItem\",\"position\":2,\"name\":\"Adjustable Patient Transfer Stretcher with Oxygen Holder\",\"previousItem\":\"https:\\\/\\\/novalion-med.com\\\/pt\\\/#listItem\"}]},{\"@type\":\"Organization\",\"@id\":\"https:\\\/\\\/novalion-med.com\\\/pt\\\/#organization\",\"name\":\"novalion-med.com\",\"url\":\"https:\\\/\\\/novalion-med.com\\\/pt\\\/\",\"logo\":{\"@type\":\"ImageObject\",\"url\":\"https:\\\/\\\/novalion-med.com\\\/wp-content\\\/uploads\\\/2025\\\/04\\\/cropped-343496212_201698782614433_8037205422525878621_n-1.jpg\",\"@id\":\"https:\\\/\\\/novalion-med.com\\\/pt\\\/produto\\\/maca-ajustavel-para-transferencia-de-doentes-com-suporte-de-oxigenio\\\/#organizationLogo\",\"width\":512,\"height\":512},\"image\":{\"@id\":\"https:\\\/\\\/novalion-med.com\\\/pt\\\/produto\\\/maca-ajustavel-para-transferencia-de-doentes-com-suporte-de-oxigenio\\\/#organizationLogo\"},\"sameAs\":[\"https:\\\/\\\/www.facebook.com\\\/NovalionMedical\\\/\",\"https:\\\/\\\/www.youtube.com\\\/@NwlMedicalInstrument\"],\"contactPoint\":{\"@type\":\"ContactPoint\",\"telephone\":\"+8618326188070\",\"contactType\":\"Sales\"}},{\"@type\":\"Product\",\"@id\":\"https:\\\/\\\/novalion-med.com\\\/pt\\\/produto\\\/maca-ajustavel-para-transferencia-de-doentes-com-suporte-de-oxigenio\\\/#wooCommerceProduct\",\"name\":\"Adjustable Patient Transfer Stretcher with Oxygen Holder\",\"description\":\"This patient transfer stretcher stands out with its foldable back part of the bed surface, which can be adjusted from 0 to 60 degrees with a tolerance of \\u00b15 degrees. The car body height is adjustable within a range of 535-810mm, catering to different operational heights. The bed size measures 1920\\u00d7640\\\/740mm, offering ample space for patients. Equipped with an oxygen bottle holder and a locking switch, it ensures convenient access to oxygen during transport. The rescue vehicle is fitted with an international advanced central control braking system, guaranteeing stable and reliable braking. Optional accessories include four small guardrails, two large guardrails, and an electric system, allowing for customization based on specific needs.\",\"url\":\"https:\\\/\\\/novalion-med.com\\\/pt\\\/produto\\\/maca-ajustavel-para-transferencia-de-doentes-com-suporte-de-oxigenio\\\/\",\"sku\":\"NL150502-SJ-DC01\",\"image\":{\"@type\":\"ImageObject\",\"url\":\"https:\\\/\\\/novalion-med.com\\\/wp-content\\\/uploads\\\/2025\\\/06\\\/NL150502-SJ-DC01-Adjustable-Patient-Transfer-Stretcher-with-Oxygen-Holder.jpg\",\"@id\":\"https:\\\/\\\/novalion-med.com\\\/pt\\\/produto\\\/maca-ajustavel-para-transferencia-de-doentes-com-suporte-de-oxigenio\\\/#productImage\",\"width\":1000,\"height\":1000,\"caption\":\"NL150502-SJ-DC01 Adjustable Patient Transfer Stretcher with Oxygen Holder\"},\"offers\":{\"@type\":\"Offer\",\"url\":\"https:\\\/\\\/novalion-med.com\\\/pt\\\/produto\\\/maca-ajustavel-para-transferencia-de-doentes-com-suporte-de-oxigenio\\\/#wooCommerceOffer\",\"priceCurrency\":\"PHP\",\"category\":\"Transfer Stretchers\",\"availability\":\"https:\\\/\\\/schema.org\\\/InStock\",\"seller\":{\"@type\":\"Organization\",\"@id\":\"https:\\\/\\\/novalion-med.com\\\/pt\\\/#organization\"},\"price\":111}},{\"@type\":\"WebPage\",\"@id\":\"https:\\\/\\\/novalion-med.com\\\/pt\\\/produto\\\/maca-ajustavel-para-transferencia-de-doentes-com-suporte-de-oxigenio\\\/#webpage\",\"url\":\"https:\\\/\\\/novalion-med.com\\\/pt\\\/produto\\\/maca-ajustavel-para-transferencia-de-doentes-com-suporte-de-oxigenio\\\/\",\"name\":\"Adjustable Patient Transfer Stretcher with Oxygen Holder\",\"description\":\"Featuring a 0-60\\u00b0\\u00b15\\u00b0 foldable backrest and 535-810mm height range, this stretcher includes an oxygen holder, central braking, and optional guardrails.\",\"inLanguage\":\"pt-PT\",\"isPartOf\":{\"@id\":\"https:\\\/\\\/novalion-med.com\\\/pt\\\/#website\"},\"breadcrumb\":{\"@id\":\"https:\\\/\\\/novalion-med.com\\\/pt\\\/produto\\\/maca-ajustavel-para-transferencia-de-doentes-com-suporte-de-oxigenio\\\/#breadcrumblist\"},\"image\":{\"@type\":\"ImageObject\",\"url\":\"https:\\\/\\\/novalion-med.com\\\/wp-content\\\/uploads\\\/2025\\\/06\\\/NL150502-SJ-DC01-Adjustable-Patient-Transfer-Stretcher-with-Oxygen-Holder.jpg\",\"@id\":\"https:\\\/\\\/novalion-med.com\\\/pt\\\/produto\\\/maca-ajustavel-para-transferencia-de-doentes-com-suporte-de-oxigenio\\\/#mainImage\",\"width\":1000,\"height\":1000,\"caption\":\"NL150502-SJ-DC01 Adjustable Patient Transfer Stretcher with Oxygen Holder\"},\"primaryImageOfPage\":{\"@id\":\"https:\\\/\\\/novalion-med.com\\\/pt\\\/produto\\\/maca-ajustavel-para-transferencia-de-doentes-com-suporte-de-oxigenio\\\/#mainImage\"},\"datePublished\":\"2025-06-20T01:57:33+00:00\",\"dateModified\":\"2025-09-26T02:39:38+00:00\"},{\"@type\":\"WebSite\",\"@id\":\"https:\\\/\\\/novalion-med.com\\\/pt\\\/#website\",\"url\":\"https:\\\/\\\/novalion-med.com\\\/pt\\\/\",\"name\":\"novalion-med.com\",\"description\":\"Wheelchair, Hospital bed, Walker,Commode chair,Crutch...\",\"inLanguage\":\"pt-PT\",\"publisher\":{\"@id\":\"https:\\\/\\\/novalion-med.com\\\/pt\\\/#organization\"}}]}\n\t\t<\/script>\n\t\t<!-- All in One SEO Pro -->\r\n\t\t<title>Adjustable Patient Transfer Stretcher with Oxygen Holder<\/title>\n\n","aioseo_head_json":{"title":"Adjustable Patient Transfer Stretcher with Oxygen Holder","description":"Featuring a 0-60\u00b0\u00b15\u00b0 foldable backrest and 535-810mm height range, this stretcher includes an oxygen holder, central braking, and optional guardrails.","canonical_url":"https:\/\/novalion-med.com\/pt\/produto\/maca-ajustavel-para-transferencia-de-doentes-com-suporte-de-oxigenio\/","robots":"max-image-preview:large","keywords":"","webmasterTools":{"google-site-verification":"XE0Krczs_zYC4qBAqnvyRaNEYa9NQEP4HzU7PPpzxoI","miscellaneous":""},"og:locale":"pt_PT","og:site_name":"Novalion Medical \u2013 Wheelchair, Hospital bed, Walker,Commode chair,Crutch...","og:type":"article","og:title":"Adjustable Patient Transfer Stretcher with Oxygen Holder","og:description":"Featuring a 0-60\u00b0\u00b15\u00b0 foldable backrest and 535-810mm height range, this stretcher includes an oxygen holder, central braking, and optional guardrails.","og:url":"https:\/\/novalion-med.com\/pt\/produto\/maca-ajustavel-para-transferencia-de-doentes-com-suporte-de-oxigenio\/","og:image":"https:\/\/novalion-med.com\/wp-content\/uploads\/2025\/04\/cropped-343496212_201698782614433_8037205422525878621_n-1.jpg","og:image:secure_url":"https:\/\/novalion-med.com\/wp-content\/uploads\/2025\/04\/cropped-343496212_201698782614433_8037205422525878621_n-1.jpg","og:image:width":512,"og:image:height":512,"article:published_time":"2025-06-20T01:57:33+00:00","article:modified_time":"2025-09-26T02:39:38+00:00","article:publisher":"https:\/\/www.facebook.com\/NovalionMedical\/","twitter:card":"summary_large_image","twitter:title":"Adjustable Patient Transfer Stretcher with Oxygen Holder","twitter:description":"Featuring a 0-60\u00b0\u00b15\u00b0 foldable backrest and 535-810mm height range, this stretcher includes an oxygen holder, central braking, and optional guardrails.","twitter:image":"https:\/\/novalion-med.com\/wp-content\/uploads\/2025\/04\/cropped-343496212_201698782614433_8037205422525878621_n-1.jpg","schema":{"@context":"https:\/\/schema.org","@graph":[{"@type":"BreadcrumbList","@id":"https:\/\/novalion-med.com\/pt\/produto\/maca-ajustavel-para-transferencia-de-doentes-com-suporte-de-oxigenio\/#breadcrumblist","itemListElement":[{"@type":"ListItem","@id":"https:\/\/novalion-med.com\/pt\/#listItem","position":1,"name":"Home","item":"https:\/\/novalion-med.com\/pt\/","nextItem":"https:\/\/novalion-med.com\/pt\/produto\/maca-ajustavel-para-transferencia-de-doentes-com-suporte-de-oxigenio\/#listItem"},{"@type":"ListItem","@id":"https:\/\/novalion-med.com\/pt\/produto\/maca-ajustavel-para-transferencia-de-doentes-com-suporte-de-oxigenio\/#listItem","position":2,"name":"Adjustable Patient Transfer Stretcher with Oxygen Holder","previousItem":"https:\/\/novalion-med.com\/pt\/#listItem"}]},{"@type":"Organization","@id":"https:\/\/novalion-med.com\/pt\/#organization","name":"novalion-med.com","url":"https:\/\/novalion-med.com\/pt\/","logo":{"@type":"ImageObject","url":"https:\/\/novalion-med.com\/wp-content\/uploads\/2025\/04\/cropped-343496212_201698782614433_8037205422525878621_n-1.jpg","@id":"https:\/\/novalion-med.com\/pt\/produto\/maca-ajustavel-para-transferencia-de-doentes-com-suporte-de-oxigenio\/#organizationLogo","width":512,"height":512},"image":{"@id":"https:\/\/novalion-med.com\/pt\/produto\/maca-ajustavel-para-transferencia-de-doentes-com-suporte-de-oxigenio\/#organizationLogo"},"sameAs":["https:\/\/www.facebook.com\/NovalionMedical\/","https:\/\/www.youtube.com\/@NwlMedicalInstrument"],"contactPoint":{"@type":"ContactPoint","telephone":"+8618326188070","contactType":"Sales"}},{"@type":"Product","@id":"https:\/\/novalion-med.com\/pt\/produto\/maca-ajustavel-para-transferencia-de-doentes-com-suporte-de-oxigenio\/#wooCommerceProduct","name":"Adjustable Patient Transfer Stretcher with Oxygen Holder","description":"This patient transfer stretcher stands out with its foldable back part of the bed surface, which can be adjusted from 0 to 60 degrees with a tolerance of \u00b15 degrees. The car body height is adjustable within a range of 535-810mm, catering to different operational heights. The bed size measures 1920\u00d7640\/740mm, offering ample space for patients. Equipped with an oxygen bottle holder and a locking switch, it ensures convenient access to oxygen during transport. The rescue vehicle is fitted with an international advanced central control braking system, guaranteeing stable and reliable braking. Optional accessories include four small guardrails, two large guardrails, and an electric system, allowing for customization based on specific needs.","url":"https:\/\/novalion-med.com\/pt\/produto\/maca-ajustavel-para-transferencia-de-doentes-com-suporte-de-oxigenio\/","sku":"NL150502-SJ-DC01","image":{"@type":"ImageObject","url":"https:\/\/novalion-med.com\/wp-content\/uploads\/2025\/06\/NL150502-SJ-DC01-Adjustable-Patient-Transfer-Stretcher-with-Oxygen-Holder.jpg","@id":"https:\/\/novalion-med.com\/pt\/produto\/maca-ajustavel-para-transferencia-de-doentes-com-suporte-de-oxigenio\/#productImage","width":1000,"height":1000,"caption":"NL150502-SJ-DC01 Adjustable Patient Transfer Stretcher with Oxygen Holder"},"offers":{"@type":"Offer","url":"https:\/\/novalion-med.com\/pt\/produto\/maca-ajustavel-para-transferencia-de-doentes-com-suporte-de-oxigenio\/#wooCommerceOffer","priceCurrency":"PHP","category":"Transfer Stretchers","availability":"https:\/\/schema.org\/InStock","seller":{"@type":"Organization","@id":"https:\/\/novalion-med.com\/pt\/#organization"},"price":111}},{"@type":"WebPage","@id":"https:\/\/novalion-med.com\/pt\/produto\/maca-ajustavel-para-transferencia-de-doentes-com-suporte-de-oxigenio\/#webpage","url":"https:\/\/novalion-med.com\/pt\/produto\/maca-ajustavel-para-transferencia-de-doentes-com-suporte-de-oxigenio\/","name":"Adjustable Patient Transfer Stretcher with Oxygen Holder","description":"Featuring a 0-60\u00b0\u00b15\u00b0 foldable backrest and 535-810mm height range, this stretcher includes an oxygen holder, central braking, and optional guardrails.","inLanguage":"pt-PT","isPartOf":{"@id":"https:\/\/novalion-med.com\/pt\/#website"},"breadcrumb":{"@id":"https:\/\/novalion-med.com\/pt\/produto\/maca-ajustavel-para-transferencia-de-doentes-com-suporte-de-oxigenio\/#breadcrumblist"},"image":{"@type":"ImageObject","url":"https:\/\/novalion-med.com\/wp-content\/uploads\/2025\/06\/NL150502-SJ-DC01-Adjustable-Patient-Transfer-Stretcher-with-Oxygen-Holder.jpg","@id":"https:\/\/novalion-med.com\/pt\/produto\/maca-ajustavel-para-transferencia-de-doentes-com-suporte-de-oxigenio\/#mainImage","width":1000,"height":1000,"caption":"NL150502-SJ-DC01 Adjustable Patient Transfer Stretcher with Oxygen Holder"},"primaryImageOfPage":{"@id":"https:\/\/novalion-med.com\/pt\/produto\/maca-ajustavel-para-transferencia-de-doentes-com-suporte-de-oxigenio\/#mainImage"},"datePublished":"2025-06-20T01:57:33+00:00","dateModified":"2025-09-26T02:39:38+00:00"},{"@type":"WebSite","@id":"https:\/\/novalion-med.com\/pt\/#website","url":"https:\/\/novalion-med.com\/pt\/","name":"novalion-med.com","description":"Wheelchair, Hospital bed, Walker,Commode chair,Crutch...","inLanguage":"pt-PT","publisher":{"@id":"https:\/\/novalion-med.com\/pt\/#organization"}}]}},"aioseo_meta_data":{"post_id":"5755","title":"Adjustable Patient Transfer Stretcher with Oxygen Holder","description":"Featuring a 0-60\u00b0\u00b15\u00b0 foldable backrest and 535-810mm height range, this stretcher includes an oxygen holder, central braking, and optional guardrails.","keywords":"[]","keyphrases":"{\"focus\":{\"keyphrase\":\"\",\"score\":0,\"analysis\":{\"keyphraseInTitle\":{\"score\":0,\"maxScore\":9,\"error\":1}}},\"additional\":[]}","primary_term":null,"canonical_url":null,"og_title":null,"og_description":null,"og_object_type":"default","og_image_type":"default","og_image_url":null,"og_image_width":null,"og_image_height":null,"og_image_custom_url":null,"og_image_custom_fields":null,"og_video":"","og_custom_url":null,"og_article_section":null,"og_article_tags":"[]","twitter_use_og":false,"twitter_card":"default","twitter_image_type":"default","twitter_image_url":null,"twitter_image_custom_url":null,"twitter_image_custom_fields":null,"twitter_title":null,"twitter_description":null,"schema":{"blockGraphs":[],"customGraphs":[],"default":{"data":{"Article":[],"Course":[],"Dataset":[],"FAQPage":[],"Movie":[],"Person":[],"Product":[],"Recipe":[],"Service":[],"SoftwareApplication":[],"WebPage":[]},"graphName":"Product","isEnabled":true},"graphs":[]},"schema_type":"default","schema_type_options":null,"pillar_content":false,"robots_default":true,"robots_noindex":false,"robots_noarchive":false,"robots_nosnippet":false,"robots_nofollow":false,"robots_noimageindex":false,"robots_noodp":false,"robots_notranslate":false,"robots_max_snippet":"-1","robots_max_videopreview":"-1","robots_max_imagepreview":"large","priority":null,"frequency":"default","local_seo":null,"limit_modified_date":false,"created":"2025-06-20 01:57:33","updated":"2025-09-26 02:48:22"},"_links":{"self":[{"href":"https:\/\/novalion-med.com\/pt\/wp-json\/wp\/v2\/product\/5755","targetHints":{"allow":["GET"]}}],"collection":[{"href":"https:\/\/novalion-med.com\/pt\/wp-json\/wp\/v2\/product"}],"about":[{"href":"https:\/\/novalion-med.com\/pt\/wp-json\/wp\/v2\/types\/product"}],"version-history":[{"count":5,"href":"https:\/\/novalion-med.com\/pt\/wp-json\/wp\/v2\/product\/5755\/revisions"}],"predecessor-version":[{"id":9555,"href":"https:\/\/novalion-med.com\/pt\/wp-json\/wp\/v2\/product\/5755\/revisions\/9555"}],"wp:featuredmedia":[{"embeddable":true,"href":"https:\/\/novalion-med.com\/pt\/wp-json\/wp\/v2\/media\/9554"}],"wp:attachment":[{"href":"https:\/\/novalion-med.com\/pt\/wp-json\/wp\/v2\/media?parent=5755"}],"wp:term":[{"taxonomy":"product_brand","embeddable":true,"href":"https:\/\/novalion-med.com\/pt\/wp-json\/wp\/v2\/product_brand?post=5755"},{"taxonomy":"product_cat","embeddable":true,"href":"https:\/\/novalion-med.com\/pt\/wp-json\/wp\/v2\/product_cat?post=5755"},{"taxonomy":"product_tag","embeddable":true,"href":"https:\/\/novalion-med.com\/pt\/wp-json\/wp\/v2\/product_tag?post=5755"}],"curies":[{"name":"wp","href":"https:\/\/api.w.org\/{rel}","templated":true}]}}