{"id":5745,"date":"2025-06-20T01:51:35","date_gmt":"2025-06-20T01:51:35","guid":{"rendered":"https:\/\/novalion-med.com\/?post_type=product&#038;p=5745"},"modified":"2025-09-26T02:36:07","modified_gmt":"2025-09-26T02:36:07","slug":"maca-de-transferencia-de-doentes-para-cirurgia-em-ambulancia","status":"publish","type":"product","link":"https:\/\/novalion-med.com\/pt\/produto\/maca-de-transferencia-de-doentes-para-cirurgia-em-ambulancia\/","title":{"rendered":"Maca de transfer\u00eancia de doentes para ambul\u00e2ncia e cirurgia"},"content":{"rendered":"<div data-elementor-type=\"product-post\" data-elementor-id=\"5745\" class=\"elementor elementor-5745\" data-elementor-post-type=\"product\">\n\t\t\t\t<div class=\"elementor-element elementor-element-1c93f1cb e-con-full e-flex e-con e-parent\" data-id=\"1c93f1cb\" data-element_type=\"container\">\n\t\t\t\t<div class=\"elementor-element elementor-element-2240ff1 elementor-widget elementor-widget-heading\" data-id=\"2240ff1\" data-element_type=\"widget\" data-widget_type=\"heading.default\">\n\t\t\t\t<div class=\"elementor-widget-container\">\n\t\t\t\t\t<h2 class=\"elementor-heading-title elementor-size-default\">Maca de transfer\u00eancia de doentes para ambul\u00e2ncia e cirurgia<\/h2>\t\t\t\t<\/div>\n\t\t\t\t<\/div>\n\t\t\t\t<div class=\"elementor-element elementor-element-45d8c46 elementor-widget elementor-widget-text-editor\" data-id=\"45d8c46\" data-element_type=\"widget\" data-widget_type=\"text-editor.default\">\n\t\t\t\t<div class=\"elementor-widget-container\">\n\t\t\t\t\t\t\t\t\t<p>Vers\u00e1til para transporte em ambul\u00e2ncias e cirurgia geral. Inclui encosto ajust\u00e1vel a 75\u00b0, duas regula\u00e7\u00f5es de altura (92 cm\/25 cm) e capacidade de carga de 159 kg. A constru\u00e7\u00e3o robusta garante uma transfer\u00eancia fi\u00e1vel do doente em situa\u00e7\u00f5es de emerg\u00eancia e cir\u00fargicas.<\/p>\t\t\t\t\t\t\t\t<\/div>\n\t\t\t\t<\/div>\n\t\t\t\t<div class=\"elementor-element elementor-element-7152afc elementor-widget elementor-widget-text-editor\" data-id=\"7152afc\" data-element_type=\"widget\" data-widget_type=\"text-editor.default\">\n\t\t\t\t<div class=\"elementor-widget-container\">\n\t\t\t\t\t\t\t\t\t<h2>Carater\u00edsticas principais<\/h2><p>\"Maca multifuncional de transfer\u00eancia de doentes para utiliza\u00e7\u00e3o em ambul\u00e2ncias e em cirurgia. Encosto regul\u00e1vel a 75\u00b0, duas regula\u00e7\u00f5es de altura (92cm\/25cm), capacidade de carga de 159KG. Apoio fi\u00e1vel para transporte de emerg\u00eancia e procedimentos cir\u00fargicos.\"<\/p><ul><li>Utiliza\u00e7\u00e3o vers\u00e1til para transporte em ambul\u00e2ncia e cirurgia geral<\/li><li>Altura ajust\u00e1vel (alto: 190\u00d755\u00d792cm; baixo: 190\u00d755\u00d725cm)<\/li><li>159KG de capacidade de carga m\u00e1xima<\/li><li>Inclina\u00e7\u00e3o m\u00e1xima do encosto de 75\u00b0 para conforto do paciente<\/li><\/ul>\t\t\t\t\t\t\t\t<\/div>\n\t\t\t\t<\/div>\n\t\t\t\t<div class=\"elementor-element elementor-element-3a02177 elementor-widget elementor-widget-text-editor\" data-id=\"3a02177\" data-element_type=\"widget\" data-widget_type=\"text-editor.default\">\n\t\t\t\t<div class=\"elementor-widget-container\">\n\t\t\t\t\t\t\t\t\t<h2>Especifica\u00e7\u00f5es<\/h2><p>\u00c9 utilizado para o transporte de feridos e doentes em ambul\u00e2ncia e pode tamb\u00e9m ser utilizado para cirurgia geral.<br \/>1. Tamanho (comprimento)\u00d7largura\u00d7altura): posi\u00e7\u00e3o alta: 190 * 55 * 92cm<br \/>Posi\u00e7\u00e3o baixa: 190 * 55 * 25cm<br \/>2. Peso do rolamento: \u2264 159KG<br \/>3. Inclina\u00e7\u00e3o m\u00e1xima do encosto: 75 \u00ba<\/p>\t\t\t\t\t\t\t\t<\/div>\n\t\t\t\t<\/div>\n\t\t\t\t<div class=\"elementor-element elementor-element-2996df9 elementor-widget elementor-widget-text-editor\" data-id=\"2996df9\" data-element_type=\"widget\" data-widget_type=\"text-editor.default\">\n\t\t\t\t<div class=\"elementor-widget-container\">\n\t\t\t\t\t\t\t\t\t<p>Mais equipamentos m\u00e9dicos podem ser encontrados em <a href=\"https:\/\/novalion-med.com\/pt\/\" target=\"_blank\" rel=\"noopener\">o nosso s\u00edtio Web<\/a> ou <a href=\"https:\/\/api.whatsapp.com\/send\/?phone=%2B008618112908401&amp;text&amp;type=phone_number&amp;app_absent=0\" target=\"_blank\" rel=\"noopener\">o nosso whatsapp<\/a>.<\/p>\t\t\t\t\t\t\t\t<\/div>\n\t\t\t\t<\/div>\n\t\t\t\t<\/div>\n\t\t\t\t<\/div>","protected":false},"excerpt":{"rendered":"<p>Esta maca de transfer\u00eancia de doentes foi especialmente concebida para o transporte em ambul\u00e2ncia de feridos e doentes, podendo tamb\u00e9m ser aplicada em procedimentos cir\u00fargicos gerais. Possui altura ajust\u00e1vel, com a posi\u00e7\u00e3o alta a medir 190\u00d755\u00d792cm e a posi\u00e7\u00e3o baixa a 190\u00d755\u00d725cm. A maca tem uma capacidade de carga at\u00e9 159KG, garantindo seguran\u00e7a para a maioria dos pacientes. O encosto pode ser inclinado at\u00e9 um \u00e2ngulo m\u00e1ximo de 75 graus, proporcionando flexibilidade para o conforto do doente e as necessidades m\u00e9dicas durante o transporte ou a cirurgia. A sua constru\u00e7\u00e3o robusta e o design pr\u00e1tico fazem dela uma escolha fi\u00e1vel para ambientes de emerg\u00eancia e cir\u00fargicos.<\/p>","protected":false},"featured_media":9550,"template":"elementor_theme","meta":{"site-sidebar-layout":"default","site-content-layout":"","ast-site-content-layout":"default","site-content-style":"default","site-sidebar-style":"default","ast-global-header-display":"","ast-banner-title-visibility":"","ast-main-header-display":"","ast-hfb-above-header-display":"","ast-hfb-below-header-display":"","ast-hfb-mobile-header-display":"","site-post-title":"","ast-breadcrumbs-content":"","ast-featured-img":"","footer-sml-layout":"","theme-transparent-header-meta":"default","adv-header-id-meta":"","stick-header-meta":"default","header-above-stick-meta":"","header-main-stick-meta":"","header-below-stick-meta":"","astra-migrate-meta-layouts":"set","ast-page-background-enabled":"default","ast-page-background-meta":{"desktop":{"background-color":"var(--ast-global-color-4)","background-image":"","background-repeat":"repeat","background-position":"center center","background-size":"auto","background-attachment":"scroll","background-type":"","background-media":"","overlay-type":"","overlay-color":"","overlay-opacity":"","overlay-gradient":""},"tablet":{"background-color":"","background-image":"","background-repeat":"repeat","background-position":"center center","background-size":"auto","background-attachment":"scroll","background-type":"","background-media":"","overlay-type":"","overlay-color":"","overlay-opacity":"","overlay-gradient":""},"mobile":{"background-color":"","background-image":"","background-repeat":"repeat","background-position":"center center","background-size":"auto","background-attachment":"scroll","background-type":"","background-media":"","overlay-type":"","overlay-color":"","overlay-opacity":"","overlay-gradient":""}},"ast-content-background-meta":{"desktop":{"background-color":"var(--ast-global-color-5)","background-image":"","background-repeat":"repeat","background-position":"center center","background-size":"auto","background-attachment":"scroll","background-type":"","background-media":"","overlay-type":"","overlay-color":"","overlay-opacity":"","overlay-gradient":""},"tablet":{"background-color":"var(--ast-global-color-5)","background-image":"","background-repeat":"repeat","background-position":"center center","background-size":"auto","background-attachment":"scroll","background-type":"","background-media":"","overlay-type":"","overlay-color":"","overlay-opacity":"","overlay-gradient":""},"mobile":{"background-color":"var(--ast-global-color-5)","background-image":"","background-repeat":"repeat","background-position":"center center","background-size":"auto","background-attachment":"scroll","background-type":"","background-media":"","overlay-type":"","overlay-color":"","overlay-opacity":"","overlay-gradient":""}}},"product_brand":[],"product_cat":[99],"product_tag":[],"class_list":{"0":"post-5745","1":"product","2":"type-product","3":"status-publish","4":"has-post-thumbnail","6":"product_cat-transfer-stretchers","7":"desktop-align-center","8":"tablet-align-left","9":"mobile-align-left","10":"ast-product-gallery-layout-horizontal-slider","11":"ast-product-gallery-with-no-image","12":"ast-magnify-disabled","13":"ast-product-tabs-layout-accordion","14":"ast-qv-on-image","16":"first","17":"instock","18":"shipping-taxable","19":"purchasable","20":"product-type-simple"},"aioseo_notices":[],"aioseo_head":"\n\t\t<!-- All in One SEO Pro 4.6.0 - aioseo.com -->\n\t\t<meta name=\"description\" content=\"Designed for ambulance transport and surgical use, this stretcher offers height adjustment (190\u00d755\u00d792cm\/25cm), 159KG capacity, and a 75\u00b0 max backrest incline.\" \/>\n\t\t<meta name=\"robots\" content=\"max-image-preview:large\" \/>\n\t\t<meta name=\"google-site-verification\" content=\"XE0Krczs_zYC4qBAqnvyRaNEYa9NQEP4HzU7PPpzxoI\" \/>\n\t\t<link rel=\"canonical\" href=\"https:\/\/novalion-med.com\/pt\/produto\/maca-de-transferencia-de-doentes-para-cirurgia-em-ambulancia\/\" \/>\n\t\t<meta name=\"generator\" content=\"All in One SEO Pro (AIOSEO) 4.6.0\" \/>\n\t\t<meta property=\"og:locale\" content=\"pt_PT\" \/>\n\t\t<meta property=\"og:site_name\" content=\"Novalion Medical \u2013 Wheelchair, Hospital bed, Walker,Commode chair,Crutch...\" \/>\n\t\t<meta property=\"og:type\" content=\"article\" \/>\n\t\t<meta property=\"og:title\" content=\"Patient Transfer Stretcher for Ambulance &amp; Surgery\" \/>\n\t\t<meta property=\"og:description\" content=\"Designed for ambulance transport and surgical use, this stretcher offers height adjustment (190\u00d755\u00d792cm\/25cm), 159KG capacity, and a 75\u00b0 max backrest incline.\" \/>\n\t\t<meta property=\"og:url\" content=\"https:\/\/novalion-med.com\/pt\/produto\/maca-de-transferencia-de-doentes-para-cirurgia-em-ambulancia\/\" \/>\n\t\t<meta property=\"og:image\" content=\"https:\/\/novalion-med.com\/wp-content\/uploads\/2025\/04\/cropped-343496212_201698782614433_8037205422525878621_n-1.jpg\" \/>\n\t\t<meta property=\"og:image:secure_url\" content=\"https:\/\/novalion-med.com\/wp-content\/uploads\/2025\/04\/cropped-343496212_201698782614433_8037205422525878621_n-1.jpg\" \/>\n\t\t<meta property=\"og:image:width\" content=\"512\" \/>\n\t\t<meta property=\"og:image:height\" content=\"512\" \/>\n\t\t<meta property=\"article:published_time\" content=\"2025-06-20T01:51:35+00:00\" \/>\n\t\t<meta property=\"article:modified_time\" content=\"2025-09-26T02:36:07+00:00\" \/>\n\t\t<meta property=\"article:publisher\" content=\"https:\/\/www.facebook.com\/NovalionMedical\/\" \/>\n\t\t<meta name=\"twitter:card\" content=\"summary_large_image\" \/>\n\t\t<meta name=\"twitter:title\" content=\"Patient Transfer Stretcher for Ambulance &amp; Surgery\" \/>\n\t\t<meta name=\"twitter:description\" content=\"Designed for ambulance transport and surgical use, this stretcher offers height adjustment (190\u00d755\u00d792cm\/25cm), 159KG capacity, and a 75\u00b0 max backrest incline.\" \/>\n\t\t<meta name=\"twitter:image\" content=\"https:\/\/novalion-med.com\/wp-content\/uploads\/2025\/04\/cropped-343496212_201698782614433_8037205422525878621_n-1.jpg\" \/>\n\t\t<script type=\"application\/ld+json\" class=\"aioseo-schema\">\n\t\t\t{\"@context\":\"https:\\\/\\\/schema.org\",\"@graph\":[{\"@type\":\"BreadcrumbList\",\"@id\":\"https:\\\/\\\/novalion-med.com\\\/pt\\\/produto\\\/maca-de-transferencia-de-doentes-para-cirurgia-em-ambulancia\\\/#breadcrumblist\",\"itemListElement\":[{\"@type\":\"ListItem\",\"@id\":\"https:\\\/\\\/novalion-med.com\\\/pt\\\/#listItem\",\"position\":1,\"name\":\"Home\",\"item\":\"https:\\\/\\\/novalion-med.com\\\/pt\\\/\",\"nextItem\":\"https:\\\/\\\/novalion-med.com\\\/pt\\\/produto\\\/maca-de-transferencia-de-doentes-para-cirurgia-em-ambulancia\\\/#listItem\"},{\"@type\":\"ListItem\",\"@id\":\"https:\\\/\\\/novalion-med.com\\\/pt\\\/produto\\\/maca-de-transferencia-de-doentes-para-cirurgia-em-ambulancia\\\/#listItem\",\"position\":2,\"name\":\"Patient Transfer Stretcher for Ambulance & Surgery\",\"previousItem\":\"https:\\\/\\\/novalion-med.com\\\/pt\\\/#listItem\"}]},{\"@type\":\"Organization\",\"@id\":\"https:\\\/\\\/novalion-med.com\\\/pt\\\/#organization\",\"name\":\"novalion-med.com\",\"url\":\"https:\\\/\\\/novalion-med.com\\\/pt\\\/\",\"logo\":{\"@type\":\"ImageObject\",\"url\":\"https:\\\/\\\/novalion-med.com\\\/wp-content\\\/uploads\\\/2025\\\/04\\\/cropped-343496212_201698782614433_8037205422525878621_n-1.jpg\",\"@id\":\"https:\\\/\\\/novalion-med.com\\\/pt\\\/produto\\\/maca-de-transferencia-de-doentes-para-cirurgia-em-ambulancia\\\/#organizationLogo\",\"width\":512,\"height\":512},\"image\":{\"@id\":\"https:\\\/\\\/novalion-med.com\\\/pt\\\/produto\\\/maca-de-transferencia-de-doentes-para-cirurgia-em-ambulancia\\\/#organizationLogo\"},\"sameAs\":[\"https:\\\/\\\/www.facebook.com\\\/NovalionMedical\\\/\",\"https:\\\/\\\/www.youtube.com\\\/@NwlMedicalInstrument\"],\"contactPoint\":{\"@type\":\"ContactPoint\",\"telephone\":\"+8618326188070\",\"contactType\":\"Sales\"}},{\"@type\":\"Product\",\"@id\":\"https:\\\/\\\/novalion-med.com\\\/pt\\\/produto\\\/maca-de-transferencia-de-doentes-para-cirurgia-em-ambulancia\\\/#wooCommerceProduct\",\"name\":\"Patient Transfer Stretcher for Ambulance & Surgery\",\"description\":\"This patient transfer stretcher is specially designed for ambulance transport of the injured and sick, and it can also be applied to general surgical procedures. It features adjustable height, with the high position measuring 190\\u00d755\\u00d792cm and the low position at 190\\u00d755\\u00d725cm. The stretcher has a bearing weight capacity of up to 159KG, ensuring safety for most patients. The backrest can be inclined to a maximum angle of 75 degrees, providing flexibility for patient comfort and medical needs during transportation or surgery. Its sturdy construction and practical design make it a reliable choice for emergency and surgical environments.\",\"url\":\"https:\\\/\\\/novalion-med.com\\\/pt\\\/produto\\\/maca-de-transferencia-de-doentes-para-cirurgia-em-ambulancia\\\/\",\"sku\":\"NL150502-MDJ01\",\"image\":{\"@type\":\"ImageObject\",\"url\":\"https:\\\/\\\/novalion-med.com\\\/wp-content\\\/uploads\\\/2025\\\/06\\\/NL150502-MDJ01-Patient-Transfer-Stretcher-for-Ambulance-Surgery.jpg\",\"@id\":\"https:\\\/\\\/novalion-med.com\\\/pt\\\/produto\\\/maca-de-transferencia-de-doentes-para-cirurgia-em-ambulancia\\\/#productImage\",\"width\":750,\"height\":750,\"caption\":\"NL150502-MDJ01 Patient Transfer Stretcher for Ambulance Surgery\"},\"offers\":{\"@type\":\"Offer\",\"url\":\"https:\\\/\\\/novalion-med.com\\\/pt\\\/produto\\\/maca-de-transferencia-de-doentes-para-cirurgia-em-ambulancia\\\/#wooCommerceOffer\",\"priceCurrency\":\"PHP\",\"category\":\"Transfer Stretchers\",\"availability\":\"https:\\\/\\\/schema.org\\\/InStock\",\"seller\":{\"@type\":\"Organization\",\"@id\":\"https:\\\/\\\/novalion-med.com\\\/pt\\\/#organization\"},\"price\":111}},{\"@type\":\"WebPage\",\"@id\":\"https:\\\/\\\/novalion-med.com\\\/pt\\\/produto\\\/maca-de-transferencia-de-doentes-para-cirurgia-em-ambulancia\\\/#webpage\",\"url\":\"https:\\\/\\\/novalion-med.com\\\/pt\\\/produto\\\/maca-de-transferencia-de-doentes-para-cirurgia-em-ambulancia\\\/\",\"name\":\"Patient Transfer Stretcher for Ambulance & Surgery\",\"description\":\"Designed for ambulance transport and surgical use, this stretcher offers height adjustment (190\\u00d755\\u00d792cm\\\/25cm), 159KG capacity, and a 75\\u00b0 max backrest incline.\",\"inLanguage\":\"pt-PT\",\"isPartOf\":{\"@id\":\"https:\\\/\\\/novalion-med.com\\\/pt\\\/#website\"},\"breadcrumb\":{\"@id\":\"https:\\\/\\\/novalion-med.com\\\/pt\\\/produto\\\/maca-de-transferencia-de-doentes-para-cirurgia-em-ambulancia\\\/#breadcrumblist\"},\"image\":{\"@type\":\"ImageObject\",\"url\":\"https:\\\/\\\/novalion-med.com\\\/wp-content\\\/uploads\\\/2025\\\/06\\\/NL150502-MDJ01-Patient-Transfer-Stretcher-for-Ambulance-Surgery.jpg\",\"@id\":\"https:\\\/\\\/novalion-med.com\\\/pt\\\/produto\\\/maca-de-transferencia-de-doentes-para-cirurgia-em-ambulancia\\\/#mainImage\",\"width\":750,\"height\":750,\"caption\":\"NL150502-MDJ01 Patient Transfer Stretcher for Ambulance Surgery\"},\"primaryImageOfPage\":{\"@id\":\"https:\\\/\\\/novalion-med.com\\\/pt\\\/produto\\\/maca-de-transferencia-de-doentes-para-cirurgia-em-ambulancia\\\/#mainImage\"},\"datePublished\":\"2025-06-20T01:51:35+00:00\",\"dateModified\":\"2025-09-26T02:36:07+00:00\"},{\"@type\":\"WebSite\",\"@id\":\"https:\\\/\\\/novalion-med.com\\\/pt\\\/#website\",\"url\":\"https:\\\/\\\/novalion-med.com\\\/pt\\\/\",\"name\":\"novalion-med.com\",\"description\":\"Wheelchair, Hospital bed, Walker,Commode chair,Crutch...\",\"inLanguage\":\"pt-PT\",\"publisher\":{\"@id\":\"https:\\\/\\\/novalion-med.com\\\/pt\\\/#organization\"}}]}\n\t\t<\/script>\n\t\t<!-- All in One SEO Pro -->\r\n\t\t<title>Patient Transfer Stretcher for Ambulance &amp; Surgery<\/title>\n\n","aioseo_head_json":{"title":"Patient Transfer Stretcher for Ambulance & Surgery","description":"Designed for ambulance transport and surgical use, this stretcher offers height adjustment (190\u00d755\u00d792cm\/25cm), 159KG capacity, and a 75\u00b0 max backrest incline.","canonical_url":"https:\/\/novalion-med.com\/pt\/produto\/maca-de-transferencia-de-doentes-para-cirurgia-em-ambulancia\/","robots":"max-image-preview:large","keywords":"","webmasterTools":{"google-site-verification":"XE0Krczs_zYC4qBAqnvyRaNEYa9NQEP4HzU7PPpzxoI","miscellaneous":""},"og:locale":"pt_PT","og:site_name":"Novalion Medical \u2013 Wheelchair, Hospital bed, Walker,Commode chair,Crutch...","og:type":"article","og:title":"Patient Transfer Stretcher for Ambulance &amp; Surgery","og:description":"Designed for ambulance transport and surgical use, this stretcher offers height adjustment (190\u00d755\u00d792cm\/25cm), 159KG capacity, and a 75\u00b0 max backrest incline.","og:url":"https:\/\/novalion-med.com\/pt\/produto\/maca-de-transferencia-de-doentes-para-cirurgia-em-ambulancia\/","og:image":"https:\/\/novalion-med.com\/wp-content\/uploads\/2025\/04\/cropped-343496212_201698782614433_8037205422525878621_n-1.jpg","og:image:secure_url":"https:\/\/novalion-med.com\/wp-content\/uploads\/2025\/04\/cropped-343496212_201698782614433_8037205422525878621_n-1.jpg","og:image:width":512,"og:image:height":512,"article:published_time":"2025-06-20T01:51:35+00:00","article:modified_time":"2025-09-26T02:36:07+00:00","article:publisher":"https:\/\/www.facebook.com\/NovalionMedical\/","twitter:card":"summary_large_image","twitter:title":"Patient Transfer Stretcher for Ambulance &amp; Surgery","twitter:description":"Designed for ambulance transport and surgical use, this stretcher offers height adjustment (190\u00d755\u00d792cm\/25cm), 159KG capacity, and a 75\u00b0 max backrest incline.","twitter:image":"https:\/\/novalion-med.com\/wp-content\/uploads\/2025\/04\/cropped-343496212_201698782614433_8037205422525878621_n-1.jpg","schema":{"@context":"https:\/\/schema.org","@graph":[{"@type":"BreadcrumbList","@id":"https:\/\/novalion-med.com\/pt\/produto\/maca-de-transferencia-de-doentes-para-cirurgia-em-ambulancia\/#breadcrumblist","itemListElement":[{"@type":"ListItem","@id":"https:\/\/novalion-med.com\/pt\/#listItem","position":1,"name":"Home","item":"https:\/\/novalion-med.com\/pt\/","nextItem":"https:\/\/novalion-med.com\/pt\/produto\/maca-de-transferencia-de-doentes-para-cirurgia-em-ambulancia\/#listItem"},{"@type":"ListItem","@id":"https:\/\/novalion-med.com\/pt\/produto\/maca-de-transferencia-de-doentes-para-cirurgia-em-ambulancia\/#listItem","position":2,"name":"Patient Transfer Stretcher for Ambulance & Surgery","previousItem":"https:\/\/novalion-med.com\/pt\/#listItem"}]},{"@type":"Organization","@id":"https:\/\/novalion-med.com\/pt\/#organization","name":"novalion-med.com","url":"https:\/\/novalion-med.com\/pt\/","logo":{"@type":"ImageObject","url":"https:\/\/novalion-med.com\/wp-content\/uploads\/2025\/04\/cropped-343496212_201698782614433_8037205422525878621_n-1.jpg","@id":"https:\/\/novalion-med.com\/pt\/produto\/maca-de-transferencia-de-doentes-para-cirurgia-em-ambulancia\/#organizationLogo","width":512,"height":512},"image":{"@id":"https:\/\/novalion-med.com\/pt\/produto\/maca-de-transferencia-de-doentes-para-cirurgia-em-ambulancia\/#organizationLogo"},"sameAs":["https:\/\/www.facebook.com\/NovalionMedical\/","https:\/\/www.youtube.com\/@NwlMedicalInstrument"],"contactPoint":{"@type":"ContactPoint","telephone":"+8618326188070","contactType":"Sales"}},{"@type":"Product","@id":"https:\/\/novalion-med.com\/pt\/produto\/maca-de-transferencia-de-doentes-para-cirurgia-em-ambulancia\/#wooCommerceProduct","name":"Patient Transfer Stretcher for Ambulance & Surgery","description":"This patient transfer stretcher is specially designed for ambulance transport of the injured and sick, and it can also be applied to general surgical procedures. It features adjustable height, with the high position measuring 190\u00d755\u00d792cm and the low position at 190\u00d755\u00d725cm. The stretcher has a bearing weight capacity of up to 159KG, ensuring safety for most patients. The backrest can be inclined to a maximum angle of 75 degrees, providing flexibility for patient comfort and medical needs during transportation or surgery. Its sturdy construction and practical design make it a reliable choice for emergency and surgical environments.","url":"https:\/\/novalion-med.com\/pt\/produto\/maca-de-transferencia-de-doentes-para-cirurgia-em-ambulancia\/","sku":"NL150502-MDJ01","image":{"@type":"ImageObject","url":"https:\/\/novalion-med.com\/wp-content\/uploads\/2025\/06\/NL150502-MDJ01-Patient-Transfer-Stretcher-for-Ambulance-Surgery.jpg","@id":"https:\/\/novalion-med.com\/pt\/produto\/maca-de-transferencia-de-doentes-para-cirurgia-em-ambulancia\/#productImage","width":750,"height":750,"caption":"NL150502-MDJ01 Patient Transfer Stretcher for Ambulance Surgery"},"offers":{"@type":"Offer","url":"https:\/\/novalion-med.com\/pt\/produto\/maca-de-transferencia-de-doentes-para-cirurgia-em-ambulancia\/#wooCommerceOffer","priceCurrency":"PHP","category":"Transfer Stretchers","availability":"https:\/\/schema.org\/InStock","seller":{"@type":"Organization","@id":"https:\/\/novalion-med.com\/pt\/#organization"},"price":111}},{"@type":"WebPage","@id":"https:\/\/novalion-med.com\/pt\/produto\/maca-de-transferencia-de-doentes-para-cirurgia-em-ambulancia\/#webpage","url":"https:\/\/novalion-med.com\/pt\/produto\/maca-de-transferencia-de-doentes-para-cirurgia-em-ambulancia\/","name":"Patient Transfer Stretcher for Ambulance & Surgery","description":"Designed for ambulance transport and surgical use, this stretcher offers height adjustment (190\u00d755\u00d792cm\/25cm), 159KG capacity, and a 75\u00b0 max backrest incline.","inLanguage":"pt-PT","isPartOf":{"@id":"https:\/\/novalion-med.com\/pt\/#website"},"breadcrumb":{"@id":"https:\/\/novalion-med.com\/pt\/produto\/maca-de-transferencia-de-doentes-para-cirurgia-em-ambulancia\/#breadcrumblist"},"image":{"@type":"ImageObject","url":"https:\/\/novalion-med.com\/wp-content\/uploads\/2025\/06\/NL150502-MDJ01-Patient-Transfer-Stretcher-for-Ambulance-Surgery.jpg","@id":"https:\/\/novalion-med.com\/pt\/produto\/maca-de-transferencia-de-doentes-para-cirurgia-em-ambulancia\/#mainImage","width":750,"height":750,"caption":"NL150502-MDJ01 Patient Transfer Stretcher for Ambulance Surgery"},"primaryImageOfPage":{"@id":"https:\/\/novalion-med.com\/pt\/produto\/maca-de-transferencia-de-doentes-para-cirurgia-em-ambulancia\/#mainImage"},"datePublished":"2025-06-20T01:51:35+00:00","dateModified":"2025-09-26T02:36:07+00:00"},{"@type":"WebSite","@id":"https:\/\/novalion-med.com\/pt\/#website","url":"https:\/\/novalion-med.com\/pt\/","name":"novalion-med.com","description":"Wheelchair, Hospital bed, Walker,Commode chair,Crutch...","inLanguage":"pt-PT","publisher":{"@id":"https:\/\/novalion-med.com\/pt\/#organization"}}]}},"aioseo_meta_data":{"post_id":"5745","title":"Patient Transfer Stretcher for Ambulance &amp; Surgery","description":"Designed for ambulance transport and surgical use, this stretcher offers height adjustment (190\u00d755\u00d792cm\/25cm), 159KG capacity, and a 75\u00b0 max backrest incline.","keywords":"[]","keyphrases":"{\"focus\":{\"keyphrase\":\"\",\"score\":0,\"analysis\":{\"keyphraseInTitle\":{\"score\":0,\"maxScore\":9,\"error\":1}}},\"additional\":[]}","primary_term":null,"canonical_url":null,"og_title":null,"og_description":null,"og_object_type":"default","og_image_type":"default","og_image_url":null,"og_image_width":null,"og_image_height":null,"og_image_custom_url":null,"og_image_custom_fields":null,"og_video":"","og_custom_url":null,"og_article_section":null,"og_article_tags":"[]","twitter_use_og":false,"twitter_card":"default","twitter_image_type":"default","twitter_image_url":null,"twitter_image_custom_url":null,"twitter_image_custom_fields":null,"twitter_title":null,"twitter_description":null,"schema":{"blockGraphs":[],"customGraphs":[],"default":{"data":{"Article":[],"Course":[],"Dataset":[],"FAQPage":[],"Movie":[],"Person":[],"Product":[],"Recipe":[],"Service":[],"SoftwareApplication":[],"WebPage":[]},"graphName":"Product","isEnabled":true},"graphs":[]},"schema_type":"default","schema_type_options":null,"pillar_content":false,"robots_default":true,"robots_noindex":false,"robots_noarchive":false,"robots_nosnippet":false,"robots_nofollow":false,"robots_noimageindex":false,"robots_noodp":false,"robots_notranslate":false,"robots_max_snippet":"-1","robots_max_videopreview":"-1","robots_max_imagepreview":"large","priority":null,"frequency":"default","local_seo":null,"limit_modified_date":false,"created":"2025-06-20 01:51:35","updated":"2025-09-26 02:47:51"},"_links":{"self":[{"href":"https:\/\/novalion-med.com\/pt\/wp-json\/wp\/v2\/product\/5745","targetHints":{"allow":["GET"]}}],"collection":[{"href":"https:\/\/novalion-med.com\/pt\/wp-json\/wp\/v2\/product"}],"about":[{"href":"https:\/\/novalion-med.com\/pt\/wp-json\/wp\/v2\/types\/product"}],"version-history":[{"count":5,"href":"https:\/\/novalion-med.com\/pt\/wp-json\/wp\/v2\/product\/5745\/revisions"}],"predecessor-version":[{"id":9551,"href":"https:\/\/novalion-med.com\/pt\/wp-json\/wp\/v2\/product\/5745\/revisions\/9551"}],"wp:featuredmedia":[{"embeddable":true,"href":"https:\/\/novalion-med.com\/pt\/wp-json\/wp\/v2\/media\/9550"}],"wp:attachment":[{"href":"https:\/\/novalion-med.com\/pt\/wp-json\/wp\/v2\/media?parent=5745"}],"wp:term":[{"taxonomy":"product_brand","embeddable":true,"href":"https:\/\/novalion-med.com\/pt\/wp-json\/wp\/v2\/product_brand?post=5745"},{"taxonomy":"product_cat","embeddable":true,"href":"https:\/\/novalion-med.com\/pt\/wp-json\/wp\/v2\/product_cat?post=5745"},{"taxonomy":"product_tag","embeddable":true,"href":"https:\/\/novalion-med.com\/pt\/wp-json\/wp\/v2\/product_tag?post=5745"}],"curies":[{"name":"wp","href":"https:\/\/api.w.org\/{rel}","templated":true}]}}