{"id":5692,"date":"2025-06-19T09:39:42","date_gmt":"2025-06-19T09:39:42","guid":{"rendered":"https:\/\/novalion-med.com\/?post_type=product&#038;p=5692"},"modified":"2025-06-19T09:44:14","modified_gmt":"2025-06-19T09:44:14","slug":"cadeira-pneumatica-para-dadiva-de-sangue-com-apoios-de-bracos-em-madeira-macica","status":"publish","type":"product","link":"https:\/\/novalion-med.com\/pt\/produto\/cadeira-pneumatica-para-dadiva-de-sangue-com-apoios-de-bracos-em-madeira-macica\/","title":{"rendered":"Cadeira pneum\u00e1tica para d\u00e1diva de sangue com bra\u00e7os em madeira maci\u00e7a"},"content":{"rendered":"<div data-elementor-type=\"product-post\" data-elementor-id=\"5692\" class=\"elementor elementor-5692\" data-elementor-post-type=\"product\">\n\t\t\t\t<div class=\"elementor-element elementor-element-1c93f1cb e-con-full e-flex e-con e-parent\" data-id=\"1c93f1cb\" data-element_type=\"container\">\n\t\t\t\t<div class=\"elementor-element elementor-element-2240ff1 elementor-widget elementor-widget-heading\" data-id=\"2240ff1\" data-element_type=\"widget\" data-widget_type=\"heading.default\">\n\t\t\t\t<div class=\"elementor-widget-container\">\n\t\t\t\t\t<h2 class=\"elementor-heading-title elementor-size-default\">Cadeira pneum\u00e1tica para d\u00e1diva de sangue com bra\u00e7os em madeira maci\u00e7a<\/h2>\t\t\t\t<\/div>\n\t\t\t\t<\/div>\n\t\t\t\t<div class=\"elementor-element elementor-element-45d8c46 elementor-widget elementor-widget-text-editor\" data-id=\"45d8c46\" data-element_type=\"widget\" data-widget_type=\"text-editor.default\">\n\t\t\t\t<div class=\"elementor-widget-container\">\n\t\t\t\t\t\t\t\t\t<p>Opte por esta cadeira pneum\u00e1tica para d\u00e1diva de sangue com estrutura em a\u00e7o, apoios para os bra\u00e7os em madeira maci\u00e7a e apoio para os p\u00e9s. O acabamento com pulveriza\u00e7\u00e3o eletrost\u00e1tica e o design ergon\u00f3mico aumentam o conforto do dador.<\/p>\t\t\t\t\t\t\t\t<\/div>\n\t\t\t\t<\/div>\n\t\t\t\t<div class=\"elementor-element elementor-element-7152afc elementor-widget elementor-widget-text-editor\" data-id=\"7152afc\" data-element_type=\"widget\" data-widget_type=\"text-editor.default\">\n\t\t\t\t<div class=\"elementor-widget-container\">\n\t\t\t\t\t\t\t\t\t<h2>Carater\u00edsticas principais<\/h2><p>Cadeira pneum\u00e1tica para doa\u00e7\u00e3o de sangue com estrutura em a\u00e7o, apoios para os bra\u00e7os em madeira maci\u00e7a, apoio para os p\u00e9s - acabamento com pulveriza\u00e7\u00e3o eletrost\u00e1tica, design ergon\u00f3mico para conforto dos dadores nas \u00e1reas de colheita de sangue.<\/p><ul><li>Regula\u00e7\u00e3o pneum\u00e1tica do \u00e2ngulo com estrutura em a\u00e7o e apoios de bra\u00e7os em madeira maci\u00e7a<\/li><li>Acabamento eletrost\u00e1tico para uma manuten\u00e7\u00e3o f\u00e1cil<\/li><li>Apoio para os p\u00e9s para maior conforto do dador<\/li><li>Conce\u00e7\u00e3o espec\u00edfica do hospital para fiabilidade<\/li><\/ul>\t\t\t\t\t\t\t\t<\/div>\n\t\t\t\t<\/div>\n\t\t\t\t<div class=\"elementor-element elementor-element-3a02177 elementor-widget elementor-widget-text-editor\" data-id=\"3a02177\" data-element_type=\"widget\" data-widget_type=\"text-editor.default\">\n\t\t\t\t<div class=\"elementor-widget-container\">\n\t\t\t\t\t\t\t\t\t<h2>Especifica\u00e7\u00f5es<\/h2><p>1. A estrutura da cadeira \u00e9 feita de tubo de a\u00e7o redondo 38 de alta qualidade, e a espessura da parede do tubo \u00e9 de 1,2 mm. O cesto suspenso \u00e9 feito de a\u00e7o redondo M6 por dobragem e soldadura, e a estrutura da cadeira \u00e9 tratada por pulveriza\u00e7\u00e3o eletrost\u00e1tica<br \/>2. O apoio de bra\u00e7o \u00e9 feito de madeira maci\u00e7a, que \u00e9 f\u00e1cil de entender, forte e dur\u00e1vel. A parte de tr\u00e1s tem uma estrutura em a\u00e7o.<br \/>3. O encosto adopta um regulador de \u00e2ngulo pneum\u00e1tico e o \u00e2ngulo pode ser ajustado livremente.<br \/>4. O p\u00e9 do pavilh\u00e3o \u00e9 c\u00f3modo e confort\u00e1vel.<br \/>5. Carater\u00edsticas do produto: \u00c2ngulo ajust\u00e1vel, assento confort\u00e1vel, especial para hospital.<\/p>\t\t\t\t\t\t\t\t<\/div>\n\t\t\t\t<\/div>\n\t\t\t\t<div class=\"elementor-element elementor-element-2996df9 elementor-widget elementor-widget-text-editor\" data-id=\"2996df9\" data-element_type=\"widget\" data-widget_type=\"text-editor.default\">\n\t\t\t\t<div class=\"elementor-widget-container\">\n\t\t\t\t\t\t\t\t\t<p>Mais equipamentos m\u00e9dicos podem ser encontrados em <a href=\"https:\/\/novalion-med.com\/pt\/\" target=\"_blank\" rel=\"noopener\">o nosso s\u00edtio Web<\/a> ou <a href=\"https:\/\/api.whatsapp.com\/send\/?phone=%2B008618112908401&amp;text&amp;type=phone_number&amp;app_absent=0\" target=\"_blank\" rel=\"noopener\">o nosso whatsapp<\/a>.<\/p>\t\t\t\t\t\t\t\t<\/div>\n\t\t\t\t<\/div>\n\t\t\t\t<\/div>\n\t\t\t\t<\/div>","protected":false},"excerpt":{"rendered":"<p>Concebida para utiliza\u00e7\u00e3o hospitalar, esta cadeira pneum\u00e1tica para d\u00e1divas de sangue possui uma estrutura em a\u00e7o de 38 mm e apoios para os bra\u00e7os em madeira maci\u00e7a para maior durabilidade. O acabamento com pulveriza\u00e7\u00e3o eletrost\u00e1tica resiste ao desgaste, enquanto o regulador pneum\u00e1tico do encosto permite ajustes flex\u00edveis do \u00e2ngulo para aumentar o conforto do dador. O apoio para os p\u00e9s aumenta a comodidade, tornando as longas sess\u00f5es de doa\u00e7\u00e3o mais confort\u00e1veis. A sua constru\u00e7\u00e3o robusta e o design espec\u00edfico para hospitais tornam-na adequada para ambientes de recolha de sangue movimentados, garantindo um desempenho fi\u00e1vel e uma manuten\u00e7\u00e3o f\u00e1cil para o pessoal m\u00e9dico.<\/p>","protected":false},"featured_media":5685,"template":"elementor_theme","meta":{"site-sidebar-layout":"default","site-content-layout":"","ast-site-content-layout":"default","site-content-style":"default","site-sidebar-style":"default","ast-global-header-display":"","ast-banner-title-visibility":"","ast-main-header-display":"","ast-hfb-above-header-display":"","ast-hfb-below-header-display":"","ast-hfb-mobile-header-display":"","site-post-title":"","ast-breadcrumbs-content":"","ast-featured-img":"","footer-sml-layout":"","theme-transparent-header-meta":"default","adv-header-id-meta":"","stick-header-meta":"default","header-above-stick-meta":"","header-main-stick-meta":"","header-below-stick-meta":"","astra-migrate-meta-layouts":"set","ast-page-background-enabled":"default","ast-page-background-meta":{"desktop":{"background-color":"var(--ast-global-color-4)","background-image":"","background-repeat":"repeat","background-position":"center center","background-size":"auto","background-attachment":"scroll","background-type":"","background-media":"","overlay-type":"","overlay-color":"","overlay-opacity":"","overlay-gradient":""},"tablet":{"background-color":"","background-image":"","background-repeat":"repeat","background-position":"center center","background-size":"auto","background-attachment":"scroll","background-type":"","background-media":"","overlay-type":"","overlay-color":"","overlay-opacity":"","overlay-gradient":""},"mobile":{"background-color":"","background-image":"","background-repeat":"repeat","background-position":"center center","background-size":"auto","background-attachment":"scroll","background-type":"","background-media":"","overlay-type":"","overlay-color":"","overlay-opacity":"","overlay-gradient":""}},"ast-content-background-meta":{"desktop":{"background-color":"var(--ast-global-color-5)","background-image":"","background-repeat":"repeat","background-position":"center center","background-size":"auto","background-attachment":"scroll","background-type":"","background-media":"","overlay-type":"","overlay-color":"","overlay-opacity":"","overlay-gradient":""},"tablet":{"background-color":"var(--ast-global-color-5)","background-image":"","background-repeat":"repeat","background-position":"center center","background-size":"auto","background-attachment":"scroll","background-type":"","background-media":"","overlay-type":"","overlay-color":"","overlay-opacity":"","overlay-gradient":""},"mobile":{"background-color":"var(--ast-global-color-5)","background-image":"","background-repeat":"repeat","background-position":"center center","background-size":"auto","background-attachment":"scroll","background-type":"","background-media":"","overlay-type":"","overlay-color":"","overlay-opacity":"","overlay-gradient":""}}},"product_brand":[],"product_cat":[103],"product_tag":[],"class_list":{"0":"post-5692","1":"product","2":"type-product","3":"status-publish","4":"has-post-thumbnail","6":"product_cat-medical-chairs","7":"desktop-align-center","8":"tablet-align-left","9":"mobile-align-left","10":"ast-product-gallery-layout-horizontal-slider","11":"ast-product-gallery-with-no-image","12":"ast-magnify-disabled","13":"ast-product-tabs-layout-accordion","14":"ast-qv-on-image","16":"first","17":"instock","18":"shipping-taxable","19":"purchasable","20":"product-type-simple"},"aioseo_notices":[],"aioseo_head":"\n\t\t<!-- All in One SEO Pro 4.6.0 - aioseo.com -->\n\t\t<meta name=\"description\" content=\"Steel-framed blood donation chair with pneumatic adjustment, solid wood armrests, and footrest for ergonomic donor support.\" \/>\n\t\t<meta name=\"robots\" content=\"max-image-preview:large\" \/>\n\t\t<meta name=\"google-site-verification\" content=\"XE0Krczs_zYC4qBAqnvyRaNEYa9NQEP4HzU7PPpzxoI\" \/>\n\t\t<link rel=\"canonical\" href=\"https:\/\/novalion-med.com\/pt\/produto\/cadeira-pneumatica-para-dadiva-de-sangue-com-apoios-de-bracos-em-madeira-macica\/\" \/>\n\t\t<meta name=\"generator\" content=\"All in One SEO Pro (AIOSEO) 4.6.0\" \/>\n\t\t<meta property=\"og:locale\" content=\"pt_PT\" \/>\n\t\t<meta property=\"og:site_name\" content=\"Novalion Medical \u2013 Wheelchair, Hospital bed, Walker,Commode chair,Crutch...\" \/>\n\t\t<meta property=\"og:type\" content=\"article\" \/>\n\t\t<meta property=\"og:title\" content=\"Pneumatic Blood Donation Chair with Steel Frame\" \/>\n\t\t<meta property=\"og:description\" content=\"Steel-framed blood donation chair with pneumatic adjustment, solid wood armrests, and footrest for ergonomic donor support.\" \/>\n\t\t<meta property=\"og:url\" content=\"https:\/\/novalion-med.com\/pt\/produto\/cadeira-pneumatica-para-dadiva-de-sangue-com-apoios-de-bracos-em-madeira-macica\/\" \/>\n\t\t<meta property=\"og:image\" content=\"https:\/\/novalion-med.com\/wp-content\/uploads\/2025\/04\/cropped-343496212_201698782614433_8037205422525878621_n-1.jpg\" \/>\n\t\t<meta property=\"og:image:secure_url\" content=\"https:\/\/novalion-med.com\/wp-content\/uploads\/2025\/04\/cropped-343496212_201698782614433_8037205422525878621_n-1.jpg\" \/>\n\t\t<meta property=\"og:image:width\" content=\"512\" \/>\n\t\t<meta property=\"og:image:height\" content=\"512\" \/>\n\t\t<meta property=\"article:published_time\" content=\"2025-06-19T09:39:42+00:00\" \/>\n\t\t<meta property=\"article:modified_time\" content=\"2025-06-19T09:44:14+00:00\" \/>\n\t\t<meta property=\"article:publisher\" content=\"https:\/\/www.facebook.com\/NovalionMedical\/\" \/>\n\t\t<meta name=\"twitter:card\" content=\"summary_large_image\" \/>\n\t\t<meta name=\"twitter:title\" content=\"Pneumatic Blood Donation Chair with Steel Frame\" \/>\n\t\t<meta name=\"twitter:description\" content=\"Steel-framed blood donation chair with pneumatic adjustment, solid wood armrests, and footrest for ergonomic donor support.\" \/>\n\t\t<meta name=\"twitter:image\" content=\"https:\/\/novalion-med.com\/wp-content\/uploads\/2025\/04\/cropped-343496212_201698782614433_8037205422525878621_n-1.jpg\" \/>\n\t\t<script type=\"application\/ld+json\" class=\"aioseo-schema\">\n\t\t\t{\"@context\":\"https:\\\/\\\/schema.org\",\"@graph\":[{\"@type\":\"BreadcrumbList\",\"@id\":\"https:\\\/\\\/novalion-med.com\\\/pt\\\/produto\\\/cadeira-pneumatica-para-dadiva-de-sangue-com-apoios-de-bracos-em-madeira-macica\\\/#breadcrumblist\",\"itemListElement\":[{\"@type\":\"ListItem\",\"@id\":\"https:\\\/\\\/novalion-med.com\\\/pt\\\/#listItem\",\"position\":1,\"name\":\"Home\",\"item\":\"https:\\\/\\\/novalion-med.com\\\/pt\\\/\",\"nextItem\":\"https:\\\/\\\/novalion-med.com\\\/pt\\\/produto\\\/cadeira-pneumatica-para-dadiva-de-sangue-com-apoios-de-bracos-em-madeira-macica\\\/#listItem\"},{\"@type\":\"ListItem\",\"@id\":\"https:\\\/\\\/novalion-med.com\\\/pt\\\/produto\\\/cadeira-pneumatica-para-dadiva-de-sangue-com-apoios-de-bracos-em-madeira-macica\\\/#listItem\",\"position\":2,\"name\":\"Pneumatic Blood Donation Chair with Solid Wood Armrests\",\"previousItem\":\"https:\\\/\\\/novalion-med.com\\\/pt\\\/#listItem\"}]},{\"@type\":\"Organization\",\"@id\":\"https:\\\/\\\/novalion-med.com\\\/pt\\\/#organization\",\"name\":\"novalion-med.com\",\"url\":\"https:\\\/\\\/novalion-med.com\\\/pt\\\/\",\"logo\":{\"@type\":\"ImageObject\",\"url\":\"https:\\\/\\\/novalion-med.com\\\/wp-content\\\/uploads\\\/2025\\\/04\\\/cropped-343496212_201698782614433_8037205422525878621_n-1.jpg\",\"@id\":\"https:\\\/\\\/novalion-med.com\\\/pt\\\/produto\\\/cadeira-pneumatica-para-dadiva-de-sangue-com-apoios-de-bracos-em-madeira-macica\\\/#organizationLogo\",\"width\":512,\"height\":512},\"image\":{\"@id\":\"https:\\\/\\\/novalion-med.com\\\/pt\\\/produto\\\/cadeira-pneumatica-para-dadiva-de-sangue-com-apoios-de-bracos-em-madeira-macica\\\/#organizationLogo\"},\"sameAs\":[\"https:\\\/\\\/www.facebook.com\\\/NovalionMedical\\\/\",\"https:\\\/\\\/www.youtube.com\\\/@NwlMedicalInstrument\"],\"contactPoint\":{\"@type\":\"ContactPoint\",\"telephone\":\"+8618326188070\",\"contactType\":\"Sales\"}},{\"@type\":\"Product\",\"@id\":\"https:\\\/\\\/novalion-med.com\\\/pt\\\/produto\\\/cadeira-pneumatica-para-dadiva-de-sangue-com-apoios-de-bracos-em-madeira-macica\\\/#wooCommerceProduct\",\"name\":\"Pneumatic Blood Donation Chair with Solid Wood Armrests\",\"description\":\"Engineered for hospital use, this pneumatic blood donation chair features a 38mm steel frame and solid wood armrests for durability. The electrostatic-sprayed finish resists wear, while the pneumatic backrest adjuster enables flexible angle adjustments to enhance donor comfort. The footrest adds convenience, making long donation sessions more comfortable. Its sturdy construction and hospital-specific design make it suitable for busy blood collection environments, ensuring reliable performance and easy maintenance for medical staff.\",\"url\":\"https:\\\/\\\/novalion-med.com\\\/pt\\\/produto\\\/cadeira-pneumatica-para-dadiva-de-sangue-com-apoios-de-bracos-em-madeira-macica\\\/\",\"sku\":\"NL230102-SD-2\",\"image\":{\"@type\":\"ImageObject\",\"url\":\"https:\\\/\\\/novalion-med.com\\\/wp-content\\\/uploads\\\/2025\\\/06\\\/NL230102-SD-2-Pneumatic-Blood-Donation-Chair-with-Solid-Wood-Armrests.jpg\",\"@id\":\"https:\\\/\\\/novalion-med.com\\\/pt\\\/produto\\\/cadeira-pneumatica-para-dadiva-de-sangue-com-apoios-de-bracos-em-madeira-macica\\\/#productImage\",\"width\":1000,\"height\":1000,\"caption\":\"NL230102-SD-2 Pneumatic Blood Donation Chair with Solid Wood Armrests\"},\"offers\":{\"@type\":\"Offer\",\"url\":\"https:\\\/\\\/novalion-med.com\\\/pt\\\/produto\\\/cadeira-pneumatica-para-dadiva-de-sangue-com-apoios-de-bracos-em-madeira-macica\\\/#wooCommerceOffer\",\"priceCurrency\":\"PHP\",\"category\":\"Medical Chairs\",\"availability\":\"https:\\\/\\\/schema.org\\\/InStock\",\"seller\":{\"@type\":\"Organization\",\"@id\":\"https:\\\/\\\/novalion-med.com\\\/pt\\\/#organization\"},\"price\":111}},{\"@type\":\"WebPage\",\"@id\":\"https:\\\/\\\/novalion-med.com\\\/pt\\\/produto\\\/cadeira-pneumatica-para-dadiva-de-sangue-com-apoios-de-bracos-em-madeira-macica\\\/#webpage\",\"url\":\"https:\\\/\\\/novalion-med.com\\\/pt\\\/produto\\\/cadeira-pneumatica-para-dadiva-de-sangue-com-apoios-de-bracos-em-madeira-macica\\\/\",\"name\":\"Pneumatic Blood Donation Chair with Steel Frame\",\"description\":\"Steel-framed blood donation chair with pneumatic adjustment, solid wood armrests, and footrest for ergonomic donor support.\",\"inLanguage\":\"pt-PT\",\"isPartOf\":{\"@id\":\"https:\\\/\\\/novalion-med.com\\\/pt\\\/#website\"},\"breadcrumb\":{\"@id\":\"https:\\\/\\\/novalion-med.com\\\/pt\\\/produto\\\/cadeira-pneumatica-para-dadiva-de-sangue-com-apoios-de-bracos-em-madeira-macica\\\/#breadcrumblist\"},\"image\":{\"@type\":\"ImageObject\",\"url\":\"https:\\\/\\\/novalion-med.com\\\/wp-content\\\/uploads\\\/2025\\\/06\\\/NL230102-SD-2-Pneumatic-Blood-Donation-Chair-with-Solid-Wood-Armrests.jpg\",\"@id\":\"https:\\\/\\\/novalion-med.com\\\/pt\\\/produto\\\/cadeira-pneumatica-para-dadiva-de-sangue-com-apoios-de-bracos-em-madeira-macica\\\/#mainImage\",\"width\":1000,\"height\":1000,\"caption\":\"NL230102-SD-2 Pneumatic Blood Donation Chair with Solid Wood Armrests\"},\"primaryImageOfPage\":{\"@id\":\"https:\\\/\\\/novalion-med.com\\\/pt\\\/produto\\\/cadeira-pneumatica-para-dadiva-de-sangue-com-apoios-de-bracos-em-madeira-macica\\\/#mainImage\"},\"datePublished\":\"2025-06-19T09:39:42+00:00\",\"dateModified\":\"2025-06-19T09:44:14+00:00\"},{\"@type\":\"WebSite\",\"@id\":\"https:\\\/\\\/novalion-med.com\\\/pt\\\/#website\",\"url\":\"https:\\\/\\\/novalion-med.com\\\/pt\\\/\",\"name\":\"novalion-med.com\",\"description\":\"Wheelchair, Hospital bed, Walker,Commode chair,Crutch...\",\"inLanguage\":\"pt-PT\",\"publisher\":{\"@id\":\"https:\\\/\\\/novalion-med.com\\\/pt\\\/#organization\"}}]}\n\t\t<\/script>\n\t\t<!-- All in One SEO Pro -->\r\n\t\t<title>Pneumatic Blood Donation Chair with Steel Frame<\/title>\n\n","aioseo_head_json":{"title":"Pneumatic Blood Donation Chair with Steel Frame","description":"Steel-framed blood donation chair with pneumatic adjustment, solid wood armrests, and footrest for ergonomic donor support.","canonical_url":"https:\/\/novalion-med.com\/pt\/produto\/cadeira-pneumatica-para-dadiva-de-sangue-com-apoios-de-bracos-em-madeira-macica\/","robots":"max-image-preview:large","keywords":"","webmasterTools":{"google-site-verification":"XE0Krczs_zYC4qBAqnvyRaNEYa9NQEP4HzU7PPpzxoI","miscellaneous":""},"og:locale":"pt_PT","og:site_name":"Novalion Medical \u2013 Wheelchair, Hospital bed, Walker,Commode chair,Crutch...","og:type":"article","og:title":"Pneumatic Blood Donation Chair with Steel Frame","og:description":"Steel-framed blood donation chair with pneumatic adjustment, solid wood armrests, and footrest for ergonomic donor support.","og:url":"https:\/\/novalion-med.com\/pt\/produto\/cadeira-pneumatica-para-dadiva-de-sangue-com-apoios-de-bracos-em-madeira-macica\/","og:image":"https:\/\/novalion-med.com\/wp-content\/uploads\/2025\/04\/cropped-343496212_201698782614433_8037205422525878621_n-1.jpg","og:image:secure_url":"https:\/\/novalion-med.com\/wp-content\/uploads\/2025\/04\/cropped-343496212_201698782614433_8037205422525878621_n-1.jpg","og:image:width":512,"og:image:height":512,"article:published_time":"2025-06-19T09:39:42+00:00","article:modified_time":"2025-06-19T09:44:14+00:00","article:publisher":"https:\/\/www.facebook.com\/NovalionMedical\/","twitter:card":"summary_large_image","twitter:title":"Pneumatic Blood Donation Chair with Steel Frame","twitter:description":"Steel-framed blood donation chair with pneumatic adjustment, solid wood armrests, and footrest for ergonomic donor support.","twitter:image":"https:\/\/novalion-med.com\/wp-content\/uploads\/2025\/04\/cropped-343496212_201698782614433_8037205422525878621_n-1.jpg","schema":{"@context":"https:\/\/schema.org","@graph":[{"@type":"BreadcrumbList","@id":"https:\/\/novalion-med.com\/pt\/produto\/cadeira-pneumatica-para-dadiva-de-sangue-com-apoios-de-bracos-em-madeira-macica\/#breadcrumblist","itemListElement":[{"@type":"ListItem","@id":"https:\/\/novalion-med.com\/pt\/#listItem","position":1,"name":"Home","item":"https:\/\/novalion-med.com\/pt\/","nextItem":"https:\/\/novalion-med.com\/pt\/produto\/cadeira-pneumatica-para-dadiva-de-sangue-com-apoios-de-bracos-em-madeira-macica\/#listItem"},{"@type":"ListItem","@id":"https:\/\/novalion-med.com\/pt\/produto\/cadeira-pneumatica-para-dadiva-de-sangue-com-apoios-de-bracos-em-madeira-macica\/#listItem","position":2,"name":"Pneumatic Blood Donation Chair with Solid Wood Armrests","previousItem":"https:\/\/novalion-med.com\/pt\/#listItem"}]},{"@type":"Organization","@id":"https:\/\/novalion-med.com\/pt\/#organization","name":"novalion-med.com","url":"https:\/\/novalion-med.com\/pt\/","logo":{"@type":"ImageObject","url":"https:\/\/novalion-med.com\/wp-content\/uploads\/2025\/04\/cropped-343496212_201698782614433_8037205422525878621_n-1.jpg","@id":"https:\/\/novalion-med.com\/pt\/produto\/cadeira-pneumatica-para-dadiva-de-sangue-com-apoios-de-bracos-em-madeira-macica\/#organizationLogo","width":512,"height":512},"image":{"@id":"https:\/\/novalion-med.com\/pt\/produto\/cadeira-pneumatica-para-dadiva-de-sangue-com-apoios-de-bracos-em-madeira-macica\/#organizationLogo"},"sameAs":["https:\/\/www.facebook.com\/NovalionMedical\/","https:\/\/www.youtube.com\/@NwlMedicalInstrument"],"contactPoint":{"@type":"ContactPoint","telephone":"+8618326188070","contactType":"Sales"}},{"@type":"Product","@id":"https:\/\/novalion-med.com\/pt\/produto\/cadeira-pneumatica-para-dadiva-de-sangue-com-apoios-de-bracos-em-madeira-macica\/#wooCommerceProduct","name":"Pneumatic Blood Donation Chair with Solid Wood Armrests","description":"Engineered for hospital use, this pneumatic blood donation chair features a 38mm steel frame and solid wood armrests for durability. The electrostatic-sprayed finish resists wear, while the pneumatic backrest adjuster enables flexible angle adjustments to enhance donor comfort. The footrest adds convenience, making long donation sessions more comfortable. Its sturdy construction and hospital-specific design make it suitable for busy blood collection environments, ensuring reliable performance and easy maintenance for medical staff.","url":"https:\/\/novalion-med.com\/pt\/produto\/cadeira-pneumatica-para-dadiva-de-sangue-com-apoios-de-bracos-em-madeira-macica\/","sku":"NL230102-SD-2","image":{"@type":"ImageObject","url":"https:\/\/novalion-med.com\/wp-content\/uploads\/2025\/06\/NL230102-SD-2-Pneumatic-Blood-Donation-Chair-with-Solid-Wood-Armrests.jpg","@id":"https:\/\/novalion-med.com\/pt\/produto\/cadeira-pneumatica-para-dadiva-de-sangue-com-apoios-de-bracos-em-madeira-macica\/#productImage","width":1000,"height":1000,"caption":"NL230102-SD-2 Pneumatic Blood Donation Chair with Solid Wood Armrests"},"offers":{"@type":"Offer","url":"https:\/\/novalion-med.com\/pt\/produto\/cadeira-pneumatica-para-dadiva-de-sangue-com-apoios-de-bracos-em-madeira-macica\/#wooCommerceOffer","priceCurrency":"PHP","category":"Medical Chairs","availability":"https:\/\/schema.org\/InStock","seller":{"@type":"Organization","@id":"https:\/\/novalion-med.com\/pt\/#organization"},"price":111}},{"@type":"WebPage","@id":"https:\/\/novalion-med.com\/pt\/produto\/cadeira-pneumatica-para-dadiva-de-sangue-com-apoios-de-bracos-em-madeira-macica\/#webpage","url":"https:\/\/novalion-med.com\/pt\/produto\/cadeira-pneumatica-para-dadiva-de-sangue-com-apoios-de-bracos-em-madeira-macica\/","name":"Pneumatic Blood Donation Chair with Steel Frame","description":"Steel-framed blood donation chair with pneumatic adjustment, solid wood armrests, and footrest for ergonomic donor support.","inLanguage":"pt-PT","isPartOf":{"@id":"https:\/\/novalion-med.com\/pt\/#website"},"breadcrumb":{"@id":"https:\/\/novalion-med.com\/pt\/produto\/cadeira-pneumatica-para-dadiva-de-sangue-com-apoios-de-bracos-em-madeira-macica\/#breadcrumblist"},"image":{"@type":"ImageObject","url":"https:\/\/novalion-med.com\/wp-content\/uploads\/2025\/06\/NL230102-SD-2-Pneumatic-Blood-Donation-Chair-with-Solid-Wood-Armrests.jpg","@id":"https:\/\/novalion-med.com\/pt\/produto\/cadeira-pneumatica-para-dadiva-de-sangue-com-apoios-de-bracos-em-madeira-macica\/#mainImage","width":1000,"height":1000,"caption":"NL230102-SD-2 Pneumatic Blood Donation Chair with Solid Wood Armrests"},"primaryImageOfPage":{"@id":"https:\/\/novalion-med.com\/pt\/produto\/cadeira-pneumatica-para-dadiva-de-sangue-com-apoios-de-bracos-em-madeira-macica\/#mainImage"},"datePublished":"2025-06-19T09:39:42+00:00","dateModified":"2025-06-19T09:44:14+00:00"},{"@type":"WebSite","@id":"https:\/\/novalion-med.com\/pt\/#website","url":"https:\/\/novalion-med.com\/pt\/","name":"novalion-med.com","description":"Wheelchair, Hospital bed, Walker,Commode chair,Crutch...","inLanguage":"pt-PT","publisher":{"@id":"https:\/\/novalion-med.com\/pt\/#organization"}}]}},"aioseo_meta_data":{"post_id":"5692","title":"Pneumatic Blood Donation Chair with Steel Frame","description":"Steel-framed blood donation chair with pneumatic adjustment, solid wood armrests, and footrest for ergonomic donor support.","keywords":"[]","keyphrases":"{\"focus\":{\"keyphrase\":\"\",\"score\":0,\"analysis\":{\"keyphraseInTitle\":{\"score\":0,\"maxScore\":9,\"error\":1}}},\"additional\":[]}","primary_term":null,"canonical_url":null,"og_title":null,"og_description":null,"og_object_type":"default","og_image_type":"default","og_image_url":null,"og_image_width":null,"og_image_height":null,"og_image_custom_url":null,"og_image_custom_fields":null,"og_video":"","og_custom_url":null,"og_article_section":null,"og_article_tags":"[]","twitter_use_og":false,"twitter_card":"default","twitter_image_type":"default","twitter_image_url":null,"twitter_image_custom_url":null,"twitter_image_custom_fields":null,"twitter_title":null,"twitter_description":null,"schema":{"blockGraphs":[],"customGraphs":[],"default":{"data":{"Article":[],"Course":[],"Dataset":[],"FAQPage":[],"Movie":[],"Person":[],"Product":[],"Recipe":[],"Service":[],"SoftwareApplication":[],"WebPage":[]},"graphName":"Product","isEnabled":true},"graphs":[]},"schema_type":"default","schema_type_options":null,"pillar_content":false,"robots_default":true,"robots_noindex":false,"robots_noarchive":false,"robots_nosnippet":false,"robots_nofollow":false,"robots_noimageindex":false,"robots_noodp":false,"robots_notranslate":false,"robots_max_snippet":"-1","robots_max_videopreview":"-1","robots_max_imagepreview":"large","priority":null,"frequency":"default","local_seo":null,"limit_modified_date":false,"created":"2025-06-19 09:39:43","updated":"2025-06-19 09:57:10"},"_links":{"self":[{"href":"https:\/\/novalion-med.com\/pt\/wp-json\/wp\/v2\/product\/5692","targetHints":{"allow":["GET"]}}],"collection":[{"href":"https:\/\/novalion-med.com\/pt\/wp-json\/wp\/v2\/product"}],"about":[{"href":"https:\/\/novalion-med.com\/pt\/wp-json\/wp\/v2\/types\/product"}],"version-history":[{"count":4,"href":"https:\/\/novalion-med.com\/pt\/wp-json\/wp\/v2\/product\/5692\/revisions"}],"predecessor-version":[{"id":5696,"href":"https:\/\/novalion-med.com\/pt\/wp-json\/wp\/v2\/product\/5692\/revisions\/5696"}],"wp:featuredmedia":[{"embeddable":true,"href":"https:\/\/novalion-med.com\/pt\/wp-json\/wp\/v2\/media\/5685"}],"wp:attachment":[{"href":"https:\/\/novalion-med.com\/pt\/wp-json\/wp\/v2\/media?parent=5692"}],"wp:term":[{"taxonomy":"product_brand","embeddable":true,"href":"https:\/\/novalion-med.com\/pt\/wp-json\/wp\/v2\/product_brand?post=5692"},{"taxonomy":"product_cat","embeddable":true,"href":"https:\/\/novalion-med.com\/pt\/wp-json\/wp\/v2\/product_cat?post=5692"},{"taxonomy":"product_tag","embeddable":true,"href":"https:\/\/novalion-med.com\/pt\/wp-json\/wp\/v2\/product_tag?post=5692"}],"curies":[{"name":"wp","href":"https:\/\/api.w.org\/{rel}","templated":true}]}}