{"id":5626,"date":"2025-06-19T08:29:28","date_gmt":"2025-06-19T08:29:28","guid":{"rendered":"https:\/\/novalion-med.com\/?post_type=product&#038;p=5626"},"modified":"2025-06-19T08:34:36","modified_gmt":"2025-06-19T08:34:36","slug":"cadeira-de-dialise-electrica-de-grandes-dimensoes-para-instalacoes-medicas","status":"publish","type":"product","link":"https:\/\/novalion-med.com\/pt\/produto\/cadeira-de-dialise-electrica-de-grandes-dimensoes-para-instalacoes-medicas\/","title":{"rendered":"Cadeira de di\u00e1lise el\u00e9ctrica de grandes dimens\u00f5es para instala\u00e7\u00f5es m\u00e9dicas"},"content":{"rendered":"<div data-elementor-type=\"product-post\" data-elementor-id=\"5626\" class=\"elementor elementor-5626\" data-elementor-post-type=\"product\">\n\t\t\t\t<div class=\"elementor-element elementor-element-1c93f1cb e-con-full e-flex e-con e-parent\" data-id=\"1c93f1cb\" data-element_type=\"container\">\n\t\t\t\t<div class=\"elementor-element elementor-element-2240ff1 elementor-widget elementor-widget-heading\" data-id=\"2240ff1\" data-element_type=\"widget\" data-widget_type=\"heading.default\">\n\t\t\t\t<div class=\"elementor-widget-container\">\n\t\t\t\t\t<h2 class=\"elementor-heading-title elementor-size-default\">Cadeira de di\u00e1lise el\u00e9ctrica de grandes dimens\u00f5es para instala\u00e7\u00f5es m\u00e9dicas<\/h2>\t\t\t\t<\/div>\n\t\t\t\t<\/div>\n\t\t\t\t<div class=\"elementor-element elementor-element-45d8c46 elementor-widget elementor-widget-text-editor\" data-id=\"45d8c46\" data-element_type=\"widget\" data-widget_type=\"text-editor.default\">\n\t\t\t\t<div class=\"elementor-widget-container\">\n\t\t\t\t\t\t\t\t\t<p>Escolha esta grande cadeira de di\u00e1lise el\u00e9ctrica (195x90x58cm) com rod\u00edzios com trav\u00e3o de 5\u2033 e capacidade para 200KG. O poste de soro, a constru\u00e7\u00e3o em a\u00e7o pintado\/couro PVC e o design espa\u00e7oso adequam-se a instala\u00e7\u00f5es m\u00e9dicas movimentadas.<\/p>\t\t\t\t\t\t\t\t<\/div>\n\t\t\t\t<\/div>\n\t\t\t\t<div class=\"elementor-element elementor-element-7152afc elementor-widget elementor-widget-text-editor\" data-id=\"7152afc\" data-element_type=\"widget\" data-widget_type=\"text-editor.default\">\n\t\t\t\t<div class=\"elementor-widget-container\">\n\t\t\t\t\t\t\t\t\t<h2>Carater\u00edsticas principais<\/h2><p>Cadeira de di\u00e1lise el\u00e9ctrica grande (195x90x58cm) com rod\u00edzios com trav\u00e3o de 5\u2033, carga de 200KG, poste IV - design robusto em a\u00e7o pintado\/couro PVC para instala\u00e7\u00f5es m\u00e9dicas movimentadas.<\/p><ul><li>Design grande de 195x90x58cm com rod\u00edzios com trav\u00e3o de 5\u2033 para estabilidade<\/li><li>Ajustes el\u00e9ctricos e poste IV para cuidados de di\u00e1lise eficientes<\/li><li>Capacidade de 200 kg para instala\u00e7\u00f5es m\u00e9dicas movimentadas<\/li><li>Constru\u00e7\u00e3o robusta para utiliza\u00e7\u00e3o a longo prazo<\/li><\/ul>\t\t\t\t\t\t\t\t<\/div>\n\t\t\t\t<\/div>\n\t\t\t\t<div class=\"elementor-element elementor-element-3a02177 elementor-widget elementor-widget-text-editor\" data-id=\"3a02177\" data-element_type=\"widget\" data-widget_type=\"text-editor.default\">\n\t\t\t\t<div class=\"elementor-widget-container\">\n\t\t\t\t\t\t\t\t\t<h2>Especifica\u00e7\u00f5es<\/h2><table width=\"355\"><tbody><tr><td width=\"73\">Material<\/td><td width=\"282\">A\u00e7o pintado Couro PVC<\/td><\/tr><tr><td>Pe\u00e7as<\/td><td>\u00a0com poste I.V., com apoio para a cabe\u00e7a e degrau para os p\u00e9s<\/td><\/tr><tr><td>Tamanho (aberto)<\/td><td>195\u00d790\u00d758cm<\/td><\/tr><tr><td>Carater\u00edsticas<\/td><td>\u00a0Rodas de 5\u2033 todas com trav\u00f5es\u00a0<\/td><\/tr><tr><td>Limite de peso<\/td><td>200KG<\/td><\/tr><\/tbody><\/table>\t\t\t\t\t\t\t\t<\/div>\n\t\t\t\t<\/div>\n\t\t\t\t<div class=\"elementor-element elementor-element-2996df9 elementor-widget elementor-widget-text-editor\" data-id=\"2996df9\" data-element_type=\"widget\" data-widget_type=\"text-editor.default\">\n\t\t\t\t<div class=\"elementor-widget-container\">\n\t\t\t\t\t\t\t\t\t<p>Mais equipamentos m\u00e9dicos podem ser encontrados em <a href=\"https:\/\/novalion-med.com\/pt\/\" target=\"_blank\" rel=\"noopener\">o nosso s\u00edtio Web<\/a> ou <a href=\"https:\/\/api.whatsapp.com\/send\/?phone=%2B008618112908401&amp;text&amp;type=phone_number&amp;app_absent=0\" target=\"_blank\" rel=\"noopener\">o nosso whatsapp<\/a>.<\/p>\t\t\t\t\t\t\t\t<\/div>\n\t\t\t\t<\/div>\n\t\t\t\t<\/div>\n\t\t\t\t<\/div>","protected":false},"excerpt":{"rendered":"<p>Destaque-se nos cuidados m\u00e9dicos com esta cadeira de di\u00e1lise el\u00e9ctrica ajust\u00e1vel em altura, com uma constru\u00e7\u00e3o em a\u00e7o pintado e couro de PVC para maior durabilidade. Os rod\u00edzios de 5\u2033 com trav\u00f5es oferecem estabilidade, enquanto o ajuste de altura (56-82cm) atende \u00e0s diversas necessidades dos pacientes. O seu tamanho aberto de 188\u00d786\u00d758cm equilibra a efici\u00eancia do espa\u00e7o com o conforto, incluindo um poste IV, apoio para a cabe\u00e7a e degraus para cuidados abrangentes. O limite de peso de 200 kg e a constru\u00e7\u00e3o robusta da cadeira tornam-na adequada para ambientes de cuidados de sa\u00fade movimentados, garantindo fiabilidade a longo prazo. O design ergon\u00f3mico d\u00e1 prioridade ao conforto do doente durante a di\u00e1lise, tornando-a uma escolha pr\u00e1tica para cl\u00ednicas e hospitais.<\/p>","protected":false},"featured_media":5625,"template":"elementor_theme","meta":{"site-sidebar-layout":"default","site-content-layout":"","ast-site-content-layout":"default","site-content-style":"default","site-sidebar-style":"default","ast-global-header-display":"","ast-banner-title-visibility":"","ast-main-header-display":"","ast-hfb-above-header-display":"","ast-hfb-below-header-display":"","ast-hfb-mobile-header-display":"","site-post-title":"","ast-breadcrumbs-content":"","ast-featured-img":"","footer-sml-layout":"","theme-transparent-header-meta":"default","adv-header-id-meta":"","stick-header-meta":"default","header-above-stick-meta":"","header-main-stick-meta":"","header-below-stick-meta":"","astra-migrate-meta-layouts":"set","ast-page-background-enabled":"default","ast-page-background-meta":{"desktop":{"background-color":"var(--ast-global-color-4)","background-image":"","background-repeat":"repeat","background-position":"center center","background-size":"auto","background-attachment":"scroll","background-type":"","background-media":"","overlay-type":"","overlay-color":"","overlay-opacity":"","overlay-gradient":""},"tablet":{"background-color":"","background-image":"","background-repeat":"repeat","background-position":"center center","background-size":"auto","background-attachment":"scroll","background-type":"","background-media":"","overlay-type":"","overlay-color":"","overlay-opacity":"","overlay-gradient":""},"mobile":{"background-color":"","background-image":"","background-repeat":"repeat","background-position":"center center","background-size":"auto","background-attachment":"scroll","background-type":"","background-media":"","overlay-type":"","overlay-color":"","overlay-opacity":"","overlay-gradient":""}},"ast-content-background-meta":{"desktop":{"background-color":"var(--ast-global-color-5)","background-image":"","background-repeat":"repeat","background-position":"center center","background-size":"auto","background-attachment":"scroll","background-type":"","background-media":"","overlay-type":"","overlay-color":"","overlay-opacity":"","overlay-gradient":""},"tablet":{"background-color":"var(--ast-global-color-5)","background-image":"","background-repeat":"repeat","background-position":"center center","background-size":"auto","background-attachment":"scroll","background-type":"","background-media":"","overlay-type":"","overlay-color":"","overlay-opacity":"","overlay-gradient":""},"mobile":{"background-color":"var(--ast-global-color-5)","background-image":"","background-repeat":"repeat","background-position":"center center","background-size":"auto","background-attachment":"scroll","background-type":"","background-media":"","overlay-type":"","overlay-color":"","overlay-opacity":"","overlay-gradient":""}}},"product_brand":[],"product_cat":[103],"product_tag":[],"class_list":{"0":"post-5626","1":"product","2":"type-product","3":"status-publish","4":"has-post-thumbnail","6":"product_cat-medical-chairs","7":"desktop-align-center","8":"tablet-align-left","9":"mobile-align-left","10":"ast-product-gallery-layout-horizontal-slider","11":"ast-magnify-disabled","12":"ast-product-tabs-layout-accordion","13":"ast-qv-on-image","15":"first","16":"instock","17":"shipping-taxable","18":"purchasable","19":"product-type-simple"},"aioseo_notices":[],"aioseo_head":"\n\t\t<!-- All in One SEO Pro 4.6.0 - aioseo.com -->\n\t\t<meta name=\"description\" content=\"Height-adjustable electric dialysis chair with large castors, IV pole, and durable construction for versatile patient needs.\" \/>\n\t\t<meta name=\"robots\" content=\"max-image-preview:large\" \/>\n\t\t<meta name=\"google-site-verification\" content=\"XE0Krczs_zYC4qBAqnvyRaNEYa9NQEP4HzU7PPpzxoI\" \/>\n\t\t<link rel=\"canonical\" href=\"https:\/\/novalion-med.com\/pt\/produto\/cadeira-de-dialise-electrica-de-grandes-dimensoes-para-instalacoes-medicas\/\" \/>\n\t\t<meta name=\"generator\" content=\"All in One SEO Pro (AIOSEO) 4.6.0\" \/>\n\t\t<meta property=\"og:locale\" content=\"pt_PT\" \/>\n\t\t<meta property=\"og:site_name\" content=\"Novalion Medical \u2013 Wheelchair, Hospital bed, Walker,Commode chair,Crutch...\" \/>\n\t\t<meta property=\"og:type\" content=\"article\" \/>\n\t\t<meta property=\"og:title\" content=\"Height-Adjustable Electric Dialysis Chair with Large Castors\" \/>\n\t\t<meta property=\"og:description\" content=\"Height-adjustable electric dialysis chair with large castors, IV pole, and durable construction for versatile patient needs.\" \/>\n\t\t<meta property=\"og:url\" content=\"https:\/\/novalion-med.com\/pt\/produto\/cadeira-de-dialise-electrica-de-grandes-dimensoes-para-instalacoes-medicas\/\" \/>\n\t\t<meta property=\"og:image\" content=\"https:\/\/novalion-med.com\/wp-content\/uploads\/2025\/04\/cropped-343496212_201698782614433_8037205422525878621_n-1.jpg\" \/>\n\t\t<meta property=\"og:image:secure_url\" content=\"https:\/\/novalion-med.com\/wp-content\/uploads\/2025\/04\/cropped-343496212_201698782614433_8037205422525878621_n-1.jpg\" \/>\n\t\t<meta property=\"og:image:width\" content=\"512\" \/>\n\t\t<meta property=\"og:image:height\" content=\"512\" \/>\n\t\t<meta property=\"article:published_time\" content=\"2025-06-19T08:29:28+00:00\" \/>\n\t\t<meta property=\"article:modified_time\" content=\"2025-06-19T08:34:36+00:00\" \/>\n\t\t<meta property=\"article:publisher\" content=\"https:\/\/www.facebook.com\/NovalionMedical\/\" \/>\n\t\t<meta name=\"twitter:card\" content=\"summary_large_image\" \/>\n\t\t<meta name=\"twitter:title\" content=\"Height-Adjustable Electric Dialysis Chair with Large Castors\" \/>\n\t\t<meta name=\"twitter:description\" content=\"Height-adjustable electric dialysis chair with large castors, IV pole, and durable construction for versatile patient needs.\" \/>\n\t\t<meta name=\"twitter:image\" content=\"https:\/\/novalion-med.com\/wp-content\/uploads\/2025\/04\/cropped-343496212_201698782614433_8037205422525878621_n-1.jpg\" \/>\n\t\t<script type=\"application\/ld+json\" class=\"aioseo-schema\">\n\t\t\t{\"@context\":\"https:\\\/\\\/schema.org\",\"@graph\":[{\"@type\":\"BreadcrumbList\",\"@id\":\"https:\\\/\\\/novalion-med.com\\\/pt\\\/produto\\\/cadeira-de-dialise-electrica-de-grandes-dimensoes-para-instalacoes-medicas\\\/#breadcrumblist\",\"itemListElement\":[{\"@type\":\"ListItem\",\"@id\":\"https:\\\/\\\/novalion-med.com\\\/pt\\\/#listItem\",\"position\":1,\"name\":\"Home\",\"item\":\"https:\\\/\\\/novalion-med.com\\\/pt\\\/\",\"nextItem\":\"https:\\\/\\\/novalion-med.com\\\/pt\\\/produto\\\/cadeira-de-dialise-electrica-de-grandes-dimensoes-para-instalacoes-medicas\\\/#listItem\"},{\"@type\":\"ListItem\",\"@id\":\"https:\\\/\\\/novalion-med.com\\\/pt\\\/produto\\\/cadeira-de-dialise-electrica-de-grandes-dimensoes-para-instalacoes-medicas\\\/#listItem\",\"position\":2,\"name\":\"Large Electric Dialysis Chair for Medical Facilities\",\"previousItem\":\"https:\\\/\\\/novalion-med.com\\\/pt\\\/#listItem\"}]},{\"@type\":\"Organization\",\"@id\":\"https:\\\/\\\/novalion-med.com\\\/pt\\\/#organization\",\"name\":\"novalion-med.com\",\"url\":\"https:\\\/\\\/novalion-med.com\\\/pt\\\/\",\"logo\":{\"@type\":\"ImageObject\",\"url\":\"https:\\\/\\\/novalion-med.com\\\/wp-content\\\/uploads\\\/2025\\\/04\\\/cropped-343496212_201698782614433_8037205422525878621_n-1.jpg\",\"@id\":\"https:\\\/\\\/novalion-med.com\\\/pt\\\/produto\\\/cadeira-de-dialise-electrica-de-grandes-dimensoes-para-instalacoes-medicas\\\/#organizationLogo\",\"width\":512,\"height\":512},\"image\":{\"@id\":\"https:\\\/\\\/novalion-med.com\\\/pt\\\/produto\\\/cadeira-de-dialise-electrica-de-grandes-dimensoes-para-instalacoes-medicas\\\/#organizationLogo\"},\"sameAs\":[\"https:\\\/\\\/www.facebook.com\\\/NovalionMedical\\\/\",\"https:\\\/\\\/www.youtube.com\\\/@NwlMedicalInstrument\"],\"contactPoint\":{\"@type\":\"ContactPoint\",\"telephone\":\"+8618326188070\",\"contactType\":\"Sales\"}},{\"@type\":\"Product\",\"@id\":\"https:\\\/\\\/novalion-med.com\\\/pt\\\/produto\\\/cadeira-de-dialise-electrica-de-grandes-dimensoes-para-instalacoes-medicas\\\/#wooCommerceProduct\",\"name\":\"Large Electric Dialysis Chair for Medical Facilities\",\"description\":\"Stand out in medical care with this height-adjustable electric dialysis chair, featuring a painted steel and PVC leather build for durability. The 5\\\" castors with brakes offer stability, while the height adjustment (56-82cm) caters to diverse patient needs. Its open size of 188\\u00d786\\u00d758cm balances space efficiency with comfort, including an IV pole, headrest, and footstep for comprehensive care. The chair\\u2019s 200KG weight limit and robust construction make it suitable for busy healthcare environments, ensuring long-term reliability. The ergonomic design prioritizes patient comfort during dialysis, making it a practical choice for clinics and hospitals.\",\"url\":\"https:\\\/\\\/novalion-med.com\\\/pt\\\/produto\\\/cadeira-de-dialise-electrica-de-grandes-dimensoes-para-instalacoes-medicas\\\/\",\"sku\":\"NL230102-HX3\",\"image\":{\"@type\":\"ImageObject\",\"url\":\"https:\\\/\\\/novalion-med.com\\\/wp-content\\\/uploads\\\/2025\\\/06\\\/NL230102-HX3-Large-Electric-Dialysis-Chair-for-Medical-Facilities.jpg\",\"@id\":\"https:\\\/\\\/novalion-med.com\\\/pt\\\/produto\\\/cadeira-de-dialise-electrica-de-grandes-dimensoes-para-instalacoes-medicas\\\/#productImage\",\"width\":1000,\"height\":1000,\"caption\":\"NL230102-HX3 Large Electric Dialysis Chair for Medical Facilities\"},\"offers\":{\"@type\":\"Offer\",\"url\":\"https:\\\/\\\/novalion-med.com\\\/pt\\\/produto\\\/cadeira-de-dialise-electrica-de-grandes-dimensoes-para-instalacoes-medicas\\\/#wooCommerceOffer\",\"priceCurrency\":\"PHP\",\"category\":\"Medical Chairs\",\"availability\":\"https:\\\/\\\/schema.org\\\/InStock\",\"seller\":{\"@type\":\"Organization\",\"@id\":\"https:\\\/\\\/novalion-med.com\\\/pt\\\/#organization\"},\"price\":111}},{\"@type\":\"WebPage\",\"@id\":\"https:\\\/\\\/novalion-med.com\\\/pt\\\/produto\\\/cadeira-de-dialise-electrica-de-grandes-dimensoes-para-instalacoes-medicas\\\/#webpage\",\"url\":\"https:\\\/\\\/novalion-med.com\\\/pt\\\/produto\\\/cadeira-de-dialise-electrica-de-grandes-dimensoes-para-instalacoes-medicas\\\/\",\"name\":\"Height-Adjustable Electric Dialysis Chair with Large Castors\",\"description\":\"Height-adjustable electric dialysis chair with large castors, IV pole, and durable construction for versatile patient needs.\",\"inLanguage\":\"pt-PT\",\"isPartOf\":{\"@id\":\"https:\\\/\\\/novalion-med.com\\\/pt\\\/#website\"},\"breadcrumb\":{\"@id\":\"https:\\\/\\\/novalion-med.com\\\/pt\\\/produto\\\/cadeira-de-dialise-electrica-de-grandes-dimensoes-para-instalacoes-medicas\\\/#breadcrumblist\"},\"image\":{\"@type\":\"ImageObject\",\"url\":\"https:\\\/\\\/novalion-med.com\\\/wp-content\\\/uploads\\\/2025\\\/06\\\/NL230102-HX3-Large-Electric-Dialysis-Chair-for-Medical-Facilities.jpg\",\"@id\":\"https:\\\/\\\/novalion-med.com\\\/pt\\\/produto\\\/cadeira-de-dialise-electrica-de-grandes-dimensoes-para-instalacoes-medicas\\\/#mainImage\",\"width\":1000,\"height\":1000,\"caption\":\"NL230102-HX3 Large Electric Dialysis Chair for Medical Facilities\"},\"primaryImageOfPage\":{\"@id\":\"https:\\\/\\\/novalion-med.com\\\/pt\\\/produto\\\/cadeira-de-dialise-electrica-de-grandes-dimensoes-para-instalacoes-medicas\\\/#mainImage\"},\"datePublished\":\"2025-06-19T08:29:28+00:00\",\"dateModified\":\"2025-06-19T08:34:36+00:00\"},{\"@type\":\"WebSite\",\"@id\":\"https:\\\/\\\/novalion-med.com\\\/pt\\\/#website\",\"url\":\"https:\\\/\\\/novalion-med.com\\\/pt\\\/\",\"name\":\"novalion-med.com\",\"description\":\"Wheelchair, Hospital bed, Walker,Commode chair,Crutch...\",\"inLanguage\":\"pt-PT\",\"publisher\":{\"@id\":\"https:\\\/\\\/novalion-med.com\\\/pt\\\/#organization\"}}]}\n\t\t<\/script>\n\t\t<!-- All in One SEO Pro -->\r\n\t\t<title>Height-Adjustable Electric Dialysis Chair with Large Castors<\/title>\n\n","aioseo_head_json":{"title":"Height-Adjustable Electric Dialysis Chair with Large Castors","description":"Height-adjustable electric dialysis chair with large castors, IV pole, and durable construction for versatile patient needs.","canonical_url":"https:\/\/novalion-med.com\/pt\/produto\/cadeira-de-dialise-electrica-de-grandes-dimensoes-para-instalacoes-medicas\/","robots":"max-image-preview:large","keywords":"","webmasterTools":{"google-site-verification":"XE0Krczs_zYC4qBAqnvyRaNEYa9NQEP4HzU7PPpzxoI","miscellaneous":""},"og:locale":"pt_PT","og:site_name":"Novalion Medical \u2013 Wheelchair, Hospital bed, Walker,Commode chair,Crutch...","og:type":"article","og:title":"Height-Adjustable Electric Dialysis Chair with Large Castors","og:description":"Height-adjustable electric dialysis chair with large castors, IV pole, and durable construction for versatile patient needs.","og:url":"https:\/\/novalion-med.com\/pt\/produto\/cadeira-de-dialise-electrica-de-grandes-dimensoes-para-instalacoes-medicas\/","og:image":"https:\/\/novalion-med.com\/wp-content\/uploads\/2025\/04\/cropped-343496212_201698782614433_8037205422525878621_n-1.jpg","og:image:secure_url":"https:\/\/novalion-med.com\/wp-content\/uploads\/2025\/04\/cropped-343496212_201698782614433_8037205422525878621_n-1.jpg","og:image:width":512,"og:image:height":512,"article:published_time":"2025-06-19T08:29:28+00:00","article:modified_time":"2025-06-19T08:34:36+00:00","article:publisher":"https:\/\/www.facebook.com\/NovalionMedical\/","twitter:card":"summary_large_image","twitter:title":"Height-Adjustable Electric Dialysis Chair with Large Castors","twitter:description":"Height-adjustable electric dialysis chair with large castors, IV pole, and durable construction for versatile patient needs.","twitter:image":"https:\/\/novalion-med.com\/wp-content\/uploads\/2025\/04\/cropped-343496212_201698782614433_8037205422525878621_n-1.jpg","schema":{"@context":"https:\/\/schema.org","@graph":[{"@type":"BreadcrumbList","@id":"https:\/\/novalion-med.com\/pt\/produto\/cadeira-de-dialise-electrica-de-grandes-dimensoes-para-instalacoes-medicas\/#breadcrumblist","itemListElement":[{"@type":"ListItem","@id":"https:\/\/novalion-med.com\/pt\/#listItem","position":1,"name":"Home","item":"https:\/\/novalion-med.com\/pt\/","nextItem":"https:\/\/novalion-med.com\/pt\/produto\/cadeira-de-dialise-electrica-de-grandes-dimensoes-para-instalacoes-medicas\/#listItem"},{"@type":"ListItem","@id":"https:\/\/novalion-med.com\/pt\/produto\/cadeira-de-dialise-electrica-de-grandes-dimensoes-para-instalacoes-medicas\/#listItem","position":2,"name":"Large Electric Dialysis Chair for Medical Facilities","previousItem":"https:\/\/novalion-med.com\/pt\/#listItem"}]},{"@type":"Organization","@id":"https:\/\/novalion-med.com\/pt\/#organization","name":"novalion-med.com","url":"https:\/\/novalion-med.com\/pt\/","logo":{"@type":"ImageObject","url":"https:\/\/novalion-med.com\/wp-content\/uploads\/2025\/04\/cropped-343496212_201698782614433_8037205422525878621_n-1.jpg","@id":"https:\/\/novalion-med.com\/pt\/produto\/cadeira-de-dialise-electrica-de-grandes-dimensoes-para-instalacoes-medicas\/#organizationLogo","width":512,"height":512},"image":{"@id":"https:\/\/novalion-med.com\/pt\/produto\/cadeira-de-dialise-electrica-de-grandes-dimensoes-para-instalacoes-medicas\/#organizationLogo"},"sameAs":["https:\/\/www.facebook.com\/NovalionMedical\/","https:\/\/www.youtube.com\/@NwlMedicalInstrument"],"contactPoint":{"@type":"ContactPoint","telephone":"+8618326188070","contactType":"Sales"}},{"@type":"Product","@id":"https:\/\/novalion-med.com\/pt\/produto\/cadeira-de-dialise-electrica-de-grandes-dimensoes-para-instalacoes-medicas\/#wooCommerceProduct","name":"Large Electric Dialysis Chair for Medical Facilities","description":"Stand out in medical care with this height-adjustable electric dialysis chair, featuring a painted steel and PVC leather build for durability. The 5\" castors with brakes offer stability, while the height adjustment (56-82cm) caters to diverse patient needs. Its open size of 188\u00d786\u00d758cm balances space efficiency with comfort, including an IV pole, headrest, and footstep for comprehensive care. The chair\u2019s 200KG weight limit and robust construction make it suitable for busy healthcare environments, ensuring long-term reliability. The ergonomic design prioritizes patient comfort during dialysis, making it a practical choice for clinics and hospitals.","url":"https:\/\/novalion-med.com\/pt\/produto\/cadeira-de-dialise-electrica-de-grandes-dimensoes-para-instalacoes-medicas\/","sku":"NL230102-HX3","image":{"@type":"ImageObject","url":"https:\/\/novalion-med.com\/wp-content\/uploads\/2025\/06\/NL230102-HX3-Large-Electric-Dialysis-Chair-for-Medical-Facilities.jpg","@id":"https:\/\/novalion-med.com\/pt\/produto\/cadeira-de-dialise-electrica-de-grandes-dimensoes-para-instalacoes-medicas\/#productImage","width":1000,"height":1000,"caption":"NL230102-HX3 Large Electric Dialysis Chair for Medical Facilities"},"offers":{"@type":"Offer","url":"https:\/\/novalion-med.com\/pt\/produto\/cadeira-de-dialise-electrica-de-grandes-dimensoes-para-instalacoes-medicas\/#wooCommerceOffer","priceCurrency":"PHP","category":"Medical Chairs","availability":"https:\/\/schema.org\/InStock","seller":{"@type":"Organization","@id":"https:\/\/novalion-med.com\/pt\/#organization"},"price":111}},{"@type":"WebPage","@id":"https:\/\/novalion-med.com\/pt\/produto\/cadeira-de-dialise-electrica-de-grandes-dimensoes-para-instalacoes-medicas\/#webpage","url":"https:\/\/novalion-med.com\/pt\/produto\/cadeira-de-dialise-electrica-de-grandes-dimensoes-para-instalacoes-medicas\/","name":"Height-Adjustable Electric Dialysis Chair with Large Castors","description":"Height-adjustable electric dialysis chair with large castors, IV pole, and durable construction for versatile patient needs.","inLanguage":"pt-PT","isPartOf":{"@id":"https:\/\/novalion-med.com\/pt\/#website"},"breadcrumb":{"@id":"https:\/\/novalion-med.com\/pt\/produto\/cadeira-de-dialise-electrica-de-grandes-dimensoes-para-instalacoes-medicas\/#breadcrumblist"},"image":{"@type":"ImageObject","url":"https:\/\/novalion-med.com\/wp-content\/uploads\/2025\/06\/NL230102-HX3-Large-Electric-Dialysis-Chair-for-Medical-Facilities.jpg","@id":"https:\/\/novalion-med.com\/pt\/produto\/cadeira-de-dialise-electrica-de-grandes-dimensoes-para-instalacoes-medicas\/#mainImage","width":1000,"height":1000,"caption":"NL230102-HX3 Large Electric Dialysis Chair for Medical Facilities"},"primaryImageOfPage":{"@id":"https:\/\/novalion-med.com\/pt\/produto\/cadeira-de-dialise-electrica-de-grandes-dimensoes-para-instalacoes-medicas\/#mainImage"},"datePublished":"2025-06-19T08:29:28+00:00","dateModified":"2025-06-19T08:34:36+00:00"},{"@type":"WebSite","@id":"https:\/\/novalion-med.com\/pt\/#website","url":"https:\/\/novalion-med.com\/pt\/","name":"novalion-med.com","description":"Wheelchair, Hospital bed, Walker,Commode chair,Crutch...","inLanguage":"pt-PT","publisher":{"@id":"https:\/\/novalion-med.com\/pt\/#organization"}}]}},"aioseo_meta_data":{"post_id":"5626","title":"Height-Adjustable Electric Dialysis Chair with Large Castors","description":"Height-adjustable electric dialysis chair with large castors, IV pole, and durable construction for versatile patient needs.","keywords":"[]","keyphrases":"{\"focus\":{\"keyphrase\":\"\",\"score\":0,\"analysis\":{\"keyphraseInTitle\":{\"score\":0,\"maxScore\":9,\"error\":1}}},\"additional\":[]}","primary_term":null,"canonical_url":null,"og_title":null,"og_description":null,"og_object_type":"default","og_image_type":"default","og_image_url":null,"og_image_width":null,"og_image_height":null,"og_image_custom_url":null,"og_image_custom_fields":null,"og_video":"","og_custom_url":null,"og_article_section":null,"og_article_tags":"[]","twitter_use_og":false,"twitter_card":"default","twitter_image_type":"default","twitter_image_url":null,"twitter_image_custom_url":null,"twitter_image_custom_fields":null,"twitter_title":null,"twitter_description":null,"schema":{"blockGraphs":[],"customGraphs":[],"default":{"data":{"Article":[],"Course":[],"Dataset":[],"FAQPage":[],"Movie":[],"Person":[],"Product":[],"Recipe":[],"Service":[],"SoftwareApplication":[],"WebPage":[]},"graphName":"Product","isEnabled":true},"graphs":[]},"schema_type":"default","schema_type_options":null,"pillar_content":false,"robots_default":true,"robots_noindex":false,"robots_noarchive":false,"robots_nosnippet":false,"robots_nofollow":false,"robots_noimageindex":false,"robots_noodp":false,"robots_notranslate":false,"robots_max_snippet":"-1","robots_max_videopreview":"-1","robots_max_imagepreview":"large","priority":null,"frequency":"default","local_seo":null,"limit_modified_date":false,"created":"2025-06-19 08:29:28","updated":"2025-06-19 08:38:08"},"_links":{"self":[{"href":"https:\/\/novalion-med.com\/pt\/wp-json\/wp\/v2\/product\/5626","targetHints":{"allow":["GET"]}}],"collection":[{"href":"https:\/\/novalion-med.com\/pt\/wp-json\/wp\/v2\/product"}],"about":[{"href":"https:\/\/novalion-med.com\/pt\/wp-json\/wp\/v2\/types\/product"}],"version-history":[{"count":4,"href":"https:\/\/novalion-med.com\/pt\/wp-json\/wp\/v2\/product\/5626\/revisions"}],"predecessor-version":[{"id":5630,"href":"https:\/\/novalion-med.com\/pt\/wp-json\/wp\/v2\/product\/5626\/revisions\/5630"}],"wp:featuredmedia":[{"embeddable":true,"href":"https:\/\/novalion-med.com\/pt\/wp-json\/wp\/v2\/media\/5625"}],"wp:attachment":[{"href":"https:\/\/novalion-med.com\/pt\/wp-json\/wp\/v2\/media?parent=5626"}],"wp:term":[{"taxonomy":"product_brand","embeddable":true,"href":"https:\/\/novalion-med.com\/pt\/wp-json\/wp\/v2\/product_brand?post=5626"},{"taxonomy":"product_cat","embeddable":true,"href":"https:\/\/novalion-med.com\/pt\/wp-json\/wp\/v2\/product_cat?post=5626"},{"taxonomy":"product_tag","embeddable":true,"href":"https:\/\/novalion-med.com\/pt\/wp-json\/wp\/v2\/product_tag?post=5626"}],"curies":[{"name":"wp","href":"https:\/\/api.w.org\/{rel}","templated":true}]}}