{"id":5571,"date":"2025-06-19T04:16:00","date_gmt":"2025-06-19T04:16:00","guid":{"rendered":"https:\/\/novalion-med.com\/?post_type=product&#038;p=5571"},"modified":"2025-09-25T10:29:51","modified_gmt":"2025-09-25T10:29:51","slug":"suporte-de-infusao-ajustavel-em-aco-inoxidavel-de-qualidade-medica","status":"publish","type":"product","link":"https:\/\/novalion-med.com\/pt\/produto\/suporte-de-infusao-ajustavel-em-aco-inoxidavel-de-qualidade-medica\/","title":{"rendered":"Suporte de infus\u00e3o ajust\u00e1vel em a\u00e7o inoxid\u00e1vel de qualidade m\u00e9dica"},"content":{"rendered":"<div data-elementor-type=\"product-post\" data-elementor-id=\"5571\" class=\"elementor elementor-5571\" data-elementor-post-type=\"product\">\n\t\t\t\t<div class=\"elementor-element elementor-element-1c93f1cb e-con-full e-flex e-con e-parent\" data-id=\"1c93f1cb\" data-element_type=\"container\">\n\t\t\t\t<div class=\"elementor-element elementor-element-2240ff1 elementor-widget elementor-widget-heading\" data-id=\"2240ff1\" data-element_type=\"widget\" data-widget_type=\"heading.default\">\n\t\t\t\t<div class=\"elementor-widget-container\">\n\t\t\t\t\t<h2 class=\"elementor-heading-title elementor-size-default\">Suporte de infus\u00e3o ajust\u00e1vel em a\u00e7o inoxid\u00e1vel de qualidade m\u00e9dica<\/h2>\t\t\t\t<\/div>\n\t\t\t\t<\/div>\n\t\t\t\t<div class=\"elementor-element elementor-element-45d8c46 elementor-widget elementor-widget-text-editor\" data-id=\"45d8c46\" data-element_type=\"widget\" data-widget_type=\"text-editor.default\">\n\t\t\t\t<div class=\"elementor-widget-container\">\n\t\t\t\t\t\t\t\t\t<p>Ideal para enfermarias de emerg\u00eancia, blocos operat\u00f3rios, \u00e1reas de infus\u00e3o em ambulat\u00f3rio e ambientes de cuidados ao domic\u00edlio, este suporte de conce\u00e7\u00e3o modular equilibra a durabilidade com uma eleg\u00e2ncia que poupa espa\u00e7o. O acabamento polido espelhado do a\u00e7o inoxid\u00e1vel n\u00e3o s\u00f3 acrescenta uma est\u00e9tica elegante aos ambientes m\u00e9dicos, como tamb\u00e9m exemplifica a combina\u00e7\u00e3o perfeita de funcionalidade e est\u00e9tica espacial, tornando-o uma solu\u00e7\u00e3o fi\u00e1vel e de n\u00edvel profissional para os cuidados de sa\u00fade modernos.<\/p>\t\t\t\t\t\t\t\t<\/div>\n\t\t\t\t<\/div>\n\t\t\t\t<div class=\"elementor-element elementor-element-7152afc elementor-widget elementor-widget-text-editor\" data-id=\"7152afc\" data-element_type=\"widget\" data-widget_type=\"text-editor.default\">\n\t\t\t\t<div class=\"elementor-widget-container\">\n\t\t\t\t\t\t\t\t\t<h2>Carater\u00edsticas principais<\/h2><p>\"Estabilidade de n\u00edvel m\u00e9dico, personalizada para cada momento de cuidado - NL230103-LD35 mant\u00e9m-se forte onde \u00e9 mais importante.\"<\/p><ul><li>Constru\u00e7\u00e3o em a\u00e7o inoxid\u00e1vel de qualidade m\u00e9dica<\/li><li>Sistema de altura ajust\u00e1vel de 1,1-2,0 m<\/li><li>Capacidade de carga pesada de 25 kg<\/li><li>Base em ferro fundido com prote\u00e7\u00e3o antibacteriana em ABS<\/li><li>Conjunto completo de acess\u00f3rios para efici\u00eancia cl\u00ednica<\/li><\/ul>\t\t\t\t\t\t\t\t<\/div>\n\t\t\t\t<\/div>\n\t\t\t\t<div class=\"elementor-element elementor-element-3a02177 elementor-widget elementor-widget-text-editor\" data-id=\"3a02177\" data-element_type=\"widget\" data-widget_type=\"text-editor.default\">\n\t\t\t\t<div class=\"elementor-widget-container\">\n\t\t\t\t\t\t\t\t\t<h2>Especifica\u00e7\u00f5es<\/h2><table width=\"538\"><tbody><tr><td width=\"150\">Nome<\/td><td width=\"388\">\u00a0Suporte de infus\u00e3o ajust\u00e1vel em a\u00e7o inoxid\u00e1vel de qualidade m\u00e9dica<\/td><\/tr><tr><td>Gama de eleva\u00e7\u00e3o<\/td><td>\u00a01,1-2,0m ajust\u00e1vel<\/td><\/tr><tr><td>Capacidade de carga<\/td><td>\u00a0Cerca de 25 kg<\/td><\/tr><tr><td>Material principal<\/td><td>\u00a0a\u00e7o inoxid\u00e1vel<\/td><\/tr><tr><td>Material de base<\/td><td>\u00a0base em ferro fundido, prote\u00e7\u00e3o em ABS<\/td><\/tr><tr><td>Combina\u00e7\u00e3o de acess\u00f3rios<\/td><td>\u00a04 ganchos, regulador, base em ferro fundido, prote\u00e7\u00e3o em ABS, tubo em a\u00e7o inoxid\u00e1vel<\/td><\/tr><\/tbody><\/table>\t\t\t\t\t\t\t\t<\/div>\n\t\t\t\t<\/div>\n\t\t\t\t<div class=\"elementor-element elementor-element-2996df9 elementor-widget elementor-widget-text-editor\" data-id=\"2996df9\" data-element_type=\"widget\" data-widget_type=\"text-editor.default\">\n\t\t\t\t<div class=\"elementor-widget-container\">\n\t\t\t\t\t\t\t\t\t<p>Mais equipamentos m\u00e9dicos podem ser encontrados em <a href=\"https:\/\/novalion-med.com\/pt\/\" target=\"_blank\" rel=\"noopener\">o nosso s\u00edtio Web<\/a> ou <a href=\"https:\/\/api.whatsapp.com\/send\/?phone=%2B008618112908401&amp;text&amp;type=phone_number&amp;app_absent=0\" target=\"_blank\" rel=\"noopener\">o nosso whatsapp<\/a>.<\/p>\t\t\t\t\t\t\t\t<\/div>\n\t\t\t\t<\/div>\n\t\t\t\t<\/div>\n\t\t\t\t<\/div>","protected":false},"excerpt":{"rendered":"<p>Concebido para ambientes m\u00e9dicos modernos, o suporte de infus\u00e3o NL230103-LD35 combina uma constru\u00e7\u00e3o em a\u00e7o inoxid\u00e1vel de qualidade m\u00e9dica com uma funcionalidade inovadora. A sua superf\u00edcie resistente \u00e0 corros\u00e3o e f\u00e1cil de limpar cumpre as rigorosas normas de controlo de infec\u00e7\u00f5es hospitalares, enquanto o sistema de ajuste de altura de 1,1-2,0 m - operado atrav\u00e9s de um bot\u00e3o ergon\u00f3mico - permite uma personaliza\u00e7\u00e3o precisa para v\u00e1rias alturas de cama e posi\u00e7\u00f5es do doente. Com uma robusta capacidade de carga de 25 kg, o suporte suporta de forma segura v\u00e1rios sacos de infus\u00e3o e dispositivos m\u00e9dicos, minimizando os riscos de abanar devido a flutua\u00e7\u00f5es de peso.<\/p>","protected":false},"featured_media":9545,"template":"elementor_theme","meta":{"site-sidebar-layout":"default","site-content-layout":"","ast-site-content-layout":"default","site-content-style":"default","site-sidebar-style":"default","ast-global-header-display":"","ast-banner-title-visibility":"","ast-main-header-display":"","ast-hfb-above-header-display":"","ast-hfb-below-header-display":"","ast-hfb-mobile-header-display":"","site-post-title":"","ast-breadcrumbs-content":"","ast-featured-img":"","footer-sml-layout":"","theme-transparent-header-meta":"default","adv-header-id-meta":"","stick-header-meta":"default","header-above-stick-meta":"","header-main-stick-meta":"","header-below-stick-meta":"","astra-migrate-meta-layouts":"set","ast-page-background-enabled":"default","ast-page-background-meta":{"desktop":{"background-color":"var(--ast-global-color-4)","background-image":"","background-repeat":"repeat","background-position":"center center","background-size":"auto","background-attachment":"scroll","background-type":"","background-media":"","overlay-type":"","overlay-color":"","overlay-opacity":"","overlay-gradient":""},"tablet":{"background-color":"","background-image":"","background-repeat":"repeat","background-position":"center center","background-size":"auto","background-attachment":"scroll","background-type":"","background-media":"","overlay-type":"","overlay-color":"","overlay-opacity":"","overlay-gradient":""},"mobile":{"background-color":"","background-image":"","background-repeat":"repeat","background-position":"center center","background-size":"auto","background-attachment":"scroll","background-type":"","background-media":"","overlay-type":"","overlay-color":"","overlay-opacity":"","overlay-gradient":""}},"ast-content-background-meta":{"desktop":{"background-color":"var(--ast-global-color-5)","background-image":"","background-repeat":"repeat","background-position":"center center","background-size":"auto","background-attachment":"scroll","background-type":"","background-media":"","overlay-type":"","overlay-color":"","overlay-opacity":"","overlay-gradient":""},"tablet":{"background-color":"var(--ast-global-color-5)","background-image":"","background-repeat":"repeat","background-position":"center center","background-size":"auto","background-attachment":"scroll","background-type":"","background-media":"","overlay-type":"","overlay-color":"","overlay-opacity":"","overlay-gradient":""},"mobile":{"background-color":"var(--ast-global-color-5)","background-image":"","background-repeat":"repeat","background-position":"center center","background-size":"auto","background-attachment":"scroll","background-type":"","background-media":"","overlay-type":"","overlay-color":"","overlay-opacity":"","overlay-gradient":""}}},"product_brand":[],"product_cat":[102],"product_tag":[],"class_list":{"0":"post-5571","1":"product","2":"type-product","3":"status-publish","4":"has-post-thumbnail","6":"product_cat-infusion-stands","7":"desktop-align-center","8":"tablet-align-left","9":"mobile-align-left","10":"ast-product-gallery-layout-horizontal-slider","11":"ast-magnify-disabled","12":"ast-product-tabs-layout-accordion","13":"ast-qv-on-image","15":"first","16":"instock","17":"shipping-taxable","18":"purchasable","19":"product-type-simple"},"aioseo_notices":[],"aioseo_head":"\n\t\t<!-- All in One SEO Pro 4.6.0 - aioseo.com -->\n\t\t<meta name=\"description\" content=\"Medical-grade stainless steel infusion stand features cast iron base, ABS antibacterial shield, 4 hooks, and flow regulator. Ideal for hospitals &amp; home care.\" \/>\n\t\t<meta name=\"robots\" content=\"max-image-preview:large\" \/>\n\t\t<meta name=\"google-site-verification\" content=\"XE0Krczs_zYC4qBAqnvyRaNEYa9NQEP4HzU7PPpzxoI\" \/>\n\t\t<link rel=\"canonical\" href=\"https:\/\/novalion-med.com\/pt\/produto\/suporte-de-infusao-ajustavel-em-aco-inoxidavel-de-qualidade-medica\/\" \/>\n\t\t<meta name=\"generator\" content=\"All in One SEO Pro (AIOSEO) 4.6.0\" \/>\n\t\t<meta property=\"og:locale\" content=\"pt_PT\" \/>\n\t\t<meta property=\"og:site_name\" content=\"Novalion Medical \u2013 Wheelchair, Hospital bed, Walker,Commode chair,Crutch...\" \/>\n\t\t<meta property=\"og:type\" content=\"article\" \/>\n\t\t<meta property=\"og:title\" content=\"Medical-Grade Stainless Steel Adjustable Infusion Stand\" \/>\n\t\t<meta property=\"og:description\" content=\"Medical-grade stainless steel infusion stand features cast iron base, ABS antibacterial shield, 4 hooks, and flow regulator. Ideal for hospitals &amp; home care.\" \/>\n\t\t<meta property=\"og:url\" content=\"https:\/\/novalion-med.com\/pt\/produto\/suporte-de-infusao-ajustavel-em-aco-inoxidavel-de-qualidade-medica\/\" \/>\n\t\t<meta property=\"og:image\" content=\"https:\/\/novalion-med.com\/wp-content\/uploads\/2025\/04\/cropped-343496212_201698782614433_8037205422525878621_n-1.jpg\" \/>\n\t\t<meta property=\"og:image:secure_url\" content=\"https:\/\/novalion-med.com\/wp-content\/uploads\/2025\/04\/cropped-343496212_201698782614433_8037205422525878621_n-1.jpg\" \/>\n\t\t<meta property=\"og:image:width\" content=\"512\" \/>\n\t\t<meta property=\"og:image:height\" content=\"512\" \/>\n\t\t<meta property=\"article:published_time\" content=\"2025-06-19T04:16:00+00:00\" \/>\n\t\t<meta property=\"article:modified_time\" content=\"2025-09-25T10:29:51+00:00\" \/>\n\t\t<meta property=\"article:publisher\" content=\"https:\/\/www.facebook.com\/NovalionMedical\/\" \/>\n\t\t<meta name=\"twitter:card\" content=\"summary_large_image\" \/>\n\t\t<meta name=\"twitter:title\" content=\"Medical-Grade Stainless Steel Adjustable Infusion Stand\" \/>\n\t\t<meta name=\"twitter:description\" content=\"Medical-grade stainless steel infusion stand features cast iron base, ABS antibacterial shield, 4 hooks, and flow regulator. Ideal for hospitals &amp; home care.\" \/>\n\t\t<meta name=\"twitter:image\" content=\"https:\/\/novalion-med.com\/wp-content\/uploads\/2025\/04\/cropped-343496212_201698782614433_8037205422525878621_n-1.jpg\" \/>\n\t\t<script type=\"application\/ld+json\" class=\"aioseo-schema\">\n\t\t\t{\"@context\":\"https:\\\/\\\/schema.org\",\"@graph\":[{\"@type\":\"BreadcrumbList\",\"@id\":\"https:\\\/\\\/novalion-med.com\\\/pt\\\/produto\\\/suporte-de-infusao-ajustavel-em-aco-inoxidavel-de-qualidade-medica\\\/#breadcrumblist\",\"itemListElement\":[{\"@type\":\"ListItem\",\"@id\":\"https:\\\/\\\/novalion-med.com\\\/pt\\\/#listItem\",\"position\":1,\"name\":\"Home\",\"item\":\"https:\\\/\\\/novalion-med.com\\\/pt\\\/\",\"nextItem\":\"https:\\\/\\\/novalion-med.com\\\/pt\\\/produto\\\/suporte-de-infusao-ajustavel-em-aco-inoxidavel-de-qualidade-medica\\\/#listItem\"},{\"@type\":\"ListItem\",\"@id\":\"https:\\\/\\\/novalion-med.com\\\/pt\\\/produto\\\/suporte-de-infusao-ajustavel-em-aco-inoxidavel-de-qualidade-medica\\\/#listItem\",\"position\":2,\"name\":\"Medical-Grade Stainless Steel Adjustable Infusion Stand\",\"previousItem\":\"https:\\\/\\\/novalion-med.com\\\/pt\\\/#listItem\"}]},{\"@type\":\"Organization\",\"@id\":\"https:\\\/\\\/novalion-med.com\\\/pt\\\/#organization\",\"name\":\"novalion-med.com\",\"url\":\"https:\\\/\\\/novalion-med.com\\\/pt\\\/\",\"logo\":{\"@type\":\"ImageObject\",\"url\":\"https:\\\/\\\/novalion-med.com\\\/wp-content\\\/uploads\\\/2025\\\/04\\\/cropped-343496212_201698782614433_8037205422525878621_n-1.jpg\",\"@id\":\"https:\\\/\\\/novalion-med.com\\\/pt\\\/produto\\\/suporte-de-infusao-ajustavel-em-aco-inoxidavel-de-qualidade-medica\\\/#organizationLogo\",\"width\":512,\"height\":512},\"image\":{\"@id\":\"https:\\\/\\\/novalion-med.com\\\/pt\\\/produto\\\/suporte-de-infusao-ajustavel-em-aco-inoxidavel-de-qualidade-medica\\\/#organizationLogo\"},\"sameAs\":[\"https:\\\/\\\/www.facebook.com\\\/NovalionMedical\\\/\",\"https:\\\/\\\/www.youtube.com\\\/@NwlMedicalInstrument\"],\"contactPoint\":{\"@type\":\"ContactPoint\",\"telephone\":\"+8618326188070\",\"contactType\":\"Sales\"}},{\"@type\":\"Product\",\"@id\":\"https:\\\/\\\/novalion-med.com\\\/pt\\\/produto\\\/suporte-de-infusao-ajustavel-em-aco-inoxidavel-de-qualidade-medica\\\/#wooCommerceProduct\",\"name\":\"Medical-Grade Stainless Steel Adjustable Infusion Stand\",\"description\":\"Engineered for modern medical environments, the NL230103-LD35 Infusion Stand combines medical-grade stainless steel construction with innovative functionality. Its corrosion-resistant, easy-to-clean surface meets strict hospital infection control standards, while the 1.1-2.0m height adjustment system\\u2014operated via an ergonomic knob\\u2014enables precise customization for various bed heights and patient positions. With a robust 25kg load-bearing capacity, the stand securely supports multiple infusion bags and medical devices, minimizing shaking risks from weight fluctuations.\",\"url\":\"https:\\\/\\\/novalion-med.com\\\/pt\\\/produto\\\/suporte-de-infusao-ajustavel-em-aco-inoxidavel-de-qualidade-medica\\\/\",\"sku\":\"NL230103-LD35\",\"image\":{\"@type\":\"ImageObject\",\"url\":\"https:\\\/\\\/novalion-med.com\\\/wp-content\\\/uploads\\\/2025\\\/06\\\/NL230103-LD35-Medical-Grade-Stainless-Steel-Adjustable-Infusion-Stand.jpg\",\"@id\":\"https:\\\/\\\/novalion-med.com\\\/pt\\\/produto\\\/suporte-de-infusao-ajustavel-em-aco-inoxidavel-de-qualidade-medica\\\/#productImage\",\"width\":1000,\"height\":1000,\"caption\":\"NL230103-LD35 Medical-Grade Stainless Steel Adjustable Infusion Stand\"},\"offers\":{\"@type\":\"Offer\",\"url\":\"https:\\\/\\\/novalion-med.com\\\/pt\\\/produto\\\/suporte-de-infusao-ajustavel-em-aco-inoxidavel-de-qualidade-medica\\\/#wooCommerceOffer\",\"priceCurrency\":\"PHP\",\"category\":\"Infusion Stands\",\"availability\":\"https:\\\/\\\/schema.org\\\/InStock\",\"seller\":{\"@type\":\"Organization\",\"@id\":\"https:\\\/\\\/novalion-med.com\\\/pt\\\/#organization\"},\"price\":111}},{\"@type\":\"WebPage\",\"@id\":\"https:\\\/\\\/novalion-med.com\\\/pt\\\/produto\\\/suporte-de-infusao-ajustavel-em-aco-inoxidavel-de-qualidade-medica\\\/#webpage\",\"url\":\"https:\\\/\\\/novalion-med.com\\\/pt\\\/produto\\\/suporte-de-infusao-ajustavel-em-aco-inoxidavel-de-qualidade-medica\\\/\",\"name\":\"Medical-Grade Stainless Steel Adjustable Infusion Stand\",\"description\":\"Medical-grade stainless steel infusion stand features cast iron base, ABS antibacterial shield, 4 hooks, and flow regulator. Ideal for hospitals & home care.\",\"inLanguage\":\"pt-PT\",\"isPartOf\":{\"@id\":\"https:\\\/\\\/novalion-med.com\\\/pt\\\/#website\"},\"breadcrumb\":{\"@id\":\"https:\\\/\\\/novalion-med.com\\\/pt\\\/produto\\\/suporte-de-infusao-ajustavel-em-aco-inoxidavel-de-qualidade-medica\\\/#breadcrumblist\"},\"image\":{\"@type\":\"ImageObject\",\"url\":\"https:\\\/\\\/novalion-med.com\\\/wp-content\\\/uploads\\\/2025\\\/06\\\/NL230103-LD35-Medical-Grade-Stainless-Steel-Adjustable-Infusion-Stand.jpg\",\"@id\":\"https:\\\/\\\/novalion-med.com\\\/pt\\\/produto\\\/suporte-de-infusao-ajustavel-em-aco-inoxidavel-de-qualidade-medica\\\/#mainImage\",\"width\":1000,\"height\":1000,\"caption\":\"NL230103-LD35 Medical-Grade Stainless Steel Adjustable Infusion Stand\"},\"primaryImageOfPage\":{\"@id\":\"https:\\\/\\\/novalion-med.com\\\/pt\\\/produto\\\/suporte-de-infusao-ajustavel-em-aco-inoxidavel-de-qualidade-medica\\\/#mainImage\"},\"datePublished\":\"2025-06-19T04:16:00+00:00\",\"dateModified\":\"2025-09-25T10:29:51+00:00\"},{\"@type\":\"WebSite\",\"@id\":\"https:\\\/\\\/novalion-med.com\\\/pt\\\/#website\",\"url\":\"https:\\\/\\\/novalion-med.com\\\/pt\\\/\",\"name\":\"novalion-med.com\",\"description\":\"Wheelchair, Hospital bed, Walker,Commode chair,Crutch...\",\"inLanguage\":\"pt-PT\",\"publisher\":{\"@id\":\"https:\\\/\\\/novalion-med.com\\\/pt\\\/#organization\"}}]}\n\t\t<\/script>\n\t\t<!-- All in One SEO Pro -->\r\n\t\t<title>Medical-Grade Stainless Steel Adjustable Infusion Stand<\/title>\n\n","aioseo_head_json":{"title":"Medical-Grade Stainless Steel Adjustable Infusion Stand","description":"Medical-grade stainless steel infusion stand features cast iron base, ABS antibacterial shield, 4 hooks, and flow regulator. Ideal for hospitals & home care.","canonical_url":"https:\/\/novalion-med.com\/pt\/produto\/suporte-de-infusao-ajustavel-em-aco-inoxidavel-de-qualidade-medica\/","robots":"max-image-preview:large","keywords":"","webmasterTools":{"google-site-verification":"XE0Krczs_zYC4qBAqnvyRaNEYa9NQEP4HzU7PPpzxoI","miscellaneous":""},"og:locale":"pt_PT","og:site_name":"Novalion Medical \u2013 Wheelchair, Hospital bed, Walker,Commode chair,Crutch...","og:type":"article","og:title":"Medical-Grade Stainless Steel Adjustable Infusion Stand","og:description":"Medical-grade stainless steel infusion stand features cast iron base, ABS antibacterial shield, 4 hooks, and flow regulator. Ideal for hospitals &amp; home care.","og:url":"https:\/\/novalion-med.com\/pt\/produto\/suporte-de-infusao-ajustavel-em-aco-inoxidavel-de-qualidade-medica\/","og:image":"https:\/\/novalion-med.com\/wp-content\/uploads\/2025\/04\/cropped-343496212_201698782614433_8037205422525878621_n-1.jpg","og:image:secure_url":"https:\/\/novalion-med.com\/wp-content\/uploads\/2025\/04\/cropped-343496212_201698782614433_8037205422525878621_n-1.jpg","og:image:width":512,"og:image:height":512,"article:published_time":"2025-06-19T04:16:00+00:00","article:modified_time":"2025-09-25T10:29:51+00:00","article:publisher":"https:\/\/www.facebook.com\/NovalionMedical\/","twitter:card":"summary_large_image","twitter:title":"Medical-Grade Stainless Steel Adjustable Infusion Stand","twitter:description":"Medical-grade stainless steel infusion stand features cast iron base, ABS antibacterial shield, 4 hooks, and flow regulator. Ideal for hospitals &amp; home care.","twitter:image":"https:\/\/novalion-med.com\/wp-content\/uploads\/2025\/04\/cropped-343496212_201698782614433_8037205422525878621_n-1.jpg","schema":{"@context":"https:\/\/schema.org","@graph":[{"@type":"BreadcrumbList","@id":"https:\/\/novalion-med.com\/pt\/produto\/suporte-de-infusao-ajustavel-em-aco-inoxidavel-de-qualidade-medica\/#breadcrumblist","itemListElement":[{"@type":"ListItem","@id":"https:\/\/novalion-med.com\/pt\/#listItem","position":1,"name":"Home","item":"https:\/\/novalion-med.com\/pt\/","nextItem":"https:\/\/novalion-med.com\/pt\/produto\/suporte-de-infusao-ajustavel-em-aco-inoxidavel-de-qualidade-medica\/#listItem"},{"@type":"ListItem","@id":"https:\/\/novalion-med.com\/pt\/produto\/suporte-de-infusao-ajustavel-em-aco-inoxidavel-de-qualidade-medica\/#listItem","position":2,"name":"Medical-Grade Stainless Steel Adjustable Infusion Stand","previousItem":"https:\/\/novalion-med.com\/pt\/#listItem"}]},{"@type":"Organization","@id":"https:\/\/novalion-med.com\/pt\/#organization","name":"novalion-med.com","url":"https:\/\/novalion-med.com\/pt\/","logo":{"@type":"ImageObject","url":"https:\/\/novalion-med.com\/wp-content\/uploads\/2025\/04\/cropped-343496212_201698782614433_8037205422525878621_n-1.jpg","@id":"https:\/\/novalion-med.com\/pt\/produto\/suporte-de-infusao-ajustavel-em-aco-inoxidavel-de-qualidade-medica\/#organizationLogo","width":512,"height":512},"image":{"@id":"https:\/\/novalion-med.com\/pt\/produto\/suporte-de-infusao-ajustavel-em-aco-inoxidavel-de-qualidade-medica\/#organizationLogo"},"sameAs":["https:\/\/www.facebook.com\/NovalionMedical\/","https:\/\/www.youtube.com\/@NwlMedicalInstrument"],"contactPoint":{"@type":"ContactPoint","telephone":"+8618326188070","contactType":"Sales"}},{"@type":"Product","@id":"https:\/\/novalion-med.com\/pt\/produto\/suporte-de-infusao-ajustavel-em-aco-inoxidavel-de-qualidade-medica\/#wooCommerceProduct","name":"Medical-Grade Stainless Steel Adjustable Infusion Stand","description":"Engineered for modern medical environments, the NL230103-LD35 Infusion Stand combines medical-grade stainless steel construction with innovative functionality. Its corrosion-resistant, easy-to-clean surface meets strict hospital infection control standards, while the 1.1-2.0m height adjustment system\u2014operated via an ergonomic knob\u2014enables precise customization for various bed heights and patient positions. With a robust 25kg load-bearing capacity, the stand securely supports multiple infusion bags and medical devices, minimizing shaking risks from weight fluctuations.","url":"https:\/\/novalion-med.com\/pt\/produto\/suporte-de-infusao-ajustavel-em-aco-inoxidavel-de-qualidade-medica\/","sku":"NL230103-LD35","image":{"@type":"ImageObject","url":"https:\/\/novalion-med.com\/wp-content\/uploads\/2025\/06\/NL230103-LD35-Medical-Grade-Stainless-Steel-Adjustable-Infusion-Stand.jpg","@id":"https:\/\/novalion-med.com\/pt\/produto\/suporte-de-infusao-ajustavel-em-aco-inoxidavel-de-qualidade-medica\/#productImage","width":1000,"height":1000,"caption":"NL230103-LD35 Medical-Grade Stainless Steel Adjustable Infusion Stand"},"offers":{"@type":"Offer","url":"https:\/\/novalion-med.com\/pt\/produto\/suporte-de-infusao-ajustavel-em-aco-inoxidavel-de-qualidade-medica\/#wooCommerceOffer","priceCurrency":"PHP","category":"Infusion Stands","availability":"https:\/\/schema.org\/InStock","seller":{"@type":"Organization","@id":"https:\/\/novalion-med.com\/pt\/#organization"},"price":111}},{"@type":"WebPage","@id":"https:\/\/novalion-med.com\/pt\/produto\/suporte-de-infusao-ajustavel-em-aco-inoxidavel-de-qualidade-medica\/#webpage","url":"https:\/\/novalion-med.com\/pt\/produto\/suporte-de-infusao-ajustavel-em-aco-inoxidavel-de-qualidade-medica\/","name":"Medical-Grade Stainless Steel Adjustable Infusion Stand","description":"Medical-grade stainless steel infusion stand features cast iron base, ABS antibacterial shield, 4 hooks, and flow regulator. Ideal for hospitals & home care.","inLanguage":"pt-PT","isPartOf":{"@id":"https:\/\/novalion-med.com\/pt\/#website"},"breadcrumb":{"@id":"https:\/\/novalion-med.com\/pt\/produto\/suporte-de-infusao-ajustavel-em-aco-inoxidavel-de-qualidade-medica\/#breadcrumblist"},"image":{"@type":"ImageObject","url":"https:\/\/novalion-med.com\/wp-content\/uploads\/2025\/06\/NL230103-LD35-Medical-Grade-Stainless-Steel-Adjustable-Infusion-Stand.jpg","@id":"https:\/\/novalion-med.com\/pt\/produto\/suporte-de-infusao-ajustavel-em-aco-inoxidavel-de-qualidade-medica\/#mainImage","width":1000,"height":1000,"caption":"NL230103-LD35 Medical-Grade Stainless Steel Adjustable Infusion Stand"},"primaryImageOfPage":{"@id":"https:\/\/novalion-med.com\/pt\/produto\/suporte-de-infusao-ajustavel-em-aco-inoxidavel-de-qualidade-medica\/#mainImage"},"datePublished":"2025-06-19T04:16:00+00:00","dateModified":"2025-09-25T10:29:51+00:00"},{"@type":"WebSite","@id":"https:\/\/novalion-med.com\/pt\/#website","url":"https:\/\/novalion-med.com\/pt\/","name":"novalion-med.com","description":"Wheelchair, Hospital bed, Walker,Commode chair,Crutch...","inLanguage":"pt-PT","publisher":{"@id":"https:\/\/novalion-med.com\/pt\/#organization"}}]}},"aioseo_meta_data":{"post_id":"5571","title":"Medical-Grade Stainless Steel Adjustable Infusion Stand","description":"Medical-grade stainless steel infusion stand features cast iron base, ABS antibacterial shield, 4 hooks, and flow regulator. Ideal for hospitals &amp; home care.","keywords":"[]","keyphrases":"{\"focus\":{\"keyphrase\":\"\",\"score\":0,\"analysis\":{\"keyphraseInTitle\":{\"score\":0,\"maxScore\":9,\"error\":1}}},\"additional\":[]}","primary_term":null,"canonical_url":null,"og_title":null,"og_description":null,"og_object_type":"default","og_image_type":"default","og_image_url":null,"og_image_width":null,"og_image_height":null,"og_image_custom_url":null,"og_image_custom_fields":null,"og_video":"","og_custom_url":null,"og_article_section":null,"og_article_tags":"[]","twitter_use_og":false,"twitter_card":"default","twitter_image_type":"default","twitter_image_url":null,"twitter_image_custom_url":null,"twitter_image_custom_fields":null,"twitter_title":null,"twitter_description":null,"schema":{"blockGraphs":[],"customGraphs":[],"default":{"data":{"Article":[],"Course":[],"Dataset":[],"FAQPage":[],"Movie":[],"Person":[],"Product":[],"Recipe":[],"Service":[],"SoftwareApplication":[],"WebPage":[]},"graphName":"Product","isEnabled":true},"graphs":[]},"schema_type":"default","schema_type_options":null,"pillar_content":false,"robots_default":true,"robots_noindex":false,"robots_noarchive":false,"robots_nosnippet":false,"robots_nofollow":false,"robots_noimageindex":false,"robots_noodp":false,"robots_notranslate":false,"robots_max_snippet":"-1","robots_max_videopreview":"-1","robots_max_imagepreview":"large","priority":null,"frequency":"default","local_seo":null,"limit_modified_date":false,"created":"2025-06-19 04:16:00","updated":"2025-09-25 10:34:53"},"_links":{"self":[{"href":"https:\/\/novalion-med.com\/pt\/wp-json\/wp\/v2\/product\/5571","targetHints":{"allow":["GET"]}}],"collection":[{"href":"https:\/\/novalion-med.com\/pt\/wp-json\/wp\/v2\/product"}],"about":[{"href":"https:\/\/novalion-med.com\/pt\/wp-json\/wp\/v2\/types\/product"}],"version-history":[{"count":9,"href":"https:\/\/novalion-med.com\/pt\/wp-json\/wp\/v2\/product\/5571\/revisions"}],"predecessor-version":[{"id":9547,"href":"https:\/\/novalion-med.com\/pt\/wp-json\/wp\/v2\/product\/5571\/revisions\/9547"}],"wp:featuredmedia":[{"embeddable":true,"href":"https:\/\/novalion-med.com\/pt\/wp-json\/wp\/v2\/media\/9545"}],"wp:attachment":[{"href":"https:\/\/novalion-med.com\/pt\/wp-json\/wp\/v2\/media?parent=5571"}],"wp:term":[{"taxonomy":"product_brand","embeddable":true,"href":"https:\/\/novalion-med.com\/pt\/wp-json\/wp\/v2\/product_brand?post=5571"},{"taxonomy":"product_cat","embeddable":true,"href":"https:\/\/novalion-med.com\/pt\/wp-json\/wp\/v2\/product_cat?post=5571"},{"taxonomy":"product_tag","embeddable":true,"href":"https:\/\/novalion-med.com\/pt\/wp-json\/wp\/v2\/product_tag?post=5571"}],"curies":[{"name":"wp","href":"https:\/\/api.w.org\/{rel}","templated":true}]}}