{"id":5560,"date":"2025-06-19T03:38:55","date_gmt":"2025-06-19T03:38:55","guid":{"rendered":"https:\/\/novalion-med.com\/?post_type=product&#038;p=5560"},"modified":"2025-09-25T10:25:44","modified_gmt":"2025-09-25T10:25:44","slug":"suporte-de-infusao-em-aco-inoxidavel-de-qualidade-industrial-com-protecao-em-abs","status":"publish","type":"product","link":"https:\/\/novalion-med.com\/pt\/produto\/suporte-de-infusao-em-aco-inoxidavel-de-qualidade-industrial-com-protecao-em-abs\/","title":{"rendered":"Suporte de infus\u00e3o em a\u00e7o inoxid\u00e1vel de qualidade industrial com prote\u00e7\u00e3o em ABS"},"content":{"rendered":"<div data-elementor-type=\"product-post\" data-elementor-id=\"5560\" class=\"elementor elementor-5560\" data-elementor-post-type=\"product\">\n\t\t\t\t<div class=\"elementor-element elementor-element-1c93f1cb e-con-full e-flex e-con e-parent\" data-id=\"1c93f1cb\" data-element_type=\"container\">\n\t\t\t\t<div class=\"elementor-element elementor-element-2240ff1 elementor-widget elementor-widget-heading\" data-id=\"2240ff1\" data-element_type=\"widget\" data-widget_type=\"heading.default\">\n\t\t\t\t<div class=\"elementor-widget-container\">\n\t\t\t\t\t<h2 class=\"elementor-heading-title elementor-size-default\">Suporte de infus\u00e3o em a\u00e7o inoxid\u00e1vel de qualidade industrial com prote\u00e7\u00e3o em ABS<\/h2>\t\t\t\t<\/div>\n\t\t\t\t<\/div>\n\t\t\t\t<div class=\"elementor-element elementor-element-45d8c46 elementor-widget elementor-widget-text-editor\" data-id=\"45d8c46\" data-element_type=\"widget\" data-widget_type=\"text-editor.default\">\n\t\t\t\t<div class=\"elementor-widget-container\">\n\t\t\t\t\t\t\t\t\t<p>Compre pela sua durabilidade de n\u00edvel industrial, capacidade de carga de 25 kg, base em ferro fundido e prote\u00e7\u00e3o em ABS - perfeita para salas de emerg\u00eancia com muito movimento que necessitem de equipamento robusto e fi\u00e1vel.<\/p>\t\t\t\t\t\t\t\t<\/div>\n\t\t\t\t<\/div>\n\t\t\t\t<div class=\"elementor-element elementor-element-7152afc elementor-widget elementor-widget-text-editor\" data-id=\"7152afc\" data-element_type=\"widget\" data-widget_type=\"text-editor.default\">\n\t\t\t\t<div class=\"elementor-widget-container\">\n\t\t\t\t\t\t\t\t\t<h2>Carater\u00edsticas principais<\/h2><p>\"Suporte de emerg\u00eancia de n\u00edvel industrial - 25 kg de carga, resist\u00eancia em ferro fundido, prote\u00e7\u00e3o em ABS e 4 ganchos para uma utiliza\u00e7\u00e3o robusta e com tr\u00e1fego intenso.\"<\/p><ul><li>Capacidade de 25 kg de n\u00edvel industrial para uma utiliza\u00e7\u00e3o robusta<\/li><li>Base em ferro fundido e prote\u00e7\u00e3o em ABS<\/li><li>4 ganchos para a durabilidade da sala de emerg\u00eancia<\/li><li>Resist\u00eancia ao tr\u00e1fego intenso e \u00e0s solicita\u00e7\u00f5es mec\u00e2nicas<\/li><\/ul>\t\t\t\t\t\t\t\t<\/div>\n\t\t\t\t<\/div>\n\t\t\t\t<div class=\"elementor-element elementor-element-3a02177 elementor-widget elementor-widget-text-editor\" data-id=\"3a02177\" data-element_type=\"widget\" data-widget_type=\"text-editor.default\">\n\t\t\t\t<div class=\"elementor-widget-container\">\n\t\t\t\t\t\t\t\t\t<h2>Especifica\u00e7\u00f5es<\/h2><table width=\"160\"><tbody><tr><td width=\"80\">Nome<\/td><td width=\"80\">\u00a0Suporte de infus\u00e3o em a\u00e7o inoxid\u00e1vel de qualidade industrial com prote\u00e7\u00e3o em ABS<\/td><\/tr><tr><td>Gama de eleva\u00e7\u00e3o<\/td><td>\u00a01,1-2,0m ajust\u00e1vel<\/td><\/tr><tr><td>Capacidade de carga<\/td><td>\u00a0Cerca de 25 kg<\/td><\/tr><tr><td>Material principal<\/td><td>\u00a0a\u00e7o inoxid\u00e1vel<\/td><\/tr><tr><td>Material de base<\/td><td>\u00a0base em ferro fundido, prote\u00e7\u00e3o em ABS<\/td><\/tr><tr><td>Combina\u00e7\u00e3o de acess\u00f3rios<\/td><td>\u00a04 ganchos, regulador, base em ferro fundido, prote\u00e7\u00e3o em ABS, tubo em a\u00e7o inoxid\u00e1vel<\/td><\/tr><\/tbody><\/table>\t\t\t\t\t\t\t\t<\/div>\n\t\t\t\t<\/div>\n\t\t\t\t<div class=\"elementor-element elementor-element-2996df9 elementor-widget elementor-widget-text-editor\" data-id=\"2996df9\" data-element_type=\"widget\" data-widget_type=\"text-editor.default\">\n\t\t\t\t<div class=\"elementor-widget-container\">\n\t\t\t\t\t\t\t\t\t<p>Mais equipamentos m\u00e9dicos podem ser encontrados em <a href=\"https:\/\/novalion-med.com\/pt\/\" target=\"_blank\" rel=\"noopener\">o nosso s\u00edtio Web<\/a> ou <a href=\"https:\/\/api.whatsapp.com\/send\/?phone=%2B008618112908401&amp;text&amp;type=phone_number&amp;app_absent=0\" target=\"_blank\" rel=\"noopener\">o nosso whatsapp<\/a>.<\/p>\t\t\t\t\t\t\t\t<\/div>\n\t\t\t\t<\/div>\n\t\t\t\t<\/div>\n\t\t\t\t<\/div>","protected":false},"excerpt":{"rendered":"<p>Constru\u00eddo para utiliza\u00e7\u00e3o a n\u00edvel industrial em instala\u00e7\u00f5es m\u00e9dicas, este suporte possui uma altura ajust\u00e1vel de 1,1-2,0 m, capacidade para 25 kg e uma base em ferro fundido com uma prote\u00e7\u00e3o em ABS para suportar uma utiliza\u00e7\u00e3o di\u00e1ria rigorosa. Inclui 4 ganchos, um regulador, tubos em a\u00e7o inoxid\u00e1vel e um design robusto que resiste \u00e0 corros\u00e3o e a danos. O escudo em ABS protege a base de derrames de l\u00edquidos e impactos mec\u00e2nicos, tornando-a adequada para \u00e1reas com muito movimento, como salas de emerg\u00eancia ou enfermarias cir\u00fargicas.<\/p>","protected":false},"featured_media":9540,"template":"elementor_theme","meta":{"site-sidebar-layout":"default","site-content-layout":"","ast-site-content-layout":"default","site-content-style":"default","site-sidebar-style":"default","ast-global-header-display":"","ast-banner-title-visibility":"","ast-main-header-display":"","ast-hfb-above-header-display":"","ast-hfb-below-header-display":"","ast-hfb-mobile-header-display":"","site-post-title":"","ast-breadcrumbs-content":"","ast-featured-img":"","footer-sml-layout":"","theme-transparent-header-meta":"default","adv-header-id-meta":"","stick-header-meta":"default","header-above-stick-meta":"","header-main-stick-meta":"","header-below-stick-meta":"","astra-migrate-meta-layouts":"set","ast-page-background-enabled":"default","ast-page-background-meta":{"desktop":{"background-color":"var(--ast-global-color-4)","background-image":"","background-repeat":"repeat","background-position":"center center","background-size":"auto","background-attachment":"scroll","background-type":"","background-media":"","overlay-type":"","overlay-color":"","overlay-opacity":"","overlay-gradient":""},"tablet":{"background-color":"","background-image":"","background-repeat":"repeat","background-position":"center center","background-size":"auto","background-attachment":"scroll","background-type":"","background-media":"","overlay-type":"","overlay-color":"","overlay-opacity":"","overlay-gradient":""},"mobile":{"background-color":"","background-image":"","background-repeat":"repeat","background-position":"center center","background-size":"auto","background-attachment":"scroll","background-type":"","background-media":"","overlay-type":"","overlay-color":"","overlay-opacity":"","overlay-gradient":""}},"ast-content-background-meta":{"desktop":{"background-color":"var(--ast-global-color-5)","background-image":"","background-repeat":"repeat","background-position":"center center","background-size":"auto","background-attachment":"scroll","background-type":"","background-media":"","overlay-type":"","overlay-color":"","overlay-opacity":"","overlay-gradient":""},"tablet":{"background-color":"var(--ast-global-color-5)","background-image":"","background-repeat":"repeat","background-position":"center center","background-size":"auto","background-attachment":"scroll","background-type":"","background-media":"","overlay-type":"","overlay-color":"","overlay-opacity":"","overlay-gradient":""},"mobile":{"background-color":"var(--ast-global-color-5)","background-image":"","background-repeat":"repeat","background-position":"center center","background-size":"auto","background-attachment":"scroll","background-type":"","background-media":"","overlay-type":"","overlay-color":"","overlay-opacity":"","overlay-gradient":""}}},"product_brand":[],"product_cat":[102],"product_tag":[],"class_list":{"0":"post-5560","1":"product","2":"type-product","3":"status-publish","4":"has-post-thumbnail","6":"product_cat-infusion-stands","7":"desktop-align-center","8":"tablet-align-left","9":"mobile-align-left","10":"ast-product-gallery-layout-horizontal-slider","11":"ast-magnify-disabled","12":"ast-product-tabs-layout-accordion","13":"ast-qv-on-image","15":"first","16":"instock","17":"shipping-taxable","18":"purchasable","19":"product-type-simple"},"aioseo_notices":[],"aioseo_head":"\n\t\t<!-- All in One SEO Pro 4.6.0 - aioseo.com -->\n\t\t<meta name=\"description\" content=\"Industrial-Grade Stainless Steel Infusion Stand, cast iron base, ABS shield, 25kg capacity\u2014rugged for high-traffic emergency rooms.\" \/>\n\t\t<meta name=\"robots\" content=\"max-image-preview:large\" \/>\n\t\t<meta name=\"google-site-verification\" content=\"XE0Krczs_zYC4qBAqnvyRaNEYa9NQEP4HzU7PPpzxoI\" \/>\n\t\t<link rel=\"canonical\" href=\"https:\/\/novalion-med.com\/pt\/produto\/suporte-de-infusao-em-aco-inoxidavel-de-qualidade-industrial-com-protecao-em-abs\/\" \/>\n\t\t<meta name=\"generator\" content=\"All in One SEO Pro (AIOSEO) 4.6.0\" \/>\n\t\t<meta property=\"og:locale\" content=\"pt_PT\" \/>\n\t\t<meta property=\"og:site_name\" content=\"Novalion Medical \u2013 Wheelchair, Hospital bed, Walker,Commode chair,Crutch...\" \/>\n\t\t<meta property=\"og:type\" content=\"article\" \/>\n\t\t<meta property=\"og:title\" content=\"Industrial Stainless Steel Infusion Stand with ABS Shield\" \/>\n\t\t<meta property=\"og:description\" content=\"Industrial-Grade Stainless Steel Infusion Stand, cast iron base, ABS shield, 25kg capacity\u2014rugged for high-traffic emergency rooms.\" \/>\n\t\t<meta property=\"og:url\" content=\"https:\/\/novalion-med.com\/pt\/produto\/suporte-de-infusao-em-aco-inoxidavel-de-qualidade-industrial-com-protecao-em-abs\/\" \/>\n\t\t<meta property=\"og:image\" content=\"https:\/\/novalion-med.com\/wp-content\/uploads\/2025\/04\/cropped-343496212_201698782614433_8037205422525878621_n-1.jpg\" \/>\n\t\t<meta property=\"og:image:secure_url\" content=\"https:\/\/novalion-med.com\/wp-content\/uploads\/2025\/04\/cropped-343496212_201698782614433_8037205422525878621_n-1.jpg\" \/>\n\t\t<meta property=\"og:image:width\" content=\"512\" \/>\n\t\t<meta property=\"og:image:height\" content=\"512\" \/>\n\t\t<meta property=\"article:published_time\" content=\"2025-06-19T03:38:55+00:00\" \/>\n\t\t<meta property=\"article:modified_time\" content=\"2025-09-25T10:25:44+00:00\" \/>\n\t\t<meta property=\"article:publisher\" content=\"https:\/\/www.facebook.com\/NovalionMedical\/\" \/>\n\t\t<meta name=\"twitter:card\" content=\"summary_large_image\" \/>\n\t\t<meta name=\"twitter:title\" content=\"Industrial Stainless Steel Infusion Stand with ABS Shield\" \/>\n\t\t<meta name=\"twitter:description\" content=\"Industrial-Grade Stainless Steel Infusion Stand, cast iron base, ABS shield, 25kg capacity\u2014rugged for high-traffic emergency rooms.\" \/>\n\t\t<meta name=\"twitter:image\" content=\"https:\/\/novalion-med.com\/wp-content\/uploads\/2025\/04\/cropped-343496212_201698782614433_8037205422525878621_n-1.jpg\" \/>\n\t\t<script type=\"application\/ld+json\" class=\"aioseo-schema\">\n\t\t\t{\"@context\":\"https:\\\/\\\/schema.org\",\"@graph\":[{\"@type\":\"BreadcrumbList\",\"@id\":\"https:\\\/\\\/novalion-med.com\\\/pt\\\/produto\\\/suporte-de-infusao-em-aco-inoxidavel-de-qualidade-industrial-com-protecao-em-abs\\\/#breadcrumblist\",\"itemListElement\":[{\"@type\":\"ListItem\",\"@id\":\"https:\\\/\\\/novalion-med.com\\\/pt\\\/#listItem\",\"position\":1,\"name\":\"Home\",\"item\":\"https:\\\/\\\/novalion-med.com\\\/pt\\\/\",\"nextItem\":\"https:\\\/\\\/novalion-med.com\\\/pt\\\/produto\\\/suporte-de-infusao-em-aco-inoxidavel-de-qualidade-industrial-com-protecao-em-abs\\\/#listItem\"},{\"@type\":\"ListItem\",\"@id\":\"https:\\\/\\\/novalion-med.com\\\/pt\\\/produto\\\/suporte-de-infusao-em-aco-inoxidavel-de-qualidade-industrial-com-protecao-em-abs\\\/#listItem\",\"position\":2,\"name\":\"Industrial-Grade Stainless Steel Infusion Stand with ABS Shield\",\"previousItem\":\"https:\\\/\\\/novalion-med.com\\\/pt\\\/#listItem\"}]},{\"@type\":\"Organization\",\"@id\":\"https:\\\/\\\/novalion-med.com\\\/pt\\\/#organization\",\"name\":\"novalion-med.com\",\"url\":\"https:\\\/\\\/novalion-med.com\\\/pt\\\/\",\"logo\":{\"@type\":\"ImageObject\",\"url\":\"https:\\\/\\\/novalion-med.com\\\/wp-content\\\/uploads\\\/2025\\\/04\\\/cropped-343496212_201698782614433_8037205422525878621_n-1.jpg\",\"@id\":\"https:\\\/\\\/novalion-med.com\\\/pt\\\/produto\\\/suporte-de-infusao-em-aco-inoxidavel-de-qualidade-industrial-com-protecao-em-abs\\\/#organizationLogo\",\"width\":512,\"height\":512},\"image\":{\"@id\":\"https:\\\/\\\/novalion-med.com\\\/pt\\\/produto\\\/suporte-de-infusao-em-aco-inoxidavel-de-qualidade-industrial-com-protecao-em-abs\\\/#organizationLogo\"},\"sameAs\":[\"https:\\\/\\\/www.facebook.com\\\/NovalionMedical\\\/\",\"https:\\\/\\\/www.youtube.com\\\/@NwlMedicalInstrument\"],\"contactPoint\":{\"@type\":\"ContactPoint\",\"telephone\":\"+8618326188070\",\"contactType\":\"Sales\"}},{\"@type\":\"Product\",\"@id\":\"https:\\\/\\\/novalion-med.com\\\/pt\\\/produto\\\/suporte-de-infusao-em-aco-inoxidavel-de-qualidade-industrial-com-protecao-em-abs\\\/#wooCommerceProduct\",\"name\":\"Industrial-Grade Stainless Steel Infusion Stand with ABS Shield\",\"description\":\"Built for industrial-level use in medical facilities, this stand features a 1.1-2.0 m adjustable height, 25 kg capacity, and a cast iron base with an ABS shield to withstand rigorous daily use. It includes 4 hooks, a regulator, stainless steel pipes, and a rugged design that resists corrosion and damage. The ABS shield protects the base from liquid spills and mechanical impacts, making it suitable for high-traffic areas like emergency rooms or surgical wards.\",\"url\":\"https:\\\/\\\/novalion-med.com\\\/pt\\\/produto\\\/suporte-de-infusao-em-aco-inoxidavel-de-qualidade-industrial-com-protecao-em-abs\\\/\",\"sku\":\"NL230103-LD31\",\"image\":{\"@type\":\"ImageObject\",\"url\":\"https:\\\/\\\/novalion-med.com\\\/wp-content\\\/uploads\\\/2025\\\/06\\\/NL230103-LD31-Industrial-Grade-Stainless-Steel-Infusion-Stand-with-ABS-Shield-1.jpg\",\"@id\":\"https:\\\/\\\/novalion-med.com\\\/pt\\\/produto\\\/suporte-de-infusao-em-aco-inoxidavel-de-qualidade-industrial-com-protecao-em-abs\\\/#productImage\",\"width\":1000,\"height\":1000,\"caption\":\"NL230103-LD31 Industrial-Grade Stainless Steel Infusion Stand with ABS Shield\"},\"offers\":{\"@type\":\"Offer\",\"url\":\"https:\\\/\\\/novalion-med.com\\\/pt\\\/produto\\\/suporte-de-infusao-em-aco-inoxidavel-de-qualidade-industrial-com-protecao-em-abs\\\/#wooCommerceOffer\",\"priceCurrency\":\"PHP\",\"category\":\"Infusion Stands\",\"availability\":\"https:\\\/\\\/schema.org\\\/InStock\",\"seller\":{\"@type\":\"Organization\",\"@id\":\"https:\\\/\\\/novalion-med.com\\\/pt\\\/#organization\"},\"price\":111}},{\"@type\":\"WebPage\",\"@id\":\"https:\\\/\\\/novalion-med.com\\\/pt\\\/produto\\\/suporte-de-infusao-em-aco-inoxidavel-de-qualidade-industrial-com-protecao-em-abs\\\/#webpage\",\"url\":\"https:\\\/\\\/novalion-med.com\\\/pt\\\/produto\\\/suporte-de-infusao-em-aco-inoxidavel-de-qualidade-industrial-com-protecao-em-abs\\\/\",\"name\":\"Industrial Stainless Steel Infusion Stand with ABS Shield\",\"description\":\"Industrial-Grade Stainless Steel Infusion Stand, cast iron base, ABS shield, 25kg capacity\\u2014rugged for high-traffic emergency rooms.\",\"inLanguage\":\"pt-PT\",\"isPartOf\":{\"@id\":\"https:\\\/\\\/novalion-med.com\\\/pt\\\/#website\"},\"breadcrumb\":{\"@id\":\"https:\\\/\\\/novalion-med.com\\\/pt\\\/produto\\\/suporte-de-infusao-em-aco-inoxidavel-de-qualidade-industrial-com-protecao-em-abs\\\/#breadcrumblist\"},\"image\":{\"@type\":\"ImageObject\",\"url\":\"https:\\\/\\\/novalion-med.com\\\/wp-content\\\/uploads\\\/2025\\\/06\\\/NL230103-LD31-Industrial-Grade-Stainless-Steel-Infusion-Stand-with-ABS-Shield-1.jpg\",\"@id\":\"https:\\\/\\\/novalion-med.com\\\/pt\\\/produto\\\/suporte-de-infusao-em-aco-inoxidavel-de-qualidade-industrial-com-protecao-em-abs\\\/#mainImage\",\"width\":1000,\"height\":1000,\"caption\":\"NL230103-LD31 Industrial-Grade Stainless Steel Infusion Stand with ABS Shield\"},\"primaryImageOfPage\":{\"@id\":\"https:\\\/\\\/novalion-med.com\\\/pt\\\/produto\\\/suporte-de-infusao-em-aco-inoxidavel-de-qualidade-industrial-com-protecao-em-abs\\\/#mainImage\"},\"datePublished\":\"2025-06-19T03:38:55+00:00\",\"dateModified\":\"2025-09-25T10:25:44+00:00\"},{\"@type\":\"WebSite\",\"@id\":\"https:\\\/\\\/novalion-med.com\\\/pt\\\/#website\",\"url\":\"https:\\\/\\\/novalion-med.com\\\/pt\\\/\",\"name\":\"novalion-med.com\",\"description\":\"Wheelchair, Hospital bed, Walker,Commode chair,Crutch...\",\"inLanguage\":\"pt-PT\",\"publisher\":{\"@id\":\"https:\\\/\\\/novalion-med.com\\\/pt\\\/#organization\"}}]}\n\t\t<\/script>\n\t\t<!-- All in One SEO Pro -->\r\n\t\t<title>Industrial Stainless Steel Infusion Stand with ABS Shield<\/title>\n\n","aioseo_head_json":{"title":"Industrial Stainless Steel Infusion Stand with ABS Shield","description":"Industrial-Grade Stainless Steel Infusion Stand, cast iron base, ABS shield, 25kg capacity\u2014rugged for high-traffic emergency rooms.","canonical_url":"https:\/\/novalion-med.com\/pt\/produto\/suporte-de-infusao-em-aco-inoxidavel-de-qualidade-industrial-com-protecao-em-abs\/","robots":"max-image-preview:large","keywords":"","webmasterTools":{"google-site-verification":"XE0Krczs_zYC4qBAqnvyRaNEYa9NQEP4HzU7PPpzxoI","miscellaneous":""},"og:locale":"pt_PT","og:site_name":"Novalion Medical \u2013 Wheelchair, Hospital bed, Walker,Commode chair,Crutch...","og:type":"article","og:title":"Industrial Stainless Steel Infusion Stand with ABS Shield","og:description":"Industrial-Grade Stainless Steel Infusion Stand, cast iron base, ABS shield, 25kg capacity\u2014rugged for high-traffic emergency rooms.","og:url":"https:\/\/novalion-med.com\/pt\/produto\/suporte-de-infusao-em-aco-inoxidavel-de-qualidade-industrial-com-protecao-em-abs\/","og:image":"https:\/\/novalion-med.com\/wp-content\/uploads\/2025\/04\/cropped-343496212_201698782614433_8037205422525878621_n-1.jpg","og:image:secure_url":"https:\/\/novalion-med.com\/wp-content\/uploads\/2025\/04\/cropped-343496212_201698782614433_8037205422525878621_n-1.jpg","og:image:width":512,"og:image:height":512,"article:published_time":"2025-06-19T03:38:55+00:00","article:modified_time":"2025-09-25T10:25:44+00:00","article:publisher":"https:\/\/www.facebook.com\/NovalionMedical\/","twitter:card":"summary_large_image","twitter:title":"Industrial Stainless Steel Infusion Stand with ABS Shield","twitter:description":"Industrial-Grade Stainless Steel Infusion Stand, cast iron base, ABS shield, 25kg capacity\u2014rugged for high-traffic emergency rooms.","twitter:image":"https:\/\/novalion-med.com\/wp-content\/uploads\/2025\/04\/cropped-343496212_201698782614433_8037205422525878621_n-1.jpg","schema":{"@context":"https:\/\/schema.org","@graph":[{"@type":"BreadcrumbList","@id":"https:\/\/novalion-med.com\/pt\/produto\/suporte-de-infusao-em-aco-inoxidavel-de-qualidade-industrial-com-protecao-em-abs\/#breadcrumblist","itemListElement":[{"@type":"ListItem","@id":"https:\/\/novalion-med.com\/pt\/#listItem","position":1,"name":"Home","item":"https:\/\/novalion-med.com\/pt\/","nextItem":"https:\/\/novalion-med.com\/pt\/produto\/suporte-de-infusao-em-aco-inoxidavel-de-qualidade-industrial-com-protecao-em-abs\/#listItem"},{"@type":"ListItem","@id":"https:\/\/novalion-med.com\/pt\/produto\/suporte-de-infusao-em-aco-inoxidavel-de-qualidade-industrial-com-protecao-em-abs\/#listItem","position":2,"name":"Industrial-Grade Stainless Steel Infusion Stand with ABS Shield","previousItem":"https:\/\/novalion-med.com\/pt\/#listItem"}]},{"@type":"Organization","@id":"https:\/\/novalion-med.com\/pt\/#organization","name":"novalion-med.com","url":"https:\/\/novalion-med.com\/pt\/","logo":{"@type":"ImageObject","url":"https:\/\/novalion-med.com\/wp-content\/uploads\/2025\/04\/cropped-343496212_201698782614433_8037205422525878621_n-1.jpg","@id":"https:\/\/novalion-med.com\/pt\/produto\/suporte-de-infusao-em-aco-inoxidavel-de-qualidade-industrial-com-protecao-em-abs\/#organizationLogo","width":512,"height":512},"image":{"@id":"https:\/\/novalion-med.com\/pt\/produto\/suporte-de-infusao-em-aco-inoxidavel-de-qualidade-industrial-com-protecao-em-abs\/#organizationLogo"},"sameAs":["https:\/\/www.facebook.com\/NovalionMedical\/","https:\/\/www.youtube.com\/@NwlMedicalInstrument"],"contactPoint":{"@type":"ContactPoint","telephone":"+8618326188070","contactType":"Sales"}},{"@type":"Product","@id":"https:\/\/novalion-med.com\/pt\/produto\/suporte-de-infusao-em-aco-inoxidavel-de-qualidade-industrial-com-protecao-em-abs\/#wooCommerceProduct","name":"Industrial-Grade Stainless Steel Infusion Stand with ABS Shield","description":"Built for industrial-level use in medical facilities, this stand features a 1.1-2.0 m adjustable height, 25 kg capacity, and a cast iron base with an ABS shield to withstand rigorous daily use. It includes 4 hooks, a regulator, stainless steel pipes, and a rugged design that resists corrosion and damage. The ABS shield protects the base from liquid spills and mechanical impacts, making it suitable for high-traffic areas like emergency rooms or surgical wards.","url":"https:\/\/novalion-med.com\/pt\/produto\/suporte-de-infusao-em-aco-inoxidavel-de-qualidade-industrial-com-protecao-em-abs\/","sku":"NL230103-LD31","image":{"@type":"ImageObject","url":"https:\/\/novalion-med.com\/wp-content\/uploads\/2025\/06\/NL230103-LD31-Industrial-Grade-Stainless-Steel-Infusion-Stand-with-ABS-Shield-1.jpg","@id":"https:\/\/novalion-med.com\/pt\/produto\/suporte-de-infusao-em-aco-inoxidavel-de-qualidade-industrial-com-protecao-em-abs\/#productImage","width":1000,"height":1000,"caption":"NL230103-LD31 Industrial-Grade Stainless Steel Infusion Stand with ABS Shield"},"offers":{"@type":"Offer","url":"https:\/\/novalion-med.com\/pt\/produto\/suporte-de-infusao-em-aco-inoxidavel-de-qualidade-industrial-com-protecao-em-abs\/#wooCommerceOffer","priceCurrency":"PHP","category":"Infusion Stands","availability":"https:\/\/schema.org\/InStock","seller":{"@type":"Organization","@id":"https:\/\/novalion-med.com\/pt\/#organization"},"price":111}},{"@type":"WebPage","@id":"https:\/\/novalion-med.com\/pt\/produto\/suporte-de-infusao-em-aco-inoxidavel-de-qualidade-industrial-com-protecao-em-abs\/#webpage","url":"https:\/\/novalion-med.com\/pt\/produto\/suporte-de-infusao-em-aco-inoxidavel-de-qualidade-industrial-com-protecao-em-abs\/","name":"Industrial Stainless Steel Infusion Stand with ABS Shield","description":"Industrial-Grade Stainless Steel Infusion Stand, cast iron base, ABS shield, 25kg capacity\u2014rugged for high-traffic emergency rooms.","inLanguage":"pt-PT","isPartOf":{"@id":"https:\/\/novalion-med.com\/pt\/#website"},"breadcrumb":{"@id":"https:\/\/novalion-med.com\/pt\/produto\/suporte-de-infusao-em-aco-inoxidavel-de-qualidade-industrial-com-protecao-em-abs\/#breadcrumblist"},"image":{"@type":"ImageObject","url":"https:\/\/novalion-med.com\/wp-content\/uploads\/2025\/06\/NL230103-LD31-Industrial-Grade-Stainless-Steel-Infusion-Stand-with-ABS-Shield-1.jpg","@id":"https:\/\/novalion-med.com\/pt\/produto\/suporte-de-infusao-em-aco-inoxidavel-de-qualidade-industrial-com-protecao-em-abs\/#mainImage","width":1000,"height":1000,"caption":"NL230103-LD31 Industrial-Grade Stainless Steel Infusion Stand with ABS Shield"},"primaryImageOfPage":{"@id":"https:\/\/novalion-med.com\/pt\/produto\/suporte-de-infusao-em-aco-inoxidavel-de-qualidade-industrial-com-protecao-em-abs\/#mainImage"},"datePublished":"2025-06-19T03:38:55+00:00","dateModified":"2025-09-25T10:25:44+00:00"},{"@type":"WebSite","@id":"https:\/\/novalion-med.com\/pt\/#website","url":"https:\/\/novalion-med.com\/pt\/","name":"novalion-med.com","description":"Wheelchair, Hospital bed, Walker,Commode chair,Crutch...","inLanguage":"pt-PT","publisher":{"@id":"https:\/\/novalion-med.com\/pt\/#organization"}}]}},"aioseo_meta_data":{"post_id":"5560","title":"Industrial Stainless Steel Infusion Stand with ABS Shield","description":"Industrial-Grade Stainless Steel Infusion Stand, cast iron base, ABS shield, 25kg capacity\u2014rugged for high-traffic emergency rooms.","keywords":"[]","keyphrases":"{\"focus\":{\"keyphrase\":\"\",\"score\":0,\"analysis\":{\"keyphraseInTitle\":{\"score\":0,\"maxScore\":9,\"error\":1}}},\"additional\":[]}","primary_term":null,"canonical_url":null,"og_title":null,"og_description":null,"og_object_type":"default","og_image_type":"default","og_image_url":null,"og_image_width":null,"og_image_height":null,"og_image_custom_url":null,"og_image_custom_fields":null,"og_video":"","og_custom_url":null,"og_article_section":null,"og_article_tags":"[]","twitter_use_og":false,"twitter_card":"default","twitter_image_type":"default","twitter_image_url":null,"twitter_image_custom_url":null,"twitter_image_custom_fields":null,"twitter_title":null,"twitter_description":null,"schema":{"blockGraphs":[],"customGraphs":[],"default":{"data":{"Article":[],"Course":[],"Dataset":[],"FAQPage":[],"Movie":[],"Person":[],"Product":[],"Recipe":[],"Service":[],"SoftwareApplication":[],"WebPage":[]},"graphName":"Product","isEnabled":true},"graphs":[]},"schema_type":"default","schema_type_options":null,"pillar_content":false,"robots_default":true,"robots_noindex":false,"robots_noarchive":false,"robots_nosnippet":false,"robots_nofollow":false,"robots_noimageindex":false,"robots_noodp":false,"robots_notranslate":false,"robots_max_snippet":"-1","robots_max_videopreview":"-1","robots_max_imagepreview":"large","priority":null,"frequency":"default","local_seo":null,"limit_modified_date":false,"created":"2025-06-19 03:38:55","updated":"2025-09-25 10:34:53"},"_links":{"self":[{"href":"https:\/\/novalion-med.com\/pt\/wp-json\/wp\/v2\/product\/5560","targetHints":{"allow":["GET"]}}],"collection":[{"href":"https:\/\/novalion-med.com\/pt\/wp-json\/wp\/v2\/product"}],"about":[{"href":"https:\/\/novalion-med.com\/pt\/wp-json\/wp\/v2\/types\/product"}],"version-history":[{"count":6,"href":"https:\/\/novalion-med.com\/pt\/wp-json\/wp\/v2\/product\/5560\/revisions"}],"predecessor-version":[{"id":9541,"href":"https:\/\/novalion-med.com\/pt\/wp-json\/wp\/v2\/product\/5560\/revisions\/9541"}],"wp:featuredmedia":[{"embeddable":true,"href":"https:\/\/novalion-med.com\/pt\/wp-json\/wp\/v2\/media\/9540"}],"wp:attachment":[{"href":"https:\/\/novalion-med.com\/pt\/wp-json\/wp\/v2\/media?parent=5560"}],"wp:term":[{"taxonomy":"product_brand","embeddable":true,"href":"https:\/\/novalion-med.com\/pt\/wp-json\/wp\/v2\/product_brand?post=5560"},{"taxonomy":"product_cat","embeddable":true,"href":"https:\/\/novalion-med.com\/pt\/wp-json\/wp\/v2\/product_cat?post=5560"},{"taxonomy":"product_tag","embeddable":true,"href":"https:\/\/novalion-med.com\/pt\/wp-json\/wp\/v2\/product_tag?post=5560"}],"curies":[{"name":"wp","href":"https:\/\/api.w.org\/{rel}","templated":true}]}}