{"id":5478,"date":"2025-06-19T02:05:41","date_gmt":"2025-06-19T02:05:41","guid":{"rendered":"https:\/\/novalion-med.com\/?post_type=product&#038;p=5478"},"modified":"2025-06-19T02:09:52","modified_gmt":"2025-06-19T02:09:52","slug":"suporte-de-infusao-em-aco-inoxidavel-com-2-ganchos-3-rodas-e-altura-alargada","status":"publish","type":"product","link":"https:\/\/novalion-med.com\/pt\/produto\/suporte-de-infusao-em-aco-inoxidavel-com-2-ganchos-3-rodas-e-altura-alargada\/","title":{"rendered":"Suporte para infus\u00e3o em a\u00e7o inoxid\u00e1vel com 2 ganchos, 3 rodas e altura alargada"},"content":{"rendered":"<div data-elementor-type=\"product-post\" data-elementor-id=\"5478\" class=\"elementor elementor-5478\" data-elementor-post-type=\"product\">\n\t\t\t\t<div class=\"elementor-element elementor-element-1c93f1cb e-con-full e-flex e-con e-parent\" data-id=\"1c93f1cb\" data-element_type=\"container\">\n\t\t\t\t<div class=\"elementor-element elementor-element-2240ff1 elementor-widget elementor-widget-heading\" data-id=\"2240ff1\" data-element_type=\"widget\" data-widget_type=\"heading.default\">\n\t\t\t\t<div class=\"elementor-widget-container\">\n\t\t\t\t\t<h2 class=\"elementor-heading-title elementor-size-default\">Suporte para infus\u00e3o em a\u00e7o inoxid\u00e1vel com 2 ganchos, 3 rodas e altura alargada<\/h2>\t\t\t\t<\/div>\n\t\t\t\t<\/div>\n\t\t\t\t<div class=\"elementor-element elementor-element-45d8c46 elementor-widget elementor-widget-text-editor\" data-id=\"45d8c46\" data-element_type=\"widget\" data-widget_type=\"text-editor.default\">\n\t\t\t\t<div class=\"elementor-widget-container\">\n\t\t\t\t\t\t\t\t\t<p>Selecione-a devido \u00e0 gama de alturas alargada (110-200 cm), 2 ganchos, 3 rodas e constru\u00e7\u00e3o em a\u00e7o inoxid\u00e1vel - para pacientes altos ou configura\u00e7\u00f5es especializadas que necessitem de eleva\u00e7\u00e3o extra.<\/p>\t\t\t\t\t\t\t\t<\/div>\n\t\t\t\t<\/div>\n\t\t\t\t<div class=\"elementor-element elementor-element-7152afc elementor-widget elementor-widget-text-editor\" data-id=\"7152afc\" data-element_type=\"widget\" data-widget_type=\"text-editor.default\">\n\t\t\t\t<div class=\"elementor-widget-container\">\n\t\t\t\t\t\t\t\t\t<h2>Carater\u00edsticas principais<\/h2><p>\"Suporte em a\u00e7o inoxid\u00e1vel de altura aumentada (110-200cm)-2 ganchos, 3 rodas e a\u00e7o de primeira qualidade para configura\u00e7\u00f5es de tratamento especializadas que requerem uma eleva\u00e7\u00e3o adicional.\"<\/p><ul><li>Gama de alturas alargada (110-200cm) para configura\u00e7\u00f5es especializadas<\/li><li>2 ganchos com 3 rodas<\/li><li>Material em a\u00e7o inoxid\u00e1vel<\/li><li>Adequado para doentes altos ou necessidades de infus\u00e3o elevadas<\/li><\/ul>\t\t\t\t\t\t\t\t<\/div>\n\t\t\t\t<\/div>\n\t\t\t\t<div class=\"elementor-element elementor-element-3a02177 elementor-widget elementor-widget-text-editor\" data-id=\"3a02177\" data-element_type=\"widget\" data-widget_type=\"text-editor.default\">\n\t\t\t\t<div class=\"elementor-widget-container\">\n\t\t\t\t\t\t\t\t\t<h2>Especifica\u00e7\u00f5es<\/h2><table width=\"160\"><tbody><tr><td width=\"80\">Nome<\/td><td width=\"80\">Suporte para infus\u00e3o em a\u00e7o inoxid\u00e1vel com 2 ganchos, 3 rodas e altura alargada<\/td><\/tr><tr><td>Material opcional<\/td><td>\u00a0A\u00e7o inoxid\u00e1vel 201\/304<\/td><\/tr><tr><td>Gancho<\/td><td>\u00a02 pe\u00e7as<\/td><\/tr><tr><td>Altura<\/td><td>\u00a0110-200cm<\/td><\/tr><tr><td>Base<\/td><td>\u00a020*20*20cm<\/td><\/tr><tr><td>Roda<\/td><td>3<\/td><\/tr><\/tbody><\/table>\t\t\t\t\t\t\t\t<\/div>\n\t\t\t\t<\/div>\n\t\t\t\t<div class=\"elementor-element elementor-element-2996df9 elementor-widget elementor-widget-text-editor\" data-id=\"2996df9\" data-element_type=\"widget\" data-widget_type=\"text-editor.default\">\n\t\t\t\t<div class=\"elementor-widget-container\">\n\t\t\t\t\t\t\t\t\t<p>Mais equipamentos m\u00e9dicos podem ser encontrados em <a href=\"https:\/\/novalion-med.com\/pt\/\" target=\"_blank\" rel=\"noopener\">o nosso s\u00edtio Web<\/a> ou <a href=\"https:\/\/api.whatsapp.com\/send\/?phone=%2B008618112908401&amp;text&amp;type=phone_number&amp;app_absent=0\" target=\"_blank\" rel=\"noopener\">o nosso whatsapp<\/a>.<\/p>\t\t\t\t\t\t\t\t<\/div>\n\t\t\t\t<\/div>\n\t\t\t\t<\/div>\n\t\t\t\t<\/div>","protected":false},"excerpt":{"rendered":"<p>Utilizando o a\u00e7o inoxid\u00e1vel 201\/304 opcional, este suporte destaca-se pelo seu ajuste de altura alargado (110-200 cm), atendendo a pacientes altos ou a configura\u00e7\u00f5es de tratamento especializadas. Inclui 2 ganchos, 3 rodas de rolamento suave para facilitar a desloca\u00e7\u00e3o e uma base de 2020-20 cm para estabilidade. O intervalo de altura extra torna-o adequado para unidades de cuidados intensivos ou cen\u00e1rios em que s\u00e3o necess\u00e1rias posi\u00e7\u00f5es de infus\u00e3o elevadas, enquanto o material em a\u00e7o inoxid\u00e1vel garante um desempenho e higiene duradouros.<\/p>","protected":false},"featured_media":5443,"template":"elementor_theme","meta":{"site-sidebar-layout":"default","site-content-layout":"","ast-site-content-layout":"default","site-content-style":"default","site-sidebar-style":"default","ast-global-header-display":"","ast-banner-title-visibility":"","ast-main-header-display":"","ast-hfb-above-header-display":"","ast-hfb-below-header-display":"","ast-hfb-mobile-header-display":"","site-post-title":"","ast-breadcrumbs-content":"","ast-featured-img":"","footer-sml-layout":"","theme-transparent-header-meta":"default","adv-header-id-meta":"","stick-header-meta":"default","header-above-stick-meta":"","header-main-stick-meta":"","header-below-stick-meta":"","astra-migrate-meta-layouts":"set","ast-page-background-enabled":"default","ast-page-background-meta":{"desktop":{"background-color":"var(--ast-global-color-4)","background-image":"","background-repeat":"repeat","background-position":"center center","background-size":"auto","background-attachment":"scroll","background-type":"","background-media":"","overlay-type":"","overlay-color":"","overlay-opacity":"","overlay-gradient":""},"tablet":{"background-color":"","background-image":"","background-repeat":"repeat","background-position":"center center","background-size":"auto","background-attachment":"scroll","background-type":"","background-media":"","overlay-type":"","overlay-color":"","overlay-opacity":"","overlay-gradient":""},"mobile":{"background-color":"","background-image":"","background-repeat":"repeat","background-position":"center center","background-size":"auto","background-attachment":"scroll","background-type":"","background-media":"","overlay-type":"","overlay-color":"","overlay-opacity":"","overlay-gradient":""}},"ast-content-background-meta":{"desktop":{"background-color":"var(--ast-global-color-5)","background-image":"","background-repeat":"repeat","background-position":"center center","background-size":"auto","background-attachment":"scroll","background-type":"","background-media":"","overlay-type":"","overlay-color":"","overlay-opacity":"","overlay-gradient":""},"tablet":{"background-color":"var(--ast-global-color-5)","background-image":"","background-repeat":"repeat","background-position":"center center","background-size":"auto","background-attachment":"scroll","background-type":"","background-media":"","overlay-type":"","overlay-color":"","overlay-opacity":"","overlay-gradient":""},"mobile":{"background-color":"var(--ast-global-color-5)","background-image":"","background-repeat":"repeat","background-position":"center center","background-size":"auto","background-attachment":"scroll","background-type":"","background-media":"","overlay-type":"","overlay-color":"","overlay-opacity":"","overlay-gradient":""}}},"product_brand":[],"product_cat":[102],"product_tag":[],"class_list":{"0":"post-5478","1":"product","2":"type-product","3":"status-publish","4":"has-post-thumbnail","6":"product_cat-infusion-stands","7":"desktop-align-center","8":"tablet-align-left","9":"mobile-align-left","10":"ast-product-gallery-layout-horizontal-slider","11":"ast-magnify-disabled","12":"ast-product-tabs-layout-accordion","13":"ast-qv-on-image","15":"first","16":"instock","17":"shipping-taxable","18":"purchasable","19":"product-type-simple"},"aioseo_notices":[],"aioseo_head":"\n\t\t<!-- All in One SEO Pro 4.6.0 - aioseo.com -->\n\t\t<meta name=\"description\" content=\"2-Hook Stainless Infusion Stand with 3 Wheels, extended height (110-200cm), 201\/304 steel\u2014suitable for specialized treatment setups.\" \/>\n\t\t<meta name=\"robots\" content=\"max-image-preview:large\" \/>\n\t\t<meta name=\"google-site-verification\" content=\"XE0Krczs_zYC4qBAqnvyRaNEYa9NQEP4HzU7PPpzxoI\" \/>\n\t\t<link rel=\"canonical\" href=\"https:\/\/novalion-med.com\/pt\/produto\/suporte-de-infusao-em-aco-inoxidavel-com-2-ganchos-3-rodas-e-altura-alargada\/\" \/>\n\t\t<meta name=\"generator\" content=\"All in One SEO Pro (AIOSEO) 4.6.0\" \/>\n\t\t<meta property=\"og:locale\" content=\"pt_PT\" \/>\n\t\t<meta property=\"og:site_name\" content=\"Novalion Medical \u2013 Wheelchair, Hospital bed, Walker,Commode chair,Crutch...\" \/>\n\t\t<meta property=\"og:type\" content=\"article\" \/>\n\t\t<meta property=\"og:title\" content=\"Stainless Steel Infusion Stand with Extended Height\" \/>\n\t\t<meta property=\"og:description\" content=\"2-Hook Stainless Infusion Stand with 3 Wheels, extended height (110-200cm), 201\/304 steel\u2014suitable for specialized treatment setups.\" \/>\n\t\t<meta property=\"og:url\" content=\"https:\/\/novalion-med.com\/pt\/produto\/suporte-de-infusao-em-aco-inoxidavel-com-2-ganchos-3-rodas-e-altura-alargada\/\" \/>\n\t\t<meta property=\"og:image\" content=\"https:\/\/novalion-med.com\/wp-content\/uploads\/2025\/04\/cropped-343496212_201698782614433_8037205422525878621_n-1.jpg\" \/>\n\t\t<meta property=\"og:image:secure_url\" content=\"https:\/\/novalion-med.com\/wp-content\/uploads\/2025\/04\/cropped-343496212_201698782614433_8037205422525878621_n-1.jpg\" \/>\n\t\t<meta property=\"og:image:width\" content=\"512\" \/>\n\t\t<meta property=\"og:image:height\" content=\"512\" \/>\n\t\t<meta property=\"article:published_time\" content=\"2025-06-19T02:05:41+00:00\" \/>\n\t\t<meta property=\"article:modified_time\" content=\"2025-06-19T02:09:52+00:00\" \/>\n\t\t<meta property=\"article:publisher\" content=\"https:\/\/www.facebook.com\/NovalionMedical\/\" \/>\n\t\t<meta name=\"twitter:card\" content=\"summary_large_image\" \/>\n\t\t<meta name=\"twitter:title\" content=\"Stainless Steel Infusion Stand with Extended Height\" \/>\n\t\t<meta name=\"twitter:description\" content=\"2-Hook Stainless Infusion Stand with 3 Wheels, extended height (110-200cm), 201\/304 steel\u2014suitable for specialized treatment setups.\" \/>\n\t\t<meta name=\"twitter:image\" content=\"https:\/\/novalion-med.com\/wp-content\/uploads\/2025\/04\/cropped-343496212_201698782614433_8037205422525878621_n-1.jpg\" \/>\n\t\t<script type=\"application\/ld+json\" class=\"aioseo-schema\">\n\t\t\t{\"@context\":\"https:\\\/\\\/schema.org\",\"@graph\":[{\"@type\":\"BreadcrumbList\",\"@id\":\"https:\\\/\\\/novalion-med.com\\\/pt\\\/produto\\\/suporte-de-infusao-em-aco-inoxidavel-com-2-ganchos-3-rodas-e-altura-alargada\\\/#breadcrumblist\",\"itemListElement\":[{\"@type\":\"ListItem\",\"@id\":\"https:\\\/\\\/novalion-med.com\\\/pt\\\/#listItem\",\"position\":1,\"name\":\"Home\",\"item\":\"https:\\\/\\\/novalion-med.com\\\/pt\\\/\",\"nextItem\":\"https:\\\/\\\/novalion-med.com\\\/pt\\\/produto\\\/suporte-de-infusao-em-aco-inoxidavel-com-2-ganchos-3-rodas-e-altura-alargada\\\/#listItem\"},{\"@type\":\"ListItem\",\"@id\":\"https:\\\/\\\/novalion-med.com\\\/pt\\\/produto\\\/suporte-de-infusao-em-aco-inoxidavel-com-2-ganchos-3-rodas-e-altura-alargada\\\/#listItem\",\"position\":2,\"name\":\"Stainless Steel Infusion Stand with 2 Hooks, 3 Wheels, and Extended Height\",\"previousItem\":\"https:\\\/\\\/novalion-med.com\\\/pt\\\/#listItem\"}]},{\"@type\":\"Organization\",\"@id\":\"https:\\\/\\\/novalion-med.com\\\/pt\\\/#organization\",\"name\":\"novalion-med.com\",\"url\":\"https:\\\/\\\/novalion-med.com\\\/pt\\\/\",\"logo\":{\"@type\":\"ImageObject\",\"url\":\"https:\\\/\\\/novalion-med.com\\\/wp-content\\\/uploads\\\/2025\\\/04\\\/cropped-343496212_201698782614433_8037205422525878621_n-1.jpg\",\"@id\":\"https:\\\/\\\/novalion-med.com\\\/pt\\\/produto\\\/suporte-de-infusao-em-aco-inoxidavel-com-2-ganchos-3-rodas-e-altura-alargada\\\/#organizationLogo\",\"width\":512,\"height\":512},\"image\":{\"@id\":\"https:\\\/\\\/novalion-med.com\\\/pt\\\/produto\\\/suporte-de-infusao-em-aco-inoxidavel-com-2-ganchos-3-rodas-e-altura-alargada\\\/#organizationLogo\"},\"sameAs\":[\"https:\\\/\\\/www.facebook.com\\\/NovalionMedical\\\/\",\"https:\\\/\\\/www.youtube.com\\\/@NwlMedicalInstrument\"],\"contactPoint\":{\"@type\":\"ContactPoint\",\"telephone\":\"+8618326188070\",\"contactType\":\"Sales\"}},{\"@type\":\"Product\",\"@id\":\"https:\\\/\\\/novalion-med.com\\\/pt\\\/produto\\\/suporte-de-infusao-em-aco-inoxidavel-com-2-ganchos-3-rodas-e-altura-alargada\\\/#wooCommerceProduct\",\"name\":\"Stainless Steel Infusion Stand with 2 Hooks, 3 Wheels, and Extended Height\",\"description\":\"Utilizing optional stainless steel 201\\\/304, this stand stands out with its extended height adjustment (110-200 cm), catering to tall patients or specialized treatment setups. It includes 2 hooks, 3 smooth-rolling wheels for easy movement, and a 202020 cm base for stability. The extra height range makes it suitable for intensive care units or scenarios where elevated infusion positions are required, while the stainless steel material ensures long-lasting performance and hygiene.\",\"url\":\"https:\\\/\\\/novalion-med.com\\\/pt\\\/produto\\\/suporte-de-infusao-em-aco-inoxidavel-com-2-ganchos-3-rodas-e-altura-alargada\\\/\",\"sku\":\"NL2301-SSYJ06\",\"image\":{\"@type\":\"ImageObject\",\"url\":\"https:\\\/\\\/novalion-med.com\\\/wp-content\\\/uploads\\\/2025\\\/06\\\/NL2301-SSYJ06-Stainless-Steel-Infusion-Stand-with-2-Hooks-3-Wheels-and-Extended-Height.png\",\"@id\":\"https:\\\/\\\/novalion-med.com\\\/pt\\\/produto\\\/suporte-de-infusao-em-aco-inoxidavel-com-2-ganchos-3-rodas-e-altura-alargada\\\/#productImage\",\"width\":1000,\"height\":1000,\"caption\":\"NL2301-SSYJ06 Stainless Steel Infusion Stand with 2 Hooks 3 Wheels and Extended Height\"},\"offers\":{\"@type\":\"Offer\",\"url\":\"https:\\\/\\\/novalion-med.com\\\/pt\\\/produto\\\/suporte-de-infusao-em-aco-inoxidavel-com-2-ganchos-3-rodas-e-altura-alargada\\\/#wooCommerceOffer\",\"priceCurrency\":\"PHP\",\"category\":\"Infusion Stands\",\"availability\":\"https:\\\/\\\/schema.org\\\/InStock\",\"seller\":{\"@type\":\"Organization\",\"@id\":\"https:\\\/\\\/novalion-med.com\\\/pt\\\/#organization\"},\"price\":111}},{\"@type\":\"WebPage\",\"@id\":\"https:\\\/\\\/novalion-med.com\\\/pt\\\/produto\\\/suporte-de-infusao-em-aco-inoxidavel-com-2-ganchos-3-rodas-e-altura-alargada\\\/#webpage\",\"url\":\"https:\\\/\\\/novalion-med.com\\\/pt\\\/produto\\\/suporte-de-infusao-em-aco-inoxidavel-com-2-ganchos-3-rodas-e-altura-alargada\\\/\",\"name\":\"Stainless Steel Infusion Stand with Extended Height\",\"description\":\"2-Hook Stainless Infusion Stand with 3 Wheels, extended height (110-200cm), 201\\\/304 steel\\u2014suitable for specialized treatment setups.\",\"inLanguage\":\"pt-PT\",\"isPartOf\":{\"@id\":\"https:\\\/\\\/novalion-med.com\\\/pt\\\/#website\"},\"breadcrumb\":{\"@id\":\"https:\\\/\\\/novalion-med.com\\\/pt\\\/produto\\\/suporte-de-infusao-em-aco-inoxidavel-com-2-ganchos-3-rodas-e-altura-alargada\\\/#breadcrumblist\"},\"image\":{\"@type\":\"ImageObject\",\"url\":\"https:\\\/\\\/novalion-med.com\\\/wp-content\\\/uploads\\\/2025\\\/06\\\/NL2301-SSYJ06-Stainless-Steel-Infusion-Stand-with-2-Hooks-3-Wheels-and-Extended-Height.png\",\"@id\":\"https:\\\/\\\/novalion-med.com\\\/pt\\\/produto\\\/suporte-de-infusao-em-aco-inoxidavel-com-2-ganchos-3-rodas-e-altura-alargada\\\/#mainImage\",\"width\":1000,\"height\":1000,\"caption\":\"NL2301-SSYJ06 Stainless Steel Infusion Stand with 2 Hooks 3 Wheels and Extended Height\"},\"primaryImageOfPage\":{\"@id\":\"https:\\\/\\\/novalion-med.com\\\/pt\\\/produto\\\/suporte-de-infusao-em-aco-inoxidavel-com-2-ganchos-3-rodas-e-altura-alargada\\\/#mainImage\"},\"datePublished\":\"2025-06-19T02:05:41+00:00\",\"dateModified\":\"2025-06-19T02:09:52+00:00\"},{\"@type\":\"WebSite\",\"@id\":\"https:\\\/\\\/novalion-med.com\\\/pt\\\/#website\",\"url\":\"https:\\\/\\\/novalion-med.com\\\/pt\\\/\",\"name\":\"novalion-med.com\",\"description\":\"Wheelchair, Hospital bed, Walker,Commode chair,Crutch...\",\"inLanguage\":\"pt-PT\",\"publisher\":{\"@id\":\"https:\\\/\\\/novalion-med.com\\\/pt\\\/#organization\"}}]}\n\t\t<\/script>\n\t\t<!-- All in One SEO Pro -->\r\n\t\t<title>Stainless Steel Infusion Stand with Extended Height<\/title>\n\n","aioseo_head_json":{"title":"Stainless Steel Infusion Stand with Extended Height","description":"2-Hook Stainless Infusion Stand with 3 Wheels, extended height (110-200cm), 201\/304 steel\u2014suitable for specialized treatment setups.","canonical_url":"https:\/\/novalion-med.com\/pt\/produto\/suporte-de-infusao-em-aco-inoxidavel-com-2-ganchos-3-rodas-e-altura-alargada\/","robots":"max-image-preview:large","keywords":"","webmasterTools":{"google-site-verification":"XE0Krczs_zYC4qBAqnvyRaNEYa9NQEP4HzU7PPpzxoI","miscellaneous":""},"og:locale":"pt_PT","og:site_name":"Novalion Medical \u2013 Wheelchair, Hospital bed, Walker,Commode chair,Crutch...","og:type":"article","og:title":"Stainless Steel Infusion Stand with Extended Height","og:description":"2-Hook Stainless Infusion Stand with 3 Wheels, extended height (110-200cm), 201\/304 steel\u2014suitable for specialized treatment setups.","og:url":"https:\/\/novalion-med.com\/pt\/produto\/suporte-de-infusao-em-aco-inoxidavel-com-2-ganchos-3-rodas-e-altura-alargada\/","og:image":"https:\/\/novalion-med.com\/wp-content\/uploads\/2025\/04\/cropped-343496212_201698782614433_8037205422525878621_n-1.jpg","og:image:secure_url":"https:\/\/novalion-med.com\/wp-content\/uploads\/2025\/04\/cropped-343496212_201698782614433_8037205422525878621_n-1.jpg","og:image:width":512,"og:image:height":512,"article:published_time":"2025-06-19T02:05:41+00:00","article:modified_time":"2025-06-19T02:09:52+00:00","article:publisher":"https:\/\/www.facebook.com\/NovalionMedical\/","twitter:card":"summary_large_image","twitter:title":"Stainless Steel Infusion Stand with Extended Height","twitter:description":"2-Hook Stainless Infusion Stand with 3 Wheels, extended height (110-200cm), 201\/304 steel\u2014suitable for specialized treatment setups.","twitter:image":"https:\/\/novalion-med.com\/wp-content\/uploads\/2025\/04\/cropped-343496212_201698782614433_8037205422525878621_n-1.jpg","schema":{"@context":"https:\/\/schema.org","@graph":[{"@type":"BreadcrumbList","@id":"https:\/\/novalion-med.com\/pt\/produto\/suporte-de-infusao-em-aco-inoxidavel-com-2-ganchos-3-rodas-e-altura-alargada\/#breadcrumblist","itemListElement":[{"@type":"ListItem","@id":"https:\/\/novalion-med.com\/pt\/#listItem","position":1,"name":"Home","item":"https:\/\/novalion-med.com\/pt\/","nextItem":"https:\/\/novalion-med.com\/pt\/produto\/suporte-de-infusao-em-aco-inoxidavel-com-2-ganchos-3-rodas-e-altura-alargada\/#listItem"},{"@type":"ListItem","@id":"https:\/\/novalion-med.com\/pt\/produto\/suporte-de-infusao-em-aco-inoxidavel-com-2-ganchos-3-rodas-e-altura-alargada\/#listItem","position":2,"name":"Stainless Steel Infusion Stand with 2 Hooks, 3 Wheels, and Extended Height","previousItem":"https:\/\/novalion-med.com\/pt\/#listItem"}]},{"@type":"Organization","@id":"https:\/\/novalion-med.com\/pt\/#organization","name":"novalion-med.com","url":"https:\/\/novalion-med.com\/pt\/","logo":{"@type":"ImageObject","url":"https:\/\/novalion-med.com\/wp-content\/uploads\/2025\/04\/cropped-343496212_201698782614433_8037205422525878621_n-1.jpg","@id":"https:\/\/novalion-med.com\/pt\/produto\/suporte-de-infusao-em-aco-inoxidavel-com-2-ganchos-3-rodas-e-altura-alargada\/#organizationLogo","width":512,"height":512},"image":{"@id":"https:\/\/novalion-med.com\/pt\/produto\/suporte-de-infusao-em-aco-inoxidavel-com-2-ganchos-3-rodas-e-altura-alargada\/#organizationLogo"},"sameAs":["https:\/\/www.facebook.com\/NovalionMedical\/","https:\/\/www.youtube.com\/@NwlMedicalInstrument"],"contactPoint":{"@type":"ContactPoint","telephone":"+8618326188070","contactType":"Sales"}},{"@type":"Product","@id":"https:\/\/novalion-med.com\/pt\/produto\/suporte-de-infusao-em-aco-inoxidavel-com-2-ganchos-3-rodas-e-altura-alargada\/#wooCommerceProduct","name":"Stainless Steel Infusion Stand with 2 Hooks, 3 Wheels, and Extended Height","description":"Utilizing optional stainless steel 201\/304, this stand stands out with its extended height adjustment (110-200 cm), catering to tall patients or specialized treatment setups. It includes 2 hooks, 3 smooth-rolling wheels for easy movement, and a 202020 cm base for stability. The extra height range makes it suitable for intensive care units or scenarios where elevated infusion positions are required, while the stainless steel material ensures long-lasting performance and hygiene.","url":"https:\/\/novalion-med.com\/pt\/produto\/suporte-de-infusao-em-aco-inoxidavel-com-2-ganchos-3-rodas-e-altura-alargada\/","sku":"NL2301-SSYJ06","image":{"@type":"ImageObject","url":"https:\/\/novalion-med.com\/wp-content\/uploads\/2025\/06\/NL2301-SSYJ06-Stainless-Steel-Infusion-Stand-with-2-Hooks-3-Wheels-and-Extended-Height.png","@id":"https:\/\/novalion-med.com\/pt\/produto\/suporte-de-infusao-em-aco-inoxidavel-com-2-ganchos-3-rodas-e-altura-alargada\/#productImage","width":1000,"height":1000,"caption":"NL2301-SSYJ06 Stainless Steel Infusion Stand with 2 Hooks 3 Wheels and Extended Height"},"offers":{"@type":"Offer","url":"https:\/\/novalion-med.com\/pt\/produto\/suporte-de-infusao-em-aco-inoxidavel-com-2-ganchos-3-rodas-e-altura-alargada\/#wooCommerceOffer","priceCurrency":"PHP","category":"Infusion Stands","availability":"https:\/\/schema.org\/InStock","seller":{"@type":"Organization","@id":"https:\/\/novalion-med.com\/pt\/#organization"},"price":111}},{"@type":"WebPage","@id":"https:\/\/novalion-med.com\/pt\/produto\/suporte-de-infusao-em-aco-inoxidavel-com-2-ganchos-3-rodas-e-altura-alargada\/#webpage","url":"https:\/\/novalion-med.com\/pt\/produto\/suporte-de-infusao-em-aco-inoxidavel-com-2-ganchos-3-rodas-e-altura-alargada\/","name":"Stainless Steel Infusion Stand with Extended Height","description":"2-Hook Stainless Infusion Stand with 3 Wheels, extended height (110-200cm), 201\/304 steel\u2014suitable for specialized treatment setups.","inLanguage":"pt-PT","isPartOf":{"@id":"https:\/\/novalion-med.com\/pt\/#website"},"breadcrumb":{"@id":"https:\/\/novalion-med.com\/pt\/produto\/suporte-de-infusao-em-aco-inoxidavel-com-2-ganchos-3-rodas-e-altura-alargada\/#breadcrumblist"},"image":{"@type":"ImageObject","url":"https:\/\/novalion-med.com\/wp-content\/uploads\/2025\/06\/NL2301-SSYJ06-Stainless-Steel-Infusion-Stand-with-2-Hooks-3-Wheels-and-Extended-Height.png","@id":"https:\/\/novalion-med.com\/pt\/produto\/suporte-de-infusao-em-aco-inoxidavel-com-2-ganchos-3-rodas-e-altura-alargada\/#mainImage","width":1000,"height":1000,"caption":"NL2301-SSYJ06 Stainless Steel Infusion Stand with 2 Hooks 3 Wheels and Extended Height"},"primaryImageOfPage":{"@id":"https:\/\/novalion-med.com\/pt\/produto\/suporte-de-infusao-em-aco-inoxidavel-com-2-ganchos-3-rodas-e-altura-alargada\/#mainImage"},"datePublished":"2025-06-19T02:05:41+00:00","dateModified":"2025-06-19T02:09:52+00:00"},{"@type":"WebSite","@id":"https:\/\/novalion-med.com\/pt\/#website","url":"https:\/\/novalion-med.com\/pt\/","name":"novalion-med.com","description":"Wheelchair, Hospital bed, Walker,Commode chair,Crutch...","inLanguage":"pt-PT","publisher":{"@id":"https:\/\/novalion-med.com\/pt\/#organization"}}]}},"aioseo_meta_data":{"post_id":"5478","title":"Stainless Steel Infusion Stand with Extended Height","description":"2-Hook Stainless Infusion Stand with 3 Wheels, extended height (110-200cm), 201\/304 steel\u2014suitable for specialized treatment setups.","keywords":"[]","keyphrases":"{\"focus\":{\"keyphrase\":\"\",\"score\":0,\"analysis\":{\"keyphraseInTitle\":{\"score\":0,\"maxScore\":9,\"error\":1}}},\"additional\":[]}","primary_term":null,"canonical_url":null,"og_title":null,"og_description":null,"og_object_type":"default","og_image_type":"default","og_image_url":null,"og_image_width":null,"og_image_height":null,"og_image_custom_url":null,"og_image_custom_fields":null,"og_video":"","og_custom_url":null,"og_article_section":null,"og_article_tags":"[]","twitter_use_og":false,"twitter_card":"default","twitter_image_type":"default","twitter_image_url":null,"twitter_image_custom_url":null,"twitter_image_custom_fields":null,"twitter_title":null,"twitter_description":null,"schema":{"blockGraphs":[],"customGraphs":[],"default":{"data":{"Article":[],"Course":[],"Dataset":[],"FAQPage":[],"Movie":[],"Person":[],"Product":[],"Recipe":[],"Service":[],"SoftwareApplication":[],"WebPage":[]},"graphName":"Product","isEnabled":true},"graphs":[]},"schema_type":"default","schema_type_options":null,"pillar_content":false,"robots_default":true,"robots_noindex":false,"robots_noarchive":false,"robots_nosnippet":false,"robots_nofollow":false,"robots_noimageindex":false,"robots_noodp":false,"robots_notranslate":false,"robots_max_snippet":"-1","robots_max_videopreview":"-1","robots_max_imagepreview":"large","priority":null,"frequency":"default","local_seo":null,"limit_modified_date":false,"created":"2025-06-19 02:05:41","updated":"2025-06-19 02:14:04"},"_links":{"self":[{"href":"https:\/\/novalion-med.com\/pt\/wp-json\/wp\/v2\/product\/5478","targetHints":{"allow":["GET"]}}],"collection":[{"href":"https:\/\/novalion-med.com\/pt\/wp-json\/wp\/v2\/product"}],"about":[{"href":"https:\/\/novalion-med.com\/pt\/wp-json\/wp\/v2\/types\/product"}],"version-history":[{"count":4,"href":"https:\/\/novalion-med.com\/pt\/wp-json\/wp\/v2\/product\/5478\/revisions"}],"predecessor-version":[{"id":5482,"href":"https:\/\/novalion-med.com\/pt\/wp-json\/wp\/v2\/product\/5478\/revisions\/5482"}],"wp:featuredmedia":[{"embeddable":true,"href":"https:\/\/novalion-med.com\/pt\/wp-json\/wp\/v2\/media\/5443"}],"wp:attachment":[{"href":"https:\/\/novalion-med.com\/pt\/wp-json\/wp\/v2\/media?parent=5478"}],"wp:term":[{"taxonomy":"product_brand","embeddable":true,"href":"https:\/\/novalion-med.com\/pt\/wp-json\/wp\/v2\/product_brand?post=5478"},{"taxonomy":"product_cat","embeddable":true,"href":"https:\/\/novalion-med.com\/pt\/wp-json\/wp\/v2\/product_cat?post=5478"},{"taxonomy":"product_tag","embeddable":true,"href":"https:\/\/novalion-med.com\/pt\/wp-json\/wp\/v2\/product_tag?post=5478"}],"curies":[{"name":"wp","href":"https:\/\/api.w.org\/{rel}","templated":true}]}}