{"id":5331,"date":"2025-06-18T04:26:11","date_gmt":"2025-06-18T04:26:11","guid":{"rendered":"https:\/\/novalion-med.com\/?post_type=product&#038;p=5331"},"modified":"2025-06-18T04:30:37","modified_gmt":"2025-06-18T04:30:37","slug":"carrinho-de-tratamento-em-abs-com-coluna-de-aluminio-e-contentores-separados-por-cores","status":"publish","type":"product","link":"https:\/\/novalion-med.com\/pt\/produto\/carrinho-de-tratamento-em-abs-com-coluna-de-aluminio-e-contentores-separados-por-cores\/","title":{"rendered":"Carrinho de tratamento em ABS com coluna de alum\u00ednio e caixas separadas por cores"},"content":{"rendered":"<div data-elementor-type=\"product-post\" data-elementor-id=\"5331\" class=\"elementor elementor-5331\" data-elementor-post-type=\"product\">\n\t\t\t\t<div class=\"elementor-element elementor-element-1c93f1cb e-con-full e-flex e-con e-parent\" data-id=\"1c93f1cb\" data-element_type=\"container\">\n\t\t\t\t<div class=\"elementor-element elementor-element-2240ff1 elementor-widget elementor-widget-heading\" data-id=\"2240ff1\" data-element_type=\"widget\" data-widget_type=\"heading.default\">\n\t\t\t\t<div class=\"elementor-widget-container\">\n\t\t\t\t\t<h2 class=\"elementor-heading-title elementor-size-default\">Carrinho de tratamento em ABS com coluna de alum\u00ednio e caixas separadas por cores<\/h2>\t\t\t\t<\/div>\n\t\t\t\t<\/div>\n\t\t\t\t<div class=\"elementor-element elementor-element-45d8c46 elementor-widget elementor-widget-text-editor\" data-id=\"45d8c46\" data-element_type=\"widget\" data-widget_type=\"text-editor.default\">\n\t\t\t\t<div class=\"elementor-widget-container\">\n\t\t\t\t\t\t\t\t\t<p>A coluna de alum\u00ednio reduz o peso para facilitar a mobilidade, os caixotes do lixo separados por cores promovem uma gest\u00e3o higi\u00e9nica dos res\u00edduos, a mesa de trabalho do lado esquerdo aumenta o espa\u00e7o de trabalho e os dois tamanhos acomodam diferentes \u00e1reas de tratamento.<\/p>\t\t\t\t\t\t\t\t<\/div>\n\t\t\t\t<\/div>\n\t\t\t\t<div class=\"elementor-element elementor-element-7152afc elementor-widget elementor-widget-text-editor\" data-id=\"7152afc\" data-element_type=\"widget\" data-widget_type=\"text-editor.default\">\n\t\t\t\t<div class=\"elementor-widget-container\">\n\t\t\t\t\t\t\t\t\t<h2>Carater\u00edsticas principais<\/h2><p>\"A agilidade da estrutura de alum\u00ednio alia-se ao design higi\u00e9nico - os caixotes do lixo separados por cores e a mesa de trabalho do lado esquerdo transformam os procedimentos de cabeceira em qualquer espa\u00e7o de tratamento\"<\/p><ul><li>Coluna em liga de alum\u00ednio com 1 gaveta pequena + 1 gaveta m\u00e9dia<\/li><li>Mesa de trabalho e caixa de arruma\u00e7\u00e3o do lado esquerdo, caixotes do lixo separados por cores do lado direito<\/li><li>Guarda-corpos em a\u00e7o inoxid\u00e1vel 304<\/li><li>Op\u00e7\u00f5es de tamanho duplo (750\u00d7480\u00d7920mm \/ 850\u00d7520\u00d7950mm) com escolhas multicoloridas<\/li><\/ul>\t\t\t\t\t\t\t\t<\/div>\n\t\t\t\t<\/div>\n\t\t\t\t<div class=\"elementor-element elementor-element-3a02177 elementor-widget elementor-widget-text-editor\" data-id=\"3a02177\" data-element_type=\"widget\" data-widget_type=\"text-editor.default\">\n\t\t\t\t<div class=\"elementor-widget-container\">\n\t\t\t\t\t\t\t\t\t<h2>Especifica\u00e7\u00f5es<\/h2><table width=\"160\"><tbody><tr><td width=\"80\">Gaveta<\/td><td width=\"80\">\u00a01 gaveta pequena, 1 gaveta interm\u00e9dia<\/td><\/tr><tr><td>Material<\/td><td>Coluna em liga de alum\u00ednio, guarda-corpo em a\u00e7o inoxid\u00e1vel 304<\/td><\/tr><tr><td>Lado esquerdo<\/td><td>\u00a01 caixa de arruma\u00e7\u00e3o, 1 mesa de trabalho<\/td><\/tr><tr><td>Lado direito<\/td><td>\u00a02 caixotes do lixo com separa\u00e7\u00e3o de cores<\/td><\/tr><tr><td>Cor<\/td><td>\u00a0multi-cor opcional<\/td><\/tr><tr><td>Tamanho<\/td><td>750*480*920mm, 850*520*950mm<\/td><\/tr><\/tbody><\/table>\t\t\t\t\t\t\t\t<\/div>\n\t\t\t\t<\/div>\n\t\t\t\t<div class=\"elementor-element elementor-element-2996df9 elementor-widget elementor-widget-text-editor\" data-id=\"2996df9\" data-element_type=\"widget\" data-widget_type=\"text-editor.default\">\n\t\t\t\t<div class=\"elementor-widget-container\">\n\t\t\t\t\t\t\t\t\t<p>Mais equipamentos m\u00e9dicos podem ser encontrados em <a href=\"https:\/\/novalion-med.com\/pt\/\" target=\"_blank\" rel=\"noopener\">o nosso s\u00edtio Web<\/a> ou <a href=\"https:\/\/api.whatsapp.com\/send\/?phone=%2B008618112908401&amp;text&amp;type=phone_number&amp;app_absent=0\" target=\"_blank\" rel=\"noopener\">o nosso whatsapp<\/a>.<\/p>\t\t\t\t\t\t\t\t<\/div>\n\t\t\t\t<\/div>\n\t\t\t\t<\/div>\n\t\t\t\t<\/div>","protected":false},"excerpt":{"rendered":"<p>Inclui uma gaveta pequena e uma m\u00e9dia, coluna em liga de alum\u00ednio e guarda-corpos em a\u00e7o inoxid\u00e1vel 304. O lado esquerdo tem uma caixa de arruma\u00e7\u00e3o e uma mesa de trabalho; o lado direito tem dois caixotes do lixo separados por cores. Dispon\u00edvel em v\u00e1rias cores e tamanhos: 750\u00d7480\u00d7920mm \/ 850\u00d7520\u00d7950mm.<\/p>","protected":false},"featured_media":5332,"template":"elementor_theme","meta":{"site-sidebar-layout":"default","site-content-layout":"","ast-site-content-layout":"default","site-content-style":"default","site-sidebar-style":"default","ast-global-header-display":"","ast-banner-title-visibility":"","ast-main-header-display":"","ast-hfb-above-header-display":"","ast-hfb-below-header-display":"","ast-hfb-mobile-header-display":"","site-post-title":"","ast-breadcrumbs-content":"","ast-featured-img":"","footer-sml-layout":"","theme-transparent-header-meta":"default","adv-header-id-meta":"","stick-header-meta":"default","header-above-stick-meta":"","header-main-stick-meta":"","header-below-stick-meta":"","astra-migrate-meta-layouts":"set","ast-page-background-enabled":"default","ast-page-background-meta":{"desktop":{"background-color":"var(--ast-global-color-4)","background-image":"","background-repeat":"repeat","background-position":"center center","background-size":"auto","background-attachment":"scroll","background-type":"","background-media":"","overlay-type":"","overlay-color":"","overlay-opacity":"","overlay-gradient":""},"tablet":{"background-color":"","background-image":"","background-repeat":"repeat","background-position":"center center","background-size":"auto","background-attachment":"scroll","background-type":"","background-media":"","overlay-type":"","overlay-color":"","overlay-opacity":"","overlay-gradient":""},"mobile":{"background-color":"","background-image":"","background-repeat":"repeat","background-position":"center center","background-size":"auto","background-attachment":"scroll","background-type":"","background-media":"","overlay-type":"","overlay-color":"","overlay-opacity":"","overlay-gradient":""}},"ast-content-background-meta":{"desktop":{"background-color":"var(--ast-global-color-5)","background-image":"","background-repeat":"repeat","background-position":"center center","background-size":"auto","background-attachment":"scroll","background-type":"","background-media":"","overlay-type":"","overlay-color":"","overlay-opacity":"","overlay-gradient":""},"tablet":{"background-color":"var(--ast-global-color-5)","background-image":"","background-repeat":"repeat","background-position":"center center","background-size":"auto","background-attachment":"scroll","background-type":"","background-media":"","overlay-type":"","overlay-color":"","overlay-opacity":"","overlay-gradient":""},"mobile":{"background-color":"var(--ast-global-color-5)","background-image":"","background-repeat":"repeat","background-position":"center center","background-size":"auto","background-attachment":"scroll","background-type":"","background-media":"","overlay-type":"","overlay-color":"","overlay-opacity":"","overlay-gradient":""}}},"product_brand":[],"product_cat":[100],"product_tag":[],"class_list":{"0":"post-5331","1":"product","2":"type-product","3":"status-publish","4":"has-post-thumbnail","6":"product_cat-abs-medical-trolleys","7":"desktop-align-center","8":"tablet-align-left","9":"mobile-align-left","10":"ast-product-gallery-layout-horizontal-slider","11":"ast-product-gallery-with-no-image","12":"ast-magnify-disabled","13":"ast-product-tabs-layout-accordion","14":"ast-qv-on-image","16":"first","17":"instock","18":"shipping-taxable","19":"purchasable","20":"product-type-simple"},"aioseo_notices":[],"aioseo_head":"\n\t\t<!-- All in One SEO Pro 4.6.0 - aioseo.com -->\n\t\t<meta name=\"description\" content=\"ABS treatment trolley: aluminum column, 1S+1M drawer, left worktable\/storage box, right color-separated trash cans. Multi-color, 750\u00d7480\u00d7920mm\/850\u00d7520\u00d7950mm.\" \/>\n\t\t<meta name=\"robots\" content=\"max-image-preview:large\" \/>\n\t\t<meta name=\"google-site-verification\" content=\"XE0Krczs_zYC4qBAqnvyRaNEYa9NQEP4HzU7PPpzxoI\" \/>\n\t\t<link rel=\"canonical\" href=\"https:\/\/novalion-med.com\/pt\/produto\/carrinho-de-tratamento-em-abs-com-coluna-de-aluminio-e-contentores-separados-por-cores\/\" \/>\n\t\t<meta name=\"generator\" content=\"All in One SEO Pro (AIOSEO) 4.6.0\" \/>\n\t\t<meta property=\"og:locale\" content=\"pt_PT\" \/>\n\t\t<meta property=\"og:site_name\" content=\"Novalion Medical \u2013 Wheelchair, Hospital bed, Walker,Commode chair,Crutch...\" \/>\n\t\t<meta property=\"og:type\" content=\"article\" \/>\n\t\t<meta property=\"og:title\" content=\"Aluminum-Frame ABS Treatment Trolley with Separated Bins\" \/>\n\t\t<meta property=\"og:description\" content=\"ABS treatment trolley: aluminum column, 1S+1M drawer, left worktable\/storage box, right color-separated trash cans. Multi-color, 750\u00d7480\u00d7920mm\/850\u00d7520\u00d7950mm.\" \/>\n\t\t<meta property=\"og:url\" content=\"https:\/\/novalion-med.com\/pt\/produto\/carrinho-de-tratamento-em-abs-com-coluna-de-aluminio-e-contentores-separados-por-cores\/\" \/>\n\t\t<meta property=\"og:image\" content=\"https:\/\/novalion-med.com\/wp-content\/uploads\/2025\/04\/cropped-343496212_201698782614433_8037205422525878621_n-1.jpg\" \/>\n\t\t<meta property=\"og:image:secure_url\" content=\"https:\/\/novalion-med.com\/wp-content\/uploads\/2025\/04\/cropped-343496212_201698782614433_8037205422525878621_n-1.jpg\" \/>\n\t\t<meta property=\"og:image:width\" content=\"512\" \/>\n\t\t<meta property=\"og:image:height\" content=\"512\" \/>\n\t\t<meta property=\"article:published_time\" content=\"2025-06-18T04:26:11+00:00\" \/>\n\t\t<meta property=\"article:modified_time\" content=\"2025-06-18T04:30:37+00:00\" \/>\n\t\t<meta property=\"article:publisher\" content=\"https:\/\/www.facebook.com\/NovalionMedical\/\" \/>\n\t\t<meta name=\"twitter:card\" content=\"summary_large_image\" \/>\n\t\t<meta name=\"twitter:title\" content=\"Aluminum-Frame ABS Treatment Trolley with Separated Bins\" \/>\n\t\t<meta name=\"twitter:description\" content=\"ABS treatment trolley: aluminum column, 1S+1M drawer, left worktable\/storage box, right color-separated trash cans. Multi-color, 750\u00d7480\u00d7920mm\/850\u00d7520\u00d7950mm.\" \/>\n\t\t<meta name=\"twitter:image\" content=\"https:\/\/novalion-med.com\/wp-content\/uploads\/2025\/04\/cropped-343496212_201698782614433_8037205422525878621_n-1.jpg\" \/>\n\t\t<script type=\"application\/ld+json\" class=\"aioseo-schema\">\n\t\t\t{\"@context\":\"https:\\\/\\\/schema.org\",\"@graph\":[{\"@type\":\"BreadcrumbList\",\"@id\":\"https:\\\/\\\/novalion-med.com\\\/pt\\\/produto\\\/carrinho-de-tratamento-em-abs-com-coluna-de-aluminio-e-contentores-separados-por-cores\\\/#breadcrumblist\",\"itemListElement\":[{\"@type\":\"ListItem\",\"@id\":\"https:\\\/\\\/novalion-med.com\\\/pt\\\/#listItem\",\"position\":1,\"name\":\"Home\",\"item\":\"https:\\\/\\\/novalion-med.com\\\/pt\\\/\",\"nextItem\":\"https:\\\/\\\/novalion-med.com\\\/pt\\\/produto\\\/carrinho-de-tratamento-em-abs-com-coluna-de-aluminio-e-contentores-separados-por-cores\\\/#listItem\"},{\"@type\":\"ListItem\",\"@id\":\"https:\\\/\\\/novalion-med.com\\\/pt\\\/produto\\\/carrinho-de-tratamento-em-abs-com-coluna-de-aluminio-e-contentores-separados-por-cores\\\/#listItem\",\"position\":2,\"name\":\"Aluminum-Column ABS Treatment Trolley with Color-Separated Bins\",\"previousItem\":\"https:\\\/\\\/novalion-med.com\\\/pt\\\/#listItem\"}]},{\"@type\":\"Organization\",\"@id\":\"https:\\\/\\\/novalion-med.com\\\/pt\\\/#organization\",\"name\":\"novalion-med.com\",\"url\":\"https:\\\/\\\/novalion-med.com\\\/pt\\\/\",\"logo\":{\"@type\":\"ImageObject\",\"url\":\"https:\\\/\\\/novalion-med.com\\\/wp-content\\\/uploads\\\/2025\\\/04\\\/cropped-343496212_201698782614433_8037205422525878621_n-1.jpg\",\"@id\":\"https:\\\/\\\/novalion-med.com\\\/pt\\\/produto\\\/carrinho-de-tratamento-em-abs-com-coluna-de-aluminio-e-contentores-separados-por-cores\\\/#organizationLogo\",\"width\":512,\"height\":512},\"image\":{\"@id\":\"https:\\\/\\\/novalion-med.com\\\/pt\\\/produto\\\/carrinho-de-tratamento-em-abs-com-coluna-de-aluminio-e-contentores-separados-por-cores\\\/#organizationLogo\"},\"sameAs\":[\"https:\\\/\\\/www.facebook.com\\\/NovalionMedical\\\/\",\"https:\\\/\\\/www.youtube.com\\\/@NwlMedicalInstrument\"],\"contactPoint\":{\"@type\":\"ContactPoint\",\"telephone\":\"+8618326188070\",\"contactType\":\"Sales\"}},{\"@type\":\"Product\",\"@id\":\"https:\\\/\\\/novalion-med.com\\\/pt\\\/produto\\\/carrinho-de-tratamento-em-abs-com-coluna-de-aluminio-e-contentores-separados-por-cores\\\/#wooCommerceProduct\",\"name\":\"Aluminum-Column ABS Treatment Trolley with Color-Separated Bins\",\"description\":\"Includes one small and one medium drawer, aluminum alloy column, and 304 stainless steel guardrail. Left side has a storage box and worktable; right side features two color-separated trash cans. Available in multiple colors, sizes: 750\\u00d7480\\u00d7920mm \\\/ 850\\u00d7520\\u00d7950mm.\",\"url\":\"https:\\\/\\\/novalion-med.com\\\/pt\\\/produto\\\/carrinho-de-tratamento-em-abs-com-coluna-de-aluminio-e-contentores-separados-por-cores\\\/\",\"sku\":\"NL230101001-CT750\",\"image\":{\"@type\":\"ImageObject\",\"url\":\"https:\\\/\\\/novalion-med.com\\\/wp-content\\\/uploads\\\/2025\\\/06\\\/NL230101002-CT750-Aluminum-Column-ABS-Treatment-Trolley-with-Color-Separated-Bins.jpg\",\"@id\":\"https:\\\/\\\/novalion-med.com\\\/pt\\\/produto\\\/carrinho-de-tratamento-em-abs-com-coluna-de-aluminio-e-contentores-separados-por-cores\\\/#productImage\",\"width\":1000,\"height\":1000,\"caption\":\"NL230101002-CT750 Aluminum-Column ABS Treatment Trolley with Color-Separated Bins\"},\"offers\":{\"@type\":\"Offer\",\"url\":\"https:\\\/\\\/novalion-med.com\\\/pt\\\/produto\\\/carrinho-de-tratamento-em-abs-com-coluna-de-aluminio-e-contentores-separados-por-cores\\\/#wooCommerceOffer\",\"priceCurrency\":\"PHP\",\"category\":\"ABS Medical Trolleys\",\"availability\":\"https:\\\/\\\/schema.org\\\/InStock\",\"seller\":{\"@type\":\"Organization\",\"@id\":\"https:\\\/\\\/novalion-med.com\\\/pt\\\/#organization\"},\"price\":111}},{\"@type\":\"WebPage\",\"@id\":\"https:\\\/\\\/novalion-med.com\\\/pt\\\/produto\\\/carrinho-de-tratamento-em-abs-com-coluna-de-aluminio-e-contentores-separados-por-cores\\\/#webpage\",\"url\":\"https:\\\/\\\/novalion-med.com\\\/pt\\\/produto\\\/carrinho-de-tratamento-em-abs-com-coluna-de-aluminio-e-contentores-separados-por-cores\\\/\",\"name\":\"Aluminum-Frame ABS Treatment Trolley with Separated Bins\",\"description\":\"ABS treatment trolley: aluminum column, 1S+1M drawer, left worktable\\\/storage box, right color-separated trash cans. Multi-color, 750\\u00d7480\\u00d7920mm\\\/850\\u00d7520\\u00d7950mm.\",\"inLanguage\":\"pt-PT\",\"isPartOf\":{\"@id\":\"https:\\\/\\\/novalion-med.com\\\/pt\\\/#website\"},\"breadcrumb\":{\"@id\":\"https:\\\/\\\/novalion-med.com\\\/pt\\\/produto\\\/carrinho-de-tratamento-em-abs-com-coluna-de-aluminio-e-contentores-separados-por-cores\\\/#breadcrumblist\"},\"image\":{\"@type\":\"ImageObject\",\"url\":\"https:\\\/\\\/novalion-med.com\\\/wp-content\\\/uploads\\\/2025\\\/06\\\/NL230101002-CT750-Aluminum-Column-ABS-Treatment-Trolley-with-Color-Separated-Bins.jpg\",\"@id\":\"https:\\\/\\\/novalion-med.com\\\/pt\\\/produto\\\/carrinho-de-tratamento-em-abs-com-coluna-de-aluminio-e-contentores-separados-por-cores\\\/#mainImage\",\"width\":1000,\"height\":1000,\"caption\":\"NL230101002-CT750 Aluminum-Column ABS Treatment Trolley with Color-Separated Bins\"},\"primaryImageOfPage\":{\"@id\":\"https:\\\/\\\/novalion-med.com\\\/pt\\\/produto\\\/carrinho-de-tratamento-em-abs-com-coluna-de-aluminio-e-contentores-separados-por-cores\\\/#mainImage\"},\"datePublished\":\"2025-06-18T04:26:11+00:00\",\"dateModified\":\"2025-06-18T04:30:37+00:00\"},{\"@type\":\"WebSite\",\"@id\":\"https:\\\/\\\/novalion-med.com\\\/pt\\\/#website\",\"url\":\"https:\\\/\\\/novalion-med.com\\\/pt\\\/\",\"name\":\"novalion-med.com\",\"description\":\"Wheelchair, Hospital bed, Walker,Commode chair,Crutch...\",\"inLanguage\":\"pt-PT\",\"publisher\":{\"@id\":\"https:\\\/\\\/novalion-med.com\\\/pt\\\/#organization\"}}]}\n\t\t<\/script>\n\t\t<!-- All in One SEO Pro -->\r\n\t\t<title>Aluminum-Frame ABS Treatment Trolley with Separated Bins<\/title>\n\n","aioseo_head_json":{"title":"Aluminum-Frame ABS Treatment Trolley with Separated Bins","description":"ABS treatment trolley: aluminum column, 1S+1M drawer, left worktable\/storage box, right color-separated trash cans. Multi-color, 750\u00d7480\u00d7920mm\/850\u00d7520\u00d7950mm.","canonical_url":"https:\/\/novalion-med.com\/pt\/produto\/carrinho-de-tratamento-em-abs-com-coluna-de-aluminio-e-contentores-separados-por-cores\/","robots":"max-image-preview:large","keywords":"","webmasterTools":{"google-site-verification":"XE0Krczs_zYC4qBAqnvyRaNEYa9NQEP4HzU7PPpzxoI","miscellaneous":""},"og:locale":"pt_PT","og:site_name":"Novalion Medical \u2013 Wheelchair, Hospital bed, Walker,Commode chair,Crutch...","og:type":"article","og:title":"Aluminum-Frame ABS Treatment Trolley with Separated Bins","og:description":"ABS treatment trolley: aluminum column, 1S+1M drawer, left worktable\/storage box, right color-separated trash cans. Multi-color, 750\u00d7480\u00d7920mm\/850\u00d7520\u00d7950mm.","og:url":"https:\/\/novalion-med.com\/pt\/produto\/carrinho-de-tratamento-em-abs-com-coluna-de-aluminio-e-contentores-separados-por-cores\/","og:image":"https:\/\/novalion-med.com\/wp-content\/uploads\/2025\/04\/cropped-343496212_201698782614433_8037205422525878621_n-1.jpg","og:image:secure_url":"https:\/\/novalion-med.com\/wp-content\/uploads\/2025\/04\/cropped-343496212_201698782614433_8037205422525878621_n-1.jpg","og:image:width":512,"og:image:height":512,"article:published_time":"2025-06-18T04:26:11+00:00","article:modified_time":"2025-06-18T04:30:37+00:00","article:publisher":"https:\/\/www.facebook.com\/NovalionMedical\/","twitter:card":"summary_large_image","twitter:title":"Aluminum-Frame ABS Treatment Trolley with Separated Bins","twitter:description":"ABS treatment trolley: aluminum column, 1S+1M drawer, left worktable\/storage box, right color-separated trash cans. Multi-color, 750\u00d7480\u00d7920mm\/850\u00d7520\u00d7950mm.","twitter:image":"https:\/\/novalion-med.com\/wp-content\/uploads\/2025\/04\/cropped-343496212_201698782614433_8037205422525878621_n-1.jpg","schema":{"@context":"https:\/\/schema.org","@graph":[{"@type":"BreadcrumbList","@id":"https:\/\/novalion-med.com\/pt\/produto\/carrinho-de-tratamento-em-abs-com-coluna-de-aluminio-e-contentores-separados-por-cores\/#breadcrumblist","itemListElement":[{"@type":"ListItem","@id":"https:\/\/novalion-med.com\/pt\/#listItem","position":1,"name":"Home","item":"https:\/\/novalion-med.com\/pt\/","nextItem":"https:\/\/novalion-med.com\/pt\/produto\/carrinho-de-tratamento-em-abs-com-coluna-de-aluminio-e-contentores-separados-por-cores\/#listItem"},{"@type":"ListItem","@id":"https:\/\/novalion-med.com\/pt\/produto\/carrinho-de-tratamento-em-abs-com-coluna-de-aluminio-e-contentores-separados-por-cores\/#listItem","position":2,"name":"Aluminum-Column ABS Treatment Trolley with Color-Separated Bins","previousItem":"https:\/\/novalion-med.com\/pt\/#listItem"}]},{"@type":"Organization","@id":"https:\/\/novalion-med.com\/pt\/#organization","name":"novalion-med.com","url":"https:\/\/novalion-med.com\/pt\/","logo":{"@type":"ImageObject","url":"https:\/\/novalion-med.com\/wp-content\/uploads\/2025\/04\/cropped-343496212_201698782614433_8037205422525878621_n-1.jpg","@id":"https:\/\/novalion-med.com\/pt\/produto\/carrinho-de-tratamento-em-abs-com-coluna-de-aluminio-e-contentores-separados-por-cores\/#organizationLogo","width":512,"height":512},"image":{"@id":"https:\/\/novalion-med.com\/pt\/produto\/carrinho-de-tratamento-em-abs-com-coluna-de-aluminio-e-contentores-separados-por-cores\/#organizationLogo"},"sameAs":["https:\/\/www.facebook.com\/NovalionMedical\/","https:\/\/www.youtube.com\/@NwlMedicalInstrument"],"contactPoint":{"@type":"ContactPoint","telephone":"+8618326188070","contactType":"Sales"}},{"@type":"Product","@id":"https:\/\/novalion-med.com\/pt\/produto\/carrinho-de-tratamento-em-abs-com-coluna-de-aluminio-e-contentores-separados-por-cores\/#wooCommerceProduct","name":"Aluminum-Column ABS Treatment Trolley with Color-Separated Bins","description":"Includes one small and one medium drawer, aluminum alloy column, and 304 stainless steel guardrail. Left side has a storage box and worktable; right side features two color-separated trash cans. Available in multiple colors, sizes: 750\u00d7480\u00d7920mm \/ 850\u00d7520\u00d7950mm.","url":"https:\/\/novalion-med.com\/pt\/produto\/carrinho-de-tratamento-em-abs-com-coluna-de-aluminio-e-contentores-separados-por-cores\/","sku":"NL230101001-CT750","image":{"@type":"ImageObject","url":"https:\/\/novalion-med.com\/wp-content\/uploads\/2025\/06\/NL230101002-CT750-Aluminum-Column-ABS-Treatment-Trolley-with-Color-Separated-Bins.jpg","@id":"https:\/\/novalion-med.com\/pt\/produto\/carrinho-de-tratamento-em-abs-com-coluna-de-aluminio-e-contentores-separados-por-cores\/#productImage","width":1000,"height":1000,"caption":"NL230101002-CT750 Aluminum-Column ABS Treatment Trolley with Color-Separated Bins"},"offers":{"@type":"Offer","url":"https:\/\/novalion-med.com\/pt\/produto\/carrinho-de-tratamento-em-abs-com-coluna-de-aluminio-e-contentores-separados-por-cores\/#wooCommerceOffer","priceCurrency":"PHP","category":"ABS Medical Trolleys","availability":"https:\/\/schema.org\/InStock","seller":{"@type":"Organization","@id":"https:\/\/novalion-med.com\/pt\/#organization"},"price":111}},{"@type":"WebPage","@id":"https:\/\/novalion-med.com\/pt\/produto\/carrinho-de-tratamento-em-abs-com-coluna-de-aluminio-e-contentores-separados-por-cores\/#webpage","url":"https:\/\/novalion-med.com\/pt\/produto\/carrinho-de-tratamento-em-abs-com-coluna-de-aluminio-e-contentores-separados-por-cores\/","name":"Aluminum-Frame ABS Treatment Trolley with Separated Bins","description":"ABS treatment trolley: aluminum column, 1S+1M drawer, left worktable\/storage box, right color-separated trash cans. Multi-color, 750\u00d7480\u00d7920mm\/850\u00d7520\u00d7950mm.","inLanguage":"pt-PT","isPartOf":{"@id":"https:\/\/novalion-med.com\/pt\/#website"},"breadcrumb":{"@id":"https:\/\/novalion-med.com\/pt\/produto\/carrinho-de-tratamento-em-abs-com-coluna-de-aluminio-e-contentores-separados-por-cores\/#breadcrumblist"},"image":{"@type":"ImageObject","url":"https:\/\/novalion-med.com\/wp-content\/uploads\/2025\/06\/NL230101002-CT750-Aluminum-Column-ABS-Treatment-Trolley-with-Color-Separated-Bins.jpg","@id":"https:\/\/novalion-med.com\/pt\/produto\/carrinho-de-tratamento-em-abs-com-coluna-de-aluminio-e-contentores-separados-por-cores\/#mainImage","width":1000,"height":1000,"caption":"NL230101002-CT750 Aluminum-Column ABS Treatment Trolley with Color-Separated Bins"},"primaryImageOfPage":{"@id":"https:\/\/novalion-med.com\/pt\/produto\/carrinho-de-tratamento-em-abs-com-coluna-de-aluminio-e-contentores-separados-por-cores\/#mainImage"},"datePublished":"2025-06-18T04:26:11+00:00","dateModified":"2025-06-18T04:30:37+00:00"},{"@type":"WebSite","@id":"https:\/\/novalion-med.com\/pt\/#website","url":"https:\/\/novalion-med.com\/pt\/","name":"novalion-med.com","description":"Wheelchair, Hospital bed, Walker,Commode chair,Crutch...","inLanguage":"pt-PT","publisher":{"@id":"https:\/\/novalion-med.com\/pt\/#organization"}}]}},"aioseo_meta_data":{"post_id":"5331","title":"Aluminum-Frame ABS Treatment Trolley with Separated Bins","description":"ABS treatment trolley: aluminum column, 1S+1M drawer, left worktable\/storage box, right color-separated trash cans. Multi-color, 750\u00d7480\u00d7920mm\/850\u00d7520\u00d7950mm.","keywords":"[]","keyphrases":"{\"focus\":{\"keyphrase\":\"\",\"score\":0,\"analysis\":{\"keyphraseInTitle\":{\"score\":0,\"maxScore\":9,\"error\":1}}},\"additional\":[]}","primary_term":null,"canonical_url":null,"og_title":null,"og_description":null,"og_object_type":"default","og_image_type":"default","og_image_url":null,"og_image_width":null,"og_image_height":null,"og_image_custom_url":null,"og_image_custom_fields":null,"og_video":"","og_custom_url":null,"og_article_section":null,"og_article_tags":"[]","twitter_use_og":false,"twitter_card":"default","twitter_image_type":"default","twitter_image_url":null,"twitter_image_custom_url":null,"twitter_image_custom_fields":null,"twitter_title":null,"twitter_description":null,"schema":{"blockGraphs":[],"customGraphs":[],"default":{"data":{"Article":[],"Course":[],"Dataset":[],"FAQPage":[],"Movie":[],"Person":[],"Product":[],"Recipe":[],"Service":[],"SoftwareApplication":[],"WebPage":[]},"graphName":"Product","isEnabled":true},"graphs":[]},"schema_type":"default","schema_type_options":null,"pillar_content":false,"robots_default":true,"robots_noindex":false,"robots_noarchive":false,"robots_nosnippet":false,"robots_nofollow":false,"robots_noimageindex":false,"robots_noodp":false,"robots_notranslate":false,"robots_max_snippet":"-1","robots_max_videopreview":"-1","robots_max_imagepreview":"large","priority":null,"frequency":"default","local_seo":null,"limit_modified_date":false,"created":"2025-06-18 04:26:12","updated":"2025-06-18 04:43:51"},"_links":{"self":[{"href":"https:\/\/novalion-med.com\/pt\/wp-json\/wp\/v2\/product\/5331","targetHints":{"allow":["GET"]}}],"collection":[{"href":"https:\/\/novalion-med.com\/pt\/wp-json\/wp\/v2\/product"}],"about":[{"href":"https:\/\/novalion-med.com\/pt\/wp-json\/wp\/v2\/types\/product"}],"version-history":[{"count":5,"href":"https:\/\/novalion-med.com\/pt\/wp-json\/wp\/v2\/product\/5331\/revisions"}],"predecessor-version":[{"id":8260,"href":"https:\/\/novalion-med.com\/pt\/wp-json\/wp\/v2\/product\/5331\/revisions\/8260"}],"wp:featuredmedia":[{"embeddable":true,"href":"https:\/\/novalion-med.com\/pt\/wp-json\/wp\/v2\/media\/5332"}],"wp:attachment":[{"href":"https:\/\/novalion-med.com\/pt\/wp-json\/wp\/v2\/media?parent=5331"}],"wp:term":[{"taxonomy":"product_brand","embeddable":true,"href":"https:\/\/novalion-med.com\/pt\/wp-json\/wp\/v2\/product_brand?post=5331"},{"taxonomy":"product_cat","embeddable":true,"href":"https:\/\/novalion-med.com\/pt\/wp-json\/wp\/v2\/product_cat?post=5331"},{"taxonomy":"product_tag","embeddable":true,"href":"https:\/\/novalion-med.com\/pt\/wp-json\/wp\/v2\/product_tag?post=5331"}],"curies":[{"name":"wp","href":"https:\/\/api.w.org\/{rel}","templated":true}]}}