{"id":5163,"date":"2025-06-12T03:20:56","date_gmt":"2025-06-12T03:20:56","guid":{"rendered":"https:\/\/novalion-med.com\/?post_type=product&#038;p=5163"},"modified":"2025-06-12T03:24:07","modified_gmt":"2025-06-12T03:24:07","slug":"carrinho-de-sujidade-em-aco-inoxidavel-304-201-montado","status":"publish","type":"product","link":"https:\/\/novalion-med.com\/pt\/produto\/carrinho-de-sujidade-em-aco-inoxidavel-304-201-montado\/","title":{"rendered":"Carro de recolha de sujidade em a\u00e7o inoxid\u00e1vel 304\/201 montado"},"content":{"rendered":"<div data-elementor-type=\"product-post\" data-elementor-id=\"5163\" class=\"elementor elementor-5163\" data-elementor-post-type=\"product\">\n\t\t\t\t<div class=\"elementor-element elementor-element-1c93f1cb e-con-full e-flex e-con e-parent\" data-id=\"1c93f1cb\" data-element_type=\"container\">\n\t\t\t\t<div class=\"elementor-element elementor-element-2240ff1 elementor-widget elementor-widget-heading\" data-id=\"2240ff1\" data-element_type=\"widget\" data-widget_type=\"heading.default\">\n\t\t\t\t<div class=\"elementor-widget-container\">\n\t\t\t\t\t<h2 class=\"elementor-heading-title elementor-size-default\">Carro de recolha de sujidade em a\u00e7o inoxid\u00e1vel 304\/201 montado<\/h2>\t\t\t\t<\/div>\n\t\t\t\t<\/div>\n\t\t\t\t<div class=\"elementor-element elementor-element-45d8c46 elementor-widget elementor-widget-text-editor\" data-id=\"45d8c46\" data-element_type=\"widget\" data-widget_type=\"text-editor.default\">\n\t\t\t\t<div class=\"elementor-widget-container\">\n\t\t\t\t\t\t\t\t\t<p>Carrinhos montados para servi\u00e7os pesados de gest\u00e3o de res\u00edduos, dispon\u00edveis em tamanhos at\u00e9 120\u00d780 cm. A constru\u00e7\u00e3o em a\u00e7o inoxid\u00e1vel 201\/304\/430 resiste \u00e0 corros\u00e3o, enquanto as rodas opcionais com trav\u00e3o\/mudo permitem o transporte eficiente de res\u00edduos hospitalares.<\/p>\t\t\t\t\t\t\t\t<\/div>\n\t\t\t\t<\/div>\n\t\t\t\t<div class=\"elementor-element elementor-element-7152afc elementor-widget elementor-widget-text-editor\" data-id=\"7152afc\" data-element_type=\"widget\" data-widget_type=\"text-editor.default\">\n\t\t\t\t<div class=\"elementor-widget-container\">\n\t\t\t\t\t\t\t\t\t<h2>Carater\u00edsticas principais<\/h2><p>A constru\u00e7\u00e3o fi\u00e1vel do carrinho padr\u00e3o-201\/304 em a\u00e7o garante um desempenho duradouro para as necessidades b\u00e1sicas de res\u00edduos.<\/p><ul><li>Carrinho de sujidade montado de s\u00e9rie<\/li><li>Constru\u00e7\u00e3o em a\u00e7o 201\/304<\/li><li>Rodas de trav\u00e3o opcionais<\/li><\/ul>\t\t\t\t\t\t\t\t<\/div>\n\t\t\t\t<\/div>\n\t\t\t\t<div class=\"elementor-element elementor-element-3a02177 elementor-widget elementor-widget-text-editor\" data-id=\"3a02177\" data-element_type=\"widget\" data-widget_type=\"text-editor.default\">\n\t\t\t\t<div class=\"elementor-widget-container\">\n\t\t\t\t\t\t\t\t\t<h2>Especifica\u00e7\u00f5es<\/h2><table width=\"160\"><tbody><tr><td width=\"80\">Material opcional<\/td><td width=\"80\">\u00a0A\u00e7o inoxid\u00e1vel 201\/304<\/td><\/tr><tr><td>Estrutura<\/td><td>\u00a0Montado<\/td><\/tr><tr><td>Material das rodas opcional<\/td><td>\u00a04 rodas de trav\u00e3o\/rodas de silenciamento<\/td><\/tr><\/tbody><\/table>\t\t\t\t\t\t\t\t<\/div>\n\t\t\t\t<\/div>\n\t\t\t\t<div class=\"elementor-element elementor-element-2996df9 elementor-widget elementor-widget-text-editor\" data-id=\"2996df9\" data-element_type=\"widget\" data-widget_type=\"text-editor.default\">\n\t\t\t\t<div class=\"elementor-widget-container\">\n\t\t\t\t\t\t\t\t\t<p>Mais equipamentos m\u00e9dicos podem ser encontrados em <a href=\"https:\/\/novalion-med.com\/pt\/\" target=\"_blank\" rel=\"noopener\">o nosso s\u00edtio Web<\/a> ou <a href=\"https:\/\/api.whatsapp.com\/send\/?phone=%2B008618112908401&amp;text&amp;type=phone_number&amp;app_absent=0\" target=\"_blank\" rel=\"noopener\">o nosso whatsapp<\/a>.<\/p>\t\t\t\t\t\t\t\t<\/div>\n\t\t\t\t<\/div>\n\t\t\t\t<\/div>\n\t\t\t\t<\/div>","protected":false},"excerpt":{"rendered":"<p>O modelo NL230101-SSWW05 \u00e9 um carrinho de sujidade em a\u00e7o inoxid\u00e1vel com material opcional: 304\/201. Possui uma estrutura montada. O material dos rod\u00edzios \u00e9 opcional: 4 rodas de trav\u00e3o\/rodas de silicone.<\/p>","protected":false},"featured_media":5094,"template":"elementor_theme","meta":{"site-sidebar-layout":"default","site-content-layout":"","ast-site-content-layout":"default","site-content-style":"default","site-sidebar-style":"default","ast-global-header-display":"","ast-banner-title-visibility":"","ast-main-header-display":"","ast-hfb-above-header-display":"","ast-hfb-below-header-display":"","ast-hfb-mobile-header-display":"","site-post-title":"","ast-breadcrumbs-content":"","ast-featured-img":"","footer-sml-layout":"","theme-transparent-header-meta":"default","adv-header-id-meta":"","stick-header-meta":"default","header-above-stick-meta":"","header-main-stick-meta":"","header-below-stick-meta":"","astra-migrate-meta-layouts":"set","ast-page-background-enabled":"default","ast-page-background-meta":{"desktop":{"background-color":"var(--ast-global-color-4)","background-image":"","background-repeat":"repeat","background-position":"center center","background-size":"auto","background-attachment":"scroll","background-type":"","background-media":"","overlay-type":"","overlay-color":"","overlay-opacity":"","overlay-gradient":""},"tablet":{"background-color":"","background-image":"","background-repeat":"repeat","background-position":"center center","background-size":"auto","background-attachment":"scroll","background-type":"","background-media":"","overlay-type":"","overlay-color":"","overlay-opacity":"","overlay-gradient":""},"mobile":{"background-color":"","background-image":"","background-repeat":"repeat","background-position":"center center","background-size":"auto","background-attachment":"scroll","background-type":"","background-media":"","overlay-type":"","overlay-color":"","overlay-opacity":"","overlay-gradient":""}},"ast-content-background-meta":{"desktop":{"background-color":"var(--ast-global-color-5)","background-image":"","background-repeat":"repeat","background-position":"center center","background-size":"auto","background-attachment":"scroll","background-type":"","background-media":"","overlay-type":"","overlay-color":"","overlay-opacity":"","overlay-gradient":""},"tablet":{"background-color":"var(--ast-global-color-5)","background-image":"","background-repeat":"repeat","background-position":"center center","background-size":"auto","background-attachment":"scroll","background-type":"","background-media":"","overlay-type":"","overlay-color":"","overlay-opacity":"","overlay-gradient":""},"mobile":{"background-color":"var(--ast-global-color-5)","background-image":"","background-repeat":"repeat","background-position":"center center","background-size":"auto","background-attachment":"scroll","background-type":"","background-media":"","overlay-type":"","overlay-color":"","overlay-opacity":"","overlay-gradient":""}}},"product_brand":[],"product_cat":[78],"product_tag":[],"class_list":{"0":"post-5163","1":"product","2":"type-product","3":"status-publish","4":"has-post-thumbnail","6":"product_cat-dirt-trolleys","7":"desktop-align-center","8":"tablet-align-left","9":"mobile-align-left","10":"ast-product-gallery-layout-horizontal-slider","11":"ast-product-gallery-with-no-image","12":"ast-magnify-disabled","13":"ast-product-tabs-layout-accordion","14":"ast-qv-on-image","16":"first","17":"instock","18":"shipping-taxable","19":"purchasable","20":"product-type-simple"},"aioseo_notices":[],"aioseo_head":"\n\t\t<!-- All in One SEO Pro 4.6.0 - aioseo.com -->\n\t\t<meta name=\"description\" content=\"Assembled 304\/201 stainless steel dirt trolley, standard configuration, no specified size, 4 brake\/mute wheels optional, suitable for waste management needs.\" \/>\n\t\t<meta name=\"robots\" content=\"max-image-preview:large\" \/>\n\t\t<meta name=\"google-site-verification\" content=\"XE0Krczs_zYC4qBAqnvyRaNEYa9NQEP4HzU7PPpzxoI\" \/>\n\t\t<link rel=\"canonical\" href=\"https:\/\/novalion-med.com\/pt\/produto\/carrinho-de-sujidade-em-aco-inoxidavel-304-201-montado\/\" \/>\n\t\t<meta name=\"generator\" content=\"All in One SEO Pro (AIOSEO) 4.6.0\" \/>\n\t\t<meta property=\"og:locale\" content=\"pt_PT\" \/>\n\t\t<meta property=\"og:site_name\" content=\"Novalion Medical \u2013 Wheelchair, Hospital bed, Walker,Commode chair,Crutch...\" \/>\n\t\t<meta property=\"og:type\" content=\"article\" \/>\n\t\t<meta property=\"og:title\" content=\"Assembled 304\/201 stainless steel dirt trolley.\" \/>\n\t\t<meta property=\"og:description\" content=\"Assembled 304\/201 stainless steel dirt trolley, standard configuration, no specified size, 4 brake\/mute wheels optional, suitable for waste management needs.\" \/>\n\t\t<meta property=\"og:url\" content=\"https:\/\/novalion-med.com\/pt\/produto\/carrinho-de-sujidade-em-aco-inoxidavel-304-201-montado\/\" \/>\n\t\t<meta property=\"og:image\" content=\"https:\/\/novalion-med.com\/wp-content\/uploads\/2025\/04\/cropped-343496212_201698782614433_8037205422525878621_n-1.jpg\" \/>\n\t\t<meta property=\"og:image:secure_url\" content=\"https:\/\/novalion-med.com\/wp-content\/uploads\/2025\/04\/cropped-343496212_201698782614433_8037205422525878621_n-1.jpg\" \/>\n\t\t<meta property=\"og:image:width\" content=\"512\" \/>\n\t\t<meta property=\"og:image:height\" content=\"512\" \/>\n\t\t<meta property=\"article:published_time\" content=\"2025-06-12T03:20:56+00:00\" \/>\n\t\t<meta property=\"article:modified_time\" content=\"2025-06-12T03:24:07+00:00\" \/>\n\t\t<meta property=\"article:publisher\" content=\"https:\/\/www.facebook.com\/NovalionMedical\/\" \/>\n\t\t<meta name=\"twitter:card\" content=\"summary_large_image\" \/>\n\t\t<meta name=\"twitter:title\" content=\"Assembled 304\/201 stainless steel dirt trolley.\" \/>\n\t\t<meta name=\"twitter:description\" content=\"Assembled 304\/201 stainless steel dirt trolley, standard configuration, no specified size, 4 brake\/mute wheels optional, suitable for waste management needs.\" \/>\n\t\t<meta name=\"twitter:image\" content=\"https:\/\/novalion-med.com\/wp-content\/uploads\/2025\/04\/cropped-343496212_201698782614433_8037205422525878621_n-1.jpg\" \/>\n\t\t<script type=\"application\/ld+json\" class=\"aioseo-schema\">\n\t\t\t{\"@context\":\"https:\\\/\\\/schema.org\",\"@graph\":[{\"@type\":\"BreadcrumbList\",\"@id\":\"https:\\\/\\\/novalion-med.com\\\/pt\\\/produto\\\/carrinho-de-sujidade-em-aco-inoxidavel-304-201-montado\\\/#breadcrumblist\",\"itemListElement\":[{\"@type\":\"ListItem\",\"@id\":\"https:\\\/\\\/novalion-med.com\\\/pt\\\/#listItem\",\"position\":1,\"name\":\"Home\",\"item\":\"https:\\\/\\\/novalion-med.com\\\/pt\\\/\",\"nextItem\":\"https:\\\/\\\/novalion-med.com\\\/pt\\\/produto\\\/carrinho-de-sujidade-em-aco-inoxidavel-304-201-montado\\\/#listItem\"},{\"@type\":\"ListItem\",\"@id\":\"https:\\\/\\\/novalion-med.com\\\/pt\\\/produto\\\/carrinho-de-sujidade-em-aco-inoxidavel-304-201-montado\\\/#listItem\",\"position\":2,\"name\":\"Assembled 304\\\/201 Stainless Steel Dirt Trolley\",\"previousItem\":\"https:\\\/\\\/novalion-med.com\\\/pt\\\/#listItem\"}]},{\"@type\":\"Organization\",\"@id\":\"https:\\\/\\\/novalion-med.com\\\/pt\\\/#organization\",\"name\":\"novalion-med.com\",\"url\":\"https:\\\/\\\/novalion-med.com\\\/pt\\\/\",\"logo\":{\"@type\":\"ImageObject\",\"url\":\"https:\\\/\\\/novalion-med.com\\\/wp-content\\\/uploads\\\/2025\\\/04\\\/cropped-343496212_201698782614433_8037205422525878621_n-1.jpg\",\"@id\":\"https:\\\/\\\/novalion-med.com\\\/pt\\\/produto\\\/carrinho-de-sujidade-em-aco-inoxidavel-304-201-montado\\\/#organizationLogo\",\"width\":512,\"height\":512},\"image\":{\"@id\":\"https:\\\/\\\/novalion-med.com\\\/pt\\\/produto\\\/carrinho-de-sujidade-em-aco-inoxidavel-304-201-montado\\\/#organizationLogo\"},\"sameAs\":[\"https:\\\/\\\/www.facebook.com\\\/NovalionMedical\\\/\",\"https:\\\/\\\/www.youtube.com\\\/@NwlMedicalInstrument\"],\"contactPoint\":{\"@type\":\"ContactPoint\",\"telephone\":\"+8618326188070\",\"contactType\":\"Sales\"}},{\"@type\":\"Product\",\"@id\":\"https:\\\/\\\/novalion-med.com\\\/pt\\\/produto\\\/carrinho-de-sujidade-em-aco-inoxidavel-304-201-montado\\\/#wooCommerceProduct\",\"name\":\"Assembled 304\\\/201 Stainless Steel Dirt Trolley\",\"description\":\"Model NL230101-SSWW05 is a stainless steel dirt trolley with material optional: 304\\\/201. It features an assembled structure. The caster material is optional: 4 brake wheels\\\/mute wheels.\",\"url\":\"https:\\\/\\\/novalion-med.com\\\/pt\\\/produto\\\/carrinho-de-sujidade-em-aco-inoxidavel-304-201-montado\\\/\",\"sku\":\"NL230101-SSWW05\",\"image\":{\"@type\":\"ImageObject\",\"url\":\"https:\\\/\\\/novalion-med.com\\\/wp-content\\\/uploads\\\/2025\\\/06\\\/NL230101-SSWW05-Assembled-430304-Stainless-Steel-Dirt-Trolley-90x46x88cm.webp\",\"@id\":\"https:\\\/\\\/novalion-med.com\\\/pt\\\/produto\\\/carrinho-de-sujidade-em-aco-inoxidavel-304-201-montado\\\/#productImage\",\"width\":800,\"height\":800,\"caption\":\"NL230101-SSWW05 Assembled 304\\\/201 Stainless Steel Dirt Trolley\"},\"offers\":{\"@type\":\"Offer\",\"url\":\"https:\\\/\\\/novalion-med.com\\\/pt\\\/produto\\\/carrinho-de-sujidade-em-aco-inoxidavel-304-201-montado\\\/#wooCommerceOffer\",\"priceCurrency\":\"PHP\",\"category\":\"Dirt trolleys\",\"availability\":\"https:\\\/\\\/schema.org\\\/InStock\",\"seller\":{\"@type\":\"Organization\",\"@id\":\"https:\\\/\\\/novalion-med.com\\\/pt\\\/#organization\"},\"price\":111}},{\"@type\":\"WebPage\",\"@id\":\"https:\\\/\\\/novalion-med.com\\\/pt\\\/produto\\\/carrinho-de-sujidade-em-aco-inoxidavel-304-201-montado\\\/#webpage\",\"url\":\"https:\\\/\\\/novalion-med.com\\\/pt\\\/produto\\\/carrinho-de-sujidade-em-aco-inoxidavel-304-201-montado\\\/\",\"name\":\"Assembled 304\\\/201 stainless steel dirt trolley.\",\"description\":\"Assembled 304\\\/201 stainless steel dirt trolley, standard configuration, no specified size, 4 brake\\\/mute wheels optional, suitable for waste management needs.\",\"inLanguage\":\"pt-PT\",\"isPartOf\":{\"@id\":\"https:\\\/\\\/novalion-med.com\\\/pt\\\/#website\"},\"breadcrumb\":{\"@id\":\"https:\\\/\\\/novalion-med.com\\\/pt\\\/produto\\\/carrinho-de-sujidade-em-aco-inoxidavel-304-201-montado\\\/#breadcrumblist\"},\"image\":{\"@type\":\"ImageObject\",\"url\":\"https:\\\/\\\/novalion-med.com\\\/wp-content\\\/uploads\\\/2025\\\/06\\\/NL230101-SSWW05-Assembled-430304-Stainless-Steel-Dirt-Trolley-90x46x88cm.webp\",\"@id\":\"https:\\\/\\\/novalion-med.com\\\/pt\\\/produto\\\/carrinho-de-sujidade-em-aco-inoxidavel-304-201-montado\\\/#mainImage\",\"width\":800,\"height\":800,\"caption\":\"NL230101-SSWW05 Assembled 304\\\/201 Stainless Steel Dirt Trolley\"},\"primaryImageOfPage\":{\"@id\":\"https:\\\/\\\/novalion-med.com\\\/pt\\\/produto\\\/carrinho-de-sujidade-em-aco-inoxidavel-304-201-montado\\\/#mainImage\"},\"datePublished\":\"2025-06-12T03:20:56+00:00\",\"dateModified\":\"2025-06-12T03:24:07+00:00\"},{\"@type\":\"WebSite\",\"@id\":\"https:\\\/\\\/novalion-med.com\\\/pt\\\/#website\",\"url\":\"https:\\\/\\\/novalion-med.com\\\/pt\\\/\",\"name\":\"novalion-med.com\",\"description\":\"Wheelchair, Hospital bed, Walker,Commode chair,Crutch...\",\"inLanguage\":\"pt-PT\",\"publisher\":{\"@id\":\"https:\\\/\\\/novalion-med.com\\\/pt\\\/#organization\"}}]}\n\t\t<\/script>\n\t\t<!-- All in One SEO Pro -->\r\n\t\t<title>Assembled 304\/201 stainless steel dirt trolley.<\/title>\n\n","aioseo_head_json":{"title":"Assembled 304\/201 stainless steel dirt trolley.","description":"Assembled 304\/201 stainless steel dirt trolley, standard configuration, no specified size, 4 brake\/mute wheels optional, suitable for waste management needs.","canonical_url":"https:\/\/novalion-med.com\/pt\/produto\/carrinho-de-sujidade-em-aco-inoxidavel-304-201-montado\/","robots":"max-image-preview:large","keywords":"","webmasterTools":{"google-site-verification":"XE0Krczs_zYC4qBAqnvyRaNEYa9NQEP4HzU7PPpzxoI","miscellaneous":""},"og:locale":"pt_PT","og:site_name":"Novalion Medical \u2013 Wheelchair, Hospital bed, Walker,Commode chair,Crutch...","og:type":"article","og:title":"Assembled 304\/201 stainless steel dirt trolley.","og:description":"Assembled 304\/201 stainless steel dirt trolley, standard configuration, no specified size, 4 brake\/mute wheels optional, suitable for waste management needs.","og:url":"https:\/\/novalion-med.com\/pt\/produto\/carrinho-de-sujidade-em-aco-inoxidavel-304-201-montado\/","og:image":"https:\/\/novalion-med.com\/wp-content\/uploads\/2025\/04\/cropped-343496212_201698782614433_8037205422525878621_n-1.jpg","og:image:secure_url":"https:\/\/novalion-med.com\/wp-content\/uploads\/2025\/04\/cropped-343496212_201698782614433_8037205422525878621_n-1.jpg","og:image:width":512,"og:image:height":512,"article:published_time":"2025-06-12T03:20:56+00:00","article:modified_time":"2025-06-12T03:24:07+00:00","article:publisher":"https:\/\/www.facebook.com\/NovalionMedical\/","twitter:card":"summary_large_image","twitter:title":"Assembled 304\/201 stainless steel dirt trolley.","twitter:description":"Assembled 304\/201 stainless steel dirt trolley, standard configuration, no specified size, 4 brake\/mute wheels optional, suitable for waste management needs.","twitter:image":"https:\/\/novalion-med.com\/wp-content\/uploads\/2025\/04\/cropped-343496212_201698782614433_8037205422525878621_n-1.jpg","schema":{"@context":"https:\/\/schema.org","@graph":[{"@type":"BreadcrumbList","@id":"https:\/\/novalion-med.com\/pt\/produto\/carrinho-de-sujidade-em-aco-inoxidavel-304-201-montado\/#breadcrumblist","itemListElement":[{"@type":"ListItem","@id":"https:\/\/novalion-med.com\/pt\/#listItem","position":1,"name":"Home","item":"https:\/\/novalion-med.com\/pt\/","nextItem":"https:\/\/novalion-med.com\/pt\/produto\/carrinho-de-sujidade-em-aco-inoxidavel-304-201-montado\/#listItem"},{"@type":"ListItem","@id":"https:\/\/novalion-med.com\/pt\/produto\/carrinho-de-sujidade-em-aco-inoxidavel-304-201-montado\/#listItem","position":2,"name":"Assembled 304\/201 Stainless Steel Dirt Trolley","previousItem":"https:\/\/novalion-med.com\/pt\/#listItem"}]},{"@type":"Organization","@id":"https:\/\/novalion-med.com\/pt\/#organization","name":"novalion-med.com","url":"https:\/\/novalion-med.com\/pt\/","logo":{"@type":"ImageObject","url":"https:\/\/novalion-med.com\/wp-content\/uploads\/2025\/04\/cropped-343496212_201698782614433_8037205422525878621_n-1.jpg","@id":"https:\/\/novalion-med.com\/pt\/produto\/carrinho-de-sujidade-em-aco-inoxidavel-304-201-montado\/#organizationLogo","width":512,"height":512},"image":{"@id":"https:\/\/novalion-med.com\/pt\/produto\/carrinho-de-sujidade-em-aco-inoxidavel-304-201-montado\/#organizationLogo"},"sameAs":["https:\/\/www.facebook.com\/NovalionMedical\/","https:\/\/www.youtube.com\/@NwlMedicalInstrument"],"contactPoint":{"@type":"ContactPoint","telephone":"+8618326188070","contactType":"Sales"}},{"@type":"Product","@id":"https:\/\/novalion-med.com\/pt\/produto\/carrinho-de-sujidade-em-aco-inoxidavel-304-201-montado\/#wooCommerceProduct","name":"Assembled 304\/201 Stainless Steel Dirt Trolley","description":"Model NL230101-SSWW05 is a stainless steel dirt trolley with material optional: 304\/201. It features an assembled structure. The caster material is optional: 4 brake wheels\/mute wheels.","url":"https:\/\/novalion-med.com\/pt\/produto\/carrinho-de-sujidade-em-aco-inoxidavel-304-201-montado\/","sku":"NL230101-SSWW05","image":{"@type":"ImageObject","url":"https:\/\/novalion-med.com\/wp-content\/uploads\/2025\/06\/NL230101-SSWW05-Assembled-430304-Stainless-Steel-Dirt-Trolley-90x46x88cm.webp","@id":"https:\/\/novalion-med.com\/pt\/produto\/carrinho-de-sujidade-em-aco-inoxidavel-304-201-montado\/#productImage","width":800,"height":800,"caption":"NL230101-SSWW05 Assembled 304\/201 Stainless Steel Dirt Trolley"},"offers":{"@type":"Offer","url":"https:\/\/novalion-med.com\/pt\/produto\/carrinho-de-sujidade-em-aco-inoxidavel-304-201-montado\/#wooCommerceOffer","priceCurrency":"PHP","category":"Dirt trolleys","availability":"https:\/\/schema.org\/InStock","seller":{"@type":"Organization","@id":"https:\/\/novalion-med.com\/pt\/#organization"},"price":111}},{"@type":"WebPage","@id":"https:\/\/novalion-med.com\/pt\/produto\/carrinho-de-sujidade-em-aco-inoxidavel-304-201-montado\/#webpage","url":"https:\/\/novalion-med.com\/pt\/produto\/carrinho-de-sujidade-em-aco-inoxidavel-304-201-montado\/","name":"Assembled 304\/201 stainless steel dirt trolley.","description":"Assembled 304\/201 stainless steel dirt trolley, standard configuration, no specified size, 4 brake\/mute wheels optional, suitable for waste management needs.","inLanguage":"pt-PT","isPartOf":{"@id":"https:\/\/novalion-med.com\/pt\/#website"},"breadcrumb":{"@id":"https:\/\/novalion-med.com\/pt\/produto\/carrinho-de-sujidade-em-aco-inoxidavel-304-201-montado\/#breadcrumblist"},"image":{"@type":"ImageObject","url":"https:\/\/novalion-med.com\/wp-content\/uploads\/2025\/06\/NL230101-SSWW05-Assembled-430304-Stainless-Steel-Dirt-Trolley-90x46x88cm.webp","@id":"https:\/\/novalion-med.com\/pt\/produto\/carrinho-de-sujidade-em-aco-inoxidavel-304-201-montado\/#mainImage","width":800,"height":800,"caption":"NL230101-SSWW05 Assembled 304\/201 Stainless Steel Dirt Trolley"},"primaryImageOfPage":{"@id":"https:\/\/novalion-med.com\/pt\/produto\/carrinho-de-sujidade-em-aco-inoxidavel-304-201-montado\/#mainImage"},"datePublished":"2025-06-12T03:20:56+00:00","dateModified":"2025-06-12T03:24:07+00:00"},{"@type":"WebSite","@id":"https:\/\/novalion-med.com\/pt\/#website","url":"https:\/\/novalion-med.com\/pt\/","name":"novalion-med.com","description":"Wheelchair, Hospital bed, Walker,Commode chair,Crutch...","inLanguage":"pt-PT","publisher":{"@id":"https:\/\/novalion-med.com\/pt\/#organization"}}]}},"aioseo_meta_data":{"post_id":"5163","title":"Assembled 304\/201 stainless steel dirt trolley.","description":"Assembled 304\/201 stainless steel dirt trolley, standard configuration, no specified size, 4 brake\/mute wheels optional, suitable for waste management needs.","keywords":"[]","keyphrases":"{\"focus\":{\"keyphrase\":\"\",\"score\":0,\"analysis\":{\"keyphraseInTitle\":{\"score\":0,\"maxScore\":9,\"error\":1}}},\"additional\":[]}","primary_term":null,"canonical_url":null,"og_title":null,"og_description":null,"og_object_type":"default","og_image_type":"default","og_image_url":null,"og_image_width":null,"og_image_height":null,"og_image_custom_url":null,"og_image_custom_fields":null,"og_video":"","og_custom_url":null,"og_article_section":null,"og_article_tags":"[]","twitter_use_og":false,"twitter_card":"default","twitter_image_type":"default","twitter_image_url":null,"twitter_image_custom_url":null,"twitter_image_custom_fields":null,"twitter_title":null,"twitter_description":null,"schema":{"blockGraphs":[],"customGraphs":[],"default":{"data":{"Article":[],"Course":[],"Dataset":[],"FAQPage":[],"Movie":[],"Person":[],"Product":[],"Recipe":[],"Service":[],"SoftwareApplication":[],"WebPage":[]},"graphName":"Product","isEnabled":true},"graphs":[]},"schema_type":"default","schema_type_options":null,"pillar_content":false,"robots_default":true,"robots_noindex":false,"robots_noarchive":false,"robots_nosnippet":false,"robots_nofollow":false,"robots_noimageindex":false,"robots_noodp":false,"robots_notranslate":false,"robots_max_snippet":"-1","robots_max_videopreview":"-1","robots_max_imagepreview":"large","priority":null,"frequency":"default","local_seo":null,"limit_modified_date":false,"created":"2025-06-12 03:20:56","updated":"2025-06-12 03:26:22"},"_links":{"self":[{"href":"https:\/\/novalion-med.com\/pt\/wp-json\/wp\/v2\/product\/5163","targetHints":{"allow":["GET"]}}],"collection":[{"href":"https:\/\/novalion-med.com\/pt\/wp-json\/wp\/v2\/product"}],"about":[{"href":"https:\/\/novalion-med.com\/pt\/wp-json\/wp\/v2\/types\/product"}],"version-history":[{"count":4,"href":"https:\/\/novalion-med.com\/pt\/wp-json\/wp\/v2\/product\/5163\/revisions"}],"predecessor-version":[{"id":5167,"href":"https:\/\/novalion-med.com\/pt\/wp-json\/wp\/v2\/product\/5163\/revisions\/5167"}],"wp:featuredmedia":[{"embeddable":true,"href":"https:\/\/novalion-med.com\/pt\/wp-json\/wp\/v2\/media\/5094"}],"wp:attachment":[{"href":"https:\/\/novalion-med.com\/pt\/wp-json\/wp\/v2\/media?parent=5163"}],"wp:term":[{"taxonomy":"product_brand","embeddable":true,"href":"https:\/\/novalion-med.com\/pt\/wp-json\/wp\/v2\/product_brand?post=5163"},{"taxonomy":"product_cat","embeddable":true,"href":"https:\/\/novalion-med.com\/pt\/wp-json\/wp\/v2\/product_cat?post=5163"},{"taxonomy":"product_tag","embeddable":true,"href":"https:\/\/novalion-med.com\/pt\/wp-json\/wp\/v2\/product_tag?post=5163"}],"curies":[{"name":"wp","href":"https:\/\/api.w.org\/{rel}","templated":true}]}}