{"id":4967,"date":"2025-06-11T06:48:35","date_gmt":"2025-06-11T06:48:35","guid":{"rendered":"https:\/\/novalion-med.com\/?post_type=product&#038;p=4967"},"modified":"2025-06-11T06:52:06","modified_gmt":"2025-06-11T06:52:06","slug":"carrinho-de-desbridamento-de-2-camadas-em-aco-inoxidavel-soldado-integral-2-bacias-de-sujidade-2","status":"publish","type":"product","link":"https:\/\/novalion-med.com\/pt\/produto\/carrinho-de-desbridamento-de-2-camadas-em-aco-inoxidavel-soldado-integral-2-bacias-de-sujidade-2\/","title":{"rendered":"Carro de desbridamento de 2 camadas em a\u00e7o inoxid\u00e1vel soldado integral, 2 bacias de sujidade"},"content":{"rendered":"<div data-elementor-type=\"product-post\" data-elementor-id=\"4967\" class=\"elementor elementor-4967\" data-elementor-post-type=\"product\">\n\t\t\t\t<div class=\"elementor-element elementor-element-1c93f1cb e-con-full e-flex e-con e-parent\" data-id=\"1c93f1cb\" data-element_type=\"container\">\n\t\t\t\t<div class=\"elementor-element elementor-element-2240ff1 elementor-widget elementor-widget-heading\" data-id=\"2240ff1\" data-element_type=\"widget\" data-widget_type=\"heading.default\">\n\t\t\t\t<div class=\"elementor-widget-container\">\n\t\t\t\t\t<h2 class=\"elementor-heading-title elementor-size-default\">Carro de desbridamento de 2 camadas em a\u00e7o inoxid\u00e1vel soldado integral, 2 bacias de sujidade<\/h2>\t\t\t\t<\/div>\n\t\t\t\t<\/div>\n\t\t\t\t<div class=\"elementor-element elementor-element-45d8c46 elementor-widget elementor-widget-text-editor\" data-id=\"45d8c46\" data-element_type=\"widget\" data-widget_type=\"text-editor.default\">\n\t\t\t\t<div class=\"elementor-widget-container\">\n\t\t\t\t\t\t\t\t\t<p>Concebidos para o tratamento de feridas, estes carrinhos possuem 2 camadas integradas soldadas e 2 bacias de sujidade para uma elimina\u00e7\u00e3o eficiente dos res\u00edduos. Escolha entre os tamanhos 60\u00d760 cm ou 65\u00d742 cm para se adaptar \u00e0s necessidades dos procedimentos, com rodas silenciosas para um transporte suave em situa\u00e7\u00f5es de emerg\u00eancia.<\/p>\t\t\t\t\t\t\t\t<\/div>\n\t\t\t\t<\/div>\n\t\t\t\t<div class=\"elementor-element elementor-element-7152afc elementor-widget elementor-widget-text-editor\" data-id=\"7152afc\" data-element_type=\"widget\" data-widget_type=\"text-editor.default\">\n\t\t\t\t<div class=\"elementor-widget-container\">\n\t\t\t\t\t\t\t\t\t<h2>Carater\u00edsticas principais<\/h2><p>Compacto mas robusto (65\u00d742\u00d784cm), este carrinho de desbridamento adapta-se \u00e0 utiliza\u00e7\u00e3o na cama, oferecendo uma constru\u00e7\u00e3o duradoura em a\u00e7o inoxid\u00e1vel.<\/p><ul><li>Carrinho de desbridamento de 2 camadas com duas bacias de sujidade<\/li><li>A\u00e7o 201\/304 resistente \u00e0 corros\u00e3o<\/li><li>Tamanho: 65\u00d742\u00d784cm<\/li><li>Rodas de silenciamento para ambientes cl\u00ednicos<\/li><\/ul>\t\t\t\t\t\t\t\t<\/div>\n\t\t\t\t<\/div>\n\t\t\t\t<div class=\"elementor-element elementor-element-3a02177 elementor-widget elementor-widget-text-editor\" data-id=\"3a02177\" data-element_type=\"widget\" data-widget_type=\"text-editor.default\">\n\t\t\t\t<div class=\"elementor-widget-container\">\n\t\t\t\t\t\t\t\t\t<h2>Especifica\u00e7\u00f5es<\/h2><table width=\"160\"><tbody><tr><td width=\"80\">Material opcional<\/td><td width=\"80\">\u00a0A\u00e7o inoxid\u00e1vel 201\/304<\/td><\/tr><tr><td>Estrutura<\/td><td>\u00a0Soldadura integral, 2 camadas<\/td><\/tr><tr><td>Bacia de sujidade<\/td><td>\u00a02 pe\u00e7as<\/td><\/tr><tr><td>Material das rodas opcional<\/td><td>\u00a04 rodas de trav\u00e3o\/rodas de silenciamento<\/td><\/tr><tr><td>Tamanho opcional<\/td><td>\u00a065\u00d742\u00d784cm<\/td><\/tr><\/tbody><\/table>\t\t\t\t\t\t\t\t<\/div>\n\t\t\t\t<\/div>\n\t\t\t\t<div class=\"elementor-element elementor-element-2996df9 elementor-widget elementor-widget-text-editor\" data-id=\"2996df9\" data-element_type=\"widget\" data-widget_type=\"text-editor.default\">\n\t\t\t\t<div class=\"elementor-widget-container\">\n\t\t\t\t\t\t\t\t\t<p>Mais equipamentos m\u00e9dicos podem ser encontrados em <a href=\"https:\/\/novalion-med.com\/pt\/\" target=\"_blank\" rel=\"noopener\">o nosso s\u00edtio Web<\/a> ou <a href=\"https:\/\/api.whatsapp.com\/send\/?phone=%2B008618112908401&amp;text&amp;type=phone_number&amp;app_absent=0\" target=\"_blank\" rel=\"noopener\">o nosso whatsapp<\/a>.<\/p>\t\t\t\t\t\t\t\t<\/div>\n\t\t\t\t<\/div>\n\t\t\t\t<\/div>\n\t\t\t\t<\/div>","protected":false},"excerpt":{"rendered":"<p>O modelo NL230101-SSQC02 \u00e9 um carrinho de desbridamento em a\u00e7o inoxid\u00e1vel com material opcional: 201\/304. Possui uma estrutura de soldadura integral com 2 camadas e 2 bacias de sujidade. O material do rod\u00edzio \u00e9 opcional: 4 rodas de trav\u00e3o\/rodas de mudo, e o tamanho \u00e9 65\u00d742\u00d784cm.<\/p>","protected":false},"featured_media":4950,"template":"elementor_theme","meta":{"site-sidebar-layout":"default","site-content-layout":"","ast-site-content-layout":"default","site-content-style":"default","site-sidebar-style":"default","ast-global-header-display":"","ast-banner-title-visibility":"","ast-main-header-display":"","ast-hfb-above-header-display":"","ast-hfb-below-header-display":"","ast-hfb-mobile-header-display":"","site-post-title":"","ast-breadcrumbs-content":"","ast-featured-img":"","footer-sml-layout":"","theme-transparent-header-meta":"default","adv-header-id-meta":"","stick-header-meta":"default","header-above-stick-meta":"","header-main-stick-meta":"","header-below-stick-meta":"","astra-migrate-meta-layouts":"set","ast-page-background-enabled":"default","ast-page-background-meta":{"desktop":{"background-color":"var(--ast-global-color-4)","background-image":"","background-repeat":"repeat","background-position":"center center","background-size":"auto","background-attachment":"scroll","background-type":"","background-media":"","overlay-type":"","overlay-color":"","overlay-opacity":"","overlay-gradient":""},"tablet":{"background-color":"","background-image":"","background-repeat":"repeat","background-position":"center center","background-size":"auto","background-attachment":"scroll","background-type":"","background-media":"","overlay-type":"","overlay-color":"","overlay-opacity":"","overlay-gradient":""},"mobile":{"background-color":"","background-image":"","background-repeat":"repeat","background-position":"center center","background-size":"auto","background-attachment":"scroll","background-type":"","background-media":"","overlay-type":"","overlay-color":"","overlay-opacity":"","overlay-gradient":""}},"ast-content-background-meta":{"desktop":{"background-color":"var(--ast-global-color-5)","background-image":"","background-repeat":"repeat","background-position":"center center","background-size":"auto","background-attachment":"scroll","background-type":"","background-media":"","overlay-type":"","overlay-color":"","overlay-opacity":"","overlay-gradient":""},"tablet":{"background-color":"var(--ast-global-color-5)","background-image":"","background-repeat":"repeat","background-position":"center center","background-size":"auto","background-attachment":"scroll","background-type":"","background-media":"","overlay-type":"","overlay-color":"","overlay-opacity":"","overlay-gradient":""},"mobile":{"background-color":"var(--ast-global-color-5)","background-image":"","background-repeat":"repeat","background-position":"center center","background-size":"auto","background-attachment":"scroll","background-type":"","background-media":"","overlay-type":"","overlay-color":"","overlay-opacity":"","overlay-gradient":""}}},"product_brand":[],"product_cat":[89],"product_tag":[],"class_list":{"0":"post-4967","1":"product","2":"type-product","3":"status-publish","4":"has-post-thumbnail","6":"product_cat-debridement-trolleys","7":"desktop-align-center","8":"tablet-align-left","9":"mobile-align-left","10":"ast-product-gallery-layout-horizontal-slider","11":"ast-product-gallery-with-no-image","12":"ast-magnify-disabled","13":"ast-product-tabs-layout-accordion","14":"ast-qv-on-image","16":"first","17":"instock","18":"shipping-taxable","19":"purchasable","20":"product-type-simple"},"aioseo_notices":[],"aioseo_head":"\n\t\t<!-- All in One SEO Pro 4.6.0 - aioseo.com -->\n\t\t<meta name=\"description\" content=\"Integral welded 2-layer stainless steel debridement trolley, 2 dirt basins, 65\u00d742\u00d784cm, 4 brake\/mute wheels options for caster material.\" \/>\n\t\t<meta name=\"robots\" content=\"max-image-preview:large\" \/>\n\t\t<meta name=\"google-site-verification\" content=\"XE0Krczs_zYC4qBAqnvyRaNEYa9NQEP4HzU7PPpzxoI\" \/>\n\t\t<link rel=\"canonical\" href=\"https:\/\/novalion-med.com\/pt\/produto\/carrinho-de-desbridamento-de-2-camadas-em-aco-inoxidavel-soldado-integral-2-bacias-de-sujidade-2\/\" \/>\n\t\t<meta name=\"generator\" content=\"All in One SEO Pro (AIOSEO) 4.6.0\" \/>\n\t\t<meta property=\"og:locale\" content=\"pt_PT\" \/>\n\t\t<meta property=\"og:site_name\" content=\"Novalion Medical \u2013 Wheelchair, Hospital bed, Walker,Commode chair,Crutch...\" \/>\n\t\t<meta property=\"og:type\" content=\"article\" \/>\n\t\t<meta property=\"og:title\" content=\"welded 2-layer stainless steel debridement trolley 2 bins\" \/>\n\t\t<meta property=\"og:description\" content=\"Integral welded 2-layer stainless steel debridement trolley, 2 dirt basins, 65\u00d742\u00d784cm, 4 brake\/mute wheels options for caster material.\" \/>\n\t\t<meta property=\"og:url\" content=\"https:\/\/novalion-med.com\/pt\/produto\/carrinho-de-desbridamento-de-2-camadas-em-aco-inoxidavel-soldado-integral-2-bacias-de-sujidade-2\/\" \/>\n\t\t<meta property=\"og:image\" content=\"https:\/\/novalion-med.com\/wp-content\/uploads\/2025\/04\/cropped-343496212_201698782614433_8037205422525878621_n-1.jpg\" \/>\n\t\t<meta property=\"og:image:secure_url\" content=\"https:\/\/novalion-med.com\/wp-content\/uploads\/2025\/04\/cropped-343496212_201698782614433_8037205422525878621_n-1.jpg\" \/>\n\t\t<meta property=\"og:image:width\" content=\"512\" \/>\n\t\t<meta property=\"og:image:height\" content=\"512\" \/>\n\t\t<meta property=\"article:published_time\" content=\"2025-06-11T06:48:35+00:00\" \/>\n\t\t<meta property=\"article:modified_time\" content=\"2025-06-11T06:52:06+00:00\" \/>\n\t\t<meta property=\"article:publisher\" content=\"https:\/\/www.facebook.com\/NovalionMedical\/\" \/>\n\t\t<meta name=\"twitter:card\" content=\"summary_large_image\" \/>\n\t\t<meta name=\"twitter:title\" content=\"welded 2-layer stainless steel debridement trolley 2 bins\" \/>\n\t\t<meta name=\"twitter:description\" content=\"Integral welded 2-layer stainless steel debridement trolley, 2 dirt basins, 65\u00d742\u00d784cm, 4 brake\/mute wheels options for caster material.\" \/>\n\t\t<meta name=\"twitter:image\" content=\"https:\/\/novalion-med.com\/wp-content\/uploads\/2025\/04\/cropped-343496212_201698782614433_8037205422525878621_n-1.jpg\" \/>\n\t\t<script type=\"application\/ld+json\" class=\"aioseo-schema\">\n\t\t\t{\"@context\":\"https:\\\/\\\/schema.org\",\"@graph\":[{\"@type\":\"BreadcrumbList\",\"@id\":\"https:\\\/\\\/novalion-med.com\\\/pt\\\/produto\\\/carrinho-de-desbridamento-de-2-camadas-em-aco-inoxidavel-soldado-integral-2-bacias-de-sujidade-2\\\/#breadcrumblist\",\"itemListElement\":[{\"@type\":\"ListItem\",\"@id\":\"https:\\\/\\\/novalion-med.com\\\/pt\\\/#listItem\",\"position\":1,\"name\":\"Home\",\"item\":\"https:\\\/\\\/novalion-med.com\\\/pt\\\/\",\"nextItem\":\"https:\\\/\\\/novalion-med.com\\\/pt\\\/produto\\\/carrinho-de-desbridamento-de-2-camadas-em-aco-inoxidavel-soldado-integral-2-bacias-de-sujidade-2\\\/#listItem\"},{\"@type\":\"ListItem\",\"@id\":\"https:\\\/\\\/novalion-med.com\\\/pt\\\/produto\\\/carrinho-de-desbridamento-de-2-camadas-em-aco-inoxidavel-soldado-integral-2-bacias-de-sujidade-2\\\/#listItem\",\"position\":2,\"name\":\"Integral Welded Stainless Steel 2-Layer Debridement Trolley, 2 Dirt Basins\",\"previousItem\":\"https:\\\/\\\/novalion-med.com\\\/pt\\\/#listItem\"}]},{\"@type\":\"Organization\",\"@id\":\"https:\\\/\\\/novalion-med.com\\\/pt\\\/#organization\",\"name\":\"novalion-med.com\",\"url\":\"https:\\\/\\\/novalion-med.com\\\/pt\\\/\",\"logo\":{\"@type\":\"ImageObject\",\"url\":\"https:\\\/\\\/novalion-med.com\\\/wp-content\\\/uploads\\\/2025\\\/04\\\/cropped-343496212_201698782614433_8037205422525878621_n-1.jpg\",\"@id\":\"https:\\\/\\\/novalion-med.com\\\/pt\\\/produto\\\/carrinho-de-desbridamento-de-2-camadas-em-aco-inoxidavel-soldado-integral-2-bacias-de-sujidade-2\\\/#organizationLogo\",\"width\":512,\"height\":512},\"image\":{\"@id\":\"https:\\\/\\\/novalion-med.com\\\/pt\\\/produto\\\/carrinho-de-desbridamento-de-2-camadas-em-aco-inoxidavel-soldado-integral-2-bacias-de-sujidade-2\\\/#organizationLogo\"},\"sameAs\":[\"https:\\\/\\\/www.facebook.com\\\/NovalionMedical\\\/\",\"https:\\\/\\\/www.youtube.com\\\/@NwlMedicalInstrument\"],\"contactPoint\":{\"@type\":\"ContactPoint\",\"telephone\":\"+8618326188070\",\"contactType\":\"Sales\"}},{\"@type\":\"Product\",\"@id\":\"https:\\\/\\\/novalion-med.com\\\/pt\\\/produto\\\/carrinho-de-desbridamento-de-2-camadas-em-aco-inoxidavel-soldado-integral-2-bacias-de-sujidade-2\\\/#wooCommerceProduct\",\"name\":\"Integral Welded Stainless Steel 2-Layer Debridement Trolley, 2 Dirt Basins\",\"description\":\"Model NL230101-SSQC02 is a stainless steel debridement trolley with material optional: 201\\\/304. It features integral welding structure with 2 layers and 2 dirt basins. The caster material is optional: 4 brake wheels\\\/mute wheels, and size is 65\\u00d742\\u00d784cm.\",\"url\":\"https:\\\/\\\/novalion-med.com\\\/pt\\\/produto\\\/carrinho-de-desbridamento-de-2-camadas-em-aco-inoxidavel-soldado-integral-2-bacias-de-sujidade-2\\\/\",\"sku\":\"NL230101-SSQC02\",\"image\":{\"@type\":\"ImageObject\",\"url\":\"https:\\\/\\\/novalion-med.com\\\/wp-content\\\/uploads\\\/2025\\\/06\\\/NL230101-SSQC02-Integral-Welded-Stainless-Steel-2-Layer-Debridement-Trolley-2-Dirt-Basins.webp\",\"@id\":\"https:\\\/\\\/novalion-med.com\\\/pt\\\/produto\\\/carrinho-de-desbridamento-de-2-camadas-em-aco-inoxidavel-soldado-integral-2-bacias-de-sujidade-2\\\/#productImage\",\"width\":800,\"height\":800,\"caption\":\"NL230101-SSQC02 Integral Welded Stainless Steel 2-Layer Debridement Trolley 2 Dirt Basins\"},\"offers\":{\"@type\":\"Offer\",\"url\":\"https:\\\/\\\/novalion-med.com\\\/pt\\\/produto\\\/carrinho-de-desbridamento-de-2-camadas-em-aco-inoxidavel-soldado-integral-2-bacias-de-sujidade-2\\\/#wooCommerceOffer\",\"priceCurrency\":\"PHP\",\"category\":\"Debridement Trolleys\",\"availability\":\"https:\\\/\\\/schema.org\\\/InStock\",\"seller\":{\"@type\":\"Organization\",\"@id\":\"https:\\\/\\\/novalion-med.com\\\/pt\\\/#organization\"},\"price\":111}},{\"@type\":\"WebPage\",\"@id\":\"https:\\\/\\\/novalion-med.com\\\/pt\\\/produto\\\/carrinho-de-desbridamento-de-2-camadas-em-aco-inoxidavel-soldado-integral-2-bacias-de-sujidade-2\\\/#webpage\",\"url\":\"https:\\\/\\\/novalion-med.com\\\/pt\\\/produto\\\/carrinho-de-desbridamento-de-2-camadas-em-aco-inoxidavel-soldado-integral-2-bacias-de-sujidade-2\\\/\",\"name\":\"welded 2-layer stainless steel debridement trolley 2 bins\",\"description\":\"Integral welded 2-layer stainless steel debridement trolley, 2 dirt basins, 65\\u00d742\\u00d784cm, 4 brake\\\/mute wheels options for caster material.\",\"inLanguage\":\"pt-PT\",\"isPartOf\":{\"@id\":\"https:\\\/\\\/novalion-med.com\\\/pt\\\/#website\"},\"breadcrumb\":{\"@id\":\"https:\\\/\\\/novalion-med.com\\\/pt\\\/produto\\\/carrinho-de-desbridamento-de-2-camadas-em-aco-inoxidavel-soldado-integral-2-bacias-de-sujidade-2\\\/#breadcrumblist\"},\"image\":{\"@type\":\"ImageObject\",\"url\":\"https:\\\/\\\/novalion-med.com\\\/wp-content\\\/uploads\\\/2025\\\/06\\\/NL230101-SSQC02-Integral-Welded-Stainless-Steel-2-Layer-Debridement-Trolley-2-Dirt-Basins.webp\",\"@id\":\"https:\\\/\\\/novalion-med.com\\\/pt\\\/produto\\\/carrinho-de-desbridamento-de-2-camadas-em-aco-inoxidavel-soldado-integral-2-bacias-de-sujidade-2\\\/#mainImage\",\"width\":800,\"height\":800,\"caption\":\"NL230101-SSQC02 Integral Welded Stainless Steel 2-Layer Debridement Trolley 2 Dirt Basins\"},\"primaryImageOfPage\":{\"@id\":\"https:\\\/\\\/novalion-med.com\\\/pt\\\/produto\\\/carrinho-de-desbridamento-de-2-camadas-em-aco-inoxidavel-soldado-integral-2-bacias-de-sujidade-2\\\/#mainImage\"},\"datePublished\":\"2025-06-11T06:48:35+00:00\",\"dateModified\":\"2025-06-11T06:52:06+00:00\"},{\"@type\":\"WebSite\",\"@id\":\"https:\\\/\\\/novalion-med.com\\\/pt\\\/#website\",\"url\":\"https:\\\/\\\/novalion-med.com\\\/pt\\\/\",\"name\":\"novalion-med.com\",\"description\":\"Wheelchair, Hospital bed, Walker,Commode chair,Crutch...\",\"inLanguage\":\"pt-PT\",\"publisher\":{\"@id\":\"https:\\\/\\\/novalion-med.com\\\/pt\\\/#organization\"}}]}\n\t\t<\/script>\n\t\t<!-- All in One SEO Pro -->\r\n\t\t<title>welded 2-layer stainless steel debridement trolley 2 bins<\/title>\n\n","aioseo_head_json":{"title":"welded 2-layer stainless steel debridement trolley 2 bins","description":"Integral welded 2-layer stainless steel debridement trolley, 2 dirt basins, 65\u00d742\u00d784cm, 4 brake\/mute wheels options for caster material.","canonical_url":"https:\/\/novalion-med.com\/pt\/produto\/carrinho-de-desbridamento-de-2-camadas-em-aco-inoxidavel-soldado-integral-2-bacias-de-sujidade-2\/","robots":"max-image-preview:large","keywords":"","webmasterTools":{"google-site-verification":"XE0Krczs_zYC4qBAqnvyRaNEYa9NQEP4HzU7PPpzxoI","miscellaneous":""},"og:locale":"pt_PT","og:site_name":"Novalion Medical \u2013 Wheelchair, Hospital bed, Walker,Commode chair,Crutch...","og:type":"article","og:title":"welded 2-layer stainless steel debridement trolley 2 bins","og:description":"Integral welded 2-layer stainless steel debridement trolley, 2 dirt basins, 65\u00d742\u00d784cm, 4 brake\/mute wheels options for caster material.","og:url":"https:\/\/novalion-med.com\/pt\/produto\/carrinho-de-desbridamento-de-2-camadas-em-aco-inoxidavel-soldado-integral-2-bacias-de-sujidade-2\/","og:image":"https:\/\/novalion-med.com\/wp-content\/uploads\/2025\/04\/cropped-343496212_201698782614433_8037205422525878621_n-1.jpg","og:image:secure_url":"https:\/\/novalion-med.com\/wp-content\/uploads\/2025\/04\/cropped-343496212_201698782614433_8037205422525878621_n-1.jpg","og:image:width":512,"og:image:height":512,"article:published_time":"2025-06-11T06:48:35+00:00","article:modified_time":"2025-06-11T06:52:06+00:00","article:publisher":"https:\/\/www.facebook.com\/NovalionMedical\/","twitter:card":"summary_large_image","twitter:title":"welded 2-layer stainless steel debridement trolley 2 bins","twitter:description":"Integral welded 2-layer stainless steel debridement trolley, 2 dirt basins, 65\u00d742\u00d784cm, 4 brake\/mute wheels options for caster material.","twitter:image":"https:\/\/novalion-med.com\/wp-content\/uploads\/2025\/04\/cropped-343496212_201698782614433_8037205422525878621_n-1.jpg","schema":{"@context":"https:\/\/schema.org","@graph":[{"@type":"BreadcrumbList","@id":"https:\/\/novalion-med.com\/pt\/produto\/carrinho-de-desbridamento-de-2-camadas-em-aco-inoxidavel-soldado-integral-2-bacias-de-sujidade-2\/#breadcrumblist","itemListElement":[{"@type":"ListItem","@id":"https:\/\/novalion-med.com\/pt\/#listItem","position":1,"name":"Home","item":"https:\/\/novalion-med.com\/pt\/","nextItem":"https:\/\/novalion-med.com\/pt\/produto\/carrinho-de-desbridamento-de-2-camadas-em-aco-inoxidavel-soldado-integral-2-bacias-de-sujidade-2\/#listItem"},{"@type":"ListItem","@id":"https:\/\/novalion-med.com\/pt\/produto\/carrinho-de-desbridamento-de-2-camadas-em-aco-inoxidavel-soldado-integral-2-bacias-de-sujidade-2\/#listItem","position":2,"name":"Integral Welded Stainless Steel 2-Layer Debridement Trolley, 2 Dirt Basins","previousItem":"https:\/\/novalion-med.com\/pt\/#listItem"}]},{"@type":"Organization","@id":"https:\/\/novalion-med.com\/pt\/#organization","name":"novalion-med.com","url":"https:\/\/novalion-med.com\/pt\/","logo":{"@type":"ImageObject","url":"https:\/\/novalion-med.com\/wp-content\/uploads\/2025\/04\/cropped-343496212_201698782614433_8037205422525878621_n-1.jpg","@id":"https:\/\/novalion-med.com\/pt\/produto\/carrinho-de-desbridamento-de-2-camadas-em-aco-inoxidavel-soldado-integral-2-bacias-de-sujidade-2\/#organizationLogo","width":512,"height":512},"image":{"@id":"https:\/\/novalion-med.com\/pt\/produto\/carrinho-de-desbridamento-de-2-camadas-em-aco-inoxidavel-soldado-integral-2-bacias-de-sujidade-2\/#organizationLogo"},"sameAs":["https:\/\/www.facebook.com\/NovalionMedical\/","https:\/\/www.youtube.com\/@NwlMedicalInstrument"],"contactPoint":{"@type":"ContactPoint","telephone":"+8618326188070","contactType":"Sales"}},{"@type":"Product","@id":"https:\/\/novalion-med.com\/pt\/produto\/carrinho-de-desbridamento-de-2-camadas-em-aco-inoxidavel-soldado-integral-2-bacias-de-sujidade-2\/#wooCommerceProduct","name":"Integral Welded Stainless Steel 2-Layer Debridement Trolley, 2 Dirt Basins","description":"Model NL230101-SSQC02 is a stainless steel debridement trolley with material optional: 201\/304. It features integral welding structure with 2 layers and 2 dirt basins. The caster material is optional: 4 brake wheels\/mute wheels, and size is 65\u00d742\u00d784cm.","url":"https:\/\/novalion-med.com\/pt\/produto\/carrinho-de-desbridamento-de-2-camadas-em-aco-inoxidavel-soldado-integral-2-bacias-de-sujidade-2\/","sku":"NL230101-SSQC02","image":{"@type":"ImageObject","url":"https:\/\/novalion-med.com\/wp-content\/uploads\/2025\/06\/NL230101-SSQC02-Integral-Welded-Stainless-Steel-2-Layer-Debridement-Trolley-2-Dirt-Basins.webp","@id":"https:\/\/novalion-med.com\/pt\/produto\/carrinho-de-desbridamento-de-2-camadas-em-aco-inoxidavel-soldado-integral-2-bacias-de-sujidade-2\/#productImage","width":800,"height":800,"caption":"NL230101-SSQC02 Integral Welded Stainless Steel 2-Layer Debridement Trolley 2 Dirt Basins"},"offers":{"@type":"Offer","url":"https:\/\/novalion-med.com\/pt\/produto\/carrinho-de-desbridamento-de-2-camadas-em-aco-inoxidavel-soldado-integral-2-bacias-de-sujidade-2\/#wooCommerceOffer","priceCurrency":"PHP","category":"Debridement Trolleys","availability":"https:\/\/schema.org\/InStock","seller":{"@type":"Organization","@id":"https:\/\/novalion-med.com\/pt\/#organization"},"price":111}},{"@type":"WebPage","@id":"https:\/\/novalion-med.com\/pt\/produto\/carrinho-de-desbridamento-de-2-camadas-em-aco-inoxidavel-soldado-integral-2-bacias-de-sujidade-2\/#webpage","url":"https:\/\/novalion-med.com\/pt\/produto\/carrinho-de-desbridamento-de-2-camadas-em-aco-inoxidavel-soldado-integral-2-bacias-de-sujidade-2\/","name":"welded 2-layer stainless steel debridement trolley 2 bins","description":"Integral welded 2-layer stainless steel debridement trolley, 2 dirt basins, 65\u00d742\u00d784cm, 4 brake\/mute wheels options for caster material.","inLanguage":"pt-PT","isPartOf":{"@id":"https:\/\/novalion-med.com\/pt\/#website"},"breadcrumb":{"@id":"https:\/\/novalion-med.com\/pt\/produto\/carrinho-de-desbridamento-de-2-camadas-em-aco-inoxidavel-soldado-integral-2-bacias-de-sujidade-2\/#breadcrumblist"},"image":{"@type":"ImageObject","url":"https:\/\/novalion-med.com\/wp-content\/uploads\/2025\/06\/NL230101-SSQC02-Integral-Welded-Stainless-Steel-2-Layer-Debridement-Trolley-2-Dirt-Basins.webp","@id":"https:\/\/novalion-med.com\/pt\/produto\/carrinho-de-desbridamento-de-2-camadas-em-aco-inoxidavel-soldado-integral-2-bacias-de-sujidade-2\/#mainImage","width":800,"height":800,"caption":"NL230101-SSQC02 Integral Welded Stainless Steel 2-Layer Debridement Trolley 2 Dirt Basins"},"primaryImageOfPage":{"@id":"https:\/\/novalion-med.com\/pt\/produto\/carrinho-de-desbridamento-de-2-camadas-em-aco-inoxidavel-soldado-integral-2-bacias-de-sujidade-2\/#mainImage"},"datePublished":"2025-06-11T06:48:35+00:00","dateModified":"2025-06-11T06:52:06+00:00"},{"@type":"WebSite","@id":"https:\/\/novalion-med.com\/pt\/#website","url":"https:\/\/novalion-med.com\/pt\/","name":"novalion-med.com","description":"Wheelchair, Hospital bed, Walker,Commode chair,Crutch...","inLanguage":"pt-PT","publisher":{"@id":"https:\/\/novalion-med.com\/pt\/#organization"}}]}},"aioseo_meta_data":{"post_id":"4967","title":"welded 2-layer stainless steel debridement trolley 2 bins","description":"Integral welded 2-layer stainless steel debridement trolley, 2 dirt basins, 65\u00d742\u00d784cm, 4 brake\/mute wheels options for caster material.","keywords":"[]","keyphrases":"{\"focus\":{\"keyphrase\":\"\",\"score\":0,\"analysis\":{\"keyphraseInTitle\":{\"score\":0,\"maxScore\":9,\"error\":1}}},\"additional\":[]}","primary_term":null,"canonical_url":null,"og_title":null,"og_description":null,"og_object_type":"default","og_image_type":"default","og_image_url":null,"og_image_width":null,"og_image_height":null,"og_image_custom_url":null,"og_image_custom_fields":null,"og_video":"","og_custom_url":null,"og_article_section":null,"og_article_tags":"[]","twitter_use_og":false,"twitter_card":"default","twitter_image_type":"default","twitter_image_url":null,"twitter_image_custom_url":null,"twitter_image_custom_fields":null,"twitter_title":null,"twitter_description":null,"schema":{"blockGraphs":[],"customGraphs":[],"default":{"data":{"Article":[],"Course":[],"Dataset":[],"FAQPage":[],"Movie":[],"Person":[],"Product":[],"Recipe":[],"Service":[],"SoftwareApplication":[],"WebPage":[]},"graphName":"Product","isEnabled":true},"graphs":[]},"schema_type":"default","schema_type_options":null,"pillar_content":false,"robots_default":true,"robots_noindex":false,"robots_noarchive":false,"robots_nosnippet":false,"robots_nofollow":false,"robots_noimageindex":false,"robots_noodp":false,"robots_notranslate":false,"robots_max_snippet":"-1","robots_max_videopreview":"-1","robots_max_imagepreview":"large","priority":null,"frequency":"default","local_seo":null,"limit_modified_date":false,"created":"2025-06-11 06:48:35","updated":"2025-06-11 07:00:37"},"_links":{"self":[{"href":"https:\/\/novalion-med.com\/pt\/wp-json\/wp\/v2\/product\/4967","targetHints":{"allow":["GET"]}}],"collection":[{"href":"https:\/\/novalion-med.com\/pt\/wp-json\/wp\/v2\/product"}],"about":[{"href":"https:\/\/novalion-med.com\/pt\/wp-json\/wp\/v2\/types\/product"}],"version-history":[{"count":4,"href":"https:\/\/novalion-med.com\/pt\/wp-json\/wp\/v2\/product\/4967\/revisions"}],"predecessor-version":[{"id":4971,"href":"https:\/\/novalion-med.com\/pt\/wp-json\/wp\/v2\/product\/4967\/revisions\/4971"}],"wp:featuredmedia":[{"embeddable":true,"href":"https:\/\/novalion-med.com\/pt\/wp-json\/wp\/v2\/media\/4950"}],"wp:attachment":[{"href":"https:\/\/novalion-med.com\/pt\/wp-json\/wp\/v2\/media?parent=4967"}],"wp:term":[{"taxonomy":"product_brand","embeddable":true,"href":"https:\/\/novalion-med.com\/pt\/wp-json\/wp\/v2\/product_brand?post=4967"},{"taxonomy":"product_cat","embeddable":true,"href":"https:\/\/novalion-med.com\/pt\/wp-json\/wp\/v2\/product_cat?post=4967"},{"taxonomy":"product_tag","embeddable":true,"href":"https:\/\/novalion-med.com\/pt\/wp-json\/wp\/v2\/product_tag?post=4967"}],"curies":[{"name":"wp","href":"https:\/\/api.w.org\/{rel}","templated":true}]}}