{"id":6318,"date":"2025-06-26T03:49:15","date_gmt":"2025-06-26T03:49:15","guid":{"rendered":"https:\/\/novalion-med.com\/?post_type=product&#038;p=6318"},"modified":"2025-06-26T03:52:00","modified_gmt":"2025-06-26T03:52:00","slug":"cadre-de-marche-en-acier-inoxydable-avec-roues-de-soutien-des-avant-bras","status":"publish","type":"product","link":"https:\/\/novalion-med.com\/fr\/produit\/cadre-de-marche-en-acier-inoxydable-avec-roues-de-soutien-des-avant-bras\/","title":{"rendered":"Cadre de marche en acier inoxydable avec support pour les avant-bras et roues"},"content":{"rendered":"<div data-elementor-type=\"product-post\" data-elementor-id=\"6318\" class=\"elementor elementor-6318\" data-elementor-post-type=\"product\">\n\t\t\t\t<div class=\"elementor-element elementor-element-1c93f1cb e-con-full e-flex e-con e-parent\" data-id=\"1c93f1cb\" data-element_type=\"container\">\n\t\t\t\t<div class=\"elementor-element elementor-element-2240ff1 elementor-widget elementor-widget-heading\" data-id=\"2240ff1\" data-element_type=\"widget\" data-widget_type=\"heading.default\">\n\t\t\t\t<div class=\"elementor-widget-container\">\n\t\t\t\t\t<h2 class=\"elementor-heading-title elementor-size-default\">Cadre de marche en acier inoxydable avec support pour les avant-bras et roues<\/h2>\t\t\t\t<\/div>\n\t\t\t\t<\/div>\n\t\t\t\t<div class=\"elementor-element elementor-element-45d8c46 elementor-widget elementor-widget-text-editor\" data-id=\"45d8c46\" data-element_type=\"widget\" data-widget_type=\"text-editor.default\">\n\t\t\t\t<div class=\"elementor-widget-container\">\n\t\t\t\t\t\t\t\t\t<p>Choisissez ce cadre de marche en acier inoxydable de premi\u00e8re qualit\u00e9 avec support pour les avant-bras, roues universelles, si\u00e8ge en cuir et conception r\u00e9glable pour la r\u00e9\u00e9ducation.<\/p>\t\t\t\t\t\t\t\t<\/div>\n\t\t\t\t<\/div>\n\t\t\t\t<div class=\"elementor-element elementor-element-7152afc elementor-widget elementor-widget-text-editor\" data-id=\"7152afc\" data-element_type=\"widget\" data-widget_type=\"text-editor.default\">\n\t\t\t\t<div class=\"elementor-widget-container\">\n\t\t\t\t\t\t\t\t\t<h2>Caract\u00e9ristiques principales<\/h2><p>R\u00e9\u00e9ducation avec confort et soutien gr\u00e2ce \u00e0 notre cadre de marche en acier inoxydable - soutien pour les avant-bras, si\u00e8ge en cuir et roues universelles pour une mobilit\u00e9 optimale.<\/p><ul><li>Cadre de marche en acier inoxydable avec support pour les avant-bras<\/li><li>Quatre roues universelles et si\u00e8ge en cuir souple pour plus de confort<\/li><li>Hauteur r\u00e9glable (100-125 cm) pour les besoins de la r\u00e9\u00e9ducation<\/li><li>Capacit\u00e9 de 100 kg avec un design ergonomique<\/li><li>Convient pour la r\u00e9cup\u00e9ration postop\u00e9ratoire et le soutien \u00e0 la mobilit\u00e9<\/li><\/ul>\t\t\t\t\t\t\t\t<\/div>\n\t\t\t\t<\/div>\n\t\t\t\t<div class=\"elementor-element elementor-element-3a02177 elementor-widget elementor-widget-text-editor\" data-id=\"3a02177\" data-element_type=\"widget\" data-widget_type=\"text-editor.default\">\n\t\t\t\t<div class=\"elementor-widget-container\">\n\t\t\t\t\t\t\t\t\t<h2>Sp\u00e9cifications<\/h2><table width=\"867\"><tbody><tr><td width=\"263\">Nom du produit<\/td><td width=\"604\">Cadre de marche en acier inoxydable avec support pour les avant-bras et roues<\/td><\/tr><tr><td>Application<\/td><td>H\u00f4pital, domicile, clinique<\/td><\/tr><tr><td>Mat\u00e9riau<\/td><td>Acier inoxydable<\/td><\/tr><tr><td>Capacit\u00e9 de poids<\/td><td>100 kg<\/td><\/tr><tr><td>Structure<\/td><td>\u00a04 roues<\/td><\/tr><tr><td>Longueur<\/td><td>Environ 63 cm<\/td><\/tr><tr><td>Largeur totale<\/td><td>Environ 73 cm<\/td><\/tr><tr><td>Hauteur du si\u00e8ge<\/td><td>Environ 50 cm<\/td><\/tr><tr><td>Hauteur totale<\/td><td>Environ 100-125 cm<\/td><\/tr><tr><td>Taille de l'emballage<\/td><td>78*62*23cm, 1pcs\/ctn<\/td><\/tr><tr><td>G.W.<\/td><td>17kg<\/td><\/tr><\/tbody><\/table>\t\t\t\t\t\t\t\t<\/div>\n\t\t\t\t<\/div>\n\t\t\t\t<div class=\"elementor-element elementor-element-2996df9 elementor-widget elementor-widget-text-editor\" data-id=\"2996df9\" data-element_type=\"widget\" data-widget_type=\"text-editor.default\">\n\t\t\t\t<div class=\"elementor-widget-container\">\n\t\t\t\t\t\t\t\t\t<p>D'autres \u00e9quipements m\u00e9dicaux peuvent \u00eatre trouv\u00e9s dans <a href=\"https:\/\/novalion-med.com\/fr\/\" target=\"_blank\" rel=\"noopener\">notre site web<\/a> ou <a href=\"https:\/\/api.whatsapp.com\/send\/?phone=%2B008618112908401&amp;text&amp;type=phone_number&amp;app_absent=0\" target=\"_blank\" rel=\"noopener\">notre whatsapp<\/a>.<\/p>\t\t\t\t\t\t\t\t<\/div>\n\t\t\t\t<\/div>\n\t\t\t\t<\/div>\n\t\t\t\t<\/div>","protected":false},"excerpt":{"rendered":"<p>Le cadre de marche NL190302A-22 est un appareil en acier inoxydable de premi\u00e8re qualit\u00e9, dot\u00e9 de quatre roues universelles, d'un si\u00e8ge en cuir souple et d'un support r\u00e9glable pour les avant-bras. Con\u00e7u pour la r\u00e9\u00e9ducation, il offre une capacit\u00e9 de poids de 100 kg, une longueur de 63 cm, une largeur de 73 cm et une hauteur r\u00e9glable de 100 \u00e0 125 cm. Le support d'avant-bras assure un confort ergonomique, ce qui le rend id\u00e9al pour une utilisation \u00e0 l'h\u00f4pital, \u00e0 domicile ou en clinique. Mots-cl\u00e9s : cadre de marche en acier inoxydable, support d'avant-bras, roues universelles, si\u00e8ge en cuir, aide \u00e0 la r\u00e9\u00e9ducation.<\/p>","protected":false},"featured_media":6304,"template":"elementor_theme","meta":{"site-sidebar-layout":"default","site-content-layout":"","ast-site-content-layout":"default","site-content-style":"default","site-sidebar-style":"default","ast-global-header-display":"","ast-banner-title-visibility":"","ast-main-header-display":"","ast-hfb-above-header-display":"","ast-hfb-below-header-display":"","ast-hfb-mobile-header-display":"","site-post-title":"","ast-breadcrumbs-content":"","ast-featured-img":"","footer-sml-layout":"","theme-transparent-header-meta":"default","adv-header-id-meta":"","stick-header-meta":"default","header-above-stick-meta":"","header-main-stick-meta":"","header-below-stick-meta":"","astra-migrate-meta-layouts":"set","ast-page-background-enabled":"default","ast-page-background-meta":{"desktop":{"background-color":"var(--ast-global-color-4)","background-image":"","background-repeat":"repeat","background-position":"center center","background-size":"auto","background-attachment":"scroll","background-type":"","background-media":"","overlay-type":"","overlay-color":"","overlay-opacity":"","overlay-gradient":""},"tablet":{"background-color":"","background-image":"","background-repeat":"repeat","background-position":"center center","background-size":"auto","background-attachment":"scroll","background-type":"","background-media":"","overlay-type":"","overlay-color":"","overlay-opacity":"","overlay-gradient":""},"mobile":{"background-color":"","background-image":"","background-repeat":"repeat","background-position":"center center","background-size":"auto","background-attachment":"scroll","background-type":"","background-media":"","overlay-type":"","overlay-color":"","overlay-opacity":"","overlay-gradient":""}},"ast-content-background-meta":{"desktop":{"background-color":"var(--ast-global-color-5)","background-image":"","background-repeat":"repeat","background-position":"center center","background-size":"auto","background-attachment":"scroll","background-type":"","background-media":"","overlay-type":"","overlay-color":"","overlay-opacity":"","overlay-gradient":""},"tablet":{"background-color":"var(--ast-global-color-5)","background-image":"","background-repeat":"repeat","background-position":"center center","background-size":"auto","background-attachment":"scroll","background-type":"","background-media":"","overlay-type":"","overlay-color":"","overlay-opacity":"","overlay-gradient":""},"mobile":{"background-color":"var(--ast-global-color-5)","background-image":"","background-repeat":"repeat","background-position":"center center","background-size":"auto","background-attachment":"scroll","background-type":"","background-media":"","overlay-type":"","overlay-color":"","overlay-opacity":"","overlay-gradient":""}}},"product_brand":[],"product_cat":[93],"product_tag":[],"class_list":{"0":"post-6318","1":"product","2":"type-product","3":"status-publish","4":"has-post-thumbnail","6":"product_cat-walkers","7":"desktop-align-center","8":"tablet-align-left","9":"mobile-align-left","10":"ast-product-gallery-layout-horizontal-slider","11":"ast-product-gallery-with-no-image","12":"ast-magnify-disabled","13":"ast-product-tabs-layout-accordion","14":"ast-qv-on-image","16":"first","17":"instock","18":"shipping-taxable","19":"purchasable","20":"product-type-simple"},"aioseo_notices":[],"aioseo_head":"\n\t\t<!-- All in One SEO Pro 4.6.0 - aioseo.com -->\n\t\t<meta name=\"description\" content=\"Stainless steel walking frame with forearm support, universal wheels, leather seat, and adjustability for rehabilitation and mobility needs.\" \/>\n\t\t<meta name=\"robots\" content=\"max-image-preview:large\" \/>\n\t\t<meta name=\"google-site-verification\" content=\"XE0Krczs_zYC4qBAqnvyRaNEYa9NQEP4HzU7PPpzxoI\" \/>\n\t\t<link rel=\"canonical\" href=\"https:\/\/novalion-med.com\/fr\/produit\/cadre-de-marche-en-acier-inoxydable-avec-roues-de-soutien-des-avant-bras\/\" \/>\n\t\t<meta name=\"generator\" content=\"All in One SEO Pro (AIOSEO) 4.6.0\" \/>\n\t\t<meta property=\"og:locale\" content=\"fr_FR\" \/>\n\t\t<meta property=\"og:site_name\" content=\"Novalion Medical \u2013 Wheelchair, Hospital bed, Walker,Commode chair,Crutch...\" \/>\n\t\t<meta property=\"og:type\" content=\"article\" \/>\n\t\t<meta property=\"og:title\" content=\"Stainless Steel Walking Frame with Forearm Support &amp; Wheels\" \/>\n\t\t<meta property=\"og:description\" content=\"Stainless steel walking frame with forearm support, universal wheels, leather seat, and adjustability for rehabilitation and mobility needs.\" \/>\n\t\t<meta property=\"og:url\" content=\"https:\/\/novalion-med.com\/fr\/produit\/cadre-de-marche-en-acier-inoxydable-avec-roues-de-soutien-des-avant-bras\/\" \/>\n\t\t<meta property=\"og:image\" content=\"https:\/\/novalion-med.com\/wp-content\/uploads\/2025\/04\/cropped-343496212_201698782614433_8037205422525878621_n-1.jpg\" \/>\n\t\t<meta property=\"og:image:secure_url\" content=\"https:\/\/novalion-med.com\/wp-content\/uploads\/2025\/04\/cropped-343496212_201698782614433_8037205422525878621_n-1.jpg\" \/>\n\t\t<meta property=\"og:image:width\" content=\"512\" \/>\n\t\t<meta property=\"og:image:height\" content=\"512\" \/>\n\t\t<meta property=\"article:published_time\" content=\"2025-06-26T03:49:15+00:00\" \/>\n\t\t<meta property=\"article:modified_time\" content=\"2025-06-26T03:52:00+00:00\" \/>\n\t\t<meta property=\"article:publisher\" content=\"https:\/\/www.facebook.com\/NovalionMedical\/\" \/>\n\t\t<meta name=\"twitter:card\" content=\"summary_large_image\" \/>\n\t\t<meta name=\"twitter:title\" content=\"Stainless Steel Walking Frame with Forearm Support &amp; Wheels\" \/>\n\t\t<meta name=\"twitter:description\" content=\"Stainless steel walking frame with forearm support, universal wheels, leather seat, and adjustability for rehabilitation and mobility needs.\" \/>\n\t\t<meta name=\"twitter:image\" content=\"https:\/\/novalion-med.com\/wp-content\/uploads\/2025\/04\/cropped-343496212_201698782614433_8037205422525878621_n-1.jpg\" \/>\n\t\t<script type=\"application\/ld+json\" class=\"aioseo-schema\">\n\t\t\t{\"@context\":\"https:\\\/\\\/schema.org\",\"@graph\":[{\"@type\":\"BreadcrumbList\",\"@id\":\"https:\\\/\\\/novalion-med.com\\\/fr\\\/produit\\\/cadre-de-marche-en-acier-inoxydable-avec-roues-de-soutien-des-avant-bras\\\/#breadcrumblist\",\"itemListElement\":[{\"@type\":\"ListItem\",\"@id\":\"https:\\\/\\\/novalion-med.com\\\/fr\\\/#listItem\",\"position\":1,\"name\":\"Home\",\"item\":\"https:\\\/\\\/novalion-med.com\\\/fr\\\/\",\"nextItem\":\"https:\\\/\\\/novalion-med.com\\\/fr\\\/produit\\\/cadre-de-marche-en-acier-inoxydable-avec-roues-de-soutien-des-avant-bras\\\/#listItem\"},{\"@type\":\"ListItem\",\"@id\":\"https:\\\/\\\/novalion-med.com\\\/fr\\\/produit\\\/cadre-de-marche-en-acier-inoxydable-avec-roues-de-soutien-des-avant-bras\\\/#listItem\",\"position\":2,\"name\":\"Stainless Steel Walking Frame with Forearm Support & Wheels\",\"previousItem\":\"https:\\\/\\\/novalion-med.com\\\/fr\\\/#listItem\"}]},{\"@type\":\"Organization\",\"@id\":\"https:\\\/\\\/novalion-med.com\\\/fr\\\/#organization\",\"name\":\"novalion-med.com\",\"url\":\"https:\\\/\\\/novalion-med.com\\\/fr\\\/\",\"logo\":{\"@type\":\"ImageObject\",\"url\":\"https:\\\/\\\/novalion-med.com\\\/wp-content\\\/uploads\\\/2025\\\/04\\\/cropped-343496212_201698782614433_8037205422525878621_n-1.jpg\",\"@id\":\"https:\\\/\\\/novalion-med.com\\\/fr\\\/produit\\\/cadre-de-marche-en-acier-inoxydable-avec-roues-de-soutien-des-avant-bras\\\/#organizationLogo\",\"width\":512,\"height\":512},\"image\":{\"@id\":\"https:\\\/\\\/novalion-med.com\\\/fr\\\/produit\\\/cadre-de-marche-en-acier-inoxydable-avec-roues-de-soutien-des-avant-bras\\\/#organizationLogo\"},\"sameAs\":[\"https:\\\/\\\/www.facebook.com\\\/NovalionMedical\\\/\",\"https:\\\/\\\/www.youtube.com\\\/@NwlMedicalInstrument\"],\"contactPoint\":{\"@type\":\"ContactPoint\",\"telephone\":\"+8618326188070\",\"contactType\":\"Sales\"}},{\"@type\":\"Product\",\"@id\":\"https:\\\/\\\/novalion-med.com\\\/fr\\\/produit\\\/cadre-de-marche-en-acier-inoxydable-avec-roues-de-soutien-des-avant-bras\\\/#wooCommerceProduct\",\"name\":\"Stainless Steel Walking Frame with Forearm Support & Wheels\",\"description\":\"The NL190302A-22 Walking Frame is a premium stainless steel aid with four universal wheels, leather soft seat board, and adjustable forearm support. Designed for rehabilitation, it offers a 100kg weight capacity, length ~63cm, width ~73cm, and height adjustable 100-125cm. The forearm support frame ensures ergonomic comfort, making it ideal for hospital, home, or clinic use. Keywords: stainless steel walking frame, forearm support, universal wheels, leather seat, rehabilitation aid.\",\"url\":\"https:\\\/\\\/novalion-med.com\\\/fr\\\/produit\\\/cadre-de-marche-en-acier-inoxydable-avec-roues-de-soutien-des-avant-bras\\\/\",\"sku\":\"NL190302A-22\",\"image\":{\"@type\":\"ImageObject\",\"url\":\"https:\\\/\\\/novalion-med.com\\\/wp-content\\\/uploads\\\/2025\\\/06\\\/NL190302A-22-Stainless-Steel-Walking-Frame-with-Forearm-Support-Wheels.jpg\",\"@id\":\"https:\\\/\\\/novalion-med.com\\\/fr\\\/produit\\\/cadre-de-marche-en-acier-inoxydable-avec-roues-de-soutien-des-avant-bras\\\/#productImage\",\"width\":540,\"height\":540,\"caption\":\"NL190302A-22 Stainless Steel Walking Frame with Forearm Support Wheels\"},\"offers\":{\"@type\":\"Offer\",\"url\":\"https:\\\/\\\/novalion-med.com\\\/fr\\\/produit\\\/cadre-de-marche-en-acier-inoxydable-avec-roues-de-soutien-des-avant-bras\\\/#wooCommerceOffer\",\"priceCurrency\":\"PHP\",\"category\":\"Walkers\",\"availability\":\"https:\\\/\\\/schema.org\\\/InStock\",\"seller\":{\"@type\":\"Organization\",\"@id\":\"https:\\\/\\\/novalion-med.com\\\/fr\\\/#organization\"},\"price\":111}},{\"@type\":\"WebPage\",\"@id\":\"https:\\\/\\\/novalion-med.com\\\/fr\\\/produit\\\/cadre-de-marche-en-acier-inoxydable-avec-roues-de-soutien-des-avant-bras\\\/#webpage\",\"url\":\"https:\\\/\\\/novalion-med.com\\\/fr\\\/produit\\\/cadre-de-marche-en-acier-inoxydable-avec-roues-de-soutien-des-avant-bras\\\/\",\"name\":\"Stainless Steel Walking Frame with Forearm Support & Wheels\",\"description\":\"Stainless steel walking frame with forearm support, universal wheels, leather seat, and adjustability for rehabilitation and mobility needs.\",\"inLanguage\":\"fr-FR\",\"isPartOf\":{\"@id\":\"https:\\\/\\\/novalion-med.com\\\/fr\\\/#website\"},\"breadcrumb\":{\"@id\":\"https:\\\/\\\/novalion-med.com\\\/fr\\\/produit\\\/cadre-de-marche-en-acier-inoxydable-avec-roues-de-soutien-des-avant-bras\\\/#breadcrumblist\"},\"image\":{\"@type\":\"ImageObject\",\"url\":\"https:\\\/\\\/novalion-med.com\\\/wp-content\\\/uploads\\\/2025\\\/06\\\/NL190302A-22-Stainless-Steel-Walking-Frame-with-Forearm-Support-Wheels.jpg\",\"@id\":\"https:\\\/\\\/novalion-med.com\\\/fr\\\/produit\\\/cadre-de-marche-en-acier-inoxydable-avec-roues-de-soutien-des-avant-bras\\\/#mainImage\",\"width\":540,\"height\":540,\"caption\":\"NL190302A-22 Stainless Steel Walking Frame with Forearm Support Wheels\"},\"primaryImageOfPage\":{\"@id\":\"https:\\\/\\\/novalion-med.com\\\/fr\\\/produit\\\/cadre-de-marche-en-acier-inoxydable-avec-roues-de-soutien-des-avant-bras\\\/#mainImage\"},\"datePublished\":\"2025-06-26T03:49:15+00:00\",\"dateModified\":\"2025-06-26T03:52:00+00:00\"},{\"@type\":\"WebSite\",\"@id\":\"https:\\\/\\\/novalion-med.com\\\/fr\\\/#website\",\"url\":\"https:\\\/\\\/novalion-med.com\\\/fr\\\/\",\"name\":\"novalion-med.com\",\"description\":\"Wheelchair, Hospital bed, Walker,Commode chair,Crutch...\",\"inLanguage\":\"fr-FR\",\"publisher\":{\"@id\":\"https:\\\/\\\/novalion-med.com\\\/fr\\\/#organization\"}}]}\n\t\t<\/script>\n\t\t<!-- All in One SEO Pro -->\r\n\t\t<title>Stainless Steel Walking Frame with Forearm Support &amp; Wheels<\/title>\n\n","aioseo_head_json":{"title":"Stainless Steel Walking Frame with Forearm Support & Wheels","description":"Stainless steel walking frame with forearm support, universal wheels, leather seat, and adjustability for rehabilitation and mobility needs.","canonical_url":"https:\/\/novalion-med.com\/fr\/produit\/cadre-de-marche-en-acier-inoxydable-avec-roues-de-soutien-des-avant-bras\/","robots":"max-image-preview:large","keywords":"","webmasterTools":{"google-site-verification":"XE0Krczs_zYC4qBAqnvyRaNEYa9NQEP4HzU7PPpzxoI","miscellaneous":""},"og:locale":"fr_FR","og:site_name":"Novalion Medical \u2013 Wheelchair, Hospital bed, Walker,Commode chair,Crutch...","og:type":"article","og:title":"Stainless Steel Walking Frame with Forearm Support &amp; Wheels","og:description":"Stainless steel walking frame with forearm support, universal wheels, leather seat, and adjustability for rehabilitation and mobility needs.","og:url":"https:\/\/novalion-med.com\/fr\/produit\/cadre-de-marche-en-acier-inoxydable-avec-roues-de-soutien-des-avant-bras\/","og:image":"https:\/\/novalion-med.com\/wp-content\/uploads\/2025\/04\/cropped-343496212_201698782614433_8037205422525878621_n-1.jpg","og:image:secure_url":"https:\/\/novalion-med.com\/wp-content\/uploads\/2025\/04\/cropped-343496212_201698782614433_8037205422525878621_n-1.jpg","og:image:width":512,"og:image:height":512,"article:published_time":"2025-06-26T03:49:15+00:00","article:modified_time":"2025-06-26T03:52:00+00:00","article:publisher":"https:\/\/www.facebook.com\/NovalionMedical\/","twitter:card":"summary_large_image","twitter:title":"Stainless Steel Walking Frame with Forearm Support &amp; Wheels","twitter:description":"Stainless steel walking frame with forearm support, universal wheels, leather seat, and adjustability for rehabilitation and mobility needs.","twitter:image":"https:\/\/novalion-med.com\/wp-content\/uploads\/2025\/04\/cropped-343496212_201698782614433_8037205422525878621_n-1.jpg","schema":{"@context":"https:\/\/schema.org","@graph":[{"@type":"BreadcrumbList","@id":"https:\/\/novalion-med.com\/fr\/produit\/cadre-de-marche-en-acier-inoxydable-avec-roues-de-soutien-des-avant-bras\/#breadcrumblist","itemListElement":[{"@type":"ListItem","@id":"https:\/\/novalion-med.com\/fr\/#listItem","position":1,"name":"Home","item":"https:\/\/novalion-med.com\/fr\/","nextItem":"https:\/\/novalion-med.com\/fr\/produit\/cadre-de-marche-en-acier-inoxydable-avec-roues-de-soutien-des-avant-bras\/#listItem"},{"@type":"ListItem","@id":"https:\/\/novalion-med.com\/fr\/produit\/cadre-de-marche-en-acier-inoxydable-avec-roues-de-soutien-des-avant-bras\/#listItem","position":2,"name":"Stainless Steel Walking Frame with Forearm Support & Wheels","previousItem":"https:\/\/novalion-med.com\/fr\/#listItem"}]},{"@type":"Organization","@id":"https:\/\/novalion-med.com\/fr\/#organization","name":"novalion-med.com","url":"https:\/\/novalion-med.com\/fr\/","logo":{"@type":"ImageObject","url":"https:\/\/novalion-med.com\/wp-content\/uploads\/2025\/04\/cropped-343496212_201698782614433_8037205422525878621_n-1.jpg","@id":"https:\/\/novalion-med.com\/fr\/produit\/cadre-de-marche-en-acier-inoxydable-avec-roues-de-soutien-des-avant-bras\/#organizationLogo","width":512,"height":512},"image":{"@id":"https:\/\/novalion-med.com\/fr\/produit\/cadre-de-marche-en-acier-inoxydable-avec-roues-de-soutien-des-avant-bras\/#organizationLogo"},"sameAs":["https:\/\/www.facebook.com\/NovalionMedical\/","https:\/\/www.youtube.com\/@NwlMedicalInstrument"],"contactPoint":{"@type":"ContactPoint","telephone":"+8618326188070","contactType":"Sales"}},{"@type":"Product","@id":"https:\/\/novalion-med.com\/fr\/produit\/cadre-de-marche-en-acier-inoxydable-avec-roues-de-soutien-des-avant-bras\/#wooCommerceProduct","name":"Stainless Steel Walking Frame with Forearm Support & Wheels","description":"The NL190302A-22 Walking Frame is a premium stainless steel aid with four universal wheels, leather soft seat board, and adjustable forearm support. Designed for rehabilitation, it offers a 100kg weight capacity, length ~63cm, width ~73cm, and height adjustable 100-125cm. The forearm support frame ensures ergonomic comfort, making it ideal for hospital, home, or clinic use. Keywords: stainless steel walking frame, forearm support, universal wheels, leather seat, rehabilitation aid.","url":"https:\/\/novalion-med.com\/fr\/produit\/cadre-de-marche-en-acier-inoxydable-avec-roues-de-soutien-des-avant-bras\/","sku":"NL190302A-22","image":{"@type":"ImageObject","url":"https:\/\/novalion-med.com\/wp-content\/uploads\/2025\/06\/NL190302A-22-Stainless-Steel-Walking-Frame-with-Forearm-Support-Wheels.jpg","@id":"https:\/\/novalion-med.com\/fr\/produit\/cadre-de-marche-en-acier-inoxydable-avec-roues-de-soutien-des-avant-bras\/#productImage","width":540,"height":540,"caption":"NL190302A-22 Stainless Steel Walking Frame with Forearm Support Wheels"},"offers":{"@type":"Offer","url":"https:\/\/novalion-med.com\/fr\/produit\/cadre-de-marche-en-acier-inoxydable-avec-roues-de-soutien-des-avant-bras\/#wooCommerceOffer","priceCurrency":"PHP","category":"Walkers","availability":"https:\/\/schema.org\/InStock","seller":{"@type":"Organization","@id":"https:\/\/novalion-med.com\/fr\/#organization"},"price":111}},{"@type":"WebPage","@id":"https:\/\/novalion-med.com\/fr\/produit\/cadre-de-marche-en-acier-inoxydable-avec-roues-de-soutien-des-avant-bras\/#webpage","url":"https:\/\/novalion-med.com\/fr\/produit\/cadre-de-marche-en-acier-inoxydable-avec-roues-de-soutien-des-avant-bras\/","name":"Stainless Steel Walking Frame with Forearm Support & Wheels","description":"Stainless steel walking frame with forearm support, universal wheels, leather seat, and adjustability for rehabilitation and mobility needs.","inLanguage":"fr-FR","isPartOf":{"@id":"https:\/\/novalion-med.com\/fr\/#website"},"breadcrumb":{"@id":"https:\/\/novalion-med.com\/fr\/produit\/cadre-de-marche-en-acier-inoxydable-avec-roues-de-soutien-des-avant-bras\/#breadcrumblist"},"image":{"@type":"ImageObject","url":"https:\/\/novalion-med.com\/wp-content\/uploads\/2025\/06\/NL190302A-22-Stainless-Steel-Walking-Frame-with-Forearm-Support-Wheels.jpg","@id":"https:\/\/novalion-med.com\/fr\/produit\/cadre-de-marche-en-acier-inoxydable-avec-roues-de-soutien-des-avant-bras\/#mainImage","width":540,"height":540,"caption":"NL190302A-22 Stainless Steel Walking Frame with Forearm Support Wheels"},"primaryImageOfPage":{"@id":"https:\/\/novalion-med.com\/fr\/produit\/cadre-de-marche-en-acier-inoxydable-avec-roues-de-soutien-des-avant-bras\/#mainImage"},"datePublished":"2025-06-26T03:49:15+00:00","dateModified":"2025-06-26T03:52:00+00:00"},{"@type":"WebSite","@id":"https:\/\/novalion-med.com\/fr\/#website","url":"https:\/\/novalion-med.com\/fr\/","name":"novalion-med.com","description":"Wheelchair, Hospital bed, Walker,Commode chair,Crutch...","inLanguage":"fr-FR","publisher":{"@id":"https:\/\/novalion-med.com\/fr\/#organization"}}]}},"aioseo_meta_data":{"post_id":"6318","title":"Stainless Steel Walking Frame with Forearm Support &amp; Wheels","description":"Stainless steel walking frame with forearm support, universal wheels, leather seat, and adjustability for rehabilitation and mobility needs.","keywords":"[]","keyphrases":"{\"focus\":{\"keyphrase\":\"\",\"score\":0,\"analysis\":{\"keyphraseInTitle\":{\"score\":0,\"maxScore\":9,\"error\":1}}},\"additional\":[]}","primary_term":null,"canonical_url":null,"og_title":null,"og_description":null,"og_object_type":"default","og_image_type":"default","og_image_url":null,"og_image_width":null,"og_image_height":null,"og_image_custom_url":null,"og_image_custom_fields":null,"og_video":"","og_custom_url":null,"og_article_section":null,"og_article_tags":"[]","twitter_use_og":false,"twitter_card":"default","twitter_image_type":"default","twitter_image_url":null,"twitter_image_custom_url":null,"twitter_image_custom_fields":null,"twitter_title":null,"twitter_description":null,"schema":{"blockGraphs":[],"customGraphs":[],"default":{"data":{"Article":[],"Course":[],"Dataset":[],"FAQPage":[],"Movie":[],"Person":[],"Product":[],"Recipe":[],"Service":[],"SoftwareApplication":[],"WebPage":[]},"graphName":"Product","isEnabled":true},"graphs":[]},"schema_type":"default","schema_type_options":null,"pillar_content":false,"robots_default":true,"robots_noindex":false,"robots_noarchive":false,"robots_nosnippet":false,"robots_nofollow":false,"robots_noimageindex":false,"robots_noodp":false,"robots_notranslate":false,"robots_max_snippet":"-1","robots_max_videopreview":"-1","robots_max_imagepreview":"large","priority":null,"frequency":"default","local_seo":null,"limit_modified_date":false,"created":"2025-06-26 03:49:15","updated":"2025-06-26 04:06:40"},"_links":{"self":[{"href":"https:\/\/novalion-med.com\/fr\/wp-json\/wp\/v2\/product\/6318","targetHints":{"allow":["GET"]}}],"collection":[{"href":"https:\/\/novalion-med.com\/fr\/wp-json\/wp\/v2\/product"}],"about":[{"href":"https:\/\/novalion-med.com\/fr\/wp-json\/wp\/v2\/types\/product"}],"version-history":[{"count":4,"href":"https:\/\/novalion-med.com\/fr\/wp-json\/wp\/v2\/product\/6318\/revisions"}],"predecessor-version":[{"id":6322,"href":"https:\/\/novalion-med.com\/fr\/wp-json\/wp\/v2\/product\/6318\/revisions\/6322"}],"wp:featuredmedia":[{"embeddable":true,"href":"https:\/\/novalion-med.com\/fr\/wp-json\/wp\/v2\/media\/6304"}],"wp:attachment":[{"href":"https:\/\/novalion-med.com\/fr\/wp-json\/wp\/v2\/media?parent=6318"}],"wp:term":[{"taxonomy":"product_brand","embeddable":true,"href":"https:\/\/novalion-med.com\/fr\/wp-json\/wp\/v2\/product_brand?post=6318"},{"taxonomy":"product_cat","embeddable":true,"href":"https:\/\/novalion-med.com\/fr\/wp-json\/wp\/v2\/product_cat?post=6318"},{"taxonomy":"product_tag","embeddable":true,"href":"https:\/\/novalion-med.com\/fr\/wp-json\/wp\/v2\/product_tag?post=6318"}],"curies":[{"name":"wp","href":"https:\/\/api.w.org\/{rel}","templated":true}]}}