{"id":6313,"date":"2025-06-26T03:46:21","date_gmt":"2025-06-26T03:46:21","guid":{"rendered":"https:\/\/novalion-med.com\/?post_type=product&#038;p=6313"},"modified":"2025-06-26T03:48:45","modified_gmt":"2025-06-26T03:48:45","slug":"rollator-avec-panier-en-fil-de-fer-pour-un-rangement-securise","status":"publish","type":"product","link":"https:\/\/novalion-med.com\/fr\/produit\/rollator-avec-panier-en-fil-de-fer-pour-un-rangement-securise\/","title":{"rendered":"D\u00e9ambulateur avec panier en fil de fer et enveloppe pour un rangement s\u00e9curis\u00e9"},"content":{"rendered":"<div data-elementor-type=\"product-post\" data-elementor-id=\"6313\" class=\"elementor elementor-6313\" data-elementor-post-type=\"product\">\n\t\t\t\t<div class=\"elementor-element elementor-element-1c93f1cb e-con-full e-flex e-con e-parent\" data-id=\"1c93f1cb\" data-element_type=\"container\">\n\t\t\t\t<div class=\"elementor-element elementor-element-2240ff1 elementor-widget elementor-widget-heading\" data-id=\"2240ff1\" data-element_type=\"widget\" data-widget_type=\"heading.default\">\n\t\t\t\t<div class=\"elementor-widget-container\">\n\t\t\t\t\t<h2 class=\"elementor-heading-title elementor-size-default\">D\u00e9ambulateur avec panier en fil de fer et enveloppe pour un rangement s\u00e9curis\u00e9<\/h2>\t\t\t\t<\/div>\n\t\t\t\t<\/div>\n\t\t\t\t<div class=\"elementor-element elementor-element-45d8c46 elementor-widget elementor-widget-text-editor\" data-id=\"45d8c46\" data-element_type=\"widget\" data-widget_type=\"text-editor.default\">\n\t\t\t\t<div class=\"elementor-widget-container\">\n\t\t\t\t\t\t\t\t\t<p>Optez pour ce rollator avec panier en fil de fer et enveloppe, assurant un rangement s\u00e9curis\u00e9, une structure pliable, une stabilit\u00e9 antid\u00e9rapante et une capacit\u00e9 de 150 kg.<\/p>\t\t\t\t\t\t\t\t<\/div>\n\t\t\t\t<\/div>\n\t\t\t\t<div class=\"elementor-element elementor-element-7152afc elementor-widget elementor-widget-text-editor\" data-id=\"7152afc\" data-element_type=\"widget\" data-widget_type=\"text-editor.default\">\n\t\t\t\t<div class=\"elementor-widget-container\">\n\t\t\t\t\t\t\t\t\t<h2>Caract\u00e9ristiques principales<\/h2><p>Gardez vos objets essentiels en s\u00e9curit\u00e9 lors de vos d\u00e9placements gr\u00e2ce \u00e0 notre rollator \u00e9quip\u00e9 d'un panier en fil de fer avec enroulement - pratique, pliable et fiable.<\/p><ul><li>D\u00e9ambulateur avec panier en fil de fer et emballage pour un rangement s\u00fbr<\/li><li>Cadre pliable en acier peint avec stabilit\u00e9 antid\u00e9rapante<\/li><li>Capacit\u00e9 de 150 kg pour les utilisateurs en d\u00e9placement<\/li><li>Tuyaux \u00e9paissis am\u00e9liorant la durabilit\u00e9 structurelle<\/li><li>Une solution pratique pour les besoins de stockage mobile<\/li><\/ul>\t\t\t\t\t\t\t\t<\/div>\n\t\t\t\t<\/div>\n\t\t\t\t<div class=\"elementor-element elementor-element-3a02177 elementor-widget elementor-widget-text-editor\" data-id=\"3a02177\" data-element_type=\"widget\" data-widget_type=\"text-editor.default\">\n\t\t\t\t<div class=\"elementor-widget-container\">\n\t\t\t\t\t\t\t\t\t<h2>Sp\u00e9cifications<\/h2><table style=\"border-collapse: collapse; width: 520.22pt;\" border=\"0\" width=\"867\" cellspacing=\"0\" cellpadding=\"0\"><tbody><tr style=\"height: 14.40pt;\"><td style=\"height: 14.40pt; width: 157.80pt;\" width=\"263\" height=\"24\">Nom du produit<\/td><td style=\"width: 362.40pt;\" width=\"604\">D\u00e9ambulateur avec panier en fil de fer et enveloppe pour un rangement s\u00e9curis\u00e9<\/td><\/tr><tr style=\"height: 14.40pt;\"><td style=\"height: 14.40pt;\" height=\"24\">Application<\/td><td>H\u00f4pital, domicile, clinique<\/td><\/tr><tr style=\"height: 14.40pt;\"><td style=\"height: 14.40pt;\" height=\"24\">Mat\u00e9riau<\/td><td>Acier, peinture<\/td><\/tr><tr style=\"height: 14.40pt;\"><td style=\"height: 14.40pt;\" height=\"24\">Capacit\u00e9 de poids<\/td><td>150 kg<\/td><\/tr><tr style=\"height: 14.40pt;\"><td style=\"height: 14.40pt;\" height=\"24\">Longueur entre deux poign\u00e9es<\/td><td>Environ 47 cm<\/td><\/tr><tr style=\"height: 14.40pt;\"><td style=\"height: 14.40pt;\" height=\"24\">Largeur totale<\/td><td>Environ 61 cm<\/td><\/tr><tr style=\"height: 14.40pt;\"><td style=\"height: 14.40pt;\" height=\"24\">Hauteur du si\u00e8ge<\/td><td>Environ 50 cm<\/td><\/tr><tr style=\"height: 14.40pt;\"><td style=\"height: 14.40pt;\" height=\"24\">Hauteur totale<\/td><td>Environ 80-90cm<\/td><\/tr><tr style=\"height: 14.40pt;\"><td style=\"height: 14.40pt;\" height=\"24\">Option panier<\/td><td>Panier en fil de fer avec enveloppe<\/td><\/tr><tr style=\"height: 14.40pt;\"><td style=\"height: 14.40pt;\" height=\"24\">Taille de l'emballage<\/td><td>78*62*23cm, 1pcs\/ctn<\/td><\/tr><tr style=\"height: 14.40pt;\"><td style=\"height: 14.40pt;\" height=\"24\">G.W.<\/td><td>17kg<\/td><\/tr><\/tbody><\/table>\t\t\t\t\t\t\t\t<\/div>\n\t\t\t\t<\/div>\n\t\t\t\t<div class=\"elementor-element elementor-element-2996df9 elementor-widget elementor-widget-text-editor\" data-id=\"2996df9\" data-element_type=\"widget\" data-widget_type=\"text-editor.default\">\n\t\t\t\t<div class=\"elementor-widget-container\">\n\t\t\t\t\t\t\t\t\t<p>D'autres \u00e9quipements m\u00e9dicaux peuvent \u00eatre trouv\u00e9s dans <a href=\"https:\/\/novalion-med.com\/fr\/\" target=\"_blank\" rel=\"noopener\">notre site web<\/a> ou <a href=\"https:\/\/api.whatsapp.com\/send\/?phone=%2B008618112908401&amp;text&amp;type=phone_number&amp;app_absent=0\" target=\"_blank\" rel=\"noopener\">notre whatsapp<\/a>.<\/p>\t\t\t\t\t\t\t\t<\/div>\n\t\t\t\t<\/div>\n\t\t\t\t<\/div>\n\t\t\t\t<\/div>","protected":false},"excerpt":{"rendered":"<p>Con\u00e7u pour un rangement s\u00e9curis\u00e9, le rollator NL190302A-21 est dot\u00e9 d'un panier en fil m\u00e9tallique avec enveloppe, d'une construction en acier peint et d'un design pliable. La structure antid\u00e9rapante et \u00e9paissie des tuyaux assure la stabilit\u00e9, tandis que la capacit\u00e9 de poids de 150 kg permet de soutenir divers utilisateurs. Avec des dimensions standard (espacement des poign\u00e9es ~47cm, hauteur d'assise ~50cm), il convient \u00e0 une utilisation en milieu hospitalier, \u00e0 domicile ou en clinique. Le panier en fil de fer avec enveloppe garde les objets en s\u00e9curit\u00e9, ce qui le rend parfait pour les utilisateurs en d\u00e9placement. Mots-cl\u00e9s : d\u00e9ambulateur avec panier en fil m\u00e9tallique, rangement s\u00e9curis\u00e9, conception pliable, acier peint, aide \u00e0 la mobilit\u00e9 avec panier.<\/p>","protected":false},"featured_media":6303,"template":"elementor_theme","meta":{"site-sidebar-layout":"default","site-content-layout":"","ast-site-content-layout":"default","site-content-style":"default","site-sidebar-style":"default","ast-global-header-display":"","ast-banner-title-visibility":"","ast-main-header-display":"","ast-hfb-above-header-display":"","ast-hfb-below-header-display":"","ast-hfb-mobile-header-display":"","site-post-title":"","ast-breadcrumbs-content":"","ast-featured-img":"","footer-sml-layout":"","theme-transparent-header-meta":"default","adv-header-id-meta":"","stick-header-meta":"default","header-above-stick-meta":"","header-main-stick-meta":"","header-below-stick-meta":"","astra-migrate-meta-layouts":"set","ast-page-background-enabled":"default","ast-page-background-meta":{"desktop":{"background-color":"var(--ast-global-color-4)","background-image":"","background-repeat":"repeat","background-position":"center center","background-size":"auto","background-attachment":"scroll","background-type":"","background-media":"","overlay-type":"","overlay-color":"","overlay-opacity":"","overlay-gradient":""},"tablet":{"background-color":"","background-image":"","background-repeat":"repeat","background-position":"center center","background-size":"auto","background-attachment":"scroll","background-type":"","background-media":"","overlay-type":"","overlay-color":"","overlay-opacity":"","overlay-gradient":""},"mobile":{"background-color":"","background-image":"","background-repeat":"repeat","background-position":"center center","background-size":"auto","background-attachment":"scroll","background-type":"","background-media":"","overlay-type":"","overlay-color":"","overlay-opacity":"","overlay-gradient":""}},"ast-content-background-meta":{"desktop":{"background-color":"var(--ast-global-color-5)","background-image":"","background-repeat":"repeat","background-position":"center center","background-size":"auto","background-attachment":"scroll","background-type":"","background-media":"","overlay-type":"","overlay-color":"","overlay-opacity":"","overlay-gradient":""},"tablet":{"background-color":"var(--ast-global-color-5)","background-image":"","background-repeat":"repeat","background-position":"center center","background-size":"auto","background-attachment":"scroll","background-type":"","background-media":"","overlay-type":"","overlay-color":"","overlay-opacity":"","overlay-gradient":""},"mobile":{"background-color":"var(--ast-global-color-5)","background-image":"","background-repeat":"repeat","background-position":"center center","background-size":"auto","background-attachment":"scroll","background-type":"","background-media":"","overlay-type":"","overlay-color":"","overlay-opacity":"","overlay-gradient":""}}},"product_brand":[],"product_cat":[93],"product_tag":[],"class_list":{"0":"post-6313","1":"product","2":"type-product","3":"status-publish","4":"has-post-thumbnail","6":"product_cat-walkers","7":"desktop-align-center","8":"tablet-align-left","9":"mobile-align-left","10":"ast-product-gallery-layout-horizontal-slider","11":"ast-product-gallery-with-no-image","12":"ast-magnify-disabled","13":"ast-product-tabs-layout-accordion","14":"ast-qv-on-image","16":"first","17":"instock","18":"shipping-taxable","19":"purchasable","20":"product-type-simple"},"aioseo_notices":[],"aioseo_head":"\n\t\t<!-- All in One SEO Pro 4.6.0 - aioseo.com -->\n\t\t<meta name=\"description\" content=\"Steel rollator with wire basket and wrap, foldable structure, non-slip stability, and secure storage for users on the go.\" \/>\n\t\t<meta name=\"robots\" content=\"max-image-preview:large\" \/>\n\t\t<meta name=\"google-site-verification\" content=\"XE0Krczs_zYC4qBAqnvyRaNEYa9NQEP4HzU7PPpzxoI\" \/>\n\t\t<link rel=\"canonical\" href=\"https:\/\/novalion-med.com\/fr\/produit\/rollator-avec-panier-en-fil-de-fer-pour-un-rangement-securise\/\" \/>\n\t\t<meta name=\"generator\" content=\"All in One SEO Pro (AIOSEO) 4.6.0\" \/>\n\t\t<meta property=\"og:locale\" content=\"fr_FR\" \/>\n\t\t<meta property=\"og:site_name\" content=\"Novalion Medical \u2013 Wheelchair, Hospital bed, Walker,Commode chair,Crutch...\" \/>\n\t\t<meta property=\"og:type\" content=\"article\" \/>\n\t\t<meta property=\"og:title\" content=\"Rollator with Wire Basket &amp; Wrap for Secure Storage\" \/>\n\t\t<meta property=\"og:description\" content=\"Steel rollator with wire basket and wrap, foldable structure, non-slip stability, and secure storage for users on the go.\" \/>\n\t\t<meta property=\"og:url\" content=\"https:\/\/novalion-med.com\/fr\/produit\/rollator-avec-panier-en-fil-de-fer-pour-un-rangement-securise\/\" \/>\n\t\t<meta property=\"og:image\" content=\"https:\/\/novalion-med.com\/wp-content\/uploads\/2025\/04\/cropped-343496212_201698782614433_8037205422525878621_n-1.jpg\" \/>\n\t\t<meta property=\"og:image:secure_url\" content=\"https:\/\/novalion-med.com\/wp-content\/uploads\/2025\/04\/cropped-343496212_201698782614433_8037205422525878621_n-1.jpg\" \/>\n\t\t<meta property=\"og:image:width\" content=\"512\" \/>\n\t\t<meta property=\"og:image:height\" content=\"512\" \/>\n\t\t<meta property=\"article:published_time\" content=\"2025-06-26T03:46:21+00:00\" \/>\n\t\t<meta property=\"article:modified_time\" content=\"2025-06-26T03:48:45+00:00\" \/>\n\t\t<meta property=\"article:publisher\" content=\"https:\/\/www.facebook.com\/NovalionMedical\/\" \/>\n\t\t<meta name=\"twitter:card\" content=\"summary_large_image\" \/>\n\t\t<meta name=\"twitter:title\" content=\"Rollator with Wire Basket &amp; Wrap for Secure Storage\" \/>\n\t\t<meta name=\"twitter:description\" content=\"Steel rollator with wire basket and wrap, foldable structure, non-slip stability, and secure storage for users on the go.\" \/>\n\t\t<meta name=\"twitter:image\" content=\"https:\/\/novalion-med.com\/wp-content\/uploads\/2025\/04\/cropped-343496212_201698782614433_8037205422525878621_n-1.jpg\" \/>\n\t\t<script type=\"application\/ld+json\" class=\"aioseo-schema\">\n\t\t\t{\"@context\":\"https:\\\/\\\/schema.org\",\"@graph\":[{\"@type\":\"BreadcrumbList\",\"@id\":\"https:\\\/\\\/novalion-med.com\\\/fr\\\/produit\\\/rollator-avec-panier-en-fil-de-fer-pour-un-rangement-securise\\\/#breadcrumblist\",\"itemListElement\":[{\"@type\":\"ListItem\",\"@id\":\"https:\\\/\\\/novalion-med.com\\\/fr\\\/#listItem\",\"position\":1,\"name\":\"Home\",\"item\":\"https:\\\/\\\/novalion-med.com\\\/fr\\\/\",\"nextItem\":\"https:\\\/\\\/novalion-med.com\\\/fr\\\/produit\\\/rollator-avec-panier-en-fil-de-fer-pour-un-rangement-securise\\\/#listItem\"},{\"@type\":\"ListItem\",\"@id\":\"https:\\\/\\\/novalion-med.com\\\/fr\\\/produit\\\/rollator-avec-panier-en-fil-de-fer-pour-un-rangement-securise\\\/#listItem\",\"position\":2,\"name\":\"Rollator with Wire Basket & Wrap for Secure Storage\",\"previousItem\":\"https:\\\/\\\/novalion-med.com\\\/fr\\\/#listItem\"}]},{\"@type\":\"Organization\",\"@id\":\"https:\\\/\\\/novalion-med.com\\\/fr\\\/#organization\",\"name\":\"novalion-med.com\",\"url\":\"https:\\\/\\\/novalion-med.com\\\/fr\\\/\",\"logo\":{\"@type\":\"ImageObject\",\"url\":\"https:\\\/\\\/novalion-med.com\\\/wp-content\\\/uploads\\\/2025\\\/04\\\/cropped-343496212_201698782614433_8037205422525878621_n-1.jpg\",\"@id\":\"https:\\\/\\\/novalion-med.com\\\/fr\\\/produit\\\/rollator-avec-panier-en-fil-de-fer-pour-un-rangement-securise\\\/#organizationLogo\",\"width\":512,\"height\":512},\"image\":{\"@id\":\"https:\\\/\\\/novalion-med.com\\\/fr\\\/produit\\\/rollator-avec-panier-en-fil-de-fer-pour-un-rangement-securise\\\/#organizationLogo\"},\"sameAs\":[\"https:\\\/\\\/www.facebook.com\\\/NovalionMedical\\\/\",\"https:\\\/\\\/www.youtube.com\\\/@NwlMedicalInstrument\"],\"contactPoint\":{\"@type\":\"ContactPoint\",\"telephone\":\"+8618326188070\",\"contactType\":\"Sales\"}},{\"@type\":\"Product\",\"@id\":\"https:\\\/\\\/novalion-med.com\\\/fr\\\/produit\\\/rollator-avec-panier-en-fil-de-fer-pour-un-rangement-securise\\\/#wooCommerceProduct\",\"name\":\"Rollator with Wire Basket & Wrap for Secure Storage\",\"description\":\"Designed for secure storage, the NL190302A-21 Rollator features a wire basket with wrap, painted steel construction, and foldable design. The non-slip and thickened pipe structure ensures stability, while the 150kg weight capacity supports diverse users. With standard dimensions (handle spacing ~47cm, seat height ~50cm), it is suitable for hospital, home, or clinic use. The wire basket with wrap keeps items secure, making it perfect for users on the go. Keywords: rollator with wire basket wrap, secure storage, foldable design, painted steel, mobility aid with basket.\",\"url\":\"https:\\\/\\\/novalion-med.com\\\/fr\\\/produit\\\/rollator-avec-panier-en-fil-de-fer-pour-un-rangement-securise\\\/\",\"sku\":\"NL190302A-21\",\"image\":{\"@type\":\"ImageObject\",\"url\":\"https:\\\/\\\/novalion-med.com\\\/wp-content\\\/uploads\\\/2025\\\/06\\\/NL190302A-21-Rollator-with-Wire-Basket-Wrap-for-Secure-Storage.jpg\",\"@id\":\"https:\\\/\\\/novalion-med.com\\\/fr\\\/produit\\\/rollator-avec-panier-en-fil-de-fer-pour-un-rangement-securise\\\/#productImage\",\"width\":800,\"height\":800,\"caption\":\"NL190302A-21 Rollator with Wire Basket Wrap for Secure Storage\"},\"offers\":{\"@type\":\"Offer\",\"url\":\"https:\\\/\\\/novalion-med.com\\\/fr\\\/produit\\\/rollator-avec-panier-en-fil-de-fer-pour-un-rangement-securise\\\/#wooCommerceOffer\",\"priceCurrency\":\"PHP\",\"category\":\"Walkers\",\"availability\":\"https:\\\/\\\/schema.org\\\/InStock\",\"seller\":{\"@type\":\"Organization\",\"@id\":\"https:\\\/\\\/novalion-med.com\\\/fr\\\/#organization\"},\"price\":111}},{\"@type\":\"WebPage\",\"@id\":\"https:\\\/\\\/novalion-med.com\\\/fr\\\/produit\\\/rollator-avec-panier-en-fil-de-fer-pour-un-rangement-securise\\\/#webpage\",\"url\":\"https:\\\/\\\/novalion-med.com\\\/fr\\\/produit\\\/rollator-avec-panier-en-fil-de-fer-pour-un-rangement-securise\\\/\",\"name\":\"Rollator with Wire Basket & Wrap for Secure Storage\",\"description\":\"Steel rollator with wire basket and wrap, foldable structure, non-slip stability, and secure storage for users on the go.\",\"inLanguage\":\"fr-FR\",\"isPartOf\":{\"@id\":\"https:\\\/\\\/novalion-med.com\\\/fr\\\/#website\"},\"breadcrumb\":{\"@id\":\"https:\\\/\\\/novalion-med.com\\\/fr\\\/produit\\\/rollator-avec-panier-en-fil-de-fer-pour-un-rangement-securise\\\/#breadcrumblist\"},\"image\":{\"@type\":\"ImageObject\",\"url\":\"https:\\\/\\\/novalion-med.com\\\/wp-content\\\/uploads\\\/2025\\\/06\\\/NL190302A-21-Rollator-with-Wire-Basket-Wrap-for-Secure-Storage.jpg\",\"@id\":\"https:\\\/\\\/novalion-med.com\\\/fr\\\/produit\\\/rollator-avec-panier-en-fil-de-fer-pour-un-rangement-securise\\\/#mainImage\",\"width\":800,\"height\":800,\"caption\":\"NL190302A-21 Rollator with Wire Basket Wrap for Secure Storage\"},\"primaryImageOfPage\":{\"@id\":\"https:\\\/\\\/novalion-med.com\\\/fr\\\/produit\\\/rollator-avec-panier-en-fil-de-fer-pour-un-rangement-securise\\\/#mainImage\"},\"datePublished\":\"2025-06-26T03:46:21+00:00\",\"dateModified\":\"2025-06-26T03:48:45+00:00\"},{\"@type\":\"WebSite\",\"@id\":\"https:\\\/\\\/novalion-med.com\\\/fr\\\/#website\",\"url\":\"https:\\\/\\\/novalion-med.com\\\/fr\\\/\",\"name\":\"novalion-med.com\",\"description\":\"Wheelchair, Hospital bed, Walker,Commode chair,Crutch...\",\"inLanguage\":\"fr-FR\",\"publisher\":{\"@id\":\"https:\\\/\\\/novalion-med.com\\\/fr\\\/#organization\"}}]}\n\t\t<\/script>\n\t\t<!-- All in One SEO Pro -->\r\n\t\t<title>Rollator with Wire Basket &amp; Wrap for Secure Storage<\/title>\n\n","aioseo_head_json":{"title":"Rollator with Wire Basket & Wrap for Secure Storage","description":"Steel rollator with wire basket and wrap, foldable structure, non-slip stability, and secure storage for users on the go.","canonical_url":"https:\/\/novalion-med.com\/fr\/produit\/rollator-avec-panier-en-fil-de-fer-pour-un-rangement-securise\/","robots":"max-image-preview:large","keywords":"","webmasterTools":{"google-site-verification":"XE0Krczs_zYC4qBAqnvyRaNEYa9NQEP4HzU7PPpzxoI","miscellaneous":""},"og:locale":"fr_FR","og:site_name":"Novalion Medical \u2013 Wheelchair, Hospital bed, Walker,Commode chair,Crutch...","og:type":"article","og:title":"Rollator with Wire Basket &amp; Wrap for Secure Storage","og:description":"Steel rollator with wire basket and wrap, foldable structure, non-slip stability, and secure storage for users on the go.","og:url":"https:\/\/novalion-med.com\/fr\/produit\/rollator-avec-panier-en-fil-de-fer-pour-un-rangement-securise\/","og:image":"https:\/\/novalion-med.com\/wp-content\/uploads\/2025\/04\/cropped-343496212_201698782614433_8037205422525878621_n-1.jpg","og:image:secure_url":"https:\/\/novalion-med.com\/wp-content\/uploads\/2025\/04\/cropped-343496212_201698782614433_8037205422525878621_n-1.jpg","og:image:width":512,"og:image:height":512,"article:published_time":"2025-06-26T03:46:21+00:00","article:modified_time":"2025-06-26T03:48:45+00:00","article:publisher":"https:\/\/www.facebook.com\/NovalionMedical\/","twitter:card":"summary_large_image","twitter:title":"Rollator with Wire Basket &amp; Wrap for Secure Storage","twitter:description":"Steel rollator with wire basket and wrap, foldable structure, non-slip stability, and secure storage for users on the go.","twitter:image":"https:\/\/novalion-med.com\/wp-content\/uploads\/2025\/04\/cropped-343496212_201698782614433_8037205422525878621_n-1.jpg","schema":{"@context":"https:\/\/schema.org","@graph":[{"@type":"BreadcrumbList","@id":"https:\/\/novalion-med.com\/fr\/produit\/rollator-avec-panier-en-fil-de-fer-pour-un-rangement-securise\/#breadcrumblist","itemListElement":[{"@type":"ListItem","@id":"https:\/\/novalion-med.com\/fr\/#listItem","position":1,"name":"Home","item":"https:\/\/novalion-med.com\/fr\/","nextItem":"https:\/\/novalion-med.com\/fr\/produit\/rollator-avec-panier-en-fil-de-fer-pour-un-rangement-securise\/#listItem"},{"@type":"ListItem","@id":"https:\/\/novalion-med.com\/fr\/produit\/rollator-avec-panier-en-fil-de-fer-pour-un-rangement-securise\/#listItem","position":2,"name":"Rollator with Wire Basket & Wrap for Secure Storage","previousItem":"https:\/\/novalion-med.com\/fr\/#listItem"}]},{"@type":"Organization","@id":"https:\/\/novalion-med.com\/fr\/#organization","name":"novalion-med.com","url":"https:\/\/novalion-med.com\/fr\/","logo":{"@type":"ImageObject","url":"https:\/\/novalion-med.com\/wp-content\/uploads\/2025\/04\/cropped-343496212_201698782614433_8037205422525878621_n-1.jpg","@id":"https:\/\/novalion-med.com\/fr\/produit\/rollator-avec-panier-en-fil-de-fer-pour-un-rangement-securise\/#organizationLogo","width":512,"height":512},"image":{"@id":"https:\/\/novalion-med.com\/fr\/produit\/rollator-avec-panier-en-fil-de-fer-pour-un-rangement-securise\/#organizationLogo"},"sameAs":["https:\/\/www.facebook.com\/NovalionMedical\/","https:\/\/www.youtube.com\/@NwlMedicalInstrument"],"contactPoint":{"@type":"ContactPoint","telephone":"+8618326188070","contactType":"Sales"}},{"@type":"Product","@id":"https:\/\/novalion-med.com\/fr\/produit\/rollator-avec-panier-en-fil-de-fer-pour-un-rangement-securise\/#wooCommerceProduct","name":"Rollator with Wire Basket & Wrap for Secure Storage","description":"Designed for secure storage, the NL190302A-21 Rollator features a wire basket with wrap, painted steel construction, and foldable design. The non-slip and thickened pipe structure ensures stability, while the 150kg weight capacity supports diverse users. With standard dimensions (handle spacing ~47cm, seat height ~50cm), it is suitable for hospital, home, or clinic use. The wire basket with wrap keeps items secure, making it perfect for users on the go. Keywords: rollator with wire basket wrap, secure storage, foldable design, painted steel, mobility aid with basket.","url":"https:\/\/novalion-med.com\/fr\/produit\/rollator-avec-panier-en-fil-de-fer-pour-un-rangement-securise\/","sku":"NL190302A-21","image":{"@type":"ImageObject","url":"https:\/\/novalion-med.com\/wp-content\/uploads\/2025\/06\/NL190302A-21-Rollator-with-Wire-Basket-Wrap-for-Secure-Storage.jpg","@id":"https:\/\/novalion-med.com\/fr\/produit\/rollator-avec-panier-en-fil-de-fer-pour-un-rangement-securise\/#productImage","width":800,"height":800,"caption":"NL190302A-21 Rollator with Wire Basket Wrap for Secure Storage"},"offers":{"@type":"Offer","url":"https:\/\/novalion-med.com\/fr\/produit\/rollator-avec-panier-en-fil-de-fer-pour-un-rangement-securise\/#wooCommerceOffer","priceCurrency":"PHP","category":"Walkers","availability":"https:\/\/schema.org\/InStock","seller":{"@type":"Organization","@id":"https:\/\/novalion-med.com\/fr\/#organization"},"price":111}},{"@type":"WebPage","@id":"https:\/\/novalion-med.com\/fr\/produit\/rollator-avec-panier-en-fil-de-fer-pour-un-rangement-securise\/#webpage","url":"https:\/\/novalion-med.com\/fr\/produit\/rollator-avec-panier-en-fil-de-fer-pour-un-rangement-securise\/","name":"Rollator with Wire Basket & Wrap for Secure Storage","description":"Steel rollator with wire basket and wrap, foldable structure, non-slip stability, and secure storage for users on the go.","inLanguage":"fr-FR","isPartOf":{"@id":"https:\/\/novalion-med.com\/fr\/#website"},"breadcrumb":{"@id":"https:\/\/novalion-med.com\/fr\/produit\/rollator-avec-panier-en-fil-de-fer-pour-un-rangement-securise\/#breadcrumblist"},"image":{"@type":"ImageObject","url":"https:\/\/novalion-med.com\/wp-content\/uploads\/2025\/06\/NL190302A-21-Rollator-with-Wire-Basket-Wrap-for-Secure-Storage.jpg","@id":"https:\/\/novalion-med.com\/fr\/produit\/rollator-avec-panier-en-fil-de-fer-pour-un-rangement-securise\/#mainImage","width":800,"height":800,"caption":"NL190302A-21 Rollator with Wire Basket Wrap for Secure Storage"},"primaryImageOfPage":{"@id":"https:\/\/novalion-med.com\/fr\/produit\/rollator-avec-panier-en-fil-de-fer-pour-un-rangement-securise\/#mainImage"},"datePublished":"2025-06-26T03:46:21+00:00","dateModified":"2025-06-26T03:48:45+00:00"},{"@type":"WebSite","@id":"https:\/\/novalion-med.com\/fr\/#website","url":"https:\/\/novalion-med.com\/fr\/","name":"novalion-med.com","description":"Wheelchair, Hospital bed, Walker,Commode chair,Crutch...","inLanguage":"fr-FR","publisher":{"@id":"https:\/\/novalion-med.com\/fr\/#organization"}}]}},"aioseo_meta_data":{"post_id":"6313","title":"Rollator with Wire Basket &amp; Wrap for Secure Storage","description":"Steel rollator with wire basket and wrap, foldable structure, non-slip stability, and secure storage for users on the go.","keywords":"[]","keyphrases":"{\"focus\":{\"keyphrase\":\"\",\"score\":0,\"analysis\":{\"keyphraseInTitle\":{\"score\":0,\"maxScore\":9,\"error\":1}}},\"additional\":[]}","primary_term":null,"canonical_url":null,"og_title":null,"og_description":null,"og_object_type":"default","og_image_type":"default","og_image_url":null,"og_image_width":null,"og_image_height":null,"og_image_custom_url":null,"og_image_custom_fields":null,"og_video":"","og_custom_url":null,"og_article_section":null,"og_article_tags":"[]","twitter_use_og":false,"twitter_card":"default","twitter_image_type":"default","twitter_image_url":null,"twitter_image_custom_url":null,"twitter_image_custom_fields":null,"twitter_title":null,"twitter_description":null,"schema":{"blockGraphs":[],"customGraphs":[],"default":{"data":{"Article":[],"Course":[],"Dataset":[],"FAQPage":[],"Movie":[],"Person":[],"Product":[],"Recipe":[],"Service":[],"SoftwareApplication":[],"WebPage":[]},"graphName":"Product","isEnabled":true},"graphs":[]},"schema_type":"default","schema_type_options":null,"pillar_content":false,"robots_default":true,"robots_noindex":false,"robots_noarchive":false,"robots_nosnippet":false,"robots_nofollow":false,"robots_noimageindex":false,"robots_noodp":false,"robots_notranslate":false,"robots_max_snippet":"-1","robots_max_videopreview":"-1","robots_max_imagepreview":"large","priority":null,"frequency":"default","local_seo":null,"limit_modified_date":false,"created":"2025-06-26 03:46:21","updated":"2025-06-26 03:50:36"},"_links":{"self":[{"href":"https:\/\/novalion-med.com\/fr\/wp-json\/wp\/v2\/product\/6313","targetHints":{"allow":["GET"]}}],"collection":[{"href":"https:\/\/novalion-med.com\/fr\/wp-json\/wp\/v2\/product"}],"about":[{"href":"https:\/\/novalion-med.com\/fr\/wp-json\/wp\/v2\/types\/product"}],"version-history":[{"count":4,"href":"https:\/\/novalion-med.com\/fr\/wp-json\/wp\/v2\/product\/6313\/revisions"}],"predecessor-version":[{"id":6317,"href":"https:\/\/novalion-med.com\/fr\/wp-json\/wp\/v2\/product\/6313\/revisions\/6317"}],"wp:featuredmedia":[{"embeddable":true,"href":"https:\/\/novalion-med.com\/fr\/wp-json\/wp\/v2\/media\/6303"}],"wp:attachment":[{"href":"https:\/\/novalion-med.com\/fr\/wp-json\/wp\/v2\/media?parent=6313"}],"wp:term":[{"taxonomy":"product_brand","embeddable":true,"href":"https:\/\/novalion-med.com\/fr\/wp-json\/wp\/v2\/product_brand?post=6313"},{"taxonomy":"product_cat","embeddable":true,"href":"https:\/\/novalion-med.com\/fr\/wp-json\/wp\/v2\/product_cat?post=6313"},{"taxonomy":"product_tag","embeddable":true,"href":"https:\/\/novalion-med.com\/fr\/wp-json\/wp\/v2\/product_tag?post=6313"}],"curies":[{"name":"wp","href":"https:\/\/api.w.org\/{rel}","templated":true}]}}