{"id":6214,"date":"2025-06-26T01:37:19","date_gmt":"2025-06-26T01:37:19","guid":{"rendered":"https:\/\/novalion-med.com\/?post_type=product&#038;p=6214"},"modified":"2025-06-26T01:40:58","modified_gmt":"2025-06-26T01:40:58","slug":"deambulateur-medical-leger-et-pliable-en-alliage-daluminium","status":"publish","type":"product","link":"https:\/\/novalion-med.com\/fr\/produit\/deambulateur-medical-leger-et-pliable-en-alliage-daluminium\/","title":{"rendered":"D\u00e9ambulateur pliable l\u00e9ger en alliage d'aluminium pour le secteur m\u00e9dical"},"content":{"rendered":"<div data-elementor-type=\"product-post\" data-elementor-id=\"6214\" class=\"elementor elementor-6214\" data-elementor-post-type=\"product\">\n\t\t\t\t<div class=\"elementor-element elementor-element-1c93f1cb e-con-full e-flex e-con e-parent\" data-id=\"1c93f1cb\" data-element_type=\"container\">\n\t\t\t\t<div class=\"elementor-element elementor-element-2240ff1 elementor-widget elementor-widget-heading\" data-id=\"2240ff1\" data-element_type=\"widget\" data-widget_type=\"heading.default\">\n\t\t\t\t<div class=\"elementor-widget-container\">\n\t\t\t\t\t<h2 class=\"elementor-heading-title elementor-size-default\">D\u00e9ambulateur pliable l\u00e9ger en alliage d'aluminium pour le secteur m\u00e9dical <\/h2>\t\t\t\t<\/div>\n\t\t\t\t<\/div>\n\t\t\t\t<div class=\"elementor-element elementor-element-45d8c46 elementor-widget elementor-widget-text-editor\" data-id=\"45d8c46\" data-element_type=\"widget\" data-widget_type=\"text-editor.default\">\n\t\t\t\t<div class=\"elementor-widget-container\">\n\t\t\t\t\t\t\t\t\t<p>Choisissez ce d\u00e9ambulateur en alliage d'aluminium pour sa conception l\u00e9g\u00e8re et pliable, sa stabilit\u00e9 antid\u00e9rapante, ses tuyaux \u00e9pais et sa capacit\u00e9 de 150 kg, parfaite pour une utilisation m\u00e9dicale portable.<\/p>\t\t\t\t\t\t\t\t<\/div>\n\t\t\t\t<\/div>\n\t\t\t\t<div class=\"elementor-element elementor-element-7152afc elementor-widget elementor-widget-text-editor\" data-id=\"7152afc\" data-element_type=\"widget\" data-widget_type=\"text-editor.default\">\n\t\t\t\t<div class=\"elementor-widget-container\">\n\t\t\t\t\t\t\t\t\t<h2>Caract\u00e9ristiques principales<\/h2><p>Voyagez l\u00e9ger sans compromettre la stabilit\u00e9 ! Notre d\u00e9ambulateur en alliage d'aluminium est pliable, antid\u00e9rapant et parfait pour la mobilit\u00e9 m\u00e9dicale en d\u00e9placement dans les h\u00f4pitaux, les maisons et les cliniques.<\/p><ul><li>Construction l\u00e9g\u00e8re en alliage d'aluminium pour la portabilit\u00e9<\/li><li>Conception pliable avec stabilit\u00e9 antid\u00e9rapante pour un usage m\u00e9dical<\/li><li>Tuyaux \u00e9paissis renfor\u00e7ant la r\u00e9sistance structurelle<\/li><li>Capacit\u00e9 de 150 kg avec hauteur r\u00e9glable (75-87 cm)<\/li><li>Emballage compact pour un transport facile vers les cliniques\/domicile<\/li><\/ul>\t\t\t\t\t\t\t\t<\/div>\n\t\t\t\t<\/div>\n\t\t\t\t<div class=\"elementor-element elementor-element-3a02177 elementor-widget elementor-widget-text-editor\" data-id=\"3a02177\" data-element_type=\"widget\" data-widget_type=\"text-editor.default\">\n\t\t\t\t<div class=\"elementor-widget-container\">\n\t\t\t\t\t\t\t\t\t<h2>Sp\u00e9cifications<\/h2><table width=\"826\"><tbody><tr><td width=\"190\">Nom du produit<\/td><td style=\"text-align: center;\" width=\"636\">D\u00e9ambulateur pliable l\u00e9ger en alliage d'aluminium pour le secteur m\u00e9dical\u00a0<\/td><\/tr><tr><td>Application<\/td><td style=\"text-align: center;\">H\u00f4pital, domicile, clinique<\/td><\/tr><tr><td>Mat\u00e9riau<\/td><td style=\"text-align: center;\">Alliage d'aluminium<\/td><\/tr><tr><td>Capacit\u00e9 de poids<\/td><td style=\"text-align: center;\">150 kg<\/td><\/tr><tr><td>Longueur entre deux poign\u00e9es<\/td><td style=\"text-align: center;\">Environ 48 cm<\/td><\/tr><tr><td>Largeur totale<\/td><td style=\"text-align: center;\">Environ 50 cm<\/td><\/tr><tr><td>Hauteur totale<\/td><td style=\"text-align: center;\">Environ 75-87 cm<\/td><\/tr><tr><td>Taille de l'emballage<\/td><td style=\"text-align: center;\">76*36*56cm, 6pcs\/ctn<\/td><\/tr><tr><td>G.W.<\/td><td style=\"text-align: center;\">15 kg<\/td><\/tr><\/tbody><\/table>\t\t\t\t\t\t\t\t<\/div>\n\t\t\t\t<\/div>\n\t\t\t\t<div class=\"elementor-element elementor-element-2996df9 elementor-widget elementor-widget-text-editor\" data-id=\"2996df9\" data-element_type=\"widget\" data-widget_type=\"text-editor.default\">\n\t\t\t\t<div class=\"elementor-widget-container\">\n\t\t\t\t\t\t\t\t\t<p>D'autres \u00e9quipements m\u00e9dicaux peuvent \u00eatre trouv\u00e9s dans <a href=\"https:\/\/novalion-med.com\/fr\/\" target=\"_blank\" rel=\"noopener\">notre site web<\/a> ou <a href=\"https:\/\/api.whatsapp.com\/send\/?phone=%2B008618112908401&amp;text&amp;type=phone_number&amp;app_absent=0\" target=\"_blank\" rel=\"noopener\">notre whatsapp<\/a>.<\/p>\t\t\t\t\t\t\t\t<\/div>\n\t\t\t\t<\/div>\n\t\t\t\t<\/div>\n\t\t\t\t<\/div>","protected":false},"excerpt":{"rendered":"<p>Fabriqu\u00e9 en alliage d'aluminium l\u00e9ger, le d\u00e9ambulateur NL190302A-6 est con\u00e7u pour \u00eatre portatif sans compromettre la stabilit\u00e9. Sa structure pliable, ses caract\u00e9ristiques antid\u00e9rapantes et ses tuyaux \u00e9pais conviennent aux environnements m\u00e9dicaux. Avec une capacit\u00e9 de charge de 150 kg, le d\u00e9ambulateur offre un soutien fiable, tandis que la longueur des poign\u00e9es de ~48 cm, la largeur de ~50 cm et la hauteur r\u00e9glable de 75 \u00e0 87 cm garantissent un ajustement personnalis\u00e9. La taille compacte et la l\u00e9g\u00e8ret\u00e9 du d\u00e9ambulateur le rendent facile \u00e0 transporter. Il est id\u00e9al pour les utilisateurs qui recherchent une solution de mobilit\u00e9 durable et portable pour l'h\u00f4pital, la maison ou la clinique. Mots-cl\u00e9s : d\u00e9ambulateur en alliage d'aluminium, l\u00e9ger et pliable, stabilit\u00e9 antid\u00e9rapante, aide \u00e0 la mobilit\u00e9 m\u00e9dicale, hauteur r\u00e9glable.<\/p>","protected":false},"featured_media":6205,"template":"elementor_theme","meta":{"site-sidebar-layout":"default","site-content-layout":"","ast-site-content-layout":"default","site-content-style":"default","site-sidebar-style":"default","ast-global-header-display":"","ast-banner-title-visibility":"","ast-main-header-display":"","ast-hfb-above-header-display":"","ast-hfb-below-header-display":"","ast-hfb-mobile-header-display":"","site-post-title":"","ast-breadcrumbs-content":"","ast-featured-img":"","footer-sml-layout":"","theme-transparent-header-meta":"default","adv-header-id-meta":"","stick-header-meta":"default","header-above-stick-meta":"","header-main-stick-meta":"","header-below-stick-meta":"","astra-migrate-meta-layouts":"set","ast-page-background-enabled":"default","ast-page-background-meta":{"desktop":{"background-color":"var(--ast-global-color-4)","background-image":"","background-repeat":"repeat","background-position":"center center","background-size":"auto","background-attachment":"scroll","background-type":"","background-media":"","overlay-type":"","overlay-color":"","overlay-opacity":"","overlay-gradient":""},"tablet":{"background-color":"","background-image":"","background-repeat":"repeat","background-position":"center center","background-size":"auto","background-attachment":"scroll","background-type":"","background-media":"","overlay-type":"","overlay-color":"","overlay-opacity":"","overlay-gradient":""},"mobile":{"background-color":"","background-image":"","background-repeat":"repeat","background-position":"center center","background-size":"auto","background-attachment":"scroll","background-type":"","background-media":"","overlay-type":"","overlay-color":"","overlay-opacity":"","overlay-gradient":""}},"ast-content-background-meta":{"desktop":{"background-color":"var(--ast-global-color-5)","background-image":"","background-repeat":"repeat","background-position":"center center","background-size":"auto","background-attachment":"scroll","background-type":"","background-media":"","overlay-type":"","overlay-color":"","overlay-opacity":"","overlay-gradient":""},"tablet":{"background-color":"var(--ast-global-color-5)","background-image":"","background-repeat":"repeat","background-position":"center center","background-size":"auto","background-attachment":"scroll","background-type":"","background-media":"","overlay-type":"","overlay-color":"","overlay-opacity":"","overlay-gradient":""},"mobile":{"background-color":"var(--ast-global-color-5)","background-image":"","background-repeat":"repeat","background-position":"center center","background-size":"auto","background-attachment":"scroll","background-type":"","background-media":"","overlay-type":"","overlay-color":"","overlay-opacity":"","overlay-gradient":""}}},"product_brand":[],"product_cat":[93],"product_tag":[],"class_list":{"0":"post-6214","1":"product","2":"type-product","3":"status-publish","4":"has-post-thumbnail","6":"product_cat-walkers","7":"desktop-align-center","8":"tablet-align-left","9":"mobile-align-left","10":"ast-product-gallery-layout-horizontal-slider","11":"ast-product-gallery-with-no-image","12":"ast-magnify-disabled","13":"ast-product-tabs-layout-accordion","14":"ast-qv-on-image","16":"first","17":"instock","18":"shipping-taxable","19":"purchasable","20":"product-type-simple"},"aioseo_notices":[],"aioseo_head":"\n\t\t<!-- All in One SEO Pro 4.6.0 - aioseo.com -->\n\t\t<meta name=\"description\" content=\"Lightweight foldable aluminum alloy walker offering non-slip stability, thickened pipes, and suitability for hospital, home, and clinic environments.\" \/>\n\t\t<meta name=\"robots\" content=\"max-image-preview:large\" \/>\n\t\t<meta name=\"google-site-verification\" content=\"XE0Krczs_zYC4qBAqnvyRaNEYa9NQEP4HzU7PPpzxoI\" \/>\n\t\t<link rel=\"canonical\" href=\"https:\/\/novalion-med.com\/fr\/produit\/deambulateur-medical-leger-et-pliable-en-alliage-daluminium\/\" \/>\n\t\t<meta name=\"generator\" content=\"All in One SEO Pro (AIOSEO) 4.6.0\" \/>\n\t\t<meta property=\"og:locale\" content=\"fr_FR\" \/>\n\t\t<meta property=\"og:site_name\" content=\"Novalion Medical \u2013 Wheelchair, Hospital bed, Walker,Commode chair,Crutch...\" \/>\n\t\t<meta property=\"og:type\" content=\"article\" \/>\n\t\t<meta property=\"og:title\" content=\"Aluminum Alloy Lightweight Foldable Walker for Medical\" \/>\n\t\t<meta property=\"og:description\" content=\"Lightweight foldable aluminum alloy walker offering non-slip stability, thickened pipes, and suitability for hospital, home, and clinic environments.\" \/>\n\t\t<meta property=\"og:url\" content=\"https:\/\/novalion-med.com\/fr\/produit\/deambulateur-medical-leger-et-pliable-en-alliage-daluminium\/\" \/>\n\t\t<meta property=\"og:image\" content=\"https:\/\/novalion-med.com\/wp-content\/uploads\/2025\/04\/cropped-343496212_201698782614433_8037205422525878621_n-1.jpg\" \/>\n\t\t<meta property=\"og:image:secure_url\" content=\"https:\/\/novalion-med.com\/wp-content\/uploads\/2025\/04\/cropped-343496212_201698782614433_8037205422525878621_n-1.jpg\" \/>\n\t\t<meta property=\"og:image:width\" content=\"512\" \/>\n\t\t<meta property=\"og:image:height\" content=\"512\" \/>\n\t\t<meta property=\"article:published_time\" content=\"2025-06-26T01:37:19+00:00\" \/>\n\t\t<meta property=\"article:modified_time\" content=\"2025-06-26T01:40:58+00:00\" \/>\n\t\t<meta property=\"article:publisher\" content=\"https:\/\/www.facebook.com\/NovalionMedical\/\" \/>\n\t\t<meta name=\"twitter:card\" content=\"summary_large_image\" \/>\n\t\t<meta name=\"twitter:title\" content=\"Aluminum Alloy Lightweight Foldable Walker for Medical\" \/>\n\t\t<meta name=\"twitter:description\" content=\"Lightweight foldable aluminum alloy walker offering non-slip stability, thickened pipes, and suitability for hospital, home, and clinic environments.\" \/>\n\t\t<meta name=\"twitter:image\" content=\"https:\/\/novalion-med.com\/wp-content\/uploads\/2025\/04\/cropped-343496212_201698782614433_8037205422525878621_n-1.jpg\" \/>\n\t\t<script type=\"application\/ld+json\" class=\"aioseo-schema\">\n\t\t\t{\"@context\":\"https:\\\/\\\/schema.org\",\"@graph\":[{\"@type\":\"BreadcrumbList\",\"@id\":\"https:\\\/\\\/novalion-med.com\\\/fr\\\/produit\\\/deambulateur-medical-leger-et-pliable-en-alliage-daluminium\\\/#breadcrumblist\",\"itemListElement\":[{\"@type\":\"ListItem\",\"@id\":\"https:\\\/\\\/novalion-med.com\\\/fr\\\/#listItem\",\"position\":1,\"name\":\"Home\",\"item\":\"https:\\\/\\\/novalion-med.com\\\/fr\\\/\",\"nextItem\":\"https:\\\/\\\/novalion-med.com\\\/fr\\\/produit\\\/deambulateur-medical-leger-et-pliable-en-alliage-daluminium\\\/#listItem\"},{\"@type\":\"ListItem\",\"@id\":\"https:\\\/\\\/novalion-med.com\\\/fr\\\/produit\\\/deambulateur-medical-leger-et-pliable-en-alliage-daluminium\\\/#listItem\",\"position\":2,\"name\":\"Aluminum Alloy Lightweight Foldable Walker for Medical\",\"previousItem\":\"https:\\\/\\\/novalion-med.com\\\/fr\\\/#listItem\"}]},{\"@type\":\"Organization\",\"@id\":\"https:\\\/\\\/novalion-med.com\\\/fr\\\/#organization\",\"name\":\"novalion-med.com\",\"url\":\"https:\\\/\\\/novalion-med.com\\\/fr\\\/\",\"logo\":{\"@type\":\"ImageObject\",\"url\":\"https:\\\/\\\/novalion-med.com\\\/wp-content\\\/uploads\\\/2025\\\/04\\\/cropped-343496212_201698782614433_8037205422525878621_n-1.jpg\",\"@id\":\"https:\\\/\\\/novalion-med.com\\\/fr\\\/produit\\\/deambulateur-medical-leger-et-pliable-en-alliage-daluminium\\\/#organizationLogo\",\"width\":512,\"height\":512},\"image\":{\"@id\":\"https:\\\/\\\/novalion-med.com\\\/fr\\\/produit\\\/deambulateur-medical-leger-et-pliable-en-alliage-daluminium\\\/#organizationLogo\"},\"sameAs\":[\"https:\\\/\\\/www.facebook.com\\\/NovalionMedical\\\/\",\"https:\\\/\\\/www.youtube.com\\\/@NwlMedicalInstrument\"],\"contactPoint\":{\"@type\":\"ContactPoint\",\"telephone\":\"+8618326188070\",\"contactType\":\"Sales\"}},{\"@type\":\"Product\",\"@id\":\"https:\\\/\\\/novalion-med.com\\\/fr\\\/produit\\\/deambulateur-medical-leger-et-pliable-en-alliage-daluminium\\\/#wooCommerceProduct\",\"name\":\"Aluminum Alloy Lightweight Foldable Walker for Medical\",\"description\":\"Crafted from lightweight aluminum alloy, the NL190302A-6 Walker is designed for portability without compromising stability. Its foldable structure, non-slip features, and thickened pipes make it suitable for medical environments. With a 150kg weight capacity, the walker offers reliable support, while the handle length of ~48cm, width ~50cm, and height adjustable 75-87cm ensure personalized fit. The compact packing size and lightweight design make it easy to transport, ideal for users seeking a durable yet portable mobility solution for hospital, home, or clinic use. Keywords: aluminum alloy walker, lightweight foldable, non-slip stability, medical mobility aid, adjustable height.\",\"url\":\"https:\\\/\\\/novalion-med.com\\\/fr\\\/produit\\\/deambulateur-medical-leger-et-pliable-en-alliage-daluminium\\\/\",\"sku\":\"NL190302A-6\",\"image\":{\"@type\":\"ImageObject\",\"url\":\"https:\\\/\\\/novalion-med.com\\\/wp-content\\\/uploads\\\/2025\\\/06\\\/NL190302A-6-Aluminum-Alloy-Lightweight-Foldable-Walker-for-Medical-.jpg\",\"@id\":\"https:\\\/\\\/novalion-med.com\\\/fr\\\/produit\\\/deambulateur-medical-leger-et-pliable-en-alliage-daluminium\\\/#productImage\",\"width\":641,\"height\":687,\"caption\":\"NL190302A-6 Aluminum Alloy Lightweight Foldable Walker for Medical\"},\"offers\":{\"@type\":\"Offer\",\"url\":\"https:\\\/\\\/novalion-med.com\\\/fr\\\/produit\\\/deambulateur-medical-leger-et-pliable-en-alliage-daluminium\\\/#wooCommerceOffer\",\"priceCurrency\":\"PHP\",\"category\":\"Walkers\",\"availability\":\"https:\\\/\\\/schema.org\\\/InStock\",\"seller\":{\"@type\":\"Organization\",\"@id\":\"https:\\\/\\\/novalion-med.com\\\/fr\\\/#organization\"},\"price\":111}},{\"@type\":\"WebPage\",\"@id\":\"https:\\\/\\\/novalion-med.com\\\/fr\\\/produit\\\/deambulateur-medical-leger-et-pliable-en-alliage-daluminium\\\/#webpage\",\"url\":\"https:\\\/\\\/novalion-med.com\\\/fr\\\/produit\\\/deambulateur-medical-leger-et-pliable-en-alliage-daluminium\\\/\",\"name\":\"Aluminum Alloy Lightweight Foldable Walker for Medical\",\"description\":\"Lightweight foldable aluminum alloy walker offering non-slip stability, thickened pipes, and suitability for hospital, home, and clinic environments.\",\"inLanguage\":\"fr-FR\",\"isPartOf\":{\"@id\":\"https:\\\/\\\/novalion-med.com\\\/fr\\\/#website\"},\"breadcrumb\":{\"@id\":\"https:\\\/\\\/novalion-med.com\\\/fr\\\/produit\\\/deambulateur-medical-leger-et-pliable-en-alliage-daluminium\\\/#breadcrumblist\"},\"image\":{\"@type\":\"ImageObject\",\"url\":\"https:\\\/\\\/novalion-med.com\\\/wp-content\\\/uploads\\\/2025\\\/06\\\/NL190302A-6-Aluminum-Alloy-Lightweight-Foldable-Walker-for-Medical-.jpg\",\"@id\":\"https:\\\/\\\/novalion-med.com\\\/fr\\\/produit\\\/deambulateur-medical-leger-et-pliable-en-alliage-daluminium\\\/#mainImage\",\"width\":641,\"height\":687,\"caption\":\"NL190302A-6 Aluminum Alloy Lightweight Foldable Walker for Medical\"},\"primaryImageOfPage\":{\"@id\":\"https:\\\/\\\/novalion-med.com\\\/fr\\\/produit\\\/deambulateur-medical-leger-et-pliable-en-alliage-daluminium\\\/#mainImage\"},\"datePublished\":\"2025-06-26T01:37:19+00:00\",\"dateModified\":\"2025-06-26T01:40:58+00:00\"},{\"@type\":\"WebSite\",\"@id\":\"https:\\\/\\\/novalion-med.com\\\/fr\\\/#website\",\"url\":\"https:\\\/\\\/novalion-med.com\\\/fr\\\/\",\"name\":\"novalion-med.com\",\"description\":\"Wheelchair, Hospital bed, Walker,Commode chair,Crutch...\",\"inLanguage\":\"fr-FR\",\"publisher\":{\"@id\":\"https:\\\/\\\/novalion-med.com\\\/fr\\\/#organization\"}}]}\n\t\t<\/script>\n\t\t<!-- All in One SEO Pro -->\r\n\t\t<title>Aluminum Alloy Lightweight Foldable Walker for Medical<\/title>\n\n","aioseo_head_json":{"title":"Aluminum Alloy Lightweight Foldable Walker for Medical","description":"Lightweight foldable aluminum alloy walker offering non-slip stability, thickened pipes, and suitability for hospital, home, and clinic environments.","canonical_url":"https:\/\/novalion-med.com\/fr\/produit\/deambulateur-medical-leger-et-pliable-en-alliage-daluminium\/","robots":"max-image-preview:large","keywords":"","webmasterTools":{"google-site-verification":"XE0Krczs_zYC4qBAqnvyRaNEYa9NQEP4HzU7PPpzxoI","miscellaneous":""},"og:locale":"fr_FR","og:site_name":"Novalion Medical \u2013 Wheelchair, Hospital bed, Walker,Commode chair,Crutch...","og:type":"article","og:title":"Aluminum Alloy Lightweight Foldable Walker for Medical","og:description":"Lightweight foldable aluminum alloy walker offering non-slip stability, thickened pipes, and suitability for hospital, home, and clinic environments.","og:url":"https:\/\/novalion-med.com\/fr\/produit\/deambulateur-medical-leger-et-pliable-en-alliage-daluminium\/","og:image":"https:\/\/novalion-med.com\/wp-content\/uploads\/2025\/04\/cropped-343496212_201698782614433_8037205422525878621_n-1.jpg","og:image:secure_url":"https:\/\/novalion-med.com\/wp-content\/uploads\/2025\/04\/cropped-343496212_201698782614433_8037205422525878621_n-1.jpg","og:image:width":512,"og:image:height":512,"article:published_time":"2025-06-26T01:37:19+00:00","article:modified_time":"2025-06-26T01:40:58+00:00","article:publisher":"https:\/\/www.facebook.com\/NovalionMedical\/","twitter:card":"summary_large_image","twitter:title":"Aluminum Alloy Lightweight Foldable Walker for Medical","twitter:description":"Lightweight foldable aluminum alloy walker offering non-slip stability, thickened pipes, and suitability for hospital, home, and clinic environments.","twitter:image":"https:\/\/novalion-med.com\/wp-content\/uploads\/2025\/04\/cropped-343496212_201698782614433_8037205422525878621_n-1.jpg","schema":{"@context":"https:\/\/schema.org","@graph":[{"@type":"BreadcrumbList","@id":"https:\/\/novalion-med.com\/fr\/produit\/deambulateur-medical-leger-et-pliable-en-alliage-daluminium\/#breadcrumblist","itemListElement":[{"@type":"ListItem","@id":"https:\/\/novalion-med.com\/fr\/#listItem","position":1,"name":"Home","item":"https:\/\/novalion-med.com\/fr\/","nextItem":"https:\/\/novalion-med.com\/fr\/produit\/deambulateur-medical-leger-et-pliable-en-alliage-daluminium\/#listItem"},{"@type":"ListItem","@id":"https:\/\/novalion-med.com\/fr\/produit\/deambulateur-medical-leger-et-pliable-en-alliage-daluminium\/#listItem","position":2,"name":"Aluminum Alloy Lightweight Foldable Walker for Medical","previousItem":"https:\/\/novalion-med.com\/fr\/#listItem"}]},{"@type":"Organization","@id":"https:\/\/novalion-med.com\/fr\/#organization","name":"novalion-med.com","url":"https:\/\/novalion-med.com\/fr\/","logo":{"@type":"ImageObject","url":"https:\/\/novalion-med.com\/wp-content\/uploads\/2025\/04\/cropped-343496212_201698782614433_8037205422525878621_n-1.jpg","@id":"https:\/\/novalion-med.com\/fr\/produit\/deambulateur-medical-leger-et-pliable-en-alliage-daluminium\/#organizationLogo","width":512,"height":512},"image":{"@id":"https:\/\/novalion-med.com\/fr\/produit\/deambulateur-medical-leger-et-pliable-en-alliage-daluminium\/#organizationLogo"},"sameAs":["https:\/\/www.facebook.com\/NovalionMedical\/","https:\/\/www.youtube.com\/@NwlMedicalInstrument"],"contactPoint":{"@type":"ContactPoint","telephone":"+8618326188070","contactType":"Sales"}},{"@type":"Product","@id":"https:\/\/novalion-med.com\/fr\/produit\/deambulateur-medical-leger-et-pliable-en-alliage-daluminium\/#wooCommerceProduct","name":"Aluminum Alloy Lightweight Foldable Walker for Medical","description":"Crafted from lightweight aluminum alloy, the NL190302A-6 Walker is designed for portability without compromising stability. Its foldable structure, non-slip features, and thickened pipes make it suitable for medical environments. With a 150kg weight capacity, the walker offers reliable support, while the handle length of ~48cm, width ~50cm, and height adjustable 75-87cm ensure personalized fit. The compact packing size and lightweight design make it easy to transport, ideal for users seeking a durable yet portable mobility solution for hospital, home, or clinic use. Keywords: aluminum alloy walker, lightweight foldable, non-slip stability, medical mobility aid, adjustable height.","url":"https:\/\/novalion-med.com\/fr\/produit\/deambulateur-medical-leger-et-pliable-en-alliage-daluminium\/","sku":"NL190302A-6","image":{"@type":"ImageObject","url":"https:\/\/novalion-med.com\/wp-content\/uploads\/2025\/06\/NL190302A-6-Aluminum-Alloy-Lightweight-Foldable-Walker-for-Medical-.jpg","@id":"https:\/\/novalion-med.com\/fr\/produit\/deambulateur-medical-leger-et-pliable-en-alliage-daluminium\/#productImage","width":641,"height":687,"caption":"NL190302A-6 Aluminum Alloy Lightweight Foldable Walker for Medical"},"offers":{"@type":"Offer","url":"https:\/\/novalion-med.com\/fr\/produit\/deambulateur-medical-leger-et-pliable-en-alliage-daluminium\/#wooCommerceOffer","priceCurrency":"PHP","category":"Walkers","availability":"https:\/\/schema.org\/InStock","seller":{"@type":"Organization","@id":"https:\/\/novalion-med.com\/fr\/#organization"},"price":111}},{"@type":"WebPage","@id":"https:\/\/novalion-med.com\/fr\/produit\/deambulateur-medical-leger-et-pliable-en-alliage-daluminium\/#webpage","url":"https:\/\/novalion-med.com\/fr\/produit\/deambulateur-medical-leger-et-pliable-en-alliage-daluminium\/","name":"Aluminum Alloy Lightweight Foldable Walker for Medical","description":"Lightweight foldable aluminum alloy walker offering non-slip stability, thickened pipes, and suitability for hospital, home, and clinic environments.","inLanguage":"fr-FR","isPartOf":{"@id":"https:\/\/novalion-med.com\/fr\/#website"},"breadcrumb":{"@id":"https:\/\/novalion-med.com\/fr\/produit\/deambulateur-medical-leger-et-pliable-en-alliage-daluminium\/#breadcrumblist"},"image":{"@type":"ImageObject","url":"https:\/\/novalion-med.com\/wp-content\/uploads\/2025\/06\/NL190302A-6-Aluminum-Alloy-Lightweight-Foldable-Walker-for-Medical-.jpg","@id":"https:\/\/novalion-med.com\/fr\/produit\/deambulateur-medical-leger-et-pliable-en-alliage-daluminium\/#mainImage","width":641,"height":687,"caption":"NL190302A-6 Aluminum Alloy Lightweight Foldable Walker for Medical"},"primaryImageOfPage":{"@id":"https:\/\/novalion-med.com\/fr\/produit\/deambulateur-medical-leger-et-pliable-en-alliage-daluminium\/#mainImage"},"datePublished":"2025-06-26T01:37:19+00:00","dateModified":"2025-06-26T01:40:58+00:00"},{"@type":"WebSite","@id":"https:\/\/novalion-med.com\/fr\/#website","url":"https:\/\/novalion-med.com\/fr\/","name":"novalion-med.com","description":"Wheelchair, Hospital bed, Walker,Commode chair,Crutch...","inLanguage":"fr-FR","publisher":{"@id":"https:\/\/novalion-med.com\/fr\/#organization"}}]}},"aioseo_meta_data":{"post_id":"6214","title":"Aluminum Alloy Lightweight Foldable Walker for Medical","description":"Lightweight foldable aluminum alloy walker offering non-slip stability, thickened pipes, and suitability for hospital, home, and clinic environments.","keywords":"[]","keyphrases":"{\"focus\":{\"keyphrase\":\"\",\"score\":0,\"analysis\":{\"keyphraseInTitle\":{\"score\":0,\"maxScore\":9,\"error\":1}}},\"additional\":[]}","primary_term":null,"canonical_url":null,"og_title":null,"og_description":null,"og_object_type":"default","og_image_type":"default","og_image_url":null,"og_image_width":null,"og_image_height":null,"og_image_custom_url":null,"og_image_custom_fields":null,"og_video":"","og_custom_url":null,"og_article_section":null,"og_article_tags":"[]","twitter_use_og":false,"twitter_card":"default","twitter_image_type":"default","twitter_image_url":null,"twitter_image_custom_url":null,"twitter_image_custom_fields":null,"twitter_title":null,"twitter_description":null,"schema":{"blockGraphs":[],"customGraphs":[],"default":{"data":{"Article":[],"Course":[],"Dataset":[],"FAQPage":[],"Movie":[],"Person":[],"Product":[],"Recipe":[],"Service":[],"SoftwareApplication":[],"WebPage":[]},"graphName":"Product","isEnabled":true},"graphs":[]},"schema_type":"default","schema_type_options":null,"pillar_content":false,"robots_default":true,"robots_noindex":false,"robots_noarchive":false,"robots_nosnippet":false,"robots_nofollow":false,"robots_noimageindex":false,"robots_noodp":false,"robots_notranslate":false,"robots_max_snippet":"-1","robots_max_videopreview":"-1","robots_max_imagepreview":"large","priority":null,"frequency":"default","local_seo":null,"limit_modified_date":false,"created":"2025-06-26 01:37:19","updated":"2025-06-26 01:54:36"},"_links":{"self":[{"href":"https:\/\/novalion-med.com\/fr\/wp-json\/wp\/v2\/product\/6214","targetHints":{"allow":["GET"]}}],"collection":[{"href":"https:\/\/novalion-med.com\/fr\/wp-json\/wp\/v2\/product"}],"about":[{"href":"https:\/\/novalion-med.com\/fr\/wp-json\/wp\/v2\/types\/product"}],"version-history":[{"count":5,"href":"https:\/\/novalion-med.com\/fr\/wp-json\/wp\/v2\/product\/6214\/revisions"}],"predecessor-version":[{"id":8278,"href":"https:\/\/novalion-med.com\/fr\/wp-json\/wp\/v2\/product\/6214\/revisions\/8278"}],"wp:featuredmedia":[{"embeddable":true,"href":"https:\/\/novalion-med.com\/fr\/wp-json\/wp\/v2\/media\/6205"}],"wp:attachment":[{"href":"https:\/\/novalion-med.com\/fr\/wp-json\/wp\/v2\/media?parent=6214"}],"wp:term":[{"taxonomy":"product_brand","embeddable":true,"href":"https:\/\/novalion-med.com\/fr\/wp-json\/wp\/v2\/product_brand?post=6214"},{"taxonomy":"product_cat","embeddable":true,"href":"https:\/\/novalion-med.com\/fr\/wp-json\/wp\/v2\/product_cat?post=6214"},{"taxonomy":"product_tag","embeddable":true,"href":"https:\/\/novalion-med.com\/fr\/wp-json\/wp\/v2\/product_tag?post=6214"}],"curies":[{"name":"wp","href":"https:\/\/api.w.org\/{rel}","templated":true}]}}