{"id":6138,"date":"2025-06-25T04:10:43","date_gmt":"2025-06-25T04:10:43","guid":{"rendered":"https:\/\/novalion-med.com\/?post_type=product&#038;p=6138"},"modified":"2025-06-25T04:17:40","modified_gmt":"2025-06-25T04:17:40","slug":"chaise-de-douche-en-aluminium-a-hauteur-reglable-pour-la-salle-de-bain","status":"publish","type":"product","link":"https:\/\/novalion-med.com\/fr\/produit\/chaise-de-douche-en-aluminium-a-hauteur-reglable-pour-la-salle-de-bain\/","title":{"rendered":"Chaise de douche en aluminium \u00e0 hauteur r\u00e9glable pour la salle de bain"},"content":{"rendered":"<div data-elementor-type=\"product-post\" data-elementor-id=\"6138\" class=\"elementor elementor-6138\" data-elementor-post-type=\"product\">\n\t\t\t\t<div class=\"elementor-element elementor-element-1c93f1cb e-con-full e-flex e-con e-parent\" data-id=\"1c93f1cb\" data-element_type=\"container\">\n\t\t\t\t<div class=\"elementor-element elementor-element-2240ff1 elementor-widget elementor-widget-heading\" data-id=\"2240ff1\" data-element_type=\"widget\" data-widget_type=\"heading.default\">\n\t\t\t\t<div class=\"elementor-widget-container\">\n\t\t\t\t\t<h2 class=\"elementor-heading-title elementor-size-default\">Chaise de douche en aluminium \u00e0 hauteur r\u00e9glable pour la salle de bain<\/h2>\t\t\t\t<\/div>\n\t\t\t\t<\/div>\n\t\t\t\t<div class=\"elementor-element elementor-element-45d8c46 elementor-widget elementor-widget-text-editor\" data-id=\"45d8c46\" data-element_type=\"widget\" data-widget_type=\"text-editor.default\">\n\t\t\t\t<div class=\"elementor-widget-container\">\n\t\t\t\t\t\t\t\t\t<p>Choisissez cette chaise de douche pour ses 6 niveaux de r\u00e9glage en hauteur (70-82 cm), parfaite pour les utilisateurs \u00e0 la recherche d'un si\u00e8ge polyvalent dans la salle de bains ou la chambre \u00e0 coucher. Fabriqu\u00e9e en alliage d'aluminium durable et en plastique PE, elle p\u00e8se 2,5 kg pour un \u00e9quilibre entre robustesse et portabilit\u00e9. Emball\u00e9 par 5 pi\u00e8ces par carton (15,5 kg au total) en 58\u00d740\u00d765 cm, il est pratique pour la livraison et le stockage. La fonction de r\u00e9glage en hauteur renforce la s\u00e9curit\u00e9, rendant le bain quotidien plus confortable et plus s\u00fbr.<\/p>\t\t\t\t\t\t\t\t<\/div>\n\t\t\t\t<\/div>\n\t\t\t\t<div class=\"elementor-element elementor-element-7152afc elementor-widget elementor-widget-text-editor\" data-id=\"7152afc\" data-element_type=\"widget\" data-widget_type=\"text-editor.default\">\n\t\t\t\t<div class=\"elementor-widget-container\">\n\t\t\t\t\t\t\t\t\t<h2>Caract\u00e9ristiques principales<\/h2><p>R\u00e9volutionnez le bain avec notre tabouret en aluminium r\u00e9glable de 70 \u00e0 82 cm. Conception robuste de 2,5 kg, r\u00e9glage de la hauteur en 6 \u00e9tapes. Id\u00e9al pour tous les utilisateurs, emball\u00e9 par 5 pi\u00e8ces\/carton. Confort et fiabilit\u00e9 en un !<\/p><ul><li>R\u00e9glage de la hauteur en 6 \u00e9tapes (70-82 cm) pour s'adapter aux diff\u00e9rents utilisateurs<\/li><li>Alliage d'aluminium robuste et mat\u00e9riau plastique PE pour une fiabilit\u00e9 \u00e0 long terme<\/li><li>Emballage compact (58*40*65cm) avec 5 pcs\/carton<\/li><li>Id\u00e9al pour les applications dans les salles de bains et les chambres \u00e0 coucher<\/li><\/ul>\t\t\t\t\t\t\t\t<\/div>\n\t\t\t\t<\/div>\n\t\t\t\t<div class=\"elementor-element elementor-element-3a02177 elementor-widget elementor-widget-text-editor\" data-id=\"3a02177\" data-element_type=\"widget\" data-widget_type=\"text-editor.default\">\n\t\t\t\t<div class=\"elementor-widget-container\">\n\t\t\t\t\t\t\t\t\t<h2>Sp\u00e9cifications<\/h2><p>Chaise de douche en alliage d'aluminium, avec laquelle prendre un bain devient une sorte de plaisir<br \/>En raison de la diversit\u00e9 des outils de mesure, il peut y avoir une erreur de 1 \u00e0 2 cm. Veuillez vous r\u00e9f\u00e9rer \u00e0 l'objet r\u00e9el<\/p><table width=\"457\"><tbody><tr><td width=\"80\">Nom du produit\u00a0<\/td><td style=\"text-align: center;\" width=\"377\">Chaise de douche en aluminium \u00e0 hauteur r\u00e9glable pour la salle de bain<\/td><\/tr><tr><td>S'asseoir haut\u00a0<\/td><td style=\"text-align: center;\">\u00a070-82cm<\/td><\/tr><tr><td>Sp\u00e9cifications du produit\u00a0<\/td><td style=\"text-align: center;\">\u00a05pcs\/carton<\/td><\/tr><tr><td>Poids du produit\u00a0<\/td><td style=\"text-align: center;\">\u00a02,5 kg<\/td><\/tr><tr><td>Sp\u00e9cification de l'emballage\u00a0<\/td><td style=\"text-align: center;\">\u00a058*40*65cm<\/td><\/tr><tr><td>Poids d'une bo\u00eete\u00a0<\/td><td style=\"text-align: center;\">\u00a015,5 kg<\/td><\/tr><tr><td>Mat\u00e9riau du produit\u00a0<\/td><td style=\"text-align: center;\">\u00a0Alliage d'aluminium et plastique PE<\/td><\/tr><tr><td>Hauteur r\u00e9glable par engrenage<\/td><td style=\"text-align: center;\">\u00a06\u00e8me vitesse r\u00e9glable<\/td><\/tr><tr><td>Champ d'application\u00a0<\/td><td style=\"text-align: center;\">\u00a0Salle de bains, chambre \u00e0 coucher, etc.<\/td><\/tr><\/tbody><\/table>\t\t\t\t\t\t\t\t<\/div>\n\t\t\t\t<\/div>\n\t\t\t\t<div class=\"elementor-element elementor-element-2996df9 elementor-widget elementor-widget-text-editor\" data-id=\"2996df9\" data-element_type=\"widget\" data-widget_type=\"text-editor.default\">\n\t\t\t\t<div class=\"elementor-widget-container\">\n\t\t\t\t\t\t\t\t\t<p>D'autres \u00e9quipements m\u00e9dicaux peuvent \u00eatre trouv\u00e9s dans <a href=\"https:\/\/novalion-med.com\/fr\/\" target=\"_blank\" rel=\"noopener\">notre site web<\/a> ou <a href=\"https:\/\/api.whatsapp.com\/send\/?phone=%2B008618112908401&amp;text&amp;type=phone_number&amp;app_absent=0\" target=\"_blank\" rel=\"noopener\">notre whatsapp<\/a>.<\/p>\t\t\t\t\t\t\t\t<\/div>\n\t\t\t\t<\/div>\n\t\t\t\t<\/div>\n\t\t\t\t<\/div>","protected":false},"excerpt":{"rendered":"<p>Chaise de douche pratique en alliage d'aluminium avec 6 niveaux de r\u00e9glage de la hauteur (70-82 cm) pour les salles de bains et les chambres \u00e0 coucher. La construction en aluminium et en plastique PE p\u00e8se 2,5 kg par unit\u00e9, 5 pi\u00e8ces par carton (15,5 kg au total) dans un emballage de 58\u00d740\u00d765 cm. La hauteur r\u00e9glable assure un confort personnalis\u00e9, avec une tol\u00e9rance de 1 \u00e0 2 cm. Une solution d'assise fiable pour le bain quotidien.<\/p>","protected":false},"featured_media":6130,"template":"elementor_theme","meta":{"site-sidebar-layout":"default","site-content-layout":"","ast-site-content-layout":"default","site-content-style":"default","site-sidebar-style":"default","ast-global-header-display":"","ast-banner-title-visibility":"","ast-main-header-display":"","ast-hfb-above-header-display":"","ast-hfb-below-header-display":"","ast-hfb-mobile-header-display":"","site-post-title":"","ast-breadcrumbs-content":"","ast-featured-img":"","footer-sml-layout":"","theme-transparent-header-meta":"default","adv-header-id-meta":"","stick-header-meta":"default","header-above-stick-meta":"","header-main-stick-meta":"","header-below-stick-meta":"","astra-migrate-meta-layouts":"set","ast-page-background-enabled":"default","ast-page-background-meta":{"desktop":{"background-color":"var(--ast-global-color-4)","background-image":"","background-repeat":"repeat","background-position":"center center","background-size":"auto","background-attachment":"scroll","background-type":"","background-media":"","overlay-type":"","overlay-color":"","overlay-opacity":"","overlay-gradient":""},"tablet":{"background-color":"","background-image":"","background-repeat":"repeat","background-position":"center center","background-size":"auto","background-attachment":"scroll","background-type":"","background-media":"","overlay-type":"","overlay-color":"","overlay-opacity":"","overlay-gradient":""},"mobile":{"background-color":"","background-image":"","background-repeat":"repeat","background-position":"center center","background-size":"auto","background-attachment":"scroll","background-type":"","background-media":"","overlay-type":"","overlay-color":"","overlay-opacity":"","overlay-gradient":""}},"ast-content-background-meta":{"desktop":{"background-color":"var(--ast-global-color-5)","background-image":"","background-repeat":"repeat","background-position":"center center","background-size":"auto","background-attachment":"scroll","background-type":"","background-media":"","overlay-type":"","overlay-color":"","overlay-opacity":"","overlay-gradient":""},"tablet":{"background-color":"var(--ast-global-color-5)","background-image":"","background-repeat":"repeat","background-position":"center center","background-size":"auto","background-attachment":"scroll","background-type":"","background-media":"","overlay-type":"","overlay-color":"","overlay-opacity":"","overlay-gradient":""},"mobile":{"background-color":"var(--ast-global-color-5)","background-image":"","background-repeat":"repeat","background-position":"center center","background-size":"auto","background-attachment":"scroll","background-type":"","background-media":"","overlay-type":"","overlay-color":"","overlay-opacity":"","overlay-gradient":""}}},"product_brand":[],"product_cat":[96],"product_tag":[],"class_list":{"0":"post-6138","1":"product","2":"type-product","3":"status-publish","4":"has-post-thumbnail","6":"product_cat-shower-chairs","7":"desktop-align-center","8":"tablet-align-left","9":"mobile-align-left","10":"ast-product-gallery-layout-horizontal-slider","11":"ast-magnify-disabled","12":"ast-product-tabs-layout-accordion","13":"ast-qv-on-image","15":"first","16":"instock","17":"shipping-taxable","18":"purchasable","19":"product-type-simple"},"aioseo_notices":[],"aioseo_head":"\n\t\t<!-- All in One SEO Pro 4.6.0 - aioseo.com -->\n\t\t<meta name=\"description\" content=\"Featuring 6-stage height adjustment, this aluminum alloy &amp; PE plastic chair suits bathroom\/bedroom. Sturdy build for bathing, with measurement tolerance.\" \/>\n\t\t<meta name=\"robots\" content=\"max-image-preview:large\" \/>\n\t\t<meta name=\"google-site-verification\" content=\"XE0Krczs_zYC4qBAqnvyRaNEYa9NQEP4HzU7PPpzxoI\" \/>\n\t\t<link rel=\"canonical\" href=\"https:\/\/novalion-med.com\/fr\/produit\/chaise-de-douche-en-aluminium-a-hauteur-reglable-pour-la-salle-de-bain\/\" \/>\n\t\t<meta name=\"generator\" content=\"All in One SEO Pro (AIOSEO) 4.6.0\" \/>\n\t\t<meta property=\"og:locale\" content=\"fr_FR\" \/>\n\t\t<meta property=\"og:site_name\" content=\"Novalion Medical \u2013 Wheelchair, Hospital bed, Walker,Commode chair,Crutch...\" \/>\n\t\t<meta property=\"og:type\" content=\"article\" \/>\n\t\t<meta property=\"og:title\" content=\"Adjustable Height Aluminum Shower chair for Bathroom Use\" \/>\n\t\t<meta property=\"og:description\" content=\"Featuring 6-stage height adjustment, this aluminum alloy &amp; PE plastic chair suits bathroom\/bedroom. Sturdy build for bathing, with measurement tolerance.\" \/>\n\t\t<meta property=\"og:url\" content=\"https:\/\/novalion-med.com\/fr\/produit\/chaise-de-douche-en-aluminium-a-hauteur-reglable-pour-la-salle-de-bain\/\" \/>\n\t\t<meta property=\"og:image\" content=\"https:\/\/novalion-med.com\/wp-content\/uploads\/2025\/04\/cropped-343496212_201698782614433_8037205422525878621_n-1.jpg\" \/>\n\t\t<meta property=\"og:image:secure_url\" content=\"https:\/\/novalion-med.com\/wp-content\/uploads\/2025\/04\/cropped-343496212_201698782614433_8037205422525878621_n-1.jpg\" \/>\n\t\t<meta property=\"og:image:width\" content=\"512\" \/>\n\t\t<meta property=\"og:image:height\" content=\"512\" \/>\n\t\t<meta property=\"article:published_time\" content=\"2025-06-25T04:10:43+00:00\" \/>\n\t\t<meta property=\"article:modified_time\" content=\"2025-06-25T04:17:40+00:00\" \/>\n\t\t<meta property=\"article:publisher\" content=\"https:\/\/www.facebook.com\/NovalionMedical\/\" \/>\n\t\t<meta name=\"twitter:card\" content=\"summary_large_image\" \/>\n\t\t<meta name=\"twitter:title\" content=\"Adjustable Height Aluminum Shower chair for Bathroom Use\" \/>\n\t\t<meta name=\"twitter:description\" content=\"Featuring 6-stage height adjustment, this aluminum alloy &amp; PE plastic chair suits bathroom\/bedroom. Sturdy build for bathing, with measurement tolerance.\" \/>\n\t\t<meta name=\"twitter:image\" content=\"https:\/\/novalion-med.com\/wp-content\/uploads\/2025\/04\/cropped-343496212_201698782614433_8037205422525878621_n-1.jpg\" \/>\n\t\t<script type=\"application\/ld+json\" class=\"aioseo-schema\">\n\t\t\t{\"@context\":\"https:\\\/\\\/schema.org\",\"@graph\":[{\"@type\":\"BreadcrumbList\",\"@id\":\"https:\\\/\\\/novalion-med.com\\\/fr\\\/produit\\\/chaise-de-douche-en-aluminium-a-hauteur-reglable-pour-la-salle-de-bain\\\/#breadcrumblist\",\"itemListElement\":[{\"@type\":\"ListItem\",\"@id\":\"https:\\\/\\\/novalion-med.com\\\/fr\\\/#listItem\",\"position\":1,\"name\":\"Home\",\"item\":\"https:\\\/\\\/novalion-med.com\\\/fr\\\/\",\"nextItem\":\"https:\\\/\\\/novalion-med.com\\\/fr\\\/produit\\\/chaise-de-douche-en-aluminium-a-hauteur-reglable-pour-la-salle-de-bain\\\/#listItem\"},{\"@type\":\"ListItem\",\"@id\":\"https:\\\/\\\/novalion-med.com\\\/fr\\\/produit\\\/chaise-de-douche-en-aluminium-a-hauteur-reglable-pour-la-salle-de-bain\\\/#listItem\",\"position\":2,\"name\":\"Adjustable Height Aluminum Shower chair for Bathroom Use\",\"previousItem\":\"https:\\\/\\\/novalion-med.com\\\/fr\\\/#listItem\"}]},{\"@type\":\"Organization\",\"@id\":\"https:\\\/\\\/novalion-med.com\\\/fr\\\/#organization\",\"name\":\"novalion-med.com\",\"url\":\"https:\\\/\\\/novalion-med.com\\\/fr\\\/\",\"logo\":{\"@type\":\"ImageObject\",\"url\":\"https:\\\/\\\/novalion-med.com\\\/wp-content\\\/uploads\\\/2025\\\/04\\\/cropped-343496212_201698782614433_8037205422525878621_n-1.jpg\",\"@id\":\"https:\\\/\\\/novalion-med.com\\\/fr\\\/produit\\\/chaise-de-douche-en-aluminium-a-hauteur-reglable-pour-la-salle-de-bain\\\/#organizationLogo\",\"width\":512,\"height\":512},\"image\":{\"@id\":\"https:\\\/\\\/novalion-med.com\\\/fr\\\/produit\\\/chaise-de-douche-en-aluminium-a-hauteur-reglable-pour-la-salle-de-bain\\\/#organizationLogo\"},\"sameAs\":[\"https:\\\/\\\/www.facebook.com\\\/NovalionMedical\\\/\",\"https:\\\/\\\/www.youtube.com\\\/@NwlMedicalInstrument\"],\"contactPoint\":{\"@type\":\"ContactPoint\",\"telephone\":\"+8618326188070\",\"contactType\":\"Sales\"}},{\"@type\":\"Product\",\"@id\":\"https:\\\/\\\/novalion-med.com\\\/fr\\\/produit\\\/chaise-de-douche-en-aluminium-a-hauteur-reglable-pour-la-salle-de-bain\\\/#wooCommerceProduct\",\"name\":\"Adjustable Height Aluminum Shower chair for Bathroom Use\",\"description\":\"Practical aluminum alloy shower chair with 6-stage height adjustment (70-82 cm) for bathrooms and bedrooms. Aluminum and PE plastic construction weighs 2.5 kg per unit, 5 pcs\\\/carton (15.5 kg total) in 58\\u00d740\\u00d765 cm packaging. Adjustable height ensures personalized comfort, with 1\\u20132 cm measurement tolerance. A reliable seating solution for daily bathing.\",\"url\":\"https:\\\/\\\/novalion-med.com\\\/fr\\\/produit\\\/chaise-de-douche-en-aluminium-a-hauteur-reglable-pour-la-salle-de-bain\\\/\",\"sku\":\"NL190304A-2\",\"image\":{\"@type\":\"ImageObject\",\"url\":\"https:\\\/\\\/novalion-med.com\\\/wp-content\\\/uploads\\\/2025\\\/06\\\/NL190304A-2-Adjustable-Height-Aluminum-Shower-chair-for-Bathroom-Use.jpg\",\"@id\":\"https:\\\/\\\/novalion-med.com\\\/fr\\\/produit\\\/chaise-de-douche-en-aluminium-a-hauteur-reglable-pour-la-salle-de-bain\\\/#productImage\",\"width\":720,\"height\":720,\"caption\":\"NL190304A-2 Adjustable Height Aluminum Shower chair for Bathroom Use\"},\"offers\":{\"@type\":\"Offer\",\"url\":\"https:\\\/\\\/novalion-med.com\\\/fr\\\/produit\\\/chaise-de-douche-en-aluminium-a-hauteur-reglable-pour-la-salle-de-bain\\\/#wooCommerceOffer\",\"priceCurrency\":\"PHP\",\"category\":\"Shower Chairs\",\"availability\":\"https:\\\/\\\/schema.org\\\/InStock\",\"seller\":{\"@type\":\"Organization\",\"@id\":\"https:\\\/\\\/novalion-med.com\\\/fr\\\/#organization\"},\"price\":111}},{\"@type\":\"WebPage\",\"@id\":\"https:\\\/\\\/novalion-med.com\\\/fr\\\/produit\\\/chaise-de-douche-en-aluminium-a-hauteur-reglable-pour-la-salle-de-bain\\\/#webpage\",\"url\":\"https:\\\/\\\/novalion-med.com\\\/fr\\\/produit\\\/chaise-de-douche-en-aluminium-a-hauteur-reglable-pour-la-salle-de-bain\\\/\",\"name\":\"Adjustable Height Aluminum Shower chair for Bathroom Use\",\"description\":\"Featuring 6-stage height adjustment, this aluminum alloy & PE plastic chair suits bathroom\\\/bedroom. Sturdy build for bathing, with measurement tolerance.\",\"inLanguage\":\"fr-FR\",\"isPartOf\":{\"@id\":\"https:\\\/\\\/novalion-med.com\\\/fr\\\/#website\"},\"breadcrumb\":{\"@id\":\"https:\\\/\\\/novalion-med.com\\\/fr\\\/produit\\\/chaise-de-douche-en-aluminium-a-hauteur-reglable-pour-la-salle-de-bain\\\/#breadcrumblist\"},\"image\":{\"@type\":\"ImageObject\",\"url\":\"https:\\\/\\\/novalion-med.com\\\/wp-content\\\/uploads\\\/2025\\\/06\\\/NL190304A-2-Adjustable-Height-Aluminum-Shower-chair-for-Bathroom-Use.jpg\",\"@id\":\"https:\\\/\\\/novalion-med.com\\\/fr\\\/produit\\\/chaise-de-douche-en-aluminium-a-hauteur-reglable-pour-la-salle-de-bain\\\/#mainImage\",\"width\":720,\"height\":720,\"caption\":\"NL190304A-2 Adjustable Height Aluminum Shower chair for Bathroom Use\"},\"primaryImageOfPage\":{\"@id\":\"https:\\\/\\\/novalion-med.com\\\/fr\\\/produit\\\/chaise-de-douche-en-aluminium-a-hauteur-reglable-pour-la-salle-de-bain\\\/#mainImage\"},\"datePublished\":\"2025-06-25T04:10:43+00:00\",\"dateModified\":\"2025-06-25T04:17:40+00:00\"},{\"@type\":\"WebSite\",\"@id\":\"https:\\\/\\\/novalion-med.com\\\/fr\\\/#website\",\"url\":\"https:\\\/\\\/novalion-med.com\\\/fr\\\/\",\"name\":\"novalion-med.com\",\"description\":\"Wheelchair, Hospital bed, Walker,Commode chair,Crutch...\",\"inLanguage\":\"fr-FR\",\"publisher\":{\"@id\":\"https:\\\/\\\/novalion-med.com\\\/fr\\\/#organization\"}}]}\n\t\t<\/script>\n\t\t<!-- All in One SEO Pro -->\r\n\t\t<title>Adjustable Height Aluminum Shower chair for Bathroom Use<\/title>\n\n","aioseo_head_json":{"title":"Adjustable Height Aluminum Shower chair for Bathroom Use","description":"Featuring 6-stage height adjustment, this aluminum alloy & PE plastic chair suits bathroom\/bedroom. Sturdy build for bathing, with measurement tolerance.","canonical_url":"https:\/\/novalion-med.com\/fr\/produit\/chaise-de-douche-en-aluminium-a-hauteur-reglable-pour-la-salle-de-bain\/","robots":"max-image-preview:large","keywords":"","webmasterTools":{"google-site-verification":"XE0Krczs_zYC4qBAqnvyRaNEYa9NQEP4HzU7PPpzxoI","miscellaneous":""},"og:locale":"fr_FR","og:site_name":"Novalion Medical \u2013 Wheelchair, Hospital bed, Walker,Commode chair,Crutch...","og:type":"article","og:title":"Adjustable Height Aluminum Shower chair for Bathroom Use","og:description":"Featuring 6-stage height adjustment, this aluminum alloy &amp; PE plastic chair suits bathroom\/bedroom. Sturdy build for bathing, with measurement tolerance.","og:url":"https:\/\/novalion-med.com\/fr\/produit\/chaise-de-douche-en-aluminium-a-hauteur-reglable-pour-la-salle-de-bain\/","og:image":"https:\/\/novalion-med.com\/wp-content\/uploads\/2025\/04\/cropped-343496212_201698782614433_8037205422525878621_n-1.jpg","og:image:secure_url":"https:\/\/novalion-med.com\/wp-content\/uploads\/2025\/04\/cropped-343496212_201698782614433_8037205422525878621_n-1.jpg","og:image:width":512,"og:image:height":512,"article:published_time":"2025-06-25T04:10:43+00:00","article:modified_time":"2025-06-25T04:17:40+00:00","article:publisher":"https:\/\/www.facebook.com\/NovalionMedical\/","twitter:card":"summary_large_image","twitter:title":"Adjustable Height Aluminum Shower chair for Bathroom Use","twitter:description":"Featuring 6-stage height adjustment, this aluminum alloy &amp; PE plastic chair suits bathroom\/bedroom. Sturdy build for bathing, with measurement tolerance.","twitter:image":"https:\/\/novalion-med.com\/wp-content\/uploads\/2025\/04\/cropped-343496212_201698782614433_8037205422525878621_n-1.jpg","schema":{"@context":"https:\/\/schema.org","@graph":[{"@type":"BreadcrumbList","@id":"https:\/\/novalion-med.com\/fr\/produit\/chaise-de-douche-en-aluminium-a-hauteur-reglable-pour-la-salle-de-bain\/#breadcrumblist","itemListElement":[{"@type":"ListItem","@id":"https:\/\/novalion-med.com\/fr\/#listItem","position":1,"name":"Home","item":"https:\/\/novalion-med.com\/fr\/","nextItem":"https:\/\/novalion-med.com\/fr\/produit\/chaise-de-douche-en-aluminium-a-hauteur-reglable-pour-la-salle-de-bain\/#listItem"},{"@type":"ListItem","@id":"https:\/\/novalion-med.com\/fr\/produit\/chaise-de-douche-en-aluminium-a-hauteur-reglable-pour-la-salle-de-bain\/#listItem","position":2,"name":"Adjustable Height Aluminum Shower chair for Bathroom Use","previousItem":"https:\/\/novalion-med.com\/fr\/#listItem"}]},{"@type":"Organization","@id":"https:\/\/novalion-med.com\/fr\/#organization","name":"novalion-med.com","url":"https:\/\/novalion-med.com\/fr\/","logo":{"@type":"ImageObject","url":"https:\/\/novalion-med.com\/wp-content\/uploads\/2025\/04\/cropped-343496212_201698782614433_8037205422525878621_n-1.jpg","@id":"https:\/\/novalion-med.com\/fr\/produit\/chaise-de-douche-en-aluminium-a-hauteur-reglable-pour-la-salle-de-bain\/#organizationLogo","width":512,"height":512},"image":{"@id":"https:\/\/novalion-med.com\/fr\/produit\/chaise-de-douche-en-aluminium-a-hauteur-reglable-pour-la-salle-de-bain\/#organizationLogo"},"sameAs":["https:\/\/www.facebook.com\/NovalionMedical\/","https:\/\/www.youtube.com\/@NwlMedicalInstrument"],"contactPoint":{"@type":"ContactPoint","telephone":"+8618326188070","contactType":"Sales"}},{"@type":"Product","@id":"https:\/\/novalion-med.com\/fr\/produit\/chaise-de-douche-en-aluminium-a-hauteur-reglable-pour-la-salle-de-bain\/#wooCommerceProduct","name":"Adjustable Height Aluminum Shower chair for Bathroom Use","description":"Practical aluminum alloy shower chair with 6-stage height adjustment (70-82 cm) for bathrooms and bedrooms. Aluminum and PE plastic construction weighs 2.5 kg per unit, 5 pcs\/carton (15.5 kg total) in 58\u00d740\u00d765 cm packaging. Adjustable height ensures personalized comfort, with 1\u20132 cm measurement tolerance. A reliable seating solution for daily bathing.","url":"https:\/\/novalion-med.com\/fr\/produit\/chaise-de-douche-en-aluminium-a-hauteur-reglable-pour-la-salle-de-bain\/","sku":"NL190304A-2","image":{"@type":"ImageObject","url":"https:\/\/novalion-med.com\/wp-content\/uploads\/2025\/06\/NL190304A-2-Adjustable-Height-Aluminum-Shower-chair-for-Bathroom-Use.jpg","@id":"https:\/\/novalion-med.com\/fr\/produit\/chaise-de-douche-en-aluminium-a-hauteur-reglable-pour-la-salle-de-bain\/#productImage","width":720,"height":720,"caption":"NL190304A-2 Adjustable Height Aluminum Shower chair for Bathroom Use"},"offers":{"@type":"Offer","url":"https:\/\/novalion-med.com\/fr\/produit\/chaise-de-douche-en-aluminium-a-hauteur-reglable-pour-la-salle-de-bain\/#wooCommerceOffer","priceCurrency":"PHP","category":"Shower Chairs","availability":"https:\/\/schema.org\/InStock","seller":{"@type":"Organization","@id":"https:\/\/novalion-med.com\/fr\/#organization"},"price":111}},{"@type":"WebPage","@id":"https:\/\/novalion-med.com\/fr\/produit\/chaise-de-douche-en-aluminium-a-hauteur-reglable-pour-la-salle-de-bain\/#webpage","url":"https:\/\/novalion-med.com\/fr\/produit\/chaise-de-douche-en-aluminium-a-hauteur-reglable-pour-la-salle-de-bain\/","name":"Adjustable Height Aluminum Shower chair for Bathroom Use","description":"Featuring 6-stage height adjustment, this aluminum alloy & PE plastic chair suits bathroom\/bedroom. Sturdy build for bathing, with measurement tolerance.","inLanguage":"fr-FR","isPartOf":{"@id":"https:\/\/novalion-med.com\/fr\/#website"},"breadcrumb":{"@id":"https:\/\/novalion-med.com\/fr\/produit\/chaise-de-douche-en-aluminium-a-hauteur-reglable-pour-la-salle-de-bain\/#breadcrumblist"},"image":{"@type":"ImageObject","url":"https:\/\/novalion-med.com\/wp-content\/uploads\/2025\/06\/NL190304A-2-Adjustable-Height-Aluminum-Shower-chair-for-Bathroom-Use.jpg","@id":"https:\/\/novalion-med.com\/fr\/produit\/chaise-de-douche-en-aluminium-a-hauteur-reglable-pour-la-salle-de-bain\/#mainImage","width":720,"height":720,"caption":"NL190304A-2 Adjustable Height Aluminum Shower chair for Bathroom Use"},"primaryImageOfPage":{"@id":"https:\/\/novalion-med.com\/fr\/produit\/chaise-de-douche-en-aluminium-a-hauteur-reglable-pour-la-salle-de-bain\/#mainImage"},"datePublished":"2025-06-25T04:10:43+00:00","dateModified":"2025-06-25T04:17:40+00:00"},{"@type":"WebSite","@id":"https:\/\/novalion-med.com\/fr\/#website","url":"https:\/\/novalion-med.com\/fr\/","name":"novalion-med.com","description":"Wheelchair, Hospital bed, Walker,Commode chair,Crutch...","inLanguage":"fr-FR","publisher":{"@id":"https:\/\/novalion-med.com\/fr\/#organization"}}]}},"aioseo_meta_data":{"post_id":"6138","title":"Adjustable Height Aluminum Shower chair for Bathroom Use","description":"Featuring 6-stage height adjustment, this aluminum alloy &amp; PE plastic chair suits bathroom\/bedroom. Sturdy build for bathing, with measurement tolerance.","keywords":"[]","keyphrases":"{\"focus\":{\"keyphrase\":\"\",\"score\":0,\"analysis\":{\"keyphraseInTitle\":{\"score\":0,\"maxScore\":9,\"error\":1}}},\"additional\":[]}","primary_term":null,"canonical_url":null,"og_title":null,"og_description":null,"og_object_type":"default","og_image_type":"default","og_image_url":null,"og_image_width":null,"og_image_height":null,"og_image_custom_url":null,"og_image_custom_fields":null,"og_video":"","og_custom_url":null,"og_article_section":null,"og_article_tags":"[]","twitter_use_og":false,"twitter_card":"default","twitter_image_type":"default","twitter_image_url":null,"twitter_image_custom_url":null,"twitter_image_custom_fields":null,"twitter_title":null,"twitter_description":null,"schema":{"blockGraphs":[],"customGraphs":[],"default":{"data":{"Article":[],"Course":[],"Dataset":[],"FAQPage":[],"Movie":[],"Person":[],"Product":[],"Recipe":[],"Service":[],"SoftwareApplication":[],"WebPage":[]},"graphName":"Product","isEnabled":true},"graphs":[]},"schema_type":"default","schema_type_options":null,"pillar_content":false,"robots_default":true,"robots_noindex":false,"robots_noarchive":false,"robots_nosnippet":false,"robots_nofollow":false,"robots_noimageindex":false,"robots_noodp":false,"robots_notranslate":false,"robots_max_snippet":"-1","robots_max_videopreview":"-1","robots_max_imagepreview":"large","priority":null,"frequency":"default","local_seo":null,"limit_modified_date":false,"created":"2025-06-25 04:10:43","updated":"2025-06-25 04:19:56"},"_links":{"self":[{"href":"https:\/\/novalion-med.com\/fr\/wp-json\/wp\/v2\/product\/6138","targetHints":{"allow":["GET"]}}],"collection":[{"href":"https:\/\/novalion-med.com\/fr\/wp-json\/wp\/v2\/product"}],"about":[{"href":"https:\/\/novalion-med.com\/fr\/wp-json\/wp\/v2\/types\/product"}],"version-history":[{"count":11,"href":"https:\/\/novalion-med.com\/fr\/wp-json\/wp\/v2\/product\/6138\/revisions"}],"predecessor-version":[{"id":8270,"href":"https:\/\/novalion-med.com\/fr\/wp-json\/wp\/v2\/product\/6138\/revisions\/8270"}],"wp:featuredmedia":[{"embeddable":true,"href":"https:\/\/novalion-med.com\/fr\/wp-json\/wp\/v2\/media\/6130"}],"wp:attachment":[{"href":"https:\/\/novalion-med.com\/fr\/wp-json\/wp\/v2\/media?parent=6138"}],"wp:term":[{"taxonomy":"product_brand","embeddable":true,"href":"https:\/\/novalion-med.com\/fr\/wp-json\/wp\/v2\/product_brand?post=6138"},{"taxonomy":"product_cat","embeddable":true,"href":"https:\/\/novalion-med.com\/fr\/wp-json\/wp\/v2\/product_cat?post=6138"},{"taxonomy":"product_tag","embeddable":true,"href":"https:\/\/novalion-med.com\/fr\/wp-json\/wp\/v2\/product_tag?post=6138"}],"curies":[{"name":"wp","href":"https:\/\/api.w.org\/{rel}","templated":true}]}}