{"id":5932,"date":"2025-06-20T07:02:07","date_gmt":"2025-06-20T07:02:07","guid":{"rendered":"https:\/\/novalion-med.com\/?post_type=product&#038;p=5932"},"modified":"2025-06-20T07:06:48","modified_gmt":"2025-06-20T07:06:48","slug":"chaise-daisance-reglable-en-hauteur-en-bleu-blanc-2","status":"publish","type":"product","link":"https:\/\/novalion-med.com\/fr\/produit\/chaise-daisance-reglable-en-hauteur-en-bleu-blanc-2\/","title":{"rendered":"Chaise d'aisance \u00e0 hauteur r\u00e9glable en bleu\/blanc"},"content":{"rendered":"<div data-elementor-type=\"product-post\" data-elementor-id=\"5932\" class=\"elementor elementor-5932\" data-elementor-post-type=\"product\">\n\t\t\t\t<div class=\"elementor-element elementor-element-1c93f1cb e-con-full e-flex e-con e-parent\" data-id=\"1c93f1cb\" data-element_type=\"container\">\n\t\t\t\t<div class=\"elementor-element elementor-element-2240ff1 elementor-widget elementor-widget-heading\" data-id=\"2240ff1\" data-element_type=\"widget\" data-widget_type=\"heading.default\">\n\t\t\t\t<div class=\"elementor-widget-container\">\n\t\t\t\t\t<h2 class=\"elementor-heading-title elementor-size-default\">Chaise d'aisance \u00e0 hauteur r\u00e9glable en bleu\/blanc<\/h2>\t\t\t\t<\/div>\n\t\t\t\t<\/div>\n\t\t\t\t<div class=\"elementor-element elementor-element-45d8c46 elementor-widget elementor-widget-text-editor\" data-id=\"45d8c46\" data-element_type=\"widget\" data-widget_type=\"text-editor.default\">\n\t\t\t\t<div class=\"elementor-widget-container\">\n\t\t\t\t\t\t\t\t\t<p>Con\u00e7ue pour les utilisateurs de grande taille, cette chaise perc\u00e9e en acier inoxydable bleu et blanc offre une hauteur r\u00e9glable de 77 \u00e0 87 cm. L\u00e9g\u00e8re, pliable et dot\u00e9e d'un tuyau \u00e9pais pour la stabilit\u00e9, elle offre un soutien et une durabilit\u00e9 accrus pour l'utilisation dans la salle de bains.<\/p>\t\t\t\t\t\t\t\t<\/div>\n\t\t\t\t<\/div>\n\t\t\t\t<div class=\"elementor-element elementor-element-7152afc elementor-widget elementor-widget-text-editor\" data-id=\"7152afc\" data-element_type=\"widget\" data-widget_type=\"text-editor.default\">\n\t\t\t\t<div class=\"elementor-widget-container\">\n\t\t\t\t\t\t\t\t\t<h2>Caract\u00e9ristiques principales<\/h2><p>Un grand soutien pour les besoins de la salle de bain. Chaise d'aisance r\u00e9glable en acier inoxydable de 77 \u00e0 87 cm. Finition blanc-bleu, conception pliable et tuyau \u00e9paissi pour une meilleure accessibilit\u00e9.<\/p><ul><li>Hauteur r\u00e9glable de 77 \u00e0 87 cm pour un soutien prolong\u00e9<\/li><li>Construction en acier inoxydable pour une utilisation intensive dans la salle de bains<\/li><li>Finition blanc-bleu pour les environnements m\u00e9dicaux<\/li><li>Conception pliable pour un rangement pratique<\/li><li>Tube \u00e9paissi pour une meilleure stabilit\u00e9 structurelle<\/li><\/ul>\t\t\t\t\t\t\t\t<\/div>\n\t\t\t\t<\/div>\n\t\t\t\t<div class=\"elementor-element elementor-element-3a02177 elementor-widget elementor-widget-text-editor\" data-id=\"3a02177\" data-element_type=\"widget\" data-widget_type=\"text-editor.default\">\n\t\t\t\t<div class=\"elementor-widget-container\">\n\t\t\t\t\t\t\t\t\t<h2>Sp\u00e9cifications<\/h2><table><tbody><tr><td width=\"227\"><p><strong>Nom du produit<\/strong><\/p><\/td><td width=\"590\"><p style=\"text-align: center;\">Chaise d'aisance \u00e0 hauteur r\u00e9glable en bleu\/blanc<\/p><\/td><\/tr><tr><td width=\"227\"><p><strong>Application<\/strong><\/p><\/td><td width=\"590\"><p style=\"text-align: center;\">Salle de bains<\/p><\/td><\/tr><tr><td width=\"227\"><p><strong>Mat\u00e9riau <\/strong><\/p><\/td><td width=\"590\"><p style=\"text-align: center;\">Acier inoxydable<\/p><\/td><\/tr><tr><td width=\"227\"><p><strong>Couleur<\/strong><\/p><\/td><td width=\"590\"><p style=\"text-align: center;\">Bleu et blanc<\/p><\/td><\/tr><tr><td width=\"227\"><p><strong>Longueur totale<\/strong><\/p><\/td><td width=\"590\"><p style=\"text-align: center;\">Environ 53 cm<\/p><\/td><\/tr><tr><td width=\"227\"><p><strong>Largeur totale<\/strong><\/p><\/td><td width=\"590\"><p style=\"text-align: center;\">Environ 43 cm<\/p><\/td><\/tr><tr><td width=\"227\"><p><strong>Hauteur totale<\/strong><\/p><\/td><td width=\"590\"><p style=\"text-align: center;\">Environ 77-87 cm<\/p><\/td><\/tr><tr><td width=\"227\"><p><strong>Taille de l'emballage<\/strong><\/p><\/td><td width=\"590\"><p style=\"text-align: center;\">81*56*56cm, 5pcs\/ctn<\/p><\/td><\/tr><tr><td width=\"227\"><p><strong>G.W.<\/strong><\/p><\/td><td width=\"590\"><p style=\"text-align: center;\">25 kg<\/p><\/td><\/tr><\/tbody><\/table>\t\t\t\t\t\t\t\t<\/div>\n\t\t\t\t<\/div>\n\t\t\t\t<div class=\"elementor-element elementor-element-2996df9 elementor-widget elementor-widget-text-editor\" data-id=\"2996df9\" data-element_type=\"widget\" data-widget_type=\"text-editor.default\">\n\t\t\t\t<div class=\"elementor-widget-container\">\n\t\t\t\t\t\t\t\t\t<p>D'autres \u00e9quipements m\u00e9dicaux peuvent \u00eatre trouv\u00e9s dans <a href=\"https:\/\/novalion-med.com\/fr\/\" target=\"_blank\" rel=\"noopener\">notre site web<\/a> ou <a href=\"https:\/\/api.whatsapp.com\/send\/?phone=%2B008618112908401&amp;text&amp;type=phone_number&amp;app_absent=0\" target=\"_blank\" rel=\"noopener\">notre whatsapp<\/a>.<\/p>\t\t\t\t\t\t\t\t<\/div>\n\t\t\t\t<\/div>\n\t\t\t\t<\/div>\n\t\t\t\t<\/div>","protected":false},"excerpt":{"rendered":"<p>La chaise d'aisance NL190303A-12 de Novalion est une solution r\u00e9glable en hauteur con\u00e7ue pour une utilisation dans la salle de bains. Elle est fabriqu\u00e9e en acier inoxydable dans une combinaison de couleurs bleu et blanc. Avec une hauteur comprise entre 77 et 87 cm, elle offre un soutien suppl\u00e9mentaire aux utilisateurs qui ont besoin d'une assise plus haute. La chaise est l\u00e9g\u00e8re et pliable, ce qui la rend facile \u00e0 manipuler, tandis que sa construction antid\u00e9rapante et stable, renforc\u00e9e par un tuyau \u00e9pais, garantit la s\u00e9curit\u00e9. Mesurant approximativement 53 cm de long et 43 cm de large, elle s'adapte \u00e0 la plupart des salles de bains gr\u00e2ce \u00e0 sa hauteur r\u00e9glable. Emball\u00e9e dans un carton de 81\u00d756\u00d756 cm avec 5 pi\u00e8ces par carton, et pesant 25 kg brut, cette chaise multifonctionnelle offre \u00e0 la fois un r\u00e9glage en hauteur et une durabilit\u00e9 pour une utilisation quotidienne dans la salle de bains.<\/p>","protected":false},"featured_media":5919,"template":"elementor_theme","meta":{"site-sidebar-layout":"default","site-content-layout":"","ast-site-content-layout":"default","site-content-style":"default","site-sidebar-style":"default","ast-global-header-display":"","ast-banner-title-visibility":"","ast-main-header-display":"","ast-hfb-above-header-display":"","ast-hfb-below-header-display":"","ast-hfb-mobile-header-display":"","site-post-title":"","ast-breadcrumbs-content":"","ast-featured-img":"","footer-sml-layout":"","theme-transparent-header-meta":"default","adv-header-id-meta":"","stick-header-meta":"default","header-above-stick-meta":"","header-main-stick-meta":"","header-below-stick-meta":"","astra-migrate-meta-layouts":"set","ast-page-background-enabled":"default","ast-page-background-meta":{"desktop":{"background-color":"var(--ast-global-color-4)","background-image":"","background-repeat":"repeat","background-position":"center center","background-size":"auto","background-attachment":"scroll","background-type":"","background-media":"","overlay-type":"","overlay-color":"","overlay-opacity":"","overlay-gradient":""},"tablet":{"background-color":"","background-image":"","background-repeat":"repeat","background-position":"center center","background-size":"auto","background-attachment":"scroll","background-type":"","background-media":"","overlay-type":"","overlay-color":"","overlay-opacity":"","overlay-gradient":""},"mobile":{"background-color":"","background-image":"","background-repeat":"repeat","background-position":"center center","background-size":"auto","background-attachment":"scroll","background-type":"","background-media":"","overlay-type":"","overlay-color":"","overlay-opacity":"","overlay-gradient":""}},"ast-content-background-meta":{"desktop":{"background-color":"var(--ast-global-color-5)","background-image":"","background-repeat":"repeat","background-position":"center center","background-size":"auto","background-attachment":"scroll","background-type":"","background-media":"","overlay-type":"","overlay-color":"","overlay-opacity":"","overlay-gradient":""},"tablet":{"background-color":"var(--ast-global-color-5)","background-image":"","background-repeat":"repeat","background-position":"center center","background-size":"auto","background-attachment":"scroll","background-type":"","background-media":"","overlay-type":"","overlay-color":"","overlay-opacity":"","overlay-gradient":""},"mobile":{"background-color":"var(--ast-global-color-5)","background-image":"","background-repeat":"repeat","background-position":"center center","background-size":"auto","background-attachment":"scroll","background-type":"","background-media":"","overlay-type":"","overlay-color":"","overlay-opacity":"","overlay-gradient":""}}},"product_brand":[],"product_cat":[94],"product_tag":[],"class_list":{"0":"post-5932","1":"product","2":"type-product","3":"status-publish","4":"has-post-thumbnail","6":"product_cat-commode-chairs","7":"desktop-align-center","8":"tablet-align-left","9":"mobile-align-left","10":"ast-product-gallery-layout-horizontal-slider","11":"ast-magnify-disabled","12":"ast-product-tabs-layout-accordion","13":"ast-qv-on-image","15":"first","16":"instock","17":"shipping-taxable","18":"purchasable","19":"product-type-simple"},"aioseo_notices":[],"aioseo_head":"\n\t\t<!-- All in One SEO Pro 4.6.0 - aioseo.com -->\n\t\t<meta name=\"description\" content=\"Stainless steel commode chair with 77-87cm height range, 53\u00d743cm base. Foldable, non-slip, thickened pipe, designed for taller users in bathroom settings.\" \/>\n\t\t<meta name=\"robots\" content=\"max-image-preview:large\" \/>\n\t\t<meta name=\"google-site-verification\" content=\"XE0Krczs_zYC4qBAqnvyRaNEYa9NQEP4HzU7PPpzxoI\" \/>\n\t\t<link rel=\"canonical\" href=\"https:\/\/novalion-med.com\/fr\/produit\/chaise-daisance-reglable-en-hauteur-en-bleu-blanc-2\/\" \/>\n\t\t<meta name=\"generator\" content=\"All in One SEO Pro (AIOSEO) 4.6.0\" \/>\n\t\t<meta property=\"og:locale\" content=\"fr_FR\" \/>\n\t\t<meta property=\"og:site_name\" content=\"Novalion Medical \u2013 Wheelchair, Hospital bed, Walker,Commode chair,Crutch...\" \/>\n\t\t<meta property=\"og:type\" content=\"article\" \/>\n\t\t<meta property=\"og:title\" content=\"Adjustable Height Commode Chair in Blue\/White\" \/>\n\t\t<meta property=\"og:description\" content=\"Stainless steel commode chair with 77-87cm height range, 53\u00d743cm base. Foldable, non-slip, thickened pipe, designed for taller users in bathroom settings.\" \/>\n\t\t<meta property=\"og:url\" content=\"https:\/\/novalion-med.com\/fr\/produit\/chaise-daisance-reglable-en-hauteur-en-bleu-blanc-2\/\" \/>\n\t\t<meta property=\"og:image\" content=\"https:\/\/novalion-med.com\/wp-content\/uploads\/2025\/04\/cropped-343496212_201698782614433_8037205422525878621_n-1.jpg\" \/>\n\t\t<meta property=\"og:image:secure_url\" content=\"https:\/\/novalion-med.com\/wp-content\/uploads\/2025\/04\/cropped-343496212_201698782614433_8037205422525878621_n-1.jpg\" \/>\n\t\t<meta property=\"og:image:width\" content=\"512\" \/>\n\t\t<meta property=\"og:image:height\" content=\"512\" \/>\n\t\t<meta property=\"article:published_time\" content=\"2025-06-20T07:02:07+00:00\" \/>\n\t\t<meta property=\"article:modified_time\" content=\"2025-06-20T07:06:48+00:00\" \/>\n\t\t<meta property=\"article:publisher\" content=\"https:\/\/www.facebook.com\/NovalionMedical\/\" \/>\n\t\t<meta name=\"twitter:card\" content=\"summary_large_image\" \/>\n\t\t<meta name=\"twitter:title\" content=\"Adjustable Height Commode Chair in Blue\/White\" \/>\n\t\t<meta name=\"twitter:description\" content=\"Stainless steel commode chair with 77-87cm height range, 53\u00d743cm base. Foldable, non-slip, thickened pipe, designed for taller users in bathroom settings.\" \/>\n\t\t<meta name=\"twitter:image\" content=\"https:\/\/novalion-med.com\/wp-content\/uploads\/2025\/04\/cropped-343496212_201698782614433_8037205422525878621_n-1.jpg\" \/>\n\t\t<script type=\"application\/ld+json\" class=\"aioseo-schema\">\n\t\t\t{\"@context\":\"https:\\\/\\\/schema.org\",\"@graph\":[{\"@type\":\"BreadcrumbList\",\"@id\":\"https:\\\/\\\/novalion-med.com\\\/fr\\\/produit\\\/chaise-daisance-reglable-en-hauteur-en-bleu-blanc-2\\\/#breadcrumblist\",\"itemListElement\":[{\"@type\":\"ListItem\",\"@id\":\"https:\\\/\\\/novalion-med.com\\\/fr\\\/#listItem\",\"position\":1,\"name\":\"Home\",\"item\":\"https:\\\/\\\/novalion-med.com\\\/fr\\\/\",\"nextItem\":\"https:\\\/\\\/novalion-med.com\\\/fr\\\/produit\\\/chaise-daisance-reglable-en-hauteur-en-bleu-blanc-2\\\/#listItem\"},{\"@type\":\"ListItem\",\"@id\":\"https:\\\/\\\/novalion-med.com\\\/fr\\\/produit\\\/chaise-daisance-reglable-en-hauteur-en-bleu-blanc-2\\\/#listItem\",\"position\":2,\"name\":\"Adjustable Height Commode Chair in Blue\\\/White\",\"previousItem\":\"https:\\\/\\\/novalion-med.com\\\/fr\\\/#listItem\"}]},{\"@type\":\"Organization\",\"@id\":\"https:\\\/\\\/novalion-med.com\\\/fr\\\/#organization\",\"name\":\"novalion-med.com\",\"url\":\"https:\\\/\\\/novalion-med.com\\\/fr\\\/\",\"logo\":{\"@type\":\"ImageObject\",\"url\":\"https:\\\/\\\/novalion-med.com\\\/wp-content\\\/uploads\\\/2025\\\/04\\\/cropped-343496212_201698782614433_8037205422525878621_n-1.jpg\",\"@id\":\"https:\\\/\\\/novalion-med.com\\\/fr\\\/produit\\\/chaise-daisance-reglable-en-hauteur-en-bleu-blanc-2\\\/#organizationLogo\",\"width\":512,\"height\":512},\"image\":{\"@id\":\"https:\\\/\\\/novalion-med.com\\\/fr\\\/produit\\\/chaise-daisance-reglable-en-hauteur-en-bleu-blanc-2\\\/#organizationLogo\"},\"sameAs\":[\"https:\\\/\\\/www.facebook.com\\\/NovalionMedical\\\/\",\"https:\\\/\\\/www.youtube.com\\\/@NwlMedicalInstrument\"],\"contactPoint\":{\"@type\":\"ContactPoint\",\"telephone\":\"+8618326188070\",\"contactType\":\"Sales\"}},{\"@type\":\"Product\",\"@id\":\"https:\\\/\\\/novalion-med.com\\\/fr\\\/produit\\\/chaise-daisance-reglable-en-hauteur-en-bleu-blanc-2\\\/#wooCommerceProduct\",\"name\":\"Adjustable Height Commode Chair in Blue\\\/White\",\"description\":\"Novalion\\u2019s NL190303A-12 commode chair is a tall adjustable solution designed for bathroom use, constructed from stainless steel in a blue and white color combination. With a height range of 77-87cm, it provides extra support for users who need a taller seating option. The chair features a lightweight and foldable design, making it easy to handle, while its non-slip and stable construction, enhanced by a thicken pipe, ensures safety. Measuring approximately 53cm in length, 43cm in width, and with the adjustable height, it fits well in most bathrooms. Packaged in an 81\\u00d756\\u00d756cm box with 5 pieces per carton, and weighing 25kg gross, this multifunctional chair offers both height adjustability and durability for everyday bathroom use.\",\"url\":\"https:\\\/\\\/novalion-med.com\\\/fr\\\/produit\\\/chaise-daisance-reglable-en-hauteur-en-bleu-blanc-2\\\/\",\"sku\":\"NL190303A-12\",\"image\":{\"@type\":\"ImageObject\",\"url\":\"https:\\\/\\\/novalion-med.com\\\/wp-content\\\/uploads\\\/2025\\\/06\\\/NL190303A-12-Tall-Adjustable-Commode-Chair-in-BlueWhite.jpg\",\"@id\":\"https:\\\/\\\/novalion-med.com\\\/fr\\\/produit\\\/chaise-daisance-reglable-en-hauteur-en-bleu-blanc-2\\\/#productImage\",\"width\":800,\"height\":800,\"caption\":\"NL190303A-12 Tall Adjustable Commode Chair in BlueWhite\"},\"offers\":{\"@type\":\"Offer\",\"url\":\"https:\\\/\\\/novalion-med.com\\\/fr\\\/produit\\\/chaise-daisance-reglable-en-hauteur-en-bleu-blanc-2\\\/#wooCommerceOffer\",\"priceCurrency\":\"PHP\",\"category\":\"Commode Chairs\",\"availability\":\"https:\\\/\\\/schema.org\\\/InStock\",\"seller\":{\"@type\":\"Organization\",\"@id\":\"https:\\\/\\\/novalion-med.com\\\/fr\\\/#organization\"},\"price\":111}},{\"@type\":\"WebPage\",\"@id\":\"https:\\\/\\\/novalion-med.com\\\/fr\\\/produit\\\/chaise-daisance-reglable-en-hauteur-en-bleu-blanc-2\\\/#webpage\",\"url\":\"https:\\\/\\\/novalion-med.com\\\/fr\\\/produit\\\/chaise-daisance-reglable-en-hauteur-en-bleu-blanc-2\\\/\",\"name\":\"Adjustable Height Commode Chair in Blue\\\/White\",\"description\":\"Stainless steel commode chair with 77-87cm height range, 53\\u00d743cm base. Foldable, non-slip, thickened pipe, designed for taller users in bathroom settings.\",\"inLanguage\":\"fr-FR\",\"isPartOf\":{\"@id\":\"https:\\\/\\\/novalion-med.com\\\/fr\\\/#website\"},\"breadcrumb\":{\"@id\":\"https:\\\/\\\/novalion-med.com\\\/fr\\\/produit\\\/chaise-daisance-reglable-en-hauteur-en-bleu-blanc-2\\\/#breadcrumblist\"},\"image\":{\"@type\":\"ImageObject\",\"url\":\"https:\\\/\\\/novalion-med.com\\\/wp-content\\\/uploads\\\/2025\\\/06\\\/NL190303A-12-Tall-Adjustable-Commode-Chair-in-BlueWhite.jpg\",\"@id\":\"https:\\\/\\\/novalion-med.com\\\/fr\\\/produit\\\/chaise-daisance-reglable-en-hauteur-en-bleu-blanc-2\\\/#mainImage\",\"width\":800,\"height\":800,\"caption\":\"NL190303A-12 Tall Adjustable Commode Chair in BlueWhite\"},\"primaryImageOfPage\":{\"@id\":\"https:\\\/\\\/novalion-med.com\\\/fr\\\/produit\\\/chaise-daisance-reglable-en-hauteur-en-bleu-blanc-2\\\/#mainImage\"},\"datePublished\":\"2025-06-20T07:02:07+00:00\",\"dateModified\":\"2025-06-20T07:06:48+00:00\"},{\"@type\":\"WebSite\",\"@id\":\"https:\\\/\\\/novalion-med.com\\\/fr\\\/#website\",\"url\":\"https:\\\/\\\/novalion-med.com\\\/fr\\\/\",\"name\":\"novalion-med.com\",\"description\":\"Wheelchair, Hospital bed, Walker,Commode chair,Crutch...\",\"inLanguage\":\"fr-FR\",\"publisher\":{\"@id\":\"https:\\\/\\\/novalion-med.com\\\/fr\\\/#organization\"}}]}\n\t\t<\/script>\n\t\t<!-- All in One SEO Pro -->\r\n\t\t<title>Adjustable Height Commode Chair in Blue\/White<\/title>\n\n","aioseo_head_json":{"title":"Adjustable Height Commode Chair in Blue\/White","description":"Stainless steel commode chair with 77-87cm height range, 53\u00d743cm base. Foldable, non-slip, thickened pipe, designed for taller users in bathroom settings.","canonical_url":"https:\/\/novalion-med.com\/fr\/produit\/chaise-daisance-reglable-en-hauteur-en-bleu-blanc-2\/","robots":"max-image-preview:large","keywords":"","webmasterTools":{"google-site-verification":"XE0Krczs_zYC4qBAqnvyRaNEYa9NQEP4HzU7PPpzxoI","miscellaneous":""},"og:locale":"fr_FR","og:site_name":"Novalion Medical \u2013 Wheelchair, Hospital bed, Walker,Commode chair,Crutch...","og:type":"article","og:title":"Adjustable Height Commode Chair in Blue\/White","og:description":"Stainless steel commode chair with 77-87cm height range, 53\u00d743cm base. Foldable, non-slip, thickened pipe, designed for taller users in bathroom settings.","og:url":"https:\/\/novalion-med.com\/fr\/produit\/chaise-daisance-reglable-en-hauteur-en-bleu-blanc-2\/","og:image":"https:\/\/novalion-med.com\/wp-content\/uploads\/2025\/04\/cropped-343496212_201698782614433_8037205422525878621_n-1.jpg","og:image:secure_url":"https:\/\/novalion-med.com\/wp-content\/uploads\/2025\/04\/cropped-343496212_201698782614433_8037205422525878621_n-1.jpg","og:image:width":512,"og:image:height":512,"article:published_time":"2025-06-20T07:02:07+00:00","article:modified_time":"2025-06-20T07:06:48+00:00","article:publisher":"https:\/\/www.facebook.com\/NovalionMedical\/","twitter:card":"summary_large_image","twitter:title":"Adjustable Height Commode Chair in Blue\/White","twitter:description":"Stainless steel commode chair with 77-87cm height range, 53\u00d743cm base. Foldable, non-slip, thickened pipe, designed for taller users in bathroom settings.","twitter:image":"https:\/\/novalion-med.com\/wp-content\/uploads\/2025\/04\/cropped-343496212_201698782614433_8037205422525878621_n-1.jpg","schema":{"@context":"https:\/\/schema.org","@graph":[{"@type":"BreadcrumbList","@id":"https:\/\/novalion-med.com\/fr\/produit\/chaise-daisance-reglable-en-hauteur-en-bleu-blanc-2\/#breadcrumblist","itemListElement":[{"@type":"ListItem","@id":"https:\/\/novalion-med.com\/fr\/#listItem","position":1,"name":"Home","item":"https:\/\/novalion-med.com\/fr\/","nextItem":"https:\/\/novalion-med.com\/fr\/produit\/chaise-daisance-reglable-en-hauteur-en-bleu-blanc-2\/#listItem"},{"@type":"ListItem","@id":"https:\/\/novalion-med.com\/fr\/produit\/chaise-daisance-reglable-en-hauteur-en-bleu-blanc-2\/#listItem","position":2,"name":"Adjustable Height Commode Chair in Blue\/White","previousItem":"https:\/\/novalion-med.com\/fr\/#listItem"}]},{"@type":"Organization","@id":"https:\/\/novalion-med.com\/fr\/#organization","name":"novalion-med.com","url":"https:\/\/novalion-med.com\/fr\/","logo":{"@type":"ImageObject","url":"https:\/\/novalion-med.com\/wp-content\/uploads\/2025\/04\/cropped-343496212_201698782614433_8037205422525878621_n-1.jpg","@id":"https:\/\/novalion-med.com\/fr\/produit\/chaise-daisance-reglable-en-hauteur-en-bleu-blanc-2\/#organizationLogo","width":512,"height":512},"image":{"@id":"https:\/\/novalion-med.com\/fr\/produit\/chaise-daisance-reglable-en-hauteur-en-bleu-blanc-2\/#organizationLogo"},"sameAs":["https:\/\/www.facebook.com\/NovalionMedical\/","https:\/\/www.youtube.com\/@NwlMedicalInstrument"],"contactPoint":{"@type":"ContactPoint","telephone":"+8618326188070","contactType":"Sales"}},{"@type":"Product","@id":"https:\/\/novalion-med.com\/fr\/produit\/chaise-daisance-reglable-en-hauteur-en-bleu-blanc-2\/#wooCommerceProduct","name":"Adjustable Height Commode Chair in Blue\/White","description":"Novalion\u2019s NL190303A-12 commode chair is a tall adjustable solution designed for bathroom use, constructed from stainless steel in a blue and white color combination. With a height range of 77-87cm, it provides extra support for users who need a taller seating option. The chair features a lightweight and foldable design, making it easy to handle, while its non-slip and stable construction, enhanced by a thicken pipe, ensures safety. Measuring approximately 53cm in length, 43cm in width, and with the adjustable height, it fits well in most bathrooms. Packaged in an 81\u00d756\u00d756cm box with 5 pieces per carton, and weighing 25kg gross, this multifunctional chair offers both height adjustability and durability for everyday bathroom use.","url":"https:\/\/novalion-med.com\/fr\/produit\/chaise-daisance-reglable-en-hauteur-en-bleu-blanc-2\/","sku":"NL190303A-12","image":{"@type":"ImageObject","url":"https:\/\/novalion-med.com\/wp-content\/uploads\/2025\/06\/NL190303A-12-Tall-Adjustable-Commode-Chair-in-BlueWhite.jpg","@id":"https:\/\/novalion-med.com\/fr\/produit\/chaise-daisance-reglable-en-hauteur-en-bleu-blanc-2\/#productImage","width":800,"height":800,"caption":"NL190303A-12 Tall Adjustable Commode Chair in BlueWhite"},"offers":{"@type":"Offer","url":"https:\/\/novalion-med.com\/fr\/produit\/chaise-daisance-reglable-en-hauteur-en-bleu-blanc-2\/#wooCommerceOffer","priceCurrency":"PHP","category":"Commode Chairs","availability":"https:\/\/schema.org\/InStock","seller":{"@type":"Organization","@id":"https:\/\/novalion-med.com\/fr\/#organization"},"price":111}},{"@type":"WebPage","@id":"https:\/\/novalion-med.com\/fr\/produit\/chaise-daisance-reglable-en-hauteur-en-bleu-blanc-2\/#webpage","url":"https:\/\/novalion-med.com\/fr\/produit\/chaise-daisance-reglable-en-hauteur-en-bleu-blanc-2\/","name":"Adjustable Height Commode Chair in Blue\/White","description":"Stainless steel commode chair with 77-87cm height range, 53\u00d743cm base. Foldable, non-slip, thickened pipe, designed for taller users in bathroom settings.","inLanguage":"fr-FR","isPartOf":{"@id":"https:\/\/novalion-med.com\/fr\/#website"},"breadcrumb":{"@id":"https:\/\/novalion-med.com\/fr\/produit\/chaise-daisance-reglable-en-hauteur-en-bleu-blanc-2\/#breadcrumblist"},"image":{"@type":"ImageObject","url":"https:\/\/novalion-med.com\/wp-content\/uploads\/2025\/06\/NL190303A-12-Tall-Adjustable-Commode-Chair-in-BlueWhite.jpg","@id":"https:\/\/novalion-med.com\/fr\/produit\/chaise-daisance-reglable-en-hauteur-en-bleu-blanc-2\/#mainImage","width":800,"height":800,"caption":"NL190303A-12 Tall Adjustable Commode Chair in BlueWhite"},"primaryImageOfPage":{"@id":"https:\/\/novalion-med.com\/fr\/produit\/chaise-daisance-reglable-en-hauteur-en-bleu-blanc-2\/#mainImage"},"datePublished":"2025-06-20T07:02:07+00:00","dateModified":"2025-06-20T07:06:48+00:00"},{"@type":"WebSite","@id":"https:\/\/novalion-med.com\/fr\/#website","url":"https:\/\/novalion-med.com\/fr\/","name":"novalion-med.com","description":"Wheelchair, Hospital bed, Walker,Commode chair,Crutch...","inLanguage":"fr-FR","publisher":{"@id":"https:\/\/novalion-med.com\/fr\/#organization"}}]}},"aioseo_meta_data":{"post_id":"5932","title":"Adjustable Height Commode Chair in Blue\/White","description":"Stainless steel commode chair with 77-87cm height range, 53\u00d743cm base. Foldable, non-slip, thickened pipe, designed for taller users in bathroom settings.","keywords":"[]","keyphrases":"{\"focus\":{\"keyphrase\":\"\",\"score\":0,\"analysis\":{\"keyphraseInTitle\":{\"score\":0,\"maxScore\":9,\"error\":1}}},\"additional\":[]}","primary_term":null,"canonical_url":null,"og_title":null,"og_description":null,"og_object_type":"default","og_image_type":"default","og_image_url":null,"og_image_width":null,"og_image_height":null,"og_image_custom_url":null,"og_image_custom_fields":null,"og_video":"","og_custom_url":null,"og_article_section":null,"og_article_tags":"[]","twitter_use_og":false,"twitter_card":"default","twitter_image_type":"default","twitter_image_url":null,"twitter_image_custom_url":null,"twitter_image_custom_fields":null,"twitter_title":null,"twitter_description":null,"schema":{"blockGraphs":[],"customGraphs":[],"default":{"data":{"Article":[],"Course":[],"Dataset":[],"FAQPage":[],"Movie":[],"Person":[],"Product":[],"Recipe":[],"Service":[],"SoftwareApplication":[],"WebPage":[]},"graphName":"Product","isEnabled":true},"graphs":[]},"schema_type":"default","schema_type_options":null,"pillar_content":false,"robots_default":true,"robots_noindex":false,"robots_noarchive":false,"robots_nosnippet":false,"robots_nofollow":false,"robots_noimageindex":false,"robots_noodp":false,"robots_notranslate":false,"robots_max_snippet":"-1","robots_max_videopreview":"-1","robots_max_imagepreview":"large","priority":null,"frequency":"default","local_seo":null,"limit_modified_date":false,"created":"2025-06-20 07:02:07","updated":"2025-06-20 07:07:38"},"_links":{"self":[{"href":"https:\/\/novalion-med.com\/fr\/wp-json\/wp\/v2\/product\/5932","targetHints":{"allow":["GET"]}}],"collection":[{"href":"https:\/\/novalion-med.com\/fr\/wp-json\/wp\/v2\/product"}],"about":[{"href":"https:\/\/novalion-med.com\/fr\/wp-json\/wp\/v2\/types\/product"}],"version-history":[{"count":4,"href":"https:\/\/novalion-med.com\/fr\/wp-json\/wp\/v2\/product\/5932\/revisions"}],"predecessor-version":[{"id":5936,"href":"https:\/\/novalion-med.com\/fr\/wp-json\/wp\/v2\/product\/5932\/revisions\/5936"}],"wp:featuredmedia":[{"embeddable":true,"href":"https:\/\/novalion-med.com\/fr\/wp-json\/wp\/v2\/media\/5919"}],"wp:attachment":[{"href":"https:\/\/novalion-med.com\/fr\/wp-json\/wp\/v2\/media?parent=5932"}],"wp:term":[{"taxonomy":"product_brand","embeddable":true,"href":"https:\/\/novalion-med.com\/fr\/wp-json\/wp\/v2\/product_brand?post=5932"},{"taxonomy":"product_cat","embeddable":true,"href":"https:\/\/novalion-med.com\/fr\/wp-json\/wp\/v2\/product_cat?post=5932"},{"taxonomy":"product_tag","embeddable":true,"href":"https:\/\/novalion-med.com\/fr\/wp-json\/wp\/v2\/product_tag?post=5932"}],"curies":[{"name":"wp","href":"https:\/\/api.w.org\/{rel}","templated":true}]}}