{"id":5858,"date":"2025-06-20T06:07:01","date_gmt":"2025-06-20T06:07:01","guid":{"rendered":"https:\/\/novalion-med.com\/?post_type=product&#038;p=5858"},"modified":"2025-06-20T06:10:48","modified_gmt":"2025-06-20T06:10:48","slug":"chaise-daisance-compacte-et-pliable-pour-la-salle-de-bain","status":"publish","type":"product","link":"https:\/\/novalion-med.com\/fr\/produit\/chaise-daisance-compacte-et-pliable-pour-la-salle-de-bain\/","title":{"rendered":"Chaise d'aisance compacte et pliable pour la salle de bains"},"content":{"rendered":"<div data-elementor-type=\"product-post\" data-elementor-id=\"5858\" class=\"elementor elementor-5858\" data-elementor-post-type=\"product\">\n\t\t\t\t<div class=\"elementor-element elementor-element-1c93f1cb e-con-full e-flex e-con e-parent\" data-id=\"1c93f1cb\" data-element_type=\"container\">\n\t\t\t\t<div class=\"elementor-element elementor-element-2240ff1 elementor-widget elementor-widget-heading\" data-id=\"2240ff1\" data-element_type=\"widget\" data-widget_type=\"heading.default\">\n\t\t\t\t<div class=\"elementor-widget-container\">\n\t\t\t\t\t<h2 class=\"elementor-heading-title elementor-size-default\">Chaise d'aisance compacte et pliable pour la salle de bains<\/h2>\t\t\t\t<\/div>\n\t\t\t\t<\/div>\n\t\t\t\t<div class=\"elementor-element elementor-element-45d8c46 elementor-widget elementor-widget-text-editor\" data-id=\"45d8c46\" data-element_type=\"widget\" data-widget_type=\"text-editor.default\">\n\t\t\t\t<div class=\"elementor-widget-container\">\n\t\t\t\t\t\t\t\t\t<p>Cette chaise d'aisance bleue offre une solution peu encombrante gr\u00e2ce \u00e0 sa conception l\u00e9g\u00e8re et pliable. Fabriqu\u00e9e en fer et en ABS, elle garantit une stabilit\u00e9 antid\u00e9rapante et une grande durabilit\u00e9 gr\u00e2ce \u00e0 un tuyau \u00e9pais. Id\u00e9ale pour les salles de bains, ses dimensions compactes concilient fonctionnalit\u00e9 et commodit\u00e9, ce qui en fait un compl\u00e9ment judicieux \u00e0 toute installation de salle de bains.<\/p>\t\t\t\t\t\t\t\t<\/div>\n\t\t\t\t<\/div>\n\t\t\t\t<div class=\"elementor-element elementor-element-7152afc elementor-widget elementor-widget-text-editor\" data-id=\"7152afc\" data-element_type=\"widget\" data-widget_type=\"text-editor.default\">\n\t\t\t\t<div class=\"elementor-widget-container\">\n\t\t\t\t\t\t\t\t\t<h2>Caract\u00e9ristiques principales<\/h2><p>Cette chaise d'aisance pliante bleue permet de gagner de la place. La construction Iron-ABS, la stabilit\u00e9 antid\u00e9rapante et le tuyau \u00e9pais en font un produit id\u00e9al pour les salles de bains, alliant portabilit\u00e9 et soutien fiable.<\/p><ul><li>Conception pliable peu encombrante (48 cm de long x 50 cm de large x 80 cm de haut)<\/li><li>L\u00e9g\u00e8ret\u00e9 de la construction iron-ABS pour la portabilit\u00e9<\/li><li>Tube \u00e9pais pour une stabilit\u00e9 antid\u00e9rapante<\/li><li>Finition bleue adapt\u00e9e \u00e0 l'esth\u00e9tique de la salle de bains<\/li><li>Poids brut de 24 kg pour une manipulation ais\u00e9e<\/li><\/ul>\t\t\t\t\t\t\t\t<\/div>\n\t\t\t\t<\/div>\n\t\t\t\t<div class=\"elementor-element elementor-element-3a02177 elementor-widget elementor-widget-text-editor\" data-id=\"3a02177\" data-element_type=\"widget\" data-widget_type=\"text-editor.default\">\n\t\t\t\t<div class=\"elementor-widget-container\">\n\t\t\t\t\t\t\t\t\t<h2>Sp\u00e9cifications<\/h2><table><tbody><tr><td width=\"227\"><p><strong>Nom du produit<\/strong><\/p><\/td><td width=\"590\"><p style=\"text-align: center;\">Chaise d'aisance compacte et pliable pour la salle de bains<\/p><\/td><\/tr><tr><td width=\"227\"><p><strong>Application<\/strong><\/p><\/td><td width=\"590\"><p style=\"text-align: center;\">Salle de bains<\/p><\/td><\/tr><tr><td width=\"227\"><p><strong>Mat\u00e9riau <\/strong><\/p><\/td><td width=\"590\"><p style=\"text-align: center;\">Fer et ABS<\/p><\/td><\/tr><tr><td width=\"227\"><p><strong>Couleur<\/strong><\/p><\/td><td width=\"590\"><p style=\"text-align: center;\">Bleu<\/p><\/td><\/tr><tr><td width=\"227\"><p><strong>Longueur totale<\/strong><\/p><\/td><td width=\"590\"><p style=\"text-align: center;\">Environ 48 cm<\/p><\/td><\/tr><tr><td width=\"227\"><p><strong>Largeur totale<\/strong><\/p><\/td><td width=\"590\"><p style=\"text-align: center;\">Environ 50 cm<\/p><\/td><\/tr><tr><td width=\"227\"><p><strong>Hauteur totale<\/strong><\/p><\/td><td width=\"590\"><p style=\"text-align: center;\">Environ 80 cm<\/p><\/td><\/tr><tr><td width=\"227\"><p><strong>Taille de l'emballage<\/strong><\/p><\/td><td width=\"590\"><p style=\"text-align: center;\">97*62*58cm, 6pcs\/ctn<\/p><\/td><\/tr><tr><td width=\"227\"><p><strong>G.W.<\/strong><\/p><\/td><td width=\"590\"><p style=\"text-align: center;\">24 kg<\/p><\/td><\/tr><\/tbody><\/table>\t\t\t\t\t\t\t\t<\/div>\n\t\t\t\t<\/div>\n\t\t\t\t<div class=\"elementor-element elementor-element-2996df9 elementor-widget elementor-widget-text-editor\" data-id=\"2996df9\" data-element_type=\"widget\" data-widget_type=\"text-editor.default\">\n\t\t\t\t<div class=\"elementor-widget-container\">\n\t\t\t\t\t\t\t\t\t<p>D'autres \u00e9quipements m\u00e9dicaux peuvent \u00eatre trouv\u00e9s dans <a href=\"https:\/\/novalion-med.com\/fr\/\" target=\"_blank\" rel=\"noopener\">notre site web<\/a> ou <a href=\"https:\/\/api.whatsapp.com\/send\/?phone=%2B008618112908401&amp;text&amp;type=phone_number&amp;app_absent=0\" target=\"_blank\" rel=\"noopener\">notre whatsapp<\/a>.<\/p>\t\t\t\t\t\t\t\t<\/div>\n\t\t\t\t<\/div>\n\t\t\t\t<\/div>\n\t\t\t\t<\/div>","protected":false},"excerpt":{"rendered":"<p>La chaise d'aisance Novalion NL190303A-2 est une solution polyvalente pour la salle de bains, con\u00e7ue avec des caract\u00e9ristiques l\u00e9g\u00e8res et pliables pour une manipulation facile. Fabriqu\u00e9e en fer et en ABS, la chaise bleue assure la stabilit\u00e9 gr\u00e2ce \u00e0 son design antid\u00e9rapant et \u00e0 son tuyau \u00e9pais, ce qui permet de s'asseoir en toute s\u00e9curit\u00e9. Mesurant environ 48 cm de long, 50 cm de large et 80 cm de haut, elle offre un encombrement r\u00e9duit tout en conservant sa fonctionnalit\u00e9. La taille d'emballage de 97\u00d762\u00d758cm avec 6 pi\u00e8ces par carton le rend efficace pour le transport. D'un poids brut de 24 kg, cette chaise d'aisance est multifonctionnelle, adapt\u00e9e aux diff\u00e9rents besoins de la salle de bains, et combine durabilit\u00e9 et commodit\u00e9 pour un usage quotidien.<\/p>","protected":false},"featured_media":5842,"template":"elementor_theme","meta":{"site-sidebar-layout":"default","site-content-layout":"","ast-site-content-layout":"default","site-content-style":"default","site-sidebar-style":"default","ast-global-header-display":"","ast-banner-title-visibility":"","ast-main-header-display":"","ast-hfb-above-header-display":"","ast-hfb-below-header-display":"","ast-hfb-mobile-header-display":"","site-post-title":"","ast-breadcrumbs-content":"","ast-featured-img":"","footer-sml-layout":"","theme-transparent-header-meta":"default","adv-header-id-meta":"","stick-header-meta":"default","header-above-stick-meta":"","header-main-stick-meta":"","header-below-stick-meta":"","astra-migrate-meta-layouts":"set","ast-page-background-enabled":"default","ast-page-background-meta":{"desktop":{"background-color":"var(--ast-global-color-4)","background-image":"","background-repeat":"repeat","background-position":"center center","background-size":"auto","background-attachment":"scroll","background-type":"","background-media":"","overlay-type":"","overlay-color":"","overlay-opacity":"","overlay-gradient":""},"tablet":{"background-color":"","background-image":"","background-repeat":"repeat","background-position":"center center","background-size":"auto","background-attachment":"scroll","background-type":"","background-media":"","overlay-type":"","overlay-color":"","overlay-opacity":"","overlay-gradient":""},"mobile":{"background-color":"","background-image":"","background-repeat":"repeat","background-position":"center center","background-size":"auto","background-attachment":"scroll","background-type":"","background-media":"","overlay-type":"","overlay-color":"","overlay-opacity":"","overlay-gradient":""}},"ast-content-background-meta":{"desktop":{"background-color":"var(--ast-global-color-5)","background-image":"","background-repeat":"repeat","background-position":"center center","background-size":"auto","background-attachment":"scroll","background-type":"","background-media":"","overlay-type":"","overlay-color":"","overlay-opacity":"","overlay-gradient":""},"tablet":{"background-color":"var(--ast-global-color-5)","background-image":"","background-repeat":"repeat","background-position":"center center","background-size":"auto","background-attachment":"scroll","background-type":"","background-media":"","overlay-type":"","overlay-color":"","overlay-opacity":"","overlay-gradient":""},"mobile":{"background-color":"var(--ast-global-color-5)","background-image":"","background-repeat":"repeat","background-position":"center center","background-size":"auto","background-attachment":"scroll","background-type":"","background-media":"","overlay-type":"","overlay-color":"","overlay-opacity":"","overlay-gradient":""}}},"product_brand":[],"product_cat":[94],"product_tag":[],"class_list":{"0":"post-5858","1":"product","2":"type-product","3":"status-publish","4":"has-post-thumbnail","6":"product_cat-commode-chairs","7":"desktop-align-center","8":"tablet-align-left","9":"mobile-align-left","10":"ast-product-gallery-layout-horizontal-slider","11":"ast-magnify-disabled","12":"ast-product-tabs-layout-accordion","13":"ast-qv-on-image","15":"first","16":"instock","17":"shipping-taxable","18":"purchasable","19":"product-type-simple"},"aioseo_notices":[],"aioseo_head":"\n\t\t<!-- All in One SEO Pro 4.6.0 - aioseo.com -->\n\t\t<meta name=\"description\" content=\"This blue iron-ABS commode chair features a space-saving design, combining lightweight folding, non-slip stability for reliable bathroom support.\" \/>\n\t\t<meta name=\"robots\" content=\"max-image-preview:large\" \/>\n\t\t<meta name=\"google-site-verification\" content=\"XE0Krczs_zYC4qBAqnvyRaNEYa9NQEP4HzU7PPpzxoI\" \/>\n\t\t<link rel=\"canonical\" href=\"https:\/\/novalion-med.com\/fr\/produit\/chaise-daisance-compacte-et-pliable-pour-la-salle-de-bain\/\" \/>\n\t\t<meta name=\"generator\" content=\"All in One SEO Pro (AIOSEO) 4.6.0\" \/>\n\t\t<meta property=\"og:locale\" content=\"fr_FR\" \/>\n\t\t<meta property=\"og:site_name\" content=\"Novalion Medical \u2013 Wheelchair, Hospital bed, Walker,Commode chair,Crutch...\" \/>\n\t\t<meta property=\"og:type\" content=\"article\" \/>\n\t\t<meta property=\"og:title\" content=\"Compact Foldable Commode Chair for Bathroom\" \/>\n\t\t<meta property=\"og:description\" content=\"This blue iron-ABS commode chair features a space-saving design, combining lightweight folding, non-slip stability for reliable bathroom support.\" \/>\n\t\t<meta property=\"og:url\" content=\"https:\/\/novalion-med.com\/fr\/produit\/chaise-daisance-compacte-et-pliable-pour-la-salle-de-bain\/\" \/>\n\t\t<meta property=\"og:image\" content=\"https:\/\/novalion-med.com\/wp-content\/uploads\/2025\/04\/cropped-343496212_201698782614433_8037205422525878621_n-1.jpg\" \/>\n\t\t<meta property=\"og:image:secure_url\" content=\"https:\/\/novalion-med.com\/wp-content\/uploads\/2025\/04\/cropped-343496212_201698782614433_8037205422525878621_n-1.jpg\" \/>\n\t\t<meta property=\"og:image:width\" content=\"512\" \/>\n\t\t<meta property=\"og:image:height\" content=\"512\" \/>\n\t\t<meta property=\"article:published_time\" content=\"2025-06-20T06:07:01+00:00\" \/>\n\t\t<meta property=\"article:modified_time\" content=\"2025-06-20T06:10:48+00:00\" \/>\n\t\t<meta property=\"article:publisher\" content=\"https:\/\/www.facebook.com\/NovalionMedical\/\" \/>\n\t\t<meta name=\"twitter:card\" content=\"summary_large_image\" \/>\n\t\t<meta name=\"twitter:title\" content=\"Compact Foldable Commode Chair for Bathroom\" \/>\n\t\t<meta name=\"twitter:description\" content=\"This blue iron-ABS commode chair features a space-saving design, combining lightweight folding, non-slip stability for reliable bathroom support.\" \/>\n\t\t<meta name=\"twitter:image\" content=\"https:\/\/novalion-med.com\/wp-content\/uploads\/2025\/04\/cropped-343496212_201698782614433_8037205422525878621_n-1.jpg\" \/>\n\t\t<script type=\"application\/ld+json\" class=\"aioseo-schema\">\n\t\t\t{\"@context\":\"https:\\\/\\\/schema.org\",\"@graph\":[{\"@type\":\"BreadcrumbList\",\"@id\":\"https:\\\/\\\/novalion-med.com\\\/fr\\\/produit\\\/chaise-daisance-compacte-et-pliable-pour-la-salle-de-bain\\\/#breadcrumblist\",\"itemListElement\":[{\"@type\":\"ListItem\",\"@id\":\"https:\\\/\\\/novalion-med.com\\\/fr\\\/#listItem\",\"position\":1,\"name\":\"Home\",\"item\":\"https:\\\/\\\/novalion-med.com\\\/fr\\\/\",\"nextItem\":\"https:\\\/\\\/novalion-med.com\\\/fr\\\/produit\\\/chaise-daisance-compacte-et-pliable-pour-la-salle-de-bain\\\/#listItem\"},{\"@type\":\"ListItem\",\"@id\":\"https:\\\/\\\/novalion-med.com\\\/fr\\\/produit\\\/chaise-daisance-compacte-et-pliable-pour-la-salle-de-bain\\\/#listItem\",\"position\":2,\"name\":\"Compact Foldable Commode Chair for Bathroom\",\"previousItem\":\"https:\\\/\\\/novalion-med.com\\\/fr\\\/#listItem\"}]},{\"@type\":\"Organization\",\"@id\":\"https:\\\/\\\/novalion-med.com\\\/fr\\\/#organization\",\"name\":\"novalion-med.com\",\"url\":\"https:\\\/\\\/novalion-med.com\\\/fr\\\/\",\"logo\":{\"@type\":\"ImageObject\",\"url\":\"https:\\\/\\\/novalion-med.com\\\/wp-content\\\/uploads\\\/2025\\\/04\\\/cropped-343496212_201698782614433_8037205422525878621_n-1.jpg\",\"@id\":\"https:\\\/\\\/novalion-med.com\\\/fr\\\/produit\\\/chaise-daisance-compacte-et-pliable-pour-la-salle-de-bain\\\/#organizationLogo\",\"width\":512,\"height\":512},\"image\":{\"@id\":\"https:\\\/\\\/novalion-med.com\\\/fr\\\/produit\\\/chaise-daisance-compacte-et-pliable-pour-la-salle-de-bain\\\/#organizationLogo\"},\"sameAs\":[\"https:\\\/\\\/www.facebook.com\\\/NovalionMedical\\\/\",\"https:\\\/\\\/www.youtube.com\\\/@NwlMedicalInstrument\"],\"contactPoint\":{\"@type\":\"ContactPoint\",\"telephone\":\"+8618326188070\",\"contactType\":\"Sales\"}},{\"@type\":\"Product\",\"@id\":\"https:\\\/\\\/novalion-med.com\\\/fr\\\/produit\\\/chaise-daisance-compacte-et-pliable-pour-la-salle-de-bain\\\/#wooCommerceProduct\",\"name\":\"Compact Foldable Commode Chair for Bathroom\",\"description\":\"The Novalion NL190303A-2 commode chair is a versatile bathroom solution, designed with lightweight and foldable features for easy handling. Made from iron and ABS, the blue chair ensures stability with its non-slip design and thicken pipe, providing a secure seating experience. Measuring about 48cm in length, 50cm in width, and 80cm in height, it offers a compact footprint while maintaining functionality. The packing size of 97\\u00d762\\u00d758cm with 6 pieces per carton makes it efficient for transportation. Weighing 24kg gross, this commode chair is multifunctional, suitable for various bathroom needs, and combines durability with convenience for everyday use.\",\"url\":\"https:\\\/\\\/novalion-med.com\\\/fr\\\/produit\\\/chaise-daisance-compacte-et-pliable-pour-la-salle-de-bain\\\/\",\"sku\":\"NL190303A-2\",\"image\":{\"@type\":\"ImageObject\",\"url\":\"https:\\\/\\\/novalion-med.com\\\/wp-content\\\/uploads\\\/2025\\\/06\\\/NL190303A-2-Compact-Foldable-Commode-Chair-for-Bathroom.png\",\"@id\":\"https:\\\/\\\/novalion-med.com\\\/fr\\\/produit\\\/chaise-daisance-compacte-et-pliable-pour-la-salle-de-bain\\\/#productImage\",\"width\":1276,\"height\":1276,\"caption\":\"NL190303A-2 Compact Foldable Commode Chair for Bathroom\"},\"offers\":{\"@type\":\"Offer\",\"url\":\"https:\\\/\\\/novalion-med.com\\\/fr\\\/produit\\\/chaise-daisance-compacte-et-pliable-pour-la-salle-de-bain\\\/#wooCommerceOffer\",\"priceCurrency\":\"PHP\",\"category\":\"Commode Chairs\",\"availability\":\"https:\\\/\\\/schema.org\\\/InStock\",\"seller\":{\"@type\":\"Organization\",\"@id\":\"https:\\\/\\\/novalion-med.com\\\/fr\\\/#organization\"},\"price\":111}},{\"@type\":\"WebPage\",\"@id\":\"https:\\\/\\\/novalion-med.com\\\/fr\\\/produit\\\/chaise-daisance-compacte-et-pliable-pour-la-salle-de-bain\\\/#webpage\",\"url\":\"https:\\\/\\\/novalion-med.com\\\/fr\\\/produit\\\/chaise-daisance-compacte-et-pliable-pour-la-salle-de-bain\\\/\",\"name\":\"Compact Foldable Commode Chair for Bathroom\",\"description\":\"This blue iron-ABS commode chair features a space-saving design, combining lightweight folding, non-slip stability for reliable bathroom support.\",\"inLanguage\":\"fr-FR\",\"isPartOf\":{\"@id\":\"https:\\\/\\\/novalion-med.com\\\/fr\\\/#website\"},\"breadcrumb\":{\"@id\":\"https:\\\/\\\/novalion-med.com\\\/fr\\\/produit\\\/chaise-daisance-compacte-et-pliable-pour-la-salle-de-bain\\\/#breadcrumblist\"},\"image\":{\"@type\":\"ImageObject\",\"url\":\"https:\\\/\\\/novalion-med.com\\\/wp-content\\\/uploads\\\/2025\\\/06\\\/NL190303A-2-Compact-Foldable-Commode-Chair-for-Bathroom.png\",\"@id\":\"https:\\\/\\\/novalion-med.com\\\/fr\\\/produit\\\/chaise-daisance-compacte-et-pliable-pour-la-salle-de-bain\\\/#mainImage\",\"width\":1276,\"height\":1276,\"caption\":\"NL190303A-2 Compact Foldable Commode Chair for Bathroom\"},\"primaryImageOfPage\":{\"@id\":\"https:\\\/\\\/novalion-med.com\\\/fr\\\/produit\\\/chaise-daisance-compacte-et-pliable-pour-la-salle-de-bain\\\/#mainImage\"},\"datePublished\":\"2025-06-20T06:07:01+00:00\",\"dateModified\":\"2025-06-20T06:10:48+00:00\"},{\"@type\":\"WebSite\",\"@id\":\"https:\\\/\\\/novalion-med.com\\\/fr\\\/#website\",\"url\":\"https:\\\/\\\/novalion-med.com\\\/fr\\\/\",\"name\":\"novalion-med.com\",\"description\":\"Wheelchair, Hospital bed, Walker,Commode chair,Crutch...\",\"inLanguage\":\"fr-FR\",\"publisher\":{\"@id\":\"https:\\\/\\\/novalion-med.com\\\/fr\\\/#organization\"}}]}\n\t\t<\/script>\n\t\t<!-- All in One SEO Pro -->\r\n\t\t<title>Compact Foldable Commode Chair for Bathroom<\/title>\n\n","aioseo_head_json":{"title":"Compact Foldable Commode Chair for Bathroom","description":"This blue iron-ABS commode chair features a space-saving design, combining lightweight folding, non-slip stability for reliable bathroom support.","canonical_url":"https:\/\/novalion-med.com\/fr\/produit\/chaise-daisance-compacte-et-pliable-pour-la-salle-de-bain\/","robots":"max-image-preview:large","keywords":"","webmasterTools":{"google-site-verification":"XE0Krczs_zYC4qBAqnvyRaNEYa9NQEP4HzU7PPpzxoI","miscellaneous":""},"og:locale":"fr_FR","og:site_name":"Novalion Medical \u2013 Wheelchair, Hospital bed, Walker,Commode chair,Crutch...","og:type":"article","og:title":"Compact Foldable Commode Chair for Bathroom","og:description":"This blue iron-ABS commode chair features a space-saving design, combining lightweight folding, non-slip stability for reliable bathroom support.","og:url":"https:\/\/novalion-med.com\/fr\/produit\/chaise-daisance-compacte-et-pliable-pour-la-salle-de-bain\/","og:image":"https:\/\/novalion-med.com\/wp-content\/uploads\/2025\/04\/cropped-343496212_201698782614433_8037205422525878621_n-1.jpg","og:image:secure_url":"https:\/\/novalion-med.com\/wp-content\/uploads\/2025\/04\/cropped-343496212_201698782614433_8037205422525878621_n-1.jpg","og:image:width":512,"og:image:height":512,"article:published_time":"2025-06-20T06:07:01+00:00","article:modified_time":"2025-06-20T06:10:48+00:00","article:publisher":"https:\/\/www.facebook.com\/NovalionMedical\/","twitter:card":"summary_large_image","twitter:title":"Compact Foldable Commode Chair for Bathroom","twitter:description":"This blue iron-ABS commode chair features a space-saving design, combining lightweight folding, non-slip stability for reliable bathroom support.","twitter:image":"https:\/\/novalion-med.com\/wp-content\/uploads\/2025\/04\/cropped-343496212_201698782614433_8037205422525878621_n-1.jpg","schema":{"@context":"https:\/\/schema.org","@graph":[{"@type":"BreadcrumbList","@id":"https:\/\/novalion-med.com\/fr\/produit\/chaise-daisance-compacte-et-pliable-pour-la-salle-de-bain\/#breadcrumblist","itemListElement":[{"@type":"ListItem","@id":"https:\/\/novalion-med.com\/fr\/#listItem","position":1,"name":"Home","item":"https:\/\/novalion-med.com\/fr\/","nextItem":"https:\/\/novalion-med.com\/fr\/produit\/chaise-daisance-compacte-et-pliable-pour-la-salle-de-bain\/#listItem"},{"@type":"ListItem","@id":"https:\/\/novalion-med.com\/fr\/produit\/chaise-daisance-compacte-et-pliable-pour-la-salle-de-bain\/#listItem","position":2,"name":"Compact Foldable Commode Chair for Bathroom","previousItem":"https:\/\/novalion-med.com\/fr\/#listItem"}]},{"@type":"Organization","@id":"https:\/\/novalion-med.com\/fr\/#organization","name":"novalion-med.com","url":"https:\/\/novalion-med.com\/fr\/","logo":{"@type":"ImageObject","url":"https:\/\/novalion-med.com\/wp-content\/uploads\/2025\/04\/cropped-343496212_201698782614433_8037205422525878621_n-1.jpg","@id":"https:\/\/novalion-med.com\/fr\/produit\/chaise-daisance-compacte-et-pliable-pour-la-salle-de-bain\/#organizationLogo","width":512,"height":512},"image":{"@id":"https:\/\/novalion-med.com\/fr\/produit\/chaise-daisance-compacte-et-pliable-pour-la-salle-de-bain\/#organizationLogo"},"sameAs":["https:\/\/www.facebook.com\/NovalionMedical\/","https:\/\/www.youtube.com\/@NwlMedicalInstrument"],"contactPoint":{"@type":"ContactPoint","telephone":"+8618326188070","contactType":"Sales"}},{"@type":"Product","@id":"https:\/\/novalion-med.com\/fr\/produit\/chaise-daisance-compacte-et-pliable-pour-la-salle-de-bain\/#wooCommerceProduct","name":"Compact Foldable Commode Chair for Bathroom","description":"The Novalion NL190303A-2 commode chair is a versatile bathroom solution, designed with lightweight and foldable features for easy handling. Made from iron and ABS, the blue chair ensures stability with its non-slip design and thicken pipe, providing a secure seating experience. Measuring about 48cm in length, 50cm in width, and 80cm in height, it offers a compact footprint while maintaining functionality. The packing size of 97\u00d762\u00d758cm with 6 pieces per carton makes it efficient for transportation. Weighing 24kg gross, this commode chair is multifunctional, suitable for various bathroom needs, and combines durability with convenience for everyday use.","url":"https:\/\/novalion-med.com\/fr\/produit\/chaise-daisance-compacte-et-pliable-pour-la-salle-de-bain\/","sku":"NL190303A-2","image":{"@type":"ImageObject","url":"https:\/\/novalion-med.com\/wp-content\/uploads\/2025\/06\/NL190303A-2-Compact-Foldable-Commode-Chair-for-Bathroom.png","@id":"https:\/\/novalion-med.com\/fr\/produit\/chaise-daisance-compacte-et-pliable-pour-la-salle-de-bain\/#productImage","width":1276,"height":1276,"caption":"NL190303A-2 Compact Foldable Commode Chair for Bathroom"},"offers":{"@type":"Offer","url":"https:\/\/novalion-med.com\/fr\/produit\/chaise-daisance-compacte-et-pliable-pour-la-salle-de-bain\/#wooCommerceOffer","priceCurrency":"PHP","category":"Commode Chairs","availability":"https:\/\/schema.org\/InStock","seller":{"@type":"Organization","@id":"https:\/\/novalion-med.com\/fr\/#organization"},"price":111}},{"@type":"WebPage","@id":"https:\/\/novalion-med.com\/fr\/produit\/chaise-daisance-compacte-et-pliable-pour-la-salle-de-bain\/#webpage","url":"https:\/\/novalion-med.com\/fr\/produit\/chaise-daisance-compacte-et-pliable-pour-la-salle-de-bain\/","name":"Compact Foldable Commode Chair for Bathroom","description":"This blue iron-ABS commode chair features a space-saving design, combining lightweight folding, non-slip stability for reliable bathroom support.","inLanguage":"fr-FR","isPartOf":{"@id":"https:\/\/novalion-med.com\/fr\/#website"},"breadcrumb":{"@id":"https:\/\/novalion-med.com\/fr\/produit\/chaise-daisance-compacte-et-pliable-pour-la-salle-de-bain\/#breadcrumblist"},"image":{"@type":"ImageObject","url":"https:\/\/novalion-med.com\/wp-content\/uploads\/2025\/06\/NL190303A-2-Compact-Foldable-Commode-Chair-for-Bathroom.png","@id":"https:\/\/novalion-med.com\/fr\/produit\/chaise-daisance-compacte-et-pliable-pour-la-salle-de-bain\/#mainImage","width":1276,"height":1276,"caption":"NL190303A-2 Compact Foldable Commode Chair for Bathroom"},"primaryImageOfPage":{"@id":"https:\/\/novalion-med.com\/fr\/produit\/chaise-daisance-compacte-et-pliable-pour-la-salle-de-bain\/#mainImage"},"datePublished":"2025-06-20T06:07:01+00:00","dateModified":"2025-06-20T06:10:48+00:00"},{"@type":"WebSite","@id":"https:\/\/novalion-med.com\/fr\/#website","url":"https:\/\/novalion-med.com\/fr\/","name":"novalion-med.com","description":"Wheelchair, Hospital bed, Walker,Commode chair,Crutch...","inLanguage":"fr-FR","publisher":{"@id":"https:\/\/novalion-med.com\/fr\/#organization"}}]}},"aioseo_meta_data":{"post_id":"5858","title":"Compact Foldable Commode Chair for Bathroom","description":"This blue iron-ABS commode chair features a space-saving design, combining lightweight folding, non-slip stability for reliable bathroom support.","keywords":"[]","keyphrases":"{\"focus\":{\"keyphrase\":\"\",\"score\":0,\"analysis\":{\"keyphraseInTitle\":{\"score\":0,\"maxScore\":9,\"error\":1}}},\"additional\":[]}","primary_term":null,"canonical_url":null,"og_title":null,"og_description":null,"og_object_type":"default","og_image_type":"default","og_image_url":null,"og_image_width":null,"og_image_height":null,"og_image_custom_url":null,"og_image_custom_fields":null,"og_video":"","og_custom_url":null,"og_article_section":null,"og_article_tags":"[]","twitter_use_og":false,"twitter_card":"default","twitter_image_type":"default","twitter_image_url":null,"twitter_image_custom_url":null,"twitter_image_custom_fields":null,"twitter_title":null,"twitter_description":null,"schema":{"blockGraphs":[],"customGraphs":[],"default":{"data":{"Article":[],"Course":[],"Dataset":[],"FAQPage":[],"Movie":[],"Person":[],"Product":[],"Recipe":[],"Service":[],"SoftwareApplication":[],"WebPage":[]},"graphName":"Product","isEnabled":true},"graphs":[]},"schema_type":"default","schema_type_options":null,"pillar_content":false,"robots_default":true,"robots_noindex":false,"robots_noarchive":false,"robots_nosnippet":false,"robots_nofollow":false,"robots_noimageindex":false,"robots_noodp":false,"robots_notranslate":false,"robots_max_snippet":"-1","robots_max_videopreview":"-1","robots_max_imagepreview":"large","priority":null,"frequency":"default","local_seo":null,"limit_modified_date":false,"created":"2025-06-20 06:07:01","updated":"2025-06-20 06:13:33"},"_links":{"self":[{"href":"https:\/\/novalion-med.com\/fr\/wp-json\/wp\/v2\/product\/5858","targetHints":{"allow":["GET"]}}],"collection":[{"href":"https:\/\/novalion-med.com\/fr\/wp-json\/wp\/v2\/product"}],"about":[{"href":"https:\/\/novalion-med.com\/fr\/wp-json\/wp\/v2\/types\/product"}],"version-history":[{"count":4,"href":"https:\/\/novalion-med.com\/fr\/wp-json\/wp\/v2\/product\/5858\/revisions"}],"predecessor-version":[{"id":5862,"href":"https:\/\/novalion-med.com\/fr\/wp-json\/wp\/v2\/product\/5858\/revisions\/5862"}],"wp:featuredmedia":[{"embeddable":true,"href":"https:\/\/novalion-med.com\/fr\/wp-json\/wp\/v2\/media\/5842"}],"wp:attachment":[{"href":"https:\/\/novalion-med.com\/fr\/wp-json\/wp\/v2\/media?parent=5858"}],"wp:term":[{"taxonomy":"product_brand","embeddable":true,"href":"https:\/\/novalion-med.com\/fr\/wp-json\/wp\/v2\/product_brand?post=5858"},{"taxonomy":"product_cat","embeddable":true,"href":"https:\/\/novalion-med.com\/fr\/wp-json\/wp\/v2\/product_cat?post=5858"},{"taxonomy":"product_tag","embeddable":true,"href":"https:\/\/novalion-med.com\/fr\/wp-json\/wp\/v2\/product_tag?post=5858"}],"curies":[{"name":"wp","href":"https:\/\/api.w.org\/{rel}","templated":true}]}}