{"id":5811,"date":"2025-06-20T02:40:32","date_gmt":"2025-06-20T02:40:32","guid":{"rendered":"https:\/\/novalion-med.com\/?post_type=product&#038;p=5811"},"modified":"2025-09-26T02:53:24","modified_gmt":"2025-09-26T02:53:24","slug":"salle-doperation-chariot-electrique-de-brancardage","status":"publish","type":"product","link":"https:\/\/novalion-med.com\/fr\/produit\/salle-doperation-chariot-electrique-de-brancardage\/","title":{"rendered":"Chariot brancard \u00e9lectrique de salle d'op\u00e9ration"},"content":{"rendered":"<div data-elementor-type=\"product-post\" data-elementor-id=\"5811\" class=\"elementor elementor-5811\" data-elementor-post-type=\"product\">\n\t\t\t\t<div class=\"elementor-element elementor-element-1c93f1cb e-con-full e-flex e-con e-parent\" data-id=\"1c93f1cb\" data-element_type=\"container\">\n\t\t\t\t<div class=\"elementor-element elementor-element-2240ff1 elementor-widget elementor-widget-heading\" data-id=\"2240ff1\" data-element_type=\"widget\" data-widget_type=\"heading.default\">\n\t\t\t\t<div class=\"elementor-widget-container\">\n\t\t\t\t\t<h2 class=\"elementor-heading-title elementor-size-default\">Chariot brancard \u00e9lectrique de salle d'op\u00e9ration<\/h2>\t\t\t\t<\/div>\n\t\t\t\t<\/div>\n\t\t\t\t<div class=\"elementor-element elementor-element-45d8c46 elementor-widget elementor-widget-text-editor\" data-id=\"45d8c46\" data-element_type=\"widget\" data-widget_type=\"text-editor.default\">\n\t\t\t\t<div class=\"elementor-widget-container\">\n\t\t\t\t\t\t\t\t\t<p>Brancard \u00e9lectrique pour bloc op\u00e9ratoire avec dossier 0-75\u00b0, hauteur 640-970 mm, porte-oxyg\u00e8ne. Le freinage central et les garde-corps en option rationalisent le flux de travail en salle d'op\u00e9ration.<\/p>\t\t\t\t\t\t\t\t<\/div>\n\t\t\t\t<\/div>\n\t\t\t\t<div class=\"elementor-element elementor-element-7152afc elementor-widget elementor-widget-text-editor\" data-id=\"7152afc\" data-element_type=\"widget\" data-widget_type=\"text-editor.default\">\n\t\t\t\t<div class=\"elementor-widget-container\">\n\t\t\t\t\t\t\t\t\t<h2>Caract\u00e9ristiques principales<\/h2><p>\"Brancard \u00e9lectrique pour bloc op\u00e9ratoire avec dossier de 0 \u00e0 75\u00b0, hauteur de 64 \u00e0 97 cm, porte-oxyg\u00e8ne et freinage central. Am\u00e9liore le flux de travail en salle d'op\u00e9ration gr\u00e2ce \u00e0 des capacit\u00e9s de transfert de patients en toute transparence.\"<\/p><ul><li>Brancard \u00e9lectrique de liaison au bloc op\u00e9ratoire avec dossier 0-75\u00b0.<\/li><li>640-970 mm de r\u00e9glage en hauteur pour la compatibilit\u00e9 avec l'\u00e9quipement de la salle d'op\u00e9ration<\/li><li>Porte-oxyg\u00e8ne, freinage central et garde-corps en option<\/li><li>Solution de transfert stable pour les flux de travail en salle d'op\u00e9ration<\/li><\/ul>\t\t\t\t\t\t\t\t<\/div>\n\t\t\t\t<\/div>\n\t\t\t\t<div class=\"elementor-element elementor-element-3a02177 elementor-widget elementor-widget-text-editor\" data-id=\"3a02177\" data-element_type=\"widget\" data-widget_type=\"text-editor.default\">\n\t\t\t\t<div class=\"elementor-widget-container\">\n\t\t\t\t\t\t\t\t\t<h2>Sp\u00e9cifications<\/h2><p>1. La partie arri\u00e8re du plan de couchage peut \u00eatre relev\u00e9e : 0-75\u00b0 ;<br \/>2. Plage de r\u00e9glage de la hauteur de la carrosserie : 640-970 mm<br \/>3. Taille du lit : 1910*630mm<br \/>4. Le lit est \u00e9quip\u00e9 d'un porte-bouteille d'oxyg\u00e8ne et d'un interrupteur de verrouillage.<br \/>5. Le v\u00e9hicule de secours adopte le syst\u00e8me de freinage centralis\u00e9 de pointe international, qui est stable et fiable.<br \/>Facultatif : quatre petits garde-corps, deux grands garde-corps<\/p>\t\t\t\t\t\t\t\t<\/div>\n\t\t\t\t<\/div>\n\t\t\t\t<div class=\"elementor-element elementor-element-2996df9 elementor-widget elementor-widget-text-editor\" data-id=\"2996df9\" data-element_type=\"widget\" data-widget_type=\"text-editor.default\">\n\t\t\t\t<div class=\"elementor-widget-container\">\n\t\t\t\t\t\t\t\t\t<p>D'autres \u00e9quipements m\u00e9dicaux peuvent \u00eatre trouv\u00e9s dans <a href=\"https:\/\/novalion-med.com\/fr\/\" target=\"_blank\" rel=\"noopener\">notre site web<\/a> ou <a href=\"https:\/\/api.whatsapp.com\/send\/?phone=%2B008618112908401&amp;text&amp;type=phone_number&amp;app_absent=0\" target=\"_blank\" rel=\"noopener\">notre whatsapp<\/a>.<\/p>\t\t\t\t\t\t\t\t<\/div>\n\t\t\t\t<\/div>\n\t\t\t\t<\/div>\n\t\t\t\t<\/div>","protected":false},"excerpt":{"rendered":"<p>En tant que chariot-brancard de liaison pour les salles d'op\u00e9ration, ce mod\u00e8le est dot\u00e9 d'une partie arri\u00e8re de la surface du lit r\u00e9glable \u00e9lectriquement de 0 \u00e0 75\u00b0, ce qui est id\u00e9al pour les transferts en salle d'op\u00e9ration. La hauteur de la caisse est r\u00e9glable entre 640 et 970 mm, ce qui permet de s'adapter aux diff\u00e9rentes hauteurs d'\u00e9quipement des salles d'op\u00e9ration. La taille du lit est de 1910\u00d7630 mm, et il comprend un support pour bouteille d'oxyg\u00e8ne et un interrupteur de verrouillage. Le syst\u00e8me de freinage \u00e0 commande centrale assure un arr\u00eat stable, tandis que les quatre petits garde-corps et les deux grands garde-corps en option offrent une s\u00e9curit\u00e9 personnalisable, ce qui en fait un choix polyvalent pour le transport des patients au bloc op\u00e9ratoire.<\/p>","protected":false},"featured_media":9573,"template":"elementor_theme","meta":{"site-sidebar-layout":"default","site-content-layout":"","ast-site-content-layout":"default","site-content-style":"default","site-sidebar-style":"default","ast-global-header-display":"","ast-banner-title-visibility":"","ast-main-header-display":"","ast-hfb-above-header-display":"","ast-hfb-below-header-display":"","ast-hfb-mobile-header-display":"","site-post-title":"","ast-breadcrumbs-content":"","ast-featured-img":"","footer-sml-layout":"","theme-transparent-header-meta":"default","adv-header-id-meta":"","stick-header-meta":"default","header-above-stick-meta":"","header-main-stick-meta":"","header-below-stick-meta":"","astra-migrate-meta-layouts":"set","ast-page-background-enabled":"default","ast-page-background-meta":{"desktop":{"background-color":"var(--ast-global-color-4)","background-image":"","background-repeat":"repeat","background-position":"center center","background-size":"auto","background-attachment":"scroll","background-type":"","background-media":"","overlay-type":"","overlay-color":"","overlay-opacity":"","overlay-gradient":""},"tablet":{"background-color":"","background-image":"","background-repeat":"repeat","background-position":"center center","background-size":"auto","background-attachment":"scroll","background-type":"","background-media":"","overlay-type":"","overlay-color":"","overlay-opacity":"","overlay-gradient":""},"mobile":{"background-color":"","background-image":"","background-repeat":"repeat","background-position":"center center","background-size":"auto","background-attachment":"scroll","background-type":"","background-media":"","overlay-type":"","overlay-color":"","overlay-opacity":"","overlay-gradient":""}},"ast-content-background-meta":{"desktop":{"background-color":"var(--ast-global-color-5)","background-image":"","background-repeat":"repeat","background-position":"center center","background-size":"auto","background-attachment":"scroll","background-type":"","background-media":"","overlay-type":"","overlay-color":"","overlay-opacity":"","overlay-gradient":""},"tablet":{"background-color":"var(--ast-global-color-5)","background-image":"","background-repeat":"repeat","background-position":"center center","background-size":"auto","background-attachment":"scroll","background-type":"","background-media":"","overlay-type":"","overlay-color":"","overlay-opacity":"","overlay-gradient":""},"mobile":{"background-color":"var(--ast-global-color-5)","background-image":"","background-repeat":"repeat","background-position":"center center","background-size":"auto","background-attachment":"scroll","background-type":"","background-media":"","overlay-type":"","overlay-color":"","overlay-opacity":"","overlay-gradient":""}}},"product_brand":[],"product_cat":[99],"product_tag":[],"class_list":{"0":"post-5811","1":"product","2":"type-product","3":"status-publish","4":"has-post-thumbnail","6":"product_cat-transfer-stretchers","7":"desktop-align-center","8":"tablet-align-left","9":"mobile-align-left","10":"ast-product-gallery-layout-horizontal-slider","11":"ast-product-gallery-with-no-image","12":"ast-magnify-disabled","13":"ast-product-tabs-layout-accordion","14":"ast-qv-on-image","16":"first","17":"instock","18":"shipping-taxable","19":"purchasable","20":"product-type-simple"},"aioseo_notices":[],"aioseo_head":"\n\t\t<!-- All in One SEO Pro 4.6.0 - aioseo.com -->\n\t\t<meta name=\"description\" content=\"Designed for OR use, this trolley has a 0-75\u00b0 backrest, 640-970mm height range, oxygen holder, central braking, and optional guardrails.\" \/>\n\t\t<meta name=\"robots\" content=\"max-image-preview:large\" \/>\n\t\t<meta name=\"google-site-verification\" content=\"XE0Krczs_zYC4qBAqnvyRaNEYa9NQEP4HzU7PPpzxoI\" \/>\n\t\t<link rel=\"canonical\" href=\"https:\/\/novalion-med.com\/fr\/produit\/salle-doperation-chariot-electrique-de-brancardage\/\" \/>\n\t\t<meta name=\"generator\" content=\"All in One SEO Pro (AIOSEO) 4.6.0\" \/>\n\t\t<meta property=\"og:locale\" content=\"fr_FR\" \/>\n\t\t<meta property=\"og:site_name\" content=\"Novalion Medical \u2013 Wheelchair, Hospital bed, Walker,Commode chair,Crutch...\" \/>\n\t\t<meta property=\"og:type\" content=\"article\" \/>\n\t\t<meta property=\"og:title\" content=\"Operating Room Electric Connecting Stretcher Trolley\" \/>\n\t\t<meta property=\"og:description\" content=\"Designed for OR use, this trolley has a 0-75\u00b0 backrest, 640-970mm height range, oxygen holder, central braking, and optional guardrails.\" \/>\n\t\t<meta property=\"og:url\" content=\"https:\/\/novalion-med.com\/fr\/produit\/salle-doperation-chariot-electrique-de-brancardage\/\" \/>\n\t\t<meta property=\"og:image\" content=\"https:\/\/novalion-med.com\/wp-content\/uploads\/2025\/04\/cropped-343496212_201698782614433_8037205422525878621_n-1.jpg\" \/>\n\t\t<meta property=\"og:image:secure_url\" content=\"https:\/\/novalion-med.com\/wp-content\/uploads\/2025\/04\/cropped-343496212_201698782614433_8037205422525878621_n-1.jpg\" \/>\n\t\t<meta property=\"og:image:width\" content=\"512\" \/>\n\t\t<meta property=\"og:image:height\" content=\"512\" \/>\n\t\t<meta property=\"article:published_time\" content=\"2025-06-20T02:40:32+00:00\" \/>\n\t\t<meta property=\"article:modified_time\" content=\"2025-09-26T02:53:24+00:00\" \/>\n\t\t<meta property=\"article:publisher\" content=\"https:\/\/www.facebook.com\/NovalionMedical\/\" \/>\n\t\t<meta name=\"twitter:card\" content=\"summary_large_image\" \/>\n\t\t<meta name=\"twitter:title\" content=\"Operating Room Electric Connecting Stretcher Trolley\" \/>\n\t\t<meta name=\"twitter:description\" content=\"Designed for OR use, this trolley has a 0-75\u00b0 backrest, 640-970mm height range, oxygen holder, central braking, and optional guardrails.\" \/>\n\t\t<meta name=\"twitter:image\" content=\"https:\/\/novalion-med.com\/wp-content\/uploads\/2025\/04\/cropped-343496212_201698782614433_8037205422525878621_n-1.jpg\" \/>\n\t\t<script type=\"application\/ld+json\" class=\"aioseo-schema\">\n\t\t\t{\"@context\":\"https:\\\/\\\/schema.org\",\"@graph\":[{\"@type\":\"BreadcrumbList\",\"@id\":\"https:\\\/\\\/novalion-med.com\\\/fr\\\/produit\\\/salle-doperation-chariot-electrique-de-brancardage\\\/#breadcrumblist\",\"itemListElement\":[{\"@type\":\"ListItem\",\"@id\":\"https:\\\/\\\/novalion-med.com\\\/fr\\\/#listItem\",\"position\":1,\"name\":\"Home\",\"item\":\"https:\\\/\\\/novalion-med.com\\\/fr\\\/\",\"nextItem\":\"https:\\\/\\\/novalion-med.com\\\/fr\\\/produit\\\/salle-doperation-chariot-electrique-de-brancardage\\\/#listItem\"},{\"@type\":\"ListItem\",\"@id\":\"https:\\\/\\\/novalion-med.com\\\/fr\\\/produit\\\/salle-doperation-chariot-electrique-de-brancardage\\\/#listItem\",\"position\":2,\"name\":\"Operating Room Electric Connecting Stretcher Trolley\",\"previousItem\":\"https:\\\/\\\/novalion-med.com\\\/fr\\\/#listItem\"}]},{\"@type\":\"Organization\",\"@id\":\"https:\\\/\\\/novalion-med.com\\\/fr\\\/#organization\",\"name\":\"novalion-med.com\",\"url\":\"https:\\\/\\\/novalion-med.com\\\/fr\\\/\",\"logo\":{\"@type\":\"ImageObject\",\"url\":\"https:\\\/\\\/novalion-med.com\\\/wp-content\\\/uploads\\\/2025\\\/04\\\/cropped-343496212_201698782614433_8037205422525878621_n-1.jpg\",\"@id\":\"https:\\\/\\\/novalion-med.com\\\/fr\\\/produit\\\/salle-doperation-chariot-electrique-de-brancardage\\\/#organizationLogo\",\"width\":512,\"height\":512},\"image\":{\"@id\":\"https:\\\/\\\/novalion-med.com\\\/fr\\\/produit\\\/salle-doperation-chariot-electrique-de-brancardage\\\/#organizationLogo\"},\"sameAs\":[\"https:\\\/\\\/www.facebook.com\\\/NovalionMedical\\\/\",\"https:\\\/\\\/www.youtube.com\\\/@NwlMedicalInstrument\"],\"contactPoint\":{\"@type\":\"ContactPoint\",\"telephone\":\"+8618326188070\",\"contactType\":\"Sales\"}},{\"@type\":\"Product\",\"@id\":\"https:\\\/\\\/novalion-med.com\\\/fr\\\/produit\\\/salle-doperation-chariot-electrique-de-brancardage\\\/#wooCommerceProduct\",\"name\":\"Operating Room Electric Connecting Stretcher Trolley\",\"description\":\"As a connecting stretcher trolley for operation rooms, this model features an electrically adjustable back part of the bed surface from 0 to 75\\u00b0, ideal for OR transfers. The car body height adjusts between 640-970mm, matching different OR equipment heights. The bed size is 1910\\u00d7630mm, and it includes an oxygen bottle holder and locking switch. The central control braking system ensures stable stopping, while optional four small guardrails and two large guardrails offer customizable safety, making it a versatile choice for OR patient transport.\",\"url\":\"https:\\\/\\\/novalion-med.com\\\/fr\\\/produit\\\/salle-doperation-chariot-electrique-de-brancardage\\\/\",\"sku\":\"NL150502-XKDJ01\",\"image\":{\"@type\":\"ImageObject\",\"url\":\"https:\\\/\\\/novalion-med.com\\\/wp-content\\\/uploads\\\/2025\\\/06\\\/NL150502-XKDJ01-Operating-Room-Electric-Connecting-Stretcher-Trolley.jpg\",\"@id\":\"https:\\\/\\\/novalion-med.com\\\/fr\\\/produit\\\/salle-doperation-chariot-electrique-de-brancardage\\\/#productImage\",\"width\":1000,\"height\":1000,\"caption\":\"NL150502-XKDJ01 Operating Room Electric Connecting Stretcher Trolley\"},\"offers\":{\"@type\":\"Offer\",\"url\":\"https:\\\/\\\/novalion-med.com\\\/fr\\\/produit\\\/salle-doperation-chariot-electrique-de-brancardage\\\/#wooCommerceOffer\",\"priceCurrency\":\"PHP\",\"category\":\"Transfer Stretchers\",\"availability\":\"https:\\\/\\\/schema.org\\\/InStock\",\"seller\":{\"@type\":\"Organization\",\"@id\":\"https:\\\/\\\/novalion-med.com\\\/fr\\\/#organization\"},\"price\":111}},{\"@type\":\"WebPage\",\"@id\":\"https:\\\/\\\/novalion-med.com\\\/fr\\\/produit\\\/salle-doperation-chariot-electrique-de-brancardage\\\/#webpage\",\"url\":\"https:\\\/\\\/novalion-med.com\\\/fr\\\/produit\\\/salle-doperation-chariot-electrique-de-brancardage\\\/\",\"name\":\"Operating Room Electric Connecting Stretcher Trolley\",\"description\":\"Designed for OR use, this trolley has a 0-75\\u00b0 backrest, 640-970mm height range, oxygen holder, central braking, and optional guardrails.\",\"inLanguage\":\"fr-FR\",\"isPartOf\":{\"@id\":\"https:\\\/\\\/novalion-med.com\\\/fr\\\/#website\"},\"breadcrumb\":{\"@id\":\"https:\\\/\\\/novalion-med.com\\\/fr\\\/produit\\\/salle-doperation-chariot-electrique-de-brancardage\\\/#breadcrumblist\"},\"image\":{\"@type\":\"ImageObject\",\"url\":\"https:\\\/\\\/novalion-med.com\\\/wp-content\\\/uploads\\\/2025\\\/06\\\/NL150502-XKDJ01-Operating-Room-Electric-Connecting-Stretcher-Trolley.jpg\",\"@id\":\"https:\\\/\\\/novalion-med.com\\\/fr\\\/produit\\\/salle-doperation-chariot-electrique-de-brancardage\\\/#mainImage\",\"width\":1000,\"height\":1000,\"caption\":\"NL150502-XKDJ01 Operating Room Electric Connecting Stretcher Trolley\"},\"primaryImageOfPage\":{\"@id\":\"https:\\\/\\\/novalion-med.com\\\/fr\\\/produit\\\/salle-doperation-chariot-electrique-de-brancardage\\\/#mainImage\"},\"datePublished\":\"2025-06-20T02:40:32+00:00\",\"dateModified\":\"2025-09-26T02:53:24+00:00\"},{\"@type\":\"WebSite\",\"@id\":\"https:\\\/\\\/novalion-med.com\\\/fr\\\/#website\",\"url\":\"https:\\\/\\\/novalion-med.com\\\/fr\\\/\",\"name\":\"novalion-med.com\",\"description\":\"Wheelchair, Hospital bed, Walker,Commode chair,Crutch...\",\"inLanguage\":\"fr-FR\",\"publisher\":{\"@id\":\"https:\\\/\\\/novalion-med.com\\\/fr\\\/#organization\"}}]}\n\t\t<\/script>\n\t\t<!-- All in One SEO Pro -->\r\n\t\t<title>Operating Room Electric Connecting Stretcher Trolley<\/title>\n\n","aioseo_head_json":{"title":"Operating Room Electric Connecting Stretcher Trolley","description":"Designed for OR use, this trolley has a 0-75\u00b0 backrest, 640-970mm height range, oxygen holder, central braking, and optional guardrails.","canonical_url":"https:\/\/novalion-med.com\/fr\/produit\/salle-doperation-chariot-electrique-de-brancardage\/","robots":"max-image-preview:large","keywords":"","webmasterTools":{"google-site-verification":"XE0Krczs_zYC4qBAqnvyRaNEYa9NQEP4HzU7PPpzxoI","miscellaneous":""},"og:locale":"fr_FR","og:site_name":"Novalion Medical \u2013 Wheelchair, Hospital bed, Walker,Commode chair,Crutch...","og:type":"article","og:title":"Operating Room Electric Connecting Stretcher Trolley","og:description":"Designed for OR use, this trolley has a 0-75\u00b0 backrest, 640-970mm height range, oxygen holder, central braking, and optional guardrails.","og:url":"https:\/\/novalion-med.com\/fr\/produit\/salle-doperation-chariot-electrique-de-brancardage\/","og:image":"https:\/\/novalion-med.com\/wp-content\/uploads\/2025\/04\/cropped-343496212_201698782614433_8037205422525878621_n-1.jpg","og:image:secure_url":"https:\/\/novalion-med.com\/wp-content\/uploads\/2025\/04\/cropped-343496212_201698782614433_8037205422525878621_n-1.jpg","og:image:width":512,"og:image:height":512,"article:published_time":"2025-06-20T02:40:32+00:00","article:modified_time":"2025-09-26T02:53:24+00:00","article:publisher":"https:\/\/www.facebook.com\/NovalionMedical\/","twitter:card":"summary_large_image","twitter:title":"Operating Room Electric Connecting Stretcher Trolley","twitter:description":"Designed for OR use, this trolley has a 0-75\u00b0 backrest, 640-970mm height range, oxygen holder, central braking, and optional guardrails.","twitter:image":"https:\/\/novalion-med.com\/wp-content\/uploads\/2025\/04\/cropped-343496212_201698782614433_8037205422525878621_n-1.jpg","schema":{"@context":"https:\/\/schema.org","@graph":[{"@type":"BreadcrumbList","@id":"https:\/\/novalion-med.com\/fr\/produit\/salle-doperation-chariot-electrique-de-brancardage\/#breadcrumblist","itemListElement":[{"@type":"ListItem","@id":"https:\/\/novalion-med.com\/fr\/#listItem","position":1,"name":"Home","item":"https:\/\/novalion-med.com\/fr\/","nextItem":"https:\/\/novalion-med.com\/fr\/produit\/salle-doperation-chariot-electrique-de-brancardage\/#listItem"},{"@type":"ListItem","@id":"https:\/\/novalion-med.com\/fr\/produit\/salle-doperation-chariot-electrique-de-brancardage\/#listItem","position":2,"name":"Operating Room Electric Connecting Stretcher Trolley","previousItem":"https:\/\/novalion-med.com\/fr\/#listItem"}]},{"@type":"Organization","@id":"https:\/\/novalion-med.com\/fr\/#organization","name":"novalion-med.com","url":"https:\/\/novalion-med.com\/fr\/","logo":{"@type":"ImageObject","url":"https:\/\/novalion-med.com\/wp-content\/uploads\/2025\/04\/cropped-343496212_201698782614433_8037205422525878621_n-1.jpg","@id":"https:\/\/novalion-med.com\/fr\/produit\/salle-doperation-chariot-electrique-de-brancardage\/#organizationLogo","width":512,"height":512},"image":{"@id":"https:\/\/novalion-med.com\/fr\/produit\/salle-doperation-chariot-electrique-de-brancardage\/#organizationLogo"},"sameAs":["https:\/\/www.facebook.com\/NovalionMedical\/","https:\/\/www.youtube.com\/@NwlMedicalInstrument"],"contactPoint":{"@type":"ContactPoint","telephone":"+8618326188070","contactType":"Sales"}},{"@type":"Product","@id":"https:\/\/novalion-med.com\/fr\/produit\/salle-doperation-chariot-electrique-de-brancardage\/#wooCommerceProduct","name":"Operating Room Electric Connecting Stretcher Trolley","description":"As a connecting stretcher trolley for operation rooms, this model features an electrically adjustable back part of the bed surface from 0 to 75\u00b0, ideal for OR transfers. The car body height adjusts between 640-970mm, matching different OR equipment heights. The bed size is 1910\u00d7630mm, and it includes an oxygen bottle holder and locking switch. The central control braking system ensures stable stopping, while optional four small guardrails and two large guardrails offer customizable safety, making it a versatile choice for OR patient transport.","url":"https:\/\/novalion-med.com\/fr\/produit\/salle-doperation-chariot-electrique-de-brancardage\/","sku":"NL150502-XKDJ01","image":{"@type":"ImageObject","url":"https:\/\/novalion-med.com\/wp-content\/uploads\/2025\/06\/NL150502-XKDJ01-Operating-Room-Electric-Connecting-Stretcher-Trolley.jpg","@id":"https:\/\/novalion-med.com\/fr\/produit\/salle-doperation-chariot-electrique-de-brancardage\/#productImage","width":1000,"height":1000,"caption":"NL150502-XKDJ01 Operating Room Electric Connecting Stretcher Trolley"},"offers":{"@type":"Offer","url":"https:\/\/novalion-med.com\/fr\/produit\/salle-doperation-chariot-electrique-de-brancardage\/#wooCommerceOffer","priceCurrency":"PHP","category":"Transfer Stretchers","availability":"https:\/\/schema.org\/InStock","seller":{"@type":"Organization","@id":"https:\/\/novalion-med.com\/fr\/#organization"},"price":111}},{"@type":"WebPage","@id":"https:\/\/novalion-med.com\/fr\/produit\/salle-doperation-chariot-electrique-de-brancardage\/#webpage","url":"https:\/\/novalion-med.com\/fr\/produit\/salle-doperation-chariot-electrique-de-brancardage\/","name":"Operating Room Electric Connecting Stretcher Trolley","description":"Designed for OR use, this trolley has a 0-75\u00b0 backrest, 640-970mm height range, oxygen holder, central braking, and optional guardrails.","inLanguage":"fr-FR","isPartOf":{"@id":"https:\/\/novalion-med.com\/fr\/#website"},"breadcrumb":{"@id":"https:\/\/novalion-med.com\/fr\/produit\/salle-doperation-chariot-electrique-de-brancardage\/#breadcrumblist"},"image":{"@type":"ImageObject","url":"https:\/\/novalion-med.com\/wp-content\/uploads\/2025\/06\/NL150502-XKDJ01-Operating-Room-Electric-Connecting-Stretcher-Trolley.jpg","@id":"https:\/\/novalion-med.com\/fr\/produit\/salle-doperation-chariot-electrique-de-brancardage\/#mainImage","width":1000,"height":1000,"caption":"NL150502-XKDJ01 Operating Room Electric Connecting Stretcher Trolley"},"primaryImageOfPage":{"@id":"https:\/\/novalion-med.com\/fr\/produit\/salle-doperation-chariot-electrique-de-brancardage\/#mainImage"},"datePublished":"2025-06-20T02:40:32+00:00","dateModified":"2025-09-26T02:53:24+00:00"},{"@type":"WebSite","@id":"https:\/\/novalion-med.com\/fr\/#website","url":"https:\/\/novalion-med.com\/fr\/","name":"novalion-med.com","description":"Wheelchair, Hospital bed, Walker,Commode chair,Crutch...","inLanguage":"fr-FR","publisher":{"@id":"https:\/\/novalion-med.com\/fr\/#organization"}}]}},"aioseo_meta_data":{"post_id":"5811","title":"Operating Room Electric Connecting Stretcher Trolley","description":"Designed for OR use, this trolley has a 0-75\u00b0 backrest, 640-970mm height range, oxygen holder, central braking, and optional guardrails.","keywords":"[]","keyphrases":"{\"focus\":{\"keyphrase\":\"\",\"score\":0,\"analysis\":{\"keyphraseInTitle\":{\"score\":0,\"maxScore\":9,\"error\":1}}},\"additional\":[]}","primary_term":null,"canonical_url":null,"og_title":null,"og_description":null,"og_object_type":"default","og_image_type":"default","og_image_url":null,"og_image_width":null,"og_image_height":null,"og_image_custom_url":null,"og_image_custom_fields":null,"og_video":"","og_custom_url":null,"og_article_section":null,"og_article_tags":"[]","twitter_use_og":false,"twitter_card":"default","twitter_image_type":"default","twitter_image_url":null,"twitter_image_custom_url":null,"twitter_image_custom_fields":null,"twitter_title":null,"twitter_description":null,"schema":{"blockGraphs":[],"customGraphs":[],"default":{"data":{"Article":[],"Course":[],"Dataset":[],"FAQPage":[],"Movie":[],"Person":[],"Product":[],"Recipe":[],"Service":[],"SoftwareApplication":[],"WebPage":[]},"graphName":"Product","isEnabled":true},"graphs":[]},"schema_type":"default","schema_type_options":null,"pillar_content":false,"robots_default":true,"robots_noindex":false,"robots_noarchive":false,"robots_nosnippet":false,"robots_nofollow":false,"robots_noimageindex":false,"robots_noodp":false,"robots_notranslate":false,"robots_max_snippet":"-1","robots_max_videopreview":"-1","robots_max_imagepreview":"large","priority":null,"frequency":"default","local_seo":null,"limit_modified_date":false,"created":"2025-06-20 02:40:32","updated":"2025-09-26 03:04:34"},"_links":{"self":[{"href":"https:\/\/novalion-med.com\/fr\/wp-json\/wp\/v2\/product\/5811","targetHints":{"allow":["GET"]}}],"collection":[{"href":"https:\/\/novalion-med.com\/fr\/wp-json\/wp\/v2\/product"}],"about":[{"href":"https:\/\/novalion-med.com\/fr\/wp-json\/wp\/v2\/types\/product"}],"version-history":[{"count":5,"href":"https:\/\/novalion-med.com\/fr\/wp-json\/wp\/v2\/product\/5811\/revisions"}],"predecessor-version":[{"id":9574,"href":"https:\/\/novalion-med.com\/fr\/wp-json\/wp\/v2\/product\/5811\/revisions\/9574"}],"wp:featuredmedia":[{"embeddable":true,"href":"https:\/\/novalion-med.com\/fr\/wp-json\/wp\/v2\/media\/9573"}],"wp:attachment":[{"href":"https:\/\/novalion-med.com\/fr\/wp-json\/wp\/v2\/media?parent=5811"}],"wp:term":[{"taxonomy":"product_brand","embeddable":true,"href":"https:\/\/novalion-med.com\/fr\/wp-json\/wp\/v2\/product_brand?post=5811"},{"taxonomy":"product_cat","embeddable":true,"href":"https:\/\/novalion-med.com\/fr\/wp-json\/wp\/v2\/product_cat?post=5811"},{"taxonomy":"product_tag","embeddable":true,"href":"https:\/\/novalion-med.com\/fr\/wp-json\/wp\/v2\/product_tag?post=5811"}],"curies":[{"name":"wp","href":"https:\/\/api.w.org\/{rel}","templated":true}]}}