{"id":5806,"date":"2025-06-20T02:37:38","date_gmt":"2025-06-20T02:37:38","guid":{"rendered":"https:\/\/novalion-med.com\/?post_type=product&#038;p=5806"},"modified":"2025-09-26T02:51:58","modified_gmt":"2025-09-26T02:51:58","slug":"brancard-electrique-de-transfert-de-patient-avec-support-doxygene","status":"publish","type":"product","link":"https:\/\/novalion-med.com\/fr\/produit\/brancard-electrique-de-transfert-de-patient-avec-support-doxygene\/","title":{"rendered":"Brancard \u00e9lectrique de transfert de patient avec support d'oxyg\u00e8ne"},"content":{"rendered":"<div data-elementor-type=\"product-post\" data-elementor-id=\"5806\" class=\"elementor elementor-5806\" data-elementor-post-type=\"product\">\n\t\t\t\t<div class=\"elementor-element elementor-element-1c93f1cb e-con-full e-flex e-con e-parent\" data-id=\"1c93f1cb\" data-element_type=\"container\">\n\t\t\t\t<div class=\"elementor-element elementor-element-2240ff1 elementor-widget elementor-widget-heading\" data-id=\"2240ff1\" data-element_type=\"widget\" data-widget_type=\"heading.default\">\n\t\t\t\t<div class=\"elementor-widget-container\">\n\t\t\t\t\t<h2 class=\"elementor-heading-title elementor-size-default\">Brancard \u00e9lectrique de transfert de patient avec support d'oxyg\u00e8ne<\/h2>\t\t\t\t<\/div>\n\t\t\t\t<\/div>\n\t\t\t\t<div class=\"elementor-element elementor-element-45d8c46 elementor-widget elementor-widget-text-editor\" data-id=\"45d8c46\" data-element_type=\"widget\" data-widget_type=\"text-editor.default\">\n\t\t\t\t<div class=\"elementor-widget-container\">\n\t\t\t\t\t\t\t\t\t<p>Brancard \u00e9lectrique avec dossier 0-75\u00b0, r\u00e9glage en hauteur 540-840 mm, porte-oxyg\u00e8ne. Le freinage central assure un positionnement pr\u00e9cis dans les situations d'urgence et de chirurgie.<\/p>\t\t\t\t\t\t\t\t<\/div>\n\t\t\t\t<\/div>\n\t\t\t\t<div class=\"elementor-element elementor-element-7152afc elementor-widget elementor-widget-text-editor\" data-id=\"7152afc\" data-element_type=\"widget\" data-widget_type=\"text-editor.default\">\n\t\t\t\t<div class=\"elementor-widget-container\">\n\t\t\t\t\t\t\t\t\t<h2>Caract\u00e9ristiques principales<\/h2><p>\"Brancard \u00e9lectrique avec dossier 0-75\u00b0, r\u00e9glage en hauteur 54-84 cm, porte-oxyg\u00e8ne et freinage central. Le syst\u00e8me \u00e9lectrique permet un positionnement pr\u00e9cis pour les urgences et les interventions chirurgicales\".<\/p><ul><li>Dossier r\u00e9glable \u00e9lectriquement (0-75\u00b0) pour un positionnement pr\u00e9cis<\/li><li>Hauteur 540-840 mm et dimensions du lit 1930\u00d7640\/740 mm<\/li><li>Porte-bouteille d'oxyg\u00e8ne et syst\u00e8me de freinage central<\/li><li>Syst\u00e8me de freinage international avanc\u00e9 pour la stabilit\u00e9<\/li><\/ul>\t\t\t\t\t\t\t\t<\/div>\n\t\t\t\t<\/div>\n\t\t\t\t<div class=\"elementor-element elementor-element-3a02177 elementor-widget elementor-widget-text-editor\" data-id=\"3a02177\" data-element_type=\"widget\" data-widget_type=\"text-editor.default\">\n\t\t\t\t<div class=\"elementor-widget-container\">\n\t\t\t\t\t\t\t\t\t<h2>Sp\u00e9cifications<\/h2><p>1. La partie arri\u00e8re du plan de couchage peut \u00eatre relev\u00e9e : 0-75\u00b0 ;<br \/>2. Plage de r\u00e9glage de la hauteur de la carrosserie : 540-840 mm<br \/>3. Dimensions du lit : 1930*640\/740mm<br \/>4. Le lit est \u00e9quip\u00e9 d'un porte-bouteille d'oxyg\u00e8ne et d'un interrupteur de verrouillage.<br \/>5. Le v\u00e9hicule de secours adopte le syst\u00e8me de freinage centralis\u00e9 de pointe international, qui est stable et fiable.<\/p>\t\t\t\t\t\t\t\t<\/div>\n\t\t\t\t<\/div>\n\t\t\t\t<div class=\"elementor-element elementor-element-2996df9 elementor-widget elementor-widget-text-editor\" data-id=\"2996df9\" data-element_type=\"widget\" data-widget_type=\"text-editor.default\">\n\t\t\t\t<div class=\"elementor-widget-container\">\n\t\t\t\t\t\t\t\t\t<p>D'autres \u00e9quipements m\u00e9dicaux peuvent \u00eatre trouv\u00e9s dans <a href=\"https:\/\/novalion-med.com\/fr\/\" target=\"_blank\" rel=\"noopener\">notre site web<\/a> ou <a href=\"https:\/\/api.whatsapp.com\/send\/?phone=%2B008618112908401&amp;text&amp;type=phone_number&amp;app_absent=0\" target=\"_blank\" rel=\"noopener\">notre whatsapp<\/a>.<\/p>\t\t\t\t\t\t\t\t<\/div>\n\t\t\t\t<\/div>\n\t\t\t\t<\/div>\n\t\t\t\t<\/div>","protected":false},"excerpt":{"rendered":"<p>Ce brancard de transfert \u00e9lectrique pour patients est dot\u00e9 d'une partie arri\u00e8re de la surface du lit r\u00e9glable \u00e9lectriquement, se repliant de 0 \u00e0 75\u00b0, offrant un positionnement pr\u00e9cis. La hauteur de la caisse est r\u00e9glable entre 540 et 840 mm, ce qui permet de s'adapter \u00e0 diff\u00e9rentes configurations m\u00e9dicales. La taille du lit est de 1930\u00d7640\/740 mm, ce qui offre beaucoup d'espace. \u00c9quip\u00e9 d'un porte-bouteille d'oxyg\u00e8ne et d'un interrupteur de verrouillage, il assure un acc\u00e8s pratique \u00e0 l'oxyg\u00e8ne. Le v\u00e9hicule de secours utilise un syst\u00e8me de freinage centralis\u00e9 international avanc\u00e9, garantissant un freinage stable et fiable, ce qui en fait un choix fiable pour le transfert \u00e9lectrique des patients dans divers sc\u00e9narios m\u00e9dicaux.<\/p>","protected":false},"featured_media":9571,"template":"elementor_theme","meta":{"site-sidebar-layout":"default","site-content-layout":"","ast-site-content-layout":"default","site-content-style":"default","site-sidebar-style":"default","ast-global-header-display":"","ast-banner-title-visibility":"","ast-main-header-display":"","ast-hfb-above-header-display":"","ast-hfb-below-header-display":"","ast-hfb-mobile-header-display":"","site-post-title":"","ast-breadcrumbs-content":"","ast-featured-img":"","footer-sml-layout":"","theme-transparent-header-meta":"default","adv-header-id-meta":"","stick-header-meta":"default","header-above-stick-meta":"","header-main-stick-meta":"","header-below-stick-meta":"","astra-migrate-meta-layouts":"set","ast-page-background-enabled":"default","ast-page-background-meta":{"desktop":{"background-color":"var(--ast-global-color-4)","background-image":"","background-repeat":"repeat","background-position":"center center","background-size":"auto","background-attachment":"scroll","background-type":"","background-media":"","overlay-type":"","overlay-color":"","overlay-opacity":"","overlay-gradient":""},"tablet":{"background-color":"","background-image":"","background-repeat":"repeat","background-position":"center center","background-size":"auto","background-attachment":"scroll","background-type":"","background-media":"","overlay-type":"","overlay-color":"","overlay-opacity":"","overlay-gradient":""},"mobile":{"background-color":"","background-image":"","background-repeat":"repeat","background-position":"center center","background-size":"auto","background-attachment":"scroll","background-type":"","background-media":"","overlay-type":"","overlay-color":"","overlay-opacity":"","overlay-gradient":""}},"ast-content-background-meta":{"desktop":{"background-color":"var(--ast-global-color-5)","background-image":"","background-repeat":"repeat","background-position":"center center","background-size":"auto","background-attachment":"scroll","background-type":"","background-media":"","overlay-type":"","overlay-color":"","overlay-opacity":"","overlay-gradient":""},"tablet":{"background-color":"var(--ast-global-color-5)","background-image":"","background-repeat":"repeat","background-position":"center center","background-size":"auto","background-attachment":"scroll","background-type":"","background-media":"","overlay-type":"","overlay-color":"","overlay-opacity":"","overlay-gradient":""},"mobile":{"background-color":"var(--ast-global-color-5)","background-image":"","background-repeat":"repeat","background-position":"center center","background-size":"auto","background-attachment":"scroll","background-type":"","background-media":"","overlay-type":"","overlay-color":"","overlay-opacity":"","overlay-gradient":""}}},"product_brand":[],"product_cat":[99],"product_tag":[],"class_list":{"0":"post-5806","1":"product","2":"type-product","3":"status-publish","4":"has-post-thumbnail","6":"product_cat-transfer-stretchers","7":"desktop-align-center","8":"tablet-align-left","9":"mobile-align-left","10":"ast-product-gallery-layout-horizontal-slider","11":"ast-product-gallery-with-no-image","12":"ast-magnify-disabled","13":"ast-product-tabs-layout-accordion","14":"ast-qv-on-image","16":"first","17":"instock","18":"shipping-taxable","19":"purchasable","20":"product-type-simple"},"aioseo_notices":[],"aioseo_head":"\n\t\t<!-- All in One SEO Pro 4.6.0 - aioseo.com -->\n\t\t<meta name=\"description\" content=\"Featuring a 0-75\u00b0 foldable backrest and 540-840mm height adjustment, this electric stretcher includes an oxygen holder and central braking.\" \/>\n\t\t<meta name=\"robots\" content=\"max-image-preview:large\" \/>\n\t\t<meta name=\"google-site-verification\" content=\"XE0Krczs_zYC4qBAqnvyRaNEYa9NQEP4HzU7PPpzxoI\" \/>\n\t\t<link rel=\"canonical\" href=\"https:\/\/novalion-med.com\/fr\/produit\/brancard-electrique-de-transfert-de-patient-avec-support-doxygene\/\" \/>\n\t\t<meta name=\"generator\" content=\"All in One SEO Pro (AIOSEO) 4.6.0\" \/>\n\t\t<meta property=\"og:locale\" content=\"fr_FR\" \/>\n\t\t<meta property=\"og:site_name\" content=\"Novalion Medical \u2013 Wheelchair, Hospital bed, Walker,Commode chair,Crutch...\" \/>\n\t\t<meta property=\"og:type\" content=\"article\" \/>\n\t\t<meta property=\"og:title\" content=\"Electric Patient Transfer Stretcher with Oxygen Holder\" \/>\n\t\t<meta property=\"og:description\" content=\"Featuring a 0-75\u00b0 foldable backrest and 540-840mm height adjustment, this electric stretcher includes an oxygen holder and central braking.\" \/>\n\t\t<meta property=\"og:url\" content=\"https:\/\/novalion-med.com\/fr\/produit\/brancard-electrique-de-transfert-de-patient-avec-support-doxygene\/\" \/>\n\t\t<meta property=\"og:image\" content=\"https:\/\/novalion-med.com\/wp-content\/uploads\/2025\/04\/cropped-343496212_201698782614433_8037205422525878621_n-1.jpg\" \/>\n\t\t<meta property=\"og:image:secure_url\" content=\"https:\/\/novalion-med.com\/wp-content\/uploads\/2025\/04\/cropped-343496212_201698782614433_8037205422525878621_n-1.jpg\" \/>\n\t\t<meta property=\"og:image:width\" content=\"512\" \/>\n\t\t<meta property=\"og:image:height\" content=\"512\" \/>\n\t\t<meta property=\"article:published_time\" content=\"2025-06-20T02:37:38+00:00\" \/>\n\t\t<meta property=\"article:modified_time\" content=\"2025-09-26T02:51:58+00:00\" \/>\n\t\t<meta property=\"article:publisher\" content=\"https:\/\/www.facebook.com\/NovalionMedical\/\" \/>\n\t\t<meta name=\"twitter:card\" content=\"summary_large_image\" \/>\n\t\t<meta name=\"twitter:title\" content=\"Electric Patient Transfer Stretcher with Oxygen Holder\" \/>\n\t\t<meta name=\"twitter:description\" content=\"Featuring a 0-75\u00b0 foldable backrest and 540-840mm height adjustment, this electric stretcher includes an oxygen holder and central braking.\" \/>\n\t\t<meta name=\"twitter:image\" content=\"https:\/\/novalion-med.com\/wp-content\/uploads\/2025\/04\/cropped-343496212_201698782614433_8037205422525878621_n-1.jpg\" \/>\n\t\t<script type=\"application\/ld+json\" class=\"aioseo-schema\">\n\t\t\t{\"@context\":\"https:\\\/\\\/schema.org\",\"@graph\":[{\"@type\":\"BreadcrumbList\",\"@id\":\"https:\\\/\\\/novalion-med.com\\\/fr\\\/produit\\\/brancard-electrique-de-transfert-de-patient-avec-support-doxygene\\\/#breadcrumblist\",\"itemListElement\":[{\"@type\":\"ListItem\",\"@id\":\"https:\\\/\\\/novalion-med.com\\\/fr\\\/#listItem\",\"position\":1,\"name\":\"Home\",\"item\":\"https:\\\/\\\/novalion-med.com\\\/fr\\\/\",\"nextItem\":\"https:\\\/\\\/novalion-med.com\\\/fr\\\/produit\\\/brancard-electrique-de-transfert-de-patient-avec-support-doxygene\\\/#listItem\"},{\"@type\":\"ListItem\",\"@id\":\"https:\\\/\\\/novalion-med.com\\\/fr\\\/produit\\\/brancard-electrique-de-transfert-de-patient-avec-support-doxygene\\\/#listItem\",\"position\":2,\"name\":\"Electric Patient Transfer Stretcher with Oxygen Holder\",\"previousItem\":\"https:\\\/\\\/novalion-med.com\\\/fr\\\/#listItem\"}]},{\"@type\":\"Organization\",\"@id\":\"https:\\\/\\\/novalion-med.com\\\/fr\\\/#organization\",\"name\":\"novalion-med.com\",\"url\":\"https:\\\/\\\/novalion-med.com\\\/fr\\\/\",\"logo\":{\"@type\":\"ImageObject\",\"url\":\"https:\\\/\\\/novalion-med.com\\\/wp-content\\\/uploads\\\/2025\\\/04\\\/cropped-343496212_201698782614433_8037205422525878621_n-1.jpg\",\"@id\":\"https:\\\/\\\/novalion-med.com\\\/fr\\\/produit\\\/brancard-electrique-de-transfert-de-patient-avec-support-doxygene\\\/#organizationLogo\",\"width\":512,\"height\":512},\"image\":{\"@id\":\"https:\\\/\\\/novalion-med.com\\\/fr\\\/produit\\\/brancard-electrique-de-transfert-de-patient-avec-support-doxygene\\\/#organizationLogo\"},\"sameAs\":[\"https:\\\/\\\/www.facebook.com\\\/NovalionMedical\\\/\",\"https:\\\/\\\/www.youtube.com\\\/@NwlMedicalInstrument\"],\"contactPoint\":{\"@type\":\"ContactPoint\",\"telephone\":\"+8618326188070\",\"contactType\":\"Sales\"}},{\"@type\":\"Product\",\"@id\":\"https:\\\/\\\/novalion-med.com\\\/fr\\\/produit\\\/brancard-electrique-de-transfert-de-patient-avec-support-doxygene\\\/#wooCommerceProduct\",\"name\":\"Electric Patient Transfer Stretcher with Oxygen Holder\",\"description\":\"This patient electrical transfer stretcher features an electrically adjustable back part of the bed surface, folding up from 0 to 75\\u00b0, offering precise positioning. The car body height adjusts within 540-840mm, suitable for different medical setups. The bed size is 1930\\u00d7640\\\/740mm, providing ample space. Equipped with an oxygen bottle holder and locking switch, it ensures convenient oxygen access. The rescue vehicle uses an international advanced central control braking system, guaranteeing stable and reliable braking, making it a reliable choice for electric patient transfer in various medical scenarios.\",\"url\":\"https:\\\/\\\/novalion-med.com\\\/fr\\\/produit\\\/brancard-electrique-de-transfert-de-patient-avec-support-doxygene\\\/\",\"sku\":\"NL150502-XKDC01\",\"image\":{\"@type\":\"ImageObject\",\"url\":\"https:\\\/\\\/novalion-med.com\\\/wp-content\\\/uploads\\\/2025\\\/06\\\/NL150502-XKDC01-Electric-Patient-Transfer-Stretcher-with-Oxygen-Holder.jpg\",\"@id\":\"https:\\\/\\\/novalion-med.com\\\/fr\\\/produit\\\/brancard-electrique-de-transfert-de-patient-avec-support-doxygene\\\/#productImage\",\"width\":1000,\"height\":1000,\"caption\":\"NL150502-XKDC01 Electric Patient Transfer Stretcher with Oxygen Holder\"},\"offers\":{\"@type\":\"Offer\",\"url\":\"https:\\\/\\\/novalion-med.com\\\/fr\\\/produit\\\/brancard-electrique-de-transfert-de-patient-avec-support-doxygene\\\/#wooCommerceOffer\",\"priceCurrency\":\"PHP\",\"category\":\"Transfer Stretchers\",\"availability\":\"https:\\\/\\\/schema.org\\\/InStock\",\"seller\":{\"@type\":\"Organization\",\"@id\":\"https:\\\/\\\/novalion-med.com\\\/fr\\\/#organization\"},\"price\":111}},{\"@type\":\"WebPage\",\"@id\":\"https:\\\/\\\/novalion-med.com\\\/fr\\\/produit\\\/brancard-electrique-de-transfert-de-patient-avec-support-doxygene\\\/#webpage\",\"url\":\"https:\\\/\\\/novalion-med.com\\\/fr\\\/produit\\\/brancard-electrique-de-transfert-de-patient-avec-support-doxygene\\\/\",\"name\":\"Electric Patient Transfer Stretcher with Oxygen Holder\",\"description\":\"Featuring a 0-75\\u00b0 foldable backrest and 540-840mm height adjustment, this electric stretcher includes an oxygen holder and central braking.\",\"inLanguage\":\"fr-FR\",\"isPartOf\":{\"@id\":\"https:\\\/\\\/novalion-med.com\\\/fr\\\/#website\"},\"breadcrumb\":{\"@id\":\"https:\\\/\\\/novalion-med.com\\\/fr\\\/produit\\\/brancard-electrique-de-transfert-de-patient-avec-support-doxygene\\\/#breadcrumblist\"},\"image\":{\"@type\":\"ImageObject\",\"url\":\"https:\\\/\\\/novalion-med.com\\\/wp-content\\\/uploads\\\/2025\\\/06\\\/NL150502-XKDC01-Electric-Patient-Transfer-Stretcher-with-Oxygen-Holder.jpg\",\"@id\":\"https:\\\/\\\/novalion-med.com\\\/fr\\\/produit\\\/brancard-electrique-de-transfert-de-patient-avec-support-doxygene\\\/#mainImage\",\"width\":1000,\"height\":1000,\"caption\":\"NL150502-XKDC01 Electric Patient Transfer Stretcher with Oxygen Holder\"},\"primaryImageOfPage\":{\"@id\":\"https:\\\/\\\/novalion-med.com\\\/fr\\\/produit\\\/brancard-electrique-de-transfert-de-patient-avec-support-doxygene\\\/#mainImage\"},\"datePublished\":\"2025-06-20T02:37:38+00:00\",\"dateModified\":\"2025-09-26T02:51:58+00:00\"},{\"@type\":\"WebSite\",\"@id\":\"https:\\\/\\\/novalion-med.com\\\/fr\\\/#website\",\"url\":\"https:\\\/\\\/novalion-med.com\\\/fr\\\/\",\"name\":\"novalion-med.com\",\"description\":\"Wheelchair, Hospital bed, Walker,Commode chair,Crutch...\",\"inLanguage\":\"fr-FR\",\"publisher\":{\"@id\":\"https:\\\/\\\/novalion-med.com\\\/fr\\\/#organization\"}}]}\n\t\t<\/script>\n\t\t<!-- All in One SEO Pro -->\r\n\t\t<title>Electric Patient Transfer Stretcher with Oxygen Holder<\/title>\n\n","aioseo_head_json":{"title":"Electric Patient Transfer Stretcher with Oxygen Holder","description":"Featuring a 0-75\u00b0 foldable backrest and 540-840mm height adjustment, this electric stretcher includes an oxygen holder and central braking.","canonical_url":"https:\/\/novalion-med.com\/fr\/produit\/brancard-electrique-de-transfert-de-patient-avec-support-doxygene\/","robots":"max-image-preview:large","keywords":"","webmasterTools":{"google-site-verification":"XE0Krczs_zYC4qBAqnvyRaNEYa9NQEP4HzU7PPpzxoI","miscellaneous":""},"og:locale":"fr_FR","og:site_name":"Novalion Medical \u2013 Wheelchair, Hospital bed, Walker,Commode chair,Crutch...","og:type":"article","og:title":"Electric Patient Transfer Stretcher with Oxygen Holder","og:description":"Featuring a 0-75\u00b0 foldable backrest and 540-840mm height adjustment, this electric stretcher includes an oxygen holder and central braking.","og:url":"https:\/\/novalion-med.com\/fr\/produit\/brancard-electrique-de-transfert-de-patient-avec-support-doxygene\/","og:image":"https:\/\/novalion-med.com\/wp-content\/uploads\/2025\/04\/cropped-343496212_201698782614433_8037205422525878621_n-1.jpg","og:image:secure_url":"https:\/\/novalion-med.com\/wp-content\/uploads\/2025\/04\/cropped-343496212_201698782614433_8037205422525878621_n-1.jpg","og:image:width":512,"og:image:height":512,"article:published_time":"2025-06-20T02:37:38+00:00","article:modified_time":"2025-09-26T02:51:58+00:00","article:publisher":"https:\/\/www.facebook.com\/NovalionMedical\/","twitter:card":"summary_large_image","twitter:title":"Electric Patient Transfer Stretcher with Oxygen Holder","twitter:description":"Featuring a 0-75\u00b0 foldable backrest and 540-840mm height adjustment, this electric stretcher includes an oxygen holder and central braking.","twitter:image":"https:\/\/novalion-med.com\/wp-content\/uploads\/2025\/04\/cropped-343496212_201698782614433_8037205422525878621_n-1.jpg","schema":{"@context":"https:\/\/schema.org","@graph":[{"@type":"BreadcrumbList","@id":"https:\/\/novalion-med.com\/fr\/produit\/brancard-electrique-de-transfert-de-patient-avec-support-doxygene\/#breadcrumblist","itemListElement":[{"@type":"ListItem","@id":"https:\/\/novalion-med.com\/fr\/#listItem","position":1,"name":"Home","item":"https:\/\/novalion-med.com\/fr\/","nextItem":"https:\/\/novalion-med.com\/fr\/produit\/brancard-electrique-de-transfert-de-patient-avec-support-doxygene\/#listItem"},{"@type":"ListItem","@id":"https:\/\/novalion-med.com\/fr\/produit\/brancard-electrique-de-transfert-de-patient-avec-support-doxygene\/#listItem","position":2,"name":"Electric Patient Transfer Stretcher with Oxygen Holder","previousItem":"https:\/\/novalion-med.com\/fr\/#listItem"}]},{"@type":"Organization","@id":"https:\/\/novalion-med.com\/fr\/#organization","name":"novalion-med.com","url":"https:\/\/novalion-med.com\/fr\/","logo":{"@type":"ImageObject","url":"https:\/\/novalion-med.com\/wp-content\/uploads\/2025\/04\/cropped-343496212_201698782614433_8037205422525878621_n-1.jpg","@id":"https:\/\/novalion-med.com\/fr\/produit\/brancard-electrique-de-transfert-de-patient-avec-support-doxygene\/#organizationLogo","width":512,"height":512},"image":{"@id":"https:\/\/novalion-med.com\/fr\/produit\/brancard-electrique-de-transfert-de-patient-avec-support-doxygene\/#organizationLogo"},"sameAs":["https:\/\/www.facebook.com\/NovalionMedical\/","https:\/\/www.youtube.com\/@NwlMedicalInstrument"],"contactPoint":{"@type":"ContactPoint","telephone":"+8618326188070","contactType":"Sales"}},{"@type":"Product","@id":"https:\/\/novalion-med.com\/fr\/produit\/brancard-electrique-de-transfert-de-patient-avec-support-doxygene\/#wooCommerceProduct","name":"Electric Patient Transfer Stretcher with Oxygen Holder","description":"This patient electrical transfer stretcher features an electrically adjustable back part of the bed surface, folding up from 0 to 75\u00b0, offering precise positioning. The car body height adjusts within 540-840mm, suitable for different medical setups. The bed size is 1930\u00d7640\/740mm, providing ample space. Equipped with an oxygen bottle holder and locking switch, it ensures convenient oxygen access. The rescue vehicle uses an international advanced central control braking system, guaranteeing stable and reliable braking, making it a reliable choice for electric patient transfer in various medical scenarios.","url":"https:\/\/novalion-med.com\/fr\/produit\/brancard-electrique-de-transfert-de-patient-avec-support-doxygene\/","sku":"NL150502-XKDC01","image":{"@type":"ImageObject","url":"https:\/\/novalion-med.com\/wp-content\/uploads\/2025\/06\/NL150502-XKDC01-Electric-Patient-Transfer-Stretcher-with-Oxygen-Holder.jpg","@id":"https:\/\/novalion-med.com\/fr\/produit\/brancard-electrique-de-transfert-de-patient-avec-support-doxygene\/#productImage","width":1000,"height":1000,"caption":"NL150502-XKDC01 Electric Patient Transfer Stretcher with Oxygen Holder"},"offers":{"@type":"Offer","url":"https:\/\/novalion-med.com\/fr\/produit\/brancard-electrique-de-transfert-de-patient-avec-support-doxygene\/#wooCommerceOffer","priceCurrency":"PHP","category":"Transfer Stretchers","availability":"https:\/\/schema.org\/InStock","seller":{"@type":"Organization","@id":"https:\/\/novalion-med.com\/fr\/#organization"},"price":111}},{"@type":"WebPage","@id":"https:\/\/novalion-med.com\/fr\/produit\/brancard-electrique-de-transfert-de-patient-avec-support-doxygene\/#webpage","url":"https:\/\/novalion-med.com\/fr\/produit\/brancard-electrique-de-transfert-de-patient-avec-support-doxygene\/","name":"Electric Patient Transfer Stretcher with Oxygen Holder","description":"Featuring a 0-75\u00b0 foldable backrest and 540-840mm height adjustment, this electric stretcher includes an oxygen holder and central braking.","inLanguage":"fr-FR","isPartOf":{"@id":"https:\/\/novalion-med.com\/fr\/#website"},"breadcrumb":{"@id":"https:\/\/novalion-med.com\/fr\/produit\/brancard-electrique-de-transfert-de-patient-avec-support-doxygene\/#breadcrumblist"},"image":{"@type":"ImageObject","url":"https:\/\/novalion-med.com\/wp-content\/uploads\/2025\/06\/NL150502-XKDC01-Electric-Patient-Transfer-Stretcher-with-Oxygen-Holder.jpg","@id":"https:\/\/novalion-med.com\/fr\/produit\/brancard-electrique-de-transfert-de-patient-avec-support-doxygene\/#mainImage","width":1000,"height":1000,"caption":"NL150502-XKDC01 Electric Patient Transfer Stretcher with Oxygen Holder"},"primaryImageOfPage":{"@id":"https:\/\/novalion-med.com\/fr\/produit\/brancard-electrique-de-transfert-de-patient-avec-support-doxygene\/#mainImage"},"datePublished":"2025-06-20T02:37:38+00:00","dateModified":"2025-09-26T02:51:58+00:00"},{"@type":"WebSite","@id":"https:\/\/novalion-med.com\/fr\/#website","url":"https:\/\/novalion-med.com\/fr\/","name":"novalion-med.com","description":"Wheelchair, Hospital bed, Walker,Commode chair,Crutch...","inLanguage":"fr-FR","publisher":{"@id":"https:\/\/novalion-med.com\/fr\/#organization"}}]}},"aioseo_meta_data":{"post_id":"5806","title":"Electric Patient Transfer Stretcher with Oxygen Holder","description":"Featuring a 0-75\u00b0 foldable backrest and 540-840mm height adjustment, this electric stretcher includes an oxygen holder and central braking.","keywords":"[]","keyphrases":"{\"focus\":{\"keyphrase\":\"\",\"score\":0,\"analysis\":{\"keyphraseInTitle\":{\"score\":0,\"maxScore\":9,\"error\":1}}},\"additional\":[]}","primary_term":null,"canonical_url":null,"og_title":null,"og_description":null,"og_object_type":"default","og_image_type":"default","og_image_url":null,"og_image_width":null,"og_image_height":null,"og_image_custom_url":null,"og_image_custom_fields":null,"og_video":"","og_custom_url":null,"og_article_section":null,"og_article_tags":"[]","twitter_use_og":false,"twitter_card":"default","twitter_image_type":"default","twitter_image_url":null,"twitter_image_custom_url":null,"twitter_image_custom_fields":null,"twitter_title":null,"twitter_description":null,"schema":{"blockGraphs":[],"customGraphs":[],"default":{"data":{"Article":[],"Course":[],"Dataset":[],"FAQPage":[],"Movie":[],"Person":[],"Product":[],"Recipe":[],"Service":[],"SoftwareApplication":[],"WebPage":[]},"graphName":"Product","isEnabled":true},"graphs":[]},"schema_type":"default","schema_type_options":null,"pillar_content":false,"robots_default":true,"robots_noindex":false,"robots_noarchive":false,"robots_nosnippet":false,"robots_nofollow":false,"robots_noimageindex":false,"robots_noodp":false,"robots_notranslate":false,"robots_max_snippet":"-1","robots_max_videopreview":"-1","robots_max_imagepreview":"large","priority":null,"frequency":"default","local_seo":null,"limit_modified_date":false,"created":"2025-06-20 02:37:38","updated":"2025-09-26 03:04:00"},"_links":{"self":[{"href":"https:\/\/novalion-med.com\/fr\/wp-json\/wp\/v2\/product\/5806","targetHints":{"allow":["GET"]}}],"collection":[{"href":"https:\/\/novalion-med.com\/fr\/wp-json\/wp\/v2\/product"}],"about":[{"href":"https:\/\/novalion-med.com\/fr\/wp-json\/wp\/v2\/types\/product"}],"version-history":[{"count":5,"href":"https:\/\/novalion-med.com\/fr\/wp-json\/wp\/v2\/product\/5806\/revisions"}],"predecessor-version":[{"id":9572,"href":"https:\/\/novalion-med.com\/fr\/wp-json\/wp\/v2\/product\/5806\/revisions\/9572"}],"wp:featuredmedia":[{"embeddable":true,"href":"https:\/\/novalion-med.com\/fr\/wp-json\/wp\/v2\/media\/9571"}],"wp:attachment":[{"href":"https:\/\/novalion-med.com\/fr\/wp-json\/wp\/v2\/media?parent=5806"}],"wp:term":[{"taxonomy":"product_brand","embeddable":true,"href":"https:\/\/novalion-med.com\/fr\/wp-json\/wp\/v2\/product_brand?post=5806"},{"taxonomy":"product_cat","embeddable":true,"href":"https:\/\/novalion-med.com\/fr\/wp-json\/wp\/v2\/product_cat?post=5806"},{"taxonomy":"product_tag","embeddable":true,"href":"https:\/\/novalion-med.com\/fr\/wp-json\/wp\/v2\/product_tag?post=5806"}],"curies":[{"name":"wp","href":"https:\/\/api.w.org\/{rel}","templated":true}]}}