{"id":5774,"date":"2025-06-20T02:08:37","date_gmt":"2025-06-20T02:08:37","guid":{"rendered":"https:\/\/novalion-med.com\/?post_type=product&#038;p=5774"},"modified":"2025-09-26T02:44:37","modified_gmt":"2025-09-26T02:44:37","slug":"brancard-de-transfert-de-patient-absorbant-les-chocs","status":"publish","type":"product","link":"https:\/\/novalion-med.com\/fr\/produit\/brancard-de-transfert-de-patient-absorbant-les-chocs\/","title":{"rendered":"Brancard de transfert de patients \u00e0 absorption de chocs"},"content":{"rendered":"<div data-elementor-type=\"product-post\" data-elementor-id=\"5774\" class=\"elementor elementor-5774\" data-elementor-post-type=\"product\">\n\t\t\t\t<div class=\"elementor-element elementor-element-1c93f1cb e-con-full e-flex e-con e-parent\" data-id=\"1c93f1cb\" data-element_type=\"container\">\n\t\t\t\t<div class=\"elementor-element elementor-element-2240ff1 elementor-widget elementor-widget-heading\" data-id=\"2240ff1\" data-element_type=\"widget\" data-widget_type=\"heading.default\">\n\t\t\t\t<div class=\"elementor-widget-container\">\n\t\t\t\t\t<h2 class=\"elementor-heading-title elementor-size-default\">Brancard de transfert de patients \u00e0 absorption de chocs<\/h2>\t\t\t\t<\/div>\n\t\t\t\t<\/div>\n\t\t\t\t<div class=\"elementor-element elementor-element-45d8c46 elementor-widget elementor-widget-text-editor\" data-id=\"45d8c46\" data-element_type=\"widget\" data-widget_type=\"text-editor.default\">\n\t\t\t\t<div class=\"elementor-widget-container\">\n\t\t\t\t\t\t\t\t\t<p>Brancard absorbant les chocs avec une charge statique de 250 kg, un dossier \u00e0 70\u00b0 et un r\u00e9glage en hauteur de 50 \u00e0 90 cm. Les roulettes silencieuses, la surface du lit en PP et le cadre en aluminium allient confort et fiabilit\u00e9.<\/p>\t\t\t\t\t\t\t\t<\/div>\n\t\t\t\t<\/div>\n\t\t\t\t<div class=\"elementor-element elementor-element-7152afc elementor-widget elementor-widget-text-editor\" data-id=\"7152afc\" data-element_type=\"widget\" data-widget_type=\"text-editor.default\">\n\t\t\t\t<div class=\"elementor-widget-container\">\n\t\t\t\t\t\t\t\t\t<h2>Caract\u00e9ristiques principales<\/h2><p>\"Brancard absorbant les chocs avec une capacit\u00e9 statique de 250 kg, un dossier \u00e0 70\u00b0, un r\u00e9glage en hauteur de 50 \u00e0 90 cm et des roulettes silencieuses. La surface du lit en PP garantit le confort et l'hygi\u00e8ne pendant le transport.\"<\/p><ul><li>Capacit\u00e9 de charge statique de 250 kg et stabilit\u00e9 dynamique de 135 kg<\/li><li>Inclinaison du dossier de 70\u00b0 et r\u00e9glage de la hauteur de 50 \u00e0 90 cm<\/li><li>Roulettes silencieuses de 15 cm et syst\u00e8me de guidage absorbant les chocs<\/li><li>Surface du lit en PP et cadre en alliage d'aluminium pour la durabilit\u00e9<\/li><\/ul>\t\t\t\t\t\t\t\t<\/div>\n\t\t\t\t<\/div>\n\t\t\t\t<div class=\"elementor-element elementor-element-3a02177 elementor-widget elementor-widget-text-editor\" data-id=\"3a02177\" data-element_type=\"widget\" data-widget_type=\"text-editor.default\">\n\t\t\t\t<div class=\"elementor-widget-container\">\n\t\t\t\t\t\t\t\t\t<h2>Sp\u00e9cifications<\/h2><p>1. Taille du chariot complet : longueur totale 193 cm, largeur totale 64 cm ;<br \/>2. Le sommier a une hauteur maximale de 90 cm et une hauteur minimale de 50 cm ;<br \/>3. Panneau arri\u00e8re 0\u00b0~\u226570\u00b0 ;<br \/>4. Charge statique maximale de 250 kg, charge dynamique maximale de 135 kg ;<br \/>5. Diam\u00e8tre de la roulette centrale silencieuse \u220515cm ;<br \/>6. Nouveau syst\u00e8me de guidage \u00e0 sellette absorbant les chocs ;<br \/>7. Plan de couchage en PP ; lib\u00e9ration rapide du CPR ; barre lat\u00e9rale en PP ; matelas ; poteau IV ;<br \/>8. Couche de finition : rev\u00eatement en poudre \u00e9lectrostatique ;<br \/>9. Cadre de lit en alliage d'aluminium.<\/p>\t\t\t\t\t\t\t\t<\/div>\n\t\t\t\t<\/div>\n\t\t\t\t<div class=\"elementor-element elementor-element-2996df9 elementor-widget elementor-widget-text-editor\" data-id=\"2996df9\" data-element_type=\"widget\" data-widget_type=\"text-editor.default\">\n\t\t\t\t<div class=\"elementor-widget-container\">\n\t\t\t\t\t\t\t\t\t<p>D'autres \u00e9quipements m\u00e9dicaux peuvent \u00eatre trouv\u00e9s dans <a href=\"https:\/\/novalion-med.com\/fr\/\" target=\"_blank\" rel=\"noopener\">notre site web<\/a> ou <a href=\"https:\/\/api.whatsapp.com\/send\/?phone=%2B008618112908401&amp;text&amp;type=phone_number&amp;app_absent=0\" target=\"_blank\" rel=\"noopener\">notre whatsapp<\/a>.<\/p>\t\t\t\t\t\t\t\t<\/div>\n\t\t\t\t<\/div>\n\t\t\t\t<\/div>\n\t\t\t\t<\/div>","protected":false},"excerpt":{"rendered":"<p>Comme le mod\u00e8le pr\u00e9c\u00e9dent, ce brancard de transfert de patient a une taille de chariot complet de 193 cm de long et 64 cm de large, avec une hauteur de sommier de 50 \u00e0 90 cm. Le panneau de la section dorsale s'ajuste de 0\u00b0 \u00e0 \u226570\u00b0, ce qui permet de r\u00e9pondre \u00e0 diff\u00e9rents besoins de positionnement. Il supporte une charge statique maximale de 250 kg et une charge dynamique de 135 kg. La roulette centrale silencieuse a un diam\u00e8tre de \u220515cm, et le nouveau syst\u00e8me de guidage absorbant les chocs avec une cinqui\u00e8me roue assure un mouvement souple et silencieux. Dot\u00e9 d'une surface de lit en PP, d'une lib\u00e9ration rapide CPR, d'une barri\u00e8re lat\u00e9rale en PP, d'un matelas, d'une perche \u00e0 perfusion, d'un rev\u00eatement en poudre \u00e9lectrostatique et d'un cadre de lit en alliage d'aluminium, ce brancard allie durabilit\u00e9, fonctionnalit\u00e9 et confort du patient pour un transfert efficace.<\/p>","protected":false},"featured_media":9560,"template":"elementor_theme","meta":{"site-sidebar-layout":"default","site-content-layout":"","ast-site-content-layout":"default","site-content-style":"default","site-sidebar-style":"default","ast-global-header-display":"","ast-banner-title-visibility":"","ast-main-header-display":"","ast-hfb-above-header-display":"","ast-hfb-below-header-display":"","ast-hfb-mobile-header-display":"","site-post-title":"","ast-breadcrumbs-content":"","ast-featured-img":"","footer-sml-layout":"","theme-transparent-header-meta":"default","adv-header-id-meta":"","stick-header-meta":"default","header-above-stick-meta":"","header-main-stick-meta":"","header-below-stick-meta":"","astra-migrate-meta-layouts":"set","ast-page-background-enabled":"default","ast-page-background-meta":{"desktop":{"background-color":"var(--ast-global-color-4)","background-image":"","background-repeat":"repeat","background-position":"center center","background-size":"auto","background-attachment":"scroll","background-type":"","background-media":"","overlay-type":"","overlay-color":"","overlay-opacity":"","overlay-gradient":""},"tablet":{"background-color":"","background-image":"","background-repeat":"repeat","background-position":"center center","background-size":"auto","background-attachment":"scroll","background-type":"","background-media":"","overlay-type":"","overlay-color":"","overlay-opacity":"","overlay-gradient":""},"mobile":{"background-color":"","background-image":"","background-repeat":"repeat","background-position":"center center","background-size":"auto","background-attachment":"scroll","background-type":"","background-media":"","overlay-type":"","overlay-color":"","overlay-opacity":"","overlay-gradient":""}},"ast-content-background-meta":{"desktop":{"background-color":"var(--ast-global-color-5)","background-image":"","background-repeat":"repeat","background-position":"center center","background-size":"auto","background-attachment":"scroll","background-type":"","background-media":"","overlay-type":"","overlay-color":"","overlay-opacity":"","overlay-gradient":""},"tablet":{"background-color":"var(--ast-global-color-5)","background-image":"","background-repeat":"repeat","background-position":"center center","background-size":"auto","background-attachment":"scroll","background-type":"","background-media":"","overlay-type":"","overlay-color":"","overlay-opacity":"","overlay-gradient":""},"mobile":{"background-color":"var(--ast-global-color-5)","background-image":"","background-repeat":"repeat","background-position":"center center","background-size":"auto","background-attachment":"scroll","background-type":"","background-media":"","overlay-type":"","overlay-color":"","overlay-opacity":"","overlay-gradient":""}}},"product_brand":[],"product_cat":[99],"product_tag":[],"class_list":{"0":"post-5774","1":"product","2":"type-product","3":"status-publish","4":"has-post-thumbnail","6":"product_cat-transfer-stretchers","7":"desktop-align-center","8":"tablet-align-left","9":"mobile-align-left","10":"ast-product-gallery-layout-horizontal-slider","11":"ast-product-gallery-with-no-image","12":"ast-magnify-disabled","13":"ast-product-tabs-layout-accordion","14":"ast-qv-on-image","16":"first","17":"instock","18":"shipping-taxable","19":"purchasable","20":"product-type-simple"},"aioseo_notices":[],"aioseo_head":"\n\t\t<!-- All in One SEO Pro 4.6.0 - aioseo.com -->\n\t\t<meta name=\"description\" content=\"With 250kg static capacity, 193\u00d764cm dimensions, and 50-90cm height, this stretcher offers a 70\u00b0 backrest, silent castors, and PP bed surface.\" \/>\n\t\t<meta name=\"robots\" content=\"max-image-preview:large\" \/>\n\t\t<meta name=\"google-site-verification\" content=\"XE0Krczs_zYC4qBAqnvyRaNEYa9NQEP4HzU7PPpzxoI\" \/>\n\t\t<link rel=\"canonical\" href=\"https:\/\/novalion-med.com\/fr\/produit\/brancard-de-transfert-de-patient-absorbant-les-chocs\/\" \/>\n\t\t<meta name=\"generator\" content=\"All in One SEO Pro (AIOSEO) 4.6.0\" \/>\n\t\t<meta property=\"og:locale\" content=\"fr_FR\" \/>\n\t\t<meta property=\"og:site_name\" content=\"Novalion Medical \u2013 Wheelchair, Hospital bed, Walker,Commode chair,Crutch...\" \/>\n\t\t<meta property=\"og:type\" content=\"article\" \/>\n\t\t<meta property=\"og:title\" content=\"Shock-Absorbing Patient Transfer Stretcher\" \/>\n\t\t<meta property=\"og:description\" content=\"With 250kg static capacity, 193\u00d764cm dimensions, and 50-90cm height, this stretcher offers a 70\u00b0 backrest, silent castors, and PP bed surface.\" \/>\n\t\t<meta property=\"og:url\" content=\"https:\/\/novalion-med.com\/fr\/produit\/brancard-de-transfert-de-patient-absorbant-les-chocs\/\" \/>\n\t\t<meta property=\"og:image\" content=\"https:\/\/novalion-med.com\/wp-content\/uploads\/2025\/04\/cropped-343496212_201698782614433_8037205422525878621_n-1.jpg\" \/>\n\t\t<meta property=\"og:image:secure_url\" content=\"https:\/\/novalion-med.com\/wp-content\/uploads\/2025\/04\/cropped-343496212_201698782614433_8037205422525878621_n-1.jpg\" \/>\n\t\t<meta property=\"og:image:width\" content=\"512\" \/>\n\t\t<meta property=\"og:image:height\" content=\"512\" \/>\n\t\t<meta property=\"article:published_time\" content=\"2025-06-20T02:08:37+00:00\" \/>\n\t\t<meta property=\"article:modified_time\" content=\"2025-09-26T02:44:37+00:00\" \/>\n\t\t<meta property=\"article:publisher\" content=\"https:\/\/www.facebook.com\/NovalionMedical\/\" \/>\n\t\t<meta name=\"twitter:card\" content=\"summary_large_image\" \/>\n\t\t<meta name=\"twitter:title\" content=\"Shock-Absorbing Patient Transfer Stretcher\" \/>\n\t\t<meta name=\"twitter:description\" content=\"With 250kg static capacity, 193\u00d764cm dimensions, and 50-90cm height, this stretcher offers a 70\u00b0 backrest, silent castors, and PP bed surface.\" \/>\n\t\t<meta name=\"twitter:image\" content=\"https:\/\/novalion-med.com\/wp-content\/uploads\/2025\/04\/cropped-343496212_201698782614433_8037205422525878621_n-1.jpg\" \/>\n\t\t<script type=\"application\/ld+json\" class=\"aioseo-schema\">\n\t\t\t{\"@context\":\"https:\\\/\\\/schema.org\",\"@graph\":[{\"@type\":\"BreadcrumbList\",\"@id\":\"https:\\\/\\\/novalion-med.com\\\/fr\\\/produit\\\/brancard-de-transfert-de-patient-absorbant-les-chocs\\\/#breadcrumblist\",\"itemListElement\":[{\"@type\":\"ListItem\",\"@id\":\"https:\\\/\\\/novalion-med.com\\\/fr\\\/#listItem\",\"position\":1,\"name\":\"Home\",\"item\":\"https:\\\/\\\/novalion-med.com\\\/fr\\\/\",\"nextItem\":\"https:\\\/\\\/novalion-med.com\\\/fr\\\/produit\\\/brancard-de-transfert-de-patient-absorbant-les-chocs\\\/#listItem\"},{\"@type\":\"ListItem\",\"@id\":\"https:\\\/\\\/novalion-med.com\\\/fr\\\/produit\\\/brancard-de-transfert-de-patient-absorbant-les-chocs\\\/#listItem\",\"position\":2,\"name\":\"Shock-Absorbing Patient Transfer Stretcher\",\"previousItem\":\"https:\\\/\\\/novalion-med.com\\\/fr\\\/#listItem\"}]},{\"@type\":\"Organization\",\"@id\":\"https:\\\/\\\/novalion-med.com\\\/fr\\\/#organization\",\"name\":\"novalion-med.com\",\"url\":\"https:\\\/\\\/novalion-med.com\\\/fr\\\/\",\"logo\":{\"@type\":\"ImageObject\",\"url\":\"https:\\\/\\\/novalion-med.com\\\/wp-content\\\/uploads\\\/2025\\\/04\\\/cropped-343496212_201698782614433_8037205422525878621_n-1.jpg\",\"@id\":\"https:\\\/\\\/novalion-med.com\\\/fr\\\/produit\\\/brancard-de-transfert-de-patient-absorbant-les-chocs\\\/#organizationLogo\",\"width\":512,\"height\":512},\"image\":{\"@id\":\"https:\\\/\\\/novalion-med.com\\\/fr\\\/produit\\\/brancard-de-transfert-de-patient-absorbant-les-chocs\\\/#organizationLogo\"},\"sameAs\":[\"https:\\\/\\\/www.facebook.com\\\/NovalionMedical\\\/\",\"https:\\\/\\\/www.youtube.com\\\/@NwlMedicalInstrument\"],\"contactPoint\":{\"@type\":\"ContactPoint\",\"telephone\":\"+8618326188070\",\"contactType\":\"Sales\"}},{\"@type\":\"Product\",\"@id\":\"https:\\\/\\\/novalion-med.com\\\/fr\\\/produit\\\/brancard-de-transfert-de-patient-absorbant-les-chocs\\\/#wooCommerceProduct\",\"name\":\"Shock-Absorbing Patient Transfer Stretcher\",\"description\":\"Similar to the previous model, this patient transfer stretcher has a full cart size of 193cm in length and 64cm in width, with a bed base height range of 50-90cm. The back section panel adjusts from 0\\u00b0 to \\u226570\\u00b0, suitable for various positioning needs. It supports a maximum static load of 250kg and dynamic load of 135kg. The centrally silent castor has a diameter of \\u220515cm, and the new shock-absorbing guiding system with a fifth wheel ensures smooth and quiet movement. Featuring a PP bed surface, CPR quick release, PP side rail, mattress, IV pole, electrostatic powder coating, and an aluminum alloy bed frame, this stretcher combines durability, functionality, and patient comfort for efficient transfer.\",\"url\":\"https:\\\/\\\/novalion-med.com\\\/fr\\\/produit\\\/brancard-de-transfert-de-patient-absorbant-les-chocs\\\/\",\"sku\":\"NL150502-SJ-TC03\",\"image\":{\"@type\":\"ImageObject\",\"url\":\"https:\\\/\\\/novalion-med.com\\\/wp-content\\\/uploads\\\/2025\\\/06\\\/NL150502-SJ-TC03-Shock-Absorbing-Patient-Transfer-Stretcher.jpg\",\"@id\":\"https:\\\/\\\/novalion-med.com\\\/fr\\\/produit\\\/brancard-de-transfert-de-patient-absorbant-les-chocs\\\/#productImage\",\"width\":1000,\"height\":1000,\"caption\":\"NL150502-SJ-TC03 Shock-Absorbing Patient Transfer Stretcher\"},\"offers\":{\"@type\":\"Offer\",\"url\":\"https:\\\/\\\/novalion-med.com\\\/fr\\\/produit\\\/brancard-de-transfert-de-patient-absorbant-les-chocs\\\/#wooCommerceOffer\",\"priceCurrency\":\"PHP\",\"category\":\"Transfer Stretchers\",\"availability\":\"https:\\\/\\\/schema.org\\\/InStock\",\"seller\":{\"@type\":\"Organization\",\"@id\":\"https:\\\/\\\/novalion-med.com\\\/fr\\\/#organization\"},\"price\":111}},{\"@type\":\"WebPage\",\"@id\":\"https:\\\/\\\/novalion-med.com\\\/fr\\\/produit\\\/brancard-de-transfert-de-patient-absorbant-les-chocs\\\/#webpage\",\"url\":\"https:\\\/\\\/novalion-med.com\\\/fr\\\/produit\\\/brancard-de-transfert-de-patient-absorbant-les-chocs\\\/\",\"name\":\"Shock-Absorbing Patient Transfer Stretcher\",\"description\":\"With 250kg static capacity, 193\\u00d764cm dimensions, and 50-90cm height, this stretcher offers a 70\\u00b0 backrest, silent castors, and PP bed surface.\",\"inLanguage\":\"fr-FR\",\"isPartOf\":{\"@id\":\"https:\\\/\\\/novalion-med.com\\\/fr\\\/#website\"},\"breadcrumb\":{\"@id\":\"https:\\\/\\\/novalion-med.com\\\/fr\\\/produit\\\/brancard-de-transfert-de-patient-absorbant-les-chocs\\\/#breadcrumblist\"},\"image\":{\"@type\":\"ImageObject\",\"url\":\"https:\\\/\\\/novalion-med.com\\\/wp-content\\\/uploads\\\/2025\\\/06\\\/NL150502-SJ-TC03-Shock-Absorbing-Patient-Transfer-Stretcher.jpg\",\"@id\":\"https:\\\/\\\/novalion-med.com\\\/fr\\\/produit\\\/brancard-de-transfert-de-patient-absorbant-les-chocs\\\/#mainImage\",\"width\":1000,\"height\":1000,\"caption\":\"NL150502-SJ-TC03 Shock-Absorbing Patient Transfer Stretcher\"},\"primaryImageOfPage\":{\"@id\":\"https:\\\/\\\/novalion-med.com\\\/fr\\\/produit\\\/brancard-de-transfert-de-patient-absorbant-les-chocs\\\/#mainImage\"},\"datePublished\":\"2025-06-20T02:08:37+00:00\",\"dateModified\":\"2025-09-26T02:44:37+00:00\"},{\"@type\":\"WebSite\",\"@id\":\"https:\\\/\\\/novalion-med.com\\\/fr\\\/#website\",\"url\":\"https:\\\/\\\/novalion-med.com\\\/fr\\\/\",\"name\":\"novalion-med.com\",\"description\":\"Wheelchair, Hospital bed, Walker,Commode chair,Crutch...\",\"inLanguage\":\"fr-FR\",\"publisher\":{\"@id\":\"https:\\\/\\\/novalion-med.com\\\/fr\\\/#organization\"}}]}\n\t\t<\/script>\n\t\t<!-- All in One SEO Pro -->\r\n\t\t<title>Shock-Absorbing Patient Transfer Stretcher<\/title>\n\n","aioseo_head_json":{"title":"Shock-Absorbing Patient Transfer Stretcher","description":"With 250kg static capacity, 193\u00d764cm dimensions, and 50-90cm height, this stretcher offers a 70\u00b0 backrest, silent castors, and PP bed surface.","canonical_url":"https:\/\/novalion-med.com\/fr\/produit\/brancard-de-transfert-de-patient-absorbant-les-chocs\/","robots":"max-image-preview:large","keywords":"","webmasterTools":{"google-site-verification":"XE0Krczs_zYC4qBAqnvyRaNEYa9NQEP4HzU7PPpzxoI","miscellaneous":""},"og:locale":"fr_FR","og:site_name":"Novalion Medical \u2013 Wheelchair, Hospital bed, Walker,Commode chair,Crutch...","og:type":"article","og:title":"Shock-Absorbing Patient Transfer Stretcher","og:description":"With 250kg static capacity, 193\u00d764cm dimensions, and 50-90cm height, this stretcher offers a 70\u00b0 backrest, silent castors, and PP bed surface.","og:url":"https:\/\/novalion-med.com\/fr\/produit\/brancard-de-transfert-de-patient-absorbant-les-chocs\/","og:image":"https:\/\/novalion-med.com\/wp-content\/uploads\/2025\/04\/cropped-343496212_201698782614433_8037205422525878621_n-1.jpg","og:image:secure_url":"https:\/\/novalion-med.com\/wp-content\/uploads\/2025\/04\/cropped-343496212_201698782614433_8037205422525878621_n-1.jpg","og:image:width":512,"og:image:height":512,"article:published_time":"2025-06-20T02:08:37+00:00","article:modified_time":"2025-09-26T02:44:37+00:00","article:publisher":"https:\/\/www.facebook.com\/NovalionMedical\/","twitter:card":"summary_large_image","twitter:title":"Shock-Absorbing Patient Transfer Stretcher","twitter:description":"With 250kg static capacity, 193\u00d764cm dimensions, and 50-90cm height, this stretcher offers a 70\u00b0 backrest, silent castors, and PP bed surface.","twitter:image":"https:\/\/novalion-med.com\/wp-content\/uploads\/2025\/04\/cropped-343496212_201698782614433_8037205422525878621_n-1.jpg","schema":{"@context":"https:\/\/schema.org","@graph":[{"@type":"BreadcrumbList","@id":"https:\/\/novalion-med.com\/fr\/produit\/brancard-de-transfert-de-patient-absorbant-les-chocs\/#breadcrumblist","itemListElement":[{"@type":"ListItem","@id":"https:\/\/novalion-med.com\/fr\/#listItem","position":1,"name":"Home","item":"https:\/\/novalion-med.com\/fr\/","nextItem":"https:\/\/novalion-med.com\/fr\/produit\/brancard-de-transfert-de-patient-absorbant-les-chocs\/#listItem"},{"@type":"ListItem","@id":"https:\/\/novalion-med.com\/fr\/produit\/brancard-de-transfert-de-patient-absorbant-les-chocs\/#listItem","position":2,"name":"Shock-Absorbing Patient Transfer Stretcher","previousItem":"https:\/\/novalion-med.com\/fr\/#listItem"}]},{"@type":"Organization","@id":"https:\/\/novalion-med.com\/fr\/#organization","name":"novalion-med.com","url":"https:\/\/novalion-med.com\/fr\/","logo":{"@type":"ImageObject","url":"https:\/\/novalion-med.com\/wp-content\/uploads\/2025\/04\/cropped-343496212_201698782614433_8037205422525878621_n-1.jpg","@id":"https:\/\/novalion-med.com\/fr\/produit\/brancard-de-transfert-de-patient-absorbant-les-chocs\/#organizationLogo","width":512,"height":512},"image":{"@id":"https:\/\/novalion-med.com\/fr\/produit\/brancard-de-transfert-de-patient-absorbant-les-chocs\/#organizationLogo"},"sameAs":["https:\/\/www.facebook.com\/NovalionMedical\/","https:\/\/www.youtube.com\/@NwlMedicalInstrument"],"contactPoint":{"@type":"ContactPoint","telephone":"+8618326188070","contactType":"Sales"}},{"@type":"Product","@id":"https:\/\/novalion-med.com\/fr\/produit\/brancard-de-transfert-de-patient-absorbant-les-chocs\/#wooCommerceProduct","name":"Shock-Absorbing Patient Transfer Stretcher","description":"Similar to the previous model, this patient transfer stretcher has a full cart size of 193cm in length and 64cm in width, with a bed base height range of 50-90cm. The back section panel adjusts from 0\u00b0 to \u226570\u00b0, suitable for various positioning needs. It supports a maximum static load of 250kg and dynamic load of 135kg. The centrally silent castor has a diameter of \u220515cm, and the new shock-absorbing guiding system with a fifth wheel ensures smooth and quiet movement. Featuring a PP bed surface, CPR quick release, PP side rail, mattress, IV pole, electrostatic powder coating, and an aluminum alloy bed frame, this stretcher combines durability, functionality, and patient comfort for efficient transfer.","url":"https:\/\/novalion-med.com\/fr\/produit\/brancard-de-transfert-de-patient-absorbant-les-chocs\/","sku":"NL150502-SJ-TC03","image":{"@type":"ImageObject","url":"https:\/\/novalion-med.com\/wp-content\/uploads\/2025\/06\/NL150502-SJ-TC03-Shock-Absorbing-Patient-Transfer-Stretcher.jpg","@id":"https:\/\/novalion-med.com\/fr\/produit\/brancard-de-transfert-de-patient-absorbant-les-chocs\/#productImage","width":1000,"height":1000,"caption":"NL150502-SJ-TC03 Shock-Absorbing Patient Transfer Stretcher"},"offers":{"@type":"Offer","url":"https:\/\/novalion-med.com\/fr\/produit\/brancard-de-transfert-de-patient-absorbant-les-chocs\/#wooCommerceOffer","priceCurrency":"PHP","category":"Transfer Stretchers","availability":"https:\/\/schema.org\/InStock","seller":{"@type":"Organization","@id":"https:\/\/novalion-med.com\/fr\/#organization"},"price":111}},{"@type":"WebPage","@id":"https:\/\/novalion-med.com\/fr\/produit\/brancard-de-transfert-de-patient-absorbant-les-chocs\/#webpage","url":"https:\/\/novalion-med.com\/fr\/produit\/brancard-de-transfert-de-patient-absorbant-les-chocs\/","name":"Shock-Absorbing Patient Transfer Stretcher","description":"With 250kg static capacity, 193\u00d764cm dimensions, and 50-90cm height, this stretcher offers a 70\u00b0 backrest, silent castors, and PP bed surface.","inLanguage":"fr-FR","isPartOf":{"@id":"https:\/\/novalion-med.com\/fr\/#website"},"breadcrumb":{"@id":"https:\/\/novalion-med.com\/fr\/produit\/brancard-de-transfert-de-patient-absorbant-les-chocs\/#breadcrumblist"},"image":{"@type":"ImageObject","url":"https:\/\/novalion-med.com\/wp-content\/uploads\/2025\/06\/NL150502-SJ-TC03-Shock-Absorbing-Patient-Transfer-Stretcher.jpg","@id":"https:\/\/novalion-med.com\/fr\/produit\/brancard-de-transfert-de-patient-absorbant-les-chocs\/#mainImage","width":1000,"height":1000,"caption":"NL150502-SJ-TC03 Shock-Absorbing Patient Transfer Stretcher"},"primaryImageOfPage":{"@id":"https:\/\/novalion-med.com\/fr\/produit\/brancard-de-transfert-de-patient-absorbant-les-chocs\/#mainImage"},"datePublished":"2025-06-20T02:08:37+00:00","dateModified":"2025-09-26T02:44:37+00:00"},{"@type":"WebSite","@id":"https:\/\/novalion-med.com\/fr\/#website","url":"https:\/\/novalion-med.com\/fr\/","name":"novalion-med.com","description":"Wheelchair, Hospital bed, Walker,Commode chair,Crutch...","inLanguage":"fr-FR","publisher":{"@id":"https:\/\/novalion-med.com\/fr\/#organization"}}]}},"aioseo_meta_data":{"post_id":"5774","title":"Shock-Absorbing Patient Transfer Stretcher","description":"With 250kg static capacity, 193\u00d764cm dimensions, and 50-90cm height, this stretcher offers a 70\u00b0 backrest, silent castors, and PP bed surface.","keywords":"[]","keyphrases":"{\"focus\":{\"keyphrase\":\"\",\"score\":0,\"analysis\":{\"keyphraseInTitle\":{\"score\":0,\"maxScore\":9,\"error\":1}}},\"additional\":[]}","primary_term":null,"canonical_url":null,"og_title":null,"og_description":null,"og_object_type":"default","og_image_type":"default","og_image_url":null,"og_image_width":null,"og_image_height":null,"og_image_custom_url":null,"og_image_custom_fields":null,"og_video":"","og_custom_url":null,"og_article_section":null,"og_article_tags":"[]","twitter_use_og":false,"twitter_card":"default","twitter_image_type":"default","twitter_image_url":null,"twitter_image_custom_url":null,"twitter_image_custom_fields":null,"twitter_title":null,"twitter_description":null,"schema":{"blockGraphs":[],"customGraphs":[],"default":{"data":{"Article":[],"Course":[],"Dataset":[],"FAQPage":[],"Movie":[],"Person":[],"Product":[],"Recipe":[],"Service":[],"SoftwareApplication":[],"WebPage":[]},"graphName":"Product","isEnabled":true},"graphs":[]},"schema_type":"default","schema_type_options":null,"pillar_content":false,"robots_default":true,"robots_noindex":false,"robots_noarchive":false,"robots_nosnippet":false,"robots_nofollow":false,"robots_noimageindex":false,"robots_noodp":false,"robots_notranslate":false,"robots_max_snippet":"-1","robots_max_videopreview":"-1","robots_max_imagepreview":"large","priority":null,"frequency":"default","local_seo":null,"limit_modified_date":false,"created":"2025-06-20 02:08:37","updated":"2025-09-26 02:48:22"},"_links":{"self":[{"href":"https:\/\/novalion-med.com\/fr\/wp-json\/wp\/v2\/product\/5774","targetHints":{"allow":["GET"]}}],"collection":[{"href":"https:\/\/novalion-med.com\/fr\/wp-json\/wp\/v2\/product"}],"about":[{"href":"https:\/\/novalion-med.com\/fr\/wp-json\/wp\/v2\/types\/product"}],"version-history":[{"count":6,"href":"https:\/\/novalion-med.com\/fr\/wp-json\/wp\/v2\/product\/5774\/revisions"}],"predecessor-version":[{"id":9561,"href":"https:\/\/novalion-med.com\/fr\/wp-json\/wp\/v2\/product\/5774\/revisions\/9561"}],"wp:featuredmedia":[{"embeddable":true,"href":"https:\/\/novalion-med.com\/fr\/wp-json\/wp\/v2\/media\/9560"}],"wp:attachment":[{"href":"https:\/\/novalion-med.com\/fr\/wp-json\/wp\/v2\/media?parent=5774"}],"wp:term":[{"taxonomy":"product_brand","embeddable":true,"href":"https:\/\/novalion-med.com\/fr\/wp-json\/wp\/v2\/product_brand?post=5774"},{"taxonomy":"product_cat","embeddable":true,"href":"https:\/\/novalion-med.com\/fr\/wp-json\/wp\/v2\/product_cat?post=5774"},{"taxonomy":"product_tag","embeddable":true,"href":"https:\/\/novalion-med.com\/fr\/wp-json\/wp\/v2\/product_tag?post=5774"}],"curies":[{"name":"wp","href":"https:\/\/api.w.org\/{rel}","templated":true}]}}