{"id":5760,"date":"2025-06-20T02:00:18","date_gmt":"2025-06-20T02:00:18","guid":{"rendered":"https:\/\/novalion-med.com\/?post_type=product&#038;p=5760"},"modified":"2025-09-26T02:41:27","modified_gmt":"2025-09-26T02:41:27","slug":"salle-doperation-brancard-de-liaison-chariot","status":"publish","type":"product","link":"https:\/\/novalion-med.com\/fr\/produit\/salle-doperation-brancard-de-liaison-chariot\/","title":{"rendered":"Chariot brancard de salle d'op\u00e9ration"},"content":{"rendered":"<div data-elementor-type=\"product-post\" data-elementor-id=\"5760\" class=\"elementor elementor-5760\" data-elementor-post-type=\"product\">\n\t\t\t\t<div class=\"elementor-element elementor-element-1c93f1cb e-con-full e-flex e-con e-parent\" data-id=\"1c93f1cb\" data-element_type=\"container\">\n\t\t\t\t<div class=\"elementor-element elementor-element-2240ff1 elementor-widget elementor-widget-heading\" data-id=\"2240ff1\" data-element_type=\"widget\" data-widget_type=\"heading.default\">\n\t\t\t\t<div class=\"elementor-widget-container\">\n\t\t\t\t\t<h2 class=\"elementor-heading-title elementor-size-default\">Chariot brancard de salle d'op\u00e9ration<\/h2>\t\t\t\t<\/div>\n\t\t\t\t<\/div>\n\t\t\t\t<div class=\"elementor-element elementor-element-45d8c46 elementor-widget elementor-widget-text-editor\" data-id=\"45d8c46\" data-element_type=\"widget\" data-widget_type=\"text-editor.default\">\n\t\t\t\t<div class=\"elementor-widget-container\">\n\t\t\t\t\t\t\t\t\t<p>Con\u00e7u pour une utilisation en salle d'op\u00e9ration avec un dossier de 0-60\u00b0\u00b15\u00b0, un r\u00e9glage en hauteur de 630-950 mm, un porte-oxyg\u00e8ne, un freinage central. Les garde-corps en option permettent un transfert continu des patients dans les salles d'op\u00e9ration.<\/p>\t\t\t\t\t\t\t\t<\/div>\n\t\t\t\t<\/div>\n\t\t\t\t<div class=\"elementor-element elementor-element-7152afc elementor-widget elementor-widget-text-editor\" data-id=\"7152afc\" data-element_type=\"widget\" data-widget_type=\"text-editor.default\">\n\t\t\t\t<div class=\"elementor-widget-container\">\n\t\t\t\t\t\t\t\t\t<h2>Caract\u00e9ristiques principales<\/h2><p>\"Chariot-brancard de salle d'op\u00e9ration avec dossier de 0-60\u00b0\u00b15\u00b0, r\u00e9glage de la hauteur de 63 \u00e0 95 cm, porte-oxyg\u00e8ne et freinage central. Am\u00e9liore le transfert des patients dans les salles d'op\u00e9ration\".<\/p><ul><li>Con\u00e7u pour le transfert des patients en salle d'op\u00e9ration<\/li><li>0-60\u00b0\u00b15\u00b0 r\u00e9glage du dossier<\/li><li>Hauteur de 630 \u00e0 950 mm pour un alignement parfait de l'\u00e9quipement<\/li><li>Porte-oxyg\u00e8ne et syst\u00e8me de freinage central<\/li><li>Garde-corps en option pour la personnalisation de la s\u00e9curit\u00e9<\/li><\/ul>\t\t\t\t\t\t\t\t<\/div>\n\t\t\t\t<\/div>\n\t\t\t\t<div class=\"elementor-element elementor-element-3a02177 elementor-widget elementor-widget-text-editor\" data-id=\"3a02177\" data-element_type=\"widget\" data-widget_type=\"text-editor.default\">\n\t\t\t\t<div class=\"elementor-widget-container\">\n\t\t\t\t\t\t\t\t\t<h2>Sp\u00e9cifications<\/h2><p>1. La partie arri\u00e8re de la surface du lit peut \u00eatre relev\u00e9e : 0-60\u00b0\u00b15\u00b0 ;<br \/>2. Plage de r\u00e9glage de la hauteur de la carrosserie : 630-950 mm<br \/>3. Taille du lit : 1910*630mm<br \/>4. Le lit est \u00e9quip\u00e9 d'un porte-bouteille d'oxyg\u00e8ne et d'un interrupteur de verrouillage.<br \/>5. Le v\u00e9hicule de secours adopte le syst\u00e8me de freinage centralis\u00e9 de pointe international, qui est stable et fiable.<br \/>Facultatif : quatre petits garde-corps, deux grands garde-corps<\/p>\t\t\t\t\t\t\t\t<\/div>\n\t\t\t\t<\/div>\n\t\t\t\t<div class=\"elementor-element elementor-element-2996df9 elementor-widget elementor-widget-text-editor\" data-id=\"2996df9\" data-element_type=\"widget\" data-widget_type=\"text-editor.default\">\n\t\t\t\t<div class=\"elementor-widget-container\">\n\t\t\t\t\t\t\t\t\t<p>D'autres \u00e9quipements m\u00e9dicaux peuvent \u00eatre trouv\u00e9s dans <a href=\"https:\/\/novalion-med.com\/fr\/\" target=\"_blank\" rel=\"noopener\">notre site web<\/a> ou <a href=\"https:\/\/api.whatsapp.com\/send\/?phone=%2B008618112908401&amp;text&amp;type=phone_number&amp;app_absent=0\" target=\"_blank\" rel=\"noopener\">notre whatsapp<\/a>.<\/p>\t\t\t\t\t\t\t\t<\/div>\n\t\t\t\t<\/div>\n\t\t\t\t<\/div>\n\t\t\t\t<\/div>","protected":false},"excerpt":{"rendered":"<p>Con\u00e7u comme chariot-brancard de liaison pour les salles d'op\u00e9ration, ce mod\u00e8le comporte une partie arri\u00e8re de la surface du lit qui peut se replier de 0 \u00e0 60 degr\u00e9s avec une tol\u00e9rance de \u00b15 degr\u00e9s. La plage de r\u00e9glage de la hauteur de la caisse est de 630 \u00e0 950 mm, ce qui permet un transfert sans heurts entre diff\u00e9rents \u00e9quipements m\u00e9dicaux dans les salles d'op\u00e9ration. La taille du lit est de 1910\u00d7630 mm, offrant un espace confortable. Il est \u00e9quip\u00e9 d'un support pour bouteille d'oxyg\u00e8ne et d'un interrupteur de verrouillage pour l'alimentation d'urgence en oxyg\u00e8ne. Le syst\u00e8me de freinage \u00e0 commande centrale assure un arr\u00eat stable et fiable, tandis que les quatre petits garde-corps et les deux grands garde-corps en option offrent une s\u00e9curit\u00e9 et une flexibilit\u00e9 suppl\u00e9mentaires pour diverses proc\u00e9dures chirurgicales.<\/p>","protected":false},"featured_media":9556,"template":"elementor_theme","meta":{"site-sidebar-layout":"default","site-content-layout":"","ast-site-content-layout":"default","site-content-style":"default","site-sidebar-style":"default","ast-global-header-display":"","ast-banner-title-visibility":"","ast-main-header-display":"","ast-hfb-above-header-display":"","ast-hfb-below-header-display":"","ast-hfb-mobile-header-display":"","site-post-title":"","ast-breadcrumbs-content":"","ast-featured-img":"","footer-sml-layout":"","theme-transparent-header-meta":"default","adv-header-id-meta":"","stick-header-meta":"default","header-above-stick-meta":"","header-main-stick-meta":"","header-below-stick-meta":"","astra-migrate-meta-layouts":"set","ast-page-background-enabled":"default","ast-page-background-meta":{"desktop":{"background-color":"var(--ast-global-color-4)","background-image":"","background-repeat":"repeat","background-position":"center center","background-size":"auto","background-attachment":"scroll","background-type":"","background-media":"","overlay-type":"","overlay-color":"","overlay-opacity":"","overlay-gradient":""},"tablet":{"background-color":"","background-image":"","background-repeat":"repeat","background-position":"center center","background-size":"auto","background-attachment":"scroll","background-type":"","background-media":"","overlay-type":"","overlay-color":"","overlay-opacity":"","overlay-gradient":""},"mobile":{"background-color":"","background-image":"","background-repeat":"repeat","background-position":"center center","background-size":"auto","background-attachment":"scroll","background-type":"","background-media":"","overlay-type":"","overlay-color":"","overlay-opacity":"","overlay-gradient":""}},"ast-content-background-meta":{"desktop":{"background-color":"var(--ast-global-color-5)","background-image":"","background-repeat":"repeat","background-position":"center center","background-size":"auto","background-attachment":"scroll","background-type":"","background-media":"","overlay-type":"","overlay-color":"","overlay-opacity":"","overlay-gradient":""},"tablet":{"background-color":"var(--ast-global-color-5)","background-image":"","background-repeat":"repeat","background-position":"center center","background-size":"auto","background-attachment":"scroll","background-type":"","background-media":"","overlay-type":"","overlay-color":"","overlay-opacity":"","overlay-gradient":""},"mobile":{"background-color":"var(--ast-global-color-5)","background-image":"","background-repeat":"repeat","background-position":"center center","background-size":"auto","background-attachment":"scroll","background-type":"","background-media":"","overlay-type":"","overlay-color":"","overlay-opacity":"","overlay-gradient":""}}},"product_brand":[],"product_cat":[99],"product_tag":[],"class_list":{"0":"post-5760","1":"product","2":"type-product","3":"status-publish","4":"has-post-thumbnail","6":"product_cat-transfer-stretchers","7":"desktop-align-center","8":"tablet-align-left","9":"mobile-align-left","10":"ast-product-gallery-layout-horizontal-slider","11":"ast-product-gallery-with-no-image","12":"ast-magnify-disabled","13":"ast-product-tabs-layout-accordion","14":"ast-qv-on-image","16":"first","17":"instock","18":"shipping-taxable","19":"purchasable","20":"product-type-simple"},"aioseo_notices":[],"aioseo_head":"\n\t\t<!-- All in One SEO Pro 4.6.0 - aioseo.com -->\n\t\t<meta name=\"description\" content=\"Designed for OR use, this trolley has a 0-60\u00b0\u00b15\u00b0 backrest, 630-950mm height adjustment, oxygen holder, and central braking system.\" \/>\n\t\t<meta name=\"robots\" content=\"max-image-preview:large\" \/>\n\t\t<meta name=\"google-site-verification\" content=\"XE0Krczs_zYC4qBAqnvyRaNEYa9NQEP4HzU7PPpzxoI\" \/>\n\t\t<link rel=\"canonical\" href=\"https:\/\/novalion-med.com\/fr\/produit\/salle-doperation-brancard-de-liaison-chariot\/\" \/>\n\t\t<meta name=\"generator\" content=\"All in One SEO Pro (AIOSEO) 4.6.0\" \/>\n\t\t<meta property=\"og:locale\" content=\"fr_FR\" \/>\n\t\t<meta property=\"og:site_name\" content=\"Novalion Medical \u2013 Wheelchair, Hospital bed, Walker,Commode chair,Crutch...\" \/>\n\t\t<meta property=\"og:type\" content=\"article\" \/>\n\t\t<meta property=\"og:title\" content=\"Operating Room Connecting Stretcher Trolley\" \/>\n\t\t<meta property=\"og:description\" content=\"Designed for OR use, this trolley has a 0-60\u00b0\u00b15\u00b0 backrest, 630-950mm height adjustment, oxygen holder, and central braking system.\" \/>\n\t\t<meta property=\"og:url\" content=\"https:\/\/novalion-med.com\/fr\/produit\/salle-doperation-brancard-de-liaison-chariot\/\" \/>\n\t\t<meta property=\"og:image\" content=\"https:\/\/novalion-med.com\/wp-content\/uploads\/2025\/04\/cropped-343496212_201698782614433_8037205422525878621_n-1.jpg\" \/>\n\t\t<meta property=\"og:image:secure_url\" content=\"https:\/\/novalion-med.com\/wp-content\/uploads\/2025\/04\/cropped-343496212_201698782614433_8037205422525878621_n-1.jpg\" \/>\n\t\t<meta property=\"og:image:width\" content=\"512\" \/>\n\t\t<meta property=\"og:image:height\" content=\"512\" \/>\n\t\t<meta property=\"article:published_time\" content=\"2025-06-20T02:00:18+00:00\" \/>\n\t\t<meta property=\"article:modified_time\" content=\"2025-09-26T02:41:27+00:00\" \/>\n\t\t<meta property=\"article:publisher\" content=\"https:\/\/www.facebook.com\/NovalionMedical\/\" \/>\n\t\t<meta name=\"twitter:card\" content=\"summary_large_image\" \/>\n\t\t<meta name=\"twitter:title\" content=\"Operating Room Connecting Stretcher Trolley\" \/>\n\t\t<meta name=\"twitter:description\" content=\"Designed for OR use, this trolley has a 0-60\u00b0\u00b15\u00b0 backrest, 630-950mm height adjustment, oxygen holder, and central braking system.\" \/>\n\t\t<meta name=\"twitter:image\" content=\"https:\/\/novalion-med.com\/wp-content\/uploads\/2025\/04\/cropped-343496212_201698782614433_8037205422525878621_n-1.jpg\" \/>\n\t\t<script type=\"application\/ld+json\" class=\"aioseo-schema\">\n\t\t\t{\"@context\":\"https:\\\/\\\/schema.org\",\"@graph\":[{\"@type\":\"BreadcrumbList\",\"@id\":\"https:\\\/\\\/novalion-med.com\\\/fr\\\/produit\\\/salle-doperation-brancard-de-liaison-chariot\\\/#breadcrumblist\",\"itemListElement\":[{\"@type\":\"ListItem\",\"@id\":\"https:\\\/\\\/novalion-med.com\\\/fr\\\/#listItem\",\"position\":1,\"name\":\"Home\",\"item\":\"https:\\\/\\\/novalion-med.com\\\/fr\\\/\",\"nextItem\":\"https:\\\/\\\/novalion-med.com\\\/fr\\\/produit\\\/salle-doperation-brancard-de-liaison-chariot\\\/#listItem\"},{\"@type\":\"ListItem\",\"@id\":\"https:\\\/\\\/novalion-med.com\\\/fr\\\/produit\\\/salle-doperation-brancard-de-liaison-chariot\\\/#listItem\",\"position\":2,\"name\":\"Operating Room Connecting Stretcher Trolley\",\"previousItem\":\"https:\\\/\\\/novalion-med.com\\\/fr\\\/#listItem\"}]},{\"@type\":\"Organization\",\"@id\":\"https:\\\/\\\/novalion-med.com\\\/fr\\\/#organization\",\"name\":\"novalion-med.com\",\"url\":\"https:\\\/\\\/novalion-med.com\\\/fr\\\/\",\"logo\":{\"@type\":\"ImageObject\",\"url\":\"https:\\\/\\\/novalion-med.com\\\/wp-content\\\/uploads\\\/2025\\\/04\\\/cropped-343496212_201698782614433_8037205422525878621_n-1.jpg\",\"@id\":\"https:\\\/\\\/novalion-med.com\\\/fr\\\/produit\\\/salle-doperation-brancard-de-liaison-chariot\\\/#organizationLogo\",\"width\":512,\"height\":512},\"image\":{\"@id\":\"https:\\\/\\\/novalion-med.com\\\/fr\\\/produit\\\/salle-doperation-brancard-de-liaison-chariot\\\/#organizationLogo\"},\"sameAs\":[\"https:\\\/\\\/www.facebook.com\\\/NovalionMedical\\\/\",\"https:\\\/\\\/www.youtube.com\\\/@NwlMedicalInstrument\"],\"contactPoint\":{\"@type\":\"ContactPoint\",\"telephone\":\"+8618326188070\",\"contactType\":\"Sales\"}},{\"@type\":\"Product\",\"@id\":\"https:\\\/\\\/novalion-med.com\\\/fr\\\/produit\\\/salle-doperation-brancard-de-liaison-chariot\\\/#wooCommerceProduct\",\"name\":\"Operating Room Connecting Stretcher Trolley\",\"description\":\"Designed as a connecting stretcher trolley for operation rooms, this model features a bed surface back part that can fold up from 0 to 60 degrees with \\u00b15 degrees tolerance. The car body height adjustment range is 630-950mm, suitable for seamless transfer between different medical equipment in ORs. The bed size is 1910\\u00d7630mm, providing a comfortable space. It comes with an oxygen bottle holder and locking switch for emergency oxygen supply. The central control braking system ensures stable and reliable stopping, while optional four small guardrails and two large guardrails offer additional safety and flexibility for various surgical procedures.\",\"url\":\"https:\\\/\\\/novalion-med.com\\\/fr\\\/produit\\\/salle-doperation-brancard-de-liaison-chariot\\\/\",\"sku\":\"NL150502-SJ-JC01B\",\"image\":{\"@type\":\"ImageObject\",\"url\":\"https:\\\/\\\/novalion-med.com\\\/wp-content\\\/uploads\\\/2025\\\/06\\\/NL150502-SJ-JC01B-Operating-Room-Connecting-Stretcher-Trolley.jpg\",\"@id\":\"https:\\\/\\\/novalion-med.com\\\/fr\\\/produit\\\/salle-doperation-brancard-de-liaison-chariot\\\/#productImage\",\"width\":1000,\"height\":1000,\"caption\":\"NL150502-SJ-JC01B Operating Room Connecting Stretcher Trolley\"},\"offers\":{\"@type\":\"Offer\",\"url\":\"https:\\\/\\\/novalion-med.com\\\/fr\\\/produit\\\/salle-doperation-brancard-de-liaison-chariot\\\/#wooCommerceOffer\",\"priceCurrency\":\"PHP\",\"category\":\"Transfer Stretchers\",\"availability\":\"https:\\\/\\\/schema.org\\\/InStock\",\"seller\":{\"@type\":\"Organization\",\"@id\":\"https:\\\/\\\/novalion-med.com\\\/fr\\\/#organization\"},\"price\":111}},{\"@type\":\"WebPage\",\"@id\":\"https:\\\/\\\/novalion-med.com\\\/fr\\\/produit\\\/salle-doperation-brancard-de-liaison-chariot\\\/#webpage\",\"url\":\"https:\\\/\\\/novalion-med.com\\\/fr\\\/produit\\\/salle-doperation-brancard-de-liaison-chariot\\\/\",\"name\":\"Operating Room Connecting Stretcher Trolley\",\"description\":\"Designed for OR use, this trolley has a 0-60\\u00b0\\u00b15\\u00b0 backrest, 630-950mm height adjustment, oxygen holder, and central braking system.\",\"inLanguage\":\"fr-FR\",\"isPartOf\":{\"@id\":\"https:\\\/\\\/novalion-med.com\\\/fr\\\/#website\"},\"breadcrumb\":{\"@id\":\"https:\\\/\\\/novalion-med.com\\\/fr\\\/produit\\\/salle-doperation-brancard-de-liaison-chariot\\\/#breadcrumblist\"},\"image\":{\"@type\":\"ImageObject\",\"url\":\"https:\\\/\\\/novalion-med.com\\\/wp-content\\\/uploads\\\/2025\\\/06\\\/NL150502-SJ-JC01B-Operating-Room-Connecting-Stretcher-Trolley.jpg\",\"@id\":\"https:\\\/\\\/novalion-med.com\\\/fr\\\/produit\\\/salle-doperation-brancard-de-liaison-chariot\\\/#mainImage\",\"width\":1000,\"height\":1000,\"caption\":\"NL150502-SJ-JC01B Operating Room Connecting Stretcher Trolley\"},\"primaryImageOfPage\":{\"@id\":\"https:\\\/\\\/novalion-med.com\\\/fr\\\/produit\\\/salle-doperation-brancard-de-liaison-chariot\\\/#mainImage\"},\"datePublished\":\"2025-06-20T02:00:18+00:00\",\"dateModified\":\"2025-09-26T02:41:27+00:00\"},{\"@type\":\"WebSite\",\"@id\":\"https:\\\/\\\/novalion-med.com\\\/fr\\\/#website\",\"url\":\"https:\\\/\\\/novalion-med.com\\\/fr\\\/\",\"name\":\"novalion-med.com\",\"description\":\"Wheelchair, Hospital bed, Walker,Commode chair,Crutch...\",\"inLanguage\":\"fr-FR\",\"publisher\":{\"@id\":\"https:\\\/\\\/novalion-med.com\\\/fr\\\/#organization\"}}]}\n\t\t<\/script>\n\t\t<!-- All in One SEO Pro -->\r\n\t\t<title>Operating Room Connecting Stretcher Trolley<\/title>\n\n","aioseo_head_json":{"title":"Operating Room Connecting Stretcher Trolley","description":"Designed for OR use, this trolley has a 0-60\u00b0\u00b15\u00b0 backrest, 630-950mm height adjustment, oxygen holder, and central braking system.","canonical_url":"https:\/\/novalion-med.com\/fr\/produit\/salle-doperation-brancard-de-liaison-chariot\/","robots":"max-image-preview:large","keywords":"","webmasterTools":{"google-site-verification":"XE0Krczs_zYC4qBAqnvyRaNEYa9NQEP4HzU7PPpzxoI","miscellaneous":""},"og:locale":"fr_FR","og:site_name":"Novalion Medical \u2013 Wheelchair, Hospital bed, Walker,Commode chair,Crutch...","og:type":"article","og:title":"Operating Room Connecting Stretcher Trolley","og:description":"Designed for OR use, this trolley has a 0-60\u00b0\u00b15\u00b0 backrest, 630-950mm height adjustment, oxygen holder, and central braking system.","og:url":"https:\/\/novalion-med.com\/fr\/produit\/salle-doperation-brancard-de-liaison-chariot\/","og:image":"https:\/\/novalion-med.com\/wp-content\/uploads\/2025\/04\/cropped-343496212_201698782614433_8037205422525878621_n-1.jpg","og:image:secure_url":"https:\/\/novalion-med.com\/wp-content\/uploads\/2025\/04\/cropped-343496212_201698782614433_8037205422525878621_n-1.jpg","og:image:width":512,"og:image:height":512,"article:published_time":"2025-06-20T02:00:18+00:00","article:modified_time":"2025-09-26T02:41:27+00:00","article:publisher":"https:\/\/www.facebook.com\/NovalionMedical\/","twitter:card":"summary_large_image","twitter:title":"Operating Room Connecting Stretcher Trolley","twitter:description":"Designed for OR use, this trolley has a 0-60\u00b0\u00b15\u00b0 backrest, 630-950mm height adjustment, oxygen holder, and central braking system.","twitter:image":"https:\/\/novalion-med.com\/wp-content\/uploads\/2025\/04\/cropped-343496212_201698782614433_8037205422525878621_n-1.jpg","schema":{"@context":"https:\/\/schema.org","@graph":[{"@type":"BreadcrumbList","@id":"https:\/\/novalion-med.com\/fr\/produit\/salle-doperation-brancard-de-liaison-chariot\/#breadcrumblist","itemListElement":[{"@type":"ListItem","@id":"https:\/\/novalion-med.com\/fr\/#listItem","position":1,"name":"Home","item":"https:\/\/novalion-med.com\/fr\/","nextItem":"https:\/\/novalion-med.com\/fr\/produit\/salle-doperation-brancard-de-liaison-chariot\/#listItem"},{"@type":"ListItem","@id":"https:\/\/novalion-med.com\/fr\/produit\/salle-doperation-brancard-de-liaison-chariot\/#listItem","position":2,"name":"Operating Room Connecting Stretcher Trolley","previousItem":"https:\/\/novalion-med.com\/fr\/#listItem"}]},{"@type":"Organization","@id":"https:\/\/novalion-med.com\/fr\/#organization","name":"novalion-med.com","url":"https:\/\/novalion-med.com\/fr\/","logo":{"@type":"ImageObject","url":"https:\/\/novalion-med.com\/wp-content\/uploads\/2025\/04\/cropped-343496212_201698782614433_8037205422525878621_n-1.jpg","@id":"https:\/\/novalion-med.com\/fr\/produit\/salle-doperation-brancard-de-liaison-chariot\/#organizationLogo","width":512,"height":512},"image":{"@id":"https:\/\/novalion-med.com\/fr\/produit\/salle-doperation-brancard-de-liaison-chariot\/#organizationLogo"},"sameAs":["https:\/\/www.facebook.com\/NovalionMedical\/","https:\/\/www.youtube.com\/@NwlMedicalInstrument"],"contactPoint":{"@type":"ContactPoint","telephone":"+8618326188070","contactType":"Sales"}},{"@type":"Product","@id":"https:\/\/novalion-med.com\/fr\/produit\/salle-doperation-brancard-de-liaison-chariot\/#wooCommerceProduct","name":"Operating Room Connecting Stretcher Trolley","description":"Designed as a connecting stretcher trolley for operation rooms, this model features a bed surface back part that can fold up from 0 to 60 degrees with \u00b15 degrees tolerance. The car body height adjustment range is 630-950mm, suitable for seamless transfer between different medical equipment in ORs. The bed size is 1910\u00d7630mm, providing a comfortable space. It comes with an oxygen bottle holder and locking switch for emergency oxygen supply. The central control braking system ensures stable and reliable stopping, while optional four small guardrails and two large guardrails offer additional safety and flexibility for various surgical procedures.","url":"https:\/\/novalion-med.com\/fr\/produit\/salle-doperation-brancard-de-liaison-chariot\/","sku":"NL150502-SJ-JC01B","image":{"@type":"ImageObject","url":"https:\/\/novalion-med.com\/wp-content\/uploads\/2025\/06\/NL150502-SJ-JC01B-Operating-Room-Connecting-Stretcher-Trolley.jpg","@id":"https:\/\/novalion-med.com\/fr\/produit\/salle-doperation-brancard-de-liaison-chariot\/#productImage","width":1000,"height":1000,"caption":"NL150502-SJ-JC01B Operating Room Connecting Stretcher Trolley"},"offers":{"@type":"Offer","url":"https:\/\/novalion-med.com\/fr\/produit\/salle-doperation-brancard-de-liaison-chariot\/#wooCommerceOffer","priceCurrency":"PHP","category":"Transfer Stretchers","availability":"https:\/\/schema.org\/InStock","seller":{"@type":"Organization","@id":"https:\/\/novalion-med.com\/fr\/#organization"},"price":111}},{"@type":"WebPage","@id":"https:\/\/novalion-med.com\/fr\/produit\/salle-doperation-brancard-de-liaison-chariot\/#webpage","url":"https:\/\/novalion-med.com\/fr\/produit\/salle-doperation-brancard-de-liaison-chariot\/","name":"Operating Room Connecting Stretcher Trolley","description":"Designed for OR use, this trolley has a 0-60\u00b0\u00b15\u00b0 backrest, 630-950mm height adjustment, oxygen holder, and central braking system.","inLanguage":"fr-FR","isPartOf":{"@id":"https:\/\/novalion-med.com\/fr\/#website"},"breadcrumb":{"@id":"https:\/\/novalion-med.com\/fr\/produit\/salle-doperation-brancard-de-liaison-chariot\/#breadcrumblist"},"image":{"@type":"ImageObject","url":"https:\/\/novalion-med.com\/wp-content\/uploads\/2025\/06\/NL150502-SJ-JC01B-Operating-Room-Connecting-Stretcher-Trolley.jpg","@id":"https:\/\/novalion-med.com\/fr\/produit\/salle-doperation-brancard-de-liaison-chariot\/#mainImage","width":1000,"height":1000,"caption":"NL150502-SJ-JC01B Operating Room Connecting Stretcher Trolley"},"primaryImageOfPage":{"@id":"https:\/\/novalion-med.com\/fr\/produit\/salle-doperation-brancard-de-liaison-chariot\/#mainImage"},"datePublished":"2025-06-20T02:00:18+00:00","dateModified":"2025-09-26T02:41:27+00:00"},{"@type":"WebSite","@id":"https:\/\/novalion-med.com\/fr\/#website","url":"https:\/\/novalion-med.com\/fr\/","name":"novalion-med.com","description":"Wheelchair, Hospital bed, Walker,Commode chair,Crutch...","inLanguage":"fr-FR","publisher":{"@id":"https:\/\/novalion-med.com\/fr\/#organization"}}]}},"aioseo_meta_data":{"post_id":"5760","title":"Operating Room Connecting Stretcher Trolley","description":"Designed for OR use, this trolley has a 0-60\u00b0\u00b15\u00b0 backrest, 630-950mm height adjustment, oxygen holder, and central braking system.","keywords":"[]","keyphrases":"{\"focus\":{\"keyphrase\":\"\",\"score\":0,\"analysis\":{\"keyphraseInTitle\":{\"score\":0,\"maxScore\":9,\"error\":1}}},\"additional\":[]}","primary_term":null,"canonical_url":null,"og_title":null,"og_description":null,"og_object_type":"default","og_image_type":"default","og_image_url":null,"og_image_width":null,"og_image_height":null,"og_image_custom_url":null,"og_image_custom_fields":null,"og_video":"","og_custom_url":null,"og_article_section":null,"og_article_tags":"[]","twitter_use_og":false,"twitter_card":"default","twitter_image_type":"default","twitter_image_url":null,"twitter_image_custom_url":null,"twitter_image_custom_fields":null,"twitter_title":null,"twitter_description":null,"schema":{"blockGraphs":[],"customGraphs":[],"default":{"data":{"Article":[],"Course":[],"Dataset":[],"FAQPage":[],"Movie":[],"Person":[],"Product":[],"Recipe":[],"Service":[],"SoftwareApplication":[],"WebPage":[]},"graphName":"Product","isEnabled":true},"graphs":[]},"schema_type":"default","schema_type_options":null,"pillar_content":false,"robots_default":true,"robots_noindex":false,"robots_noarchive":false,"robots_nosnippet":false,"robots_nofollow":false,"robots_noimageindex":false,"robots_noodp":false,"robots_notranslate":false,"robots_max_snippet":"-1","robots_max_videopreview":"-1","robots_max_imagepreview":"large","priority":null,"frequency":"default","local_seo":null,"limit_modified_date":false,"created":"2025-06-20 02:00:18","updated":"2025-09-26 02:48:22"},"_links":{"self":[{"href":"https:\/\/novalion-med.com\/fr\/wp-json\/wp\/v2\/product\/5760","targetHints":{"allow":["GET"]}}],"collection":[{"href":"https:\/\/novalion-med.com\/fr\/wp-json\/wp\/v2\/product"}],"about":[{"href":"https:\/\/novalion-med.com\/fr\/wp-json\/wp\/v2\/types\/product"}],"version-history":[{"count":5,"href":"https:\/\/novalion-med.com\/fr\/wp-json\/wp\/v2\/product\/5760\/revisions"}],"predecessor-version":[{"id":9557,"href":"https:\/\/novalion-med.com\/fr\/wp-json\/wp\/v2\/product\/5760\/revisions\/9557"}],"wp:featuredmedia":[{"embeddable":true,"href":"https:\/\/novalion-med.com\/fr\/wp-json\/wp\/v2\/media\/9556"}],"wp:attachment":[{"href":"https:\/\/novalion-med.com\/fr\/wp-json\/wp\/v2\/media?parent=5760"}],"wp:term":[{"taxonomy":"product_brand","embeddable":true,"href":"https:\/\/novalion-med.com\/fr\/wp-json\/wp\/v2\/product_brand?post=5760"},{"taxonomy":"product_cat","embeddable":true,"href":"https:\/\/novalion-med.com\/fr\/wp-json\/wp\/v2\/product_cat?post=5760"},{"taxonomy":"product_tag","embeddable":true,"href":"https:\/\/novalion-med.com\/fr\/wp-json\/wp\/v2\/product_tag?post=5760"}],"curies":[{"name":"wp","href":"https:\/\/api.w.org\/{rel}","templated":true}]}}