{"id":5715,"date":"2025-06-19T09:59:36","date_gmt":"2025-06-19T09:59:36","guid":{"rendered":"https:\/\/novalion-med.com\/?post_type=product&#038;p=5715"},"modified":"2025-06-19T10:14:16","modified_gmt":"2025-06-19T10:14:16","slug":"chaise-de-perfusion-durable-avec-support-de-perfusion-haut","status":"publish","type":"product","link":"https:\/\/novalion-med.com\/fr\/produit\/chaise-de-perfusion-durable-avec-support-de-perfusion-haut\/","title":{"rendered":"Fauteuil de perfusion durable avec support IV haut"},"content":{"rendered":"<div data-elementor-type=\"product-post\" data-elementor-id=\"5715\" class=\"elementor elementor-5715\" data-elementor-post-type=\"product\">\n\t\t\t\t<div class=\"elementor-element elementor-element-1c93f1cb e-con-full e-flex e-con e-parent\" data-id=\"1c93f1cb\" data-element_type=\"container\">\n\t\t\t\t<div class=\"elementor-element elementor-element-2240ff1 elementor-widget elementor-widget-heading\" data-id=\"2240ff1\" data-element_type=\"widget\" data-widget_type=\"heading.default\">\n\t\t\t\t<div class=\"elementor-widget-container\">\n\t\t\t\t\t<h2 class=\"elementor-heading-title elementor-size-default\">Fauteuil de perfusion durable avec support IV haut<\/h2>\t\t\t\t<\/div>\n\t\t\t\t<\/div>\n\t\t\t\t<div class=\"elementor-element elementor-element-45d8c46 elementor-widget elementor-widget-text-editor\" data-id=\"45d8c46\" data-element_type=\"widget\" data-widget_type=\"text-editor.default\">\n\t\t\t\t<div class=\"elementor-widget-container\">\n\t\t\t\t\t\t\t\t\t<p>Investissez dans ce fauteuil de perfusion durable avec support pour perfusion de 180 cm, dossier de 112 cm et coussin en PU de 6 cm. Le cadre en acier plastifi\u00e9 et les accoudoirs en ABS garantissent une utilisation \u00e0 long terme.<\/p>\t\t\t\t\t\t\t\t<\/div>\n\t\t\t\t<\/div>\n\t\t\t\t<div class=\"elementor-element elementor-element-7152afc elementor-widget elementor-widget-text-editor\" data-id=\"7152afc\" data-element_type=\"widget\" data-widget_type=\"text-editor.default\">\n\t\t\t\t<div class=\"elementor-widget-container\">\n\t\t\t\t\t\t\t\t\t<h2>Caract\u00e9ristiques principales<\/h2><p>Chaise de perfusion durable avec support de perfusion de 180 cm, dossier de 112 cm, coussin en PU de 6 cm - cadre en acier peint en plastique, accoudoirs en ABS pour une utilisation \u00e0 long terme dans les zones de traitement.<\/p><ul><li>Support IV de 180 cm de haut avec dossier de 112 cm<\/li><li>Coussin en PU de 6 cm et accoudoirs en ABS pour le confort<\/li><li>Cadre en acier plastifi\u00e9 pour une plus grande durabilit\u00e9<\/li><li>Conception ergonomique pour des s\u00e9ances de perfusion de longue dur\u00e9e<\/li><\/ul>\t\t\t\t\t\t\t\t<\/div>\n\t\t\t\t<\/div>\n\t\t\t\t<div class=\"elementor-element elementor-element-3a02177 elementor-widget elementor-widget-text-editor\" data-id=\"3a02177\" data-element_type=\"widget\" data-widget_type=\"text-editor.default\">\n\t\t\t\t<div class=\"elementor-widget-container\">\n\t\t\t\t\t\t\t\t\t<h2>Sp\u00e9cifications<\/h2><table width=\"355\"><tbody><tr><td width=\"73\">Cadre<\/td><td style=\"text-align: center;\" width=\"282\">\u00a0acier lamin\u00e9 \u00e0 froid<\/td><\/tr><tr><td>Surface d'assise<\/td><td style=\"text-align: center;\">\u00a0Surface du Pu<\/td><\/tr><tr><td>Doublure<\/td><td style=\"text-align: center;\">\u00a0\u00e9ponge\u00a0<\/td><\/tr><tr><td>Main courante<\/td><td style=\"text-align: center;\">\u00a0ABS<\/td><\/tr><tr><td>Mat\u00e9riau du produit<\/td><td style=\"text-align: center;\">\u00a0Tube d'acier plastifi\u00e9, surface en cuir<\/td><\/tr><tr><td>Hauteur du dossier<\/td><td style=\"text-align: center;\">\u00a0112cm<\/td><\/tr><tr><td>Support de perfusion Hauteur<\/td><td style=\"text-align: center;\">\u00a0180cm<\/td><\/tr><tr><td>Epaisseur du coussin<\/td><td style=\"text-align: center;\">\u00a06cm<\/td><\/tr><tr><td>\u00c9paisseur de la paroi du tube<\/td><td style=\"text-align: center;\">\u00a01,1 mm<\/td><\/tr><tr><td>Espacement des mains courantes<\/td><td style=\"text-align: center;\">\u00a054cm<\/td><\/tr><tr><td>Largeur de la p\u00e9dale<\/td><td style=\"text-align: center;\">\u00a020cm<\/td><\/tr><tr><td>Hauteur de la main courante<\/td><td style=\"text-align: center;\">\u00a062cm<\/td><\/tr><tr><td>Espacement des pieds de la chaise<\/td><td style=\"text-align: center;\">\u00a085CM<\/td><\/tr><\/tbody><\/table>\t\t\t\t\t\t\t\t<\/div>\n\t\t\t\t<\/div>\n\t\t\t\t<div class=\"elementor-element elementor-element-2996df9 elementor-widget elementor-widget-text-editor\" data-id=\"2996df9\" data-element_type=\"widget\" data-widget_type=\"text-editor.default\">\n\t\t\t\t<div class=\"elementor-widget-container\">\n\t\t\t\t\t\t\t\t\t<p>D'autres \u00e9quipements m\u00e9dicaux peuvent \u00eatre trouv\u00e9s dans <a href=\"https:\/\/novalion-med.com\/fr\/\" target=\"_blank\" rel=\"noopener\">notre site web<\/a> ou <a href=\"https:\/\/api.whatsapp.com\/send\/?phone=%2B008618112908401&amp;text&amp;type=phone_number&amp;app_absent=0\" target=\"_blank\" rel=\"noopener\">notre whatsapp<\/a>.<\/p>\t\t\t\t\t\t\t\t<\/div>\n\t\t\t\t<\/div>\n\t\t\t\t<\/div>\n\t\t\t\t<\/div>","protected":false},"excerpt":{"rendered":"<p>Construit pour une utilisation durable dans les zones de traitement, ce fauteuil de perfusion durable est dot\u00e9 d'un cadre en acier pulv\u00e9ris\u00e9 de plastique et d'une surface d'assise en cuir PU. Le pied de perfusion de 180 cm de haut offre un support pratique, tandis que le dossier de 112 cm et le coussin de 6 cm d'\u00e9paisseur assurent le confort du patient. Les accoudoirs en ABS et les parois des tuyaux de 1,1 mm d'\u00e9paisseur offrent un soutien stable. Les dimensions du fauteuil - espacement des mains 54 cm, largeur des p\u00e9dales 20 cm - privil\u00e9gient l'ergonomie. Id\u00e9al pour les cliniques et les h\u00f4pitaux, il allie durabilit\u00e9 et confort, ce qui le rend adapt\u00e9 aux s\u00e9ances de perfusion prolong\u00e9es.<\/p>","protected":false},"featured_media":5702,"template":"elementor_theme","meta":{"site-sidebar-layout":"default","site-content-layout":"","ast-site-content-layout":"default","site-content-style":"default","site-sidebar-style":"default","ast-global-header-display":"","ast-banner-title-visibility":"","ast-main-header-display":"","ast-hfb-above-header-display":"","ast-hfb-below-header-display":"","ast-hfb-mobile-header-display":"","site-post-title":"","ast-breadcrumbs-content":"","ast-featured-img":"","footer-sml-layout":"","theme-transparent-header-meta":"default","adv-header-id-meta":"","stick-header-meta":"default","header-above-stick-meta":"","header-main-stick-meta":"","header-below-stick-meta":"","astra-migrate-meta-layouts":"set","ast-page-background-enabled":"default","ast-page-background-meta":{"desktop":{"background-color":"var(--ast-global-color-4)","background-image":"","background-repeat":"repeat","background-position":"center center","background-size":"auto","background-attachment":"scroll","background-type":"","background-media":"","overlay-type":"","overlay-color":"","overlay-opacity":"","overlay-gradient":""},"tablet":{"background-color":"","background-image":"","background-repeat":"repeat","background-position":"center center","background-size":"auto","background-attachment":"scroll","background-type":"","background-media":"","overlay-type":"","overlay-color":"","overlay-opacity":"","overlay-gradient":""},"mobile":{"background-color":"","background-image":"","background-repeat":"repeat","background-position":"center center","background-size":"auto","background-attachment":"scroll","background-type":"","background-media":"","overlay-type":"","overlay-color":"","overlay-opacity":"","overlay-gradient":""}},"ast-content-background-meta":{"desktop":{"background-color":"var(--ast-global-color-5)","background-image":"","background-repeat":"repeat","background-position":"center center","background-size":"auto","background-attachment":"scroll","background-type":"","background-media":"","overlay-type":"","overlay-color":"","overlay-opacity":"","overlay-gradient":""},"tablet":{"background-color":"var(--ast-global-color-5)","background-image":"","background-repeat":"repeat","background-position":"center center","background-size":"auto","background-attachment":"scroll","background-type":"","background-media":"","overlay-type":"","overlay-color":"","overlay-opacity":"","overlay-gradient":""},"mobile":{"background-color":"var(--ast-global-color-5)","background-image":"","background-repeat":"repeat","background-position":"center center","background-size":"auto","background-attachment":"scroll","background-type":"","background-media":"","overlay-type":"","overlay-color":"","overlay-opacity":"","overlay-gradient":""}}},"product_brand":[],"product_cat":[103],"product_tag":[],"class_list":{"0":"post-5715","1":"product","2":"type-product","3":"status-publish","4":"has-post-thumbnail","6":"product_cat-medical-chairs","7":"desktop-align-center","8":"tablet-align-left","9":"mobile-align-left","10":"ast-product-gallery-layout-horizontal-slider","11":"ast-magnify-disabled","12":"ast-product-tabs-layout-accordion","13":"ast-qv-on-image","15":"first","16":"instock","17":"shipping-taxable","18":"purchasable","19":"product-type-simple"},"aioseo_notices":[],"aioseo_head":"\n\t\t<!-- All in One SEO Pro 4.6.0 - aioseo.com -->\n\t\t<meta name=\"description\" content=\"Durable infusion chair with tall IV stand, padded seat, plastic-sprayed steel frame and ABS armrests, built for long-lasting use in treatment areas.\" \/>\n\t\t<meta name=\"robots\" content=\"max-image-preview:large\" \/>\n\t\t<meta name=\"google-site-verification\" content=\"XE0Krczs_zYC4qBAqnvyRaNEYa9NQEP4HzU7PPpzxoI\" \/>\n\t\t<link rel=\"canonical\" href=\"https:\/\/novalion-med.com\/fr\/produit\/chaise-de-perfusion-durable-avec-support-de-perfusion-haut\/\" \/>\n\t\t<meta name=\"generator\" content=\"All in One SEO Pro (AIOSEO) 4.6.0\" \/>\n\t\t<meta property=\"og:locale\" content=\"fr_FR\" \/>\n\t\t<meta property=\"og:site_name\" content=\"Novalion Medical \u2013 Wheelchair, Hospital bed, Walker,Commode chair,Crutch...\" \/>\n\t\t<meta property=\"og:type\" content=\"article\" \/>\n\t\t<meta property=\"og:title\" content=\"Durable Infusion Chair with Tall IV Stand\" \/>\n\t\t<meta property=\"og:description\" content=\"Durable infusion chair with tall IV stand, padded seat, plastic-sprayed steel frame and ABS armrests, built for long-lasting use in treatment areas.\" \/>\n\t\t<meta property=\"og:url\" content=\"https:\/\/novalion-med.com\/fr\/produit\/chaise-de-perfusion-durable-avec-support-de-perfusion-haut\/\" \/>\n\t\t<meta property=\"og:image\" content=\"https:\/\/novalion-med.com\/wp-content\/uploads\/2025\/04\/cropped-343496212_201698782614433_8037205422525878621_n-1.jpg\" \/>\n\t\t<meta property=\"og:image:secure_url\" content=\"https:\/\/novalion-med.com\/wp-content\/uploads\/2025\/04\/cropped-343496212_201698782614433_8037205422525878621_n-1.jpg\" \/>\n\t\t<meta property=\"og:image:width\" content=\"512\" \/>\n\t\t<meta property=\"og:image:height\" content=\"512\" \/>\n\t\t<meta property=\"article:published_time\" content=\"2025-06-19T09:59:36+00:00\" \/>\n\t\t<meta property=\"article:modified_time\" content=\"2025-06-19T10:14:16+00:00\" \/>\n\t\t<meta property=\"article:publisher\" content=\"https:\/\/www.facebook.com\/NovalionMedical\/\" \/>\n\t\t<meta name=\"twitter:card\" content=\"summary_large_image\" \/>\n\t\t<meta name=\"twitter:title\" content=\"Durable Infusion Chair with Tall IV Stand\" \/>\n\t\t<meta name=\"twitter:description\" content=\"Durable infusion chair with tall IV stand, padded seat, plastic-sprayed steel frame and ABS armrests, built for long-lasting use in treatment areas.\" \/>\n\t\t<meta name=\"twitter:image\" content=\"https:\/\/novalion-med.com\/wp-content\/uploads\/2025\/04\/cropped-343496212_201698782614433_8037205422525878621_n-1.jpg\" \/>\n\t\t<script type=\"application\/ld+json\" class=\"aioseo-schema\">\n\t\t\t{\"@context\":\"https:\\\/\\\/schema.org\",\"@graph\":[{\"@type\":\"BreadcrumbList\",\"@id\":\"https:\\\/\\\/novalion-med.com\\\/fr\\\/produit\\\/chaise-de-perfusion-durable-avec-support-de-perfusion-haut\\\/#breadcrumblist\",\"itemListElement\":[{\"@type\":\"ListItem\",\"@id\":\"https:\\\/\\\/novalion-med.com\\\/fr\\\/#listItem\",\"position\":1,\"name\":\"Home\",\"item\":\"https:\\\/\\\/novalion-med.com\\\/fr\\\/\",\"nextItem\":\"https:\\\/\\\/novalion-med.com\\\/fr\\\/produit\\\/chaise-de-perfusion-durable-avec-support-de-perfusion-haut\\\/#listItem\"},{\"@type\":\"ListItem\",\"@id\":\"https:\\\/\\\/novalion-med.com\\\/fr\\\/produit\\\/chaise-de-perfusion-durable-avec-support-de-perfusion-haut\\\/#listItem\",\"position\":2,\"name\":\"Durable Infusion Chair with Tall IV Stand\",\"previousItem\":\"https:\\\/\\\/novalion-med.com\\\/fr\\\/#listItem\"}]},{\"@type\":\"Organization\",\"@id\":\"https:\\\/\\\/novalion-med.com\\\/fr\\\/#organization\",\"name\":\"novalion-med.com\",\"url\":\"https:\\\/\\\/novalion-med.com\\\/fr\\\/\",\"logo\":{\"@type\":\"ImageObject\",\"url\":\"https:\\\/\\\/novalion-med.com\\\/wp-content\\\/uploads\\\/2025\\\/04\\\/cropped-343496212_201698782614433_8037205422525878621_n-1.jpg\",\"@id\":\"https:\\\/\\\/novalion-med.com\\\/fr\\\/produit\\\/chaise-de-perfusion-durable-avec-support-de-perfusion-haut\\\/#organizationLogo\",\"width\":512,\"height\":512},\"image\":{\"@id\":\"https:\\\/\\\/novalion-med.com\\\/fr\\\/produit\\\/chaise-de-perfusion-durable-avec-support-de-perfusion-haut\\\/#organizationLogo\"},\"sameAs\":[\"https:\\\/\\\/www.facebook.com\\\/NovalionMedical\\\/\",\"https:\\\/\\\/www.youtube.com\\\/@NwlMedicalInstrument\"],\"contactPoint\":{\"@type\":\"ContactPoint\",\"telephone\":\"+8618326188070\",\"contactType\":\"Sales\"}},{\"@type\":\"Product\",\"@id\":\"https:\\\/\\\/novalion-med.com\\\/fr\\\/produit\\\/chaise-de-perfusion-durable-avec-support-de-perfusion-haut\\\/#wooCommerceProduct\",\"name\":\"Durable Infusion Chair with Tall IV Stand\",\"description\":\"Constructed for long-lasting use in treatment areas, this durable infusion chair features a plastic-sprayed steel frame and PU leather seating surface. The 180cm-tall infusion stand provides convenient support, while the 112cm backrest and 6cm-thick cushion ensure patient comfort. With ABS armrests and 1.1mm-thick pipe walls, it offers stable support. The chair\\u2019s dimensions\\u2014handrail spacing 54cm, pedal width 20cm\\u2014prioritize ergonomics. Ideal for clinics and hospitals, it combines durability with comfort, making it suitable for extended infusion sessions.\",\"url\":\"https:\\\/\\\/novalion-med.com\\\/fr\\\/produit\\\/chaise-de-perfusion-durable-avec-support-de-perfusion-haut\\\/\",\"sku\":\"NL230102-PL-1\",\"image\":{\"@type\":\"ImageObject\",\"url\":\"https:\\\/\\\/novalion-med.com\\\/wp-content\\\/uploads\\\/2025\\\/06\\\/NL230102-PL-1-Durable-Infusion-Chair-with-Tall-IV-Stand.jpg\",\"@id\":\"https:\\\/\\\/novalion-med.com\\\/fr\\\/produit\\\/chaise-de-perfusion-durable-avec-support-de-perfusion-haut\\\/#productImage\",\"width\":1000,\"height\":1000,\"caption\":\"NL230102-PL-1 Durable Infusion Chair with Tall IV Stand\"},\"offers\":{\"@type\":\"Offer\",\"url\":\"https:\\\/\\\/novalion-med.com\\\/fr\\\/produit\\\/chaise-de-perfusion-durable-avec-support-de-perfusion-haut\\\/#wooCommerceOffer\",\"priceCurrency\":\"PHP\",\"category\":\"Medical Chairs\",\"availability\":\"https:\\\/\\\/schema.org\\\/InStock\",\"seller\":{\"@type\":\"Organization\",\"@id\":\"https:\\\/\\\/novalion-med.com\\\/fr\\\/#organization\"},\"price\":111}},{\"@type\":\"WebPage\",\"@id\":\"https:\\\/\\\/novalion-med.com\\\/fr\\\/produit\\\/chaise-de-perfusion-durable-avec-support-de-perfusion-haut\\\/#webpage\",\"url\":\"https:\\\/\\\/novalion-med.com\\\/fr\\\/produit\\\/chaise-de-perfusion-durable-avec-support-de-perfusion-haut\\\/\",\"name\":\"Durable Infusion Chair with Tall IV Stand\",\"description\":\"Durable infusion chair with tall IV stand, padded seat, plastic-sprayed steel frame and ABS armrests, built for long-lasting use in treatment areas.\",\"inLanguage\":\"fr-FR\",\"isPartOf\":{\"@id\":\"https:\\\/\\\/novalion-med.com\\\/fr\\\/#website\"},\"breadcrumb\":{\"@id\":\"https:\\\/\\\/novalion-med.com\\\/fr\\\/produit\\\/chaise-de-perfusion-durable-avec-support-de-perfusion-haut\\\/#breadcrumblist\"},\"image\":{\"@type\":\"ImageObject\",\"url\":\"https:\\\/\\\/novalion-med.com\\\/wp-content\\\/uploads\\\/2025\\\/06\\\/NL230102-PL-1-Durable-Infusion-Chair-with-Tall-IV-Stand.jpg\",\"@id\":\"https:\\\/\\\/novalion-med.com\\\/fr\\\/produit\\\/chaise-de-perfusion-durable-avec-support-de-perfusion-haut\\\/#mainImage\",\"width\":1000,\"height\":1000,\"caption\":\"NL230102-PL-1 Durable Infusion Chair with Tall IV Stand\"},\"primaryImageOfPage\":{\"@id\":\"https:\\\/\\\/novalion-med.com\\\/fr\\\/produit\\\/chaise-de-perfusion-durable-avec-support-de-perfusion-haut\\\/#mainImage\"},\"datePublished\":\"2025-06-19T09:59:36+00:00\",\"dateModified\":\"2025-06-19T10:14:16+00:00\"},{\"@type\":\"WebSite\",\"@id\":\"https:\\\/\\\/novalion-med.com\\\/fr\\\/#website\",\"url\":\"https:\\\/\\\/novalion-med.com\\\/fr\\\/\",\"name\":\"novalion-med.com\",\"description\":\"Wheelchair, Hospital bed, Walker,Commode chair,Crutch...\",\"inLanguage\":\"fr-FR\",\"publisher\":{\"@id\":\"https:\\\/\\\/novalion-med.com\\\/fr\\\/#organization\"}}]}\n\t\t<\/script>\n\t\t<!-- All in One SEO Pro -->\r\n\t\t<title>Durable Infusion Chair with Tall IV Stand<\/title>\n\n","aioseo_head_json":{"title":"Durable Infusion Chair with Tall IV Stand","description":"Durable infusion chair with tall IV stand, padded seat, plastic-sprayed steel frame and ABS armrests, built for long-lasting use in treatment areas.","canonical_url":"https:\/\/novalion-med.com\/fr\/produit\/chaise-de-perfusion-durable-avec-support-de-perfusion-haut\/","robots":"max-image-preview:large","keywords":"","webmasterTools":{"google-site-verification":"XE0Krczs_zYC4qBAqnvyRaNEYa9NQEP4HzU7PPpzxoI","miscellaneous":""},"og:locale":"fr_FR","og:site_name":"Novalion Medical \u2013 Wheelchair, Hospital bed, Walker,Commode chair,Crutch...","og:type":"article","og:title":"Durable Infusion Chair with Tall IV Stand","og:description":"Durable infusion chair with tall IV stand, padded seat, plastic-sprayed steel frame and ABS armrests, built for long-lasting use in treatment areas.","og:url":"https:\/\/novalion-med.com\/fr\/produit\/chaise-de-perfusion-durable-avec-support-de-perfusion-haut\/","og:image":"https:\/\/novalion-med.com\/wp-content\/uploads\/2025\/04\/cropped-343496212_201698782614433_8037205422525878621_n-1.jpg","og:image:secure_url":"https:\/\/novalion-med.com\/wp-content\/uploads\/2025\/04\/cropped-343496212_201698782614433_8037205422525878621_n-1.jpg","og:image:width":512,"og:image:height":512,"article:published_time":"2025-06-19T09:59:36+00:00","article:modified_time":"2025-06-19T10:14:16+00:00","article:publisher":"https:\/\/www.facebook.com\/NovalionMedical\/","twitter:card":"summary_large_image","twitter:title":"Durable Infusion Chair with Tall IV Stand","twitter:description":"Durable infusion chair with tall IV stand, padded seat, plastic-sprayed steel frame and ABS armrests, built for long-lasting use in treatment areas.","twitter:image":"https:\/\/novalion-med.com\/wp-content\/uploads\/2025\/04\/cropped-343496212_201698782614433_8037205422525878621_n-1.jpg","schema":{"@context":"https:\/\/schema.org","@graph":[{"@type":"BreadcrumbList","@id":"https:\/\/novalion-med.com\/fr\/produit\/chaise-de-perfusion-durable-avec-support-de-perfusion-haut\/#breadcrumblist","itemListElement":[{"@type":"ListItem","@id":"https:\/\/novalion-med.com\/fr\/#listItem","position":1,"name":"Home","item":"https:\/\/novalion-med.com\/fr\/","nextItem":"https:\/\/novalion-med.com\/fr\/produit\/chaise-de-perfusion-durable-avec-support-de-perfusion-haut\/#listItem"},{"@type":"ListItem","@id":"https:\/\/novalion-med.com\/fr\/produit\/chaise-de-perfusion-durable-avec-support-de-perfusion-haut\/#listItem","position":2,"name":"Durable Infusion Chair with Tall IV Stand","previousItem":"https:\/\/novalion-med.com\/fr\/#listItem"}]},{"@type":"Organization","@id":"https:\/\/novalion-med.com\/fr\/#organization","name":"novalion-med.com","url":"https:\/\/novalion-med.com\/fr\/","logo":{"@type":"ImageObject","url":"https:\/\/novalion-med.com\/wp-content\/uploads\/2025\/04\/cropped-343496212_201698782614433_8037205422525878621_n-1.jpg","@id":"https:\/\/novalion-med.com\/fr\/produit\/chaise-de-perfusion-durable-avec-support-de-perfusion-haut\/#organizationLogo","width":512,"height":512},"image":{"@id":"https:\/\/novalion-med.com\/fr\/produit\/chaise-de-perfusion-durable-avec-support-de-perfusion-haut\/#organizationLogo"},"sameAs":["https:\/\/www.facebook.com\/NovalionMedical\/","https:\/\/www.youtube.com\/@NwlMedicalInstrument"],"contactPoint":{"@type":"ContactPoint","telephone":"+8618326188070","contactType":"Sales"}},{"@type":"Product","@id":"https:\/\/novalion-med.com\/fr\/produit\/chaise-de-perfusion-durable-avec-support-de-perfusion-haut\/#wooCommerceProduct","name":"Durable Infusion Chair with Tall IV Stand","description":"Constructed for long-lasting use in treatment areas, this durable infusion chair features a plastic-sprayed steel frame and PU leather seating surface. The 180cm-tall infusion stand provides convenient support, while the 112cm backrest and 6cm-thick cushion ensure patient comfort. With ABS armrests and 1.1mm-thick pipe walls, it offers stable support. The chair\u2019s dimensions\u2014handrail spacing 54cm, pedal width 20cm\u2014prioritize ergonomics. Ideal for clinics and hospitals, it combines durability with comfort, making it suitable for extended infusion sessions.","url":"https:\/\/novalion-med.com\/fr\/produit\/chaise-de-perfusion-durable-avec-support-de-perfusion-haut\/","sku":"NL230102-PL-1","image":{"@type":"ImageObject","url":"https:\/\/novalion-med.com\/wp-content\/uploads\/2025\/06\/NL230102-PL-1-Durable-Infusion-Chair-with-Tall-IV-Stand.jpg","@id":"https:\/\/novalion-med.com\/fr\/produit\/chaise-de-perfusion-durable-avec-support-de-perfusion-haut\/#productImage","width":1000,"height":1000,"caption":"NL230102-PL-1 Durable Infusion Chair with Tall IV Stand"},"offers":{"@type":"Offer","url":"https:\/\/novalion-med.com\/fr\/produit\/chaise-de-perfusion-durable-avec-support-de-perfusion-haut\/#wooCommerceOffer","priceCurrency":"PHP","category":"Medical Chairs","availability":"https:\/\/schema.org\/InStock","seller":{"@type":"Organization","@id":"https:\/\/novalion-med.com\/fr\/#organization"},"price":111}},{"@type":"WebPage","@id":"https:\/\/novalion-med.com\/fr\/produit\/chaise-de-perfusion-durable-avec-support-de-perfusion-haut\/#webpage","url":"https:\/\/novalion-med.com\/fr\/produit\/chaise-de-perfusion-durable-avec-support-de-perfusion-haut\/","name":"Durable Infusion Chair with Tall IV Stand","description":"Durable infusion chair with tall IV stand, padded seat, plastic-sprayed steel frame and ABS armrests, built for long-lasting use in treatment areas.","inLanguage":"fr-FR","isPartOf":{"@id":"https:\/\/novalion-med.com\/fr\/#website"},"breadcrumb":{"@id":"https:\/\/novalion-med.com\/fr\/produit\/chaise-de-perfusion-durable-avec-support-de-perfusion-haut\/#breadcrumblist"},"image":{"@type":"ImageObject","url":"https:\/\/novalion-med.com\/wp-content\/uploads\/2025\/06\/NL230102-PL-1-Durable-Infusion-Chair-with-Tall-IV-Stand.jpg","@id":"https:\/\/novalion-med.com\/fr\/produit\/chaise-de-perfusion-durable-avec-support-de-perfusion-haut\/#mainImage","width":1000,"height":1000,"caption":"NL230102-PL-1 Durable Infusion Chair with Tall IV Stand"},"primaryImageOfPage":{"@id":"https:\/\/novalion-med.com\/fr\/produit\/chaise-de-perfusion-durable-avec-support-de-perfusion-haut\/#mainImage"},"datePublished":"2025-06-19T09:59:36+00:00","dateModified":"2025-06-19T10:14:16+00:00"},{"@type":"WebSite","@id":"https:\/\/novalion-med.com\/fr\/#website","url":"https:\/\/novalion-med.com\/fr\/","name":"novalion-med.com","description":"Wheelchair, Hospital bed, Walker,Commode chair,Crutch...","inLanguage":"fr-FR","publisher":{"@id":"https:\/\/novalion-med.com\/fr\/#organization"}}]}},"aioseo_meta_data":{"post_id":"5715","title":"Durable Infusion Chair with Tall IV Stand","description":"Durable infusion chair with tall IV stand, padded seat, plastic-sprayed steel frame and ABS armrests, built for long-lasting use in treatment areas.","keywords":"[]","keyphrases":"{\"focus\":{\"keyphrase\":\"\",\"score\":0,\"analysis\":{\"keyphraseInTitle\":{\"score\":0,\"maxScore\":9,\"error\":1}}},\"additional\":[]}","primary_term":null,"canonical_url":null,"og_title":null,"og_description":null,"og_object_type":"default","og_image_type":"default","og_image_url":null,"og_image_width":null,"og_image_height":null,"og_image_custom_url":null,"og_image_custom_fields":null,"og_video":"","og_custom_url":null,"og_article_section":null,"og_article_tags":"[]","twitter_use_og":false,"twitter_card":"default","twitter_image_type":"default","twitter_image_url":null,"twitter_image_custom_url":null,"twitter_image_custom_fields":null,"twitter_title":null,"twitter_description":null,"schema":{"blockGraphs":[],"customGraphs":[],"default":{"data":{"Article":[],"Course":[],"Dataset":[],"FAQPage":[],"Movie":[],"Person":[],"Product":[],"Recipe":[],"Service":[],"SoftwareApplication":[],"WebPage":[]},"graphName":"Product","isEnabled":true},"graphs":[]},"schema_type":"default","schema_type_options":null,"pillar_content":false,"robots_default":true,"robots_noindex":false,"robots_noarchive":false,"robots_nosnippet":false,"robots_nofollow":false,"robots_noimageindex":false,"robots_noodp":false,"robots_notranslate":false,"robots_max_snippet":"-1","robots_max_videopreview":"-1","robots_max_imagepreview":"large","priority":null,"frequency":"default","local_seo":null,"limit_modified_date":false,"created":"2025-06-19 09:59:36","updated":"2025-06-19 10:18:38"},"_links":{"self":[{"href":"https:\/\/novalion-med.com\/fr\/wp-json\/wp\/v2\/product\/5715","targetHints":{"allow":["GET"]}}],"collection":[{"href":"https:\/\/novalion-med.com\/fr\/wp-json\/wp\/v2\/product"}],"about":[{"href":"https:\/\/novalion-med.com\/fr\/wp-json\/wp\/v2\/types\/product"}],"version-history":[{"count":5,"href":"https:\/\/novalion-med.com\/fr\/wp-json\/wp\/v2\/product\/5715\/revisions"}],"predecessor-version":[{"id":5720,"href":"https:\/\/novalion-med.com\/fr\/wp-json\/wp\/v2\/product\/5715\/revisions\/5720"}],"wp:featuredmedia":[{"embeddable":true,"href":"https:\/\/novalion-med.com\/fr\/wp-json\/wp\/v2\/media\/5702"}],"wp:attachment":[{"href":"https:\/\/novalion-med.com\/fr\/wp-json\/wp\/v2\/media?parent=5715"}],"wp:term":[{"taxonomy":"product_brand","embeddable":true,"href":"https:\/\/novalion-med.com\/fr\/wp-json\/wp\/v2\/product_brand?post=5715"},{"taxonomy":"product_cat","embeddable":true,"href":"https:\/\/novalion-med.com\/fr\/wp-json\/wp\/v2\/product_cat?post=5715"},{"taxonomy":"product_tag","embeddable":true,"href":"https:\/\/novalion-med.com\/fr\/wp-json\/wp\/v2\/product_tag?post=5715"}],"curies":[{"name":"wp","href":"https:\/\/api.w.org\/{rel}","templated":true}]}}