{"id":5697,"date":"2025-06-19T09:45:17","date_gmt":"2025-06-19T09:45:17","guid":{"rendered":"https:\/\/novalion-med.com\/?post_type=product&#038;p=5697"},"modified":"2025-06-19T09:48:38","modified_gmt":"2025-06-19T09:48:38","slug":"chaise-ergonomique-pour-le-don-de-sang-avec-structure-double","status":"publish","type":"product","link":"https:\/\/novalion-med.com\/fr\/produit\/chaise-ergonomique-pour-le-don-de-sang-avec-structure-double\/","title":{"rendered":"Chaise ergonomique pour le don de sang avec structure \u00e0 double armature"},"content":{"rendered":"<div data-elementor-type=\"product-post\" data-elementor-id=\"5697\" class=\"elementor elementor-5697\" data-elementor-post-type=\"product\">\n\t\t\t\t<div class=\"elementor-element elementor-element-1c93f1cb e-con-full e-flex e-con e-parent\" data-id=\"1c93f1cb\" data-element_type=\"container\">\n\t\t\t\t<div class=\"elementor-element elementor-element-2240ff1 elementor-widget elementor-widget-heading\" data-id=\"2240ff1\" data-element_type=\"widget\" data-widget_type=\"heading.default\">\n\t\t\t\t<div class=\"elementor-widget-container\">\n\t\t\t\t\t<h2 class=\"elementor-heading-title elementor-size-default\">Chaise ergonomique pour le don de sang avec structure \u00e0 double armature<\/h2>\t\t\t\t<\/div>\n\t\t\t\t<\/div>\n\t\t\t\t<div class=\"elementor-element elementor-element-45d8c46 elementor-widget elementor-widget-text-editor\" data-id=\"45d8c46\" data-element_type=\"widget\" data-widget_type=\"text-editor.default\">\n\t\t\t\t<div class=\"elementor-widget-container\">\n\t\t\t\t\t\t\t\t\t<p>Choisissez cette chaise ergonomique pour le don du sang avec une structure \u00e0 double armature, un coussin de 7 cm et un dossier inclinable \u00e0 90\u00b0-140\u00b0. Comprend une tige de perfusion, un panier \u00e0 linge et une largeur de coussin de 50 cm pour les h\u00f4pitaux.<\/p>\t\t\t\t\t\t\t\t<\/div>\n\t\t\t\t<\/div>\n\t\t\t\t<div class=\"elementor-element elementor-element-7152afc elementor-widget elementor-widget-text-editor\" data-id=\"7152afc\" data-element_type=\"widget\" data-widget_type=\"text-editor.default\">\n\t\t\t\t<div class=\"elementor-widget-container\">\n\t\t\t\t\t\t\t\t\t<h2>Caract\u00e9ristiques principales<\/h2><p>Chaise ergonomique pour le don du sang avec structure \u00e0 double armature, coussin de 7 cm, dossier inclinable \u00e0 90\u00b0-140\u00b0 - comprend une tige de perfusion, un panier \u00e0 linge, un coussin de 50 cm de large pour une utilisation en milieu hospitalier.<\/p><ul><li>Structure \u00e0 double armature avec coussin de 7 cm d'\u00e9paisseur<\/li><li>Inclinaison du dossier de 90\u00b0 \u00e0 140\u00b0 et largeur du coussin de 50 cm<\/li><li>Comprend une tige de perfusion, un panier divers et un dispositif de r\u00e9glage de l'angle.<\/li><li>Construction robuste pour une utilisation en milieu hospitalier<\/li><\/ul>\t\t\t\t\t\t\t\t<\/div>\n\t\t\t\t<\/div>\n\t\t\t\t<div class=\"elementor-element elementor-element-3a02177 elementor-widget elementor-widget-text-editor\" data-id=\"3a02177\" data-element_type=\"widget\" data-widget_type=\"text-editor.default\">\n\t\t\t\t<div class=\"elementor-widget-container\">\n\t\t\t\t\t\t\t\t\t<h2>Sp\u00e9cifications<\/h2><p>Largeur du coussin : 50cm<br \/>Longueur du pied porteur (accoudoir) de la chaise : 82cm<br \/>Diam\u00e8tre ext\u00e9rieur des deux mains courantes : 74cm<br \/>\u00c9paisseur du coussin : 7 cm (1 cm de planche, 6 cm d'\u00e9ponge lourde)<br \/>Hauteur du dossier : 120cm<br \/>Hauteur d'assise : 46cm<br \/>Hauteur de la main courante : 64cm<br \/>Pied de la chaise (accoudoir) : Tube de diam\u00e8tre 38, \u00e9paisseur 1 mm<br \/>Plaque de pose, tuyau de sous-ch\u00e2ssis : Tube carr\u00e9 de 22 mm de diam\u00e8tre, 1 mm d'\u00e9paisseur<br \/>La structure est raisonnable, la structure du cadre est doublement garantie et l'angle d'inclinaison du dossier est de 90 \u00e0 140 degr\u00e9s.<br \/>Accessoires fournis : 2 pieds de chaise, 1 cadre de dossier, 1 p\u00e9dale, 2 tuyaux de raccordement, 1 tige de perfusion, 1 dispositif de r\u00e9glage de l'angle, 1 panier \u00e0 linge et 1 paire d'accoudoirs.<\/p>\t\t\t\t\t\t\t\t<\/div>\n\t\t\t\t<\/div>\n\t\t\t\t<div class=\"elementor-element elementor-element-2996df9 elementor-widget elementor-widget-text-editor\" data-id=\"2996df9\" data-element_type=\"widget\" data-widget_type=\"text-editor.default\">\n\t\t\t\t<div class=\"elementor-widget-container\">\n\t\t\t\t\t\t\t\t\t<p>D'autres \u00e9quipements m\u00e9dicaux peuvent \u00eatre trouv\u00e9s dans <a href=\"https:\/\/novalion-med.com\/fr\/\" target=\"_blank\" rel=\"noopener\">notre site web<\/a> ou <a href=\"https:\/\/api.whatsapp.com\/send\/?phone=%2B008618112908401&amp;text&amp;type=phone_number&amp;app_absent=0\" target=\"_blank\" rel=\"noopener\">notre whatsapp<\/a>.<\/p>\t\t\t\t\t\t\t\t<\/div>\n\t\t\t\t<\/div>\n\t\t\t\t<\/div>\n\t\t\t\t<\/div>","protected":false},"excerpt":{"rendered":"<p>Cette chaise ergonomique pour le don de sang se distingue par une structure \u00e0 double armature pour une meilleure stabilit\u00e9, avec un coussin de 50 cm de large et de 7 cm d'\u00e9paisseur (1 cm de carton, 6 cm d'\u00e9ponge lourde). Le dossier s'incline de 90 \u00e0 140 degr\u00e9s, ce qui permet de r\u00e9pondre aux diff\u00e9rents besoins des donneurs. Les accessoires inclus - tige de perfusion, dispositif de r\u00e9glage de l'angle, panier \u00e0 linge - am\u00e9liorent l'aspect pratique. Avec un tube de 38 mm de diam\u00e8tre (1 mm d'\u00e9paisseur) et un ch\u00e2ssis en tube carr\u00e9 de 22 mm, il est \u00e0 la fois solide et durable. Con\u00e7u pour les h\u00f4pitaux, il privil\u00e9gie le confort et la fonctionnalit\u00e9, ce qui en fait un excellent choix pour les \u00e9tablissements de don du sang qui ont besoin de si\u00e8ges robustes et r\u00e9glables.<\/p>","protected":false},"featured_media":5686,"template":"elementor_theme","meta":{"site-sidebar-layout":"default","site-content-layout":"","ast-site-content-layout":"default","site-content-style":"default","site-sidebar-style":"default","ast-global-header-display":"","ast-banner-title-visibility":"","ast-main-header-display":"","ast-hfb-above-header-display":"","ast-hfb-below-header-display":"","ast-hfb-mobile-header-display":"","site-post-title":"","ast-breadcrumbs-content":"","ast-featured-img":"","footer-sml-layout":"","theme-transparent-header-meta":"default","adv-header-id-meta":"","stick-header-meta":"default","header-above-stick-meta":"","header-main-stick-meta":"","header-below-stick-meta":"","astra-migrate-meta-layouts":"set","ast-page-background-enabled":"default","ast-page-background-meta":{"desktop":{"background-color":"var(--ast-global-color-4)","background-image":"","background-repeat":"repeat","background-position":"center center","background-size":"auto","background-attachment":"scroll","background-type":"","background-media":"","overlay-type":"","overlay-color":"","overlay-opacity":"","overlay-gradient":""},"tablet":{"background-color":"","background-image":"","background-repeat":"repeat","background-position":"center center","background-size":"auto","background-attachment":"scroll","background-type":"","background-media":"","overlay-type":"","overlay-color":"","overlay-opacity":"","overlay-gradient":""},"mobile":{"background-color":"","background-image":"","background-repeat":"repeat","background-position":"center center","background-size":"auto","background-attachment":"scroll","background-type":"","background-media":"","overlay-type":"","overlay-color":"","overlay-opacity":"","overlay-gradient":""}},"ast-content-background-meta":{"desktop":{"background-color":"var(--ast-global-color-5)","background-image":"","background-repeat":"repeat","background-position":"center center","background-size":"auto","background-attachment":"scroll","background-type":"","background-media":"","overlay-type":"","overlay-color":"","overlay-opacity":"","overlay-gradient":""},"tablet":{"background-color":"var(--ast-global-color-5)","background-image":"","background-repeat":"repeat","background-position":"center center","background-size":"auto","background-attachment":"scroll","background-type":"","background-media":"","overlay-type":"","overlay-color":"","overlay-opacity":"","overlay-gradient":""},"mobile":{"background-color":"var(--ast-global-color-5)","background-image":"","background-repeat":"repeat","background-position":"center center","background-size":"auto","background-attachment":"scroll","background-type":"","background-media":"","overlay-type":"","overlay-color":"","overlay-opacity":"","overlay-gradient":""}}},"product_brand":[],"product_cat":[103],"product_tag":[],"class_list":{"0":"post-5697","1":"product","2":"type-product","3":"status-publish","4":"has-post-thumbnail","6":"product_cat-medical-chairs","7":"desktop-align-center","8":"tablet-align-left","9":"mobile-align-left","10":"ast-product-gallery-layout-horizontal-slider","11":"ast-product-gallery-with-no-image","12":"ast-magnify-disabled","13":"ast-product-tabs-layout-accordion","14":"ast-qv-on-image","16":"first","17":"instock","18":"shipping-taxable","19":"purchasable","20":"product-type-simple"},"aioseo_notices":[],"aioseo_head":"\n\t\t<!-- All in One SEO Pro 4.6.0 - aioseo.com -->\n\t\t<meta name=\"description\" content=\"Ergonomic blood donation chair with double-frame structure, thick and wide cushion, and versatile adjustments for hospital use.\" \/>\n\t\t<meta name=\"robots\" content=\"max-image-preview:large\" \/>\n\t\t<meta name=\"google-site-verification\" content=\"XE0Krczs_zYC4qBAqnvyRaNEYa9NQEP4HzU7PPpzxoI\" \/>\n\t\t<link rel=\"canonical\" href=\"https:\/\/novalion-med.com\/fr\/produit\/chaise-ergonomique-pour-le-don-de-sang-avec-structure-double\/\" \/>\n\t\t<meta name=\"generator\" content=\"All in One SEO Pro (AIOSEO) 4.6.0\" \/>\n\t\t<meta property=\"og:locale\" content=\"fr_FR\" \/>\n\t\t<meta property=\"og:site_name\" content=\"Novalion Medical \u2013 Wheelchair, Hospital bed, Walker,Commode chair,Crutch...\" \/>\n\t\t<meta property=\"og:type\" content=\"article\" \/>\n\t\t<meta property=\"og:title\" content=\"Ergonomic Blood Donation Chair with Double-Frame Structure\" \/>\n\t\t<meta property=\"og:description\" content=\"Ergonomic blood donation chair with double-frame structure, thick and wide cushion, and versatile adjustments for hospital use.\" \/>\n\t\t<meta property=\"og:url\" content=\"https:\/\/novalion-med.com\/fr\/produit\/chaise-ergonomique-pour-le-don-de-sang-avec-structure-double\/\" \/>\n\t\t<meta property=\"og:image\" content=\"https:\/\/novalion-med.com\/wp-content\/uploads\/2025\/04\/cropped-343496212_201698782614433_8037205422525878621_n-1.jpg\" \/>\n\t\t<meta property=\"og:image:secure_url\" content=\"https:\/\/novalion-med.com\/wp-content\/uploads\/2025\/04\/cropped-343496212_201698782614433_8037205422525878621_n-1.jpg\" \/>\n\t\t<meta property=\"og:image:width\" content=\"512\" \/>\n\t\t<meta property=\"og:image:height\" content=\"512\" \/>\n\t\t<meta property=\"article:published_time\" content=\"2025-06-19T09:45:17+00:00\" \/>\n\t\t<meta property=\"article:modified_time\" content=\"2025-06-19T09:48:38+00:00\" \/>\n\t\t<meta property=\"article:publisher\" content=\"https:\/\/www.facebook.com\/NovalionMedical\/\" \/>\n\t\t<meta name=\"twitter:card\" content=\"summary_large_image\" \/>\n\t\t<meta name=\"twitter:title\" content=\"Ergonomic Blood Donation Chair with Double-Frame Structure\" \/>\n\t\t<meta name=\"twitter:description\" content=\"Ergonomic blood donation chair with double-frame structure, thick and wide cushion, and versatile adjustments for hospital use.\" \/>\n\t\t<meta name=\"twitter:image\" content=\"https:\/\/novalion-med.com\/wp-content\/uploads\/2025\/04\/cropped-343496212_201698782614433_8037205422525878621_n-1.jpg\" \/>\n\t\t<script type=\"application\/ld+json\" class=\"aioseo-schema\">\n\t\t\t{\"@context\":\"https:\\\/\\\/schema.org\",\"@graph\":[{\"@type\":\"BreadcrumbList\",\"@id\":\"https:\\\/\\\/novalion-med.com\\\/fr\\\/produit\\\/chaise-ergonomique-pour-le-don-de-sang-avec-structure-double\\\/#breadcrumblist\",\"itemListElement\":[{\"@type\":\"ListItem\",\"@id\":\"https:\\\/\\\/novalion-med.com\\\/fr\\\/#listItem\",\"position\":1,\"name\":\"Home\",\"item\":\"https:\\\/\\\/novalion-med.com\\\/fr\\\/\",\"nextItem\":\"https:\\\/\\\/novalion-med.com\\\/fr\\\/produit\\\/chaise-ergonomique-pour-le-don-de-sang-avec-structure-double\\\/#listItem\"},{\"@type\":\"ListItem\",\"@id\":\"https:\\\/\\\/novalion-med.com\\\/fr\\\/produit\\\/chaise-ergonomique-pour-le-don-de-sang-avec-structure-double\\\/#listItem\",\"position\":2,\"name\":\"Ergonomic Blood Donation Chair with Double-Frame Structure\",\"previousItem\":\"https:\\\/\\\/novalion-med.com\\\/fr\\\/#listItem\"}]},{\"@type\":\"Organization\",\"@id\":\"https:\\\/\\\/novalion-med.com\\\/fr\\\/#organization\",\"name\":\"novalion-med.com\",\"url\":\"https:\\\/\\\/novalion-med.com\\\/fr\\\/\",\"logo\":{\"@type\":\"ImageObject\",\"url\":\"https:\\\/\\\/novalion-med.com\\\/wp-content\\\/uploads\\\/2025\\\/04\\\/cropped-343496212_201698782614433_8037205422525878621_n-1.jpg\",\"@id\":\"https:\\\/\\\/novalion-med.com\\\/fr\\\/produit\\\/chaise-ergonomique-pour-le-don-de-sang-avec-structure-double\\\/#organizationLogo\",\"width\":512,\"height\":512},\"image\":{\"@id\":\"https:\\\/\\\/novalion-med.com\\\/fr\\\/produit\\\/chaise-ergonomique-pour-le-don-de-sang-avec-structure-double\\\/#organizationLogo\"},\"sameAs\":[\"https:\\\/\\\/www.facebook.com\\\/NovalionMedical\\\/\",\"https:\\\/\\\/www.youtube.com\\\/@NwlMedicalInstrument\"],\"contactPoint\":{\"@type\":\"ContactPoint\",\"telephone\":\"+8618326188070\",\"contactType\":\"Sales\"}},{\"@type\":\"Product\",\"@id\":\"https:\\\/\\\/novalion-med.com\\\/fr\\\/produit\\\/chaise-ergonomique-pour-le-don-de-sang-avec-structure-double\\\/#wooCommerceProduct\",\"name\":\"Ergonomic Blood Donation Chair with Double-Frame Structure\",\"description\":\"This ergonomic blood donation chair stands out with a double-frame structure for enhanced stability, featuring a 50cm cushion width and 7cm thickness (1cm board, 6cm heavy sponge). The backrest tilts 90-140 degrees, accommodating diverse donor needs. Included accessories\\u2014infusion rod, angle adjuster, sundry basket\\u2014enhance practicality. With a 38mm diameter tube (1mm thick) and 22mm square pipe underframe, it balances strength and durability. Designed for hospitals, it prioritizes comfort and functionality, making it an excellent choice for blood donation facilities requiring robust, adjustable seating.\",\"url\":\"https:\\\/\\\/novalion-med.com\\\/fr\\\/produit\\\/chaise-ergonomique-pour-le-don-de-sang-avec-structure-double\\\/\",\"sku\":\"NL230102-SD-3\",\"image\":{\"@type\":\"ImageObject\",\"url\":\"https:\\\/\\\/novalion-med.com\\\/wp-content\\\/uploads\\\/2025\\\/06\\\/NL230102-SD-3-Ergonomic-Blood-Donation-Chair-with-Double-Frame-Structure.jpg\",\"@id\":\"https:\\\/\\\/novalion-med.com\\\/fr\\\/produit\\\/chaise-ergonomique-pour-le-don-de-sang-avec-structure-double\\\/#productImage\",\"width\":1000,\"height\":1000,\"caption\":\"NL230102-SD-3 Ergonomic Blood Donation Chair with Double-Frame Structure\"},\"offers\":{\"@type\":\"Offer\",\"url\":\"https:\\\/\\\/novalion-med.com\\\/fr\\\/produit\\\/chaise-ergonomique-pour-le-don-de-sang-avec-structure-double\\\/#wooCommerceOffer\",\"priceCurrency\":\"PHP\",\"category\":\"Medical Chairs\",\"availability\":\"https:\\\/\\\/schema.org\\\/InStock\",\"seller\":{\"@type\":\"Organization\",\"@id\":\"https:\\\/\\\/novalion-med.com\\\/fr\\\/#organization\"},\"price\":111}},{\"@type\":\"WebPage\",\"@id\":\"https:\\\/\\\/novalion-med.com\\\/fr\\\/produit\\\/chaise-ergonomique-pour-le-don-de-sang-avec-structure-double\\\/#webpage\",\"url\":\"https:\\\/\\\/novalion-med.com\\\/fr\\\/produit\\\/chaise-ergonomique-pour-le-don-de-sang-avec-structure-double\\\/\",\"name\":\"Ergonomic Blood Donation Chair with Double-Frame Structure\",\"description\":\"Ergonomic blood donation chair with double-frame structure, thick and wide cushion, and versatile adjustments for hospital use.\",\"inLanguage\":\"fr-FR\",\"isPartOf\":{\"@id\":\"https:\\\/\\\/novalion-med.com\\\/fr\\\/#website\"},\"breadcrumb\":{\"@id\":\"https:\\\/\\\/novalion-med.com\\\/fr\\\/produit\\\/chaise-ergonomique-pour-le-don-de-sang-avec-structure-double\\\/#breadcrumblist\"},\"image\":{\"@type\":\"ImageObject\",\"url\":\"https:\\\/\\\/novalion-med.com\\\/wp-content\\\/uploads\\\/2025\\\/06\\\/NL230102-SD-3-Ergonomic-Blood-Donation-Chair-with-Double-Frame-Structure.jpg\",\"@id\":\"https:\\\/\\\/novalion-med.com\\\/fr\\\/produit\\\/chaise-ergonomique-pour-le-don-de-sang-avec-structure-double\\\/#mainImage\",\"width\":1000,\"height\":1000,\"caption\":\"NL230102-SD-3 Ergonomic Blood Donation Chair with Double-Frame Structure\"},\"primaryImageOfPage\":{\"@id\":\"https:\\\/\\\/novalion-med.com\\\/fr\\\/produit\\\/chaise-ergonomique-pour-le-don-de-sang-avec-structure-double\\\/#mainImage\"},\"datePublished\":\"2025-06-19T09:45:17+00:00\",\"dateModified\":\"2025-06-19T09:48:38+00:00\"},{\"@type\":\"WebSite\",\"@id\":\"https:\\\/\\\/novalion-med.com\\\/fr\\\/#website\",\"url\":\"https:\\\/\\\/novalion-med.com\\\/fr\\\/\",\"name\":\"novalion-med.com\",\"description\":\"Wheelchair, Hospital bed, Walker,Commode chair,Crutch...\",\"inLanguage\":\"fr-FR\",\"publisher\":{\"@id\":\"https:\\\/\\\/novalion-med.com\\\/fr\\\/#organization\"}}]}\n\t\t<\/script>\n\t\t<!-- All in One SEO Pro -->\r\n\t\t<title>Ergonomic Blood Donation Chair with Double-Frame Structure<\/title>\n\n","aioseo_head_json":{"title":"Ergonomic Blood Donation Chair with Double-Frame Structure","description":"Ergonomic blood donation chair with double-frame structure, thick and wide cushion, and versatile adjustments for hospital use.","canonical_url":"https:\/\/novalion-med.com\/fr\/produit\/chaise-ergonomique-pour-le-don-de-sang-avec-structure-double\/","robots":"max-image-preview:large","keywords":"","webmasterTools":{"google-site-verification":"XE0Krczs_zYC4qBAqnvyRaNEYa9NQEP4HzU7PPpzxoI","miscellaneous":""},"og:locale":"fr_FR","og:site_name":"Novalion Medical \u2013 Wheelchair, Hospital bed, Walker,Commode chair,Crutch...","og:type":"article","og:title":"Ergonomic Blood Donation Chair with Double-Frame Structure","og:description":"Ergonomic blood donation chair with double-frame structure, thick and wide cushion, and versatile adjustments for hospital use.","og:url":"https:\/\/novalion-med.com\/fr\/produit\/chaise-ergonomique-pour-le-don-de-sang-avec-structure-double\/","og:image":"https:\/\/novalion-med.com\/wp-content\/uploads\/2025\/04\/cropped-343496212_201698782614433_8037205422525878621_n-1.jpg","og:image:secure_url":"https:\/\/novalion-med.com\/wp-content\/uploads\/2025\/04\/cropped-343496212_201698782614433_8037205422525878621_n-1.jpg","og:image:width":512,"og:image:height":512,"article:published_time":"2025-06-19T09:45:17+00:00","article:modified_time":"2025-06-19T09:48:38+00:00","article:publisher":"https:\/\/www.facebook.com\/NovalionMedical\/","twitter:card":"summary_large_image","twitter:title":"Ergonomic Blood Donation Chair with Double-Frame Structure","twitter:description":"Ergonomic blood donation chair with double-frame structure, thick and wide cushion, and versatile adjustments for hospital use.","twitter:image":"https:\/\/novalion-med.com\/wp-content\/uploads\/2025\/04\/cropped-343496212_201698782614433_8037205422525878621_n-1.jpg","schema":{"@context":"https:\/\/schema.org","@graph":[{"@type":"BreadcrumbList","@id":"https:\/\/novalion-med.com\/fr\/produit\/chaise-ergonomique-pour-le-don-de-sang-avec-structure-double\/#breadcrumblist","itemListElement":[{"@type":"ListItem","@id":"https:\/\/novalion-med.com\/fr\/#listItem","position":1,"name":"Home","item":"https:\/\/novalion-med.com\/fr\/","nextItem":"https:\/\/novalion-med.com\/fr\/produit\/chaise-ergonomique-pour-le-don-de-sang-avec-structure-double\/#listItem"},{"@type":"ListItem","@id":"https:\/\/novalion-med.com\/fr\/produit\/chaise-ergonomique-pour-le-don-de-sang-avec-structure-double\/#listItem","position":2,"name":"Ergonomic Blood Donation Chair with Double-Frame Structure","previousItem":"https:\/\/novalion-med.com\/fr\/#listItem"}]},{"@type":"Organization","@id":"https:\/\/novalion-med.com\/fr\/#organization","name":"novalion-med.com","url":"https:\/\/novalion-med.com\/fr\/","logo":{"@type":"ImageObject","url":"https:\/\/novalion-med.com\/wp-content\/uploads\/2025\/04\/cropped-343496212_201698782614433_8037205422525878621_n-1.jpg","@id":"https:\/\/novalion-med.com\/fr\/produit\/chaise-ergonomique-pour-le-don-de-sang-avec-structure-double\/#organizationLogo","width":512,"height":512},"image":{"@id":"https:\/\/novalion-med.com\/fr\/produit\/chaise-ergonomique-pour-le-don-de-sang-avec-structure-double\/#organizationLogo"},"sameAs":["https:\/\/www.facebook.com\/NovalionMedical\/","https:\/\/www.youtube.com\/@NwlMedicalInstrument"],"contactPoint":{"@type":"ContactPoint","telephone":"+8618326188070","contactType":"Sales"}},{"@type":"Product","@id":"https:\/\/novalion-med.com\/fr\/produit\/chaise-ergonomique-pour-le-don-de-sang-avec-structure-double\/#wooCommerceProduct","name":"Ergonomic Blood Donation Chair with Double-Frame Structure","description":"This ergonomic blood donation chair stands out with a double-frame structure for enhanced stability, featuring a 50cm cushion width and 7cm thickness (1cm board, 6cm heavy sponge). The backrest tilts 90-140 degrees, accommodating diverse donor needs. Included accessories\u2014infusion rod, angle adjuster, sundry basket\u2014enhance practicality. With a 38mm diameter tube (1mm thick) and 22mm square pipe underframe, it balances strength and durability. Designed for hospitals, it prioritizes comfort and functionality, making it an excellent choice for blood donation facilities requiring robust, adjustable seating.","url":"https:\/\/novalion-med.com\/fr\/produit\/chaise-ergonomique-pour-le-don-de-sang-avec-structure-double\/","sku":"NL230102-SD-3","image":{"@type":"ImageObject","url":"https:\/\/novalion-med.com\/wp-content\/uploads\/2025\/06\/NL230102-SD-3-Ergonomic-Blood-Donation-Chair-with-Double-Frame-Structure.jpg","@id":"https:\/\/novalion-med.com\/fr\/produit\/chaise-ergonomique-pour-le-don-de-sang-avec-structure-double\/#productImage","width":1000,"height":1000,"caption":"NL230102-SD-3 Ergonomic Blood Donation Chair with Double-Frame Structure"},"offers":{"@type":"Offer","url":"https:\/\/novalion-med.com\/fr\/produit\/chaise-ergonomique-pour-le-don-de-sang-avec-structure-double\/#wooCommerceOffer","priceCurrency":"PHP","category":"Medical Chairs","availability":"https:\/\/schema.org\/InStock","seller":{"@type":"Organization","@id":"https:\/\/novalion-med.com\/fr\/#organization"},"price":111}},{"@type":"WebPage","@id":"https:\/\/novalion-med.com\/fr\/produit\/chaise-ergonomique-pour-le-don-de-sang-avec-structure-double\/#webpage","url":"https:\/\/novalion-med.com\/fr\/produit\/chaise-ergonomique-pour-le-don-de-sang-avec-structure-double\/","name":"Ergonomic Blood Donation Chair with Double-Frame Structure","description":"Ergonomic blood donation chair with double-frame structure, thick and wide cushion, and versatile adjustments for hospital use.","inLanguage":"fr-FR","isPartOf":{"@id":"https:\/\/novalion-med.com\/fr\/#website"},"breadcrumb":{"@id":"https:\/\/novalion-med.com\/fr\/produit\/chaise-ergonomique-pour-le-don-de-sang-avec-structure-double\/#breadcrumblist"},"image":{"@type":"ImageObject","url":"https:\/\/novalion-med.com\/wp-content\/uploads\/2025\/06\/NL230102-SD-3-Ergonomic-Blood-Donation-Chair-with-Double-Frame-Structure.jpg","@id":"https:\/\/novalion-med.com\/fr\/produit\/chaise-ergonomique-pour-le-don-de-sang-avec-structure-double\/#mainImage","width":1000,"height":1000,"caption":"NL230102-SD-3 Ergonomic Blood Donation Chair with Double-Frame Structure"},"primaryImageOfPage":{"@id":"https:\/\/novalion-med.com\/fr\/produit\/chaise-ergonomique-pour-le-don-de-sang-avec-structure-double\/#mainImage"},"datePublished":"2025-06-19T09:45:17+00:00","dateModified":"2025-06-19T09:48:38+00:00"},{"@type":"WebSite","@id":"https:\/\/novalion-med.com\/fr\/#website","url":"https:\/\/novalion-med.com\/fr\/","name":"novalion-med.com","description":"Wheelchair, Hospital bed, Walker,Commode chair,Crutch...","inLanguage":"fr-FR","publisher":{"@id":"https:\/\/novalion-med.com\/fr\/#organization"}}]}},"aioseo_meta_data":{"post_id":"5697","title":"Ergonomic Blood Donation Chair with Double-Frame Structure","description":"Ergonomic blood donation chair with double-frame structure, thick and wide cushion, and versatile adjustments for hospital use.","keywords":"[]","keyphrases":"{\"focus\":{\"keyphrase\":\"\",\"score\":0,\"analysis\":{\"keyphraseInTitle\":{\"score\":0,\"maxScore\":9,\"error\":1}}},\"additional\":[]}","primary_term":null,"canonical_url":null,"og_title":null,"og_description":null,"og_object_type":"default","og_image_type":"default","og_image_url":null,"og_image_width":null,"og_image_height":null,"og_image_custom_url":null,"og_image_custom_fields":null,"og_video":"","og_custom_url":null,"og_article_section":null,"og_article_tags":"[]","twitter_use_og":false,"twitter_card":"default","twitter_image_type":"default","twitter_image_url":null,"twitter_image_custom_url":null,"twitter_image_custom_fields":null,"twitter_title":null,"twitter_description":null,"schema":{"blockGraphs":[],"customGraphs":[],"default":{"data":{"Article":[],"Course":[],"Dataset":[],"FAQPage":[],"Movie":[],"Person":[],"Product":[],"Recipe":[],"Service":[],"SoftwareApplication":[],"WebPage":[]},"graphName":"Product","isEnabled":true},"graphs":[]},"schema_type":"default","schema_type_options":null,"pillar_content":false,"robots_default":true,"robots_noindex":false,"robots_noarchive":false,"robots_nosnippet":false,"robots_nofollow":false,"robots_noimageindex":false,"robots_noodp":false,"robots_notranslate":false,"robots_max_snippet":"-1","robots_max_videopreview":"-1","robots_max_imagepreview":"large","priority":null,"frequency":"default","local_seo":null,"limit_modified_date":false,"created":"2025-06-19 09:45:18","updated":"2025-06-19 10:02:25"},"_links":{"self":[{"href":"https:\/\/novalion-med.com\/fr\/wp-json\/wp\/v2\/product\/5697","targetHints":{"allow":["GET"]}}],"collection":[{"href":"https:\/\/novalion-med.com\/fr\/wp-json\/wp\/v2\/product"}],"about":[{"href":"https:\/\/novalion-med.com\/fr\/wp-json\/wp\/v2\/types\/product"}],"version-history":[{"count":4,"href":"https:\/\/novalion-med.com\/fr\/wp-json\/wp\/v2\/product\/5697\/revisions"}],"predecessor-version":[{"id":5701,"href":"https:\/\/novalion-med.com\/fr\/wp-json\/wp\/v2\/product\/5697\/revisions\/5701"}],"wp:featuredmedia":[{"embeddable":true,"href":"https:\/\/novalion-med.com\/fr\/wp-json\/wp\/v2\/media\/5686"}],"wp:attachment":[{"href":"https:\/\/novalion-med.com\/fr\/wp-json\/wp\/v2\/media?parent=5697"}],"wp:term":[{"taxonomy":"product_brand","embeddable":true,"href":"https:\/\/novalion-med.com\/fr\/wp-json\/wp\/v2\/product_brand?post=5697"},{"taxonomy":"product_cat","embeddable":true,"href":"https:\/\/novalion-med.com\/fr\/wp-json\/wp\/v2\/product_cat?post=5697"},{"taxonomy":"product_tag","embeddable":true,"href":"https:\/\/novalion-med.com\/fr\/wp-json\/wp\/v2\/product_tag?post=5697"}],"curies":[{"name":"wp","href":"https:\/\/api.w.org\/{rel}","templated":true}]}}