{"id":5635,"date":"2025-06-19T08:46:43","date_gmt":"2025-06-19T08:46:43","guid":{"rendered":"https:\/\/novalion-med.com\/?post_type=product&#038;p=5635"},"modified":"2025-06-19T08:53:00","modified_gmt":"2025-06-19T08:53:00","slug":"chaise-de-don-du-sang-tres-resistante-avec-une-capacite-de-poids-elevee","status":"publish","type":"product","link":"https:\/\/novalion-med.com\/fr\/produit\/chaise-de-don-du-sang-tres-resistante-avec-une-capacite-de-poids-elevee\/","title":{"rendered":"Chaise pour le don de sang \u00e0 forte capacit\u00e9 de charge"},"content":{"rendered":"<div data-elementor-type=\"product-post\" data-elementor-id=\"5635\" class=\"elementor elementor-5635\" data-elementor-post-type=\"product\">\n\t\t\t\t<div class=\"elementor-element elementor-element-1c93f1cb e-con-full e-flex e-con e-parent\" data-id=\"1c93f1cb\" data-element_type=\"container\">\n\t\t\t\t<div class=\"elementor-element elementor-element-2240ff1 elementor-widget elementor-widget-heading\" data-id=\"2240ff1\" data-element_type=\"widget\" data-widget_type=\"heading.default\">\n\t\t\t\t<div class=\"elementor-widget-container\">\n\t\t\t\t\t<h2 class=\"elementor-heading-title elementor-size-default\">Chaise pour le don de sang \u00e0 forte capacit\u00e9 de charge<\/h2>\t\t\t\t<\/div>\n\t\t\t\t<\/div>\n\t\t\t\t<div class=\"elementor-element elementor-element-45d8c46 elementor-widget elementor-widget-text-editor\" data-id=\"45d8c46\" data-element_type=\"widget\" data-widget_type=\"text-editor.default\">\n\t\t\t\t<div class=\"elementor-widget-container\">\n\t\t\t\t\t\t\t\t\t<p>Investissez dans cette chaise de don du sang robuste (capacit\u00e9 de 250KG) avec un dossier r\u00e9glable de 0\u00b0 \u00e0 70\u00b0 et des jambes r\u00e9glables de 0\u00b0 \u00e0 90\u00b0. Les roulettes frein\u00e9es de 3\u2033 et le design ergonomique en font un outil id\u00e9al pour les centres de don de sang.<\/p>\t\t\t\t\t\t\t\t<\/div>\n\t\t\t\t<\/div>\n\t\t\t\t<div class=\"elementor-element elementor-element-7152afc elementor-widget elementor-widget-text-editor\" data-id=\"7152afc\" data-element_type=\"widget\" data-widget_type=\"text-editor.default\">\n\t\t\t\t<div class=\"elementor-widget-container\">\n\t\t\t\t\t\t\t\t\t<h2>Caract\u00e9ristiques principales<\/h2><p>Chaise de don du sang robuste (capacit\u00e9 250KG) avec dossier 0\u00b0-70\u00b0, r\u00e9glage des jambes 0\u00b0-90\u00b0, roulettes frein\u00e9es 3\u2033 - design ergonomique pour les centres de don du sang.<\/p><ul><li>Capacit\u00e9 de charge de 250 kg avec r\u00e9glage du dossier (0\u00b0-70\u00b0) et des jambes (0\u00b0-90\u00b0)<\/li><li>Roulettes frein\u00e9es de 3\u2033 pour la stabilit\u00e9 et la mobilit\u00e9<\/li><li>Dimensions ergonomiques pour des s\u00e9ances de don prolong\u00e9es<\/li><li>Construction robuste pour une utilisation fr\u00e9quente<\/li><\/ul>\t\t\t\t\t\t\t\t<\/div>\n\t\t\t\t<\/div>\n\t\t\t\t<div class=\"elementor-element elementor-element-3a02177 elementor-widget elementor-widget-text-editor\" data-id=\"3a02177\" data-element_type=\"widget\" data-widget_type=\"text-editor.default\">\n\t\t\t\t<div class=\"elementor-widget-container\">\n\t\t\t\t\t\t\t\t\t<h2>Sp\u00e9cifications<\/h2><p>Param\u00e8tres techniques : <br \/>\u25baTaille du dossier (L*l) : 750*540mm <br \/>\u25ba Taille du si\u00e8ge (L*l) : 540*540mm <br \/>\u25ba Taille des jambes (L*l) : 560*540mm <br \/>\u25ba Largeur de l'accoudoir : 120 mm <br \/>\u25ba Lev\u00e9e de la section arri\u00e8re : 0\u00b0~ 70\u00b0 <br \/>\u25ba Lev\u00e9e de la section des jambes : 0\u00b0~ 90\u00b0 <br \/>\u25baCaster :3inch (deux avec freins) <br \/>\u25baLa capacit\u00e9 de charge : 250kg<\/p>\t\t\t\t\t\t\t\t<\/div>\n\t\t\t\t<\/div>\n\t\t\t\t<div class=\"elementor-element elementor-element-2996df9 elementor-widget elementor-widget-text-editor\" data-id=\"2996df9\" data-element_type=\"widget\" data-widget_type=\"text-editor.default\">\n\t\t\t\t<div class=\"elementor-widget-container\">\n\t\t\t\t\t\t\t\t\t<p>D'autres \u00e9quipements m\u00e9dicaux peuvent \u00eatre trouv\u00e9s dans <a href=\"https:\/\/novalion-med.com\/fr\/\" target=\"_blank\" rel=\"noopener\">notre site web<\/a> ou <a href=\"https:\/\/api.whatsapp.com\/send\/?phone=%2B008618112908401&amp;text&amp;type=phone_number&amp;app_absent=0\" target=\"_blank\" rel=\"noopener\">notre whatsapp<\/a>.<\/p>\t\t\t\t\t\t\t\t<\/div>\n\t\t\t\t<\/div>\n\t\t\t\t<\/div>\n\t\t\t\t<\/div>","protected":false},"excerpt":{"rendered":"<p>Con\u00e7ue pour un usage intensif, cette chaise de don du sang offre une capacit\u00e9 de charge de 250 kg, id\u00e9ale pour r\u00e9pondre aux divers besoins des donneurs. Les r\u00e9glages du dossier (0\u00b0-70\u00b0) et des jambes (0\u00b0-90\u00b0) permettent un positionnement polyvalent, tandis que les roulettes de 3\u2033 (dont deux avec frein) assurent mobilit\u00e9 et stabilit\u00e9. Ses dimensions ergonomiques - dossier 750*540 mm, si\u00e8ge 540*540 mm, jambes 560*540 mm - offrent un soutien important. La largeur de l'accoudoir de 120 mm am\u00e9liore le confort pendant les dons. Construit pour durer, il r\u00e9siste \u00e0 une utilisation fr\u00e9quente dans les banques de sang et les cliniques, combinant des performances robustes avec des r\u00e9glages conviviaux pour une exp\u00e9rience de don optimale.<\/p>","protected":false},"featured_media":5631,"template":"elementor_theme","meta":{"site-sidebar-layout":"default","site-content-layout":"","ast-site-content-layout":"default","site-content-style":"default","site-sidebar-style":"default","ast-global-header-display":"","ast-banner-title-visibility":"","ast-main-header-display":"","ast-hfb-above-header-display":"","ast-hfb-below-header-display":"","ast-hfb-mobile-header-display":"","site-post-title":"","ast-breadcrumbs-content":"","ast-featured-img":"","footer-sml-layout":"","theme-transparent-header-meta":"default","adv-header-id-meta":"","stick-header-meta":"default","header-above-stick-meta":"","header-main-stick-meta":"","header-below-stick-meta":"","astra-migrate-meta-layouts":"set","ast-page-background-enabled":"default","ast-page-background-meta":{"desktop":{"background-color":"var(--ast-global-color-4)","background-image":"","background-repeat":"repeat","background-position":"center center","background-size":"auto","background-attachment":"scroll","background-type":"","background-media":"","overlay-type":"","overlay-color":"","overlay-opacity":"","overlay-gradient":""},"tablet":{"background-color":"","background-image":"","background-repeat":"repeat","background-position":"center center","background-size":"auto","background-attachment":"scroll","background-type":"","background-media":"","overlay-type":"","overlay-color":"","overlay-opacity":"","overlay-gradient":""},"mobile":{"background-color":"","background-image":"","background-repeat":"repeat","background-position":"center center","background-size":"auto","background-attachment":"scroll","background-type":"","background-media":"","overlay-type":"","overlay-color":"","overlay-opacity":"","overlay-gradient":""}},"ast-content-background-meta":{"desktop":{"background-color":"var(--ast-global-color-5)","background-image":"","background-repeat":"repeat","background-position":"center center","background-size":"auto","background-attachment":"scroll","background-type":"","background-media":"","overlay-type":"","overlay-color":"","overlay-opacity":"","overlay-gradient":""},"tablet":{"background-color":"var(--ast-global-color-5)","background-image":"","background-repeat":"repeat","background-position":"center center","background-size":"auto","background-attachment":"scroll","background-type":"","background-media":"","overlay-type":"","overlay-color":"","overlay-opacity":"","overlay-gradient":""},"mobile":{"background-color":"var(--ast-global-color-5)","background-image":"","background-repeat":"repeat","background-position":"center center","background-size":"auto","background-attachment":"scroll","background-type":"","background-media":"","overlay-type":"","overlay-color":"","overlay-opacity":"","overlay-gradient":""}}},"product_brand":[],"product_cat":[103],"product_tag":[],"class_list":{"0":"post-5635","1":"product","2":"type-product","3":"status-publish","4":"has-post-thumbnail","6":"product_cat-medical-chairs","7":"desktop-align-center","8":"tablet-align-left","9":"mobile-align-left","10":"ast-product-gallery-layout-horizontal-slider","11":"ast-product-gallery-with-no-image","12":"ast-magnify-disabled","13":"ast-product-tabs-layout-accordion","14":"ast-qv-on-image","16":"first","17":"instock","18":"shipping-taxable","19":"purchasable","20":"product-type-simple"},"aioseo_notices":[],"aioseo_head":"\n\t\t<!-- All in One SEO Pro 4.6.0 - aioseo.com -->\n\t\t<meta name=\"description\" content=\"Heavy-duty blood donation chair with wide adjustments, braked castors, and high weight capacity for durable medical settings.\" \/>\n\t\t<meta name=\"robots\" content=\"max-image-preview:large\" \/>\n\t\t<meta name=\"google-site-verification\" content=\"XE0Krczs_zYC4qBAqnvyRaNEYa9NQEP4HzU7PPpzxoI\" \/>\n\t\t<link rel=\"canonical\" href=\"https:\/\/novalion-med.com\/fr\/produit\/chaise-de-don-du-sang-tres-resistante-avec-une-capacite-de-poids-elevee\/\" \/>\n\t\t<meta name=\"generator\" content=\"All in One SEO Pro (AIOSEO) 4.6.0\" \/>\n\t\t<meta property=\"og:locale\" content=\"fr_FR\" \/>\n\t\t<meta property=\"og:site_name\" content=\"Novalion Medical \u2013 Wheelchair, Hospital bed, Walker,Commode chair,Crutch...\" \/>\n\t\t<meta property=\"og:type\" content=\"article\" \/>\n\t\t<meta property=\"og:title\" content=\"Heavy-Duty Blood Donation Chair with High Weight Capacity\" \/>\n\t\t<meta property=\"og:description\" content=\"Heavy-duty blood donation chair with wide adjustments, braked castors, and high weight capacity for durable medical settings.\" \/>\n\t\t<meta property=\"og:url\" content=\"https:\/\/novalion-med.com\/fr\/produit\/chaise-de-don-du-sang-tres-resistante-avec-une-capacite-de-poids-elevee\/\" \/>\n\t\t<meta property=\"og:image\" content=\"https:\/\/novalion-med.com\/wp-content\/uploads\/2025\/04\/cropped-343496212_201698782614433_8037205422525878621_n-1.jpg\" \/>\n\t\t<meta property=\"og:image:secure_url\" content=\"https:\/\/novalion-med.com\/wp-content\/uploads\/2025\/04\/cropped-343496212_201698782614433_8037205422525878621_n-1.jpg\" \/>\n\t\t<meta property=\"og:image:width\" content=\"512\" \/>\n\t\t<meta property=\"og:image:height\" content=\"512\" \/>\n\t\t<meta property=\"article:published_time\" content=\"2025-06-19T08:46:43+00:00\" \/>\n\t\t<meta property=\"article:modified_time\" content=\"2025-06-19T08:53:00+00:00\" \/>\n\t\t<meta property=\"article:publisher\" content=\"https:\/\/www.facebook.com\/NovalionMedical\/\" \/>\n\t\t<meta name=\"twitter:card\" content=\"summary_large_image\" \/>\n\t\t<meta name=\"twitter:title\" content=\"Heavy-Duty Blood Donation Chair with High Weight Capacity\" \/>\n\t\t<meta name=\"twitter:description\" content=\"Heavy-duty blood donation chair with wide adjustments, braked castors, and high weight capacity for durable medical settings.\" \/>\n\t\t<meta name=\"twitter:image\" content=\"https:\/\/novalion-med.com\/wp-content\/uploads\/2025\/04\/cropped-343496212_201698782614433_8037205422525878621_n-1.jpg\" \/>\n\t\t<script type=\"application\/ld+json\" class=\"aioseo-schema\">\n\t\t\t{\"@context\":\"https:\\\/\\\/schema.org\",\"@graph\":[{\"@type\":\"BreadcrumbList\",\"@id\":\"https:\\\/\\\/novalion-med.com\\\/fr\\\/produit\\\/chaise-de-don-du-sang-tres-resistante-avec-une-capacite-de-poids-elevee\\\/#breadcrumblist\",\"itemListElement\":[{\"@type\":\"ListItem\",\"@id\":\"https:\\\/\\\/novalion-med.com\\\/fr\\\/#listItem\",\"position\":1,\"name\":\"Home\",\"item\":\"https:\\\/\\\/novalion-med.com\\\/fr\\\/\",\"nextItem\":\"https:\\\/\\\/novalion-med.com\\\/fr\\\/produit\\\/chaise-de-don-du-sang-tres-resistante-avec-une-capacite-de-poids-elevee\\\/#listItem\"},{\"@type\":\"ListItem\",\"@id\":\"https:\\\/\\\/novalion-med.com\\\/fr\\\/produit\\\/chaise-de-don-du-sang-tres-resistante-avec-une-capacite-de-poids-elevee\\\/#listItem\",\"position\":2,\"name\":\"Heavy-Duty Blood Donation Chair with High Weight Capacity\",\"previousItem\":\"https:\\\/\\\/novalion-med.com\\\/fr\\\/#listItem\"}]},{\"@type\":\"Organization\",\"@id\":\"https:\\\/\\\/novalion-med.com\\\/fr\\\/#organization\",\"name\":\"novalion-med.com\",\"url\":\"https:\\\/\\\/novalion-med.com\\\/fr\\\/\",\"logo\":{\"@type\":\"ImageObject\",\"url\":\"https:\\\/\\\/novalion-med.com\\\/wp-content\\\/uploads\\\/2025\\\/04\\\/cropped-343496212_201698782614433_8037205422525878621_n-1.jpg\",\"@id\":\"https:\\\/\\\/novalion-med.com\\\/fr\\\/produit\\\/chaise-de-don-du-sang-tres-resistante-avec-une-capacite-de-poids-elevee\\\/#organizationLogo\",\"width\":512,\"height\":512},\"image\":{\"@id\":\"https:\\\/\\\/novalion-med.com\\\/fr\\\/produit\\\/chaise-de-don-du-sang-tres-resistante-avec-une-capacite-de-poids-elevee\\\/#organizationLogo\"},\"sameAs\":[\"https:\\\/\\\/www.facebook.com\\\/NovalionMedical\\\/\",\"https:\\\/\\\/www.youtube.com\\\/@NwlMedicalInstrument\"],\"contactPoint\":{\"@type\":\"ContactPoint\",\"telephone\":\"+8618326188070\",\"contactType\":\"Sales\"}},{\"@type\":\"Product\",\"@id\":\"https:\\\/\\\/novalion-med.com\\\/fr\\\/produit\\\/chaise-de-don-du-sang-tres-resistante-avec-une-capacite-de-poids-elevee\\\/#wooCommerceProduct\",\"name\":\"Heavy-Duty Blood Donation Chair with High Weight Capacity\",\"description\":\"Built for heavy-duty use, this blood donation chair offers a 250kg load capacity, ideal for diverse donor needs. The backrest (0\\u00b0-70\\u00b0) and leg (0\\u00b0-90\\u00b0) adjustments provide versatile positioning, while the 3\\\" castors (two with brakes) ensure mobility and stability. With ergonomic dimensions\\u2014back 750*540mm, seat 540*540mm, leg 560*540mm\\u2014it offers ample support. The armrest width of 120mm enhances comfort during donations. Constructed for durability, it withstands frequent use in blood banks and clinics, combining robust performance with user-friendly adjustments for an optimal donation experience.\",\"url\":\"https:\\\/\\\/novalion-med.com\\\/fr\\\/produit\\\/chaise-de-don-du-sang-tres-resistante-avec-une-capacite-de-poids-elevee\\\/\",\"sku\":\"NL230102-SKE087\",\"image\":{\"@type\":\"ImageObject\",\"url\":\"https:\\\/\\\/novalion-med.com\\\/wp-content\\\/uploads\\\/2025\\\/06\\\/NL230102-SKE087-Heavy-Duty-Blood-Donation-Chair-with-High-Weight-Capacity.jpg\",\"@id\":\"https:\\\/\\\/novalion-med.com\\\/fr\\\/produit\\\/chaise-de-don-du-sang-tres-resistante-avec-une-capacite-de-poids-elevee\\\/#productImage\",\"width\":1000,\"height\":1000,\"caption\":\"NL230102-SKE087 Heavy-Duty Blood Donation Chair with High Weight Capacity\"},\"offers\":{\"@type\":\"Offer\",\"url\":\"https:\\\/\\\/novalion-med.com\\\/fr\\\/produit\\\/chaise-de-don-du-sang-tres-resistante-avec-une-capacite-de-poids-elevee\\\/#wooCommerceOffer\",\"priceCurrency\":\"PHP\",\"category\":\"Medical Chairs\",\"availability\":\"https:\\\/\\\/schema.org\\\/InStock\",\"seller\":{\"@type\":\"Organization\",\"@id\":\"https:\\\/\\\/novalion-med.com\\\/fr\\\/#organization\"},\"price\":111}},{\"@type\":\"WebPage\",\"@id\":\"https:\\\/\\\/novalion-med.com\\\/fr\\\/produit\\\/chaise-de-don-du-sang-tres-resistante-avec-une-capacite-de-poids-elevee\\\/#webpage\",\"url\":\"https:\\\/\\\/novalion-med.com\\\/fr\\\/produit\\\/chaise-de-don-du-sang-tres-resistante-avec-une-capacite-de-poids-elevee\\\/\",\"name\":\"Heavy-Duty Blood Donation Chair with High Weight Capacity\",\"description\":\"Heavy-duty blood donation chair with wide adjustments, braked castors, and high weight capacity for durable medical settings.\",\"inLanguage\":\"fr-FR\",\"isPartOf\":{\"@id\":\"https:\\\/\\\/novalion-med.com\\\/fr\\\/#website\"},\"breadcrumb\":{\"@id\":\"https:\\\/\\\/novalion-med.com\\\/fr\\\/produit\\\/chaise-de-don-du-sang-tres-resistante-avec-une-capacite-de-poids-elevee\\\/#breadcrumblist\"},\"image\":{\"@type\":\"ImageObject\",\"url\":\"https:\\\/\\\/novalion-med.com\\\/wp-content\\\/uploads\\\/2025\\\/06\\\/NL230102-SKE087-Heavy-Duty-Blood-Donation-Chair-with-High-Weight-Capacity.jpg\",\"@id\":\"https:\\\/\\\/novalion-med.com\\\/fr\\\/produit\\\/chaise-de-don-du-sang-tres-resistante-avec-une-capacite-de-poids-elevee\\\/#mainImage\",\"width\":1000,\"height\":1000,\"caption\":\"NL230102-SKE087 Heavy-Duty Blood Donation Chair with High Weight Capacity\"},\"primaryImageOfPage\":{\"@id\":\"https:\\\/\\\/novalion-med.com\\\/fr\\\/produit\\\/chaise-de-don-du-sang-tres-resistante-avec-une-capacite-de-poids-elevee\\\/#mainImage\"},\"datePublished\":\"2025-06-19T08:46:43+00:00\",\"dateModified\":\"2025-06-19T08:53:00+00:00\"},{\"@type\":\"WebSite\",\"@id\":\"https:\\\/\\\/novalion-med.com\\\/fr\\\/#website\",\"url\":\"https:\\\/\\\/novalion-med.com\\\/fr\\\/\",\"name\":\"novalion-med.com\",\"description\":\"Wheelchair, Hospital bed, Walker,Commode chair,Crutch...\",\"inLanguage\":\"fr-FR\",\"publisher\":{\"@id\":\"https:\\\/\\\/novalion-med.com\\\/fr\\\/#organization\"}}]}\n\t\t<\/script>\n\t\t<!-- All in One SEO Pro -->\r\n\t\t<title>Heavy-Duty Blood Donation Chair with High Weight Capacity<\/title>\n\n","aioseo_head_json":{"title":"Heavy-Duty Blood Donation Chair with High Weight Capacity","description":"Heavy-duty blood donation chair with wide adjustments, braked castors, and high weight capacity for durable medical settings.","canonical_url":"https:\/\/novalion-med.com\/fr\/produit\/chaise-de-don-du-sang-tres-resistante-avec-une-capacite-de-poids-elevee\/","robots":"max-image-preview:large","keywords":"","webmasterTools":{"google-site-verification":"XE0Krczs_zYC4qBAqnvyRaNEYa9NQEP4HzU7PPpzxoI","miscellaneous":""},"og:locale":"fr_FR","og:site_name":"Novalion Medical \u2013 Wheelchair, Hospital bed, Walker,Commode chair,Crutch...","og:type":"article","og:title":"Heavy-Duty Blood Donation Chair with High Weight Capacity","og:description":"Heavy-duty blood donation chair with wide adjustments, braked castors, and high weight capacity for durable medical settings.","og:url":"https:\/\/novalion-med.com\/fr\/produit\/chaise-de-don-du-sang-tres-resistante-avec-une-capacite-de-poids-elevee\/","og:image":"https:\/\/novalion-med.com\/wp-content\/uploads\/2025\/04\/cropped-343496212_201698782614433_8037205422525878621_n-1.jpg","og:image:secure_url":"https:\/\/novalion-med.com\/wp-content\/uploads\/2025\/04\/cropped-343496212_201698782614433_8037205422525878621_n-1.jpg","og:image:width":512,"og:image:height":512,"article:published_time":"2025-06-19T08:46:43+00:00","article:modified_time":"2025-06-19T08:53:00+00:00","article:publisher":"https:\/\/www.facebook.com\/NovalionMedical\/","twitter:card":"summary_large_image","twitter:title":"Heavy-Duty Blood Donation Chair with High Weight Capacity","twitter:description":"Heavy-duty blood donation chair with wide adjustments, braked castors, and high weight capacity for durable medical settings.","twitter:image":"https:\/\/novalion-med.com\/wp-content\/uploads\/2025\/04\/cropped-343496212_201698782614433_8037205422525878621_n-1.jpg","schema":{"@context":"https:\/\/schema.org","@graph":[{"@type":"BreadcrumbList","@id":"https:\/\/novalion-med.com\/fr\/produit\/chaise-de-don-du-sang-tres-resistante-avec-une-capacite-de-poids-elevee\/#breadcrumblist","itemListElement":[{"@type":"ListItem","@id":"https:\/\/novalion-med.com\/fr\/#listItem","position":1,"name":"Home","item":"https:\/\/novalion-med.com\/fr\/","nextItem":"https:\/\/novalion-med.com\/fr\/produit\/chaise-de-don-du-sang-tres-resistante-avec-une-capacite-de-poids-elevee\/#listItem"},{"@type":"ListItem","@id":"https:\/\/novalion-med.com\/fr\/produit\/chaise-de-don-du-sang-tres-resistante-avec-une-capacite-de-poids-elevee\/#listItem","position":2,"name":"Heavy-Duty Blood Donation Chair with High Weight Capacity","previousItem":"https:\/\/novalion-med.com\/fr\/#listItem"}]},{"@type":"Organization","@id":"https:\/\/novalion-med.com\/fr\/#organization","name":"novalion-med.com","url":"https:\/\/novalion-med.com\/fr\/","logo":{"@type":"ImageObject","url":"https:\/\/novalion-med.com\/wp-content\/uploads\/2025\/04\/cropped-343496212_201698782614433_8037205422525878621_n-1.jpg","@id":"https:\/\/novalion-med.com\/fr\/produit\/chaise-de-don-du-sang-tres-resistante-avec-une-capacite-de-poids-elevee\/#organizationLogo","width":512,"height":512},"image":{"@id":"https:\/\/novalion-med.com\/fr\/produit\/chaise-de-don-du-sang-tres-resistante-avec-une-capacite-de-poids-elevee\/#organizationLogo"},"sameAs":["https:\/\/www.facebook.com\/NovalionMedical\/","https:\/\/www.youtube.com\/@NwlMedicalInstrument"],"contactPoint":{"@type":"ContactPoint","telephone":"+8618326188070","contactType":"Sales"}},{"@type":"Product","@id":"https:\/\/novalion-med.com\/fr\/produit\/chaise-de-don-du-sang-tres-resistante-avec-une-capacite-de-poids-elevee\/#wooCommerceProduct","name":"Heavy-Duty Blood Donation Chair with High Weight Capacity","description":"Built for heavy-duty use, this blood donation chair offers a 250kg load capacity, ideal for diverse donor needs. The backrest (0\u00b0-70\u00b0) and leg (0\u00b0-90\u00b0) adjustments provide versatile positioning, while the 3\" castors (two with brakes) ensure mobility and stability. With ergonomic dimensions\u2014back 750*540mm, seat 540*540mm, leg 560*540mm\u2014it offers ample support. The armrest width of 120mm enhances comfort during donations. Constructed for durability, it withstands frequent use in blood banks and clinics, combining robust performance with user-friendly adjustments for an optimal donation experience.","url":"https:\/\/novalion-med.com\/fr\/produit\/chaise-de-don-du-sang-tres-resistante-avec-une-capacite-de-poids-elevee\/","sku":"NL230102-SKE087","image":{"@type":"ImageObject","url":"https:\/\/novalion-med.com\/wp-content\/uploads\/2025\/06\/NL230102-SKE087-Heavy-Duty-Blood-Donation-Chair-with-High-Weight-Capacity.jpg","@id":"https:\/\/novalion-med.com\/fr\/produit\/chaise-de-don-du-sang-tres-resistante-avec-une-capacite-de-poids-elevee\/#productImage","width":1000,"height":1000,"caption":"NL230102-SKE087 Heavy-Duty Blood Donation Chair with High Weight Capacity"},"offers":{"@type":"Offer","url":"https:\/\/novalion-med.com\/fr\/produit\/chaise-de-don-du-sang-tres-resistante-avec-une-capacite-de-poids-elevee\/#wooCommerceOffer","priceCurrency":"PHP","category":"Medical Chairs","availability":"https:\/\/schema.org\/InStock","seller":{"@type":"Organization","@id":"https:\/\/novalion-med.com\/fr\/#organization"},"price":111}},{"@type":"WebPage","@id":"https:\/\/novalion-med.com\/fr\/produit\/chaise-de-don-du-sang-tres-resistante-avec-une-capacite-de-poids-elevee\/#webpage","url":"https:\/\/novalion-med.com\/fr\/produit\/chaise-de-don-du-sang-tres-resistante-avec-une-capacite-de-poids-elevee\/","name":"Heavy-Duty Blood Donation Chair with High Weight Capacity","description":"Heavy-duty blood donation chair with wide adjustments, braked castors, and high weight capacity for durable medical settings.","inLanguage":"fr-FR","isPartOf":{"@id":"https:\/\/novalion-med.com\/fr\/#website"},"breadcrumb":{"@id":"https:\/\/novalion-med.com\/fr\/produit\/chaise-de-don-du-sang-tres-resistante-avec-une-capacite-de-poids-elevee\/#breadcrumblist"},"image":{"@type":"ImageObject","url":"https:\/\/novalion-med.com\/wp-content\/uploads\/2025\/06\/NL230102-SKE087-Heavy-Duty-Blood-Donation-Chair-with-High-Weight-Capacity.jpg","@id":"https:\/\/novalion-med.com\/fr\/produit\/chaise-de-don-du-sang-tres-resistante-avec-une-capacite-de-poids-elevee\/#mainImage","width":1000,"height":1000,"caption":"NL230102-SKE087 Heavy-Duty Blood Donation Chair with High Weight Capacity"},"primaryImageOfPage":{"@id":"https:\/\/novalion-med.com\/fr\/produit\/chaise-de-don-du-sang-tres-resistante-avec-une-capacite-de-poids-elevee\/#mainImage"},"datePublished":"2025-06-19T08:46:43+00:00","dateModified":"2025-06-19T08:53:00+00:00"},{"@type":"WebSite","@id":"https:\/\/novalion-med.com\/fr\/#website","url":"https:\/\/novalion-med.com\/fr\/","name":"novalion-med.com","description":"Wheelchair, Hospital bed, Walker,Commode chair,Crutch...","inLanguage":"fr-FR","publisher":{"@id":"https:\/\/novalion-med.com\/fr\/#organization"}}]}},"aioseo_meta_data":{"post_id":"5635","title":"Heavy-Duty Blood Donation Chair with High Weight Capacity","description":"Heavy-duty blood donation chair with wide adjustments, braked castors, and high weight capacity for durable medical settings.","keywords":"[]","keyphrases":"{\"focus\":{\"keyphrase\":\"\",\"score\":0,\"analysis\":{\"keyphraseInTitle\":{\"score\":0,\"maxScore\":9,\"error\":1}}},\"additional\":[]}","primary_term":null,"canonical_url":null,"og_title":null,"og_description":null,"og_object_type":"default","og_image_type":"default","og_image_url":null,"og_image_width":null,"og_image_height":null,"og_image_custom_url":null,"og_image_custom_fields":null,"og_video":"","og_custom_url":null,"og_article_section":null,"og_article_tags":"[]","twitter_use_og":false,"twitter_card":"default","twitter_image_type":"default","twitter_image_url":null,"twitter_image_custom_url":null,"twitter_image_custom_fields":null,"twitter_title":null,"twitter_description":null,"schema":{"blockGraphs":[],"customGraphs":[],"default":{"data":{"Article":[],"Course":[],"Dataset":[],"FAQPage":[],"Movie":[],"Person":[],"Product":[],"Recipe":[],"Service":[],"SoftwareApplication":[],"WebPage":[]},"graphName":"Product","isEnabled":true},"graphs":[]},"schema_type":"default","schema_type_options":null,"pillar_content":false,"robots_default":true,"robots_noindex":false,"robots_noarchive":false,"robots_nosnippet":false,"robots_nofollow":false,"robots_noimageindex":false,"robots_noodp":false,"robots_notranslate":false,"robots_max_snippet":"-1","robots_max_videopreview":"-1","robots_max_imagepreview":"large","priority":null,"frequency":"default","local_seo":null,"limit_modified_date":false,"created":"2025-06-19 08:46:43","updated":"2025-06-19 08:54:38"},"_links":{"self":[{"href":"https:\/\/novalion-med.com\/fr\/wp-json\/wp\/v2\/product\/5635","targetHints":{"allow":["GET"]}}],"collection":[{"href":"https:\/\/novalion-med.com\/fr\/wp-json\/wp\/v2\/product"}],"about":[{"href":"https:\/\/novalion-med.com\/fr\/wp-json\/wp\/v2\/types\/product"}],"version-history":[{"count":4,"href":"https:\/\/novalion-med.com\/fr\/wp-json\/wp\/v2\/product\/5635\/revisions"}],"predecessor-version":[{"id":5639,"href":"https:\/\/novalion-med.com\/fr\/wp-json\/wp\/v2\/product\/5635\/revisions\/5639"}],"wp:featuredmedia":[{"embeddable":true,"href":"https:\/\/novalion-med.com\/fr\/wp-json\/wp\/v2\/media\/5631"}],"wp:attachment":[{"href":"https:\/\/novalion-med.com\/fr\/wp-json\/wp\/v2\/media?parent=5635"}],"wp:term":[{"taxonomy":"product_brand","embeddable":true,"href":"https:\/\/novalion-med.com\/fr\/wp-json\/wp\/v2\/product_brand?post=5635"},{"taxonomy":"product_cat","embeddable":true,"href":"https:\/\/novalion-med.com\/fr\/wp-json\/wp\/v2\/product_cat?post=5635"},{"taxonomy":"product_tag","embeddable":true,"href":"https:\/\/novalion-med.com\/fr\/wp-json\/wp\/v2\/product_tag?post=5635"}],"curies":[{"name":"wp","href":"https:\/\/api.w.org\/{rel}","templated":true}]}}