{"id":5626,"date":"2025-06-19T08:29:28","date_gmt":"2025-06-19T08:29:28","guid":{"rendered":"https:\/\/novalion-med.com\/?post_type=product&#038;p=5626"},"modified":"2025-06-19T08:34:36","modified_gmt":"2025-06-19T08:34:36","slug":"fauteuil-de-dialyse-electrique-de-grande-taille-pour-les-etablissements-medicaux","status":"publish","type":"product","link":"https:\/\/novalion-med.com\/fr\/produit\/fauteuil-de-dialyse-electrique-de-grande-taille-pour-les-etablissements-medicaux\/","title":{"rendered":"Fauteuil de dialyse \u00e9lectrique de grande taille pour les \u00e9tablissements m\u00e9dicaux"},"content":{"rendered":"<div data-elementor-type=\"product-post\" data-elementor-id=\"5626\" class=\"elementor elementor-5626\" data-elementor-post-type=\"product\">\n\t\t\t\t<div class=\"elementor-element elementor-element-1c93f1cb e-con-full e-flex e-con e-parent\" data-id=\"1c93f1cb\" data-element_type=\"container\">\n\t\t\t\t<div class=\"elementor-element elementor-element-2240ff1 elementor-widget elementor-widget-heading\" data-id=\"2240ff1\" data-element_type=\"widget\" data-widget_type=\"heading.default\">\n\t\t\t\t<div class=\"elementor-widget-container\">\n\t\t\t\t\t<h2 class=\"elementor-heading-title elementor-size-default\">Fauteuil de dialyse \u00e9lectrique de grande taille pour les \u00e9tablissements m\u00e9dicaux<\/h2>\t\t\t\t<\/div>\n\t\t\t\t<\/div>\n\t\t\t\t<div class=\"elementor-element elementor-element-45d8c46 elementor-widget elementor-widget-text-editor\" data-id=\"45d8c46\" data-element_type=\"widget\" data-widget_type=\"text-editor.default\">\n\t\t\t\t<div class=\"elementor-widget-container\">\n\t\t\t\t\t\t\t\t\t<p>Choisissez ce grand fauteuil de dialyse \u00e9lectrique (195x90x58cm) avec des roulettes frein\u00e9es de 5\u2033 et une capacit\u00e9 de 200KG. La potence pour intraveineuse, la construction en acier peint et en cuir PVC, et le design spacieux conviennent aux \u00e9tablissements m\u00e9dicaux tr\u00e8s fr\u00e9quent\u00e9s.<\/p>\t\t\t\t\t\t\t\t<\/div>\n\t\t\t\t<\/div>\n\t\t\t\t<div class=\"elementor-element elementor-element-7152afc elementor-widget elementor-widget-text-editor\" data-id=\"7152afc\" data-element_type=\"widget\" data-widget_type=\"text-editor.default\">\n\t\t\t\t<div class=\"elementor-widget-container\">\n\t\t\t\t\t\t\t\t\t<h2>Caract\u00e9ristiques principales<\/h2><p>Grand fauteuil de dialyse \u00e9lectrique (195x90x58cm) avec roulettes frein\u00e9es de 5\u2033, charge de 200KG, potence pour intraveineuse - design robuste en acier peint\/cuir PVC pour les \u00e9tablissements m\u00e9dicaux tr\u00e8s fr\u00e9quent\u00e9s.<\/p><ul><li>Grand mod\u00e8le de 195x90x58cm avec roulettes frein\u00e9es de 5\u2033 pour la stabilit\u00e9<\/li><li>R\u00e9glages \u00e9lectriques et perche \u00e0 perfusion pour des soins de dialyse efficaces<\/li><li>Capacit\u00e9 de 200 kg pour les \u00e9tablissements m\u00e9dicaux tr\u00e8s fr\u00e9quent\u00e9s<\/li><li>Construction robuste pour une utilisation \u00e0 long terme<\/li><\/ul>\t\t\t\t\t\t\t\t<\/div>\n\t\t\t\t<\/div>\n\t\t\t\t<div class=\"elementor-element elementor-element-3a02177 elementor-widget elementor-widget-text-editor\" data-id=\"3a02177\" data-element_type=\"widget\" data-widget_type=\"text-editor.default\">\n\t\t\t\t<div class=\"elementor-widget-container\">\n\t\t\t\t\t\t\t\t\t<h2>Sp\u00e9cifications<\/h2><table width=\"355\"><tbody><tr><td width=\"73\">Mat\u00e9riau<\/td><td width=\"282\">Acier peint PVC Cuir<\/td><\/tr><tr><td>Pi\u00e8ces d\u00e9tach\u00e9es<\/td><td>\u00a0avec p\u00f4le I.V., avec appui-t\u00eate et marchepieds<\/td><\/tr><tr><td>Taille (ouverte)<\/td><td>195\u00d790\u00d758cm<\/td><\/tr><tr><td>Caract\u00e9ristiques<\/td><td>\u00a0Roulettes 5\u2033 toutes avec freins\u00a0<\/td><\/tr><tr><td>Limite de poids<\/td><td>200KG<\/td><\/tr><\/tbody><\/table>\t\t\t\t\t\t\t\t<\/div>\n\t\t\t\t<\/div>\n\t\t\t\t<div class=\"elementor-element elementor-element-2996df9 elementor-widget elementor-widget-text-editor\" data-id=\"2996df9\" data-element_type=\"widget\" data-widget_type=\"text-editor.default\">\n\t\t\t\t<div class=\"elementor-widget-container\">\n\t\t\t\t\t\t\t\t\t<p>D'autres \u00e9quipements m\u00e9dicaux peuvent \u00eatre trouv\u00e9s dans <a href=\"https:\/\/novalion-med.com\/fr\/\" target=\"_blank\" rel=\"noopener\">notre site web<\/a> ou <a href=\"https:\/\/api.whatsapp.com\/send\/?phone=%2B008618112908401&amp;text&amp;type=phone_number&amp;app_absent=0\" target=\"_blank\" rel=\"noopener\">notre whatsapp<\/a>.<\/p>\t\t\t\t\t\t\t\t<\/div>\n\t\t\t\t<\/div>\n\t\t\t\t<\/div>\n\t\t\t\t<\/div>","protected":false},"excerpt":{"rendered":"<p>Ce fauteuil de dialyse \u00e9lectrique r\u00e9glable en hauteur se distingue dans le domaine des soins m\u00e9dicaux. Il est fabriqu\u00e9 en acier peint et en cuir PVC pour une plus grande durabilit\u00e9. Les roulettes de 5\u2033 avec freins offrent une grande stabilit\u00e9, tandis que le r\u00e9glage en hauteur (56-82 cm) r\u00e9pond aux divers besoins des patients. Sa taille ouverte de 188\u00d786\u00d758cm \u00e9quilibre l'efficacit\u00e9 de l'espace avec le confort, y compris une perche \u00e0 perfusion, un appui-t\u00eate et un marchepied pour des soins complets. La limite de poids de 200 kg et la construction robuste du fauteuil le rendent adapt\u00e9 aux environnements de soins tr\u00e8s fr\u00e9quent\u00e9s, garantissant une fiabilit\u00e9 \u00e0 long terme. La conception ergonomique privil\u00e9gie le confort du patient pendant la dialyse, ce qui en fait un choix pratique pour les cliniques et les h\u00f4pitaux.<\/p>","protected":false},"featured_media":5625,"template":"elementor_theme","meta":{"site-sidebar-layout":"default","site-content-layout":"","ast-site-content-layout":"default","site-content-style":"default","site-sidebar-style":"default","ast-global-header-display":"","ast-banner-title-visibility":"","ast-main-header-display":"","ast-hfb-above-header-display":"","ast-hfb-below-header-display":"","ast-hfb-mobile-header-display":"","site-post-title":"","ast-breadcrumbs-content":"","ast-featured-img":"","footer-sml-layout":"","theme-transparent-header-meta":"default","adv-header-id-meta":"","stick-header-meta":"default","header-above-stick-meta":"","header-main-stick-meta":"","header-below-stick-meta":"","astra-migrate-meta-layouts":"set","ast-page-background-enabled":"default","ast-page-background-meta":{"desktop":{"background-color":"var(--ast-global-color-4)","background-image":"","background-repeat":"repeat","background-position":"center center","background-size":"auto","background-attachment":"scroll","background-type":"","background-media":"","overlay-type":"","overlay-color":"","overlay-opacity":"","overlay-gradient":""},"tablet":{"background-color":"","background-image":"","background-repeat":"repeat","background-position":"center center","background-size":"auto","background-attachment":"scroll","background-type":"","background-media":"","overlay-type":"","overlay-color":"","overlay-opacity":"","overlay-gradient":""},"mobile":{"background-color":"","background-image":"","background-repeat":"repeat","background-position":"center center","background-size":"auto","background-attachment":"scroll","background-type":"","background-media":"","overlay-type":"","overlay-color":"","overlay-opacity":"","overlay-gradient":""}},"ast-content-background-meta":{"desktop":{"background-color":"var(--ast-global-color-5)","background-image":"","background-repeat":"repeat","background-position":"center center","background-size":"auto","background-attachment":"scroll","background-type":"","background-media":"","overlay-type":"","overlay-color":"","overlay-opacity":"","overlay-gradient":""},"tablet":{"background-color":"var(--ast-global-color-5)","background-image":"","background-repeat":"repeat","background-position":"center center","background-size":"auto","background-attachment":"scroll","background-type":"","background-media":"","overlay-type":"","overlay-color":"","overlay-opacity":"","overlay-gradient":""},"mobile":{"background-color":"var(--ast-global-color-5)","background-image":"","background-repeat":"repeat","background-position":"center center","background-size":"auto","background-attachment":"scroll","background-type":"","background-media":"","overlay-type":"","overlay-color":"","overlay-opacity":"","overlay-gradient":""}}},"product_brand":[],"product_cat":[103],"product_tag":[],"class_list":{"0":"post-5626","1":"product","2":"type-product","3":"status-publish","4":"has-post-thumbnail","6":"product_cat-medical-chairs","7":"desktop-align-center","8":"tablet-align-left","9":"mobile-align-left","10":"ast-product-gallery-layout-horizontal-slider","11":"ast-magnify-disabled","12":"ast-product-tabs-layout-accordion","13":"ast-qv-on-image","15":"first","16":"instock","17":"shipping-taxable","18":"purchasable","19":"product-type-simple"},"aioseo_notices":[],"aioseo_head":"\n\t\t<!-- All in One SEO Pro 4.6.0 - aioseo.com -->\n\t\t<meta name=\"description\" content=\"Height-adjustable electric dialysis chair with large castors, IV pole, and durable construction for versatile patient needs.\" \/>\n\t\t<meta name=\"robots\" content=\"max-image-preview:large\" \/>\n\t\t<meta name=\"google-site-verification\" content=\"XE0Krczs_zYC4qBAqnvyRaNEYa9NQEP4HzU7PPpzxoI\" \/>\n\t\t<link rel=\"canonical\" href=\"https:\/\/novalion-med.com\/fr\/produit\/fauteuil-de-dialyse-electrique-de-grande-taille-pour-les-etablissements-medicaux\/\" \/>\n\t\t<meta name=\"generator\" content=\"All in One SEO Pro (AIOSEO) 4.6.0\" \/>\n\t\t<meta property=\"og:locale\" content=\"fr_FR\" \/>\n\t\t<meta property=\"og:site_name\" content=\"Novalion Medical \u2013 Wheelchair, Hospital bed, Walker,Commode chair,Crutch...\" \/>\n\t\t<meta property=\"og:type\" content=\"article\" \/>\n\t\t<meta property=\"og:title\" content=\"Height-Adjustable Electric Dialysis Chair with Large Castors\" \/>\n\t\t<meta property=\"og:description\" content=\"Height-adjustable electric dialysis chair with large castors, IV pole, and durable construction for versatile patient needs.\" \/>\n\t\t<meta property=\"og:url\" content=\"https:\/\/novalion-med.com\/fr\/produit\/fauteuil-de-dialyse-electrique-de-grande-taille-pour-les-etablissements-medicaux\/\" \/>\n\t\t<meta property=\"og:image\" content=\"https:\/\/novalion-med.com\/wp-content\/uploads\/2025\/04\/cropped-343496212_201698782614433_8037205422525878621_n-1.jpg\" \/>\n\t\t<meta property=\"og:image:secure_url\" content=\"https:\/\/novalion-med.com\/wp-content\/uploads\/2025\/04\/cropped-343496212_201698782614433_8037205422525878621_n-1.jpg\" \/>\n\t\t<meta property=\"og:image:width\" content=\"512\" \/>\n\t\t<meta property=\"og:image:height\" content=\"512\" \/>\n\t\t<meta property=\"article:published_time\" content=\"2025-06-19T08:29:28+00:00\" \/>\n\t\t<meta property=\"article:modified_time\" content=\"2025-06-19T08:34:36+00:00\" \/>\n\t\t<meta property=\"article:publisher\" content=\"https:\/\/www.facebook.com\/NovalionMedical\/\" \/>\n\t\t<meta name=\"twitter:card\" content=\"summary_large_image\" \/>\n\t\t<meta name=\"twitter:title\" content=\"Height-Adjustable Electric Dialysis Chair with Large Castors\" \/>\n\t\t<meta name=\"twitter:description\" content=\"Height-adjustable electric dialysis chair with large castors, IV pole, and durable construction for versatile patient needs.\" \/>\n\t\t<meta name=\"twitter:image\" content=\"https:\/\/novalion-med.com\/wp-content\/uploads\/2025\/04\/cropped-343496212_201698782614433_8037205422525878621_n-1.jpg\" \/>\n\t\t<script type=\"application\/ld+json\" class=\"aioseo-schema\">\n\t\t\t{\"@context\":\"https:\\\/\\\/schema.org\",\"@graph\":[{\"@type\":\"BreadcrumbList\",\"@id\":\"https:\\\/\\\/novalion-med.com\\\/fr\\\/produit\\\/fauteuil-de-dialyse-electrique-de-grande-taille-pour-les-etablissements-medicaux\\\/#breadcrumblist\",\"itemListElement\":[{\"@type\":\"ListItem\",\"@id\":\"https:\\\/\\\/novalion-med.com\\\/fr\\\/#listItem\",\"position\":1,\"name\":\"Home\",\"item\":\"https:\\\/\\\/novalion-med.com\\\/fr\\\/\",\"nextItem\":\"https:\\\/\\\/novalion-med.com\\\/fr\\\/produit\\\/fauteuil-de-dialyse-electrique-de-grande-taille-pour-les-etablissements-medicaux\\\/#listItem\"},{\"@type\":\"ListItem\",\"@id\":\"https:\\\/\\\/novalion-med.com\\\/fr\\\/produit\\\/fauteuil-de-dialyse-electrique-de-grande-taille-pour-les-etablissements-medicaux\\\/#listItem\",\"position\":2,\"name\":\"Large Electric Dialysis Chair for Medical Facilities\",\"previousItem\":\"https:\\\/\\\/novalion-med.com\\\/fr\\\/#listItem\"}]},{\"@type\":\"Organization\",\"@id\":\"https:\\\/\\\/novalion-med.com\\\/fr\\\/#organization\",\"name\":\"novalion-med.com\",\"url\":\"https:\\\/\\\/novalion-med.com\\\/fr\\\/\",\"logo\":{\"@type\":\"ImageObject\",\"url\":\"https:\\\/\\\/novalion-med.com\\\/wp-content\\\/uploads\\\/2025\\\/04\\\/cropped-343496212_201698782614433_8037205422525878621_n-1.jpg\",\"@id\":\"https:\\\/\\\/novalion-med.com\\\/fr\\\/produit\\\/fauteuil-de-dialyse-electrique-de-grande-taille-pour-les-etablissements-medicaux\\\/#organizationLogo\",\"width\":512,\"height\":512},\"image\":{\"@id\":\"https:\\\/\\\/novalion-med.com\\\/fr\\\/produit\\\/fauteuil-de-dialyse-electrique-de-grande-taille-pour-les-etablissements-medicaux\\\/#organizationLogo\"},\"sameAs\":[\"https:\\\/\\\/www.facebook.com\\\/NovalionMedical\\\/\",\"https:\\\/\\\/www.youtube.com\\\/@NwlMedicalInstrument\"],\"contactPoint\":{\"@type\":\"ContactPoint\",\"telephone\":\"+8618326188070\",\"contactType\":\"Sales\"}},{\"@type\":\"Product\",\"@id\":\"https:\\\/\\\/novalion-med.com\\\/fr\\\/produit\\\/fauteuil-de-dialyse-electrique-de-grande-taille-pour-les-etablissements-medicaux\\\/#wooCommerceProduct\",\"name\":\"Large Electric Dialysis Chair for Medical Facilities\",\"description\":\"Stand out in medical care with this height-adjustable electric dialysis chair, featuring a painted steel and PVC leather build for durability. The 5\\\" castors with brakes offer stability, while the height adjustment (56-82cm) caters to diverse patient needs. Its open size of 188\\u00d786\\u00d758cm balances space efficiency with comfort, including an IV pole, headrest, and footstep for comprehensive care. The chair\\u2019s 200KG weight limit and robust construction make it suitable for busy healthcare environments, ensuring long-term reliability. The ergonomic design prioritizes patient comfort during dialysis, making it a practical choice for clinics and hospitals.\",\"url\":\"https:\\\/\\\/novalion-med.com\\\/fr\\\/produit\\\/fauteuil-de-dialyse-electrique-de-grande-taille-pour-les-etablissements-medicaux\\\/\",\"sku\":\"NL230102-HX3\",\"image\":{\"@type\":\"ImageObject\",\"url\":\"https:\\\/\\\/novalion-med.com\\\/wp-content\\\/uploads\\\/2025\\\/06\\\/NL230102-HX3-Large-Electric-Dialysis-Chair-for-Medical-Facilities.jpg\",\"@id\":\"https:\\\/\\\/novalion-med.com\\\/fr\\\/produit\\\/fauteuil-de-dialyse-electrique-de-grande-taille-pour-les-etablissements-medicaux\\\/#productImage\",\"width\":1000,\"height\":1000,\"caption\":\"NL230102-HX3 Large Electric Dialysis Chair for Medical Facilities\"},\"offers\":{\"@type\":\"Offer\",\"url\":\"https:\\\/\\\/novalion-med.com\\\/fr\\\/produit\\\/fauteuil-de-dialyse-electrique-de-grande-taille-pour-les-etablissements-medicaux\\\/#wooCommerceOffer\",\"priceCurrency\":\"PHP\",\"category\":\"Medical Chairs\",\"availability\":\"https:\\\/\\\/schema.org\\\/InStock\",\"seller\":{\"@type\":\"Organization\",\"@id\":\"https:\\\/\\\/novalion-med.com\\\/fr\\\/#organization\"},\"price\":111}},{\"@type\":\"WebPage\",\"@id\":\"https:\\\/\\\/novalion-med.com\\\/fr\\\/produit\\\/fauteuil-de-dialyse-electrique-de-grande-taille-pour-les-etablissements-medicaux\\\/#webpage\",\"url\":\"https:\\\/\\\/novalion-med.com\\\/fr\\\/produit\\\/fauteuil-de-dialyse-electrique-de-grande-taille-pour-les-etablissements-medicaux\\\/\",\"name\":\"Height-Adjustable Electric Dialysis Chair with Large Castors\",\"description\":\"Height-adjustable electric dialysis chair with large castors, IV pole, and durable construction for versatile patient needs.\",\"inLanguage\":\"fr-FR\",\"isPartOf\":{\"@id\":\"https:\\\/\\\/novalion-med.com\\\/fr\\\/#website\"},\"breadcrumb\":{\"@id\":\"https:\\\/\\\/novalion-med.com\\\/fr\\\/produit\\\/fauteuil-de-dialyse-electrique-de-grande-taille-pour-les-etablissements-medicaux\\\/#breadcrumblist\"},\"image\":{\"@type\":\"ImageObject\",\"url\":\"https:\\\/\\\/novalion-med.com\\\/wp-content\\\/uploads\\\/2025\\\/06\\\/NL230102-HX3-Large-Electric-Dialysis-Chair-for-Medical-Facilities.jpg\",\"@id\":\"https:\\\/\\\/novalion-med.com\\\/fr\\\/produit\\\/fauteuil-de-dialyse-electrique-de-grande-taille-pour-les-etablissements-medicaux\\\/#mainImage\",\"width\":1000,\"height\":1000,\"caption\":\"NL230102-HX3 Large Electric Dialysis Chair for Medical Facilities\"},\"primaryImageOfPage\":{\"@id\":\"https:\\\/\\\/novalion-med.com\\\/fr\\\/produit\\\/fauteuil-de-dialyse-electrique-de-grande-taille-pour-les-etablissements-medicaux\\\/#mainImage\"},\"datePublished\":\"2025-06-19T08:29:28+00:00\",\"dateModified\":\"2025-06-19T08:34:36+00:00\"},{\"@type\":\"WebSite\",\"@id\":\"https:\\\/\\\/novalion-med.com\\\/fr\\\/#website\",\"url\":\"https:\\\/\\\/novalion-med.com\\\/fr\\\/\",\"name\":\"novalion-med.com\",\"description\":\"Wheelchair, Hospital bed, Walker,Commode chair,Crutch...\",\"inLanguage\":\"fr-FR\",\"publisher\":{\"@id\":\"https:\\\/\\\/novalion-med.com\\\/fr\\\/#organization\"}}]}\n\t\t<\/script>\n\t\t<!-- All in One SEO Pro -->\r\n\t\t<title>Height-Adjustable Electric Dialysis Chair with Large Castors<\/title>\n\n","aioseo_head_json":{"title":"Height-Adjustable Electric Dialysis Chair with Large Castors","description":"Height-adjustable electric dialysis chair with large castors, IV pole, and durable construction for versatile patient needs.","canonical_url":"https:\/\/novalion-med.com\/fr\/produit\/fauteuil-de-dialyse-electrique-de-grande-taille-pour-les-etablissements-medicaux\/","robots":"max-image-preview:large","keywords":"","webmasterTools":{"google-site-verification":"XE0Krczs_zYC4qBAqnvyRaNEYa9NQEP4HzU7PPpzxoI","miscellaneous":""},"og:locale":"fr_FR","og:site_name":"Novalion Medical \u2013 Wheelchair, Hospital bed, Walker,Commode chair,Crutch...","og:type":"article","og:title":"Height-Adjustable Electric Dialysis Chair with Large Castors","og:description":"Height-adjustable electric dialysis chair with large castors, IV pole, and durable construction for versatile patient needs.","og:url":"https:\/\/novalion-med.com\/fr\/produit\/fauteuil-de-dialyse-electrique-de-grande-taille-pour-les-etablissements-medicaux\/","og:image":"https:\/\/novalion-med.com\/wp-content\/uploads\/2025\/04\/cropped-343496212_201698782614433_8037205422525878621_n-1.jpg","og:image:secure_url":"https:\/\/novalion-med.com\/wp-content\/uploads\/2025\/04\/cropped-343496212_201698782614433_8037205422525878621_n-1.jpg","og:image:width":512,"og:image:height":512,"article:published_time":"2025-06-19T08:29:28+00:00","article:modified_time":"2025-06-19T08:34:36+00:00","article:publisher":"https:\/\/www.facebook.com\/NovalionMedical\/","twitter:card":"summary_large_image","twitter:title":"Height-Adjustable Electric Dialysis Chair with Large Castors","twitter:description":"Height-adjustable electric dialysis chair with large castors, IV pole, and durable construction for versatile patient needs.","twitter:image":"https:\/\/novalion-med.com\/wp-content\/uploads\/2025\/04\/cropped-343496212_201698782614433_8037205422525878621_n-1.jpg","schema":{"@context":"https:\/\/schema.org","@graph":[{"@type":"BreadcrumbList","@id":"https:\/\/novalion-med.com\/fr\/produit\/fauteuil-de-dialyse-electrique-de-grande-taille-pour-les-etablissements-medicaux\/#breadcrumblist","itemListElement":[{"@type":"ListItem","@id":"https:\/\/novalion-med.com\/fr\/#listItem","position":1,"name":"Home","item":"https:\/\/novalion-med.com\/fr\/","nextItem":"https:\/\/novalion-med.com\/fr\/produit\/fauteuil-de-dialyse-electrique-de-grande-taille-pour-les-etablissements-medicaux\/#listItem"},{"@type":"ListItem","@id":"https:\/\/novalion-med.com\/fr\/produit\/fauteuil-de-dialyse-electrique-de-grande-taille-pour-les-etablissements-medicaux\/#listItem","position":2,"name":"Large Electric Dialysis Chair for Medical Facilities","previousItem":"https:\/\/novalion-med.com\/fr\/#listItem"}]},{"@type":"Organization","@id":"https:\/\/novalion-med.com\/fr\/#organization","name":"novalion-med.com","url":"https:\/\/novalion-med.com\/fr\/","logo":{"@type":"ImageObject","url":"https:\/\/novalion-med.com\/wp-content\/uploads\/2025\/04\/cropped-343496212_201698782614433_8037205422525878621_n-1.jpg","@id":"https:\/\/novalion-med.com\/fr\/produit\/fauteuil-de-dialyse-electrique-de-grande-taille-pour-les-etablissements-medicaux\/#organizationLogo","width":512,"height":512},"image":{"@id":"https:\/\/novalion-med.com\/fr\/produit\/fauteuil-de-dialyse-electrique-de-grande-taille-pour-les-etablissements-medicaux\/#organizationLogo"},"sameAs":["https:\/\/www.facebook.com\/NovalionMedical\/","https:\/\/www.youtube.com\/@NwlMedicalInstrument"],"contactPoint":{"@type":"ContactPoint","telephone":"+8618326188070","contactType":"Sales"}},{"@type":"Product","@id":"https:\/\/novalion-med.com\/fr\/produit\/fauteuil-de-dialyse-electrique-de-grande-taille-pour-les-etablissements-medicaux\/#wooCommerceProduct","name":"Large Electric Dialysis Chair for Medical Facilities","description":"Stand out in medical care with this height-adjustable electric dialysis chair, featuring a painted steel and PVC leather build for durability. The 5\" castors with brakes offer stability, while the height adjustment (56-82cm) caters to diverse patient needs. Its open size of 188\u00d786\u00d758cm balances space efficiency with comfort, including an IV pole, headrest, and footstep for comprehensive care. The chair\u2019s 200KG weight limit and robust construction make it suitable for busy healthcare environments, ensuring long-term reliability. The ergonomic design prioritizes patient comfort during dialysis, making it a practical choice for clinics and hospitals.","url":"https:\/\/novalion-med.com\/fr\/produit\/fauteuil-de-dialyse-electrique-de-grande-taille-pour-les-etablissements-medicaux\/","sku":"NL230102-HX3","image":{"@type":"ImageObject","url":"https:\/\/novalion-med.com\/wp-content\/uploads\/2025\/06\/NL230102-HX3-Large-Electric-Dialysis-Chair-for-Medical-Facilities.jpg","@id":"https:\/\/novalion-med.com\/fr\/produit\/fauteuil-de-dialyse-electrique-de-grande-taille-pour-les-etablissements-medicaux\/#productImage","width":1000,"height":1000,"caption":"NL230102-HX3 Large Electric Dialysis Chair for Medical Facilities"},"offers":{"@type":"Offer","url":"https:\/\/novalion-med.com\/fr\/produit\/fauteuil-de-dialyse-electrique-de-grande-taille-pour-les-etablissements-medicaux\/#wooCommerceOffer","priceCurrency":"PHP","category":"Medical Chairs","availability":"https:\/\/schema.org\/InStock","seller":{"@type":"Organization","@id":"https:\/\/novalion-med.com\/fr\/#organization"},"price":111}},{"@type":"WebPage","@id":"https:\/\/novalion-med.com\/fr\/produit\/fauteuil-de-dialyse-electrique-de-grande-taille-pour-les-etablissements-medicaux\/#webpage","url":"https:\/\/novalion-med.com\/fr\/produit\/fauteuil-de-dialyse-electrique-de-grande-taille-pour-les-etablissements-medicaux\/","name":"Height-Adjustable Electric Dialysis Chair with Large Castors","description":"Height-adjustable electric dialysis chair with large castors, IV pole, and durable construction for versatile patient needs.","inLanguage":"fr-FR","isPartOf":{"@id":"https:\/\/novalion-med.com\/fr\/#website"},"breadcrumb":{"@id":"https:\/\/novalion-med.com\/fr\/produit\/fauteuil-de-dialyse-electrique-de-grande-taille-pour-les-etablissements-medicaux\/#breadcrumblist"},"image":{"@type":"ImageObject","url":"https:\/\/novalion-med.com\/wp-content\/uploads\/2025\/06\/NL230102-HX3-Large-Electric-Dialysis-Chair-for-Medical-Facilities.jpg","@id":"https:\/\/novalion-med.com\/fr\/produit\/fauteuil-de-dialyse-electrique-de-grande-taille-pour-les-etablissements-medicaux\/#mainImage","width":1000,"height":1000,"caption":"NL230102-HX3 Large Electric Dialysis Chair for Medical Facilities"},"primaryImageOfPage":{"@id":"https:\/\/novalion-med.com\/fr\/produit\/fauteuil-de-dialyse-electrique-de-grande-taille-pour-les-etablissements-medicaux\/#mainImage"},"datePublished":"2025-06-19T08:29:28+00:00","dateModified":"2025-06-19T08:34:36+00:00"},{"@type":"WebSite","@id":"https:\/\/novalion-med.com\/fr\/#website","url":"https:\/\/novalion-med.com\/fr\/","name":"novalion-med.com","description":"Wheelchair, Hospital bed, Walker,Commode chair,Crutch...","inLanguage":"fr-FR","publisher":{"@id":"https:\/\/novalion-med.com\/fr\/#organization"}}]}},"aioseo_meta_data":{"post_id":"5626","title":"Height-Adjustable Electric Dialysis Chair with Large Castors","description":"Height-adjustable electric dialysis chair with large castors, IV pole, and durable construction for versatile patient needs.","keywords":"[]","keyphrases":"{\"focus\":{\"keyphrase\":\"\",\"score\":0,\"analysis\":{\"keyphraseInTitle\":{\"score\":0,\"maxScore\":9,\"error\":1}}},\"additional\":[]}","primary_term":null,"canonical_url":null,"og_title":null,"og_description":null,"og_object_type":"default","og_image_type":"default","og_image_url":null,"og_image_width":null,"og_image_height":null,"og_image_custom_url":null,"og_image_custom_fields":null,"og_video":"","og_custom_url":null,"og_article_section":null,"og_article_tags":"[]","twitter_use_og":false,"twitter_card":"default","twitter_image_type":"default","twitter_image_url":null,"twitter_image_custom_url":null,"twitter_image_custom_fields":null,"twitter_title":null,"twitter_description":null,"schema":{"blockGraphs":[],"customGraphs":[],"default":{"data":{"Article":[],"Course":[],"Dataset":[],"FAQPage":[],"Movie":[],"Person":[],"Product":[],"Recipe":[],"Service":[],"SoftwareApplication":[],"WebPage":[]},"graphName":"Product","isEnabled":true},"graphs":[]},"schema_type":"default","schema_type_options":null,"pillar_content":false,"robots_default":true,"robots_noindex":false,"robots_noarchive":false,"robots_nosnippet":false,"robots_nofollow":false,"robots_noimageindex":false,"robots_noodp":false,"robots_notranslate":false,"robots_max_snippet":"-1","robots_max_videopreview":"-1","robots_max_imagepreview":"large","priority":null,"frequency":"default","local_seo":null,"limit_modified_date":false,"created":"2025-06-19 08:29:28","updated":"2025-06-19 08:38:08"},"_links":{"self":[{"href":"https:\/\/novalion-med.com\/fr\/wp-json\/wp\/v2\/product\/5626","targetHints":{"allow":["GET"]}}],"collection":[{"href":"https:\/\/novalion-med.com\/fr\/wp-json\/wp\/v2\/product"}],"about":[{"href":"https:\/\/novalion-med.com\/fr\/wp-json\/wp\/v2\/types\/product"}],"version-history":[{"count":4,"href":"https:\/\/novalion-med.com\/fr\/wp-json\/wp\/v2\/product\/5626\/revisions"}],"predecessor-version":[{"id":5630,"href":"https:\/\/novalion-med.com\/fr\/wp-json\/wp\/v2\/product\/5626\/revisions\/5630"}],"wp:featuredmedia":[{"embeddable":true,"href":"https:\/\/novalion-med.com\/fr\/wp-json\/wp\/v2\/media\/5625"}],"wp:attachment":[{"href":"https:\/\/novalion-med.com\/fr\/wp-json\/wp\/v2\/media?parent=5626"}],"wp:term":[{"taxonomy":"product_brand","embeddable":true,"href":"https:\/\/novalion-med.com\/fr\/wp-json\/wp\/v2\/product_brand?post=5626"},{"taxonomy":"product_cat","embeddable":true,"href":"https:\/\/novalion-med.com\/fr\/wp-json\/wp\/v2\/product_cat?post=5626"},{"taxonomy":"product_tag","embeddable":true,"href":"https:\/\/novalion-med.com\/fr\/wp-json\/wp\/v2\/product_tag?post=5626"}],"curies":[{"name":"wp","href":"https:\/\/api.w.org\/{rel}","templated":true}]}}