{"id":5495,"date":"2025-06-19T02:26:14","date_gmt":"2025-06-19T02:26:14","guid":{"rendered":"https:\/\/novalion-med.com\/?post_type=product&#038;p=5495"},"modified":"2025-06-19T02:33:14","modified_gmt":"2025-06-19T02:33:14","slug":"support-dinfusion-en-acier-inoxydable-tres-resistant-avec-roues-freinees-et-silencieuses","status":"publish","type":"product","link":"https:\/\/novalion-med.com\/fr\/produit\/support-dinfusion-en-acier-inoxydable-tres-resistant-avec-roues-freinees-et-silencieuses\/","title":{"rendered":"Support d'infusion en acier inoxydable tr\u00e8s r\u00e9sistant avec roues frein\u00e9es et silencieuses"},"content":{"rendered":"<div data-elementor-type=\"product-post\" data-elementor-id=\"5495\" class=\"elementor elementor-5495\" data-elementor-post-type=\"product\">\n\t\t\t\t<div class=\"elementor-element elementor-element-1c93f1cb e-con-full e-flex e-con e-parent\" data-id=\"1c93f1cb\" data-element_type=\"container\">\n\t\t\t\t<div class=\"elementor-element elementor-element-2240ff1 elementor-widget elementor-widget-heading\" data-id=\"2240ff1\" data-element_type=\"widget\" data-widget_type=\"heading.default\">\n\t\t\t\t<div class=\"elementor-widget-container\">\n\t\t\t\t\t<h2 class=\"elementor-heading-title elementor-size-default\">Support d'infusion en acier inoxydable tr\u00e8s r\u00e9sistant avec roues frein\u00e9es et silencieuses<\/h2>\t\t\t\t<\/div>\n\t\t\t\t<\/div>\n\t\t\t\t<div class=\"elementor-element elementor-element-45d8c46 elementor-widget elementor-widget-text-editor\" data-id=\"45d8c46\" data-element_type=\"widget\" data-widget_type=\"text-editor.default\">\n\t\t\t\t<div class=\"elementor-widget-container\">\n\t\t\t\t\t\t\t\t\t<p>Achetez-le pour sa capacit\u00e9 de charge de 25 kg, ses roues muettes \u00e0 frein, ses 4 crochets et sa base en acier inoxydable. Il offre une fiabilit\u00e9 de niveau hospitalier pour les installations d'\u00e9quipement intensives.<\/p>\t\t\t\t\t\t\t\t<\/div>\n\t\t\t\t<\/div>\n\t\t\t\t<div class=\"elementor-element elementor-element-7152afc elementor-widget elementor-widget-text-editor\" data-id=\"7152afc\" data-element_type=\"widget\" data-widget_type=\"text-editor.default\">\n\t\t\t\t<div class=\"elementor-widget-container\">\n\t\t\t\t\t\t\t\t\t<h2>Caract\u00e9ristiques principales<\/h2><p>\"Support de perfusion 25 kg \u00e0 usage intensif - roues muettes \u00e0 frein, 4 crochets et base en acier inoxydable pour une fiabilit\u00e9 de niveau hospitalier en cas de charges lourdes\".<\/p><ul><li>Capacit\u00e9 de charge de 25 kg pour les \u00e9quipements intensifs<\/li><li>Roues silencieuses \u00e0 frein pour un positionnement silencieux et s\u00fbr<\/li><li>4 crochets et base en acier inoxydable<\/li><li>Fiabilit\u00e9 de niveau hospitalier pour une utilisation intensive<\/li><\/ul>\t\t\t\t\t\t\t\t<\/div>\n\t\t\t\t<\/div>\n\t\t\t\t<div class=\"elementor-element elementor-element-3a02177 elementor-widget elementor-widget-text-editor\" data-id=\"3a02177\" data-element_type=\"widget\" data-widget_type=\"text-editor.default\">\n\t\t\t\t<div class=\"elementor-widget-container\">\n\t\t\t\t\t\t\t\t\t<h2>Sp\u00e9cifications<\/h2><table width=\"160\"><tbody><tr><td width=\"80\">Nom<\/td><td width=\"80\">Support d'infusion en acier inoxydable tr\u00e8s r\u00e9sistant avec roues frein\u00e9es et silencieuses<\/td><\/tr><tr><td>Plage de levage<\/td><td>\u00a01,1-2,0 m r\u00e9glable<\/td><\/tr><tr><td>Capacit\u00e9 de charge<\/td><td>\u00a0Environ 25 kg<\/td><\/tr><tr><td>Mat\u00e9riau principal<\/td><td>\u00a0acier inoxydable<\/td><\/tr><tr><td>Mat\u00e9riau de base<\/td><td>\u00a0acier inoxydable<\/td><\/tr><tr><td>Combinaison d'accessoires<\/td><td>\u00a04 crochets, r\u00e9gulateur, base en acier inoxydable, tuyau en acier inoxydable, volant, molette de freinage<\/td><\/tr><\/tbody><\/table>\t\t\t\t\t\t\t\t<\/div>\n\t\t\t\t<\/div>\n\t\t\t\t<div class=\"elementor-element elementor-element-2996df9 elementor-widget elementor-widget-text-editor\" data-id=\"2996df9\" data-element_type=\"widget\" data-widget_type=\"text-editor.default\">\n\t\t\t\t<div class=\"elementor-widget-container\">\n\t\t\t\t\t\t\t\t\t<p>D'autres \u00e9quipements m\u00e9dicaux peuvent \u00eatre trouv\u00e9s dans <a href=\"https:\/\/novalion-med.com\/fr\/\" target=\"_blank\" rel=\"noopener\">notre site web<\/a> ou <a href=\"https:\/\/api.whatsapp.com\/send\/?phone=%2B008618112908401&amp;text&amp;type=phone_number&amp;app_absent=0\" target=\"_blank\" rel=\"noopener\">notre whatsapp<\/a>.<\/p>\t\t\t\t\t\t\t\t<\/div>\n\t\t\t\t<\/div>\n\t\t\t\t<\/div>\n\t\t\t\t<\/div>","protected":false},"excerpt":{"rendered":"<p>Ce pied \u00e0 perfusion robuste, fabriqu\u00e9 en acier inoxydable, offre une capacit\u00e9 de levage de 1,1 \u00e0 2,0 m et une capacit\u00e9 de charge substantielle d'environ 25 kg, ce qui le rend adapt\u00e9 aux installations m\u00e9dicales lourdes. Il comprend 4 crochets pour plusieurs poches, un r\u00e9gulateur pour un r\u00e9glage pr\u00e9cis de la hauteur, une base en acier inoxydable pour la stabilit\u00e9, des tuyaux en acier inoxydable pour la durabilit\u00e9, et des roues directrices avec des fonctions de freinage pour minimiser le bruit et assurer un positionnement s\u00fbr dans les h\u00f4pitaux ou les \u00e9tablissements de soins.<\/p>","protected":false},"featured_media":5492,"template":"elementor_theme","meta":{"site-sidebar-layout":"default","site-content-layout":"","ast-site-content-layout":"default","site-content-style":"default","site-sidebar-style":"default","ast-global-header-display":"","ast-banner-title-visibility":"","ast-main-header-display":"","ast-hfb-above-header-display":"","ast-hfb-below-header-display":"","ast-hfb-mobile-header-display":"","site-post-title":"","ast-breadcrumbs-content":"","ast-featured-img":"","footer-sml-layout":"","theme-transparent-header-meta":"default","adv-header-id-meta":"","stick-header-meta":"default","header-above-stick-meta":"","header-main-stick-meta":"","header-below-stick-meta":"","astra-migrate-meta-layouts":"set","ast-page-background-enabled":"default","ast-page-background-meta":{"desktop":{"background-color":"var(--ast-global-color-4)","background-image":"","background-repeat":"repeat","background-position":"center center","background-size":"auto","background-attachment":"scroll","background-type":"","background-media":"","overlay-type":"","overlay-color":"","overlay-opacity":"","overlay-gradient":""},"tablet":{"background-color":"","background-image":"","background-repeat":"repeat","background-position":"center center","background-size":"auto","background-attachment":"scroll","background-type":"","background-media":"","overlay-type":"","overlay-color":"","overlay-opacity":"","overlay-gradient":""},"mobile":{"background-color":"","background-image":"","background-repeat":"repeat","background-position":"center center","background-size":"auto","background-attachment":"scroll","background-type":"","background-media":"","overlay-type":"","overlay-color":"","overlay-opacity":"","overlay-gradient":""}},"ast-content-background-meta":{"desktop":{"background-color":"var(--ast-global-color-5)","background-image":"","background-repeat":"repeat","background-position":"center center","background-size":"auto","background-attachment":"scroll","background-type":"","background-media":"","overlay-type":"","overlay-color":"","overlay-opacity":"","overlay-gradient":""},"tablet":{"background-color":"var(--ast-global-color-5)","background-image":"","background-repeat":"repeat","background-position":"center center","background-size":"auto","background-attachment":"scroll","background-type":"","background-media":"","overlay-type":"","overlay-color":"","overlay-opacity":"","overlay-gradient":""},"mobile":{"background-color":"var(--ast-global-color-5)","background-image":"","background-repeat":"repeat","background-position":"center center","background-size":"auto","background-attachment":"scroll","background-type":"","background-media":"","overlay-type":"","overlay-color":"","overlay-opacity":"","overlay-gradient":""}}},"product_brand":[],"product_cat":[102],"product_tag":[],"class_list":{"0":"post-5495","1":"product","2":"type-product","3":"status-publish","4":"has-post-thumbnail","6":"product_cat-infusion-stands","7":"desktop-align-center","8":"tablet-align-left","9":"mobile-align-left","10":"ast-product-gallery-layout-horizontal-slider","11":"ast-magnify-disabled","12":"ast-product-tabs-layout-accordion","13":"ast-qv-on-image","15":"first","16":"instock","17":"shipping-taxable","18":"purchasable","19":"product-type-simple"},"aioseo_notices":[],"aioseo_head":"\n\t\t<!-- All in One SEO Pro 4.6.0 - aioseo.com -->\n\t\t<meta name=\"description\" content=\"Heavy-Duty Stainless steel Infusion Stand, 25kg capacity, brake mute wheels, 4 hooks\u2014ideal for hospital heavy-load setups.\" \/>\n\t\t<meta name=\"robots\" content=\"max-image-preview:large\" \/>\n\t\t<meta name=\"google-site-verification\" content=\"XE0Krczs_zYC4qBAqnvyRaNEYa9NQEP4HzU7PPpzxoI\" \/>\n\t\t<link rel=\"canonical\" href=\"https:\/\/novalion-med.com\/fr\/produit\/support-dinfusion-en-acier-inoxydable-tres-resistant-avec-roues-freinees-et-silencieuses\/\" \/>\n\t\t<meta name=\"generator\" content=\"All in One SEO Pro (AIOSEO) 4.6.0\" \/>\n\t\t<meta property=\"og:locale\" content=\"fr_FR\" \/>\n\t\t<meta property=\"og:site_name\" content=\"Novalion Medical \u2013 Wheelchair, Hospital bed, Walker,Commode chair,Crutch...\" \/>\n\t\t<meta property=\"og:type\" content=\"article\" \/>\n\t\t<meta property=\"og:title\" content=\"Heavy-Duty Stainless Steel Infusion Stand with Mute Wheels\" \/>\n\t\t<meta property=\"og:description\" content=\"Heavy-Duty Stainless steel Infusion Stand, 25kg capacity, brake mute wheels, 4 hooks\u2014ideal for hospital heavy-load setups.\" \/>\n\t\t<meta property=\"og:url\" content=\"https:\/\/novalion-med.com\/fr\/produit\/support-dinfusion-en-acier-inoxydable-tres-resistant-avec-roues-freinees-et-silencieuses\/\" \/>\n\t\t<meta property=\"og:image\" content=\"https:\/\/novalion-med.com\/wp-content\/uploads\/2025\/04\/cropped-343496212_201698782614433_8037205422525878621_n-1.jpg\" \/>\n\t\t<meta property=\"og:image:secure_url\" content=\"https:\/\/novalion-med.com\/wp-content\/uploads\/2025\/04\/cropped-343496212_201698782614433_8037205422525878621_n-1.jpg\" \/>\n\t\t<meta property=\"og:image:width\" content=\"512\" \/>\n\t\t<meta property=\"og:image:height\" content=\"512\" \/>\n\t\t<meta property=\"article:published_time\" content=\"2025-06-19T02:26:14+00:00\" \/>\n\t\t<meta property=\"article:modified_time\" content=\"2025-06-19T02:33:14+00:00\" \/>\n\t\t<meta property=\"article:publisher\" content=\"https:\/\/www.facebook.com\/NovalionMedical\/\" \/>\n\t\t<meta name=\"twitter:card\" content=\"summary_large_image\" \/>\n\t\t<meta name=\"twitter:title\" content=\"Heavy-Duty Stainless Steel Infusion Stand with Mute Wheels\" \/>\n\t\t<meta name=\"twitter:description\" content=\"Heavy-Duty Stainless steel Infusion Stand, 25kg capacity, brake mute wheels, 4 hooks\u2014ideal for hospital heavy-load setups.\" \/>\n\t\t<meta name=\"twitter:image\" content=\"https:\/\/novalion-med.com\/wp-content\/uploads\/2025\/04\/cropped-343496212_201698782614433_8037205422525878621_n-1.jpg\" \/>\n\t\t<script type=\"application\/ld+json\" class=\"aioseo-schema\">\n\t\t\t{\"@context\":\"https:\\\/\\\/schema.org\",\"@graph\":[{\"@type\":\"BreadcrumbList\",\"@id\":\"https:\\\/\\\/novalion-med.com\\\/fr\\\/produit\\\/support-dinfusion-en-acier-inoxydable-tres-resistant-avec-roues-freinees-et-silencieuses\\\/#breadcrumblist\",\"itemListElement\":[{\"@type\":\"ListItem\",\"@id\":\"https:\\\/\\\/novalion-med.com\\\/fr\\\/#listItem\",\"position\":1,\"name\":\"Home\",\"item\":\"https:\\\/\\\/novalion-med.com\\\/fr\\\/\",\"nextItem\":\"https:\\\/\\\/novalion-med.com\\\/fr\\\/produit\\\/support-dinfusion-en-acier-inoxydable-tres-resistant-avec-roues-freinees-et-silencieuses\\\/#listItem\"},{\"@type\":\"ListItem\",\"@id\":\"https:\\\/\\\/novalion-med.com\\\/fr\\\/produit\\\/support-dinfusion-en-acier-inoxydable-tres-resistant-avec-roues-freinees-et-silencieuses\\\/#listItem\",\"position\":2,\"name\":\"Heavy-Duty Stainless Steel Infusion Stand with Brake Mute Wheels\",\"previousItem\":\"https:\\\/\\\/novalion-med.com\\\/fr\\\/#listItem\"}]},{\"@type\":\"Organization\",\"@id\":\"https:\\\/\\\/novalion-med.com\\\/fr\\\/#organization\",\"name\":\"novalion-med.com\",\"url\":\"https:\\\/\\\/novalion-med.com\\\/fr\\\/\",\"logo\":{\"@type\":\"ImageObject\",\"url\":\"https:\\\/\\\/novalion-med.com\\\/wp-content\\\/uploads\\\/2025\\\/04\\\/cropped-343496212_201698782614433_8037205422525878621_n-1.jpg\",\"@id\":\"https:\\\/\\\/novalion-med.com\\\/fr\\\/produit\\\/support-dinfusion-en-acier-inoxydable-tres-resistant-avec-roues-freinees-et-silencieuses\\\/#organizationLogo\",\"width\":512,\"height\":512},\"image\":{\"@id\":\"https:\\\/\\\/novalion-med.com\\\/fr\\\/produit\\\/support-dinfusion-en-acier-inoxydable-tres-resistant-avec-roues-freinees-et-silencieuses\\\/#organizationLogo\"},\"sameAs\":[\"https:\\\/\\\/www.facebook.com\\\/NovalionMedical\\\/\",\"https:\\\/\\\/www.youtube.com\\\/@NwlMedicalInstrument\"],\"contactPoint\":{\"@type\":\"ContactPoint\",\"telephone\":\"+8618326188070\",\"contactType\":\"Sales\"}},{\"@type\":\"Product\",\"@id\":\"https:\\\/\\\/novalion-med.com\\\/fr\\\/produit\\\/support-dinfusion-en-acier-inoxydable-tres-resistant-avec-roues-freinees-et-silencieuses\\\/#wooCommerceProduct\",\"name\":\"Heavy-Duty Stainless Steel Infusion Stand with Brake Mute Wheels\",\"description\":\"This robust infusion stand, constructed from stainless steel, offers a lifting range of 1.1-2.0 m and a substantial load capacity of approximately 25 kg, making it suitable for heavy-duty medical setups. It includes 4 hooks for multiple bags, a regulator for precise height adjustment, a stainless steel base for stability, stainless steel pipes for durability, and steering wheels with brake mute functions to minimize noise and ensure secure positioning in hospitals or care facilities.\",\"url\":\"https:\\\/\\\/novalion-med.com\\\/fr\\\/produit\\\/support-dinfusion-en-acier-inoxydable-tres-resistant-avec-roues-freinees-et-silencieuses\\\/\",\"sku\":\"NL230103-LD5\",\"image\":{\"@type\":\"ImageObject\",\"url\":\"https:\\\/\\\/novalion-med.com\\\/wp-content\\\/uploads\\\/2025\\\/06\\\/NL230103-LD5-Heavy-Duty-Stainless-Steel-Infusion-Stand-with-Brake-Mute-Wheels.jpg\",\"@id\":\"https:\\\/\\\/novalion-med.com\\\/fr\\\/produit\\\/support-dinfusion-en-acier-inoxydable-tres-resistant-avec-roues-freinees-et-silencieuses\\\/#productImage\",\"width\":1000,\"height\":1000,\"caption\":\"NL230103-LD5 Heavy-Duty Stainless Steel Infusion Stand with Brake Mute Wheels\"},\"offers\":{\"@type\":\"Offer\",\"url\":\"https:\\\/\\\/novalion-med.com\\\/fr\\\/produit\\\/support-dinfusion-en-acier-inoxydable-tres-resistant-avec-roues-freinees-et-silencieuses\\\/#wooCommerceOffer\",\"priceCurrency\":\"PHP\",\"category\":\"Infusion Stands\",\"availability\":\"https:\\\/\\\/schema.org\\\/InStock\",\"seller\":{\"@type\":\"Organization\",\"@id\":\"https:\\\/\\\/novalion-med.com\\\/fr\\\/#organization\"},\"price\":111}},{\"@type\":\"WebPage\",\"@id\":\"https:\\\/\\\/novalion-med.com\\\/fr\\\/produit\\\/support-dinfusion-en-acier-inoxydable-tres-resistant-avec-roues-freinees-et-silencieuses\\\/#webpage\",\"url\":\"https:\\\/\\\/novalion-med.com\\\/fr\\\/produit\\\/support-dinfusion-en-acier-inoxydable-tres-resistant-avec-roues-freinees-et-silencieuses\\\/\",\"name\":\"Heavy-Duty Stainless Steel Infusion Stand with Mute Wheels\",\"description\":\"Heavy-Duty Stainless steel Infusion Stand, 25kg capacity, brake mute wheels, 4 hooks\\u2014ideal for hospital heavy-load setups.\",\"inLanguage\":\"fr-FR\",\"isPartOf\":{\"@id\":\"https:\\\/\\\/novalion-med.com\\\/fr\\\/#website\"},\"breadcrumb\":{\"@id\":\"https:\\\/\\\/novalion-med.com\\\/fr\\\/produit\\\/support-dinfusion-en-acier-inoxydable-tres-resistant-avec-roues-freinees-et-silencieuses\\\/#breadcrumblist\"},\"image\":{\"@type\":\"ImageObject\",\"url\":\"https:\\\/\\\/novalion-med.com\\\/wp-content\\\/uploads\\\/2025\\\/06\\\/NL230103-LD5-Heavy-Duty-Stainless-Steel-Infusion-Stand-with-Brake-Mute-Wheels.jpg\",\"@id\":\"https:\\\/\\\/novalion-med.com\\\/fr\\\/produit\\\/support-dinfusion-en-acier-inoxydable-tres-resistant-avec-roues-freinees-et-silencieuses\\\/#mainImage\",\"width\":1000,\"height\":1000,\"caption\":\"NL230103-LD5 Heavy-Duty Stainless Steel Infusion Stand with Brake Mute Wheels\"},\"primaryImageOfPage\":{\"@id\":\"https:\\\/\\\/novalion-med.com\\\/fr\\\/produit\\\/support-dinfusion-en-acier-inoxydable-tres-resistant-avec-roues-freinees-et-silencieuses\\\/#mainImage\"},\"datePublished\":\"2025-06-19T02:26:14+00:00\",\"dateModified\":\"2025-06-19T02:33:14+00:00\"},{\"@type\":\"WebSite\",\"@id\":\"https:\\\/\\\/novalion-med.com\\\/fr\\\/#website\",\"url\":\"https:\\\/\\\/novalion-med.com\\\/fr\\\/\",\"name\":\"novalion-med.com\",\"description\":\"Wheelchair, Hospital bed, Walker,Commode chair,Crutch...\",\"inLanguage\":\"fr-FR\",\"publisher\":{\"@id\":\"https:\\\/\\\/novalion-med.com\\\/fr\\\/#organization\"}}]}\n\t\t<\/script>\n\t\t<!-- All in One SEO Pro -->\r\n\t\t<title>Heavy-Duty Stainless Steel Infusion Stand with Mute Wheels<\/title>\n\n","aioseo_head_json":{"title":"Heavy-Duty Stainless Steel Infusion Stand with Mute Wheels","description":"Heavy-Duty Stainless steel Infusion Stand, 25kg capacity, brake mute wheels, 4 hooks\u2014ideal for hospital heavy-load setups.","canonical_url":"https:\/\/novalion-med.com\/fr\/produit\/support-dinfusion-en-acier-inoxydable-tres-resistant-avec-roues-freinees-et-silencieuses\/","robots":"max-image-preview:large","keywords":"","webmasterTools":{"google-site-verification":"XE0Krczs_zYC4qBAqnvyRaNEYa9NQEP4HzU7PPpzxoI","miscellaneous":""},"og:locale":"fr_FR","og:site_name":"Novalion Medical \u2013 Wheelchair, Hospital bed, Walker,Commode chair,Crutch...","og:type":"article","og:title":"Heavy-Duty Stainless Steel Infusion Stand with Mute Wheels","og:description":"Heavy-Duty Stainless steel Infusion Stand, 25kg capacity, brake mute wheels, 4 hooks\u2014ideal for hospital heavy-load setups.","og:url":"https:\/\/novalion-med.com\/fr\/produit\/support-dinfusion-en-acier-inoxydable-tres-resistant-avec-roues-freinees-et-silencieuses\/","og:image":"https:\/\/novalion-med.com\/wp-content\/uploads\/2025\/04\/cropped-343496212_201698782614433_8037205422525878621_n-1.jpg","og:image:secure_url":"https:\/\/novalion-med.com\/wp-content\/uploads\/2025\/04\/cropped-343496212_201698782614433_8037205422525878621_n-1.jpg","og:image:width":512,"og:image:height":512,"article:published_time":"2025-06-19T02:26:14+00:00","article:modified_time":"2025-06-19T02:33:14+00:00","article:publisher":"https:\/\/www.facebook.com\/NovalionMedical\/","twitter:card":"summary_large_image","twitter:title":"Heavy-Duty Stainless Steel Infusion Stand with Mute Wheels","twitter:description":"Heavy-Duty Stainless steel Infusion Stand, 25kg capacity, brake mute wheels, 4 hooks\u2014ideal for hospital heavy-load setups.","twitter:image":"https:\/\/novalion-med.com\/wp-content\/uploads\/2025\/04\/cropped-343496212_201698782614433_8037205422525878621_n-1.jpg","schema":{"@context":"https:\/\/schema.org","@graph":[{"@type":"BreadcrumbList","@id":"https:\/\/novalion-med.com\/fr\/produit\/support-dinfusion-en-acier-inoxydable-tres-resistant-avec-roues-freinees-et-silencieuses\/#breadcrumblist","itemListElement":[{"@type":"ListItem","@id":"https:\/\/novalion-med.com\/fr\/#listItem","position":1,"name":"Home","item":"https:\/\/novalion-med.com\/fr\/","nextItem":"https:\/\/novalion-med.com\/fr\/produit\/support-dinfusion-en-acier-inoxydable-tres-resistant-avec-roues-freinees-et-silencieuses\/#listItem"},{"@type":"ListItem","@id":"https:\/\/novalion-med.com\/fr\/produit\/support-dinfusion-en-acier-inoxydable-tres-resistant-avec-roues-freinees-et-silencieuses\/#listItem","position":2,"name":"Heavy-Duty Stainless Steel Infusion Stand with Brake Mute Wheels","previousItem":"https:\/\/novalion-med.com\/fr\/#listItem"}]},{"@type":"Organization","@id":"https:\/\/novalion-med.com\/fr\/#organization","name":"novalion-med.com","url":"https:\/\/novalion-med.com\/fr\/","logo":{"@type":"ImageObject","url":"https:\/\/novalion-med.com\/wp-content\/uploads\/2025\/04\/cropped-343496212_201698782614433_8037205422525878621_n-1.jpg","@id":"https:\/\/novalion-med.com\/fr\/produit\/support-dinfusion-en-acier-inoxydable-tres-resistant-avec-roues-freinees-et-silencieuses\/#organizationLogo","width":512,"height":512},"image":{"@id":"https:\/\/novalion-med.com\/fr\/produit\/support-dinfusion-en-acier-inoxydable-tres-resistant-avec-roues-freinees-et-silencieuses\/#organizationLogo"},"sameAs":["https:\/\/www.facebook.com\/NovalionMedical\/","https:\/\/www.youtube.com\/@NwlMedicalInstrument"],"contactPoint":{"@type":"ContactPoint","telephone":"+8618326188070","contactType":"Sales"}},{"@type":"Product","@id":"https:\/\/novalion-med.com\/fr\/produit\/support-dinfusion-en-acier-inoxydable-tres-resistant-avec-roues-freinees-et-silencieuses\/#wooCommerceProduct","name":"Heavy-Duty Stainless Steel Infusion Stand with Brake Mute Wheels","description":"This robust infusion stand, constructed from stainless steel, offers a lifting range of 1.1-2.0 m and a substantial load capacity of approximately 25 kg, making it suitable for heavy-duty medical setups. It includes 4 hooks for multiple bags, a regulator for precise height adjustment, a stainless steel base for stability, stainless steel pipes for durability, and steering wheels with brake mute functions to minimize noise and ensure secure positioning in hospitals or care facilities.","url":"https:\/\/novalion-med.com\/fr\/produit\/support-dinfusion-en-acier-inoxydable-tres-resistant-avec-roues-freinees-et-silencieuses\/","sku":"NL230103-LD5","image":{"@type":"ImageObject","url":"https:\/\/novalion-med.com\/wp-content\/uploads\/2025\/06\/NL230103-LD5-Heavy-Duty-Stainless-Steel-Infusion-Stand-with-Brake-Mute-Wheels.jpg","@id":"https:\/\/novalion-med.com\/fr\/produit\/support-dinfusion-en-acier-inoxydable-tres-resistant-avec-roues-freinees-et-silencieuses\/#productImage","width":1000,"height":1000,"caption":"NL230103-LD5 Heavy-Duty Stainless Steel Infusion Stand with Brake Mute Wheels"},"offers":{"@type":"Offer","url":"https:\/\/novalion-med.com\/fr\/produit\/support-dinfusion-en-acier-inoxydable-tres-resistant-avec-roues-freinees-et-silencieuses\/#wooCommerceOffer","priceCurrency":"PHP","category":"Infusion Stands","availability":"https:\/\/schema.org\/InStock","seller":{"@type":"Organization","@id":"https:\/\/novalion-med.com\/fr\/#organization"},"price":111}},{"@type":"WebPage","@id":"https:\/\/novalion-med.com\/fr\/produit\/support-dinfusion-en-acier-inoxydable-tres-resistant-avec-roues-freinees-et-silencieuses\/#webpage","url":"https:\/\/novalion-med.com\/fr\/produit\/support-dinfusion-en-acier-inoxydable-tres-resistant-avec-roues-freinees-et-silencieuses\/","name":"Heavy-Duty Stainless Steel Infusion Stand with Mute Wheels","description":"Heavy-Duty Stainless steel Infusion Stand, 25kg capacity, brake mute wheels, 4 hooks\u2014ideal for hospital heavy-load setups.","inLanguage":"fr-FR","isPartOf":{"@id":"https:\/\/novalion-med.com\/fr\/#website"},"breadcrumb":{"@id":"https:\/\/novalion-med.com\/fr\/produit\/support-dinfusion-en-acier-inoxydable-tres-resistant-avec-roues-freinees-et-silencieuses\/#breadcrumblist"},"image":{"@type":"ImageObject","url":"https:\/\/novalion-med.com\/wp-content\/uploads\/2025\/06\/NL230103-LD5-Heavy-Duty-Stainless-Steel-Infusion-Stand-with-Brake-Mute-Wheels.jpg","@id":"https:\/\/novalion-med.com\/fr\/produit\/support-dinfusion-en-acier-inoxydable-tres-resistant-avec-roues-freinees-et-silencieuses\/#mainImage","width":1000,"height":1000,"caption":"NL230103-LD5 Heavy-Duty Stainless Steel Infusion Stand with Brake Mute Wheels"},"primaryImageOfPage":{"@id":"https:\/\/novalion-med.com\/fr\/produit\/support-dinfusion-en-acier-inoxydable-tres-resistant-avec-roues-freinees-et-silencieuses\/#mainImage"},"datePublished":"2025-06-19T02:26:14+00:00","dateModified":"2025-06-19T02:33:14+00:00"},{"@type":"WebSite","@id":"https:\/\/novalion-med.com\/fr\/#website","url":"https:\/\/novalion-med.com\/fr\/","name":"novalion-med.com","description":"Wheelchair, Hospital bed, Walker,Commode chair,Crutch...","inLanguage":"fr-FR","publisher":{"@id":"https:\/\/novalion-med.com\/fr\/#organization"}}]}},"aioseo_meta_data":{"post_id":"5495","title":"Heavy-Duty Stainless Steel Infusion Stand with Mute Wheels","description":"Heavy-Duty Stainless steel Infusion Stand, 25kg capacity, brake mute wheels, 4 hooks\u2014ideal for hospital heavy-load setups.","keywords":"[]","keyphrases":"{\"focus\":{\"keyphrase\":\"\",\"score\":0,\"analysis\":{\"keyphraseInTitle\":{\"score\":0,\"maxScore\":9,\"error\":1}}},\"additional\":[]}","primary_term":null,"canonical_url":null,"og_title":null,"og_description":null,"og_object_type":"default","og_image_type":"default","og_image_url":null,"og_image_width":null,"og_image_height":null,"og_image_custom_url":null,"og_image_custom_fields":null,"og_video":"","og_custom_url":null,"og_article_section":null,"og_article_tags":"[]","twitter_use_og":false,"twitter_card":"default","twitter_image_type":"default","twitter_image_url":null,"twitter_image_custom_url":null,"twitter_image_custom_fields":null,"twitter_title":null,"twitter_description":null,"schema":{"blockGraphs":[],"customGraphs":[],"default":{"data":{"Article":[],"Course":[],"Dataset":[],"FAQPage":[],"Movie":[],"Person":[],"Product":[],"Recipe":[],"Service":[],"SoftwareApplication":[],"WebPage":[]},"graphName":"Product","isEnabled":true},"graphs":[]},"schema_type":"default","schema_type_options":null,"pillar_content":false,"robots_default":true,"robots_noindex":false,"robots_noarchive":false,"robots_nosnippet":false,"robots_nofollow":false,"robots_noimageindex":false,"robots_noodp":false,"robots_notranslate":false,"robots_max_snippet":"-1","robots_max_videopreview":"-1","robots_max_imagepreview":"large","priority":null,"frequency":"default","local_seo":null,"limit_modified_date":false,"created":"2025-06-19 02:26:14","updated":"2025-06-19 02:47:02"},"_links":{"self":[{"href":"https:\/\/novalion-med.com\/fr\/wp-json\/wp\/v2\/product\/5495","targetHints":{"allow":["GET"]}}],"collection":[{"href":"https:\/\/novalion-med.com\/fr\/wp-json\/wp\/v2\/product"}],"about":[{"href":"https:\/\/novalion-med.com\/fr\/wp-json\/wp\/v2\/types\/product"}],"version-history":[{"count":4,"href":"https:\/\/novalion-med.com\/fr\/wp-json\/wp\/v2\/product\/5495\/revisions"}],"predecessor-version":[{"id":5499,"href":"https:\/\/novalion-med.com\/fr\/wp-json\/wp\/v2\/product\/5495\/revisions\/5499"}],"wp:featuredmedia":[{"embeddable":true,"href":"https:\/\/novalion-med.com\/fr\/wp-json\/wp\/v2\/media\/5492"}],"wp:attachment":[{"href":"https:\/\/novalion-med.com\/fr\/wp-json\/wp\/v2\/media?parent=5495"}],"wp:term":[{"taxonomy":"product_brand","embeddable":true,"href":"https:\/\/novalion-med.com\/fr\/wp-json\/wp\/v2\/product_brand?post=5495"},{"taxonomy":"product_cat","embeddable":true,"href":"https:\/\/novalion-med.com\/fr\/wp-json\/wp\/v2\/product_cat?post=5495"},{"taxonomy":"product_tag","embeddable":true,"href":"https:\/\/novalion-med.com\/fr\/wp-json\/wp\/v2\/product_tag?post=5495"}],"curies":[{"name":"wp","href":"https:\/\/api.w.org\/{rel}","templated":true}]}}