{"id":5056,"date":"2025-06-11T09:27:48","date_gmt":"2025-06-11T09:27:48","guid":{"rendered":"https:\/\/novalion-med.com\/?post_type=product&#038;p=5056"},"modified":"2025-06-11T09:31:12","modified_gmt":"2025-06-11T09:31:12","slug":"chariot-de-sauvetage-integral-en-acier-inoxydable-soude-2-tiroirs-1-porte-1-poubelle-2","status":"publish","type":"product","link":"https:\/\/novalion-med.com\/fr\/produit\/chariot-de-sauvetage-integral-en-acier-inoxydable-soude-2-tiroirs-1-porte-1-poubelle-2\/","title":{"rendered":"Chariot de sauvetage en acier inoxydable soud\u00e9, 2 tiroirs, 1 porte, 1 poubelle"},"content":{"rendered":"<div data-elementor-type=\"product-post\" data-elementor-id=\"5056\" class=\"elementor elementor-5056\" data-elementor-post-type=\"product\">\n\t\t\t\t<div class=\"elementor-element elementor-element-1c93f1cb e-con-full e-flex e-con e-parent\" data-id=\"1c93f1cb\" data-element_type=\"container\">\n\t\t\t\t<div class=\"elementor-element elementor-element-2240ff1 elementor-widget elementor-widget-heading\" data-id=\"2240ff1\" data-element_type=\"widget\" data-widget_type=\"heading.default\">\n\t\t\t\t<div class=\"elementor-widget-container\">\n\t\t\t\t\t<h2 class=\"elementor-heading-title elementor-size-default\">Chariot de sauvetage en acier inoxydable soud\u00e9, 2 tiroirs, 1 porte, 1 poubelle<\/h2>\t\t\t\t<\/div>\n\t\t\t\t<\/div>\n\t\t\t\t<div class=\"elementor-element elementor-element-45d8c46 elementor-widget elementor-widget-text-editor\" data-id=\"45d8c46\" data-element_type=\"widget\" data-widget_type=\"text-editor.default\">\n\t\t\t\t<div class=\"elementor-widget-container\">\n\t\t\t\t\t\t\t\t\t<p>Conception adapt\u00e9e aux soins intensifs avec 2 \u00e0 3 tiroirs, 1 \u00e0 2 portes et des bacs \u00e0 d\u00e9chets en option pour un acc\u00e8s rapide aux fournitures d'urgence. Le soudage int\u00e9gral garantit la robustesse, tandis que les options de taille (62\u00d741cm \u00e0 66\u00d744cm) s'adaptent \u00e0 divers agencements de salles d'urgence.<\/p>\t\t\t\t\t\t\t\t<\/div>\n\t\t\t\t<\/div>\n\t\t\t\t<div class=\"elementor-element elementor-element-7152afc elementor-widget elementor-widget-text-editor\" data-id=\"7152afc\" data-element_type=\"widget\" data-widget_type=\"text-editor.default\">\n\t\t\t\t<div class=\"elementor-widget-container\">\n\t\t\t\t\t\t\t\t\t<h2>Caract\u00e9ristiques principales<\/h2><p>2 tiroirs + 1 porte + 1 cuvette permettent de g\u00e9rer \u00e0 la fois les fournitures et les d\u00e9chets, ce qui est essentiel pour contr\u00f4ler la contamination en cas d'urgence.<\/p><ul><li>Chariot de sauvetage avec 2 tiroirs + 1 porte + 1 bac \u00e0 salissures<\/li><li>Taille : 65\u00d741\u00d786cm<\/li><li>Conception du contr\u00f4le de la contamination<\/li><li>Roues de sourdine pour les urgences silencieuses<\/li><\/ul>\t\t\t\t\t\t\t\t<\/div>\n\t\t\t\t<\/div>\n\t\t\t\t<div class=\"elementor-element elementor-element-3a02177 elementor-widget elementor-widget-text-editor\" data-id=\"3a02177\" data-element_type=\"widget\" data-widget_type=\"text-editor.default\">\n\t\t\t\t<div class=\"elementor-widget-container\">\n\t\t\t\t\t\t\t\t\t<h2>Sp\u00e9cifications<\/h2><table width=\"160\"><tbody><tr><td width=\"80\">Mat\u00e9riau en option<\/td><td width=\"80\">\u00a0Acier inoxydable 201\/304<\/td><\/tr><tr><td>Structure<\/td><td>\u00a0Soudage int\u00e9gral<\/td><\/tr><tr><td>Tiroir<\/td><td>\u00a02 pi\u00e8ces<\/td><\/tr><tr><td>Porte<\/td><td>\u00a01 pi\u00e8ce<\/td><\/tr><tr><td>Bassin de d\u00e9cantation<\/td><td>\u00a01 pi\u00e8ce<\/td><\/tr><tr><td>Mat\u00e9riau des roulettes en option<\/td><td>\u00a04 roues de frein\/roues de sourdine<\/td><\/tr><tr><td>Taille<\/td><td>\u00a065*41*86cm<\/td><\/tr><\/tbody><\/table>\t\t\t\t\t\t\t\t<\/div>\n\t\t\t\t<\/div>\n\t\t\t\t<div class=\"elementor-element elementor-element-2996df9 elementor-widget elementor-widget-text-editor\" data-id=\"2996df9\" data-element_type=\"widget\" data-widget_type=\"text-editor.default\">\n\t\t\t\t<div class=\"elementor-widget-container\">\n\t\t\t\t\t\t\t\t\t<p>D'autres \u00e9quipements m\u00e9dicaux peuvent \u00eatre trouv\u00e9s dans <a href=\"https:\/\/novalion-med.com\/fr\/\" target=\"_blank\" rel=\"noopener\">notre site web<\/a> ou <a href=\"https:\/\/api.whatsapp.com\/send\/?phone=%2B008618112908401&amp;text&amp;type=phone_number&amp;app_absent=0\" target=\"_blank\" rel=\"noopener\">notre whatsapp<\/a>.<\/p>\t\t\t\t\t\t\t\t<\/div>\n\t\t\t\t<\/div>\n\t\t\t\t<\/div>\n\t\t\t\t<\/div>","protected":false},"excerpt":{"rendered":"<p>Le mod\u00e8le NL230101-SSQJ04 est un chariot de sauvetage en acier inoxydable dont le mat\u00e9riau est en option : 201\/304. Il est dot\u00e9 d'une structure \u00e0 soudure int\u00e9grale, de 2 tiroirs, d'une porte et d'un bassin de d\u00e9cantation. Le mat\u00e9riau des roulettes est optionnel : 4 roues de frein\/roues silencieuses, et la taille est de 65\u00d741\u00d786cm.<\/p>","protected":false},"featured_media":5032,"template":"elementor_theme","meta":{"site-sidebar-layout":"default","site-content-layout":"","ast-site-content-layout":"default","site-content-style":"default","site-sidebar-style":"default","ast-global-header-display":"","ast-banner-title-visibility":"","ast-main-header-display":"","ast-hfb-above-header-display":"","ast-hfb-below-header-display":"","ast-hfb-mobile-header-display":"","site-post-title":"","ast-breadcrumbs-content":"","ast-featured-img":"","footer-sml-layout":"","theme-transparent-header-meta":"default","adv-header-id-meta":"","stick-header-meta":"default","header-above-stick-meta":"","header-main-stick-meta":"","header-below-stick-meta":"","astra-migrate-meta-layouts":"set","ast-page-background-enabled":"default","ast-page-background-meta":{"desktop":{"background-color":"var(--ast-global-color-4)","background-image":"","background-repeat":"repeat","background-position":"center center","background-size":"auto","background-attachment":"scroll","background-type":"","background-media":"","overlay-type":"","overlay-color":"","overlay-opacity":"","overlay-gradient":""},"tablet":{"background-color":"","background-image":"","background-repeat":"repeat","background-position":"center center","background-size":"auto","background-attachment":"scroll","background-type":"","background-media":"","overlay-type":"","overlay-color":"","overlay-opacity":"","overlay-gradient":""},"mobile":{"background-color":"","background-image":"","background-repeat":"repeat","background-position":"center center","background-size":"auto","background-attachment":"scroll","background-type":"","background-media":"","overlay-type":"","overlay-color":"","overlay-opacity":"","overlay-gradient":""}},"ast-content-background-meta":{"desktop":{"background-color":"var(--ast-global-color-5)","background-image":"","background-repeat":"repeat","background-position":"center center","background-size":"auto","background-attachment":"scroll","background-type":"","background-media":"","overlay-type":"","overlay-color":"","overlay-opacity":"","overlay-gradient":""},"tablet":{"background-color":"var(--ast-global-color-5)","background-image":"","background-repeat":"repeat","background-position":"center center","background-size":"auto","background-attachment":"scroll","background-type":"","background-media":"","overlay-type":"","overlay-color":"","overlay-opacity":"","overlay-gradient":""},"mobile":{"background-color":"var(--ast-global-color-5)","background-image":"","background-repeat":"repeat","background-position":"center center","background-size":"auto","background-attachment":"scroll","background-type":"","background-media":"","overlay-type":"","overlay-color":"","overlay-opacity":"","overlay-gradient":""}}},"product_brand":[],"product_cat":[87],"product_tag":[],"class_list":{"0":"post-5056","1":"product","2":"type-product","3":"status-publish","4":"has-post-thumbnail","6":"product_cat-rescue-trolleys","7":"desktop-align-center","8":"tablet-align-left","9":"mobile-align-left","10":"ast-product-gallery-layout-horizontal-slider","11":"ast-product-gallery-with-no-image","12":"ast-magnify-disabled","13":"ast-product-tabs-layout-accordion","14":"ast-qv-on-image","16":"first","17":"instock","18":"shipping-taxable","19":"purchasable","20":"product-type-simple"},"aioseo_notices":[],"aioseo_head":"\n\t\t<!-- All in One SEO Pro 4.6.0 - aioseo.com -->\n\t\t<meta name=\"description\" content=\"Integral welded stainless steel rescue trolley, 2 drawers, 1 door, 1 dirt basin, 65\u00d741\u00d786cm, 4 brake\/mute wheels optional.\" \/>\n\t\t<meta name=\"robots\" content=\"max-image-preview:large\" \/>\n\t\t<meta name=\"google-site-verification\" content=\"XE0Krczs_zYC4qBAqnvyRaNEYa9NQEP4HzU7PPpzxoI\" \/>\n\t\t<link rel=\"canonical\" href=\"https:\/\/novalion-med.com\/fr\/produit\/chariot-de-sauvetage-integral-en-acier-inoxydable-soude-2-tiroirs-1-porte-1-poubelle-2\/\" \/>\n\t\t<meta name=\"generator\" content=\"All in One SEO Pro (AIOSEO) 4.6.0\" \/>\n\t\t<meta property=\"og:locale\" content=\"fr_FR\" \/>\n\t\t<meta property=\"og:site_name\" content=\"Novalion Medical \u2013 Wheelchair, Hospital bed, Walker,Commode chair,Crutch...\" \/>\n\t\t<meta property=\"og:type\" content=\"article\" \/>\n\t\t<meta property=\"og:title\" content=\"welded stainless steel rescue trolley 2 drawers 1 dirt basin\" \/>\n\t\t<meta property=\"og:description\" content=\"Integral welded stainless steel rescue trolley, 2 drawers, 1 door, 1 dirt basin, 65\u00d741\u00d786cm, 4 brake\/mute wheels optional.\" \/>\n\t\t<meta property=\"og:url\" content=\"https:\/\/novalion-med.com\/fr\/produit\/chariot-de-sauvetage-integral-en-acier-inoxydable-soude-2-tiroirs-1-porte-1-poubelle-2\/\" \/>\n\t\t<meta property=\"og:image\" content=\"https:\/\/novalion-med.com\/wp-content\/uploads\/2025\/04\/cropped-343496212_201698782614433_8037205422525878621_n-1.jpg\" \/>\n\t\t<meta property=\"og:image:secure_url\" content=\"https:\/\/novalion-med.com\/wp-content\/uploads\/2025\/04\/cropped-343496212_201698782614433_8037205422525878621_n-1.jpg\" \/>\n\t\t<meta property=\"og:image:width\" content=\"512\" \/>\n\t\t<meta property=\"og:image:height\" content=\"512\" \/>\n\t\t<meta property=\"article:published_time\" content=\"2025-06-11T09:27:48+00:00\" \/>\n\t\t<meta property=\"article:modified_time\" content=\"2025-06-11T09:31:12+00:00\" \/>\n\t\t<meta property=\"article:publisher\" content=\"https:\/\/www.facebook.com\/NovalionMedical\/\" \/>\n\t\t<meta name=\"twitter:card\" content=\"summary_large_image\" \/>\n\t\t<meta name=\"twitter:title\" content=\"welded stainless steel rescue trolley 2 drawers 1 dirt basin\" \/>\n\t\t<meta name=\"twitter:description\" content=\"Integral welded stainless steel rescue trolley, 2 drawers, 1 door, 1 dirt basin, 65\u00d741\u00d786cm, 4 brake\/mute wheels optional.\" \/>\n\t\t<meta name=\"twitter:image\" content=\"https:\/\/novalion-med.com\/wp-content\/uploads\/2025\/04\/cropped-343496212_201698782614433_8037205422525878621_n-1.jpg\" \/>\n\t\t<script type=\"application\/ld+json\" class=\"aioseo-schema\">\n\t\t\t{\"@context\":\"https:\\\/\\\/schema.org\",\"@graph\":[{\"@type\":\"BreadcrumbList\",\"@id\":\"https:\\\/\\\/novalion-med.com\\\/fr\\\/produit\\\/chariot-de-sauvetage-integral-en-acier-inoxydable-soude-2-tiroirs-1-porte-1-poubelle-2\\\/#breadcrumblist\",\"itemListElement\":[{\"@type\":\"ListItem\",\"@id\":\"https:\\\/\\\/novalion-med.com\\\/fr\\\/#listItem\",\"position\":1,\"name\":\"Home\",\"item\":\"https:\\\/\\\/novalion-med.com\\\/fr\\\/\",\"nextItem\":\"https:\\\/\\\/novalion-med.com\\\/fr\\\/produit\\\/chariot-de-sauvetage-integral-en-acier-inoxydable-soude-2-tiroirs-1-porte-1-poubelle-2\\\/#listItem\"},{\"@type\":\"ListItem\",\"@id\":\"https:\\\/\\\/novalion-med.com\\\/fr\\\/produit\\\/chariot-de-sauvetage-integral-en-acier-inoxydable-soude-2-tiroirs-1-porte-1-poubelle-2\\\/#listItem\",\"position\":2,\"name\":\"Integral Welded Stainless Steel Rescue Trolley, 2 Drawers, 1 Door, 1 Dirt Can\",\"previousItem\":\"https:\\\/\\\/novalion-med.com\\\/fr\\\/#listItem\"}]},{\"@type\":\"Organization\",\"@id\":\"https:\\\/\\\/novalion-med.com\\\/fr\\\/#organization\",\"name\":\"novalion-med.com\",\"url\":\"https:\\\/\\\/novalion-med.com\\\/fr\\\/\",\"logo\":{\"@type\":\"ImageObject\",\"url\":\"https:\\\/\\\/novalion-med.com\\\/wp-content\\\/uploads\\\/2025\\\/04\\\/cropped-343496212_201698782614433_8037205422525878621_n-1.jpg\",\"@id\":\"https:\\\/\\\/novalion-med.com\\\/fr\\\/produit\\\/chariot-de-sauvetage-integral-en-acier-inoxydable-soude-2-tiroirs-1-porte-1-poubelle-2\\\/#organizationLogo\",\"width\":512,\"height\":512},\"image\":{\"@id\":\"https:\\\/\\\/novalion-med.com\\\/fr\\\/produit\\\/chariot-de-sauvetage-integral-en-acier-inoxydable-soude-2-tiroirs-1-porte-1-poubelle-2\\\/#organizationLogo\"},\"sameAs\":[\"https:\\\/\\\/www.facebook.com\\\/NovalionMedical\\\/\",\"https:\\\/\\\/www.youtube.com\\\/@NwlMedicalInstrument\"],\"contactPoint\":{\"@type\":\"ContactPoint\",\"telephone\":\"+8618326188070\",\"contactType\":\"Sales\"}},{\"@type\":\"Product\",\"@id\":\"https:\\\/\\\/novalion-med.com\\\/fr\\\/produit\\\/chariot-de-sauvetage-integral-en-acier-inoxydable-soude-2-tiroirs-1-porte-1-poubelle-2\\\/#wooCommerceProduct\",\"name\":\"Integral Welded Stainless Steel Rescue Trolley, 2 Drawers, 1 Door, 1 Dirt Can\",\"description\":\"Model NL230101-SSQJ04 is a stainless steel rescue trolley with material optional: 201\\\/304. It has integral welding structure, 2 drawers, 1 door and 1 dirt basin. The caster material is optional: 4 brake wheels\\\/mute wheels, and size is 65\\u00d741\\u00d786cm.\",\"url\":\"https:\\\/\\\/novalion-med.com\\\/fr\\\/produit\\\/chariot-de-sauvetage-integral-en-acier-inoxydable-soude-2-tiroirs-1-porte-1-poubelle-2\\\/\",\"sku\":\"NL230101-SSQJ04\",\"image\":{\"@type\":\"ImageObject\",\"url\":\"https:\\\/\\\/novalion-med.com\\\/wp-content\\\/uploads\\\/2025\\\/06\\\/NL230101-SSQJ04-Integral-Welded-Stainless-Steel-Rescue-Trolley-2-Drawers-1-Door-1-Dirt-Basin.webp\",\"@id\":\"https:\\\/\\\/novalion-med.com\\\/fr\\\/produit\\\/chariot-de-sauvetage-integral-en-acier-inoxydable-soude-2-tiroirs-1-porte-1-poubelle-2\\\/#productImage\",\"width\":1000,\"height\":1000,\"caption\":\"NL230101-SSQJ04 Integral Welded Stainless Steel Rescue Trolley 2 Drawers 1 Door 1 Dirt Basin\"},\"offers\":{\"@type\":\"Offer\",\"url\":\"https:\\\/\\\/novalion-med.com\\\/fr\\\/produit\\\/chariot-de-sauvetage-integral-en-acier-inoxydable-soude-2-tiroirs-1-porte-1-poubelle-2\\\/#wooCommerceOffer\",\"priceCurrency\":\"PHP\",\"category\":\"Rescue Trolleys\",\"availability\":\"https:\\\/\\\/schema.org\\\/InStock\",\"seller\":{\"@type\":\"Organization\",\"@id\":\"https:\\\/\\\/novalion-med.com\\\/fr\\\/#organization\"},\"price\":111}},{\"@type\":\"WebPage\",\"@id\":\"https:\\\/\\\/novalion-med.com\\\/fr\\\/produit\\\/chariot-de-sauvetage-integral-en-acier-inoxydable-soude-2-tiroirs-1-porte-1-poubelle-2\\\/#webpage\",\"url\":\"https:\\\/\\\/novalion-med.com\\\/fr\\\/produit\\\/chariot-de-sauvetage-integral-en-acier-inoxydable-soude-2-tiroirs-1-porte-1-poubelle-2\\\/\",\"name\":\"welded stainless steel rescue trolley 2 drawers 1 dirt basin\",\"description\":\"Integral welded stainless steel rescue trolley, 2 drawers, 1 door, 1 dirt basin, 65\\u00d741\\u00d786cm, 4 brake\\\/mute wheels optional.\",\"inLanguage\":\"fr-FR\",\"isPartOf\":{\"@id\":\"https:\\\/\\\/novalion-med.com\\\/fr\\\/#website\"},\"breadcrumb\":{\"@id\":\"https:\\\/\\\/novalion-med.com\\\/fr\\\/produit\\\/chariot-de-sauvetage-integral-en-acier-inoxydable-soude-2-tiroirs-1-porte-1-poubelle-2\\\/#breadcrumblist\"},\"image\":{\"@type\":\"ImageObject\",\"url\":\"https:\\\/\\\/novalion-med.com\\\/wp-content\\\/uploads\\\/2025\\\/06\\\/NL230101-SSQJ04-Integral-Welded-Stainless-Steel-Rescue-Trolley-2-Drawers-1-Door-1-Dirt-Basin.webp\",\"@id\":\"https:\\\/\\\/novalion-med.com\\\/fr\\\/produit\\\/chariot-de-sauvetage-integral-en-acier-inoxydable-soude-2-tiroirs-1-porte-1-poubelle-2\\\/#mainImage\",\"width\":1000,\"height\":1000,\"caption\":\"NL230101-SSQJ04 Integral Welded Stainless Steel Rescue Trolley 2 Drawers 1 Door 1 Dirt Basin\"},\"primaryImageOfPage\":{\"@id\":\"https:\\\/\\\/novalion-med.com\\\/fr\\\/produit\\\/chariot-de-sauvetage-integral-en-acier-inoxydable-soude-2-tiroirs-1-porte-1-poubelle-2\\\/#mainImage\"},\"datePublished\":\"2025-06-11T09:27:48+00:00\",\"dateModified\":\"2025-06-11T09:31:12+00:00\"},{\"@type\":\"WebSite\",\"@id\":\"https:\\\/\\\/novalion-med.com\\\/fr\\\/#website\",\"url\":\"https:\\\/\\\/novalion-med.com\\\/fr\\\/\",\"name\":\"novalion-med.com\",\"description\":\"Wheelchair, Hospital bed, Walker,Commode chair,Crutch...\",\"inLanguage\":\"fr-FR\",\"publisher\":{\"@id\":\"https:\\\/\\\/novalion-med.com\\\/fr\\\/#organization\"}}]}\n\t\t<\/script>\n\t\t<!-- All in One SEO Pro -->\r\n\t\t<title>welded stainless steel rescue trolley 2 drawers 1 dirt basin<\/title>\n\n","aioseo_head_json":{"title":"welded stainless steel rescue trolley 2 drawers 1 dirt basin","description":"Integral welded stainless steel rescue trolley, 2 drawers, 1 door, 1 dirt basin, 65\u00d741\u00d786cm, 4 brake\/mute wheels optional.","canonical_url":"https:\/\/novalion-med.com\/fr\/produit\/chariot-de-sauvetage-integral-en-acier-inoxydable-soude-2-tiroirs-1-porte-1-poubelle-2\/","robots":"max-image-preview:large","keywords":"","webmasterTools":{"google-site-verification":"XE0Krczs_zYC4qBAqnvyRaNEYa9NQEP4HzU7PPpzxoI","miscellaneous":""},"og:locale":"fr_FR","og:site_name":"Novalion Medical \u2013 Wheelchair, Hospital bed, Walker,Commode chair,Crutch...","og:type":"article","og:title":"welded stainless steel rescue trolley 2 drawers 1 dirt basin","og:description":"Integral welded stainless steel rescue trolley, 2 drawers, 1 door, 1 dirt basin, 65\u00d741\u00d786cm, 4 brake\/mute wheels optional.","og:url":"https:\/\/novalion-med.com\/fr\/produit\/chariot-de-sauvetage-integral-en-acier-inoxydable-soude-2-tiroirs-1-porte-1-poubelle-2\/","og:image":"https:\/\/novalion-med.com\/wp-content\/uploads\/2025\/04\/cropped-343496212_201698782614433_8037205422525878621_n-1.jpg","og:image:secure_url":"https:\/\/novalion-med.com\/wp-content\/uploads\/2025\/04\/cropped-343496212_201698782614433_8037205422525878621_n-1.jpg","og:image:width":512,"og:image:height":512,"article:published_time":"2025-06-11T09:27:48+00:00","article:modified_time":"2025-06-11T09:31:12+00:00","article:publisher":"https:\/\/www.facebook.com\/NovalionMedical\/","twitter:card":"summary_large_image","twitter:title":"welded stainless steel rescue trolley 2 drawers 1 dirt basin","twitter:description":"Integral welded stainless steel rescue trolley, 2 drawers, 1 door, 1 dirt basin, 65\u00d741\u00d786cm, 4 brake\/mute wheels optional.","twitter:image":"https:\/\/novalion-med.com\/wp-content\/uploads\/2025\/04\/cropped-343496212_201698782614433_8037205422525878621_n-1.jpg","schema":{"@context":"https:\/\/schema.org","@graph":[{"@type":"BreadcrumbList","@id":"https:\/\/novalion-med.com\/fr\/produit\/chariot-de-sauvetage-integral-en-acier-inoxydable-soude-2-tiroirs-1-porte-1-poubelle-2\/#breadcrumblist","itemListElement":[{"@type":"ListItem","@id":"https:\/\/novalion-med.com\/fr\/#listItem","position":1,"name":"Home","item":"https:\/\/novalion-med.com\/fr\/","nextItem":"https:\/\/novalion-med.com\/fr\/produit\/chariot-de-sauvetage-integral-en-acier-inoxydable-soude-2-tiroirs-1-porte-1-poubelle-2\/#listItem"},{"@type":"ListItem","@id":"https:\/\/novalion-med.com\/fr\/produit\/chariot-de-sauvetage-integral-en-acier-inoxydable-soude-2-tiroirs-1-porte-1-poubelle-2\/#listItem","position":2,"name":"Integral Welded Stainless Steel Rescue Trolley, 2 Drawers, 1 Door, 1 Dirt Can","previousItem":"https:\/\/novalion-med.com\/fr\/#listItem"}]},{"@type":"Organization","@id":"https:\/\/novalion-med.com\/fr\/#organization","name":"novalion-med.com","url":"https:\/\/novalion-med.com\/fr\/","logo":{"@type":"ImageObject","url":"https:\/\/novalion-med.com\/wp-content\/uploads\/2025\/04\/cropped-343496212_201698782614433_8037205422525878621_n-1.jpg","@id":"https:\/\/novalion-med.com\/fr\/produit\/chariot-de-sauvetage-integral-en-acier-inoxydable-soude-2-tiroirs-1-porte-1-poubelle-2\/#organizationLogo","width":512,"height":512},"image":{"@id":"https:\/\/novalion-med.com\/fr\/produit\/chariot-de-sauvetage-integral-en-acier-inoxydable-soude-2-tiroirs-1-porte-1-poubelle-2\/#organizationLogo"},"sameAs":["https:\/\/www.facebook.com\/NovalionMedical\/","https:\/\/www.youtube.com\/@NwlMedicalInstrument"],"contactPoint":{"@type":"ContactPoint","telephone":"+8618326188070","contactType":"Sales"}},{"@type":"Product","@id":"https:\/\/novalion-med.com\/fr\/produit\/chariot-de-sauvetage-integral-en-acier-inoxydable-soude-2-tiroirs-1-porte-1-poubelle-2\/#wooCommerceProduct","name":"Integral Welded Stainless Steel Rescue Trolley, 2 Drawers, 1 Door, 1 Dirt Can","description":"Model NL230101-SSQJ04 is a stainless steel rescue trolley with material optional: 201\/304. It has integral welding structure, 2 drawers, 1 door and 1 dirt basin. The caster material is optional: 4 brake wheels\/mute wheels, and size is 65\u00d741\u00d786cm.","url":"https:\/\/novalion-med.com\/fr\/produit\/chariot-de-sauvetage-integral-en-acier-inoxydable-soude-2-tiroirs-1-porte-1-poubelle-2\/","sku":"NL230101-SSQJ04","image":{"@type":"ImageObject","url":"https:\/\/novalion-med.com\/wp-content\/uploads\/2025\/06\/NL230101-SSQJ04-Integral-Welded-Stainless-Steel-Rescue-Trolley-2-Drawers-1-Door-1-Dirt-Basin.webp","@id":"https:\/\/novalion-med.com\/fr\/produit\/chariot-de-sauvetage-integral-en-acier-inoxydable-soude-2-tiroirs-1-porte-1-poubelle-2\/#productImage","width":1000,"height":1000,"caption":"NL230101-SSQJ04 Integral Welded Stainless Steel Rescue Trolley 2 Drawers 1 Door 1 Dirt Basin"},"offers":{"@type":"Offer","url":"https:\/\/novalion-med.com\/fr\/produit\/chariot-de-sauvetage-integral-en-acier-inoxydable-soude-2-tiroirs-1-porte-1-poubelle-2\/#wooCommerceOffer","priceCurrency":"PHP","category":"Rescue Trolleys","availability":"https:\/\/schema.org\/InStock","seller":{"@type":"Organization","@id":"https:\/\/novalion-med.com\/fr\/#organization"},"price":111}},{"@type":"WebPage","@id":"https:\/\/novalion-med.com\/fr\/produit\/chariot-de-sauvetage-integral-en-acier-inoxydable-soude-2-tiroirs-1-porte-1-poubelle-2\/#webpage","url":"https:\/\/novalion-med.com\/fr\/produit\/chariot-de-sauvetage-integral-en-acier-inoxydable-soude-2-tiroirs-1-porte-1-poubelle-2\/","name":"welded stainless steel rescue trolley 2 drawers 1 dirt basin","description":"Integral welded stainless steel rescue trolley, 2 drawers, 1 door, 1 dirt basin, 65\u00d741\u00d786cm, 4 brake\/mute wheels optional.","inLanguage":"fr-FR","isPartOf":{"@id":"https:\/\/novalion-med.com\/fr\/#website"},"breadcrumb":{"@id":"https:\/\/novalion-med.com\/fr\/produit\/chariot-de-sauvetage-integral-en-acier-inoxydable-soude-2-tiroirs-1-porte-1-poubelle-2\/#breadcrumblist"},"image":{"@type":"ImageObject","url":"https:\/\/novalion-med.com\/wp-content\/uploads\/2025\/06\/NL230101-SSQJ04-Integral-Welded-Stainless-Steel-Rescue-Trolley-2-Drawers-1-Door-1-Dirt-Basin.webp","@id":"https:\/\/novalion-med.com\/fr\/produit\/chariot-de-sauvetage-integral-en-acier-inoxydable-soude-2-tiroirs-1-porte-1-poubelle-2\/#mainImage","width":1000,"height":1000,"caption":"NL230101-SSQJ04 Integral Welded Stainless Steel Rescue Trolley 2 Drawers 1 Door 1 Dirt Basin"},"primaryImageOfPage":{"@id":"https:\/\/novalion-med.com\/fr\/produit\/chariot-de-sauvetage-integral-en-acier-inoxydable-soude-2-tiroirs-1-porte-1-poubelle-2\/#mainImage"},"datePublished":"2025-06-11T09:27:48+00:00","dateModified":"2025-06-11T09:31:12+00:00"},{"@type":"WebSite","@id":"https:\/\/novalion-med.com\/fr\/#website","url":"https:\/\/novalion-med.com\/fr\/","name":"novalion-med.com","description":"Wheelchair, Hospital bed, Walker,Commode chair,Crutch...","inLanguage":"fr-FR","publisher":{"@id":"https:\/\/novalion-med.com\/fr\/#organization"}}]}},"aioseo_meta_data":{"post_id":"5056","title":"welded stainless steel rescue trolley 2 drawers 1 dirt basin","description":"Integral welded stainless steel rescue trolley, 2 drawers, 1 door, 1 dirt basin, 65\u00d741\u00d786cm, 4 brake\/mute wheels optional.","keywords":"[]","keyphrases":"{\"focus\":{\"keyphrase\":\"\",\"score\":0,\"analysis\":{\"keyphraseInTitle\":{\"score\":0,\"maxScore\":9,\"error\":1}}},\"additional\":[]}","primary_term":null,"canonical_url":null,"og_title":null,"og_description":null,"og_object_type":"default","og_image_type":"default","og_image_url":null,"og_image_width":null,"og_image_height":null,"og_image_custom_url":null,"og_image_custom_fields":null,"og_video":"","og_custom_url":null,"og_article_section":null,"og_article_tags":"[]","twitter_use_og":false,"twitter_card":"default","twitter_image_type":"default","twitter_image_url":null,"twitter_image_custom_url":null,"twitter_image_custom_fields":null,"twitter_title":null,"twitter_description":null,"schema":{"blockGraphs":[],"customGraphs":[],"default":{"data":{"Article":[],"Course":[],"Dataset":[],"FAQPage":[],"Movie":[],"Person":[],"Product":[],"Recipe":[],"Service":[],"SoftwareApplication":[],"WebPage":[]},"graphName":"Product","isEnabled":true},"graphs":[]},"schema_type":"default","schema_type_options":null,"pillar_content":false,"robots_default":true,"robots_noindex":false,"robots_noarchive":false,"robots_nosnippet":false,"robots_nofollow":false,"robots_noimageindex":false,"robots_noodp":false,"robots_notranslate":false,"robots_max_snippet":"-1","robots_max_videopreview":"-1","robots_max_imagepreview":"large","priority":null,"frequency":"default","local_seo":null,"limit_modified_date":false,"created":"2025-06-11 09:27:48","updated":"2025-06-11 09:45:10"},"_links":{"self":[{"href":"https:\/\/novalion-med.com\/fr\/wp-json\/wp\/v2\/product\/5056","targetHints":{"allow":["GET"]}}],"collection":[{"href":"https:\/\/novalion-med.com\/fr\/wp-json\/wp\/v2\/product"}],"about":[{"href":"https:\/\/novalion-med.com\/fr\/wp-json\/wp\/v2\/types\/product"}],"version-history":[{"count":4,"href":"https:\/\/novalion-med.com\/fr\/wp-json\/wp\/v2\/product\/5056\/revisions"}],"predecessor-version":[{"id":5060,"href":"https:\/\/novalion-med.com\/fr\/wp-json\/wp\/v2\/product\/5056\/revisions\/5060"}],"wp:featuredmedia":[{"embeddable":true,"href":"https:\/\/novalion-med.com\/fr\/wp-json\/wp\/v2\/media\/5032"}],"wp:attachment":[{"href":"https:\/\/novalion-med.com\/fr\/wp-json\/wp\/v2\/media?parent=5056"}],"wp:term":[{"taxonomy":"product_brand","embeddable":true,"href":"https:\/\/novalion-med.com\/fr\/wp-json\/wp\/v2\/product_brand?post=5056"},{"taxonomy":"product_cat","embeddable":true,"href":"https:\/\/novalion-med.com\/fr\/wp-json\/wp\/v2\/product_cat?post=5056"},{"taxonomy":"product_tag","embeddable":true,"href":"https:\/\/novalion-med.com\/fr\/wp-json\/wp\/v2\/product_tag?post=5056"}],"curies":[{"name":"wp","href":"https:\/\/api.w.org\/{rel}","templated":true}]}}