{"id":4976,"date":"2025-06-11T07:00:23","date_gmt":"2025-06-11T07:00:23","guid":{"rendered":"https:\/\/novalion-med.com\/?post_type=product&#038;p=4976"},"modified":"2025-06-11T07:05:58","modified_gmt":"2025-06-11T07:05:58","slug":"chariot-de-table-doperation-a-2-etages-en-acier-inoxydable-assemble","status":"publish","type":"product","link":"https:\/\/novalion-med.com\/fr\/produit\/chariot-de-table-doperation-a-2-etages-en-acier-inoxydable-assemble\/","title":{"rendered":"Chariot de table d'op\u00e9ration \u00e0 2 niveaux en acier inoxydable assembl\u00e9"},"content":{"rendered":"<div data-elementor-type=\"product-post\" data-elementor-id=\"4976\" class=\"elementor elementor-4976\" data-elementor-post-type=\"product\">\n\t\t\t\t<div class=\"elementor-element elementor-element-1c93f1cb e-con-full e-flex e-con e-parent\" data-id=\"1c93f1cb\" data-element_type=\"container\">\n\t\t\t\t<div class=\"elementor-element elementor-element-2240ff1 elementor-widget elementor-widget-heading\" data-id=\"2240ff1\" data-element_type=\"widget\" data-widget_type=\"heading.default\">\n\t\t\t\t<div class=\"elementor-widget-container\">\n\t\t\t\t\t<h2 class=\"elementor-heading-title elementor-size-default\">Chariot de table d'op\u00e9ration \u00e0 2 niveaux en acier inoxydable assembl\u00e9<\/h2>\t\t\t\t<\/div>\n\t\t\t\t<\/div>\n\t\t\t\t<div class=\"elementor-element elementor-element-45d8c46 elementor-widget elementor-widget-text-editor\" data-id=\"45d8c46\" data-element_type=\"widget\" data-widget_type=\"text-editor.default\">\n\t\t\t\t<div class=\"elementor-widget-container\">\n\t\t\t\t\t\t\t\t\t<p>Ces chariots \u00e0 deux couches, disponibles en structures assembl\u00e9es ou soud\u00e9es, permettent de soutenir les installations chirurgicales. Avec des dimensions allant jusqu'\u00e0 155\u00d746 cm, ils offrent suffisamment d'espace pour les instruments, tandis que les roues frein\u00e9es\/mut\u00e9es en option garantissent la stabilit\u00e9 pendant les proc\u00e9dures.<\/p>\t\t\t\t\t\t\t\t<\/div>\n\t\t\t\t<\/div>\n\t\t\t\t<div class=\"elementor-element elementor-element-7152afc elementor-widget elementor-widget-text-editor\" data-id=\"7152afc\" data-element_type=\"widget\" data-widget_type=\"text-editor.default\">\n\t\t\t\t<div class=\"elementor-widget-container\">\n\t\t\t\t\t\t\t\t\t<h2>Caract\u00e9ristiques principales<\/h2><p>Chariot de table d'op\u00e9ration facile \u00e0 assembler, r\u00e9glable en 3 tailles pour une installation sans faille dans n'importe quelle salle d'op\u00e9ration.<\/p><ul><li>Chariot de table d'op\u00e9ration assembl\u00e9 (2 couches)<\/li><li>Tailles ajustables : 120\u00d746\u00d786cm(S)\/140\u00d746\u00d786cm(M)\/155\u00d746\u00d786cm(L)<\/li><li>Acier 201\/304 pour la st\u00e9rilisation<\/li><li>Roues de sourdine\/frein pour utilisation en salle d'op\u00e9ration<\/li><\/ul>\t\t\t\t\t\t\t\t<\/div>\n\t\t\t\t<\/div>\n\t\t\t\t<div class=\"elementor-element elementor-element-3a02177 elementor-widget elementor-widget-text-editor\" data-id=\"3a02177\" data-element_type=\"widget\" data-widget_type=\"text-editor.default\">\n\t\t\t\t<div class=\"elementor-widget-container\">\n\t\t\t\t\t\t\t\t\t<h2>Sp\u00e9cifications<\/h2><table width=\"160\"><tbody><tr><td width=\"80\">Mat\u00e9riau en option<\/td><td width=\"80\">\u00a0Acier inoxydable 201\/304<\/td><\/tr><tr><td>Structure<\/td><td>\u00a0Assembl\u00e9, 2 couches<\/td><\/tr><tr><td>Mat\u00e9riau des roulettes en option<\/td><td>\u00a04 roues de frein\/roues de sourdine<\/td><\/tr><tr><td>Taille en option<\/td><td>120*46*86cm(S)<\/td><\/tr><tr><td>\u00a0<\/td><td>140*46*86cm(M)<\/td><\/tr><tr><td>\u00a0<\/td><td>155*46*86cm(L)<\/td><\/tr><\/tbody><\/table>\t\t\t\t\t\t\t\t<\/div>\n\t\t\t\t<\/div>\n\t\t\t\t<div class=\"elementor-element elementor-element-2996df9 elementor-widget elementor-widget-text-editor\" data-id=\"2996df9\" data-element_type=\"widget\" data-widget_type=\"text-editor.default\">\n\t\t\t\t<div class=\"elementor-widget-container\">\n\t\t\t\t\t\t\t\t\t<p>D'autres \u00e9quipements m\u00e9dicaux peuvent \u00eatre trouv\u00e9s dans <a href=\"https:\/\/novalion-med.com\/fr\/\" target=\"_blank\" rel=\"noopener\">notre site web<\/a> ou <a href=\"https:\/\/api.whatsapp.com\/send\/?phone=%2B008618112908401&amp;text&amp;type=phone_number&amp;app_absent=0\" target=\"_blank\" rel=\"noopener\">notre whatsapp<\/a>.<\/p>\t\t\t\t\t\t\t\t<\/div>\n\t\t\t\t<\/div>\n\t\t\t\t<\/div>\n\t\t\t\t<\/div>","protected":false},"excerpt":{"rendered":"<p>Le mod\u00e8le NL230101-SSSS01 est un chariot de table d'op\u00e9ration en acier inoxydable, mat\u00e9riau optionnel : 201\/304. Sa structure est assembl\u00e9e en deux couches. Le mat\u00e9riau des roulettes est optionnel : 4 roues de frein\/roues muettes, et les tailles sont optionnelles : 120\u00d746\u00d786cm(S)\/140\u00d746\u00d786cm(M)\/155\u00d746\u00d786cm(L).<\/p>","protected":false},"featured_media":4974,"template":"elementor_theme","meta":{"site-sidebar-layout":"default","site-content-layout":"","ast-site-content-layout":"default","site-content-style":"default","site-sidebar-style":"default","ast-global-header-display":"","ast-banner-title-visibility":"","ast-main-header-display":"","ast-hfb-above-header-display":"","ast-hfb-below-header-display":"","ast-hfb-mobile-header-display":"","site-post-title":"","ast-breadcrumbs-content":"","ast-featured-img":"","footer-sml-layout":"","theme-transparent-header-meta":"default","adv-header-id-meta":"","stick-header-meta":"default","header-above-stick-meta":"","header-main-stick-meta":"","header-below-stick-meta":"","astra-migrate-meta-layouts":"set","ast-page-background-enabled":"default","ast-page-background-meta":{"desktop":{"background-color":"var(--ast-global-color-4)","background-image":"","background-repeat":"repeat","background-position":"center center","background-size":"auto","background-attachment":"scroll","background-type":"","background-media":"","overlay-type":"","overlay-color":"","overlay-opacity":"","overlay-gradient":""},"tablet":{"background-color":"","background-image":"","background-repeat":"repeat","background-position":"center center","background-size":"auto","background-attachment":"scroll","background-type":"","background-media":"","overlay-type":"","overlay-color":"","overlay-opacity":"","overlay-gradient":""},"mobile":{"background-color":"","background-image":"","background-repeat":"repeat","background-position":"center center","background-size":"auto","background-attachment":"scroll","background-type":"","background-media":"","overlay-type":"","overlay-color":"","overlay-opacity":"","overlay-gradient":""}},"ast-content-background-meta":{"desktop":{"background-color":"var(--ast-global-color-5)","background-image":"","background-repeat":"repeat","background-position":"center center","background-size":"auto","background-attachment":"scroll","background-type":"","background-media":"","overlay-type":"","overlay-color":"","overlay-opacity":"","overlay-gradient":""},"tablet":{"background-color":"var(--ast-global-color-5)","background-image":"","background-repeat":"repeat","background-position":"center center","background-size":"auto","background-attachment":"scroll","background-type":"","background-media":"","overlay-type":"","overlay-color":"","overlay-opacity":"","overlay-gradient":""},"mobile":{"background-color":"var(--ast-global-color-5)","background-image":"","background-repeat":"repeat","background-position":"center center","background-size":"auto","background-attachment":"scroll","background-type":"","background-media":"","overlay-type":"","overlay-color":"","overlay-opacity":"","overlay-gradient":""}}},"product_brand":[],"product_cat":[85],"product_tag":[],"class_list":{"0":"post-4976","1":"product","2":"type-product","3":"status-publish","4":"has-post-thumbnail","6":"product_cat-operating-table-trolleys","7":"desktop-align-center","8":"tablet-align-left","9":"mobile-align-left","10":"ast-product-gallery-layout-horizontal-slider","11":"ast-product-gallery-with-no-image","12":"ast-magnify-disabled","13":"ast-product-tabs-layout-accordion","14":"ast-qv-on-image","16":"first","17":"instock","18":"shipping-taxable","19":"purchasable","20":"product-type-simple"},"aioseo_notices":[],"aioseo_head":"\n\t\t<!-- All in One SEO Pro 4.6.0 - aioseo.com -->\n\t\t<meta name=\"description\" content=\"Assembled 2-layer stainless steel operating table trolley, sizes:120\u00d746\u00d786cm(S)\/140\u00d746\u00d786cm(M)\/155\u00d746\u00d786cm(L), 4 brake\/mute wheels optional.\" \/>\n\t\t<meta name=\"robots\" content=\"max-image-preview:large\" \/>\n\t\t<meta name=\"google-site-verification\" content=\"XE0Krczs_zYC4qBAqnvyRaNEYa9NQEP4HzU7PPpzxoI\" \/>\n\t\t<link rel=\"canonical\" href=\"https:\/\/novalion-med.com\/fr\/produit\/chariot-de-table-doperation-a-2-etages-en-acier-inoxydable-assemble\/\" \/>\n\t\t<meta name=\"generator\" content=\"All in One SEO Pro (AIOSEO) 4.6.0\" \/>\n\t\t<meta property=\"og:locale\" content=\"fr_FR\" \/>\n\t\t<meta property=\"og:site_name\" content=\"Novalion Medical \u2013 Wheelchair, Hospital bed, Walker,Commode chair,Crutch...\" \/>\n\t\t<meta property=\"og:type\" content=\"article\" \/>\n\t\t<meta property=\"og:title\" content=\"Assembled 2-layer stainless steel operating table trolley\" \/>\n\t\t<meta property=\"og:description\" content=\"Assembled 2-layer stainless steel operating table trolley, sizes:120\u00d746\u00d786cm(S)\/140\u00d746\u00d786cm(M)\/155\u00d746\u00d786cm(L), 4 brake\/mute wheels optional.\" \/>\n\t\t<meta property=\"og:url\" content=\"https:\/\/novalion-med.com\/fr\/produit\/chariot-de-table-doperation-a-2-etages-en-acier-inoxydable-assemble\/\" \/>\n\t\t<meta property=\"og:image\" content=\"https:\/\/novalion-med.com\/wp-content\/uploads\/2025\/04\/cropped-343496212_201698782614433_8037205422525878621_n-1.jpg\" \/>\n\t\t<meta property=\"og:image:secure_url\" content=\"https:\/\/novalion-med.com\/wp-content\/uploads\/2025\/04\/cropped-343496212_201698782614433_8037205422525878621_n-1.jpg\" \/>\n\t\t<meta property=\"og:image:width\" content=\"512\" \/>\n\t\t<meta property=\"og:image:height\" content=\"512\" \/>\n\t\t<meta property=\"article:published_time\" content=\"2025-06-11T07:00:23+00:00\" \/>\n\t\t<meta property=\"article:modified_time\" content=\"2025-06-11T07:05:58+00:00\" \/>\n\t\t<meta property=\"article:publisher\" content=\"https:\/\/www.facebook.com\/NovalionMedical\/\" \/>\n\t\t<meta name=\"twitter:card\" content=\"summary_large_image\" \/>\n\t\t<meta name=\"twitter:title\" content=\"Assembled 2-layer stainless steel operating table trolley\" \/>\n\t\t<meta name=\"twitter:description\" content=\"Assembled 2-layer stainless steel operating table trolley, sizes:120\u00d746\u00d786cm(S)\/140\u00d746\u00d786cm(M)\/155\u00d746\u00d786cm(L), 4 brake\/mute wheels optional.\" \/>\n\t\t<meta name=\"twitter:image\" content=\"https:\/\/novalion-med.com\/wp-content\/uploads\/2025\/04\/cropped-343496212_201698782614433_8037205422525878621_n-1.jpg\" \/>\n\t\t<script type=\"application\/ld+json\" class=\"aioseo-schema\">\n\t\t\t{\"@context\":\"https:\\\/\\\/schema.org\",\"@graph\":[{\"@type\":\"BreadcrumbList\",\"@id\":\"https:\\\/\\\/novalion-med.com\\\/fr\\\/produit\\\/chariot-de-table-doperation-a-2-etages-en-acier-inoxydable-assemble\\\/#breadcrumblist\",\"itemListElement\":[{\"@type\":\"ListItem\",\"@id\":\"https:\\\/\\\/novalion-med.com\\\/fr\\\/#listItem\",\"position\":1,\"name\":\"Home\",\"item\":\"https:\\\/\\\/novalion-med.com\\\/fr\\\/\",\"nextItem\":\"https:\\\/\\\/novalion-med.com\\\/fr\\\/produit\\\/chariot-de-table-doperation-a-2-etages-en-acier-inoxydable-assemble\\\/#listItem\"},{\"@type\":\"ListItem\",\"@id\":\"https:\\\/\\\/novalion-med.com\\\/fr\\\/produit\\\/chariot-de-table-doperation-a-2-etages-en-acier-inoxydable-assemble\\\/#listItem\",\"position\":2,\"name\":\"Assembled Stainless Steel 2-Layer Operating Table Trolley\",\"previousItem\":\"https:\\\/\\\/novalion-med.com\\\/fr\\\/#listItem\"}]},{\"@type\":\"Organization\",\"@id\":\"https:\\\/\\\/novalion-med.com\\\/fr\\\/#organization\",\"name\":\"novalion-med.com\",\"url\":\"https:\\\/\\\/novalion-med.com\\\/fr\\\/\",\"logo\":{\"@type\":\"ImageObject\",\"url\":\"https:\\\/\\\/novalion-med.com\\\/wp-content\\\/uploads\\\/2025\\\/04\\\/cropped-343496212_201698782614433_8037205422525878621_n-1.jpg\",\"@id\":\"https:\\\/\\\/novalion-med.com\\\/fr\\\/produit\\\/chariot-de-table-doperation-a-2-etages-en-acier-inoxydable-assemble\\\/#organizationLogo\",\"width\":512,\"height\":512},\"image\":{\"@id\":\"https:\\\/\\\/novalion-med.com\\\/fr\\\/produit\\\/chariot-de-table-doperation-a-2-etages-en-acier-inoxydable-assemble\\\/#organizationLogo\"},\"sameAs\":[\"https:\\\/\\\/www.facebook.com\\\/NovalionMedical\\\/\",\"https:\\\/\\\/www.youtube.com\\\/@NwlMedicalInstrument\"],\"contactPoint\":{\"@type\":\"ContactPoint\",\"telephone\":\"+8618326188070\",\"contactType\":\"Sales\"}},{\"@type\":\"Product\",\"@id\":\"https:\\\/\\\/novalion-med.com\\\/fr\\\/produit\\\/chariot-de-table-doperation-a-2-etages-en-acier-inoxydable-assemble\\\/#wooCommerceProduct\",\"name\":\"Assembled Stainless Steel 2-Layer Operating Table Trolley\",\"description\":\"Model NL230101-SSSS01 is a stainless steel operating table trolley with material optional: 201\\\/304. It has an assembled structure with 2 layers. The caster material is optional: 4 brake wheels\\\/mute wheels, and sizes are optional: 120\\u00d746\\u00d786cm(S)\\\/140\\u00d746\\u00d786cm(M)\\\/155\\u00d746\\u00d786cm(L).\",\"url\":\"https:\\\/\\\/novalion-med.com\\\/fr\\\/produit\\\/chariot-de-table-doperation-a-2-etages-en-acier-inoxydable-assemble\\\/\",\"sku\":\"NL230101-SSSS01\",\"image\":{\"@type\":\"ImageObject\",\"url\":\"https:\\\/\\\/novalion-med.com\\\/wp-content\\\/uploads\\\/2025\\\/06\\\/NL230101-SSSS01-Assembled-Stainless-Steel-2-Layer-Operating-Table-Trolley.webp\",\"@id\":\"https:\\\/\\\/novalion-med.com\\\/fr\\\/produit\\\/chariot-de-table-doperation-a-2-etages-en-acier-inoxydable-assemble\\\/#productImage\",\"width\":800,\"height\":800,\"caption\":\"NL230101-SSSS01 Assembled Stainless Steel 2-Layer Operating Table Trolley\"},\"offers\":{\"@type\":\"Offer\",\"url\":\"https:\\\/\\\/novalion-med.com\\\/fr\\\/produit\\\/chariot-de-table-doperation-a-2-etages-en-acier-inoxydable-assemble\\\/#wooCommerceOffer\",\"priceCurrency\":\"PHP\",\"category\":\"Operating Table Trolleys\",\"availability\":\"https:\\\/\\\/schema.org\\\/InStock\",\"seller\":{\"@type\":\"Organization\",\"@id\":\"https:\\\/\\\/novalion-med.com\\\/fr\\\/#organization\"},\"price\":111}},{\"@type\":\"WebPage\",\"@id\":\"https:\\\/\\\/novalion-med.com\\\/fr\\\/produit\\\/chariot-de-table-doperation-a-2-etages-en-acier-inoxydable-assemble\\\/#webpage\",\"url\":\"https:\\\/\\\/novalion-med.com\\\/fr\\\/produit\\\/chariot-de-table-doperation-a-2-etages-en-acier-inoxydable-assemble\\\/\",\"name\":\"Assembled 2-layer stainless steel operating table trolley\",\"description\":\"Assembled 2-layer stainless steel operating table trolley, sizes:120\\u00d746\\u00d786cm(S)\\\/140\\u00d746\\u00d786cm(M)\\\/155\\u00d746\\u00d786cm(L), 4 brake\\\/mute wheels optional.\",\"inLanguage\":\"fr-FR\",\"isPartOf\":{\"@id\":\"https:\\\/\\\/novalion-med.com\\\/fr\\\/#website\"},\"breadcrumb\":{\"@id\":\"https:\\\/\\\/novalion-med.com\\\/fr\\\/produit\\\/chariot-de-table-doperation-a-2-etages-en-acier-inoxydable-assemble\\\/#breadcrumblist\"},\"image\":{\"@type\":\"ImageObject\",\"url\":\"https:\\\/\\\/novalion-med.com\\\/wp-content\\\/uploads\\\/2025\\\/06\\\/NL230101-SSSS01-Assembled-Stainless-Steel-2-Layer-Operating-Table-Trolley.webp\",\"@id\":\"https:\\\/\\\/novalion-med.com\\\/fr\\\/produit\\\/chariot-de-table-doperation-a-2-etages-en-acier-inoxydable-assemble\\\/#mainImage\",\"width\":800,\"height\":800,\"caption\":\"NL230101-SSSS01 Assembled Stainless Steel 2-Layer Operating Table Trolley\"},\"primaryImageOfPage\":{\"@id\":\"https:\\\/\\\/novalion-med.com\\\/fr\\\/produit\\\/chariot-de-table-doperation-a-2-etages-en-acier-inoxydable-assemble\\\/#mainImage\"},\"datePublished\":\"2025-06-11T07:00:23+00:00\",\"dateModified\":\"2025-06-11T07:05:58+00:00\"},{\"@type\":\"WebSite\",\"@id\":\"https:\\\/\\\/novalion-med.com\\\/fr\\\/#website\",\"url\":\"https:\\\/\\\/novalion-med.com\\\/fr\\\/\",\"name\":\"novalion-med.com\",\"description\":\"Wheelchair, Hospital bed, Walker,Commode chair,Crutch...\",\"inLanguage\":\"fr-FR\",\"publisher\":{\"@id\":\"https:\\\/\\\/novalion-med.com\\\/fr\\\/#organization\"}}]}\n\t\t<\/script>\n\t\t<!-- All in One SEO Pro -->\r\n\t\t<title>Assembled 2-layer stainless steel operating table trolley<\/title>\n\n","aioseo_head_json":{"title":"Assembled 2-layer stainless steel operating table trolley","description":"Assembled 2-layer stainless steel operating table trolley, sizes:120\u00d746\u00d786cm(S)\/140\u00d746\u00d786cm(M)\/155\u00d746\u00d786cm(L), 4 brake\/mute wheels optional.","canonical_url":"https:\/\/novalion-med.com\/fr\/produit\/chariot-de-table-doperation-a-2-etages-en-acier-inoxydable-assemble\/","robots":"max-image-preview:large","keywords":"","webmasterTools":{"google-site-verification":"XE0Krczs_zYC4qBAqnvyRaNEYa9NQEP4HzU7PPpzxoI","miscellaneous":""},"og:locale":"fr_FR","og:site_name":"Novalion Medical \u2013 Wheelchair, Hospital bed, Walker,Commode chair,Crutch...","og:type":"article","og:title":"Assembled 2-layer stainless steel operating table trolley","og:description":"Assembled 2-layer stainless steel operating table trolley, sizes:120\u00d746\u00d786cm(S)\/140\u00d746\u00d786cm(M)\/155\u00d746\u00d786cm(L), 4 brake\/mute wheels optional.","og:url":"https:\/\/novalion-med.com\/fr\/produit\/chariot-de-table-doperation-a-2-etages-en-acier-inoxydable-assemble\/","og:image":"https:\/\/novalion-med.com\/wp-content\/uploads\/2025\/04\/cropped-343496212_201698782614433_8037205422525878621_n-1.jpg","og:image:secure_url":"https:\/\/novalion-med.com\/wp-content\/uploads\/2025\/04\/cropped-343496212_201698782614433_8037205422525878621_n-1.jpg","og:image:width":512,"og:image:height":512,"article:published_time":"2025-06-11T07:00:23+00:00","article:modified_time":"2025-06-11T07:05:58+00:00","article:publisher":"https:\/\/www.facebook.com\/NovalionMedical\/","twitter:card":"summary_large_image","twitter:title":"Assembled 2-layer stainless steel operating table trolley","twitter:description":"Assembled 2-layer stainless steel operating table trolley, sizes:120\u00d746\u00d786cm(S)\/140\u00d746\u00d786cm(M)\/155\u00d746\u00d786cm(L), 4 brake\/mute wheels optional.","twitter:image":"https:\/\/novalion-med.com\/wp-content\/uploads\/2025\/04\/cropped-343496212_201698782614433_8037205422525878621_n-1.jpg","schema":{"@context":"https:\/\/schema.org","@graph":[{"@type":"BreadcrumbList","@id":"https:\/\/novalion-med.com\/fr\/produit\/chariot-de-table-doperation-a-2-etages-en-acier-inoxydable-assemble\/#breadcrumblist","itemListElement":[{"@type":"ListItem","@id":"https:\/\/novalion-med.com\/fr\/#listItem","position":1,"name":"Home","item":"https:\/\/novalion-med.com\/fr\/","nextItem":"https:\/\/novalion-med.com\/fr\/produit\/chariot-de-table-doperation-a-2-etages-en-acier-inoxydable-assemble\/#listItem"},{"@type":"ListItem","@id":"https:\/\/novalion-med.com\/fr\/produit\/chariot-de-table-doperation-a-2-etages-en-acier-inoxydable-assemble\/#listItem","position":2,"name":"Assembled Stainless Steel 2-Layer Operating Table Trolley","previousItem":"https:\/\/novalion-med.com\/fr\/#listItem"}]},{"@type":"Organization","@id":"https:\/\/novalion-med.com\/fr\/#organization","name":"novalion-med.com","url":"https:\/\/novalion-med.com\/fr\/","logo":{"@type":"ImageObject","url":"https:\/\/novalion-med.com\/wp-content\/uploads\/2025\/04\/cropped-343496212_201698782614433_8037205422525878621_n-1.jpg","@id":"https:\/\/novalion-med.com\/fr\/produit\/chariot-de-table-doperation-a-2-etages-en-acier-inoxydable-assemble\/#organizationLogo","width":512,"height":512},"image":{"@id":"https:\/\/novalion-med.com\/fr\/produit\/chariot-de-table-doperation-a-2-etages-en-acier-inoxydable-assemble\/#organizationLogo"},"sameAs":["https:\/\/www.facebook.com\/NovalionMedical\/","https:\/\/www.youtube.com\/@NwlMedicalInstrument"],"contactPoint":{"@type":"ContactPoint","telephone":"+8618326188070","contactType":"Sales"}},{"@type":"Product","@id":"https:\/\/novalion-med.com\/fr\/produit\/chariot-de-table-doperation-a-2-etages-en-acier-inoxydable-assemble\/#wooCommerceProduct","name":"Assembled Stainless Steel 2-Layer Operating Table Trolley","description":"Model NL230101-SSSS01 is a stainless steel operating table trolley with material optional: 201\/304. It has an assembled structure with 2 layers. The caster material is optional: 4 brake wheels\/mute wheels, and sizes are optional: 120\u00d746\u00d786cm(S)\/140\u00d746\u00d786cm(M)\/155\u00d746\u00d786cm(L).","url":"https:\/\/novalion-med.com\/fr\/produit\/chariot-de-table-doperation-a-2-etages-en-acier-inoxydable-assemble\/","sku":"NL230101-SSSS01","image":{"@type":"ImageObject","url":"https:\/\/novalion-med.com\/wp-content\/uploads\/2025\/06\/NL230101-SSSS01-Assembled-Stainless-Steel-2-Layer-Operating-Table-Trolley.webp","@id":"https:\/\/novalion-med.com\/fr\/produit\/chariot-de-table-doperation-a-2-etages-en-acier-inoxydable-assemble\/#productImage","width":800,"height":800,"caption":"NL230101-SSSS01 Assembled Stainless Steel 2-Layer Operating Table Trolley"},"offers":{"@type":"Offer","url":"https:\/\/novalion-med.com\/fr\/produit\/chariot-de-table-doperation-a-2-etages-en-acier-inoxydable-assemble\/#wooCommerceOffer","priceCurrency":"PHP","category":"Operating Table Trolleys","availability":"https:\/\/schema.org\/InStock","seller":{"@type":"Organization","@id":"https:\/\/novalion-med.com\/fr\/#organization"},"price":111}},{"@type":"WebPage","@id":"https:\/\/novalion-med.com\/fr\/produit\/chariot-de-table-doperation-a-2-etages-en-acier-inoxydable-assemble\/#webpage","url":"https:\/\/novalion-med.com\/fr\/produit\/chariot-de-table-doperation-a-2-etages-en-acier-inoxydable-assemble\/","name":"Assembled 2-layer stainless steel operating table trolley","description":"Assembled 2-layer stainless steel operating table trolley, sizes:120\u00d746\u00d786cm(S)\/140\u00d746\u00d786cm(M)\/155\u00d746\u00d786cm(L), 4 brake\/mute wheels optional.","inLanguage":"fr-FR","isPartOf":{"@id":"https:\/\/novalion-med.com\/fr\/#website"},"breadcrumb":{"@id":"https:\/\/novalion-med.com\/fr\/produit\/chariot-de-table-doperation-a-2-etages-en-acier-inoxydable-assemble\/#breadcrumblist"},"image":{"@type":"ImageObject","url":"https:\/\/novalion-med.com\/wp-content\/uploads\/2025\/06\/NL230101-SSSS01-Assembled-Stainless-Steel-2-Layer-Operating-Table-Trolley.webp","@id":"https:\/\/novalion-med.com\/fr\/produit\/chariot-de-table-doperation-a-2-etages-en-acier-inoxydable-assemble\/#mainImage","width":800,"height":800,"caption":"NL230101-SSSS01 Assembled Stainless Steel 2-Layer Operating Table Trolley"},"primaryImageOfPage":{"@id":"https:\/\/novalion-med.com\/fr\/produit\/chariot-de-table-doperation-a-2-etages-en-acier-inoxydable-assemble\/#mainImage"},"datePublished":"2025-06-11T07:00:23+00:00","dateModified":"2025-06-11T07:05:58+00:00"},{"@type":"WebSite","@id":"https:\/\/novalion-med.com\/fr\/#website","url":"https:\/\/novalion-med.com\/fr\/","name":"novalion-med.com","description":"Wheelchair, Hospital bed, Walker,Commode chair,Crutch...","inLanguage":"fr-FR","publisher":{"@id":"https:\/\/novalion-med.com\/fr\/#organization"}}]}},"aioseo_meta_data":{"post_id":"4976","title":"Assembled 2-layer stainless steel operating table trolley","description":"Assembled 2-layer stainless steel operating table trolley, sizes:120\u00d746\u00d786cm(S)\/140\u00d746\u00d786cm(M)\/155\u00d746\u00d786cm(L), 4 brake\/mute wheels optional.","keywords":"[]","keyphrases":"{\"focus\":{\"keyphrase\":\"\",\"score\":0,\"analysis\":{\"keyphraseInTitle\":{\"score\":0,\"maxScore\":9,\"error\":1}}},\"additional\":[]}","primary_term":null,"canonical_url":null,"og_title":null,"og_description":null,"og_object_type":"default","og_image_type":"default","og_image_url":null,"og_image_width":null,"og_image_height":null,"og_image_custom_url":null,"og_image_custom_fields":null,"og_video":"","og_custom_url":null,"og_article_section":null,"og_article_tags":"[]","twitter_use_og":false,"twitter_card":"default","twitter_image_type":"default","twitter_image_url":null,"twitter_image_custom_url":null,"twitter_image_custom_fields":null,"twitter_title":null,"twitter_description":null,"schema":{"blockGraphs":[],"customGraphs":[],"default":{"data":{"Article":[],"Course":[],"Dataset":[],"FAQPage":[],"Movie":[],"Person":[],"Product":[],"Recipe":[],"Service":[],"SoftwareApplication":[],"WebPage":[]},"graphName":"Product","isEnabled":true},"graphs":[]},"schema_type":"default","schema_type_options":null,"pillar_content":false,"robots_default":true,"robots_noindex":false,"robots_noarchive":false,"robots_nosnippet":false,"robots_nofollow":false,"robots_noimageindex":false,"robots_noodp":false,"robots_notranslate":false,"robots_max_snippet":"-1","robots_max_videopreview":"-1","robots_max_imagepreview":"large","priority":null,"frequency":"default","local_seo":null,"limit_modified_date":false,"created":"2025-06-11 07:00:23","updated":"2025-06-11 07:16:38"},"_links":{"self":[{"href":"https:\/\/novalion-med.com\/fr\/wp-json\/wp\/v2\/product\/4976","targetHints":{"allow":["GET"]}}],"collection":[{"href":"https:\/\/novalion-med.com\/fr\/wp-json\/wp\/v2\/product"}],"about":[{"href":"https:\/\/novalion-med.com\/fr\/wp-json\/wp\/v2\/types\/product"}],"version-history":[{"count":5,"href":"https:\/\/novalion-med.com\/fr\/wp-json\/wp\/v2\/product\/4976\/revisions"}],"predecessor-version":[{"id":8257,"href":"https:\/\/novalion-med.com\/fr\/wp-json\/wp\/v2\/product\/4976\/revisions\/8257"}],"wp:featuredmedia":[{"embeddable":true,"href":"https:\/\/novalion-med.com\/fr\/wp-json\/wp\/v2\/media\/4974"}],"wp:attachment":[{"href":"https:\/\/novalion-med.com\/fr\/wp-json\/wp\/v2\/media?parent=4976"}],"wp:term":[{"taxonomy":"product_brand","embeddable":true,"href":"https:\/\/novalion-med.com\/fr\/wp-json\/wp\/v2\/product_brand?post=4976"},{"taxonomy":"product_cat","embeddable":true,"href":"https:\/\/novalion-med.com\/fr\/wp-json\/wp\/v2\/product_cat?post=4976"},{"taxonomy":"product_tag","embeddable":true,"href":"https:\/\/novalion-med.com\/fr\/wp-json\/wp\/v2\/product_tag?post=4976"}],"curies":[{"name":"wp","href":"https:\/\/api.w.org\/{rel}","templated":true}]}}