{"id":4819,"date":"2025-06-09T10:18:26","date_gmt":"2025-06-09T10:18:26","guid":{"rendered":"https:\/\/novalion-med.com\/?post_type=product&#038;p=4819"},"modified":"2025-06-09T10:22:21","modified_gmt":"2025-06-09T10:22:21","slug":"chariot-a-instruments-assemble-en-acier-inoxydable-a-2-niveaux-sans-tiroir-bassin-de-salete","status":"publish","type":"product","link":"https:\/\/novalion-med.com\/fr\/produit\/chariot-a-instruments-assemble-en-acier-inoxydable-a-2-niveaux-sans-tiroir-bassin-de-salete\/","title":{"rendered":"Chariot \u00e0 instruments assembl\u00e9 en acier inoxydable \u00e0 2 niveaux, sans tiroir ni bac \u00e0 salissures"},"content":{"rendered":"<div data-elementor-type=\"product-post\" data-elementor-id=\"4819\" class=\"elementor elementor-4819\" data-elementor-post-type=\"product\">\n\t\t\t\t<div class=\"elementor-element elementor-element-1c93f1cb e-con-full e-flex e-con e-parent\" data-id=\"1c93f1cb\" data-element_type=\"container\">\n\t\t\t\t<div class=\"elementor-element elementor-element-2240ff1 elementor-widget elementor-widget-heading\" data-id=\"2240ff1\" data-element_type=\"widget\" data-widget_type=\"heading.default\">\n\t\t\t\t<div class=\"elementor-widget-container\">\n\t\t\t\t\t<h2 class=\"elementor-heading-title elementor-size-default\">Chariot \u00e0 instruments assembl\u00e9 en acier inoxydable \u00e0 2 niveaux, sans tiroir ni bac \u00e0 salissures<\/h2>\t\t\t\t<\/div>\n\t\t\t\t<\/div>\n\t\t\t\t<div class=\"elementor-element elementor-element-45d8c46 elementor-widget elementor-widget-text-editor\" data-id=\"45d8c46\" data-element_type=\"widget\" data-widget_type=\"text-editor.default\">\n\t\t\t\t<div class=\"elementor-widget-container\">\n\t\t\t\t\t\t\t\t\t<p>Simplifiez le transport des instruments gr\u00e2ce \u00e0 ces chariots assembl\u00e9s en deux couches. Disponibles en 4 tailles (ES\/S\/M\/L), ils sont d\u00e9pourvus de tiroirs et de bacs \u00e0 salissures pour un rangement ouvert, id\u00e9al pour les outils l\u00e9gers. La construction en acier inoxydable durable et les roues silencieuses en option garantissent la fiabilit\u00e9 de l'utilisation clinique quotidienne.<\/p>\t\t\t\t\t\t\t\t<\/div>\n\t\t\t\t<\/div>\n\t\t\t\t<div class=\"elementor-element elementor-element-7152afc elementor-widget elementor-widget-text-editor\" data-id=\"7152afc\" data-element_type=\"widget\" data-widget_type=\"text-editor.default\">\n\t\t\t\t<div class=\"elementor-widget-container\">\n\t\t\t\t\t\t\t\t\t<h2>Caract\u00e9ristiques principales<\/h2><p>Modulaire et facile \u00e0 assembler, ce chariot en acier inoxydable \u00e0 deux couches s'adapte \u00e0 l'\u00e9volution des besoins - parfait pour un stockage flexible des instruments dans tout environnement m\u00e9dical.<\/p><ul><li>Conception simple \u00e0 deux couches pour le rangement des instruments essentiels<\/li><li>Structure modulaire assembl\u00e9e<\/li><li>Acier inoxydable 201\/304 (facile \u00e0 d\u00e9sinfecter)<\/li><li>Des dimensions multiples pour diff\u00e9rents d\u00e9partements<\/li><li>Configuration de la roue de sourdine silencieuse<\/li><\/ul>\t\t\t\t\t\t\t\t<\/div>\n\t\t\t\t<\/div>\n\t\t\t\t<div class=\"elementor-element elementor-element-3a02177 elementor-widget elementor-widget-text-editor\" data-id=\"3a02177\" data-element_type=\"widget\" data-widget_type=\"text-editor.default\">\n\t\t\t\t<div class=\"elementor-widget-container\">\n\t\t\t\t\t\t\t\t\t<h2>Sp\u00e9cifications<\/h2><table width=\"160\"><tbody><tr><td width=\"80\">Mat\u00e9riau en option<\/td><td width=\"80\">\u00a0Acier inoxydable 201\/304<\/td><\/tr><tr><td>Structure<\/td><td>\u00a0Assembl\u00e9, 2 couches<\/td><\/tr><tr><td>Tiroir<\/td><td>\u00a0aucun<\/td><\/tr><tr><td>Bassin de d\u00e9cantation<\/td><td>\u00a0aucun<\/td><\/tr><tr><td>Mat\u00e9riau des roulettes en option<\/td><td>\u00a04 roues de frein\/roues de sourdine<\/td><\/tr><tr><td>Taille en option<\/td><td>\u00a0<\/td><\/tr><tr><td>50\u00d740\u00d786cm(ES)<\/td><td>\u00a0<\/td><\/tr><tr><td>60\u00d740\u00d786cm(S)<\/td><td>\u00a0<\/td><\/tr><tr><td>66\u00d744\u00d786cm(M)<\/td><td>\u00a0<\/td><\/tr><tr><td>80\u00d748\u00d786cm(L)<\/td><td>\u00a0<\/td><\/tr><\/tbody><\/table>\t\t\t\t\t\t\t\t<\/div>\n\t\t\t\t<\/div>\n\t\t\t\t<div class=\"elementor-element elementor-element-2996df9 elementor-widget elementor-widget-text-editor\" data-id=\"2996df9\" data-element_type=\"widget\" data-widget_type=\"text-editor.default\">\n\t\t\t\t<div class=\"elementor-widget-container\">\n\t\t\t\t\t\t\t\t\t<p>D'autres \u00e9quipements m\u00e9dicaux peuvent \u00eatre trouv\u00e9s dans <a href=\"https:\/\/novalion-med.com\/fr\/\" target=\"_blank\" rel=\"noopener\">notre site web<\/a> ou <a href=\"https:\/\/api.whatsapp.com\/send\/?phone=%2B008618112908401&amp;text&amp;type=phone_number&amp;app_absent=0\" target=\"_blank\" rel=\"noopener\">notre whatsapp<\/a>.<\/p>\t\t\t\t\t\t\t\t<\/div>\n\t\t\t\t<\/div>\n\t\t\t\t<\/div>\n\t\t\t\t<\/div>","protected":false},"excerpt":{"rendered":"<p>Le mod\u00e8le NL230101-SSQX02 est un chariot \u00e0 instruments en acier inoxydable dont le mat\u00e9riau est en option : 201\/304. Il pr\u00e9sente une structure assembl\u00e9e en deux couches, sans tiroir ni bassin de d\u00e9cantation. Le mat\u00e9riau des roulettes est optionnel : 4 roues de frein\/roues silencieuses, et les dimensions sont les suivantes : 50\u00d740\u00d786cm(ES)\/60\u00d740\u00d786cm(S)\/66\u00d744\u00d786cm(M)\/80\u00d748\u00d786cm(L).<\/p>","protected":false},"featured_media":4812,"template":"elementor_theme","meta":{"site-sidebar-layout":"default","site-content-layout":"","ast-site-content-layout":"default","site-content-style":"default","site-sidebar-style":"default","ast-global-header-display":"","ast-banner-title-visibility":"","ast-main-header-display":"","ast-hfb-above-header-display":"","ast-hfb-below-header-display":"","ast-hfb-mobile-header-display":"","site-post-title":"","ast-breadcrumbs-content":"","ast-featured-img":"","footer-sml-layout":"","theme-transparent-header-meta":"default","adv-header-id-meta":"","stick-header-meta":"default","header-above-stick-meta":"","header-main-stick-meta":"","header-below-stick-meta":"","astra-migrate-meta-layouts":"set","ast-page-background-enabled":"default","ast-page-background-meta":{"desktop":{"background-color":"var(--ast-global-color-4)","background-image":"","background-repeat":"repeat","background-position":"center center","background-size":"auto","background-attachment":"scroll","background-type":"","background-media":"","overlay-type":"","overlay-color":"","overlay-opacity":"","overlay-gradient":""},"tablet":{"background-color":"","background-image":"","background-repeat":"repeat","background-position":"center center","background-size":"auto","background-attachment":"scroll","background-type":"","background-media":"","overlay-type":"","overlay-color":"","overlay-opacity":"","overlay-gradient":""},"mobile":{"background-color":"","background-image":"","background-repeat":"repeat","background-position":"center center","background-size":"auto","background-attachment":"scroll","background-type":"","background-media":"","overlay-type":"","overlay-color":"","overlay-opacity":"","overlay-gradient":""}},"ast-content-background-meta":{"desktop":{"background-color":"var(--ast-global-color-5)","background-image":"","background-repeat":"repeat","background-position":"center center","background-size":"auto","background-attachment":"scroll","background-type":"","background-media":"","overlay-type":"","overlay-color":"","overlay-opacity":"","overlay-gradient":""},"tablet":{"background-color":"var(--ast-global-color-5)","background-image":"","background-repeat":"repeat","background-position":"center center","background-size":"auto","background-attachment":"scroll","background-type":"","background-media":"","overlay-type":"","overlay-color":"","overlay-opacity":"","overlay-gradient":""},"mobile":{"background-color":"var(--ast-global-color-5)","background-image":"","background-repeat":"repeat","background-position":"center center","background-size":"auto","background-attachment":"scroll","background-type":"","background-media":"","overlay-type":"","overlay-color":"","overlay-opacity":"","overlay-gradient":""}}},"product_brand":[],"product_cat":[81],"product_tag":[],"class_list":{"0":"post-4819","1":"product","2":"type-product","3":"status-publish","4":"has-post-thumbnail","6":"product_cat-instrument-trolleys","7":"desktop-align-center","8":"tablet-align-left","9":"mobile-align-left","10":"ast-product-gallery-layout-horizontal-slider","11":"ast-product-gallery-with-no-image","12":"ast-magnify-disabled","13":"ast-product-tabs-layout-accordion","14":"ast-qv-on-image","16":"first","17":"instock","18":"shipping-taxable","19":"purchasable","20":"product-type-simple"},"aioseo_notices":[],"aioseo_head":"\n\t\t<!-- All in One SEO Pro 4.6.0 - aioseo.com -->\n\t\t<meta name=\"description\" content=\"Assembled 2-layer stainless steel instrument trolley, no drawers\/dirt basins, sizes: ES\/S\/M\/L, 4 brake\/mute wheels optional.\" \/>\n\t\t<meta name=\"robots\" content=\"max-image-preview:large\" \/>\n\t\t<meta name=\"google-site-verification\" content=\"XE0Krczs_zYC4qBAqnvyRaNEYa9NQEP4HzU7PPpzxoI\" \/>\n\t\t<link rel=\"canonical\" href=\"https:\/\/novalion-med.com\/fr\/produit\/chariot-a-instruments-assemble-en-acier-inoxydable-a-2-niveaux-sans-tiroir-bassin-de-salete\/\" \/>\n\t\t<meta name=\"generator\" content=\"All in One SEO Pro (AIOSEO) 4.6.0\" \/>\n\t\t<meta property=\"og:locale\" content=\"fr_FR\" \/>\n\t\t<meta property=\"og:site_name\" content=\"Novalion Medical \u2013 Wheelchair, Hospital bed, Walker,Commode chair,Crutch...\" \/>\n\t\t<meta property=\"og:type\" content=\"article\" \/>\n\t\t<meta property=\"og:title\" content=\"Assembled 2-layers stainless steel instrument trolley\" \/>\n\t\t<meta property=\"og:description\" content=\"Assembled 2-layer stainless steel instrument trolley, no drawers\/dirt basins, sizes: ES\/S\/M\/L, 4 brake\/mute wheels optional.\" \/>\n\t\t<meta property=\"og:url\" content=\"https:\/\/novalion-med.com\/fr\/produit\/chariot-a-instruments-assemble-en-acier-inoxydable-a-2-niveaux-sans-tiroir-bassin-de-salete\/\" \/>\n\t\t<meta property=\"og:image\" content=\"https:\/\/novalion-med.com\/wp-content\/uploads\/2025\/04\/cropped-343496212_201698782614433_8037205422525878621_n-1.jpg\" \/>\n\t\t<meta property=\"og:image:secure_url\" content=\"https:\/\/novalion-med.com\/wp-content\/uploads\/2025\/04\/cropped-343496212_201698782614433_8037205422525878621_n-1.jpg\" \/>\n\t\t<meta property=\"og:image:width\" content=\"512\" \/>\n\t\t<meta property=\"og:image:height\" content=\"512\" \/>\n\t\t<meta property=\"article:published_time\" content=\"2025-06-09T10:18:26+00:00\" \/>\n\t\t<meta property=\"article:modified_time\" content=\"2025-06-09T10:22:21+00:00\" \/>\n\t\t<meta property=\"article:publisher\" content=\"https:\/\/www.facebook.com\/NovalionMedical\/\" \/>\n\t\t<meta name=\"twitter:card\" content=\"summary_large_image\" \/>\n\t\t<meta name=\"twitter:title\" content=\"Assembled 2-layers stainless steel instrument trolley\" \/>\n\t\t<meta name=\"twitter:description\" content=\"Assembled 2-layer stainless steel instrument trolley, no drawers\/dirt basins, sizes: ES\/S\/M\/L, 4 brake\/mute wheels optional.\" \/>\n\t\t<meta name=\"twitter:image\" content=\"https:\/\/novalion-med.com\/wp-content\/uploads\/2025\/04\/cropped-343496212_201698782614433_8037205422525878621_n-1.jpg\" \/>\n\t\t<script type=\"application\/ld+json\" class=\"aioseo-schema\">\n\t\t\t{\"@context\":\"https:\\\/\\\/schema.org\",\"@graph\":[{\"@type\":\"BreadcrumbList\",\"@id\":\"https:\\\/\\\/novalion-med.com\\\/fr\\\/produit\\\/chariot-a-instruments-assemble-en-acier-inoxydable-a-2-niveaux-sans-tiroir-bassin-de-salete\\\/#breadcrumblist\",\"itemListElement\":[{\"@type\":\"ListItem\",\"@id\":\"https:\\\/\\\/novalion-med.com\\\/fr\\\/#listItem\",\"position\":1,\"name\":\"Home\",\"item\":\"https:\\\/\\\/novalion-med.com\\\/fr\\\/\",\"nextItem\":\"https:\\\/\\\/novalion-med.com\\\/fr\\\/produit\\\/chariot-a-instruments-assemble-en-acier-inoxydable-a-2-niveaux-sans-tiroir-bassin-de-salete\\\/#listItem\"},{\"@type\":\"ListItem\",\"@id\":\"https:\\\/\\\/novalion-med.com\\\/fr\\\/produit\\\/chariot-a-instruments-assemble-en-acier-inoxydable-a-2-niveaux-sans-tiroir-bassin-de-salete\\\/#listItem\",\"position\":2,\"name\":\"Assembled Stainless Steel 2-Layers Instrument Trolley, No Drawer\\\/Dirt Basin\",\"previousItem\":\"https:\\\/\\\/novalion-med.com\\\/fr\\\/#listItem\"}]},{\"@type\":\"Organization\",\"@id\":\"https:\\\/\\\/novalion-med.com\\\/fr\\\/#organization\",\"name\":\"novalion-med.com\",\"url\":\"https:\\\/\\\/novalion-med.com\\\/fr\\\/\",\"logo\":{\"@type\":\"ImageObject\",\"url\":\"https:\\\/\\\/novalion-med.com\\\/wp-content\\\/uploads\\\/2025\\\/04\\\/cropped-343496212_201698782614433_8037205422525878621_n-1.jpg\",\"@id\":\"https:\\\/\\\/novalion-med.com\\\/fr\\\/produit\\\/chariot-a-instruments-assemble-en-acier-inoxydable-a-2-niveaux-sans-tiroir-bassin-de-salete\\\/#organizationLogo\",\"width\":512,\"height\":512},\"image\":{\"@id\":\"https:\\\/\\\/novalion-med.com\\\/fr\\\/produit\\\/chariot-a-instruments-assemble-en-acier-inoxydable-a-2-niveaux-sans-tiroir-bassin-de-salete\\\/#organizationLogo\"},\"sameAs\":[\"https:\\\/\\\/www.facebook.com\\\/NovalionMedical\\\/\",\"https:\\\/\\\/www.youtube.com\\\/@NwlMedicalInstrument\"],\"contactPoint\":{\"@type\":\"ContactPoint\",\"telephone\":\"+8618326188070\",\"contactType\":\"Sales\"}},{\"@type\":\"Product\",\"@id\":\"https:\\\/\\\/novalion-med.com\\\/fr\\\/produit\\\/chariot-a-instruments-assemble-en-acier-inoxydable-a-2-niveaux-sans-tiroir-bassin-de-salete\\\/#wooCommerceProduct\",\"name\":\"Assembled Stainless Steel 2-Layers Instrument Trolley, No Drawer\\\/Dirt Basin\",\"description\":\"Model NL230101-SSQX02 is a stainless steel instrument trolley with material optional: 201\\\/304. It has an assembled structure with 2 layers, no drawer and no dirt basin. The caster material is optional: 4 brake wheels\\\/mute wheels, and sizes include: 50\\u00d740\\u00d786cm(ES)\\\/60\\u00d740\\u00d786cm(S)\\\/66\\u00d744\\u00d786cm(M)\\\/80\\u00d748\\u00d786cm(L).\",\"url\":\"https:\\\/\\\/novalion-med.com\\\/fr\\\/produit\\\/chariot-a-instruments-assemble-en-acier-inoxydable-a-2-niveaux-sans-tiroir-bassin-de-salete\\\/\",\"sku\":\"NL230101-SSQX02\",\"image\":{\"@type\":\"ImageObject\",\"url\":\"https:\\\/\\\/novalion-med.com\\\/wp-content\\\/uploads\\\/2025\\\/06\\\/NL230101-SSQX02-Assembled-Stainless-Steel-2-Layer-Instrument-Trolley-No-DrawerDirt-Basin.webp\",\"@id\":\"https:\\\/\\\/novalion-med.com\\\/fr\\\/produit\\\/chariot-a-instruments-assemble-en-acier-inoxydable-a-2-niveaux-sans-tiroir-bassin-de-salete\\\/#productImage\",\"width\":1000,\"height\":1000,\"caption\":\"NL230101-SSQX02 Assembled Stainless Steel 2-Layer Instrument Trolley No DrawerDirt Basin\"},\"offers\":{\"@type\":\"Offer\",\"url\":\"https:\\\/\\\/novalion-med.com\\\/fr\\\/produit\\\/chariot-a-instruments-assemble-en-acier-inoxydable-a-2-niveaux-sans-tiroir-bassin-de-salete\\\/#wooCommerceOffer\",\"priceCurrency\":\"PHP\",\"category\":\"Instrument Trolleys\",\"availability\":\"https:\\\/\\\/schema.org\\\/InStock\",\"seller\":{\"@type\":\"Organization\",\"@id\":\"https:\\\/\\\/novalion-med.com\\\/fr\\\/#organization\"},\"price\":111}},{\"@type\":\"WebPage\",\"@id\":\"https:\\\/\\\/novalion-med.com\\\/fr\\\/produit\\\/chariot-a-instruments-assemble-en-acier-inoxydable-a-2-niveaux-sans-tiroir-bassin-de-salete\\\/#webpage\",\"url\":\"https:\\\/\\\/novalion-med.com\\\/fr\\\/produit\\\/chariot-a-instruments-assemble-en-acier-inoxydable-a-2-niveaux-sans-tiroir-bassin-de-salete\\\/\",\"name\":\"Assembled 2-layers stainless steel instrument trolley\",\"description\":\"Assembled 2-layer stainless steel instrument trolley, no drawers\\\/dirt basins, sizes: ES\\\/S\\\/M\\\/L, 4 brake\\\/mute wheels optional.\",\"inLanguage\":\"fr-FR\",\"isPartOf\":{\"@id\":\"https:\\\/\\\/novalion-med.com\\\/fr\\\/#website\"},\"breadcrumb\":{\"@id\":\"https:\\\/\\\/novalion-med.com\\\/fr\\\/produit\\\/chariot-a-instruments-assemble-en-acier-inoxydable-a-2-niveaux-sans-tiroir-bassin-de-salete\\\/#breadcrumblist\"},\"image\":{\"@type\":\"ImageObject\",\"url\":\"https:\\\/\\\/novalion-med.com\\\/wp-content\\\/uploads\\\/2025\\\/06\\\/NL230101-SSQX02-Assembled-Stainless-Steel-2-Layer-Instrument-Trolley-No-DrawerDirt-Basin.webp\",\"@id\":\"https:\\\/\\\/novalion-med.com\\\/fr\\\/produit\\\/chariot-a-instruments-assemble-en-acier-inoxydable-a-2-niveaux-sans-tiroir-bassin-de-salete\\\/#mainImage\",\"width\":1000,\"height\":1000,\"caption\":\"NL230101-SSQX02 Assembled Stainless Steel 2-Layer Instrument Trolley No DrawerDirt Basin\"},\"primaryImageOfPage\":{\"@id\":\"https:\\\/\\\/novalion-med.com\\\/fr\\\/produit\\\/chariot-a-instruments-assemble-en-acier-inoxydable-a-2-niveaux-sans-tiroir-bassin-de-salete\\\/#mainImage\"},\"datePublished\":\"2025-06-09T10:18:26+00:00\",\"dateModified\":\"2025-06-09T10:22:21+00:00\"},{\"@type\":\"WebSite\",\"@id\":\"https:\\\/\\\/novalion-med.com\\\/fr\\\/#website\",\"url\":\"https:\\\/\\\/novalion-med.com\\\/fr\\\/\",\"name\":\"novalion-med.com\",\"description\":\"Wheelchair, Hospital bed, Walker,Commode chair,Crutch...\",\"inLanguage\":\"fr-FR\",\"publisher\":{\"@id\":\"https:\\\/\\\/novalion-med.com\\\/fr\\\/#organization\"}}]}\n\t\t<\/script>\n\t\t<!-- All in One SEO Pro -->\r\n\t\t<title>Assembled 2-layers stainless steel instrument trolley<\/title>\n\n","aioseo_head_json":{"title":"Assembled 2-layers stainless steel instrument trolley","description":"Assembled 2-layer stainless steel instrument trolley, no drawers\/dirt basins, sizes: ES\/S\/M\/L, 4 brake\/mute wheels optional.","canonical_url":"https:\/\/novalion-med.com\/fr\/produit\/chariot-a-instruments-assemble-en-acier-inoxydable-a-2-niveaux-sans-tiroir-bassin-de-salete\/","robots":"max-image-preview:large","keywords":"","webmasterTools":{"google-site-verification":"XE0Krczs_zYC4qBAqnvyRaNEYa9NQEP4HzU7PPpzxoI","miscellaneous":""},"og:locale":"fr_FR","og:site_name":"Novalion Medical \u2013 Wheelchair, Hospital bed, Walker,Commode chair,Crutch...","og:type":"article","og:title":"Assembled 2-layers stainless steel instrument trolley","og:description":"Assembled 2-layer stainless steel instrument trolley, no drawers\/dirt basins, sizes: ES\/S\/M\/L, 4 brake\/mute wheels optional.","og:url":"https:\/\/novalion-med.com\/fr\/produit\/chariot-a-instruments-assemble-en-acier-inoxydable-a-2-niveaux-sans-tiroir-bassin-de-salete\/","og:image":"https:\/\/novalion-med.com\/wp-content\/uploads\/2025\/04\/cropped-343496212_201698782614433_8037205422525878621_n-1.jpg","og:image:secure_url":"https:\/\/novalion-med.com\/wp-content\/uploads\/2025\/04\/cropped-343496212_201698782614433_8037205422525878621_n-1.jpg","og:image:width":512,"og:image:height":512,"article:published_time":"2025-06-09T10:18:26+00:00","article:modified_time":"2025-06-09T10:22:21+00:00","article:publisher":"https:\/\/www.facebook.com\/NovalionMedical\/","twitter:card":"summary_large_image","twitter:title":"Assembled 2-layers stainless steel instrument trolley","twitter:description":"Assembled 2-layer stainless steel instrument trolley, no drawers\/dirt basins, sizes: ES\/S\/M\/L, 4 brake\/mute wheels optional.","twitter:image":"https:\/\/novalion-med.com\/wp-content\/uploads\/2025\/04\/cropped-343496212_201698782614433_8037205422525878621_n-1.jpg","schema":{"@context":"https:\/\/schema.org","@graph":[{"@type":"BreadcrumbList","@id":"https:\/\/novalion-med.com\/fr\/produit\/chariot-a-instruments-assemble-en-acier-inoxydable-a-2-niveaux-sans-tiroir-bassin-de-salete\/#breadcrumblist","itemListElement":[{"@type":"ListItem","@id":"https:\/\/novalion-med.com\/fr\/#listItem","position":1,"name":"Home","item":"https:\/\/novalion-med.com\/fr\/","nextItem":"https:\/\/novalion-med.com\/fr\/produit\/chariot-a-instruments-assemble-en-acier-inoxydable-a-2-niveaux-sans-tiroir-bassin-de-salete\/#listItem"},{"@type":"ListItem","@id":"https:\/\/novalion-med.com\/fr\/produit\/chariot-a-instruments-assemble-en-acier-inoxydable-a-2-niveaux-sans-tiroir-bassin-de-salete\/#listItem","position":2,"name":"Assembled Stainless Steel 2-Layers Instrument Trolley, No Drawer\/Dirt Basin","previousItem":"https:\/\/novalion-med.com\/fr\/#listItem"}]},{"@type":"Organization","@id":"https:\/\/novalion-med.com\/fr\/#organization","name":"novalion-med.com","url":"https:\/\/novalion-med.com\/fr\/","logo":{"@type":"ImageObject","url":"https:\/\/novalion-med.com\/wp-content\/uploads\/2025\/04\/cropped-343496212_201698782614433_8037205422525878621_n-1.jpg","@id":"https:\/\/novalion-med.com\/fr\/produit\/chariot-a-instruments-assemble-en-acier-inoxydable-a-2-niveaux-sans-tiroir-bassin-de-salete\/#organizationLogo","width":512,"height":512},"image":{"@id":"https:\/\/novalion-med.com\/fr\/produit\/chariot-a-instruments-assemble-en-acier-inoxydable-a-2-niveaux-sans-tiroir-bassin-de-salete\/#organizationLogo"},"sameAs":["https:\/\/www.facebook.com\/NovalionMedical\/","https:\/\/www.youtube.com\/@NwlMedicalInstrument"],"contactPoint":{"@type":"ContactPoint","telephone":"+8618326188070","contactType":"Sales"}},{"@type":"Product","@id":"https:\/\/novalion-med.com\/fr\/produit\/chariot-a-instruments-assemble-en-acier-inoxydable-a-2-niveaux-sans-tiroir-bassin-de-salete\/#wooCommerceProduct","name":"Assembled Stainless Steel 2-Layers Instrument Trolley, No Drawer\/Dirt Basin","description":"Model NL230101-SSQX02 is a stainless steel instrument trolley with material optional: 201\/304. It has an assembled structure with 2 layers, no drawer and no dirt basin. The caster material is optional: 4 brake wheels\/mute wheels, and sizes include: 50\u00d740\u00d786cm(ES)\/60\u00d740\u00d786cm(S)\/66\u00d744\u00d786cm(M)\/80\u00d748\u00d786cm(L).","url":"https:\/\/novalion-med.com\/fr\/produit\/chariot-a-instruments-assemble-en-acier-inoxydable-a-2-niveaux-sans-tiroir-bassin-de-salete\/","sku":"NL230101-SSQX02","image":{"@type":"ImageObject","url":"https:\/\/novalion-med.com\/wp-content\/uploads\/2025\/06\/NL230101-SSQX02-Assembled-Stainless-Steel-2-Layer-Instrument-Trolley-No-DrawerDirt-Basin.webp","@id":"https:\/\/novalion-med.com\/fr\/produit\/chariot-a-instruments-assemble-en-acier-inoxydable-a-2-niveaux-sans-tiroir-bassin-de-salete\/#productImage","width":1000,"height":1000,"caption":"NL230101-SSQX02 Assembled Stainless Steel 2-Layer Instrument Trolley No DrawerDirt Basin"},"offers":{"@type":"Offer","url":"https:\/\/novalion-med.com\/fr\/produit\/chariot-a-instruments-assemble-en-acier-inoxydable-a-2-niveaux-sans-tiroir-bassin-de-salete\/#wooCommerceOffer","priceCurrency":"PHP","category":"Instrument Trolleys","availability":"https:\/\/schema.org\/InStock","seller":{"@type":"Organization","@id":"https:\/\/novalion-med.com\/fr\/#organization"},"price":111}},{"@type":"WebPage","@id":"https:\/\/novalion-med.com\/fr\/produit\/chariot-a-instruments-assemble-en-acier-inoxydable-a-2-niveaux-sans-tiroir-bassin-de-salete\/#webpage","url":"https:\/\/novalion-med.com\/fr\/produit\/chariot-a-instruments-assemble-en-acier-inoxydable-a-2-niveaux-sans-tiroir-bassin-de-salete\/","name":"Assembled 2-layers stainless steel instrument trolley","description":"Assembled 2-layer stainless steel instrument trolley, no drawers\/dirt basins, sizes: ES\/S\/M\/L, 4 brake\/mute wheels optional.","inLanguage":"fr-FR","isPartOf":{"@id":"https:\/\/novalion-med.com\/fr\/#website"},"breadcrumb":{"@id":"https:\/\/novalion-med.com\/fr\/produit\/chariot-a-instruments-assemble-en-acier-inoxydable-a-2-niveaux-sans-tiroir-bassin-de-salete\/#breadcrumblist"},"image":{"@type":"ImageObject","url":"https:\/\/novalion-med.com\/wp-content\/uploads\/2025\/06\/NL230101-SSQX02-Assembled-Stainless-Steel-2-Layer-Instrument-Trolley-No-DrawerDirt-Basin.webp","@id":"https:\/\/novalion-med.com\/fr\/produit\/chariot-a-instruments-assemble-en-acier-inoxydable-a-2-niveaux-sans-tiroir-bassin-de-salete\/#mainImage","width":1000,"height":1000,"caption":"NL230101-SSQX02 Assembled Stainless Steel 2-Layer Instrument Trolley No DrawerDirt Basin"},"primaryImageOfPage":{"@id":"https:\/\/novalion-med.com\/fr\/produit\/chariot-a-instruments-assemble-en-acier-inoxydable-a-2-niveaux-sans-tiroir-bassin-de-salete\/#mainImage"},"datePublished":"2025-06-09T10:18:26+00:00","dateModified":"2025-06-09T10:22:21+00:00"},{"@type":"WebSite","@id":"https:\/\/novalion-med.com\/fr\/#website","url":"https:\/\/novalion-med.com\/fr\/","name":"novalion-med.com","description":"Wheelchair, Hospital bed, Walker,Commode chair,Crutch...","inLanguage":"fr-FR","publisher":{"@id":"https:\/\/novalion-med.com\/fr\/#organization"}}]}},"aioseo_meta_data":{"post_id":"4819","title":"Assembled 2-layers stainless steel instrument trolley","description":"Assembled 2-layer stainless steel instrument trolley, no drawers\/dirt basins, sizes: ES\/S\/M\/L, 4 brake\/mute wheels optional.","keywords":"[]","keyphrases":"{\"focus\":{\"keyphrase\":\"\",\"score\":0,\"analysis\":{\"keyphraseInTitle\":{\"score\":0,\"maxScore\":9,\"error\":1}}},\"additional\":[]}","primary_term":null,"canonical_url":null,"og_title":null,"og_description":null,"og_object_type":"default","og_image_type":"default","og_image_url":null,"og_image_width":null,"og_image_height":null,"og_image_custom_url":null,"og_image_custom_fields":null,"og_video":"","og_custom_url":null,"og_article_section":null,"og_article_tags":"[]","twitter_use_og":false,"twitter_card":"default","twitter_image_type":"default","twitter_image_url":null,"twitter_image_custom_url":null,"twitter_image_custom_fields":null,"twitter_title":null,"twitter_description":null,"schema":{"blockGraphs":[],"customGraphs":[],"default":{"data":{"Article":[],"Course":[],"Dataset":[],"FAQPage":[],"Movie":[],"Person":[],"Product":[],"Recipe":[],"Service":[],"SoftwareApplication":[],"WebPage":[]},"graphName":"Product","isEnabled":true},"graphs":[]},"schema_type":"default","schema_type_options":null,"pillar_content":false,"robots_default":true,"robots_noindex":false,"robots_noarchive":false,"robots_nosnippet":false,"robots_nofollow":false,"robots_noimageindex":false,"robots_noodp":false,"robots_notranslate":false,"robots_max_snippet":"-1","robots_max_videopreview":"-1","robots_max_imagepreview":"large","priority":null,"frequency":"default","local_seo":null,"limit_modified_date":false,"created":"2025-06-09 10:18:26","updated":"2025-06-09 10:36:56"},"_links":{"self":[{"href":"https:\/\/novalion-med.com\/fr\/wp-json\/wp\/v2\/product\/4819","targetHints":{"allow":["GET"]}}],"collection":[{"href":"https:\/\/novalion-med.com\/fr\/wp-json\/wp\/v2\/product"}],"about":[{"href":"https:\/\/novalion-med.com\/fr\/wp-json\/wp\/v2\/types\/product"}],"version-history":[{"count":4,"href":"https:\/\/novalion-med.com\/fr\/wp-json\/wp\/v2\/product\/4819\/revisions"}],"predecessor-version":[{"id":4823,"href":"https:\/\/novalion-med.com\/fr\/wp-json\/wp\/v2\/product\/4819\/revisions\/4823"}],"wp:featuredmedia":[{"embeddable":true,"href":"https:\/\/novalion-med.com\/fr\/wp-json\/wp\/v2\/media\/4812"}],"wp:attachment":[{"href":"https:\/\/novalion-med.com\/fr\/wp-json\/wp\/v2\/media?parent=4819"}],"wp:term":[{"taxonomy":"product_brand","embeddable":true,"href":"https:\/\/novalion-med.com\/fr\/wp-json\/wp\/v2\/product_brand?post=4819"},{"taxonomy":"product_cat","embeddable":true,"href":"https:\/\/novalion-med.com\/fr\/wp-json\/wp\/v2\/product_cat?post=4819"},{"taxonomy":"product_tag","embeddable":true,"href":"https:\/\/novalion-med.com\/fr\/wp-json\/wp\/v2\/product_tag?post=4819"}],"curies":[{"name":"wp","href":"https:\/\/api.w.org\/{rel}","templated":true}]}}