{"id":4732,"date":"2025-06-06T10:13:05","date_gmt":"2025-06-06T10:13:05","guid":{"rendered":"https:\/\/novalion-med.com\/?post_type=product&#038;p=4732"},"modified":"2025-06-06T10:16:24","modified_gmt":"2025-06-06T10:16:24","slug":"option-double-plateau-chariot-mayo-en-acier-inoxydable-pour-un-stockage-medical-flexible","status":"publish","type":"product","link":"https:\/\/novalion-med.com\/fr\/produit\/option-double-plateau-chariot-mayo-en-acier-inoxydable-pour-un-stockage-medical-flexible\/","title":{"rendered":"Chariot Mayo en acier inoxydable \u00e0 double plateau pour un stockage m\u00e9dical flexible"},"content":{"rendered":"<div data-elementor-type=\"product-post\" data-elementor-id=\"4732\" class=\"elementor elementor-4732\" data-elementor-post-type=\"product\">\n\t\t\t\t<div class=\"elementor-element elementor-element-1c93f1cb e-con-full e-flex e-con e-parent\" data-id=\"1c93f1cb\" data-element_type=\"container\">\n\t\t\t\t<div class=\"elementor-element elementor-element-2240ff1 elementor-widget elementor-widget-heading\" data-id=\"2240ff1\" data-element_type=\"widget\" data-widget_type=\"heading.default\">\n\t\t\t\t<div class=\"elementor-widget-container\">\n\t\t\t\t\t<h2 class=\"elementor-heading-title elementor-size-default\">Chariot Mayo en acier inoxydable \u00e0 double plateau pour un stockage m\u00e9dical flexible<\/h2>\t\t\t\t<\/div>\n\t\t\t\t<\/div>\n\t\t\t\t<div class=\"elementor-element elementor-element-45d8c46 elementor-widget elementor-widget-text-editor\" data-id=\"45d8c46\" data-element_type=\"widget\" data-widget_type=\"text-editor.default\">\n\t\t\t\t<div class=\"elementor-widget-container\">\n\t\t\t\t\t\t\t\t\t<p>Deux tailles de plateaux (45*35cm &amp; 60*40cm), hauteur r\u00e9glable (91-130cm), acier inoxydable, soudure int\u00e9grale, roues silencieuses\/frein\u00e9es pour une efficacit\u00e9 multi-t\u00e2ches.<\/p>\t\t\t\t\t\t\t\t<\/div>\n\t\t\t\t<\/div>\n\t\t\t\t<div class=\"elementor-element elementor-element-7152afc elementor-widget elementor-widget-text-editor\" data-id=\"7152afc\" data-element_type=\"widget\" data-widget_type=\"text-editor.default\">\n\t\t\t\t<div class=\"elementor-widget-container\">\n\t\t\t\t\t\t\t\t\t<h2>Caract\u00e9ristiques principales<\/h2><p>NL230101-SSTP07 : La polyvalence red\u00e9finie ! Passez d'une taille de plateau \u00e0 l'autre, ajustez \u00e0 la vol\u00e9e et profitez d'une mobilit\u00e9 silencieuse, id\u00e9ale pour les environnements m\u00e9dicaux et hospitaliers dynamiques.<\/p><ul><li>Acier inoxydable 201\/304 pour une utilisation \u00e0 long terme.<\/li><li>Soudure int\u00e9grale pour un cadre robuste.<\/li><li>Deux options de taille de plateau (45*35*2,5cm ou 60*40*2,5cm).<\/li><li>Hauteur r\u00e9glable de 91 \u00e0 130 cm.<\/li><\/ul>\t\t\t\t\t\t\t\t<\/div>\n\t\t\t\t<\/div>\n\t\t\t\t<div class=\"elementor-element elementor-element-3a02177 elementor-widget elementor-widget-text-editor\" data-id=\"3a02177\" data-element_type=\"widget\" data-widget_type=\"text-editor.default\">\n\t\t\t\t<div class=\"elementor-widget-container\">\n\t\t\t\t\t\t\t\t\t<h2>Sp\u00e9cifications<\/h2><table width=\"160\"><tbody><tr><td width=\"80\">Mat\u00e9riau en option<\/td><td width=\"80\">\u00a0Acier inoxydable 201\/304<\/td><\/tr><tr><td>Structure<\/td><td>\u00a0Soudage int\u00e9gral<\/td><\/tr><tr><td>Mat\u00e9riau des roulettes en option<\/td><td>\u00a04 roues de frein\/roues de sourdine<\/td><\/tr><tr><td>Taille au choix :<\/td><td>Plateau : 45*35*2.5cm, Hauteur totale : 91-130cm<\/td><\/tr><tr><td>\u00a0<\/td><td>Plateau : 60*40*2.5cm, Hauteur totale : 91-130cm<\/td><\/tr><\/tbody><\/table>\t\t\t\t\t\t\t\t<\/div>\n\t\t\t\t<\/div>\n\t\t\t\t<div class=\"elementor-element elementor-element-2996df9 elementor-widget elementor-widget-text-editor\" data-id=\"2996df9\" data-element_type=\"widget\" data-widget_type=\"text-editor.default\">\n\t\t\t\t<div class=\"elementor-widget-container\">\n\t\t\t\t\t\t\t\t\t<p>D'autres \u00e9quipements m\u00e9dicaux peuvent \u00eatre trouv\u00e9s dans <a href=\"https:\/\/novalion-med.com\/fr\/\" target=\"_blank\" rel=\"noopener\">notre site web<\/a> ou <a href=\"https:\/\/api.whatsapp.com\/send\/?phone=%2B008618112908401&amp;text&amp;type=phone_number&amp;app_absent=0\" target=\"_blank\" rel=\"noopener\">notre whatsapp<\/a>.<\/p>\t\t\t\t\t\t\t\t<\/div>\n\t\t\t\t<\/div>\n\t\t\t\t<\/div>\n\t\t\t\t<\/div>","protected":false},"excerpt":{"rendered":"<p>Profitez de la libert\u00e9 de choix avec le chariot Mayo en acier inoxydable NL230101-SSTP07. Fabriqu\u00e9 en acier inoxydable 201\/304 avec soudure int\u00e9grale pour une plus grande durabilit\u00e9. Il est \u00e9quip\u00e9 de 4 roulettes \u00e0 frein ou \u00e0 sourdine et de deux tailles de plateaux : 45*35*2.5cm ou 60*40*2.5cm, tous deux avec une hauteur totale r\u00e9glable de 91 \u00e0 130cm, offrant des options de stockage flexibles pour diff\u00e9rentes fournitures m\u00e9dicales.<\/p>","protected":false},"featured_media":4723,"template":"elementor_theme","meta":{"site-sidebar-layout":"default","site-content-layout":"","ast-site-content-layout":"default","site-content-style":"default","site-sidebar-style":"default","ast-global-header-display":"","ast-banner-title-visibility":"","ast-main-header-display":"","ast-hfb-above-header-display":"","ast-hfb-below-header-display":"","ast-hfb-mobile-header-display":"","site-post-title":"","ast-breadcrumbs-content":"","ast-featured-img":"","footer-sml-layout":"","theme-transparent-header-meta":"default","adv-header-id-meta":"","stick-header-meta":"default","header-above-stick-meta":"","header-main-stick-meta":"","header-below-stick-meta":"","astra-migrate-meta-layouts":"set","ast-page-background-enabled":"default","ast-page-background-meta":{"desktop":{"background-color":"var(--ast-global-color-4)","background-image":"","background-repeat":"repeat","background-position":"center center","background-size":"auto","background-attachment":"scroll","background-type":"","background-media":"","overlay-type":"","overlay-color":"","overlay-opacity":"","overlay-gradient":""},"tablet":{"background-color":"","background-image":"","background-repeat":"repeat","background-position":"center center","background-size":"auto","background-attachment":"scroll","background-type":"","background-media":"","overlay-type":"","overlay-color":"","overlay-opacity":"","overlay-gradient":""},"mobile":{"background-color":"","background-image":"","background-repeat":"repeat","background-position":"center center","background-size":"auto","background-attachment":"scroll","background-type":"","background-media":"","overlay-type":"","overlay-color":"","overlay-opacity":"","overlay-gradient":""}},"ast-content-background-meta":{"desktop":{"background-color":"var(--ast-global-color-5)","background-image":"","background-repeat":"repeat","background-position":"center center","background-size":"auto","background-attachment":"scroll","background-type":"","background-media":"","overlay-type":"","overlay-color":"","overlay-opacity":"","overlay-gradient":""},"tablet":{"background-color":"var(--ast-global-color-5)","background-image":"","background-repeat":"repeat","background-position":"center center","background-size":"auto","background-attachment":"scroll","background-type":"","background-media":"","overlay-type":"","overlay-color":"","overlay-opacity":"","overlay-gradient":""},"mobile":{"background-color":"var(--ast-global-color-5)","background-image":"","background-repeat":"repeat","background-position":"center center","background-size":"auto","background-attachment":"scroll","background-type":"","background-media":"","overlay-type":"","overlay-color":"","overlay-opacity":"","overlay-gradient":""}}},"product_brand":[],"product_cat":[82],"product_tag":[],"class_list":{"0":"post-4732","1":"product","2":"type-product","3":"status-publish","4":"has-post-thumbnail","6":"product_cat-mayo-trolleys","7":"desktop-align-center","8":"tablet-align-left","9":"mobile-align-left","10":"ast-product-gallery-layout-horizontal-slider","11":"ast-product-gallery-with-no-image","12":"ast-magnify-disabled","13":"ast-product-tabs-layout-accordion","14":"ast-qv-on-image","16":"first","17":"instock","18":"shipping-taxable","19":"purchasable","20":"product-type-simple"},"aioseo_notices":[],"aioseo_head":"\n\t\t<!-- All in One SEO Pro 4.6.0 - aioseo.com -->\n\t\t<meta name=\"description\" content=\"NL230101-SSTP07 Stainless Steel Mayo Trolley. 201\/304 steel, integral welding. 4 wheels, 45*35*2.5cm or 60*40*2.5cm tray, 91-130cm height. Flexible choice.\" \/>\n\t\t<meta name=\"robots\" content=\"max-image-preview:large\" \/>\n\t\t<meta name=\"google-site-verification\" content=\"XE0Krczs_zYC4qBAqnvyRaNEYa9NQEP4HzU7PPpzxoI\" \/>\n\t\t<link rel=\"canonical\" href=\"https:\/\/novalion-med.com\/fr\/produit\/option-double-plateau-chariot-mayo-en-acier-inoxydable-pour-un-stockage-medical-flexible\/\" \/>\n\t\t<meta name=\"generator\" content=\"All in One SEO Pro (AIOSEO) 4.6.0\" \/>\n\t\t<meta property=\"og:locale\" content=\"fr_FR\" \/>\n\t\t<meta property=\"og:site_name\" content=\"Novalion Medical \u2013 Wheelchair, Hospital bed, Walker,Commode chair,Crutch...\" \/>\n\t\t<meta property=\"og:type\" content=\"article\" \/>\n\t\t<meta property=\"og:title\" content=\"Dual Tray Option Stainless Steel Mayo Trolley\" \/>\n\t\t<meta property=\"og:description\" content=\"NL230101-SSTP07 Stainless Steel Mayo Trolley. 201\/304 steel, integral welding. 4 wheels, 45*35*2.5cm or 60*40*2.5cm tray, 91-130cm height. Flexible choice.\" \/>\n\t\t<meta property=\"og:url\" content=\"https:\/\/novalion-med.com\/fr\/produit\/option-double-plateau-chariot-mayo-en-acier-inoxydable-pour-un-stockage-medical-flexible\/\" \/>\n\t\t<meta property=\"og:image\" content=\"https:\/\/novalion-med.com\/wp-content\/uploads\/2025\/04\/cropped-343496212_201698782614433_8037205422525878621_n-1.jpg\" \/>\n\t\t<meta property=\"og:image:secure_url\" content=\"https:\/\/novalion-med.com\/wp-content\/uploads\/2025\/04\/cropped-343496212_201698782614433_8037205422525878621_n-1.jpg\" \/>\n\t\t<meta property=\"og:image:width\" content=\"512\" \/>\n\t\t<meta property=\"og:image:height\" content=\"512\" \/>\n\t\t<meta property=\"article:published_time\" content=\"2025-06-06T10:13:05+00:00\" \/>\n\t\t<meta property=\"article:modified_time\" content=\"2025-06-06T10:16:24+00:00\" \/>\n\t\t<meta property=\"article:publisher\" content=\"https:\/\/www.facebook.com\/NovalionMedical\/\" \/>\n\t\t<meta name=\"twitter:card\" content=\"summary_large_image\" \/>\n\t\t<meta name=\"twitter:title\" content=\"Dual Tray Option Stainless Steel Mayo Trolley\" \/>\n\t\t<meta name=\"twitter:description\" content=\"NL230101-SSTP07 Stainless Steel Mayo Trolley. 201\/304 steel, integral welding. 4 wheels, 45*35*2.5cm or 60*40*2.5cm tray, 91-130cm height. Flexible choice.\" \/>\n\t\t<meta name=\"twitter:image\" content=\"https:\/\/novalion-med.com\/wp-content\/uploads\/2025\/04\/cropped-343496212_201698782614433_8037205422525878621_n-1.jpg\" \/>\n\t\t<script type=\"application\/ld+json\" class=\"aioseo-schema\">\n\t\t\t{\"@context\":\"https:\\\/\\\/schema.org\",\"@graph\":[{\"@type\":\"BreadcrumbList\",\"@id\":\"https:\\\/\\\/novalion-med.com\\\/fr\\\/produit\\\/option-double-plateau-chariot-mayo-en-acier-inoxydable-pour-un-stockage-medical-flexible\\\/#breadcrumblist\",\"itemListElement\":[{\"@type\":\"ListItem\",\"@id\":\"https:\\\/\\\/novalion-med.com\\\/fr\\\/#listItem\",\"position\":1,\"name\":\"Home\",\"item\":\"https:\\\/\\\/novalion-med.com\\\/fr\\\/\",\"nextItem\":\"https:\\\/\\\/novalion-med.com\\\/fr\\\/produit\\\/option-double-plateau-chariot-mayo-en-acier-inoxydable-pour-un-stockage-medical-flexible\\\/#listItem\"},{\"@type\":\"ListItem\",\"@id\":\"https:\\\/\\\/novalion-med.com\\\/fr\\\/produit\\\/option-double-plateau-chariot-mayo-en-acier-inoxydable-pour-un-stockage-medical-flexible\\\/#listItem\",\"position\":2,\"name\":\"Dual Tray Option Stainless Steel Mayo Trolley for Flexible Medical Storage\",\"previousItem\":\"https:\\\/\\\/novalion-med.com\\\/fr\\\/#listItem\"}]},{\"@type\":\"Organization\",\"@id\":\"https:\\\/\\\/novalion-med.com\\\/fr\\\/#organization\",\"name\":\"novalion-med.com\",\"url\":\"https:\\\/\\\/novalion-med.com\\\/fr\\\/\",\"logo\":{\"@type\":\"ImageObject\",\"url\":\"https:\\\/\\\/novalion-med.com\\\/wp-content\\\/uploads\\\/2025\\\/04\\\/cropped-343496212_201698782614433_8037205422525878621_n-1.jpg\",\"@id\":\"https:\\\/\\\/novalion-med.com\\\/fr\\\/produit\\\/option-double-plateau-chariot-mayo-en-acier-inoxydable-pour-un-stockage-medical-flexible\\\/#organizationLogo\",\"width\":512,\"height\":512},\"image\":{\"@id\":\"https:\\\/\\\/novalion-med.com\\\/fr\\\/produit\\\/option-double-plateau-chariot-mayo-en-acier-inoxydable-pour-un-stockage-medical-flexible\\\/#organizationLogo\"},\"sameAs\":[\"https:\\\/\\\/www.facebook.com\\\/NovalionMedical\\\/\",\"https:\\\/\\\/www.youtube.com\\\/@NwlMedicalInstrument\"],\"contactPoint\":{\"@type\":\"ContactPoint\",\"telephone\":\"+8618326188070\",\"contactType\":\"Sales\"}},{\"@type\":\"Product\",\"@id\":\"https:\\\/\\\/novalion-med.com\\\/fr\\\/produit\\\/option-double-plateau-chariot-mayo-en-acier-inoxydable-pour-un-stockage-medical-flexible\\\/#wooCommerceProduct\",\"name\":\"Dual Tray Option Stainless Steel Mayo Trolley for Flexible Medical Storage\",\"description\":\"Enjoy the freedom of choice with the NL230101-SSTP07 Stainless Steel Mayo Trolley. Constructed from 201\\\/304 stainless steel with integral welding for durability. It comes with 4 brake or mute caster wheels and two tray size options: 45*35*2.5cm or 60*40*2.5cm, both with a total height adjustable from 91 to 130cm, offering flexible storage options for different medical supplies.\",\"url\":\"https:\\\/\\\/novalion-med.com\\\/fr\\\/produit\\\/option-double-plateau-chariot-mayo-en-acier-inoxydable-pour-un-stockage-medical-flexible\\\/\",\"sku\":\"NL230101-SSTP07\",\"image\":{\"@type\":\"ImageObject\",\"url\":\"https:\\\/\\\/novalion-med.com\\\/wp-content\\\/uploads\\\/2025\\\/06\\\/NL230101-SSTP07-Dual-Tray-Option-Stainless-Steel-Mayo-Trolley-for-Flexible-Medical-Storage.webp\",\"@id\":\"https:\\\/\\\/novalion-med.com\\\/fr\\\/produit\\\/option-double-plateau-chariot-mayo-en-acier-inoxydable-pour-un-stockage-medical-flexible\\\/#productImage\",\"width\":1000,\"height\":1000,\"caption\":\"NL230101-SSTP07 Dual Tray Option Stainless Steel Mayo Trolley for Flexible Medical Storage\"},\"offers\":{\"@type\":\"Offer\",\"url\":\"https:\\\/\\\/novalion-med.com\\\/fr\\\/produit\\\/option-double-plateau-chariot-mayo-en-acier-inoxydable-pour-un-stockage-medical-flexible\\\/#wooCommerceOffer\",\"priceCurrency\":\"PHP\",\"category\":\"Mayo Trolleys\",\"availability\":\"https:\\\/\\\/schema.org\\\/InStock\",\"seller\":{\"@type\":\"Organization\",\"@id\":\"https:\\\/\\\/novalion-med.com\\\/fr\\\/#organization\"},\"price\":111}},{\"@type\":\"WebPage\",\"@id\":\"https:\\\/\\\/novalion-med.com\\\/fr\\\/produit\\\/option-double-plateau-chariot-mayo-en-acier-inoxydable-pour-un-stockage-medical-flexible\\\/#webpage\",\"url\":\"https:\\\/\\\/novalion-med.com\\\/fr\\\/produit\\\/option-double-plateau-chariot-mayo-en-acier-inoxydable-pour-un-stockage-medical-flexible\\\/\",\"name\":\"Dual Tray Option Stainless Steel Mayo Trolley\",\"description\":\"NL230101-SSTP07 Stainless Steel Mayo Trolley. 201\\\/304 steel, integral welding. 4 wheels, 45*35*2.5cm or 60*40*2.5cm tray, 91-130cm height. Flexible choice.\",\"inLanguage\":\"fr-FR\",\"isPartOf\":{\"@id\":\"https:\\\/\\\/novalion-med.com\\\/fr\\\/#website\"},\"breadcrumb\":{\"@id\":\"https:\\\/\\\/novalion-med.com\\\/fr\\\/produit\\\/option-double-plateau-chariot-mayo-en-acier-inoxydable-pour-un-stockage-medical-flexible\\\/#breadcrumblist\"},\"image\":{\"@type\":\"ImageObject\",\"url\":\"https:\\\/\\\/novalion-med.com\\\/wp-content\\\/uploads\\\/2025\\\/06\\\/NL230101-SSTP07-Dual-Tray-Option-Stainless-Steel-Mayo-Trolley-for-Flexible-Medical-Storage.webp\",\"@id\":\"https:\\\/\\\/novalion-med.com\\\/fr\\\/produit\\\/option-double-plateau-chariot-mayo-en-acier-inoxydable-pour-un-stockage-medical-flexible\\\/#mainImage\",\"width\":1000,\"height\":1000,\"caption\":\"NL230101-SSTP07 Dual Tray Option Stainless Steel Mayo Trolley for Flexible Medical Storage\"},\"primaryImageOfPage\":{\"@id\":\"https:\\\/\\\/novalion-med.com\\\/fr\\\/produit\\\/option-double-plateau-chariot-mayo-en-acier-inoxydable-pour-un-stockage-medical-flexible\\\/#mainImage\"},\"datePublished\":\"2025-06-06T10:13:05+00:00\",\"dateModified\":\"2025-06-06T10:16:24+00:00\"},{\"@type\":\"WebSite\",\"@id\":\"https:\\\/\\\/novalion-med.com\\\/fr\\\/#website\",\"url\":\"https:\\\/\\\/novalion-med.com\\\/fr\\\/\",\"name\":\"novalion-med.com\",\"description\":\"Wheelchair, Hospital bed, Walker,Commode chair,Crutch...\",\"inLanguage\":\"fr-FR\",\"publisher\":{\"@id\":\"https:\\\/\\\/novalion-med.com\\\/fr\\\/#organization\"}}]}\n\t\t<\/script>\n\t\t<!-- All in One SEO Pro -->\r\n\t\t<title>Dual Tray Option Stainless Steel Mayo Trolley<\/title>\n\n","aioseo_head_json":{"title":"Dual Tray Option Stainless Steel Mayo Trolley","description":"NL230101-SSTP07 Stainless Steel Mayo Trolley. 201\/304 steel, integral welding. 4 wheels, 45*35*2.5cm or 60*40*2.5cm tray, 91-130cm height. Flexible choice.","canonical_url":"https:\/\/novalion-med.com\/fr\/produit\/option-double-plateau-chariot-mayo-en-acier-inoxydable-pour-un-stockage-medical-flexible\/","robots":"max-image-preview:large","keywords":"","webmasterTools":{"google-site-verification":"XE0Krczs_zYC4qBAqnvyRaNEYa9NQEP4HzU7PPpzxoI","miscellaneous":""},"og:locale":"fr_FR","og:site_name":"Novalion Medical \u2013 Wheelchair, Hospital bed, Walker,Commode chair,Crutch...","og:type":"article","og:title":"Dual Tray Option Stainless Steel Mayo Trolley","og:description":"NL230101-SSTP07 Stainless Steel Mayo Trolley. 201\/304 steel, integral welding. 4 wheels, 45*35*2.5cm or 60*40*2.5cm tray, 91-130cm height. Flexible choice.","og:url":"https:\/\/novalion-med.com\/fr\/produit\/option-double-plateau-chariot-mayo-en-acier-inoxydable-pour-un-stockage-medical-flexible\/","og:image":"https:\/\/novalion-med.com\/wp-content\/uploads\/2025\/04\/cropped-343496212_201698782614433_8037205422525878621_n-1.jpg","og:image:secure_url":"https:\/\/novalion-med.com\/wp-content\/uploads\/2025\/04\/cropped-343496212_201698782614433_8037205422525878621_n-1.jpg","og:image:width":512,"og:image:height":512,"article:published_time":"2025-06-06T10:13:05+00:00","article:modified_time":"2025-06-06T10:16:24+00:00","article:publisher":"https:\/\/www.facebook.com\/NovalionMedical\/","twitter:card":"summary_large_image","twitter:title":"Dual Tray Option Stainless Steel Mayo Trolley","twitter:description":"NL230101-SSTP07 Stainless Steel Mayo Trolley. 201\/304 steel, integral welding. 4 wheels, 45*35*2.5cm or 60*40*2.5cm tray, 91-130cm height. Flexible choice.","twitter:image":"https:\/\/novalion-med.com\/wp-content\/uploads\/2025\/04\/cropped-343496212_201698782614433_8037205422525878621_n-1.jpg","schema":{"@context":"https:\/\/schema.org","@graph":[{"@type":"BreadcrumbList","@id":"https:\/\/novalion-med.com\/fr\/produit\/option-double-plateau-chariot-mayo-en-acier-inoxydable-pour-un-stockage-medical-flexible\/#breadcrumblist","itemListElement":[{"@type":"ListItem","@id":"https:\/\/novalion-med.com\/fr\/#listItem","position":1,"name":"Home","item":"https:\/\/novalion-med.com\/fr\/","nextItem":"https:\/\/novalion-med.com\/fr\/produit\/option-double-plateau-chariot-mayo-en-acier-inoxydable-pour-un-stockage-medical-flexible\/#listItem"},{"@type":"ListItem","@id":"https:\/\/novalion-med.com\/fr\/produit\/option-double-plateau-chariot-mayo-en-acier-inoxydable-pour-un-stockage-medical-flexible\/#listItem","position":2,"name":"Dual Tray Option Stainless Steel Mayo Trolley for Flexible Medical Storage","previousItem":"https:\/\/novalion-med.com\/fr\/#listItem"}]},{"@type":"Organization","@id":"https:\/\/novalion-med.com\/fr\/#organization","name":"novalion-med.com","url":"https:\/\/novalion-med.com\/fr\/","logo":{"@type":"ImageObject","url":"https:\/\/novalion-med.com\/wp-content\/uploads\/2025\/04\/cropped-343496212_201698782614433_8037205422525878621_n-1.jpg","@id":"https:\/\/novalion-med.com\/fr\/produit\/option-double-plateau-chariot-mayo-en-acier-inoxydable-pour-un-stockage-medical-flexible\/#organizationLogo","width":512,"height":512},"image":{"@id":"https:\/\/novalion-med.com\/fr\/produit\/option-double-plateau-chariot-mayo-en-acier-inoxydable-pour-un-stockage-medical-flexible\/#organizationLogo"},"sameAs":["https:\/\/www.facebook.com\/NovalionMedical\/","https:\/\/www.youtube.com\/@NwlMedicalInstrument"],"contactPoint":{"@type":"ContactPoint","telephone":"+8618326188070","contactType":"Sales"}},{"@type":"Product","@id":"https:\/\/novalion-med.com\/fr\/produit\/option-double-plateau-chariot-mayo-en-acier-inoxydable-pour-un-stockage-medical-flexible\/#wooCommerceProduct","name":"Dual Tray Option Stainless Steel Mayo Trolley for Flexible Medical Storage","description":"Enjoy the freedom of choice with the NL230101-SSTP07 Stainless Steel Mayo Trolley. Constructed from 201\/304 stainless steel with integral welding for durability. It comes with 4 brake or mute caster wheels and two tray size options: 45*35*2.5cm or 60*40*2.5cm, both with a total height adjustable from 91 to 130cm, offering flexible storage options for different medical supplies.","url":"https:\/\/novalion-med.com\/fr\/produit\/option-double-plateau-chariot-mayo-en-acier-inoxydable-pour-un-stockage-medical-flexible\/","sku":"NL230101-SSTP07","image":{"@type":"ImageObject","url":"https:\/\/novalion-med.com\/wp-content\/uploads\/2025\/06\/NL230101-SSTP07-Dual-Tray-Option-Stainless-Steel-Mayo-Trolley-for-Flexible-Medical-Storage.webp","@id":"https:\/\/novalion-med.com\/fr\/produit\/option-double-plateau-chariot-mayo-en-acier-inoxydable-pour-un-stockage-medical-flexible\/#productImage","width":1000,"height":1000,"caption":"NL230101-SSTP07 Dual Tray Option Stainless Steel Mayo Trolley for Flexible Medical Storage"},"offers":{"@type":"Offer","url":"https:\/\/novalion-med.com\/fr\/produit\/option-double-plateau-chariot-mayo-en-acier-inoxydable-pour-un-stockage-medical-flexible\/#wooCommerceOffer","priceCurrency":"PHP","category":"Mayo Trolleys","availability":"https:\/\/schema.org\/InStock","seller":{"@type":"Organization","@id":"https:\/\/novalion-med.com\/fr\/#organization"},"price":111}},{"@type":"WebPage","@id":"https:\/\/novalion-med.com\/fr\/produit\/option-double-plateau-chariot-mayo-en-acier-inoxydable-pour-un-stockage-medical-flexible\/#webpage","url":"https:\/\/novalion-med.com\/fr\/produit\/option-double-plateau-chariot-mayo-en-acier-inoxydable-pour-un-stockage-medical-flexible\/","name":"Dual Tray Option Stainless Steel Mayo Trolley","description":"NL230101-SSTP07 Stainless Steel Mayo Trolley. 201\/304 steel, integral welding. 4 wheels, 45*35*2.5cm or 60*40*2.5cm tray, 91-130cm height. Flexible choice.","inLanguage":"fr-FR","isPartOf":{"@id":"https:\/\/novalion-med.com\/fr\/#website"},"breadcrumb":{"@id":"https:\/\/novalion-med.com\/fr\/produit\/option-double-plateau-chariot-mayo-en-acier-inoxydable-pour-un-stockage-medical-flexible\/#breadcrumblist"},"image":{"@type":"ImageObject","url":"https:\/\/novalion-med.com\/wp-content\/uploads\/2025\/06\/NL230101-SSTP07-Dual-Tray-Option-Stainless-Steel-Mayo-Trolley-for-Flexible-Medical-Storage.webp","@id":"https:\/\/novalion-med.com\/fr\/produit\/option-double-plateau-chariot-mayo-en-acier-inoxydable-pour-un-stockage-medical-flexible\/#mainImage","width":1000,"height":1000,"caption":"NL230101-SSTP07 Dual Tray Option Stainless Steel Mayo Trolley for Flexible Medical Storage"},"primaryImageOfPage":{"@id":"https:\/\/novalion-med.com\/fr\/produit\/option-double-plateau-chariot-mayo-en-acier-inoxydable-pour-un-stockage-medical-flexible\/#mainImage"},"datePublished":"2025-06-06T10:13:05+00:00","dateModified":"2025-06-06T10:16:24+00:00"},{"@type":"WebSite","@id":"https:\/\/novalion-med.com\/fr\/#website","url":"https:\/\/novalion-med.com\/fr\/","name":"novalion-med.com","description":"Wheelchair, Hospital bed, Walker,Commode chair,Crutch...","inLanguage":"fr-FR","publisher":{"@id":"https:\/\/novalion-med.com\/fr\/#organization"}}]}},"aioseo_meta_data":{"post_id":"4732","title":"Dual Tray Option Stainless Steel Mayo Trolley","description":"NL230101-SSTP07 Stainless Steel Mayo Trolley. 201\/304 steel, integral welding. 4 wheels, 45*35*2.5cm or 60*40*2.5cm tray, 91-130cm height. Flexible choice.","keywords":"[]","keyphrases":"{\"focus\":{\"keyphrase\":\"\",\"score\":0,\"analysis\":{\"keyphraseInTitle\":{\"score\":0,\"maxScore\":9,\"error\":1}}},\"additional\":[]}","primary_term":null,"canonical_url":null,"og_title":null,"og_description":null,"og_object_type":"default","og_image_type":"default","og_image_url":null,"og_image_width":null,"og_image_height":null,"og_image_custom_url":null,"og_image_custom_fields":null,"og_video":"","og_custom_url":null,"og_article_section":null,"og_article_tags":"[]","twitter_use_og":false,"twitter_card":"default","twitter_image_type":"default","twitter_image_url":null,"twitter_image_custom_url":null,"twitter_image_custom_fields":null,"twitter_title":null,"twitter_description":null,"schema":{"blockGraphs":[],"customGraphs":[],"default":{"data":{"Article":[],"Course":[],"Dataset":[],"FAQPage":[],"Movie":[],"Person":[],"Product":[],"Recipe":[],"Service":[],"SoftwareApplication":[],"WebPage":[]},"graphName":"Product","isEnabled":true},"graphs":[]},"schema_type":"default","schema_type_options":null,"pillar_content":false,"robots_default":true,"robots_noindex":false,"robots_noarchive":false,"robots_nosnippet":false,"robots_nofollow":false,"robots_noimageindex":false,"robots_noodp":false,"robots_notranslate":false,"robots_max_snippet":"-1","robots_max_videopreview":"-1","robots_max_imagepreview":"large","priority":null,"frequency":"default","local_seo":null,"limit_modified_date":false,"created":"2025-06-06 10:13:05","updated":"2025-06-06 10:29:03"},"_links":{"self":[{"href":"https:\/\/novalion-med.com\/fr\/wp-json\/wp\/v2\/product\/4732","targetHints":{"allow":["GET"]}}],"collection":[{"href":"https:\/\/novalion-med.com\/fr\/wp-json\/wp\/v2\/product"}],"about":[{"href":"https:\/\/novalion-med.com\/fr\/wp-json\/wp\/v2\/types\/product"}],"version-history":[{"count":4,"href":"https:\/\/novalion-med.com\/fr\/wp-json\/wp\/v2\/product\/4732\/revisions"}],"predecessor-version":[{"id":4736,"href":"https:\/\/novalion-med.com\/fr\/wp-json\/wp\/v2\/product\/4732\/revisions\/4736"}],"wp:featuredmedia":[{"embeddable":true,"href":"https:\/\/novalion-med.com\/fr\/wp-json\/wp\/v2\/media\/4723"}],"wp:attachment":[{"href":"https:\/\/novalion-med.com\/fr\/wp-json\/wp\/v2\/media?parent=4732"}],"wp:term":[{"taxonomy":"product_brand","embeddable":true,"href":"https:\/\/novalion-med.com\/fr\/wp-json\/wp\/v2\/product_brand?post=4732"},{"taxonomy":"product_cat","embeddable":true,"href":"https:\/\/novalion-med.com\/fr\/wp-json\/wp\/v2\/product_cat?post=4732"},{"taxonomy":"product_tag","embeddable":true,"href":"https:\/\/novalion-med.com\/fr\/wp-json\/wp\/v2\/product_tag?post=4732"}],"curies":[{"name":"wp","href":"https:\/\/api.w.org\/{rel}","templated":true}]}}