{"id":4706,"date":"2025-06-06T09:52:46","date_gmt":"2025-06-06T09:52:46","guid":{"rendered":"https:\/\/novalion-med.com\/?post_type=product&#038;p=4706"},"modified":"2025-06-06T09:58:45","modified_gmt":"2025-06-06T09:58:45","slug":"chariot-mayo-en-acier-inoxydable-a-hauteur-reglable-pour-diverses-taches-medicales","status":"publish","type":"product","link":"https:\/\/novalion-med.com\/fr\/produit\/chariot-mayo-en-acier-inoxydable-a-hauteur-reglable-pour-diverses-taches-medicales\/","title":{"rendered":"Chariot Mayo en acier inoxydable \u00e0 hauteur r\u00e9glable pour diverses t\u00e2ches m\u00e9dicales"},"content":{"rendered":"<div data-elementor-type=\"product-post\" data-elementor-id=\"4706\" class=\"elementor elementor-4706\" data-elementor-post-type=\"product\">\n\t\t\t\t<div class=\"elementor-element elementor-element-1c93f1cb e-con-full e-flex e-con e-parent\" data-id=\"1c93f1cb\" data-element_type=\"container\">\n\t\t\t\t<div class=\"elementor-element elementor-element-2240ff1 elementor-widget elementor-widget-heading\" data-id=\"2240ff1\" data-element_type=\"widget\" data-widget_type=\"heading.default\">\n\t\t\t\t<div class=\"elementor-widget-container\">\n\t\t\t\t\t<h2 class=\"elementor-heading-title elementor-size-default\">Chariot Mayo en acier inoxydable \u00e0 hauteur r\u00e9glable pour diverses t\u00e2ches m\u00e9dicales<\/h2>\t\t\t\t<\/div>\n\t\t\t\t<\/div>\n\t\t\t\t<div class=\"elementor-element elementor-element-45d8c46 elementor-widget elementor-widget-text-editor\" data-id=\"45d8c46\" data-element_type=\"widget\" data-widget_type=\"text-editor.default\">\n\t\t\t\t<div class=\"elementor-widget-container\">\n\t\t\t\t\t\t\t\t\t<p>Hauteur r\u00e9glable (80-116cm), acier inoxydable 201\/304, soudure int\u00e9grale, 4 roues \u00e0 frein\/sourdine, plateau standard (44*34,5cm) pour une utilisation polyvalente.<\/p>\t\t\t\t\t\t\t\t<\/div>\n\t\t\t\t<\/div>\n\t\t\t\t<div class=\"elementor-element elementor-element-7152afc elementor-widget elementor-widget-text-editor\" data-id=\"7152afc\" data-element_type=\"widget\" data-widget_type=\"text-editor.default\">\n\t\t\t\t<div class=\"elementor-widget-container\">\n\t\t\t\t\t\t\t\t\t<h2>Caract\u00e9ristiques principales<\/h2><p>La flexibilit\u00e9 rencontre la fiabilit\u00e9 avec le NL230101-SSTP03 ! R\u00e9glez-le \u00e0 n'importe quelle hauteur, glissez en douceur gr\u00e2ce aux roulettes muettes, et faites confiance \u00e0 sa construction antirouille pour des performances durables.<\/p><ul><li>Construction en acier inoxydable 201\/304 pour plus de fiabilit\u00e9.<\/li><li>Soudure int\u00e9grale pour l'int\u00e9grit\u00e9 structurelle.<\/li><li>Hauteur r\u00e9glable de 80 \u00e0 116 cm pour des t\u00e2ches vari\u00e9es.<\/li><li>4 roues \u00e0 frein ou \u00e0 sourdine et un plateau de 44*34,5cm.<\/li><\/ul>\t\t\t\t\t\t\t\t<\/div>\n\t\t\t\t<\/div>\n\t\t\t\t<div class=\"elementor-element elementor-element-3a02177 elementor-widget elementor-widget-text-editor\" data-id=\"3a02177\" data-element_type=\"widget\" data-widget_type=\"text-editor.default\">\n\t\t\t\t<div class=\"elementor-widget-container\">\n\t\t\t\t\t\t\t\t\t<h2>Sp\u00e9cifications<\/h2><table width=\"160\"><tbody><tr><td width=\"80\">Mat\u00e9riau en option<\/td><td width=\"80\">\u00a0Acier inoxydable 201\/304<\/td><\/tr><tr><td>Structure<\/td><td>\u00a0Soudage int\u00e9gral<\/td><\/tr><tr><td>Mat\u00e9riau des roulettes en option<\/td><td>\u00a04 roues de frein\/roues de sourdine<\/td><\/tr><tr><td>Taille du plateau<\/td><td>\u00a044*34.5cm<\/td><\/tr><tr><td>Taille du chariot<\/td><td>\u00a051,5*42*(80-116)cm<\/td><\/tr><\/tbody><\/table>\t\t\t\t\t\t\t\t<\/div>\n\t\t\t\t<\/div>\n\t\t\t\t<div class=\"elementor-element elementor-element-2996df9 elementor-widget elementor-widget-text-editor\" data-id=\"2996df9\" data-element_type=\"widget\" data-widget_type=\"text-editor.default\">\n\t\t\t\t<div class=\"elementor-widget-container\">\n\t\t\t\t\t\t\t\t\t<p>D'autres \u00e9quipements m\u00e9dicaux peuvent \u00eatre trouv\u00e9s dans <a href=\"https:\/\/novalion-med.com\/fr\/\" target=\"_blank\" rel=\"noopener\">notre site web<\/a> ou <a href=\"https:\/\/api.whatsapp.com\/send\/?phone=%2B008618112908401&amp;text&amp;type=phone_number&amp;app_absent=0\" target=\"_blank\" rel=\"noopener\">notre whatsapp<\/a>.<\/p>\t\t\t\t\t\t\t\t<\/div>\n\t\t\t\t<\/div>\n\t\t\t\t<\/div>\n\t\t\t\t<\/div>","protected":false},"excerpt":{"rendered":"<p>Faites l'exp\u00e9rience d'une flexibilit\u00e9 in\u00e9gal\u00e9e avec le chariot Mayo en acier inoxydable NL230101-SSTP03. Fabriqu\u00e9 en acier inoxydable 201\/304 avec soudure int\u00e9grale, il garantit r\u00e9sistance et fiabilit\u00e9. Les 4 roues pivotantes \u00e0 frein ou \u00e0 sourdine assurent un mouvement stable. Le plateau de 44*34,5 cm est parfait pour placer les outils m\u00e9dicaux, et la hauteur r\u00e9glable de 80 \u00e0 116 cm \u00e0 la base de 51,5*42 cm permet d'adapter le chariot \u00e0 diverses t\u00e2ches m\u00e9dicales et aux pr\u00e9f\u00e9rences de l'utilisateur.<\/p>","protected":false},"featured_media":4691,"template":"elementor_theme","meta":{"site-sidebar-layout":"default","site-content-layout":"","ast-site-content-layout":"default","site-content-style":"default","site-sidebar-style":"default","ast-global-header-display":"","ast-banner-title-visibility":"","ast-main-header-display":"","ast-hfb-above-header-display":"","ast-hfb-below-header-display":"","ast-hfb-mobile-header-display":"","site-post-title":"","ast-breadcrumbs-content":"","ast-featured-img":"","footer-sml-layout":"","theme-transparent-header-meta":"default","adv-header-id-meta":"","stick-header-meta":"default","header-above-stick-meta":"","header-main-stick-meta":"","header-below-stick-meta":"","astra-migrate-meta-layouts":"set","ast-page-background-enabled":"default","ast-page-background-meta":{"desktop":{"background-color":"var(--ast-global-color-4)","background-image":"","background-repeat":"repeat","background-position":"center center","background-size":"auto","background-attachment":"scroll","background-type":"","background-media":"","overlay-type":"","overlay-color":"","overlay-opacity":"","overlay-gradient":""},"tablet":{"background-color":"","background-image":"","background-repeat":"repeat","background-position":"center center","background-size":"auto","background-attachment":"scroll","background-type":"","background-media":"","overlay-type":"","overlay-color":"","overlay-opacity":"","overlay-gradient":""},"mobile":{"background-color":"","background-image":"","background-repeat":"repeat","background-position":"center center","background-size":"auto","background-attachment":"scroll","background-type":"","background-media":"","overlay-type":"","overlay-color":"","overlay-opacity":"","overlay-gradient":""}},"ast-content-background-meta":{"desktop":{"background-color":"var(--ast-global-color-5)","background-image":"","background-repeat":"repeat","background-position":"center center","background-size":"auto","background-attachment":"scroll","background-type":"","background-media":"","overlay-type":"","overlay-color":"","overlay-opacity":"","overlay-gradient":""},"tablet":{"background-color":"var(--ast-global-color-5)","background-image":"","background-repeat":"repeat","background-position":"center center","background-size":"auto","background-attachment":"scroll","background-type":"","background-media":"","overlay-type":"","overlay-color":"","overlay-opacity":"","overlay-gradient":""},"mobile":{"background-color":"var(--ast-global-color-5)","background-image":"","background-repeat":"repeat","background-position":"center center","background-size":"auto","background-attachment":"scroll","background-type":"","background-media":"","overlay-type":"","overlay-color":"","overlay-opacity":"","overlay-gradient":""}}},"product_brand":[],"product_cat":[82],"product_tag":[],"class_list":{"0":"post-4706","1":"product","2":"type-product","3":"status-publish","4":"has-post-thumbnail","6":"product_cat-mayo-trolleys","7":"desktop-align-center","8":"tablet-align-left","9":"mobile-align-left","10":"ast-product-gallery-layout-horizontal-slider","11":"ast-product-gallery-with-no-image","12":"ast-magnify-disabled","13":"ast-product-tabs-layout-accordion","14":"ast-qv-on-image","16":"first","17":"instock","18":"shipping-taxable","19":"purchasable","20":"product-type-simple"},"aioseo_notices":[],"aioseo_head":"\n\t\t<!-- All in One SEO Pro 4.6.0 - aioseo.com -->\n\t\t<meta name=\"description\" content=\"NL230101-SSTP03 Mayo Trolley. 201\/304 steel, integral welding. 4 wheels, 44*34.5 tray, 51.5*42cm base, 80-116cm height. Flexible for tasks.\" \/>\n\t\t<meta name=\"robots\" content=\"max-image-preview:large\" \/>\n\t\t<meta name=\"google-site-verification\" content=\"XE0Krczs_zYC4qBAqnvyRaNEYa9NQEP4HzU7PPpzxoI\" \/>\n\t\t<link rel=\"canonical\" href=\"https:\/\/novalion-med.com\/fr\/produit\/chariot-mayo-en-acier-inoxydable-a-hauteur-reglable-pour-diverses-taches-medicales\/\" \/>\n\t\t<meta name=\"generator\" content=\"All in One SEO Pro (AIOSEO) 4.6.0\" \/>\n\t\t<meta property=\"og:locale\" content=\"fr_FR\" \/>\n\t\t<meta property=\"og:site_name\" content=\"Novalion Medical \u2013 Wheelchair, Hospital bed, Walker,Commode chair,Crutch...\" \/>\n\t\t<meta property=\"og:type\" content=\"article\" \/>\n\t\t<meta property=\"og:title\" content=\"Adjustable Height Stainless Steel Mayo Trolley\" \/>\n\t\t<meta property=\"og:description\" content=\"NL230101-SSTP03 Mayo Trolley. 201\/304 steel, integral welding. 4 wheels, 44*34.5 tray, 51.5*42cm base, 80-116cm height. Flexible for tasks.\" \/>\n\t\t<meta property=\"og:url\" content=\"https:\/\/novalion-med.com\/fr\/produit\/chariot-mayo-en-acier-inoxydable-a-hauteur-reglable-pour-diverses-taches-medicales\/\" \/>\n\t\t<meta property=\"og:image\" content=\"https:\/\/novalion-med.com\/wp-content\/uploads\/2025\/04\/cropped-343496212_201698782614433_8037205422525878621_n-1.jpg\" \/>\n\t\t<meta property=\"og:image:secure_url\" content=\"https:\/\/novalion-med.com\/wp-content\/uploads\/2025\/04\/cropped-343496212_201698782614433_8037205422525878621_n-1.jpg\" \/>\n\t\t<meta property=\"og:image:width\" content=\"512\" \/>\n\t\t<meta property=\"og:image:height\" content=\"512\" \/>\n\t\t<meta property=\"article:published_time\" content=\"2025-06-06T09:52:46+00:00\" \/>\n\t\t<meta property=\"article:modified_time\" content=\"2025-06-06T09:58:45+00:00\" \/>\n\t\t<meta property=\"article:publisher\" content=\"https:\/\/www.facebook.com\/NovalionMedical\/\" \/>\n\t\t<meta name=\"twitter:card\" content=\"summary_large_image\" \/>\n\t\t<meta name=\"twitter:title\" content=\"Adjustable Height Stainless Steel Mayo Trolley\" \/>\n\t\t<meta name=\"twitter:description\" content=\"NL230101-SSTP03 Mayo Trolley. 201\/304 steel, integral welding. 4 wheels, 44*34.5 tray, 51.5*42cm base, 80-116cm height. Flexible for tasks.\" \/>\n\t\t<meta name=\"twitter:image\" content=\"https:\/\/novalion-med.com\/wp-content\/uploads\/2025\/04\/cropped-343496212_201698782614433_8037205422525878621_n-1.jpg\" \/>\n\t\t<script type=\"application\/ld+json\" class=\"aioseo-schema\">\n\t\t\t{\"@context\":\"https:\\\/\\\/schema.org\",\"@graph\":[{\"@type\":\"BreadcrumbList\",\"@id\":\"https:\\\/\\\/novalion-med.com\\\/fr\\\/produit\\\/chariot-mayo-en-acier-inoxydable-a-hauteur-reglable-pour-diverses-taches-medicales\\\/#breadcrumblist\",\"itemListElement\":[{\"@type\":\"ListItem\",\"@id\":\"https:\\\/\\\/novalion-med.com\\\/fr\\\/#listItem\",\"position\":1,\"name\":\"Home\",\"item\":\"https:\\\/\\\/novalion-med.com\\\/fr\\\/\",\"nextItem\":\"https:\\\/\\\/novalion-med.com\\\/fr\\\/produit\\\/chariot-mayo-en-acier-inoxydable-a-hauteur-reglable-pour-diverses-taches-medicales\\\/#listItem\"},{\"@type\":\"ListItem\",\"@id\":\"https:\\\/\\\/novalion-med.com\\\/fr\\\/produit\\\/chariot-mayo-en-acier-inoxydable-a-hauteur-reglable-pour-diverses-taches-medicales\\\/#listItem\",\"position\":2,\"name\":\"Adjustable Height Stainless Steel Mayo Trolley for Diverse Medical Tasks\",\"previousItem\":\"https:\\\/\\\/novalion-med.com\\\/fr\\\/#listItem\"}]},{\"@type\":\"Organization\",\"@id\":\"https:\\\/\\\/novalion-med.com\\\/fr\\\/#organization\",\"name\":\"novalion-med.com\",\"url\":\"https:\\\/\\\/novalion-med.com\\\/fr\\\/\",\"logo\":{\"@type\":\"ImageObject\",\"url\":\"https:\\\/\\\/novalion-med.com\\\/wp-content\\\/uploads\\\/2025\\\/04\\\/cropped-343496212_201698782614433_8037205422525878621_n-1.jpg\",\"@id\":\"https:\\\/\\\/novalion-med.com\\\/fr\\\/produit\\\/chariot-mayo-en-acier-inoxydable-a-hauteur-reglable-pour-diverses-taches-medicales\\\/#organizationLogo\",\"width\":512,\"height\":512},\"image\":{\"@id\":\"https:\\\/\\\/novalion-med.com\\\/fr\\\/produit\\\/chariot-mayo-en-acier-inoxydable-a-hauteur-reglable-pour-diverses-taches-medicales\\\/#organizationLogo\"},\"sameAs\":[\"https:\\\/\\\/www.facebook.com\\\/NovalionMedical\\\/\",\"https:\\\/\\\/www.youtube.com\\\/@NwlMedicalInstrument\"],\"contactPoint\":{\"@type\":\"ContactPoint\",\"telephone\":\"+8618326188070\",\"contactType\":\"Sales\"}},{\"@type\":\"Product\",\"@id\":\"https:\\\/\\\/novalion-med.com\\\/fr\\\/produit\\\/chariot-mayo-en-acier-inoxydable-a-hauteur-reglable-pour-diverses-taches-medicales\\\/#wooCommerceProduct\",\"name\":\"Adjustable Height Stainless Steel Mayo Trolley for Diverse Medical Tasks\",\"description\":\"Experience unparalleled flexibility with the NL230101-SSTP03 Stainless Steel Mayo Trolley. Made from 201\\\/304 stainless steel with integral welding, it guarantees strength and reliability. The 4 brake or mute caster wheels provide stable movement. The 44*34.5cm tray is perfect for placing medical tools, and the trolley's adjustable height from 80 to 116cm at 51.5*42cm base makes it adaptable to various medical tasks and user preferences.\",\"url\":\"https:\\\/\\\/novalion-med.com\\\/fr\\\/produit\\\/chariot-mayo-en-acier-inoxydable-a-hauteur-reglable-pour-diverses-taches-medicales\\\/\",\"sku\":\"NL230101-SSTP03\",\"image\":{\"@type\":\"ImageObject\",\"url\":\"https:\\\/\\\/novalion-med.com\\\/wp-content\\\/uploads\\\/2025\\\/06\\\/NL230101-SSTP03-Adjustable-Height-Stainless-Steel-Mayo-Trolley-for-Diverse-Medical-Tasks.webp\",\"@id\":\"https:\\\/\\\/novalion-med.com\\\/fr\\\/produit\\\/chariot-mayo-en-acier-inoxydable-a-hauteur-reglable-pour-diverses-taches-medicales\\\/#productImage\",\"width\":1000,\"height\":1000,\"caption\":\"NL230101-SSTP03 Adjustable Height Stainless Steel Mayo Trolley for Diverse Medical Tasks\"},\"offers\":{\"@type\":\"Offer\",\"url\":\"https:\\\/\\\/novalion-med.com\\\/fr\\\/produit\\\/chariot-mayo-en-acier-inoxydable-a-hauteur-reglable-pour-diverses-taches-medicales\\\/#wooCommerceOffer\",\"priceCurrency\":\"PHP\",\"category\":\"Mayo Trolleys\",\"availability\":\"https:\\\/\\\/schema.org\\\/InStock\",\"seller\":{\"@type\":\"Organization\",\"@id\":\"https:\\\/\\\/novalion-med.com\\\/fr\\\/#organization\"},\"price\":111}},{\"@type\":\"WebPage\",\"@id\":\"https:\\\/\\\/novalion-med.com\\\/fr\\\/produit\\\/chariot-mayo-en-acier-inoxydable-a-hauteur-reglable-pour-diverses-taches-medicales\\\/#webpage\",\"url\":\"https:\\\/\\\/novalion-med.com\\\/fr\\\/produit\\\/chariot-mayo-en-acier-inoxydable-a-hauteur-reglable-pour-diverses-taches-medicales\\\/\",\"name\":\"Adjustable Height Stainless Steel Mayo Trolley\",\"description\":\"NL230101-SSTP03 Mayo Trolley. 201\\\/304 steel, integral welding. 4 wheels, 44*34.5 tray, 51.5*42cm base, 80-116cm height. Flexible for tasks.\",\"inLanguage\":\"fr-FR\",\"isPartOf\":{\"@id\":\"https:\\\/\\\/novalion-med.com\\\/fr\\\/#website\"},\"breadcrumb\":{\"@id\":\"https:\\\/\\\/novalion-med.com\\\/fr\\\/produit\\\/chariot-mayo-en-acier-inoxydable-a-hauteur-reglable-pour-diverses-taches-medicales\\\/#breadcrumblist\"},\"image\":{\"@type\":\"ImageObject\",\"url\":\"https:\\\/\\\/novalion-med.com\\\/wp-content\\\/uploads\\\/2025\\\/06\\\/NL230101-SSTP03-Adjustable-Height-Stainless-Steel-Mayo-Trolley-for-Diverse-Medical-Tasks.webp\",\"@id\":\"https:\\\/\\\/novalion-med.com\\\/fr\\\/produit\\\/chariot-mayo-en-acier-inoxydable-a-hauteur-reglable-pour-diverses-taches-medicales\\\/#mainImage\",\"width\":1000,\"height\":1000,\"caption\":\"NL230101-SSTP03 Adjustable Height Stainless Steel Mayo Trolley for Diverse Medical Tasks\"},\"primaryImageOfPage\":{\"@id\":\"https:\\\/\\\/novalion-med.com\\\/fr\\\/produit\\\/chariot-mayo-en-acier-inoxydable-a-hauteur-reglable-pour-diverses-taches-medicales\\\/#mainImage\"},\"datePublished\":\"2025-06-06T09:52:46+00:00\",\"dateModified\":\"2025-06-06T09:58:45+00:00\"},{\"@type\":\"WebSite\",\"@id\":\"https:\\\/\\\/novalion-med.com\\\/fr\\\/#website\",\"url\":\"https:\\\/\\\/novalion-med.com\\\/fr\\\/\",\"name\":\"novalion-med.com\",\"description\":\"Wheelchair, Hospital bed, Walker,Commode chair,Crutch...\",\"inLanguage\":\"fr-FR\",\"publisher\":{\"@id\":\"https:\\\/\\\/novalion-med.com\\\/fr\\\/#organization\"}}]}\n\t\t<\/script>\n\t\t<!-- All in One SEO Pro -->\r\n\t\t<title>Adjustable Height Stainless Steel Mayo Trolley<\/title>\n\n","aioseo_head_json":{"title":"Adjustable Height Stainless Steel Mayo Trolley","description":"NL230101-SSTP03 Mayo Trolley. 201\/304 steel, integral welding. 4 wheels, 44*34.5 tray, 51.5*42cm base, 80-116cm height. Flexible for tasks.","canonical_url":"https:\/\/novalion-med.com\/fr\/produit\/chariot-mayo-en-acier-inoxydable-a-hauteur-reglable-pour-diverses-taches-medicales\/","robots":"max-image-preview:large","keywords":"","webmasterTools":{"google-site-verification":"XE0Krczs_zYC4qBAqnvyRaNEYa9NQEP4HzU7PPpzxoI","miscellaneous":""},"og:locale":"fr_FR","og:site_name":"Novalion Medical \u2013 Wheelchair, Hospital bed, Walker,Commode chair,Crutch...","og:type":"article","og:title":"Adjustable Height Stainless Steel Mayo Trolley","og:description":"NL230101-SSTP03 Mayo Trolley. 201\/304 steel, integral welding. 4 wheels, 44*34.5 tray, 51.5*42cm base, 80-116cm height. Flexible for tasks.","og:url":"https:\/\/novalion-med.com\/fr\/produit\/chariot-mayo-en-acier-inoxydable-a-hauteur-reglable-pour-diverses-taches-medicales\/","og:image":"https:\/\/novalion-med.com\/wp-content\/uploads\/2025\/04\/cropped-343496212_201698782614433_8037205422525878621_n-1.jpg","og:image:secure_url":"https:\/\/novalion-med.com\/wp-content\/uploads\/2025\/04\/cropped-343496212_201698782614433_8037205422525878621_n-1.jpg","og:image:width":512,"og:image:height":512,"article:published_time":"2025-06-06T09:52:46+00:00","article:modified_time":"2025-06-06T09:58:45+00:00","article:publisher":"https:\/\/www.facebook.com\/NovalionMedical\/","twitter:card":"summary_large_image","twitter:title":"Adjustable Height Stainless Steel Mayo Trolley","twitter:description":"NL230101-SSTP03 Mayo Trolley. 201\/304 steel, integral welding. 4 wheels, 44*34.5 tray, 51.5*42cm base, 80-116cm height. Flexible for tasks.","twitter:image":"https:\/\/novalion-med.com\/wp-content\/uploads\/2025\/04\/cropped-343496212_201698782614433_8037205422525878621_n-1.jpg","schema":{"@context":"https:\/\/schema.org","@graph":[{"@type":"BreadcrumbList","@id":"https:\/\/novalion-med.com\/fr\/produit\/chariot-mayo-en-acier-inoxydable-a-hauteur-reglable-pour-diverses-taches-medicales\/#breadcrumblist","itemListElement":[{"@type":"ListItem","@id":"https:\/\/novalion-med.com\/fr\/#listItem","position":1,"name":"Home","item":"https:\/\/novalion-med.com\/fr\/","nextItem":"https:\/\/novalion-med.com\/fr\/produit\/chariot-mayo-en-acier-inoxydable-a-hauteur-reglable-pour-diverses-taches-medicales\/#listItem"},{"@type":"ListItem","@id":"https:\/\/novalion-med.com\/fr\/produit\/chariot-mayo-en-acier-inoxydable-a-hauteur-reglable-pour-diverses-taches-medicales\/#listItem","position":2,"name":"Adjustable Height Stainless Steel Mayo Trolley for Diverse Medical Tasks","previousItem":"https:\/\/novalion-med.com\/fr\/#listItem"}]},{"@type":"Organization","@id":"https:\/\/novalion-med.com\/fr\/#organization","name":"novalion-med.com","url":"https:\/\/novalion-med.com\/fr\/","logo":{"@type":"ImageObject","url":"https:\/\/novalion-med.com\/wp-content\/uploads\/2025\/04\/cropped-343496212_201698782614433_8037205422525878621_n-1.jpg","@id":"https:\/\/novalion-med.com\/fr\/produit\/chariot-mayo-en-acier-inoxydable-a-hauteur-reglable-pour-diverses-taches-medicales\/#organizationLogo","width":512,"height":512},"image":{"@id":"https:\/\/novalion-med.com\/fr\/produit\/chariot-mayo-en-acier-inoxydable-a-hauteur-reglable-pour-diverses-taches-medicales\/#organizationLogo"},"sameAs":["https:\/\/www.facebook.com\/NovalionMedical\/","https:\/\/www.youtube.com\/@NwlMedicalInstrument"],"contactPoint":{"@type":"ContactPoint","telephone":"+8618326188070","contactType":"Sales"}},{"@type":"Product","@id":"https:\/\/novalion-med.com\/fr\/produit\/chariot-mayo-en-acier-inoxydable-a-hauteur-reglable-pour-diverses-taches-medicales\/#wooCommerceProduct","name":"Adjustable Height Stainless Steel Mayo Trolley for Diverse Medical Tasks","description":"Experience unparalleled flexibility with the NL230101-SSTP03 Stainless Steel Mayo Trolley. Made from 201\/304 stainless steel with integral welding, it guarantees strength and reliability. The 4 brake or mute caster wheels provide stable movement. The 44*34.5cm tray is perfect for placing medical tools, and the trolley's adjustable height from 80 to 116cm at 51.5*42cm base makes it adaptable to various medical tasks and user preferences.","url":"https:\/\/novalion-med.com\/fr\/produit\/chariot-mayo-en-acier-inoxydable-a-hauteur-reglable-pour-diverses-taches-medicales\/","sku":"NL230101-SSTP03","image":{"@type":"ImageObject","url":"https:\/\/novalion-med.com\/wp-content\/uploads\/2025\/06\/NL230101-SSTP03-Adjustable-Height-Stainless-Steel-Mayo-Trolley-for-Diverse-Medical-Tasks.webp","@id":"https:\/\/novalion-med.com\/fr\/produit\/chariot-mayo-en-acier-inoxydable-a-hauteur-reglable-pour-diverses-taches-medicales\/#productImage","width":1000,"height":1000,"caption":"NL230101-SSTP03 Adjustable Height Stainless Steel Mayo Trolley for Diverse Medical Tasks"},"offers":{"@type":"Offer","url":"https:\/\/novalion-med.com\/fr\/produit\/chariot-mayo-en-acier-inoxydable-a-hauteur-reglable-pour-diverses-taches-medicales\/#wooCommerceOffer","priceCurrency":"PHP","category":"Mayo Trolleys","availability":"https:\/\/schema.org\/InStock","seller":{"@type":"Organization","@id":"https:\/\/novalion-med.com\/fr\/#organization"},"price":111}},{"@type":"WebPage","@id":"https:\/\/novalion-med.com\/fr\/produit\/chariot-mayo-en-acier-inoxydable-a-hauteur-reglable-pour-diverses-taches-medicales\/#webpage","url":"https:\/\/novalion-med.com\/fr\/produit\/chariot-mayo-en-acier-inoxydable-a-hauteur-reglable-pour-diverses-taches-medicales\/","name":"Adjustable Height Stainless Steel Mayo Trolley","description":"NL230101-SSTP03 Mayo Trolley. 201\/304 steel, integral welding. 4 wheels, 44*34.5 tray, 51.5*42cm base, 80-116cm height. Flexible for tasks.","inLanguage":"fr-FR","isPartOf":{"@id":"https:\/\/novalion-med.com\/fr\/#website"},"breadcrumb":{"@id":"https:\/\/novalion-med.com\/fr\/produit\/chariot-mayo-en-acier-inoxydable-a-hauteur-reglable-pour-diverses-taches-medicales\/#breadcrumblist"},"image":{"@type":"ImageObject","url":"https:\/\/novalion-med.com\/wp-content\/uploads\/2025\/06\/NL230101-SSTP03-Adjustable-Height-Stainless-Steel-Mayo-Trolley-for-Diverse-Medical-Tasks.webp","@id":"https:\/\/novalion-med.com\/fr\/produit\/chariot-mayo-en-acier-inoxydable-a-hauteur-reglable-pour-diverses-taches-medicales\/#mainImage","width":1000,"height":1000,"caption":"NL230101-SSTP03 Adjustable Height Stainless Steel Mayo Trolley for Diverse Medical Tasks"},"primaryImageOfPage":{"@id":"https:\/\/novalion-med.com\/fr\/produit\/chariot-mayo-en-acier-inoxydable-a-hauteur-reglable-pour-diverses-taches-medicales\/#mainImage"},"datePublished":"2025-06-06T09:52:46+00:00","dateModified":"2025-06-06T09:58:45+00:00"},{"@type":"WebSite","@id":"https:\/\/novalion-med.com\/fr\/#website","url":"https:\/\/novalion-med.com\/fr\/","name":"novalion-med.com","description":"Wheelchair, Hospital bed, Walker,Commode chair,Crutch...","inLanguage":"fr-FR","publisher":{"@id":"https:\/\/novalion-med.com\/fr\/#organization"}}]}},"aioseo_meta_data":{"post_id":"4706","title":"Adjustable Height Stainless Steel Mayo Trolley","description":"NL230101-SSTP03 Mayo Trolley. 201\/304 steel, integral welding. 4 wheels, 44*34.5 tray, 51.5*42cm base, 80-116cm height. Flexible for tasks.","keywords":"[]","keyphrases":"{\"focus\":{\"keyphrase\":\"\",\"score\":0,\"analysis\":{\"keyphraseInTitle\":{\"score\":0,\"maxScore\":9,\"error\":1}}},\"additional\":[]}","primary_term":null,"canonical_url":null,"og_title":null,"og_description":null,"og_object_type":"default","og_image_type":"default","og_image_url":null,"og_image_width":null,"og_image_height":null,"og_image_custom_url":null,"og_image_custom_fields":null,"og_video":"","og_custom_url":null,"og_article_section":null,"og_article_tags":"[]","twitter_use_og":false,"twitter_card":"default","twitter_image_type":"default","twitter_image_url":null,"twitter_image_custom_url":null,"twitter_image_custom_fields":null,"twitter_title":null,"twitter_description":null,"schema":{"blockGraphs":[],"customGraphs":[],"default":{"data":{"Article":[],"Course":[],"Dataset":[],"FAQPage":[],"Movie":[],"Person":[],"Product":[],"Recipe":[],"Service":[],"SoftwareApplication":[],"WebPage":[]},"graphName":"Product","isEnabled":true},"graphs":[]},"schema_type":"default","schema_type_options":null,"pillar_content":false,"robots_default":true,"robots_noindex":false,"robots_noarchive":false,"robots_nosnippet":false,"robots_nofollow":false,"robots_noimageindex":false,"robots_noodp":false,"robots_notranslate":false,"robots_max_snippet":"-1","robots_max_videopreview":"-1","robots_max_imagepreview":"large","priority":null,"frequency":"default","local_seo":null,"limit_modified_date":false,"created":"2025-06-06 09:52:46","updated":"2025-06-06 10:13:23"},"_links":{"self":[{"href":"https:\/\/novalion-med.com\/fr\/wp-json\/wp\/v2\/product\/4706","targetHints":{"allow":["GET"]}}],"collection":[{"href":"https:\/\/novalion-med.com\/fr\/wp-json\/wp\/v2\/product"}],"about":[{"href":"https:\/\/novalion-med.com\/fr\/wp-json\/wp\/v2\/types\/product"}],"version-history":[{"count":4,"href":"https:\/\/novalion-med.com\/fr\/wp-json\/wp\/v2\/product\/4706\/revisions"}],"predecessor-version":[{"id":4710,"href":"https:\/\/novalion-med.com\/fr\/wp-json\/wp\/v2\/product\/4706\/revisions\/4710"}],"wp:featuredmedia":[{"embeddable":true,"href":"https:\/\/novalion-med.com\/fr\/wp-json\/wp\/v2\/media\/4691"}],"wp:attachment":[{"href":"https:\/\/novalion-med.com\/fr\/wp-json\/wp\/v2\/media?parent=4706"}],"wp:term":[{"taxonomy":"product_brand","embeddable":true,"href":"https:\/\/novalion-med.com\/fr\/wp-json\/wp\/v2\/product_brand?post=4706"},{"taxonomy":"product_cat","embeddable":true,"href":"https:\/\/novalion-med.com\/fr\/wp-json\/wp\/v2\/product_cat?post=4706"},{"taxonomy":"product_tag","embeddable":true,"href":"https:\/\/novalion-med.com\/fr\/wp-json\/wp\/v2\/product_tag?post=4706"}],"curies":[{"name":"wp","href":"https:\/\/api.w.org\/{rel}","templated":true}]}}