{"id":4336,"date":"2025-05-30T10:42:56","date_gmt":"2025-05-30T10:42:56","guid":{"rendered":"https:\/\/novalion-med.com\/?post_type=product&#038;p=4336"},"modified":"2025-07-24T07:49:24","modified_gmt":"2025-07-24T07:49:24","slug":"lit-dhopital-electrique-standard-3-fonctions-avec-telecommande","status":"publish","type":"product","link":"https:\/\/novalion-med.com\/fr\/produit\/lit-dhopital-electrique-standard-3-fonctions-avec-telecommande\/","title":{"rendered":"Lit d'h\u00f4pital \u00e9lectrique standard 3 fonctions avec t\u00e9l\u00e9commande"},"content":{"rendered":"<div data-elementor-type=\"product-post\" data-elementor-id=\"4336\" class=\"elementor elementor-4336\" data-elementor-post-type=\"product\">\n\t\t\t\t<div class=\"elementor-element elementor-element-1c93f1cb e-con-full e-flex e-con e-parent\" data-id=\"1c93f1cb\" data-element_type=\"container\">\n\t\t\t\t<div class=\"elementor-element elementor-element-2240ff1 elementor-widget elementor-widget-heading\" data-id=\"2240ff1\" data-element_type=\"widget\" data-widget_type=\"heading.default\">\n\t\t\t\t<div class=\"elementor-widget-container\">\n\t\t\t\t\t<h2 class=\"elementor-heading-title elementor-size-default\">Lit d'h\u00f4pital \u00e9lectrique standard 3 fonctions avec t\u00e9l\u00e9commande<\/h2>\t\t\t\t<\/div>\n\t\t\t\t<\/div>\n\t\t\t\t<div class=\"elementor-element elementor-element-45d8c46 elementor-widget elementor-widget-text-editor\" data-id=\"45d8c46\" data-element_type=\"widget\" data-widget_type=\"text-editor.default\">\n\t\t\t\t<div class=\"elementor-widget-container\">\n\t\t\t\t\t\t\t\t\t<p>Dot\u00e9 de barri\u00e8res lat\u00e9rales en acier inoxydable avec serrures et d'un cadre en acier au carbone froid, ce lit donne la priorit\u00e9 \u00e0 l'hygi\u00e8ne et \u00e0 la s\u00e9curit\u00e9. Les panneaux de t\u00eate et de queue en ABS et les roulettes silencieuses facilitent le nettoyage et le d\u00e9placement. Il offre 3 fonctions \u00e9lectriques (rel\u00e8vement du dos\/des jambes, r\u00e9glage de la hauteur) et est certifi\u00e9 CE\/ISO 13485\/ROHS pour des soins fiables.<\/p>\t\t\t\t\t\t\t\t<\/div>\n\t\t\t\t<\/div>\n\t\t\t\t<div class=\"elementor-element elementor-element-7152afc elementor-widget elementor-widget-text-editor\" data-id=\"7152afc\" data-element_type=\"widget\" data-widget_type=\"text-editor.default\">\n\t\t\t\t<div class=\"elementor-widget-container\">\n\t\t\t\t\t\t\t\t\t<h2>Caract\u00e9ristiques principales<\/h2><p>Am\u00e9liorez l'hygi\u00e8ne et la durabilit\u00e9 gr\u00e2ce aux rails de verrouillage en acier inoxydable, aux 3 fonctions \u00e9lectriques (rel\u00e8vement du dos\/des jambes, r\u00e9glage de la hauteur) et aux composants certifi\u00e9s CE\/ISO 13485\/RoHS, id\u00e9aux pour des soins hospitaliers propres et fiables.<\/p><ul><li>Le lit offre 3 fonctions \u00e9lectriques de base : le rel\u00e8vement du dos, le rel\u00e8vement des jambes et le r\u00e9glage de la hauteur.<\/li><li>Il est \u00e9quip\u00e9 de barri\u00e8res lat\u00e9rales verrouillables en acier inoxydable pour l'hygi\u00e8ne et la facilit\u00e9 de nettoyage, ainsi que de roulettes muettes \u00e0 frein ind\u00e9pendant.<\/li><li>Fabriqu\u00e9 avec des planches t\u00eate\/pieds en ABS et un cadre en acier au carbone froid, il est certifi\u00e9 CE\/ISO 13485\/RoHS et supporte 250 kg.<\/li><\/ul>\t\t\t\t\t\t\t\t<\/div>\n\t\t\t\t<\/div>\n\t\t\t\t<div class=\"elementor-element elementor-element-2996df9 elementor-widget elementor-widget-text-editor\" data-id=\"2996df9\" data-element_type=\"widget\" data-widget_type=\"text-editor.default\">\n\t\t\t\t<div class=\"elementor-widget-container\">\n\t\t\t\t\t\t\t\t\t<p>D'autres \u00e9quipements m\u00e9dicaux peuvent \u00eatre trouv\u00e9s dans <a href=\"https:\/\/novalion-med.com\/fr\/\" target=\"_blank\" rel=\"noopener\">notre site web<\/a> ou <a href=\"https:\/\/api.whatsapp.com\/send\/?phone=%2B008618112908401&amp;text&amp;type=phone_number&amp;app_absent=0\" target=\"_blank\" rel=\"noopener\">notre whatsapp<\/a>.<\/p>\t\t\t\t\t\t\t\t<\/div>\n\t\t\t\t<\/div>\n\t\t\t\t<\/div>\n\t\t\t\t<\/div>","protected":false},"excerpt":{"rendered":"<p>Le lit d'h\u00f4pital \u00e9lectrique standard \u00e0 3 fonctions avec t\u00e9l\u00e9commande NL150301-BLSE09 est un lit d'h\u00f4pital \u00e9lectrique \u00e0 3 fonctions et un lit d'h\u00f4pital \u00e9lectrique standard, con\u00e7u comme un lit d'h\u00f4pital \u00e9lectrique, un lit d'h\u00f4pital et un lit d'h\u00f4pital avec t\u00e9l\u00e9commande pour des soins fiables aux patients. En tant que lit d'h\u00f4pital \u00e9lectrique \u00e0 3 fonctions, il offre des r\u00e9glages essentiels : rel\u00e8vement du dossier, rel\u00e8vement du repose-jambes et r\u00e9glage de la hauteur, tous contr\u00f4l\u00e9s par t\u00e9l\u00e9commande, ce qui simplifie l'utilisation pour le personnel soignant et assure le confort des utilisateurs. Con\u00e7u comme un lit d'h\u00f4pital \u00e9lectrique standard, il s'adapte aux environnements de soins typiques, alliant praticit\u00e9 et durabilit\u00e9, id\u00e9al pour les lits \u00e9lectriques destin\u00e9s aux personnes \u00e2g\u00e9es ou aux patients ayant besoin d'un soutien constant.<\/p>","protected":false},"featured_media":4331,"template":"elementor_theme","meta":{"site-sidebar-layout":"default","site-content-layout":"","ast-site-content-layout":"default","site-content-style":"default","site-sidebar-style":"default","ast-global-header-display":"","ast-banner-title-visibility":"","ast-main-header-display":"","ast-hfb-above-header-display":"","ast-hfb-below-header-display":"","ast-hfb-mobile-header-display":"","site-post-title":"","ast-breadcrumbs-content":"","ast-featured-img":"","footer-sml-layout":"","theme-transparent-header-meta":"default","adv-header-id-meta":"","stick-header-meta":"default","header-above-stick-meta":"","header-main-stick-meta":"","header-below-stick-meta":"","astra-migrate-meta-layouts":"set","ast-page-background-enabled":"default","ast-page-background-meta":{"desktop":{"background-color":"var(--ast-global-color-4)","background-image":"","background-repeat":"repeat","background-position":"center center","background-size":"auto","background-attachment":"scroll","background-type":"","background-media":"","overlay-type":"","overlay-color":"","overlay-opacity":"","overlay-gradient":""},"tablet":{"background-color":"","background-image":"","background-repeat":"repeat","background-position":"center center","background-size":"auto","background-attachment":"scroll","background-type":"","background-media":"","overlay-type":"","overlay-color":"","overlay-opacity":"","overlay-gradient":""},"mobile":{"background-color":"","background-image":"","background-repeat":"repeat","background-position":"center center","background-size":"auto","background-attachment":"scroll","background-type":"","background-media":"","overlay-type":"","overlay-color":"","overlay-opacity":"","overlay-gradient":""}},"ast-content-background-meta":{"desktop":{"background-color":"var(--ast-global-color-5)","background-image":"","background-repeat":"repeat","background-position":"center center","background-size":"auto","background-attachment":"scroll","background-type":"","background-media":"","overlay-type":"","overlay-color":"","overlay-opacity":"","overlay-gradient":""},"tablet":{"background-color":"var(--ast-global-color-5)","background-image":"","background-repeat":"repeat","background-position":"center center","background-size":"auto","background-attachment":"scroll","background-type":"","background-media":"","overlay-type":"","overlay-color":"","overlay-opacity":"","overlay-gradient":""},"mobile":{"background-color":"var(--ast-global-color-5)","background-image":"","background-repeat":"repeat","background-position":"center center","background-size":"auto","background-attachment":"scroll","background-type":"","background-media":"","overlay-type":"","overlay-color":"","overlay-opacity":"","overlay-gradient":""}}},"product_brand":[],"product_cat":[75],"product_tag":[],"class_list":{"0":"post-4336","1":"product","2":"type-product","3":"status-publish","4":"has-post-thumbnail","6":"product_cat-electric-hospital-bed","7":"desktop-align-center","8":"tablet-align-left","9":"mobile-align-left","10":"ast-product-gallery-layout-horizontal-slider","11":"ast-magnify-disabled","12":"ast-product-tabs-layout-accordion","13":"ast-qv-on-image","15":"first","16":"instock","17":"shipping-taxable","18":"purchasable","19":"product-type-simple"},"aioseo_notices":[],"aioseo_head":"\n\t\t<!-- All in One SEO Pro 4.6.0 - aioseo.com -->\n\t\t<meta name=\"description\" content=\"The NL150301-BLSE09 3 Function Standard Electric Hospital Bed With Remote has 3 functions, stainless steel rails, mute casters, CE\/ISO certified.\" \/>\n\t\t<meta name=\"robots\" content=\"max-image-preview:large\" \/>\n\t\t<meta name=\"google-site-verification\" content=\"XE0Krczs_zYC4qBAqnvyRaNEYa9NQEP4HzU7PPpzxoI\" \/>\n\t\t<meta name=\"keywords\" content=\"electric hospital bed,hospital bed,hospital bed with remote control,3 function electric hospital bed,standard electric hospital bed\" \/>\n\t\t<link rel=\"canonical\" href=\"https:\/\/novalion-med.com\/fr\/produit\/lit-dhopital-electrique-standard-3-fonctions-avec-telecommande\/\" \/>\n\t\t<meta name=\"generator\" content=\"All in One SEO Pro (AIOSEO) 4.6.0\" \/>\n\t\t<meta property=\"og:locale\" content=\"fr_FR\" \/>\n\t\t<meta property=\"og:site_name\" content=\"Novalion Medical \u2013 Wheelchair, Hospital bed, Walker,Commode chair,Crutch...\" \/>\n\t\t<meta property=\"og:type\" content=\"article\" \/>\n\t\t<meta property=\"og:title\" content=\"3 Function Standard Electric Hospital Bed With Remote\" \/>\n\t\t<meta property=\"og:description\" content=\"The NL150301-BLSE09 3 Function Standard Electric Hospital Bed With Remote has 3 functions, stainless steel rails, mute casters, CE\/ISO certified.\" \/>\n\t\t<meta property=\"og:url\" content=\"https:\/\/novalion-med.com\/fr\/produit\/lit-dhopital-electrique-standard-3-fonctions-avec-telecommande\/\" \/>\n\t\t<meta property=\"og:image\" content=\"https:\/\/novalion-med.com\/wp-content\/uploads\/2025\/04\/cropped-343496212_201698782614433_8037205422525878621_n-1.jpg\" \/>\n\t\t<meta property=\"og:image:secure_url\" content=\"https:\/\/novalion-med.com\/wp-content\/uploads\/2025\/04\/cropped-343496212_201698782614433_8037205422525878621_n-1.jpg\" \/>\n\t\t<meta property=\"og:image:width\" content=\"512\" \/>\n\t\t<meta property=\"og:image:height\" content=\"512\" \/>\n\t\t<meta property=\"article:published_time\" content=\"2025-05-30T10:42:56+00:00\" \/>\n\t\t<meta property=\"article:modified_time\" content=\"2025-07-24T07:49:24+00:00\" \/>\n\t\t<meta property=\"article:publisher\" content=\"https:\/\/www.facebook.com\/NovalionMedical\/\" \/>\n\t\t<meta name=\"twitter:card\" content=\"summary_large_image\" \/>\n\t\t<meta name=\"twitter:title\" content=\"3 Function Standard Electric Hospital Bed With Remote\" \/>\n\t\t<meta name=\"twitter:description\" content=\"The NL150301-BLSE09 3 Function Standard Electric Hospital Bed With Remote has 3 functions, stainless steel rails, mute casters, CE\/ISO certified.\" \/>\n\t\t<meta name=\"twitter:image\" content=\"https:\/\/novalion-med.com\/wp-content\/uploads\/2025\/04\/cropped-343496212_201698782614433_8037205422525878621_n-1.jpg\" \/>\n\t\t<script type=\"application\/ld+json\" class=\"aioseo-schema\">\n\t\t\t{\"@context\":\"https:\\\/\\\/schema.org\",\"@graph\":[{\"@type\":\"BreadcrumbList\",\"@id\":\"https:\\\/\\\/novalion-med.com\\\/fr\\\/produit\\\/lit-dhopital-electrique-standard-3-fonctions-avec-telecommande\\\/#breadcrumblist\",\"itemListElement\":[{\"@type\":\"ListItem\",\"@id\":\"https:\\\/\\\/novalion-med.com\\\/fr\\\/#listItem\",\"position\":1,\"name\":\"Home\",\"item\":\"https:\\\/\\\/novalion-med.com\\\/fr\\\/\",\"nextItem\":\"https:\\\/\\\/novalion-med.com\\\/fr\\\/produit\\\/lit-dhopital-electrique-standard-3-fonctions-avec-telecommande\\\/#listItem\"},{\"@type\":\"ListItem\",\"@id\":\"https:\\\/\\\/novalion-med.com\\\/fr\\\/produit\\\/lit-dhopital-electrique-standard-3-fonctions-avec-telecommande\\\/#listItem\",\"position\":2,\"name\":\"3 Function Standard Electric Hospital Bed With Remote\",\"previousItem\":\"https:\\\/\\\/novalion-med.com\\\/fr\\\/#listItem\"}]},{\"@type\":\"Organization\",\"@id\":\"https:\\\/\\\/novalion-med.com\\\/fr\\\/#organization\",\"name\":\"novalion-med.com\",\"url\":\"https:\\\/\\\/novalion-med.com\\\/fr\\\/\",\"logo\":{\"@type\":\"ImageObject\",\"url\":\"https:\\\/\\\/novalion-med.com\\\/wp-content\\\/uploads\\\/2025\\\/04\\\/cropped-343496212_201698782614433_8037205422525878621_n-1.jpg\",\"@id\":\"https:\\\/\\\/novalion-med.com\\\/fr\\\/produit\\\/lit-dhopital-electrique-standard-3-fonctions-avec-telecommande\\\/#organizationLogo\",\"width\":512,\"height\":512},\"image\":{\"@id\":\"https:\\\/\\\/novalion-med.com\\\/fr\\\/produit\\\/lit-dhopital-electrique-standard-3-fonctions-avec-telecommande\\\/#organizationLogo\"},\"sameAs\":[\"https:\\\/\\\/www.facebook.com\\\/NovalionMedical\\\/\",\"https:\\\/\\\/www.youtube.com\\\/@NwlMedicalInstrument\"],\"contactPoint\":{\"@type\":\"ContactPoint\",\"telephone\":\"+8618326188070\",\"contactType\":\"Sales\"}},{\"@type\":\"Product\",\"@id\":\"https:\\\/\\\/novalion-med.com\\\/fr\\\/produit\\\/lit-dhopital-electrique-standard-3-fonctions-avec-telecommande\\\/#wooCommerceProduct\",\"name\":\"3 Function Standard Electric Hospital Bed With Remote\",\"description\":\"The NL150301-BLSE09 3 Function Standard Electric Hospital Bed With Remote is a top 3 function electric hospital bed and standard electric hospital bed, designed as an electric hospital bed, hospital bed, and hospital bed with remote control for reliable patient care. As a 3 function electric hospital bed, it offers essential adjustments: backrest raise, leg rest raise, and height adjustment, all controlled via remote\\u2014simplifying use for caregivers and ensuring comfort for users. Crafted as a standard electric hospital bed, it fits typical care settings, blending practicality with durability, ideal for electric bed for seniors or patients needing consistent support.\",\"url\":\"https:\\\/\\\/novalion-med.com\\\/fr\\\/produit\\\/lit-dhopital-electrique-standard-3-fonctions-avec-telecommande\\\/\",\"sku\":\"NL150301-BLSE09\",\"image\":{\"@type\":\"ImageObject\",\"url\":\"https:\\\/\\\/novalion-med.com\\\/wp-content\\\/uploads\\\/2025\\\/05\\\/NL150301-BLSE09-3-Function-Electric-Hospital-Bed-with-Stainless-Steel-Rails-and-Independent-Locking-Casters.png\",\"@id\":\"https:\\\/\\\/novalion-med.com\\\/fr\\\/produit\\\/lit-dhopital-electrique-standard-3-fonctions-avec-telecommande\\\/#productImage\",\"width\":1083,\"height\":1083,\"caption\":\"NL150301-BLSE09 3 Function Standard Electric Hospital Bed With Remote\"},\"offers\":{\"@type\":\"Offer\",\"url\":\"https:\\\/\\\/novalion-med.com\\\/fr\\\/produit\\\/lit-dhopital-electrique-standard-3-fonctions-avec-telecommande\\\/#wooCommerceOffer\",\"priceCurrency\":\"PHP\",\"category\":\"Electric Hospital Bed\",\"availability\":\"https:\\\/\\\/schema.org\\\/InStock\",\"seller\":{\"@type\":\"Organization\",\"@id\":\"https:\\\/\\\/novalion-med.com\\\/fr\\\/#organization\"},\"price\":111}},{\"@type\":\"WebPage\",\"@id\":\"https:\\\/\\\/novalion-med.com\\\/fr\\\/produit\\\/lit-dhopital-electrique-standard-3-fonctions-avec-telecommande\\\/#webpage\",\"url\":\"https:\\\/\\\/novalion-med.com\\\/fr\\\/produit\\\/lit-dhopital-electrique-standard-3-fonctions-avec-telecommande\\\/\",\"name\":\"3 Function Standard Electric Hospital Bed With Remote\",\"description\":\"The NL150301-BLSE09 3 Function Standard Electric Hospital Bed With Remote has 3 functions, stainless steel rails, mute casters, CE\\\/ISO certified.\",\"inLanguage\":\"fr-FR\",\"isPartOf\":{\"@id\":\"https:\\\/\\\/novalion-med.com\\\/fr\\\/#website\"},\"breadcrumb\":{\"@id\":\"https:\\\/\\\/novalion-med.com\\\/fr\\\/produit\\\/lit-dhopital-electrique-standard-3-fonctions-avec-telecommande\\\/#breadcrumblist\"},\"image\":{\"@type\":\"ImageObject\",\"url\":\"https:\\\/\\\/novalion-med.com\\\/wp-content\\\/uploads\\\/2025\\\/05\\\/NL150301-BLSE09-3-Function-Electric-Hospital-Bed-with-Stainless-Steel-Rails-and-Independent-Locking-Casters.png\",\"@id\":\"https:\\\/\\\/novalion-med.com\\\/fr\\\/produit\\\/lit-dhopital-electrique-standard-3-fonctions-avec-telecommande\\\/#mainImage\",\"width\":1083,\"height\":1083,\"caption\":\"NL150301-BLSE09 3 Function Standard Electric Hospital Bed With Remote\"},\"primaryImageOfPage\":{\"@id\":\"https:\\\/\\\/novalion-med.com\\\/fr\\\/produit\\\/lit-dhopital-electrique-standard-3-fonctions-avec-telecommande\\\/#mainImage\"},\"datePublished\":\"2025-05-30T10:42:56+00:00\",\"dateModified\":\"2025-07-24T07:49:24+00:00\"},{\"@type\":\"WebSite\",\"@id\":\"https:\\\/\\\/novalion-med.com\\\/fr\\\/#website\",\"url\":\"https:\\\/\\\/novalion-med.com\\\/fr\\\/\",\"name\":\"novalion-med.com\",\"description\":\"Wheelchair, Hospital bed, Walker,Commode chair,Crutch...\",\"inLanguage\":\"fr-FR\",\"publisher\":{\"@id\":\"https:\\\/\\\/novalion-med.com\\\/fr\\\/#organization\"}}]}\n\t\t<\/script>\n\t\t<!-- All in One SEO Pro -->\r\n\t\t<title>3 Function Standard Electric Hospital Bed With Remote<\/title>\n\n","aioseo_head_json":{"title":"3 Function Standard Electric Hospital Bed With Remote","description":"The NL150301-BLSE09 3 Function Standard Electric Hospital Bed With Remote has 3 functions, stainless steel rails, mute casters, CE\/ISO certified.","canonical_url":"https:\/\/novalion-med.com\/fr\/produit\/lit-dhopital-electrique-standard-3-fonctions-avec-telecommande\/","robots":"max-image-preview:large","keywords":"electric hospital bed,hospital bed,hospital bed with remote control,3 function electric hospital bed,standard electric hospital bed","webmasterTools":{"google-site-verification":"XE0Krczs_zYC4qBAqnvyRaNEYa9NQEP4HzU7PPpzxoI","miscellaneous":""},"og:locale":"fr_FR","og:site_name":"Novalion Medical \u2013 Wheelchair, Hospital bed, Walker,Commode chair,Crutch...","og:type":"article","og:title":"3 Function Standard Electric Hospital Bed With Remote","og:description":"The NL150301-BLSE09 3 Function Standard Electric Hospital Bed With Remote has 3 functions, stainless steel rails, mute casters, CE\/ISO certified.","og:url":"https:\/\/novalion-med.com\/fr\/produit\/lit-dhopital-electrique-standard-3-fonctions-avec-telecommande\/","og:image":"https:\/\/novalion-med.com\/wp-content\/uploads\/2025\/04\/cropped-343496212_201698782614433_8037205422525878621_n-1.jpg","og:image:secure_url":"https:\/\/novalion-med.com\/wp-content\/uploads\/2025\/04\/cropped-343496212_201698782614433_8037205422525878621_n-1.jpg","og:image:width":512,"og:image:height":512,"article:published_time":"2025-05-30T10:42:56+00:00","article:modified_time":"2025-07-24T07:49:24+00:00","article:publisher":"https:\/\/www.facebook.com\/NovalionMedical\/","twitter:card":"summary_large_image","twitter:title":"3 Function Standard Electric Hospital Bed With Remote","twitter:description":"The NL150301-BLSE09 3 Function Standard Electric Hospital Bed With Remote has 3 functions, stainless steel rails, mute casters, CE\/ISO certified.","twitter:image":"https:\/\/novalion-med.com\/wp-content\/uploads\/2025\/04\/cropped-343496212_201698782614433_8037205422525878621_n-1.jpg","schema":{"@context":"https:\/\/schema.org","@graph":[{"@type":"BreadcrumbList","@id":"https:\/\/novalion-med.com\/fr\/produit\/lit-dhopital-electrique-standard-3-fonctions-avec-telecommande\/#breadcrumblist","itemListElement":[{"@type":"ListItem","@id":"https:\/\/novalion-med.com\/fr\/#listItem","position":1,"name":"Home","item":"https:\/\/novalion-med.com\/fr\/","nextItem":"https:\/\/novalion-med.com\/fr\/produit\/lit-dhopital-electrique-standard-3-fonctions-avec-telecommande\/#listItem"},{"@type":"ListItem","@id":"https:\/\/novalion-med.com\/fr\/produit\/lit-dhopital-electrique-standard-3-fonctions-avec-telecommande\/#listItem","position":2,"name":"3 Function Standard Electric Hospital Bed With Remote","previousItem":"https:\/\/novalion-med.com\/fr\/#listItem"}]},{"@type":"Organization","@id":"https:\/\/novalion-med.com\/fr\/#organization","name":"novalion-med.com","url":"https:\/\/novalion-med.com\/fr\/","logo":{"@type":"ImageObject","url":"https:\/\/novalion-med.com\/wp-content\/uploads\/2025\/04\/cropped-343496212_201698782614433_8037205422525878621_n-1.jpg","@id":"https:\/\/novalion-med.com\/fr\/produit\/lit-dhopital-electrique-standard-3-fonctions-avec-telecommande\/#organizationLogo","width":512,"height":512},"image":{"@id":"https:\/\/novalion-med.com\/fr\/produit\/lit-dhopital-electrique-standard-3-fonctions-avec-telecommande\/#organizationLogo"},"sameAs":["https:\/\/www.facebook.com\/NovalionMedical\/","https:\/\/www.youtube.com\/@NwlMedicalInstrument"],"contactPoint":{"@type":"ContactPoint","telephone":"+8618326188070","contactType":"Sales"}},{"@type":"Product","@id":"https:\/\/novalion-med.com\/fr\/produit\/lit-dhopital-electrique-standard-3-fonctions-avec-telecommande\/#wooCommerceProduct","name":"3 Function Standard Electric Hospital Bed With Remote","description":"The NL150301-BLSE09 3 Function Standard Electric Hospital Bed With Remote is a top 3 function electric hospital bed and standard electric hospital bed, designed as an electric hospital bed, hospital bed, and hospital bed with remote control for reliable patient care. As a 3 function electric hospital bed, it offers essential adjustments: backrest raise, leg rest raise, and height adjustment, all controlled via remote\u2014simplifying use for caregivers and ensuring comfort for users. Crafted as a standard electric hospital bed, it fits typical care settings, blending practicality with durability, ideal for electric bed for seniors or patients needing consistent support.","url":"https:\/\/novalion-med.com\/fr\/produit\/lit-dhopital-electrique-standard-3-fonctions-avec-telecommande\/","sku":"NL150301-BLSE09","image":{"@type":"ImageObject","url":"https:\/\/novalion-med.com\/wp-content\/uploads\/2025\/05\/NL150301-BLSE09-3-Function-Electric-Hospital-Bed-with-Stainless-Steel-Rails-and-Independent-Locking-Casters.png","@id":"https:\/\/novalion-med.com\/fr\/produit\/lit-dhopital-electrique-standard-3-fonctions-avec-telecommande\/#productImage","width":1083,"height":1083,"caption":"NL150301-BLSE09 3 Function Standard Electric Hospital Bed With Remote"},"offers":{"@type":"Offer","url":"https:\/\/novalion-med.com\/fr\/produit\/lit-dhopital-electrique-standard-3-fonctions-avec-telecommande\/#wooCommerceOffer","priceCurrency":"PHP","category":"Electric Hospital Bed","availability":"https:\/\/schema.org\/InStock","seller":{"@type":"Organization","@id":"https:\/\/novalion-med.com\/fr\/#organization"},"price":111}},{"@type":"WebPage","@id":"https:\/\/novalion-med.com\/fr\/produit\/lit-dhopital-electrique-standard-3-fonctions-avec-telecommande\/#webpage","url":"https:\/\/novalion-med.com\/fr\/produit\/lit-dhopital-electrique-standard-3-fonctions-avec-telecommande\/","name":"3 Function Standard Electric Hospital Bed With Remote","description":"The NL150301-BLSE09 3 Function Standard Electric Hospital Bed With Remote has 3 functions, stainless steel rails, mute casters, CE\/ISO certified.","inLanguage":"fr-FR","isPartOf":{"@id":"https:\/\/novalion-med.com\/fr\/#website"},"breadcrumb":{"@id":"https:\/\/novalion-med.com\/fr\/produit\/lit-dhopital-electrique-standard-3-fonctions-avec-telecommande\/#breadcrumblist"},"image":{"@type":"ImageObject","url":"https:\/\/novalion-med.com\/wp-content\/uploads\/2025\/05\/NL150301-BLSE09-3-Function-Electric-Hospital-Bed-with-Stainless-Steel-Rails-and-Independent-Locking-Casters.png","@id":"https:\/\/novalion-med.com\/fr\/produit\/lit-dhopital-electrique-standard-3-fonctions-avec-telecommande\/#mainImage","width":1083,"height":1083,"caption":"NL150301-BLSE09 3 Function Standard Electric Hospital Bed With Remote"},"primaryImageOfPage":{"@id":"https:\/\/novalion-med.com\/fr\/produit\/lit-dhopital-electrique-standard-3-fonctions-avec-telecommande\/#mainImage"},"datePublished":"2025-05-30T10:42:56+00:00","dateModified":"2025-07-24T07:49:24+00:00"},{"@type":"WebSite","@id":"https:\/\/novalion-med.com\/fr\/#website","url":"https:\/\/novalion-med.com\/fr\/","name":"novalion-med.com","description":"Wheelchair, Hospital bed, Walker,Commode chair,Crutch...","inLanguage":"fr-FR","publisher":{"@id":"https:\/\/novalion-med.com\/fr\/#organization"}}]}},"aioseo_meta_data":{"post_id":"4336","title":"3 Function Standard Electric Hospital Bed With Remote","description":"The NL150301-BLSE09 3 Function Standard Electric Hospital Bed With Remote has 3 functions, stainless steel rails, mute casters, CE\/ISO certified.","keywords":"[{\"label\":\"electric hospital bed\",\"value\":\"electric hospital bed\"},{\"label\":\"hospital bed\",\"value\":\"hospital bed\"},{\"label\":\"hospital bed with remote control\",\"value\":\"hospital bed with remote control\"},{\"label\":\"3 function electric hospital bed\",\"value\":\"3 function electric hospital bed\"},{\"label\":\"standard electric hospital bed\",\"value\":\"standard electric hospital bed\"}]","keyphrases":"{\"focus\":{\"keyphrase\":\"\",\"score\":0,\"analysis\":{\"keyphraseInTitle\":{\"score\":0,\"maxScore\":9,\"error\":1}}},\"additional\":[]}","primary_term":null,"canonical_url":null,"og_title":null,"og_description":null,"og_object_type":"default","og_image_type":"default","og_image_url":null,"og_image_width":null,"og_image_height":null,"og_image_custom_url":null,"og_image_custom_fields":null,"og_video":"","og_custom_url":null,"og_article_section":null,"og_article_tags":"[]","twitter_use_og":false,"twitter_card":"default","twitter_image_type":"default","twitter_image_url":null,"twitter_image_custom_url":null,"twitter_image_custom_fields":null,"twitter_title":null,"twitter_description":null,"schema":{"blockGraphs":[],"customGraphs":[],"default":{"data":{"Article":[],"Course":[],"Dataset":[],"FAQPage":[],"Movie":[],"Person":[],"Product":[],"Recipe":[],"Service":[],"SoftwareApplication":[],"WebPage":[]},"graphName":"Product","isEnabled":true},"graphs":[]},"schema_type":"default","schema_type_options":null,"pillar_content":false,"robots_default":true,"robots_noindex":false,"robots_noarchive":false,"robots_nosnippet":false,"robots_nofollow":false,"robots_noimageindex":false,"robots_noodp":false,"robots_notranslate":false,"robots_max_snippet":"-1","robots_max_videopreview":"-1","robots_max_imagepreview":"large","priority":null,"frequency":"default","local_seo":null,"limit_modified_date":false,"created":"2025-05-30 10:42:56","updated":"2025-07-24 08:04:33"},"_links":{"self":[{"href":"https:\/\/novalion-med.com\/fr\/wp-json\/wp\/v2\/product\/4336","targetHints":{"allow":["GET"]}}],"collection":[{"href":"https:\/\/novalion-med.com\/fr\/wp-json\/wp\/v2\/product"}],"about":[{"href":"https:\/\/novalion-med.com\/fr\/wp-json\/wp\/v2\/types\/product"}],"version-history":[{"count":8,"href":"https:\/\/novalion-med.com\/fr\/wp-json\/wp\/v2\/product\/4336\/revisions"}],"predecessor-version":[{"id":7822,"href":"https:\/\/novalion-med.com\/fr\/wp-json\/wp\/v2\/product\/4336\/revisions\/7822"}],"wp:featuredmedia":[{"embeddable":true,"href":"https:\/\/novalion-med.com\/fr\/wp-json\/wp\/v2\/media\/4331"}],"wp:attachment":[{"href":"https:\/\/novalion-med.com\/fr\/wp-json\/wp\/v2\/media?parent=4336"}],"wp:term":[{"taxonomy":"product_brand","embeddable":true,"href":"https:\/\/novalion-med.com\/fr\/wp-json\/wp\/v2\/product_brand?post=4336"},{"taxonomy":"product_cat","embeddable":true,"href":"https:\/\/novalion-med.com\/fr\/wp-json\/wp\/v2\/product_cat?post=4336"},{"taxonomy":"product_tag","embeddable":true,"href":"https:\/\/novalion-med.com\/fr\/wp-json\/wp\/v2\/product_tag?post=4336"}],"curies":[{"name":"wp","href":"https:\/\/api.w.org\/{rel}","templated":true}]}}