{"id":3297,"date":"2025-05-20T06:20:37","date_gmt":"2025-05-20T06:20:37","guid":{"rendered":"https:\/\/novalion-med.com\/?post_type=product&#038;p=3297"},"modified":"2025-09-22T01:59:25","modified_gmt":"2025-09-22T01:59:25","slug":"commode-paralysee-fauteuil-roulant-poussable-sur-mesure-abordable","status":"publish","type":"product","link":"https:\/\/novalion-med.com\/fr\/produit\/commode-paralysee-fauteuil-roulant-poussable-sur-mesure-abordable\/","title":{"rendered":"Chaise d'aisance manuelle Abordable Fauteuil roulant poussable sur mesure pour personnes paralys\u00e9es"},"content":{"rendered":"<div data-elementor-type=\"product-post\" data-elementor-id=\"3297\" class=\"elementor elementor-3297\" data-elementor-post-type=\"product\">\n\t\t\t\t<div class=\"elementor-element elementor-element-1c93f1cb e-con-full e-flex e-con e-parent\" data-id=\"1c93f1cb\" data-element_type=\"container\">\n\t\t\t\t<div class=\"elementor-element elementor-element-2240ff1 elementor-widget elementor-widget-heading\" data-id=\"2240ff1\" data-element_type=\"widget\" data-widget_type=\"heading.default\">\n\t\t\t\t<div class=\"elementor-widget-container\">\n\t\t\t\t\t<h2 class=\"elementor-heading-title elementor-size-default\">Chaise d'aisance manuelle Abordable Fauteuil roulant poussable sur mesure pour personnes paralys\u00e9es<\/h2>\t\t\t\t<\/div>\n\t\t\t\t<\/div>\n\t\t\t\t<div class=\"elementor-element elementor-element-7152afc elementor-widget elementor-widget-text-editor\" data-id=\"7152afc\" data-element_type=\"widget\" data-widget_type=\"text-editor.default\">\n\t\t\t\t<div class=\"elementor-widget-container\">\n\t\t\t\t\t\t\t\t\t<h2>Vue d'ensemble<\/h2><p>Fauteuil roulant d'aisance haut de gamme avec ch\u00e2ssis chrom\u00e9 et rev\u00eatement en cuir. Volant m\u00e9tallique r\u00e9glable et p\u00e9dales en aluminium. Accoudoirs fixes en cuir. Deux freins pour une mobilit\u00e9 s\u00fbre.<\/p><ul><li>Fauteuil roulant d'aisance en cuir de premi\u00e8re qualit\u00e9<\/li><li>Cadre chrom\u00e9<\/li><li>Freins doubles<\/li><li>Soutien luxueux<\/li><\/ul><p><a href=\"https:\/\/novalion-med.com\/fr\/produit\/commode-paralysee-fauteuil-roulant-poussable-sur-mesure-abordable\/\">NL190301D-7<\/a> est un fauteuil roulant haut de gamme avec un ch\u00e2ssis chrom\u00e9, un rev\u00eatement en cuir et un volant en m\u00e9tal. Les p\u00e9dales en aluminium, les accoudoirs fixes en cuir et les doubles freins garantissent une mobilit\u00e9 s\u00fbre et luxueuse aux utilisateurs qui recherchent un soutien de haute qualit\u00e9.<\/p><p>D'autres \u00e9quipements m\u00e9dicaux peuvent \u00eatre trouv\u00e9s dans <a href=\"https:\/\/novalion-med.com\/fr\/\" target=\"_blank\" rel=\"noopener\">notre site web<\/a> ou <a href=\"https:\/\/api.whatsapp.com\/send\/?phone=%2B008618112908401&amp;text&amp;type=phone_number&amp;app_absent=0\" target=\"_blank\" rel=\"noopener\">notre whatsapp<\/a>.<\/p>\t\t\t\t\t\t\t\t<\/div>\n\t\t\t\t<\/div>\n\t\t\t\t<\/div>\n\t\t\t\t<\/div>","protected":false},"excerpt":{"rendered":"<p>Le NL190301D-7 Commode Manual Affordable Custom Pushable Wheelchair For Paralyzed People, est une solution de mobilit\u00e9 sp\u00e9cialis\u00e9e con\u00e7ue pour exceller en tant que Commode Wheelchair et fauteuils roulants pour personnes paralys\u00e9es, adapt\u00e9s aux personnes handicap\u00e9es paralys\u00e9es qui ont besoin d'une assistance quotidienne fiable et d'une aide pour la salle de bains. Le NL190301D-7 se distingue en tant que fauteuil roulant pour personnes handicap\u00e9es, alliant la fonctionnalit\u00e9 d'une chaise d'aisance, le soutien sur mesure des fauteuils roulants pour personnes paralys\u00e9es et la fiabilit\u00e9 d'un fauteuil roulant manuel - garantissant l'accessibilit\u00e9, la durabilit\u00e9 et l'abordabilit\u00e9 pour les personnes paralys\u00e9es qui recherchent l'ind\u00e9pendance dans la vie quotidienne.<\/p>","protected":false},"featured_media":9256,"template":"elementor_theme","meta":{"site-sidebar-layout":"default","site-content-layout":"","ast-site-content-layout":"default","site-content-style":"default","site-sidebar-style":"default","ast-global-header-display":"","ast-banner-title-visibility":"","ast-main-header-display":"","ast-hfb-above-header-display":"","ast-hfb-below-header-display":"","ast-hfb-mobile-header-display":"","site-post-title":"","ast-breadcrumbs-content":"","ast-featured-img":"","footer-sml-layout":"","theme-transparent-header-meta":"default","adv-header-id-meta":"","stick-header-meta":"default","header-above-stick-meta":"","header-main-stick-meta":"","header-below-stick-meta":"","astra-migrate-meta-layouts":"set","ast-page-background-enabled":"default","ast-page-background-meta":{"desktop":{"background-color":"var(--ast-global-color-4)","background-image":"","background-repeat":"repeat","background-position":"center center","background-size":"auto","background-attachment":"scroll","background-type":"","background-media":"","overlay-type":"","overlay-color":"","overlay-opacity":"","overlay-gradient":""},"tablet":{"background-color":"","background-image":"","background-repeat":"repeat","background-position":"center center","background-size":"auto","background-attachment":"scroll","background-type":"","background-media":"","overlay-type":"","overlay-color":"","overlay-opacity":"","overlay-gradient":""},"mobile":{"background-color":"","background-image":"","background-repeat":"repeat","background-position":"center center","background-size":"auto","background-attachment":"scroll","background-type":"","background-media":"","overlay-type":"","overlay-color":"","overlay-opacity":"","overlay-gradient":""}},"ast-content-background-meta":{"desktop":{"background-color":"var(--ast-global-color-5)","background-image":"","background-repeat":"repeat","background-position":"center center","background-size":"auto","background-attachment":"scroll","background-type":"","background-media":"","overlay-type":"","overlay-color":"","overlay-opacity":"","overlay-gradient":""},"tablet":{"background-color":"var(--ast-global-color-5)","background-image":"","background-repeat":"repeat","background-position":"center center","background-size":"auto","background-attachment":"scroll","background-type":"","background-media":"","overlay-type":"","overlay-color":"","overlay-opacity":"","overlay-gradient":""},"mobile":{"background-color":"var(--ast-global-color-5)","background-image":"","background-repeat":"repeat","background-position":"center center","background-size":"auto","background-attachment":"scroll","background-type":"","background-media":"","overlay-type":"","overlay-color":"","overlay-opacity":"","overlay-gradient":""}}},"product_brand":[],"product_cat":[52],"product_tag":[],"class_list":{"0":"post-3297","1":"product","2":"type-product","3":"status-publish","4":"has-post-thumbnail","6":"product_cat-commode-wheelchairs","7":"desktop-align-center","8":"tablet-align-left","9":"mobile-align-left","10":"ast-product-gallery-layout-horizontal-slider","11":"ast-magnify-disabled","12":"ast-product-tabs-layout-accordion","13":"ast-qv-on-image","15":"first","16":"instock","17":"shipping-taxable","18":"purchasable","19":"product-type-simple"},"aioseo_notices":[],"aioseo_head":"\n\t\t<!-- All in One SEO Pro 4.6.0 - aioseo.com -->\n\t\t<meta name=\"description\" content=\"The NL190301D-7 Commode Manual Affordable Custom Pushable Wheelchair For Paralyzed People \u2013 a Commode Wheelchair for paralyzed people with leather upholstery.\" \/>\n\t\t<meta name=\"robots\" content=\"max-image-preview:large\" \/>\n\t\t<meta name=\"google-site-verification\" content=\"XE0Krczs_zYC4qBAqnvyRaNEYa9NQEP4HzU7PPpzxoI\" \/>\n\t\t<meta name=\"keywords\" content=\"commode wheelchair,wheelchairs for paralyzed people,manual wheelchair,affordable wheelchair,wheelchair for disabled people,custom manual wheelchair\" \/>\n\t\t<link rel=\"canonical\" href=\"https:\/\/novalion-med.com\/fr\/produit\/commode-paralysee-fauteuil-roulant-poussable-sur-mesure-abordable\/\" \/>\n\t\t<meta name=\"generator\" content=\"All in One SEO Pro (AIOSEO) 4.6.0\" \/>\n\t\t<meta property=\"og:locale\" content=\"fr_FR\" \/>\n\t\t<meta property=\"og:site_name\" content=\"Novalion Medical \u2013 Wheelchair, Hospital bed, Walker,Commode chair,Crutch...\" \/>\n\t\t<meta property=\"og:type\" content=\"article\" \/>\n\t\t<meta property=\"og:title\" content=\"Paralyzed Commode Affordable Custom Pushable Wheelchair\" \/>\n\t\t<meta property=\"og:description\" content=\"The NL190301D-7 Commode Manual Affordable Custom Pushable Wheelchair For Paralyzed People \u2013 a Commode Wheelchair for paralyzed people with leather upholstery.\" \/>\n\t\t<meta property=\"og:url\" content=\"https:\/\/novalion-med.com\/fr\/produit\/commode-paralysee-fauteuil-roulant-poussable-sur-mesure-abordable\/\" \/>\n\t\t<meta property=\"og:image\" content=\"https:\/\/novalion-med.com\/wp-content\/uploads\/2025\/04\/cropped-343496212_201698782614433_8037205422525878621_n-1.jpg\" \/>\n\t\t<meta property=\"og:image:secure_url\" content=\"https:\/\/novalion-med.com\/wp-content\/uploads\/2025\/04\/cropped-343496212_201698782614433_8037205422525878621_n-1.jpg\" \/>\n\t\t<meta property=\"og:image:width\" content=\"512\" \/>\n\t\t<meta property=\"og:image:height\" content=\"512\" \/>\n\t\t<meta property=\"article:published_time\" content=\"2025-05-20T06:20:37+00:00\" \/>\n\t\t<meta property=\"article:modified_time\" content=\"2025-09-22T01:59:25+00:00\" \/>\n\t\t<meta property=\"article:publisher\" content=\"https:\/\/www.facebook.com\/NovalionMedical\/\" \/>\n\t\t<meta name=\"twitter:card\" content=\"summary_large_image\" \/>\n\t\t<meta name=\"twitter:title\" content=\"Paralyzed Commode Affordable Custom Pushable Wheelchair\" \/>\n\t\t<meta name=\"twitter:description\" content=\"The NL190301D-7 Commode Manual Affordable Custom Pushable Wheelchair For Paralyzed People \u2013 a Commode Wheelchair for paralyzed people with leather upholstery.\" \/>\n\t\t<meta name=\"twitter:image\" content=\"https:\/\/novalion-med.com\/wp-content\/uploads\/2025\/04\/cropped-343496212_201698782614433_8037205422525878621_n-1.jpg\" \/>\n\t\t<script type=\"application\/ld+json\" class=\"aioseo-schema\">\n\t\t\t{\"@context\":\"https:\\\/\\\/schema.org\",\"@graph\":[{\"@type\":\"BreadcrumbList\",\"@id\":\"https:\\\/\\\/novalion-med.com\\\/fr\\\/produit\\\/commode-paralysee-fauteuil-roulant-poussable-sur-mesure-abordable\\\/#breadcrumblist\",\"itemListElement\":[{\"@type\":\"ListItem\",\"@id\":\"https:\\\/\\\/novalion-med.com\\\/fr\\\/#listItem\",\"position\":1,\"name\":\"Home\",\"item\":\"https:\\\/\\\/novalion-med.com\\\/fr\\\/\",\"nextItem\":\"https:\\\/\\\/novalion-med.com\\\/fr\\\/produit\\\/commode-paralysee-fauteuil-roulant-poussable-sur-mesure-abordable\\\/#listItem\"},{\"@type\":\"ListItem\",\"@id\":\"https:\\\/\\\/novalion-med.com\\\/fr\\\/produit\\\/commode-paralysee-fauteuil-roulant-poussable-sur-mesure-abordable\\\/#listItem\",\"position\":2,\"name\":\"Commode Manual Affordable Custom Pushable Wheelchair For Paralyzed People\",\"previousItem\":\"https:\\\/\\\/novalion-med.com\\\/fr\\\/#listItem\"}]},{\"@type\":\"Organization\",\"@id\":\"https:\\\/\\\/novalion-med.com\\\/fr\\\/#organization\",\"name\":\"novalion-med.com\",\"url\":\"https:\\\/\\\/novalion-med.com\\\/fr\\\/\",\"logo\":{\"@type\":\"ImageObject\",\"url\":\"https:\\\/\\\/novalion-med.com\\\/wp-content\\\/uploads\\\/2025\\\/04\\\/cropped-343496212_201698782614433_8037205422525878621_n-1.jpg\",\"@id\":\"https:\\\/\\\/novalion-med.com\\\/fr\\\/produit\\\/commode-paralysee-fauteuil-roulant-poussable-sur-mesure-abordable\\\/#organizationLogo\",\"width\":512,\"height\":512},\"image\":{\"@id\":\"https:\\\/\\\/novalion-med.com\\\/fr\\\/produit\\\/commode-paralysee-fauteuil-roulant-poussable-sur-mesure-abordable\\\/#organizationLogo\"},\"sameAs\":[\"https:\\\/\\\/www.facebook.com\\\/NovalionMedical\\\/\",\"https:\\\/\\\/www.youtube.com\\\/@NwlMedicalInstrument\"],\"contactPoint\":{\"@type\":\"ContactPoint\",\"telephone\":\"+8618326188070\",\"contactType\":\"Sales\"}},{\"@type\":\"Product\",\"@id\":\"https:\\\/\\\/novalion-med.com\\\/fr\\\/produit\\\/commode-paralysee-fauteuil-roulant-poussable-sur-mesure-abordable\\\/#wooCommerceProduct\",\"name\":\"Commode Manual Affordable Custom Pushable Wheelchair For Paralyzed People\",\"description\":\"The NL190301D-7 Commode Manual Affordable Custom Pushable Wheelchair For Paralyzed People, is a specialized mobility solution designed to excel as a Commode Wheelchair and wheelchairs for paralyzed people, tailored for disabled people with paralysis needing reliable daily and bathroom support. The NL190301D-7 stands out as a Wheelchair For Disabled People, blending the functionality of a Commode Wheelchair, the tailored support of wheelchairs for paralyzed people, and the reliability of a Manual Wheelchair\\u2014ensuring accessibility, durability, and affordability for paralyzed individuals seeking independence in daily living.\",\"url\":\"https:\\\/\\\/novalion-med.com\\\/fr\\\/produit\\\/commode-paralysee-fauteuil-roulant-poussable-sur-mesure-abordable\\\/\",\"sku\":\"NL190301D-7\",\"image\":{\"@type\":\"ImageObject\",\"url\":\"https:\\\/\\\/novalion-med.com\\\/wp-content\\\/uploads\\\/2025\\\/05\\\/NL190301D-7-Commode-Manual-Affordable-Custom-Pushable-Wheelchair-For-Paralyzed-People.jpg\",\"@id\":\"https:\\\/\\\/novalion-med.com\\\/fr\\\/produit\\\/commode-paralysee-fauteuil-roulant-poussable-sur-mesure-abordable\\\/#productImage\",\"width\":1000,\"height\":1000,\"caption\":\"NL190301D-7 Commode Manual Affordable Custom Pushable Wheelchair For Paralyzed People\"},\"offers\":{\"@type\":\"Offer\",\"url\":\"https:\\\/\\\/novalion-med.com\\\/fr\\\/produit\\\/commode-paralysee-fauteuil-roulant-poussable-sur-mesure-abordable\\\/#wooCommerceOffer\",\"priceCurrency\":\"PHP\",\"category\":\"Commode Wheelchairs\",\"availability\":\"https:\\\/\\\/schema.org\\\/InStock\",\"seller\":{\"@type\":\"Organization\",\"@id\":\"https:\\\/\\\/novalion-med.com\\\/fr\\\/#organization\"},\"price\":111}},{\"@type\":\"WebPage\",\"@id\":\"https:\\\/\\\/novalion-med.com\\\/fr\\\/produit\\\/commode-paralysee-fauteuil-roulant-poussable-sur-mesure-abordable\\\/#webpage\",\"url\":\"https:\\\/\\\/novalion-med.com\\\/fr\\\/produit\\\/commode-paralysee-fauteuil-roulant-poussable-sur-mesure-abordable\\\/\",\"name\":\"Paralyzed Commode Affordable Custom Pushable Wheelchair\",\"description\":\"The NL190301D-7 Commode Manual Affordable Custom Pushable Wheelchair For Paralyzed People \\u2013 a Commode Wheelchair for paralyzed people with leather upholstery.\",\"inLanguage\":\"fr-FR\",\"isPartOf\":{\"@id\":\"https:\\\/\\\/novalion-med.com\\\/fr\\\/#website\"},\"breadcrumb\":{\"@id\":\"https:\\\/\\\/novalion-med.com\\\/fr\\\/produit\\\/commode-paralysee-fauteuil-roulant-poussable-sur-mesure-abordable\\\/#breadcrumblist\"},\"image\":{\"@type\":\"ImageObject\",\"url\":\"https:\\\/\\\/novalion-med.com\\\/wp-content\\\/uploads\\\/2025\\\/05\\\/NL190301D-7-Commode-Manual-Affordable-Custom-Pushable-Wheelchair-For-Paralyzed-People.jpg\",\"@id\":\"https:\\\/\\\/novalion-med.com\\\/fr\\\/produit\\\/commode-paralysee-fauteuil-roulant-poussable-sur-mesure-abordable\\\/#mainImage\",\"width\":1000,\"height\":1000,\"caption\":\"NL190301D-7 Commode Manual Affordable Custom Pushable Wheelchair For Paralyzed People\"},\"primaryImageOfPage\":{\"@id\":\"https:\\\/\\\/novalion-med.com\\\/fr\\\/produit\\\/commode-paralysee-fauteuil-roulant-poussable-sur-mesure-abordable\\\/#mainImage\"},\"datePublished\":\"2025-05-20T06:20:37+00:00\",\"dateModified\":\"2025-09-22T01:59:25+00:00\"},{\"@type\":\"WebSite\",\"@id\":\"https:\\\/\\\/novalion-med.com\\\/fr\\\/#website\",\"url\":\"https:\\\/\\\/novalion-med.com\\\/fr\\\/\",\"name\":\"novalion-med.com\",\"description\":\"Wheelchair, Hospital bed, Walker,Commode chair,Crutch...\",\"inLanguage\":\"fr-FR\",\"publisher\":{\"@id\":\"https:\\\/\\\/novalion-med.com\\\/fr\\\/#organization\"}}]}\n\t\t<\/script>\n\t\t<!-- All in One SEO Pro -->\r\n\t\t<title>Paralyzed Commode Affordable Custom Pushable Wheelchair<\/title>\n\n","aioseo_head_json":{"title":"Paralyzed Commode Affordable Custom Pushable Wheelchair","description":"The NL190301D-7 Commode Manual Affordable Custom Pushable Wheelchair For Paralyzed People \u2013 a Commode Wheelchair for paralyzed people with leather upholstery.","canonical_url":"https:\/\/novalion-med.com\/fr\/produit\/commode-paralysee-fauteuil-roulant-poussable-sur-mesure-abordable\/","robots":"max-image-preview:large","keywords":"commode wheelchair,wheelchairs for paralyzed people,manual wheelchair,affordable wheelchair,wheelchair for disabled people,custom manual wheelchair","webmasterTools":{"google-site-verification":"XE0Krczs_zYC4qBAqnvyRaNEYa9NQEP4HzU7PPpzxoI","miscellaneous":""},"og:locale":"fr_FR","og:site_name":"Novalion Medical \u2013 Wheelchair, Hospital bed, Walker,Commode chair,Crutch...","og:type":"article","og:title":"Paralyzed Commode Affordable Custom Pushable Wheelchair","og:description":"The NL190301D-7 Commode Manual Affordable Custom Pushable Wheelchair For Paralyzed People \u2013 a Commode Wheelchair for paralyzed people with leather upholstery.","og:url":"https:\/\/novalion-med.com\/fr\/produit\/commode-paralysee-fauteuil-roulant-poussable-sur-mesure-abordable\/","og:image":"https:\/\/novalion-med.com\/wp-content\/uploads\/2025\/04\/cropped-343496212_201698782614433_8037205422525878621_n-1.jpg","og:image:secure_url":"https:\/\/novalion-med.com\/wp-content\/uploads\/2025\/04\/cropped-343496212_201698782614433_8037205422525878621_n-1.jpg","og:image:width":512,"og:image:height":512,"article:published_time":"2025-05-20T06:20:37+00:00","article:modified_time":"2025-09-22T01:59:25+00:00","article:publisher":"https:\/\/www.facebook.com\/NovalionMedical\/","twitter:card":"summary_large_image","twitter:title":"Paralyzed Commode Affordable Custom Pushable Wheelchair","twitter:description":"The NL190301D-7 Commode Manual Affordable Custom Pushable Wheelchair For Paralyzed People \u2013 a Commode Wheelchair for paralyzed people with leather upholstery.","twitter:image":"https:\/\/novalion-med.com\/wp-content\/uploads\/2025\/04\/cropped-343496212_201698782614433_8037205422525878621_n-1.jpg","schema":{"@context":"https:\/\/schema.org","@graph":[{"@type":"BreadcrumbList","@id":"https:\/\/novalion-med.com\/fr\/produit\/commode-paralysee-fauteuil-roulant-poussable-sur-mesure-abordable\/#breadcrumblist","itemListElement":[{"@type":"ListItem","@id":"https:\/\/novalion-med.com\/fr\/#listItem","position":1,"name":"Home","item":"https:\/\/novalion-med.com\/fr\/","nextItem":"https:\/\/novalion-med.com\/fr\/produit\/commode-paralysee-fauteuil-roulant-poussable-sur-mesure-abordable\/#listItem"},{"@type":"ListItem","@id":"https:\/\/novalion-med.com\/fr\/produit\/commode-paralysee-fauteuil-roulant-poussable-sur-mesure-abordable\/#listItem","position":2,"name":"Commode Manual Affordable Custom Pushable Wheelchair For Paralyzed People","previousItem":"https:\/\/novalion-med.com\/fr\/#listItem"}]},{"@type":"Organization","@id":"https:\/\/novalion-med.com\/fr\/#organization","name":"novalion-med.com","url":"https:\/\/novalion-med.com\/fr\/","logo":{"@type":"ImageObject","url":"https:\/\/novalion-med.com\/wp-content\/uploads\/2025\/04\/cropped-343496212_201698782614433_8037205422525878621_n-1.jpg","@id":"https:\/\/novalion-med.com\/fr\/produit\/commode-paralysee-fauteuil-roulant-poussable-sur-mesure-abordable\/#organizationLogo","width":512,"height":512},"image":{"@id":"https:\/\/novalion-med.com\/fr\/produit\/commode-paralysee-fauteuil-roulant-poussable-sur-mesure-abordable\/#organizationLogo"},"sameAs":["https:\/\/www.facebook.com\/NovalionMedical\/","https:\/\/www.youtube.com\/@NwlMedicalInstrument"],"contactPoint":{"@type":"ContactPoint","telephone":"+8618326188070","contactType":"Sales"}},{"@type":"Product","@id":"https:\/\/novalion-med.com\/fr\/produit\/commode-paralysee-fauteuil-roulant-poussable-sur-mesure-abordable\/#wooCommerceProduct","name":"Commode Manual Affordable Custom Pushable Wheelchair For Paralyzed People","description":"The NL190301D-7 Commode Manual Affordable Custom Pushable Wheelchair For Paralyzed People, is a specialized mobility solution designed to excel as a Commode Wheelchair and wheelchairs for paralyzed people, tailored for disabled people with paralysis needing reliable daily and bathroom support. The NL190301D-7 stands out as a Wheelchair For Disabled People, blending the functionality of a Commode Wheelchair, the tailored support of wheelchairs for paralyzed people, and the reliability of a Manual Wheelchair\u2014ensuring accessibility, durability, and affordability for paralyzed individuals seeking independence in daily living.","url":"https:\/\/novalion-med.com\/fr\/produit\/commode-paralysee-fauteuil-roulant-poussable-sur-mesure-abordable\/","sku":"NL190301D-7","image":{"@type":"ImageObject","url":"https:\/\/novalion-med.com\/wp-content\/uploads\/2025\/05\/NL190301D-7-Commode-Manual-Affordable-Custom-Pushable-Wheelchair-For-Paralyzed-People.jpg","@id":"https:\/\/novalion-med.com\/fr\/produit\/commode-paralysee-fauteuil-roulant-poussable-sur-mesure-abordable\/#productImage","width":1000,"height":1000,"caption":"NL190301D-7 Commode Manual Affordable Custom Pushable Wheelchair For Paralyzed People"},"offers":{"@type":"Offer","url":"https:\/\/novalion-med.com\/fr\/produit\/commode-paralysee-fauteuil-roulant-poussable-sur-mesure-abordable\/#wooCommerceOffer","priceCurrency":"PHP","category":"Commode Wheelchairs","availability":"https:\/\/schema.org\/InStock","seller":{"@type":"Organization","@id":"https:\/\/novalion-med.com\/fr\/#organization"},"price":111}},{"@type":"WebPage","@id":"https:\/\/novalion-med.com\/fr\/produit\/commode-paralysee-fauteuil-roulant-poussable-sur-mesure-abordable\/#webpage","url":"https:\/\/novalion-med.com\/fr\/produit\/commode-paralysee-fauteuil-roulant-poussable-sur-mesure-abordable\/","name":"Paralyzed Commode Affordable Custom Pushable Wheelchair","description":"The NL190301D-7 Commode Manual Affordable Custom Pushable Wheelchair For Paralyzed People \u2013 a Commode Wheelchair for paralyzed people with leather upholstery.","inLanguage":"fr-FR","isPartOf":{"@id":"https:\/\/novalion-med.com\/fr\/#website"},"breadcrumb":{"@id":"https:\/\/novalion-med.com\/fr\/produit\/commode-paralysee-fauteuil-roulant-poussable-sur-mesure-abordable\/#breadcrumblist"},"image":{"@type":"ImageObject","url":"https:\/\/novalion-med.com\/wp-content\/uploads\/2025\/05\/NL190301D-7-Commode-Manual-Affordable-Custom-Pushable-Wheelchair-For-Paralyzed-People.jpg","@id":"https:\/\/novalion-med.com\/fr\/produit\/commode-paralysee-fauteuil-roulant-poussable-sur-mesure-abordable\/#mainImage","width":1000,"height":1000,"caption":"NL190301D-7 Commode Manual Affordable Custom Pushable Wheelchair For Paralyzed People"},"primaryImageOfPage":{"@id":"https:\/\/novalion-med.com\/fr\/produit\/commode-paralysee-fauteuil-roulant-poussable-sur-mesure-abordable\/#mainImage"},"datePublished":"2025-05-20T06:20:37+00:00","dateModified":"2025-09-22T01:59:25+00:00"},{"@type":"WebSite","@id":"https:\/\/novalion-med.com\/fr\/#website","url":"https:\/\/novalion-med.com\/fr\/","name":"novalion-med.com","description":"Wheelchair, Hospital bed, Walker,Commode chair,Crutch...","inLanguage":"fr-FR","publisher":{"@id":"https:\/\/novalion-med.com\/fr\/#organization"}}]}},"aioseo_meta_data":{"post_id":"3297","title":"Paralyzed Commode Affordable Custom Pushable Wheelchair","description":"The NL190301D-7 Commode Manual Affordable Custom Pushable Wheelchair For Paralyzed People \u2013 a Commode Wheelchair for paralyzed people with leather upholstery.","keywords":"[{\"label\":\"Commode Wheelchair\",\"value\":\"Commode Wheelchair\"},{\"label\":\"wheelchairs for paralyzed people\",\"value\":\"wheelchairs for paralyzed people\"},{\"label\":\"Manual Wheelchair\",\"value\":\"Manual Wheelchair\"},{\"label\":\"Affordable Wheelchair\",\"value\":\"Affordable Wheelchair\"},{\"label\":\"Wheelchair For Disabled People\",\"value\":\"Wheelchair For Disabled People\"},{\"label\":\"custom manual wheelchair\",\"value\":\"custom manual wheelchair\"}]","keyphrases":"{\"focus\":{\"keyphrase\":\"\",\"score\":0,\"analysis\":{\"keyphraseInTitle\":{\"score\":0,\"maxScore\":9,\"error\":1}}},\"additional\":[]}","primary_term":null,"canonical_url":null,"og_title":null,"og_description":null,"og_object_type":"default","og_image_type":"default","og_image_url":null,"og_image_width":null,"og_image_height":null,"og_image_custom_url":null,"og_image_custom_fields":null,"og_video":"","og_custom_url":null,"og_article_section":null,"og_article_tags":"[]","twitter_use_og":false,"twitter_card":"default","twitter_image_type":"default","twitter_image_url":null,"twitter_image_custom_url":null,"twitter_image_custom_fields":null,"twitter_title":null,"twitter_description":null,"schema":{"blockGraphs":[],"customGraphs":[],"default":{"data":{"Article":[],"Course":[],"Dataset":[],"FAQPage":[],"Movie":[],"Person":[],"Product":[],"Recipe":[],"Service":[],"SoftwareApplication":[],"WebPage":[]},"graphName":"Product","isEnabled":true},"graphs":[]},"schema_type":"default","schema_type_options":null,"pillar_content":false,"robots_default":true,"robots_noindex":false,"robots_noarchive":false,"robots_nosnippet":false,"robots_nofollow":false,"robots_noimageindex":false,"robots_noodp":false,"robots_notranslate":false,"robots_max_snippet":"-1","robots_max_videopreview":"-1","robots_max_imagepreview":"large","priority":null,"frequency":"default","local_seo":null,"limit_modified_date":false,"created":"2025-05-20 06:20:37","updated":"2025-09-22 01:59:39"},"_links":{"self":[{"href":"https:\/\/novalion-med.com\/fr\/wp-json\/wp\/v2\/product\/3297","targetHints":{"allow":["GET"]}}],"collection":[{"href":"https:\/\/novalion-med.com\/fr\/wp-json\/wp\/v2\/product"}],"about":[{"href":"https:\/\/novalion-med.com\/fr\/wp-json\/wp\/v2\/types\/product"}],"version-history":[{"count":17,"href":"https:\/\/novalion-med.com\/fr\/wp-json\/wp\/v2\/product\/3297\/revisions"}],"predecessor-version":[{"id":9258,"href":"https:\/\/novalion-med.com\/fr\/wp-json\/wp\/v2\/product\/3297\/revisions\/9258"}],"wp:featuredmedia":[{"embeddable":true,"href":"https:\/\/novalion-med.com\/fr\/wp-json\/wp\/v2\/media\/9256"}],"wp:attachment":[{"href":"https:\/\/novalion-med.com\/fr\/wp-json\/wp\/v2\/media?parent=3297"}],"wp:term":[{"taxonomy":"product_brand","embeddable":true,"href":"https:\/\/novalion-med.com\/fr\/wp-json\/wp\/v2\/product_brand?post=3297"},{"taxonomy":"product_cat","embeddable":true,"href":"https:\/\/novalion-med.com\/fr\/wp-json\/wp\/v2\/product_cat?post=3297"},{"taxonomy":"product_tag","embeddable":true,"href":"https:\/\/novalion-med.com\/fr\/wp-json\/wp\/v2\/product_tag?post=3297"}],"curies":[{"name":"wp","href":"https:\/\/api.w.org\/{rel}","templated":true}]}}