{"id":3201,"date":"2025-05-20T02:30:04","date_gmt":"2025-05-20T02:30:04","guid":{"rendered":"https:\/\/novalion-med.com\/?post_type=product&#038;p=3201"},"modified":"2025-09-15T10:20:04","modified_gmt":"2025-09-15T10:20:04","slug":"manuel-standard-pratique-fauteuil-roulant-abordable-pour-handicapes","status":"publish","type":"product","link":"https:\/\/novalion-med.com\/fr\/produit\/manuel-standard-pratique-fauteuil-roulant-abordable-pour-handicapes\/","title":{"rendered":"Super Handy Standard Manual Affordable Custom Wheelchair For Disabled (fauteuil roulant sur mesure pour handicap\u00e9s)"},"content":{"rendered":"<div data-elementor-type=\"product-post\" data-elementor-id=\"3201\" class=\"elementor elementor-3201\" data-elementor-post-type=\"product\">\n\t\t\t\t<div class=\"elementor-element elementor-element-1c93f1cb e-con-full e-flex e-con e-parent\" data-id=\"1c93f1cb\" data-element_type=\"container\">\n\t\t\t\t<div class=\"elementor-element elementor-element-2240ff1 elementor-widget elementor-widget-heading\" data-id=\"2240ff1\" data-element_type=\"widget\" data-widget_type=\"heading.default\">\n\t\t\t\t<div class=\"elementor-widget-container\">\n\t\t\t\t\t<h2 class=\"elementor-heading-title elementor-size-default\">Super Handy Standard Manual Affordable Custom Wheelchair For Disabled (fauteuil roulant sur mesure pour handicap\u00e9s)<\/h2>\t\t\t\t<\/div>\n\t\t\t\t<\/div>\n\t\t\t\t<div class=\"elementor-element elementor-element-7152afc elementor-widget elementor-widget-text-editor\" data-id=\"7152afc\" data-element_type=\"widget\" data-widget_type=\"text-editor.default\">\n\t\t\t\t<div class=\"elementor-widget-container\">\n\t\t\t\t\t\t\t\t\t<h2>Vue d'ensemble<\/h2><p>Cadre en acier au carbone avec peinture au four. Si\u00e8ge en tissu Oxford et p\u00e9dales en fer. Accoudoirs fixes en cuir PU et volant en plastique. Freins avant et roulettes de 7 pouces. Mobilit\u00e9 fiable et abordable.<\/p><ul><li>Peinture pour cuisson abordable Fauteuil roulant<\/li><li>P\u00e9dales en fer<\/li><li>Accoudoirs fixes en PU<\/li><li>Mobilit\u00e9 fiable<\/li><\/ul><p><a href=\"https:\/\/novalion-med.com\/fr\/produit\/handy-stanard-manual-affordable-wheelchair-for-disabled\/\">NL190301C-2<\/a> est un fauteuil roulant manuel abordable dot\u00e9 d'un ch\u00e2ssis en acier au carbone et d'une peinture au four. Il est \u00e9quip\u00e9 d'un si\u00e8ge en tissu oxford, de p\u00e9dales en fer, d'accoudoirs fixes en cuir PU, d'un volant en plastique, de freins avant et de roulettes de 7 pouces, assurant une mobilit\u00e9 fiable sur diverses surfaces.<\/p><p>D'autres \u00e9quipements m\u00e9dicaux peuvent \u00eatre trouv\u00e9s dans <a href=\"https:\/\/novalion-med.com\/fr\/\" target=\"_blank\" rel=\"noopener\">notre site web<\/a> ou <a href=\"https:\/\/api.whatsapp.com\/send\/?phone=%2B008618112908401&amp;text&amp;type=phone_number&amp;app_absent=0\" target=\"_blank\" rel=\"noopener\">notre whatsapp<\/a>.<\/p>\t\t\t\t\t\t\t\t<\/div>\n\t\t\t\t<\/div>\n\t\t\t\t<\/div>\n\t\t\t\t<\/div>","protected":false},"excerpt":{"rendered":"<p>Le NL190301C-2 Super Handy Manual Standard Affordable Custom Wheelchair For Disabled est une solution de mobilit\u00e9 tr\u00e8s pratique con\u00e7ue pour briller en tant que fauteuil roulant super pratique, alliant facilit\u00e9 d'utilisation et portabilit\u00e9 pour les personnes handicap\u00e9es. En tant que fauteuil roulant super pratique, il pr\u00e9sente un design pliable (se pliant en une faible largeur) pour un rangement et un transport sans effort, associ\u00e9 \u00e0 des p\u00e9dales en fer qui am\u00e9liorent la stabilit\u00e9 - id\u00e9al pour une utilisation quotidienne, que ce soit \u00e0 la maison, lors de courses ou de courts trajets.Le NL190301C-2 se distingue comme un fauteuil roulant super pratique qui combine la praticit\u00e9 d'un fauteuil roulant manuel, l'adaptabilit\u00e9 d'un fauteuil roulant sur mesure et le prix d'un fauteuil roulant abordable, prouvant que \" pratique \" signifie plus que facile \u00e0 d\u00e9placer - il offre toutes les caract\u00e9ristiques essentielles : durabilit\u00e9, confort et conception centr\u00e9e sur l'utilisateur, ce qui en fait un choix de premier ordre comme fauteuil roulant pour les personnes handicap\u00e9es \u00e0 la recherche d'une aide \u00e0 la mobilit\u00e9 fiable et commode.<\/p>","protected":false},"featured_media":9176,"template":"elementor_theme","meta":{"site-sidebar-layout":"default","site-content-layout":"","ast-site-content-layout":"default","site-content-style":"default","site-sidebar-style":"default","ast-global-header-display":"","ast-banner-title-visibility":"","ast-main-header-display":"","ast-hfb-above-header-display":"","ast-hfb-below-header-display":"","ast-hfb-mobile-header-display":"","site-post-title":"","ast-breadcrumbs-content":"","ast-featured-img":"","footer-sml-layout":"","theme-transparent-header-meta":"default","adv-header-id-meta":"","stick-header-meta":"default","header-above-stick-meta":"","header-main-stick-meta":"","header-below-stick-meta":"","astra-migrate-meta-layouts":"set","ast-page-background-enabled":"default","ast-page-background-meta":{"desktop":{"background-color":"var(--ast-global-color-4)","background-image":"","background-repeat":"repeat","background-position":"center center","background-size":"auto","background-attachment":"scroll","background-type":"","background-media":"","overlay-type":"","overlay-color":"","overlay-opacity":"","overlay-gradient":""},"tablet":{"background-color":"","background-image":"","background-repeat":"repeat","background-position":"center center","background-size":"auto","background-attachment":"scroll","background-type":"","background-media":"","overlay-type":"","overlay-color":"","overlay-opacity":"","overlay-gradient":""},"mobile":{"background-color":"","background-image":"","background-repeat":"repeat","background-position":"center center","background-size":"auto","background-attachment":"scroll","background-type":"","background-media":"","overlay-type":"","overlay-color":"","overlay-opacity":"","overlay-gradient":""}},"ast-content-background-meta":{"desktop":{"background-color":"var(--ast-global-color-5)","background-image":"","background-repeat":"repeat","background-position":"center center","background-size":"auto","background-attachment":"scroll","background-type":"","background-media":"","overlay-type":"","overlay-color":"","overlay-opacity":"","overlay-gradient":""},"tablet":{"background-color":"var(--ast-global-color-5)","background-image":"","background-repeat":"repeat","background-position":"center center","background-size":"auto","background-attachment":"scroll","background-type":"","background-media":"","overlay-type":"","overlay-color":"","overlay-opacity":"","overlay-gradient":""},"mobile":{"background-color":"var(--ast-global-color-5)","background-image":"","background-repeat":"repeat","background-position":"center center","background-size":"auto","background-attachment":"scroll","background-type":"","background-media":"","overlay-type":"","overlay-color":"","overlay-opacity":"","overlay-gradient":""}}},"product_brand":[],"product_cat":[42],"product_tag":[],"class_list":{"0":"post-3201","1":"product","2":"type-product","3":"status-publish","4":"has-post-thumbnail","6":"product_cat-standard-wheelchairs","7":"desktop-align-center","8":"tablet-align-left","9":"mobile-align-left","10":"ast-product-gallery-layout-horizontal-slider","11":"ast-magnify-disabled","12":"ast-product-tabs-layout-accordion","13":"ast-qv-on-image","15":"first","16":"instock","17":"shipping-taxable","18":"purchasable","19":"product-type-simple"},"aioseo_notices":[],"aioseo_head":"\n\t\t<!-- All in One SEO Pro 4.6.0 - aioseo.com -->\n\t\t<meta name=\"description\" content=\"The NL190301C-2 Super Handy Standard Manual Affordable Custom Wheelchair For Disabled \u2013 a practical super handy wheelchair with Oxford cloth seating.\" \/>\n\t\t<meta name=\"robots\" content=\"max-image-preview:large\" \/>\n\t\t<meta name=\"google-site-verification\" content=\"XE0Krczs_zYC4qBAqnvyRaNEYa9NQEP4HzU7PPpzxoI\" \/>\n\t\t<meta name=\"keywords\" content=\"super handy wheelchair,manual wheelchair,affordable wheelchair,wheelchair for disabled people,custom manual wheelchair,standard wheelchair,custom wheelchair\" \/>\n\t\t<link rel=\"canonical\" href=\"https:\/\/novalion-med.com\/fr\/produit\/manuel-standard-pratique-fauteuil-roulant-abordable-pour-handicapes\/\" \/>\n\t\t<meta name=\"generator\" content=\"All in One SEO Pro (AIOSEO) 4.6.0\" \/>\n\t\t<meta property=\"og:locale\" content=\"fr_FR\" \/>\n\t\t<meta property=\"og:site_name\" content=\"Novalion Medical \u2013 Wheelchair, Hospital bed, Walker,Commode chair,Crutch...\" \/>\n\t\t<meta property=\"og:type\" content=\"article\" \/>\n\t\t<meta property=\"og:title\" content=\"Handy Standard Manual Affordable Wheelchair For Disabled\" \/>\n\t\t<meta property=\"og:description\" content=\"The NL190301C-2 Super Handy Standard Manual Affordable Custom Wheelchair For Disabled \u2013 a practical super handy wheelchair with Oxford cloth seating.\" \/>\n\t\t<meta property=\"og:url\" content=\"https:\/\/novalion-med.com\/fr\/produit\/manuel-standard-pratique-fauteuil-roulant-abordable-pour-handicapes\/\" \/>\n\t\t<meta property=\"og:image\" content=\"https:\/\/novalion-med.com\/wp-content\/uploads\/2025\/04\/cropped-343496212_201698782614433_8037205422525878621_n-1.jpg\" \/>\n\t\t<meta property=\"og:image:secure_url\" content=\"https:\/\/novalion-med.com\/wp-content\/uploads\/2025\/04\/cropped-343496212_201698782614433_8037205422525878621_n-1.jpg\" \/>\n\t\t<meta property=\"og:image:width\" content=\"512\" \/>\n\t\t<meta property=\"og:image:height\" content=\"512\" \/>\n\t\t<meta property=\"article:published_time\" content=\"2025-05-20T02:30:04+00:00\" \/>\n\t\t<meta property=\"article:modified_time\" content=\"2025-09-15T10:20:04+00:00\" \/>\n\t\t<meta property=\"article:publisher\" content=\"https:\/\/www.facebook.com\/NovalionMedical\/\" \/>\n\t\t<meta name=\"twitter:card\" content=\"summary_large_image\" \/>\n\t\t<meta name=\"twitter:title\" content=\"Handy Standard Manual Affordable Wheelchair For Disabled\" \/>\n\t\t<meta name=\"twitter:description\" content=\"The NL190301C-2 Super Handy Standard Manual Affordable Custom Wheelchair For Disabled \u2013 a practical super handy wheelchair with Oxford cloth seating.\" \/>\n\t\t<meta name=\"twitter:image\" content=\"https:\/\/novalion-med.com\/wp-content\/uploads\/2025\/04\/cropped-343496212_201698782614433_8037205422525878621_n-1.jpg\" \/>\n\t\t<script type=\"application\/ld+json\" class=\"aioseo-schema\">\n\t\t\t{\"@context\":\"https:\\\/\\\/schema.org\",\"@graph\":[{\"@type\":\"BreadcrumbList\",\"@id\":\"https:\\\/\\\/novalion-med.com\\\/fr\\\/produit\\\/manuel-standard-pratique-fauteuil-roulant-abordable-pour-handicapes\\\/#breadcrumblist\",\"itemListElement\":[{\"@type\":\"ListItem\",\"@id\":\"https:\\\/\\\/novalion-med.com\\\/fr\\\/#listItem\",\"position\":1,\"name\":\"Home\",\"item\":\"https:\\\/\\\/novalion-med.com\\\/fr\\\/\",\"nextItem\":\"https:\\\/\\\/novalion-med.com\\\/fr\\\/produit\\\/manuel-standard-pratique-fauteuil-roulant-abordable-pour-handicapes\\\/#listItem\"},{\"@type\":\"ListItem\",\"@id\":\"https:\\\/\\\/novalion-med.com\\\/fr\\\/produit\\\/manuel-standard-pratique-fauteuil-roulant-abordable-pour-handicapes\\\/#listItem\",\"position\":2,\"name\":\"Super Handy Standard Manual Affordable Custom Wheelchair For Disabled\",\"previousItem\":\"https:\\\/\\\/novalion-med.com\\\/fr\\\/#listItem\"}]},{\"@type\":\"Organization\",\"@id\":\"https:\\\/\\\/novalion-med.com\\\/fr\\\/#organization\",\"name\":\"novalion-med.com\",\"url\":\"https:\\\/\\\/novalion-med.com\\\/fr\\\/\",\"logo\":{\"@type\":\"ImageObject\",\"url\":\"https:\\\/\\\/novalion-med.com\\\/wp-content\\\/uploads\\\/2025\\\/04\\\/cropped-343496212_201698782614433_8037205422525878621_n-1.jpg\",\"@id\":\"https:\\\/\\\/novalion-med.com\\\/fr\\\/produit\\\/manuel-standard-pratique-fauteuil-roulant-abordable-pour-handicapes\\\/#organizationLogo\",\"width\":512,\"height\":512},\"image\":{\"@id\":\"https:\\\/\\\/novalion-med.com\\\/fr\\\/produit\\\/manuel-standard-pratique-fauteuil-roulant-abordable-pour-handicapes\\\/#organizationLogo\"},\"sameAs\":[\"https:\\\/\\\/www.facebook.com\\\/NovalionMedical\\\/\",\"https:\\\/\\\/www.youtube.com\\\/@NwlMedicalInstrument\"],\"contactPoint\":{\"@type\":\"ContactPoint\",\"telephone\":\"+8618326188070\",\"contactType\":\"Sales\"}},{\"@type\":\"Product\",\"@id\":\"https:\\\/\\\/novalion-med.com\\\/fr\\\/produit\\\/manuel-standard-pratique-fauteuil-roulant-abordable-pour-handicapes\\\/#wooCommerceProduct\",\"name\":\"Super Handy Standard Manual Affordable Custom Wheelchair For Disabled\",\"description\":\"The NL190301C-2 Super Handy Standard Manual Affordable Custom Wheelchair For Disabled is a highly practical mobility solution designed to shine as a super handy wheelchair, blending ease of use and portability for disabled people. As a super handy wheelchair, it features a foldable design (folding to a slim width) for effortless storage and transport, paired with iron pedals that enhance stability\\u2014ideal for daily use, whether at home, on errands, or short trips.The NL190301C-2 stands out as a super handy wheelchair that combines the practicality of a Manual Wheelchair, the adaptability of a Custom Wheelchair, and the affordability of an Affordable Wheelchair, proving that \\\"handy\\\" means more than just easy to move\\u2014it delivers all essential traits: durability, comfort, and user-centric design, making it a top choice as a Wheelchair For Disabled People seeking a reliable, convenient mobility aid.\",\"url\":\"https:\\\/\\\/novalion-med.com\\\/fr\\\/produit\\\/manuel-standard-pratique-fauteuil-roulant-abordable-pour-handicapes\\\/\",\"sku\":\"NL190301C-2\",\"image\":{\"@type\":\"ImageObject\",\"url\":\"https:\\\/\\\/novalion-med.com\\\/wp-content\\\/uploads\\\/2025\\\/05\\\/NL190301C-2-Super-Handy-Standard-Manual-Affordable-Custom-Wheelchair-For-Disabled.jpg\",\"@id\":\"https:\\\/\\\/novalion-med.com\\\/fr\\\/produit\\\/manuel-standard-pratique-fauteuil-roulant-abordable-pour-handicapes\\\/#productImage\",\"width\":1000,\"height\":1008,\"caption\":\"NL190301C-2 Super Handy Standard Manual Affordable Custom Wheelchair For Disabled\"},\"offers\":{\"@type\":\"Offer\",\"url\":\"https:\\\/\\\/novalion-med.com\\\/fr\\\/produit\\\/manuel-standard-pratique-fauteuil-roulant-abordable-pour-handicapes\\\/#wooCommerceOffer\",\"priceCurrency\":\"PHP\",\"category\":\"Standard Wheelchairs\",\"availability\":\"https:\\\/\\\/schema.org\\\/InStock\",\"seller\":{\"@type\":\"Organization\",\"@id\":\"https:\\\/\\\/novalion-med.com\\\/fr\\\/#organization\"},\"price\":111}},{\"@type\":\"WebPage\",\"@id\":\"https:\\\/\\\/novalion-med.com\\\/fr\\\/produit\\\/manuel-standard-pratique-fauteuil-roulant-abordable-pour-handicapes\\\/#webpage\",\"url\":\"https:\\\/\\\/novalion-med.com\\\/fr\\\/produit\\\/manuel-standard-pratique-fauteuil-roulant-abordable-pour-handicapes\\\/\",\"name\":\"Handy Standard Manual Affordable Wheelchair For Disabled\",\"description\":\"The NL190301C-2 Super Handy Standard Manual Affordable Custom Wheelchair For Disabled \\u2013 a practical super handy wheelchair with Oxford cloth seating.\",\"inLanguage\":\"fr-FR\",\"isPartOf\":{\"@id\":\"https:\\\/\\\/novalion-med.com\\\/fr\\\/#website\"},\"breadcrumb\":{\"@id\":\"https:\\\/\\\/novalion-med.com\\\/fr\\\/produit\\\/manuel-standard-pratique-fauteuil-roulant-abordable-pour-handicapes\\\/#breadcrumblist\"},\"image\":{\"@type\":\"ImageObject\",\"url\":\"https:\\\/\\\/novalion-med.com\\\/wp-content\\\/uploads\\\/2025\\\/05\\\/NL190301C-2-Super-Handy-Standard-Manual-Affordable-Custom-Wheelchair-For-Disabled.jpg\",\"@id\":\"https:\\\/\\\/novalion-med.com\\\/fr\\\/produit\\\/manuel-standard-pratique-fauteuil-roulant-abordable-pour-handicapes\\\/#mainImage\",\"width\":1000,\"height\":1008,\"caption\":\"NL190301C-2 Super Handy Standard Manual Affordable Custom Wheelchair For Disabled\"},\"primaryImageOfPage\":{\"@id\":\"https:\\\/\\\/novalion-med.com\\\/fr\\\/produit\\\/manuel-standard-pratique-fauteuil-roulant-abordable-pour-handicapes\\\/#mainImage\"},\"datePublished\":\"2025-05-20T02:30:04+00:00\",\"dateModified\":\"2025-09-15T10:20:04+00:00\"},{\"@type\":\"WebSite\",\"@id\":\"https:\\\/\\\/novalion-med.com\\\/fr\\\/#website\",\"url\":\"https:\\\/\\\/novalion-med.com\\\/fr\\\/\",\"name\":\"novalion-med.com\",\"description\":\"Wheelchair, Hospital bed, Walker,Commode chair,Crutch...\",\"inLanguage\":\"fr-FR\",\"publisher\":{\"@id\":\"https:\\\/\\\/novalion-med.com\\\/fr\\\/#organization\"}}]}\n\t\t<\/script>\n\t\t<!-- All in One SEO Pro -->\r\n\t\t<title>Handy Standard Manual Affordable Wheelchair For Disabled<\/title>\n\n","aioseo_head_json":{"title":"Handy Standard Manual Affordable Wheelchair For Disabled","description":"The NL190301C-2 Super Handy Standard Manual Affordable Custom Wheelchair For Disabled \u2013 a practical super handy wheelchair with Oxford cloth seating.","canonical_url":"https:\/\/novalion-med.com\/fr\/produit\/manuel-standard-pratique-fauteuil-roulant-abordable-pour-handicapes\/","robots":"max-image-preview:large","keywords":"super handy wheelchair,manual wheelchair,affordable wheelchair,wheelchair for disabled people,custom manual wheelchair,standard wheelchair,custom wheelchair","webmasterTools":{"google-site-verification":"XE0Krczs_zYC4qBAqnvyRaNEYa9NQEP4HzU7PPpzxoI","miscellaneous":""},"og:locale":"fr_FR","og:site_name":"Novalion Medical \u2013 Wheelchair, Hospital bed, Walker,Commode chair,Crutch...","og:type":"article","og:title":"Handy Standard Manual Affordable Wheelchair For Disabled","og:description":"The NL190301C-2 Super Handy Standard Manual Affordable Custom Wheelchair For Disabled \u2013 a practical super handy wheelchair with Oxford cloth seating.","og:url":"https:\/\/novalion-med.com\/fr\/produit\/manuel-standard-pratique-fauteuil-roulant-abordable-pour-handicapes\/","og:image":"https:\/\/novalion-med.com\/wp-content\/uploads\/2025\/04\/cropped-343496212_201698782614433_8037205422525878621_n-1.jpg","og:image:secure_url":"https:\/\/novalion-med.com\/wp-content\/uploads\/2025\/04\/cropped-343496212_201698782614433_8037205422525878621_n-1.jpg","og:image:width":512,"og:image:height":512,"article:published_time":"2025-05-20T02:30:04+00:00","article:modified_time":"2025-09-15T10:20:04+00:00","article:publisher":"https:\/\/www.facebook.com\/NovalionMedical\/","twitter:card":"summary_large_image","twitter:title":"Handy Standard Manual Affordable Wheelchair For Disabled","twitter:description":"The NL190301C-2 Super Handy Standard Manual Affordable Custom Wheelchair For Disabled \u2013 a practical super handy wheelchair with Oxford cloth seating.","twitter:image":"https:\/\/novalion-med.com\/wp-content\/uploads\/2025\/04\/cropped-343496212_201698782614433_8037205422525878621_n-1.jpg","schema":{"@context":"https:\/\/schema.org","@graph":[{"@type":"BreadcrumbList","@id":"https:\/\/novalion-med.com\/fr\/produit\/manuel-standard-pratique-fauteuil-roulant-abordable-pour-handicapes\/#breadcrumblist","itemListElement":[{"@type":"ListItem","@id":"https:\/\/novalion-med.com\/fr\/#listItem","position":1,"name":"Home","item":"https:\/\/novalion-med.com\/fr\/","nextItem":"https:\/\/novalion-med.com\/fr\/produit\/manuel-standard-pratique-fauteuil-roulant-abordable-pour-handicapes\/#listItem"},{"@type":"ListItem","@id":"https:\/\/novalion-med.com\/fr\/produit\/manuel-standard-pratique-fauteuil-roulant-abordable-pour-handicapes\/#listItem","position":2,"name":"Super Handy Standard Manual Affordable Custom Wheelchair For Disabled","previousItem":"https:\/\/novalion-med.com\/fr\/#listItem"}]},{"@type":"Organization","@id":"https:\/\/novalion-med.com\/fr\/#organization","name":"novalion-med.com","url":"https:\/\/novalion-med.com\/fr\/","logo":{"@type":"ImageObject","url":"https:\/\/novalion-med.com\/wp-content\/uploads\/2025\/04\/cropped-343496212_201698782614433_8037205422525878621_n-1.jpg","@id":"https:\/\/novalion-med.com\/fr\/produit\/manuel-standard-pratique-fauteuil-roulant-abordable-pour-handicapes\/#organizationLogo","width":512,"height":512},"image":{"@id":"https:\/\/novalion-med.com\/fr\/produit\/manuel-standard-pratique-fauteuil-roulant-abordable-pour-handicapes\/#organizationLogo"},"sameAs":["https:\/\/www.facebook.com\/NovalionMedical\/","https:\/\/www.youtube.com\/@NwlMedicalInstrument"],"contactPoint":{"@type":"ContactPoint","telephone":"+8618326188070","contactType":"Sales"}},{"@type":"Product","@id":"https:\/\/novalion-med.com\/fr\/produit\/manuel-standard-pratique-fauteuil-roulant-abordable-pour-handicapes\/#wooCommerceProduct","name":"Super Handy Standard Manual Affordable Custom Wheelchair For Disabled","description":"The NL190301C-2 Super Handy Standard Manual Affordable Custom Wheelchair For Disabled is a highly practical mobility solution designed to shine as a super handy wheelchair, blending ease of use and portability for disabled people. As a super handy wheelchair, it features a foldable design (folding to a slim width) for effortless storage and transport, paired with iron pedals that enhance stability\u2014ideal for daily use, whether at home, on errands, or short trips.The NL190301C-2 stands out as a super handy wheelchair that combines the practicality of a Manual Wheelchair, the adaptability of a Custom Wheelchair, and the affordability of an Affordable Wheelchair, proving that \"handy\" means more than just easy to move\u2014it delivers all essential traits: durability, comfort, and user-centric design, making it a top choice as a Wheelchair For Disabled People seeking a reliable, convenient mobility aid.","url":"https:\/\/novalion-med.com\/fr\/produit\/manuel-standard-pratique-fauteuil-roulant-abordable-pour-handicapes\/","sku":"NL190301C-2","image":{"@type":"ImageObject","url":"https:\/\/novalion-med.com\/wp-content\/uploads\/2025\/05\/NL190301C-2-Super-Handy-Standard-Manual-Affordable-Custom-Wheelchair-For-Disabled.jpg","@id":"https:\/\/novalion-med.com\/fr\/produit\/manuel-standard-pratique-fauteuil-roulant-abordable-pour-handicapes\/#productImage","width":1000,"height":1008,"caption":"NL190301C-2 Super Handy Standard Manual Affordable Custom Wheelchair For Disabled"},"offers":{"@type":"Offer","url":"https:\/\/novalion-med.com\/fr\/produit\/manuel-standard-pratique-fauteuil-roulant-abordable-pour-handicapes\/#wooCommerceOffer","priceCurrency":"PHP","category":"Standard Wheelchairs","availability":"https:\/\/schema.org\/InStock","seller":{"@type":"Organization","@id":"https:\/\/novalion-med.com\/fr\/#organization"},"price":111}},{"@type":"WebPage","@id":"https:\/\/novalion-med.com\/fr\/produit\/manuel-standard-pratique-fauteuil-roulant-abordable-pour-handicapes\/#webpage","url":"https:\/\/novalion-med.com\/fr\/produit\/manuel-standard-pratique-fauteuil-roulant-abordable-pour-handicapes\/","name":"Handy Standard Manual Affordable Wheelchair For Disabled","description":"The NL190301C-2 Super Handy Standard Manual Affordable Custom Wheelchair For Disabled \u2013 a practical super handy wheelchair with Oxford cloth seating.","inLanguage":"fr-FR","isPartOf":{"@id":"https:\/\/novalion-med.com\/fr\/#website"},"breadcrumb":{"@id":"https:\/\/novalion-med.com\/fr\/produit\/manuel-standard-pratique-fauteuil-roulant-abordable-pour-handicapes\/#breadcrumblist"},"image":{"@type":"ImageObject","url":"https:\/\/novalion-med.com\/wp-content\/uploads\/2025\/05\/NL190301C-2-Super-Handy-Standard-Manual-Affordable-Custom-Wheelchair-For-Disabled.jpg","@id":"https:\/\/novalion-med.com\/fr\/produit\/manuel-standard-pratique-fauteuil-roulant-abordable-pour-handicapes\/#mainImage","width":1000,"height":1008,"caption":"NL190301C-2 Super Handy Standard Manual Affordable Custom Wheelchair For Disabled"},"primaryImageOfPage":{"@id":"https:\/\/novalion-med.com\/fr\/produit\/manuel-standard-pratique-fauteuil-roulant-abordable-pour-handicapes\/#mainImage"},"datePublished":"2025-05-20T02:30:04+00:00","dateModified":"2025-09-15T10:20:04+00:00"},{"@type":"WebSite","@id":"https:\/\/novalion-med.com\/fr\/#website","url":"https:\/\/novalion-med.com\/fr\/","name":"novalion-med.com","description":"Wheelchair, Hospital bed, Walker,Commode chair,Crutch...","inLanguage":"fr-FR","publisher":{"@id":"https:\/\/novalion-med.com\/fr\/#organization"}}]}},"aioseo_meta_data":{"post_id":"3201","title":"Handy Standard Manual Affordable Wheelchair For Disabled","description":"The NL190301C-2 Super Handy Standard Manual Affordable Custom Wheelchair For Disabled \u2013 a practical super handy wheelchair with Oxford cloth seating.","keywords":"[{\"label\":\"super handy wheelchair\",\"value\":\"super handy wheelchair\"},{\"label\":\"Manual Wheelchair\",\"value\":\"Manual Wheelchair\"},{\"label\":\"Affordable Wheelchair\",\"value\":\"Affordable Wheelchair\"},{\"label\":\"Wheelchair For Disabled People\",\"value\":\"Wheelchair For Disabled People\"},{\"label\":\"custom manual wheelchair\",\"value\":\"custom manual wheelchair\"},{\"label\":\"Standard Wheelchair\",\"value\":\"Standard Wheelchair\"},{\"label\":\"Custom Wheelchair\",\"value\":\"Custom Wheelchair\"}]","keyphrases":"{\"focus\":{\"keyphrase\":\"\",\"score\":0,\"analysis\":{\"keyphraseInTitle\":{\"score\":0,\"maxScore\":9,\"error\":1}}},\"additional\":[]}","primary_term":null,"canonical_url":null,"og_title":null,"og_description":null,"og_object_type":"default","og_image_type":"default","og_image_url":null,"og_image_width":null,"og_image_height":null,"og_image_custom_url":null,"og_image_custom_fields":null,"og_video":"","og_custom_url":null,"og_article_section":null,"og_article_tags":"[]","twitter_use_og":false,"twitter_card":"default","twitter_image_type":"default","twitter_image_url":null,"twitter_image_custom_url":null,"twitter_image_custom_fields":null,"twitter_title":null,"twitter_description":null,"schema":{"blockGraphs":[],"customGraphs":[],"default":{"data":{"Article":[],"Course":[],"Dataset":[],"FAQPage":[],"Movie":[],"Person":[],"Product":[],"Recipe":[],"Service":[],"SoftwareApplication":[],"WebPage":[]},"graphName":"Product","isEnabled":true},"graphs":[]},"schema_type":"default","schema_type_options":null,"pillar_content":false,"robots_default":true,"robots_noindex":false,"robots_noarchive":false,"robots_nosnippet":false,"robots_nofollow":false,"robots_noimageindex":false,"robots_noodp":false,"robots_notranslate":false,"robots_max_snippet":"-1","robots_max_videopreview":"-1","robots_max_imagepreview":"large","priority":null,"frequency":"default","local_seo":null,"limit_modified_date":false,"created":"2025-05-20 02:30:04","updated":"2025-09-15 10:29:24"},"_links":{"self":[{"href":"https:\/\/novalion-med.com\/fr\/wp-json\/wp\/v2\/product\/3201","targetHints":{"allow":["GET"]}}],"collection":[{"href":"https:\/\/novalion-med.com\/fr\/wp-json\/wp\/v2\/product"}],"about":[{"href":"https:\/\/novalion-med.com\/fr\/wp-json\/wp\/v2\/types\/product"}],"version-history":[{"count":21,"href":"https:\/\/novalion-med.com\/fr\/wp-json\/wp\/v2\/product\/3201\/revisions"}],"predecessor-version":[{"id":9178,"href":"https:\/\/novalion-med.com\/fr\/wp-json\/wp\/v2\/product\/3201\/revisions\/9178"}],"wp:featuredmedia":[{"embeddable":true,"href":"https:\/\/novalion-med.com\/fr\/wp-json\/wp\/v2\/media\/9176"}],"wp:attachment":[{"href":"https:\/\/novalion-med.com\/fr\/wp-json\/wp\/v2\/media?parent=3201"}],"wp:term":[{"taxonomy":"product_brand","embeddable":true,"href":"https:\/\/novalion-med.com\/fr\/wp-json\/wp\/v2\/product_brand?post=3201"},{"taxonomy":"product_cat","embeddable":true,"href":"https:\/\/novalion-med.com\/fr\/wp-json\/wp\/v2\/product_cat?post=3201"},{"taxonomy":"product_tag","embeddable":true,"href":"https:\/\/novalion-med.com\/fr\/wp-json\/wp\/v2\/product_tag?post=3201"}],"curies":[{"name":"wp","href":"https:\/\/api.w.org\/{rel}","templated":true}]}}