{"id":6248,"date":"2025-06-26T02:24:22","date_gmt":"2025-06-26T02:24:22","guid":{"rendered":"https:\/\/novalion-med.com\/?post_type=product&#038;p=6248"},"modified":"2025-06-26T02:27:19","modified_gmt":"2025-06-26T02:27:19","slug":"silla-andador-de-aleacion-de-aluminio-con-tabla-de-asiento","status":"publish","type":"product","link":"https:\/\/novalion-med.com\/es\/producto\/silla-andador-de-aleacion-de-aluminio-con-tabla-de-asiento\/","title":{"rendered":"Andador de aleaci\u00f3n de aluminio con tabla de asiento"},"content":{"rendered":"<div data-elementor-type=\"product-post\" data-elementor-id=\"6248\" class=\"elementor elementor-6248\" data-elementor-post-type=\"product\">\n\t\t\t\t<div class=\"elementor-element elementor-element-1c93f1cb e-con-full e-flex e-con e-parent\" data-id=\"1c93f1cb\" data-element_type=\"container\">\n\t\t\t\t<div class=\"elementor-element elementor-element-2240ff1 elementor-widget elementor-widget-heading\" data-id=\"2240ff1\" data-element_type=\"widget\" data-widget_type=\"heading.default\">\n\t\t\t\t<div class=\"elementor-widget-container\">\n\t\t\t\t\t<h2 class=\"elementor-heading-title elementor-size-default\">Andador de aleaci\u00f3n de aluminio con tabla de asiento<\/h2>\t\t\t\t<\/div>\n\t\t\t\t<\/div>\n\t\t\t\t<div class=\"elementor-element elementor-element-45d8c46 elementor-widget elementor-widget-text-editor\" data-id=\"45d8c46\" data-element_type=\"widget\" data-widget_type=\"text-editor.default\">\n\t\t\t\t<div class=\"elementor-widget-container\">\n\t\t\t\t\t\t\t\t\t<p>Seleccione esta silla andador de aleaci\u00f3n de aluminio con armaz\u00f3n de empu\u00f1adura en \"S\", que proporciona comodidad ergon\u00f3mica, plegado ligero y capacidad para 150 kg para uso prolongado en hospitales, hogares y cl\u00ednicas.<\/p>\t\t\t\t\t\t\t\t<\/div>\n\t\t\t\t<\/div>\n\t\t\t\t<div class=\"elementor-element elementor-element-7152afc elementor-widget elementor-widget-text-editor\" data-id=\"7152afc\" data-element_type=\"widget\" data-widget_type=\"text-editor.default\">\n\t\t\t\t<div class=\"elementor-widget-container\">\n\t\t\t\t\t\t\t\t\t<h2>Caracter\u00edsticas principales<\/h2><p>Silla andador de aleaci\u00f3n de aluminio con armaz\u00f3n en S - ligera, plegable, dise\u00f1o ergon\u00f3mico, capacidad para 150 kg. La comodidad se une a la durabilidad.<\/p><ul><li>Empu\u00f1adura ergon\u00f3mica en forma de \"S\" para mayor agarre y comodidad<\/li><li>Construcci\u00f3n ligera de aleaci\u00f3n de aluminio para facilitar el plegado y el transporte<\/li><li>Dise\u00f1o antideslizante y estable con tubos gruesos que soportan 150 kg<\/li><li>Tabla de asiento integrada para descansar durante la movilidad<\/li><li>Altura ajustable (76-88 cm) y distancia entre asas de 52 cm para un uso personalizado<\/li><\/ul>\t\t\t\t\t\t\t\t<\/div>\n\t\t\t\t<\/div>\n\t\t\t\t<div class=\"elementor-element elementor-element-3a02177 elementor-widget elementor-widget-text-editor\" data-id=\"3a02177\" data-element_type=\"widget\" data-widget_type=\"text-editor.default\">\n\t\t\t\t<div class=\"elementor-widget-container\">\n\t\t\t\t\t\t\t\t\t<h2>Especificaciones<\/h2><table style=\"border-collapse: collapse; width: 524.42pt;\" border=\"0\" width=\"874\" cellspacing=\"0\" cellpadding=\"0\"><tbody><tr style=\"height: 14.40pt;\"><td style=\"height: 14.40pt; width: 142.80pt;\" width=\"238\" height=\"24\">Nombre del producto<\/td><td style=\"width: 381.6pt; text-align: center;\" width=\"636\">Andador de aleaci\u00f3n de aluminio con tabla de asiento<\/td><\/tr><tr style=\"height: 14.40pt;\"><td style=\"height: 14.40pt;\" height=\"24\">Aplicaci\u00f3n<\/td><td style=\"text-align: center;\">Hospital, domicilio, cl\u00ednica<\/td><\/tr><tr style=\"height: 14.40pt;\"><td style=\"height: 14.40pt;\" height=\"24\">Material<\/td><td style=\"text-align: center;\">Aleaci\u00f3n de aluminio<\/td><\/tr><tr style=\"height: 14.40pt;\"><td style=\"height: 14.40pt;\" height=\"24\">Capacidad de carga<\/td><td style=\"text-align: center;\">150 kg<\/td><\/tr><tr style=\"height: 14.40pt;\"><td style=\"height: 14.40pt;\" height=\"24\">Longitud entre dos asas<\/td><td style=\"text-align: center;\">Unos 52 cm<\/td><\/tr><tr style=\"height: 14.40pt;\"><td style=\"height: 14.40pt;\" height=\"24\">Anchura total<\/td><td style=\"text-align: center;\">Unos 45 cm<\/td><\/tr><tr style=\"height: 14.40pt;\"><td style=\"height: 14.40pt;\" height=\"24\">Altura total<\/td><td style=\"text-align: center;\">76-88 cm aproximadamente<\/td><\/tr><tr style=\"height: 14.40pt;\"><td style=\"height: 14.40pt;\" height=\"24\">Tama\u00f1o del embalaje<\/td><td style=\"text-align: center;\">76*56*46cm, 6pcs\/ctn<\/td><\/tr><tr style=\"height: 14.40pt;\"><td style=\"height: 14.40pt;\" height=\"24\">G.W.<\/td><td style=\"text-align: center;\">20 kg<\/td><\/tr><\/tbody><\/table>\t\t\t\t\t\t\t\t<\/div>\n\t\t\t\t<\/div>\n\t\t\t\t<div class=\"elementor-element elementor-element-2996df9 elementor-widget elementor-widget-text-editor\" data-id=\"2996df9\" data-element_type=\"widget\" data-widget_type=\"text-editor.default\">\n\t\t\t\t<div class=\"elementor-widget-container\">\n\t\t\t\t\t\t\t\t\t<p>Encontrar\u00e1 m\u00e1s equipos m\u00e9dicos en <a href=\"https:\/\/novalion-med.com\/es\/\" target=\"_blank\" rel=\"noopener\">nuestro sitio web<\/a> o <a href=\"https:\/\/api.whatsapp.com\/send\/?phone=%2B008618112908401&amp;text&amp;type=phone_number&amp;app_absent=0\" target=\"_blank\" rel=\"noopener\">nuestro whatsapp<\/a>.<\/p>\t\t\t\t\t\t\t\t<\/div>\n\t\t\t\t<\/div>\n\t\t\t\t<\/div>\n\t\t\t\t<\/div>","protected":false},"excerpt":{"rendered":"<p>El Sill\u00f3n Andador NL190302A-11 destaca por su construcci\u00f3n en aleaci\u00f3n de aluminio y el marco ergon\u00f3mico del asa en \"S\", que mejora la comodidad de agarre. Ligera y plegable, presenta estabilidad antideslizante y tubos engrosados para soportar 150 kg, adecuada para entornos m\u00e9dicos. La tabla de asiento integrada permite a los usuarios descansar, mientras que la distancia entre asas de 52 cm, la anchura total de 45 cm y la altura ajustable de 76 a 88 cm garantizan un ajuste personalizado. Embalada en una caja de 76\u00d756\u00d746cm (6 piezas por caja) con un peso bruto de 20kg, esta silla andador equilibra durabilidad y portabilidad. Palabras clave: silla andador de aleaci\u00f3n de aluminio, armaz\u00f3n con asa en S, dise\u00f1o plegable, estabilidad antideslizante, asiento ergon\u00f3mico.<\/p>","protected":false},"featured_media":6240,"template":"elementor_theme","meta":{"site-sidebar-layout":"default","site-content-layout":"","ast-site-content-layout":"default","site-content-style":"default","site-sidebar-style":"default","ast-global-header-display":"","ast-banner-title-visibility":"","ast-main-header-display":"","ast-hfb-above-header-display":"","ast-hfb-below-header-display":"","ast-hfb-mobile-header-display":"","site-post-title":"","ast-breadcrumbs-content":"","ast-featured-img":"","footer-sml-layout":"","theme-transparent-header-meta":"default","adv-header-id-meta":"","stick-header-meta":"default","header-above-stick-meta":"","header-main-stick-meta":"","header-below-stick-meta":"","astra-migrate-meta-layouts":"set","ast-page-background-enabled":"default","ast-page-background-meta":{"desktop":{"background-color":"var(--ast-global-color-4)","background-image":"","background-repeat":"repeat","background-position":"center center","background-size":"auto","background-attachment":"scroll","background-type":"","background-media":"","overlay-type":"","overlay-color":"","overlay-opacity":"","overlay-gradient":""},"tablet":{"background-color":"","background-image":"","background-repeat":"repeat","background-position":"center center","background-size":"auto","background-attachment":"scroll","background-type":"","background-media":"","overlay-type":"","overlay-color":"","overlay-opacity":"","overlay-gradient":""},"mobile":{"background-color":"","background-image":"","background-repeat":"repeat","background-position":"center center","background-size":"auto","background-attachment":"scroll","background-type":"","background-media":"","overlay-type":"","overlay-color":"","overlay-opacity":"","overlay-gradient":""}},"ast-content-background-meta":{"desktop":{"background-color":"var(--ast-global-color-5)","background-image":"","background-repeat":"repeat","background-position":"center center","background-size":"auto","background-attachment":"scroll","background-type":"","background-media":"","overlay-type":"","overlay-color":"","overlay-opacity":"","overlay-gradient":""},"tablet":{"background-color":"var(--ast-global-color-5)","background-image":"","background-repeat":"repeat","background-position":"center center","background-size":"auto","background-attachment":"scroll","background-type":"","background-media":"","overlay-type":"","overlay-color":"","overlay-opacity":"","overlay-gradient":""},"mobile":{"background-color":"var(--ast-global-color-5)","background-image":"","background-repeat":"repeat","background-position":"center center","background-size":"auto","background-attachment":"scroll","background-type":"","background-media":"","overlay-type":"","overlay-color":"","overlay-opacity":"","overlay-gradient":""}}},"product_brand":[],"product_cat":[93],"product_tag":[],"class_list":{"0":"post-6248","1":"product","2":"type-product","3":"status-publish","4":"has-post-thumbnail","6":"product_cat-walkers","7":"desktop-align-center","8":"tablet-align-left","9":"mobile-align-left","10":"ast-product-gallery-layout-horizontal-slider","11":"ast-product-gallery-with-no-image","12":"ast-magnify-disabled","13":"ast-product-tabs-layout-accordion","14":"ast-qv-on-image","16":"first","17":"instock","18":"shipping-taxable","19":"purchasable","20":"product-type-simple"},"aioseo_notices":[],"aioseo_head":"\n\t\t<!-- All in One SEO Pro 4.6.0 - aioseo.com -->\n\t\t<meta name=\"description\" content=\"Ergonomic walker chair with S-shaped handle frame, lightweight foldable aluminum construction, non-slip design, and 150kg capacity.\" \/>\n\t\t<meta name=\"robots\" content=\"max-image-preview:large\" \/>\n\t\t<meta name=\"google-site-verification\" content=\"XE0Krczs_zYC4qBAqnvyRaNEYa9NQEP4HzU7PPpzxoI\" \/>\n\t\t<link rel=\"canonical\" href=\"https:\/\/novalion-med.com\/es\/producto\/silla-andador-de-aleacion-de-aluminio-con-tabla-de-asiento\/\" \/>\n\t\t<meta name=\"generator\" content=\"All in One SEO Pro (AIOSEO) 4.6.0\" \/>\n\t\t<meta property=\"og:locale\" content=\"es_ES\" \/>\n\t\t<meta property=\"og:site_name\" content=\"Novalion Medical \u2013 Wheelchair, Hospital bed, Walker,Commode chair,Crutch...\" \/>\n\t\t<meta property=\"og:type\" content=\"article\" \/>\n\t\t<meta property=\"og:title\" content=\"Aluminum Alloy Walker Chair with Seat Board\" \/>\n\t\t<meta property=\"og:description\" content=\"Ergonomic walker chair with S-shaped handle frame, lightweight foldable aluminum construction, non-slip design, and 150kg capacity.\" \/>\n\t\t<meta property=\"og:url\" content=\"https:\/\/novalion-med.com\/es\/producto\/silla-andador-de-aleacion-de-aluminio-con-tabla-de-asiento\/\" \/>\n\t\t<meta property=\"og:image\" content=\"https:\/\/novalion-med.com\/wp-content\/uploads\/2025\/04\/cropped-343496212_201698782614433_8037205422525878621_n-1.jpg\" \/>\n\t\t<meta property=\"og:image:secure_url\" content=\"https:\/\/novalion-med.com\/wp-content\/uploads\/2025\/04\/cropped-343496212_201698782614433_8037205422525878621_n-1.jpg\" \/>\n\t\t<meta property=\"og:image:width\" content=\"512\" \/>\n\t\t<meta property=\"og:image:height\" content=\"512\" \/>\n\t\t<meta property=\"article:published_time\" content=\"2025-06-26T02:24:22+00:00\" \/>\n\t\t<meta property=\"article:modified_time\" content=\"2025-06-26T02:27:19+00:00\" \/>\n\t\t<meta property=\"article:publisher\" content=\"https:\/\/www.facebook.com\/NovalionMedical\/\" \/>\n\t\t<meta name=\"twitter:card\" content=\"summary_large_image\" \/>\n\t\t<meta name=\"twitter:title\" content=\"Aluminum Alloy Walker Chair with Seat Board\" \/>\n\t\t<meta name=\"twitter:description\" content=\"Ergonomic walker chair with S-shaped handle frame, lightweight foldable aluminum construction, non-slip design, and 150kg capacity.\" \/>\n\t\t<meta name=\"twitter:image\" content=\"https:\/\/novalion-med.com\/wp-content\/uploads\/2025\/04\/cropped-343496212_201698782614433_8037205422525878621_n-1.jpg\" \/>\n\t\t<script type=\"application\/ld+json\" class=\"aioseo-schema\">\n\t\t\t{\"@context\":\"https:\\\/\\\/schema.org\",\"@graph\":[{\"@type\":\"BreadcrumbList\",\"@id\":\"https:\\\/\\\/novalion-med.com\\\/es\\\/producto\\\/silla-andador-de-aleacion-de-aluminio-con-tabla-de-asiento\\\/#breadcrumblist\",\"itemListElement\":[{\"@type\":\"ListItem\",\"@id\":\"https:\\\/\\\/novalion-med.com\\\/es\\\/#listItem\",\"position\":1,\"name\":\"Home\",\"item\":\"https:\\\/\\\/novalion-med.com\\\/es\\\/\",\"nextItem\":\"https:\\\/\\\/novalion-med.com\\\/es\\\/producto\\\/silla-andador-de-aleacion-de-aluminio-con-tabla-de-asiento\\\/#listItem\"},{\"@type\":\"ListItem\",\"@id\":\"https:\\\/\\\/novalion-med.com\\\/es\\\/producto\\\/silla-andador-de-aleacion-de-aluminio-con-tabla-de-asiento\\\/#listItem\",\"position\":2,\"name\":\"Aluminum Alloy Walker Chair with Seat Board\",\"previousItem\":\"https:\\\/\\\/novalion-med.com\\\/es\\\/#listItem\"}]},{\"@type\":\"Organization\",\"@id\":\"https:\\\/\\\/novalion-med.com\\\/es\\\/#organization\",\"name\":\"novalion-med.com\",\"url\":\"https:\\\/\\\/novalion-med.com\\\/es\\\/\",\"logo\":{\"@type\":\"ImageObject\",\"url\":\"https:\\\/\\\/novalion-med.com\\\/wp-content\\\/uploads\\\/2025\\\/04\\\/cropped-343496212_201698782614433_8037205422525878621_n-1.jpg\",\"@id\":\"https:\\\/\\\/novalion-med.com\\\/es\\\/producto\\\/silla-andador-de-aleacion-de-aluminio-con-tabla-de-asiento\\\/#organizationLogo\",\"width\":512,\"height\":512},\"image\":{\"@id\":\"https:\\\/\\\/novalion-med.com\\\/es\\\/producto\\\/silla-andador-de-aleacion-de-aluminio-con-tabla-de-asiento\\\/#organizationLogo\"},\"sameAs\":[\"https:\\\/\\\/www.facebook.com\\\/NovalionMedical\\\/\",\"https:\\\/\\\/www.youtube.com\\\/@NwlMedicalInstrument\"],\"contactPoint\":{\"@type\":\"ContactPoint\",\"telephone\":\"+8618326188070\",\"contactType\":\"Sales\"}},{\"@type\":\"Product\",\"@id\":\"https:\\\/\\\/novalion-med.com\\\/es\\\/producto\\\/silla-andador-de-aleacion-de-aluminio-con-tabla-de-asiento\\\/#wooCommerceProduct\",\"name\":\"Aluminum Alloy Walker Chair with Seat Board\",\"description\":\"The NL190302A-11 Walker Chair stands out with its aluminum alloy construction and ergonomic \\\"S\\\" handle frame, enhancing grip comfort. Lightweight and foldable, it features non-slip stability and thickened pipes to support 150kg, suitable for medical settings. The integrated seat board allows users to rest, while handle spacing of 52cm, total width of 45cm, and height adjustable from 76-88cm ensure personalized fit. Packaged in a 76\\u00d756\\u00d746cm carton (6 pieces per carton) at 20kg gross weight, this walker chair balances durability and portability. Keywords: aluminum alloy walker chair, S-handle frame, foldable design, non-slip stability, ergonomic seating.\",\"url\":\"https:\\\/\\\/novalion-med.com\\\/es\\\/producto\\\/silla-andador-de-aleacion-de-aluminio-con-tabla-de-asiento\\\/\",\"sku\":\"NL190302A-11\",\"image\":{\"@type\":\"ImageObject\",\"url\":\"https:\\\/\\\/novalion-med.com\\\/wp-content\\\/uploads\\\/2025\\\/06\\\/NL190302A-11-Aluminum-Alloy-Walker-Chair-with-Seat-Board.jpg\",\"@id\":\"https:\\\/\\\/novalion-med.com\\\/es\\\/producto\\\/silla-andador-de-aleacion-de-aluminio-con-tabla-de-asiento\\\/#productImage\",\"width\":800,\"height\":800,\"caption\":\"NL190302A-11 Aluminum Alloy Walker Chair with Seat Board\"},\"offers\":{\"@type\":\"Offer\",\"url\":\"https:\\\/\\\/novalion-med.com\\\/es\\\/producto\\\/silla-andador-de-aleacion-de-aluminio-con-tabla-de-asiento\\\/#wooCommerceOffer\",\"priceCurrency\":\"PHP\",\"category\":\"Walkers\",\"availability\":\"https:\\\/\\\/schema.org\\\/InStock\",\"seller\":{\"@type\":\"Organization\",\"@id\":\"https:\\\/\\\/novalion-med.com\\\/es\\\/#organization\"},\"price\":111}},{\"@type\":\"WebPage\",\"@id\":\"https:\\\/\\\/novalion-med.com\\\/es\\\/producto\\\/silla-andador-de-aleacion-de-aluminio-con-tabla-de-asiento\\\/#webpage\",\"url\":\"https:\\\/\\\/novalion-med.com\\\/es\\\/producto\\\/silla-andador-de-aleacion-de-aluminio-con-tabla-de-asiento\\\/\",\"name\":\"Aluminum Alloy Walker Chair with Seat Board\",\"description\":\"Ergonomic walker chair with S-shaped handle frame, lightweight foldable aluminum construction, non-slip design, and 150kg capacity.\",\"inLanguage\":\"es-ES\",\"isPartOf\":{\"@id\":\"https:\\\/\\\/novalion-med.com\\\/es\\\/#website\"},\"breadcrumb\":{\"@id\":\"https:\\\/\\\/novalion-med.com\\\/es\\\/producto\\\/silla-andador-de-aleacion-de-aluminio-con-tabla-de-asiento\\\/#breadcrumblist\"},\"image\":{\"@type\":\"ImageObject\",\"url\":\"https:\\\/\\\/novalion-med.com\\\/wp-content\\\/uploads\\\/2025\\\/06\\\/NL190302A-11-Aluminum-Alloy-Walker-Chair-with-Seat-Board.jpg\",\"@id\":\"https:\\\/\\\/novalion-med.com\\\/es\\\/producto\\\/silla-andador-de-aleacion-de-aluminio-con-tabla-de-asiento\\\/#mainImage\",\"width\":800,\"height\":800,\"caption\":\"NL190302A-11 Aluminum Alloy Walker Chair with Seat Board\"},\"primaryImageOfPage\":{\"@id\":\"https:\\\/\\\/novalion-med.com\\\/es\\\/producto\\\/silla-andador-de-aleacion-de-aluminio-con-tabla-de-asiento\\\/#mainImage\"},\"datePublished\":\"2025-06-26T02:24:22+00:00\",\"dateModified\":\"2025-06-26T02:27:19+00:00\"},{\"@type\":\"WebSite\",\"@id\":\"https:\\\/\\\/novalion-med.com\\\/es\\\/#website\",\"url\":\"https:\\\/\\\/novalion-med.com\\\/es\\\/\",\"name\":\"novalion-med.com\",\"description\":\"Wheelchair, Hospital bed, Walker,Commode chair,Crutch...\",\"inLanguage\":\"es-ES\",\"publisher\":{\"@id\":\"https:\\\/\\\/novalion-med.com\\\/es\\\/#organization\"}}]}\n\t\t<\/script>\n\t\t<!-- All in One SEO Pro -->\r\n\t\t<title>Aluminum Alloy Walker Chair with Seat Board<\/title>\n\n","aioseo_head_json":{"title":"Aluminum Alloy Walker Chair with Seat Board","description":"Ergonomic walker chair with S-shaped handle frame, lightweight foldable aluminum construction, non-slip design, and 150kg capacity.","canonical_url":"https:\/\/novalion-med.com\/es\/producto\/silla-andador-de-aleacion-de-aluminio-con-tabla-de-asiento\/","robots":"max-image-preview:large","keywords":"","webmasterTools":{"google-site-verification":"XE0Krczs_zYC4qBAqnvyRaNEYa9NQEP4HzU7PPpzxoI","miscellaneous":""},"og:locale":"es_ES","og:site_name":"Novalion Medical \u2013 Wheelchair, Hospital bed, Walker,Commode chair,Crutch...","og:type":"article","og:title":"Aluminum Alloy Walker Chair with Seat Board","og:description":"Ergonomic walker chair with S-shaped handle frame, lightweight foldable aluminum construction, non-slip design, and 150kg capacity.","og:url":"https:\/\/novalion-med.com\/es\/producto\/silla-andador-de-aleacion-de-aluminio-con-tabla-de-asiento\/","og:image":"https:\/\/novalion-med.com\/wp-content\/uploads\/2025\/04\/cropped-343496212_201698782614433_8037205422525878621_n-1.jpg","og:image:secure_url":"https:\/\/novalion-med.com\/wp-content\/uploads\/2025\/04\/cropped-343496212_201698782614433_8037205422525878621_n-1.jpg","og:image:width":512,"og:image:height":512,"article:published_time":"2025-06-26T02:24:22+00:00","article:modified_time":"2025-06-26T02:27:19+00:00","article:publisher":"https:\/\/www.facebook.com\/NovalionMedical\/","twitter:card":"summary_large_image","twitter:title":"Aluminum Alloy Walker Chair with Seat Board","twitter:description":"Ergonomic walker chair with S-shaped handle frame, lightweight foldable aluminum construction, non-slip design, and 150kg capacity.","twitter:image":"https:\/\/novalion-med.com\/wp-content\/uploads\/2025\/04\/cropped-343496212_201698782614433_8037205422525878621_n-1.jpg","schema":{"@context":"https:\/\/schema.org","@graph":[{"@type":"BreadcrumbList","@id":"https:\/\/novalion-med.com\/es\/producto\/silla-andador-de-aleacion-de-aluminio-con-tabla-de-asiento\/#breadcrumblist","itemListElement":[{"@type":"ListItem","@id":"https:\/\/novalion-med.com\/es\/#listItem","position":1,"name":"Home","item":"https:\/\/novalion-med.com\/es\/","nextItem":"https:\/\/novalion-med.com\/es\/producto\/silla-andador-de-aleacion-de-aluminio-con-tabla-de-asiento\/#listItem"},{"@type":"ListItem","@id":"https:\/\/novalion-med.com\/es\/producto\/silla-andador-de-aleacion-de-aluminio-con-tabla-de-asiento\/#listItem","position":2,"name":"Aluminum Alloy Walker Chair with Seat Board","previousItem":"https:\/\/novalion-med.com\/es\/#listItem"}]},{"@type":"Organization","@id":"https:\/\/novalion-med.com\/es\/#organization","name":"novalion-med.com","url":"https:\/\/novalion-med.com\/es\/","logo":{"@type":"ImageObject","url":"https:\/\/novalion-med.com\/wp-content\/uploads\/2025\/04\/cropped-343496212_201698782614433_8037205422525878621_n-1.jpg","@id":"https:\/\/novalion-med.com\/es\/producto\/silla-andador-de-aleacion-de-aluminio-con-tabla-de-asiento\/#organizationLogo","width":512,"height":512},"image":{"@id":"https:\/\/novalion-med.com\/es\/producto\/silla-andador-de-aleacion-de-aluminio-con-tabla-de-asiento\/#organizationLogo"},"sameAs":["https:\/\/www.facebook.com\/NovalionMedical\/","https:\/\/www.youtube.com\/@NwlMedicalInstrument"],"contactPoint":{"@type":"ContactPoint","telephone":"+8618326188070","contactType":"Sales"}},{"@type":"Product","@id":"https:\/\/novalion-med.com\/es\/producto\/silla-andador-de-aleacion-de-aluminio-con-tabla-de-asiento\/#wooCommerceProduct","name":"Aluminum Alloy Walker Chair with Seat Board","description":"The NL190302A-11 Walker Chair stands out with its aluminum alloy construction and ergonomic \"S\" handle frame, enhancing grip comfort. Lightweight and foldable, it features non-slip stability and thickened pipes to support 150kg, suitable for medical settings. The integrated seat board allows users to rest, while handle spacing of 52cm, total width of 45cm, and height adjustable from 76-88cm ensure personalized fit. Packaged in a 76\u00d756\u00d746cm carton (6 pieces per carton) at 20kg gross weight, this walker chair balances durability and portability. Keywords: aluminum alloy walker chair, S-handle frame, foldable design, non-slip stability, ergonomic seating.","url":"https:\/\/novalion-med.com\/es\/producto\/silla-andador-de-aleacion-de-aluminio-con-tabla-de-asiento\/","sku":"NL190302A-11","image":{"@type":"ImageObject","url":"https:\/\/novalion-med.com\/wp-content\/uploads\/2025\/06\/NL190302A-11-Aluminum-Alloy-Walker-Chair-with-Seat-Board.jpg","@id":"https:\/\/novalion-med.com\/es\/producto\/silla-andador-de-aleacion-de-aluminio-con-tabla-de-asiento\/#productImage","width":800,"height":800,"caption":"NL190302A-11 Aluminum Alloy Walker Chair with Seat Board"},"offers":{"@type":"Offer","url":"https:\/\/novalion-med.com\/es\/producto\/silla-andador-de-aleacion-de-aluminio-con-tabla-de-asiento\/#wooCommerceOffer","priceCurrency":"PHP","category":"Walkers","availability":"https:\/\/schema.org\/InStock","seller":{"@type":"Organization","@id":"https:\/\/novalion-med.com\/es\/#organization"},"price":111}},{"@type":"WebPage","@id":"https:\/\/novalion-med.com\/es\/producto\/silla-andador-de-aleacion-de-aluminio-con-tabla-de-asiento\/#webpage","url":"https:\/\/novalion-med.com\/es\/producto\/silla-andador-de-aleacion-de-aluminio-con-tabla-de-asiento\/","name":"Aluminum Alloy Walker Chair with Seat Board","description":"Ergonomic walker chair with S-shaped handle frame, lightweight foldable aluminum construction, non-slip design, and 150kg capacity.","inLanguage":"es-ES","isPartOf":{"@id":"https:\/\/novalion-med.com\/es\/#website"},"breadcrumb":{"@id":"https:\/\/novalion-med.com\/es\/producto\/silla-andador-de-aleacion-de-aluminio-con-tabla-de-asiento\/#breadcrumblist"},"image":{"@type":"ImageObject","url":"https:\/\/novalion-med.com\/wp-content\/uploads\/2025\/06\/NL190302A-11-Aluminum-Alloy-Walker-Chair-with-Seat-Board.jpg","@id":"https:\/\/novalion-med.com\/es\/producto\/silla-andador-de-aleacion-de-aluminio-con-tabla-de-asiento\/#mainImage","width":800,"height":800,"caption":"NL190302A-11 Aluminum Alloy Walker Chair with Seat Board"},"primaryImageOfPage":{"@id":"https:\/\/novalion-med.com\/es\/producto\/silla-andador-de-aleacion-de-aluminio-con-tabla-de-asiento\/#mainImage"},"datePublished":"2025-06-26T02:24:22+00:00","dateModified":"2025-06-26T02:27:19+00:00"},{"@type":"WebSite","@id":"https:\/\/novalion-med.com\/es\/#website","url":"https:\/\/novalion-med.com\/es\/","name":"novalion-med.com","description":"Wheelchair, Hospital bed, Walker,Commode chair,Crutch...","inLanguage":"es-ES","publisher":{"@id":"https:\/\/novalion-med.com\/es\/#organization"}}]}},"aioseo_meta_data":{"post_id":"6248","title":"Aluminum Alloy Walker Chair with Seat Board","description":"Ergonomic walker chair with S-shaped handle frame, lightweight foldable aluminum construction, non-slip design, and 150kg capacity.","keywords":"[]","keyphrases":"{\"focus\":{\"keyphrase\":\"\",\"score\":0,\"analysis\":{\"keyphraseInTitle\":{\"score\":0,\"maxScore\":9,\"error\":1}}},\"additional\":[]}","primary_term":null,"canonical_url":null,"og_title":null,"og_description":null,"og_object_type":"default","og_image_type":"default","og_image_url":null,"og_image_width":null,"og_image_height":null,"og_image_custom_url":null,"og_image_custom_fields":null,"og_video":"","og_custom_url":null,"og_article_section":null,"og_article_tags":"[]","twitter_use_og":false,"twitter_card":"default","twitter_image_type":"default","twitter_image_url":null,"twitter_image_custom_url":null,"twitter_image_custom_fields":null,"twitter_title":null,"twitter_description":null,"schema":{"blockGraphs":[],"customGraphs":[],"default":{"data":{"Article":[],"Course":[],"Dataset":[],"FAQPage":[],"Movie":[],"Person":[],"Product":[],"Recipe":[],"Service":[],"SoftwareApplication":[],"WebPage":[]},"graphName":"Product","isEnabled":true},"graphs":[]},"schema_type":"default","schema_type_options":null,"pillar_content":false,"robots_default":true,"robots_noindex":false,"robots_noarchive":false,"robots_nosnippet":false,"robots_nofollow":false,"robots_noimageindex":false,"robots_noodp":false,"robots_notranslate":false,"robots_max_snippet":"-1","robots_max_videopreview":"-1","robots_max_imagepreview":"large","priority":null,"frequency":"default","local_seo":null,"limit_modified_date":false,"created":"2025-06-26 02:24:22","updated":"2025-06-26 02:40:30"},"_links":{"self":[{"href":"https:\/\/novalion-med.com\/es\/wp-json\/wp\/v2\/product\/6248","targetHints":{"allow":["GET"]}}],"collection":[{"href":"https:\/\/novalion-med.com\/es\/wp-json\/wp\/v2\/product"}],"about":[{"href":"https:\/\/novalion-med.com\/es\/wp-json\/wp\/v2\/types\/product"}],"version-history":[{"count":4,"href":"https:\/\/novalion-med.com\/es\/wp-json\/wp\/v2\/product\/6248\/revisions"}],"predecessor-version":[{"id":6252,"href":"https:\/\/novalion-med.com\/es\/wp-json\/wp\/v2\/product\/6248\/revisions\/6252"}],"wp:featuredmedia":[{"embeddable":true,"href":"https:\/\/novalion-med.com\/es\/wp-json\/wp\/v2\/media\/6240"}],"wp:attachment":[{"href":"https:\/\/novalion-med.com\/es\/wp-json\/wp\/v2\/media?parent=6248"}],"wp:term":[{"taxonomy":"product_brand","embeddable":true,"href":"https:\/\/novalion-med.com\/es\/wp-json\/wp\/v2\/product_brand?post=6248"},{"taxonomy":"product_cat","embeddable":true,"href":"https:\/\/novalion-med.com\/es\/wp-json\/wp\/v2\/product_cat?post=6248"},{"taxonomy":"product_tag","embeddable":true,"href":"https:\/\/novalion-med.com\/es\/wp-json\/wp\/v2\/product_tag?post=6248"}],"curies":[{"name":"wp","href":"https:\/\/api.w.org\/{rel}","templated":true}]}}