{"id":6175,"date":"2025-06-25T10:31:11","date_gmt":"2025-06-25T10:31:11","guid":{"rendered":"https:\/\/novalion-med.com\/?post_type=product&#038;p=6175"},"modified":"2025-06-25T10:42:37","modified_gmt":"2025-06-25T10:42:37","slug":"andador-ligero-plegable-de-acero-inoxidable","status":"publish","type":"product","link":"https:\/\/novalion-med.com\/es\/producto\/andador-ligero-plegable-de-acero-inoxidable\/","title":{"rendered":"Andador de acero inoxidable plegable y ligero"},"content":{"rendered":"<div data-elementor-type=\"product-post\" data-elementor-id=\"6175\" class=\"elementor elementor-6175\" data-elementor-post-type=\"product\">\n\t\t\t\t<div class=\"elementor-element elementor-element-1c93f1cb e-con-full e-flex e-con e-parent\" data-id=\"1c93f1cb\" data-element_type=\"container\">\n\t\t\t\t<div class=\"elementor-element elementor-element-2240ff1 elementor-widget elementor-widget-heading\" data-id=\"2240ff1\" data-element_type=\"widget\" data-widget_type=\"heading.default\">\n\t\t\t\t<div class=\"elementor-widget-container\">\n\t\t\t\t\t<h2 class=\"elementor-heading-title elementor-size-default\">Andador de acero inoxidable plegable y ligero<\/h2>\t\t\t\t<\/div>\n\t\t\t\t<\/div>\n\t\t\t\t<div class=\"elementor-element elementor-element-45d8c46 elementor-widget elementor-widget-text-editor\" data-id=\"45d8c46\" data-element_type=\"widget\" data-widget_type=\"text-editor.default\">\n\t\t\t\t<div class=\"elementor-widget-container\">\n\t\t\t\t\t\t\t\t\t<p>Opte por este ligero andador plegable de acero inoxidable, con estabilidad antideslizante, tubos engrosados y una capacidad de 150 kg, ideal para un uso vers\u00e1til en hospitales, hogares y cl\u00ednicas.<\/p>\t\t\t\t\t\t\t\t<\/div>\n\t\t\t\t<\/div>\n\t\t\t\t<div class=\"elementor-element elementor-element-7152afc elementor-widget elementor-widget-text-editor\" data-id=\"7152afc\" data-element_type=\"widget\" data-widget_type=\"text-editor.default\">\n\t\t\t\t<div class=\"elementor-widget-container\">\n\t\t\t\t\t\t\t\t\t<h2>Caracter\u00edsticas principales<\/h2><p>Ligero andador plegable de acero inoxidable para uso hospitalario, dom\u00e9stico y cl\u00ednico - antideslizante, estable, tubos engrosados, capacidad para 150 kg. \u00a1Mu\u00e9vase con confianza!<\/p><ul><li>Dise\u00f1o ligero y plegable para facilitar su transporte y almacenamiento<\/li><li>Construcci\u00f3n de acero inoxidable para mayor durabilidad y resistencia a la corrosi\u00f3n<\/li><li>Estructura antideslizante y estable con tubos engrosados para mayor seguridad<\/li><li>Capacidad de carga de 150 kg adecuada para diversos usuarios<\/li><li>Altura ajustable (76-88 cm) y distancia ergon\u00f3mica entre las empu\u00f1aduras (52 cm) para una comodidad personalizada<\/li><\/ul>\t\t\t\t\t\t\t\t<\/div>\n\t\t\t\t<\/div>\n\t\t\t\t<div class=\"elementor-element elementor-element-3a02177 elementor-widget elementor-widget-text-editor\" data-id=\"3a02177\" data-element_type=\"widget\" data-widget_type=\"text-editor.default\">\n\t\t\t\t<div class=\"elementor-widget-container\">\n\t\t\t\t\t\t\t\t\t<h2>Especificaciones<\/h2><table style=\"border-collapse: collapse; width: 649px; height: 639px;\" border=\"0\" width=\"474\" cellspacing=\"0\" cellpadding=\"0\"><tbody><tr style=\"height: 14.40pt;\"><td style=\"height: 14.40pt; width: 84.60pt;\" width=\"141\" height=\"24\">Nombre del producto<\/td><td style=\"width: 199.8pt; text-align: center;\" width=\"333\">Andador de acero inoxidable plegable y ligero<\/td><\/tr><tr style=\"height: 14.40pt;\"><td style=\"height: 14.40pt;\" height=\"24\">Aplicaci\u00f3n<\/td><td style=\"text-align: center;\">Hospital, domicilio, cl\u00ednica<\/td><\/tr><tr style=\"height: 14.40pt;\"><td style=\"height: 14.40pt;\" height=\"24\">Material<\/td><td style=\"text-align: center;\">Acero inoxidable<\/td><\/tr><tr style=\"height: 14.40pt;\"><td style=\"height: 14.40pt;\" height=\"24\">Capacidad de carga<\/td><td style=\"text-align: center;\">150 kg<\/td><\/tr><tr style=\"height: 14.40pt;\"><td style=\"height: 14.40pt;\" height=\"24\">Longitud entre dos asas<\/td><td style=\"text-align: center;\">Unos 52 cm<\/td><\/tr><tr style=\"height: 14.40pt;\"><td style=\"height: 14.40pt;\" height=\"24\">Anchura total<\/td><td style=\"text-align: center;\">Unos 45 cm<\/td><\/tr><tr style=\"height: 14.40pt;\"><td style=\"height: 14.40pt;\" height=\"24\">Altura total<\/td><td style=\"text-align: center;\">76-88 cm aproximadamente<\/td><\/tr><tr style=\"height: 14.40pt;\"><td style=\"height: 14.40pt;\" height=\"24\">Tama\u00f1o del embalaje<\/td><td style=\"text-align: center;\">76*55*38cm, 6pcs\/ctn<\/td><\/tr><tr style=\"height: 14.40pt;\"><td style=\"height: 14.40pt;\" height=\"24\">G.W.<\/td><td style=\"text-align: center;\">18 kg<\/td><\/tr><\/tbody><\/table>\t\t\t\t\t\t\t\t<\/div>\n\t\t\t\t<\/div>\n\t\t\t\t<div class=\"elementor-element elementor-element-2996df9 elementor-widget elementor-widget-text-editor\" data-id=\"2996df9\" data-element_type=\"widget\" data-widget_type=\"text-editor.default\">\n\t\t\t\t<div class=\"elementor-widget-container\">\n\t\t\t\t\t\t\t\t\t<p>Encontrar\u00e1 m\u00e1s equipos m\u00e9dicos en <a href=\"https:\/\/novalion-med.com\/es\/\" target=\"_blank\" rel=\"noopener\">nuestro sitio web<\/a> o <a href=\"https:\/\/api.whatsapp.com\/send\/?phone=%2B008618112908401&amp;text&amp;type=phone_number&amp;app_absent=0\" target=\"_blank\" rel=\"noopener\">nuestro whatsapp<\/a>.<\/p>\t\t\t\t\t\t\t\t<\/div>\n\t\t\t\t<\/div>\n\t\t\t\t<\/div>\n\t\t\t\t<\/div>","protected":false},"excerpt":{"rendered":"<p>El andador NL190302A-1 es una soluci\u00f3n de movilidad de primera calidad dise\u00f1ada para uso hospitalario, dom\u00e9stico y cl\u00ednico. Fabricado en acero inoxidable duradero, presenta un dise\u00f1o ligero y plegable para facilitar su transporte y almacenamiento. La estructura antideslizante y estable, combinada con tubos engrosados, garantiza la seguridad mientras soporta hasta 150 kg. Con una distancia entre las asas de unos 52 cm, una anchura total de 45 cm y una altura ajustable de 76 a 88 cm, ofrece comodidad ergon\u00f3mica para usuarios de distintas alturas. Envasado en una caja de cart\u00f3n de 76\u00d755\u00d738 cm (6 unidades por caja) con un peso bruto de 18 kg, este andador equilibra practicidad y portabilidad, lo que lo convierte en una opci\u00f3n ideal para las necesidades m\u00e9dicas de movilidad. Palabras clave: andador de acero inoxidable, ligero y plegable, estabilidad antideslizante, tubos engrosados, ayuda a la movilidad m\u00e9dica.<\/p>","protected":false},"featured_media":6156,"template":"elementor_theme","meta":{"site-sidebar-layout":"default","site-content-layout":"","ast-site-content-layout":"default","site-content-style":"default","site-sidebar-style":"default","ast-global-header-display":"","ast-banner-title-visibility":"","ast-main-header-display":"","ast-hfb-above-header-display":"","ast-hfb-below-header-display":"","ast-hfb-mobile-header-display":"","site-post-title":"","ast-breadcrumbs-content":"","ast-featured-img":"","footer-sml-layout":"","theme-transparent-header-meta":"default","adv-header-id-meta":"","stick-header-meta":"default","header-above-stick-meta":"","header-main-stick-meta":"","header-below-stick-meta":"","astra-migrate-meta-layouts":"set","ast-page-background-enabled":"default","ast-page-background-meta":{"desktop":{"background-color":"var(--ast-global-color-4)","background-image":"","background-repeat":"repeat","background-position":"center center","background-size":"auto","background-attachment":"scroll","background-type":"","background-media":"","overlay-type":"","overlay-color":"","overlay-opacity":"","overlay-gradient":""},"tablet":{"background-color":"","background-image":"","background-repeat":"repeat","background-position":"center center","background-size":"auto","background-attachment":"scroll","background-type":"","background-media":"","overlay-type":"","overlay-color":"","overlay-opacity":"","overlay-gradient":""},"mobile":{"background-color":"","background-image":"","background-repeat":"repeat","background-position":"center center","background-size":"auto","background-attachment":"scroll","background-type":"","background-media":"","overlay-type":"","overlay-color":"","overlay-opacity":"","overlay-gradient":""}},"ast-content-background-meta":{"desktop":{"background-color":"var(--ast-global-color-5)","background-image":"","background-repeat":"repeat","background-position":"center center","background-size":"auto","background-attachment":"scroll","background-type":"","background-media":"","overlay-type":"","overlay-color":"","overlay-opacity":"","overlay-gradient":""},"tablet":{"background-color":"var(--ast-global-color-5)","background-image":"","background-repeat":"repeat","background-position":"center center","background-size":"auto","background-attachment":"scroll","background-type":"","background-media":"","overlay-type":"","overlay-color":"","overlay-opacity":"","overlay-gradient":""},"mobile":{"background-color":"var(--ast-global-color-5)","background-image":"","background-repeat":"repeat","background-position":"center center","background-size":"auto","background-attachment":"scroll","background-type":"","background-media":"","overlay-type":"","overlay-color":"","overlay-opacity":"","overlay-gradient":""}}},"product_brand":[],"product_cat":[93],"product_tag":[],"class_list":{"0":"post-6175","1":"product","2":"type-product","3":"status-publish","4":"has-post-thumbnail","6":"product_cat-walkers","7":"desktop-align-center","8":"tablet-align-left","9":"mobile-align-left","10":"ast-product-gallery-layout-horizontal-slider","11":"ast-magnify-disabled","12":"ast-product-tabs-layout-accordion","13":"ast-qv-on-image","15":"first","16":"instock","17":"shipping-taxable","18":"purchasable","19":"product-type-simple"},"aioseo_notices":[],"aioseo_head":"\n\t\t<!-- All in One SEO Pro 4.6.0 - aioseo.com -->\n\t\t<meta name=\"description\" content=\"Durable stainless steel walker with non-slip design, thickened pipes, and 150kg capacity, ideal for hospital, home, and clinic use.\" \/>\n\t\t<meta name=\"robots\" content=\"max-image-preview:large\" \/>\n\t\t<meta name=\"google-site-verification\" content=\"XE0Krczs_zYC4qBAqnvyRaNEYa9NQEP4HzU7PPpzxoI\" \/>\n\t\t<link rel=\"canonical\" href=\"https:\/\/novalion-med.com\/es\/producto\/andador-ligero-plegable-de-acero-inoxidable\/\" \/>\n\t\t<meta name=\"generator\" content=\"All in One SEO Pro (AIOSEO) 4.6.0\" \/>\n\t\t<meta property=\"og:locale\" content=\"es_ES\" \/>\n\t\t<meta property=\"og:site_name\" content=\"Novalion Medical \u2013 Wheelchair, Hospital bed, Walker,Commode chair,Crutch...\" \/>\n\t\t<meta property=\"og:type\" content=\"article\" \/>\n\t\t<meta property=\"og:title\" content=\"Lightweight Foldable Stainless Steel Walker\" \/>\n\t\t<meta property=\"og:description\" content=\"Durable stainless steel walker with non-slip design, thickened pipes, and 150kg capacity, ideal for hospital, home, and clinic use.\" \/>\n\t\t<meta property=\"og:url\" content=\"https:\/\/novalion-med.com\/es\/producto\/andador-ligero-plegable-de-acero-inoxidable\/\" \/>\n\t\t<meta property=\"og:image\" content=\"https:\/\/novalion-med.com\/wp-content\/uploads\/2025\/04\/cropped-343496212_201698782614433_8037205422525878621_n-1.jpg\" \/>\n\t\t<meta property=\"og:image:secure_url\" content=\"https:\/\/novalion-med.com\/wp-content\/uploads\/2025\/04\/cropped-343496212_201698782614433_8037205422525878621_n-1.jpg\" \/>\n\t\t<meta property=\"og:image:width\" content=\"512\" \/>\n\t\t<meta property=\"og:image:height\" content=\"512\" \/>\n\t\t<meta property=\"article:published_time\" content=\"2025-06-25T10:31:11+00:00\" \/>\n\t\t<meta property=\"article:modified_time\" content=\"2025-06-25T10:42:37+00:00\" \/>\n\t\t<meta property=\"article:publisher\" content=\"https:\/\/www.facebook.com\/NovalionMedical\/\" \/>\n\t\t<meta name=\"twitter:card\" content=\"summary_large_image\" \/>\n\t\t<meta name=\"twitter:title\" content=\"Lightweight Foldable Stainless Steel Walker\" \/>\n\t\t<meta name=\"twitter:description\" content=\"Durable stainless steel walker with non-slip design, thickened pipes, and 150kg capacity, ideal for hospital, home, and clinic use.\" \/>\n\t\t<meta name=\"twitter:image\" content=\"https:\/\/novalion-med.com\/wp-content\/uploads\/2025\/04\/cropped-343496212_201698782614433_8037205422525878621_n-1.jpg\" \/>\n\t\t<script type=\"application\/ld+json\" class=\"aioseo-schema\">\n\t\t\t{\"@context\":\"https:\\\/\\\/schema.org\",\"@graph\":[{\"@type\":\"BreadcrumbList\",\"@id\":\"https:\\\/\\\/novalion-med.com\\\/es\\\/producto\\\/andador-ligero-plegable-de-acero-inoxidable\\\/#breadcrumblist\",\"itemListElement\":[{\"@type\":\"ListItem\",\"@id\":\"https:\\\/\\\/novalion-med.com\\\/es\\\/#listItem\",\"position\":1,\"name\":\"Home\",\"item\":\"https:\\\/\\\/novalion-med.com\\\/es\\\/\",\"nextItem\":\"https:\\\/\\\/novalion-med.com\\\/es\\\/producto\\\/andador-ligero-plegable-de-acero-inoxidable\\\/#listItem\"},{\"@type\":\"ListItem\",\"@id\":\"https:\\\/\\\/novalion-med.com\\\/es\\\/producto\\\/andador-ligero-plegable-de-acero-inoxidable\\\/#listItem\",\"position\":2,\"name\":\"Lightweight Foldable Stainless Steel Walker\",\"previousItem\":\"https:\\\/\\\/novalion-med.com\\\/es\\\/#listItem\"}]},{\"@type\":\"Organization\",\"@id\":\"https:\\\/\\\/novalion-med.com\\\/es\\\/#organization\",\"name\":\"novalion-med.com\",\"url\":\"https:\\\/\\\/novalion-med.com\\\/es\\\/\",\"logo\":{\"@type\":\"ImageObject\",\"url\":\"https:\\\/\\\/novalion-med.com\\\/wp-content\\\/uploads\\\/2025\\\/04\\\/cropped-343496212_201698782614433_8037205422525878621_n-1.jpg\",\"@id\":\"https:\\\/\\\/novalion-med.com\\\/es\\\/producto\\\/andador-ligero-plegable-de-acero-inoxidable\\\/#organizationLogo\",\"width\":512,\"height\":512},\"image\":{\"@id\":\"https:\\\/\\\/novalion-med.com\\\/es\\\/producto\\\/andador-ligero-plegable-de-acero-inoxidable\\\/#organizationLogo\"},\"sameAs\":[\"https:\\\/\\\/www.facebook.com\\\/NovalionMedical\\\/\",\"https:\\\/\\\/www.youtube.com\\\/@NwlMedicalInstrument\"],\"contactPoint\":{\"@type\":\"ContactPoint\",\"telephone\":\"+8618326188070\",\"contactType\":\"Sales\"}},{\"@type\":\"Product\",\"@id\":\"https:\\\/\\\/novalion-med.com\\\/es\\\/producto\\\/andador-ligero-plegable-de-acero-inoxidable\\\/#wooCommerceProduct\",\"name\":\"Lightweight Foldable Stainless Steel Walker\",\"description\":\"The NL190302A-1 Walker is a premium mobility solution designed for hospital, home, and clinic use. Crafted from durable stainless steel, it features a lightweight and foldable design for easy transport and storage. The non-slip and stable structure, combined with thickened pipes, ensures safety while supporting up to 150kg. With handle spacing of about 52cm, total width of 45cm, and adjustable height from 76-88cm, it offers ergonomic comfort for users of different heights. Packaged in a 76\\u00d755\\u00d738cm carton (6 pieces per carton) with a gross weight of 18kg, this walker balances practicality and portability, making it an ideal choice for medical mobility needs. Keywords: stainless steel walker, lightweight foldable, non-slip stability, thickened pipes, medical mobility aid.\",\"url\":\"https:\\\/\\\/novalion-med.com\\\/es\\\/producto\\\/andador-ligero-plegable-de-acero-inoxidable\\\/\",\"sku\":\"NL190302A-1\",\"image\":{\"@type\":\"ImageObject\",\"url\":\"https:\\\/\\\/novalion-med.com\\\/wp-content\\\/uploads\\\/2025\\\/06\\\/NL190302A-1-Lightweight-Foldable-Stainless-Steel-Walker.jpg\",\"@id\":\"https:\\\/\\\/novalion-med.com\\\/es\\\/producto\\\/andador-ligero-plegable-de-acero-inoxidable\\\/#productImage\",\"width\":573,\"height\":687,\"caption\":\"NL190302A-1 Lightweight Foldable Stainless Steel Walker\"},\"offers\":{\"@type\":\"Offer\",\"url\":\"https:\\\/\\\/novalion-med.com\\\/es\\\/producto\\\/andador-ligero-plegable-de-acero-inoxidable\\\/#wooCommerceOffer\",\"priceCurrency\":\"PHP\",\"category\":\"Walkers\",\"availability\":\"https:\\\/\\\/schema.org\\\/InStock\",\"seller\":{\"@type\":\"Organization\",\"@id\":\"https:\\\/\\\/novalion-med.com\\\/es\\\/#organization\"},\"price\":111}},{\"@type\":\"WebPage\",\"@id\":\"https:\\\/\\\/novalion-med.com\\\/es\\\/producto\\\/andador-ligero-plegable-de-acero-inoxidable\\\/#webpage\",\"url\":\"https:\\\/\\\/novalion-med.com\\\/es\\\/producto\\\/andador-ligero-plegable-de-acero-inoxidable\\\/\",\"name\":\"Lightweight Foldable Stainless Steel Walker\",\"description\":\"Durable stainless steel walker with non-slip design, thickened pipes, and 150kg capacity, ideal for hospital, home, and clinic use.\",\"inLanguage\":\"es-ES\",\"isPartOf\":{\"@id\":\"https:\\\/\\\/novalion-med.com\\\/es\\\/#website\"},\"breadcrumb\":{\"@id\":\"https:\\\/\\\/novalion-med.com\\\/es\\\/producto\\\/andador-ligero-plegable-de-acero-inoxidable\\\/#breadcrumblist\"},\"image\":{\"@type\":\"ImageObject\",\"url\":\"https:\\\/\\\/novalion-med.com\\\/wp-content\\\/uploads\\\/2025\\\/06\\\/NL190302A-1-Lightweight-Foldable-Stainless-Steel-Walker.jpg\",\"@id\":\"https:\\\/\\\/novalion-med.com\\\/es\\\/producto\\\/andador-ligero-plegable-de-acero-inoxidable\\\/#mainImage\",\"width\":573,\"height\":687,\"caption\":\"NL190302A-1 Lightweight Foldable Stainless Steel Walker\"},\"primaryImageOfPage\":{\"@id\":\"https:\\\/\\\/novalion-med.com\\\/es\\\/producto\\\/andador-ligero-plegable-de-acero-inoxidable\\\/#mainImage\"},\"datePublished\":\"2025-06-25T10:31:11+00:00\",\"dateModified\":\"2025-06-25T10:42:37+00:00\"},{\"@type\":\"WebSite\",\"@id\":\"https:\\\/\\\/novalion-med.com\\\/es\\\/#website\",\"url\":\"https:\\\/\\\/novalion-med.com\\\/es\\\/\",\"name\":\"novalion-med.com\",\"description\":\"Wheelchair, Hospital bed, Walker,Commode chair,Crutch...\",\"inLanguage\":\"es-ES\",\"publisher\":{\"@id\":\"https:\\\/\\\/novalion-med.com\\\/es\\\/#organization\"}}]}\n\t\t<\/script>\n\t\t<!-- All in One SEO Pro -->\r\n\t\t<title>Lightweight Foldable Stainless Steel Walker<\/title>\n\n","aioseo_head_json":{"title":"Lightweight Foldable Stainless Steel Walker","description":"Durable stainless steel walker with non-slip design, thickened pipes, and 150kg capacity, ideal for hospital, home, and clinic use.","canonical_url":"https:\/\/novalion-med.com\/es\/producto\/andador-ligero-plegable-de-acero-inoxidable\/","robots":"max-image-preview:large","keywords":"","webmasterTools":{"google-site-verification":"XE0Krczs_zYC4qBAqnvyRaNEYa9NQEP4HzU7PPpzxoI","miscellaneous":""},"og:locale":"es_ES","og:site_name":"Novalion Medical \u2013 Wheelchair, Hospital bed, Walker,Commode chair,Crutch...","og:type":"article","og:title":"Lightweight Foldable Stainless Steel Walker","og:description":"Durable stainless steel walker with non-slip design, thickened pipes, and 150kg capacity, ideal for hospital, home, and clinic use.","og:url":"https:\/\/novalion-med.com\/es\/producto\/andador-ligero-plegable-de-acero-inoxidable\/","og:image":"https:\/\/novalion-med.com\/wp-content\/uploads\/2025\/04\/cropped-343496212_201698782614433_8037205422525878621_n-1.jpg","og:image:secure_url":"https:\/\/novalion-med.com\/wp-content\/uploads\/2025\/04\/cropped-343496212_201698782614433_8037205422525878621_n-1.jpg","og:image:width":512,"og:image:height":512,"article:published_time":"2025-06-25T10:31:11+00:00","article:modified_time":"2025-06-25T10:42:37+00:00","article:publisher":"https:\/\/www.facebook.com\/NovalionMedical\/","twitter:card":"summary_large_image","twitter:title":"Lightweight Foldable Stainless Steel Walker","twitter:description":"Durable stainless steel walker with non-slip design, thickened pipes, and 150kg capacity, ideal for hospital, home, and clinic use.","twitter:image":"https:\/\/novalion-med.com\/wp-content\/uploads\/2025\/04\/cropped-343496212_201698782614433_8037205422525878621_n-1.jpg","schema":{"@context":"https:\/\/schema.org","@graph":[{"@type":"BreadcrumbList","@id":"https:\/\/novalion-med.com\/es\/producto\/andador-ligero-plegable-de-acero-inoxidable\/#breadcrumblist","itemListElement":[{"@type":"ListItem","@id":"https:\/\/novalion-med.com\/es\/#listItem","position":1,"name":"Home","item":"https:\/\/novalion-med.com\/es\/","nextItem":"https:\/\/novalion-med.com\/es\/producto\/andador-ligero-plegable-de-acero-inoxidable\/#listItem"},{"@type":"ListItem","@id":"https:\/\/novalion-med.com\/es\/producto\/andador-ligero-plegable-de-acero-inoxidable\/#listItem","position":2,"name":"Lightweight Foldable Stainless Steel Walker","previousItem":"https:\/\/novalion-med.com\/es\/#listItem"}]},{"@type":"Organization","@id":"https:\/\/novalion-med.com\/es\/#organization","name":"novalion-med.com","url":"https:\/\/novalion-med.com\/es\/","logo":{"@type":"ImageObject","url":"https:\/\/novalion-med.com\/wp-content\/uploads\/2025\/04\/cropped-343496212_201698782614433_8037205422525878621_n-1.jpg","@id":"https:\/\/novalion-med.com\/es\/producto\/andador-ligero-plegable-de-acero-inoxidable\/#organizationLogo","width":512,"height":512},"image":{"@id":"https:\/\/novalion-med.com\/es\/producto\/andador-ligero-plegable-de-acero-inoxidable\/#organizationLogo"},"sameAs":["https:\/\/www.facebook.com\/NovalionMedical\/","https:\/\/www.youtube.com\/@NwlMedicalInstrument"],"contactPoint":{"@type":"ContactPoint","telephone":"+8618326188070","contactType":"Sales"}},{"@type":"Product","@id":"https:\/\/novalion-med.com\/es\/producto\/andador-ligero-plegable-de-acero-inoxidable\/#wooCommerceProduct","name":"Lightweight Foldable Stainless Steel Walker","description":"The NL190302A-1 Walker is a premium mobility solution designed for hospital, home, and clinic use. Crafted from durable stainless steel, it features a lightweight and foldable design for easy transport and storage. The non-slip and stable structure, combined with thickened pipes, ensures safety while supporting up to 150kg. With handle spacing of about 52cm, total width of 45cm, and adjustable height from 76-88cm, it offers ergonomic comfort for users of different heights. Packaged in a 76\u00d755\u00d738cm carton (6 pieces per carton) with a gross weight of 18kg, this walker balances practicality and portability, making it an ideal choice for medical mobility needs. Keywords: stainless steel walker, lightweight foldable, non-slip stability, thickened pipes, medical mobility aid.","url":"https:\/\/novalion-med.com\/es\/producto\/andador-ligero-plegable-de-acero-inoxidable\/","sku":"NL190302A-1","image":{"@type":"ImageObject","url":"https:\/\/novalion-med.com\/wp-content\/uploads\/2025\/06\/NL190302A-1-Lightweight-Foldable-Stainless-Steel-Walker.jpg","@id":"https:\/\/novalion-med.com\/es\/producto\/andador-ligero-plegable-de-acero-inoxidable\/#productImage","width":573,"height":687,"caption":"NL190302A-1 Lightweight Foldable Stainless Steel Walker"},"offers":{"@type":"Offer","url":"https:\/\/novalion-med.com\/es\/producto\/andador-ligero-plegable-de-acero-inoxidable\/#wooCommerceOffer","priceCurrency":"PHP","category":"Walkers","availability":"https:\/\/schema.org\/InStock","seller":{"@type":"Organization","@id":"https:\/\/novalion-med.com\/es\/#organization"},"price":111}},{"@type":"WebPage","@id":"https:\/\/novalion-med.com\/es\/producto\/andador-ligero-plegable-de-acero-inoxidable\/#webpage","url":"https:\/\/novalion-med.com\/es\/producto\/andador-ligero-plegable-de-acero-inoxidable\/","name":"Lightweight Foldable Stainless Steel Walker","description":"Durable stainless steel walker with non-slip design, thickened pipes, and 150kg capacity, ideal for hospital, home, and clinic use.","inLanguage":"es-ES","isPartOf":{"@id":"https:\/\/novalion-med.com\/es\/#website"},"breadcrumb":{"@id":"https:\/\/novalion-med.com\/es\/producto\/andador-ligero-plegable-de-acero-inoxidable\/#breadcrumblist"},"image":{"@type":"ImageObject","url":"https:\/\/novalion-med.com\/wp-content\/uploads\/2025\/06\/NL190302A-1-Lightweight-Foldable-Stainless-Steel-Walker.jpg","@id":"https:\/\/novalion-med.com\/es\/producto\/andador-ligero-plegable-de-acero-inoxidable\/#mainImage","width":573,"height":687,"caption":"NL190302A-1 Lightweight Foldable Stainless Steel Walker"},"primaryImageOfPage":{"@id":"https:\/\/novalion-med.com\/es\/producto\/andador-ligero-plegable-de-acero-inoxidable\/#mainImage"},"datePublished":"2025-06-25T10:31:11+00:00","dateModified":"2025-06-25T10:42:37+00:00"},{"@type":"WebSite","@id":"https:\/\/novalion-med.com\/es\/#website","url":"https:\/\/novalion-med.com\/es\/","name":"novalion-med.com","description":"Wheelchair, Hospital bed, Walker,Commode chair,Crutch...","inLanguage":"es-ES","publisher":{"@id":"https:\/\/novalion-med.com\/es\/#organization"}}]}},"aioseo_meta_data":{"post_id":"6175","title":"Lightweight Foldable Stainless Steel Walker","description":"Durable stainless steel walker with non-slip design, thickened pipes, and 150kg capacity, ideal for hospital, home, and clinic use.","keywords":"[]","keyphrases":"{\"focus\":{\"keyphrase\":\"\",\"score\":0,\"analysis\":{\"keyphraseInTitle\":{\"score\":0,\"maxScore\":9,\"error\":1}}},\"additional\":[]}","primary_term":null,"canonical_url":null,"og_title":null,"og_description":null,"og_object_type":"default","og_image_type":"default","og_image_url":null,"og_image_width":null,"og_image_height":null,"og_image_custom_url":null,"og_image_custom_fields":null,"og_video":"","og_custom_url":null,"og_article_section":null,"og_article_tags":"[]","twitter_use_og":false,"twitter_card":"default","twitter_image_type":"default","twitter_image_url":null,"twitter_image_custom_url":null,"twitter_image_custom_fields":null,"twitter_title":null,"twitter_description":null,"schema":{"blockGraphs":[],"customGraphs":[],"default":{"data":{"Article":[],"Course":[],"Dataset":[],"FAQPage":[],"Movie":[],"Person":[],"Product":[],"Recipe":[],"Service":[],"SoftwareApplication":[],"WebPage":[]},"graphName":"Product","isEnabled":true},"graphs":[]},"schema_type":"default","schema_type_options":null,"pillar_content":false,"robots_default":true,"robots_noindex":false,"robots_noarchive":false,"robots_nosnippet":false,"robots_nofollow":false,"robots_noimageindex":false,"robots_noodp":false,"robots_notranslate":false,"robots_max_snippet":"-1","robots_max_videopreview":"-1","robots_max_imagepreview":"large","priority":null,"frequency":"default","local_seo":null,"limit_modified_date":false,"created":"2025-06-25 10:31:11","updated":"2025-06-25 10:56:59"},"_links":{"self":[{"href":"https:\/\/novalion-med.com\/es\/wp-json\/wp\/v2\/product\/6175","targetHints":{"allow":["GET"]}}],"collection":[{"href":"https:\/\/novalion-med.com\/es\/wp-json\/wp\/v2\/product"}],"about":[{"href":"https:\/\/novalion-med.com\/es\/wp-json\/wp\/v2\/types\/product"}],"version-history":[{"count":7,"href":"https:\/\/novalion-med.com\/es\/wp-json\/wp\/v2\/product\/6175\/revisions"}],"predecessor-version":[{"id":6182,"href":"https:\/\/novalion-med.com\/es\/wp-json\/wp\/v2\/product\/6175\/revisions\/6182"}],"wp:featuredmedia":[{"embeddable":true,"href":"https:\/\/novalion-med.com\/es\/wp-json\/wp\/v2\/media\/6156"}],"wp:attachment":[{"href":"https:\/\/novalion-med.com\/es\/wp-json\/wp\/v2\/media?parent=6175"}],"wp:term":[{"taxonomy":"product_brand","embeddable":true,"href":"https:\/\/novalion-med.com\/es\/wp-json\/wp\/v2\/product_brand?post=6175"},{"taxonomy":"product_cat","embeddable":true,"href":"https:\/\/novalion-med.com\/es\/wp-json\/wp\/v2\/product_cat?post=6175"},{"taxonomy":"product_tag","embeddable":true,"href":"https:\/\/novalion-med.com\/es\/wp-json\/wp\/v2\/product_tag?post=6175"}],"curies":[{"name":"wp","href":"https:\/\/api.w.org\/{rel}","templated":true}]}}