{"id":6149,"date":"2025-06-25T04:19:00","date_gmt":"2025-06-25T04:19:00","guid":{"rendered":"https:\/\/novalion-med.com\/?post_type=product&#038;p=6149"},"modified":"2025-06-25T04:23:01","modified_gmt":"2025-06-25T04:23:01","slug":"silla-de-ducha-de-aluminio-de-gran-resistencia-y-altura-regulable","status":"publish","type":"product","link":"https:\/\/novalion-med.com\/es\/producto\/silla-de-ducha-de-aluminio-de-gran-resistencia-y-altura-regulable\/","title":{"rendered":"Silla de ducha de aluminio resistente con altura ajustable"},"content":{"rendered":"<div data-elementor-type=\"product-post\" data-elementor-id=\"6149\" class=\"elementor elementor-6149\" data-elementor-post-type=\"product\">\n\t\t\t\t<div class=\"elementor-element elementor-element-1c93f1cb e-con-full e-flex e-con e-parent\" data-id=\"1c93f1cb\" data-element_type=\"container\">\n\t\t\t\t<div class=\"elementor-element elementor-element-2240ff1 elementor-widget elementor-widget-heading\" data-id=\"2240ff1\" data-element_type=\"widget\" data-widget_type=\"heading.default\">\n\t\t\t\t<div class=\"elementor-widget-container\">\n\t\t\t\t\t<h2 class=\"elementor-heading-title elementor-size-default\">Silla de ducha de aluminio resistente con altura ajustable<\/h2>\t\t\t\t<\/div>\n\t\t\t\t<\/div>\n\t\t\t\t<div class=\"elementor-element elementor-element-45d8c46 elementor-widget elementor-widget-text-editor\" data-id=\"45d8c46\" data-element_type=\"widget\" data-widget_type=\"text-editor.default\">\n\t\t\t\t<div class=\"elementor-widget-container\">\n\t\t\t\t\t\t\t\t\t<p>Invierta en esta resistente silla de ducha con ajuste de altura en 6 niveles (74-86 cm) para una estabilidad robusta. Con un peso de 3,1 kg, su estructura de aluminio-PE resiste el uso frecuente, ideal para usuarios que dan prioridad a la durabilidad. Con un embalaje de 5 unidades por caja (19,5 kg en total) y un tama\u00f1o de 65\u00d744\u00d765 cm, se adapta tanto a las necesidades residenciales como comerciales. La altura ajustable se adapta a diferentes preferencias, mientras que su robusta construcci\u00f3n garantiza un rendimiento seguro y duradero en cuartos de ba\u00f1o o dormitorios.<\/p>\t\t\t\t\t\t\t\t<\/div>\n\t\t\t\t<\/div>\n\t\t\t\t<div class=\"elementor-element elementor-element-7152afc elementor-widget elementor-widget-text-editor\" data-id=\"7152afc\" data-element_type=\"widget\" data-widget_type=\"text-editor.default\">\n\t\t\t\t<div class=\"elementor-widget-container\">\n\t\t\t\t\t\t\t\t\t<h2>Caracter\u00edsticas principales<\/h2><p>Silla de ducha de aluminio resistente con ajuste de 6 niveles (74-86 cm). Construcci\u00f3n robusta de 3,1 kg, construcci\u00f3n de aluminio-PE. Perfecta para la durabilidad, 5pcs\/carton. Resistente, adaptable y segura para el uso diario.<\/p><ul><li>Construcci\u00f3n resistente (3,1 kg de peso del producto) para una mayor estabilidad<\/li><li>Ajuste de altura en 6 niveles (74-86 cm) para un uso flexible<\/li><li>Componentes duraderos de aleaci\u00f3n de aluminio y pl\u00e1stico PE<\/li><li>Adecuado para uso comercial o residencial en cuartos de ba\u00f1o y dormitorios<\/li><\/ul>\t\t\t\t\t\t\t\t<\/div>\n\t\t\t\t<\/div>\n\t\t\t\t<div class=\"elementor-element elementor-element-3a02177 elementor-widget elementor-widget-text-editor\" data-id=\"3a02177\" data-element_type=\"widget\" data-widget_type=\"text-editor.default\">\n\t\t\t\t<div class=\"elementor-widget-container\">\n\t\t\t\t\t\t\t\t\t<h2>Especificaciones<\/h2><p>Silla de ducha de aleaci\u00f3n de aluminio, con la que ba\u00f1arse es una especie de disfrute<br \/>Debido a las diferentes herramientas de medici\u00f3n, puede haber un error de 1-2 cm. Por favor, consulte el objeto real<\/p><table width=\"457\"><tbody><tr><td width=\"80\">Nombre del producto\u00a0<\/td><td style=\"text-align: center;\" width=\"377\">Silla de ducha de aluminio resistente con altura ajustable<\/td><\/tr><tr><td>Si\u00e9ntate alto\u00a0<\/td><td style=\"text-align: center;\">\u00a074-86 cm<\/td><\/tr><tr><td>Especificaciones del producto\u00a0<\/td><td style=\"text-align: center;\">\u00a05pcs\/cart\u00f3n<\/td><\/tr><tr><td>Peso del producto\u00a0<\/td><td style=\"text-align: center;\">\u00a03,1 kg<\/td><\/tr><tr><td>Especificaciones de embalaje\u00a0<\/td><td style=\"text-align: center;\">\u00a065*44*65cm<\/td><\/tr><tr><td>Peso de una caja\u00a0<\/td><td style=\"text-align: center;\">\u00a019,5 kg<\/td><\/tr><tr><td>Material del producto\u00a0<\/td><td style=\"text-align: center;\">\u00a0Aleaci\u00f3n de aluminio y pl\u00e1stico PE<\/td><\/tr><tr><td>Engranaje de altura ajustable<\/td><td style=\"text-align: center;\">\u00a06\u00aa marcha ajustable<\/td><\/tr><tr><td>\u00c1mbito de aplicaci\u00f3n\u00a0<\/td><td style=\"text-align: center;\">\u00a0Cuarto de ba\u00f1o, dormitorio, etc.<\/td><\/tr><\/tbody><\/table><p>\u00a0<\/p>\t\t\t\t\t\t\t\t<\/div>\n\t\t\t\t<\/div>\n\t\t\t\t<div class=\"elementor-element elementor-element-2996df9 elementor-widget elementor-widget-text-editor\" data-id=\"2996df9\" data-element_type=\"widget\" data-widget_type=\"text-editor.default\">\n\t\t\t\t<div class=\"elementor-widget-container\">\n\t\t\t\t\t\t\t\t\t<p>Encontrar\u00e1 m\u00e1s equipos m\u00e9dicos en <a href=\"https:\/\/novalion-med.com\/es\/\" target=\"_blank\" rel=\"noopener\">nuestro sitio web<\/a> o <a href=\"https:\/\/api.whatsapp.com\/send\/?phone=%2B008618112908401&amp;text&amp;type=phone_number&amp;app_absent=0\" target=\"_blank\" rel=\"noopener\">nuestro whatsapp<\/a>.<\/p>\t\t\t\t\t\t\t\t<\/div>\n\t\t\t\t<\/div>\n\t\t\t\t<\/div>\n\t\t\t\t<\/div>","protected":false},"excerpt":{"rendered":"<p>Silla de ducha de aluminio resistente con ajuste de 6 niveles (74-86 cm), ideal para una mayor durabilidad. Peso unitario de 3,1 kg, 5 unidades por caja (19,5 kg en total) en un embalaje de 65\u00d744\u00d765 cm. Robusto armaz\u00f3n de aluminio y pl\u00e1stico PE para uso en cuartos de ba\u00f1o y dormitorios. La altura ajustable aumenta la seguridad, con variaciones de medida de 1-2 cm. Una silla de ducha robusta y ajustable para un uso prolongado.<\/p>","protected":false},"featured_media":6132,"template":"elementor_theme","meta":{"site-sidebar-layout":"default","site-content-layout":"","ast-site-content-layout":"default","site-content-style":"default","site-sidebar-style":"default","ast-global-header-display":"","ast-banner-title-visibility":"","ast-main-header-display":"","ast-hfb-above-header-display":"","ast-hfb-below-header-display":"","ast-hfb-mobile-header-display":"","site-post-title":"","ast-breadcrumbs-content":"","ast-featured-img":"","footer-sml-layout":"","theme-transparent-header-meta":"default","adv-header-id-meta":"","stick-header-meta":"default","header-above-stick-meta":"","header-main-stick-meta":"","header-below-stick-meta":"","astra-migrate-meta-layouts":"set","ast-page-background-enabled":"default","ast-page-background-meta":{"desktop":{"background-color":"var(--ast-global-color-4)","background-image":"","background-repeat":"repeat","background-position":"center center","background-size":"auto","background-attachment":"scroll","background-type":"","background-media":"","overlay-type":"","overlay-color":"","overlay-opacity":"","overlay-gradient":""},"tablet":{"background-color":"","background-image":"","background-repeat":"repeat","background-position":"center center","background-size":"auto","background-attachment":"scroll","background-type":"","background-media":"","overlay-type":"","overlay-color":"","overlay-opacity":"","overlay-gradient":""},"mobile":{"background-color":"","background-image":"","background-repeat":"repeat","background-position":"center center","background-size":"auto","background-attachment":"scroll","background-type":"","background-media":"","overlay-type":"","overlay-color":"","overlay-opacity":"","overlay-gradient":""}},"ast-content-background-meta":{"desktop":{"background-color":"var(--ast-global-color-5)","background-image":"","background-repeat":"repeat","background-position":"center center","background-size":"auto","background-attachment":"scroll","background-type":"","background-media":"","overlay-type":"","overlay-color":"","overlay-opacity":"","overlay-gradient":""},"tablet":{"background-color":"var(--ast-global-color-5)","background-image":"","background-repeat":"repeat","background-position":"center center","background-size":"auto","background-attachment":"scroll","background-type":"","background-media":"","overlay-type":"","overlay-color":"","overlay-opacity":"","overlay-gradient":""},"mobile":{"background-color":"var(--ast-global-color-5)","background-image":"","background-repeat":"repeat","background-position":"center center","background-size":"auto","background-attachment":"scroll","background-type":"","background-media":"","overlay-type":"","overlay-color":"","overlay-opacity":"","overlay-gradient":""}}},"product_brand":[],"product_cat":[96],"product_tag":[],"class_list":{"0":"post-6149","1":"product","2":"type-product","3":"status-publish","4":"has-post-thumbnail","6":"product_cat-shower-chairs","7":"desktop-align-center","8":"tablet-align-left","9":"mobile-align-left","10":"ast-product-gallery-layout-horizontal-slider","11":"ast-magnify-disabled","12":"ast-product-tabs-layout-accordion","13":"ast-qv-on-image","15":"first","16":"instock","17":"shipping-taxable","18":"purchasable","19":"product-type-simple"},"aioseo_notices":[],"aioseo_head":"\n\t\t<!-- All in One SEO Pro 4.6.0 - aioseo.com -->\n\t\t<meta name=\"description\" content=\"6-level adjustable aluminum alloy shower chair with PE plastic components, ideal for bathroom. Construction for safe use, note measurement variations.\" \/>\n\t\t<meta name=\"robots\" content=\"max-image-preview:large\" \/>\n\t\t<meta name=\"google-site-verification\" content=\"XE0Krczs_zYC4qBAqnvyRaNEYa9NQEP4HzU7PPpzxoI\" \/>\n\t\t<link rel=\"canonical\" href=\"https:\/\/novalion-med.com\/es\/producto\/silla-de-ducha-de-aluminio-de-gran-resistencia-y-altura-regulable\/\" \/>\n\t\t<meta name=\"generator\" content=\"All in One SEO Pro (AIOSEO) 4.6.0\" \/>\n\t\t<meta property=\"og:locale\" content=\"es_ES\" \/>\n\t\t<meta property=\"og:site_name\" content=\"Novalion Medical \u2013 Wheelchair, Hospital bed, Walker,Commode chair,Crutch...\" \/>\n\t\t<meta property=\"og:type\" content=\"article\" \/>\n\t\t<meta property=\"og:title\" content=\"Heavy-Duty Aluminum Shower chair with Adjustable Height\" \/>\n\t\t<meta property=\"og:description\" content=\"6-level adjustable aluminum alloy shower chair with PE plastic components, ideal for bathroom. Construction for safe use, note measurement variations.\" \/>\n\t\t<meta property=\"og:url\" content=\"https:\/\/novalion-med.com\/es\/producto\/silla-de-ducha-de-aluminio-de-gran-resistencia-y-altura-regulable\/\" \/>\n\t\t<meta property=\"og:image\" content=\"https:\/\/novalion-med.com\/wp-content\/uploads\/2025\/04\/cropped-343496212_201698782614433_8037205422525878621_n-1.jpg\" \/>\n\t\t<meta property=\"og:image:secure_url\" content=\"https:\/\/novalion-med.com\/wp-content\/uploads\/2025\/04\/cropped-343496212_201698782614433_8037205422525878621_n-1.jpg\" \/>\n\t\t<meta property=\"og:image:width\" content=\"512\" \/>\n\t\t<meta property=\"og:image:height\" content=\"512\" \/>\n\t\t<meta property=\"article:published_time\" content=\"2025-06-25T04:19:00+00:00\" \/>\n\t\t<meta property=\"article:modified_time\" content=\"2025-06-25T04:23:01+00:00\" \/>\n\t\t<meta property=\"article:publisher\" content=\"https:\/\/www.facebook.com\/NovalionMedical\/\" \/>\n\t\t<meta name=\"twitter:card\" content=\"summary_large_image\" \/>\n\t\t<meta name=\"twitter:title\" content=\"Heavy-Duty Aluminum Shower chair with Adjustable Height\" \/>\n\t\t<meta name=\"twitter:description\" content=\"6-level adjustable aluminum alloy shower chair with PE plastic components, ideal for bathroom. Construction for safe use, note measurement variations.\" \/>\n\t\t<meta name=\"twitter:image\" content=\"https:\/\/novalion-med.com\/wp-content\/uploads\/2025\/04\/cropped-343496212_201698782614433_8037205422525878621_n-1.jpg\" \/>\n\t\t<script type=\"application\/ld+json\" class=\"aioseo-schema\">\n\t\t\t{\"@context\":\"https:\\\/\\\/schema.org\",\"@graph\":[{\"@type\":\"BreadcrumbList\",\"@id\":\"https:\\\/\\\/novalion-med.com\\\/es\\\/producto\\\/silla-de-ducha-de-aluminio-de-gran-resistencia-y-altura-regulable\\\/#breadcrumblist\",\"itemListElement\":[{\"@type\":\"ListItem\",\"@id\":\"https:\\\/\\\/novalion-med.com\\\/es\\\/#listItem\",\"position\":1,\"name\":\"Home\",\"item\":\"https:\\\/\\\/novalion-med.com\\\/es\\\/\",\"nextItem\":\"https:\\\/\\\/novalion-med.com\\\/es\\\/producto\\\/silla-de-ducha-de-aluminio-de-gran-resistencia-y-altura-regulable\\\/#listItem\"},{\"@type\":\"ListItem\",\"@id\":\"https:\\\/\\\/novalion-med.com\\\/es\\\/producto\\\/silla-de-ducha-de-aluminio-de-gran-resistencia-y-altura-regulable\\\/#listItem\",\"position\":2,\"name\":\"Heavy-Duty Aluminum Shower chair with Adjustable Height\",\"previousItem\":\"https:\\\/\\\/novalion-med.com\\\/es\\\/#listItem\"}]},{\"@type\":\"Organization\",\"@id\":\"https:\\\/\\\/novalion-med.com\\\/es\\\/#organization\",\"name\":\"novalion-med.com\",\"url\":\"https:\\\/\\\/novalion-med.com\\\/es\\\/\",\"logo\":{\"@type\":\"ImageObject\",\"url\":\"https:\\\/\\\/novalion-med.com\\\/wp-content\\\/uploads\\\/2025\\\/04\\\/cropped-343496212_201698782614433_8037205422525878621_n-1.jpg\",\"@id\":\"https:\\\/\\\/novalion-med.com\\\/es\\\/producto\\\/silla-de-ducha-de-aluminio-de-gran-resistencia-y-altura-regulable\\\/#organizationLogo\",\"width\":512,\"height\":512},\"image\":{\"@id\":\"https:\\\/\\\/novalion-med.com\\\/es\\\/producto\\\/silla-de-ducha-de-aluminio-de-gran-resistencia-y-altura-regulable\\\/#organizationLogo\"},\"sameAs\":[\"https:\\\/\\\/www.facebook.com\\\/NovalionMedical\\\/\",\"https:\\\/\\\/www.youtube.com\\\/@NwlMedicalInstrument\"],\"contactPoint\":{\"@type\":\"ContactPoint\",\"telephone\":\"+8618326188070\",\"contactType\":\"Sales\"}},{\"@type\":\"Product\",\"@id\":\"https:\\\/\\\/novalion-med.com\\\/es\\\/producto\\\/silla-de-ducha-de-aluminio-de-gran-resistencia-y-altura-regulable\\\/#wooCommerceProduct\",\"name\":\"Heavy-Duty Aluminum Shower chair with Adjustable Height\",\"description\":\"Heavy-duty aluminum shower chair with 6-level adjustment (74\\u201386 cm), ideal for durability. 3.1 kg unit weight, 5 pcs\\\/carton (19.5 kg total) in 65\\u00d744\\u00d765 cm packing. Sturdy aluminum and PE plastic frame suits bathroom\\\/bedroom use. Height adjustability enhances safety, with 1\\u20132 cm measurement variations noted. A robust, adjustable shower chair for long-term use.\",\"url\":\"https:\\\/\\\/novalion-med.com\\\/es\\\/producto\\\/silla-de-ducha-de-aluminio-de-gran-resistencia-y-altura-regulable\\\/\",\"sku\":\"NL190304A-3\",\"image\":{\"@type\":\"ImageObject\",\"url\":\"https:\\\/\\\/novalion-med.com\\\/wp-content\\\/uploads\\\/2025\\\/06\\\/NL190304A-3-Heavy-Duty-Aluminum-Shower-chair-with-Adjustable-Height.jpg\",\"@id\":\"https:\\\/\\\/novalion-med.com\\\/es\\\/producto\\\/silla-de-ducha-de-aluminio-de-gran-resistencia-y-altura-regulable\\\/#productImage\",\"width\":800,\"height\":800,\"caption\":\"NL190304A-3 Heavy-Duty Aluminum Shower chair with Adjustable Height\"},\"offers\":{\"@type\":\"Offer\",\"url\":\"https:\\\/\\\/novalion-med.com\\\/es\\\/producto\\\/silla-de-ducha-de-aluminio-de-gran-resistencia-y-altura-regulable\\\/#wooCommerceOffer\",\"priceCurrency\":\"PHP\",\"category\":\"Shower Chairs\",\"availability\":\"https:\\\/\\\/schema.org\\\/InStock\",\"seller\":{\"@type\":\"Organization\",\"@id\":\"https:\\\/\\\/novalion-med.com\\\/es\\\/#organization\"},\"price\":111}},{\"@type\":\"WebPage\",\"@id\":\"https:\\\/\\\/novalion-med.com\\\/es\\\/producto\\\/silla-de-ducha-de-aluminio-de-gran-resistencia-y-altura-regulable\\\/#webpage\",\"url\":\"https:\\\/\\\/novalion-med.com\\\/es\\\/producto\\\/silla-de-ducha-de-aluminio-de-gran-resistencia-y-altura-regulable\\\/\",\"name\":\"Heavy-Duty Aluminum Shower chair with Adjustable Height\",\"description\":\"6-level adjustable aluminum alloy shower chair with PE plastic components, ideal for bathroom. Construction for safe use, note measurement variations.\",\"inLanguage\":\"es-ES\",\"isPartOf\":{\"@id\":\"https:\\\/\\\/novalion-med.com\\\/es\\\/#website\"},\"breadcrumb\":{\"@id\":\"https:\\\/\\\/novalion-med.com\\\/es\\\/producto\\\/silla-de-ducha-de-aluminio-de-gran-resistencia-y-altura-regulable\\\/#breadcrumblist\"},\"image\":{\"@type\":\"ImageObject\",\"url\":\"https:\\\/\\\/novalion-med.com\\\/wp-content\\\/uploads\\\/2025\\\/06\\\/NL190304A-3-Heavy-Duty-Aluminum-Shower-chair-with-Adjustable-Height.jpg\",\"@id\":\"https:\\\/\\\/novalion-med.com\\\/es\\\/producto\\\/silla-de-ducha-de-aluminio-de-gran-resistencia-y-altura-regulable\\\/#mainImage\",\"width\":800,\"height\":800,\"caption\":\"NL190304A-3 Heavy-Duty Aluminum Shower chair with Adjustable Height\"},\"primaryImageOfPage\":{\"@id\":\"https:\\\/\\\/novalion-med.com\\\/es\\\/producto\\\/silla-de-ducha-de-aluminio-de-gran-resistencia-y-altura-regulable\\\/#mainImage\"},\"datePublished\":\"2025-06-25T04:19:00+00:00\",\"dateModified\":\"2025-06-25T04:23:01+00:00\"},{\"@type\":\"WebSite\",\"@id\":\"https:\\\/\\\/novalion-med.com\\\/es\\\/#website\",\"url\":\"https:\\\/\\\/novalion-med.com\\\/es\\\/\",\"name\":\"novalion-med.com\",\"description\":\"Wheelchair, Hospital bed, Walker,Commode chair,Crutch...\",\"inLanguage\":\"es-ES\",\"publisher\":{\"@id\":\"https:\\\/\\\/novalion-med.com\\\/es\\\/#organization\"}}]}\n\t\t<\/script>\n\t\t<!-- All in One SEO Pro -->\r\n\t\t<title>Heavy-Duty Aluminum Shower chair with Adjustable Height<\/title>\n\n","aioseo_head_json":{"title":"Heavy-Duty Aluminum Shower chair with Adjustable Height","description":"6-level adjustable aluminum alloy shower chair with PE plastic components, ideal for bathroom. Construction for safe use, note measurement variations.","canonical_url":"https:\/\/novalion-med.com\/es\/producto\/silla-de-ducha-de-aluminio-de-gran-resistencia-y-altura-regulable\/","robots":"max-image-preview:large","keywords":"","webmasterTools":{"google-site-verification":"XE0Krczs_zYC4qBAqnvyRaNEYa9NQEP4HzU7PPpzxoI","miscellaneous":""},"og:locale":"es_ES","og:site_name":"Novalion Medical \u2013 Wheelchair, Hospital bed, Walker,Commode chair,Crutch...","og:type":"article","og:title":"Heavy-Duty Aluminum Shower chair with Adjustable Height","og:description":"6-level adjustable aluminum alloy shower chair with PE plastic components, ideal for bathroom. Construction for safe use, note measurement variations.","og:url":"https:\/\/novalion-med.com\/es\/producto\/silla-de-ducha-de-aluminio-de-gran-resistencia-y-altura-regulable\/","og:image":"https:\/\/novalion-med.com\/wp-content\/uploads\/2025\/04\/cropped-343496212_201698782614433_8037205422525878621_n-1.jpg","og:image:secure_url":"https:\/\/novalion-med.com\/wp-content\/uploads\/2025\/04\/cropped-343496212_201698782614433_8037205422525878621_n-1.jpg","og:image:width":512,"og:image:height":512,"article:published_time":"2025-06-25T04:19:00+00:00","article:modified_time":"2025-06-25T04:23:01+00:00","article:publisher":"https:\/\/www.facebook.com\/NovalionMedical\/","twitter:card":"summary_large_image","twitter:title":"Heavy-Duty Aluminum Shower chair with Adjustable Height","twitter:description":"6-level adjustable aluminum alloy shower chair with PE plastic components, ideal for bathroom. Construction for safe use, note measurement variations.","twitter:image":"https:\/\/novalion-med.com\/wp-content\/uploads\/2025\/04\/cropped-343496212_201698782614433_8037205422525878621_n-1.jpg","schema":{"@context":"https:\/\/schema.org","@graph":[{"@type":"BreadcrumbList","@id":"https:\/\/novalion-med.com\/es\/producto\/silla-de-ducha-de-aluminio-de-gran-resistencia-y-altura-regulable\/#breadcrumblist","itemListElement":[{"@type":"ListItem","@id":"https:\/\/novalion-med.com\/es\/#listItem","position":1,"name":"Home","item":"https:\/\/novalion-med.com\/es\/","nextItem":"https:\/\/novalion-med.com\/es\/producto\/silla-de-ducha-de-aluminio-de-gran-resistencia-y-altura-regulable\/#listItem"},{"@type":"ListItem","@id":"https:\/\/novalion-med.com\/es\/producto\/silla-de-ducha-de-aluminio-de-gran-resistencia-y-altura-regulable\/#listItem","position":2,"name":"Heavy-Duty Aluminum Shower chair with Adjustable Height","previousItem":"https:\/\/novalion-med.com\/es\/#listItem"}]},{"@type":"Organization","@id":"https:\/\/novalion-med.com\/es\/#organization","name":"novalion-med.com","url":"https:\/\/novalion-med.com\/es\/","logo":{"@type":"ImageObject","url":"https:\/\/novalion-med.com\/wp-content\/uploads\/2025\/04\/cropped-343496212_201698782614433_8037205422525878621_n-1.jpg","@id":"https:\/\/novalion-med.com\/es\/producto\/silla-de-ducha-de-aluminio-de-gran-resistencia-y-altura-regulable\/#organizationLogo","width":512,"height":512},"image":{"@id":"https:\/\/novalion-med.com\/es\/producto\/silla-de-ducha-de-aluminio-de-gran-resistencia-y-altura-regulable\/#organizationLogo"},"sameAs":["https:\/\/www.facebook.com\/NovalionMedical\/","https:\/\/www.youtube.com\/@NwlMedicalInstrument"],"contactPoint":{"@type":"ContactPoint","telephone":"+8618326188070","contactType":"Sales"}},{"@type":"Product","@id":"https:\/\/novalion-med.com\/es\/producto\/silla-de-ducha-de-aluminio-de-gran-resistencia-y-altura-regulable\/#wooCommerceProduct","name":"Heavy-Duty Aluminum Shower chair with Adjustable Height","description":"Heavy-duty aluminum shower chair with 6-level adjustment (74\u201386 cm), ideal for durability. 3.1 kg unit weight, 5 pcs\/carton (19.5 kg total) in 65\u00d744\u00d765 cm packing. Sturdy aluminum and PE plastic frame suits bathroom\/bedroom use. Height adjustability enhances safety, with 1\u20132 cm measurement variations noted. A robust, adjustable shower chair for long-term use.","url":"https:\/\/novalion-med.com\/es\/producto\/silla-de-ducha-de-aluminio-de-gran-resistencia-y-altura-regulable\/","sku":"NL190304A-3","image":{"@type":"ImageObject","url":"https:\/\/novalion-med.com\/wp-content\/uploads\/2025\/06\/NL190304A-3-Heavy-Duty-Aluminum-Shower-chair-with-Adjustable-Height.jpg","@id":"https:\/\/novalion-med.com\/es\/producto\/silla-de-ducha-de-aluminio-de-gran-resistencia-y-altura-regulable\/#productImage","width":800,"height":800,"caption":"NL190304A-3 Heavy-Duty Aluminum Shower chair with Adjustable Height"},"offers":{"@type":"Offer","url":"https:\/\/novalion-med.com\/es\/producto\/silla-de-ducha-de-aluminio-de-gran-resistencia-y-altura-regulable\/#wooCommerceOffer","priceCurrency":"PHP","category":"Shower Chairs","availability":"https:\/\/schema.org\/InStock","seller":{"@type":"Organization","@id":"https:\/\/novalion-med.com\/es\/#organization"},"price":111}},{"@type":"WebPage","@id":"https:\/\/novalion-med.com\/es\/producto\/silla-de-ducha-de-aluminio-de-gran-resistencia-y-altura-regulable\/#webpage","url":"https:\/\/novalion-med.com\/es\/producto\/silla-de-ducha-de-aluminio-de-gran-resistencia-y-altura-regulable\/","name":"Heavy-Duty Aluminum Shower chair with Adjustable Height","description":"6-level adjustable aluminum alloy shower chair with PE plastic components, ideal for bathroom. Construction for safe use, note measurement variations.","inLanguage":"es-ES","isPartOf":{"@id":"https:\/\/novalion-med.com\/es\/#website"},"breadcrumb":{"@id":"https:\/\/novalion-med.com\/es\/producto\/silla-de-ducha-de-aluminio-de-gran-resistencia-y-altura-regulable\/#breadcrumblist"},"image":{"@type":"ImageObject","url":"https:\/\/novalion-med.com\/wp-content\/uploads\/2025\/06\/NL190304A-3-Heavy-Duty-Aluminum-Shower-chair-with-Adjustable-Height.jpg","@id":"https:\/\/novalion-med.com\/es\/producto\/silla-de-ducha-de-aluminio-de-gran-resistencia-y-altura-regulable\/#mainImage","width":800,"height":800,"caption":"NL190304A-3 Heavy-Duty Aluminum Shower chair with Adjustable Height"},"primaryImageOfPage":{"@id":"https:\/\/novalion-med.com\/es\/producto\/silla-de-ducha-de-aluminio-de-gran-resistencia-y-altura-regulable\/#mainImage"},"datePublished":"2025-06-25T04:19:00+00:00","dateModified":"2025-06-25T04:23:01+00:00"},{"@type":"WebSite","@id":"https:\/\/novalion-med.com\/es\/#website","url":"https:\/\/novalion-med.com\/es\/","name":"novalion-med.com","description":"Wheelchair, Hospital bed, Walker,Commode chair,Crutch...","inLanguage":"es-ES","publisher":{"@id":"https:\/\/novalion-med.com\/es\/#organization"}}]}},"aioseo_meta_data":{"post_id":"6149","title":"Heavy-Duty Aluminum Shower chair with Adjustable Height","description":"6-level adjustable aluminum alloy shower chair with PE plastic components, ideal for bathroom. Construction for safe use, note measurement variations.","keywords":"[]","keyphrases":"{\"focus\":{\"keyphrase\":\"\",\"score\":0,\"analysis\":{\"keyphraseInTitle\":{\"score\":0,\"maxScore\":9,\"error\":1}}},\"additional\":[]}","primary_term":null,"canonical_url":null,"og_title":null,"og_description":null,"og_object_type":"default","og_image_type":"default","og_image_url":null,"og_image_width":null,"og_image_height":null,"og_image_custom_url":null,"og_image_custom_fields":null,"og_video":"","og_custom_url":null,"og_article_section":null,"og_article_tags":"[]","twitter_use_og":false,"twitter_card":"default","twitter_image_type":"default","twitter_image_url":null,"twitter_image_custom_url":null,"twitter_image_custom_fields":null,"twitter_title":null,"twitter_description":null,"schema":{"blockGraphs":[],"customGraphs":[],"default":{"data":{"Article":[],"Course":[],"Dataset":[],"FAQPage":[],"Movie":[],"Person":[],"Product":[],"Recipe":[],"Service":[],"SoftwareApplication":[],"WebPage":[]},"graphName":"Product","isEnabled":true},"graphs":[]},"schema_type":"default","schema_type_options":null,"pillar_content":false,"robots_default":true,"robots_noindex":false,"robots_noarchive":false,"robots_nosnippet":false,"robots_nofollow":false,"robots_noimageindex":false,"robots_noodp":false,"robots_notranslate":false,"robots_max_snippet":"-1","robots_max_videopreview":"-1","robots_max_imagepreview":"large","priority":null,"frequency":"default","local_seo":null,"limit_modified_date":false,"created":"2025-06-25 04:19:00","updated":"2025-06-25 04:37:21"},"_links":{"self":[{"href":"https:\/\/novalion-med.com\/es\/wp-json\/wp\/v2\/product\/6149","targetHints":{"allow":["GET"]}}],"collection":[{"href":"https:\/\/novalion-med.com\/es\/wp-json\/wp\/v2\/product"}],"about":[{"href":"https:\/\/novalion-med.com\/es\/wp-json\/wp\/v2\/types\/product"}],"version-history":[{"count":4,"href":"https:\/\/novalion-med.com\/es\/wp-json\/wp\/v2\/product\/6149\/revisions"}],"predecessor-version":[{"id":6153,"href":"https:\/\/novalion-med.com\/es\/wp-json\/wp\/v2\/product\/6149\/revisions\/6153"}],"wp:featuredmedia":[{"embeddable":true,"href":"https:\/\/novalion-med.com\/es\/wp-json\/wp\/v2\/media\/6132"}],"wp:attachment":[{"href":"https:\/\/novalion-med.com\/es\/wp-json\/wp\/v2\/media?parent=6149"}],"wp:term":[{"taxonomy":"product_brand","embeddable":true,"href":"https:\/\/novalion-med.com\/es\/wp-json\/wp\/v2\/product_brand?post=6149"},{"taxonomy":"product_cat","embeddable":true,"href":"https:\/\/novalion-med.com\/es\/wp-json\/wp\/v2\/product_cat?post=6149"},{"taxonomy":"product_tag","embeddable":true,"href":"https:\/\/novalion-med.com\/es\/wp-json\/wp\/v2\/product_tag?post=6149"}],"curies":[{"name":"wp","href":"https:\/\/api.w.org\/{rel}","templated":true}]}}