{"id":5906,"date":"2025-06-20T06:42:39","date_gmt":"2025-06-20T06:42:39","guid":{"rendered":"https:\/\/novalion-med.com\/?post_type=product&#038;p=5906"},"modified":"2025-06-20T06:46:20","modified_gmt":"2025-06-20T06:46:20","slug":"silla-comoda-microplegable-con-tacto-de-piel","status":"publish","type":"product","link":"https:\/\/novalion-med.com\/es\/producto\/silla-comoda-microplegable-con-tacto-de-piel\/","title":{"rendered":"Silla c\u00f3moda microplegable con tacto de piel"},"content":{"rendered":"<div data-elementor-type=\"product-post\" data-elementor-id=\"5906\" class=\"elementor elementor-5906\" data-elementor-post-type=\"product\">\n\t\t\t\t<div class=\"elementor-element elementor-element-1c93f1cb e-con-full e-flex e-con e-parent\" data-id=\"1c93f1cb\" data-element_type=\"container\">\n\t\t\t\t<div class=\"elementor-element elementor-element-2240ff1 elementor-widget elementor-widget-heading\" data-id=\"2240ff1\" data-element_type=\"widget\" data-widget_type=\"heading.default\">\n\t\t\t\t<div class=\"elementor-widget-container\">\n\t\t\t\t\t<h2 class=\"elementor-heading-title elementor-size-default\">Silla c\u00f3moda microplegable con tacto de piel<\/h2>\t\t\t\t<\/div>\n\t\t\t\t<\/div>\n\t\t\t\t<div class=\"elementor-element elementor-element-45d8c46 elementor-widget elementor-widget-text-editor\" data-id=\"45d8c46\" data-element_type=\"widget\" data-widget_type=\"text-editor.default\">\n\t\t\t\t<div class=\"elementor-widget-container\">\n\t\t\t\t\t\t\t\t\t<p>Maximice el espacio en cuartos de ba\u00f1o peque\u00f1os con esta minisilla azul y negra. Fabricada en acero al carbono y ABS, ofrece un plegado ultracompacto y estabilidad antideslizante con un tubo engrosado. Duradera y compacta, es ideal para cuartos de ba\u00f1o con espacio limitado.<\/p>\t\t\t\t\t\t\t\t<\/div>\n\t\t\t\t<\/div>\n\t\t\t\t<div class=\"elementor-element elementor-element-7152afc elementor-widget elementor-widget-text-editor\" data-id=\"7152afc\" data-element_type=\"widget\" data-widget_type=\"text-editor.default\">\n\t\t\t\t<div class=\"elementor-widget-container\">\n\t\t\t\t\t\t\t\t\t<h2>Caracter\u00edsticas principales<\/h2><p>Mini maravilla para cuartos de ba\u00f1o estrechos Silla c\u00f3moda de 35 cm de color azul-negro. Acero al carbono-ABS, ultra plegable y tubo grueso para aprovechar al m\u00e1ximo el espacio sin sacrificar la estabilidad.<\/p><ul><li>Dise\u00f1o mini plegable (35 cm de largo x 34 cm de ancho x 42 cm de alto) para microespacios<\/li><li>Construcci\u00f3n de acero al carbono-ABS para una mayor durabilidad en formato compacto<\/li><li>Tubo m\u00e1s grueso para mejorar la estabilidad en ba\u00f1os peque\u00f1os<\/li><li>Acabado azul-negro para cuartos de ba\u00f1o peque\u00f1os y modernos<\/li><li>24 kg de peso ligero para un f\u00e1cil almacenamiento<\/li><\/ul>\t\t\t\t\t\t\t\t<\/div>\n\t\t\t\t<\/div>\n\t\t\t\t<div class=\"elementor-element elementor-element-3a02177 elementor-widget elementor-widget-text-editor\" data-id=\"3a02177\" data-element_type=\"widget\" data-widget_type=\"text-editor.default\">\n\t\t\t\t<div class=\"elementor-widget-container\">\n\t\t\t\t\t\t\t\t\t<h2>Especificaciones<\/h2><table><tbody><tr><td width=\"227\"><p><strong>Nombre del producto<\/strong><\/p><\/td><td width=\"590\"><p style=\"text-align: center;\">Silla c\u00f3moda microplegable con tacto de piel<\/p><\/td><\/tr><tr><td width=\"227\"><p><strong>Aplicaci\u00f3n<\/strong><\/p><\/td><td width=\"590\"><p style=\"text-align: center;\">Cuarto de ba\u00f1o<\/p><\/td><\/tr><tr><td width=\"227\"><p><strong>Material <\/strong><\/p><\/td><td width=\"590\"><p style=\"text-align: center;\">Acero al carbono y ABS<\/p><\/td><\/tr><tr><td width=\"227\"><p><strong>Color<\/strong><\/p><\/td><td width=\"590\"><p style=\"text-align: center;\">Azul y negro<\/p><\/td><\/tr><tr><td width=\"227\"><p><strong>Longitud total<\/strong><\/p><\/td><td width=\"590\"><p style=\"text-align: center;\">Unos 35 cm<\/p><\/td><\/tr><tr><td width=\"227\"><p><strong>Anchura total<\/strong><\/p><\/td><td width=\"590\"><p style=\"text-align: center;\">Unos 34 cm<\/p><\/td><\/tr><tr><td width=\"227\"><p><strong>Altura total<\/strong><\/p><\/td><td width=\"590\"><p style=\"text-align: center;\">Alrededor de 42 cm<\/p><\/td><\/tr><tr><td width=\"227\"><p><strong>Tama\u00f1o del embalaje<\/strong><\/p><\/td><td width=\"590\"><p style=\"text-align: center;\">80*50*45cm, 10pcs\/ctn<\/p><\/td><\/tr><tr><td width=\"227\"><p><strong>G.W.<\/strong><\/p><\/td><td width=\"590\"><p style=\"text-align: center;\">24 kg<\/p><\/td><\/tr><\/tbody><\/table>\t\t\t\t\t\t\t\t<\/div>\n\t\t\t\t<\/div>\n\t\t\t\t<div class=\"elementor-element elementor-element-2996df9 elementor-widget elementor-widget-text-editor\" data-id=\"2996df9\" data-element_type=\"widget\" data-widget_type=\"text-editor.default\">\n\t\t\t\t<div class=\"elementor-widget-container\">\n\t\t\t\t\t\t\t\t\t<p>Encontrar\u00e1 m\u00e1s equipos m\u00e9dicos en <a href=\"https:\/\/novalion-med.com\/es\/\" target=\"_blank\" rel=\"noopener\">nuestro sitio web<\/a> o <a href=\"https:\/\/api.whatsapp.com\/send\/?phone=%2B008618112908401&amp;text&amp;type=phone_number&amp;app_absent=0\" target=\"_blank\" rel=\"noopener\">nuestro whatsapp<\/a>.<\/p>\t\t\t\t\t\t\t\t<\/div>\n\t\t\t\t<\/div>\n\t\t\t\t<\/div>\n\t\t\t\t<\/div>","protected":false},"excerpt":{"rendered":"<p>Esta silla c\u00f3moda Novalion, modelo NL190303A-10, es una soluci\u00f3n mini plegable dise\u00f1ada para espacios de ba\u00f1o compactos. Fabricada en acero al carbono y ABS en azul y negro, ofrece un dise\u00f1o ligero y plegable para facilitar su almacenamiento. La construcci\u00f3n antideslizante y estable de la silla, reforzada por un tubo grueso, proporciona un asiento seguro. Con unas medidas aproximadas de 35 cm de largo, 34 cm de ancho y 42 cm de alto, ocupa muy poco espacio. Empaquetada en una caja de 80\u00d750\u00d745 cm con 10 piezas por cart\u00f3n, y con un peso bruto de 24 kg, esta silla multifuncional es perfecta para ba\u00f1os peque\u00f1os donde el espacio es limitado, al tiempo que ofrece durabilidad y practicidad.<\/p>","protected":false},"featured_media":5879,"template":"elementor_theme","meta":{"site-sidebar-layout":"default","site-content-layout":"","ast-site-content-layout":"default","site-content-style":"default","site-sidebar-style":"default","ast-global-header-display":"","ast-banner-title-visibility":"","ast-main-header-display":"","ast-hfb-above-header-display":"","ast-hfb-below-header-display":"","ast-hfb-mobile-header-display":"","site-post-title":"","ast-breadcrumbs-content":"","ast-featured-img":"","footer-sml-layout":"","theme-transparent-header-meta":"default","adv-header-id-meta":"","stick-header-meta":"default","header-above-stick-meta":"","header-main-stick-meta":"","header-below-stick-meta":"","astra-migrate-meta-layouts":"set","ast-page-background-enabled":"default","ast-page-background-meta":{"desktop":{"background-color":"var(--ast-global-color-4)","background-image":"","background-repeat":"repeat","background-position":"center center","background-size":"auto","background-attachment":"scroll","background-type":"","background-media":"","overlay-type":"","overlay-color":"","overlay-opacity":"","overlay-gradient":""},"tablet":{"background-color":"","background-image":"","background-repeat":"repeat","background-position":"center center","background-size":"auto","background-attachment":"scroll","background-type":"","background-media":"","overlay-type":"","overlay-color":"","overlay-opacity":"","overlay-gradient":""},"mobile":{"background-color":"","background-image":"","background-repeat":"repeat","background-position":"center center","background-size":"auto","background-attachment":"scroll","background-type":"","background-media":"","overlay-type":"","overlay-color":"","overlay-opacity":"","overlay-gradient":""}},"ast-content-background-meta":{"desktop":{"background-color":"var(--ast-global-color-5)","background-image":"","background-repeat":"repeat","background-position":"center center","background-size":"auto","background-attachment":"scroll","background-type":"","background-media":"","overlay-type":"","overlay-color":"","overlay-opacity":"","overlay-gradient":""},"tablet":{"background-color":"var(--ast-global-color-5)","background-image":"","background-repeat":"repeat","background-position":"center center","background-size":"auto","background-attachment":"scroll","background-type":"","background-media":"","overlay-type":"","overlay-color":"","overlay-opacity":"","overlay-gradient":""},"mobile":{"background-color":"var(--ast-global-color-5)","background-image":"","background-repeat":"repeat","background-position":"center center","background-size":"auto","background-attachment":"scroll","background-type":"","background-media":"","overlay-type":"","overlay-color":"","overlay-opacity":"","overlay-gradient":""}}},"product_brand":[],"product_cat":[94],"product_tag":[],"class_list":{"0":"post-5906","1":"product","2":"type-product","3":"status-publish","4":"has-post-thumbnail","6":"product_cat-commode-chairs","7":"desktop-align-center","8":"tablet-align-left","9":"mobile-align-left","10":"ast-product-gallery-layout-horizontal-slider","11":"ast-magnify-disabled","12":"ast-product-tabs-layout-accordion","13":"ast-qv-on-image","15":"first","16":"instock","17":"shipping-taxable","18":"purchasable","19":"product-type-simple"},"aioseo_notices":[],"aioseo_head":"\n\t\t<!-- All in One SEO Pro 4.6.0 - aioseo.com -->\n\t\t<meta name=\"description\" content=\"35\u00d734\u00d742cm blue-black carbon steel commode chair, featuring leather-like comfort. Foldable, non-slip, thickened pipe, perfect for compact bathroom spaces.\" \/>\n\t\t<meta name=\"robots\" content=\"max-image-preview:large\" \/>\n\t\t<meta name=\"google-site-verification\" content=\"XE0Krczs_zYC4qBAqnvyRaNEYa9NQEP4HzU7PPpzxoI\" \/>\n\t\t<link rel=\"canonical\" href=\"https:\/\/novalion-med.com\/es\/producto\/silla-comoda-microplegable-con-tacto-de-piel\/\" \/>\n\t\t<meta name=\"generator\" content=\"All in One SEO Pro (AIOSEO) 4.6.0\" \/>\n\t\t<meta property=\"og:locale\" content=\"es_ES\" \/>\n\t\t<meta property=\"og:site_name\" content=\"Novalion Medical \u2013 Wheelchair, Hospital bed, Walker,Commode chair,Crutch...\" \/>\n\t\t<meta property=\"og:type\" content=\"article\" \/>\n\t\t<meta property=\"og:title\" content=\"Micro Foldable Commode Chair with Leather Touch\" \/>\n\t\t<meta property=\"og:description\" content=\"35\u00d734\u00d742cm blue-black carbon steel commode chair, featuring leather-like comfort. Foldable, non-slip, thickened pipe, perfect for compact bathroom spaces.\" \/>\n\t\t<meta property=\"og:url\" content=\"https:\/\/novalion-med.com\/es\/producto\/silla-comoda-microplegable-con-tacto-de-piel\/\" \/>\n\t\t<meta property=\"og:image\" content=\"https:\/\/novalion-med.com\/wp-content\/uploads\/2025\/04\/cropped-343496212_201698782614433_8037205422525878621_n-1.jpg\" \/>\n\t\t<meta property=\"og:image:secure_url\" content=\"https:\/\/novalion-med.com\/wp-content\/uploads\/2025\/04\/cropped-343496212_201698782614433_8037205422525878621_n-1.jpg\" \/>\n\t\t<meta property=\"og:image:width\" content=\"512\" \/>\n\t\t<meta property=\"og:image:height\" content=\"512\" \/>\n\t\t<meta property=\"article:published_time\" content=\"2025-06-20T06:42:39+00:00\" \/>\n\t\t<meta property=\"article:modified_time\" content=\"2025-06-20T06:46:20+00:00\" \/>\n\t\t<meta property=\"article:publisher\" content=\"https:\/\/www.facebook.com\/NovalionMedical\/\" \/>\n\t\t<meta name=\"twitter:card\" content=\"summary_large_image\" \/>\n\t\t<meta name=\"twitter:title\" content=\"Micro Foldable Commode Chair with Leather Touch\" \/>\n\t\t<meta name=\"twitter:description\" content=\"35\u00d734\u00d742cm blue-black carbon steel commode chair, featuring leather-like comfort. Foldable, non-slip, thickened pipe, perfect for compact bathroom spaces.\" \/>\n\t\t<meta name=\"twitter:image\" content=\"https:\/\/novalion-med.com\/wp-content\/uploads\/2025\/04\/cropped-343496212_201698782614433_8037205422525878621_n-1.jpg\" \/>\n\t\t<script type=\"application\/ld+json\" class=\"aioseo-schema\">\n\t\t\t{\"@context\":\"https:\\\/\\\/schema.org\",\"@graph\":[{\"@type\":\"BreadcrumbList\",\"@id\":\"https:\\\/\\\/novalion-med.com\\\/es\\\/producto\\\/silla-comoda-microplegable-con-tacto-de-piel\\\/#breadcrumblist\",\"itemListElement\":[{\"@type\":\"ListItem\",\"@id\":\"https:\\\/\\\/novalion-med.com\\\/es\\\/#listItem\",\"position\":1,\"name\":\"Home\",\"item\":\"https:\\\/\\\/novalion-med.com\\\/es\\\/\",\"nextItem\":\"https:\\\/\\\/novalion-med.com\\\/es\\\/producto\\\/silla-comoda-microplegable-con-tacto-de-piel\\\/#listItem\"},{\"@type\":\"ListItem\",\"@id\":\"https:\\\/\\\/novalion-med.com\\\/es\\\/producto\\\/silla-comoda-microplegable-con-tacto-de-piel\\\/#listItem\",\"position\":2,\"name\":\"Micro Foldable Commode Chair with Leather Touch\",\"previousItem\":\"https:\\\/\\\/novalion-med.com\\\/es\\\/#listItem\"}]},{\"@type\":\"Organization\",\"@id\":\"https:\\\/\\\/novalion-med.com\\\/es\\\/#organization\",\"name\":\"novalion-med.com\",\"url\":\"https:\\\/\\\/novalion-med.com\\\/es\\\/\",\"logo\":{\"@type\":\"ImageObject\",\"url\":\"https:\\\/\\\/novalion-med.com\\\/wp-content\\\/uploads\\\/2025\\\/04\\\/cropped-343496212_201698782614433_8037205422525878621_n-1.jpg\",\"@id\":\"https:\\\/\\\/novalion-med.com\\\/es\\\/producto\\\/silla-comoda-microplegable-con-tacto-de-piel\\\/#organizationLogo\",\"width\":512,\"height\":512},\"image\":{\"@id\":\"https:\\\/\\\/novalion-med.com\\\/es\\\/producto\\\/silla-comoda-microplegable-con-tacto-de-piel\\\/#organizationLogo\"},\"sameAs\":[\"https:\\\/\\\/www.facebook.com\\\/NovalionMedical\\\/\",\"https:\\\/\\\/www.youtube.com\\\/@NwlMedicalInstrument\"],\"contactPoint\":{\"@type\":\"ContactPoint\",\"telephone\":\"+8618326188070\",\"contactType\":\"Sales\"}},{\"@type\":\"Product\",\"@id\":\"https:\\\/\\\/novalion-med.com\\\/es\\\/producto\\\/silla-comoda-microplegable-con-tacto-de-piel\\\/#wooCommerceProduct\",\"name\":\"Micro Foldable Commode Chair with Leather Touch\",\"description\":\"This Novalion commode chair, model NL190303A-10, is a mini foldable solution designed for compact bathroom spaces. Constructed from carbon steel and ABS in blue and black, it offers a lightweight and foldable design for easy storage. The chair\\u2019s non-slip and stable construction, enhanced by a thicken pipe, provides secure seating. Measuring approximately 35cm in length, 34cm in width, and 42cm in height, it is incredibly space-saving. Packaged in an 80\\u00d750\\u00d745cm box with 10 pieces per carton, and weighing 24kg gross, this multifunctional chair is perfect for small bathrooms where space is limited, while still offering durability and practicality.\",\"url\":\"https:\\\/\\\/novalion-med.com\\\/es\\\/producto\\\/silla-comoda-microplegable-con-tacto-de-piel\\\/\",\"sku\":\"NL190303A-10\",\"image\":{\"@type\":\"ImageObject\",\"url\":\"https:\\\/\\\/novalion-med.com\\\/wp-content\\\/uploads\\\/2025\\\/06\\\/NL190303A-10-Micro-Foldable-Commode-Chair-with-Leather-Touch.jpg\",\"@id\":\"https:\\\/\\\/novalion-med.com\\\/es\\\/producto\\\/silla-comoda-microplegable-con-tacto-de-piel\\\/#productImage\",\"width\":800,\"height\":800,\"caption\":\"NL190303A-10 Micro Foldable Commode Chair with Leather Touch\"},\"offers\":{\"@type\":\"Offer\",\"url\":\"https:\\\/\\\/novalion-med.com\\\/es\\\/producto\\\/silla-comoda-microplegable-con-tacto-de-piel\\\/#wooCommerceOffer\",\"priceCurrency\":\"PHP\",\"category\":\"Commode Chairs\",\"availability\":\"https:\\\/\\\/schema.org\\\/InStock\",\"seller\":{\"@type\":\"Organization\",\"@id\":\"https:\\\/\\\/novalion-med.com\\\/es\\\/#organization\"},\"price\":111}},{\"@type\":\"WebPage\",\"@id\":\"https:\\\/\\\/novalion-med.com\\\/es\\\/producto\\\/silla-comoda-microplegable-con-tacto-de-piel\\\/#webpage\",\"url\":\"https:\\\/\\\/novalion-med.com\\\/es\\\/producto\\\/silla-comoda-microplegable-con-tacto-de-piel\\\/\",\"name\":\"Micro Foldable Commode Chair with Leather Touch\",\"description\":\"35\\u00d734\\u00d742cm blue-black carbon steel commode chair, featuring leather-like comfort. Foldable, non-slip, thickened pipe, perfect for compact bathroom spaces.\",\"inLanguage\":\"es-ES\",\"isPartOf\":{\"@id\":\"https:\\\/\\\/novalion-med.com\\\/es\\\/#website\"},\"breadcrumb\":{\"@id\":\"https:\\\/\\\/novalion-med.com\\\/es\\\/producto\\\/silla-comoda-microplegable-con-tacto-de-piel\\\/#breadcrumblist\"},\"image\":{\"@type\":\"ImageObject\",\"url\":\"https:\\\/\\\/novalion-med.com\\\/wp-content\\\/uploads\\\/2025\\\/06\\\/NL190303A-10-Micro-Foldable-Commode-Chair-with-Leather-Touch.jpg\",\"@id\":\"https:\\\/\\\/novalion-med.com\\\/es\\\/producto\\\/silla-comoda-microplegable-con-tacto-de-piel\\\/#mainImage\",\"width\":800,\"height\":800,\"caption\":\"NL190303A-10 Micro Foldable Commode Chair with Leather Touch\"},\"primaryImageOfPage\":{\"@id\":\"https:\\\/\\\/novalion-med.com\\\/es\\\/producto\\\/silla-comoda-microplegable-con-tacto-de-piel\\\/#mainImage\"},\"datePublished\":\"2025-06-20T06:42:39+00:00\",\"dateModified\":\"2025-06-20T06:46:20+00:00\"},{\"@type\":\"WebSite\",\"@id\":\"https:\\\/\\\/novalion-med.com\\\/es\\\/#website\",\"url\":\"https:\\\/\\\/novalion-med.com\\\/es\\\/\",\"name\":\"novalion-med.com\",\"description\":\"Wheelchair, Hospital bed, Walker,Commode chair,Crutch...\",\"inLanguage\":\"es-ES\",\"publisher\":{\"@id\":\"https:\\\/\\\/novalion-med.com\\\/es\\\/#organization\"}}]}\n\t\t<\/script>\n\t\t<!-- All in One SEO Pro -->\r\n\t\t<title>Micro Foldable Commode Chair with Leather Touch<\/title>\n\n","aioseo_head_json":{"title":"Micro Foldable Commode Chair with Leather Touch","description":"35\u00d734\u00d742cm blue-black carbon steel commode chair, featuring leather-like comfort. Foldable, non-slip, thickened pipe, perfect for compact bathroom spaces.","canonical_url":"https:\/\/novalion-med.com\/es\/producto\/silla-comoda-microplegable-con-tacto-de-piel\/","robots":"max-image-preview:large","keywords":"","webmasterTools":{"google-site-verification":"XE0Krczs_zYC4qBAqnvyRaNEYa9NQEP4HzU7PPpzxoI","miscellaneous":""},"og:locale":"es_ES","og:site_name":"Novalion Medical \u2013 Wheelchair, Hospital bed, Walker,Commode chair,Crutch...","og:type":"article","og:title":"Micro Foldable Commode Chair with Leather Touch","og:description":"35\u00d734\u00d742cm blue-black carbon steel commode chair, featuring leather-like comfort. Foldable, non-slip, thickened pipe, perfect for compact bathroom spaces.","og:url":"https:\/\/novalion-med.com\/es\/producto\/silla-comoda-microplegable-con-tacto-de-piel\/","og:image":"https:\/\/novalion-med.com\/wp-content\/uploads\/2025\/04\/cropped-343496212_201698782614433_8037205422525878621_n-1.jpg","og:image:secure_url":"https:\/\/novalion-med.com\/wp-content\/uploads\/2025\/04\/cropped-343496212_201698782614433_8037205422525878621_n-1.jpg","og:image:width":512,"og:image:height":512,"article:published_time":"2025-06-20T06:42:39+00:00","article:modified_time":"2025-06-20T06:46:20+00:00","article:publisher":"https:\/\/www.facebook.com\/NovalionMedical\/","twitter:card":"summary_large_image","twitter:title":"Micro Foldable Commode Chair with Leather Touch","twitter:description":"35\u00d734\u00d742cm blue-black carbon steel commode chair, featuring leather-like comfort. Foldable, non-slip, thickened pipe, perfect for compact bathroom spaces.","twitter:image":"https:\/\/novalion-med.com\/wp-content\/uploads\/2025\/04\/cropped-343496212_201698782614433_8037205422525878621_n-1.jpg","schema":{"@context":"https:\/\/schema.org","@graph":[{"@type":"BreadcrumbList","@id":"https:\/\/novalion-med.com\/es\/producto\/silla-comoda-microplegable-con-tacto-de-piel\/#breadcrumblist","itemListElement":[{"@type":"ListItem","@id":"https:\/\/novalion-med.com\/es\/#listItem","position":1,"name":"Home","item":"https:\/\/novalion-med.com\/es\/","nextItem":"https:\/\/novalion-med.com\/es\/producto\/silla-comoda-microplegable-con-tacto-de-piel\/#listItem"},{"@type":"ListItem","@id":"https:\/\/novalion-med.com\/es\/producto\/silla-comoda-microplegable-con-tacto-de-piel\/#listItem","position":2,"name":"Micro Foldable Commode Chair with Leather Touch","previousItem":"https:\/\/novalion-med.com\/es\/#listItem"}]},{"@type":"Organization","@id":"https:\/\/novalion-med.com\/es\/#organization","name":"novalion-med.com","url":"https:\/\/novalion-med.com\/es\/","logo":{"@type":"ImageObject","url":"https:\/\/novalion-med.com\/wp-content\/uploads\/2025\/04\/cropped-343496212_201698782614433_8037205422525878621_n-1.jpg","@id":"https:\/\/novalion-med.com\/es\/producto\/silla-comoda-microplegable-con-tacto-de-piel\/#organizationLogo","width":512,"height":512},"image":{"@id":"https:\/\/novalion-med.com\/es\/producto\/silla-comoda-microplegable-con-tacto-de-piel\/#organizationLogo"},"sameAs":["https:\/\/www.facebook.com\/NovalionMedical\/","https:\/\/www.youtube.com\/@NwlMedicalInstrument"],"contactPoint":{"@type":"ContactPoint","telephone":"+8618326188070","contactType":"Sales"}},{"@type":"Product","@id":"https:\/\/novalion-med.com\/es\/producto\/silla-comoda-microplegable-con-tacto-de-piel\/#wooCommerceProduct","name":"Micro Foldable Commode Chair with Leather Touch","description":"This Novalion commode chair, model NL190303A-10, is a mini foldable solution designed for compact bathroom spaces. Constructed from carbon steel and ABS in blue and black, it offers a lightweight and foldable design for easy storage. The chair\u2019s non-slip and stable construction, enhanced by a thicken pipe, provides secure seating. Measuring approximately 35cm in length, 34cm in width, and 42cm in height, it is incredibly space-saving. Packaged in an 80\u00d750\u00d745cm box with 10 pieces per carton, and weighing 24kg gross, this multifunctional chair is perfect for small bathrooms where space is limited, while still offering durability and practicality.","url":"https:\/\/novalion-med.com\/es\/producto\/silla-comoda-microplegable-con-tacto-de-piel\/","sku":"NL190303A-10","image":{"@type":"ImageObject","url":"https:\/\/novalion-med.com\/wp-content\/uploads\/2025\/06\/NL190303A-10-Micro-Foldable-Commode-Chair-with-Leather-Touch.jpg","@id":"https:\/\/novalion-med.com\/es\/producto\/silla-comoda-microplegable-con-tacto-de-piel\/#productImage","width":800,"height":800,"caption":"NL190303A-10 Micro Foldable Commode Chair with Leather Touch"},"offers":{"@type":"Offer","url":"https:\/\/novalion-med.com\/es\/producto\/silla-comoda-microplegable-con-tacto-de-piel\/#wooCommerceOffer","priceCurrency":"PHP","category":"Commode Chairs","availability":"https:\/\/schema.org\/InStock","seller":{"@type":"Organization","@id":"https:\/\/novalion-med.com\/es\/#organization"},"price":111}},{"@type":"WebPage","@id":"https:\/\/novalion-med.com\/es\/producto\/silla-comoda-microplegable-con-tacto-de-piel\/#webpage","url":"https:\/\/novalion-med.com\/es\/producto\/silla-comoda-microplegable-con-tacto-de-piel\/","name":"Micro Foldable Commode Chair with Leather Touch","description":"35\u00d734\u00d742cm blue-black carbon steel commode chair, featuring leather-like comfort. Foldable, non-slip, thickened pipe, perfect for compact bathroom spaces.","inLanguage":"es-ES","isPartOf":{"@id":"https:\/\/novalion-med.com\/es\/#website"},"breadcrumb":{"@id":"https:\/\/novalion-med.com\/es\/producto\/silla-comoda-microplegable-con-tacto-de-piel\/#breadcrumblist"},"image":{"@type":"ImageObject","url":"https:\/\/novalion-med.com\/wp-content\/uploads\/2025\/06\/NL190303A-10-Micro-Foldable-Commode-Chair-with-Leather-Touch.jpg","@id":"https:\/\/novalion-med.com\/es\/producto\/silla-comoda-microplegable-con-tacto-de-piel\/#mainImage","width":800,"height":800,"caption":"NL190303A-10 Micro Foldable Commode Chair with Leather Touch"},"primaryImageOfPage":{"@id":"https:\/\/novalion-med.com\/es\/producto\/silla-comoda-microplegable-con-tacto-de-piel\/#mainImage"},"datePublished":"2025-06-20T06:42:39+00:00","dateModified":"2025-06-20T06:46:20+00:00"},{"@type":"WebSite","@id":"https:\/\/novalion-med.com\/es\/#website","url":"https:\/\/novalion-med.com\/es\/","name":"novalion-med.com","description":"Wheelchair, Hospital bed, Walker,Commode chair,Crutch...","inLanguage":"es-ES","publisher":{"@id":"https:\/\/novalion-med.com\/es\/#organization"}}]}},"aioseo_meta_data":{"post_id":"5906","title":"Micro Foldable Commode Chair with Leather Touch","description":"35\u00d734\u00d742cm blue-black carbon steel commode chair, featuring leather-like comfort. Foldable, non-slip, thickened pipe, perfect for compact bathroom spaces.","keywords":"[]","keyphrases":"{\"focus\":{\"keyphrase\":\"\",\"score\":0,\"analysis\":{\"keyphraseInTitle\":{\"score\":0,\"maxScore\":9,\"error\":1}}},\"additional\":[]}","primary_term":null,"canonical_url":null,"og_title":null,"og_description":null,"og_object_type":"default","og_image_type":"default","og_image_url":null,"og_image_width":null,"og_image_height":null,"og_image_custom_url":null,"og_image_custom_fields":null,"og_video":"","og_custom_url":null,"og_article_section":null,"og_article_tags":"[]","twitter_use_og":false,"twitter_card":"default","twitter_image_type":"default","twitter_image_url":null,"twitter_image_custom_url":null,"twitter_image_custom_fields":null,"twitter_title":null,"twitter_description":null,"schema":{"blockGraphs":[],"customGraphs":[],"default":{"data":{"Article":[],"Course":[],"Dataset":[],"FAQPage":[],"Movie":[],"Person":[],"Product":[],"Recipe":[],"Service":[],"SoftwareApplication":[],"WebPage":[]},"graphName":"Product","isEnabled":true},"graphs":[]},"schema_type":"default","schema_type_options":null,"pillar_content":false,"robots_default":true,"robots_noindex":false,"robots_noarchive":false,"robots_nosnippet":false,"robots_nofollow":false,"robots_noimageindex":false,"robots_noodp":false,"robots_notranslate":false,"robots_max_snippet":"-1","robots_max_videopreview":"-1","robots_max_imagepreview":"large","priority":null,"frequency":"default","local_seo":null,"limit_modified_date":false,"created":"2025-06-20 06:42:39","updated":"2025-06-20 06:46:31"},"_links":{"self":[{"href":"https:\/\/novalion-med.com\/es\/wp-json\/wp\/v2\/product\/5906","targetHints":{"allow":["GET"]}}],"collection":[{"href":"https:\/\/novalion-med.com\/es\/wp-json\/wp\/v2\/product"}],"about":[{"href":"https:\/\/novalion-med.com\/es\/wp-json\/wp\/v2\/types\/product"}],"version-history":[{"count":4,"href":"https:\/\/novalion-med.com\/es\/wp-json\/wp\/v2\/product\/5906\/revisions"}],"predecessor-version":[{"id":5910,"href":"https:\/\/novalion-med.com\/es\/wp-json\/wp\/v2\/product\/5906\/revisions\/5910"}],"wp:featuredmedia":[{"embeddable":true,"href":"https:\/\/novalion-med.com\/es\/wp-json\/wp\/v2\/media\/5879"}],"wp:attachment":[{"href":"https:\/\/novalion-med.com\/es\/wp-json\/wp\/v2\/media?parent=5906"}],"wp:term":[{"taxonomy":"product_brand","embeddable":true,"href":"https:\/\/novalion-med.com\/es\/wp-json\/wp\/v2\/product_brand?post=5906"},{"taxonomy":"product_cat","embeddable":true,"href":"https:\/\/novalion-med.com\/es\/wp-json\/wp\/v2\/product_cat?post=5906"},{"taxonomy":"product_tag","embeddable":true,"href":"https:\/\/novalion-med.com\/es\/wp-json\/wp\/v2\/product_tag?post=5906"}],"curies":[{"name":"wp","href":"https:\/\/api.w.org\/{rel}","templated":true}]}}