{"id":5850,"date":"2025-06-20T06:00:42","date_gmt":"2025-06-20T06:00:42","guid":{"rendered":"https:\/\/novalion-med.com\/?post_type=product&#038;p=5850"},"modified":"2025-06-20T06:06:24","modified_gmt":"2025-06-20T06:06:24","slug":"silla-comoda-de-bano-ligera-y-plegable","status":"publish","type":"product","link":"https:\/\/novalion-med.com\/es\/producto\/silla-comoda-de-bano-ligera-y-plegable\/","title":{"rendered":"Silla de ba\u00f1o plegable y ligera"},"content":{"rendered":"<div data-elementor-type=\"product-post\" data-elementor-id=\"5850\" class=\"elementor elementor-5850\" data-elementor-post-type=\"product\">\n\t\t\t\t<div class=\"elementor-element elementor-element-1c93f1cb e-con-full e-flex e-con e-parent\" data-id=\"1c93f1cb\" data-element_type=\"container\">\n\t\t\t\t<div class=\"elementor-element elementor-element-2240ff1 elementor-widget elementor-widget-heading\" data-id=\"2240ff1\" data-element_type=\"widget\" data-widget_type=\"heading.default\">\n\t\t\t\t<div class=\"elementor-widget-container\">\n\t\t\t\t\t<h2 class=\"elementor-heading-title elementor-size-default\">Silla de ba\u00f1o plegable y ligera<\/h2>\t\t\t\t<\/div>\n\t\t\t\t<\/div>\n\t\t\t\t<div class=\"elementor-element elementor-element-45d8c46 elementor-widget elementor-widget-text-editor\" data-id=\"45d8c46\" data-element_type=\"widget\" data-widget_type=\"text-editor.default\">\n\t\t\t\t<div class=\"elementor-widget-container\">\n\t\t\t\t\t\t\t\t\t<p>Invierta en esta silla c\u00f3moda por su dise\u00f1o ligero y plegable, perfecto para guardarla y transportarla f\u00e1cilmente. Fabricada en hierro resistente y ABS de color azul, ofrece estabilidad antideslizante con un tubo engrosado, garantizando seguridad y fiabilidad para el uso diario en el ba\u00f1o. Su dise\u00f1o multifuncional satisface diversas necesidades, lo que la convierte en una elecci\u00f3n pr\u00e1ctica.<\/p>\t\t\t\t\t\t\t\t<\/div>\n\t\t\t\t<\/div>\n\t\t\t\t<div class=\"elementor-element elementor-element-7152afc elementor-widget elementor-widget-text-editor\" data-id=\"7152afc\" data-element_type=\"widget\" data-widget_type=\"text-editor.default\">\n\t\t\t\t<div class=\"elementor-widget-container\">\n\t\t\t\t\t\t\t\t\t<h2>Caracter\u00edsticas principales<\/h2><p>Experimente la m\u00e1xima comodidad en el ba\u00f1o con nuestra silla c\u00f3moda azul, ligera y plegable. Fabricada en hierro resistente y ABS, su dise\u00f1o antideslizante y el tubo grueso garantizan la seguridad, mientras que su multifuncionalidad satisface las necesidades diarias.<\/p><ul><li>Dise\u00f1o ligero y plegable para facilitar su almacenamiento y transporte<\/li><li>Construcci\u00f3n de hierro y ABS para mayor durabilidad y resistencia a la corrosi\u00f3n<\/li><li>Tubo engrosado para mejorar la estabilidad antideslizante<\/li><li>Uso multifuncional en cuartos de ba\u00f1o<\/li><li>Tama\u00f1o compacto: 52 cm de largo x 46 cm de ancho x 77 cm de alto<\/li><\/ul>\t\t\t\t\t\t\t\t<\/div>\n\t\t\t\t<\/div>\n\t\t\t\t<div class=\"elementor-element elementor-element-3a02177 elementor-widget elementor-widget-text-editor\" data-id=\"3a02177\" data-element_type=\"widget\" data-widget_type=\"text-editor.default\">\n\t\t\t\t<div class=\"elementor-widget-container\">\n\t\t\t\t\t\t\t\t\t<h2>Especificaciones<\/h2><table><tbody><tr><td width=\"227\"><p><strong>Nombre del producto<\/strong><\/p><\/td><td width=\"590\"><p style=\"text-align: center;\">Silla de ba\u00f1o plegable y ligera<\/p><\/td><\/tr><tr><td width=\"227\"><p><strong>Aplicaci\u00f3n<\/strong><\/p><\/td><td width=\"590\"><p style=\"text-align: center;\">Cuarto de ba\u00f1o<\/p><\/td><\/tr><tr><td width=\"227\"><p><strong>Material <\/strong><\/p><\/td><td width=\"590\"><p style=\"text-align: center;\">Hierro y ABS<\/p><\/td><\/tr><tr><td width=\"227\"><p><strong>Color<\/strong><\/p><\/td><td width=\"590\"><p style=\"text-align: center;\">Azul<\/p><\/td><\/tr><tr><td width=\"227\"><p><strong>Longitud total<\/strong><\/p><\/td><td width=\"590\"><p style=\"text-align: center;\">Unos 52 cm<\/p><\/td><\/tr><tr><td width=\"227\"><p><strong>Anchura total<\/strong><\/p><\/td><td width=\"590\"><p style=\"text-align: center;\">Unos 46 cm<\/p><\/td><\/tr><tr><td width=\"227\"><p><strong>Altura total<\/strong><\/p><\/td><td width=\"590\"><p style=\"text-align: center;\">Unos 77 cm<\/p><\/td><\/tr><tr><td width=\"227\"><p><strong>Tama\u00f1o del embalaje<\/strong><\/p><\/td><td width=\"590\"><p style=\"text-align: center;\">83*55*55cm, 6pcs\/ctn<\/p><\/td><\/tr><tr><td width=\"227\"><p><strong>G.W.<\/strong><\/p><\/td><td width=\"590\"><p style=\"text-align: center;\">24 kg<\/p><\/td><\/tr><\/tbody><\/table>\t\t\t\t\t\t\t\t<\/div>\n\t\t\t\t<\/div>\n\t\t\t\t<div class=\"elementor-element elementor-element-2996df9 elementor-widget elementor-widget-text-editor\" data-id=\"2996df9\" data-element_type=\"widget\" data-widget_type=\"text-editor.default\">\n\t\t\t\t<div class=\"elementor-widget-container\">\n\t\t\t\t\t\t\t\t\t<p>Encontrar\u00e1 m\u00e1s equipos m\u00e9dicos en <a href=\"https:\/\/novalion-med.com\/es\/\" target=\"_blank\" rel=\"noopener\">nuestro sitio web<\/a> o <a href=\"https:\/\/api.whatsapp.com\/send\/?phone=%2B008618112908401&amp;text&amp;type=phone_number&amp;app_absent=0\" target=\"_blank\" rel=\"noopener\">nuestro whatsapp<\/a>.<\/p>\t\t\t\t\t\t\t\t<\/div>\n\t\t\t\t<\/div>\n\t\t\t\t<\/div>\n\t\t\t\t<\/div>","protected":false},"excerpt":{"rendered":"<p>Esta silla c\u00f3moda Novalion est\u00e1 dise\u00f1ada para su uso en el ba\u00f1o, con una construcci\u00f3n ligera y plegable que garantiza una f\u00e1cil movilidad y almacenamiento. Fabricada con materiales duraderos de hierro y ABS, la silla se presenta en un elegante color azul que combina funcionalidad y atractivo est\u00e9tico. Su dise\u00f1o antideslizante y estable, reforzado por un tubo grueso, proporciona un apoyo fiable a los usuarios. La silla mide aproximadamente 52 cm de longitud total, 46 cm de anchura y 77 cm de altura, lo que la hace adecuada para espacios de ba\u00f1o est\u00e1ndar. Con un tama\u00f1o de embalaje de 83\u00d755\u00d755cm y 6 piezas por caja, es conveniente para el env\u00edo y el almacenamiento. Con un peso bruto de 24 kg, esta silla c\u00f3moda multifuncional ofrece practicidad y durabilidad para las necesidades diarias del cuarto de ba\u00f1o.<\/p>","protected":false},"featured_media":5841,"template":"elementor_theme","meta":{"site-sidebar-layout":"default","site-content-layout":"","ast-site-content-layout":"default","site-content-style":"default","site-sidebar-style":"default","ast-global-header-display":"","ast-banner-title-visibility":"","ast-main-header-display":"","ast-hfb-above-header-display":"","ast-hfb-below-header-display":"","ast-hfb-mobile-header-display":"","site-post-title":"","ast-breadcrumbs-content":"","ast-featured-img":"","footer-sml-layout":"","theme-transparent-header-meta":"default","adv-header-id-meta":"","stick-header-meta":"default","header-above-stick-meta":"","header-main-stick-meta":"","header-below-stick-meta":"","astra-migrate-meta-layouts":"set","ast-page-background-enabled":"default","ast-page-background-meta":{"desktop":{"background-color":"var(--ast-global-color-4)","background-image":"","background-repeat":"repeat","background-position":"center center","background-size":"auto","background-attachment":"scroll","background-type":"","background-media":"","overlay-type":"","overlay-color":"","overlay-opacity":"","overlay-gradient":""},"tablet":{"background-color":"","background-image":"","background-repeat":"repeat","background-position":"center center","background-size":"auto","background-attachment":"scroll","background-type":"","background-media":"","overlay-type":"","overlay-color":"","overlay-opacity":"","overlay-gradient":""},"mobile":{"background-color":"","background-image":"","background-repeat":"repeat","background-position":"center center","background-size":"auto","background-attachment":"scroll","background-type":"","background-media":"","overlay-type":"","overlay-color":"","overlay-opacity":"","overlay-gradient":""}},"ast-content-background-meta":{"desktop":{"background-color":"var(--ast-global-color-5)","background-image":"","background-repeat":"repeat","background-position":"center center","background-size":"auto","background-attachment":"scroll","background-type":"","background-media":"","overlay-type":"","overlay-color":"","overlay-opacity":"","overlay-gradient":""},"tablet":{"background-color":"var(--ast-global-color-5)","background-image":"","background-repeat":"repeat","background-position":"center center","background-size":"auto","background-attachment":"scroll","background-type":"","background-media":"","overlay-type":"","overlay-color":"","overlay-opacity":"","overlay-gradient":""},"mobile":{"background-color":"var(--ast-global-color-5)","background-image":"","background-repeat":"repeat","background-position":"center center","background-size":"auto","background-attachment":"scroll","background-type":"","background-media":"","overlay-type":"","overlay-color":"","overlay-opacity":"","overlay-gradient":""}}},"product_brand":[],"product_cat":[94],"product_tag":[],"class_list":{"0":"post-5850","1":"product","2":"type-product","3":"status-publish","4":"has-post-thumbnail","6":"product_cat-commode-chairs","7":"desktop-align-center","8":"tablet-align-left","9":"mobile-align-left","10":"ast-product-gallery-layout-horizontal-slider","11":"ast-magnify-disabled","12":"ast-product-tabs-layout-accordion","13":"ast-qv-on-image","15":"first","16":"instock","17":"shipping-taxable","18":"purchasable","19":"product-type-simple"},"aioseo_notices":[],"aioseo_head":"\n\t\t<!-- All in One SEO Pro 4.6.0 - aioseo.com -->\n\t\t<meta name=\"description\" content=\"Crafted from iron and ABS in blue, this commode chair offers lightweight foldability for durability. Ideal for bathroom use with compact dimensions.\" \/>\n\t\t<meta name=\"robots\" content=\"max-image-preview:large\" \/>\n\t\t<meta name=\"google-site-verification\" content=\"XE0Krczs_zYC4qBAqnvyRaNEYa9NQEP4HzU7PPpzxoI\" \/>\n\t\t<link rel=\"canonical\" href=\"https:\/\/novalion-med.com\/es\/producto\/silla-comoda-de-bano-ligera-y-plegable\/\" \/>\n\t\t<meta name=\"generator\" content=\"All in One SEO Pro (AIOSEO) 4.6.0\" \/>\n\t\t<meta property=\"og:locale\" content=\"es_ES\" \/>\n\t\t<meta property=\"og:site_name\" content=\"Novalion Medical \u2013 Wheelchair, Hospital bed, Walker,Commode chair,Crutch...\" \/>\n\t\t<meta property=\"og:type\" content=\"article\" \/>\n\t\t<meta property=\"og:title\" content=\"Lightweight Foldable Bathroom Commode Chair\" \/>\n\t\t<meta property=\"og:description\" content=\"Crafted from iron and ABS in blue, this commode chair offers lightweight foldability for durability. Ideal for bathroom use with compact dimensions.\" \/>\n\t\t<meta property=\"og:url\" content=\"https:\/\/novalion-med.com\/es\/producto\/silla-comoda-de-bano-ligera-y-plegable\/\" \/>\n\t\t<meta property=\"og:image\" content=\"https:\/\/novalion-med.com\/wp-content\/uploads\/2025\/04\/cropped-343496212_201698782614433_8037205422525878621_n-1.jpg\" \/>\n\t\t<meta property=\"og:image:secure_url\" content=\"https:\/\/novalion-med.com\/wp-content\/uploads\/2025\/04\/cropped-343496212_201698782614433_8037205422525878621_n-1.jpg\" \/>\n\t\t<meta property=\"og:image:width\" content=\"512\" \/>\n\t\t<meta property=\"og:image:height\" content=\"512\" \/>\n\t\t<meta property=\"article:published_time\" content=\"2025-06-20T06:00:42+00:00\" \/>\n\t\t<meta property=\"article:modified_time\" content=\"2025-06-20T06:06:24+00:00\" \/>\n\t\t<meta property=\"article:publisher\" content=\"https:\/\/www.facebook.com\/NovalionMedical\/\" \/>\n\t\t<meta name=\"twitter:card\" content=\"summary_large_image\" \/>\n\t\t<meta name=\"twitter:title\" content=\"Lightweight Foldable Bathroom Commode Chair\" \/>\n\t\t<meta name=\"twitter:description\" content=\"Crafted from iron and ABS in blue, this commode chair offers lightweight foldability for durability. Ideal for bathroom use with compact dimensions.\" \/>\n\t\t<meta name=\"twitter:image\" content=\"https:\/\/novalion-med.com\/wp-content\/uploads\/2025\/04\/cropped-343496212_201698782614433_8037205422525878621_n-1.jpg\" \/>\n\t\t<script type=\"application\/ld+json\" class=\"aioseo-schema\">\n\t\t\t{\"@context\":\"https:\\\/\\\/schema.org\",\"@graph\":[{\"@type\":\"BreadcrumbList\",\"@id\":\"https:\\\/\\\/novalion-med.com\\\/es\\\/producto\\\/silla-comoda-de-bano-ligera-y-plegable\\\/#breadcrumblist\",\"itemListElement\":[{\"@type\":\"ListItem\",\"@id\":\"https:\\\/\\\/novalion-med.com\\\/es\\\/#listItem\",\"position\":1,\"name\":\"Home\",\"item\":\"https:\\\/\\\/novalion-med.com\\\/es\\\/\",\"nextItem\":\"https:\\\/\\\/novalion-med.com\\\/es\\\/producto\\\/silla-comoda-de-bano-ligera-y-plegable\\\/#listItem\"},{\"@type\":\"ListItem\",\"@id\":\"https:\\\/\\\/novalion-med.com\\\/es\\\/producto\\\/silla-comoda-de-bano-ligera-y-plegable\\\/#listItem\",\"position\":2,\"name\":\"Lightweight Foldable Bathroom Commode Chair\",\"previousItem\":\"https:\\\/\\\/novalion-med.com\\\/es\\\/#listItem\"}]},{\"@type\":\"Organization\",\"@id\":\"https:\\\/\\\/novalion-med.com\\\/es\\\/#organization\",\"name\":\"novalion-med.com\",\"url\":\"https:\\\/\\\/novalion-med.com\\\/es\\\/\",\"logo\":{\"@type\":\"ImageObject\",\"url\":\"https:\\\/\\\/novalion-med.com\\\/wp-content\\\/uploads\\\/2025\\\/04\\\/cropped-343496212_201698782614433_8037205422525878621_n-1.jpg\",\"@id\":\"https:\\\/\\\/novalion-med.com\\\/es\\\/producto\\\/silla-comoda-de-bano-ligera-y-plegable\\\/#organizationLogo\",\"width\":512,\"height\":512},\"image\":{\"@id\":\"https:\\\/\\\/novalion-med.com\\\/es\\\/producto\\\/silla-comoda-de-bano-ligera-y-plegable\\\/#organizationLogo\"},\"sameAs\":[\"https:\\\/\\\/www.facebook.com\\\/NovalionMedical\\\/\",\"https:\\\/\\\/www.youtube.com\\\/@NwlMedicalInstrument\"],\"contactPoint\":{\"@type\":\"ContactPoint\",\"telephone\":\"+8618326188070\",\"contactType\":\"Sales\"}},{\"@type\":\"Product\",\"@id\":\"https:\\\/\\\/novalion-med.com\\\/es\\\/producto\\\/silla-comoda-de-bano-ligera-y-plegable\\\/#wooCommerceProduct\",\"name\":\"Lightweight Foldable Bathroom Commode Chair\",\"description\":\"This Novalion commode chair is designed for bathroom use, featuring a lightweight and foldable construction that ensures easy mobility and storage. Crafted from durable iron and ABS materials, the chair comes in a sleek blue color, combining functionality with aesthetic appeal. Its non-slip and stable design, enhanced by a thicken pipe, provides reliable support for users. The chair measures approximately 52cm in total length, 46cm in width, and 77cm in height, making it suitable for standard bathroom spaces. With a packing size of 83\\u00d755\\u00d755cm and 6 pieces per carton, it is convenient for shipping and storage. Weighing 24kg gross, this multifunctional commode chair offers both practicality and durability for daily bathroom needs.\",\"url\":\"https:\\\/\\\/novalion-med.com\\\/es\\\/producto\\\/silla-comoda-de-bano-ligera-y-plegable\\\/\",\"sku\":\"NL190303A-1\",\"image\":{\"@type\":\"ImageObject\",\"url\":\"https:\\\/\\\/novalion-med.com\\\/wp-content\\\/uploads\\\/2025\\\/06\\\/NL190303A-1-Lightweight-Foldable-Bathroom-Commode-Chair.png\",\"@id\":\"https:\\\/\\\/novalion-med.com\\\/es\\\/producto\\\/silla-comoda-de-bano-ligera-y-plegable\\\/#productImage\",\"width\":600,\"height\":600,\"caption\":\"NL190303A-1 Lightweight Foldable Bathroom Commode Chair\"},\"offers\":{\"@type\":\"Offer\",\"url\":\"https:\\\/\\\/novalion-med.com\\\/es\\\/producto\\\/silla-comoda-de-bano-ligera-y-plegable\\\/#wooCommerceOffer\",\"priceCurrency\":\"PHP\",\"category\":\"Commode Chairs\",\"availability\":\"https:\\\/\\\/schema.org\\\/InStock\",\"seller\":{\"@type\":\"Organization\",\"@id\":\"https:\\\/\\\/novalion-med.com\\\/es\\\/#organization\"},\"price\":111}},{\"@type\":\"WebPage\",\"@id\":\"https:\\\/\\\/novalion-med.com\\\/es\\\/producto\\\/silla-comoda-de-bano-ligera-y-plegable\\\/#webpage\",\"url\":\"https:\\\/\\\/novalion-med.com\\\/es\\\/producto\\\/silla-comoda-de-bano-ligera-y-plegable\\\/\",\"name\":\"Lightweight Foldable Bathroom Commode Chair\",\"description\":\"Crafted from iron and ABS in blue, this commode chair offers lightweight foldability for durability. Ideal for bathroom use with compact dimensions.\",\"inLanguage\":\"es-ES\",\"isPartOf\":{\"@id\":\"https:\\\/\\\/novalion-med.com\\\/es\\\/#website\"},\"breadcrumb\":{\"@id\":\"https:\\\/\\\/novalion-med.com\\\/es\\\/producto\\\/silla-comoda-de-bano-ligera-y-plegable\\\/#breadcrumblist\"},\"image\":{\"@type\":\"ImageObject\",\"url\":\"https:\\\/\\\/novalion-med.com\\\/wp-content\\\/uploads\\\/2025\\\/06\\\/NL190303A-1-Lightweight-Foldable-Bathroom-Commode-Chair.png\",\"@id\":\"https:\\\/\\\/novalion-med.com\\\/es\\\/producto\\\/silla-comoda-de-bano-ligera-y-plegable\\\/#mainImage\",\"width\":600,\"height\":600,\"caption\":\"NL190303A-1 Lightweight Foldable Bathroom Commode Chair\"},\"primaryImageOfPage\":{\"@id\":\"https:\\\/\\\/novalion-med.com\\\/es\\\/producto\\\/silla-comoda-de-bano-ligera-y-plegable\\\/#mainImage\"},\"datePublished\":\"2025-06-20T06:00:42+00:00\",\"dateModified\":\"2025-06-20T06:06:24+00:00\"},{\"@type\":\"WebSite\",\"@id\":\"https:\\\/\\\/novalion-med.com\\\/es\\\/#website\",\"url\":\"https:\\\/\\\/novalion-med.com\\\/es\\\/\",\"name\":\"novalion-med.com\",\"description\":\"Wheelchair, Hospital bed, Walker,Commode chair,Crutch...\",\"inLanguage\":\"es-ES\",\"publisher\":{\"@id\":\"https:\\\/\\\/novalion-med.com\\\/es\\\/#organization\"}}]}\n\t\t<\/script>\n\t\t<!-- All in One SEO Pro -->\r\n\t\t<title>Lightweight Foldable Bathroom Commode Chair<\/title>\n\n","aioseo_head_json":{"title":"Lightweight Foldable Bathroom Commode Chair","description":"Crafted from iron and ABS in blue, this commode chair offers lightweight foldability for durability. Ideal for bathroom use with compact dimensions.","canonical_url":"https:\/\/novalion-med.com\/es\/producto\/silla-comoda-de-bano-ligera-y-plegable\/","robots":"max-image-preview:large","keywords":"","webmasterTools":{"google-site-verification":"XE0Krczs_zYC4qBAqnvyRaNEYa9NQEP4HzU7PPpzxoI","miscellaneous":""},"og:locale":"es_ES","og:site_name":"Novalion Medical \u2013 Wheelchair, Hospital bed, Walker,Commode chair,Crutch...","og:type":"article","og:title":"Lightweight Foldable Bathroom Commode Chair","og:description":"Crafted from iron and ABS in blue, this commode chair offers lightweight foldability for durability. Ideal for bathroom use with compact dimensions.","og:url":"https:\/\/novalion-med.com\/es\/producto\/silla-comoda-de-bano-ligera-y-plegable\/","og:image":"https:\/\/novalion-med.com\/wp-content\/uploads\/2025\/04\/cropped-343496212_201698782614433_8037205422525878621_n-1.jpg","og:image:secure_url":"https:\/\/novalion-med.com\/wp-content\/uploads\/2025\/04\/cropped-343496212_201698782614433_8037205422525878621_n-1.jpg","og:image:width":512,"og:image:height":512,"article:published_time":"2025-06-20T06:00:42+00:00","article:modified_time":"2025-06-20T06:06:24+00:00","article:publisher":"https:\/\/www.facebook.com\/NovalionMedical\/","twitter:card":"summary_large_image","twitter:title":"Lightweight Foldable Bathroom Commode Chair","twitter:description":"Crafted from iron and ABS in blue, this commode chair offers lightweight foldability for durability. Ideal for bathroom use with compact dimensions.","twitter:image":"https:\/\/novalion-med.com\/wp-content\/uploads\/2025\/04\/cropped-343496212_201698782614433_8037205422525878621_n-1.jpg","schema":{"@context":"https:\/\/schema.org","@graph":[{"@type":"BreadcrumbList","@id":"https:\/\/novalion-med.com\/es\/producto\/silla-comoda-de-bano-ligera-y-plegable\/#breadcrumblist","itemListElement":[{"@type":"ListItem","@id":"https:\/\/novalion-med.com\/es\/#listItem","position":1,"name":"Home","item":"https:\/\/novalion-med.com\/es\/","nextItem":"https:\/\/novalion-med.com\/es\/producto\/silla-comoda-de-bano-ligera-y-plegable\/#listItem"},{"@type":"ListItem","@id":"https:\/\/novalion-med.com\/es\/producto\/silla-comoda-de-bano-ligera-y-plegable\/#listItem","position":2,"name":"Lightweight Foldable Bathroom Commode Chair","previousItem":"https:\/\/novalion-med.com\/es\/#listItem"}]},{"@type":"Organization","@id":"https:\/\/novalion-med.com\/es\/#organization","name":"novalion-med.com","url":"https:\/\/novalion-med.com\/es\/","logo":{"@type":"ImageObject","url":"https:\/\/novalion-med.com\/wp-content\/uploads\/2025\/04\/cropped-343496212_201698782614433_8037205422525878621_n-1.jpg","@id":"https:\/\/novalion-med.com\/es\/producto\/silla-comoda-de-bano-ligera-y-plegable\/#organizationLogo","width":512,"height":512},"image":{"@id":"https:\/\/novalion-med.com\/es\/producto\/silla-comoda-de-bano-ligera-y-plegable\/#organizationLogo"},"sameAs":["https:\/\/www.facebook.com\/NovalionMedical\/","https:\/\/www.youtube.com\/@NwlMedicalInstrument"],"contactPoint":{"@type":"ContactPoint","telephone":"+8618326188070","contactType":"Sales"}},{"@type":"Product","@id":"https:\/\/novalion-med.com\/es\/producto\/silla-comoda-de-bano-ligera-y-plegable\/#wooCommerceProduct","name":"Lightweight Foldable Bathroom Commode Chair","description":"This Novalion commode chair is designed for bathroom use, featuring a lightweight and foldable construction that ensures easy mobility and storage. Crafted from durable iron and ABS materials, the chair comes in a sleek blue color, combining functionality with aesthetic appeal. Its non-slip and stable design, enhanced by a thicken pipe, provides reliable support for users. The chair measures approximately 52cm in total length, 46cm in width, and 77cm in height, making it suitable for standard bathroom spaces. With a packing size of 83\u00d755\u00d755cm and 6 pieces per carton, it is convenient for shipping and storage. Weighing 24kg gross, this multifunctional commode chair offers both practicality and durability for daily bathroom needs.","url":"https:\/\/novalion-med.com\/es\/producto\/silla-comoda-de-bano-ligera-y-plegable\/","sku":"NL190303A-1","image":{"@type":"ImageObject","url":"https:\/\/novalion-med.com\/wp-content\/uploads\/2025\/06\/NL190303A-1-Lightweight-Foldable-Bathroom-Commode-Chair.png","@id":"https:\/\/novalion-med.com\/es\/producto\/silla-comoda-de-bano-ligera-y-plegable\/#productImage","width":600,"height":600,"caption":"NL190303A-1 Lightweight Foldable Bathroom Commode Chair"},"offers":{"@type":"Offer","url":"https:\/\/novalion-med.com\/es\/producto\/silla-comoda-de-bano-ligera-y-plegable\/#wooCommerceOffer","priceCurrency":"PHP","category":"Commode Chairs","availability":"https:\/\/schema.org\/InStock","seller":{"@type":"Organization","@id":"https:\/\/novalion-med.com\/es\/#organization"},"price":111}},{"@type":"WebPage","@id":"https:\/\/novalion-med.com\/es\/producto\/silla-comoda-de-bano-ligera-y-plegable\/#webpage","url":"https:\/\/novalion-med.com\/es\/producto\/silla-comoda-de-bano-ligera-y-plegable\/","name":"Lightweight Foldable Bathroom Commode Chair","description":"Crafted from iron and ABS in blue, this commode chair offers lightweight foldability for durability. Ideal for bathroom use with compact dimensions.","inLanguage":"es-ES","isPartOf":{"@id":"https:\/\/novalion-med.com\/es\/#website"},"breadcrumb":{"@id":"https:\/\/novalion-med.com\/es\/producto\/silla-comoda-de-bano-ligera-y-plegable\/#breadcrumblist"},"image":{"@type":"ImageObject","url":"https:\/\/novalion-med.com\/wp-content\/uploads\/2025\/06\/NL190303A-1-Lightweight-Foldable-Bathroom-Commode-Chair.png","@id":"https:\/\/novalion-med.com\/es\/producto\/silla-comoda-de-bano-ligera-y-plegable\/#mainImage","width":600,"height":600,"caption":"NL190303A-1 Lightweight Foldable Bathroom Commode Chair"},"primaryImageOfPage":{"@id":"https:\/\/novalion-med.com\/es\/producto\/silla-comoda-de-bano-ligera-y-plegable\/#mainImage"},"datePublished":"2025-06-20T06:00:42+00:00","dateModified":"2025-06-20T06:06:24+00:00"},{"@type":"WebSite","@id":"https:\/\/novalion-med.com\/es\/#website","url":"https:\/\/novalion-med.com\/es\/","name":"novalion-med.com","description":"Wheelchair, Hospital bed, Walker,Commode chair,Crutch...","inLanguage":"es-ES","publisher":{"@id":"https:\/\/novalion-med.com\/es\/#organization"}}]}},"aioseo_meta_data":{"post_id":"5850","title":"Lightweight Foldable Bathroom Commode Chair","description":"Crafted from iron and ABS in blue, this commode chair offers lightweight foldability for durability. Ideal for bathroom use with compact dimensions.","keywords":"[]","keyphrases":"{\"focus\":{\"keyphrase\":\"\",\"score\":0,\"analysis\":{\"keyphraseInTitle\":{\"score\":0,\"maxScore\":9,\"error\":1}}},\"additional\":[]}","primary_term":null,"canonical_url":null,"og_title":null,"og_description":null,"og_object_type":"default","og_image_type":"default","og_image_url":null,"og_image_width":null,"og_image_height":null,"og_image_custom_url":null,"og_image_custom_fields":null,"og_video":"","og_custom_url":null,"og_article_section":null,"og_article_tags":"[]","twitter_use_og":false,"twitter_card":"default","twitter_image_type":"default","twitter_image_url":null,"twitter_image_custom_url":null,"twitter_image_custom_fields":null,"twitter_title":null,"twitter_description":null,"schema":{"blockGraphs":[],"customGraphs":[],"default":{"data":{"Article":[],"Course":[],"Dataset":[],"FAQPage":[],"Movie":[],"Person":[],"Product":[],"Recipe":[],"Service":[],"SoftwareApplication":[],"WebPage":[]},"graphName":"Product","isEnabled":true},"graphs":[]},"schema_type":"default","schema_type_options":null,"pillar_content":false,"robots_default":true,"robots_noindex":false,"robots_noarchive":false,"robots_nosnippet":false,"robots_nofollow":false,"robots_noimageindex":false,"robots_noodp":false,"robots_notranslate":false,"robots_max_snippet":"-1","robots_max_videopreview":"-1","robots_max_imagepreview":"large","priority":null,"frequency":"default","local_seo":null,"limit_modified_date":false,"created":"2025-06-20 06:00:42","updated":"2025-06-20 06:13:33"},"_links":{"self":[{"href":"https:\/\/novalion-med.com\/es\/wp-json\/wp\/v2\/product\/5850","targetHints":{"allow":["GET"]}}],"collection":[{"href":"https:\/\/novalion-med.com\/es\/wp-json\/wp\/v2\/product"}],"about":[{"href":"https:\/\/novalion-med.com\/es\/wp-json\/wp\/v2\/types\/product"}],"version-history":[{"count":7,"href":"https:\/\/novalion-med.com\/es\/wp-json\/wp\/v2\/product\/5850\/revisions"}],"predecessor-version":[{"id":5857,"href":"https:\/\/novalion-med.com\/es\/wp-json\/wp\/v2\/product\/5850\/revisions\/5857"}],"wp:featuredmedia":[{"embeddable":true,"href":"https:\/\/novalion-med.com\/es\/wp-json\/wp\/v2\/media\/5841"}],"wp:attachment":[{"href":"https:\/\/novalion-med.com\/es\/wp-json\/wp\/v2\/media?parent=5850"}],"wp:term":[{"taxonomy":"product_brand","embeddable":true,"href":"https:\/\/novalion-med.com\/es\/wp-json\/wp\/v2\/product_brand?post=5850"},{"taxonomy":"product_cat","embeddable":true,"href":"https:\/\/novalion-med.com\/es\/wp-json\/wp\/v2\/product_cat?post=5850"},{"taxonomy":"product_tag","embeddable":true,"href":"https:\/\/novalion-med.com\/es\/wp-json\/wp\/v2\/product_tag?post=5850"}],"curies":[{"name":"wp","href":"https:\/\/api.w.org\/{rel}","templated":true}]}}