{"id":5816,"date":"2025-06-20T02:42:55","date_gmt":"2025-06-20T02:42:55","guid":{"rendered":"https:\/\/novalion-med.com\/?post_type=product&#038;p=5816"},"modified":"2025-09-26T02:54:35","modified_gmt":"2025-09-26T02:54:35","slug":"camilla-de-acero-de-dos-pliegues-para-pacientes-con-cinturones-de-seguridad","status":"publish","type":"product","link":"https:\/\/novalion-med.com\/es\/producto\/camilla-de-acero-de-dos-pliegues-para-pacientes-con-cinturones-de-seguridad\/","title":{"rendered":"Camilla de acero de dos pliegues con cinturones de seguridad"},"content":{"rendered":"<div data-elementor-type=\"product-post\" data-elementor-id=\"5816\" class=\"elementor elementor-5816\" data-elementor-post-type=\"product\">\n\t\t\t\t<div class=\"elementor-element elementor-element-1c93f1cb e-con-full e-flex e-con e-parent\" data-id=\"1c93f1cb\" data-element_type=\"container\">\n\t\t\t\t<div class=\"elementor-element elementor-element-2240ff1 elementor-widget elementor-widget-heading\" data-id=\"2240ff1\" data-element_type=\"widget\" data-widget_type=\"heading.default\">\n\t\t\t\t<div class=\"elementor-widget-container\">\n\t\t\t\t\t<h2 class=\"elementor-heading-title elementor-size-default\">Camilla de acero de dos pliegues con cinturones de seguridad<\/h2>\t\t\t\t<\/div>\n\t\t\t\t<\/div>\n\t\t\t\t<div class=\"elementor-element elementor-element-45d8c46 elementor-widget elementor-widget-text-editor\" data-id=\"45d8c46\" data-element_type=\"widget\" data-widget_type=\"text-editor.default\">\n\t\t\t\t<div class=\"elementor-widget-container\">\n\t\t\t\t\t\t\t\t\t<p>Camilla plegable de acero con 200 cm de longitud, 150 kg de capacidad y tejido de tend\u00f3n de buey. Su tama\u00f1o plegado compacto (93\u00d750\u00d710cm) facilita el almacenamiento y el transporte de emergencia.<\/p>\t\t\t\t\t\t\t\t<\/div>\n\t\t\t\t<\/div>\n\t\t\t\t<div class=\"elementor-element elementor-element-7152afc elementor-widget elementor-widget-text-editor\" data-id=\"7152afc\" data-element_type=\"widget\" data-widget_type=\"text-editor.default\">\n\t\t\t\t<div class=\"elementor-widget-container\">\n\t\t\t\t\t\t\t\t\t<h2>Caracter\u00edsticas principales<\/h2><p>\"Camilla plegable de acero con 200cm de longitud, 150kg de capacidad, tejido de tend\u00f3n de buey y cinturones de seguridad. Dise\u00f1o plegable compacto (93\u00d750\u00d710cm) para facilitar el almacenamiento y el transporte de emergencia.\"<\/p><ul><li>Dise\u00f1o de acero plegable (200\u00d753\u00d718cm desplegado \/ 93\u00d750\u00d710cm plegado)<\/li><li>150 kg de capacidad de carga con tejido de tend\u00f3n de buey y cinturones de seguridad<\/li><li>Pulverizaci\u00f3n de pl\u00e1stico de alta resistencia a la corrosi\u00f3n<\/li><li>Almacenamiento compacto y f\u00e1cil transporte con 2 rodillos<\/li><\/ul>\t\t\t\t\t\t\t\t<\/div>\n\t\t\t\t<\/div>\n\t\t\t\t<div class=\"elementor-element elementor-element-3a02177 elementor-widget elementor-widget-text-editor\" data-id=\"3a02177\" data-element_type=\"widget\" data-widget_type=\"text-editor.default\">\n\t\t\t\t<div class=\"elementor-widget-container\">\n\t\t\t\t\t\t\t\t\t<h2>Especificaciones<\/h2><p>Largo: 200cm Ancho:53cm Alto:18cm<br \/>Una vez plegado, Largo: 93 cm Ancho: 50 cm Alto: 10 cm<\/p><table width=\"290\"><tbody><tr><td width=\"80\">Material del cuerpo del tubo<\/td><td style=\"text-align: center;\" width=\"210\">\u00a0pulverizaci\u00f3n de pl\u00e1sticos de alta resistencia<\/td><\/tr><tr><td>Material de tela<\/td><td style=\"text-align: center;\">\u00a0tejido de tend\u00f3n de buey<\/td><\/tr><tr><td>Rodillo<\/td><td style=\"text-align: center;\">2<\/td><\/tr><tr><td>Cintur\u00f3n de seguridad<\/td><td style=\"text-align: center;\">2<\/td><\/tr><tr><td>Capacidad de carga<\/td><td style=\"text-align: center;\">150 kg<\/td><\/tr><\/tbody><\/table>\t\t\t\t\t\t\t\t<\/div>\n\t\t\t\t<\/div>\n\t\t\t\t<div class=\"elementor-element elementor-element-2996df9 elementor-widget elementor-widget-text-editor\" data-id=\"2996df9\" data-element_type=\"widget\" data-widget_type=\"text-editor.default\">\n\t\t\t\t<div class=\"elementor-widget-container\">\n\t\t\t\t\t\t\t\t\t<p>Encontrar\u00e1 m\u00e1s equipos m\u00e9dicos en <a href=\"https:\/\/novalion-med.com\/es\/\" target=\"_blank\" rel=\"noopener\">nuestro sitio web<\/a> o <a href=\"https:\/\/api.whatsapp.com\/send\/?phone=%2B008618112908401&amp;text&amp;type=phone_number&amp;app_absent=0\" target=\"_blank\" rel=\"noopener\">nuestro whatsapp<\/a>.<\/p>\t\t\t\t\t\t\t\t<\/div>\n\t\t\t\t<\/div>\n\t\t\t\t<\/div>\n\t\t\t\t<\/div>","protected":false},"excerpt":{"rendered":"<p>La camilla de acero de dos pliegues est\u00e1 dise\u00f1ada para facilitar su transporte y almacenamiento, con una longitud de 200 cm, una anchura de 53 cm y una altura de 18 cm cuando est\u00e1 desplegada. Una vez plegada, mide 93 cm de largo, 50 cm de ancho y 10 cm de alto, lo que la hace compacta. El cuerpo del tubo est\u00e1 hecho de pl\u00e1stico pulverizado de alta resistencia, y el material de la tela es tejido de tend\u00f3n de buey, lo que garantiza su durabilidad. Tiene 2 rodillos y 2 cinturones de seguridad, proporcionando un transporte seguro del paciente. Con una capacidad de carga de 150 kg, esta camilla de acero plegable es pr\u00e1ctica para situaciones de emergencia y necesidades m\u00e9dicas m\u00f3viles.<\/p>","protected":false},"featured_media":9575,"template":"elementor_theme","meta":{"site-sidebar-layout":"default","site-content-layout":"","ast-site-content-layout":"default","site-content-style":"default","site-sidebar-style":"default","ast-global-header-display":"","ast-banner-title-visibility":"","ast-main-header-display":"","ast-hfb-above-header-display":"","ast-hfb-below-header-display":"","ast-hfb-mobile-header-display":"","site-post-title":"","ast-breadcrumbs-content":"","ast-featured-img":"","footer-sml-layout":"","theme-transparent-header-meta":"default","adv-header-id-meta":"","stick-header-meta":"default","header-above-stick-meta":"","header-main-stick-meta":"","header-below-stick-meta":"","astra-migrate-meta-layouts":"set","ast-page-background-enabled":"default","ast-page-background-meta":{"desktop":{"background-color":"var(--ast-global-color-4)","background-image":"","background-repeat":"repeat","background-position":"center center","background-size":"auto","background-attachment":"scroll","background-type":"","background-media":"","overlay-type":"","overlay-color":"","overlay-opacity":"","overlay-gradient":""},"tablet":{"background-color":"","background-image":"","background-repeat":"repeat","background-position":"center center","background-size":"auto","background-attachment":"scroll","background-type":"","background-media":"","overlay-type":"","overlay-color":"","overlay-opacity":"","overlay-gradient":""},"mobile":{"background-color":"","background-image":"","background-repeat":"repeat","background-position":"center center","background-size":"auto","background-attachment":"scroll","background-type":"","background-media":"","overlay-type":"","overlay-color":"","overlay-opacity":"","overlay-gradient":""}},"ast-content-background-meta":{"desktop":{"background-color":"var(--ast-global-color-5)","background-image":"","background-repeat":"repeat","background-position":"center center","background-size":"auto","background-attachment":"scroll","background-type":"","background-media":"","overlay-type":"","overlay-color":"","overlay-opacity":"","overlay-gradient":""},"tablet":{"background-color":"var(--ast-global-color-5)","background-image":"","background-repeat":"repeat","background-position":"center center","background-size":"auto","background-attachment":"scroll","background-type":"","background-media":"","overlay-type":"","overlay-color":"","overlay-opacity":"","overlay-gradient":""},"mobile":{"background-color":"var(--ast-global-color-5)","background-image":"","background-repeat":"repeat","background-position":"center center","background-size":"auto","background-attachment":"scroll","background-type":"","background-media":"","overlay-type":"","overlay-color":"","overlay-opacity":"","overlay-gradient":""}}},"product_brand":[],"product_cat":[99],"product_tag":[],"class_list":{"0":"post-5816","1":"product","2":"type-product","3":"status-publish","4":"has-post-thumbnail","6":"product_cat-transfer-stretchers","7":"desktop-align-center","8":"tablet-align-left","9":"mobile-align-left","10":"ast-product-gallery-layout-horizontal-slider","11":"ast-product-gallery-with-no-image","12":"ast-magnify-disabled","13":"ast-product-tabs-layout-accordion","14":"ast-qv-on-image","16":"first","17":"instock","18":"shipping-taxable","19":"purchasable","20":"product-type-simple"},"aioseo_notices":[],"aioseo_head":"\n\t\t<!-- All in One SEO Pro 4.6.0 - aioseo.com -->\n\t\t<meta name=\"description\" content=\"This foldable steel stretcher measures 200\u00d753cm, folds to 93\u00d750cm, supports 150kg, and features ox tendon fabric and safety belts.\" \/>\n\t\t<meta name=\"robots\" content=\"max-image-preview:large\" \/>\n\t\t<meta name=\"google-site-verification\" content=\"XE0Krczs_zYC4qBAqnvyRaNEYa9NQEP4HzU7PPpzxoI\" \/>\n\t\t<link rel=\"canonical\" href=\"https:\/\/novalion-med.com\/es\/producto\/camilla-de-acero-de-dos-pliegues-para-pacientes-con-cinturones-de-seguridad\/\" \/>\n\t\t<meta name=\"generator\" content=\"All in One SEO Pro (AIOSEO) 4.6.0\" \/>\n\t\t<meta property=\"og:locale\" content=\"es_ES\" \/>\n\t\t<meta property=\"og:site_name\" content=\"Novalion Medical \u2013 Wheelchair, Hospital bed, Walker,Commode chair,Crutch...\" \/>\n\t\t<meta property=\"og:type\" content=\"article\" \/>\n\t\t<meta property=\"og:title\" content=\"Steel Two-Fold Patient Stretcher with Safety Belts\" \/>\n\t\t<meta property=\"og:description\" content=\"This foldable steel stretcher measures 200\u00d753cm, folds to 93\u00d750cm, supports 150kg, and features ox tendon fabric and safety belts.\" \/>\n\t\t<meta property=\"og:url\" content=\"https:\/\/novalion-med.com\/es\/producto\/camilla-de-acero-de-dos-pliegues-para-pacientes-con-cinturones-de-seguridad\/\" \/>\n\t\t<meta property=\"og:image\" content=\"https:\/\/novalion-med.com\/wp-content\/uploads\/2025\/04\/cropped-343496212_201698782614433_8037205422525878621_n-1.jpg\" \/>\n\t\t<meta property=\"og:image:secure_url\" content=\"https:\/\/novalion-med.com\/wp-content\/uploads\/2025\/04\/cropped-343496212_201698782614433_8037205422525878621_n-1.jpg\" \/>\n\t\t<meta property=\"og:image:width\" content=\"512\" \/>\n\t\t<meta property=\"og:image:height\" content=\"512\" \/>\n\t\t<meta property=\"article:published_time\" content=\"2025-06-20T02:42:55+00:00\" \/>\n\t\t<meta property=\"article:modified_time\" content=\"2025-09-26T02:54:35+00:00\" \/>\n\t\t<meta property=\"article:publisher\" content=\"https:\/\/www.facebook.com\/NovalionMedical\/\" \/>\n\t\t<meta name=\"twitter:card\" content=\"summary_large_image\" \/>\n\t\t<meta name=\"twitter:title\" content=\"Steel Two-Fold Patient Stretcher with Safety Belts\" \/>\n\t\t<meta name=\"twitter:description\" content=\"This foldable steel stretcher measures 200\u00d753cm, folds to 93\u00d750cm, supports 150kg, and features ox tendon fabric and safety belts.\" \/>\n\t\t<meta name=\"twitter:image\" content=\"https:\/\/novalion-med.com\/wp-content\/uploads\/2025\/04\/cropped-343496212_201698782614433_8037205422525878621_n-1.jpg\" \/>\n\t\t<script type=\"application\/ld+json\" class=\"aioseo-schema\">\n\t\t\t{\"@context\":\"https:\\\/\\\/schema.org\",\"@graph\":[{\"@type\":\"BreadcrumbList\",\"@id\":\"https:\\\/\\\/novalion-med.com\\\/es\\\/producto\\\/camilla-de-acero-de-dos-pliegues-para-pacientes-con-cinturones-de-seguridad\\\/#breadcrumblist\",\"itemListElement\":[{\"@type\":\"ListItem\",\"@id\":\"https:\\\/\\\/novalion-med.com\\\/es\\\/#listItem\",\"position\":1,\"name\":\"Home\",\"item\":\"https:\\\/\\\/novalion-med.com\\\/es\\\/\",\"nextItem\":\"https:\\\/\\\/novalion-med.com\\\/es\\\/producto\\\/camilla-de-acero-de-dos-pliegues-para-pacientes-con-cinturones-de-seguridad\\\/#listItem\"},{\"@type\":\"ListItem\",\"@id\":\"https:\\\/\\\/novalion-med.com\\\/es\\\/producto\\\/camilla-de-acero-de-dos-pliegues-para-pacientes-con-cinturones-de-seguridad\\\/#listItem\",\"position\":2,\"name\":\"Steel Two-Fold Patient Stretcher with Safety Belts\",\"previousItem\":\"https:\\\/\\\/novalion-med.com\\\/es\\\/#listItem\"}]},{\"@type\":\"Organization\",\"@id\":\"https:\\\/\\\/novalion-med.com\\\/es\\\/#organization\",\"name\":\"novalion-med.com\",\"url\":\"https:\\\/\\\/novalion-med.com\\\/es\\\/\",\"logo\":{\"@type\":\"ImageObject\",\"url\":\"https:\\\/\\\/novalion-med.com\\\/wp-content\\\/uploads\\\/2025\\\/04\\\/cropped-343496212_201698782614433_8037205422525878621_n-1.jpg\",\"@id\":\"https:\\\/\\\/novalion-med.com\\\/es\\\/producto\\\/camilla-de-acero-de-dos-pliegues-para-pacientes-con-cinturones-de-seguridad\\\/#organizationLogo\",\"width\":512,\"height\":512},\"image\":{\"@id\":\"https:\\\/\\\/novalion-med.com\\\/es\\\/producto\\\/camilla-de-acero-de-dos-pliegues-para-pacientes-con-cinturones-de-seguridad\\\/#organizationLogo\"},\"sameAs\":[\"https:\\\/\\\/www.facebook.com\\\/NovalionMedical\\\/\",\"https:\\\/\\\/www.youtube.com\\\/@NwlMedicalInstrument\"],\"contactPoint\":{\"@type\":\"ContactPoint\",\"telephone\":\"+8618326188070\",\"contactType\":\"Sales\"}},{\"@type\":\"Product\",\"@id\":\"https:\\\/\\\/novalion-med.com\\\/es\\\/producto\\\/camilla-de-acero-de-dos-pliegues-para-pacientes-con-cinturones-de-seguridad\\\/#wooCommerceProduct\",\"name\":\"Steel Two-Fold Patient Stretcher with Safety Belts\",\"description\":\"The steel two-fold stretcher is designed for easy transport and storage, with a length of 200cm, width of 53cm, and height of 18cm when unfolded. After folding, it measures 93cm in length, 50cm in width, and 10cm in height, making it compact. The pipe body is made of high-strength plastic spraying, and the cloth material is ox tendon fabric, ensuring durability. It has 2 rollers and 2 safety belts, providing secure patient transport. With a bearing capacity of 150kg, this foldable steel stretcher is practical for emergency situations and mobile medical needs.\",\"url\":\"https:\\\/\\\/novalion-med.com\\\/es\\\/producto\\\/camilla-de-acero-de-dos-pliegues-para-pacientes-con-cinturones-de-seguridad\\\/\",\"sku\":\"NL150503-MG01\",\"image\":{\"@type\":\"ImageObject\",\"url\":\"https:\\\/\\\/novalion-med.com\\\/wp-content\\\/uploads\\\/2025\\\/06\\\/NL150503-MG01-Steel-Two-Fold-Patient-Stretcher.jpg\",\"@id\":\"https:\\\/\\\/novalion-med.com\\\/es\\\/producto\\\/camilla-de-acero-de-dos-pliegues-para-pacientes-con-cinturones-de-seguridad\\\/#productImage\",\"width\":1000,\"height\":1000,\"caption\":\"NL150503-MG01 Steel Two-Fold Patient Stretcher\"},\"offers\":{\"@type\":\"Offer\",\"url\":\"https:\\\/\\\/novalion-med.com\\\/es\\\/producto\\\/camilla-de-acero-de-dos-pliegues-para-pacientes-con-cinturones-de-seguridad\\\/#wooCommerceOffer\",\"priceCurrency\":\"PHP\",\"category\":\"Transfer Stretchers\",\"availability\":\"https:\\\/\\\/schema.org\\\/InStock\",\"seller\":{\"@type\":\"Organization\",\"@id\":\"https:\\\/\\\/novalion-med.com\\\/es\\\/#organization\"},\"price\":111}},{\"@type\":\"WebPage\",\"@id\":\"https:\\\/\\\/novalion-med.com\\\/es\\\/producto\\\/camilla-de-acero-de-dos-pliegues-para-pacientes-con-cinturones-de-seguridad\\\/#webpage\",\"url\":\"https:\\\/\\\/novalion-med.com\\\/es\\\/producto\\\/camilla-de-acero-de-dos-pliegues-para-pacientes-con-cinturones-de-seguridad\\\/\",\"name\":\"Steel Two-Fold Patient Stretcher with Safety Belts\",\"description\":\"This foldable steel stretcher measures 200\\u00d753cm, folds to 93\\u00d750cm, supports 150kg, and features ox tendon fabric and safety belts.\",\"inLanguage\":\"es-ES\",\"isPartOf\":{\"@id\":\"https:\\\/\\\/novalion-med.com\\\/es\\\/#website\"},\"breadcrumb\":{\"@id\":\"https:\\\/\\\/novalion-med.com\\\/es\\\/producto\\\/camilla-de-acero-de-dos-pliegues-para-pacientes-con-cinturones-de-seguridad\\\/#breadcrumblist\"},\"image\":{\"@type\":\"ImageObject\",\"url\":\"https:\\\/\\\/novalion-med.com\\\/wp-content\\\/uploads\\\/2025\\\/06\\\/NL150503-MG01-Steel-Two-Fold-Patient-Stretcher.jpg\",\"@id\":\"https:\\\/\\\/novalion-med.com\\\/es\\\/producto\\\/camilla-de-acero-de-dos-pliegues-para-pacientes-con-cinturones-de-seguridad\\\/#mainImage\",\"width\":1000,\"height\":1000,\"caption\":\"NL150503-MG01 Steel Two-Fold Patient Stretcher\"},\"primaryImageOfPage\":{\"@id\":\"https:\\\/\\\/novalion-med.com\\\/es\\\/producto\\\/camilla-de-acero-de-dos-pliegues-para-pacientes-con-cinturones-de-seguridad\\\/#mainImage\"},\"datePublished\":\"2025-06-20T02:42:55+00:00\",\"dateModified\":\"2025-09-26T02:54:35+00:00\"},{\"@type\":\"WebSite\",\"@id\":\"https:\\\/\\\/novalion-med.com\\\/es\\\/#website\",\"url\":\"https:\\\/\\\/novalion-med.com\\\/es\\\/\",\"name\":\"novalion-med.com\",\"description\":\"Wheelchair, Hospital bed, Walker,Commode chair,Crutch...\",\"inLanguage\":\"es-ES\",\"publisher\":{\"@id\":\"https:\\\/\\\/novalion-med.com\\\/es\\\/#organization\"}}]}\n\t\t<\/script>\n\t\t<!-- All in One SEO Pro -->\r\n\t\t<title>Steel Two-Fold Patient Stretcher with Safety Belts<\/title>\n\n","aioseo_head_json":{"title":"Steel Two-Fold Patient Stretcher with Safety Belts","description":"This foldable steel stretcher measures 200\u00d753cm, folds to 93\u00d750cm, supports 150kg, and features ox tendon fabric and safety belts.","canonical_url":"https:\/\/novalion-med.com\/es\/producto\/camilla-de-acero-de-dos-pliegues-para-pacientes-con-cinturones-de-seguridad\/","robots":"max-image-preview:large","keywords":"","webmasterTools":{"google-site-verification":"XE0Krczs_zYC4qBAqnvyRaNEYa9NQEP4HzU7PPpzxoI","miscellaneous":""},"og:locale":"es_ES","og:site_name":"Novalion Medical \u2013 Wheelchair, Hospital bed, Walker,Commode chair,Crutch...","og:type":"article","og:title":"Steel Two-Fold Patient Stretcher with Safety Belts","og:description":"This foldable steel stretcher measures 200\u00d753cm, folds to 93\u00d750cm, supports 150kg, and features ox tendon fabric and safety belts.","og:url":"https:\/\/novalion-med.com\/es\/producto\/camilla-de-acero-de-dos-pliegues-para-pacientes-con-cinturones-de-seguridad\/","og:image":"https:\/\/novalion-med.com\/wp-content\/uploads\/2025\/04\/cropped-343496212_201698782614433_8037205422525878621_n-1.jpg","og:image:secure_url":"https:\/\/novalion-med.com\/wp-content\/uploads\/2025\/04\/cropped-343496212_201698782614433_8037205422525878621_n-1.jpg","og:image:width":512,"og:image:height":512,"article:published_time":"2025-06-20T02:42:55+00:00","article:modified_time":"2025-09-26T02:54:35+00:00","article:publisher":"https:\/\/www.facebook.com\/NovalionMedical\/","twitter:card":"summary_large_image","twitter:title":"Steel Two-Fold Patient Stretcher with Safety Belts","twitter:description":"This foldable steel stretcher measures 200\u00d753cm, folds to 93\u00d750cm, supports 150kg, and features ox tendon fabric and safety belts.","twitter:image":"https:\/\/novalion-med.com\/wp-content\/uploads\/2025\/04\/cropped-343496212_201698782614433_8037205422525878621_n-1.jpg","schema":{"@context":"https:\/\/schema.org","@graph":[{"@type":"BreadcrumbList","@id":"https:\/\/novalion-med.com\/es\/producto\/camilla-de-acero-de-dos-pliegues-para-pacientes-con-cinturones-de-seguridad\/#breadcrumblist","itemListElement":[{"@type":"ListItem","@id":"https:\/\/novalion-med.com\/es\/#listItem","position":1,"name":"Home","item":"https:\/\/novalion-med.com\/es\/","nextItem":"https:\/\/novalion-med.com\/es\/producto\/camilla-de-acero-de-dos-pliegues-para-pacientes-con-cinturones-de-seguridad\/#listItem"},{"@type":"ListItem","@id":"https:\/\/novalion-med.com\/es\/producto\/camilla-de-acero-de-dos-pliegues-para-pacientes-con-cinturones-de-seguridad\/#listItem","position":2,"name":"Steel Two-Fold Patient Stretcher with Safety Belts","previousItem":"https:\/\/novalion-med.com\/es\/#listItem"}]},{"@type":"Organization","@id":"https:\/\/novalion-med.com\/es\/#organization","name":"novalion-med.com","url":"https:\/\/novalion-med.com\/es\/","logo":{"@type":"ImageObject","url":"https:\/\/novalion-med.com\/wp-content\/uploads\/2025\/04\/cropped-343496212_201698782614433_8037205422525878621_n-1.jpg","@id":"https:\/\/novalion-med.com\/es\/producto\/camilla-de-acero-de-dos-pliegues-para-pacientes-con-cinturones-de-seguridad\/#organizationLogo","width":512,"height":512},"image":{"@id":"https:\/\/novalion-med.com\/es\/producto\/camilla-de-acero-de-dos-pliegues-para-pacientes-con-cinturones-de-seguridad\/#organizationLogo"},"sameAs":["https:\/\/www.facebook.com\/NovalionMedical\/","https:\/\/www.youtube.com\/@NwlMedicalInstrument"],"contactPoint":{"@type":"ContactPoint","telephone":"+8618326188070","contactType":"Sales"}},{"@type":"Product","@id":"https:\/\/novalion-med.com\/es\/producto\/camilla-de-acero-de-dos-pliegues-para-pacientes-con-cinturones-de-seguridad\/#wooCommerceProduct","name":"Steel Two-Fold Patient Stretcher with Safety Belts","description":"The steel two-fold stretcher is designed for easy transport and storage, with a length of 200cm, width of 53cm, and height of 18cm when unfolded. After folding, it measures 93cm in length, 50cm in width, and 10cm in height, making it compact. The pipe body is made of high-strength plastic spraying, and the cloth material is ox tendon fabric, ensuring durability. It has 2 rollers and 2 safety belts, providing secure patient transport. With a bearing capacity of 150kg, this foldable steel stretcher is practical for emergency situations and mobile medical needs.","url":"https:\/\/novalion-med.com\/es\/producto\/camilla-de-acero-de-dos-pliegues-para-pacientes-con-cinturones-de-seguridad\/","sku":"NL150503-MG01","image":{"@type":"ImageObject","url":"https:\/\/novalion-med.com\/wp-content\/uploads\/2025\/06\/NL150503-MG01-Steel-Two-Fold-Patient-Stretcher.jpg","@id":"https:\/\/novalion-med.com\/es\/producto\/camilla-de-acero-de-dos-pliegues-para-pacientes-con-cinturones-de-seguridad\/#productImage","width":1000,"height":1000,"caption":"NL150503-MG01 Steel Two-Fold Patient Stretcher"},"offers":{"@type":"Offer","url":"https:\/\/novalion-med.com\/es\/producto\/camilla-de-acero-de-dos-pliegues-para-pacientes-con-cinturones-de-seguridad\/#wooCommerceOffer","priceCurrency":"PHP","category":"Transfer Stretchers","availability":"https:\/\/schema.org\/InStock","seller":{"@type":"Organization","@id":"https:\/\/novalion-med.com\/es\/#organization"},"price":111}},{"@type":"WebPage","@id":"https:\/\/novalion-med.com\/es\/producto\/camilla-de-acero-de-dos-pliegues-para-pacientes-con-cinturones-de-seguridad\/#webpage","url":"https:\/\/novalion-med.com\/es\/producto\/camilla-de-acero-de-dos-pliegues-para-pacientes-con-cinturones-de-seguridad\/","name":"Steel Two-Fold Patient Stretcher with Safety Belts","description":"This foldable steel stretcher measures 200\u00d753cm, folds to 93\u00d750cm, supports 150kg, and features ox tendon fabric and safety belts.","inLanguage":"es-ES","isPartOf":{"@id":"https:\/\/novalion-med.com\/es\/#website"},"breadcrumb":{"@id":"https:\/\/novalion-med.com\/es\/producto\/camilla-de-acero-de-dos-pliegues-para-pacientes-con-cinturones-de-seguridad\/#breadcrumblist"},"image":{"@type":"ImageObject","url":"https:\/\/novalion-med.com\/wp-content\/uploads\/2025\/06\/NL150503-MG01-Steel-Two-Fold-Patient-Stretcher.jpg","@id":"https:\/\/novalion-med.com\/es\/producto\/camilla-de-acero-de-dos-pliegues-para-pacientes-con-cinturones-de-seguridad\/#mainImage","width":1000,"height":1000,"caption":"NL150503-MG01 Steel Two-Fold Patient Stretcher"},"primaryImageOfPage":{"@id":"https:\/\/novalion-med.com\/es\/producto\/camilla-de-acero-de-dos-pliegues-para-pacientes-con-cinturones-de-seguridad\/#mainImage"},"datePublished":"2025-06-20T02:42:55+00:00","dateModified":"2025-09-26T02:54:35+00:00"},{"@type":"WebSite","@id":"https:\/\/novalion-med.com\/es\/#website","url":"https:\/\/novalion-med.com\/es\/","name":"novalion-med.com","description":"Wheelchair, Hospital bed, Walker,Commode chair,Crutch...","inLanguage":"es-ES","publisher":{"@id":"https:\/\/novalion-med.com\/es\/#organization"}}]}},"aioseo_meta_data":{"post_id":"5816","title":"Steel Two-Fold Patient Stretcher with Safety Belts","description":"This foldable steel stretcher measures 200\u00d753cm, folds to 93\u00d750cm, supports 150kg, and features ox tendon fabric and safety belts.","keywords":"[]","keyphrases":"{\"focus\":{\"keyphrase\":\"\",\"score\":0,\"analysis\":{\"keyphraseInTitle\":{\"score\":0,\"maxScore\":9,\"error\":1}}},\"additional\":[]}","primary_term":null,"canonical_url":null,"og_title":null,"og_description":null,"og_object_type":"default","og_image_type":"default","og_image_url":null,"og_image_width":null,"og_image_height":null,"og_image_custom_url":null,"og_image_custom_fields":null,"og_video":"","og_custom_url":null,"og_article_section":null,"og_article_tags":"[]","twitter_use_og":false,"twitter_card":"default","twitter_image_type":"default","twitter_image_url":null,"twitter_image_custom_url":null,"twitter_image_custom_fields":null,"twitter_title":null,"twitter_description":null,"schema":{"blockGraphs":[],"customGraphs":[],"default":{"data":{"Article":[],"Course":[],"Dataset":[],"FAQPage":[],"Movie":[],"Person":[],"Product":[],"Recipe":[],"Service":[],"SoftwareApplication":[],"WebPage":[]},"graphName":"Product","isEnabled":true},"graphs":[]},"schema_type":"default","schema_type_options":null,"pillar_content":false,"robots_default":true,"robots_noindex":false,"robots_noarchive":false,"robots_nosnippet":false,"robots_nofollow":false,"robots_noimageindex":false,"robots_noodp":false,"robots_notranslate":false,"robots_max_snippet":"-1","robots_max_videopreview":"-1","robots_max_imagepreview":"large","priority":null,"frequency":"default","local_seo":null,"limit_modified_date":false,"created":"2025-06-20 02:42:55","updated":"2025-09-26 03:04:34"},"_links":{"self":[{"href":"https:\/\/novalion-med.com\/es\/wp-json\/wp\/v2\/product\/5816","targetHints":{"allow":["GET"]}}],"collection":[{"href":"https:\/\/novalion-med.com\/es\/wp-json\/wp\/v2\/product"}],"about":[{"href":"https:\/\/novalion-med.com\/es\/wp-json\/wp\/v2\/types\/product"}],"version-history":[{"count":8,"href":"https:\/\/novalion-med.com\/es\/wp-json\/wp\/v2\/product\/5816\/revisions"}],"predecessor-version":[{"id":9576,"href":"https:\/\/novalion-med.com\/es\/wp-json\/wp\/v2\/product\/5816\/revisions\/9576"}],"wp:featuredmedia":[{"embeddable":true,"href":"https:\/\/novalion-med.com\/es\/wp-json\/wp\/v2\/media\/9575"}],"wp:attachment":[{"href":"https:\/\/novalion-med.com\/es\/wp-json\/wp\/v2\/media?parent=5816"}],"wp:term":[{"taxonomy":"product_brand","embeddable":true,"href":"https:\/\/novalion-med.com\/es\/wp-json\/wp\/v2\/product_brand?post=5816"},{"taxonomy":"product_cat","embeddable":true,"href":"https:\/\/novalion-med.com\/es\/wp-json\/wp\/v2\/product_cat?post=5816"},{"taxonomy":"product_tag","embeddable":true,"href":"https:\/\/novalion-med.com\/es\/wp-json\/wp\/v2\/product_tag?post=5816"}],"curies":[{"name":"wp","href":"https:\/\/api.w.org\/{rel}","templated":true}]}}