{"id":5697,"date":"2025-06-19T09:45:17","date_gmt":"2025-06-19T09:45:17","guid":{"rendered":"https:\/\/novalion-med.com\/?post_type=product&#038;p=5697"},"modified":"2025-06-19T09:48:38","modified_gmt":"2025-06-19T09:48:38","slug":"silla-ergonomica-para-donacion-de-sangre-con-estructura-de-doble-armazon","status":"publish","type":"product","link":"https:\/\/novalion-med.com\/es\/producto\/silla-ergonomica-para-donacion-de-sangre-con-estructura-de-doble-armazon\/","title":{"rendered":"Silla ergon\u00f3mica para donaci\u00f3n de sangre con estructura de doble armaz\u00f3n"},"content":{"rendered":"<div data-elementor-type=\"product-post\" data-elementor-id=\"5697\" class=\"elementor elementor-5697\" data-elementor-post-type=\"product\">\n\t\t\t\t<div class=\"elementor-element elementor-element-1c93f1cb e-con-full e-flex e-con e-parent\" data-id=\"1c93f1cb\" data-element_type=\"container\">\n\t\t\t\t<div class=\"elementor-element elementor-element-2240ff1 elementor-widget elementor-widget-heading\" data-id=\"2240ff1\" data-element_type=\"widget\" data-widget_type=\"heading.default\">\n\t\t\t\t<div class=\"elementor-widget-container\">\n\t\t\t\t\t<h2 class=\"elementor-heading-title elementor-size-default\">Silla ergon\u00f3mica para donaci\u00f3n de sangre con estructura de doble armaz\u00f3n<\/h2>\t\t\t\t<\/div>\n\t\t\t\t<\/div>\n\t\t\t\t<div class=\"elementor-element elementor-element-45d8c46 elementor-widget elementor-widget-text-editor\" data-id=\"45d8c46\" data-element_type=\"widget\" data-widget_type=\"text-editor.default\">\n\t\t\t\t<div class=\"elementor-widget-container\">\n\t\t\t\t\t\t\t\t\t<p>Elija este sill\u00f3n ergon\u00f3mico para donaci\u00f3n de sangre con estructura de doble armaz\u00f3n, coj\u00edn de 7 cm e inclinaci\u00f3n del respaldo de 90\u00b0 a 140\u00b0. Incluye barra de infusi\u00f3n, cesta para ropa sucia y coj\u00edn de 50 cm de ancho para hospitales.<\/p>\t\t\t\t\t\t\t\t<\/div>\n\t\t\t\t<\/div>\n\t\t\t\t<div class=\"elementor-element elementor-element-7152afc elementor-widget elementor-widget-text-editor\" data-id=\"7152afc\" data-element_type=\"widget\" data-widget_type=\"text-editor.default\">\n\t\t\t\t<div class=\"elementor-widget-container\">\n\t\t\t\t\t\t\t\t\t<h2>Caracter\u00edsticas principales<\/h2><p>Silla ergon\u00f3mica para donaci\u00f3n de sangre con estructura de doble armaz\u00f3n, coj\u00edn de 7 cm, inclinaci\u00f3n del respaldo de 90\u00b0-140\u00b0 - incluye barra de infusi\u00f3n, cesta para ropa sucia, coj\u00edn de 50 cm de ancho para uso hospitalario.<\/p><ul><li>Estructura de doble armaz\u00f3n con coj\u00edn de 7 cm de grosor<\/li><li>Inclinaci\u00f3n del respaldo de 90\u00b0-140\u00b0 y anchura del coj\u00edn de 50 cm<\/li><li>Incluye varilla de infusi\u00f3n, cesta de infusi\u00f3n y ajustador de \u00e1ngulo<\/li><li>Construcci\u00f3n robusta para uso hospitalario<\/li><\/ul>\t\t\t\t\t\t\t\t<\/div>\n\t\t\t\t<\/div>\n\t\t\t\t<div class=\"elementor-element elementor-element-3a02177 elementor-widget elementor-widget-text-editor\" data-id=\"3a02177\" data-element_type=\"widget\" data-widget_type=\"text-editor.default\">\n\t\t\t\t<div class=\"elementor-widget-container\">\n\t\t\t\t\t\t\t\t\t<h2>Especificaciones<\/h2><p>Anchura del coj\u00edn: 50 cm<br \/>Longitud de la pata de apoyo (reposabrazos) de la silla: 82cm<br \/>Di\u00e1metro exterior de dos pasamanos: 74cm<br \/>Grosor del coj\u00edn: 7 cm (1 cm de tablero, 6 cm de esponja gruesa)<br \/>Altura del respaldo: 120 cm<br \/>Altura del asiento: 46 cm<br \/>Altura del pasamanos: 64 cm<br \/>Pata de apoyo de la silla (reposabrazos): Tubo de di\u00e1metro 38, grosor 1 mm<br \/>Tubo del bastidor de la placa de colocaci\u00f3n: Tubo cuadrado de 22 mm de di\u00e1metro y 1 mm de grosor<br \/>La estructura es razonable, la estructura del marco est\u00e1 doblemente garantizada, y el \u00e1ngulo de inclinaci\u00f3n de la espalda es de 90-140 grados.<br \/>Accesorios del paquete: 2 patas del sill\u00f3n, 1 armaz\u00f3n del respaldo, 1 pedal, 2 tubos de conexi\u00f3n, 1 varilla de infusi\u00f3n, 1 ajustador de \u00e1ngulo, 1 cesta y 1 par de reposabrazos<\/p>\t\t\t\t\t\t\t\t<\/div>\n\t\t\t\t<\/div>\n\t\t\t\t<div class=\"elementor-element elementor-element-2996df9 elementor-widget elementor-widget-text-editor\" data-id=\"2996df9\" data-element_type=\"widget\" data-widget_type=\"text-editor.default\">\n\t\t\t\t<div class=\"elementor-widget-container\">\n\t\t\t\t\t\t\t\t\t<p>Encontrar\u00e1 m\u00e1s equipos m\u00e9dicos en <a href=\"https:\/\/novalion-med.com\/es\/\" target=\"_blank\" rel=\"noopener\">nuestro sitio web<\/a> o <a href=\"https:\/\/api.whatsapp.com\/send\/?phone=%2B008618112908401&amp;text&amp;type=phone_number&amp;app_absent=0\" target=\"_blank\" rel=\"noopener\">nuestro whatsapp<\/a>.<\/p>\t\t\t\t\t\t\t\t<\/div>\n\t\t\t\t<\/div>\n\t\t\t\t<\/div>\n\t\t\t\t<\/div>","protected":false},"excerpt":{"rendered":"<p>Este sill\u00f3n ergon\u00f3mico para donaci\u00f3n de sangre destaca por su estructura de doble armaz\u00f3n para mejorar la estabilidad, con un coj\u00edn de 50 cm de ancho y 7 cm de grosor (tablero de 1 cm, esponja gruesa de 6 cm). El respaldo se inclina entre 90 y 140 grados, para adaptarse a las distintas necesidades de los donantes. Los accesorios incluidos -varilla de infusi\u00f3n, ajustador de \u00e1ngulo, cesta para art\u00edculos diversos- mejoran la practicidad. Con un tubo de 38 mm de di\u00e1metro (1 mm de grosor) y un bastidor inferior de tubo cuadrado de 22 mm, equilibra resistencia y durabilidad. Dise\u00f1ada para hospitales, da prioridad a la comodidad y la funcionalidad, lo que la convierte en una opci\u00f3n excelente para los centros de donaci\u00f3n de sangre que requieren asientos robustos y ajustables.<\/p>","protected":false},"featured_media":5686,"template":"elementor_theme","meta":{"site-sidebar-layout":"default","site-content-layout":"","ast-site-content-layout":"default","site-content-style":"default","site-sidebar-style":"default","ast-global-header-display":"","ast-banner-title-visibility":"","ast-main-header-display":"","ast-hfb-above-header-display":"","ast-hfb-below-header-display":"","ast-hfb-mobile-header-display":"","site-post-title":"","ast-breadcrumbs-content":"","ast-featured-img":"","footer-sml-layout":"","theme-transparent-header-meta":"default","adv-header-id-meta":"","stick-header-meta":"default","header-above-stick-meta":"","header-main-stick-meta":"","header-below-stick-meta":"","astra-migrate-meta-layouts":"set","ast-page-background-enabled":"default","ast-page-background-meta":{"desktop":{"background-color":"var(--ast-global-color-4)","background-image":"","background-repeat":"repeat","background-position":"center center","background-size":"auto","background-attachment":"scroll","background-type":"","background-media":"","overlay-type":"","overlay-color":"","overlay-opacity":"","overlay-gradient":""},"tablet":{"background-color":"","background-image":"","background-repeat":"repeat","background-position":"center center","background-size":"auto","background-attachment":"scroll","background-type":"","background-media":"","overlay-type":"","overlay-color":"","overlay-opacity":"","overlay-gradient":""},"mobile":{"background-color":"","background-image":"","background-repeat":"repeat","background-position":"center center","background-size":"auto","background-attachment":"scroll","background-type":"","background-media":"","overlay-type":"","overlay-color":"","overlay-opacity":"","overlay-gradient":""}},"ast-content-background-meta":{"desktop":{"background-color":"var(--ast-global-color-5)","background-image":"","background-repeat":"repeat","background-position":"center center","background-size":"auto","background-attachment":"scroll","background-type":"","background-media":"","overlay-type":"","overlay-color":"","overlay-opacity":"","overlay-gradient":""},"tablet":{"background-color":"var(--ast-global-color-5)","background-image":"","background-repeat":"repeat","background-position":"center center","background-size":"auto","background-attachment":"scroll","background-type":"","background-media":"","overlay-type":"","overlay-color":"","overlay-opacity":"","overlay-gradient":""},"mobile":{"background-color":"var(--ast-global-color-5)","background-image":"","background-repeat":"repeat","background-position":"center center","background-size":"auto","background-attachment":"scroll","background-type":"","background-media":"","overlay-type":"","overlay-color":"","overlay-opacity":"","overlay-gradient":""}}},"product_brand":[],"product_cat":[103],"product_tag":[],"class_list":{"0":"post-5697","1":"product","2":"type-product","3":"status-publish","4":"has-post-thumbnail","6":"product_cat-medical-chairs","7":"desktop-align-center","8":"tablet-align-left","9":"mobile-align-left","10":"ast-product-gallery-layout-horizontal-slider","11":"ast-product-gallery-with-no-image","12":"ast-magnify-disabled","13":"ast-product-tabs-layout-accordion","14":"ast-qv-on-image","16":"first","17":"instock","18":"shipping-taxable","19":"purchasable","20":"product-type-simple"},"aioseo_notices":[],"aioseo_head":"\n\t\t<!-- All in One SEO Pro 4.6.0 - aioseo.com -->\n\t\t<meta name=\"description\" content=\"Ergonomic blood donation chair with double-frame structure, thick and wide cushion, and versatile adjustments for hospital use.\" \/>\n\t\t<meta name=\"robots\" content=\"max-image-preview:large\" \/>\n\t\t<meta name=\"google-site-verification\" content=\"XE0Krczs_zYC4qBAqnvyRaNEYa9NQEP4HzU7PPpzxoI\" \/>\n\t\t<link rel=\"canonical\" href=\"https:\/\/novalion-med.com\/es\/producto\/silla-ergonomica-para-donacion-de-sangre-con-estructura-de-doble-armazon\/\" \/>\n\t\t<meta name=\"generator\" content=\"All in One SEO Pro (AIOSEO) 4.6.0\" \/>\n\t\t<meta property=\"og:locale\" content=\"es_ES\" \/>\n\t\t<meta property=\"og:site_name\" content=\"Novalion Medical \u2013 Wheelchair, Hospital bed, Walker,Commode chair,Crutch...\" \/>\n\t\t<meta property=\"og:type\" content=\"article\" \/>\n\t\t<meta property=\"og:title\" content=\"Ergonomic Blood Donation Chair with Double-Frame Structure\" \/>\n\t\t<meta property=\"og:description\" content=\"Ergonomic blood donation chair with double-frame structure, thick and wide cushion, and versatile adjustments for hospital use.\" \/>\n\t\t<meta property=\"og:url\" content=\"https:\/\/novalion-med.com\/es\/producto\/silla-ergonomica-para-donacion-de-sangre-con-estructura-de-doble-armazon\/\" \/>\n\t\t<meta property=\"og:image\" content=\"https:\/\/novalion-med.com\/wp-content\/uploads\/2025\/04\/cropped-343496212_201698782614433_8037205422525878621_n-1.jpg\" \/>\n\t\t<meta property=\"og:image:secure_url\" content=\"https:\/\/novalion-med.com\/wp-content\/uploads\/2025\/04\/cropped-343496212_201698782614433_8037205422525878621_n-1.jpg\" \/>\n\t\t<meta property=\"og:image:width\" content=\"512\" \/>\n\t\t<meta property=\"og:image:height\" content=\"512\" \/>\n\t\t<meta property=\"article:published_time\" content=\"2025-06-19T09:45:17+00:00\" \/>\n\t\t<meta property=\"article:modified_time\" content=\"2025-06-19T09:48:38+00:00\" \/>\n\t\t<meta property=\"article:publisher\" content=\"https:\/\/www.facebook.com\/NovalionMedical\/\" \/>\n\t\t<meta name=\"twitter:card\" content=\"summary_large_image\" \/>\n\t\t<meta name=\"twitter:title\" content=\"Ergonomic Blood Donation Chair with Double-Frame Structure\" \/>\n\t\t<meta name=\"twitter:description\" content=\"Ergonomic blood donation chair with double-frame structure, thick and wide cushion, and versatile adjustments for hospital use.\" \/>\n\t\t<meta name=\"twitter:image\" content=\"https:\/\/novalion-med.com\/wp-content\/uploads\/2025\/04\/cropped-343496212_201698782614433_8037205422525878621_n-1.jpg\" \/>\n\t\t<script type=\"application\/ld+json\" class=\"aioseo-schema\">\n\t\t\t{\"@context\":\"https:\\\/\\\/schema.org\",\"@graph\":[{\"@type\":\"BreadcrumbList\",\"@id\":\"https:\\\/\\\/novalion-med.com\\\/es\\\/producto\\\/silla-ergonomica-para-donacion-de-sangre-con-estructura-de-doble-armazon\\\/#breadcrumblist\",\"itemListElement\":[{\"@type\":\"ListItem\",\"@id\":\"https:\\\/\\\/novalion-med.com\\\/es\\\/#listItem\",\"position\":1,\"name\":\"Home\",\"item\":\"https:\\\/\\\/novalion-med.com\\\/es\\\/\",\"nextItem\":\"https:\\\/\\\/novalion-med.com\\\/es\\\/producto\\\/silla-ergonomica-para-donacion-de-sangre-con-estructura-de-doble-armazon\\\/#listItem\"},{\"@type\":\"ListItem\",\"@id\":\"https:\\\/\\\/novalion-med.com\\\/es\\\/producto\\\/silla-ergonomica-para-donacion-de-sangre-con-estructura-de-doble-armazon\\\/#listItem\",\"position\":2,\"name\":\"Ergonomic Blood Donation Chair with Double-Frame Structure\",\"previousItem\":\"https:\\\/\\\/novalion-med.com\\\/es\\\/#listItem\"}]},{\"@type\":\"Organization\",\"@id\":\"https:\\\/\\\/novalion-med.com\\\/es\\\/#organization\",\"name\":\"novalion-med.com\",\"url\":\"https:\\\/\\\/novalion-med.com\\\/es\\\/\",\"logo\":{\"@type\":\"ImageObject\",\"url\":\"https:\\\/\\\/novalion-med.com\\\/wp-content\\\/uploads\\\/2025\\\/04\\\/cropped-343496212_201698782614433_8037205422525878621_n-1.jpg\",\"@id\":\"https:\\\/\\\/novalion-med.com\\\/es\\\/producto\\\/silla-ergonomica-para-donacion-de-sangre-con-estructura-de-doble-armazon\\\/#organizationLogo\",\"width\":512,\"height\":512},\"image\":{\"@id\":\"https:\\\/\\\/novalion-med.com\\\/es\\\/producto\\\/silla-ergonomica-para-donacion-de-sangre-con-estructura-de-doble-armazon\\\/#organizationLogo\"},\"sameAs\":[\"https:\\\/\\\/www.facebook.com\\\/NovalionMedical\\\/\",\"https:\\\/\\\/www.youtube.com\\\/@NwlMedicalInstrument\"],\"contactPoint\":{\"@type\":\"ContactPoint\",\"telephone\":\"+8618326188070\",\"contactType\":\"Sales\"}},{\"@type\":\"Product\",\"@id\":\"https:\\\/\\\/novalion-med.com\\\/es\\\/producto\\\/silla-ergonomica-para-donacion-de-sangre-con-estructura-de-doble-armazon\\\/#wooCommerceProduct\",\"name\":\"Ergonomic Blood Donation Chair with Double-Frame Structure\",\"description\":\"This ergonomic blood donation chair stands out with a double-frame structure for enhanced stability, featuring a 50cm cushion width and 7cm thickness (1cm board, 6cm heavy sponge). The backrest tilts 90-140 degrees, accommodating diverse donor needs. Included accessories\\u2014infusion rod, angle adjuster, sundry basket\\u2014enhance practicality. With a 38mm diameter tube (1mm thick) and 22mm square pipe underframe, it balances strength and durability. Designed for hospitals, it prioritizes comfort and functionality, making it an excellent choice for blood donation facilities requiring robust, adjustable seating.\",\"url\":\"https:\\\/\\\/novalion-med.com\\\/es\\\/producto\\\/silla-ergonomica-para-donacion-de-sangre-con-estructura-de-doble-armazon\\\/\",\"sku\":\"NL230102-SD-3\",\"image\":{\"@type\":\"ImageObject\",\"url\":\"https:\\\/\\\/novalion-med.com\\\/wp-content\\\/uploads\\\/2025\\\/06\\\/NL230102-SD-3-Ergonomic-Blood-Donation-Chair-with-Double-Frame-Structure.jpg\",\"@id\":\"https:\\\/\\\/novalion-med.com\\\/es\\\/producto\\\/silla-ergonomica-para-donacion-de-sangre-con-estructura-de-doble-armazon\\\/#productImage\",\"width\":1000,\"height\":1000,\"caption\":\"NL230102-SD-3 Ergonomic Blood Donation Chair with Double-Frame Structure\"},\"offers\":{\"@type\":\"Offer\",\"url\":\"https:\\\/\\\/novalion-med.com\\\/es\\\/producto\\\/silla-ergonomica-para-donacion-de-sangre-con-estructura-de-doble-armazon\\\/#wooCommerceOffer\",\"priceCurrency\":\"PHP\",\"category\":\"Medical Chairs\",\"availability\":\"https:\\\/\\\/schema.org\\\/InStock\",\"seller\":{\"@type\":\"Organization\",\"@id\":\"https:\\\/\\\/novalion-med.com\\\/es\\\/#organization\"},\"price\":111}},{\"@type\":\"WebPage\",\"@id\":\"https:\\\/\\\/novalion-med.com\\\/es\\\/producto\\\/silla-ergonomica-para-donacion-de-sangre-con-estructura-de-doble-armazon\\\/#webpage\",\"url\":\"https:\\\/\\\/novalion-med.com\\\/es\\\/producto\\\/silla-ergonomica-para-donacion-de-sangre-con-estructura-de-doble-armazon\\\/\",\"name\":\"Ergonomic Blood Donation Chair with Double-Frame Structure\",\"description\":\"Ergonomic blood donation chair with double-frame structure, thick and wide cushion, and versatile adjustments for hospital use.\",\"inLanguage\":\"es-ES\",\"isPartOf\":{\"@id\":\"https:\\\/\\\/novalion-med.com\\\/es\\\/#website\"},\"breadcrumb\":{\"@id\":\"https:\\\/\\\/novalion-med.com\\\/es\\\/producto\\\/silla-ergonomica-para-donacion-de-sangre-con-estructura-de-doble-armazon\\\/#breadcrumblist\"},\"image\":{\"@type\":\"ImageObject\",\"url\":\"https:\\\/\\\/novalion-med.com\\\/wp-content\\\/uploads\\\/2025\\\/06\\\/NL230102-SD-3-Ergonomic-Blood-Donation-Chair-with-Double-Frame-Structure.jpg\",\"@id\":\"https:\\\/\\\/novalion-med.com\\\/es\\\/producto\\\/silla-ergonomica-para-donacion-de-sangre-con-estructura-de-doble-armazon\\\/#mainImage\",\"width\":1000,\"height\":1000,\"caption\":\"NL230102-SD-3 Ergonomic Blood Donation Chair with Double-Frame Structure\"},\"primaryImageOfPage\":{\"@id\":\"https:\\\/\\\/novalion-med.com\\\/es\\\/producto\\\/silla-ergonomica-para-donacion-de-sangre-con-estructura-de-doble-armazon\\\/#mainImage\"},\"datePublished\":\"2025-06-19T09:45:17+00:00\",\"dateModified\":\"2025-06-19T09:48:38+00:00\"},{\"@type\":\"WebSite\",\"@id\":\"https:\\\/\\\/novalion-med.com\\\/es\\\/#website\",\"url\":\"https:\\\/\\\/novalion-med.com\\\/es\\\/\",\"name\":\"novalion-med.com\",\"description\":\"Wheelchair, Hospital bed, Walker,Commode chair,Crutch...\",\"inLanguage\":\"es-ES\",\"publisher\":{\"@id\":\"https:\\\/\\\/novalion-med.com\\\/es\\\/#organization\"}}]}\n\t\t<\/script>\n\t\t<!-- All in One SEO Pro -->\r\n\t\t<title>Ergonomic Blood Donation Chair with Double-Frame Structure<\/title>\n\n","aioseo_head_json":{"title":"Ergonomic Blood Donation Chair with Double-Frame Structure","description":"Ergonomic blood donation chair with double-frame structure, thick and wide cushion, and versatile adjustments for hospital use.","canonical_url":"https:\/\/novalion-med.com\/es\/producto\/silla-ergonomica-para-donacion-de-sangre-con-estructura-de-doble-armazon\/","robots":"max-image-preview:large","keywords":"","webmasterTools":{"google-site-verification":"XE0Krczs_zYC4qBAqnvyRaNEYa9NQEP4HzU7PPpzxoI","miscellaneous":""},"og:locale":"es_ES","og:site_name":"Novalion Medical \u2013 Wheelchair, Hospital bed, Walker,Commode chair,Crutch...","og:type":"article","og:title":"Ergonomic Blood Donation Chair with Double-Frame Structure","og:description":"Ergonomic blood donation chair with double-frame structure, thick and wide cushion, and versatile adjustments for hospital use.","og:url":"https:\/\/novalion-med.com\/es\/producto\/silla-ergonomica-para-donacion-de-sangre-con-estructura-de-doble-armazon\/","og:image":"https:\/\/novalion-med.com\/wp-content\/uploads\/2025\/04\/cropped-343496212_201698782614433_8037205422525878621_n-1.jpg","og:image:secure_url":"https:\/\/novalion-med.com\/wp-content\/uploads\/2025\/04\/cropped-343496212_201698782614433_8037205422525878621_n-1.jpg","og:image:width":512,"og:image:height":512,"article:published_time":"2025-06-19T09:45:17+00:00","article:modified_time":"2025-06-19T09:48:38+00:00","article:publisher":"https:\/\/www.facebook.com\/NovalionMedical\/","twitter:card":"summary_large_image","twitter:title":"Ergonomic Blood Donation Chair with Double-Frame Structure","twitter:description":"Ergonomic blood donation chair with double-frame structure, thick and wide cushion, and versatile adjustments for hospital use.","twitter:image":"https:\/\/novalion-med.com\/wp-content\/uploads\/2025\/04\/cropped-343496212_201698782614433_8037205422525878621_n-1.jpg","schema":{"@context":"https:\/\/schema.org","@graph":[{"@type":"BreadcrumbList","@id":"https:\/\/novalion-med.com\/es\/producto\/silla-ergonomica-para-donacion-de-sangre-con-estructura-de-doble-armazon\/#breadcrumblist","itemListElement":[{"@type":"ListItem","@id":"https:\/\/novalion-med.com\/es\/#listItem","position":1,"name":"Home","item":"https:\/\/novalion-med.com\/es\/","nextItem":"https:\/\/novalion-med.com\/es\/producto\/silla-ergonomica-para-donacion-de-sangre-con-estructura-de-doble-armazon\/#listItem"},{"@type":"ListItem","@id":"https:\/\/novalion-med.com\/es\/producto\/silla-ergonomica-para-donacion-de-sangre-con-estructura-de-doble-armazon\/#listItem","position":2,"name":"Ergonomic Blood Donation Chair with Double-Frame Structure","previousItem":"https:\/\/novalion-med.com\/es\/#listItem"}]},{"@type":"Organization","@id":"https:\/\/novalion-med.com\/es\/#organization","name":"novalion-med.com","url":"https:\/\/novalion-med.com\/es\/","logo":{"@type":"ImageObject","url":"https:\/\/novalion-med.com\/wp-content\/uploads\/2025\/04\/cropped-343496212_201698782614433_8037205422525878621_n-1.jpg","@id":"https:\/\/novalion-med.com\/es\/producto\/silla-ergonomica-para-donacion-de-sangre-con-estructura-de-doble-armazon\/#organizationLogo","width":512,"height":512},"image":{"@id":"https:\/\/novalion-med.com\/es\/producto\/silla-ergonomica-para-donacion-de-sangre-con-estructura-de-doble-armazon\/#organizationLogo"},"sameAs":["https:\/\/www.facebook.com\/NovalionMedical\/","https:\/\/www.youtube.com\/@NwlMedicalInstrument"],"contactPoint":{"@type":"ContactPoint","telephone":"+8618326188070","contactType":"Sales"}},{"@type":"Product","@id":"https:\/\/novalion-med.com\/es\/producto\/silla-ergonomica-para-donacion-de-sangre-con-estructura-de-doble-armazon\/#wooCommerceProduct","name":"Ergonomic Blood Donation Chair with Double-Frame Structure","description":"This ergonomic blood donation chair stands out with a double-frame structure for enhanced stability, featuring a 50cm cushion width and 7cm thickness (1cm board, 6cm heavy sponge). The backrest tilts 90-140 degrees, accommodating diverse donor needs. Included accessories\u2014infusion rod, angle adjuster, sundry basket\u2014enhance practicality. With a 38mm diameter tube (1mm thick) and 22mm square pipe underframe, it balances strength and durability. Designed for hospitals, it prioritizes comfort and functionality, making it an excellent choice for blood donation facilities requiring robust, adjustable seating.","url":"https:\/\/novalion-med.com\/es\/producto\/silla-ergonomica-para-donacion-de-sangre-con-estructura-de-doble-armazon\/","sku":"NL230102-SD-3","image":{"@type":"ImageObject","url":"https:\/\/novalion-med.com\/wp-content\/uploads\/2025\/06\/NL230102-SD-3-Ergonomic-Blood-Donation-Chair-with-Double-Frame-Structure.jpg","@id":"https:\/\/novalion-med.com\/es\/producto\/silla-ergonomica-para-donacion-de-sangre-con-estructura-de-doble-armazon\/#productImage","width":1000,"height":1000,"caption":"NL230102-SD-3 Ergonomic Blood Donation Chair with Double-Frame Structure"},"offers":{"@type":"Offer","url":"https:\/\/novalion-med.com\/es\/producto\/silla-ergonomica-para-donacion-de-sangre-con-estructura-de-doble-armazon\/#wooCommerceOffer","priceCurrency":"PHP","category":"Medical Chairs","availability":"https:\/\/schema.org\/InStock","seller":{"@type":"Organization","@id":"https:\/\/novalion-med.com\/es\/#organization"},"price":111}},{"@type":"WebPage","@id":"https:\/\/novalion-med.com\/es\/producto\/silla-ergonomica-para-donacion-de-sangre-con-estructura-de-doble-armazon\/#webpage","url":"https:\/\/novalion-med.com\/es\/producto\/silla-ergonomica-para-donacion-de-sangre-con-estructura-de-doble-armazon\/","name":"Ergonomic Blood Donation Chair with Double-Frame Structure","description":"Ergonomic blood donation chair with double-frame structure, thick and wide cushion, and versatile adjustments for hospital use.","inLanguage":"es-ES","isPartOf":{"@id":"https:\/\/novalion-med.com\/es\/#website"},"breadcrumb":{"@id":"https:\/\/novalion-med.com\/es\/producto\/silla-ergonomica-para-donacion-de-sangre-con-estructura-de-doble-armazon\/#breadcrumblist"},"image":{"@type":"ImageObject","url":"https:\/\/novalion-med.com\/wp-content\/uploads\/2025\/06\/NL230102-SD-3-Ergonomic-Blood-Donation-Chair-with-Double-Frame-Structure.jpg","@id":"https:\/\/novalion-med.com\/es\/producto\/silla-ergonomica-para-donacion-de-sangre-con-estructura-de-doble-armazon\/#mainImage","width":1000,"height":1000,"caption":"NL230102-SD-3 Ergonomic Blood Donation Chair with Double-Frame Structure"},"primaryImageOfPage":{"@id":"https:\/\/novalion-med.com\/es\/producto\/silla-ergonomica-para-donacion-de-sangre-con-estructura-de-doble-armazon\/#mainImage"},"datePublished":"2025-06-19T09:45:17+00:00","dateModified":"2025-06-19T09:48:38+00:00"},{"@type":"WebSite","@id":"https:\/\/novalion-med.com\/es\/#website","url":"https:\/\/novalion-med.com\/es\/","name":"novalion-med.com","description":"Wheelchair, Hospital bed, Walker,Commode chair,Crutch...","inLanguage":"es-ES","publisher":{"@id":"https:\/\/novalion-med.com\/es\/#organization"}}]}},"aioseo_meta_data":{"post_id":"5697","title":"Ergonomic Blood Donation Chair with Double-Frame Structure","description":"Ergonomic blood donation chair with double-frame structure, thick and wide cushion, and versatile adjustments for hospital use.","keywords":"[]","keyphrases":"{\"focus\":{\"keyphrase\":\"\",\"score\":0,\"analysis\":{\"keyphraseInTitle\":{\"score\":0,\"maxScore\":9,\"error\":1}}},\"additional\":[]}","primary_term":null,"canonical_url":null,"og_title":null,"og_description":null,"og_object_type":"default","og_image_type":"default","og_image_url":null,"og_image_width":null,"og_image_height":null,"og_image_custom_url":null,"og_image_custom_fields":null,"og_video":"","og_custom_url":null,"og_article_section":null,"og_article_tags":"[]","twitter_use_og":false,"twitter_card":"default","twitter_image_type":"default","twitter_image_url":null,"twitter_image_custom_url":null,"twitter_image_custom_fields":null,"twitter_title":null,"twitter_description":null,"schema":{"blockGraphs":[],"customGraphs":[],"default":{"data":{"Article":[],"Course":[],"Dataset":[],"FAQPage":[],"Movie":[],"Person":[],"Product":[],"Recipe":[],"Service":[],"SoftwareApplication":[],"WebPage":[]},"graphName":"Product","isEnabled":true},"graphs":[]},"schema_type":"default","schema_type_options":null,"pillar_content":false,"robots_default":true,"robots_noindex":false,"robots_noarchive":false,"robots_nosnippet":false,"robots_nofollow":false,"robots_noimageindex":false,"robots_noodp":false,"robots_notranslate":false,"robots_max_snippet":"-1","robots_max_videopreview":"-1","robots_max_imagepreview":"large","priority":null,"frequency":"default","local_seo":null,"limit_modified_date":false,"created":"2025-06-19 09:45:18","updated":"2025-06-19 10:02:25"},"_links":{"self":[{"href":"https:\/\/novalion-med.com\/es\/wp-json\/wp\/v2\/product\/5697","targetHints":{"allow":["GET"]}}],"collection":[{"href":"https:\/\/novalion-med.com\/es\/wp-json\/wp\/v2\/product"}],"about":[{"href":"https:\/\/novalion-med.com\/es\/wp-json\/wp\/v2\/types\/product"}],"version-history":[{"count":4,"href":"https:\/\/novalion-med.com\/es\/wp-json\/wp\/v2\/product\/5697\/revisions"}],"predecessor-version":[{"id":5701,"href":"https:\/\/novalion-med.com\/es\/wp-json\/wp\/v2\/product\/5697\/revisions\/5701"}],"wp:featuredmedia":[{"embeddable":true,"href":"https:\/\/novalion-med.com\/es\/wp-json\/wp\/v2\/media\/5686"}],"wp:attachment":[{"href":"https:\/\/novalion-med.com\/es\/wp-json\/wp\/v2\/media?parent=5697"}],"wp:term":[{"taxonomy":"product_brand","embeddable":true,"href":"https:\/\/novalion-med.com\/es\/wp-json\/wp\/v2\/product_brand?post=5697"},{"taxonomy":"product_cat","embeddable":true,"href":"https:\/\/novalion-med.com\/es\/wp-json\/wp\/v2\/product_cat?post=5697"},{"taxonomy":"product_tag","embeddable":true,"href":"https:\/\/novalion-med.com\/es\/wp-json\/wp\/v2\/product_tag?post=5697"}],"curies":[{"name":"wp","href":"https:\/\/api.w.org\/{rel}","templated":true}]}}