{"id":5692,"date":"2025-06-19T09:39:42","date_gmt":"2025-06-19T09:39:42","guid":{"rendered":"https:\/\/novalion-med.com\/?post_type=product&#038;p=5692"},"modified":"2025-06-19T09:44:14","modified_gmt":"2025-06-19T09:44:14","slug":"sillon-neumatico-para-donacion-de-sangre-con-reposabrazos-de-madera-maciza","status":"publish","type":"product","link":"https:\/\/novalion-med.com\/es\/producto\/sillon-neumatico-para-donacion-de-sangre-con-reposabrazos-de-madera-maciza\/","title":{"rendered":"Silla neum\u00e1tica para donaci\u00f3n de sangre con reposabrazos de madera maciza"},"content":{"rendered":"<div data-elementor-type=\"product-post\" data-elementor-id=\"5692\" class=\"elementor elementor-5692\" data-elementor-post-type=\"product\">\n\t\t\t\t<div class=\"elementor-element elementor-element-1c93f1cb e-con-full e-flex e-con e-parent\" data-id=\"1c93f1cb\" data-element_type=\"container\">\n\t\t\t\t<div class=\"elementor-element elementor-element-2240ff1 elementor-widget elementor-widget-heading\" data-id=\"2240ff1\" data-element_type=\"widget\" data-widget_type=\"heading.default\">\n\t\t\t\t<div class=\"elementor-widget-container\">\n\t\t\t\t\t<h2 class=\"elementor-heading-title elementor-size-default\">Silla neum\u00e1tica para donaci\u00f3n de sangre con reposabrazos de madera maciza<\/h2>\t\t\t\t<\/div>\n\t\t\t\t<\/div>\n\t\t\t\t<div class=\"elementor-element elementor-element-45d8c46 elementor-widget elementor-widget-text-editor\" data-id=\"45d8c46\" data-element_type=\"widget\" data-widget_type=\"text-editor.default\">\n\t\t\t\t<div class=\"elementor-widget-container\">\n\t\t\t\t\t\t\t\t\t<p>Opte por esta silla neum\u00e1tica para donaci\u00f3n de sangre con estructura de acero, reposabrazos de madera maciza y reposapi\u00e9s. El acabado con pulverizaci\u00f3n electrost\u00e1tica y el dise\u00f1o ergon\u00f3mico mejoran la comodidad del donante.<\/p>\t\t\t\t\t\t\t\t<\/div>\n\t\t\t\t<\/div>\n\t\t\t\t<div class=\"elementor-element elementor-element-7152afc elementor-widget elementor-widget-text-editor\" data-id=\"7152afc\" data-element_type=\"widget\" data-widget_type=\"text-editor.default\">\n\t\t\t\t<div class=\"elementor-widget-container\">\n\t\t\t\t\t\t\t\t\t<h2>Caracter\u00edsticas principales<\/h2><p>Silla neum\u00e1tica para donaci\u00f3n de sangre con estructura de acero, reposabrazos de madera maciza, reposapi\u00e9s - acabado con pulverizaci\u00f3n electrost\u00e1tica, dise\u00f1o ergon\u00f3mico para la comodidad del donante en las zonas de extracci\u00f3n de sangre.<\/p><ul><li>Ajuste neum\u00e1tico del \u00e1ngulo con marco de acero y reposabrazos de madera maciza<\/li><li>Acabado electrost\u00e1tico para facilitar el mantenimiento<\/li><li>Reposapi\u00e9s para mayor comodidad del donante<\/li><li>Dise\u00f1o espec\u00edfico para hospitales<\/li><\/ul>\t\t\t\t\t\t\t\t<\/div>\n\t\t\t\t<\/div>\n\t\t\t\t<div class=\"elementor-element elementor-element-3a02177 elementor-widget elementor-widget-text-editor\" data-id=\"3a02177\" data-element_type=\"widget\" data-widget_type=\"text-editor.default\">\n\t\t\t\t<div class=\"elementor-widget-container\">\n\t\t\t\t\t\t\t\t\t<h2>Especificaciones<\/h2><p>1. El armaz\u00f3n de la silla est\u00e1 fabricado con tubo de acero redondo 38 de alta calidad, y el grosor de la pared del tubo es de 1,2 mm. La cesta colgante est\u00e1 hecha de acero redondo M6 mediante doblado y soldadura, y el marco de la silla se trata mediante pulverizaci\u00f3n electrost\u00e1tica<br \/>2. El reposabrazos es de madera maciza, f\u00e1cil de entender, resistente y duradera. Hay un marco de acero en la parte posterior.<br \/>3. El respaldo adopta un ajustador de \u00e1ngulo neum\u00e1tico, y el \u00e1ngulo puede ajustarse libremente.<br \/>4. El pie del pabell\u00f3n es c\u00f3modo y confortable.<br \/>5. Caracter\u00edsticas del producto: \u00c1ngulo ajustable, asiento c\u00f3modo, especial para hospital.<\/p>\t\t\t\t\t\t\t\t<\/div>\n\t\t\t\t<\/div>\n\t\t\t\t<div class=\"elementor-element elementor-element-2996df9 elementor-widget elementor-widget-text-editor\" data-id=\"2996df9\" data-element_type=\"widget\" data-widget_type=\"text-editor.default\">\n\t\t\t\t<div class=\"elementor-widget-container\">\n\t\t\t\t\t\t\t\t\t<p>Encontrar\u00e1 m\u00e1s equipos m\u00e9dicos en <a href=\"https:\/\/novalion-med.com\/es\/\" target=\"_blank\" rel=\"noopener\">nuestro sitio web<\/a> o <a href=\"https:\/\/api.whatsapp.com\/send\/?phone=%2B008618112908401&amp;text&amp;type=phone_number&amp;app_absent=0\" target=\"_blank\" rel=\"noopener\">nuestro whatsapp<\/a>.<\/p>\t\t\t\t\t\t\t\t<\/div>\n\t\t\t\t<\/div>\n\t\t\t\t<\/div>\n\t\t\t\t<\/div>","protected":false},"excerpt":{"rendered":"<p>Dise\u00f1ada para uso hospitalario, esta silla neum\u00e1tica para donaci\u00f3n de sangre cuenta con una estructura de acero de 38 mm y reposabrazos de madera maciza para mayor durabilidad. El acabado con pulverizaci\u00f3n electrost\u00e1tica resiste el desgaste, mientras que el regulador neum\u00e1tico del respaldo permite ajustes flexibles del \u00e1ngulo para mejorar la comodidad del donante. El reposapi\u00e9s a\u00f1ade comodidad, haciendo m\u00e1s c\u00f3modas las largas sesiones de donaci\u00f3n. Su construcci\u00f3n robusta y su dise\u00f1o espec\u00edfico para hospitales la hacen adecuada para entornos de extracci\u00f3n de sangre muy concurridos, garantizando un rendimiento fiable y un mantenimiento sencillo para el personal m\u00e9dico.<\/p>","protected":false},"featured_media":5685,"template":"elementor_theme","meta":{"site-sidebar-layout":"default","site-content-layout":"","ast-site-content-layout":"default","site-content-style":"default","site-sidebar-style":"default","ast-global-header-display":"","ast-banner-title-visibility":"","ast-main-header-display":"","ast-hfb-above-header-display":"","ast-hfb-below-header-display":"","ast-hfb-mobile-header-display":"","site-post-title":"","ast-breadcrumbs-content":"","ast-featured-img":"","footer-sml-layout":"","theme-transparent-header-meta":"default","adv-header-id-meta":"","stick-header-meta":"default","header-above-stick-meta":"","header-main-stick-meta":"","header-below-stick-meta":"","astra-migrate-meta-layouts":"set","ast-page-background-enabled":"default","ast-page-background-meta":{"desktop":{"background-color":"var(--ast-global-color-4)","background-image":"","background-repeat":"repeat","background-position":"center center","background-size":"auto","background-attachment":"scroll","background-type":"","background-media":"","overlay-type":"","overlay-color":"","overlay-opacity":"","overlay-gradient":""},"tablet":{"background-color":"","background-image":"","background-repeat":"repeat","background-position":"center center","background-size":"auto","background-attachment":"scroll","background-type":"","background-media":"","overlay-type":"","overlay-color":"","overlay-opacity":"","overlay-gradient":""},"mobile":{"background-color":"","background-image":"","background-repeat":"repeat","background-position":"center center","background-size":"auto","background-attachment":"scroll","background-type":"","background-media":"","overlay-type":"","overlay-color":"","overlay-opacity":"","overlay-gradient":""}},"ast-content-background-meta":{"desktop":{"background-color":"var(--ast-global-color-5)","background-image":"","background-repeat":"repeat","background-position":"center center","background-size":"auto","background-attachment":"scroll","background-type":"","background-media":"","overlay-type":"","overlay-color":"","overlay-opacity":"","overlay-gradient":""},"tablet":{"background-color":"var(--ast-global-color-5)","background-image":"","background-repeat":"repeat","background-position":"center center","background-size":"auto","background-attachment":"scroll","background-type":"","background-media":"","overlay-type":"","overlay-color":"","overlay-opacity":"","overlay-gradient":""},"mobile":{"background-color":"var(--ast-global-color-5)","background-image":"","background-repeat":"repeat","background-position":"center center","background-size":"auto","background-attachment":"scroll","background-type":"","background-media":"","overlay-type":"","overlay-color":"","overlay-opacity":"","overlay-gradient":""}}},"product_brand":[],"product_cat":[103],"product_tag":[],"class_list":{"0":"post-5692","1":"product","2":"type-product","3":"status-publish","4":"has-post-thumbnail","6":"product_cat-medical-chairs","7":"desktop-align-center","8":"tablet-align-left","9":"mobile-align-left","10":"ast-product-gallery-layout-horizontal-slider","11":"ast-product-gallery-with-no-image","12":"ast-magnify-disabled","13":"ast-product-tabs-layout-accordion","14":"ast-qv-on-image","16":"first","17":"instock","18":"shipping-taxable","19":"purchasable","20":"product-type-simple"},"aioseo_notices":[],"aioseo_head":"\n\t\t<!-- All in One SEO Pro 4.6.0 - aioseo.com -->\n\t\t<meta name=\"description\" content=\"Steel-framed blood donation chair with pneumatic adjustment, solid wood armrests, and footrest for ergonomic donor support.\" \/>\n\t\t<meta name=\"robots\" content=\"max-image-preview:large\" \/>\n\t\t<meta name=\"google-site-verification\" content=\"XE0Krczs_zYC4qBAqnvyRaNEYa9NQEP4HzU7PPpzxoI\" \/>\n\t\t<link rel=\"canonical\" href=\"https:\/\/novalion-med.com\/es\/producto\/sillon-neumatico-para-donacion-de-sangre-con-reposabrazos-de-madera-maciza\/\" \/>\n\t\t<meta name=\"generator\" content=\"All in One SEO Pro (AIOSEO) 4.6.0\" \/>\n\t\t<meta property=\"og:locale\" content=\"es_ES\" \/>\n\t\t<meta property=\"og:site_name\" content=\"Novalion Medical \u2013 Wheelchair, Hospital bed, Walker,Commode chair,Crutch...\" \/>\n\t\t<meta property=\"og:type\" content=\"article\" \/>\n\t\t<meta property=\"og:title\" content=\"Pneumatic Blood Donation Chair with Steel Frame\" \/>\n\t\t<meta property=\"og:description\" content=\"Steel-framed blood donation chair with pneumatic adjustment, solid wood armrests, and footrest for ergonomic donor support.\" \/>\n\t\t<meta property=\"og:url\" content=\"https:\/\/novalion-med.com\/es\/producto\/sillon-neumatico-para-donacion-de-sangre-con-reposabrazos-de-madera-maciza\/\" \/>\n\t\t<meta property=\"og:image\" content=\"https:\/\/novalion-med.com\/wp-content\/uploads\/2025\/04\/cropped-343496212_201698782614433_8037205422525878621_n-1.jpg\" \/>\n\t\t<meta property=\"og:image:secure_url\" content=\"https:\/\/novalion-med.com\/wp-content\/uploads\/2025\/04\/cropped-343496212_201698782614433_8037205422525878621_n-1.jpg\" \/>\n\t\t<meta property=\"og:image:width\" content=\"512\" \/>\n\t\t<meta property=\"og:image:height\" content=\"512\" \/>\n\t\t<meta property=\"article:published_time\" content=\"2025-06-19T09:39:42+00:00\" \/>\n\t\t<meta property=\"article:modified_time\" content=\"2025-06-19T09:44:14+00:00\" \/>\n\t\t<meta property=\"article:publisher\" content=\"https:\/\/www.facebook.com\/NovalionMedical\/\" \/>\n\t\t<meta name=\"twitter:card\" content=\"summary_large_image\" \/>\n\t\t<meta name=\"twitter:title\" content=\"Pneumatic Blood Donation Chair with Steel Frame\" \/>\n\t\t<meta name=\"twitter:description\" content=\"Steel-framed blood donation chair with pneumatic adjustment, solid wood armrests, and footrest for ergonomic donor support.\" \/>\n\t\t<meta name=\"twitter:image\" content=\"https:\/\/novalion-med.com\/wp-content\/uploads\/2025\/04\/cropped-343496212_201698782614433_8037205422525878621_n-1.jpg\" \/>\n\t\t<script type=\"application\/ld+json\" class=\"aioseo-schema\">\n\t\t\t{\"@context\":\"https:\\\/\\\/schema.org\",\"@graph\":[{\"@type\":\"BreadcrumbList\",\"@id\":\"https:\\\/\\\/novalion-med.com\\\/es\\\/producto\\\/sillon-neumatico-para-donacion-de-sangre-con-reposabrazos-de-madera-maciza\\\/#breadcrumblist\",\"itemListElement\":[{\"@type\":\"ListItem\",\"@id\":\"https:\\\/\\\/novalion-med.com\\\/es\\\/#listItem\",\"position\":1,\"name\":\"Home\",\"item\":\"https:\\\/\\\/novalion-med.com\\\/es\\\/\",\"nextItem\":\"https:\\\/\\\/novalion-med.com\\\/es\\\/producto\\\/sillon-neumatico-para-donacion-de-sangre-con-reposabrazos-de-madera-maciza\\\/#listItem\"},{\"@type\":\"ListItem\",\"@id\":\"https:\\\/\\\/novalion-med.com\\\/es\\\/producto\\\/sillon-neumatico-para-donacion-de-sangre-con-reposabrazos-de-madera-maciza\\\/#listItem\",\"position\":2,\"name\":\"Pneumatic Blood Donation Chair with Solid Wood Armrests\",\"previousItem\":\"https:\\\/\\\/novalion-med.com\\\/es\\\/#listItem\"}]},{\"@type\":\"Organization\",\"@id\":\"https:\\\/\\\/novalion-med.com\\\/es\\\/#organization\",\"name\":\"novalion-med.com\",\"url\":\"https:\\\/\\\/novalion-med.com\\\/es\\\/\",\"logo\":{\"@type\":\"ImageObject\",\"url\":\"https:\\\/\\\/novalion-med.com\\\/wp-content\\\/uploads\\\/2025\\\/04\\\/cropped-343496212_201698782614433_8037205422525878621_n-1.jpg\",\"@id\":\"https:\\\/\\\/novalion-med.com\\\/es\\\/producto\\\/sillon-neumatico-para-donacion-de-sangre-con-reposabrazos-de-madera-maciza\\\/#organizationLogo\",\"width\":512,\"height\":512},\"image\":{\"@id\":\"https:\\\/\\\/novalion-med.com\\\/es\\\/producto\\\/sillon-neumatico-para-donacion-de-sangre-con-reposabrazos-de-madera-maciza\\\/#organizationLogo\"},\"sameAs\":[\"https:\\\/\\\/www.facebook.com\\\/NovalionMedical\\\/\",\"https:\\\/\\\/www.youtube.com\\\/@NwlMedicalInstrument\"],\"contactPoint\":{\"@type\":\"ContactPoint\",\"telephone\":\"+8618326188070\",\"contactType\":\"Sales\"}},{\"@type\":\"Product\",\"@id\":\"https:\\\/\\\/novalion-med.com\\\/es\\\/producto\\\/sillon-neumatico-para-donacion-de-sangre-con-reposabrazos-de-madera-maciza\\\/#wooCommerceProduct\",\"name\":\"Pneumatic Blood Donation Chair with Solid Wood Armrests\",\"description\":\"Engineered for hospital use, this pneumatic blood donation chair features a 38mm steel frame and solid wood armrests for durability. The electrostatic-sprayed finish resists wear, while the pneumatic backrest adjuster enables flexible angle adjustments to enhance donor comfort. The footrest adds convenience, making long donation sessions more comfortable. Its sturdy construction and hospital-specific design make it suitable for busy blood collection environments, ensuring reliable performance and easy maintenance for medical staff.\",\"url\":\"https:\\\/\\\/novalion-med.com\\\/es\\\/producto\\\/sillon-neumatico-para-donacion-de-sangre-con-reposabrazos-de-madera-maciza\\\/\",\"sku\":\"NL230102-SD-2\",\"image\":{\"@type\":\"ImageObject\",\"url\":\"https:\\\/\\\/novalion-med.com\\\/wp-content\\\/uploads\\\/2025\\\/06\\\/NL230102-SD-2-Pneumatic-Blood-Donation-Chair-with-Solid-Wood-Armrests.jpg\",\"@id\":\"https:\\\/\\\/novalion-med.com\\\/es\\\/producto\\\/sillon-neumatico-para-donacion-de-sangre-con-reposabrazos-de-madera-maciza\\\/#productImage\",\"width\":1000,\"height\":1000,\"caption\":\"NL230102-SD-2 Pneumatic Blood Donation Chair with Solid Wood Armrests\"},\"offers\":{\"@type\":\"Offer\",\"url\":\"https:\\\/\\\/novalion-med.com\\\/es\\\/producto\\\/sillon-neumatico-para-donacion-de-sangre-con-reposabrazos-de-madera-maciza\\\/#wooCommerceOffer\",\"priceCurrency\":\"PHP\",\"category\":\"Medical Chairs\",\"availability\":\"https:\\\/\\\/schema.org\\\/InStock\",\"seller\":{\"@type\":\"Organization\",\"@id\":\"https:\\\/\\\/novalion-med.com\\\/es\\\/#organization\"},\"price\":111}},{\"@type\":\"WebPage\",\"@id\":\"https:\\\/\\\/novalion-med.com\\\/es\\\/producto\\\/sillon-neumatico-para-donacion-de-sangre-con-reposabrazos-de-madera-maciza\\\/#webpage\",\"url\":\"https:\\\/\\\/novalion-med.com\\\/es\\\/producto\\\/sillon-neumatico-para-donacion-de-sangre-con-reposabrazos-de-madera-maciza\\\/\",\"name\":\"Pneumatic Blood Donation Chair with Steel Frame\",\"description\":\"Steel-framed blood donation chair with pneumatic adjustment, solid wood armrests, and footrest for ergonomic donor support.\",\"inLanguage\":\"es-ES\",\"isPartOf\":{\"@id\":\"https:\\\/\\\/novalion-med.com\\\/es\\\/#website\"},\"breadcrumb\":{\"@id\":\"https:\\\/\\\/novalion-med.com\\\/es\\\/producto\\\/sillon-neumatico-para-donacion-de-sangre-con-reposabrazos-de-madera-maciza\\\/#breadcrumblist\"},\"image\":{\"@type\":\"ImageObject\",\"url\":\"https:\\\/\\\/novalion-med.com\\\/wp-content\\\/uploads\\\/2025\\\/06\\\/NL230102-SD-2-Pneumatic-Blood-Donation-Chair-with-Solid-Wood-Armrests.jpg\",\"@id\":\"https:\\\/\\\/novalion-med.com\\\/es\\\/producto\\\/sillon-neumatico-para-donacion-de-sangre-con-reposabrazos-de-madera-maciza\\\/#mainImage\",\"width\":1000,\"height\":1000,\"caption\":\"NL230102-SD-2 Pneumatic Blood Donation Chair with Solid Wood Armrests\"},\"primaryImageOfPage\":{\"@id\":\"https:\\\/\\\/novalion-med.com\\\/es\\\/producto\\\/sillon-neumatico-para-donacion-de-sangre-con-reposabrazos-de-madera-maciza\\\/#mainImage\"},\"datePublished\":\"2025-06-19T09:39:42+00:00\",\"dateModified\":\"2025-06-19T09:44:14+00:00\"},{\"@type\":\"WebSite\",\"@id\":\"https:\\\/\\\/novalion-med.com\\\/es\\\/#website\",\"url\":\"https:\\\/\\\/novalion-med.com\\\/es\\\/\",\"name\":\"novalion-med.com\",\"description\":\"Wheelchair, Hospital bed, Walker,Commode chair,Crutch...\",\"inLanguage\":\"es-ES\",\"publisher\":{\"@id\":\"https:\\\/\\\/novalion-med.com\\\/es\\\/#organization\"}}]}\n\t\t<\/script>\n\t\t<!-- All in One SEO Pro -->\r\n\t\t<title>Pneumatic Blood Donation Chair with Steel Frame<\/title>\n\n","aioseo_head_json":{"title":"Pneumatic Blood Donation Chair with Steel Frame","description":"Steel-framed blood donation chair with pneumatic adjustment, solid wood armrests, and footrest for ergonomic donor support.","canonical_url":"https:\/\/novalion-med.com\/es\/producto\/sillon-neumatico-para-donacion-de-sangre-con-reposabrazos-de-madera-maciza\/","robots":"max-image-preview:large","keywords":"","webmasterTools":{"google-site-verification":"XE0Krczs_zYC4qBAqnvyRaNEYa9NQEP4HzU7PPpzxoI","miscellaneous":""},"og:locale":"es_ES","og:site_name":"Novalion Medical \u2013 Wheelchair, Hospital bed, Walker,Commode chair,Crutch...","og:type":"article","og:title":"Pneumatic Blood Donation Chair with Steel Frame","og:description":"Steel-framed blood donation chair with pneumatic adjustment, solid wood armrests, and footrest for ergonomic donor support.","og:url":"https:\/\/novalion-med.com\/es\/producto\/sillon-neumatico-para-donacion-de-sangre-con-reposabrazos-de-madera-maciza\/","og:image":"https:\/\/novalion-med.com\/wp-content\/uploads\/2025\/04\/cropped-343496212_201698782614433_8037205422525878621_n-1.jpg","og:image:secure_url":"https:\/\/novalion-med.com\/wp-content\/uploads\/2025\/04\/cropped-343496212_201698782614433_8037205422525878621_n-1.jpg","og:image:width":512,"og:image:height":512,"article:published_time":"2025-06-19T09:39:42+00:00","article:modified_time":"2025-06-19T09:44:14+00:00","article:publisher":"https:\/\/www.facebook.com\/NovalionMedical\/","twitter:card":"summary_large_image","twitter:title":"Pneumatic Blood Donation Chair with Steel Frame","twitter:description":"Steel-framed blood donation chair with pneumatic adjustment, solid wood armrests, and footrest for ergonomic donor support.","twitter:image":"https:\/\/novalion-med.com\/wp-content\/uploads\/2025\/04\/cropped-343496212_201698782614433_8037205422525878621_n-1.jpg","schema":{"@context":"https:\/\/schema.org","@graph":[{"@type":"BreadcrumbList","@id":"https:\/\/novalion-med.com\/es\/producto\/sillon-neumatico-para-donacion-de-sangre-con-reposabrazos-de-madera-maciza\/#breadcrumblist","itemListElement":[{"@type":"ListItem","@id":"https:\/\/novalion-med.com\/es\/#listItem","position":1,"name":"Home","item":"https:\/\/novalion-med.com\/es\/","nextItem":"https:\/\/novalion-med.com\/es\/producto\/sillon-neumatico-para-donacion-de-sangre-con-reposabrazos-de-madera-maciza\/#listItem"},{"@type":"ListItem","@id":"https:\/\/novalion-med.com\/es\/producto\/sillon-neumatico-para-donacion-de-sangre-con-reposabrazos-de-madera-maciza\/#listItem","position":2,"name":"Pneumatic Blood Donation Chair with Solid Wood Armrests","previousItem":"https:\/\/novalion-med.com\/es\/#listItem"}]},{"@type":"Organization","@id":"https:\/\/novalion-med.com\/es\/#organization","name":"novalion-med.com","url":"https:\/\/novalion-med.com\/es\/","logo":{"@type":"ImageObject","url":"https:\/\/novalion-med.com\/wp-content\/uploads\/2025\/04\/cropped-343496212_201698782614433_8037205422525878621_n-1.jpg","@id":"https:\/\/novalion-med.com\/es\/producto\/sillon-neumatico-para-donacion-de-sangre-con-reposabrazos-de-madera-maciza\/#organizationLogo","width":512,"height":512},"image":{"@id":"https:\/\/novalion-med.com\/es\/producto\/sillon-neumatico-para-donacion-de-sangre-con-reposabrazos-de-madera-maciza\/#organizationLogo"},"sameAs":["https:\/\/www.facebook.com\/NovalionMedical\/","https:\/\/www.youtube.com\/@NwlMedicalInstrument"],"contactPoint":{"@type":"ContactPoint","telephone":"+8618326188070","contactType":"Sales"}},{"@type":"Product","@id":"https:\/\/novalion-med.com\/es\/producto\/sillon-neumatico-para-donacion-de-sangre-con-reposabrazos-de-madera-maciza\/#wooCommerceProduct","name":"Pneumatic Blood Donation Chair with Solid Wood Armrests","description":"Engineered for hospital use, this pneumatic blood donation chair features a 38mm steel frame and solid wood armrests for durability. The electrostatic-sprayed finish resists wear, while the pneumatic backrest adjuster enables flexible angle adjustments to enhance donor comfort. The footrest adds convenience, making long donation sessions more comfortable. Its sturdy construction and hospital-specific design make it suitable for busy blood collection environments, ensuring reliable performance and easy maintenance for medical staff.","url":"https:\/\/novalion-med.com\/es\/producto\/sillon-neumatico-para-donacion-de-sangre-con-reposabrazos-de-madera-maciza\/","sku":"NL230102-SD-2","image":{"@type":"ImageObject","url":"https:\/\/novalion-med.com\/wp-content\/uploads\/2025\/06\/NL230102-SD-2-Pneumatic-Blood-Donation-Chair-with-Solid-Wood-Armrests.jpg","@id":"https:\/\/novalion-med.com\/es\/producto\/sillon-neumatico-para-donacion-de-sangre-con-reposabrazos-de-madera-maciza\/#productImage","width":1000,"height":1000,"caption":"NL230102-SD-2 Pneumatic Blood Donation Chair with Solid Wood Armrests"},"offers":{"@type":"Offer","url":"https:\/\/novalion-med.com\/es\/producto\/sillon-neumatico-para-donacion-de-sangre-con-reposabrazos-de-madera-maciza\/#wooCommerceOffer","priceCurrency":"PHP","category":"Medical Chairs","availability":"https:\/\/schema.org\/InStock","seller":{"@type":"Organization","@id":"https:\/\/novalion-med.com\/es\/#organization"},"price":111}},{"@type":"WebPage","@id":"https:\/\/novalion-med.com\/es\/producto\/sillon-neumatico-para-donacion-de-sangre-con-reposabrazos-de-madera-maciza\/#webpage","url":"https:\/\/novalion-med.com\/es\/producto\/sillon-neumatico-para-donacion-de-sangre-con-reposabrazos-de-madera-maciza\/","name":"Pneumatic Blood Donation Chair with Steel Frame","description":"Steel-framed blood donation chair with pneumatic adjustment, solid wood armrests, and footrest for ergonomic donor support.","inLanguage":"es-ES","isPartOf":{"@id":"https:\/\/novalion-med.com\/es\/#website"},"breadcrumb":{"@id":"https:\/\/novalion-med.com\/es\/producto\/sillon-neumatico-para-donacion-de-sangre-con-reposabrazos-de-madera-maciza\/#breadcrumblist"},"image":{"@type":"ImageObject","url":"https:\/\/novalion-med.com\/wp-content\/uploads\/2025\/06\/NL230102-SD-2-Pneumatic-Blood-Donation-Chair-with-Solid-Wood-Armrests.jpg","@id":"https:\/\/novalion-med.com\/es\/producto\/sillon-neumatico-para-donacion-de-sangre-con-reposabrazos-de-madera-maciza\/#mainImage","width":1000,"height":1000,"caption":"NL230102-SD-2 Pneumatic Blood Donation Chair with Solid Wood Armrests"},"primaryImageOfPage":{"@id":"https:\/\/novalion-med.com\/es\/producto\/sillon-neumatico-para-donacion-de-sangre-con-reposabrazos-de-madera-maciza\/#mainImage"},"datePublished":"2025-06-19T09:39:42+00:00","dateModified":"2025-06-19T09:44:14+00:00"},{"@type":"WebSite","@id":"https:\/\/novalion-med.com\/es\/#website","url":"https:\/\/novalion-med.com\/es\/","name":"novalion-med.com","description":"Wheelchair, Hospital bed, Walker,Commode chair,Crutch...","inLanguage":"es-ES","publisher":{"@id":"https:\/\/novalion-med.com\/es\/#organization"}}]}},"aioseo_meta_data":{"post_id":"5692","title":"Pneumatic Blood Donation Chair with Steel Frame","description":"Steel-framed blood donation chair with pneumatic adjustment, solid wood armrests, and footrest for ergonomic donor support.","keywords":"[]","keyphrases":"{\"focus\":{\"keyphrase\":\"\",\"score\":0,\"analysis\":{\"keyphraseInTitle\":{\"score\":0,\"maxScore\":9,\"error\":1}}},\"additional\":[]}","primary_term":null,"canonical_url":null,"og_title":null,"og_description":null,"og_object_type":"default","og_image_type":"default","og_image_url":null,"og_image_width":null,"og_image_height":null,"og_image_custom_url":null,"og_image_custom_fields":null,"og_video":"","og_custom_url":null,"og_article_section":null,"og_article_tags":"[]","twitter_use_og":false,"twitter_card":"default","twitter_image_type":"default","twitter_image_url":null,"twitter_image_custom_url":null,"twitter_image_custom_fields":null,"twitter_title":null,"twitter_description":null,"schema":{"blockGraphs":[],"customGraphs":[],"default":{"data":{"Article":[],"Course":[],"Dataset":[],"FAQPage":[],"Movie":[],"Person":[],"Product":[],"Recipe":[],"Service":[],"SoftwareApplication":[],"WebPage":[]},"graphName":"Product","isEnabled":true},"graphs":[]},"schema_type":"default","schema_type_options":null,"pillar_content":false,"robots_default":true,"robots_noindex":false,"robots_noarchive":false,"robots_nosnippet":false,"robots_nofollow":false,"robots_noimageindex":false,"robots_noodp":false,"robots_notranslate":false,"robots_max_snippet":"-1","robots_max_videopreview":"-1","robots_max_imagepreview":"large","priority":null,"frequency":"default","local_seo":null,"limit_modified_date":false,"created":"2025-06-19 09:39:43","updated":"2025-06-19 09:57:10"},"_links":{"self":[{"href":"https:\/\/novalion-med.com\/es\/wp-json\/wp\/v2\/product\/5692","targetHints":{"allow":["GET"]}}],"collection":[{"href":"https:\/\/novalion-med.com\/es\/wp-json\/wp\/v2\/product"}],"about":[{"href":"https:\/\/novalion-med.com\/es\/wp-json\/wp\/v2\/types\/product"}],"version-history":[{"count":4,"href":"https:\/\/novalion-med.com\/es\/wp-json\/wp\/v2\/product\/5692\/revisions"}],"predecessor-version":[{"id":5696,"href":"https:\/\/novalion-med.com\/es\/wp-json\/wp\/v2\/product\/5692\/revisions\/5696"}],"wp:featuredmedia":[{"embeddable":true,"href":"https:\/\/novalion-med.com\/es\/wp-json\/wp\/v2\/media\/5685"}],"wp:attachment":[{"href":"https:\/\/novalion-med.com\/es\/wp-json\/wp\/v2\/media?parent=5692"}],"wp:term":[{"taxonomy":"product_brand","embeddable":true,"href":"https:\/\/novalion-med.com\/es\/wp-json\/wp\/v2\/product_brand?post=5692"},{"taxonomy":"product_cat","embeddable":true,"href":"https:\/\/novalion-med.com\/es\/wp-json\/wp\/v2\/product_cat?post=5692"},{"taxonomy":"product_tag","embeddable":true,"href":"https:\/\/novalion-med.com\/es\/wp-json\/wp\/v2\/product_tag?post=5692"}],"curies":[{"name":"wp","href":"https:\/\/api.w.org\/{rel}","templated":true}]}}