{"id":5635,"date":"2025-06-19T08:46:43","date_gmt":"2025-06-19T08:46:43","guid":{"rendered":"https:\/\/novalion-med.com\/?post_type=product&#038;p=5635"},"modified":"2025-06-19T08:53:00","modified_gmt":"2025-06-19T08:53:00","slug":"silla-para-donaciones-de-sangre-de-alta-resistencia-con-gran-capacidad-de-carga","status":"publish","type":"product","link":"https:\/\/novalion-med.com\/es\/producto\/silla-para-donaciones-de-sangre-de-alta-resistencia-con-gran-capacidad-de-carga\/","title":{"rendered":"Silla resistente para donaci\u00f3n de sangre con gran capacidad de carga"},"content":{"rendered":"<div data-elementor-type=\"product-post\" data-elementor-id=\"5635\" class=\"elementor elementor-5635\" data-elementor-post-type=\"product\">\n\t\t\t\t<div class=\"elementor-element elementor-element-1c93f1cb e-con-full e-flex e-con e-parent\" data-id=\"1c93f1cb\" data-element_type=\"container\">\n\t\t\t\t<div class=\"elementor-element elementor-element-2240ff1 elementor-widget elementor-widget-heading\" data-id=\"2240ff1\" data-element_type=\"widget\" data-widget_type=\"heading.default\">\n\t\t\t\t<div class=\"elementor-widget-container\">\n\t\t\t\t\t<h2 class=\"elementor-heading-title elementor-size-default\">Silla resistente para donaci\u00f3n de sangre con gran capacidad de carga<\/h2>\t\t\t\t<\/div>\n\t\t\t\t<\/div>\n\t\t\t\t<div class=\"elementor-element elementor-element-45d8c46 elementor-widget elementor-widget-text-editor\" data-id=\"45d8c46\" data-element_type=\"widget\" data-widget_type=\"text-editor.default\">\n\t\t\t\t<div class=\"elementor-widget-container\">\n\t\t\t\t\t\t\t\t\t<p>Invierta en esta silla para donaci\u00f3n de sangre de alta resistencia (capacidad de 250 kg) con ajustes de 0\u00b0-70\u00b0 para el respaldo y 0\u00b0-90\u00b0 para las piernas. Las ruedas con freno de 3\u2033 y su dise\u00f1o ergon\u00f3mico la hacen ideal para centros m\u00e9dicos de donaci\u00f3n.<\/p>\t\t\t\t\t\t\t\t<\/div>\n\t\t\t\t<\/div>\n\t\t\t\t<div class=\"elementor-element elementor-element-7152afc elementor-widget elementor-widget-text-editor\" data-id=\"7152afc\" data-element_type=\"widget\" data-widget_type=\"text-editor.default\">\n\t\t\t\t<div class=\"elementor-widget-container\">\n\t\t\t\t\t\t\t\t\t<h2>Caracter\u00edsticas principales<\/h2><p>Silla para donaci\u00f3n de sangre de alta resistencia (250KG de capacidad) con respaldo de 0\u00b0-70\u00b0, ajustes de 0\u00b0-90\u00b0 para las piernas, ruedas con freno de 3\u2033: dise\u00f1o ergon\u00f3mico para centros m\u00e9dicos de donaci\u00f3n.<\/p><ul><li>250KG de capacidad para cargas pesadas con ajustes de respaldo (0\u00b0-70\u00b0) y piernas (0\u00b0-90\u00b0)<\/li><li>Ruedas con freno de 3\u2033 para mayor estabilidad y movilidad<\/li><li>Dimensiones ergon\u00f3micas para sesiones de donaci\u00f3n prolongadas<\/li><li>Construcci\u00f3n robusta para un uso frecuente<\/li><\/ul>\t\t\t\t\t\t\t\t<\/div>\n\t\t\t\t<\/div>\n\t\t\t\t<div class=\"elementor-element elementor-element-3a02177 elementor-widget elementor-widget-text-editor\" data-id=\"3a02177\" data-element_type=\"widget\" data-widget_type=\"text-editor.default\">\n\t\t\t\t<div class=\"elementor-widget-container\">\n\t\t\t\t\t\t\t\t\t<h2>Especificaciones<\/h2><p>Par\u00e1metros t\u00e9cnicos: <br \/>\u25baTama\u00f1o del respaldo(L*A):750*540mm <br \/>\u25baTama\u00f1o del asiento (L*A):540*540mm <br \/>Tama\u00f1o de la pata (largo*ancho):560*540mm <br \/>Anchura del reposabrazos: 120 mm <br \/>Elevaci\u00f3n de la secci\u00f3n trasera: 0\u00b0~ 70\u00b0 <br \/>\u25baElevaci\u00f3n de la secci\u00f3n de la pierna: 0\u00b0~ 90\u00b0 <br \/>Ruedas: 3 pulgadas (dos con freno) <br \/>\u25baSoporte de carga:250kg<\/p>\t\t\t\t\t\t\t\t<\/div>\n\t\t\t\t<\/div>\n\t\t\t\t<div class=\"elementor-element elementor-element-2996df9 elementor-widget elementor-widget-text-editor\" data-id=\"2996df9\" data-element_type=\"widget\" data-widget_type=\"text-editor.default\">\n\t\t\t\t<div class=\"elementor-widget-container\">\n\t\t\t\t\t\t\t\t\t<p>Encontrar\u00e1 m\u00e1s equipos m\u00e9dicos en <a href=\"https:\/\/novalion-med.com\/es\/\" target=\"_blank\" rel=\"noopener\">nuestro sitio web<\/a> o <a href=\"https:\/\/api.whatsapp.com\/send\/?phone=%2B008618112908401&amp;text&amp;type=phone_number&amp;app_absent=0\" target=\"_blank\" rel=\"noopener\">nuestro whatsapp<\/a>.<\/p>\t\t\t\t\t\t\t\t<\/div>\n\t\t\t\t<\/div>\n\t\t\t\t<\/div>\n\t\t\t\t<\/div>","protected":false},"excerpt":{"rendered":"<p>Construida para un uso intensivo, esta silla de donaci\u00f3n de sangre ofrece una capacidad de carga de 250 kg, ideal para diversas necesidades de los donantes. Los ajustes del respaldo (0\u00b0-70\u00b0) y de las patas (0\u00b0-90\u00b0) proporcionan un posicionamiento vers\u00e1til, mientras que las ruedas de 3\u2033 (dos con freno) garantizan la movilidad y la estabilidad. Con unas dimensiones ergon\u00f3micas -respaldo 750*540 mm, asiento 540*540 mm, pata 560*540 mm- ofrece un amplio apoyo. La anchura del reposabrazos de 120 mm aumenta la comodidad durante las donaciones. Fabricada para durar, resiste el uso frecuente en bancos de sangre y cl\u00ednicas, combinando un rendimiento robusto con ajustes f\u00e1ciles de usar para una experiencia de donaci\u00f3n \u00f3ptima.<\/p>","protected":false},"featured_media":5631,"template":"elementor_theme","meta":{"site-sidebar-layout":"default","site-content-layout":"","ast-site-content-layout":"default","site-content-style":"default","site-sidebar-style":"default","ast-global-header-display":"","ast-banner-title-visibility":"","ast-main-header-display":"","ast-hfb-above-header-display":"","ast-hfb-below-header-display":"","ast-hfb-mobile-header-display":"","site-post-title":"","ast-breadcrumbs-content":"","ast-featured-img":"","footer-sml-layout":"","theme-transparent-header-meta":"default","adv-header-id-meta":"","stick-header-meta":"default","header-above-stick-meta":"","header-main-stick-meta":"","header-below-stick-meta":"","astra-migrate-meta-layouts":"set","ast-page-background-enabled":"default","ast-page-background-meta":{"desktop":{"background-color":"var(--ast-global-color-4)","background-image":"","background-repeat":"repeat","background-position":"center center","background-size":"auto","background-attachment":"scroll","background-type":"","background-media":"","overlay-type":"","overlay-color":"","overlay-opacity":"","overlay-gradient":""},"tablet":{"background-color":"","background-image":"","background-repeat":"repeat","background-position":"center center","background-size":"auto","background-attachment":"scroll","background-type":"","background-media":"","overlay-type":"","overlay-color":"","overlay-opacity":"","overlay-gradient":""},"mobile":{"background-color":"","background-image":"","background-repeat":"repeat","background-position":"center center","background-size":"auto","background-attachment":"scroll","background-type":"","background-media":"","overlay-type":"","overlay-color":"","overlay-opacity":"","overlay-gradient":""}},"ast-content-background-meta":{"desktop":{"background-color":"var(--ast-global-color-5)","background-image":"","background-repeat":"repeat","background-position":"center center","background-size":"auto","background-attachment":"scroll","background-type":"","background-media":"","overlay-type":"","overlay-color":"","overlay-opacity":"","overlay-gradient":""},"tablet":{"background-color":"var(--ast-global-color-5)","background-image":"","background-repeat":"repeat","background-position":"center center","background-size":"auto","background-attachment":"scroll","background-type":"","background-media":"","overlay-type":"","overlay-color":"","overlay-opacity":"","overlay-gradient":""},"mobile":{"background-color":"var(--ast-global-color-5)","background-image":"","background-repeat":"repeat","background-position":"center center","background-size":"auto","background-attachment":"scroll","background-type":"","background-media":"","overlay-type":"","overlay-color":"","overlay-opacity":"","overlay-gradient":""}}},"product_brand":[],"product_cat":[103],"product_tag":[],"class_list":{"0":"post-5635","1":"product","2":"type-product","3":"status-publish","4":"has-post-thumbnail","6":"product_cat-medical-chairs","7":"desktop-align-center","8":"tablet-align-left","9":"mobile-align-left","10":"ast-product-gallery-layout-horizontal-slider","11":"ast-product-gallery-with-no-image","12":"ast-magnify-disabled","13":"ast-product-tabs-layout-accordion","14":"ast-qv-on-image","16":"first","17":"instock","18":"shipping-taxable","19":"purchasable","20":"product-type-simple"},"aioseo_notices":[],"aioseo_head":"\n\t\t<!-- All in One SEO Pro 4.6.0 - aioseo.com -->\n\t\t<meta name=\"description\" content=\"Heavy-duty blood donation chair with wide adjustments, braked castors, and high weight capacity for durable medical settings.\" \/>\n\t\t<meta name=\"robots\" content=\"max-image-preview:large\" \/>\n\t\t<meta name=\"google-site-verification\" content=\"XE0Krczs_zYC4qBAqnvyRaNEYa9NQEP4HzU7PPpzxoI\" \/>\n\t\t<link rel=\"canonical\" href=\"https:\/\/novalion-med.com\/es\/producto\/silla-para-donaciones-de-sangre-de-alta-resistencia-con-gran-capacidad-de-carga\/\" \/>\n\t\t<meta name=\"generator\" content=\"All in One SEO Pro (AIOSEO) 4.6.0\" \/>\n\t\t<meta property=\"og:locale\" content=\"es_ES\" \/>\n\t\t<meta property=\"og:site_name\" content=\"Novalion Medical \u2013 Wheelchair, Hospital bed, Walker,Commode chair,Crutch...\" \/>\n\t\t<meta property=\"og:type\" content=\"article\" \/>\n\t\t<meta property=\"og:title\" content=\"Heavy-Duty Blood Donation Chair with High Weight Capacity\" \/>\n\t\t<meta property=\"og:description\" content=\"Heavy-duty blood donation chair with wide adjustments, braked castors, and high weight capacity for durable medical settings.\" \/>\n\t\t<meta property=\"og:url\" content=\"https:\/\/novalion-med.com\/es\/producto\/silla-para-donaciones-de-sangre-de-alta-resistencia-con-gran-capacidad-de-carga\/\" \/>\n\t\t<meta property=\"og:image\" content=\"https:\/\/novalion-med.com\/wp-content\/uploads\/2025\/04\/cropped-343496212_201698782614433_8037205422525878621_n-1.jpg\" \/>\n\t\t<meta property=\"og:image:secure_url\" content=\"https:\/\/novalion-med.com\/wp-content\/uploads\/2025\/04\/cropped-343496212_201698782614433_8037205422525878621_n-1.jpg\" \/>\n\t\t<meta property=\"og:image:width\" content=\"512\" \/>\n\t\t<meta property=\"og:image:height\" content=\"512\" \/>\n\t\t<meta property=\"article:published_time\" content=\"2025-06-19T08:46:43+00:00\" \/>\n\t\t<meta property=\"article:modified_time\" content=\"2025-06-19T08:53:00+00:00\" \/>\n\t\t<meta property=\"article:publisher\" content=\"https:\/\/www.facebook.com\/NovalionMedical\/\" \/>\n\t\t<meta name=\"twitter:card\" content=\"summary_large_image\" \/>\n\t\t<meta name=\"twitter:title\" content=\"Heavy-Duty Blood Donation Chair with High Weight Capacity\" \/>\n\t\t<meta name=\"twitter:description\" content=\"Heavy-duty blood donation chair with wide adjustments, braked castors, and high weight capacity for durable medical settings.\" \/>\n\t\t<meta name=\"twitter:image\" content=\"https:\/\/novalion-med.com\/wp-content\/uploads\/2025\/04\/cropped-343496212_201698782614433_8037205422525878621_n-1.jpg\" \/>\n\t\t<script type=\"application\/ld+json\" class=\"aioseo-schema\">\n\t\t\t{\"@context\":\"https:\\\/\\\/schema.org\",\"@graph\":[{\"@type\":\"BreadcrumbList\",\"@id\":\"https:\\\/\\\/novalion-med.com\\\/es\\\/producto\\\/silla-para-donaciones-de-sangre-de-alta-resistencia-con-gran-capacidad-de-carga\\\/#breadcrumblist\",\"itemListElement\":[{\"@type\":\"ListItem\",\"@id\":\"https:\\\/\\\/novalion-med.com\\\/es\\\/#listItem\",\"position\":1,\"name\":\"Home\",\"item\":\"https:\\\/\\\/novalion-med.com\\\/es\\\/\",\"nextItem\":\"https:\\\/\\\/novalion-med.com\\\/es\\\/producto\\\/silla-para-donaciones-de-sangre-de-alta-resistencia-con-gran-capacidad-de-carga\\\/#listItem\"},{\"@type\":\"ListItem\",\"@id\":\"https:\\\/\\\/novalion-med.com\\\/es\\\/producto\\\/silla-para-donaciones-de-sangre-de-alta-resistencia-con-gran-capacidad-de-carga\\\/#listItem\",\"position\":2,\"name\":\"Heavy-Duty Blood Donation Chair with High Weight Capacity\",\"previousItem\":\"https:\\\/\\\/novalion-med.com\\\/es\\\/#listItem\"}]},{\"@type\":\"Organization\",\"@id\":\"https:\\\/\\\/novalion-med.com\\\/es\\\/#organization\",\"name\":\"novalion-med.com\",\"url\":\"https:\\\/\\\/novalion-med.com\\\/es\\\/\",\"logo\":{\"@type\":\"ImageObject\",\"url\":\"https:\\\/\\\/novalion-med.com\\\/wp-content\\\/uploads\\\/2025\\\/04\\\/cropped-343496212_201698782614433_8037205422525878621_n-1.jpg\",\"@id\":\"https:\\\/\\\/novalion-med.com\\\/es\\\/producto\\\/silla-para-donaciones-de-sangre-de-alta-resistencia-con-gran-capacidad-de-carga\\\/#organizationLogo\",\"width\":512,\"height\":512},\"image\":{\"@id\":\"https:\\\/\\\/novalion-med.com\\\/es\\\/producto\\\/silla-para-donaciones-de-sangre-de-alta-resistencia-con-gran-capacidad-de-carga\\\/#organizationLogo\"},\"sameAs\":[\"https:\\\/\\\/www.facebook.com\\\/NovalionMedical\\\/\",\"https:\\\/\\\/www.youtube.com\\\/@NwlMedicalInstrument\"],\"contactPoint\":{\"@type\":\"ContactPoint\",\"telephone\":\"+8618326188070\",\"contactType\":\"Sales\"}},{\"@type\":\"Product\",\"@id\":\"https:\\\/\\\/novalion-med.com\\\/es\\\/producto\\\/silla-para-donaciones-de-sangre-de-alta-resistencia-con-gran-capacidad-de-carga\\\/#wooCommerceProduct\",\"name\":\"Heavy-Duty Blood Donation Chair with High Weight Capacity\",\"description\":\"Built for heavy-duty use, this blood donation chair offers a 250kg load capacity, ideal for diverse donor needs. The backrest (0\\u00b0-70\\u00b0) and leg (0\\u00b0-90\\u00b0) adjustments provide versatile positioning, while the 3\\\" castors (two with brakes) ensure mobility and stability. With ergonomic dimensions\\u2014back 750*540mm, seat 540*540mm, leg 560*540mm\\u2014it offers ample support. The armrest width of 120mm enhances comfort during donations. Constructed for durability, it withstands frequent use in blood banks and clinics, combining robust performance with user-friendly adjustments for an optimal donation experience.\",\"url\":\"https:\\\/\\\/novalion-med.com\\\/es\\\/producto\\\/silla-para-donaciones-de-sangre-de-alta-resistencia-con-gran-capacidad-de-carga\\\/\",\"sku\":\"NL230102-SKE087\",\"image\":{\"@type\":\"ImageObject\",\"url\":\"https:\\\/\\\/novalion-med.com\\\/wp-content\\\/uploads\\\/2025\\\/06\\\/NL230102-SKE087-Heavy-Duty-Blood-Donation-Chair-with-High-Weight-Capacity.jpg\",\"@id\":\"https:\\\/\\\/novalion-med.com\\\/es\\\/producto\\\/silla-para-donaciones-de-sangre-de-alta-resistencia-con-gran-capacidad-de-carga\\\/#productImage\",\"width\":1000,\"height\":1000,\"caption\":\"NL230102-SKE087 Heavy-Duty Blood Donation Chair with High Weight Capacity\"},\"offers\":{\"@type\":\"Offer\",\"url\":\"https:\\\/\\\/novalion-med.com\\\/es\\\/producto\\\/silla-para-donaciones-de-sangre-de-alta-resistencia-con-gran-capacidad-de-carga\\\/#wooCommerceOffer\",\"priceCurrency\":\"PHP\",\"category\":\"Medical Chairs\",\"availability\":\"https:\\\/\\\/schema.org\\\/InStock\",\"seller\":{\"@type\":\"Organization\",\"@id\":\"https:\\\/\\\/novalion-med.com\\\/es\\\/#organization\"},\"price\":111}},{\"@type\":\"WebPage\",\"@id\":\"https:\\\/\\\/novalion-med.com\\\/es\\\/producto\\\/silla-para-donaciones-de-sangre-de-alta-resistencia-con-gran-capacidad-de-carga\\\/#webpage\",\"url\":\"https:\\\/\\\/novalion-med.com\\\/es\\\/producto\\\/silla-para-donaciones-de-sangre-de-alta-resistencia-con-gran-capacidad-de-carga\\\/\",\"name\":\"Heavy-Duty Blood Donation Chair with High Weight Capacity\",\"description\":\"Heavy-duty blood donation chair with wide adjustments, braked castors, and high weight capacity for durable medical settings.\",\"inLanguage\":\"es-ES\",\"isPartOf\":{\"@id\":\"https:\\\/\\\/novalion-med.com\\\/es\\\/#website\"},\"breadcrumb\":{\"@id\":\"https:\\\/\\\/novalion-med.com\\\/es\\\/producto\\\/silla-para-donaciones-de-sangre-de-alta-resistencia-con-gran-capacidad-de-carga\\\/#breadcrumblist\"},\"image\":{\"@type\":\"ImageObject\",\"url\":\"https:\\\/\\\/novalion-med.com\\\/wp-content\\\/uploads\\\/2025\\\/06\\\/NL230102-SKE087-Heavy-Duty-Blood-Donation-Chair-with-High-Weight-Capacity.jpg\",\"@id\":\"https:\\\/\\\/novalion-med.com\\\/es\\\/producto\\\/silla-para-donaciones-de-sangre-de-alta-resistencia-con-gran-capacidad-de-carga\\\/#mainImage\",\"width\":1000,\"height\":1000,\"caption\":\"NL230102-SKE087 Heavy-Duty Blood Donation Chair with High Weight Capacity\"},\"primaryImageOfPage\":{\"@id\":\"https:\\\/\\\/novalion-med.com\\\/es\\\/producto\\\/silla-para-donaciones-de-sangre-de-alta-resistencia-con-gran-capacidad-de-carga\\\/#mainImage\"},\"datePublished\":\"2025-06-19T08:46:43+00:00\",\"dateModified\":\"2025-06-19T08:53:00+00:00\"},{\"@type\":\"WebSite\",\"@id\":\"https:\\\/\\\/novalion-med.com\\\/es\\\/#website\",\"url\":\"https:\\\/\\\/novalion-med.com\\\/es\\\/\",\"name\":\"novalion-med.com\",\"description\":\"Wheelchair, Hospital bed, Walker,Commode chair,Crutch...\",\"inLanguage\":\"es-ES\",\"publisher\":{\"@id\":\"https:\\\/\\\/novalion-med.com\\\/es\\\/#organization\"}}]}\n\t\t<\/script>\n\t\t<!-- All in One SEO Pro -->\r\n\t\t<title>Heavy-Duty Blood Donation Chair with High Weight Capacity<\/title>\n\n","aioseo_head_json":{"title":"Heavy-Duty Blood Donation Chair with High Weight Capacity","description":"Heavy-duty blood donation chair with wide adjustments, braked castors, and high weight capacity for durable medical settings.","canonical_url":"https:\/\/novalion-med.com\/es\/producto\/silla-para-donaciones-de-sangre-de-alta-resistencia-con-gran-capacidad-de-carga\/","robots":"max-image-preview:large","keywords":"","webmasterTools":{"google-site-verification":"XE0Krczs_zYC4qBAqnvyRaNEYa9NQEP4HzU7PPpzxoI","miscellaneous":""},"og:locale":"es_ES","og:site_name":"Novalion Medical \u2013 Wheelchair, Hospital bed, Walker,Commode chair,Crutch...","og:type":"article","og:title":"Heavy-Duty Blood Donation Chair with High Weight Capacity","og:description":"Heavy-duty blood donation chair with wide adjustments, braked castors, and high weight capacity for durable medical settings.","og:url":"https:\/\/novalion-med.com\/es\/producto\/silla-para-donaciones-de-sangre-de-alta-resistencia-con-gran-capacidad-de-carga\/","og:image":"https:\/\/novalion-med.com\/wp-content\/uploads\/2025\/04\/cropped-343496212_201698782614433_8037205422525878621_n-1.jpg","og:image:secure_url":"https:\/\/novalion-med.com\/wp-content\/uploads\/2025\/04\/cropped-343496212_201698782614433_8037205422525878621_n-1.jpg","og:image:width":512,"og:image:height":512,"article:published_time":"2025-06-19T08:46:43+00:00","article:modified_time":"2025-06-19T08:53:00+00:00","article:publisher":"https:\/\/www.facebook.com\/NovalionMedical\/","twitter:card":"summary_large_image","twitter:title":"Heavy-Duty Blood Donation Chair with High Weight Capacity","twitter:description":"Heavy-duty blood donation chair with wide adjustments, braked castors, and high weight capacity for durable medical settings.","twitter:image":"https:\/\/novalion-med.com\/wp-content\/uploads\/2025\/04\/cropped-343496212_201698782614433_8037205422525878621_n-1.jpg","schema":{"@context":"https:\/\/schema.org","@graph":[{"@type":"BreadcrumbList","@id":"https:\/\/novalion-med.com\/es\/producto\/silla-para-donaciones-de-sangre-de-alta-resistencia-con-gran-capacidad-de-carga\/#breadcrumblist","itemListElement":[{"@type":"ListItem","@id":"https:\/\/novalion-med.com\/es\/#listItem","position":1,"name":"Home","item":"https:\/\/novalion-med.com\/es\/","nextItem":"https:\/\/novalion-med.com\/es\/producto\/silla-para-donaciones-de-sangre-de-alta-resistencia-con-gran-capacidad-de-carga\/#listItem"},{"@type":"ListItem","@id":"https:\/\/novalion-med.com\/es\/producto\/silla-para-donaciones-de-sangre-de-alta-resistencia-con-gran-capacidad-de-carga\/#listItem","position":2,"name":"Heavy-Duty Blood Donation Chair with High Weight Capacity","previousItem":"https:\/\/novalion-med.com\/es\/#listItem"}]},{"@type":"Organization","@id":"https:\/\/novalion-med.com\/es\/#organization","name":"novalion-med.com","url":"https:\/\/novalion-med.com\/es\/","logo":{"@type":"ImageObject","url":"https:\/\/novalion-med.com\/wp-content\/uploads\/2025\/04\/cropped-343496212_201698782614433_8037205422525878621_n-1.jpg","@id":"https:\/\/novalion-med.com\/es\/producto\/silla-para-donaciones-de-sangre-de-alta-resistencia-con-gran-capacidad-de-carga\/#organizationLogo","width":512,"height":512},"image":{"@id":"https:\/\/novalion-med.com\/es\/producto\/silla-para-donaciones-de-sangre-de-alta-resistencia-con-gran-capacidad-de-carga\/#organizationLogo"},"sameAs":["https:\/\/www.facebook.com\/NovalionMedical\/","https:\/\/www.youtube.com\/@NwlMedicalInstrument"],"contactPoint":{"@type":"ContactPoint","telephone":"+8618326188070","contactType":"Sales"}},{"@type":"Product","@id":"https:\/\/novalion-med.com\/es\/producto\/silla-para-donaciones-de-sangre-de-alta-resistencia-con-gran-capacidad-de-carga\/#wooCommerceProduct","name":"Heavy-Duty Blood Donation Chair with High Weight Capacity","description":"Built for heavy-duty use, this blood donation chair offers a 250kg load capacity, ideal for diverse donor needs. The backrest (0\u00b0-70\u00b0) and leg (0\u00b0-90\u00b0) adjustments provide versatile positioning, while the 3\" castors (two with brakes) ensure mobility and stability. With ergonomic dimensions\u2014back 750*540mm, seat 540*540mm, leg 560*540mm\u2014it offers ample support. The armrest width of 120mm enhances comfort during donations. Constructed for durability, it withstands frequent use in blood banks and clinics, combining robust performance with user-friendly adjustments for an optimal donation experience.","url":"https:\/\/novalion-med.com\/es\/producto\/silla-para-donaciones-de-sangre-de-alta-resistencia-con-gran-capacidad-de-carga\/","sku":"NL230102-SKE087","image":{"@type":"ImageObject","url":"https:\/\/novalion-med.com\/wp-content\/uploads\/2025\/06\/NL230102-SKE087-Heavy-Duty-Blood-Donation-Chair-with-High-Weight-Capacity.jpg","@id":"https:\/\/novalion-med.com\/es\/producto\/silla-para-donaciones-de-sangre-de-alta-resistencia-con-gran-capacidad-de-carga\/#productImage","width":1000,"height":1000,"caption":"NL230102-SKE087 Heavy-Duty Blood Donation Chair with High Weight Capacity"},"offers":{"@type":"Offer","url":"https:\/\/novalion-med.com\/es\/producto\/silla-para-donaciones-de-sangre-de-alta-resistencia-con-gran-capacidad-de-carga\/#wooCommerceOffer","priceCurrency":"PHP","category":"Medical Chairs","availability":"https:\/\/schema.org\/InStock","seller":{"@type":"Organization","@id":"https:\/\/novalion-med.com\/es\/#organization"},"price":111}},{"@type":"WebPage","@id":"https:\/\/novalion-med.com\/es\/producto\/silla-para-donaciones-de-sangre-de-alta-resistencia-con-gran-capacidad-de-carga\/#webpage","url":"https:\/\/novalion-med.com\/es\/producto\/silla-para-donaciones-de-sangre-de-alta-resistencia-con-gran-capacidad-de-carga\/","name":"Heavy-Duty Blood Donation Chair with High Weight Capacity","description":"Heavy-duty blood donation chair with wide adjustments, braked castors, and high weight capacity for durable medical settings.","inLanguage":"es-ES","isPartOf":{"@id":"https:\/\/novalion-med.com\/es\/#website"},"breadcrumb":{"@id":"https:\/\/novalion-med.com\/es\/producto\/silla-para-donaciones-de-sangre-de-alta-resistencia-con-gran-capacidad-de-carga\/#breadcrumblist"},"image":{"@type":"ImageObject","url":"https:\/\/novalion-med.com\/wp-content\/uploads\/2025\/06\/NL230102-SKE087-Heavy-Duty-Blood-Donation-Chair-with-High-Weight-Capacity.jpg","@id":"https:\/\/novalion-med.com\/es\/producto\/silla-para-donaciones-de-sangre-de-alta-resistencia-con-gran-capacidad-de-carga\/#mainImage","width":1000,"height":1000,"caption":"NL230102-SKE087 Heavy-Duty Blood Donation Chair with High Weight Capacity"},"primaryImageOfPage":{"@id":"https:\/\/novalion-med.com\/es\/producto\/silla-para-donaciones-de-sangre-de-alta-resistencia-con-gran-capacidad-de-carga\/#mainImage"},"datePublished":"2025-06-19T08:46:43+00:00","dateModified":"2025-06-19T08:53:00+00:00"},{"@type":"WebSite","@id":"https:\/\/novalion-med.com\/es\/#website","url":"https:\/\/novalion-med.com\/es\/","name":"novalion-med.com","description":"Wheelchair, Hospital bed, Walker,Commode chair,Crutch...","inLanguage":"es-ES","publisher":{"@id":"https:\/\/novalion-med.com\/es\/#organization"}}]}},"aioseo_meta_data":{"post_id":"5635","title":"Heavy-Duty Blood Donation Chair with High Weight Capacity","description":"Heavy-duty blood donation chair with wide adjustments, braked castors, and high weight capacity for durable medical settings.","keywords":"[]","keyphrases":"{\"focus\":{\"keyphrase\":\"\",\"score\":0,\"analysis\":{\"keyphraseInTitle\":{\"score\":0,\"maxScore\":9,\"error\":1}}},\"additional\":[]}","primary_term":null,"canonical_url":null,"og_title":null,"og_description":null,"og_object_type":"default","og_image_type":"default","og_image_url":null,"og_image_width":null,"og_image_height":null,"og_image_custom_url":null,"og_image_custom_fields":null,"og_video":"","og_custom_url":null,"og_article_section":null,"og_article_tags":"[]","twitter_use_og":false,"twitter_card":"default","twitter_image_type":"default","twitter_image_url":null,"twitter_image_custom_url":null,"twitter_image_custom_fields":null,"twitter_title":null,"twitter_description":null,"schema":{"blockGraphs":[],"customGraphs":[],"default":{"data":{"Article":[],"Course":[],"Dataset":[],"FAQPage":[],"Movie":[],"Person":[],"Product":[],"Recipe":[],"Service":[],"SoftwareApplication":[],"WebPage":[]},"graphName":"Product","isEnabled":true},"graphs":[]},"schema_type":"default","schema_type_options":null,"pillar_content":false,"robots_default":true,"robots_noindex":false,"robots_noarchive":false,"robots_nosnippet":false,"robots_nofollow":false,"robots_noimageindex":false,"robots_noodp":false,"robots_notranslate":false,"robots_max_snippet":"-1","robots_max_videopreview":"-1","robots_max_imagepreview":"large","priority":null,"frequency":"default","local_seo":null,"limit_modified_date":false,"created":"2025-06-19 08:46:43","updated":"2025-06-19 08:54:38"},"_links":{"self":[{"href":"https:\/\/novalion-med.com\/es\/wp-json\/wp\/v2\/product\/5635","targetHints":{"allow":["GET"]}}],"collection":[{"href":"https:\/\/novalion-med.com\/es\/wp-json\/wp\/v2\/product"}],"about":[{"href":"https:\/\/novalion-med.com\/es\/wp-json\/wp\/v2\/types\/product"}],"version-history":[{"count":4,"href":"https:\/\/novalion-med.com\/es\/wp-json\/wp\/v2\/product\/5635\/revisions"}],"predecessor-version":[{"id":5639,"href":"https:\/\/novalion-med.com\/es\/wp-json\/wp\/v2\/product\/5635\/revisions\/5639"}],"wp:featuredmedia":[{"embeddable":true,"href":"https:\/\/novalion-med.com\/es\/wp-json\/wp\/v2\/media\/5631"}],"wp:attachment":[{"href":"https:\/\/novalion-med.com\/es\/wp-json\/wp\/v2\/media?parent=5635"}],"wp:term":[{"taxonomy":"product_brand","embeddable":true,"href":"https:\/\/novalion-med.com\/es\/wp-json\/wp\/v2\/product_brand?post=5635"},{"taxonomy":"product_cat","embeddable":true,"href":"https:\/\/novalion-med.com\/es\/wp-json\/wp\/v2\/product_cat?post=5635"},{"taxonomy":"product_tag","embeddable":true,"href":"https:\/\/novalion-med.com\/es\/wp-json\/wp\/v2\/product_tag?post=5635"}],"curies":[{"name":"wp","href":"https:\/\/api.w.org\/{rel}","templated":true}]}}