{"id":5616,"date":"2025-06-19T08:18:31","date_gmt":"2025-06-19T08:18:31","guid":{"rendered":"https:\/\/novalion-med.com\/?post_type=product&#038;p=5616"},"modified":"2025-06-19T08:22:24","modified_gmt":"2025-06-19T08:22:24","slug":"sillon-de-dialisis-electrico-regulable-en-altura-con-ruedas-grandes","status":"publish","type":"product","link":"https:\/\/novalion-med.com\/es\/producto\/sillon-de-dialisis-electrico-regulable-en-altura-con-ruedas-grandes\/","title":{"rendered":"Silla de di\u00e1lisis el\u00e9ctrica regulable en altura con ruedas grandes"},"content":{"rendered":"<div data-elementor-type=\"product-post\" data-elementor-id=\"5616\" class=\"elementor elementor-5616\" data-elementor-post-type=\"product\">\n\t\t\t\t<div class=\"elementor-element elementor-element-1c93f1cb e-con-full e-flex e-con e-parent\" data-id=\"1c93f1cb\" data-element_type=\"container\">\n\t\t\t\t<div class=\"elementor-element elementor-element-2240ff1 elementor-widget elementor-widget-heading\" data-id=\"2240ff1\" data-element_type=\"widget\" data-widget_type=\"heading.default\">\n\t\t\t\t<div class=\"elementor-widget-container\">\n\t\t\t\t\t<h2 class=\"elementor-heading-title elementor-size-default\">Silla de di\u00e1lisis el\u00e9ctrica regulable en altura con ruedas grandes<\/h2>\t\t\t\t<\/div>\n\t\t\t\t<\/div>\n\t\t\t\t<div class=\"elementor-element elementor-element-45d8c46 elementor-widget elementor-widget-text-editor\" data-id=\"45d8c46\" data-element_type=\"widget\" data-widget_type=\"text-editor.default\">\n\t\t\t\t<div class=\"elementor-widget-container\">\n\t\t\t\t\t\t\t\t\t<p>Elija esta silla de di\u00e1lisis el\u00e9ctrica de altura regulable (56-82 cm) con ruedas con freno de 5\u2033 y poste para suero. La estructura de acero pintado\/cuero de PVC, el tama\u00f1o de 188x86x58 cm y la capacidad de carga de 200 kg satisfacen las necesidades de diversos pacientes.<\/p>\t\t\t\t\t\t\t\t<\/div>\n\t\t\t\t<\/div>\n\t\t\t\t<div class=\"elementor-element elementor-element-7152afc elementor-widget elementor-widget-text-editor\" data-id=\"7152afc\" data-element_type=\"widget\" data-widget_type=\"text-editor.default\">\n\t\t\t\t<div class=\"elementor-widget-container\">\n\t\t\t\t\t\t\t\t\t<h2>Caracter\u00edsticas principales<\/h2><p>Silla de di\u00e1lisis el\u00e9ctrica ajustable en altura (56-82cm) con 5\u2033 ruedas con freno, poste IV, acero pintado \/ construcci\u00f3n de cuero PVC - 188x86x58cm tama\u00f1o, capacidad 200KG para las necesidades vers\u00e1tiles de los pacientes.<\/p><ul><li>Altura ajustable (56-82 cm) con ruedas con freno de 5\u2033 para mayor versatilidad.<\/li><li>Poste de suero, reposacabezas y reposapi\u00e9s para un soporte completo del tratamiento<\/li><li>Construcci\u00f3n duradera de acero pintado y cuero de PVC<\/li><li>L\u00edmite de peso de 200 kg para uso intensivo<\/li><\/ul>\t\t\t\t\t\t\t\t<\/div>\n\t\t\t\t<\/div>\n\t\t\t\t<div class=\"elementor-element elementor-element-3a02177 elementor-widget elementor-widget-text-editor\" data-id=\"3a02177\" data-element_type=\"widget\" data-widget_type=\"text-editor.default\">\n\t\t\t\t<div class=\"elementor-widget-container\">\n\t\t\t\t\t\t\t\t\t<h2>Especificaciones<\/h2><table width=\"355\"><tbody><tr><td width=\"73\">Material<\/td><td width=\"282\">Acero pintado PVC Cuero<\/td><\/tr><tr><td>Piezas<\/td><td>\u00a0con poste I.V, con reposacabezas y escal\u00f3n para los pies<\/td><\/tr><tr><td>Tama\u00f1o (abierto)<\/td><td>188\u00d786\u00d758cm<\/td><\/tr><tr><td>Caracter\u00edsticas<\/td><td>\u00a0Ruedas de 5\u2033 todas con freno\u00a0<\/td><\/tr><tr><td>L\u00edmite de peso<\/td><td>200KG<\/td><\/tr><tr><td>subir y bajar<\/td><td>\u00a056-82 cm<\/td><\/tr><\/tbody><\/table>\t\t\t\t\t\t\t\t<\/div>\n\t\t\t\t<\/div>\n\t\t\t\t<div class=\"elementor-element elementor-element-2996df9 elementor-widget elementor-widget-text-editor\" data-id=\"2996df9\" data-element_type=\"widget\" data-widget_type=\"text-editor.default\">\n\t\t\t\t<div class=\"elementor-widget-container\">\n\t\t\t\t\t\t\t\t\t<p>Encontrar\u00e1 m\u00e1s equipos m\u00e9dicos en <a href=\"https:\/\/novalion-med.com\/es\/\" target=\"_blank\" rel=\"noopener\">nuestro sitio web<\/a> o <a href=\"https:\/\/api.whatsapp.com\/send\/?phone=%2B008618112908401&amp;text&amp;type=phone_number&amp;app_absent=0\" target=\"_blank\" rel=\"noopener\">nuestro whatsapp<\/a>.<\/p>\t\t\t\t\t\t\t\t<\/div>\n\t\t\t\t<\/div>\n\t\t\t\t<\/div>\n\t\t\t\t<\/div>","protected":false},"excerpt":{"rendered":"<p>Destaque en la atenci\u00f3n m\u00e9dica con este sill\u00f3n de di\u00e1lisis el\u00e9ctrico de altura regulable, fabricado en acero pintado y piel de PVC para una mayor durabilidad. Las ruedas de 5\u2033 con freno ofrecen estabilidad, mientras que el ajuste de altura (56-82 cm) satisface las diversas necesidades de los pacientes. Su tama\u00f1o abierto de 188\u00d786\u00d758 cm equilibra la eficiencia del espacio con la comodidad, e incluye un poste de suero, un reposacabezas y un reposapi\u00e9s para una atenci\u00f3n integral. El l\u00edmite de peso de 200 kg de la silla y su robusta construcci\u00f3n la hacen adecuada para entornos sanitarios con gran actividad, garantizando su fiabilidad a largo plazo. El dise\u00f1o ergon\u00f3mico prioriza la comodidad del paciente durante la di\u00e1lisis, por lo que es una opci\u00f3n pr\u00e1ctica para cl\u00ednicas y hospitales.<\/p>","protected":false},"featured_media":5585,"template":"elementor_theme","meta":{"site-sidebar-layout":"default","site-content-layout":"","ast-site-content-layout":"default","site-content-style":"default","site-sidebar-style":"default","ast-global-header-display":"","ast-banner-title-visibility":"","ast-main-header-display":"","ast-hfb-above-header-display":"","ast-hfb-below-header-display":"","ast-hfb-mobile-header-display":"","site-post-title":"","ast-breadcrumbs-content":"","ast-featured-img":"","footer-sml-layout":"","theme-transparent-header-meta":"default","adv-header-id-meta":"","stick-header-meta":"default","header-above-stick-meta":"","header-main-stick-meta":"","header-below-stick-meta":"","astra-migrate-meta-layouts":"set","ast-page-background-enabled":"default","ast-page-background-meta":{"desktop":{"background-color":"var(--ast-global-color-4)","background-image":"","background-repeat":"repeat","background-position":"center center","background-size":"auto","background-attachment":"scroll","background-type":"","background-media":"","overlay-type":"","overlay-color":"","overlay-opacity":"","overlay-gradient":""},"tablet":{"background-color":"","background-image":"","background-repeat":"repeat","background-position":"center center","background-size":"auto","background-attachment":"scroll","background-type":"","background-media":"","overlay-type":"","overlay-color":"","overlay-opacity":"","overlay-gradient":""},"mobile":{"background-color":"","background-image":"","background-repeat":"repeat","background-position":"center center","background-size":"auto","background-attachment":"scroll","background-type":"","background-media":"","overlay-type":"","overlay-color":"","overlay-opacity":"","overlay-gradient":""}},"ast-content-background-meta":{"desktop":{"background-color":"var(--ast-global-color-5)","background-image":"","background-repeat":"repeat","background-position":"center center","background-size":"auto","background-attachment":"scroll","background-type":"","background-media":"","overlay-type":"","overlay-color":"","overlay-opacity":"","overlay-gradient":""},"tablet":{"background-color":"var(--ast-global-color-5)","background-image":"","background-repeat":"repeat","background-position":"center center","background-size":"auto","background-attachment":"scroll","background-type":"","background-media":"","overlay-type":"","overlay-color":"","overlay-opacity":"","overlay-gradient":""},"mobile":{"background-color":"var(--ast-global-color-5)","background-image":"","background-repeat":"repeat","background-position":"center center","background-size":"auto","background-attachment":"scroll","background-type":"","background-media":"","overlay-type":"","overlay-color":"","overlay-opacity":"","overlay-gradient":""}}},"product_brand":[],"product_cat":[103],"product_tag":[],"class_list":{"0":"post-5616","1":"product","2":"type-product","3":"status-publish","4":"has-post-thumbnail","6":"product_cat-medical-chairs","7":"desktop-align-center","8":"tablet-align-left","9":"mobile-align-left","10":"ast-product-gallery-layout-horizontal-slider","11":"ast-magnify-disabled","12":"ast-product-tabs-layout-accordion","13":"ast-qv-on-image","15":"first","16":"instock","17":"shipping-taxable","18":"purchasable","19":"product-type-simple"},"aioseo_notices":[],"aioseo_head":"\n\t\t<!-- All in One SEO Pro 4.6.0 - aioseo.com -->\n\t\t<meta name=\"description\" content=\"Height-adjustable electric dialysis chair with large castors, IV pole, and durable construction for versatile patient needs.\" \/>\n\t\t<meta name=\"robots\" content=\"max-image-preview:large\" \/>\n\t\t<meta name=\"google-site-verification\" content=\"XE0Krczs_zYC4qBAqnvyRaNEYa9NQEP4HzU7PPpzxoI\" \/>\n\t\t<link rel=\"canonical\" href=\"https:\/\/novalion-med.com\/es\/producto\/sillon-de-dialisis-electrico-regulable-en-altura-con-ruedas-grandes\/\" \/>\n\t\t<meta name=\"generator\" content=\"All in One SEO Pro (AIOSEO) 4.6.0\" \/>\n\t\t<meta property=\"og:locale\" content=\"es_ES\" \/>\n\t\t<meta property=\"og:site_name\" content=\"Novalion Medical \u2013 Wheelchair, Hospital bed, Walker,Commode chair,Crutch...\" \/>\n\t\t<meta property=\"og:type\" content=\"article\" \/>\n\t\t<meta property=\"og:title\" content=\"Height-Adjustable Electric Dialysis Chair with Large Castors\" \/>\n\t\t<meta property=\"og:description\" content=\"Height-adjustable electric dialysis chair with large castors, IV pole, and durable construction for versatile patient needs.\" \/>\n\t\t<meta property=\"og:url\" content=\"https:\/\/novalion-med.com\/es\/producto\/sillon-de-dialisis-electrico-regulable-en-altura-con-ruedas-grandes\/\" \/>\n\t\t<meta property=\"og:image\" content=\"https:\/\/novalion-med.com\/wp-content\/uploads\/2025\/04\/cropped-343496212_201698782614433_8037205422525878621_n-1.jpg\" \/>\n\t\t<meta property=\"og:image:secure_url\" content=\"https:\/\/novalion-med.com\/wp-content\/uploads\/2025\/04\/cropped-343496212_201698782614433_8037205422525878621_n-1.jpg\" \/>\n\t\t<meta property=\"og:image:width\" content=\"512\" \/>\n\t\t<meta property=\"og:image:height\" content=\"512\" \/>\n\t\t<meta property=\"article:published_time\" content=\"2025-06-19T08:18:31+00:00\" \/>\n\t\t<meta property=\"article:modified_time\" content=\"2025-06-19T08:22:24+00:00\" \/>\n\t\t<meta property=\"article:publisher\" content=\"https:\/\/www.facebook.com\/NovalionMedical\/\" \/>\n\t\t<meta name=\"twitter:card\" content=\"summary_large_image\" \/>\n\t\t<meta name=\"twitter:title\" content=\"Height-Adjustable Electric Dialysis Chair with Large Castors\" \/>\n\t\t<meta name=\"twitter:description\" content=\"Height-adjustable electric dialysis chair with large castors, IV pole, and durable construction for versatile patient needs.\" \/>\n\t\t<meta name=\"twitter:image\" content=\"https:\/\/novalion-med.com\/wp-content\/uploads\/2025\/04\/cropped-343496212_201698782614433_8037205422525878621_n-1.jpg\" \/>\n\t\t<script type=\"application\/ld+json\" class=\"aioseo-schema\">\n\t\t\t{\"@context\":\"https:\\\/\\\/schema.org\",\"@graph\":[{\"@type\":\"BreadcrumbList\",\"@id\":\"https:\\\/\\\/novalion-med.com\\\/es\\\/producto\\\/sillon-de-dialisis-electrico-regulable-en-altura-con-ruedas-grandes\\\/#breadcrumblist\",\"itemListElement\":[{\"@type\":\"ListItem\",\"@id\":\"https:\\\/\\\/novalion-med.com\\\/es\\\/#listItem\",\"position\":1,\"name\":\"Home\",\"item\":\"https:\\\/\\\/novalion-med.com\\\/es\\\/\",\"nextItem\":\"https:\\\/\\\/novalion-med.com\\\/es\\\/producto\\\/sillon-de-dialisis-electrico-regulable-en-altura-con-ruedas-grandes\\\/#listItem\"},{\"@type\":\"ListItem\",\"@id\":\"https:\\\/\\\/novalion-med.com\\\/es\\\/producto\\\/sillon-de-dialisis-electrico-regulable-en-altura-con-ruedas-grandes\\\/#listItem\",\"position\":2,\"name\":\"Height-Adjustable Electric Dialysis Chair with Large Castors\",\"previousItem\":\"https:\\\/\\\/novalion-med.com\\\/es\\\/#listItem\"}]},{\"@type\":\"Organization\",\"@id\":\"https:\\\/\\\/novalion-med.com\\\/es\\\/#organization\",\"name\":\"novalion-med.com\",\"url\":\"https:\\\/\\\/novalion-med.com\\\/es\\\/\",\"logo\":{\"@type\":\"ImageObject\",\"url\":\"https:\\\/\\\/novalion-med.com\\\/wp-content\\\/uploads\\\/2025\\\/04\\\/cropped-343496212_201698782614433_8037205422525878621_n-1.jpg\",\"@id\":\"https:\\\/\\\/novalion-med.com\\\/es\\\/producto\\\/sillon-de-dialisis-electrico-regulable-en-altura-con-ruedas-grandes\\\/#organizationLogo\",\"width\":512,\"height\":512},\"image\":{\"@id\":\"https:\\\/\\\/novalion-med.com\\\/es\\\/producto\\\/sillon-de-dialisis-electrico-regulable-en-altura-con-ruedas-grandes\\\/#organizationLogo\"},\"sameAs\":[\"https:\\\/\\\/www.facebook.com\\\/NovalionMedical\\\/\",\"https:\\\/\\\/www.youtube.com\\\/@NwlMedicalInstrument\"],\"contactPoint\":{\"@type\":\"ContactPoint\",\"telephone\":\"+8618326188070\",\"contactType\":\"Sales\"}},{\"@type\":\"Product\",\"@id\":\"https:\\\/\\\/novalion-med.com\\\/es\\\/producto\\\/sillon-de-dialisis-electrico-regulable-en-altura-con-ruedas-grandes\\\/#wooCommerceProduct\",\"name\":\"Height-Adjustable Electric Dialysis Chair with Large Castors\",\"description\":\"Stand out in medical care with this height-adjustable electric dialysis chair, featuring a painted steel and PVC leather build for durability. The 5\\\" castors with brakes offer stability, while the height adjustment (56-82cm) caters to diverse patient needs. Its open size of 188\\u00d786\\u00d758cm balances space efficiency with comfort, including an IV pole, headrest, and footstep for comprehensive care. The chair\\u2019s 200KG weight limit and robust construction make it suitable for busy healthcare environments, ensuring long-term reliability. The ergonomic design prioritizes patient comfort during dialysis, making it a practical choice for clinics and hospitals.\",\"url\":\"https:\\\/\\\/novalion-med.com\\\/es\\\/producto\\\/sillon-de-dialisis-electrico-regulable-en-altura-con-ruedas-grandes\\\/\",\"sku\":\"NL230102-TX3\",\"image\":{\"@type\":\"ImageObject\",\"url\":\"https:\\\/\\\/novalion-med.com\\\/wp-content\\\/uploads\\\/2025\\\/06\\\/NL230102-TX3-Height-Adjustable-Electric-Dialysis-Chair-with-Large-Castors.jpg\",\"@id\":\"https:\\\/\\\/novalion-med.com\\\/es\\\/producto\\\/sillon-de-dialisis-electrico-regulable-en-altura-con-ruedas-grandes\\\/#productImage\",\"width\":1000,\"height\":1000,\"caption\":\"NL230102-TX3 Height-Adjustable Electric Dialysis Chair with Large Castors\"},\"offers\":{\"@type\":\"Offer\",\"url\":\"https:\\\/\\\/novalion-med.com\\\/es\\\/producto\\\/sillon-de-dialisis-electrico-regulable-en-altura-con-ruedas-grandes\\\/#wooCommerceOffer\",\"priceCurrency\":\"PHP\",\"category\":\"Medical Chairs\",\"availability\":\"https:\\\/\\\/schema.org\\\/InStock\",\"seller\":{\"@type\":\"Organization\",\"@id\":\"https:\\\/\\\/novalion-med.com\\\/es\\\/#organization\"},\"price\":111}},{\"@type\":\"WebPage\",\"@id\":\"https:\\\/\\\/novalion-med.com\\\/es\\\/producto\\\/sillon-de-dialisis-electrico-regulable-en-altura-con-ruedas-grandes\\\/#webpage\",\"url\":\"https:\\\/\\\/novalion-med.com\\\/es\\\/producto\\\/sillon-de-dialisis-electrico-regulable-en-altura-con-ruedas-grandes\\\/\",\"name\":\"Height-Adjustable Electric Dialysis Chair with Large Castors\",\"description\":\"Height-adjustable electric dialysis chair with large castors, IV pole, and durable construction for versatile patient needs.\",\"inLanguage\":\"es-ES\",\"isPartOf\":{\"@id\":\"https:\\\/\\\/novalion-med.com\\\/es\\\/#website\"},\"breadcrumb\":{\"@id\":\"https:\\\/\\\/novalion-med.com\\\/es\\\/producto\\\/sillon-de-dialisis-electrico-regulable-en-altura-con-ruedas-grandes\\\/#breadcrumblist\"},\"image\":{\"@type\":\"ImageObject\",\"url\":\"https:\\\/\\\/novalion-med.com\\\/wp-content\\\/uploads\\\/2025\\\/06\\\/NL230102-TX3-Height-Adjustable-Electric-Dialysis-Chair-with-Large-Castors.jpg\",\"@id\":\"https:\\\/\\\/novalion-med.com\\\/es\\\/producto\\\/sillon-de-dialisis-electrico-regulable-en-altura-con-ruedas-grandes\\\/#mainImage\",\"width\":1000,\"height\":1000,\"caption\":\"NL230102-TX3 Height-Adjustable Electric Dialysis Chair with Large Castors\"},\"primaryImageOfPage\":{\"@id\":\"https:\\\/\\\/novalion-med.com\\\/es\\\/producto\\\/sillon-de-dialisis-electrico-regulable-en-altura-con-ruedas-grandes\\\/#mainImage\"},\"datePublished\":\"2025-06-19T08:18:31+00:00\",\"dateModified\":\"2025-06-19T08:22:24+00:00\"},{\"@type\":\"WebSite\",\"@id\":\"https:\\\/\\\/novalion-med.com\\\/es\\\/#website\",\"url\":\"https:\\\/\\\/novalion-med.com\\\/es\\\/\",\"name\":\"novalion-med.com\",\"description\":\"Wheelchair, Hospital bed, Walker,Commode chair,Crutch...\",\"inLanguage\":\"es-ES\",\"publisher\":{\"@id\":\"https:\\\/\\\/novalion-med.com\\\/es\\\/#organization\"}}]}\n\t\t<\/script>\n\t\t<!-- All in One SEO Pro -->\r\n\t\t<title>Height-Adjustable Electric Dialysis Chair with Large Castors<\/title>\n\n","aioseo_head_json":{"title":"Height-Adjustable Electric Dialysis Chair with Large Castors","description":"Height-adjustable electric dialysis chair with large castors, IV pole, and durable construction for versatile patient needs.","canonical_url":"https:\/\/novalion-med.com\/es\/producto\/sillon-de-dialisis-electrico-regulable-en-altura-con-ruedas-grandes\/","robots":"max-image-preview:large","keywords":"","webmasterTools":{"google-site-verification":"XE0Krczs_zYC4qBAqnvyRaNEYa9NQEP4HzU7PPpzxoI","miscellaneous":""},"og:locale":"es_ES","og:site_name":"Novalion Medical \u2013 Wheelchair, Hospital bed, Walker,Commode chair,Crutch...","og:type":"article","og:title":"Height-Adjustable Electric Dialysis Chair with Large Castors","og:description":"Height-adjustable electric dialysis chair with large castors, IV pole, and durable construction for versatile patient needs.","og:url":"https:\/\/novalion-med.com\/es\/producto\/sillon-de-dialisis-electrico-regulable-en-altura-con-ruedas-grandes\/","og:image":"https:\/\/novalion-med.com\/wp-content\/uploads\/2025\/04\/cropped-343496212_201698782614433_8037205422525878621_n-1.jpg","og:image:secure_url":"https:\/\/novalion-med.com\/wp-content\/uploads\/2025\/04\/cropped-343496212_201698782614433_8037205422525878621_n-1.jpg","og:image:width":512,"og:image:height":512,"article:published_time":"2025-06-19T08:18:31+00:00","article:modified_time":"2025-06-19T08:22:24+00:00","article:publisher":"https:\/\/www.facebook.com\/NovalionMedical\/","twitter:card":"summary_large_image","twitter:title":"Height-Adjustable Electric Dialysis Chair with Large Castors","twitter:description":"Height-adjustable electric dialysis chair with large castors, IV pole, and durable construction for versatile patient needs.","twitter:image":"https:\/\/novalion-med.com\/wp-content\/uploads\/2025\/04\/cropped-343496212_201698782614433_8037205422525878621_n-1.jpg","schema":{"@context":"https:\/\/schema.org","@graph":[{"@type":"BreadcrumbList","@id":"https:\/\/novalion-med.com\/es\/producto\/sillon-de-dialisis-electrico-regulable-en-altura-con-ruedas-grandes\/#breadcrumblist","itemListElement":[{"@type":"ListItem","@id":"https:\/\/novalion-med.com\/es\/#listItem","position":1,"name":"Home","item":"https:\/\/novalion-med.com\/es\/","nextItem":"https:\/\/novalion-med.com\/es\/producto\/sillon-de-dialisis-electrico-regulable-en-altura-con-ruedas-grandes\/#listItem"},{"@type":"ListItem","@id":"https:\/\/novalion-med.com\/es\/producto\/sillon-de-dialisis-electrico-regulable-en-altura-con-ruedas-grandes\/#listItem","position":2,"name":"Height-Adjustable Electric Dialysis Chair with Large Castors","previousItem":"https:\/\/novalion-med.com\/es\/#listItem"}]},{"@type":"Organization","@id":"https:\/\/novalion-med.com\/es\/#organization","name":"novalion-med.com","url":"https:\/\/novalion-med.com\/es\/","logo":{"@type":"ImageObject","url":"https:\/\/novalion-med.com\/wp-content\/uploads\/2025\/04\/cropped-343496212_201698782614433_8037205422525878621_n-1.jpg","@id":"https:\/\/novalion-med.com\/es\/producto\/sillon-de-dialisis-electrico-regulable-en-altura-con-ruedas-grandes\/#organizationLogo","width":512,"height":512},"image":{"@id":"https:\/\/novalion-med.com\/es\/producto\/sillon-de-dialisis-electrico-regulable-en-altura-con-ruedas-grandes\/#organizationLogo"},"sameAs":["https:\/\/www.facebook.com\/NovalionMedical\/","https:\/\/www.youtube.com\/@NwlMedicalInstrument"],"contactPoint":{"@type":"ContactPoint","telephone":"+8618326188070","contactType":"Sales"}},{"@type":"Product","@id":"https:\/\/novalion-med.com\/es\/producto\/sillon-de-dialisis-electrico-regulable-en-altura-con-ruedas-grandes\/#wooCommerceProduct","name":"Height-Adjustable Electric Dialysis Chair with Large Castors","description":"Stand out in medical care with this height-adjustable electric dialysis chair, featuring a painted steel and PVC leather build for durability. The 5\" castors with brakes offer stability, while the height adjustment (56-82cm) caters to diverse patient needs. Its open size of 188\u00d786\u00d758cm balances space efficiency with comfort, including an IV pole, headrest, and footstep for comprehensive care. The chair\u2019s 200KG weight limit and robust construction make it suitable for busy healthcare environments, ensuring long-term reliability. The ergonomic design prioritizes patient comfort during dialysis, making it a practical choice for clinics and hospitals.","url":"https:\/\/novalion-med.com\/es\/producto\/sillon-de-dialisis-electrico-regulable-en-altura-con-ruedas-grandes\/","sku":"NL230102-TX3","image":{"@type":"ImageObject","url":"https:\/\/novalion-med.com\/wp-content\/uploads\/2025\/06\/NL230102-TX3-Height-Adjustable-Electric-Dialysis-Chair-with-Large-Castors.jpg","@id":"https:\/\/novalion-med.com\/es\/producto\/sillon-de-dialisis-electrico-regulable-en-altura-con-ruedas-grandes\/#productImage","width":1000,"height":1000,"caption":"NL230102-TX3 Height-Adjustable Electric Dialysis Chair with Large Castors"},"offers":{"@type":"Offer","url":"https:\/\/novalion-med.com\/es\/producto\/sillon-de-dialisis-electrico-regulable-en-altura-con-ruedas-grandes\/#wooCommerceOffer","priceCurrency":"PHP","category":"Medical Chairs","availability":"https:\/\/schema.org\/InStock","seller":{"@type":"Organization","@id":"https:\/\/novalion-med.com\/es\/#organization"},"price":111}},{"@type":"WebPage","@id":"https:\/\/novalion-med.com\/es\/producto\/sillon-de-dialisis-electrico-regulable-en-altura-con-ruedas-grandes\/#webpage","url":"https:\/\/novalion-med.com\/es\/producto\/sillon-de-dialisis-electrico-regulable-en-altura-con-ruedas-grandes\/","name":"Height-Adjustable Electric Dialysis Chair with Large Castors","description":"Height-adjustable electric dialysis chair with large castors, IV pole, and durable construction for versatile patient needs.","inLanguage":"es-ES","isPartOf":{"@id":"https:\/\/novalion-med.com\/es\/#website"},"breadcrumb":{"@id":"https:\/\/novalion-med.com\/es\/producto\/sillon-de-dialisis-electrico-regulable-en-altura-con-ruedas-grandes\/#breadcrumblist"},"image":{"@type":"ImageObject","url":"https:\/\/novalion-med.com\/wp-content\/uploads\/2025\/06\/NL230102-TX3-Height-Adjustable-Electric-Dialysis-Chair-with-Large-Castors.jpg","@id":"https:\/\/novalion-med.com\/es\/producto\/sillon-de-dialisis-electrico-regulable-en-altura-con-ruedas-grandes\/#mainImage","width":1000,"height":1000,"caption":"NL230102-TX3 Height-Adjustable Electric Dialysis Chair with Large Castors"},"primaryImageOfPage":{"@id":"https:\/\/novalion-med.com\/es\/producto\/sillon-de-dialisis-electrico-regulable-en-altura-con-ruedas-grandes\/#mainImage"},"datePublished":"2025-06-19T08:18:31+00:00","dateModified":"2025-06-19T08:22:24+00:00"},{"@type":"WebSite","@id":"https:\/\/novalion-med.com\/es\/#website","url":"https:\/\/novalion-med.com\/es\/","name":"novalion-med.com","description":"Wheelchair, Hospital bed, Walker,Commode chair,Crutch...","inLanguage":"es-ES","publisher":{"@id":"https:\/\/novalion-med.com\/es\/#organization"}}]}},"aioseo_meta_data":{"post_id":"5616","title":"Height-Adjustable Electric Dialysis Chair with Large Castors","description":"Height-adjustable electric dialysis chair with large castors, IV pole, and durable construction for versatile patient needs.","keywords":"[]","keyphrases":"{\"focus\":{\"keyphrase\":\"\",\"score\":0,\"analysis\":{\"keyphraseInTitle\":{\"score\":0,\"maxScore\":9,\"error\":1}}},\"additional\":[]}","primary_term":null,"canonical_url":null,"og_title":null,"og_description":null,"og_object_type":"default","og_image_type":"default","og_image_url":null,"og_image_width":null,"og_image_height":null,"og_image_custom_url":null,"og_image_custom_fields":null,"og_video":"","og_custom_url":null,"og_article_section":null,"og_article_tags":"[]","twitter_use_og":false,"twitter_card":"default","twitter_image_type":"default","twitter_image_url":null,"twitter_image_custom_url":null,"twitter_image_custom_fields":null,"twitter_title":null,"twitter_description":null,"schema":{"blockGraphs":[],"customGraphs":[],"default":{"data":{"Article":[],"Course":[],"Dataset":[],"FAQPage":[],"Movie":[],"Person":[],"Product":[],"Recipe":[],"Service":[],"SoftwareApplication":[],"WebPage":[]},"graphName":"Product","isEnabled":true},"graphs":[]},"schema_type":"default","schema_type_options":null,"pillar_content":false,"robots_default":true,"robots_noindex":false,"robots_noarchive":false,"robots_nosnippet":false,"robots_nofollow":false,"robots_noimageindex":false,"robots_noodp":false,"robots_notranslate":false,"robots_max_snippet":"-1","robots_max_videopreview":"-1","robots_max_imagepreview":"large","priority":null,"frequency":"default","local_seo":null,"limit_modified_date":false,"created":"2025-06-19 08:18:31","updated":"2025-06-19 08:22:34"},"_links":{"self":[{"href":"https:\/\/novalion-med.com\/es\/wp-json\/wp\/v2\/product\/5616","targetHints":{"allow":["GET"]}}],"collection":[{"href":"https:\/\/novalion-med.com\/es\/wp-json\/wp\/v2\/product"}],"about":[{"href":"https:\/\/novalion-med.com\/es\/wp-json\/wp\/v2\/types\/product"}],"version-history":[{"count":4,"href":"https:\/\/novalion-med.com\/es\/wp-json\/wp\/v2\/product\/5616\/revisions"}],"predecessor-version":[{"id":5620,"href":"https:\/\/novalion-med.com\/es\/wp-json\/wp\/v2\/product\/5616\/revisions\/5620"}],"wp:featuredmedia":[{"embeddable":true,"href":"https:\/\/novalion-med.com\/es\/wp-json\/wp\/v2\/media\/5585"}],"wp:attachment":[{"href":"https:\/\/novalion-med.com\/es\/wp-json\/wp\/v2\/media?parent=5616"}],"wp:term":[{"taxonomy":"product_brand","embeddable":true,"href":"https:\/\/novalion-med.com\/es\/wp-json\/wp\/v2\/product_brand?post=5616"},{"taxonomy":"product_cat","embeddable":true,"href":"https:\/\/novalion-med.com\/es\/wp-json\/wp\/v2\/product_cat?post=5616"},{"taxonomy":"product_tag","embeddable":true,"href":"https:\/\/novalion-med.com\/es\/wp-json\/wp\/v2\/product_tag?post=5616"}],"curies":[{"name":"wp","href":"https:\/\/api.w.org\/{rel}","templated":true}]}}